{"id":8693,"date":"2023-08-22T16:55:59","date_gmt":"2023-08-22T16:55:59","guid":{"rendered":"https:\/\/egytourpackages.com\/product\/viaje-en-barco-de-snorkel-desde-soma-bay\/"},"modified":"2026-01-28T20:45:49","modified_gmt":"2026-01-28T20:45:49","slug":"viaje-en-barco-de-snorkel-desde-soma-bay","status":"publish","type":"product","link":"https:\/\/egytourpackages.com\/es\/tours\/viaje-en-barco-de-snorkel-desde-soma-bay\/","title":{"rendered":"Viaje en Barco de Snorkel desde Soma Bay"},"content":{"rendered":"<p><span style=\"color: #ff6600;\"><strong>Viaje en Barco de Snorkel desde Soma Bay<\/strong><\/span><\/p>\n<p>Reserve su <strong>viaje en barco de snorkel desde Soma Bay<\/strong> y explore los <strong>arrecifes de coral del Mar Rojo<\/strong> con <strong>tours en Egipto<\/strong>. Elija entre la <strong>Isla Giftun Caribbean<\/strong> o la <strong>Isla Orange Bay<\/strong> para pasar una hora y media. <strong>Egy tour packages<\/strong> ofrece este <strong>viaje de snorkel desde Soma Bay<\/strong> para que pueda disfrutar de la <strong>vida marina del Mar Rojo<\/strong> y explorar algunos de los <strong>mejores sitios de snorkel en Hurghada<\/strong> con un <strong>gu\u00eda de snorkel<\/strong> y un <strong>yate de lujo<\/strong> en sus <strong>tours de un d\u00eda en Egipto<\/strong>. Mientras tanto, las <strong>Excursiones de Soma Bay<\/strong> a la Isla Para\u00edso o a la Isla Orange Bay se pueden realizar con una lancha r\u00e1pida privada o un yate privado.<\/p>\n<h3><span style=\"color: #ff6600;\">Aventuras Familiares en el Mar Rojo<\/span><\/h3>\n<p>Cree atesorados <strong>recuerdos de vacaciones familiares<\/strong> con nuestras <strong>excursiones familiares<\/strong>. Tanto ni\u00f1os como adultos quedar\u00e1n cautivados por la fascinante <strong>vida marina<\/strong>, los <strong>peces de colores<\/strong> y los intrincados <strong>arrecifes de coral<\/strong> justo debajo de la superficie.<\/p>\n<h3><span style=\"color: #ff6600;\">Escapadas Emocionantes para Grupos y Amigos<\/span><\/h3>\n<p>Para una <strong>aventura emocionante<\/strong> e incre\u00edble con sus compa\u00f1eros m\u00e1s cercanos, nuestros <strong>tours en yate de lujo<\/strong> desde los hoteles de Soma Bay son las <strong>mejores actividades para hacer con amigos<\/strong>. Estos <strong>viajes de snorkel de lujo todo incluido<\/strong> incluyen bebidas refrescantes y <strong>servicio de 5 estrellas<\/strong> durante todo su viaje.<\/p>\n<h3><span style=\"color: #ff6600;\">Escapadas Rom\u00e1nticas para Parejas<\/span><\/h3>\n<p>Ya sea que est\u00e9 planeando una <strong>escapada para el D\u00eda de San Valent\u00edn<\/strong>, celebrando un <strong>aniversario<\/strong>, o simplemente buscando <strong>vacaciones agradables para parejas<\/strong>, nuestros tours cortos de medio d\u00eda o d\u00eda completo proporcionan el tel\u00f3n de fondo perfecto para <strong>momentos rom\u00e1nticos<\/strong> bajo el hermoso sol.<\/p>\n<h3><span style=\"color: #ff6600;\">Tours Accesibles y para-Personas Mayores<\/span><\/h3>\n<p>Nuestros <strong>tours en yate<\/strong> de d\u00eda completo est\u00e1n cuidadosamente dise\u00f1ados para estar entre los <strong>mejores tours de viaje para discapacitados<\/strong>, ofreciendo una experiencia inclusiva para <strong>personas con necesidades especiales<\/strong>.<\/p>\n<h3><span style=\"color: #ff6600;\">Detalles Esenciales del Tour<\/span><\/h3>\n<ul>\n<li>Duraci\u00f3n: 8 horas<\/li>\n<li>Ubicaci\u00f3n: Mar Rojo<\/li>\n<li>Disponibilidad: Diaria<\/li>\n<li>Tipo de Tour: Grupal<\/li>\n<li><strong>Idioma: Espa\u00f1ol<\/strong><\/li>\n<li>Recogida y Devoluci\u00f3n: Su hotel en Soma Bay<\/li>\n<li>Silla de Ruedas: Accesible<\/li>\n<\/ul>\n<h3><span style=\"color: #ff6600;\">Inclusiones<\/span><\/h3>\n<ul>\n<li>Traslado de ida y vuelta desde su hotel en Soma Bay<\/li>\n<li>Equipo de snorkel como chaleco salvavidas, m\u00e1scara, aletas<\/li>\n<li><strong>Gu\u00eda de snorkel que habla Espa\u00f1ol<\/strong><\/li>\n<li>Almuerzo reci\u00e9n preparado a bordo<\/li>\n<li>Agua mineral, bebidas fr\u00edas y calientes todo el d\u00eda<\/li>\n<\/ul>\n<h3><span style=\"color: #ff6600;\">Exclusiones<\/span><\/h3>\n<ul>\n<li>DVD y fotos por Camar\u00f3grafo<\/li>\n<li>Propinas<\/li>\n<li>Buceo<\/li>\n<\/ul>\n<h3><span style=\"color: #ff6600;\">Qu\u00e9 Llevar Consigo<\/span><\/h3>\n<ul>\n<li>Su propia toalla del hotel<\/li>\n<li>Sombrero o Bufanda<\/li>\n<li>Protector solar<\/li>\n<li>Gafas de sol<\/li>\n<li>Zapatos c\u00f3modos<\/li>\n<li>Traje de ba\u00f1o<\/li>\n<li>Algo de dinero en efectivo para sus gastos personales<\/li>\n<\/ul>\n<h2><span style=\"color: #ff6600;\">Itinerario<\/span><\/h2>\n<p>Su emocionante <strong>viaje de snorkel en Soma Bay<\/strong> comienza con una c\u00f3moda <strong>recogida en su hotel de Soma Bay o Safaga<\/strong>. Disfrute de un traslado panor\u00e1mico al vibrante Puerto deportivo de Hurghada, donde le espera su <strong>lujoso barco<\/strong>.<\/p>\n<p>Una vez a bordo, <strong>comenzaremos a navegar<\/strong> hacia los lugares de <strong>snorkel<\/strong> m\u00e1s impresionantes del <strong>Mar Rojo<\/strong>. Nuestra primera parada nos lleva a un incre\u00edble <strong>lugar para hacer snorkel<\/strong>, donde se sumergir\u00e1 en <strong>aguas cristalinas<\/strong> repletas de vibrante <strong>vida marina<\/strong> e impresionantes <strong>arrecifes de coral<\/strong>.<\/p>\n<p>Luego nos trasladaremos a un <strong>segundo lugar fant\u00e1stico para hacer snorkel<\/strong>, ofreciendo m\u00e1s oportunidades para explorar las <strong>maravillas subacu\u00e1ticas<\/strong>.<\/p>\n<p>Despu\u00e9s de un tiempo estimulante en el agua, se servir\u00e1 un delicioso <strong>almuerzo buffet libre<\/strong> a bordo, lo que le permitir\u00e1 reponer energ\u00edas mientras disfruta de las vistas panor\u00e1micas del mar. La diversi\u00f3n contin\u00faa con emocionantes <strong>deportes acu\u00e1ticos<\/strong>, que incluyen emocionantes paseos en <strong>Sofa boat<\/strong> y <strong>banana boat<\/strong>.<\/p>\n<p>A medida que el d\u00eda llega a su fin, comenzaremos nuestro viaje de regreso, llegando al Puerto deportivo de Hurghada. Desde all\u00ed, ser\u00e1 trasladado directamente de vuelta a su <strong>hotel en Soma Bay o Safaga<\/strong>, concluyendo un d\u00eda de inolvidables <strong>aventuras en el Mar Rojo<\/strong>.<\/p>\n<h3><span style=\"color: #ff6600;\">Mejores Excursiones en Barco de Snorkel Recomendadas desde Soma Bay<\/span><\/h3>\n<ul>\n<li>Tour de un D\u00eda de Snorkel a Casa de los Delfines de Soma Bay<\/li>\n<li>Viaje de Snorkel a la Isla Para\u00edso desde Soma Bay<\/li>\n<li>Viaje de Snorkel a la Isla Orange Bay desde Soma Bay<\/li>\n<li>Viaje en Velero Pirata desde Soma Bay<\/li>\n<li>Uso de D\u00eda en Eden Island desde Soma Bay<\/li>\n<li>Snorkel en la Isla Mahmya desde Soma Bay<\/li>\n<\/ul>\n<h3><span style=\"color: #ff6600;\">Consejo Profesional (PC) Reserve con Antelaci\u00f3n:<\/span><\/h3>\n<p>Especialmente durante la temporada alta, es recomendable reservar su <strong>viaje en barco en Soma Bay<\/strong> con antelaci\u00f3n para asegurar su plaza.<\/p>\n<h3><span style=\"color: #ff6600;\">Precio del Viaje de Snorkel<\/span><\/h3>\n<ul>\n<li>Precio Adulto = 35 \u20ac<\/li>\n<li>Beb\u00e9s 0-5 a\u00f1os = gratis<\/li>\n<li>Ni\u00f1os 5 -11 a\u00f1os = 50% del precio adulto<\/li>\n<\/ul>\n<h3><span style=\"color: #ff6600;\">Reserva y Pago<\/span><\/h3>\n<p><strong>Reserva<\/strong> Puede reservar su tour v\u00eda WhatsApp o enviarnos un E-mail y recibir\u00e1 la confirmaci\u00f3n al instante.<\/p>\n<p>Por favor, env\u00edenos el nombre de su hotel, el n\u00famero de habitaci\u00f3n y copias de su pasaporte<\/p>\n<p>WhatsApp: +201000852186<\/p>\n<p>info@egytourpackages.com<\/p>\n<h3><span style=\"color: #ff6600;\">Reserve Ahora y Pague en el lugar<\/span><\/h3>\n<p>Reserve su tour favorito y pague el d\u00eda del viaje<\/p>\n<h3><span style=\"color: #ff6600;\">Pago<\/span><\/h3>\n<p>Puede pagar en libras egipcias, $, \u20ac\u200e o \u00a3.<\/p>\n<h3><span style=\"color: #ff6600;\">Pol\u00edtica de Cancelaci\u00f3n<\/span><\/h3>\n<ul>\n<li>La cancelaci\u00f3n es gratuita hasta con 24 horas de antelaci\u00f3n<\/li>\n<li>La cancelaci\u00f3n por la ma\u00f1ana es el 50% del precio<\/li>\n<\/ul>\n","protected":false},"excerpt":{"rendered":"<p>Viaje en Barco de Snorkel desde Soma Bay. \u00a1Excursi\u00f3n a islas en el Mar Rojo! Explora arrecifes de coral y vida marina. \u00a1Reserva tu tour y buceo!<\/p>\n","protected":false},"featured_media":8694,"comment_status":"open","ping_status":"closed","template":"","meta":[],"product_brand":[],"product_cat":[3128],"product_tag":[3812,3188,3187,3357],"class_list":{"0":"post-8693","1":"product","2":"type-product","3":"status-publish","4":"has-post-thumbnail","6":"product_cat-tours","7":"product_tag-el-mejor-viaje-en-barco-para-hacer-snorkel","8":"product_tag-excursiones-egipto","9":"product_tag-excursiones-en-hurgada","10":"product_tag-excursiones-la-soma-bay","11":"tour_category-excursiones-de-snorkel-en-hurghada","12":"tour_category-excursiones-egipto-es","13":"tour_category-excursiones-en-soma-bay-es","15":"first","16":"instock","17":"sale","18":"shipping-taxable","19":"purchasable","20":"product-type-tour","21":"has-default-attributes"},"yoast_head":"<!-- This site is optimized with the Yoast SEO Premium plugin v27.4 (Yoast SEO v27.4) - https:\/\/yoast.com\/product\/yoast-seo-premium-wordpress\/ -->\n<title>Viaje en Barco de Snorkel desde Soma Bay<\/title>\n<meta name=\"description\" content=\"Viaje en Barco de Snorkel desde Soma Bay. \u00a1Excursi\u00f3n a islas en el Mar Rojo! Explora arrecifes de coral y vida marina. \u00a1Reserva tu tour y buceo!\" \/>\n<meta name=\"robots\" content=\"index, follow, max-snippet:-1, max-image-preview:large, max-video-preview:-1\" \/>\n<link rel=\"canonical\" href=\"https:\/\/egytourpackages.com\/es\/tours\/viaje-en-barco-de-snorkel-desde-soma-bay\/\" \/>\n<meta property=\"og:locale\" content=\"es_ES\" \/>\n<meta property=\"og:type\" content=\"article\" \/>\n<meta property=\"og:title\" content=\"Viaje en Barco de Snorkel desde Soma Bay\" \/>\n<meta property=\"og:description\" content=\"Viaje en Barco de Snorkel desde Soma Bay. \u00a1Excursi\u00f3n a islas en el Mar Rojo! Explora arrecifes de coral y vida marina. \u00a1Reserva tu tour y buceo!\" \/>\n<meta property=\"og:url\" content=\"https:\/\/egytourpackages.com\/es\/tours\/viaje-en-barco-de-snorkel-desde-soma-bay\/\" \/>\n<meta property=\"og:site_name\" content=\"Egypt Tour Packages\" \/>\n<meta property=\"article:publisher\" content=\"https:\/\/www.facebook.com\/egytourpackages\" \/>\n<meta property=\"article:modified_time\" content=\"2026-01-28T20:45:49+00:00\" \/>\n<meta property=\"og:image\" content=\"https:\/\/egytourpackages.com\/wp-content\/uploads\/2023\/08\/Snorkeling-Boat-Trip-from-Soma-Bay-1024x682.jpg\" \/>\n<meta name=\"twitter:card\" content=\"summary_large_image\" \/>\n<meta name=\"twitter:title\" content=\"Viaje en Barco de Snorkel desde Soma Bay\" \/>\n<meta name=\"twitter:description\" content=\"Viaje en Barco de Snorkel desde Soma Bay. \u00a1Excursi\u00f3n a islas en el Mar Rojo! Explora arrecifes de coral y vida marina. \u00a1Reserva tu tour y buceo!\" \/>\n<meta name=\"twitter:image\" content=\"https:\/\/egytourpackages.com\/wp-content\/uploads\/2023\/08\/Snorkeling-Boat-Trip-from-Soma-Bay-1024x682.jpg\" \/>\n<meta name=\"twitter:label1\" content=\"Precio\" \/>\n\t<meta name=\"twitter:data1\" content=\"&euro;35\" \/>\n\t<meta name=\"twitter:label2\" content=\"Disponibilidad\" \/>\n\t<meta name=\"twitter:data2\" content=\"Disponible\" \/>\n<script type=\"application\/ld+json\" class=\"yoast-schema-graph\">{\"@context\":\"https:\\\/\\\/schema.org\",\"@graph\":[{\"@type\":\"WebPage\",\"@id\":\"https:\\\/\\\/egytourpackages.com\\\/es\\\/tours\\\/viaje-en-barco-de-snorkel-desde-soma-bay\\\/\",\"url\":\"https:\\\/\\\/egytourpackages.com\\\/es\\\/tours\\\/viaje-en-barco-de-snorkel-desde-soma-bay\\\/\",\"name\":\"Viaje en Barco de Snorkel desde Soma Bay\",\"isPartOf\":{\"@id\":\"https:\\\/\\\/egytourpackages.com\\\/es\\\/#website\"},\"primaryImageOfPage\":{\"@id\":\"https:\\\/\\\/egytourpackages.com\\\/es\\\/tours\\\/viaje-en-barco-de-snorkel-desde-soma-bay\\\/#primaryimage\"},\"image\":{\"@id\":\"https:\\\/\\\/egytourpackages.com\\\/es\\\/tours\\\/viaje-en-barco-de-snorkel-desde-soma-bay\\\/#primaryimage\"},\"thumbnailUrl\":\"https:\\\/\\\/egytourpackages.com\\\/wp-content\\\/uploads\\\/2023\\\/08\\\/Snorkeling-Boat-Trip-from-Soma-Bay.jpg\",\"datePublished\":\"2023-08-22T16:55:59+00:00\",\"dateModified\":\"2026-01-28T20:45:49+00:00\",\"description\":\"Viaje en Barco de Snorkel desde Soma Bay. \u00a1Excursi\u00f3n a islas en el Mar Rojo! Explora arrecifes de coral y vida marina. \u00a1Reserva tu tour y buceo!\",\"breadcrumb\":{\"@id\":\"https:\\\/\\\/egytourpackages.com\\\/es\\\/tours\\\/viaje-en-barco-de-snorkel-desde-soma-bay\\\/#breadcrumb\"},\"inLanguage\":\"es\",\"potentialAction\":[{\"@type\":\"ReadAction\",\"target\":[\"https:\\\/\\\/egytourpackages.com\\\/es\\\/tours\\\/viaje-en-barco-de-snorkel-desde-soma-bay\\\/\"]}]},{\"@type\":\"ImageObject\",\"inLanguage\":\"es\",\"@id\":\"https:\\\/\\\/egytourpackages.com\\\/es\\\/tours\\\/viaje-en-barco-de-snorkel-desde-soma-bay\\\/#primaryimage\",\"url\":\"https:\\\/\\\/egytourpackages.com\\\/wp-content\\\/uploads\\\/2023\\\/08\\\/Snorkeling-Boat-Trip-from-Soma-Bay.jpg\",\"contentUrl\":\"https:\\\/\\\/egytourpackages.com\\\/wp-content\\\/uploads\\\/2023\\\/08\\\/Snorkeling-Boat-Trip-from-Soma-Bay.jpg\",\"width\":2000,\"height\":1333,\"caption\":\"Viaje en Barco de Snorkel desde Soma Bay\"},{\"@type\":\"BreadcrumbList\",\"@id\":\"https:\\\/\\\/egytourpackages.com\\\/es\\\/tours\\\/viaje-en-barco-de-snorkel-desde-soma-bay\\\/#breadcrumb\",\"itemListElement\":[{\"@type\":\"ListItem\",\"position\":1,\"name\":\"Home\",\"item\":\"https:\\\/\\\/egytourpackages.com\\\/es\\\/paquetes-de-viaje-a-egipto\\\/\"},{\"@type\":\"ListItem\",\"position\":2,\"name\":\"Shop\",\"item\":\"https:\\\/\\\/egytourpackages.com\\\/shop\\\/\"},{\"@type\":\"ListItem\",\"position\":3,\"name\":\"Viaje en Barco de Snorkel desde Soma Bay\"}]},{\"@type\":\"WebSite\",\"@id\":\"https:\\\/\\\/egytourpackages.com\\\/es\\\/#website\",\"url\":\"https:\\\/\\\/egytourpackages.com\\\/es\\\/\",\"name\":\"Egy tour packages\",\"description\":\"\",\"publisher\":{\"@id\":\"https:\\\/\\\/egytourpackages.com\\\/es\\\/#organization\"},\"potentialAction\":[{\"@type\":\"SearchAction\",\"target\":{\"@type\":\"EntryPoint\",\"urlTemplate\":\"https:\\\/\\\/egytourpackages.com\\\/es\\\/?s={search_term_string}\"},\"query-input\":{\"@type\":\"PropertyValueSpecification\",\"valueRequired\":true,\"valueName\":\"search_term_string\"}}],\"inLanguage\":\"es\"},{\"@type\":[\"Organization\",\"Place\",\"TravelAgency\"],\"@id\":\"https:\\\/\\\/egytourpackages.com\\\/es\\\/#organization\",\"name\":\"egypt tour packages\",\"alternateName\":\"egypt tour packages\",\"url\":\"https:\\\/\\\/egytourpackages.com\\\/es\\\/\",\"logo\":{\"@id\":\"https:\\\/\\\/egytourpackages.com\\\/es\\\/tours\\\/viaje-en-barco-de-snorkel-desde-soma-bay\\\/#local-main-organization-logo\"},\"image\":{\"@id\":\"https:\\\/\\\/egytourpackages.com\\\/es\\\/tours\\\/viaje-en-barco-de-snorkel-desde-soma-bay\\\/#local-main-organization-logo\"},\"sameAs\":[\"https:\\\/\\\/www.facebook.com\\\/egytourpackages\"],\"legalName\":\"Egy tour packages\",\"address\":{\"@id\":\"https:\\\/\\\/egytourpackages.com\\\/es\\\/tours\\\/viaje-en-barco-de-snorkel-desde-soma-bay\\\/#local-main-place-address\"},\"telephone\":[\"00201000852186\",\"00201028685533\"],\"contactPoint\":{\"@type\":\"ContactPoint\",\"telephone\":\"00201000852186\"},\"openingHoursSpecification\":[{\"@type\":\"OpeningHoursSpecification\",\"dayOfWeek\":[\"Monday\",\"Tuesday\",\"Wednesday\",\"Thursday\",\"Friday\",\"Saturday\",\"Sunday\"],\"opens\":\"00:00\",\"closes\":\"23:59\"}],\"email\":\"info@egytourpackages.com\",\"areaServed\":\"Cairo, Hurghada, Luxor, Sharm El Sheikh, Marsa Alam, Aswan\",\"priceRange\":\"$\",\"currenciesAccepted\":\"euro\",\"paymentAccepted\":\"Payment links online\"},{\"@type\":\"PostalAddress\",\"@id\":\"https:\\\/\\\/egytourpackages.com\\\/es\\\/tours\\\/viaje-en-barco-de-snorkel-desde-soma-bay\\\/#local-main-place-address\",\"streetAddress\":\"Mubarak 8, Al Kawthar District, Hurghada\",\"addressLocality\":\"Hurghada\",\"postalCode\":\"84511\",\"addressRegion\":\"Red Sea\",\"addressCountry\":\"EG\"},{\"@type\":\"ImageObject\",\"inLanguage\":\"es\",\"@id\":\"https:\\\/\\\/egytourpackages.com\\\/es\\\/tours\\\/viaje-en-barco-de-snorkel-desde-soma-bay\\\/#local-main-organization-logo\",\"url\":\"https:\\\/\\\/egytourpackages.com\\\/wp-content\\\/uploads\\\/2025\\\/12\\\/Turquoise-Dahabiya-Nile-Cruise-1.jpeg\",\"contentUrl\":\"https:\\\/\\\/egytourpackages.com\\\/wp-content\\\/uploads\\\/2025\\\/12\\\/Turquoise-Dahabiya-Nile-Cruise-1.jpeg\",\"width\":1040,\"height\":694,\"caption\":\"egypt tour packages\"}]}<\/script>\n<meta property=\"product:brand\" content=\"Excursiones de snorkel en Hurghada\" \/>\n<meta property=\"product:price:amount\" content=\"35\" \/>\n<meta property=\"product:price:currency\" content=\"EUR\" \/>\n<meta property=\"og:availability\" content=\"instock\" \/>\n<meta property=\"product:availability\" content=\"instock\" \/>\n<meta property=\"product:retailer_item_id\" content=\"SBE03\" \/>\n<meta property=\"product:condition\" content=\"new\" \/>\n<meta name=\"geo.placename\" content=\"Hurghada\" \/>\n<meta name=\"geo.region\" content=\"Egipto\" \/>\n<!-- \/ Yoast SEO Premium plugin. -->","yoast_head_json":{"title":"Viaje en Barco de Snorkel desde Soma Bay","description":"Viaje en Barco de Snorkel desde Soma Bay. \u00a1Excursi\u00f3n a islas en el Mar Rojo! Explora arrecifes de coral y vida marina. \u00a1Reserva tu tour y buceo!","robots":{"index":"index","follow":"follow","max-snippet":"max-snippet:-1","max-image-preview":"max-image-preview:large","max-video-preview":"max-video-preview:-1"},"canonical":"https:\/\/egytourpackages.com\/es\/tours\/viaje-en-barco-de-snorkel-desde-soma-bay\/","og_locale":"es_ES","og_type":"article","og_title":"Viaje en Barco de Snorkel desde Soma Bay","og_description":"Viaje en Barco de Snorkel desde Soma Bay. \u00a1Excursi\u00f3n a islas en el Mar Rojo! Explora arrecifes de coral y vida marina. \u00a1Reserva tu tour y buceo!","og_url":"https:\/\/egytourpackages.com\/es\/tours\/viaje-en-barco-de-snorkel-desde-soma-bay\/","og_site_name":"Egypt Tour Packages","article_publisher":"https:\/\/www.facebook.com\/egytourpackages","article_modified_time":"2026-01-28T20:45:49+00:00","og_image":[{"url":"https:\/\/egytourpackages.com\/wp-content\/uploads\/2023\/08\/Snorkeling-Boat-Trip-from-Soma-Bay-1024x682.jpg","type":"","width":"","height":""}],"twitter_card":"summary_large_image","twitter_title":"Viaje en Barco de Snorkel desde Soma Bay","twitter_description":"Viaje en Barco de Snorkel desde Soma Bay. \u00a1Excursi\u00f3n a islas en el Mar Rojo! Explora arrecifes de coral y vida marina. \u00a1Reserva tu tour y buceo!","twitter_image":"https:\/\/egytourpackages.com\/wp-content\/uploads\/2023\/08\/Snorkeling-Boat-Trip-from-Soma-Bay-1024x682.jpg","twitter_misc":{"Precio":"&euro;35","Disponibilidad":"Disponible"},"schema":{"@context":"https:\/\/schema.org","@graph":[{"@type":"WebPage","@id":"https:\/\/egytourpackages.com\/es\/tours\/viaje-en-barco-de-snorkel-desde-soma-bay\/","url":"https:\/\/egytourpackages.com\/es\/tours\/viaje-en-barco-de-snorkel-desde-soma-bay\/","name":"Viaje en Barco de Snorkel desde Soma Bay","isPartOf":{"@id":"https:\/\/egytourpackages.com\/es\/#website"},"primaryImageOfPage":{"@id":"https:\/\/egytourpackages.com\/es\/tours\/viaje-en-barco-de-snorkel-desde-soma-bay\/#primaryimage"},"image":{"@id":"https:\/\/egytourpackages.com\/es\/tours\/viaje-en-barco-de-snorkel-desde-soma-bay\/#primaryimage"},"thumbnailUrl":"https:\/\/egytourpackages.com\/wp-content\/uploads\/2023\/08\/Snorkeling-Boat-Trip-from-Soma-Bay.jpg","datePublished":"2023-08-22T16:55:59+00:00","dateModified":"2026-01-28T20:45:49+00:00","description":"Viaje en Barco de Snorkel desde Soma Bay. \u00a1Excursi\u00f3n a islas en el Mar Rojo! Explora arrecifes de coral y vida marina. \u00a1Reserva tu tour y buceo!","breadcrumb":{"@id":"https:\/\/egytourpackages.com\/es\/tours\/viaje-en-barco-de-snorkel-desde-soma-bay\/#breadcrumb"},"inLanguage":"es","potentialAction":[{"@type":"ReadAction","target":["https:\/\/egytourpackages.com\/es\/tours\/viaje-en-barco-de-snorkel-desde-soma-bay\/"]}]},{"@type":"ImageObject","inLanguage":"es","@id":"https:\/\/egytourpackages.com\/es\/tours\/viaje-en-barco-de-snorkel-desde-soma-bay\/#primaryimage","url":"https:\/\/egytourpackages.com\/wp-content\/uploads\/2023\/08\/Snorkeling-Boat-Trip-from-Soma-Bay.jpg","contentUrl":"https:\/\/egytourpackages.com\/wp-content\/uploads\/2023\/08\/Snorkeling-Boat-Trip-from-Soma-Bay.jpg","width":2000,"height":1333,"caption":"Viaje en Barco de Snorkel desde Soma Bay"},{"@type":"BreadcrumbList","@id":"https:\/\/egytourpackages.com\/es\/tours\/viaje-en-barco-de-snorkel-desde-soma-bay\/#breadcrumb","itemListElement":[{"@type":"ListItem","position":1,"name":"Home","item":"https:\/\/egytourpackages.com\/es\/paquetes-de-viaje-a-egipto\/"},{"@type":"ListItem","position":2,"name":"Shop","item":"https:\/\/egytourpackages.com\/shop\/"},{"@type":"ListItem","position":3,"name":"Viaje en Barco de Snorkel desde Soma Bay"}]},{"@type":"WebSite","@id":"https:\/\/egytourpackages.com\/es\/#website","url":"https:\/\/egytourpackages.com\/es\/","name":"Egy tour packages","description":"","publisher":{"@id":"https:\/\/egytourpackages.com\/es\/#organization"},"potentialAction":[{"@type":"SearchAction","target":{"@type":"EntryPoint","urlTemplate":"https:\/\/egytourpackages.com\/es\/?s={search_term_string}"},"query-input":{"@type":"PropertyValueSpecification","valueRequired":true,"valueName":"search_term_string"}}],"inLanguage":"es"},{"@type":["Organization","Place","TravelAgency"],"@id":"https:\/\/egytourpackages.com\/es\/#organization","name":"egypt tour packages","alternateName":"egypt tour packages","url":"https:\/\/egytourpackages.com\/es\/","logo":{"@id":"https:\/\/egytourpackages.com\/es\/tours\/viaje-en-barco-de-snorkel-desde-soma-bay\/#local-main-organization-logo"},"image":{"@id":"https:\/\/egytourpackages.com\/es\/tours\/viaje-en-barco-de-snorkel-desde-soma-bay\/#local-main-organization-logo"},"sameAs":["https:\/\/www.facebook.com\/egytourpackages"],"legalName":"Egy tour packages","address":{"@id":"https:\/\/egytourpackages.com\/es\/tours\/viaje-en-barco-de-snorkel-desde-soma-bay\/#local-main-place-address"},"telephone":["00201000852186","00201028685533"],"contactPoint":{"@type":"ContactPoint","telephone":"00201000852186"},"openingHoursSpecification":[{"@type":"OpeningHoursSpecification","dayOfWeek":["Monday","Tuesday","Wednesday","Thursday","Friday","Saturday","Sunday"],"opens":"00:00","closes":"23:59"}],"email":"info@egytourpackages.com","areaServed":"Cairo, Hurghada, Luxor, Sharm El Sheikh, Marsa Alam, Aswan","priceRange":"$","currenciesAccepted":"euro","paymentAccepted":"Payment links online"},{"@type":"PostalAddress","@id":"https:\/\/egytourpackages.com\/es\/tours\/viaje-en-barco-de-snorkel-desde-soma-bay\/#local-main-place-address","streetAddress":"Mubarak 8, Al Kawthar District, Hurghada","addressLocality":"Hurghada","postalCode":"84511","addressRegion":"Red Sea","addressCountry":"EG"},{"@type":"ImageObject","inLanguage":"es","@id":"https:\/\/egytourpackages.com\/es\/tours\/viaje-en-barco-de-snorkel-desde-soma-bay\/#local-main-organization-logo","url":"https:\/\/egytourpackages.com\/wp-content\/uploads\/2025\/12\/Turquoise-Dahabiya-Nile-Cruise-1.jpeg","contentUrl":"https:\/\/egytourpackages.com\/wp-content\/uploads\/2025\/12\/Turquoise-Dahabiya-Nile-Cruise-1.jpeg","width":1040,"height":694,"caption":"egypt tour packages"}]},"product_brand":"Excursiones de snorkel en Hurghada","product_price_amount":"35","product_price_currency":"EUR","og_availability":"instock","product_availability":"instock","product_retailer_item_id":"SBE03","product_condition":"new","geo.placename":"Hurghada","geo.region":"Egipto"},"_links":{"self":[{"href":"https:\/\/egytourpackages.com\/es\/wp-json\/wp\/v2\/product\/8693","targetHints":{"allow":["GET"]}}],"collection":[{"href":"https:\/\/egytourpackages.com\/es\/wp-json\/wp\/v2\/product"}],"about":[{"href":"https:\/\/egytourpackages.com\/es\/wp-json\/wp\/v2\/types\/product"}],"replies":[{"embeddable":true,"href":"https:\/\/egytourpackages.com\/es\/wp-json\/wp\/v2\/comments?post=8693"}],"wp:featuredmedia":[{"embeddable":true,"href":"https:\/\/egytourpackages.com\/es\/wp-json\/wp\/v2\/media\/8694"}],"wp:attachment":[{"href":"https:\/\/egytourpackages.com\/es\/wp-json\/wp\/v2\/media?parent=8693"}],"wp:term":[{"taxonomy":"product_brand","embeddable":true,"href":"https:\/\/egytourpackages.com\/es\/wp-json\/wp\/v2\/product_brand?post=8693"},{"taxonomy":"product_cat","embeddable":true,"href":"https:\/\/egytourpackages.com\/es\/wp-json\/wp\/v2\/product_cat?post=8693"},{"taxonomy":"product_tag","embeddable":true,"href":"https:\/\/egytourpackages.com\/es\/wp-json\/wp\/v2\/product_tag?post=8693"}],"curies":[{"name":"wp","href":"https:\/\/api.w.org\/{rel}","templated":true}]}}