{"id":8695,"date":"2023-08-22T17:07:45","date_gmt":"2023-08-22T17:07:45","guid":{"rendered":"https:\/\/egytourpackages.com\/product\/viaje-en-barco-de-snorkel-desde-sahl-hasheesh\/"},"modified":"2026-01-28T20:44:37","modified_gmt":"2026-01-28T20:44:37","slug":"viaje-en-barco-de-snorkel-desde-sahl-hasheesh","status":"publish","type":"product","link":"https:\/\/egytourpackages.com\/es\/tours\/viaje-en-barco-de-snorkel-desde-sahl-hasheesh\/","title":{"rendered":"Viaje en Barco de Snorkel desde Sahl Hasheesh"},"content":{"rendered":"<p><span style=\"color: #ff6600;\"><strong>Viaje en Barco de Snorkel desde Sahl Hasheesh<\/strong><\/span><\/p>\n<p>Prep\u00e1rese para un incre\u00edble <strong>viaje en barco de snorkel desde Sahl Hasheesh<\/strong>, una de las principales opciones para cualquiera que busque las <strong>mejores cosas que hacer en Sahl Hasheesh<\/strong>. Este <strong>tour de snorkel en barco por el mar<\/strong> ofrece la mezcla perfecta de aventura y relajaci\u00f3n, sumergi\u00e9ndole en la impresionante belleza del <strong>Mar Rojo<\/strong>. Como principal <strong>excursi\u00f3n de Sahl Hasheesh<\/strong>, este viaje <strong>todo incluido<\/strong> le lleva a los <strong>lugares de snorkel<\/strong> m\u00e1s espectaculares en un c\u00f3modo barco.<\/p>\n<p>Este viaje es una manera incre\u00edble de explorar los famosos <strong>arrecifes de coral del Mar Rojo<\/strong>. Tendr\u00e1 la oportunidad de saltar a las <strong>aguas cristalinas<\/strong> y ser testigo del vibrante mundo subacu\u00e1tico. Est\u00e9 atento a los juguetones <strong>delfines en Egipto<\/strong> que a menudo nadan junto al barco, lo que a\u00f1ade un toque verdaderamente <strong>m\u00e1gico<\/strong> a su d\u00eda.<\/p>\n<p>El tour t\u00edpicamente incluye <strong>dos paradas de snorkel<\/strong> diferentes, cada una proporcionando una visi\u00f3n \u00fanica de la diversa <strong>vida marina en el Mar Rojo<\/strong>. Todo el <strong>equipo de snorkel<\/strong> necesario, incluyendo m\u00e1scaras, aletas y chalecos salvavidas, se proporciona a bordo. Se servir\u00e1 un <strong>almuerzo reci\u00e9n preparado<\/strong> para mantenerle con energ\u00eda durante un d\u00eda de exploraci\u00f3n. Para un poco de emoci\u00f3n extra, tambi\u00e9n puede tener la opci\u00f3n de probar emocionantes <strong>deportes acu\u00e1ticos<\/strong> como el <strong>banana boat<\/strong> y el <strong>sofa boat<\/strong>.<\/p>\n<p>Su d\u00eda comienza con una c\u00f3moda <strong>recogida en el hotel<\/strong> desde su hotel en <strong>Sahl Hasheesh<\/strong>, asegurando un comienzo sin estr\u00e9s para su aventura. El tour es <strong>todo incluido<\/strong>, con un delicioso almuerzo, aperitivos y <strong>bebidas calientes y fr\u00edas ilimitadas<\/strong>. Despu\u00e9s de un d\u00eda completo de diversi\u00f3n, ser\u00e1 llevado de regreso a su hotel, lleno de <strong>recuerdos inolvidables<\/strong> de su <strong>viaje en barco de snorkel<\/strong>.<\/p>\n<h3><span style=\"color: #ff6600;\">Puntos Destacados del Tour de Snorkel<\/span><\/h3>\n<ul>\n<li>Dos paradas de snorkel en dos lugares diferentes<\/li>\n<li>Almuerzo reci\u00e9n preparado a bordo<\/li>\n<li>Deportes acu\u00e1ticos como Banana boat y Sofa boat<\/li>\n<li>Detalles Esenciales del Tour<\/li>\n<li>Duraci\u00f3n: 8 horas<\/li>\n<li>Ubicaci\u00f3n: Mar Rojo<\/li>\n<li>Disponibilidad del Tour: Diaria<\/li>\n<li>Tipo de Tour: Grupal<\/li>\n<li><strong>Idioma: Espa\u00f1ol<\/strong><\/li>\n<li>Recogida y Devoluci\u00f3n: Su hotel en Sahl Hasheesh<\/li>\n<li>Silla de Ruedas: Accesible<\/li>\n<\/ul>\n<h3><span style=\"color: #ff6600;\">Inclusiones<\/span><\/h3>\n<ul>\n<li>Traslado de ida y vuelta desde su hotel en Sahl Hasheesh<\/li>\n<li>Equipo de snorkel como chaleco salvavidas, m\u00e1scara, aletas<\/li>\n<li><strong>Gu\u00eda de snorkel que habla Espa\u00f1ol<\/strong><\/li>\n<li>Almuerzo reci\u00e9n preparado a bordo<\/li>\n<li>Agua mineral, bebidas fr\u00edas y calientes todo el d\u00eda<\/li>\n<\/ul>\n<h3><span style=\"color: #ff6600;\">Exclusiones<\/span><\/h3>\n<ul>\n<li>DVD y fotos por Camar\u00f3grafo<\/li>\n<li>Propinas<\/li>\n<li>Buceo<\/li>\n<\/ul>\n<h3><span style=\"color: #ff6600;\">Qu\u00e9 Llevar Consigo<\/span><\/h3>\n<ul>\n<li>Su propia toalla del hotel<\/li>\n<li>Sombrero o Bufanda<\/li>\n<li>Protector solar<\/li>\n<li>Gafas de sol<\/li>\n<li>Zapatos c\u00f3modos<\/li>\n<li>Traje de ba\u00f1o<\/li>\n<li>Algo de dinero en efectivo para sus gastos personales<\/li>\n<\/ul>\n<h3><span style=\"color: #ff6600;\">Precio del Viaje en Barco de Snorkel desde Sahl Hasheesh<\/span><\/h3>\n<ul>\n<li>Precio Adulto = 30 \u20ac<\/li>\n<li>Beb\u00e9s 0-5 a\u00f1os = gratis<\/li>\n<li>Ni\u00f1os 5 -11 a\u00f1os = 50% del precio adulto<\/li>\n<\/ul>\n<h3><span style=\"color: #ff6600;\">Reserva y Pago<\/span><\/h3>\n<p><strong>Reserva<\/strong> Puede reservar su tour v\u00eda WhatsApp o enviarnos un E-mail y recibir\u00e1 la confirmaci\u00f3n al instante.<\/p>\n<p>Por favor, env\u00edenos el nombre de su hotel, el n\u00famero de habitaci\u00f3n y copias de su pasaporte<\/p>\n<p>WhatsApp: +201000852186<\/p>\n<p>info@egytourpackages.com<\/p>\n<h3><span style=\"color: #ff6600;\">Reserve Ahora y Pague en el lugar<\/span><\/h3>\n<p>Reserve su tour favorito y pague el d\u00eda del viaje<\/p>\n<h3><span style=\"color: #ff6600;\">Pago<\/span><\/h3>\n<p>Puede pagar en libras egipcias, $, \u20ac\u200e o \u00a3.<\/p>\n<h3><span style=\"color: #ff6600;\">Pol\u00edtica de Cancelaci\u00f3n<\/span><\/h3>\n<ul>\n<li>La cancelaci\u00f3n es gratuita hasta con 24 horas de antelaci\u00f3n<\/li>\n<li>La cancelaci\u00f3n por la ma\u00f1ana es el 50% del precio<\/li>\n<\/ul>\n","protected":false},"excerpt":{"rendered":"<p>Viaje en Barco de Snorkel desde Sahl Hasheesh. \u00a1Excursi\u00f3n de d\u00eda a la Isla Giftun! Descubre el Mar Rojo, arrecifes de coral y delfines. \u00a1Reserva ya!<\/p>\n","protected":false},"featured_media":8696,"comment_status":"open","ping_status":"closed","template":"","meta":[],"product_brand":[],"product_cat":[3128],"product_tag":[3214,3188,3708],"class_list":{"0":"post-8695","1":"product","2":"type-product","3":"status-publish","4":"has-post-thumbnail","6":"product_cat-tours","7":"product_tag-excursiones-de-sahl-hasheesh","8":"product_tag-excursiones-egipto","9":"product_tag-las-mejores-cosas-que-hacer-en-sahl-hasheesh","10":"tour_category-excursiones-de-snorkel-en-hurghada","11":"tour_category-excursiones-egipto-es","12":"tour_category-excursiones-en-sahl-hasheesh-es","14":"first","15":"instock","16":"sale","17":"shipping-taxable","18":"purchasable","19":"product-type-tour","20":"has-default-attributes"},"yoast_head":"<!-- This site is optimized with the Yoast SEO Premium plugin v27.2 (Yoast SEO v27.2) - https:\/\/yoast.com\/product\/yoast-seo-premium-wordpress\/ -->\n<title>Viaje en Barco de Snorkel desde Sahl Hasheesh<\/title>\n<meta name=\"description\" content=\"Viaje en Barco de Snorkel desde Sahl Hasheesh. \u00a1Excursi\u00f3n de d\u00eda a la Isla Giftun! Descubre el Mar Rojo, arrecifes de coral y delfines. \u00a1Reserva ya!\" \/>\n<meta name=\"robots\" content=\"index, follow, max-snippet:-1, max-image-preview:large, max-video-preview:-1\" \/>\n<link rel=\"canonical\" href=\"https:\/\/egytourpackages.com\/es\/tours\/viaje-en-barco-de-snorkel-desde-sahl-hasheesh\/\" \/>\n<meta property=\"og:locale\" content=\"es_ES\" \/>\n<meta property=\"og:type\" content=\"article\" \/>\n<meta property=\"og:title\" content=\"Viaje en Barco de Snorkel desde Sahl Hasheesh\" \/>\n<meta property=\"og:description\" content=\"Viaje en Barco de Snorkel desde Sahl Hasheesh. \u00a1Excursi\u00f3n de d\u00eda a la Isla Giftun! Descubre el Mar Rojo, arrecifes de coral y delfines. \u00a1Reserva ya!\" \/>\n<meta property=\"og:url\" content=\"https:\/\/egytourpackages.com\/es\/tours\/viaje-en-barco-de-snorkel-desde-sahl-hasheesh\/\" \/>\n<meta property=\"og:site_name\" content=\"Egypt Tour Packages\" \/>\n<meta property=\"article:publisher\" content=\"https:\/\/www.facebook.com\/egytourpackages\" \/>\n<meta property=\"article:modified_time\" content=\"2026-01-28T20:44:37+00:00\" \/>\n<meta property=\"og:image\" content=\"https:\/\/egytourpackages.com\/wp-content\/uploads\/2023\/08\/Snorkeling-Boat-Trip-from-Sahl-Hasheesh-1024x682.jpg\" \/>\n<meta name=\"twitter:card\" content=\"summary_large_image\" \/>\n<meta name=\"twitter:title\" content=\"Viaje en Barco de Snorkel desde Sahl Hasheesh\" \/>\n<meta name=\"twitter:description\" content=\"Viaje en Barco de Snorkel desde Sahl Hasheesh. \u00a1Excursi\u00f3n de d\u00eda a la Isla Giftun! Descubre el Mar Rojo, arrecifes de coral y delfines. \u00a1Reserva ya!\" \/>\n<meta name=\"twitter:image\" content=\"https:\/\/egytourpackages.com\/wp-content\/uploads\/2023\/08\/Snorkeling-Boat-Trip-from-Sahl-Hasheesh-1024x682.jpg\" \/>\n<meta name=\"twitter:label1\" content=\"Precio\" \/>\n\t<meta name=\"twitter:data1\" content=\"&euro;30\" \/>\n\t<meta name=\"twitter:label2\" content=\"Disponibilidad\" \/>\n\t<meta name=\"twitter:data2\" content=\"Disponible\" \/>\n<script type=\"application\/ld+json\" class=\"yoast-schema-graph\">{\"@context\":\"https:\/\/schema.org\",\"@graph\":[{\"@type\":\"WebPage\",\"@id\":\"https:\/\/egytourpackages.com\/es\/tours\/viaje-en-barco-de-snorkel-desde-sahl-hasheesh\/\",\"url\":\"https:\/\/egytourpackages.com\/es\/tours\/viaje-en-barco-de-snorkel-desde-sahl-hasheesh\/\",\"name\":\"Viaje en Barco de Snorkel desde Sahl Hasheesh\",\"isPartOf\":{\"@id\":\"https:\/\/egytourpackages.com\/es\/#website\"},\"primaryImageOfPage\":{\"@id\":\"https:\/\/egytourpackages.com\/es\/tours\/viaje-en-barco-de-snorkel-desde-sahl-hasheesh\/#primaryimage\"},\"image\":{\"@id\":\"https:\/\/egytourpackages.com\/es\/tours\/viaje-en-barco-de-snorkel-desde-sahl-hasheesh\/#primaryimage\"},\"thumbnailUrl\":\"https:\/\/egytourpackages.com\/wp-content\/uploads\/2023\/08\/Snorkeling-Boat-Trip-from-Sahl-Hasheesh.jpg\",\"datePublished\":\"2023-08-22T17:07:45+00:00\",\"dateModified\":\"2026-01-28T20:44:37+00:00\",\"description\":\"Viaje en Barco de Snorkel desde Sahl Hasheesh. \u00a1Excursi\u00f3n de d\u00eda a la Isla Giftun! Descubre el Mar Rojo, arrecifes de coral y delfines. \u00a1Reserva ya!\",\"breadcrumb\":{\"@id\":\"https:\/\/egytourpackages.com\/es\/tours\/viaje-en-barco-de-snorkel-desde-sahl-hasheesh\/#breadcrumb\"},\"inLanguage\":\"es\",\"potentialAction\":[{\"@type\":\"ReadAction\",\"target\":[\"https:\/\/egytourpackages.com\/es\/tours\/viaje-en-barco-de-snorkel-desde-sahl-hasheesh\/\"]}]},{\"@type\":\"ImageObject\",\"inLanguage\":\"es\",\"@id\":\"https:\/\/egytourpackages.com\/es\/tours\/viaje-en-barco-de-snorkel-desde-sahl-hasheesh\/#primaryimage\",\"url\":\"https:\/\/egytourpackages.com\/wp-content\/uploads\/2023\/08\/Snorkeling-Boat-Trip-from-Sahl-Hasheesh.jpg\",\"contentUrl\":\"https:\/\/egytourpackages.com\/wp-content\/uploads\/2023\/08\/Snorkeling-Boat-Trip-from-Sahl-Hasheesh.jpg\",\"width\":2000,\"height\":1333,\"caption\":\"Viaje en Barco de Snorkel desde Sahl Hasheesh\"},{\"@type\":\"BreadcrumbList\",\"@id\":\"https:\/\/egytourpackages.com\/es\/tours\/viaje-en-barco-de-snorkel-desde-sahl-hasheesh\/#breadcrumb\",\"itemListElement\":[{\"@type\":\"ListItem\",\"position\":1,\"name\":\"Home\",\"item\":\"https:\/\/egytourpackages.com\/es\/paquetes-de-viaje-a-egipto\/\"},{\"@type\":\"ListItem\",\"position\":2,\"name\":\"Shop\",\"item\":\"https:\/\/egytourpackages.com\/shop\/\"},{\"@type\":\"ListItem\",\"position\":3,\"name\":\"Viaje en Barco de Snorkel desde Sahl Hasheesh\"}]},{\"@type\":\"WebSite\",\"@id\":\"https:\/\/egytourpackages.com\/es\/#website\",\"url\":\"https:\/\/egytourpackages.com\/es\/\",\"name\":\"Egy tour packages\",\"description\":\"\",\"publisher\":{\"@id\":\"https:\/\/egytourpackages.com\/es\/#organization\"},\"potentialAction\":[{\"@type\":\"SearchAction\",\"target\":{\"@type\":\"EntryPoint\",\"urlTemplate\":\"https:\/\/egytourpackages.com\/es\/?s={search_term_string}\"},\"query-input\":{\"@type\":\"PropertyValueSpecification\",\"valueRequired\":true,\"valueName\":\"search_term_string\"}}],\"inLanguage\":\"es\"},{\"@type\":[\"Organization\",\"Place\",\"TravelAgency\"],\"@id\":\"https:\/\/egytourpackages.com\/es\/#organization\",\"name\":\"egypt tour packages\",\"alternateName\":\"egypt tour packages\",\"url\":\"https:\/\/egytourpackages.com\/es\/\",\"logo\":{\"@id\":\"https:\/\/egytourpackages.com\/es\/tours\/viaje-en-barco-de-snorkel-desde-sahl-hasheesh\/#local-main-organization-logo\"},\"image\":{\"@id\":\"https:\/\/egytourpackages.com\/es\/tours\/viaje-en-barco-de-snorkel-desde-sahl-hasheesh\/#local-main-organization-logo\"},\"sameAs\":[\"https:\/\/www.facebook.com\/egytourpackages\"],\"legalName\":\"Egy tour packages\",\"address\":{\"@id\":\"https:\/\/egytourpackages.com\/es\/tours\/viaje-en-barco-de-snorkel-desde-sahl-hasheesh\/#local-main-place-address\"},\"telephone\":[\"00201000852186\",\"00201028685533\"],\"contactPoint\":{\"@type\":\"ContactPoint\",\"telephone\":\"00201000852186\"},\"openingHoursSpecification\":[{\"@type\":\"OpeningHoursSpecification\",\"dayOfWeek\":[\"Monday\",\"Tuesday\",\"Wednesday\",\"Thursday\",\"Friday\",\"Saturday\",\"Sunday\"],\"opens\":\"00:00\",\"closes\":\"23:59\"}],\"email\":\"info@egytourpackages.com\",\"areaServed\":\"Cairo, Hurghada, Luxor, Sharm El Sheikh, Marsa Alam, Aswan\",\"priceRange\":\"$\",\"currenciesAccepted\":\"euro\",\"paymentAccepted\":\"Payment links online\"},{\"@type\":\"PostalAddress\",\"@id\":\"https:\/\/egytourpackages.com\/es\/tours\/viaje-en-barco-de-snorkel-desde-sahl-hasheesh\/#local-main-place-address\",\"streetAddress\":\"Mubarak 8, Al Kawthar District, Hurghada\",\"addressLocality\":\"Hurghada\",\"postalCode\":\"84511\",\"addressRegion\":\"Red Sea\",\"addressCountry\":\"EG\"},{\"@type\":\"ImageObject\",\"inLanguage\":\"es\",\"@id\":\"https:\/\/egytourpackages.com\/es\/tours\/viaje-en-barco-de-snorkel-desde-sahl-hasheesh\/#local-main-organization-logo\",\"url\":\"https:\/\/egytourpackages.com\/wp-content\/uploads\/2025\/12\/Turquoise-Dahabiya-Nile-Cruise-1.jpeg\",\"contentUrl\":\"https:\/\/egytourpackages.com\/wp-content\/uploads\/2025\/12\/Turquoise-Dahabiya-Nile-Cruise-1.jpeg\",\"width\":1040,\"height\":694,\"caption\":\"egypt tour packages\"}]}<\/script>\n<meta property=\"product:brand\" content=\"Excursiones de snorkel en Hurghada\" \/>\n<meta property=\"product:price:amount\" content=\"30\" \/>\n<meta property=\"product:price:currency\" content=\"EUR\" \/>\n<meta property=\"og:availability\" content=\"instock\" \/>\n<meta property=\"product:availability\" content=\"instock\" \/>\n<meta property=\"product:retailer_item_id\" content=\"SHDT03\" \/>\n<meta property=\"product:condition\" content=\"new\" \/>\n<meta name=\"geo.placename\" content=\"Hurghada\" \/>\n<meta name=\"geo.region\" content=\"Egipto\" \/>\n<!-- \/ Yoast SEO Premium plugin. -->","yoast_head_json":{"title":"Viaje en Barco de Snorkel desde Sahl Hasheesh","description":"Viaje en Barco de Snorkel desde Sahl Hasheesh. \u00a1Excursi\u00f3n de d\u00eda a la Isla Giftun! Descubre el Mar Rojo, arrecifes de coral y delfines. \u00a1Reserva ya!","robots":{"index":"index","follow":"follow","max-snippet":"max-snippet:-1","max-image-preview":"max-image-preview:large","max-video-preview":"max-video-preview:-1"},"canonical":"https:\/\/egytourpackages.com\/es\/tours\/viaje-en-barco-de-snorkel-desde-sahl-hasheesh\/","og_locale":"es_ES","og_type":"article","og_title":"Viaje en Barco de Snorkel desde Sahl Hasheesh","og_description":"Viaje en Barco de Snorkel desde Sahl Hasheesh. \u00a1Excursi\u00f3n de d\u00eda a la Isla Giftun! Descubre el Mar Rojo, arrecifes de coral y delfines. \u00a1Reserva ya!","og_url":"https:\/\/egytourpackages.com\/es\/tours\/viaje-en-barco-de-snorkel-desde-sahl-hasheesh\/","og_site_name":"Egypt Tour Packages","article_publisher":"https:\/\/www.facebook.com\/egytourpackages","article_modified_time":"2026-01-28T20:44:37+00:00","og_image":[{"url":"https:\/\/egytourpackages.com\/wp-content\/uploads\/2023\/08\/Snorkeling-Boat-Trip-from-Sahl-Hasheesh-1024x682.jpg","type":"","width":"","height":""}],"twitter_card":"summary_large_image","twitter_title":"Viaje en Barco de Snorkel desde Sahl Hasheesh","twitter_description":"Viaje en Barco de Snorkel desde Sahl Hasheesh. \u00a1Excursi\u00f3n de d\u00eda a la Isla Giftun! Descubre el Mar Rojo, arrecifes de coral y delfines. \u00a1Reserva ya!","twitter_image":"https:\/\/egytourpackages.com\/wp-content\/uploads\/2023\/08\/Snorkeling-Boat-Trip-from-Sahl-Hasheesh-1024x682.jpg","twitter_misc":{"Precio":"&euro;30","Disponibilidad":"Disponible"},"schema":{"@context":"https:\/\/schema.org","@graph":[{"@type":"WebPage","@id":"https:\/\/egytourpackages.com\/es\/tours\/viaje-en-barco-de-snorkel-desde-sahl-hasheesh\/","url":"https:\/\/egytourpackages.com\/es\/tours\/viaje-en-barco-de-snorkel-desde-sahl-hasheesh\/","name":"Viaje en Barco de Snorkel desde Sahl Hasheesh","isPartOf":{"@id":"https:\/\/egytourpackages.com\/es\/#website"},"primaryImageOfPage":{"@id":"https:\/\/egytourpackages.com\/es\/tours\/viaje-en-barco-de-snorkel-desde-sahl-hasheesh\/#primaryimage"},"image":{"@id":"https:\/\/egytourpackages.com\/es\/tours\/viaje-en-barco-de-snorkel-desde-sahl-hasheesh\/#primaryimage"},"thumbnailUrl":"https:\/\/egytourpackages.com\/wp-content\/uploads\/2023\/08\/Snorkeling-Boat-Trip-from-Sahl-Hasheesh.jpg","datePublished":"2023-08-22T17:07:45+00:00","dateModified":"2026-01-28T20:44:37+00:00","description":"Viaje en Barco de Snorkel desde Sahl Hasheesh. \u00a1Excursi\u00f3n de d\u00eda a la Isla Giftun! Descubre el Mar Rojo, arrecifes de coral y delfines. \u00a1Reserva ya!","breadcrumb":{"@id":"https:\/\/egytourpackages.com\/es\/tours\/viaje-en-barco-de-snorkel-desde-sahl-hasheesh\/#breadcrumb"},"inLanguage":"es","potentialAction":[{"@type":"ReadAction","target":["https:\/\/egytourpackages.com\/es\/tours\/viaje-en-barco-de-snorkel-desde-sahl-hasheesh\/"]}]},{"@type":"ImageObject","inLanguage":"es","@id":"https:\/\/egytourpackages.com\/es\/tours\/viaje-en-barco-de-snorkel-desde-sahl-hasheesh\/#primaryimage","url":"https:\/\/egytourpackages.com\/wp-content\/uploads\/2023\/08\/Snorkeling-Boat-Trip-from-Sahl-Hasheesh.jpg","contentUrl":"https:\/\/egytourpackages.com\/wp-content\/uploads\/2023\/08\/Snorkeling-Boat-Trip-from-Sahl-Hasheesh.jpg","width":2000,"height":1333,"caption":"Viaje en Barco de Snorkel desde Sahl Hasheesh"},{"@type":"BreadcrumbList","@id":"https:\/\/egytourpackages.com\/es\/tours\/viaje-en-barco-de-snorkel-desde-sahl-hasheesh\/#breadcrumb","itemListElement":[{"@type":"ListItem","position":1,"name":"Home","item":"https:\/\/egytourpackages.com\/es\/paquetes-de-viaje-a-egipto\/"},{"@type":"ListItem","position":2,"name":"Shop","item":"https:\/\/egytourpackages.com\/shop\/"},{"@type":"ListItem","position":3,"name":"Viaje en Barco de Snorkel desde Sahl Hasheesh"}]},{"@type":"WebSite","@id":"https:\/\/egytourpackages.com\/es\/#website","url":"https:\/\/egytourpackages.com\/es\/","name":"Egy tour packages","description":"","publisher":{"@id":"https:\/\/egytourpackages.com\/es\/#organization"},"potentialAction":[{"@type":"SearchAction","target":{"@type":"EntryPoint","urlTemplate":"https:\/\/egytourpackages.com\/es\/?s={search_term_string}"},"query-input":{"@type":"PropertyValueSpecification","valueRequired":true,"valueName":"search_term_string"}}],"inLanguage":"es"},{"@type":["Organization","Place","TravelAgency"],"@id":"https:\/\/egytourpackages.com\/es\/#organization","name":"egypt tour packages","alternateName":"egypt tour packages","url":"https:\/\/egytourpackages.com\/es\/","logo":{"@id":"https:\/\/egytourpackages.com\/es\/tours\/viaje-en-barco-de-snorkel-desde-sahl-hasheesh\/#local-main-organization-logo"},"image":{"@id":"https:\/\/egytourpackages.com\/es\/tours\/viaje-en-barco-de-snorkel-desde-sahl-hasheesh\/#local-main-organization-logo"},"sameAs":["https:\/\/www.facebook.com\/egytourpackages"],"legalName":"Egy tour packages","address":{"@id":"https:\/\/egytourpackages.com\/es\/tours\/viaje-en-barco-de-snorkel-desde-sahl-hasheesh\/#local-main-place-address"},"telephone":["00201000852186","00201028685533"],"contactPoint":{"@type":"ContactPoint","telephone":"00201000852186"},"openingHoursSpecification":[{"@type":"OpeningHoursSpecification","dayOfWeek":["Monday","Tuesday","Wednesday","Thursday","Friday","Saturday","Sunday"],"opens":"00:00","closes":"23:59"}],"email":"info@egytourpackages.com","areaServed":"Cairo, Hurghada, Luxor, Sharm El Sheikh, Marsa Alam, Aswan","priceRange":"$","currenciesAccepted":"euro","paymentAccepted":"Payment links online"},{"@type":"PostalAddress","@id":"https:\/\/egytourpackages.com\/es\/tours\/viaje-en-barco-de-snorkel-desde-sahl-hasheesh\/#local-main-place-address","streetAddress":"Mubarak 8, Al Kawthar District, Hurghada","addressLocality":"Hurghada","postalCode":"84511","addressRegion":"Red Sea","addressCountry":"EG"},{"@type":"ImageObject","inLanguage":"es","@id":"https:\/\/egytourpackages.com\/es\/tours\/viaje-en-barco-de-snorkel-desde-sahl-hasheesh\/#local-main-organization-logo","url":"https:\/\/egytourpackages.com\/wp-content\/uploads\/2025\/12\/Turquoise-Dahabiya-Nile-Cruise-1.jpeg","contentUrl":"https:\/\/egytourpackages.com\/wp-content\/uploads\/2025\/12\/Turquoise-Dahabiya-Nile-Cruise-1.jpeg","width":1040,"height":694,"caption":"egypt tour packages"}]},"product_brand":"Excursiones de snorkel en Hurghada","product_price_amount":"30","product_price_currency":"EUR","og_availability":"instock","product_availability":"instock","product_retailer_item_id":"SHDT03","product_condition":"new","geo.placename":"Hurghada","geo.region":"Egipto"},"_links":{"self":[{"href":"https:\/\/egytourpackages.com\/es\/wp-json\/wp\/v2\/product\/8695","targetHints":{"allow":["GET"]}}],"collection":[{"href":"https:\/\/egytourpackages.com\/es\/wp-json\/wp\/v2\/product"}],"about":[{"href":"https:\/\/egytourpackages.com\/es\/wp-json\/wp\/v2\/types\/product"}],"replies":[{"embeddable":true,"href":"https:\/\/egytourpackages.com\/es\/wp-json\/wp\/v2\/comments?post=8695"}],"wp:featuredmedia":[{"embeddable":true,"href":"https:\/\/egytourpackages.com\/es\/wp-json\/wp\/v2\/media\/8696"}],"wp:attachment":[{"href":"https:\/\/egytourpackages.com\/es\/wp-json\/wp\/v2\/media?parent=8695"}],"wp:term":[{"taxonomy":"product_brand","embeddable":true,"href":"https:\/\/egytourpackages.com\/es\/wp-json\/wp\/v2\/product_brand?post=8695"},{"taxonomy":"product_cat","embeddable":true,"href":"https:\/\/egytourpackages.com\/es\/wp-json\/wp\/v2\/product_cat?post=8695"},{"taxonomy":"product_tag","embeddable":true,"href":"https:\/\/egytourpackages.com\/es\/wp-json\/wp\/v2\/product_tag?post=8695"}],"curies":[{"name":"wp","href":"https:\/\/api.w.org\/{rel}","templated":true}]}}