{"id":8697,"date":"2023-08-25T13:03:52","date_gmt":"2023-08-25T13:03:52","guid":{"rendered":"https:\/\/egytourpackages.com\/product\/mejores-excursiones-en-luxor-tour-de-un-dia-a-dendera-y-abydos\/"},"modified":"2026-01-09T11:58:26","modified_gmt":"2026-01-09T11:58:26","slug":"mejores-excursiones-en-luxor-tour-de-un-dia-a-dendera-y-abydos","status":"publish","type":"product","link":"https:\/\/egytourpackages.com\/es\/tours\/mejores-excursiones-en-luxor-tour-de-un-dia-a-dendera-y-abydos\/","title":{"rendered":"Mejores Excursiones en Luxor: Tour de un D\u00eda a Dendera y Abydos"},"content":{"rendered":"<p><span style=\"color: #ff6600;\"><strong>Mejores Excursiones en Luxor: Tour de un D\u00eda a Dendera y Abydos<\/strong><\/span><\/p>\n<p>Reserve su enriquecedor <strong>viaje de un d\u00eda a Dendera y Abydos desde Luxor<\/strong> y explore dos de los templos fara\u00f3nicos m\u00e1s hermosos durante los <strong>tours de un d\u00eda en Luxor<\/strong>. Este completo <strong>tour de Luxor a Dendera y Abydos<\/strong> ofrece una oportunidad \u00fanica para explorar templos rara vez incluidos en los itinerarios est\u00e1ndar.<\/p>\n<p>Su <strong>tour privado de Dendera y Abydos desde Luxor<\/strong> comenzar\u00e1 con una visita al magn\u00edfico <strong>Templo de Hathor en Dendera<\/strong>, conocido por su vibrante techo astron\u00f3mico y la representaci\u00f3n de <strong>Cleopatra VII<\/strong>. Despu\u00e9s de esto, se aventurar\u00e1 a la ciudad sagrada de Abydos para explorar la profundidad del <strong>Templo de Abydos desde Luxor<\/strong>, espec\u00edficamente el impresionante <strong>Templo de Seti I<\/strong>, famoso por su intrincada <strong>Lista de Reyes<\/strong> y sus impresionantes relieves en alto.<\/p>\n<p>Este <strong>viaje de excursiones de Luxor a Dendera y Abydos<\/strong> desvela el arte y el profundo significado religioso del antiguo Egipto lejos de las multitudes, asegurando una inmersi\u00f3n hist\u00f3rica verdaderamente inolvidable.<\/p>\n<h3><span style=\"color: #ff6600;\">Detalles Esenciales del Tour Hist\u00f3rico<\/span><\/h3>\n<ul>\n<li>Duraci\u00f3n: 1 D\u00eda<\/li>\n<li>Ubicaci\u00f3n del Tour: Dendera \/ Abydos<\/li>\n<li>Disponibilidad del Tour: Todos los d\u00edas<\/li>\n<li>Recogida y Devoluci\u00f3n: Su Hotel en Luxor<\/li>\n<li>Tipo de Tour: Privado<\/li>\n<li><strong>Idioma: Espa\u00f1ol<\/strong><\/li>\n<li>Silla de Ruedas: Accesible<\/li>\n<\/ul>\n<h3><span style=\"color: #ff6600;\">Puntos Destacados de los Templos Fara\u00f3nicos<\/span><\/h3>\n<ul>\n<li>Templo de Hathor en Dendera<\/li>\n<li>Capilla de Isis<\/li>\n<li><strong>Criptas de Dendera<\/strong><\/li>\n<li>Templo de Seti I en Abydos<\/li>\n<li>Templo de Osireion desde el exterior<\/li>\n<li>Templo de Ramesses II en Abydos<\/li>\n<\/ul>\n<h3><span style=\"color: #ff6600;\">Servicios Incluidos<\/span><\/h3>\n<ul>\n<li>Traslado de ida y vuelta con veh\u00edculo moderno con A\/C<\/li>\n<li><strong>Gu\u00eda Egipt\u00f3logo que habla Espa\u00f1ol<\/strong><\/li>\n<li>Tarifa de entrada para todos los lugares de inter\u00e9s<\/li>\n<li>Almuerzos en un restaurante local en Abydos<\/li>\n<\/ul>\n<h3><span style=\"color: #ff6600;\">No Incluido<\/span><\/h3>\n<ul>\n<li>Bebidas durante el almuerzo<\/li>\n<li>Propinas<\/li>\n<\/ul>\n<h3><span style=\"color: #ff6600;\">Qu\u00e9 Empacar<\/span><\/h3>\n<ul>\n<li>Sombrero, Gafas de sol y Protector solar<\/li>\n<li>Zapatos y ropa c\u00f3modos<\/li>\n<li>Algo de cambio para sus gastos personales<\/li>\n<\/ul>\n<h2><span style=\"color: #ff6600;\">Itinerario<\/span><\/h2>\n<p>Su d\u00eda comienza despu\u00e9s de la recogida en su hotel en Luxor y el viaje al <strong>Templo de Hathor<\/strong> en Dendera. A su llegada, disfrute escuchando la antigua <strong>Mitolog\u00eda Egipcia<\/strong> de su gu\u00eda. El Templo de Dendera es un punto culminante de su <strong>tour de Luxor a Dendera y Abydos<\/strong>, ya que es uno de los complejos de templos mejor conservados de todo Egipto.<\/p>\n<p>De hecho, este templo est\u00e1 dedicado a la diosa Hathor, la deidad del amor, la m\u00fasica, la alegr\u00eda y la fertilidad. En realidad, el Templo de Dendera comenz\u00f3 con <strong>Pepi I<\/strong> de la Sexta Dinast\u00eda, <strong>Reino Antiguo<\/strong>, luego <strong>Mentuhotep III<\/strong>, <strong>Thutmose III<\/strong>, Nectanebo II hasta la Era Romana. Mientras tanto, muchos emperadores romanos se a\u00f1adieron al templo, como Domiciano, <strong>Trajano<\/strong>, Claudio, Ner\u00f3n y <strong>Tiberio<\/strong>.<\/p>\n<p>Adem\u00e1s, los relieves del Templo de Hathor muestran <strong>antiguos Festivales Egipcios<\/strong>, especialmente la hermosa Fiesta de la Reuni\u00f3n entre <strong>Horus de Edfu<\/strong> y Hathor de Dendera. Adem\u00e1s, el antiguo <strong>D\u00eda de A\u00f1o Nuevo<\/strong>, junto con las <strong>Criptas de Dendera<\/strong> y los <strong>Signos del Zod\u00edaco<\/strong>, se encuentran entre los puntos destacados del templo en los <strong>tours de Egipto<\/strong>. Adem\u00e1s, el Templo de Dendera tiene 14 criptas subterr\u00e1neas con el famoso dise\u00f1o de la Bombilla de Dendera. Adem\u00e1s, Dendera es \u00fanico por su prominente representaci\u00f3n de <strong>Cleopatra VII<\/strong> y su hijo Cesari\u00f3n en uno de sus muros exteriores.<\/p>\n<p>Al final de su tour, tendr\u00e1 algo de tiempo libre para tomar algunas fotos antes de que lo llevemos a la siguiente parada, el Templo de Seti I.<\/p>\n<h3><span style=\"color: #ff6600;\">Templo de Abydos<\/span><\/h3>\n<p>Despu\u00e9s de un corto viaje al Templo de Abydos, se sorprender\u00e1 por el hermoso color del Templo de Abydos del Fara\u00f3n Seti I en los <strong>tours de un d\u00eda en Egipto<\/strong>. El <strong>tour al Templo de Abydos desde Luxor<\/strong> se centra principalmente en el magn\u00edfico <strong>Templo de Seti I<\/strong>, una obra maestra del Nuevo Reino y un punto culminante de cualquier <strong>tour completo de Luxor a Dendera y Abydos<\/strong>.<\/p>\n<p>En realidad, Abydos era el principal centro de culto para el dios <strong>Osiris<\/strong>, crey\u00e9ndose que era su lugar de entierro, lo que lo convierte en un destino de peregrinaci\u00f3n fundamental para los antiguos egipcios que buscaban bendiciones para el m\u00e1s all\u00e1. Explore los 7 santuarios de Horus, <strong>Isis<\/strong>, <strong>Osiris<\/strong>, Ptah, Rahorakhty, Am\u00f3n-Ra, y tambi\u00e9n uno para el propio Seti. Adem\u00e1s, una caracter\u00edstica clave dentro del templo es la famosa <strong>Lista de Reyes de Abydos<\/strong> con los cartuchos de 76 reyes del <strong>Per\u00edodo Predin\u00e1stico<\/strong>, desde Menes hasta el propio Seti.<\/p>\n<p>M\u00e1s all\u00e1 del templo principal, tambi\u00e9n explorar\u00e1 el enigm\u00e1tico <strong>Osireion<\/strong>, una estructura megal\u00edtica subterr\u00e1nea \u00fanica ubicada detr\u00e1s del templo de Seti I, que se cree que es una tumba simb\u00f3lica para el propio Osiris.<\/p>\n<p>Este <strong>tour privado de Dendera y Abydos desde Luxor<\/strong> ofrece una experiencia tranquila y profundamente espiritual, que le permite conectar con las ra\u00edces de las antiguas creencias egipcias. Al final de su <strong>viaje a Egipto<\/strong> a Dendera y Abydos, lo llevaremos de regreso a su hotel en Luxor.<\/p>\n<h3><span style=\"color: #ff6600;\">Precio del Viaje de un D\u00eda a Dendera y Abydos desde Luxor<\/span><\/h3>\n<ul>\n<li>Precio Adulto = 100 \u20ac<\/li>\n<li>Ni\u00f1os 0-5 a\u00f1os = gratis<\/li>\n<li>Ni\u00f1os 5 -11 a\u00f1os = 50% del precio adulto<\/li>\n<\/ul>\n<h3><span style=\"color: #ff6600;\">Reserva de Tours y Pago<\/span><\/h3>\n<p>Puede reservar su tour a trav\u00e9s de WhatsApp o enviarnos un correo electr\u00f3nico y recibir\u00e1 la confirmaci\u00f3n al instante.<\/p>\n<p>Por favor, env\u00edenos el nombre de su hotel, el n\u00famero de habitaci\u00f3n y copias de su pasaporte<\/p>\n<p>WhatsApp: +201000852186<\/p>\n<p>info@egytourpackages.com<\/p>\n<h3><span style=\"color: #ff6600;\">Reserve Ahora y Pague en el lugar<\/span><\/h3>\n<p>Reserve su tour favorito y pague el d\u00eda del viaje<\/p>\n<h3><span style=\"color: #ff6600;\">Pago<\/span><\/h3>\n<p>Puede pagar en libras egipcias, $, \u20ac\u200e o \u00a3.<\/p>\n<h3><span style=\"color: #ff6600;\">Pol\u00edtica de Cancelaci\u00f3n<\/span><\/h3>\n<ul>\n<li>La cancelaci\u00f3n es gratuita hasta con 24 horas de antelaci\u00f3n<\/li>\n<li>La cancelaci\u00f3n por la ma\u00f1ana es el 50% del precio<\/li>\n<\/ul>\n","protected":false},"excerpt":{"rendered":"<p>Mejores Excursiones en Luxor: Tour de un D\u00eda a Dendera y Abydos. Visita el Templo de Hathor y el Templo de Seti I. \u00a1Viaje privado!<\/p>\n","protected":false},"featured_media":8698,"comment_status":"open","ping_status":"closed","template":"","meta":[],"product_brand":[],"product_cat":[3128],"product_tag":[3487,3261],"class_list":{"0":"post-8697","1":"product","2":"type-product","3":"status-publish","4":"has-post-thumbnail","6":"product_cat-tours","7":"product_tag-templo-de-abidos","8":"product_tag-templo-de-dendera","9":"tour_category-excursiones-egipto-es","10":"tour_category-excursiones-en-luxor-es","12":"first","13":"instock","14":"sale","15":"shipping-taxable","16":"purchasable","17":"product-type-tour","18":"has-default-attributes"},"yoast_head":"<!-- This site is optimized with the Yoast SEO Premium plugin v27.2 (Yoast SEO v27.2) - https:\/\/yoast.com\/product\/yoast-seo-premium-wordpress\/ -->\n<title>Mejores Excursiones en Luxor: Tour de un D\u00eda a Dendera y Abydos<\/title>\n<meta name=\"description\" content=\"Mejores Excursiones en Luxor: Tour de un D\u00eda a Dendera y Abydos. Visita el Templo de Hathor y el Templo de Seti I. \u00a1Viaje privado!\" \/>\n<meta name=\"robots\" content=\"index, follow, max-snippet:-1, max-image-preview:large, max-video-preview:-1\" \/>\n<link rel=\"canonical\" href=\"https:\/\/egytourpackages.com\/es\/tours\/mejores-excursiones-en-luxor-tour-de-un-dia-a-dendera-y-abydos\/\" \/>\n<meta property=\"og:locale\" content=\"es_ES\" \/>\n<meta property=\"og:type\" content=\"article\" \/>\n<meta property=\"og:title\" content=\"Mejores Excursiones en Luxor: Tour de un D\u00eda a Dendera y Abydos\" \/>\n<meta property=\"og:description\" content=\"Mejores Excursiones en Luxor: Tour de un D\u00eda a Dendera y Abydos. Visita el Templo de Hathor y el Templo de Seti I. \u00a1Viaje privado!\" \/>\n<meta property=\"og:url\" content=\"https:\/\/egytourpackages.com\/es\/tours\/mejores-excursiones-en-luxor-tour-de-un-dia-a-dendera-y-abydos\/\" \/>\n<meta property=\"og:site_name\" content=\"Egypt Tour Packages\" \/>\n<meta property=\"article:publisher\" content=\"https:\/\/www.facebook.com\/egytourpackages\" \/>\n<meta property=\"article:modified_time\" content=\"2026-01-09T11:58:26+00:00\" \/>\n<meta property=\"og:image\" content=\"https:\/\/egytourpackages.com\/wp-content\/uploads\/2023\/08\/Dendera-temple-Qena-1024x768.jpg\" \/>\n<meta name=\"twitter:card\" content=\"summary_large_image\" \/>\n<meta name=\"twitter:title\" content=\"Mejores Excursiones en Luxor: Tour de un D\u00eda a Dendera y Abydos\" \/>\n<meta name=\"twitter:description\" content=\"Mejores Excursiones en Luxor: Tour de un D\u00eda a Dendera y Abydos. Visita el Templo de Hathor y el Templo de Seti I. \u00a1Viaje privado!\" \/>\n<meta name=\"twitter:image\" content=\"https:\/\/egytourpackages.com\/wp-content\/uploads\/2023\/08\/Dendera-temple-Qena-1024x768.jpg\" \/>\n<meta name=\"twitter:label1\" content=\"Precio\" \/>\n\t<meta name=\"twitter:data1\" content=\"&euro;100\" \/>\n\t<meta name=\"twitter:label2\" content=\"Disponibilidad\" \/>\n\t<meta name=\"twitter:data2\" content=\"Disponible\" \/>\n<script type=\"application\/ld+json\" class=\"yoast-schema-graph\">{\"@context\":\"https:\/\/schema.org\",\"@graph\":[{\"@type\":\"WebPage\",\"@id\":\"https:\/\/egytourpackages.com\/es\/tours\/mejores-excursiones-en-luxor-tour-de-un-dia-a-dendera-y-abydos\/\",\"url\":\"https:\/\/egytourpackages.com\/es\/tours\/mejores-excursiones-en-luxor-tour-de-un-dia-a-dendera-y-abydos\/\",\"name\":\"Mejores Excursiones en Luxor: Tour de un D\u00eda a Dendera y Abydos\",\"isPartOf\":{\"@id\":\"https:\/\/egytourpackages.com\/es\/#website\"},\"primaryImageOfPage\":{\"@id\":\"https:\/\/egytourpackages.com\/es\/tours\/mejores-excursiones-en-luxor-tour-de-un-dia-a-dendera-y-abydos\/#primaryimage\"},\"image\":{\"@id\":\"https:\/\/egytourpackages.com\/es\/tours\/mejores-excursiones-en-luxor-tour-de-un-dia-a-dendera-y-abydos\/#primaryimage\"},\"thumbnailUrl\":\"https:\/\/egytourpackages.com\/wp-content\/uploads\/2023\/08\/Dendera-temple-Qena.jpg\",\"datePublished\":\"2023-08-25T13:03:52+00:00\",\"dateModified\":\"2026-01-09T11:58:26+00:00\",\"description\":\"Mejores Excursiones en Luxor: Tour de un D\u00eda a Dendera y Abydos. Visita el Templo de Hathor y el Templo de Seti I. \u00a1Viaje privado!\",\"breadcrumb\":{\"@id\":\"https:\/\/egytourpackages.com\/es\/tours\/mejores-excursiones-en-luxor-tour-de-un-dia-a-dendera-y-abydos\/#breadcrumb\"},\"inLanguage\":\"es\",\"potentialAction\":[{\"@type\":\"ReadAction\",\"target\":[\"https:\/\/egytourpackages.com\/es\/tours\/mejores-excursiones-en-luxor-tour-de-un-dia-a-dendera-y-abydos\/\"]}]},{\"@type\":\"ImageObject\",\"inLanguage\":\"es\",\"@id\":\"https:\/\/egytourpackages.com\/es\/tours\/mejores-excursiones-en-luxor-tour-de-un-dia-a-dendera-y-abydos\/#primaryimage\",\"url\":\"https:\/\/egytourpackages.com\/wp-content\/uploads\/2023\/08\/Dendera-temple-Qena.jpg\",\"contentUrl\":\"https:\/\/egytourpackages.com\/wp-content\/uploads\/2023\/08\/Dendera-temple-Qena.jpg\",\"width\":2000,\"height\":1500,\"caption\":\"Templo de Dendera, Qena\"},{\"@type\":\"BreadcrumbList\",\"@id\":\"https:\/\/egytourpackages.com\/es\/tours\/mejores-excursiones-en-luxor-tour-de-un-dia-a-dendera-y-abydos\/#breadcrumb\",\"itemListElement\":[{\"@type\":\"ListItem\",\"position\":1,\"name\":\"Home\",\"item\":\"https:\/\/egytourpackages.com\/es\/paquetes-de-viaje-a-egipto\/\"},{\"@type\":\"ListItem\",\"position\":2,\"name\":\"Shop\",\"item\":\"https:\/\/egytourpackages.com\/shop\/\"},{\"@type\":\"ListItem\",\"position\":3,\"name\":\"Mejores Excursiones en Luxor: Tour de un D\u00eda a Dendera y Abydos\"}]},{\"@type\":\"WebSite\",\"@id\":\"https:\/\/egytourpackages.com\/es\/#website\",\"url\":\"https:\/\/egytourpackages.com\/es\/\",\"name\":\"Egy tour packages\",\"description\":\"\",\"publisher\":{\"@id\":\"https:\/\/egytourpackages.com\/es\/#organization\"},\"potentialAction\":[{\"@type\":\"SearchAction\",\"target\":{\"@type\":\"EntryPoint\",\"urlTemplate\":\"https:\/\/egytourpackages.com\/es\/?s={search_term_string}\"},\"query-input\":{\"@type\":\"PropertyValueSpecification\",\"valueRequired\":true,\"valueName\":\"search_term_string\"}}],\"inLanguage\":\"es\"},{\"@type\":[\"Organization\",\"Place\",\"TravelAgency\"],\"@id\":\"https:\/\/egytourpackages.com\/es\/#organization\",\"name\":\"egypt tour packages\",\"alternateName\":\"egypt tour packages\",\"url\":\"https:\/\/egytourpackages.com\/es\/\",\"logo\":{\"@id\":\"https:\/\/egytourpackages.com\/es\/tours\/mejores-excursiones-en-luxor-tour-de-un-dia-a-dendera-y-abydos\/#local-main-organization-logo\"},\"image\":{\"@id\":\"https:\/\/egytourpackages.com\/es\/tours\/mejores-excursiones-en-luxor-tour-de-un-dia-a-dendera-y-abydos\/#local-main-organization-logo\"},\"sameAs\":[\"https:\/\/www.facebook.com\/egytourpackages\"],\"legalName\":\"Egy tour packages\",\"address\":{\"@id\":\"https:\/\/egytourpackages.com\/es\/tours\/mejores-excursiones-en-luxor-tour-de-un-dia-a-dendera-y-abydos\/#local-main-place-address\"},\"telephone\":[\"00201000852186\",\"00201028685533\"],\"contactPoint\":{\"@type\":\"ContactPoint\",\"telephone\":\"00201000852186\"},\"openingHoursSpecification\":[{\"@type\":\"OpeningHoursSpecification\",\"dayOfWeek\":[\"Monday\",\"Tuesday\",\"Wednesday\",\"Thursday\",\"Friday\",\"Saturday\",\"Sunday\"],\"opens\":\"00:00\",\"closes\":\"23:59\"}],\"email\":\"info@egytourpackages.com\",\"areaServed\":\"Cairo, Hurghada, Luxor, Sharm El Sheikh, Marsa Alam, Aswan\",\"priceRange\":\"$\",\"currenciesAccepted\":\"euro\",\"paymentAccepted\":\"Payment links online\"},{\"@type\":\"PostalAddress\",\"@id\":\"https:\/\/egytourpackages.com\/es\/tours\/mejores-excursiones-en-luxor-tour-de-un-dia-a-dendera-y-abydos\/#local-main-place-address\",\"streetAddress\":\"Mubarak 8, Al Kawthar District, Hurghada\",\"addressLocality\":\"Hurghada\",\"postalCode\":\"84511\",\"addressRegion\":\"Red Sea\",\"addressCountry\":\"EG\"},{\"@type\":\"ImageObject\",\"inLanguage\":\"es\",\"@id\":\"https:\/\/egytourpackages.com\/es\/tours\/mejores-excursiones-en-luxor-tour-de-un-dia-a-dendera-y-abydos\/#local-main-organization-logo\",\"url\":\"https:\/\/egytourpackages.com\/wp-content\/uploads\/2025\/12\/Turquoise-Dahabiya-Nile-Cruise-1.jpeg\",\"contentUrl\":\"https:\/\/egytourpackages.com\/wp-content\/uploads\/2025\/12\/Turquoise-Dahabiya-Nile-Cruise-1.jpeg\",\"width\":1040,\"height\":694,\"caption\":\"egypt tour packages\"}]}<\/script>\n<meta property=\"product:brand\" content=\"Excursiones Egipto\" \/>\n<meta property=\"product:price:amount\" content=\"100\" \/>\n<meta property=\"product:price:currency\" content=\"EUR\" \/>\n<meta property=\"og:availability\" content=\"instock\" \/>\n<meta property=\"product:availability\" content=\"instock\" \/>\n<meta property=\"product:retailer_item_id\" content=\"LDT01\" \/>\n<meta property=\"product:condition\" content=\"new\" \/>\n<meta name=\"geo.placename\" content=\"Hurghada\" \/>\n<meta name=\"geo.region\" content=\"Egipto\" \/>\n<!-- \/ Yoast SEO Premium plugin. -->","yoast_head_json":{"title":"Mejores Excursiones en Luxor: Tour de un D\u00eda a Dendera y Abydos","description":"Mejores Excursiones en Luxor: Tour de un D\u00eda a Dendera y Abydos. Visita el Templo de Hathor y el Templo de Seti I. \u00a1Viaje privado!","robots":{"index":"index","follow":"follow","max-snippet":"max-snippet:-1","max-image-preview":"max-image-preview:large","max-video-preview":"max-video-preview:-1"},"canonical":"https:\/\/egytourpackages.com\/es\/tours\/mejores-excursiones-en-luxor-tour-de-un-dia-a-dendera-y-abydos\/","og_locale":"es_ES","og_type":"article","og_title":"Mejores Excursiones en Luxor: Tour de un D\u00eda a Dendera y Abydos","og_description":"Mejores Excursiones en Luxor: Tour de un D\u00eda a Dendera y Abydos. Visita el Templo de Hathor y el Templo de Seti I. \u00a1Viaje privado!","og_url":"https:\/\/egytourpackages.com\/es\/tours\/mejores-excursiones-en-luxor-tour-de-un-dia-a-dendera-y-abydos\/","og_site_name":"Egypt Tour Packages","article_publisher":"https:\/\/www.facebook.com\/egytourpackages","article_modified_time":"2026-01-09T11:58:26+00:00","og_image":[{"url":"https:\/\/egytourpackages.com\/wp-content\/uploads\/2023\/08\/Dendera-temple-Qena-1024x768.jpg","type":"","width":"","height":""}],"twitter_card":"summary_large_image","twitter_title":"Mejores Excursiones en Luxor: Tour de un D\u00eda a Dendera y Abydos","twitter_description":"Mejores Excursiones en Luxor: Tour de un D\u00eda a Dendera y Abydos. Visita el Templo de Hathor y el Templo de Seti I. \u00a1Viaje privado!","twitter_image":"https:\/\/egytourpackages.com\/wp-content\/uploads\/2023\/08\/Dendera-temple-Qena-1024x768.jpg","twitter_misc":{"Precio":"&euro;100","Disponibilidad":"Disponible"},"schema":{"@context":"https:\/\/schema.org","@graph":[{"@type":"WebPage","@id":"https:\/\/egytourpackages.com\/es\/tours\/mejores-excursiones-en-luxor-tour-de-un-dia-a-dendera-y-abydos\/","url":"https:\/\/egytourpackages.com\/es\/tours\/mejores-excursiones-en-luxor-tour-de-un-dia-a-dendera-y-abydos\/","name":"Mejores Excursiones en Luxor: Tour de un D\u00eda a Dendera y Abydos","isPartOf":{"@id":"https:\/\/egytourpackages.com\/es\/#website"},"primaryImageOfPage":{"@id":"https:\/\/egytourpackages.com\/es\/tours\/mejores-excursiones-en-luxor-tour-de-un-dia-a-dendera-y-abydos\/#primaryimage"},"image":{"@id":"https:\/\/egytourpackages.com\/es\/tours\/mejores-excursiones-en-luxor-tour-de-un-dia-a-dendera-y-abydos\/#primaryimage"},"thumbnailUrl":"https:\/\/egytourpackages.com\/wp-content\/uploads\/2023\/08\/Dendera-temple-Qena.jpg","datePublished":"2023-08-25T13:03:52+00:00","dateModified":"2026-01-09T11:58:26+00:00","description":"Mejores Excursiones en Luxor: Tour de un D\u00eda a Dendera y Abydos. Visita el Templo de Hathor y el Templo de Seti I. \u00a1Viaje privado!","breadcrumb":{"@id":"https:\/\/egytourpackages.com\/es\/tours\/mejores-excursiones-en-luxor-tour-de-un-dia-a-dendera-y-abydos\/#breadcrumb"},"inLanguage":"es","potentialAction":[{"@type":"ReadAction","target":["https:\/\/egytourpackages.com\/es\/tours\/mejores-excursiones-en-luxor-tour-de-un-dia-a-dendera-y-abydos\/"]}]},{"@type":"ImageObject","inLanguage":"es","@id":"https:\/\/egytourpackages.com\/es\/tours\/mejores-excursiones-en-luxor-tour-de-un-dia-a-dendera-y-abydos\/#primaryimage","url":"https:\/\/egytourpackages.com\/wp-content\/uploads\/2023\/08\/Dendera-temple-Qena.jpg","contentUrl":"https:\/\/egytourpackages.com\/wp-content\/uploads\/2023\/08\/Dendera-temple-Qena.jpg","width":2000,"height":1500,"caption":"Templo de Dendera, Qena"},{"@type":"BreadcrumbList","@id":"https:\/\/egytourpackages.com\/es\/tours\/mejores-excursiones-en-luxor-tour-de-un-dia-a-dendera-y-abydos\/#breadcrumb","itemListElement":[{"@type":"ListItem","position":1,"name":"Home","item":"https:\/\/egytourpackages.com\/es\/paquetes-de-viaje-a-egipto\/"},{"@type":"ListItem","position":2,"name":"Shop","item":"https:\/\/egytourpackages.com\/shop\/"},{"@type":"ListItem","position":3,"name":"Mejores Excursiones en Luxor: Tour de un D\u00eda a Dendera y Abydos"}]},{"@type":"WebSite","@id":"https:\/\/egytourpackages.com\/es\/#website","url":"https:\/\/egytourpackages.com\/es\/","name":"Egy tour packages","description":"","publisher":{"@id":"https:\/\/egytourpackages.com\/es\/#organization"},"potentialAction":[{"@type":"SearchAction","target":{"@type":"EntryPoint","urlTemplate":"https:\/\/egytourpackages.com\/es\/?s={search_term_string}"},"query-input":{"@type":"PropertyValueSpecification","valueRequired":true,"valueName":"search_term_string"}}],"inLanguage":"es"},{"@type":["Organization","Place","TravelAgency"],"@id":"https:\/\/egytourpackages.com\/es\/#organization","name":"egypt tour packages","alternateName":"egypt tour packages","url":"https:\/\/egytourpackages.com\/es\/","logo":{"@id":"https:\/\/egytourpackages.com\/es\/tours\/mejores-excursiones-en-luxor-tour-de-un-dia-a-dendera-y-abydos\/#local-main-organization-logo"},"image":{"@id":"https:\/\/egytourpackages.com\/es\/tours\/mejores-excursiones-en-luxor-tour-de-un-dia-a-dendera-y-abydos\/#local-main-organization-logo"},"sameAs":["https:\/\/www.facebook.com\/egytourpackages"],"legalName":"Egy tour packages","address":{"@id":"https:\/\/egytourpackages.com\/es\/tours\/mejores-excursiones-en-luxor-tour-de-un-dia-a-dendera-y-abydos\/#local-main-place-address"},"telephone":["00201000852186","00201028685533"],"contactPoint":{"@type":"ContactPoint","telephone":"00201000852186"},"openingHoursSpecification":[{"@type":"OpeningHoursSpecification","dayOfWeek":["Monday","Tuesday","Wednesday","Thursday","Friday","Saturday","Sunday"],"opens":"00:00","closes":"23:59"}],"email":"info@egytourpackages.com","areaServed":"Cairo, Hurghada, Luxor, Sharm El Sheikh, Marsa Alam, Aswan","priceRange":"$","currenciesAccepted":"euro","paymentAccepted":"Payment links online"},{"@type":"PostalAddress","@id":"https:\/\/egytourpackages.com\/es\/tours\/mejores-excursiones-en-luxor-tour-de-un-dia-a-dendera-y-abydos\/#local-main-place-address","streetAddress":"Mubarak 8, Al Kawthar District, Hurghada","addressLocality":"Hurghada","postalCode":"84511","addressRegion":"Red Sea","addressCountry":"EG"},{"@type":"ImageObject","inLanguage":"es","@id":"https:\/\/egytourpackages.com\/es\/tours\/mejores-excursiones-en-luxor-tour-de-un-dia-a-dendera-y-abydos\/#local-main-organization-logo","url":"https:\/\/egytourpackages.com\/wp-content\/uploads\/2025\/12\/Turquoise-Dahabiya-Nile-Cruise-1.jpeg","contentUrl":"https:\/\/egytourpackages.com\/wp-content\/uploads\/2025\/12\/Turquoise-Dahabiya-Nile-Cruise-1.jpeg","width":1040,"height":694,"caption":"egypt tour packages"}]},"product_brand":"Excursiones Egipto","product_price_amount":"100","product_price_currency":"EUR","og_availability":"instock","product_availability":"instock","product_retailer_item_id":"LDT01","product_condition":"new","geo.placename":"Hurghada","geo.region":"Egipto"},"_links":{"self":[{"href":"https:\/\/egytourpackages.com\/es\/wp-json\/wp\/v2\/product\/8697","targetHints":{"allow":["GET"]}}],"collection":[{"href":"https:\/\/egytourpackages.com\/es\/wp-json\/wp\/v2\/product"}],"about":[{"href":"https:\/\/egytourpackages.com\/es\/wp-json\/wp\/v2\/types\/product"}],"replies":[{"embeddable":true,"href":"https:\/\/egytourpackages.com\/es\/wp-json\/wp\/v2\/comments?post=8697"}],"wp:featuredmedia":[{"embeddable":true,"href":"https:\/\/egytourpackages.com\/es\/wp-json\/wp\/v2\/media\/8698"}],"wp:attachment":[{"href":"https:\/\/egytourpackages.com\/es\/wp-json\/wp\/v2\/media?parent=8697"}],"wp:term":[{"taxonomy":"product_brand","embeddable":true,"href":"https:\/\/egytourpackages.com\/es\/wp-json\/wp\/v2\/product_brand?post=8697"},{"taxonomy":"product_cat","embeddable":true,"href":"https:\/\/egytourpackages.com\/es\/wp-json\/wp\/v2\/product_cat?post=8697"},{"taxonomy":"product_tag","embeddable":true,"href":"https:\/\/egytourpackages.com\/es\/wp-json\/wp\/v2\/product_tag?post=8697"}],"curies":[{"name":"wp","href":"https:\/\/api.w.org\/{rel}","templated":true}]}}