{"id":8699,"date":"2023-08-25T15:34:23","date_gmt":"2023-08-25T15:34:23","guid":{"rendered":"https:\/\/egytourpackages.com\/product\/tour-privado-al-templo-de-karnak-desde-luxor\/"},"modified":"2026-01-09T11:59:00","modified_gmt":"2026-01-09T11:59:00","slug":"tour-privado-al-templo-de-karnak-desde-luxor","status":"publish","type":"product","link":"https:\/\/egytourpackages.com\/es\/tours\/tour-privado-al-templo-de-karnak-desde-luxor\/","title":{"rendered":"Tour Privado al Templo de Karnak desde Luxor"},"content":{"rendered":"<p><span style=\"color: #ff6600;\"><strong>Tour Privado al Templo de Karnak desde Luxor<\/strong><\/span><\/p>\n<p>El <strong>tour privado al Templo de Karnak desde Luxor<\/strong> es una manera maravillosa de experimentar la <strong>arquitectura del antiguo Egipto<\/strong> durante los <strong>tours de un d\u00eda en Luxor<\/strong>. Adem\u00e1s, aprender\u00e1 sobre los <strong>Dioses del antiguo Egipto<\/strong>, la <strong>Mitolog\u00eda<\/strong> y la <strong>Religi\u00f3n del antiguo Egipto<\/strong> con <strong>tours en Egipto<\/strong>. Mientras tanto, conocer\u00e1 a los grandes <strong>Faraones del antiguo Egipto<\/strong> como <strong>Rams\u00e9s el Grande<\/strong>, <strong>Tutmosis III<\/strong>, <strong>Tutankam\u00f3n<\/strong>, <strong>Seti I<\/strong>, <strong>Hatshepsut<\/strong> y <strong>Amenhotep III<\/strong>. Adem\u00e1s, el templo fue dedicado a <strong>Am\u00f3n<\/strong>, su esposa <strong>Mut<\/strong> y su <strong>hijo Khonsu<\/strong> en nuestros <strong>tours de un d\u00eda en Egipto<\/strong>.<\/p>\n<h3><span style=\"color: #ff6600;\">Detalles Esenciales del Tour Privado<\/span><\/h3>\n<ul>\n<li>Duraci\u00f3n: <strong>Medio D\u00eda<\/strong><\/li>\n<li>Ubicaci\u00f3n del Tour: Ribera Este de Luxor<\/li>\n<li>Disponibilidad del Tour: Todos los d\u00edas<\/li>\n<li>Recogida y Devoluci\u00f3n: Su Hotel en Luxor o Crucero por el Nilo<\/li>\n<li>Tipo de Tour: Privado<\/li>\n<li>Idioma: Espa\u00f1ol<\/li>\n<li>Silla de Ruedas: Accesible<\/li>\n<\/ul>\n<h3><span style=\"color: #ff6600;\">Puntos Destacados Hist\u00f3ricos<\/span><\/h3>\n<ul>\n<li>Complejo del Templo de Karnak<\/li>\n<\/ul>\n<h3><span style=\"color: #ff6600;\">Inclusiones del Tour<\/span><\/h3>\n<ul>\n<li>Traslado de ida y vuelta con veh\u00edculo privado nuevo<\/li>\n<li><strong>Gu\u00eda Egipt\u00f3logo experto que habla Espa\u00f1ol<\/strong><\/li>\n<li>Tarifa de entrada para el Templo de Karnak<\/li>\n<\/ul>\n<h3><span style=\"color: #ff6600;\">Exclusiones<\/span><\/h3>\n<ul>\n<li>Propinas<\/li>\n<\/ul>\n<h3><span style=\"color: #ff6600;\">Qu\u00e9 Empacar<\/span><\/h3>\n<p>Sombrero, Gafas de sol y Protector solar<\/p>\n<p>Zapatos y ropa c\u00f3modos<\/p>\n<h2><span style=\"color: #ff6600;\">Itinerario<\/span><\/h2>\n<p>A la hora acordada, su <strong>gu\u00eda egipt\u00f3logo privado<\/strong> lo recibir\u00e1 en el vest\u00edbulo de su hotel en Luxor, listo para comenzar su inolvidable <strong>tour de un d\u00eda en Luxor<\/strong> al <strong>Complejo del Templo de Karnak<\/strong>, una de las <strong>mejores cosas que hacer en Luxor<\/strong>.<\/p>\n<p>Este extenso <strong>templo del antiguo Egipto<\/strong>, a menudo denominado el sitio religioso m\u00e1s grande del mundo, ofrece una visi\u00f3n inigualable de la <strong>civilizaci\u00f3n del antiguo Egipto<\/strong> y la <strong>historia del antiguo Egipto<\/strong>. Su <strong>gu\u00eda experto<\/strong> lo llevar\u00e1 a un completo <strong>tour por el Templo de Karnak<\/strong>, destacando \u00e1reas clave dentro de este monumental <strong>sitio Patrimonio de la Humanidad por la UNESCO<\/strong>.<\/p>\n<p>Caminar\u00e1 por la hist\u00f3rica <strong>Avenida de las Esfinges<\/strong>, se maravillar\u00e1 con el imponente <strong>Primer Pil\u00f3n de Nectanebo I<\/strong> y explorar\u00e1 la exquisitamente conservada <strong>Capilla de la Barca de Seti II<\/strong>.<\/p>\n<p>Adem\u00e1s, descubrir\u00e1 la singular <strong>Capilla Roja de Hatshepsut<\/strong> y la elegante <strong>Capilla Blanca de Senusret I<\/strong>. Sum\u00e9rjase en la grandeza del <strong>Templo de Rams\u00e9s III<\/strong> y la impresionante <strong>Sala de Fiestas de Tutmosis III<\/strong>. Prep\u00e1rese para quedar asombrado por la magnitud de la <strong>Gran Sala Hip\u00f3stila<\/strong>, con su bosque de colosales columnas.<\/p>\n<p>Adem\u00e1s, su <strong>tour privado<\/strong> incluir\u00e1 visitas al sagrado <strong>Templo de Ptah<\/strong>, la <strong>Capilla de Sejmet<\/strong> y el sereno <strong>Templo de Khonsu<\/strong>. Aprenda sobre los importantes <strong>festivales en el antiguo Egipto<\/strong>, incluido el famoso <strong>Festival de Opet<\/strong>.<\/p>\n<p>Sea testigo del majestuoso <strong>Obelisco de Hatshepsut<\/strong>, medite junto al m\u00edstico <strong>Lago Sagrado<\/strong> y toque la venerada <strong>estatua del Gran Escarabajo<\/strong> para la buena suerte. Tambi\u00e9n explorar\u00e1 la antigua <strong>Capilla de Osiris<\/strong> y el intrigante <strong>Jard\u00edn Bot\u00e1nico de Tutmosis III<\/strong>.<\/p>\n<p>Al concluir su inmersivo <strong>tour tur\u00edstico por Karnak<\/strong>, su veh\u00edculo privado lo trasladar\u00e1 c\u00f3modamente de regreso a su hotel en Luxor, marcando el final de su incre\u00edble viaje a trav\u00e9s de la <strong>antigua Tebas<\/strong>.<\/p>\n<h3><span style=\"color: #ff6600;\">Precio del Tour Privado al Templo de Karnak desde Luxor<\/span><\/h3>\n<ul>\n<li>Precio Adulto = 40 \u20ac<\/li>\n<li>Ni\u00f1os 0-5 a\u00f1os = gratis<\/li>\n<li>Ni\u00f1os 5 -11 a\u00f1os = 50% del precio adulto<\/li>\n<\/ul>\n<h3><span style=\"color: #ff6600;\">Reserva y Pago<\/span><\/h3>\n<ul>\n<li><strong>Reserva<\/strong> Puede reservar su tour v\u00eda WhatsApp o enviarnos un E-mail y recibir\u00e1 la confirmaci\u00f3n al instante.<\/li>\n<li>Por favor, env\u00edenos el nombre de su hotel, el n\u00famero de habitaci\u00f3n y copias de su pasaporte<\/li>\n<\/ul>\n<p>WhatsApp: +201000852186<\/p>\n<h3><span style=\"color: #ff6600;\"><strong>info@egytourpackages.com<\/strong><\/span><\/h3>\n<h3><span style=\"color: #ff6600;\"><strong>Reserve Ahora y Pague en el lugar<\/strong><\/span><\/h3>\n<p>Reserve su tour favorito y pague el d\u00eda del viaje<\/p>\n<h3><span style=\"color: #ff6600;\">Pago<\/span><\/h3>\n<p>Puede pagar en libras egipcias, $, \u20ac\u200e o \u00a3.<\/p>\n<h3><span style=\"color: #ff6600;\">Pol\u00edtica de Cancelaci\u00f3n<\/span><\/h3>\n<ul>\n<li>La cancelaci\u00f3n es gratuita hasta con 24 horas de antelaci\u00f3n<\/li>\n<li>La cancelaci\u00f3n por la ma\u00f1ana es el 50% del precio<\/li>\n<\/ul>\n","protected":false},"excerpt":{"rendered":"<p>Tour Privado al Templo de Karnak desde Luxor. Explora el mayor complejo religioso de Egipto. \u00a1Gu\u00eda egipt\u00f3logo y traslados incluidos!<\/p>\n","protected":false},"featured_media":8700,"comment_status":"open","ping_status":"closed","template":"","meta":[],"product_brand":[],"product_cat":[3128],"product_tag":[3813,3188,3412],"class_list":{"0":"post-8699","1":"product","2":"type-product","3":"status-publish","4":"has-post-thumbnail","6":"product_cat-tours","7":"product_tag-excursiones-de-un-dia-a-luxor","8":"product_tag-excursiones-egipto","9":"product_tag-templo-de-karnak","10":"tour_category-excursiones-egipto-es","11":"tour_category-excursiones-en-luxor-es","13":"first","14":"instock","15":"sale","16":"shipping-taxable","17":"purchasable","18":"product-type-tour","19":"has-default-attributes"},"yoast_head":"<!-- This site is optimized with the Yoast SEO Premium plugin v27.4 (Yoast SEO v27.4) - https:\/\/yoast.com\/product\/yoast-seo-premium-wordpress\/ -->\n<title>Tour Privado al Templo de Karnak desde Luxor<\/title>\n<meta name=\"description\" content=\"Tour Privado al Templo de Karnak desde Luxor. Explora el mayor complejo religioso de Egipto. \u00a1Gu\u00eda egipt\u00f3logo y traslados incluidos!\" \/>\n<meta name=\"robots\" content=\"index, follow, max-snippet:-1, max-image-preview:large, max-video-preview:-1\" \/>\n<link rel=\"canonical\" href=\"https:\/\/egytourpackages.com\/es\/tours\/tour-privado-al-templo-de-karnak-desde-luxor\/\" \/>\n<meta property=\"og:locale\" content=\"es_ES\" \/>\n<meta property=\"og:type\" content=\"article\" \/>\n<meta property=\"og:title\" content=\"Tour Privado al Templo de Karnak desde Luxor\" \/>\n<meta property=\"og:description\" content=\"Tour Privado al Templo de Karnak desde Luxor. Explora el mayor complejo religioso de Egipto. \u00a1Gu\u00eda egipt\u00f3logo y traslados incluidos!\" \/>\n<meta property=\"og:url\" content=\"https:\/\/egytourpackages.com\/es\/tours\/tour-privado-al-templo-de-karnak-desde-luxor\/\" \/>\n<meta property=\"og:site_name\" content=\"Egypt Tour Packages\" \/>\n<meta property=\"article:publisher\" content=\"https:\/\/www.facebook.com\/egytourpackages\" \/>\n<meta property=\"article:modified_time\" content=\"2026-01-09T11:59:00+00:00\" \/>\n<meta property=\"og:image\" content=\"https:\/\/egytourpackages.com\/wp-content\/uploads\/2023\/08\/Karnak-Temple-Complex-1024x682.jpg\" \/>\n<meta name=\"twitter:card\" content=\"summary_large_image\" \/>\n<meta name=\"twitter:title\" content=\"Tour Privado al Templo de Karnak desde Luxor\" \/>\n<meta name=\"twitter:description\" content=\"Tour Privado al Templo de Karnak desde Luxor. Explora el mayor complejo religioso de Egipto. \u00a1Gu\u00eda egipt\u00f3logo y traslados incluidos!\" \/>\n<meta name=\"twitter:image\" content=\"https:\/\/egytourpackages.com\/wp-content\/uploads\/2023\/08\/Karnak-Temple-Complex-1024x682.jpg\" \/>\n<meta name=\"twitter:label1\" content=\"Precio\" \/>\n\t<meta name=\"twitter:data1\" content=\"&euro;40\" \/>\n\t<meta name=\"twitter:label2\" content=\"Disponibilidad\" \/>\n\t<meta name=\"twitter:data2\" content=\"Disponible\" \/>\n<script type=\"application\/ld+json\" class=\"yoast-schema-graph\">{\"@context\":\"https:\\\/\\\/schema.org\",\"@graph\":[{\"@type\":\"WebPage\",\"@id\":\"https:\\\/\\\/egytourpackages.com\\\/es\\\/tours\\\/tour-privado-al-templo-de-karnak-desde-luxor\\\/\",\"url\":\"https:\\\/\\\/egytourpackages.com\\\/es\\\/tours\\\/tour-privado-al-templo-de-karnak-desde-luxor\\\/\",\"name\":\"Tour Privado al Templo de Karnak desde Luxor\",\"isPartOf\":{\"@id\":\"https:\\\/\\\/egytourpackages.com\\\/es\\\/#website\"},\"primaryImageOfPage\":{\"@id\":\"https:\\\/\\\/egytourpackages.com\\\/es\\\/tours\\\/tour-privado-al-templo-de-karnak-desde-luxor\\\/#primaryimage\"},\"image\":{\"@id\":\"https:\\\/\\\/egytourpackages.com\\\/es\\\/tours\\\/tour-privado-al-templo-de-karnak-desde-luxor\\\/#primaryimage\"},\"thumbnailUrl\":\"https:\\\/\\\/egytourpackages.com\\\/wp-content\\\/uploads\\\/2023\\\/08\\\/Karnak-Temple-Complex.jpg\",\"datePublished\":\"2023-08-25T15:34:23+00:00\",\"dateModified\":\"2026-01-09T11:59:00+00:00\",\"description\":\"Tour Privado al Templo de Karnak desde Luxor. Explora el mayor complejo religioso de Egipto. \u00a1Gu\u00eda egipt\u00f3logo y traslados incluidos!\",\"breadcrumb\":{\"@id\":\"https:\\\/\\\/egytourpackages.com\\\/es\\\/tours\\\/tour-privado-al-templo-de-karnak-desde-luxor\\\/#breadcrumb\"},\"inLanguage\":\"es\",\"potentialAction\":[{\"@type\":\"ReadAction\",\"target\":[\"https:\\\/\\\/egytourpackages.com\\\/es\\\/tours\\\/tour-privado-al-templo-de-karnak-desde-luxor\\\/\"]}]},{\"@type\":\"ImageObject\",\"inLanguage\":\"es\",\"@id\":\"https:\\\/\\\/egytourpackages.com\\\/es\\\/tours\\\/tour-privado-al-templo-de-karnak-desde-luxor\\\/#primaryimage\",\"url\":\"https:\\\/\\\/egytourpackages.com\\\/wp-content\\\/uploads\\\/2023\\\/08\\\/Karnak-Temple-Complex.jpg\",\"contentUrl\":\"https:\\\/\\\/egytourpackages.com\\\/wp-content\\\/uploads\\\/2023\\\/08\\\/Karnak-Temple-Complex.jpg\",\"width\":2000,\"height\":1333,\"caption\":\"Complejo del templo de Karnak\"},{\"@type\":\"BreadcrumbList\",\"@id\":\"https:\\\/\\\/egytourpackages.com\\\/es\\\/tours\\\/tour-privado-al-templo-de-karnak-desde-luxor\\\/#breadcrumb\",\"itemListElement\":[{\"@type\":\"ListItem\",\"position\":1,\"name\":\"Home\",\"item\":\"https:\\\/\\\/egytourpackages.com\\\/es\\\/paquetes-de-viaje-a-egipto\\\/\"},{\"@type\":\"ListItem\",\"position\":2,\"name\":\"Shop\",\"item\":\"https:\\\/\\\/egytourpackages.com\\\/shop\\\/\"},{\"@type\":\"ListItem\",\"position\":3,\"name\":\"Tour Privado al Templo de Karnak desde Luxor\"}]},{\"@type\":\"WebSite\",\"@id\":\"https:\\\/\\\/egytourpackages.com\\\/es\\\/#website\",\"url\":\"https:\\\/\\\/egytourpackages.com\\\/es\\\/\",\"name\":\"Egy tour packages\",\"description\":\"\",\"publisher\":{\"@id\":\"https:\\\/\\\/egytourpackages.com\\\/es\\\/#organization\"},\"potentialAction\":[{\"@type\":\"SearchAction\",\"target\":{\"@type\":\"EntryPoint\",\"urlTemplate\":\"https:\\\/\\\/egytourpackages.com\\\/es\\\/?s={search_term_string}\"},\"query-input\":{\"@type\":\"PropertyValueSpecification\",\"valueRequired\":true,\"valueName\":\"search_term_string\"}}],\"inLanguage\":\"es\"},{\"@type\":[\"Organization\",\"Place\",\"TravelAgency\"],\"@id\":\"https:\\\/\\\/egytourpackages.com\\\/es\\\/#organization\",\"name\":\"egypt tour packages\",\"alternateName\":\"egypt tour packages\",\"url\":\"https:\\\/\\\/egytourpackages.com\\\/es\\\/\",\"logo\":{\"@id\":\"https:\\\/\\\/egytourpackages.com\\\/es\\\/tours\\\/tour-privado-al-templo-de-karnak-desde-luxor\\\/#local-main-organization-logo\"},\"image\":{\"@id\":\"https:\\\/\\\/egytourpackages.com\\\/es\\\/tours\\\/tour-privado-al-templo-de-karnak-desde-luxor\\\/#local-main-organization-logo\"},\"sameAs\":[\"https:\\\/\\\/www.facebook.com\\\/egytourpackages\"],\"legalName\":\"Egy tour packages\",\"address\":{\"@id\":\"https:\\\/\\\/egytourpackages.com\\\/es\\\/tours\\\/tour-privado-al-templo-de-karnak-desde-luxor\\\/#local-main-place-address\"},\"telephone\":[\"00201000852186\",\"00201028685533\"],\"contactPoint\":{\"@type\":\"ContactPoint\",\"telephone\":\"00201000852186\"},\"openingHoursSpecification\":[{\"@type\":\"OpeningHoursSpecification\",\"dayOfWeek\":[\"Monday\",\"Tuesday\",\"Wednesday\",\"Thursday\",\"Friday\",\"Saturday\",\"Sunday\"],\"opens\":\"00:00\",\"closes\":\"23:59\"}],\"email\":\"info@egytourpackages.com\",\"areaServed\":\"Cairo, Hurghada, Luxor, Sharm El Sheikh, Marsa Alam, Aswan\",\"priceRange\":\"$\",\"currenciesAccepted\":\"euro\",\"paymentAccepted\":\"Payment links online\"},{\"@type\":\"PostalAddress\",\"@id\":\"https:\\\/\\\/egytourpackages.com\\\/es\\\/tours\\\/tour-privado-al-templo-de-karnak-desde-luxor\\\/#local-main-place-address\",\"streetAddress\":\"Mubarak 8, Al Kawthar District, Hurghada\",\"addressLocality\":\"Hurghada\",\"postalCode\":\"84511\",\"addressRegion\":\"Red Sea\",\"addressCountry\":\"EG\"},{\"@type\":\"ImageObject\",\"inLanguage\":\"es\",\"@id\":\"https:\\\/\\\/egytourpackages.com\\\/es\\\/tours\\\/tour-privado-al-templo-de-karnak-desde-luxor\\\/#local-main-organization-logo\",\"url\":\"https:\\\/\\\/egytourpackages.com\\\/wp-content\\\/uploads\\\/2025\\\/12\\\/Turquoise-Dahabiya-Nile-Cruise-1.jpeg\",\"contentUrl\":\"https:\\\/\\\/egytourpackages.com\\\/wp-content\\\/uploads\\\/2025\\\/12\\\/Turquoise-Dahabiya-Nile-Cruise-1.jpeg\",\"width\":1040,\"height\":694,\"caption\":\"egypt tour packages\"}]}<\/script>\n<meta property=\"product:brand\" content=\"Excursiones Egipto\" \/>\n<meta property=\"product:price:amount\" content=\"40\" \/>\n<meta property=\"product:price:currency\" content=\"EUR\" \/>\n<meta property=\"og:availability\" content=\"instock\" \/>\n<meta property=\"product:availability\" content=\"instock\" \/>\n<meta property=\"product:retailer_item_id\" content=\"LDT02\" \/>\n<meta property=\"product:condition\" content=\"new\" \/>\n<meta name=\"geo.placename\" content=\"Hurghada\" \/>\n<meta name=\"geo.region\" content=\"Egipto\" \/>\n<!-- \/ Yoast SEO Premium plugin. -->","yoast_head_json":{"title":"Tour Privado al Templo de Karnak desde Luxor","description":"Tour Privado al Templo de Karnak desde Luxor. Explora el mayor complejo religioso de Egipto. \u00a1Gu\u00eda egipt\u00f3logo y traslados incluidos!","robots":{"index":"index","follow":"follow","max-snippet":"max-snippet:-1","max-image-preview":"max-image-preview:large","max-video-preview":"max-video-preview:-1"},"canonical":"https:\/\/egytourpackages.com\/es\/tours\/tour-privado-al-templo-de-karnak-desde-luxor\/","og_locale":"es_ES","og_type":"article","og_title":"Tour Privado al Templo de Karnak desde Luxor","og_description":"Tour Privado al Templo de Karnak desde Luxor. Explora el mayor complejo religioso de Egipto. \u00a1Gu\u00eda egipt\u00f3logo y traslados incluidos!","og_url":"https:\/\/egytourpackages.com\/es\/tours\/tour-privado-al-templo-de-karnak-desde-luxor\/","og_site_name":"Egypt Tour Packages","article_publisher":"https:\/\/www.facebook.com\/egytourpackages","article_modified_time":"2026-01-09T11:59:00+00:00","og_image":[{"url":"https:\/\/egytourpackages.com\/wp-content\/uploads\/2023\/08\/Karnak-Temple-Complex-1024x682.jpg","type":"","width":"","height":""}],"twitter_card":"summary_large_image","twitter_title":"Tour Privado al Templo de Karnak desde Luxor","twitter_description":"Tour Privado al Templo de Karnak desde Luxor. Explora el mayor complejo religioso de Egipto. \u00a1Gu\u00eda egipt\u00f3logo y traslados incluidos!","twitter_image":"https:\/\/egytourpackages.com\/wp-content\/uploads\/2023\/08\/Karnak-Temple-Complex-1024x682.jpg","twitter_misc":{"Precio":"&euro;40","Disponibilidad":"Disponible"},"schema":{"@context":"https:\/\/schema.org","@graph":[{"@type":"WebPage","@id":"https:\/\/egytourpackages.com\/es\/tours\/tour-privado-al-templo-de-karnak-desde-luxor\/","url":"https:\/\/egytourpackages.com\/es\/tours\/tour-privado-al-templo-de-karnak-desde-luxor\/","name":"Tour Privado al Templo de Karnak desde Luxor","isPartOf":{"@id":"https:\/\/egytourpackages.com\/es\/#website"},"primaryImageOfPage":{"@id":"https:\/\/egytourpackages.com\/es\/tours\/tour-privado-al-templo-de-karnak-desde-luxor\/#primaryimage"},"image":{"@id":"https:\/\/egytourpackages.com\/es\/tours\/tour-privado-al-templo-de-karnak-desde-luxor\/#primaryimage"},"thumbnailUrl":"https:\/\/egytourpackages.com\/wp-content\/uploads\/2023\/08\/Karnak-Temple-Complex.jpg","datePublished":"2023-08-25T15:34:23+00:00","dateModified":"2026-01-09T11:59:00+00:00","description":"Tour Privado al Templo de Karnak desde Luxor. Explora el mayor complejo religioso de Egipto. \u00a1Gu\u00eda egipt\u00f3logo y traslados incluidos!","breadcrumb":{"@id":"https:\/\/egytourpackages.com\/es\/tours\/tour-privado-al-templo-de-karnak-desde-luxor\/#breadcrumb"},"inLanguage":"es","potentialAction":[{"@type":"ReadAction","target":["https:\/\/egytourpackages.com\/es\/tours\/tour-privado-al-templo-de-karnak-desde-luxor\/"]}]},{"@type":"ImageObject","inLanguage":"es","@id":"https:\/\/egytourpackages.com\/es\/tours\/tour-privado-al-templo-de-karnak-desde-luxor\/#primaryimage","url":"https:\/\/egytourpackages.com\/wp-content\/uploads\/2023\/08\/Karnak-Temple-Complex.jpg","contentUrl":"https:\/\/egytourpackages.com\/wp-content\/uploads\/2023\/08\/Karnak-Temple-Complex.jpg","width":2000,"height":1333,"caption":"Complejo del templo de Karnak"},{"@type":"BreadcrumbList","@id":"https:\/\/egytourpackages.com\/es\/tours\/tour-privado-al-templo-de-karnak-desde-luxor\/#breadcrumb","itemListElement":[{"@type":"ListItem","position":1,"name":"Home","item":"https:\/\/egytourpackages.com\/es\/paquetes-de-viaje-a-egipto\/"},{"@type":"ListItem","position":2,"name":"Shop","item":"https:\/\/egytourpackages.com\/shop\/"},{"@type":"ListItem","position":3,"name":"Tour Privado al Templo de Karnak desde Luxor"}]},{"@type":"WebSite","@id":"https:\/\/egytourpackages.com\/es\/#website","url":"https:\/\/egytourpackages.com\/es\/","name":"Egy tour packages","description":"","publisher":{"@id":"https:\/\/egytourpackages.com\/es\/#organization"},"potentialAction":[{"@type":"SearchAction","target":{"@type":"EntryPoint","urlTemplate":"https:\/\/egytourpackages.com\/es\/?s={search_term_string}"},"query-input":{"@type":"PropertyValueSpecification","valueRequired":true,"valueName":"search_term_string"}}],"inLanguage":"es"},{"@type":["Organization","Place","TravelAgency"],"@id":"https:\/\/egytourpackages.com\/es\/#organization","name":"egypt tour packages","alternateName":"egypt tour packages","url":"https:\/\/egytourpackages.com\/es\/","logo":{"@id":"https:\/\/egytourpackages.com\/es\/tours\/tour-privado-al-templo-de-karnak-desde-luxor\/#local-main-organization-logo"},"image":{"@id":"https:\/\/egytourpackages.com\/es\/tours\/tour-privado-al-templo-de-karnak-desde-luxor\/#local-main-organization-logo"},"sameAs":["https:\/\/www.facebook.com\/egytourpackages"],"legalName":"Egy tour packages","address":{"@id":"https:\/\/egytourpackages.com\/es\/tours\/tour-privado-al-templo-de-karnak-desde-luxor\/#local-main-place-address"},"telephone":["00201000852186","00201028685533"],"contactPoint":{"@type":"ContactPoint","telephone":"00201000852186"},"openingHoursSpecification":[{"@type":"OpeningHoursSpecification","dayOfWeek":["Monday","Tuesday","Wednesday","Thursday","Friday","Saturday","Sunday"],"opens":"00:00","closes":"23:59"}],"email":"info@egytourpackages.com","areaServed":"Cairo, Hurghada, Luxor, Sharm El Sheikh, Marsa Alam, Aswan","priceRange":"$","currenciesAccepted":"euro","paymentAccepted":"Payment links online"},{"@type":"PostalAddress","@id":"https:\/\/egytourpackages.com\/es\/tours\/tour-privado-al-templo-de-karnak-desde-luxor\/#local-main-place-address","streetAddress":"Mubarak 8, Al Kawthar District, Hurghada","addressLocality":"Hurghada","postalCode":"84511","addressRegion":"Red Sea","addressCountry":"EG"},{"@type":"ImageObject","inLanguage":"es","@id":"https:\/\/egytourpackages.com\/es\/tours\/tour-privado-al-templo-de-karnak-desde-luxor\/#local-main-organization-logo","url":"https:\/\/egytourpackages.com\/wp-content\/uploads\/2025\/12\/Turquoise-Dahabiya-Nile-Cruise-1.jpeg","contentUrl":"https:\/\/egytourpackages.com\/wp-content\/uploads\/2025\/12\/Turquoise-Dahabiya-Nile-Cruise-1.jpeg","width":1040,"height":694,"caption":"egypt tour packages"}]},"product_brand":"Excursiones Egipto","product_price_amount":"40","product_price_currency":"EUR","og_availability":"instock","product_availability":"instock","product_retailer_item_id":"LDT02","product_condition":"new","geo.placename":"Hurghada","geo.region":"Egipto"},"_links":{"self":[{"href":"https:\/\/egytourpackages.com\/es\/wp-json\/wp\/v2\/product\/8699","targetHints":{"allow":["GET"]}}],"collection":[{"href":"https:\/\/egytourpackages.com\/es\/wp-json\/wp\/v2\/product"}],"about":[{"href":"https:\/\/egytourpackages.com\/es\/wp-json\/wp\/v2\/types\/product"}],"replies":[{"embeddable":true,"href":"https:\/\/egytourpackages.com\/es\/wp-json\/wp\/v2\/comments?post=8699"}],"wp:featuredmedia":[{"embeddable":true,"href":"https:\/\/egytourpackages.com\/es\/wp-json\/wp\/v2\/media\/8700"}],"wp:attachment":[{"href":"https:\/\/egytourpackages.com\/es\/wp-json\/wp\/v2\/media?parent=8699"}],"wp:term":[{"taxonomy":"product_brand","embeddable":true,"href":"https:\/\/egytourpackages.com\/es\/wp-json\/wp\/v2\/product_brand?post=8699"},{"taxonomy":"product_cat","embeddable":true,"href":"https:\/\/egytourpackages.com\/es\/wp-json\/wp\/v2\/product_cat?post=8699"},{"taxonomy":"product_tag","embeddable":true,"href":"https:\/\/egytourpackages.com\/es\/wp-json\/wp\/v2\/product_tag?post=8699"}],"curies":[{"name":"wp","href":"https:\/\/api.w.org\/{rel}","templated":true}]}}