{"id":8701,"date":"2023-08-25T17:32:41","date_gmt":"2023-08-25T17:32:41","guid":{"rendered":"https:\/\/egytourpackages.com\/product\/tour-por-la-ribera-este-y-oeste-de-luxor\/"},"modified":"2026-01-09T11:59:36","modified_gmt":"2026-01-09T11:59:36","slug":"tour-por-la-ribera-este-y-oeste-de-luxor","status":"publish","type":"product","link":"https:\/\/egytourpackages.com\/es\/tours\/tour-por-la-ribera-este-y-oeste-de-luxor\/","title":{"rendered":"Tour por la Ribera Este y Oeste de Luxor"},"content":{"rendered":"<p><span style=\"color: #ff6600;\"><strong>Tour por la Ribera Este y Oeste de Luxor: Descubriendo el Antiguo Egipto<\/strong><\/span><\/p>\n<p>Reserve su <strong>tour por la Ribera Este y Oeste de Luxor<\/strong> y descubra la asombrosa <strong>Civilizaci\u00f3n del Antiguo Egipto<\/strong> con <strong>tours en Egipto<\/strong>. Explore el <strong>Valle de los Reyes<\/strong>, incluida la <strong>tumba de Tutankam\u00f3n<\/strong>, el <strong>Templo Mortuorio de Hatshepsut<\/strong>, los <strong>Colosos de Memn\u00f3n<\/strong> y finalice con el <strong>Templo de Karnak<\/strong>. De hecho, aprender\u00e1 sobre la <strong>Religi\u00f3n del Antiguo Egipto<\/strong> a partir de los relieves en las paredes de los templos y tumbas en sus <strong>tours de un d\u00eda en Egipto<\/strong>.<\/p>\n<p>Tambi\u00e9n, sobre la <strong>agricultura en el antiguo Egipto<\/strong>, la <strong>M\u00fasica y la Danza<\/strong> y el <strong>Comercio<\/strong> con pa\u00edses extranjeros. Durante sus <strong>tours de un d\u00eda en Luxor<\/strong>, pasar\u00e1 por algunas atracciones que merecen una visita, como las <strong>Tumbas de los Nobles<\/strong>, <strong>Ramesseum<\/strong>, el <strong>Templo de Habu<\/strong> y el <strong>Valle de las Reinas<\/strong>.<\/p>\n<h3><span style=\"color: #ff6600;\">Detalles Esenciales del Tour Arqueol\u00f3gico<\/span><\/h3>\n<ul>\n<li>Duraci\u00f3n: 1 D\u00eda<\/li>\n<li>Ubicaci\u00f3n del Tour: Ribera Este de Luxor \/ Ribera Oeste de Luxor<\/li>\n<li>Disponibilidad del Tour: Todos los d\u00edas<\/li>\n<li>Recogida y Devoluci\u00f3n: Su Hotel en Luxor \/ Crucero por el Nilo<\/li>\n<li>Tipo de Tour: Privado<\/li>\n<li><strong>Idioma: Espa\u00f1ol<\/strong><\/li>\n<li>Silla de Ruedas: Accesible<\/li>\n<\/ul>\n<h3><span style=\"color: #ff6600;\">Puntos Destacados del Tour de Luxor<\/span><\/h3>\n<ul>\n<li>Templo de Karnak de Am\u00f3n<\/li>\n<li>Santuario de la Barca de Rams\u00e9s III<\/li>\n<li>Valle de los Reyes<\/li>\n<li>Templo Mortuorio de Hatshepsut<\/li>\n<li>Colosos de Memn\u00f3n<\/li>\n<\/ul>\n<h3><span style=\"color: #ff6600;\">Servicios Incluidos<\/span><\/h3>\n<ul>\n<li>Traslado de ida y vuelta con veh\u00edculo privado nuevo<\/li>\n<li><strong>Gu\u00eda experto que habla Espa\u00f1ol<\/strong><\/li>\n<li>Entrada a todos los lugares de inter\u00e9s<\/li>\n<li>Almuerzos en un restaurante local<\/li>\n<\/ul>\n<h3><span style=\"color: #ff6600;\">Exclusiones<\/span><\/h3>\n<ul>\n<li>Bebidas durante el almuerzo<\/li>\n<li>La entrada a la tumba de Tutankam\u00f3n, la tumba de Rams\u00e9s VI, la tumba de Seti I<\/li>\n<li>Propinas<\/li>\n<\/ul>\n<h3><span style=\"color: #ff6600;\">Qu\u00e9 Empacar<\/span><\/h3>\n<ul>\n<li>Sombrero, Gafas de sol y Protector solar<\/li>\n<li>Zapatos y ropa c\u00f3modos<\/li>\n<\/ul>\n<h2><span style=\"color: #ff6600;\">Itinerario<\/span><\/h2>\n<h3><span style=\"color: #ff6600;\">Tour Definitivo de D\u00eda Completo en Luxor: Explore las Maravillas de la Ribera Este y Oeste del Antiguo Luxor<\/span><\/h3>\n<p>Su bien planificado <strong>Tour por la Ribera Este y Oeste de Luxor<\/strong> comienza puntualmente despu\u00e9s de un delicioso desayuno en su hotel, mientras se dispone a descubrir las <strong>atracciones tur\u00edsticas de Luxor<\/strong> m\u00e1s ic\u00f3nicas. Comenzaremos nuestro viaje inmersivo en la hist\u00f3rica <strong>Ribera Oeste de Luxor<\/strong>, hogar de algunos de los tesoros arqueol\u00f3gicos m\u00e1s renombrados del mundo.<\/p>\n<h3><span style=\"color: #ff6600;\">Revelando los Secretos de la Ribera Oeste de Luxor<\/span><\/h3>\n<p>Nuestra primera parada en este incre\u00edble <strong>tour de un d\u00eda en Luxor<\/strong> es el legendario <strong>Valle de los Reyes<\/strong>, el lugar de descanso final de los <strong>Faraones<\/strong> m\u00e1s poderosos de <strong>Egipto<\/strong> del <strong>Reino Nuevo<\/strong> (Dinast\u00edas Decimoctava, Decimonovena y Vig\u00e9sima). Esta necr\u00f3polis sagrada alberga las tumbas de gobernantes famosos, incluida la legendaria <strong>tumba de Tutankam\u00f3n<\/strong>.<\/p>\n<p>Durante su visita guiada, tendr\u00e1 la oportunidad \u00fanica de explorar tres magn\u00edficas <strong>tumbas del antiguo Egipto<\/strong> (excluyendo la de Tutankam\u00f3n, que requiere un billete adicional), eligiendo entre sitios de entierro exquisitamente decorados como la <strong>tumba del Rey Rams\u00e9s V<\/strong>, la <strong>tumba del Rey Rams\u00e9s I<\/strong>, la <strong>tumba del Rey Rams\u00e9s X<\/strong>, la <strong>tumba del Rey Rams\u00e9s XI<\/strong>, y la impresionante <strong>tumba del Rey Rams\u00e9s III<\/strong>.<\/p>\n<p>Marav\u00edllese con los vibrantes jerogl\u00edficos y las intrincadas escenas que adornan las paredes, ilustrando las creencias funerarias del antiguo Egipto y los textos religiosos como el <strong>Libro de los Muertos<\/strong>, el <strong>Libro del D\u00eda<\/strong>, el <strong>Libro de la Noche<\/strong>, el <strong>Libro de la Vaca Celestial<\/strong>, el <strong>Libro de las Cavernas<\/strong> y el <strong>Libro de Imyduat<\/strong>.<\/p>\n<h3><span style=\"color: #ff6600;\">Templo de Hatshepsut<\/span><\/h3>\n<p>A continuaci\u00f3n, viajaremos al impresionante <strong>Templo Mortuorio de Hatshepsut<\/strong> en <strong>Deir el-Bahari<\/strong>. Esta <strong>obra maestra arquitect\u00f3nica<\/strong> proporciona una profunda visi\u00f3n del <strong>poderoso papel de las mujeres<\/strong> en el <strong>antiguo Egipto<\/strong> y ofrece un vistazo a la vida diaria a trav\u00e9s de sus cautivadores relieves murales.<\/p>\n<p>Su <strong>gu\u00eda egipt\u00f3logo experto<\/strong> iluminar\u00e1 fascinantes historias representadas dentro del templo, incluida la famosa <strong>Expedici\u00f3n de Punt<\/strong>, la m\u00edstica narrativa del <strong>Nacimiento Divino<\/strong> y la audaz haza\u00f1a de <strong>cortar los Obeliscos<\/strong>. Explore las hermosas capillas dentro del complejo del templo, como la <strong>Capilla de Hathor<\/strong>, la <strong>Capilla de Anubis<\/strong> y la <strong>Capilla de Am\u00f3n<\/strong>.<\/p>\n<p>Antes de concluir nuestra exploraci\u00f3n de la <strong>Ribera Oeste de Luxor<\/strong>, haremos una parada en los colosales <strong>Colosos de Memn\u00f3n<\/strong>. Estas dos estatuas masivas y alt\u00edsimas del <strong>Fara\u00f3n Amenhotep III<\/strong> alguna vez custodiaron la entrada a su gran templo mortuorio, ofreciendo una oportunidad fotogr\u00e1fica impactante y un poderoso recordatorio de la escala de la <strong>arquitectura del antiguo Egipto<\/strong>.<\/p>\n<h3><span style=\"color: #ff6600;\">Descubriendo la Majestad de la Ribera Este de Luxor<\/span><\/h3>\n<p>Despu\u00e9s de un merecido descanso para el almuerzo (no incluido, pero su gu\u00eda puede recomendar excelentes opciones locales), cruzaremos a la vibrante <strong>Ribera Este de Luxor<\/strong> para visitar uno de los complejos religiosos m\u00e1s grandes e imponentes del mundo, el <strong>Complejo del Templo de Karnak<\/strong>.<\/p>\n<p>De hecho, este templo est\u00e1 dedicado principalmente a la Tr\u00edada Tebana \u2013 el supremo <strong>dios del antiguo Egipto Am\u00f3n-Ra<\/strong>, su <strong>esposa la diosa Mut<\/strong>, y su <strong>hijo el dios Khonsu<\/strong> \u2013 <strong>Karnak<\/strong> es un extenso testamento al poder y la devoci\u00f3n de los <strong>Faraones<\/strong>.<\/p>\n<p>Su <strong>tour guiado privado<\/strong> del <strong>Templo de Karnak<\/strong> revelar\u00e1 incre\u00edbles conocimientos sobre los <strong>Faraones del antiguo Egipto<\/strong> y sus contribuciones, bellamente representados en el extenso <strong>Canon de Karnak<\/strong>.<\/p>\n<p>Adem\u00e1s, sea testigo de los intrincados relieves murales que explican los rituales diarios en los <strong>templos egipcios<\/strong>, las dram\u00e1ticas <strong>guerras en el antiguo Egipto<\/strong> y los profundos principios de la <strong>religi\u00f3n del antiguo Egipto<\/strong>. Realmente hay una gran cantidad de maravillas para explorar aqu\u00ed, incluyendo la ic\u00f3nica <strong>Gran Sala Hip\u00f3stila<\/strong> con su bosque de imponentes columnas, el tranquilo <strong>Lago Sagrado<\/strong>, los altos <strong>Obeliscos<\/strong>, el singular <strong>Templo de Ptah<\/strong>, la vibrante <strong>Capilla Roja<\/strong>, la elegante <strong>Capilla Blanca<\/strong> y el intrigante <strong>Jard\u00edn Bot\u00e1nico de Tutmosis III<\/strong>.<\/p>\n<p>Al culminar su completo <strong>Tour por las Riberas Este y Oeste de Luxor<\/strong>, tendr\u00e1 un regreso c\u00f3modo y sin interrupciones a su hotel. Este <strong>tour de un d\u00eda en Luxor<\/strong> ofrece la experiencia m\u00e1s completa y enriquecedora de la <strong>antigua Tebas<\/strong>.<\/p>\n<h3><span style=\"color: #ff6600;\">Precio del Tour por la Ribera Este y Oeste de Luxor<\/span><\/h3>\n<ul>\n<li>Precio Adulto = 90 $<\/li>\n<li>Ni\u00f1os 0-5 a\u00f1os = gratis<\/li>\n<li>Ni\u00f1os 5 -11 a\u00f1os = 50% del precio adulto<\/li>\n<\/ul>\n<h3><span style=\"color: #ff6600;\">Reserva y Pago<\/span><\/h3>\n<p><strong>Reserva<\/strong> Puede reservar su tour v\u00eda WhatsApp o enviarnos un E-mail y recibir\u00e1 la confirmaci\u00f3n al instante.<\/p>\n<p>Por favor, env\u00edenos el nombre de su hotel, el n\u00famero de habitaci\u00f3n y copias de su pasaporte<\/p>\n<p>WhatsApp: +201000852186<\/p>\n<p>info@egytourpackages.com<\/p>\n<h3><span style=\"color: #ff6600;\">Reserve Ahora y Pague en el lugar<\/span><\/h3>\n<p>Reserve su tour favorito y pague el d\u00eda del viaje<\/p>\n<h3><span style=\"color: #ff6600;\">Pago<\/span><\/h3>\n<p>Puede pagar en libras egipcias, $, \u20ac\u200e o \u00a3.<\/p>\n<h3><span style=\"color: #ff6600;\">Pol\u00edtica de Cancelaci\u00f3n<\/span><\/h3>\n<ul>\n<li>La cancelaci\u00f3n es gratuita hasta con 24 horas de antelaci\u00f3n<\/li>\n<li>La cancelaci\u00f3n por la ma\u00f1ana es el 50% del precio<\/li>\n<\/ul>\n","protected":false},"excerpt":{"rendered":"<p>Tour por la Ribera Este y Oeste de Luxor. Excursi\u00f3n de un d\u00eda al Valle de los Reyes, Karnak, y Templo de Hatshepsut. Gu\u00eda privado y almuerzo incluido.<\/p>\n","protected":false},"featured_media":8702,"comment_status":"open","ping_status":"closed","template":"","meta":[],"product_brand":[],"product_cat":[3128],"product_tag":[3820,3412],"class_list":{"0":"post-8701","1":"product","2":"type-product","3":"status-publish","4":"has-post-thumbnail","6":"product_cat-tours","7":"product_tag-orilla-este-de-luxor","8":"product_tag-templo-de-karnak","9":"tour_category-excursiones-egipto-es","10":"tour_category-excursiones-en-luxor-es","12":"first","13":"instock","14":"sale","15":"shipping-taxable","16":"purchasable","17":"product-type-tour","18":"has-default-attributes"},"yoast_head":"<!-- This site is optimized with the Yoast SEO Premium plugin v27.4 (Yoast SEO v27.4) - https:\/\/yoast.com\/product\/yoast-seo-premium-wordpress\/ -->\n<title>Tour por la Ribera Este y Oeste de Luxor: Excursiones Egipto<\/title>\n<meta name=\"description\" content=\"Tour por la Ribera Este y Oeste de Luxor. Excursi\u00f3n de un d\u00eda al Valle de los Reyes, Karnak, y Templo de Hatshepsut. Gu\u00eda privado y almuerzo incluido.\" \/>\n<meta name=\"robots\" content=\"index, follow, max-snippet:-1, max-image-preview:large, max-video-preview:-1\" \/>\n<link rel=\"canonical\" href=\"https:\/\/egytourpackages.com\/es\/tours\/tour-por-la-ribera-este-y-oeste-de-luxor\/\" \/>\n<meta property=\"og:locale\" content=\"es_ES\" \/>\n<meta property=\"og:type\" content=\"article\" \/>\n<meta property=\"og:title\" content=\"Tour por la Ribera Este y Oeste de Luxor\" \/>\n<meta property=\"og:description\" content=\"Tour por la Ribera Este y Oeste de Luxor. Excursi\u00f3n de un d\u00eda al Valle de los Reyes, Karnak, y Templo de Hatshepsut. Gu\u00eda privado y almuerzo incluido.\" \/>\n<meta property=\"og:url\" content=\"https:\/\/egytourpackages.com\/es\/tours\/tour-por-la-ribera-este-y-oeste-de-luxor\/\" \/>\n<meta property=\"og:site_name\" content=\"Egypt Tour Packages\" \/>\n<meta property=\"article:publisher\" content=\"https:\/\/www.facebook.com\/egytourpackages\" \/>\n<meta property=\"article:modified_time\" content=\"2026-01-09T11:59:36+00:00\" \/>\n<meta property=\"og:image\" content=\"https:\/\/egytourpackages.com\/wp-content\/uploads\/2023\/08\/Valley-of-the-Kings-Luxor-1024x682.jpg\" \/>\n<meta name=\"twitter:card\" content=\"summary_large_image\" \/>\n<meta name=\"twitter:title\" content=\"Tour por la Ribera Este y Oeste de Luxor\" \/>\n<meta name=\"twitter:description\" content=\"Tour por la Ribera Este y Oeste de Luxor. Excursi\u00f3n de un d\u00eda al Valle de los Reyes, Karnak, y Templo de Hatshepsut. Gu\u00eda privado y almuerzo incluido.\" \/>\n<meta name=\"twitter:image\" content=\"https:\/\/egytourpackages.com\/wp-content\/uploads\/2023\/08\/Valley-of-the-Kings-Luxor-1024x682.jpg\" \/>\n<meta name=\"twitter:label1\" content=\"Precio\" \/>\n\t<meta name=\"twitter:data1\" content=\"&euro;90\" \/>\n\t<meta name=\"twitter:label2\" content=\"Disponibilidad\" \/>\n\t<meta name=\"twitter:data2\" content=\"Disponible\" \/>\n<script type=\"application\/ld+json\" class=\"yoast-schema-graph\">{\"@context\":\"https:\\\/\\\/schema.org\",\"@graph\":[{\"@type\":\"WebPage\",\"@id\":\"https:\\\/\\\/egytourpackages.com\\\/es\\\/tours\\\/tour-por-la-ribera-este-y-oeste-de-luxor\\\/\",\"url\":\"https:\\\/\\\/egytourpackages.com\\\/es\\\/tours\\\/tour-por-la-ribera-este-y-oeste-de-luxor\\\/\",\"name\":\"Tour por la Ribera Este y Oeste de Luxor: Excursiones Egipto\",\"isPartOf\":{\"@id\":\"https:\\\/\\\/egytourpackages.com\\\/es\\\/#website\"},\"primaryImageOfPage\":{\"@id\":\"https:\\\/\\\/egytourpackages.com\\\/es\\\/tours\\\/tour-por-la-ribera-este-y-oeste-de-luxor\\\/#primaryimage\"},\"image\":{\"@id\":\"https:\\\/\\\/egytourpackages.com\\\/es\\\/tours\\\/tour-por-la-ribera-este-y-oeste-de-luxor\\\/#primaryimage\"},\"thumbnailUrl\":\"https:\\\/\\\/egytourpackages.com\\\/wp-content\\\/uploads\\\/2023\\\/08\\\/Valley-of-the-Kings-Luxor.jpg\",\"datePublished\":\"2023-08-25T17:32:41+00:00\",\"dateModified\":\"2026-01-09T11:59:36+00:00\",\"description\":\"Tour por la Ribera Este y Oeste de Luxor. Excursi\u00f3n de un d\u00eda al Valle de los Reyes, Karnak, y Templo de Hatshepsut. Gu\u00eda privado y almuerzo incluido.\",\"breadcrumb\":{\"@id\":\"https:\\\/\\\/egytourpackages.com\\\/es\\\/tours\\\/tour-por-la-ribera-este-y-oeste-de-luxor\\\/#breadcrumb\"},\"inLanguage\":\"es\",\"potentialAction\":[{\"@type\":\"ReadAction\",\"target\":[\"https:\\\/\\\/egytourpackages.com\\\/es\\\/tours\\\/tour-por-la-ribera-este-y-oeste-de-luxor\\\/\"]}]},{\"@type\":\"ImageObject\",\"inLanguage\":\"es\",\"@id\":\"https:\\\/\\\/egytourpackages.com\\\/es\\\/tours\\\/tour-por-la-ribera-este-y-oeste-de-luxor\\\/#primaryimage\",\"url\":\"https:\\\/\\\/egytourpackages.com\\\/wp-content\\\/uploads\\\/2023\\\/08\\\/Valley-of-the-Kings-Luxor.jpg\",\"contentUrl\":\"https:\\\/\\\/egytourpackages.com\\\/wp-content\\\/uploads\\\/2023\\\/08\\\/Valley-of-the-Kings-Luxor.jpg\",\"width\":2000,\"height\":1333,\"caption\":\"Tour por la Ribera Este y Oeste de Luxor\"},{\"@type\":\"BreadcrumbList\",\"@id\":\"https:\\\/\\\/egytourpackages.com\\\/es\\\/tours\\\/tour-por-la-ribera-este-y-oeste-de-luxor\\\/#breadcrumb\",\"itemListElement\":[{\"@type\":\"ListItem\",\"position\":1,\"name\":\"Home\",\"item\":\"https:\\\/\\\/egytourpackages.com\\\/es\\\/paquetes-de-viaje-a-egipto\\\/\"},{\"@type\":\"ListItem\",\"position\":2,\"name\":\"Shop\",\"item\":\"https:\\\/\\\/egytourpackages.com\\\/shop\\\/\"},{\"@type\":\"ListItem\",\"position\":3,\"name\":\"Tour por la Ribera Este y Oeste de Luxor\"}]},{\"@type\":\"WebSite\",\"@id\":\"https:\\\/\\\/egytourpackages.com\\\/es\\\/#website\",\"url\":\"https:\\\/\\\/egytourpackages.com\\\/es\\\/\",\"name\":\"Egy tour packages\",\"description\":\"\",\"publisher\":{\"@id\":\"https:\\\/\\\/egytourpackages.com\\\/es\\\/#organization\"},\"potentialAction\":[{\"@type\":\"SearchAction\",\"target\":{\"@type\":\"EntryPoint\",\"urlTemplate\":\"https:\\\/\\\/egytourpackages.com\\\/es\\\/?s={search_term_string}\"},\"query-input\":{\"@type\":\"PropertyValueSpecification\",\"valueRequired\":true,\"valueName\":\"search_term_string\"}}],\"inLanguage\":\"es\"},{\"@type\":[\"Organization\",\"Place\",\"TravelAgency\"],\"@id\":\"https:\\\/\\\/egytourpackages.com\\\/es\\\/#organization\",\"name\":\"egypt tour packages\",\"alternateName\":\"egypt tour packages\",\"url\":\"https:\\\/\\\/egytourpackages.com\\\/es\\\/\",\"logo\":{\"@id\":\"https:\\\/\\\/egytourpackages.com\\\/es\\\/tours\\\/tour-por-la-ribera-este-y-oeste-de-luxor\\\/#local-main-organization-logo\"},\"image\":{\"@id\":\"https:\\\/\\\/egytourpackages.com\\\/es\\\/tours\\\/tour-por-la-ribera-este-y-oeste-de-luxor\\\/#local-main-organization-logo\"},\"sameAs\":[\"https:\\\/\\\/www.facebook.com\\\/egytourpackages\"],\"legalName\":\"Egy tour packages\",\"address\":{\"@id\":\"https:\\\/\\\/egytourpackages.com\\\/es\\\/tours\\\/tour-por-la-ribera-este-y-oeste-de-luxor\\\/#local-main-place-address\"},\"telephone\":[\"00201000852186\",\"00201028685533\"],\"contactPoint\":{\"@type\":\"ContactPoint\",\"telephone\":\"00201000852186\"},\"openingHoursSpecification\":[{\"@type\":\"OpeningHoursSpecification\",\"dayOfWeek\":[\"Monday\",\"Tuesday\",\"Wednesday\",\"Thursday\",\"Friday\",\"Saturday\",\"Sunday\"],\"opens\":\"00:00\",\"closes\":\"23:59\"}],\"email\":\"info@egytourpackages.com\",\"areaServed\":\"Cairo, Hurghada, Luxor, Sharm El Sheikh, Marsa Alam, Aswan\",\"priceRange\":\"$\",\"currenciesAccepted\":\"euro\",\"paymentAccepted\":\"Payment links online\"},{\"@type\":\"PostalAddress\",\"@id\":\"https:\\\/\\\/egytourpackages.com\\\/es\\\/tours\\\/tour-por-la-ribera-este-y-oeste-de-luxor\\\/#local-main-place-address\",\"streetAddress\":\"Mubarak 8, Al Kawthar District, Hurghada\",\"addressLocality\":\"Hurghada\",\"postalCode\":\"84511\",\"addressRegion\":\"Red Sea\",\"addressCountry\":\"EG\"},{\"@type\":\"ImageObject\",\"inLanguage\":\"es\",\"@id\":\"https:\\\/\\\/egytourpackages.com\\\/es\\\/tours\\\/tour-por-la-ribera-este-y-oeste-de-luxor\\\/#local-main-organization-logo\",\"url\":\"https:\\\/\\\/egytourpackages.com\\\/wp-content\\\/uploads\\\/2025\\\/12\\\/Turquoise-Dahabiya-Nile-Cruise-1.jpeg\",\"contentUrl\":\"https:\\\/\\\/egytourpackages.com\\\/wp-content\\\/uploads\\\/2025\\\/12\\\/Turquoise-Dahabiya-Nile-Cruise-1.jpeg\",\"width\":1040,\"height\":694,\"caption\":\"egypt tour packages\"}]}<\/script>\n<meta property=\"product:brand\" content=\"Excursiones Egipto\" \/>\n<meta property=\"product:price:amount\" content=\"90\" \/>\n<meta property=\"product:price:currency\" content=\"EUR\" \/>\n<meta property=\"og:availability\" content=\"instock\" \/>\n<meta property=\"product:availability\" content=\"instock\" \/>\n<meta property=\"product:retailer_item_id\" content=\"LDT03\" \/>\n<meta property=\"product:condition\" content=\"new\" \/>\n<meta name=\"geo.placename\" content=\"Hurghada\" \/>\n<meta name=\"geo.region\" content=\"Egipto\" \/>\n<!-- \/ Yoast SEO Premium plugin. -->","yoast_head_json":{"title":"Tour por la Ribera Este y Oeste de Luxor: Excursiones Egipto","description":"Tour por la Ribera Este y Oeste de Luxor. Excursi\u00f3n de un d\u00eda al Valle de los Reyes, Karnak, y Templo de Hatshepsut. Gu\u00eda privado y almuerzo incluido.","robots":{"index":"index","follow":"follow","max-snippet":"max-snippet:-1","max-image-preview":"max-image-preview:large","max-video-preview":"max-video-preview:-1"},"canonical":"https:\/\/egytourpackages.com\/es\/tours\/tour-por-la-ribera-este-y-oeste-de-luxor\/","og_locale":"es_ES","og_type":"article","og_title":"Tour por la Ribera Este y Oeste de Luxor","og_description":"Tour por la Ribera Este y Oeste de Luxor. Excursi\u00f3n de un d\u00eda al Valle de los Reyes, Karnak, y Templo de Hatshepsut. Gu\u00eda privado y almuerzo incluido.","og_url":"https:\/\/egytourpackages.com\/es\/tours\/tour-por-la-ribera-este-y-oeste-de-luxor\/","og_site_name":"Egypt Tour Packages","article_publisher":"https:\/\/www.facebook.com\/egytourpackages","article_modified_time":"2026-01-09T11:59:36+00:00","og_image":[{"url":"https:\/\/egytourpackages.com\/wp-content\/uploads\/2023\/08\/Valley-of-the-Kings-Luxor-1024x682.jpg","type":"","width":"","height":""}],"twitter_card":"summary_large_image","twitter_title":"Tour por la Ribera Este y Oeste de Luxor","twitter_description":"Tour por la Ribera Este y Oeste de Luxor. Excursi\u00f3n de un d\u00eda al Valle de los Reyes, Karnak, y Templo de Hatshepsut. Gu\u00eda privado y almuerzo incluido.","twitter_image":"https:\/\/egytourpackages.com\/wp-content\/uploads\/2023\/08\/Valley-of-the-Kings-Luxor-1024x682.jpg","twitter_misc":{"Precio":"&euro;90","Disponibilidad":"Disponible"},"schema":{"@context":"https:\/\/schema.org","@graph":[{"@type":"WebPage","@id":"https:\/\/egytourpackages.com\/es\/tours\/tour-por-la-ribera-este-y-oeste-de-luxor\/","url":"https:\/\/egytourpackages.com\/es\/tours\/tour-por-la-ribera-este-y-oeste-de-luxor\/","name":"Tour por la Ribera Este y Oeste de Luxor: Excursiones Egipto","isPartOf":{"@id":"https:\/\/egytourpackages.com\/es\/#website"},"primaryImageOfPage":{"@id":"https:\/\/egytourpackages.com\/es\/tours\/tour-por-la-ribera-este-y-oeste-de-luxor\/#primaryimage"},"image":{"@id":"https:\/\/egytourpackages.com\/es\/tours\/tour-por-la-ribera-este-y-oeste-de-luxor\/#primaryimage"},"thumbnailUrl":"https:\/\/egytourpackages.com\/wp-content\/uploads\/2023\/08\/Valley-of-the-Kings-Luxor.jpg","datePublished":"2023-08-25T17:32:41+00:00","dateModified":"2026-01-09T11:59:36+00:00","description":"Tour por la Ribera Este y Oeste de Luxor. Excursi\u00f3n de un d\u00eda al Valle de los Reyes, Karnak, y Templo de Hatshepsut. Gu\u00eda privado y almuerzo incluido.","breadcrumb":{"@id":"https:\/\/egytourpackages.com\/es\/tours\/tour-por-la-ribera-este-y-oeste-de-luxor\/#breadcrumb"},"inLanguage":"es","potentialAction":[{"@type":"ReadAction","target":["https:\/\/egytourpackages.com\/es\/tours\/tour-por-la-ribera-este-y-oeste-de-luxor\/"]}]},{"@type":"ImageObject","inLanguage":"es","@id":"https:\/\/egytourpackages.com\/es\/tours\/tour-por-la-ribera-este-y-oeste-de-luxor\/#primaryimage","url":"https:\/\/egytourpackages.com\/wp-content\/uploads\/2023\/08\/Valley-of-the-Kings-Luxor.jpg","contentUrl":"https:\/\/egytourpackages.com\/wp-content\/uploads\/2023\/08\/Valley-of-the-Kings-Luxor.jpg","width":2000,"height":1333,"caption":"Tour por la Ribera Este y Oeste de Luxor"},{"@type":"BreadcrumbList","@id":"https:\/\/egytourpackages.com\/es\/tours\/tour-por-la-ribera-este-y-oeste-de-luxor\/#breadcrumb","itemListElement":[{"@type":"ListItem","position":1,"name":"Home","item":"https:\/\/egytourpackages.com\/es\/paquetes-de-viaje-a-egipto\/"},{"@type":"ListItem","position":2,"name":"Shop","item":"https:\/\/egytourpackages.com\/shop\/"},{"@type":"ListItem","position":3,"name":"Tour por la Ribera Este y Oeste de Luxor"}]},{"@type":"WebSite","@id":"https:\/\/egytourpackages.com\/es\/#website","url":"https:\/\/egytourpackages.com\/es\/","name":"Egy tour packages","description":"","publisher":{"@id":"https:\/\/egytourpackages.com\/es\/#organization"},"potentialAction":[{"@type":"SearchAction","target":{"@type":"EntryPoint","urlTemplate":"https:\/\/egytourpackages.com\/es\/?s={search_term_string}"},"query-input":{"@type":"PropertyValueSpecification","valueRequired":true,"valueName":"search_term_string"}}],"inLanguage":"es"},{"@type":["Organization","Place","TravelAgency"],"@id":"https:\/\/egytourpackages.com\/es\/#organization","name":"egypt tour packages","alternateName":"egypt tour packages","url":"https:\/\/egytourpackages.com\/es\/","logo":{"@id":"https:\/\/egytourpackages.com\/es\/tours\/tour-por-la-ribera-este-y-oeste-de-luxor\/#local-main-organization-logo"},"image":{"@id":"https:\/\/egytourpackages.com\/es\/tours\/tour-por-la-ribera-este-y-oeste-de-luxor\/#local-main-organization-logo"},"sameAs":["https:\/\/www.facebook.com\/egytourpackages"],"legalName":"Egy tour packages","address":{"@id":"https:\/\/egytourpackages.com\/es\/tours\/tour-por-la-ribera-este-y-oeste-de-luxor\/#local-main-place-address"},"telephone":["00201000852186","00201028685533"],"contactPoint":{"@type":"ContactPoint","telephone":"00201000852186"},"openingHoursSpecification":[{"@type":"OpeningHoursSpecification","dayOfWeek":["Monday","Tuesday","Wednesday","Thursday","Friday","Saturday","Sunday"],"opens":"00:00","closes":"23:59"}],"email":"info@egytourpackages.com","areaServed":"Cairo, Hurghada, Luxor, Sharm El Sheikh, Marsa Alam, Aswan","priceRange":"$","currenciesAccepted":"euro","paymentAccepted":"Payment links online"},{"@type":"PostalAddress","@id":"https:\/\/egytourpackages.com\/es\/tours\/tour-por-la-ribera-este-y-oeste-de-luxor\/#local-main-place-address","streetAddress":"Mubarak 8, Al Kawthar District, Hurghada","addressLocality":"Hurghada","postalCode":"84511","addressRegion":"Red Sea","addressCountry":"EG"},{"@type":"ImageObject","inLanguage":"es","@id":"https:\/\/egytourpackages.com\/es\/tours\/tour-por-la-ribera-este-y-oeste-de-luxor\/#local-main-organization-logo","url":"https:\/\/egytourpackages.com\/wp-content\/uploads\/2025\/12\/Turquoise-Dahabiya-Nile-Cruise-1.jpeg","contentUrl":"https:\/\/egytourpackages.com\/wp-content\/uploads\/2025\/12\/Turquoise-Dahabiya-Nile-Cruise-1.jpeg","width":1040,"height":694,"caption":"egypt tour packages"}]},"product_brand":"Excursiones Egipto","product_price_amount":"90","product_price_currency":"EUR","og_availability":"instock","product_availability":"instock","product_retailer_item_id":"LDT03","product_condition":"new","geo.placename":"Hurghada","geo.region":"Egipto"},"_links":{"self":[{"href":"https:\/\/egytourpackages.com\/es\/wp-json\/wp\/v2\/product\/8701","targetHints":{"allow":["GET"]}}],"collection":[{"href":"https:\/\/egytourpackages.com\/es\/wp-json\/wp\/v2\/product"}],"about":[{"href":"https:\/\/egytourpackages.com\/es\/wp-json\/wp\/v2\/types\/product"}],"replies":[{"embeddable":true,"href":"https:\/\/egytourpackages.com\/es\/wp-json\/wp\/v2\/comments?post=8701"}],"wp:featuredmedia":[{"embeddable":true,"href":"https:\/\/egytourpackages.com\/es\/wp-json\/wp\/v2\/media\/8702"}],"wp:attachment":[{"href":"https:\/\/egytourpackages.com\/es\/wp-json\/wp\/v2\/media?parent=8701"}],"wp:term":[{"taxonomy":"product_brand","embeddable":true,"href":"https:\/\/egytourpackages.com\/es\/wp-json\/wp\/v2\/product_brand?post=8701"},{"taxonomy":"product_cat","embeddable":true,"href":"https:\/\/egytourpackages.com\/es\/wp-json\/wp\/v2\/product_cat?post=8701"},{"taxonomy":"product_tag","embeddable":true,"href":"https:\/\/egytourpackages.com\/es\/wp-json\/wp\/v2\/product_tag?post=8701"}],"curies":[{"name":"wp","href":"https:\/\/api.w.org\/{rel}","templated":true}]}}