{"id":9009,"date":"2025-10-31T23:10:50","date_gmt":"2025-10-31T23:10:50","guid":{"rendered":"https:\/\/egytourpackages.com\/product\/safari-astronomico-en-sahl-hasheesh-quad-camello-caballo-y-cena-show\/"},"modified":"2026-01-28T23:59:35","modified_gmt":"2026-01-28T23:59:35","slug":"safari-astronomico-en-sahl-hasheesh-quad-camello-caballo-y-cena-show","status":"publish","type":"product","link":"https:\/\/egytourpackages.com\/es\/tours\/safari-astronomico-en-sahl-hasheesh-quad-camello-caballo-y-cena-show\/","title":{"rendered":"Safari Astron\u00f3mico en Sahl Hasheesh: Quad, Camello, Caballo y Cena Show"},"content":{"rendered":"<p><span style=\"color: #ff6600;\"><strong>Safari Astron\u00f3mico en Sahl Hasheesh: Quad, Camello, Caballo y Cena Show<\/strong><\/span><\/p>\n<p>Experimente la <strong>aventura definitiva<\/strong> en el <strong>Desierto de Sahl Hasheesh<\/strong> con este safari nocturno todo incluido. Combine la emoci\u00f3n de <strong>Montar en Quad (ATV)<\/strong>, la serenidad de un <strong>Paseo a Caballo<\/strong>, la tradici\u00f3n de una <strong>Excursi\u00f3n en Camello<\/strong>, una deliciosa <strong>Cena Barbacoa Bedouin<\/strong> y la maravilla de la <strong>Observaci\u00f3n de Estrellas<\/strong> a trav\u00e9s de un potente telescopio. Este es el <strong>mejor safari por el desierto desde Sahl Hasheesh<\/strong> para una noche inolvidable bajo el <strong>cielo del desierto egipcio<\/strong>.<\/p>\n<h3><span style=\"color: #ff6600;\">Detalles<\/span><\/h3>\n<ul>\n<li>Duraci\u00f3n: Excursi\u00f3n de tarde (Aprox. 5-6 Horas Total)<\/li>\n<li>Actividades: 1 Hora Paseo en Quad (ATV), 30 Minutos Paseo en Camello, 30 Minutos Paseo a Caballo<\/li>\n<li>Disponibilidad: Diaria<\/li>\n<li>Idioma: Espa\u00f1ol<\/li>\n<\/ul>\n<h3><span style=\"color: #ff6600;\">Inclusiones<\/span><\/h3>\n<ul>\n<li>Traslado de ida y vuelta desde todos los Hoteles de Sahl Hasheesh en veh\u00edculo con A\/C<\/li>\n<li>1 Hora de experiencia Conducci\u00f3n de Quad (ATV).<\/li>\n<li>30 Minutos de experiencia Paseo en Camello.<\/li>\n<li>30 Minutos de experiencia Paseo a Caballo.<\/li>\n<li>Cena BBQ (Barbacoa).<\/li>\n<li>T\u00e9 Bedouin Tradicional.<\/li>\n<li>Espect\u00e1culo Oriental \/ Fiesta Folcl\u00f3rica.<\/li>\n<li>Sesi\u00f3n de Observaci\u00f3n de Estrellas con gu\u00eda profesional y Telescopio.<\/li>\n<li>Equipo de Seguridad (Cascos para Quad\/Paseo a Caballo).<\/li>\n<\/ul>\n<h3><span style=\"color: #ff6600;\">Exclusiones<\/span><\/h3>\n<ul>\n<li><strong>Propinas<\/strong> (Gratificaciones).<\/li>\n<li>Gastos <strong>Personales<\/strong>.<\/li>\n<li>Paquetes de <strong>Fotograf\u00eda\/V\u00eddeo<\/strong> (a menudo disponibles para su compra).<\/li>\n<li><strong>Bufanda\/Gafas<\/strong> (a menudo se pueden alquilar o comprar en la estaci\u00f3n).<\/li>\n<\/ul>\n<h2><span style=\"color: #ff6600;\">Itinerario<\/span><\/h2>\n<p>Experimente la <strong>aventura definitiva<\/strong> en el <strong>Desierto de Sahl Hasheesh<\/strong> con este <strong>Safari Nocturno<\/strong> de noche completa. El tour est\u00e1 perfectamente dise\u00f1ado para combinar actividades de alta energ\u00eda con la cultura tradicional y la maravilla astron\u00f3mica, proporcionando una experiencia verdaderamente \u00fanica con vistas claras del <strong>Cielo Nocturno<\/strong>.<\/p>\n<p>Su aventura comienza con una c\u00f3moda <strong>Recogida en el Hotel<\/strong> desde sus <strong>Hoteles de Sahl Hasheesh<\/strong> entre las 14:00 PM, traslad\u00e1ndole directamente a la estaci\u00f3n de safari para comenzar sus actividades que le subir\u00e1n la adrenalina.<\/p>\n<p>La primera actividad es la emocionante sesi\u00f3n de <strong>1 Hora Montar en Quad (ATV)<\/strong>. Despu\u00e9s de una sesi\u00f3n informativa de seguridad, se subir\u00e1 a un potente <strong>Quad<\/strong> y acelerar\u00e1 a trav\u00e9s del vasto paisaje del <strong>Desierto del Mar Rojo<\/strong>, navegando por las emocionantes dunas de arena y las llanuras abiertas con su gu\u00eda.<\/p>\n<p>Tras la emoci\u00f3n motorizada, abrazar\u00e1 el viaje tradicional por el desierto con la parte ecuestre del tour. Esto incluye un sereno <strong>Paseo en Camello de 30 Minutos<\/strong> que ofrece una genuina experiencia de <strong>Excursi\u00f3n en Camello<\/strong>, inmediatamente seguido por una elegante sesi\u00f3n de <strong>Paseo a Caballo de 30 Minutos<\/strong> en un <strong>caballo \u00e1rabe<\/strong> bien entrenado. Esta combinaci\u00f3n asegura que experimente lo mejor de la movilidad en el desierto.<\/p>\n<p>A medida que el sol comienza a ponerse, llegar\u00e1 a una <strong>tienda<\/strong> tradicional. Aqu\u00ed, ser\u00e1 recibido con aut\u00e9ntico <strong>T\u00e9 Bedouin<\/strong> y tendr\u00e1 la oportunidad de tomar fotos impresionantes de la <strong>Puesta de Sol en el Desierto<\/strong> mientras los colores iluminan las monta\u00f1as.<\/p>\n<p>La noche contin\u00faa con un fest\u00edn y una celebraci\u00f3n. Disfrutar\u00e1 de una deliciosa <strong>Cena Barbacoa Bedouin<\/strong> \u2014un buffet abierto de especialidades locales\u2014 servida bajo el cielo abierto. Despu\u00e9s de la cena, se realiza un vibrante <strong>Espect\u00e1culo Oriental<\/strong>, que presenta folclore tradicional, m\u00fasica y la fascinante <strong>Danza Tanoura<\/strong>.<\/p>\n<h3><span style=\"color: #ff6600;\">Observaci\u00f3n de Estrellas<\/span><\/h3>\n<p>El gran final es el <strong>Tour de Observaci\u00f3n de Estrellas<\/strong>. Lejos de cualquier contaminaci\u00f3n lum\u00ednica de la ciudad, un <strong>Gu\u00eda de Astronom\u00eda<\/strong> profesional dirigir\u00e1 una sesi\u00f3n de observaci\u00f3n celestial. Utilizando un potente <strong>Telescopio<\/strong>, observar\u00e1 planetas visibles, estrellas distantes y diferentes <strong>Constelaciones<\/strong>, aprendiendo sobre el universo y los mitos del <strong>Cielo Nocturno<\/strong>.<\/p>\n<p>Finalmente, su completo <strong>Safari por el Desierto de Sahl Hasheesh<\/strong> concluye con un c\u00f3modo <strong>traslado<\/strong> de regreso a sus <strong>Hoteles de Sahl Hasheesh<\/strong> alrededor de las 21:30 PM.<\/p>\n<h3><span style=\"color: #ff6600;\">&#x2753; Preguntas Frecuentes (FAQ)<\/span><\/h3>\n<h3><span style=\"color: #ff6600;\">\u00bfQu\u00e9 hace que la experiencia de Observaci\u00f3n de Estrellas en Sahl Hasheesh sea \u00fanica en comparaci\u00f3n con la vista desde la costa?<\/span><\/h3>\n<p>El Tour de Observaci\u00f3n de Estrellas se lleva a cabo en lo profundo del desierto para escapar de la contaminaci\u00f3n lum\u00ednica de los resorts, garantizando un Cielo Nocturno dram\u00e1ticamente m\u00e1s claro. Un Gu\u00eda de Astronom\u00eda experto utiliza un Telescopio profesional para ayudarle a identificar planetas y Constelaciones que son t\u00edpicamente invisibles desde la costa, ofreciendo una mirada inmersiva al cosmos.<\/p>\n<h3><span style=\"color: #ff6600;\">\u00bfC\u00f3mo se estructuran las diferentes actividades del desierto, y cu\u00e1l es el enfoque principal de cada parte?<\/span><\/h3>\n<p>El Safari por el Desierto de Sahl Hasheesh equilibra la adrenalina y la tradici\u00f3n. La primera parte es de alta energ\u00eda, con una sesi\u00f3n de 1 Hora Montar en Quad (ATV) donde navega por las dunas de arena en un Quad. La segunda parte es la aut\u00e9ntica Excursi\u00f3n en Camello y un breve Paseo a Caballo (30 minutos cada uno), ofreciendo una experiencia cl\u00e1sica y serena en el desierto antes de establecerse en el Pueblo Bedouin para la noche.<\/p>\n","protected":false},"excerpt":{"rendered":"<p>Safari Astron\u00f3mico en Sahl Hasheesh: Quad, Camello y Caballo + Cena BBQ Bedouin. \u00a1Observaci\u00f3n de Estrellas con Telescopio! Reserva tu aventura definitiva.<\/p>\n","protected":false},"featured_media":8919,"comment_status":"closed","ping_status":"closed","template":"","meta":[],"product_brand":[],"product_cat":[3128],"product_tag":[3214,3188],"class_list":{"0":"post-9009","1":"product","2":"type-product","3":"status-publish","4":"has-post-thumbnail","6":"product_cat-tours","7":"product_tag-excursiones-de-sahl-hasheesh","8":"product_tag-excursiones-egipto","9":"tour_category-excursiones-egipto-es","10":"tour_category-excursiones-en-sahl-hasheesh-es","11":"tour_category-safaris-por-el-desierto-de-hurghada","13":"first","14":"instock","15":"sale","16":"shipping-taxable","17":"purchasable","18":"product-type-tour"},"yoast_head":"<!-- This site is optimized with the Yoast SEO Premium plugin v27.4 (Yoast SEO v27.4) - https:\/\/yoast.com\/product\/yoast-seo-premium-wordpress\/ -->\n<title>Safari Astron\u00f3mico en Sahl Hasheesh: Las mejores excursiones de un d\u00eda por Egipto<\/title>\n<meta name=\"description\" content=\"Safari Astron\u00f3mico en Sahl Hasheesh: Quad, Camello y Caballo + Cena BBQ Bedouin. \u00a1Observaci\u00f3n de Estrellas con Telescopio! Reserva tu aventura definitiva.\" \/>\n<meta name=\"robots\" content=\"index, follow, max-snippet:-1, max-image-preview:large, max-video-preview:-1\" \/>\n<link rel=\"canonical\" href=\"https:\/\/egytourpackages.com\/es\/tours\/safari-astronomico-en-sahl-hasheesh-quad-camello-caballo-y-cena-show\/\" \/>\n<meta property=\"og:locale\" content=\"es_ES\" \/>\n<meta property=\"og:type\" content=\"article\" \/>\n<meta property=\"og:title\" content=\"Safari Astron\u00f3mico en Sahl Hasheesh\" \/>\n<meta property=\"og:description\" content=\"Safari Astron\u00f3mico en Sahl Hasheesh: Quad, Camello y Caballo + Cena BBQ Bedouin. \u00a1Observaci\u00f3n de Estrellas con Telescopio! Reserva tu aventura definitiva.\" \/>\n<meta property=\"og:url\" content=\"https:\/\/egytourpackages.com\/es\/tours\/safari-astronomico-en-sahl-hasheesh-quad-camello-caballo-y-cena-show\/\" \/>\n<meta property=\"og:site_name\" content=\"Egypt Tour Packages\" \/>\n<meta property=\"article:publisher\" content=\"https:\/\/www.facebook.com\/egytourpackages\" \/>\n<meta property=\"article:modified_time\" content=\"2026-01-28T23:59:35+00:00\" \/>\n<meta property=\"og:image\" content=\"https:\/\/egytourpackages.com\/wp-content\/uploads\/2025\/10\/Camel-ride-from-Sahl-Hasheesh.jpeg\" \/>\n\t<meta property=\"og:image:width\" content=\"1550\" \/>\n\t<meta property=\"og:image:height\" content=\"697\" \/>\n\t<meta property=\"og:image:type\" content=\"image\/jpeg\" \/>\n<meta name=\"twitter:card\" content=\"summary_large_image\" \/>\n<meta name=\"twitter:title\" content=\"Safari Astron\u00f3mico en Sahl Hasheesh: Quad, Camello, Caballo y Cena Show\" \/>\n<meta name=\"twitter:label1\" content=\"Precio\" \/>\n\t<meta name=\"twitter:data1\" content=\"&euro;50\" \/>\n\t<meta name=\"twitter:label2\" content=\"Disponibilidad\" \/>\n\t<meta name=\"twitter:data2\" content=\"Disponible\" \/>\n<script type=\"application\/ld+json\" class=\"yoast-schema-graph\">{\"@context\":\"https:\\\/\\\/schema.org\",\"@graph\":[{\"@type\":\"WebPage\",\"@id\":\"https:\\\/\\\/egytourpackages.com\\\/es\\\/tours\\\/safari-astronomico-en-sahl-hasheesh-quad-camello-caballo-y-cena-show\\\/\",\"url\":\"https:\\\/\\\/egytourpackages.com\\\/es\\\/tours\\\/safari-astronomico-en-sahl-hasheesh-quad-camello-caballo-y-cena-show\\\/\",\"name\":\"Safari Astron\u00f3mico en Sahl Hasheesh: Las mejores excursiones de un d\u00eda por Egipto\",\"isPartOf\":{\"@id\":\"https:\\\/\\\/egytourpackages.com\\\/es\\\/#website\"},\"primaryImageOfPage\":{\"@id\":\"https:\\\/\\\/egytourpackages.com\\\/es\\\/tours\\\/safari-astronomico-en-sahl-hasheesh-quad-camello-caballo-y-cena-show\\\/#primaryimage\"},\"image\":{\"@id\":\"https:\\\/\\\/egytourpackages.com\\\/es\\\/tours\\\/safari-astronomico-en-sahl-hasheesh-quad-camello-caballo-y-cena-show\\\/#primaryimage\"},\"thumbnailUrl\":\"https:\\\/\\\/egytourpackages.com\\\/wp-content\\\/uploads\\\/2025\\\/10\\\/Camel-ride-from-Sahl-Hasheesh.jpeg\",\"datePublished\":\"2025-10-31T23:10:50+00:00\",\"dateModified\":\"2026-01-28T23:59:35+00:00\",\"description\":\"Safari Astron\u00f3mico en Sahl Hasheesh: Quad, Camello y Caballo + Cena BBQ Bedouin. \u00a1Observaci\u00f3n de Estrellas con Telescopio! Reserva tu aventura definitiva.\",\"breadcrumb\":{\"@id\":\"https:\\\/\\\/egytourpackages.com\\\/es\\\/tours\\\/safari-astronomico-en-sahl-hasheesh-quad-camello-caballo-y-cena-show\\\/#breadcrumb\"},\"inLanguage\":\"es\",\"potentialAction\":[{\"@type\":\"ReadAction\",\"target\":[\"https:\\\/\\\/egytourpackages.com\\\/es\\\/tours\\\/safari-astronomico-en-sahl-hasheesh-quad-camello-caballo-y-cena-show\\\/\"]}]},{\"@type\":\"ImageObject\",\"inLanguage\":\"es\",\"@id\":\"https:\\\/\\\/egytourpackages.com\\\/es\\\/tours\\\/safari-astronomico-en-sahl-hasheesh-quad-camello-caballo-y-cena-show\\\/#primaryimage\",\"url\":\"https:\\\/\\\/egytourpackages.com\\\/wp-content\\\/uploads\\\/2025\\\/10\\\/Camel-ride-from-Sahl-Hasheesh.jpeg\",\"contentUrl\":\"https:\\\/\\\/egytourpackages.com\\\/wp-content\\\/uploads\\\/2025\\\/10\\\/Camel-ride-from-Sahl-Hasheesh.jpeg\",\"width\":1550,\"height\":697,\"caption\":\"Paseo en camello desde Sahl Hasheesh\"},{\"@type\":\"BreadcrumbList\",\"@id\":\"https:\\\/\\\/egytourpackages.com\\\/es\\\/tours\\\/safari-astronomico-en-sahl-hasheesh-quad-camello-caballo-y-cena-show\\\/#breadcrumb\",\"itemListElement\":[{\"@type\":\"ListItem\",\"position\":1,\"name\":\"Home\",\"item\":\"https:\\\/\\\/egytourpackages.com\\\/es\\\/paquetes-de-viaje-a-egipto\\\/\"},{\"@type\":\"ListItem\",\"position\":2,\"name\":\"Shop\",\"item\":\"https:\\\/\\\/egytourpackages.com\\\/shop\\\/\"},{\"@type\":\"ListItem\",\"position\":3,\"name\":\"Safari Astron\u00f3mico en Sahl Hasheesh: Quad, Camello, Caballo y Cena Show\"}]},{\"@type\":\"WebSite\",\"@id\":\"https:\\\/\\\/egytourpackages.com\\\/es\\\/#website\",\"url\":\"https:\\\/\\\/egytourpackages.com\\\/es\\\/\",\"name\":\"Egy tour packages\",\"description\":\"\",\"publisher\":{\"@id\":\"https:\\\/\\\/egytourpackages.com\\\/es\\\/#organization\"},\"potentialAction\":[{\"@type\":\"SearchAction\",\"target\":{\"@type\":\"EntryPoint\",\"urlTemplate\":\"https:\\\/\\\/egytourpackages.com\\\/es\\\/?s={search_term_string}\"},\"query-input\":{\"@type\":\"PropertyValueSpecification\",\"valueRequired\":true,\"valueName\":\"search_term_string\"}}],\"inLanguage\":\"es\"},{\"@type\":[\"Organization\",\"Place\",\"TravelAgency\"],\"@id\":\"https:\\\/\\\/egytourpackages.com\\\/es\\\/#organization\",\"name\":\"egypt tour packages\",\"alternateName\":\"egypt tour packages\",\"url\":\"https:\\\/\\\/egytourpackages.com\\\/es\\\/\",\"logo\":{\"@id\":\"https:\\\/\\\/egytourpackages.com\\\/es\\\/tours\\\/safari-astronomico-en-sahl-hasheesh-quad-camello-caballo-y-cena-show\\\/#local-main-organization-logo\"},\"image\":{\"@id\":\"https:\\\/\\\/egytourpackages.com\\\/es\\\/tours\\\/safari-astronomico-en-sahl-hasheesh-quad-camello-caballo-y-cena-show\\\/#local-main-organization-logo\"},\"sameAs\":[\"https:\\\/\\\/www.facebook.com\\\/egytourpackages\"],\"legalName\":\"Egy tour packages\",\"address\":{\"@id\":\"https:\\\/\\\/egytourpackages.com\\\/es\\\/tours\\\/safari-astronomico-en-sahl-hasheesh-quad-camello-caballo-y-cena-show\\\/#local-main-place-address\"},\"telephone\":[\"00201000852186\",\"00201028685533\"],\"contactPoint\":{\"@type\":\"ContactPoint\",\"telephone\":\"00201000852186\"},\"openingHoursSpecification\":[{\"@type\":\"OpeningHoursSpecification\",\"dayOfWeek\":[\"Monday\",\"Tuesday\",\"Wednesday\",\"Thursday\",\"Friday\",\"Saturday\",\"Sunday\"],\"opens\":\"00:00\",\"closes\":\"23:59\"}],\"email\":\"info@egytourpackages.com\",\"areaServed\":\"Cairo, Hurghada, Luxor, Sharm El Sheikh, Marsa Alam, Aswan\",\"priceRange\":\"$\",\"currenciesAccepted\":\"euro\",\"paymentAccepted\":\"Payment links online\"},{\"@type\":\"PostalAddress\",\"@id\":\"https:\\\/\\\/egytourpackages.com\\\/es\\\/tours\\\/safari-astronomico-en-sahl-hasheesh-quad-camello-caballo-y-cena-show\\\/#local-main-place-address\",\"streetAddress\":\"Mubarak 8, Al Kawthar District, Hurghada\",\"addressLocality\":\"Hurghada\",\"postalCode\":\"84511\",\"addressRegion\":\"Red Sea\",\"addressCountry\":\"EG\"},{\"@type\":\"ImageObject\",\"inLanguage\":\"es\",\"@id\":\"https:\\\/\\\/egytourpackages.com\\\/es\\\/tours\\\/safari-astronomico-en-sahl-hasheesh-quad-camello-caballo-y-cena-show\\\/#local-main-organization-logo\",\"url\":\"https:\\\/\\\/egytourpackages.com\\\/wp-content\\\/uploads\\\/2025\\\/12\\\/Turquoise-Dahabiya-Nile-Cruise-1.jpeg\",\"contentUrl\":\"https:\\\/\\\/egytourpackages.com\\\/wp-content\\\/uploads\\\/2025\\\/12\\\/Turquoise-Dahabiya-Nile-Cruise-1.jpeg\",\"width\":1040,\"height\":694,\"caption\":\"egypt tour packages\"}]}<\/script>\n<meta property=\"product:brand\" content=\"Excursiones Egipto\" \/>\n<meta property=\"product:price:amount\" content=\"50\" \/>\n<meta property=\"product:price:currency\" content=\"EUR\" \/>\n<meta property=\"og:availability\" content=\"instock\" \/>\n<meta property=\"product:availability\" content=\"instock\" \/>\n<meta property=\"product:retailer_item_id\" content=\"SHDT07\" \/>\n<meta property=\"product:condition\" content=\"new\" \/>\n<meta name=\"geo.placename\" content=\"Hurghada\" \/>\n<meta name=\"geo.region\" content=\"Egipto\" \/>\n<!-- \/ Yoast SEO Premium plugin. -->","yoast_head_json":{"title":"Safari Astron\u00f3mico en Sahl Hasheesh: Las mejores excursiones de un d\u00eda por Egipto","description":"Safari Astron\u00f3mico en Sahl Hasheesh: Quad, Camello y Caballo + Cena BBQ Bedouin. \u00a1Observaci\u00f3n de Estrellas con Telescopio! Reserva tu aventura definitiva.","robots":{"index":"index","follow":"follow","max-snippet":"max-snippet:-1","max-image-preview":"max-image-preview:large","max-video-preview":"max-video-preview:-1"},"canonical":"https:\/\/egytourpackages.com\/es\/tours\/safari-astronomico-en-sahl-hasheesh-quad-camello-caballo-y-cena-show\/","og_locale":"es_ES","og_type":"article","og_title":"Safari Astron\u00f3mico en Sahl Hasheesh","og_description":"Safari Astron\u00f3mico en Sahl Hasheesh: Quad, Camello y Caballo + Cena BBQ Bedouin. \u00a1Observaci\u00f3n de Estrellas con Telescopio! Reserva tu aventura definitiva.","og_url":"https:\/\/egytourpackages.com\/es\/tours\/safari-astronomico-en-sahl-hasheesh-quad-camello-caballo-y-cena-show\/","og_site_name":"Egypt Tour Packages","article_publisher":"https:\/\/www.facebook.com\/egytourpackages","article_modified_time":"2026-01-28T23:59:35+00:00","og_image":[{"width":1550,"height":697,"url":"https:\/\/egytourpackages.com\/wp-content\/uploads\/2025\/10\/Camel-ride-from-Sahl-Hasheesh.jpeg","type":"image\/jpeg"}],"twitter_card":"summary_large_image","twitter_title":"Safari Astron\u00f3mico en Sahl Hasheesh: Quad, Camello, Caballo y Cena Show","twitter_misc":{"Precio":"&euro;50","Disponibilidad":"Disponible"},"schema":{"@context":"https:\/\/schema.org","@graph":[{"@type":"WebPage","@id":"https:\/\/egytourpackages.com\/es\/tours\/safari-astronomico-en-sahl-hasheesh-quad-camello-caballo-y-cena-show\/","url":"https:\/\/egytourpackages.com\/es\/tours\/safari-astronomico-en-sahl-hasheesh-quad-camello-caballo-y-cena-show\/","name":"Safari Astron\u00f3mico en Sahl Hasheesh: Las mejores excursiones de un d\u00eda por Egipto","isPartOf":{"@id":"https:\/\/egytourpackages.com\/es\/#website"},"primaryImageOfPage":{"@id":"https:\/\/egytourpackages.com\/es\/tours\/safari-astronomico-en-sahl-hasheesh-quad-camello-caballo-y-cena-show\/#primaryimage"},"image":{"@id":"https:\/\/egytourpackages.com\/es\/tours\/safari-astronomico-en-sahl-hasheesh-quad-camello-caballo-y-cena-show\/#primaryimage"},"thumbnailUrl":"https:\/\/egytourpackages.com\/wp-content\/uploads\/2025\/10\/Camel-ride-from-Sahl-Hasheesh.jpeg","datePublished":"2025-10-31T23:10:50+00:00","dateModified":"2026-01-28T23:59:35+00:00","description":"Safari Astron\u00f3mico en Sahl Hasheesh: Quad, Camello y Caballo + Cena BBQ Bedouin. \u00a1Observaci\u00f3n de Estrellas con Telescopio! Reserva tu aventura definitiva.","breadcrumb":{"@id":"https:\/\/egytourpackages.com\/es\/tours\/safari-astronomico-en-sahl-hasheesh-quad-camello-caballo-y-cena-show\/#breadcrumb"},"inLanguage":"es","potentialAction":[{"@type":"ReadAction","target":["https:\/\/egytourpackages.com\/es\/tours\/safari-astronomico-en-sahl-hasheesh-quad-camello-caballo-y-cena-show\/"]}]},{"@type":"ImageObject","inLanguage":"es","@id":"https:\/\/egytourpackages.com\/es\/tours\/safari-astronomico-en-sahl-hasheesh-quad-camello-caballo-y-cena-show\/#primaryimage","url":"https:\/\/egytourpackages.com\/wp-content\/uploads\/2025\/10\/Camel-ride-from-Sahl-Hasheesh.jpeg","contentUrl":"https:\/\/egytourpackages.com\/wp-content\/uploads\/2025\/10\/Camel-ride-from-Sahl-Hasheesh.jpeg","width":1550,"height":697,"caption":"Paseo en camello desde Sahl Hasheesh"},{"@type":"BreadcrumbList","@id":"https:\/\/egytourpackages.com\/es\/tours\/safari-astronomico-en-sahl-hasheesh-quad-camello-caballo-y-cena-show\/#breadcrumb","itemListElement":[{"@type":"ListItem","position":1,"name":"Home","item":"https:\/\/egytourpackages.com\/es\/paquetes-de-viaje-a-egipto\/"},{"@type":"ListItem","position":2,"name":"Shop","item":"https:\/\/egytourpackages.com\/shop\/"},{"@type":"ListItem","position":3,"name":"Safari Astron\u00f3mico en Sahl Hasheesh: Quad, Camello, Caballo y Cena Show"}]},{"@type":"WebSite","@id":"https:\/\/egytourpackages.com\/es\/#website","url":"https:\/\/egytourpackages.com\/es\/","name":"Egy tour packages","description":"","publisher":{"@id":"https:\/\/egytourpackages.com\/es\/#organization"},"potentialAction":[{"@type":"SearchAction","target":{"@type":"EntryPoint","urlTemplate":"https:\/\/egytourpackages.com\/es\/?s={search_term_string}"},"query-input":{"@type":"PropertyValueSpecification","valueRequired":true,"valueName":"search_term_string"}}],"inLanguage":"es"},{"@type":["Organization","Place","TravelAgency"],"@id":"https:\/\/egytourpackages.com\/es\/#organization","name":"egypt tour packages","alternateName":"egypt tour packages","url":"https:\/\/egytourpackages.com\/es\/","logo":{"@id":"https:\/\/egytourpackages.com\/es\/tours\/safari-astronomico-en-sahl-hasheesh-quad-camello-caballo-y-cena-show\/#local-main-organization-logo"},"image":{"@id":"https:\/\/egytourpackages.com\/es\/tours\/safari-astronomico-en-sahl-hasheesh-quad-camello-caballo-y-cena-show\/#local-main-organization-logo"},"sameAs":["https:\/\/www.facebook.com\/egytourpackages"],"legalName":"Egy tour packages","address":{"@id":"https:\/\/egytourpackages.com\/es\/tours\/safari-astronomico-en-sahl-hasheesh-quad-camello-caballo-y-cena-show\/#local-main-place-address"},"telephone":["00201000852186","00201028685533"],"contactPoint":{"@type":"ContactPoint","telephone":"00201000852186"},"openingHoursSpecification":[{"@type":"OpeningHoursSpecification","dayOfWeek":["Monday","Tuesday","Wednesday","Thursday","Friday","Saturday","Sunday"],"opens":"00:00","closes":"23:59"}],"email":"info@egytourpackages.com","areaServed":"Cairo, Hurghada, Luxor, Sharm El Sheikh, Marsa Alam, Aswan","priceRange":"$","currenciesAccepted":"euro","paymentAccepted":"Payment links online"},{"@type":"PostalAddress","@id":"https:\/\/egytourpackages.com\/es\/tours\/safari-astronomico-en-sahl-hasheesh-quad-camello-caballo-y-cena-show\/#local-main-place-address","streetAddress":"Mubarak 8, Al Kawthar District, Hurghada","addressLocality":"Hurghada","postalCode":"84511","addressRegion":"Red Sea","addressCountry":"EG"},{"@type":"ImageObject","inLanguage":"es","@id":"https:\/\/egytourpackages.com\/es\/tours\/safari-astronomico-en-sahl-hasheesh-quad-camello-caballo-y-cena-show\/#local-main-organization-logo","url":"https:\/\/egytourpackages.com\/wp-content\/uploads\/2025\/12\/Turquoise-Dahabiya-Nile-Cruise-1.jpeg","contentUrl":"https:\/\/egytourpackages.com\/wp-content\/uploads\/2025\/12\/Turquoise-Dahabiya-Nile-Cruise-1.jpeg","width":1040,"height":694,"caption":"egypt tour packages"}]},"product_brand":"Excursiones Egipto","product_price_amount":"50","product_price_currency":"EUR","og_availability":"instock","product_availability":"instock","product_retailer_item_id":"SHDT07","product_condition":"new","geo.placename":"Hurghada","geo.region":"Egipto"},"_links":{"self":[{"href":"https:\/\/egytourpackages.com\/es\/wp-json\/wp\/v2\/product\/9009","targetHints":{"allow":["GET"]}}],"collection":[{"href":"https:\/\/egytourpackages.com\/es\/wp-json\/wp\/v2\/product"}],"about":[{"href":"https:\/\/egytourpackages.com\/es\/wp-json\/wp\/v2\/types\/product"}],"replies":[{"embeddable":true,"href":"https:\/\/egytourpackages.com\/es\/wp-json\/wp\/v2\/comments?post=9009"}],"wp:featuredmedia":[{"embeddable":true,"href":"https:\/\/egytourpackages.com\/es\/wp-json\/wp\/v2\/media\/8919"}],"wp:attachment":[{"href":"https:\/\/egytourpackages.com\/es\/wp-json\/wp\/v2\/media?parent=9009"}],"wp:term":[{"taxonomy":"product_brand","embeddable":true,"href":"https:\/\/egytourpackages.com\/es\/wp-json\/wp\/v2\/product_brand?post=9009"},{"taxonomy":"product_cat","embeddable":true,"href":"https:\/\/egytourpackages.com\/es\/wp-json\/wp\/v2\/product_cat?post=9009"},{"taxonomy":"product_tag","embeddable":true,"href":"https:\/\/egytourpackages.com\/es\/wp-json\/wp\/v2\/product_tag?post=9009"}],"curies":[{"name":"wp","href":"https:\/\/api.w.org\/{rel}","templated":true}]}}