{"id":12319,"date":"2023-07-12T19:36:10","date_gmt":"2023-07-12T19:36:10","guid":{"rendered":"https:\/\/egytourpackages.com\/product\/ganztagiger-schnorchelausflug-nach-abu-dabbab-ab-marsa-alam\/"},"modified":"2026-01-09T13:46:59","modified_gmt":"2026-01-09T13:46:59","slug":"snorkeling-a-abu-dabbab-depuis-marsa-alam","status":"publish","type":"product","link":"https:\/\/egytourpackages.com\/fr\/tours\/snorkeling-a-abu-dabbab-depuis-marsa-alam\/","title":{"rendered":"Snorkeling \u00e0 Abu Dabbab depuis Marsa Alam"},"content":{"rendered":"<p><span style=\"color: #ff6600;\"><strong>Snorkeling \u00e0 Abu Dabbab depuis Marsa Alam: Tortues et Dugongs en une journ\u00e9e<\/strong><\/span><\/p>\n<h3><span style=\"color: #ff6600;\"><strong>Aper\u00e7u<\/strong><\/span><\/h3>\n<p>Pr\u00e9parez-vous pour une <strong>journ\u00e9e de snorkeling inoubliable \u00e0 Abu Dabbab au d\u00e9part de Marsa Alam<\/strong>, r\u00e9put\u00e9e pour \u00eatre l&rsquo;un des meilleurs spots marins de la <strong>Mer Rouge<\/strong>.<\/p>\n<p>Cette <strong>excursion de snorkeling \u00e0 Marsa Alam<\/strong> immersive offre une occasion unique d&rsquo;explorer des eaux cristallines et les r\u00e9cifs coralliens vibrants de la <strong>baie d&rsquo;Abu Dabbab<\/strong>, c\u00e9l\u00e8bre pour abriter de paisibles <strong>dugongs<\/strong>, des <strong>dauphins<\/strong> et de majestueuses <strong>tortues vertes<\/strong>.<\/p>\n<p>En effet, cette sortie de snorkeling \u00e0 <strong>Abu Dabbab<\/strong> propose une immersion totale dans les merveilles de la <strong>Mer Rouge<\/strong> avec nos circuits en \u00c9gypte.<\/p>\n<p>De plus, les <strong>excursions \u00e0 Marsa Alam<\/strong> sont un v\u00e9ritable paradis pour les amoureux du monde sous-marin et de la nature. R\u00e9servez votre <strong>pack voyage en \u00c9gypte<\/strong> pour Abu Dabbab et profitez d&rsquo;une journ\u00e9e de d\u00e9tente et de moments inoubliables sous l&rsquo;eau.<\/p>\n<h3><span style=\"color: #ff6600;\">D\u00e9tails du tour<\/span><\/h3>\n<ul>\n<li>Dur\u00e9e : 7 heures<\/li>\n<li>Lieu : Marsa Alam<\/li>\n<li>Disponibilit\u00e9 : tous les jours<\/li>\n<li>Prise en charge &amp; D\u00e9pose : votre h\u00f4tel \u00e0 Marsa Alam<\/li>\n<li>Type de tour : excursion de loisir<\/li>\n<li>Fauteuil roulant : accessible.<\/li>\n<\/ul>\n<h3><span style=\"color: #ff6600;\">Inclus dans l&rsquo;excursion Abu Dabbab<\/span><\/h3>\n<ul>\n<li>Transfert aller-retour<\/li>\n<li>D\u00e9jeuner<\/li>\n<li>Parasol et transat<\/li>\n<li>Eau durant la journ\u00e9e<\/li>\n<\/ul>\n<h3><span style=\"color: #ff6600;\">Exclu de l&rsquo;excursion Abu Dabbab<\/span><\/h3>\n<ul>\n<li>\u00c9quipement de snorkeling<\/li>\n<li>Boissons aux restaurants et bars de la plage<\/li>\n<li>Plong\u00e9e sous-marine (Scuba Diving)<\/li>\n<\/ul>\n<h3><span style=\"color: #ff6600;\">Quoi emporter<\/span><\/h3>\n<ul>\n<li>Serviette de plage de l&rsquo;h\u00f4tel<\/li>\n<li>Chapeau ou \u00e9charpe<\/li>\n<li>Cr\u00e8me solaire<\/li>\n<li>Maillot de bain<\/li>\n<li>Un peu de monnaie<\/li>\n<\/ul>\n<h2><span style=\"color: #ff6600;\">Itin\u00e9raire<\/span><\/h2>\n<p>Votre journ\u00e9e commence par une prise en charge pratique \u00e0 votre h\u00f4tel de Marsa Alam, suivie d&rsquo;un transfert confortable vers Abu Dabbab. \u00c0 votre arriv\u00e9e, vous r\u00e9cup\u00e9rerez votre <strong>\u00e9quipement de snorkeling<\/strong> et plongerez dans les eaux calmes et peu profondes de la baie.<\/p>\n<p>Des guides experts vous m\u00e8neront aux meilleurs endroits, garantissant des rencontres incroyables avec une vie marine diversifi\u00e9e, des poissons color\u00e9s aux dugongs et tortues r\u00e9sidents de la baie.<\/p>\n<p>C&rsquo;est ce qui en fait l&rsquo;une des meilleures <strong>excursions \u00e0 Marsa Alam<\/strong> pour les amoureux de la nature et une exp\u00e9rience de <strong>snorkeling en Mer Rouge<\/strong> incontournable.<\/p>\n<p>Le d\u00e9jeuner et les rafra\u00eechissements sont inclus, offrant une immersion relaxante d&rsquo;une journ\u00e9e enti\u00e8re dans le paradis sous-marin de l&rsquo;\u00c9gypte.<\/p>\n<p>Les <strong>excursions \u00e0 Marsa Alam<\/strong> vers la Baie des Tortues vous permettent de d\u00e9couvrir la vie marine de la <strong>Mer Rouge<\/strong>, ses <strong>poissons<\/strong> et ses <strong>r\u00e9cifs coralliens<\/strong>.<\/p>\n<p>En fait, les tours en \u00c9gypte vers Abu Dabbab sont l&rsquo;une des <strong>meilleures activit\u00e9s \u00e0 faire \u00e0 Marsa Alam<\/strong>, avec la possibilit\u00e9 de faire de la <strong>plong\u00e9e sous-marine \u00e0 Abu Dabbab<\/strong> (en suppl\u00e9ment).<\/p>\n<p>Prix de la journ\u00e9e de snorkeling Abu Dabbab depuis Marsa Alam<\/p>\n<ul>\n<li>Prix Adulte : 75 \u20ac<\/li>\n<li>Enfants 0-5 ans : gratuit.<\/li>\n<li>Enfants 5-11 ans : 50 % du prix adulte<\/li>\n<\/ul>\n<h3><span style=\"color: #ff6600;\">R\u00e9servation<\/span><\/h3>\n<p>Vous pouvez r\u00e9server votre tour via WhatsApp ou nous envoyer un e-mail, et vous recevrez la confirmation sur-le-champ.<\/p>\n<p>Veuillez nous envoyer le nom de votre h\u00f4tel, votre num\u00e9ro de chambre et une copie de vos passeports.<\/p>\n<ul>\n<li>WhatsApp : +20 1000852186<\/li>\n<li>E-mail : info@egytourpackages.com<\/li>\n<\/ul>\n<h3><span style=\"color: #ff6600;\">R\u00e9servez maintenant et payez sur place. <\/span><\/h3>\n<p>R\u00e9servez votre excursion pr\u00e9f\u00e9r\u00e9e et payez le jour m\u00eame du voyage.<\/p>\n<h3><span style=\"color: #ff6600;\">Paiement<\/span><\/h3>\n<p>Vous pouvez payer en livres \u00e9gyptiennes, en $, en \u20ac ou en \u00a3.<\/p>\n<h3><span style=\"color: #ff6600;\">Politique d&rsquo;annulation<\/span><\/h3>\n<ul>\n<li>L&rsquo;annulation est gratuite jusqu&rsquo;\u00e0 24 heures \u00e0 l&rsquo;avance.<\/li>\n<li>Une annulation le matin m\u00eame entra\u00eene des frais de 50 % du prix.<\/li>\n<\/ul>\n","protected":false},"excerpt":{"rendered":"<p>Snorkeling \u00e0 Abu Dabbab depuis Marsa Alam : Explorez la baie des tortues et des dugongs. Inclus : transfert, d\u00e9jeuner et d\u00e9tente. Meilleur prix.R\u00e9servez ici<\/p>\n","protected":false},"featured_media":12320,"comment_status":"open","ping_status":"closed","template":"","meta":[],"product_brand":[],"product_cat":[3124],"product_tag":[3744,3275,3717,3940,3276],"class_list":{"0":"post-12319","1":"product","2":"type-product","3":"status-publish","4":"has-post-thumbnail","6":"product_cat-tours-fr","7":"product_tag-baie-des-dugongs","8":"product_tag-excursions-dune-journee-en-egypte","9":"product_tag-recif-de-la-maison-dabu-dabbab","10":"product_tag-tauchen-in-abu-dabbab","11":"product_tag-visites-guidees-de-marsa-alam","12":"tour_category-circuits-et-excursions-marsa-alam-fr","13":"tour_category-excursions-en-egypte-fr","15":"first","16":"instock","17":"sale","18":"shipping-taxable","19":"purchasable","20":"product-type-tour","21":"has-default-attributes"},"yoast_head":"<!-- This site is optimized with the Yoast SEO Premium plugin v27.4 (Yoast SEO v27.4) - https:\/\/yoast.com\/product\/yoast-seo-premium-wordpress\/ -->\n<title>Snorkeling \u00e0 Abu Dabbab depuis Marsa Alam<\/title>\n<meta name=\"description\" content=\"Snorkeling \u00e0 Abu Dabbab depuis Marsa Alam : Explorez la baie des tortues et des dugongs. Inclus : transfert, d\u00e9jeuner et d\u00e9tente. Meilleur prix.R\u00e9servez ici\" \/>\n<meta name=\"robots\" content=\"index, follow, max-snippet:-1, max-image-preview:large, max-video-preview:-1\" \/>\n<link rel=\"canonical\" href=\"https:\/\/egytourpackages.com\/fr\/tours\/snorkeling-a-abu-dabbab-depuis-marsa-alam\/\" \/>\n<meta property=\"og:locale\" content=\"fr_FR\" \/>\n<meta property=\"og:type\" content=\"article\" \/>\n<meta property=\"og:title\" content=\"Snorkeling \u00e0 Abu Dabbab depuis Marsa Alam\" \/>\n<meta property=\"og:description\" content=\"Snorkeling \u00e0 Abu Dabbab depuis Marsa Alam : Explorez la baie des tortues et des dugongs. Inclus : transfert, d\u00e9jeuner et d\u00e9tente. Meilleur prix.R\u00e9servez ici\" \/>\n<meta property=\"og:url\" content=\"https:\/\/egytourpackages.com\/fr\/tours\/snorkeling-a-abu-dabbab-depuis-marsa-alam\/\" \/>\n<meta property=\"og:site_name\" content=\"Egypt Tour Packages\" \/>\n<meta property=\"article:publisher\" content=\"https:\/\/www.facebook.com\/egytourpackages\" \/>\n<meta property=\"article:modified_time\" content=\"2026-01-09T13:46:59+00:00\" \/>\n<meta property=\"og:image\" content=\"https:\/\/egytourpackages.com\/wp-content\/uploads\/2023\/07\/Snorkeling-Abu-Dabbab.jpg\" \/>\n<meta name=\"twitter:card\" content=\"summary_large_image\" \/>\n<meta name=\"twitter:title\" content=\"Ganzt\u00e4giger Schnorchelausflug nach Abu Dabbab ab Marsa Alam\" \/>\n<meta name=\"twitter:description\" content=\"Ganztagesausflug zum Schnorcheln nach Abu Dabbab ab Marsa Alam | Entdecken Sie die besten Aktivit\u00e4ten in Marsa Alam, wie z. B. Schnorcheln in Abu Dabbab mit Dugongs, Schildkr\u00f6ten und Delfinen.\" \/>\n<meta name=\"twitter:image\" content=\"https:\/\/egytourpackages.com\/wp-content\/uploads\/2023\/07\/Snorkeling-Abu-Dabbab.jpg\" \/>\n<meta name=\"twitter:label1\" content=\"Prix\" \/>\n\t<meta name=\"twitter:data1\" content=\"&euro;75\" \/>\n\t<meta name=\"twitter:label2\" content=\"Disponibilit\u00e9\" \/>\n\t<meta name=\"twitter:data2\" content=\"En stock\" \/>\n<script type=\"application\/ld+json\" class=\"yoast-schema-graph\">{\"@context\":\"https:\\\/\\\/schema.org\",\"@graph\":[{\"@type\":\"WebPage\",\"@id\":\"https:\\\/\\\/egytourpackages.com\\\/fr\\\/tours\\\/snorkeling-a-abu-dabbab-depuis-marsa-alam\\\/\",\"url\":\"https:\\\/\\\/egytourpackages.com\\\/fr\\\/tours\\\/snorkeling-a-abu-dabbab-depuis-marsa-alam\\\/\",\"name\":\"Snorkeling \u00e0 Abu Dabbab depuis Marsa Alam\",\"isPartOf\":{\"@id\":\"https:\\\/\\\/egytourpackages.com\\\/fr\\\/#website\"},\"primaryImageOfPage\":{\"@id\":\"https:\\\/\\\/egytourpackages.com\\\/fr\\\/tours\\\/snorkeling-a-abu-dabbab-depuis-marsa-alam\\\/#primaryimage\"},\"image\":{\"@id\":\"https:\\\/\\\/egytourpackages.com\\\/fr\\\/tours\\\/snorkeling-a-abu-dabbab-depuis-marsa-alam\\\/#primaryimage\"},\"thumbnailUrl\":\"https:\\\/\\\/egytourpackages.com\\\/wp-content\\\/uploads\\\/2023\\\/07\\\/Snorkeling-Abu-Dabbab.jpg\",\"datePublished\":\"2023-07-12T19:36:10+00:00\",\"dateModified\":\"2026-01-09T13:46:59+00:00\",\"description\":\"Snorkeling \u00e0 Abu Dabbab depuis Marsa Alam : Explorez la baie des tortues et des dugongs. Inclus : transfert, d\u00e9jeuner et d\u00e9tente. Meilleur prix.R\u00e9servez ici\",\"breadcrumb\":{\"@id\":\"https:\\\/\\\/egytourpackages.com\\\/fr\\\/tours\\\/snorkeling-a-abu-dabbab-depuis-marsa-alam\\\/#breadcrumb\"},\"inLanguage\":\"fr-FR\",\"potentialAction\":[{\"@type\":\"ReadAction\",\"target\":[\"https:\\\/\\\/egytourpackages.com\\\/fr\\\/tours\\\/snorkeling-a-abu-dabbab-depuis-marsa-alam\\\/\"]}]},{\"@type\":\"ImageObject\",\"inLanguage\":\"fr-FR\",\"@id\":\"https:\\\/\\\/egytourpackages.com\\\/fr\\\/tours\\\/snorkeling-a-abu-dabbab-depuis-marsa-alam\\\/#primaryimage\",\"url\":\"https:\\\/\\\/egytourpackages.com\\\/wp-content\\\/uploads\\\/2023\\\/07\\\/Snorkeling-Abu-Dabbab.jpg\",\"contentUrl\":\"https:\\\/\\\/egytourpackages.com\\\/wp-content\\\/uploads\\\/2023\\\/07\\\/Snorkeling-Abu-Dabbab.jpg\",\"width\":1000,\"height\":750,\"caption\":\"Snorkeling \u00e0 Abu Dabbab depuis Marsa Alam\"},{\"@type\":\"BreadcrumbList\",\"@id\":\"https:\\\/\\\/egytourpackages.com\\\/fr\\\/tours\\\/snorkeling-a-abu-dabbab-depuis-marsa-alam\\\/#breadcrumb\",\"itemListElement\":[{\"@type\":\"ListItem\",\"position\":1,\"name\":\"Home\",\"item\":\"https:\\\/\\\/egytourpackages.com\\\/fr\\\/circuits-en-egypte\\\/\"},{\"@type\":\"ListItem\",\"position\":2,\"name\":\"Shop\",\"item\":\"https:\\\/\\\/egytourpackages.com\\\/shop\\\/\"},{\"@type\":\"ListItem\",\"position\":3,\"name\":\"Snorkeling \u00e0 Abu Dabbab depuis Marsa Alam\"}]},{\"@type\":\"WebSite\",\"@id\":\"https:\\\/\\\/egytourpackages.com\\\/fr\\\/#website\",\"url\":\"https:\\\/\\\/egytourpackages.com\\\/fr\\\/\",\"name\":\"Egy tour packages\",\"description\":\"\",\"publisher\":{\"@id\":\"https:\\\/\\\/egytourpackages.com\\\/fr\\\/#organization\"},\"potentialAction\":[{\"@type\":\"SearchAction\",\"target\":{\"@type\":\"EntryPoint\",\"urlTemplate\":\"https:\\\/\\\/egytourpackages.com\\\/fr\\\/?s={search_term_string}\"},\"query-input\":{\"@type\":\"PropertyValueSpecification\",\"valueRequired\":true,\"valueName\":\"search_term_string\"}}],\"inLanguage\":\"fr-FR\"},{\"@type\":[\"Organization\",\"Place\",\"TravelAgency\"],\"@id\":\"https:\\\/\\\/egytourpackages.com\\\/fr\\\/#organization\",\"name\":\"egypt tour packages\",\"alternateName\":\"egypt tour packages\",\"url\":\"https:\\\/\\\/egytourpackages.com\\\/fr\\\/\",\"logo\":{\"@id\":\"https:\\\/\\\/egytourpackages.com\\\/fr\\\/tours\\\/snorkeling-a-abu-dabbab-depuis-marsa-alam\\\/#local-main-organization-logo\"},\"image\":{\"@id\":\"https:\\\/\\\/egytourpackages.com\\\/fr\\\/tours\\\/snorkeling-a-abu-dabbab-depuis-marsa-alam\\\/#local-main-organization-logo\"},\"sameAs\":[\"https:\\\/\\\/www.facebook.com\\\/egytourpackages\"],\"legalName\":\"Egy tour packages\",\"address\":{\"@id\":\"https:\\\/\\\/egytourpackages.com\\\/fr\\\/tours\\\/snorkeling-a-abu-dabbab-depuis-marsa-alam\\\/#local-main-place-address\"},\"telephone\":[\"00201000852186\",\"00201028685533\"],\"contactPoint\":{\"@type\":\"ContactPoint\",\"telephone\":\"00201000852186\"},\"openingHoursSpecification\":[{\"@type\":\"OpeningHoursSpecification\",\"dayOfWeek\":[\"Monday\",\"Tuesday\",\"Wednesday\",\"Thursday\",\"Friday\",\"Saturday\",\"Sunday\"],\"opens\":\"00:00\",\"closes\":\"23:59\"}],\"email\":\"info@egytourpackages.com\",\"areaServed\":\"Cairo, Hurghada, Luxor, Sharm El Sheikh, Marsa Alam, Aswan\",\"priceRange\":\"$\",\"currenciesAccepted\":\"euro\",\"paymentAccepted\":\"Payment links online\"},{\"@type\":\"PostalAddress\",\"@id\":\"https:\\\/\\\/egytourpackages.com\\\/fr\\\/tours\\\/snorkeling-a-abu-dabbab-depuis-marsa-alam\\\/#local-main-place-address\",\"streetAddress\":\"Mubarak 8, Al Kawthar District, Hurghada\",\"addressLocality\":\"Hurghada\",\"postalCode\":\"84511\",\"addressRegion\":\"Red Sea\",\"addressCountry\":\"EG\"},{\"@type\":\"ImageObject\",\"inLanguage\":\"fr-FR\",\"@id\":\"https:\\\/\\\/egytourpackages.com\\\/fr\\\/tours\\\/snorkeling-a-abu-dabbab-depuis-marsa-alam\\\/#local-main-organization-logo\",\"url\":\"https:\\\/\\\/egytourpackages.com\\\/wp-content\\\/uploads\\\/2025\\\/12\\\/Turquoise-Dahabiya-Nile-Cruise-1.jpeg\",\"contentUrl\":\"https:\\\/\\\/egytourpackages.com\\\/wp-content\\\/uploads\\\/2025\\\/12\\\/Turquoise-Dahabiya-Nile-Cruise-1.jpeg\",\"width\":1040,\"height\":694,\"caption\":\"egypt tour packages\"}]}<\/script>\n<meta property=\"product:brand\" content=\"Circuits et excursions Marsa Alam\" \/>\n<meta property=\"product:price:amount\" content=\"75\" \/>\n<meta property=\"product:price:currency\" content=\"EUR\" \/>\n<meta property=\"og:availability\" content=\"instock\" \/>\n<meta property=\"product:availability\" content=\"instock\" \/>\n<meta property=\"product:retailer_item_id\" content=\"MAT05\" \/>\n<meta property=\"product:condition\" content=\"new\" \/>\n<meta name=\"geo.placename\" content=\"Hurghada\" \/>\n<meta name=\"geo.region\" content=\"\u00c9gypte\" \/>\n<!-- \/ Yoast SEO Premium plugin. -->","yoast_head_json":{"title":"Snorkeling \u00e0 Abu Dabbab depuis Marsa Alam","description":"Snorkeling \u00e0 Abu Dabbab depuis Marsa Alam : Explorez la baie des tortues et des dugongs. Inclus : transfert, d\u00e9jeuner et d\u00e9tente. Meilleur prix.R\u00e9servez ici","robots":{"index":"index","follow":"follow","max-snippet":"max-snippet:-1","max-image-preview":"max-image-preview:large","max-video-preview":"max-video-preview:-1"},"canonical":"https:\/\/egytourpackages.com\/fr\/tours\/snorkeling-a-abu-dabbab-depuis-marsa-alam\/","og_locale":"fr_FR","og_type":"article","og_title":"Snorkeling \u00e0 Abu Dabbab depuis Marsa Alam","og_description":"Snorkeling \u00e0 Abu Dabbab depuis Marsa Alam : Explorez la baie des tortues et des dugongs. Inclus : transfert, d\u00e9jeuner et d\u00e9tente. Meilleur prix.R\u00e9servez ici","og_url":"https:\/\/egytourpackages.com\/fr\/tours\/snorkeling-a-abu-dabbab-depuis-marsa-alam\/","og_site_name":"Egypt Tour Packages","article_publisher":"https:\/\/www.facebook.com\/egytourpackages","article_modified_time":"2026-01-09T13:46:59+00:00","og_image":[{"url":"https:\/\/egytourpackages.com\/wp-content\/uploads\/2023\/07\/Snorkeling-Abu-Dabbab.jpg","type":"","width":"","height":""}],"twitter_card":"summary_large_image","twitter_title":"Ganzt\u00e4giger Schnorchelausflug nach Abu Dabbab ab Marsa Alam","twitter_description":"Ganztagesausflug zum Schnorcheln nach Abu Dabbab ab Marsa Alam | Entdecken Sie die besten Aktivit\u00e4ten in Marsa Alam, wie z. B. Schnorcheln in Abu Dabbab mit Dugongs, Schildkr\u00f6ten und Delfinen.","twitter_image":"https:\/\/egytourpackages.com\/wp-content\/uploads\/2023\/07\/Snorkeling-Abu-Dabbab.jpg","twitter_misc":{"Prix":"&euro;75","Disponibilit\u00e9":"En stock"},"schema":{"@context":"https:\/\/schema.org","@graph":[{"@type":"WebPage","@id":"https:\/\/egytourpackages.com\/fr\/tours\/snorkeling-a-abu-dabbab-depuis-marsa-alam\/","url":"https:\/\/egytourpackages.com\/fr\/tours\/snorkeling-a-abu-dabbab-depuis-marsa-alam\/","name":"Snorkeling \u00e0 Abu Dabbab depuis Marsa Alam","isPartOf":{"@id":"https:\/\/egytourpackages.com\/fr\/#website"},"primaryImageOfPage":{"@id":"https:\/\/egytourpackages.com\/fr\/tours\/snorkeling-a-abu-dabbab-depuis-marsa-alam\/#primaryimage"},"image":{"@id":"https:\/\/egytourpackages.com\/fr\/tours\/snorkeling-a-abu-dabbab-depuis-marsa-alam\/#primaryimage"},"thumbnailUrl":"https:\/\/egytourpackages.com\/wp-content\/uploads\/2023\/07\/Snorkeling-Abu-Dabbab.jpg","datePublished":"2023-07-12T19:36:10+00:00","dateModified":"2026-01-09T13:46:59+00:00","description":"Snorkeling \u00e0 Abu Dabbab depuis Marsa Alam : Explorez la baie des tortues et des dugongs. Inclus : transfert, d\u00e9jeuner et d\u00e9tente. Meilleur prix.R\u00e9servez ici","breadcrumb":{"@id":"https:\/\/egytourpackages.com\/fr\/tours\/snorkeling-a-abu-dabbab-depuis-marsa-alam\/#breadcrumb"},"inLanguage":"fr-FR","potentialAction":[{"@type":"ReadAction","target":["https:\/\/egytourpackages.com\/fr\/tours\/snorkeling-a-abu-dabbab-depuis-marsa-alam\/"]}]},{"@type":"ImageObject","inLanguage":"fr-FR","@id":"https:\/\/egytourpackages.com\/fr\/tours\/snorkeling-a-abu-dabbab-depuis-marsa-alam\/#primaryimage","url":"https:\/\/egytourpackages.com\/wp-content\/uploads\/2023\/07\/Snorkeling-Abu-Dabbab.jpg","contentUrl":"https:\/\/egytourpackages.com\/wp-content\/uploads\/2023\/07\/Snorkeling-Abu-Dabbab.jpg","width":1000,"height":750,"caption":"Snorkeling \u00e0 Abu Dabbab depuis Marsa Alam"},{"@type":"BreadcrumbList","@id":"https:\/\/egytourpackages.com\/fr\/tours\/snorkeling-a-abu-dabbab-depuis-marsa-alam\/#breadcrumb","itemListElement":[{"@type":"ListItem","position":1,"name":"Home","item":"https:\/\/egytourpackages.com\/fr\/circuits-en-egypte\/"},{"@type":"ListItem","position":2,"name":"Shop","item":"https:\/\/egytourpackages.com\/shop\/"},{"@type":"ListItem","position":3,"name":"Snorkeling \u00e0 Abu Dabbab depuis Marsa Alam"}]},{"@type":"WebSite","@id":"https:\/\/egytourpackages.com\/fr\/#website","url":"https:\/\/egytourpackages.com\/fr\/","name":"Egy tour packages","description":"","publisher":{"@id":"https:\/\/egytourpackages.com\/fr\/#organization"},"potentialAction":[{"@type":"SearchAction","target":{"@type":"EntryPoint","urlTemplate":"https:\/\/egytourpackages.com\/fr\/?s={search_term_string}"},"query-input":{"@type":"PropertyValueSpecification","valueRequired":true,"valueName":"search_term_string"}}],"inLanguage":"fr-FR"},{"@type":["Organization","Place","TravelAgency"],"@id":"https:\/\/egytourpackages.com\/fr\/#organization","name":"egypt tour packages","alternateName":"egypt tour packages","url":"https:\/\/egytourpackages.com\/fr\/","logo":{"@id":"https:\/\/egytourpackages.com\/fr\/tours\/snorkeling-a-abu-dabbab-depuis-marsa-alam\/#local-main-organization-logo"},"image":{"@id":"https:\/\/egytourpackages.com\/fr\/tours\/snorkeling-a-abu-dabbab-depuis-marsa-alam\/#local-main-organization-logo"},"sameAs":["https:\/\/www.facebook.com\/egytourpackages"],"legalName":"Egy tour packages","address":{"@id":"https:\/\/egytourpackages.com\/fr\/tours\/snorkeling-a-abu-dabbab-depuis-marsa-alam\/#local-main-place-address"},"telephone":["00201000852186","00201028685533"],"contactPoint":{"@type":"ContactPoint","telephone":"00201000852186"},"openingHoursSpecification":[{"@type":"OpeningHoursSpecification","dayOfWeek":["Monday","Tuesday","Wednesday","Thursday","Friday","Saturday","Sunday"],"opens":"00:00","closes":"23:59"}],"email":"info@egytourpackages.com","areaServed":"Cairo, Hurghada, Luxor, Sharm El Sheikh, Marsa Alam, Aswan","priceRange":"$","currenciesAccepted":"euro","paymentAccepted":"Payment links online"},{"@type":"PostalAddress","@id":"https:\/\/egytourpackages.com\/fr\/tours\/snorkeling-a-abu-dabbab-depuis-marsa-alam\/#local-main-place-address","streetAddress":"Mubarak 8, Al Kawthar District, Hurghada","addressLocality":"Hurghada","postalCode":"84511","addressRegion":"Red Sea","addressCountry":"EG"},{"@type":"ImageObject","inLanguage":"fr-FR","@id":"https:\/\/egytourpackages.com\/fr\/tours\/snorkeling-a-abu-dabbab-depuis-marsa-alam\/#local-main-organization-logo","url":"https:\/\/egytourpackages.com\/wp-content\/uploads\/2025\/12\/Turquoise-Dahabiya-Nile-Cruise-1.jpeg","contentUrl":"https:\/\/egytourpackages.com\/wp-content\/uploads\/2025\/12\/Turquoise-Dahabiya-Nile-Cruise-1.jpeg","width":1040,"height":694,"caption":"egypt tour packages"}]},"product_brand":"Circuits et excursions Marsa Alam","product_price_amount":"75","product_price_currency":"EUR","og_availability":"instock","product_availability":"instock","product_retailer_item_id":"MAT05","product_condition":"new","geo.placename":"Hurghada","geo.region":"\u00c9gypte"},"_links":{"self":[{"href":"https:\/\/egytourpackages.com\/fr\/wp-json\/wp\/v2\/product\/12319","targetHints":{"allow":["GET"]}}],"collection":[{"href":"https:\/\/egytourpackages.com\/fr\/wp-json\/wp\/v2\/product"}],"about":[{"href":"https:\/\/egytourpackages.com\/fr\/wp-json\/wp\/v2\/types\/product"}],"replies":[{"embeddable":true,"href":"https:\/\/egytourpackages.com\/fr\/wp-json\/wp\/v2\/comments?post=12319"}],"wp:featuredmedia":[{"embeddable":true,"href":"https:\/\/egytourpackages.com\/fr\/wp-json\/wp\/v2\/media\/12320"}],"wp:attachment":[{"href":"https:\/\/egytourpackages.com\/fr\/wp-json\/wp\/v2\/media?parent=12319"}],"wp:term":[{"taxonomy":"product_brand","embeddable":true,"href":"https:\/\/egytourpackages.com\/fr\/wp-json\/wp\/v2\/product_brand?post=12319"},{"taxonomy":"product_cat","embeddable":true,"href":"https:\/\/egytourpackages.com\/fr\/wp-json\/wp\/v2\/product_cat?post=12319"},{"taxonomy":"product_tag","embeddable":true,"href":"https:\/\/egytourpackages.com\/fr\/wp-json\/wp\/v2\/product_tag?post=12319"}],"curies":[{"name":"wp","href":"https:\/\/api.w.org\/{rel}","templated":true}]}}