{"id":12326,"date":"2023-07-12T20:20:51","date_gmt":"2023-07-12T20:20:51","guid":{"rendered":"https:\/\/egytourpackages.com\/product\/nager-avec-les-dauphins-a-sataya\/"},"modified":"2026-01-09T22:40:17","modified_gmt":"2026-01-09T22:40:17","slug":"nager-avec-les-dauphins-a-sataya","status":"publish","type":"product","link":"https:\/\/egytourpackages.com\/fr\/tours\/nager-avec-les-dauphins-a-sataya\/","title":{"rendered":"Nager avec les dauphins \u00e0 Sataya"},"content":{"rendered":"<p><strong><span style=\"color: #ff6600;\">Nager avec les dauphins \u00e0 Sataya: Excursion en bateau depuis Marsa Alam<\/span><\/strong><\/p>\n<h3><span style=\"color: #ff6600;\">Pr\u00e9sentation<\/span><\/h3>\n<p>Immergez-vous dans une exp\u00e9rience in\u00e9gal\u00e9e en allant <strong>nager avec les dauphins au r\u00e9cif de Sataya<\/strong> depuis Marsa Alam, une aventure v\u00e9ritablement magique en <strong>Mer Rouge<\/strong>.<\/p>\n<p>En fait, la <strong>\u00ab Maison des Dauphins \u00bb<\/strong> (Dolphin House) du r\u00e9cif de Sataya est l&rsquo;un des habitats naturels les plus c\u00e9l\u00e8bres au monde pour les grands bancs de <strong>dauphins \u00e0 long bec<\/strong> sauvages, offrant une rencontre \u00e9thique et inoubliable avec les <strong>dauphins<\/strong> au d\u00e9part de <strong>Marsa Alam<\/strong>.<\/p>\n<p>Cette <strong>excursion en bateau d&rsquo;une journ\u00e9e<\/strong> depuis Marsa Alam offre une occasion incroyable de <strong>nager avec des dauphins<\/strong> sauvages en <strong>\u00c9gypte<\/strong>, en observant ces magnifiques cr\u00e9atures dans leur environnement naturel.<\/p>\n<p>Au-del\u00e0 de la baignade palpitante, les passagers peuvent profiter d&rsquo;une s\u00e9ance de <strong>snorkeling \u00e0 Sataya Reef<\/strong> exceptionnelle, au milieu de jardins de coraux vibrants et d&rsquo;une vie marine diversifi\u00e9e.<\/p>\n<p>Parfaite pour les amoureux de la nature et les amateurs d&rsquo;aventure, cette <strong>excursion aux dauphins de Sataya<\/strong> promet des souvenirs imp\u00e9rissables au c\u0153ur des eaux cristallines de la Mer Rouge \u00e9gyptienne, ce qui en fait l&rsquo;une des <strong>excursions les mieux not\u00e9es \u00e0 Marsa Alam<\/strong>.<\/p>\n<h3><span style=\"color: #ff6600;\">D\u00e9tails<\/span><\/h3>\n<ul>\n<li>Dur\u00e9e : 1 jour<\/li>\n<li>Lieu: Marsa Alam<\/li>\n<li>Disponibilit\u00e9 : samedi \u2013 lundi \u2013 mercredi.<\/li>\n<li>Prise en charge &amp; D\u00e9pose : votre h\u00f4tel \u00e0 Marsa Alam<\/li>\n<li>Type de tour : excursion de loisir<\/li>\n<li>Fauteuil roulant : accessible.<\/li>\n<\/ul>\n<h3><span style=\"color: #ff6600;\">Inclusions<\/span><\/h3>\n<ul>\n<li>Transfert aller-retour depuis votre h\u00f4tel<\/li>\n<li>D\u00e9jeuner \u00e0 bord<\/li>\n<li>\u00c9quipement de snorkeling<\/li>\n<li>Guide de snorkeling<\/li>\n<\/ul>\n<h3><span style=\"color: #ff6600;\">Exclusions<\/span><\/h3>\n<ul>\n<li>Pourboires<\/li>\n<li>DVD et photos par le photographe<\/li>\n<li>Plong\u00e9e sous-marine (Scuba Diving)<\/li>\n<\/ul>\n<h3><span style=\"color: #ff6600;\">Quoi emporter<\/span><\/h3>\n<ul>\n<li>Serviette de plage de l&rsquo;h\u00f4tel<\/li>\n<li>Chapeau ou \u00e9charpe<\/li>\n<li>Cr\u00e8me solaire<\/li>\n<li>Maillot de bain<\/li>\n<li>Un peu de monnaie<\/li>\n<\/ul>\n<h2><span style=\"color: #ff6600;\">Itin\u00e9raire<\/span><\/h2>\n<p><strong>Nager avec les dauphins au r\u00e9cif de Sataya, \u00c9gypte<\/strong> | Meilleures sorties <strong>snorkeling en \u00c9gypte<\/strong> | R\u00e9servez une <strong>excursion en bateau \u00e0 petit prix<\/strong> depuis Marsa Alam vers la <strong>maison des dauphins de Sataya<\/strong>.<\/p>\n<p><strong>Nager avec les dauphins \u00e0 Sataya Reef<\/strong> est une exp\u00e9rience unique que vous n&rsquo;oublierez jamais. En fait, le r\u00e9cif de la <strong>maison des dauphins<\/strong> est c\u00e9l\u00e8bre pour ses <strong>dauphins \u00e0 long bec<\/strong>, qui consid\u00e8rent le lagon de Sataya comme leur v\u00e9ritable foyer.<\/p>\n<p>En effet, cette sortie snorkeling \u00e0 la maison des dauphins de Sataya est au sommet des <strong>attractions touristiques de Marsa Alam<\/strong>. Imaginez passer toute la journ\u00e9e \u00e0 <strong>nager avec les dauphins<\/strong> dans leur habitat naturel et \u00e0 jouer avec ces mammif\u00e8res marins.<\/p>\n<p>Explorez la <strong>vie marine de la Mer Rouge<\/strong>, les <strong>coraux<\/strong> et les <strong>poissons tropicaux<\/strong>, nagez avec les <strong>dauphins<\/strong> et apprenez-en plus sur les c\u00e9tac\u00e9s en \u00c9gypte comme jamais auparavant.<\/p>\n<p>De plus, si vous souhaitez tenter la <strong>plong\u00e9e sous-marine en Mer Rouge<\/strong>, cela est possible avec un suppl\u00e9ment de prix.<\/p>\n<h3><span style=\"color: #ff6600;\">Prix pour nager avec les dauphins \u00e0 Sataya, \u00c9gypte<\/span><\/h3>\n<p><strong>Prix total :<\/strong>\u00a070 euros par personne.<\/p>\n<h3><span style=\"color: #ff6600;\">R\u00e9servation<\/span><\/h3>\n<p>Vous pouvez r\u00e9server votre tour via WhatsApp ou nous envoyer un e-mail, et vous recevrez la confirmation imm\u00e9diatement.<\/p>\n<p>Veuillez nous envoyer le nom de votre h\u00f4tel, votre num\u00e9ro de chambre et une copie de vos passeports.<\/p>\n<p><strong>WhatsApp : +20 1000852186<\/strong><\/p>\n<p><strong>E-mail:<\/strong> info@egytourpackages.com<\/p>\n<h3><span style=\"color: #ff6600;\">R\u00e9servez maintenant et payez sur place.<\/span><\/h3>\n<p>R\u00e9servez votre excursion pr\u00e9f\u00e9r\u00e9e et payez le jour m\u00eame du voyage.<\/p>\n<h3><span style=\"color: #ff6600;\">Paiement<\/span><\/h3>\n<p>Vous pouvez payer en livres \u00e9gyptiennes, en $, en \u20ac ou en \u00a3.<\/p>\n<h3><span style=\"color: #ff6600;\">Politique d&rsquo;annulation<\/span><\/h3>\n<ul>\n<li>L&rsquo;annulation est gratuite jusqu&rsquo;\u00e0 24 heures \u00e0 l&rsquo;avance.<\/li>\n<li>Une annulation le matin m\u00eame entra\u00eene des frais de 50 % du prix.<\/li>\n<\/ul>\n","protected":false},"excerpt":{"rendered":"<p>Nager avec les dauphins \u00e0 Sataya : vivez une exp\u00e9rience magique au d\u00e9part de Marsa Alam. Snorkeling, dauphins sauvages et d\u00e9jeuner inclus. R\u00e9servez ici !<\/p>\n","protected":false},"featured_media":12327,"comment_status":"open","ping_status":"closed","template":"","meta":[],"product_brand":[],"product_cat":[3124],"product_tag":[3275,3941,3814,3276],"class_list":{"0":"post-12326","1":"product","2":"type-product","3":"status-publish","4":"has-post-thumbnail","6":"product_cat-tours-fr","7":"product_tag-excursions-dune-journee-en-egypte","8":"product_tag-plongee-sous-marine-en-mer-rouge","9":"product_tag-vacaciones-en-marsa-alam","10":"product_tag-visites-guidees-de-marsa-alam","11":"tour_category-circuits-et-excursions-marsa-alam-fr","12":"tour_category-excursions-en-egypte-fr","14":"first","15":"instock","16":"sale","17":"shipping-taxable","18":"purchasable","19":"product-type-tour","20":"has-default-attributes"},"yoast_head":"<!-- This site is optimized with the Yoast SEO Premium plugin v27.2 (Yoast SEO v27.2) - https:\/\/yoast.com\/product\/yoast-seo-premium-wordpress\/ -->\n<title>Nager avec les dauphins \u00e0 Sataya: Excursion en bateau depuis Marsa Alam<\/title>\n<meta name=\"description\" content=\"Vivez une exp\u00e9rience inoubliable en nageant avec les dauphins \u00e0 Sataya Reef, un habitat naturel pour les magnifiques dauphins \u00e0 long bec. R\u00e9servez votre aventure d\u00e8s aujourd&#039;hui\u00a0!\" \/>\n<meta name=\"robots\" content=\"index, follow, max-snippet:-1, max-image-preview:large, max-video-preview:-1\" \/>\n<link rel=\"canonical\" href=\"https:\/\/egytourpackages.com\/fr\/tours\/nager-avec-les-dauphins-a-sataya\/\" \/>\n<meta property=\"og:locale\" content=\"fr_FR\" \/>\n<meta property=\"og:type\" content=\"article\" \/>\n<meta property=\"og:title\" content=\"Nager avec les dauphins \u00e0 Sataya: Excursion en bateau depuis Marsa Alam\" \/>\n<meta property=\"og:description\" content=\"Vivez une exp\u00e9rience inoubliable en nageant avec les dauphins \u00e0 Sataya Reef, un habitat naturel pour les magnifiques dauphins \u00e0 long bec. R\u00e9servez votre aventure d\u00e8s aujourd&#039;hui\u00a0!\" \/>\n<meta property=\"og:url\" content=\"https:\/\/egytourpackages.com\/fr\/tours\/nager-avec-les-dauphins-a-sataya\/\" \/>\n<meta property=\"og:site_name\" content=\"Egypt Tour Packages\" \/>\n<meta property=\"article:publisher\" content=\"https:\/\/www.facebook.com\/egytourpackages\" \/>\n<meta property=\"article:modified_time\" content=\"2026-01-09T22:40:17+00:00\" \/>\n<meta property=\"og:image\" content=\"https:\/\/egytourpackages.com\/wp-content\/uploads\/2023\/07\/Dolphins-in-Sataya-Reef.jpg\" \/>\n<meta name=\"twitter:card\" content=\"summary_large_image\" \/>\n<meta name=\"twitter:title\" content=\"Nager avec les dauphins \u00e0 Sataya: Excursion en bateau depuis Marsa Alam\" \/>\n<meta name=\"twitter:description\" content=\"Vivez une exp\u00e9rience inoubliable en nageant avec les dauphins \u00e0 Sataya Reef, un habitat naturel pour les magnifiques dauphins \u00e0 long bec. R\u00e9servez votre aventure d\u00e8s aujourd&#039;hui\u00a0!\" \/>\n<meta name=\"twitter:image\" content=\"https:\/\/egytourpackages.com\/wp-content\/uploads\/2023\/07\/Dolphins-in-Sataya-Reef.jpg\" \/>\n<meta name=\"twitter:label1\" content=\"Prix\" \/>\n\t<meta name=\"twitter:data1\" content=\"&euro;60\" \/>\n\t<meta name=\"twitter:label2\" content=\"Disponibilit\u00e9\" \/>\n\t<meta name=\"twitter:data2\" content=\"En stock\" \/>\n<script type=\"application\/ld+json\" class=\"yoast-schema-graph\">{\"@context\":\"https:\/\/schema.org\",\"@graph\":[{\"@type\":\"WebPage\",\"@id\":\"https:\/\/egytourpackages.com\/fr\/tours\/nager-avec-les-dauphins-a-sataya\/\",\"url\":\"https:\/\/egytourpackages.com\/fr\/tours\/nager-avec-les-dauphins-a-sataya\/\",\"name\":\"Nager avec les dauphins \u00e0 Sataya: Excursion en bateau depuis Marsa Alam\",\"isPartOf\":{\"@id\":\"https:\/\/egytourpackages.com\/fr\/#website\"},\"primaryImageOfPage\":{\"@id\":\"https:\/\/egytourpackages.com\/fr\/tours\/nager-avec-les-dauphins-a-sataya\/#primaryimage\"},\"image\":{\"@id\":\"https:\/\/egytourpackages.com\/fr\/tours\/nager-avec-les-dauphins-a-sataya\/#primaryimage\"},\"thumbnailUrl\":\"https:\/\/egytourpackages.com\/wp-content\/uploads\/2023\/07\/Sataya-Dolphin-House.jpg\",\"datePublished\":\"2023-07-12T20:20:51+00:00\",\"dateModified\":\"2026-01-09T22:40:17+00:00\",\"description\":\"Vivez une exp\u00e9rience inoubliable en nageant avec les dauphins \u00e0 Sataya Reef, un habitat naturel pour les magnifiques dauphins \u00e0 long bec. R\u00e9servez votre aventure d\u00e8s aujourd'hui\u00a0!\",\"breadcrumb\":{\"@id\":\"https:\/\/egytourpackages.com\/fr\/tours\/nager-avec-les-dauphins-a-sataya\/#breadcrumb\"},\"inLanguage\":\"fr-FR\",\"potentialAction\":[{\"@type\":\"ReadAction\",\"target\":[\"https:\/\/egytourpackages.com\/fr\/tours\/nager-avec-les-dauphins-a-sataya\/\"]}]},{\"@type\":\"ImageObject\",\"inLanguage\":\"fr-FR\",\"@id\":\"https:\/\/egytourpackages.com\/fr\/tours\/nager-avec-les-dauphins-a-sataya\/#primaryimage\",\"url\":\"https:\/\/egytourpackages.com\/wp-content\/uploads\/2023\/07\/Sataya-Dolphin-House.jpg\",\"contentUrl\":\"https:\/\/egytourpackages.com\/wp-content\/uploads\/2023\/07\/Sataya-Dolphin-House.jpg\",\"width\":1000,\"height\":659,\"caption\":\"Maison des dauphins de Sataya\"},{\"@type\":\"BreadcrumbList\",\"@id\":\"https:\/\/egytourpackages.com\/fr\/tours\/nager-avec-les-dauphins-a-sataya\/#breadcrumb\",\"itemListElement\":[{\"@type\":\"ListItem\",\"position\":1,\"name\":\"Home\",\"item\":\"https:\/\/egytourpackages.com\/fr\/circuits-en-egypte\/\"},{\"@type\":\"ListItem\",\"position\":2,\"name\":\"Shop\",\"item\":\"https:\/\/egytourpackages.com\/shop\/\"},{\"@type\":\"ListItem\",\"position\":3,\"name\":\"Nager avec les dauphins \u00e0 Sataya\"}]},{\"@type\":\"WebSite\",\"@id\":\"https:\/\/egytourpackages.com\/fr\/#website\",\"url\":\"https:\/\/egytourpackages.com\/fr\/\",\"name\":\"Egy tour packages\",\"description\":\"\",\"publisher\":{\"@id\":\"https:\/\/egytourpackages.com\/fr\/#organization\"},\"potentialAction\":[{\"@type\":\"SearchAction\",\"target\":{\"@type\":\"EntryPoint\",\"urlTemplate\":\"https:\/\/egytourpackages.com\/fr\/?s={search_term_string}\"},\"query-input\":{\"@type\":\"PropertyValueSpecification\",\"valueRequired\":true,\"valueName\":\"search_term_string\"}}],\"inLanguage\":\"fr-FR\"},{\"@type\":[\"Organization\",\"Place\",\"TravelAgency\"],\"@id\":\"https:\/\/egytourpackages.com\/fr\/#organization\",\"name\":\"egypt tour packages\",\"alternateName\":\"egypt tour packages\",\"url\":\"https:\/\/egytourpackages.com\/fr\/\",\"logo\":{\"@id\":\"https:\/\/egytourpackages.com\/fr\/tours\/nager-avec-les-dauphins-a-sataya\/#local-main-organization-logo\"},\"image\":{\"@id\":\"https:\/\/egytourpackages.com\/fr\/tours\/nager-avec-les-dauphins-a-sataya\/#local-main-organization-logo\"},\"sameAs\":[\"https:\/\/www.facebook.com\/egytourpackages\"],\"legalName\":\"Egy tour packages\",\"address\":{\"@id\":\"https:\/\/egytourpackages.com\/fr\/tours\/nager-avec-les-dauphins-a-sataya\/#local-main-place-address\"},\"telephone\":[\"00201000852186\",\"00201028685533\"],\"contactPoint\":{\"@type\":\"ContactPoint\",\"telephone\":\"00201000852186\"},\"openingHoursSpecification\":[{\"@type\":\"OpeningHoursSpecification\",\"dayOfWeek\":[\"Monday\",\"Tuesday\",\"Wednesday\",\"Thursday\",\"Friday\",\"Saturday\",\"Sunday\"],\"opens\":\"00:00\",\"closes\":\"23:59\"}],\"email\":\"info@egytourpackages.com\",\"areaServed\":\"Cairo, Hurghada, Luxor, Sharm El Sheikh, Marsa Alam, Aswan\",\"priceRange\":\"$\",\"currenciesAccepted\":\"euro\",\"paymentAccepted\":\"Payment links online\"},{\"@type\":\"PostalAddress\",\"@id\":\"https:\/\/egytourpackages.com\/fr\/tours\/nager-avec-les-dauphins-a-sataya\/#local-main-place-address\",\"streetAddress\":\"Mubarak 8, Al Kawthar District, Hurghada\",\"addressLocality\":\"Hurghada\",\"postalCode\":\"84511\",\"addressRegion\":\"Red Sea\",\"addressCountry\":\"EG\"},{\"@type\":\"ImageObject\",\"inLanguage\":\"fr-FR\",\"@id\":\"https:\/\/egytourpackages.com\/fr\/tours\/nager-avec-les-dauphins-a-sataya\/#local-main-organization-logo\",\"url\":\"https:\/\/egytourpackages.com\/wp-content\/uploads\/2025\/12\/Turquoise-Dahabiya-Nile-Cruise-1.jpeg\",\"contentUrl\":\"https:\/\/egytourpackages.com\/wp-content\/uploads\/2025\/12\/Turquoise-Dahabiya-Nile-Cruise-1.jpeg\",\"width\":1040,\"height\":694,\"caption\":\"egypt tour packages\"}]}<\/script>\n<meta property=\"product:brand\" content=\"Circuits et excursions Marsa Alam\" \/>\n<meta property=\"product:price:amount\" content=\"60\" \/>\n<meta property=\"product:price:currency\" content=\"EUR\" \/>\n<meta property=\"og:availability\" content=\"instock\" \/>\n<meta property=\"product:availability\" content=\"instock\" \/>\n<meta property=\"product:retailer_item_id\" content=\"MAT14\" \/>\n<meta property=\"product:condition\" content=\"new\" \/>\n<meta name=\"geo.placename\" content=\"Hurghada\" \/>\n<meta name=\"geo.region\" content=\"\u00c9gypte\" \/>\n<!-- \/ Yoast SEO Premium plugin. -->","yoast_head_json":{"title":"Nager avec les dauphins \u00e0 Sataya: Excursion en bateau depuis Marsa Alam","description":"Vivez une exp\u00e9rience inoubliable en nageant avec les dauphins \u00e0 Sataya Reef, un habitat naturel pour les magnifiques dauphins \u00e0 long bec. R\u00e9servez votre aventure d\u00e8s aujourd'hui\u00a0!","robots":{"index":"index","follow":"follow","max-snippet":"max-snippet:-1","max-image-preview":"max-image-preview:large","max-video-preview":"max-video-preview:-1"},"canonical":"https:\/\/egytourpackages.com\/fr\/tours\/nager-avec-les-dauphins-a-sataya\/","og_locale":"fr_FR","og_type":"article","og_title":"Nager avec les dauphins \u00e0 Sataya: Excursion en bateau depuis Marsa Alam","og_description":"Vivez une exp\u00e9rience inoubliable en nageant avec les dauphins \u00e0 Sataya Reef, un habitat naturel pour les magnifiques dauphins \u00e0 long bec. R\u00e9servez votre aventure d\u00e8s aujourd'hui\u00a0!","og_url":"https:\/\/egytourpackages.com\/fr\/tours\/nager-avec-les-dauphins-a-sataya\/","og_site_name":"Egypt Tour Packages","article_publisher":"https:\/\/www.facebook.com\/egytourpackages","article_modified_time":"2026-01-09T22:40:17+00:00","og_image":[{"url":"https:\/\/egytourpackages.com\/wp-content\/uploads\/2023\/07\/Dolphins-in-Sataya-Reef.jpg","type":"","width":"","height":""}],"twitter_card":"summary_large_image","twitter_title":"Nager avec les dauphins \u00e0 Sataya: Excursion en bateau depuis Marsa Alam","twitter_description":"Vivez une exp\u00e9rience inoubliable en nageant avec les dauphins \u00e0 Sataya Reef, un habitat naturel pour les magnifiques dauphins \u00e0 long bec. R\u00e9servez votre aventure d\u00e8s aujourd'hui\u00a0!","twitter_image":"https:\/\/egytourpackages.com\/wp-content\/uploads\/2023\/07\/Dolphins-in-Sataya-Reef.jpg","twitter_misc":{"Prix":"&euro;60","Disponibilit\u00e9":"En stock"},"schema":{"@context":"https:\/\/schema.org","@graph":[{"@type":"WebPage","@id":"https:\/\/egytourpackages.com\/fr\/tours\/nager-avec-les-dauphins-a-sataya\/","url":"https:\/\/egytourpackages.com\/fr\/tours\/nager-avec-les-dauphins-a-sataya\/","name":"Nager avec les dauphins \u00e0 Sataya: Excursion en bateau depuis Marsa Alam","isPartOf":{"@id":"https:\/\/egytourpackages.com\/fr\/#website"},"primaryImageOfPage":{"@id":"https:\/\/egytourpackages.com\/fr\/tours\/nager-avec-les-dauphins-a-sataya\/#primaryimage"},"image":{"@id":"https:\/\/egytourpackages.com\/fr\/tours\/nager-avec-les-dauphins-a-sataya\/#primaryimage"},"thumbnailUrl":"https:\/\/egytourpackages.com\/wp-content\/uploads\/2023\/07\/Sataya-Dolphin-House.jpg","datePublished":"2023-07-12T20:20:51+00:00","dateModified":"2026-01-09T22:40:17+00:00","description":"Vivez une exp\u00e9rience inoubliable en nageant avec les dauphins \u00e0 Sataya Reef, un habitat naturel pour les magnifiques dauphins \u00e0 long bec. R\u00e9servez votre aventure d\u00e8s aujourd'hui\u00a0!","breadcrumb":{"@id":"https:\/\/egytourpackages.com\/fr\/tours\/nager-avec-les-dauphins-a-sataya\/#breadcrumb"},"inLanguage":"fr-FR","potentialAction":[{"@type":"ReadAction","target":["https:\/\/egytourpackages.com\/fr\/tours\/nager-avec-les-dauphins-a-sataya\/"]}]},{"@type":"ImageObject","inLanguage":"fr-FR","@id":"https:\/\/egytourpackages.com\/fr\/tours\/nager-avec-les-dauphins-a-sataya\/#primaryimage","url":"https:\/\/egytourpackages.com\/wp-content\/uploads\/2023\/07\/Sataya-Dolphin-House.jpg","contentUrl":"https:\/\/egytourpackages.com\/wp-content\/uploads\/2023\/07\/Sataya-Dolphin-House.jpg","width":1000,"height":659,"caption":"Maison des dauphins de Sataya"},{"@type":"BreadcrumbList","@id":"https:\/\/egytourpackages.com\/fr\/tours\/nager-avec-les-dauphins-a-sataya\/#breadcrumb","itemListElement":[{"@type":"ListItem","position":1,"name":"Home","item":"https:\/\/egytourpackages.com\/fr\/circuits-en-egypte\/"},{"@type":"ListItem","position":2,"name":"Shop","item":"https:\/\/egytourpackages.com\/shop\/"},{"@type":"ListItem","position":3,"name":"Nager avec les dauphins \u00e0 Sataya"}]},{"@type":"WebSite","@id":"https:\/\/egytourpackages.com\/fr\/#website","url":"https:\/\/egytourpackages.com\/fr\/","name":"Egy tour packages","description":"","publisher":{"@id":"https:\/\/egytourpackages.com\/fr\/#organization"},"potentialAction":[{"@type":"SearchAction","target":{"@type":"EntryPoint","urlTemplate":"https:\/\/egytourpackages.com\/fr\/?s={search_term_string}"},"query-input":{"@type":"PropertyValueSpecification","valueRequired":true,"valueName":"search_term_string"}}],"inLanguage":"fr-FR"},{"@type":["Organization","Place","TravelAgency"],"@id":"https:\/\/egytourpackages.com\/fr\/#organization","name":"egypt tour packages","alternateName":"egypt tour packages","url":"https:\/\/egytourpackages.com\/fr\/","logo":{"@id":"https:\/\/egytourpackages.com\/fr\/tours\/nager-avec-les-dauphins-a-sataya\/#local-main-organization-logo"},"image":{"@id":"https:\/\/egytourpackages.com\/fr\/tours\/nager-avec-les-dauphins-a-sataya\/#local-main-organization-logo"},"sameAs":["https:\/\/www.facebook.com\/egytourpackages"],"legalName":"Egy tour packages","address":{"@id":"https:\/\/egytourpackages.com\/fr\/tours\/nager-avec-les-dauphins-a-sataya\/#local-main-place-address"},"telephone":["00201000852186","00201028685533"],"contactPoint":{"@type":"ContactPoint","telephone":"00201000852186"},"openingHoursSpecification":[{"@type":"OpeningHoursSpecification","dayOfWeek":["Monday","Tuesday","Wednesday","Thursday","Friday","Saturday","Sunday"],"opens":"00:00","closes":"23:59"}],"email":"info@egytourpackages.com","areaServed":"Cairo, Hurghada, Luxor, Sharm El Sheikh, Marsa Alam, Aswan","priceRange":"$","currenciesAccepted":"euro","paymentAccepted":"Payment links online"},{"@type":"PostalAddress","@id":"https:\/\/egytourpackages.com\/fr\/tours\/nager-avec-les-dauphins-a-sataya\/#local-main-place-address","streetAddress":"Mubarak 8, Al Kawthar District, Hurghada","addressLocality":"Hurghada","postalCode":"84511","addressRegion":"Red Sea","addressCountry":"EG"},{"@type":"ImageObject","inLanguage":"fr-FR","@id":"https:\/\/egytourpackages.com\/fr\/tours\/nager-avec-les-dauphins-a-sataya\/#local-main-organization-logo","url":"https:\/\/egytourpackages.com\/wp-content\/uploads\/2025\/12\/Turquoise-Dahabiya-Nile-Cruise-1.jpeg","contentUrl":"https:\/\/egytourpackages.com\/wp-content\/uploads\/2025\/12\/Turquoise-Dahabiya-Nile-Cruise-1.jpeg","width":1040,"height":694,"caption":"egypt tour packages"}]},"product_brand":"Circuits et excursions Marsa Alam","product_price_amount":"60","product_price_currency":"EUR","og_availability":"instock","product_availability":"instock","product_retailer_item_id":"MAT14","product_condition":"new","geo.placename":"Hurghada","geo.region":"\u00c9gypte"},"_links":{"self":[{"href":"https:\/\/egytourpackages.com\/fr\/wp-json\/wp\/v2\/product\/12326","targetHints":{"allow":["GET"]}}],"collection":[{"href":"https:\/\/egytourpackages.com\/fr\/wp-json\/wp\/v2\/product"}],"about":[{"href":"https:\/\/egytourpackages.com\/fr\/wp-json\/wp\/v2\/types\/product"}],"replies":[{"embeddable":true,"href":"https:\/\/egytourpackages.com\/fr\/wp-json\/wp\/v2\/comments?post=12326"}],"wp:featuredmedia":[{"embeddable":true,"href":"https:\/\/egytourpackages.com\/fr\/wp-json\/wp\/v2\/media\/12327"}],"wp:attachment":[{"href":"https:\/\/egytourpackages.com\/fr\/wp-json\/wp\/v2\/media?parent=12326"}],"wp:term":[{"taxonomy":"product_brand","embeddable":true,"href":"https:\/\/egytourpackages.com\/fr\/wp-json\/wp\/v2\/product_brand?post=12326"},{"taxonomy":"product_cat","embeddable":true,"href":"https:\/\/egytourpackages.com\/fr\/wp-json\/wp\/v2\/product_cat?post=12326"},{"taxonomy":"product_tag","embeddable":true,"href":"https:\/\/egytourpackages.com\/fr\/wp-json\/wp\/v2\/product_tag?post=12326"}],"curies":[{"name":"wp","href":"https:\/\/api.w.org\/{rel}","templated":true}]}}