{"id":12332,"date":"2023-07-13T02:26:31","date_gmt":"2023-07-13T02:26:31","guid":{"rendered":"https:\/\/egytourpackages.com\/product\/snorkeling-a-marsa-mubarak-au-depart-de-marsa-alam\/"},"modified":"2026-01-09T22:33:08","modified_gmt":"2026-01-09T22:33:08","slug":"snorkeling-a-marsa-mubarak-au-depart-de-marsa-alam","status":"publish","type":"product","link":"https:\/\/egytourpackages.com\/fr\/tours\/snorkeling-a-marsa-mubarak-au-depart-de-marsa-alam\/","title":{"rendered":"Snorkeling \u00e0 Marsa Mubarak au d\u00e9part de Marsa Alam"},"content":{"rendered":"<p><strong><span style=\"color: #ff6600;\">Snorkeling \u00e0 Marsa Mubarak au d\u00e9part de Marsa Alam<\/span><\/strong><\/p>\n<h3><span style=\"color: #ff6600;\">Aper\u00e7u<\/span><\/h3>\n<p>L&rsquo;excursion de <strong>snorkeling \u00e0 Marsa Mubarak au d\u00e9part de Marsa Alam<\/strong> vous offre la chance d&rsquo;admirer de pr\u00e8s la beaut\u00e9 d&rsquo;une vie marine pr\u00e9serv\u00e9e avec nos <strong>tours en \u00c9gypte<\/strong>. En fait, <strong>Marsa Mubarak<\/strong> est un lieu id\u00e9al pour les amateurs de snorkeling et de plong\u00e9e.<\/p>\n<p>Ces <strong>excursions d&rsquo;une journ\u00e9e en \u00c9gypte<\/strong> sont votre moyen de renouer avec la nature, de d\u00e9couvrir de nouvelles esp\u00e8ces marines et de trouver un \u00e9cosyst\u00e8me sous-marin extraordinaire.<\/p>\n<p>En r\u00e9alit\u00e9, participer \u00e0 une sortie de snorkeling est l&rsquo;une des meilleures activit\u00e9s \u00e0 faire : <strong>nager avec les dauphins<\/strong>, observer les <strong>tortues vertes<\/strong> et le c\u00e9l\u00e8bre <strong>dugong<\/strong>.<\/p>\n<h3><span style=\"color: #ff6600;\">D\u00e9tails du tour<\/span><\/h3>\n<ul>\n<li>Dur\u00e9e : 8 heures<\/li>\n<li>Lieu de l&rsquo;excursion : Porto Ghalib, Marsa Alam<\/li>\n<li>Disponibilit\u00e9 : tous les jours<\/li>\n<li>Prise en charge &amp; D\u00e9pose : votre h\u00f4tel \u00e0 Marsa Alam<\/li>\n<li>Type de tour : excursion de loisir<\/li>\n<li>Fauteuil roulant : non accessible.<\/li>\n<\/ul>\n<h3><span style=\"color: #ff6600;\">Inclusions<\/span><\/h3>\n<ul>\n<li>Transfert aller-retour depuis l&rsquo;h\u00f4tel<\/li>\n<li>D\u00e9jeuner \u00e0 bord d&rsquo;un yacht de luxe<\/li>\n<li>\u00c9quipement de snorkeling (palmes, masque, tuba)<\/li>\n<li>Guide de snorkeling professionnel<\/li>\n<li>Boissons chaudes et froides \u00e0 volont\u00e9<\/li>\n<\/ul>\n<h3><span style=\"color: #ff6600;\">Exclusions<\/span><\/h3>\n<ul>\n<li>DVD et photos par le cam\u00e9raman<\/li>\n<li>Plong\u00e9e sous-marine (Scuba Diving)<\/li>\n<li>Pourboires<\/li>\n<li>Taxe de r\u00e9serve naturelle de 5 USD par personne<\/li>\n<\/ul>\n<h3><span style=\"color: #ff6600;\">Quoi emporter<\/span><\/h3>\n<ul>\n<li>Serviette de plage de l&rsquo;h\u00f4tel<\/li>\n<li>Chapeau ou \u00e9charpe<\/li>\n<li>Cr\u00e8me solaire<\/li>\n<li>Maillot de bain<\/li>\n<li>Copie de votre passeport<\/li>\n<\/ul>\n<h2><span style=\"color: #ff6600;\">Itin\u00e9raire<\/span><\/h2>\n<p>Commencez une journ\u00e9e inoubliable de <strong>snorkeling \u00e0 Marsa Mubarak<\/strong>, une exp\u00e9rience de <strong>snorkeling en Mer Rouge<\/strong> v\u00e9ritablement exceptionnelle. Lors de votre voyage au d\u00e9part de Marsa Alam, d\u00e9couvrez une incroyable diversit\u00e9 de vie marine.<\/p>\n<p>Votre aventure commence par une prise en charge pratique \u00e0 votre h\u00f4tel de Marsa Alam, vous transf\u00e9rant au quai o\u00f9 votre bateau vous attend. Naviguez vers les eaux cristallines de la <strong>baie de Marsa Mubarak<\/strong>, renomm\u00e9e pour son incroyable biodiversit\u00e9 marine.<\/p>\n<p>Tout au long de la journ\u00e9e, vous profiterez de plusieurs arr\u00eats pour le <strong>snorkeling<\/strong>, guid\u00e9s par des instructeurs exp\u00e9riment\u00e9s qui vous m\u00e8neront aux meilleurs endroits. C&rsquo;est ainsi que vous profiterez pleinement de votre <strong>excursion de snorkeling \u00e0 Marsa Mubarak au d\u00e9part de Marsa Alam<\/strong>.<\/p>\n<p>Plongez dans les eaux turquoise pour d\u00e9couvrir des <strong>r\u00e9cifs coralliens<\/strong> vibrants regorgeant de poissons color\u00e9s. Le point fort de cette <strong>excursion \u00e0 Marsa Alam<\/strong> est la chance de <strong>nager avec des dugongs<\/strong> et de rencontrer de majestueuses <strong>tortues de mer vertes<\/strong> dans leur habitat naturel.<\/p>\n<p>Un d\u00e9licieux d\u00e9jeuner \u00e0 bord ainsi que des rafra\u00eechissements seront servis, vous permettant de vous d\u00e9tendre et de profiter des vues c\u00f4ti\u00e8res imprenables. De plus, Marsa Shouni est tr\u00e8s c\u00e9l\u00e8bre pour ses coraux et ses diff\u00e9rentes esp\u00e8ces de poissons.<\/p>\n<p>C&rsquo;est donc un spot incroyable pour la <strong>plong\u00e9e sous-marine<\/strong>, pour les d\u00e9butants comme pour les professionnels.<\/p>\n<p>Apr\u00e8s une journ\u00e9e compl\u00e8te d&rsquo;exploration aquatique, vous retournerez au quai pour \u00eatre transf\u00e9r\u00e9 \u00e0 votre h\u00f4tel, apr\u00e8s avoir v\u00e9cu le meilleur de la vie marine de <strong>Marsa Mubarak<\/strong>.<\/p>\n<h3><span style=\"color: #ff6600;\">Prix de l&rsquo;excursion de snorkeling \u00e0 Marsa Mubarak<\/span><\/h3>\n<ul>\n<li>Prix Adulte : 50 \u20ac<\/li>\n<li>Enfants 0-5 ans : gratuit.<\/li>\n<li>Enfants 5-11 ans : 50 % du prix adulte<\/li>\n<\/ul>\n<h3><span style=\"color: #ff6600;\">R\u00e9servation<\/span><\/h3>\n<p>Vous pouvez r\u00e9server votre tour via WhatsApp ou nous envoyer un e-mail, et vous recevrez la confirmation sur-le-champ.<\/p>\n<p>Veuillez nous envoyer le nom de votre h\u00f4tel, votre num\u00e9ro de chambre et une copie de vos passeports pour garantir votre place.<\/p>\n<p><strong>WhatsApp: +20 1000852186<\/strong><\/p>\n<p><strong>E-mail:<\/strong> info@egytourpackages.com<\/p>\n<h3><span style=\"color: #ff6600;\">R\u00e9servez maintenant et payez sur place. <\/span><\/h3>\n<p>R\u00e9servez votre excursion pr\u00e9f\u00e9r\u00e9e et payez le jour m\u00eame du voyage.<\/p>\n<h3><span style=\"color: #ff6600;\">Paiement<\/span><\/h3>\n<p>Vous pouvez payer en livres \u00e9gyptiennes, en $, en \u20ac ou en \u00a3.<\/p>\n<h3><span style=\"color: #ff6600;\">Politique d&rsquo;annulation<\/span><\/h3>\n<ul>\n<li>L&rsquo;annulation est gratuite jusqu&rsquo;\u00e0 24 heures \u00e0 l&rsquo;avance.<\/li>\n<li>Une annulation le matin m\u00eame entra\u00eene des frais de 50 % du prix.<\/li>\n<\/ul>\n<h3><span style=\"color: #ff6600;\">Note: <\/span><\/h3>\n<p>La m\u00e9t\u00e9o joue un r\u00f4le important dans la disponibilit\u00e9 de ce tour car il peut \u00eatre annul\u00e9 en raison de mauvaises conditions m\u00e9t\u00e9orologiques.<\/p>\n","protected":false},"excerpt":{"rendered":"<p>Snorkeling \u00e0 Marsa Mubarak au d\u00e9part de Marsa Alam : nagez avec le dugong et les tortues g\u00e9antes. Inclus : d\u00e9jeuner sur yacht et transfert. R\u00e9servez ici !<\/p>\n","protected":false},"featured_media":12334,"comment_status":"open","ping_status":"closed","template":"","meta":[],"product_brand":[],"product_cat":[3124],"product_tag":[3275,3818,3276],"class_list":{"0":"post-12332","1":"product","2":"type-product","3":"status-publish","4":"has-post-thumbnail","6":"product_cat-tours-fr","7":"product_tag-excursions-dune-journee-en-egypte","8":"product_tag-marsa-mubarak","9":"product_tag-visites-guidees-de-marsa-alam","10":"tour_category-circuits-et-excursions-marsa-alam-fr","11":"tour_category-excursions-en-egypte-fr","13":"first","14":"instock","15":"sale","16":"shipping-taxable","17":"purchasable","18":"product-type-tour","19":"has-default-attributes"},"yoast_head":"<!-- This site is optimized with the Yoast SEO Premium plugin v27.2 (Yoast SEO v27.2) - https:\/\/yoast.com\/product\/yoast-seo-premium-wordpress\/ -->\n<title>Snorkeling \u00e0 Marsa Mubarak au d\u00e9part de Marsa Alam<\/title>\n<meta name=\"description\" content=\"Excursion de plong\u00e9e en apn\u00e9e \u00e0 Marsa Mubarak au d\u00e9part de Marsa Alam, en \u00c9gypte | Meilleure excursion de plong\u00e9e en apn\u00e9e de Marsa Alam \u00e0 Marsa Mubarak et \u00e0 la baie des tortues de Marsa Shouni.\" \/>\n<meta name=\"robots\" content=\"index, follow, max-snippet:-1, max-image-preview:large, max-video-preview:-1\" \/>\n<link rel=\"canonical\" href=\"https:\/\/egytourpackages.com\/fr\/tours\/snorkeling-a-marsa-mubarak-au-depart-de-marsa-alam\/\" \/>\n<meta property=\"og:locale\" content=\"fr_FR\" \/>\n<meta property=\"og:type\" content=\"article\" \/>\n<meta property=\"og:title\" content=\"Snorkeling \u00e0 Marsa Mubarak au d\u00e9part de Marsa Alam\" \/>\n<meta property=\"og:description\" content=\"Excursion de plong\u00e9e en apn\u00e9e \u00e0 Marsa Mubarak au d\u00e9part de Marsa Alam, en \u00c9gypte | Meilleure excursion de plong\u00e9e en apn\u00e9e de Marsa Alam \u00e0 Marsa Mubarak et \u00e0 la baie des tortues de Marsa Shouni.\" \/>\n<meta property=\"og:url\" content=\"https:\/\/egytourpackages.com\/fr\/tours\/snorkeling-a-marsa-mubarak-au-depart-de-marsa-alam\/\" \/>\n<meta property=\"og:site_name\" content=\"Egypt Tour Packages\" \/>\n<meta property=\"article:publisher\" content=\"https:\/\/www.facebook.com\/egytourpackages\" \/>\n<meta property=\"article:modified_time\" content=\"2026-01-09T22:33:08+00:00\" \/>\n<meta property=\"og:image\" content=\"https:\/\/egytourpackages.com\/wp-content\/uploads\/2023\/07\/Marsa-Mubarak-Snorkeling-trip.jpeg\" \/>\n<meta name=\"twitter:card\" content=\"summary_large_image\" \/>\n<meta name=\"twitter:title\" content=\"Snorkeling \u00e0 Marsa Mubarak au d\u00e9part de Marsa Alam\" \/>\n<meta name=\"twitter:description\" content=\"Excursion de plong\u00e9e en apn\u00e9e \u00e0 Marsa Mubarak au d\u00e9part de Marsa Alam, en \u00c9gypte | Meilleure excursion de plong\u00e9e en apn\u00e9e de Marsa Alam \u00e0 Marsa Mubarak et \u00e0 la baie des tortues de Marsa Shouni.\" \/>\n<meta name=\"twitter:image\" content=\"https:\/\/egytourpackages.com\/wp-content\/uploads\/2023\/07\/Marsa-Mubarak-Snorkeling-trip.jpeg\" \/>\n<meta name=\"twitter:label1\" content=\"Prix\" \/>\n\t<meta name=\"twitter:data1\" content=\"&euro;50\" \/>\n\t<meta name=\"twitter:label2\" content=\"Disponibilit\u00e9\" \/>\n\t<meta name=\"twitter:data2\" content=\"En stock\" \/>\n<script type=\"application\/ld+json\" class=\"yoast-schema-graph\">{\"@context\":\"https:\/\/schema.org\",\"@graph\":[{\"@type\":\"WebPage\",\"@id\":\"https:\/\/egytourpackages.com\/fr\/tours\/snorkeling-a-marsa-mubarak-au-depart-de-marsa-alam\/\",\"url\":\"https:\/\/egytourpackages.com\/fr\/tours\/snorkeling-a-marsa-mubarak-au-depart-de-marsa-alam\/\",\"name\":\"Snorkeling \u00e0 Marsa Mubarak au d\u00e9part de Marsa Alam\",\"isPartOf\":{\"@id\":\"https:\/\/egytourpackages.com\/fr\/#website\"},\"primaryImageOfPage\":{\"@id\":\"https:\/\/egytourpackages.com\/fr\/tours\/snorkeling-a-marsa-mubarak-au-depart-de-marsa-alam\/#primaryimage\"},\"image\":{\"@id\":\"https:\/\/egytourpackages.com\/fr\/tours\/snorkeling-a-marsa-mubarak-au-depart-de-marsa-alam\/#primaryimage\"},\"thumbnailUrl\":\"https:\/\/egytourpackages.com\/wp-content\/uploads\/2023\/07\/Marsa-Mubarak-Snorkeling-trip.jpeg\",\"datePublished\":\"2023-07-13T02:26:31+00:00\",\"dateModified\":\"2026-01-09T22:33:08+00:00\",\"description\":\"Excursion de plong\u00e9e en apn\u00e9e \u00e0 Marsa Mubarak au d\u00e9part de Marsa Alam, en \u00c9gypte | Meilleure excursion de plong\u00e9e en apn\u00e9e de Marsa Alam \u00e0 Marsa Mubarak et \u00e0 la baie des tortues de Marsa Shouni.\",\"breadcrumb\":{\"@id\":\"https:\/\/egytourpackages.com\/fr\/tours\/snorkeling-a-marsa-mubarak-au-depart-de-marsa-alam\/#breadcrumb\"},\"inLanguage\":\"fr-FR\",\"potentialAction\":[{\"@type\":\"ReadAction\",\"target\":[\"https:\/\/egytourpackages.com\/fr\/tours\/snorkeling-a-marsa-mubarak-au-depart-de-marsa-alam\/\"]}]},{\"@type\":\"ImageObject\",\"inLanguage\":\"fr-FR\",\"@id\":\"https:\/\/egytourpackages.com\/fr\/tours\/snorkeling-a-marsa-mubarak-au-depart-de-marsa-alam\/#primaryimage\",\"url\":\"https:\/\/egytourpackages.com\/wp-content\/uploads\/2023\/07\/Marsa-Mubarak-Snorkeling-trip.jpeg\",\"contentUrl\":\"https:\/\/egytourpackages.com\/wp-content\/uploads\/2023\/07\/Marsa-Mubarak-Snorkeling-trip.jpeg\",\"width\":960,\"height\":864,\"caption\":\"Excursion de plong\u00e9e en apn\u00e9e \u00e0 Marsa Mubarak\"},{\"@type\":\"BreadcrumbList\",\"@id\":\"https:\/\/egytourpackages.com\/fr\/tours\/snorkeling-a-marsa-mubarak-au-depart-de-marsa-alam\/#breadcrumb\",\"itemListElement\":[{\"@type\":\"ListItem\",\"position\":1,\"name\":\"Home\",\"item\":\"https:\/\/egytourpackages.com\/fr\/circuits-en-egypte\/\"},{\"@type\":\"ListItem\",\"position\":2,\"name\":\"Shop\",\"item\":\"https:\/\/egytourpackages.com\/shop\/\"},{\"@type\":\"ListItem\",\"position\":3,\"name\":\"Snorkeling \u00e0 Marsa Mubarak au d\u00e9part de Marsa Alam\"}]},{\"@type\":\"WebSite\",\"@id\":\"https:\/\/egytourpackages.com\/fr\/#website\",\"url\":\"https:\/\/egytourpackages.com\/fr\/\",\"name\":\"Egy tour packages\",\"description\":\"\",\"publisher\":{\"@id\":\"https:\/\/egytourpackages.com\/fr\/#organization\"},\"potentialAction\":[{\"@type\":\"SearchAction\",\"target\":{\"@type\":\"EntryPoint\",\"urlTemplate\":\"https:\/\/egytourpackages.com\/fr\/?s={search_term_string}\"},\"query-input\":{\"@type\":\"PropertyValueSpecification\",\"valueRequired\":true,\"valueName\":\"search_term_string\"}}],\"inLanguage\":\"fr-FR\"},{\"@type\":[\"Organization\",\"Place\",\"TravelAgency\"],\"@id\":\"https:\/\/egytourpackages.com\/fr\/#organization\",\"name\":\"egypt tour packages\",\"alternateName\":\"egypt tour packages\",\"url\":\"https:\/\/egytourpackages.com\/fr\/\",\"logo\":{\"@id\":\"https:\/\/egytourpackages.com\/fr\/tours\/snorkeling-a-marsa-mubarak-au-depart-de-marsa-alam\/#local-main-organization-logo\"},\"image\":{\"@id\":\"https:\/\/egytourpackages.com\/fr\/tours\/snorkeling-a-marsa-mubarak-au-depart-de-marsa-alam\/#local-main-organization-logo\"},\"sameAs\":[\"https:\/\/www.facebook.com\/egytourpackages\"],\"legalName\":\"Egy tour packages\",\"address\":{\"@id\":\"https:\/\/egytourpackages.com\/fr\/tours\/snorkeling-a-marsa-mubarak-au-depart-de-marsa-alam\/#local-main-place-address\"},\"telephone\":[\"00201000852186\",\"00201028685533\"],\"contactPoint\":{\"@type\":\"ContactPoint\",\"telephone\":\"00201000852186\"},\"openingHoursSpecification\":[{\"@type\":\"OpeningHoursSpecification\",\"dayOfWeek\":[\"Monday\",\"Tuesday\",\"Wednesday\",\"Thursday\",\"Friday\",\"Saturday\",\"Sunday\"],\"opens\":\"00:00\",\"closes\":\"23:59\"}],\"email\":\"info@egytourpackages.com\",\"areaServed\":\"Cairo, Hurghada, Luxor, Sharm El Sheikh, Marsa Alam, Aswan\",\"priceRange\":\"$\",\"currenciesAccepted\":\"euro\",\"paymentAccepted\":\"Payment links online\"},{\"@type\":\"PostalAddress\",\"@id\":\"https:\/\/egytourpackages.com\/fr\/tours\/snorkeling-a-marsa-mubarak-au-depart-de-marsa-alam\/#local-main-place-address\",\"streetAddress\":\"Mubarak 8, Al Kawthar District, Hurghada\",\"addressLocality\":\"Hurghada\",\"postalCode\":\"84511\",\"addressRegion\":\"Red Sea\",\"addressCountry\":\"EG\"},{\"@type\":\"ImageObject\",\"inLanguage\":\"fr-FR\",\"@id\":\"https:\/\/egytourpackages.com\/fr\/tours\/snorkeling-a-marsa-mubarak-au-depart-de-marsa-alam\/#local-main-organization-logo\",\"url\":\"https:\/\/egytourpackages.com\/wp-content\/uploads\/2025\/12\/Turquoise-Dahabiya-Nile-Cruise-1.jpeg\",\"contentUrl\":\"https:\/\/egytourpackages.com\/wp-content\/uploads\/2025\/12\/Turquoise-Dahabiya-Nile-Cruise-1.jpeg\",\"width\":1040,\"height\":694,\"caption\":\"egypt tour packages\"}]}<\/script>\n<meta property=\"product:brand\" content=\"Circuits et excursions Marsa Alam\" \/>\n<meta property=\"product:price:amount\" content=\"50\" \/>\n<meta property=\"product:price:currency\" content=\"EUR\" \/>\n<meta property=\"og:availability\" content=\"instock\" \/>\n<meta property=\"product:availability\" content=\"instock\" \/>\n<meta property=\"product:retailer_item_id\" content=\"MAT10\" \/>\n<meta property=\"product:condition\" content=\"new\" \/>\n<meta name=\"geo.placename\" content=\"Hurghada\" \/>\n<meta name=\"geo.region\" content=\"\u00c9gypte\" \/>\n<!-- \/ Yoast SEO Premium plugin. -->","yoast_head_json":{"title":"Snorkeling \u00e0 Marsa Mubarak au d\u00e9part de Marsa Alam","description":"Excursion de plong\u00e9e en apn\u00e9e \u00e0 Marsa Mubarak au d\u00e9part de Marsa Alam, en \u00c9gypte | Meilleure excursion de plong\u00e9e en apn\u00e9e de Marsa Alam \u00e0 Marsa Mubarak et \u00e0 la baie des tortues de Marsa Shouni.","robots":{"index":"index","follow":"follow","max-snippet":"max-snippet:-1","max-image-preview":"max-image-preview:large","max-video-preview":"max-video-preview:-1"},"canonical":"https:\/\/egytourpackages.com\/fr\/tours\/snorkeling-a-marsa-mubarak-au-depart-de-marsa-alam\/","og_locale":"fr_FR","og_type":"article","og_title":"Snorkeling \u00e0 Marsa Mubarak au d\u00e9part de Marsa Alam","og_description":"Excursion de plong\u00e9e en apn\u00e9e \u00e0 Marsa Mubarak au d\u00e9part de Marsa Alam, en \u00c9gypte | Meilleure excursion de plong\u00e9e en apn\u00e9e de Marsa Alam \u00e0 Marsa Mubarak et \u00e0 la baie des tortues de Marsa Shouni.","og_url":"https:\/\/egytourpackages.com\/fr\/tours\/snorkeling-a-marsa-mubarak-au-depart-de-marsa-alam\/","og_site_name":"Egypt Tour Packages","article_publisher":"https:\/\/www.facebook.com\/egytourpackages","article_modified_time":"2026-01-09T22:33:08+00:00","og_image":[{"url":"https:\/\/egytourpackages.com\/wp-content\/uploads\/2023\/07\/Marsa-Mubarak-Snorkeling-trip.jpeg","type":"","width":"","height":""}],"twitter_card":"summary_large_image","twitter_title":"Snorkeling \u00e0 Marsa Mubarak au d\u00e9part de Marsa Alam","twitter_description":"Excursion de plong\u00e9e en apn\u00e9e \u00e0 Marsa Mubarak au d\u00e9part de Marsa Alam, en \u00c9gypte | Meilleure excursion de plong\u00e9e en apn\u00e9e de Marsa Alam \u00e0 Marsa Mubarak et \u00e0 la baie des tortues de Marsa Shouni.","twitter_image":"https:\/\/egytourpackages.com\/wp-content\/uploads\/2023\/07\/Marsa-Mubarak-Snorkeling-trip.jpeg","twitter_misc":{"Prix":"&euro;50","Disponibilit\u00e9":"En stock"},"schema":{"@context":"https:\/\/schema.org","@graph":[{"@type":"WebPage","@id":"https:\/\/egytourpackages.com\/fr\/tours\/snorkeling-a-marsa-mubarak-au-depart-de-marsa-alam\/","url":"https:\/\/egytourpackages.com\/fr\/tours\/snorkeling-a-marsa-mubarak-au-depart-de-marsa-alam\/","name":"Snorkeling \u00e0 Marsa Mubarak au d\u00e9part de Marsa Alam","isPartOf":{"@id":"https:\/\/egytourpackages.com\/fr\/#website"},"primaryImageOfPage":{"@id":"https:\/\/egytourpackages.com\/fr\/tours\/snorkeling-a-marsa-mubarak-au-depart-de-marsa-alam\/#primaryimage"},"image":{"@id":"https:\/\/egytourpackages.com\/fr\/tours\/snorkeling-a-marsa-mubarak-au-depart-de-marsa-alam\/#primaryimage"},"thumbnailUrl":"https:\/\/egytourpackages.com\/wp-content\/uploads\/2023\/07\/Marsa-Mubarak-Snorkeling-trip.jpeg","datePublished":"2023-07-13T02:26:31+00:00","dateModified":"2026-01-09T22:33:08+00:00","description":"Excursion de plong\u00e9e en apn\u00e9e \u00e0 Marsa Mubarak au d\u00e9part de Marsa Alam, en \u00c9gypte | Meilleure excursion de plong\u00e9e en apn\u00e9e de Marsa Alam \u00e0 Marsa Mubarak et \u00e0 la baie des tortues de Marsa Shouni.","breadcrumb":{"@id":"https:\/\/egytourpackages.com\/fr\/tours\/snorkeling-a-marsa-mubarak-au-depart-de-marsa-alam\/#breadcrumb"},"inLanguage":"fr-FR","potentialAction":[{"@type":"ReadAction","target":["https:\/\/egytourpackages.com\/fr\/tours\/snorkeling-a-marsa-mubarak-au-depart-de-marsa-alam\/"]}]},{"@type":"ImageObject","inLanguage":"fr-FR","@id":"https:\/\/egytourpackages.com\/fr\/tours\/snorkeling-a-marsa-mubarak-au-depart-de-marsa-alam\/#primaryimage","url":"https:\/\/egytourpackages.com\/wp-content\/uploads\/2023\/07\/Marsa-Mubarak-Snorkeling-trip.jpeg","contentUrl":"https:\/\/egytourpackages.com\/wp-content\/uploads\/2023\/07\/Marsa-Mubarak-Snorkeling-trip.jpeg","width":960,"height":864,"caption":"Excursion de plong\u00e9e en apn\u00e9e \u00e0 Marsa Mubarak"},{"@type":"BreadcrumbList","@id":"https:\/\/egytourpackages.com\/fr\/tours\/snorkeling-a-marsa-mubarak-au-depart-de-marsa-alam\/#breadcrumb","itemListElement":[{"@type":"ListItem","position":1,"name":"Home","item":"https:\/\/egytourpackages.com\/fr\/circuits-en-egypte\/"},{"@type":"ListItem","position":2,"name":"Shop","item":"https:\/\/egytourpackages.com\/shop\/"},{"@type":"ListItem","position":3,"name":"Snorkeling \u00e0 Marsa Mubarak au d\u00e9part de Marsa Alam"}]},{"@type":"WebSite","@id":"https:\/\/egytourpackages.com\/fr\/#website","url":"https:\/\/egytourpackages.com\/fr\/","name":"Egy tour packages","description":"","publisher":{"@id":"https:\/\/egytourpackages.com\/fr\/#organization"},"potentialAction":[{"@type":"SearchAction","target":{"@type":"EntryPoint","urlTemplate":"https:\/\/egytourpackages.com\/fr\/?s={search_term_string}"},"query-input":{"@type":"PropertyValueSpecification","valueRequired":true,"valueName":"search_term_string"}}],"inLanguage":"fr-FR"},{"@type":["Organization","Place","TravelAgency"],"@id":"https:\/\/egytourpackages.com\/fr\/#organization","name":"egypt tour packages","alternateName":"egypt tour packages","url":"https:\/\/egytourpackages.com\/fr\/","logo":{"@id":"https:\/\/egytourpackages.com\/fr\/tours\/snorkeling-a-marsa-mubarak-au-depart-de-marsa-alam\/#local-main-organization-logo"},"image":{"@id":"https:\/\/egytourpackages.com\/fr\/tours\/snorkeling-a-marsa-mubarak-au-depart-de-marsa-alam\/#local-main-organization-logo"},"sameAs":["https:\/\/www.facebook.com\/egytourpackages"],"legalName":"Egy tour packages","address":{"@id":"https:\/\/egytourpackages.com\/fr\/tours\/snorkeling-a-marsa-mubarak-au-depart-de-marsa-alam\/#local-main-place-address"},"telephone":["00201000852186","00201028685533"],"contactPoint":{"@type":"ContactPoint","telephone":"00201000852186"},"openingHoursSpecification":[{"@type":"OpeningHoursSpecification","dayOfWeek":["Monday","Tuesday","Wednesday","Thursday","Friday","Saturday","Sunday"],"opens":"00:00","closes":"23:59"}],"email":"info@egytourpackages.com","areaServed":"Cairo, Hurghada, Luxor, Sharm El Sheikh, Marsa Alam, Aswan","priceRange":"$","currenciesAccepted":"euro","paymentAccepted":"Payment links online"},{"@type":"PostalAddress","@id":"https:\/\/egytourpackages.com\/fr\/tours\/snorkeling-a-marsa-mubarak-au-depart-de-marsa-alam\/#local-main-place-address","streetAddress":"Mubarak 8, Al Kawthar District, Hurghada","addressLocality":"Hurghada","postalCode":"84511","addressRegion":"Red Sea","addressCountry":"EG"},{"@type":"ImageObject","inLanguage":"fr-FR","@id":"https:\/\/egytourpackages.com\/fr\/tours\/snorkeling-a-marsa-mubarak-au-depart-de-marsa-alam\/#local-main-organization-logo","url":"https:\/\/egytourpackages.com\/wp-content\/uploads\/2025\/12\/Turquoise-Dahabiya-Nile-Cruise-1.jpeg","contentUrl":"https:\/\/egytourpackages.com\/wp-content\/uploads\/2025\/12\/Turquoise-Dahabiya-Nile-Cruise-1.jpeg","width":1040,"height":694,"caption":"egypt tour packages"}]},"product_brand":"Circuits et excursions Marsa Alam","product_price_amount":"50","product_price_currency":"EUR","og_availability":"instock","product_availability":"instock","product_retailer_item_id":"MAT10","product_condition":"new","geo.placename":"Hurghada","geo.region":"\u00c9gypte"},"_links":{"self":[{"href":"https:\/\/egytourpackages.com\/fr\/wp-json\/wp\/v2\/product\/12332","targetHints":{"allow":["GET"]}}],"collection":[{"href":"https:\/\/egytourpackages.com\/fr\/wp-json\/wp\/v2\/product"}],"about":[{"href":"https:\/\/egytourpackages.com\/fr\/wp-json\/wp\/v2\/types\/product"}],"replies":[{"embeddable":true,"href":"https:\/\/egytourpackages.com\/fr\/wp-json\/wp\/v2\/comments?post=12332"}],"wp:featuredmedia":[{"embeddable":true,"href":"https:\/\/egytourpackages.com\/fr\/wp-json\/wp\/v2\/media\/12334"}],"wp:attachment":[{"href":"https:\/\/egytourpackages.com\/fr\/wp-json\/wp\/v2\/media?parent=12332"}],"wp:term":[{"taxonomy":"product_brand","embeddable":true,"href":"https:\/\/egytourpackages.com\/fr\/wp-json\/wp\/v2\/product_brand?post=12332"},{"taxonomy":"product_cat","embeddable":true,"href":"https:\/\/egytourpackages.com\/fr\/wp-json\/wp\/v2\/product_cat?post=12332"},{"taxonomy":"product_tag","embeddable":true,"href":"https:\/\/egytourpackages.com\/fr\/wp-json\/wp\/v2\/product_tag?post=12332"}],"curies":[{"name":"wp","href":"https:\/\/api.w.org\/{rel}","templated":true}]}}