{"id":12363,"date":"2023-07-15T00:02:49","date_gmt":"2023-07-15T00:02:49","guid":{"rendered":"https:\/\/egytourpackages.com\/product\/excursion-denderah-et-abydos-depuis-makadi-bay\/"},"modified":"2026-01-28T17:41:33","modified_gmt":"2026-01-28T17:41:33","slug":"excursion-denderah-et-abydos-depuis-makadi-bay","status":"publish","type":"product","link":"https:\/\/egytourpackages.com\/fr\/tours\/excursion-denderah-et-abydos-depuis-makadi-bay\/","title":{"rendered":"Excursion Dend\u00e9rah et Abydos depuis Makadi Bay"},"content":{"rendered":"<p><span style=\"color: #ff6600;\"><strong>Excursion Dend\u00e9rah et Abydos depuis Makadi Bay | Visite des Temples Antiques<\/strong><\/span><\/p>\n<p>Explorez le meilleur de l&rsquo;<strong>histoire de l&rsquo;\u00c9gypte ancienne<\/strong> avec notre <strong>excursion exclusive \u00e0 Dend\u00e9rah et Abydos depuis Makadi Bay<\/strong>. Cette <strong>visite priv\u00e9e<\/strong> captivante offre une occasion unique de d\u00e9couvrir deux des <strong>temples les mieux conserv\u00e9s d&rsquo;\u00c9gypte<\/strong>, situ\u00e9s hors des sentiers battus, garantissant une exp\u00e9rience plus intime et sereine.<\/p>\n<p>Votre <strong>excursion \u00e0 Makadi Bay<\/strong> commence par un <strong>transfert priv\u00e9<\/strong> confortable \u00e0 travers la pittoresque vall\u00e9e du Nil, offrant des vues magnifiques pendant votre voyage vers ces sites sacr\u00e9s.<\/p>\n<p>Arrivez d&rsquo;abord au magnifique <strong>complexe du temple de Dend\u00e9rah<\/strong>, d\u00e9di\u00e9 \u00e0 la <strong>d\u00e9esse Hathor<\/strong>. Ici, admirez ses reliefs vibrants et bien conserv\u00e9s, le c\u00e9l\u00e8bre <strong>zodiaque de Dend\u00e9rah<\/strong>, les cryptes, et acc\u00e9dez m\u00eame au toit du temple pour une vue panoramique \u00e9poustouflante.<\/p>\n<p>Continuez votre <strong>voyage en \u00c9gypte<\/strong> vers la ville sacr\u00e9e d&rsquo;Abydos, qui abrite le v\u00e9n\u00e9r\u00e9 <strong>temple de S\u00e9thi Ier<\/strong>. Ce site est essentiel \u00e0 la <strong>mythologie \u00e9gyptienne antique<\/strong> en tant que centre du culte d&rsquo;Osiris.<\/p>\n<p>Admirez la <strong>liste des rois d&rsquo;Abydos<\/strong>, incroyablement d\u00e9taill\u00e9e, et les reliefs complexes qui sont consid\u00e9r\u00e9s parmi les plus beaux d&rsquo;<strong>\u00c9gypte<\/strong>. Cette <strong>excursion d&rsquo;une journ\u00e9e<\/strong> depuis votre <strong>h\u00f4tel \u00e0 Makadi Bay<\/strong> vous connecte \u00e0 des mill\u00e9naires d&rsquo;histoire et de spiritualit\u00e9, offrant une <strong>exp\u00e9rience culturelle inoubliable<\/strong> loin de la foule.<\/p>\n<p>R\u00e9servez votre <strong>visite de Dend\u00e9rah et Abydos<\/strong> pour un aper\u00e7u unique des tr\u00e9sors cach\u00e9s de l&rsquo;\u00c9gypte.<\/p>\n<h3><span style=\"color: #ff6600;\">D\u00e9tails de la visite<\/span><\/h3>\n<ul>\n<li>Dur\u00e9e : 1 jour<\/li>\n<li>Lieu de la visite : Dend\u00e9rah \/ Abydos<\/li>\n<li>Disponibilit\u00e9 : tous les jours<\/li>\n<li>Prise en charge et retour : votre h\u00f4tel \u00e0 Makadi Bay<\/li>\n<li>Type de visite : priv\u00e9e<\/li>\n<li>Adapt\u00e9 pour : couples, familles, personnes de plus de 70 ans.<\/li>\n<li>Fauteuil roulant : accessible.<\/li>\n<\/ul>\n<h3><span style=\"color: #ff6600;\">Inclus<\/span><\/h3>\n<ul>\n<li>Transfert aller-retour avec un v\u00e9hicule priv\u00e9 neuf.<\/li>\n<li>Guide \u00e9gyptologue expert.<\/li>\n<li>Frais d&rsquo;entr\u00e9e pour tous les sites touristiques mentionn\u00e9s.<\/li>\n<li>D\u00e9jeuner dans un restaurant local.<\/li>\n<li>Eau min\u00e9rale durant la journ\u00e9e.<\/li>\n<\/ul>\n<h3><span style=\"color: #ff6600;\">Non inclus<\/span><\/h3>\n<ul>\n<li>Boissons pendant le d\u00e9jeuner.<\/li>\n<li>Pourboires.<\/li>\n<\/ul>\n<h3><span style=\"color: #ff6600;\">\u00c0 emporter avec vous<\/span><\/h3>\n<ul>\n<li>Chapeau, lunettes de soleil et cr\u00e8me solaire.<\/li>\n<li>Chaussures et v\u00eatements confortables.<\/li>\n<\/ul>\n<h2><span style=\"color: #ff6600;\">Itin\u00e9raire<\/span><\/h2>\n<p>Rencontrez votre guide dans le hall de votre h\u00f4tel vers 05 h 00 du matin pour commencer votre excursion d&rsquo;une journ\u00e9e compl\u00e8te vers le temple de Dend\u00e9rah et le temple d&rsquo;Abydos. La distance entre Makadi Bay et le temple de Dend\u00e9rah est d&rsquo;environ 200 km, et le trajet dure environ 3 heures avec une courte pause en chemin.<\/p>\n<p>En fait, vous commencerez votre <strong>excursion depuis Hurghada<\/strong> (zone Makadi) par l&rsquo;un des temples les mieux conserv\u00e9s d&rsquo;\u00c9gypte, le temple de Dend\u00e9rah, qui rivalise de beaut\u00e9 avec le temple d&rsquo;Horus \u00e0 Edfou.<\/p>\n<h3><span style=\"color: #ff6600;\">Le temple de Dend\u00e9rah (temple d&rsquo;Hathor)<\/span><\/h3>\n<p>Explorez l&rsquo;<strong>histoire de l&rsquo;\u00c9gypte ancienne<\/strong>, la riche <strong>civilisation \u00e9gyptienne<\/strong> et la <strong>religion \u00e9gyptienne antique<\/strong> durant la p\u00e9riode gr\u00e9co-romaine.<\/p>\n<p>D\u00e9couvrez le <strong>Mammisi romain<\/strong>, le <strong>Mammisi pharaonique<\/strong>, le <strong>Sanatorium<\/strong>, la <strong>chapelle d&rsquo;Isis<\/strong>, la <strong>chapelle d&rsquo;Osiris<\/strong> et la <strong>chapelle d&rsquo;Hathor<\/strong>.<\/p>\n<p>De plus, visitez les <strong>cryptes de Dend\u00e9rah<\/strong>, voyez l&rsquo;<strong>ampoule de Dend\u00e9rah<\/strong>, et apprenez-en plus sur les <strong>f\u00eates dans l&rsquo;\u00c9gypte ancienne<\/strong>, en particulier l&rsquo;union sacr\u00e9e entre Hathor et Horus d&rsquo;Edfou. \u00c0 la fin de la visite du temple de Dend\u00e9rah, vous vous dirigerez vers le temple d&rsquo;Abydos dans le gouvernorat de Sohag.<\/p>\n<h3><span style=\"color: #ff6600;\">Le temple d&rsquo;Abydos<\/span><\/h3>\n<p>Le temple d&rsquo;Abydos est un autre <strong>temple pharaonique<\/strong> incroyable en \u00c9gypte et l&rsquo;un des plus color\u00e9s. En r\u00e9alit\u00e9, le roi <strong>S\u00e9thi Ier<\/strong> a d\u00e9di\u00e9 le temple principalement aux dieux <strong>Osiris, Isis, Horus, R\u00ea-Horakhty et Ptah<\/strong>.<\/p>\n<p>Plus tard, son fils <strong>Rams\u00e8s II<\/strong> et <strong>M\u00e9renptah<\/strong> ont achev\u00e9 le temple. Les temples d&rsquo;Abydos sont l&rsquo;une de nos sources majeures sur les <strong>l\u00e9gendes \u00e9gyptiennes antiques<\/strong>, comme la c\u00e9l\u00e8bre l\u00e9gende d&rsquo;Isis et d&rsquo;Osiris.<\/p>\n<p>De plus, le temple poss\u00e8de l&rsquo;une des c\u00e9l\u00e8bres listes royales, qui comprend 76 noms des anc\u00eatres de S\u00e9thi Ier, commen\u00e7ant par <strong>M\u00e9n\u00e8s<\/strong> et se terminant par S\u00e9thi lui-m\u00eame. Pendant que vous \u00eates dans la r\u00e9gion, ne manquez pas l&rsquo;<strong>Osir\u00e9ion<\/strong>, <strong>Shunet El Zebib<\/strong>, le tombeau d&rsquo;Om Sety, les tombes de la <strong>p\u00e9riode thinite<\/strong>, Kom El Sultan et le temple de Rams\u00e8s le Grand.<\/p>\n<p>\u00c0 la fin de votre visite, nous vous raccompagnerons \u00e0 votre h\u00f4tel \u00e0 Makadi Bay.<\/p>\n<h3><span style=\"color: #ff6600;\">Prix de l&rsquo;excursion Dend\u00e9rah et Abydos depuis Makadi Bay<\/span><\/h3>\n<ul>\n<li>Prix Adulte = 170 \u20ac<\/li>\n<li>Nourrissons (0-5 ans) = gratuit<\/li>\n<li>Enfants (5-11 ans) = 50 % du prix adulte<\/li>\n<\/ul>\n<h3><span style=\"color: #ff6600;\">R\u00e9servation<\/span><\/h3>\n<p>Vous pouvez r\u00e9server votre tour <strong>Makadi Bay Excursions<\/strong> via WhatsApp ou par e-mail, et vous recevrez la confirmation imm\u00e9diatement.<\/p>\n<p>Veuillez nous envoyer le nom de votre h\u00f4tel, votre num\u00e9ro de chambre et des copies de vos passeports.<\/p>\n<p><strong>WhatsApp :<\/strong> +20 1000852186<\/p>\n<p><strong>E-mail :<\/strong> info@egytourpackages.com<\/p>\n<h3><span style=\"color: #ff6600;\">R\u00e9servez maintenant et payez sur place.<\/span><\/h3>\n<p>R\u00e9servez votre excursion pr\u00e9f\u00e9r\u00e9e et payez le jour du voyage.<\/p>\n<h3><span style=\"color: #ff6600;\">Paiement :<\/span><\/h3>\n<p>Vous pouvez payer en livres \u00e9gyptiennes, en $, en \u20ac ou en \u00a3.<\/p>\n<h3><span style=\"color: #ff6600;\">Politique d\u2019annulation:<\/span><\/h3>\n<ul>\n<li>Annulation gratuite jusqu&rsquo;\u00e0 24 heures \u00e0 l&rsquo;avance.<\/li>\n<li>L&rsquo;annulation le matin m\u00eame est factur\u00e9e \u00e0 50 % du prix.<\/li>\n<\/ul>\n","protected":false},"excerpt":{"rendered":"<p>Excursion Dend\u00e9rah et Abydos depuis Makadi Bay. Visitez le temple d&rsquo;Hathor et S\u00e9thi Ier avec un guide priv\u00e9. Histoire et myst\u00e8res de l&rsquo;\u00c9gypte ancienne.<\/p>\n","protected":false},"featured_media":12364,"comment_status":"open","ping_status":"closed","template":"","meta":[],"product_brand":[],"product_cat":[3124],"product_tag":[3334,3335],"class_list":{"0":"post-12363","1":"product","2":"type-product","3":"status-publish","4":"has-post-thumbnail","6":"product_cat-tours-fr","7":"product_tag-temple-dabydos","8":"product_tag-temple-de-dendera","9":"tour_category-excursions-a-louxor-au-depart-dhurghada","10":"tour_category-excursions-en-egypte-fr","11":"tour_category-excursions-makadi-bay-fr","13":"first","14":"instock","15":"sale","16":"shipping-taxable","17":"purchasable","18":"product-type-tour","19":"has-default-attributes"},"yoast_head":"<!-- This site is optimized with the Yoast SEO Premium plugin v27.2 (Yoast SEO v27.2) - https:\/\/yoast.com\/product\/yoast-seo-premium-wordpress\/ -->\n<title>Excursion Dend\u00e9rah et Abydos depuis Makadi Bay<\/title>\n<meta name=\"description\" content=\"Dendera et Abydos depuis la baie de Makadi | Excursions \u00e0 prix avantageux \u00e0 Hurghada vers les temples de Dendera et d&#039;Abydos | Activit\u00e9s incontournables.\" \/>\n<meta name=\"robots\" content=\"index, follow, max-snippet:-1, max-image-preview:large, max-video-preview:-1\" \/>\n<link rel=\"canonical\" href=\"https:\/\/egytourpackages.com\/fr\/tours\/excursion-denderah-et-abydos-depuis-makadi-bay\/\" \/>\n<meta property=\"og:locale\" content=\"fr_FR\" \/>\n<meta property=\"og:type\" content=\"article\" \/>\n<meta property=\"og:title\" content=\"Excursion Dend\u00e9rah et Abydos depuis Makadi Bay\" \/>\n<meta property=\"og:description\" content=\"Dendera et Abydos depuis la baie de Makadi | Excursions \u00e0 prix avantageux \u00e0 Hurghada vers les temples de Dendera et d&#039;Abydos | Activit\u00e9s incontournables dans la baie de Makadi.\" \/>\n<meta property=\"og:url\" content=\"https:\/\/egytourpackages.com\/fr\/tours\/excursion-denderah-et-abydos-depuis-makadi-bay\/\" \/>\n<meta property=\"og:site_name\" content=\"Egypt Tour Packages\" \/>\n<meta property=\"article:publisher\" content=\"https:\/\/www.facebook.com\/egytourpackages\" \/>\n<meta property=\"article:modified_time\" content=\"2026-01-28T17:41:33+00:00\" \/>\n<meta property=\"og:image\" content=\"https:\/\/egytourpackages.com\/wp-content\/uploads\/2023\/07\/Dendera-temple-1024x682.jpg\" \/>\n<meta name=\"twitter:card\" content=\"summary_large_image\" \/>\n<meta name=\"twitter:title\" content=\"Excursion Dend\u00e9rah et Abydos depuis Makadi Bay\" \/>\n<meta name=\"twitter:description\" content=\"Dendera et Abydos depuis la baie de Makadi | Excursions \u00e0 prix avantageux \u00e0 Hurghada vers les temples de Dendera et d&#039;Abydos | Activit\u00e9s incontournables dans la baie de Makadi.\" \/>\n<meta name=\"twitter:image\" content=\"https:\/\/egytourpackages.com\/wp-content\/uploads\/2023\/07\/Dendera-Mammisi-1024x682.jpg\" \/>\n<meta name=\"twitter:label1\" content=\"Prix\" \/>\n\t<meta name=\"twitter:data1\" content=\"&euro;140\" \/>\n\t<meta name=\"twitter:label2\" content=\"Disponibilit\u00e9\" \/>\n\t<meta name=\"twitter:data2\" content=\"En stock\" \/>\n<script type=\"application\/ld+json\" class=\"yoast-schema-graph\">{\"@context\":\"https:\/\/schema.org\",\"@graph\":[{\"@type\":\"WebPage\",\"@id\":\"https:\/\/egytourpackages.com\/fr\/tours\/excursion-denderah-et-abydos-depuis-makadi-bay\/\",\"url\":\"https:\/\/egytourpackages.com\/fr\/tours\/excursion-denderah-et-abydos-depuis-makadi-bay\/\",\"name\":\"Excursion Dend\u00e9rah et Abydos depuis Makadi Bay\",\"isPartOf\":{\"@id\":\"https:\/\/egytourpackages.com\/fr\/#website\"},\"primaryImageOfPage\":{\"@id\":\"https:\/\/egytourpackages.com\/fr\/tours\/excursion-denderah-et-abydos-depuis-makadi-bay\/#primaryimage\"},\"image\":{\"@id\":\"https:\/\/egytourpackages.com\/fr\/tours\/excursion-denderah-et-abydos-depuis-makadi-bay\/#primaryimage\"},\"thumbnailUrl\":\"https:\/\/egytourpackages.com\/wp-content\/uploads\/2023\/07\/Dendera-temple.jpg\",\"datePublished\":\"2023-07-15T00:02:49+00:00\",\"dateModified\":\"2026-01-28T17:41:33+00:00\",\"description\":\"Dendera et Abydos depuis la baie de Makadi | Excursions \u00e0 prix avantageux \u00e0 Hurghada vers les temples de Dendera et d'Abydos | Activit\u00e9s incontournables.\",\"breadcrumb\":{\"@id\":\"https:\/\/egytourpackages.com\/fr\/tours\/excursion-denderah-et-abydos-depuis-makadi-bay\/#breadcrumb\"},\"inLanguage\":\"fr-FR\",\"potentialAction\":[{\"@type\":\"ReadAction\",\"target\":[\"https:\/\/egytourpackages.com\/fr\/tours\/excursion-denderah-et-abydos-depuis-makadi-bay\/\"]}]},{\"@type\":\"ImageObject\",\"inLanguage\":\"fr-FR\",\"@id\":\"https:\/\/egytourpackages.com\/fr\/tours\/excursion-denderah-et-abydos-depuis-makadi-bay\/#primaryimage\",\"url\":\"https:\/\/egytourpackages.com\/wp-content\/uploads\/2023\/07\/Dendera-temple.jpg\",\"contentUrl\":\"https:\/\/egytourpackages.com\/wp-content\/uploads\/2023\/07\/Dendera-temple.jpg\",\"width\":2000,\"height\":1333,\"caption\":\"Excursion Dend\u00e9rah et Abydos depuis Makadi Bay\"},{\"@type\":\"BreadcrumbList\",\"@id\":\"https:\/\/egytourpackages.com\/fr\/tours\/excursion-denderah-et-abydos-depuis-makadi-bay\/#breadcrumb\",\"itemListElement\":[{\"@type\":\"ListItem\",\"position\":1,\"name\":\"Home\",\"item\":\"https:\/\/egytourpackages.com\/fr\/circuits-en-egypte\/\"},{\"@type\":\"ListItem\",\"position\":2,\"name\":\"Shop\",\"item\":\"https:\/\/egytourpackages.com\/shop\/\"},{\"@type\":\"ListItem\",\"position\":3,\"name\":\"Excursion Dend\u00e9rah et Abydos depuis Makadi Bay\"}]},{\"@type\":\"WebSite\",\"@id\":\"https:\/\/egytourpackages.com\/fr\/#website\",\"url\":\"https:\/\/egytourpackages.com\/fr\/\",\"name\":\"Egy tour packages\",\"description\":\"\",\"publisher\":{\"@id\":\"https:\/\/egytourpackages.com\/fr\/#organization\"},\"potentialAction\":[{\"@type\":\"SearchAction\",\"target\":{\"@type\":\"EntryPoint\",\"urlTemplate\":\"https:\/\/egytourpackages.com\/fr\/?s={search_term_string}\"},\"query-input\":{\"@type\":\"PropertyValueSpecification\",\"valueRequired\":true,\"valueName\":\"search_term_string\"}}],\"inLanguage\":\"fr-FR\"},{\"@type\":[\"Organization\",\"Place\",\"TravelAgency\"],\"@id\":\"https:\/\/egytourpackages.com\/fr\/#organization\",\"name\":\"egypt tour packages\",\"alternateName\":\"egypt tour packages\",\"url\":\"https:\/\/egytourpackages.com\/fr\/\",\"logo\":{\"@id\":\"https:\/\/egytourpackages.com\/fr\/tours\/excursion-denderah-et-abydos-depuis-makadi-bay\/#local-main-organization-logo\"},\"image\":{\"@id\":\"https:\/\/egytourpackages.com\/fr\/tours\/excursion-denderah-et-abydos-depuis-makadi-bay\/#local-main-organization-logo\"},\"sameAs\":[\"https:\/\/www.facebook.com\/egytourpackages\"],\"legalName\":\"Egy tour packages\",\"address\":{\"@id\":\"https:\/\/egytourpackages.com\/fr\/tours\/excursion-denderah-et-abydos-depuis-makadi-bay\/#local-main-place-address\"},\"telephone\":[\"00201000852186\",\"00201028685533\"],\"contactPoint\":{\"@type\":\"ContactPoint\",\"telephone\":\"00201000852186\"},\"openingHoursSpecification\":[{\"@type\":\"OpeningHoursSpecification\",\"dayOfWeek\":[\"Monday\",\"Tuesday\",\"Wednesday\",\"Thursday\",\"Friday\",\"Saturday\",\"Sunday\"],\"opens\":\"00:00\",\"closes\":\"23:59\"}],\"email\":\"info@egytourpackages.com\",\"areaServed\":\"Cairo, Hurghada, Luxor, Sharm El Sheikh, Marsa Alam, Aswan\",\"priceRange\":\"$\",\"currenciesAccepted\":\"euro\",\"paymentAccepted\":\"Payment links online\"},{\"@type\":\"PostalAddress\",\"@id\":\"https:\/\/egytourpackages.com\/fr\/tours\/excursion-denderah-et-abydos-depuis-makadi-bay\/#local-main-place-address\",\"streetAddress\":\"Mubarak 8, Al Kawthar District, Hurghada\",\"addressLocality\":\"Hurghada\",\"postalCode\":\"84511\",\"addressRegion\":\"Red Sea\",\"addressCountry\":\"EG\"},{\"@type\":\"ImageObject\",\"inLanguage\":\"fr-FR\",\"@id\":\"https:\/\/egytourpackages.com\/fr\/tours\/excursion-denderah-et-abydos-depuis-makadi-bay\/#local-main-organization-logo\",\"url\":\"https:\/\/egytourpackages.com\/wp-content\/uploads\/2025\/12\/Turquoise-Dahabiya-Nile-Cruise-1.jpeg\",\"contentUrl\":\"https:\/\/egytourpackages.com\/wp-content\/uploads\/2025\/12\/Turquoise-Dahabiya-Nile-Cruise-1.jpeg\",\"width\":1040,\"height\":694,\"caption\":\"egypt tour packages\"}]}<\/script>\n<meta property=\"product:brand\" content=\"Excursions \u00e0 Louxor au d\u00e9part d&#039;Hurghada\" \/>\n<meta property=\"product:price:amount\" content=\"140\" \/>\n<meta property=\"product:price:currency\" content=\"EUR\" \/>\n<meta property=\"og:availability\" content=\"instock\" \/>\n<meta property=\"product:availability\" content=\"instock\" \/>\n<meta property=\"product:retailer_item_id\" content=\"MBE04\" \/>\n<meta property=\"product:condition\" content=\"new\" \/>\n<meta name=\"geo.placename\" content=\"Hurghada\" \/>\n<meta name=\"geo.region\" content=\"\u00c9gypte\" \/>\n<!-- \/ Yoast SEO Premium plugin. -->","yoast_head_json":{"title":"Excursion Dend\u00e9rah et Abydos depuis Makadi Bay","description":"Dendera et Abydos depuis la baie de Makadi | Excursions \u00e0 prix avantageux \u00e0 Hurghada vers les temples de Dendera et d'Abydos | Activit\u00e9s incontournables.","robots":{"index":"index","follow":"follow","max-snippet":"max-snippet:-1","max-image-preview":"max-image-preview:large","max-video-preview":"max-video-preview:-1"},"canonical":"https:\/\/egytourpackages.com\/fr\/tours\/excursion-denderah-et-abydos-depuis-makadi-bay\/","og_locale":"fr_FR","og_type":"article","og_title":"Excursion Dend\u00e9rah et Abydos depuis Makadi Bay","og_description":"Dendera et Abydos depuis la baie de Makadi | Excursions \u00e0 prix avantageux \u00e0 Hurghada vers les temples de Dendera et d'Abydos | Activit\u00e9s incontournables dans la baie de Makadi.","og_url":"https:\/\/egytourpackages.com\/fr\/tours\/excursion-denderah-et-abydos-depuis-makadi-bay\/","og_site_name":"Egypt Tour Packages","article_publisher":"https:\/\/www.facebook.com\/egytourpackages","article_modified_time":"2026-01-28T17:41:33+00:00","og_image":[{"url":"https:\/\/egytourpackages.com\/wp-content\/uploads\/2023\/07\/Dendera-temple-1024x682.jpg","type":"","width":"","height":""}],"twitter_card":"summary_large_image","twitter_title":"Excursion Dend\u00e9rah et Abydos depuis Makadi Bay","twitter_description":"Dendera et Abydos depuis la baie de Makadi | Excursions \u00e0 prix avantageux \u00e0 Hurghada vers les temples de Dendera et d'Abydos | Activit\u00e9s incontournables dans la baie de Makadi.","twitter_image":"https:\/\/egytourpackages.com\/wp-content\/uploads\/2023\/07\/Dendera-Mammisi-1024x682.jpg","twitter_misc":{"Prix":"&euro;140","Disponibilit\u00e9":"En stock"},"schema":{"@context":"https:\/\/schema.org","@graph":[{"@type":"WebPage","@id":"https:\/\/egytourpackages.com\/fr\/tours\/excursion-denderah-et-abydos-depuis-makadi-bay\/","url":"https:\/\/egytourpackages.com\/fr\/tours\/excursion-denderah-et-abydos-depuis-makadi-bay\/","name":"Excursion Dend\u00e9rah et Abydos depuis Makadi Bay","isPartOf":{"@id":"https:\/\/egytourpackages.com\/fr\/#website"},"primaryImageOfPage":{"@id":"https:\/\/egytourpackages.com\/fr\/tours\/excursion-denderah-et-abydos-depuis-makadi-bay\/#primaryimage"},"image":{"@id":"https:\/\/egytourpackages.com\/fr\/tours\/excursion-denderah-et-abydos-depuis-makadi-bay\/#primaryimage"},"thumbnailUrl":"https:\/\/egytourpackages.com\/wp-content\/uploads\/2023\/07\/Dendera-temple.jpg","datePublished":"2023-07-15T00:02:49+00:00","dateModified":"2026-01-28T17:41:33+00:00","description":"Dendera et Abydos depuis la baie de Makadi | Excursions \u00e0 prix avantageux \u00e0 Hurghada vers les temples de Dendera et d'Abydos | Activit\u00e9s incontournables.","breadcrumb":{"@id":"https:\/\/egytourpackages.com\/fr\/tours\/excursion-denderah-et-abydos-depuis-makadi-bay\/#breadcrumb"},"inLanguage":"fr-FR","potentialAction":[{"@type":"ReadAction","target":["https:\/\/egytourpackages.com\/fr\/tours\/excursion-denderah-et-abydos-depuis-makadi-bay\/"]}]},{"@type":"ImageObject","inLanguage":"fr-FR","@id":"https:\/\/egytourpackages.com\/fr\/tours\/excursion-denderah-et-abydos-depuis-makadi-bay\/#primaryimage","url":"https:\/\/egytourpackages.com\/wp-content\/uploads\/2023\/07\/Dendera-temple.jpg","contentUrl":"https:\/\/egytourpackages.com\/wp-content\/uploads\/2023\/07\/Dendera-temple.jpg","width":2000,"height":1333,"caption":"Excursion Dend\u00e9rah et Abydos depuis Makadi Bay"},{"@type":"BreadcrumbList","@id":"https:\/\/egytourpackages.com\/fr\/tours\/excursion-denderah-et-abydos-depuis-makadi-bay\/#breadcrumb","itemListElement":[{"@type":"ListItem","position":1,"name":"Home","item":"https:\/\/egytourpackages.com\/fr\/circuits-en-egypte\/"},{"@type":"ListItem","position":2,"name":"Shop","item":"https:\/\/egytourpackages.com\/shop\/"},{"@type":"ListItem","position":3,"name":"Excursion Dend\u00e9rah et Abydos depuis Makadi Bay"}]},{"@type":"WebSite","@id":"https:\/\/egytourpackages.com\/fr\/#website","url":"https:\/\/egytourpackages.com\/fr\/","name":"Egy tour packages","description":"","publisher":{"@id":"https:\/\/egytourpackages.com\/fr\/#organization"},"potentialAction":[{"@type":"SearchAction","target":{"@type":"EntryPoint","urlTemplate":"https:\/\/egytourpackages.com\/fr\/?s={search_term_string}"},"query-input":{"@type":"PropertyValueSpecification","valueRequired":true,"valueName":"search_term_string"}}],"inLanguage":"fr-FR"},{"@type":["Organization","Place","TravelAgency"],"@id":"https:\/\/egytourpackages.com\/fr\/#organization","name":"egypt tour packages","alternateName":"egypt tour packages","url":"https:\/\/egytourpackages.com\/fr\/","logo":{"@id":"https:\/\/egytourpackages.com\/fr\/tours\/excursion-denderah-et-abydos-depuis-makadi-bay\/#local-main-organization-logo"},"image":{"@id":"https:\/\/egytourpackages.com\/fr\/tours\/excursion-denderah-et-abydos-depuis-makadi-bay\/#local-main-organization-logo"},"sameAs":["https:\/\/www.facebook.com\/egytourpackages"],"legalName":"Egy tour packages","address":{"@id":"https:\/\/egytourpackages.com\/fr\/tours\/excursion-denderah-et-abydos-depuis-makadi-bay\/#local-main-place-address"},"telephone":["00201000852186","00201028685533"],"contactPoint":{"@type":"ContactPoint","telephone":"00201000852186"},"openingHoursSpecification":[{"@type":"OpeningHoursSpecification","dayOfWeek":["Monday","Tuesday","Wednesday","Thursday","Friday","Saturday","Sunday"],"opens":"00:00","closes":"23:59"}],"email":"info@egytourpackages.com","areaServed":"Cairo, Hurghada, Luxor, Sharm El Sheikh, Marsa Alam, Aswan","priceRange":"$","currenciesAccepted":"euro","paymentAccepted":"Payment links online"},{"@type":"PostalAddress","@id":"https:\/\/egytourpackages.com\/fr\/tours\/excursion-denderah-et-abydos-depuis-makadi-bay\/#local-main-place-address","streetAddress":"Mubarak 8, Al Kawthar District, Hurghada","addressLocality":"Hurghada","postalCode":"84511","addressRegion":"Red Sea","addressCountry":"EG"},{"@type":"ImageObject","inLanguage":"fr-FR","@id":"https:\/\/egytourpackages.com\/fr\/tours\/excursion-denderah-et-abydos-depuis-makadi-bay\/#local-main-organization-logo","url":"https:\/\/egytourpackages.com\/wp-content\/uploads\/2025\/12\/Turquoise-Dahabiya-Nile-Cruise-1.jpeg","contentUrl":"https:\/\/egytourpackages.com\/wp-content\/uploads\/2025\/12\/Turquoise-Dahabiya-Nile-Cruise-1.jpeg","width":1040,"height":694,"caption":"egypt tour packages"}]},"product_brand":"Excursions \u00e0 Louxor au d\u00e9part d'Hurghada","product_price_amount":"140","product_price_currency":"EUR","og_availability":"instock","product_availability":"instock","product_retailer_item_id":"MBE04","product_condition":"new","geo.placename":"Hurghada","geo.region":"\u00c9gypte"},"_links":{"self":[{"href":"https:\/\/egytourpackages.com\/fr\/wp-json\/wp\/v2\/product\/12363","targetHints":{"allow":["GET"]}}],"collection":[{"href":"https:\/\/egytourpackages.com\/fr\/wp-json\/wp\/v2\/product"}],"about":[{"href":"https:\/\/egytourpackages.com\/fr\/wp-json\/wp\/v2\/types\/product"}],"replies":[{"embeddable":true,"href":"https:\/\/egytourpackages.com\/fr\/wp-json\/wp\/v2\/comments?post=12363"}],"wp:featuredmedia":[{"embeddable":true,"href":"https:\/\/egytourpackages.com\/fr\/wp-json\/wp\/v2\/media\/12364"}],"wp:attachment":[{"href":"https:\/\/egytourpackages.com\/fr\/wp-json\/wp\/v2\/media?parent=12363"}],"wp:term":[{"taxonomy":"product_brand","embeddable":true,"href":"https:\/\/egytourpackages.com\/fr\/wp-json\/wp\/v2\/product_brand?post=12363"},{"taxonomy":"product_cat","embeddable":true,"href":"https:\/\/egytourpackages.com\/fr\/wp-json\/wp\/v2\/product_cat?post=12363"},{"taxonomy":"product_tag","embeddable":true,"href":"https:\/\/egytourpackages.com\/fr\/wp-json\/wp\/v2\/product_tag?post=12363"}],"curies":[{"name":"wp","href":"https:\/\/api.w.org\/{rel}","templated":true}]}}