{"id":12395,"date":"2023-07-25T02:43:22","date_gmt":"2023-07-25T02:43:22","guid":{"rendered":"https:\/\/egytourpackages.com\/product\/excursion-a-denderah-et-abydos-depuis-el-gouna\/"},"modified":"2026-01-28T17:51:34","modified_gmt":"2026-01-28T17:51:34","slug":"excursion-a-denderah-et-abydos-depuis-el-gouna","status":"publish","type":"product","link":"https:\/\/egytourpackages.com\/fr\/tours\/excursion-a-denderah-et-abydos-depuis-el-gouna\/","title":{"rendered":"Excursion \u00e0 Dend\u00e9rah et Abydos depuis El Gouna"},"content":{"rendered":"<p><span style=\"color: #ff6600;\"><strong>Excursion \u00e0 Dend\u00e9rah et Abydos depuis El Gouna | Meilleures Excursions \u00e0 El Gouna<\/strong><\/span><\/p>\n<p>R\u00e9servez une <strong>excursion priv\u00e9e de luxe \u00e0 Dend\u00e9rah et Abydos depuis El Gouna<\/strong> avec un v\u00e9hicule exclusif, un guide priv\u00e9 et le meilleur service de <strong>circuits en \u00c9gypte<\/strong>. Ces <strong>excursions \u00e0 El Gouna<\/strong> vers Dend\u00e9rah et Abydos vous promettent une exploration inoubliable du patrimoine culturel \u00e9gyptien.<\/p>\n<p>Profitez de votre voiture priv\u00e9e et de votre guide pour explorer les myst\u00e8res de Dend\u00e9rah et du <strong>temple d&rsquo;Hathor<\/strong>. \u00c9merveillez-vous devant le <strong>Zodiaque de Dend\u00e9rah<\/strong>, les phases de la lune, l&rsquo;<strong>ampoule de Dend\u00e9rah<\/strong>, les <strong>cryptes<\/strong> et le Mammisi.<\/p>\n<p>Ensuite, vous visiterez le grand temple de <strong>S\u00e9thi Ier<\/strong> \u00e0 Abydos, riche en repr\u00e9sentations de la mythologie \u00e9gyptienne, avec la fameuse <strong>liste des rois d&rsquo;Abydos<\/strong> et ses sanctuaires sacr\u00e9s. Vos <strong>excursions d&rsquo;une journ\u00e9e en \u00c9gypte<\/strong> \u00e0 Dend\u00e9rah et Abydos seront l&rsquo;occasion id\u00e9ale de plonger au c\u0153ur des myst\u00e8res de ces sites antiques.<\/p>\n<h3><span style=\"color: #ff6600;\">D\u00e9tails de l&rsquo;excursion<\/span><\/h3>\n<ul>\n<li>Dur\u00e9e : 1 jour<\/li>\n<li>Lieu de l&rsquo;excursion : Dend\u00e9rah \/ Abydos<\/li>\n<li>Disponibilit\u00e9 : tous les jours<\/li>\n<li>Prise en charge et retour : h\u00f4tels d&rsquo;El Gouna<\/li>\n<li>Type d&rsquo;excursion : priv\u00e9e<\/li>\n<li>Langue : fran\u00e7ais (guide disponible).<\/li>\n<li>Accessibilit\u00e9 : accessible en fauteuil roulant.<\/li>\n<\/ul>\n<h3><span style=\"color: #ff6600;\">Inclusions<\/span><\/h3>\n<ul>\n<li>Transfert aller-retour avec un v\u00e9hicule priv\u00e9 neuf<\/li>\n<li>Guide expert \u00e9gyptologue<\/li>\n<li>Frais d&rsquo;entr\u00e9e pour tous les sites mentionn\u00e9s<\/li>\n<li>D\u00e9jeuner dans un restaurant local<\/li>\n<li>Eau min\u00e9rale pendant la journ\u00e9e<\/li>\n<\/ul>\n<h3><span style=\"color: #ff6600;\">Exclusions<\/span><\/h3>\n<ul>\n<li>Boissons pendant le d\u00e9jeuner<\/li>\n<li>Pourboires<\/li>\n<\/ul>\n<h3><span style=\"color: #ff6600;\">\u00c0 pr\u00e9voir<\/span><\/h3>\n<ul>\n<li>Chapeau, lunettes de soleil et cr\u00e8me solaire<\/li>\n<li>Chaussures et v\u00eatements confortables<\/li>\n<\/ul>\n<h2><span style=\"color: #ff6600;\">Itin\u00e9raire<\/span><\/h2>\n<p>Vous retrouverez votre guide dans le hall de votre h\u00f4tel \u00e0 El Gouna apr\u00e8s avoir r\u00e9cup\u00e9r\u00e9 vos paniers petit-d\u00e9jeuner \u00e0 la r\u00e9ception. Vous commencerez alors vos <strong>excursions \u00e0 El Gouna<\/strong> vers les temples de Dend\u00e9rah et d&rsquo;Abydos, avec une courte pause en chemin pour le petit-d\u00e9jeuner et l&rsquo;acc\u00e8s aux toilettes.<\/p>\n<p>Vous d\u00e9buterez vos <strong>excursions d&rsquo;une journ\u00e9e depuis El Gouna<\/strong> par le temple d&rsquo;Hathor sur la rive ouest du Nil.<\/p>\n<h3><span style=\"color: #ff6600;\">Temple de Dend\u00e9rah | Temple d&rsquo;Hathor<\/span><\/h3>\n<p>Une fois au temple de Dend\u00e9rah, vous p\u00e9n\u00e9trerez dans le monde mystique de l&rsquo;un des temples les mieux conserv\u00e9s d&rsquo;\u00c9gypte. En fait, le temple de Dend\u00e9rah est consid\u00e9r\u00e9 comme le <strong>temple du chakra du c\u0153ur<\/strong> et c&rsquo;est le seul o\u00f9 vous pouvez descendre sous le temple dans certaines <strong>cryptes<\/strong>.<\/p>\n<p>Commencez par la porte de Trajan avant de visiter le Mammisi romain, celui pharaonique de Nectan\u00e9bo et l&rsquo;\u00e9glise copte situ\u00e9e entre les deux. En commen\u00e7ant votre visite par l&rsquo;ext\u00e9rieur, vous verrez des b\u00e2timents fascinants comme le <strong>sanatorium<\/strong>, o\u00f9 l&rsquo;on soignait autrefois les malades.<\/p>\n<p>Vous passerez ensuite devant l&rsquo;ancien <strong>nilom\u00e8tre<\/strong>, le <strong>lac sacr\u00e9<\/strong> o\u00f9 les pr\u00eatres se purifiaient, puis vous visiterez la chapelle magique d&rsquo;<strong>Isis<\/strong> et ressentirez l&rsquo;\u00e9nergie unique qui s&rsquo;en d\u00e9gage.<\/p>\n<p>Face \u00e0 cette chapelle se trouve la seule sc\u00e8ne repr\u00e9sentant <strong>Cl\u00e9op\u00e2tre VII Philopator<\/strong> et son fils <strong>Ptol\u00e9m\u00e9e XV C\u00e9sarion<\/strong>. Terminez votre tour ext\u00e9rieur pour admirer les sc\u00e8nes repr\u00e9sentant toutes les anciennes <strong>couronnes d&rsquo;\u00c9gypte<\/strong>.<\/p>\n<p>Il est maintenant temps d&rsquo;entrer dans le temple, en commen\u00e7ant par la <strong>salle hypostyle<\/strong> avec son <strong>plafond c\u00e9leste<\/strong> vibrant de couleurs, illustrant les signes du zodiaque, les 15 <strong>phases de la lune<\/strong> et les heures du jour et de la nuit.<\/p>\n<p>Vous verrez \u00e9galement les <strong>cryptes<\/strong> et l&rsquo;<strong>ampoule de Dend\u00e9rah<\/strong> avant de monter l&rsquo;escalier vers le toit du temple pour voir le relief de <strong>Nout<\/strong> (la d\u00e9esse du ciel) et la chapelle d&rsquo;Osiris.<\/p>\n<h3><span style=\"color: #ff6600;\">D\u00e9jeuner<\/span><\/h3>\n<p>Vous profiterez de votre d\u00e9jeuner dans une maison locale pour savourer des plats faits maison.<\/p>\n<h3><span style=\"color: #ff6600;\">Temple d&rsquo;Abydos | La cit\u00e9 du p\u00e8lerinage<\/span><\/h3>\n<p>Le temple d&rsquo;Abydos, situ\u00e9 \u00e0 Sohag, est l&rsquo;un des temples les plus color\u00e9s d&rsquo;\u00c9gypte. Commenc\u00e9 par <strong>S\u00e9thi Ier<\/strong>, il fut achev\u00e9 par <strong>Rams\u00e8s II<\/strong> et <strong>M\u00e9renptah<\/strong>. Le temple contient des sc\u00e8nes qui intriguent encore beaucoup de monde, comme l&rsquo;<strong>h\u00e9licopt\u00e8re d&rsquo;Abydos<\/strong>, le <strong>sous-marin<\/strong> et l&rsquo;<strong>avion<\/strong>.<\/p>\n<p>Le temple poss\u00e8de \u00e9galement <strong>7 sanctuaires uniques pour Horus, Isis, Osiris, Amon-R\u00ea, R\u00ea-Horakhty, Ptah et S\u00e9thi Ier<\/strong> en tant que dieux. De plus, il abrite la <strong>liste des rois d&rsquo;Abydos<\/strong>, une source historique pr\u00e9cieuse recensant les rois \u00e9gyptiens de M\u00e9n\u00e8s \u00e0 S\u00e9thi lui-m\u00eame.<\/p>\n<p>En sortant du temple, vous verrez l&rsquo;<strong>Osir\u00e9ion<\/strong>, l&rsquo;un des lieux les plus mythiques d&rsquo;\u00c9gypte. Enfin, vous reprendrez la route vers votre h\u00f4tel \u00e0 El Gouna.<\/p>\n<h3><span style=\"color: #ff6600;\">Prix de l&rsquo;Excursion Dend\u00e9rah et Abydos depuis El Gouna<\/span><\/h3>\n<ul>\n<li>Prix Adulte = 150 \u20ac<\/li>\n<li>Nourrissons (0-5 ans) = Gratuit<\/li>\n<li>Enfants (5-11 ans) = 50 % du prix adulte<\/li>\n<\/ul>\n<h3><span style=\"color: #ff6600;\">R\u00e9servation<\/span><\/h3>\n<p>Vous pouvez r\u00e9server vos <strong>excursions \u00e0 El Gouna<\/strong> via WhatsApp ou par e-mail, et vous recevrez la confirmation imm\u00e9diatement.<\/p>\n<p>Veuillez nous envoyer le nom de votre h\u00f4tel, votre num\u00e9ro de chambre et les copies de vos passeports.<\/p>\n<p><strong>WhatsApp :<\/strong> +20 1000852186<\/p>\n<p><strong>E-mail :<\/strong> info@egytourpackages.com<\/p>\n<h3><span style=\"color: #ff6600;\">R\u00e9servez maintenant et payez sur place<\/span><\/h3>\n<p>R\u00e9servez votre excursion pr\u00e9f\u00e9r\u00e9e et payez le jour du d\u00e9part.<\/p>\n<h3><span style=\"color: #ff6600;\">Paiement<\/span><\/h3>\n<p>Vous pouvez payer en livres \u00e9gyptiennes, dollars am\u00e9ricains, euros ou livres sterling.<\/p>\n<h3><span style=\"color: #ff6600;\">Politique d&rsquo;annulation<\/span><\/h3>\n<ul>\n<li>L&rsquo;annulation est gratuite jusqu&rsquo;\u00e0 24 heures \u00e0 l&rsquo;avance.<\/li>\n<li>Une annulation le matin m\u00eame entra\u00eene des frais de 50 % du prix.<\/li>\n<\/ul>\n","protected":false},"excerpt":{"rendered":"<p>R\u00e9servez votre Excursion \u00e0 Dend\u00e9rah et Abydos depuis El Gouna. D\u00e9couvrez le Zodiaque, l&rsquo;ampoule de Dend\u00e9rah et le temple de S\u00e9thi Ier avec un guide priv\u00e9.<\/p>\n","protected":false},"featured_media":12396,"comment_status":"open","ping_status":"closed","template":"","meta":[],"product_brand":[],"product_cat":[3124],"product_tag":[3334,3335],"class_list":{"0":"post-12395","1":"product","2":"type-product","3":"status-publish","4":"has-post-thumbnail","6":"product_cat-tours-fr","7":"product_tag-temple-dabydos","8":"product_tag-temple-de-dendera","9":"tour_category-excursions-a-louxor-au-depart-dhurghada","10":"tour_category-excursions-el-gouna-fr","11":"tour_category-excursions-en-egypte-fr","13":"first","14":"instock","15":"sale","16":"shipping-taxable","17":"purchasable","18":"product-type-tour","19":"has-default-attributes"},"yoast_head":"<!-- This site is optimized with the Yoast SEO Premium plugin v27.4 (Yoast SEO v27.4) - https:\/\/yoast.com\/product\/yoast-seo-premium-wordpress\/ -->\n<title>Excursion \u00e0 Dend\u00e9rah et Abydos depuis El Gouna<\/title>\n<meta name=\"description\" content=\"Profitez d&#039;une Excursion \u00e0 Dend\u00e9rah et Abydos depuis El Gouna. D\u00e9couvrez les temples d&#039;Hathor et de Sethi Ier. Guide expert et transport priv\u00e9. R\u00e9servez !\" \/>\n<meta name=\"robots\" content=\"index, follow, max-snippet:-1, max-image-preview:large, max-video-preview:-1\" \/>\n<link rel=\"canonical\" href=\"https:\/\/egytourpackages.com\/fr\/tours\/excursion-a-denderah-et-abydos-depuis-el-gouna\/\" \/>\n<meta property=\"og:locale\" content=\"fr_FR\" \/>\n<meta property=\"og:type\" content=\"article\" \/>\n<meta property=\"og:title\" content=\"Excursion \u00e0 Dend\u00e9rah et Abydos depuis El Gouna\" \/>\n<meta property=\"og:description\" content=\"Excursion \u00e0 Dend\u00e9rah et Abydos au d\u00e9part d&#039;El Gouna | R\u00e9servez votre visite des temples de Dend\u00e9rah et d&#039;Abydos depuis El Gouna et d\u00e9couvrez le temple d&#039;Hathor, les cryptes de Dend\u00e9rah et la Liste royale d&#039;Abydos\" \/>\n<meta property=\"og:url\" content=\"https:\/\/egytourpackages.com\/fr\/tours\/excursion-a-denderah-et-abydos-depuis-el-gouna\/\" \/>\n<meta property=\"og:site_name\" content=\"Egypt Tour Packages\" \/>\n<meta property=\"article:publisher\" content=\"https:\/\/www.facebook.com\/egytourpackages\" \/>\n<meta property=\"article:modified_time\" content=\"2026-01-28T17:51:34+00:00\" \/>\n<meta property=\"og:image\" content=\"https:\/\/egytourpackages.com\/wp-content\/uploads\/2023\/07\/Dendera-temple-1.jpg\" \/>\n\t<meta property=\"og:image:width\" content=\"2000\" \/>\n\t<meta property=\"og:image:height\" content=\"1333\" \/>\n\t<meta property=\"og:image:type\" content=\"image\/jpeg\" \/>\n<meta name=\"twitter:card\" content=\"summary_large_image\" \/>\n<meta name=\"twitter:title\" content=\"Excursion \u00e0 Dend\u00e9rah et Abydos depuis El Gouna\" \/>\n<meta name=\"twitter:description\" content=\"Excursion \u00e0 Dend\u00e9rah et Abydos au d\u00e9part d&#039;El Gouna | R\u00e9servez votre visite des temples de Dend\u00e9rah et d&#039;Abydos depuis El Gouna et d\u00e9couvrez le temple d&#039;Hathor, les cryptes de Dend\u00e9rah et la Liste royale d&#039;Abydos\" \/>\n<meta name=\"twitter:label1\" content=\"Prix\" \/>\n\t<meta name=\"twitter:data1\" content=\"&euro;150\" \/>\n\t<meta name=\"twitter:label2\" content=\"Disponibilit\u00e9\" \/>\n\t<meta name=\"twitter:data2\" content=\"En stock\" \/>\n<script type=\"application\/ld+json\" class=\"yoast-schema-graph\">{\"@context\":\"https:\\\/\\\/schema.org\",\"@graph\":[{\"@type\":\"WebPage\",\"@id\":\"https:\\\/\\\/egytourpackages.com\\\/fr\\\/tours\\\/excursion-a-denderah-et-abydos-depuis-el-gouna\\\/\",\"url\":\"https:\\\/\\\/egytourpackages.com\\\/fr\\\/tours\\\/excursion-a-denderah-et-abydos-depuis-el-gouna\\\/\",\"name\":\"Excursion \u00e0 Dend\u00e9rah et Abydos depuis El Gouna\",\"isPartOf\":{\"@id\":\"https:\\\/\\\/egytourpackages.com\\\/fr\\\/#website\"},\"primaryImageOfPage\":{\"@id\":\"https:\\\/\\\/egytourpackages.com\\\/fr\\\/tours\\\/excursion-a-denderah-et-abydos-depuis-el-gouna\\\/#primaryimage\"},\"image\":{\"@id\":\"https:\\\/\\\/egytourpackages.com\\\/fr\\\/tours\\\/excursion-a-denderah-et-abydos-depuis-el-gouna\\\/#primaryimage\"},\"thumbnailUrl\":\"https:\\\/\\\/egytourpackages.com\\\/wp-content\\\/uploads\\\/2023\\\/07\\\/Dendera-temple-1.jpg\",\"datePublished\":\"2023-07-25T02:43:22+00:00\",\"dateModified\":\"2026-01-28T17:51:34+00:00\",\"description\":\"Profitez d'une Excursion \u00e0 Dend\u00e9rah et Abydos depuis El Gouna. D\u00e9couvrez les temples d'Hathor et de Sethi Ier. Guide expert et transport priv\u00e9. R\u00e9servez !\",\"breadcrumb\":{\"@id\":\"https:\\\/\\\/egytourpackages.com\\\/fr\\\/tours\\\/excursion-a-denderah-et-abydos-depuis-el-gouna\\\/#breadcrumb\"},\"inLanguage\":\"fr-FR\",\"potentialAction\":[{\"@type\":\"ReadAction\",\"target\":[\"https:\\\/\\\/egytourpackages.com\\\/fr\\\/tours\\\/excursion-a-denderah-et-abydos-depuis-el-gouna\\\/\"]}]},{\"@type\":\"ImageObject\",\"inLanguage\":\"fr-FR\",\"@id\":\"https:\\\/\\\/egytourpackages.com\\\/fr\\\/tours\\\/excursion-a-denderah-et-abydos-depuis-el-gouna\\\/#primaryimage\",\"url\":\"https:\\\/\\\/egytourpackages.com\\\/wp-content\\\/uploads\\\/2023\\\/07\\\/Dendera-temple-1.jpg\",\"contentUrl\":\"https:\\\/\\\/egytourpackages.com\\\/wp-content\\\/uploads\\\/2023\\\/07\\\/Dendera-temple-1.jpg\",\"width\":2000,\"height\":1333,\"caption\":\"Excursion \u00e0 Dend\u00e9rah et Abydos depuis El Gouna\"},{\"@type\":\"BreadcrumbList\",\"@id\":\"https:\\\/\\\/egytourpackages.com\\\/fr\\\/tours\\\/excursion-a-denderah-et-abydos-depuis-el-gouna\\\/#breadcrumb\",\"itemListElement\":[{\"@type\":\"ListItem\",\"position\":1,\"name\":\"Home\",\"item\":\"https:\\\/\\\/egytourpackages.com\\\/fr\\\/circuits-en-egypte\\\/\"},{\"@type\":\"ListItem\",\"position\":2,\"name\":\"Shop\",\"item\":\"https:\\\/\\\/egytourpackages.com\\\/shop\\\/\"},{\"@type\":\"ListItem\",\"position\":3,\"name\":\"Excursion \u00e0 Dend\u00e9rah et Abydos depuis El Gouna\"}]},{\"@type\":\"WebSite\",\"@id\":\"https:\\\/\\\/egytourpackages.com\\\/fr\\\/#website\",\"url\":\"https:\\\/\\\/egytourpackages.com\\\/fr\\\/\",\"name\":\"Egy tour packages\",\"description\":\"\",\"publisher\":{\"@id\":\"https:\\\/\\\/egytourpackages.com\\\/fr\\\/#organization\"},\"potentialAction\":[{\"@type\":\"SearchAction\",\"target\":{\"@type\":\"EntryPoint\",\"urlTemplate\":\"https:\\\/\\\/egytourpackages.com\\\/fr\\\/?s={search_term_string}\"},\"query-input\":{\"@type\":\"PropertyValueSpecification\",\"valueRequired\":true,\"valueName\":\"search_term_string\"}}],\"inLanguage\":\"fr-FR\"},{\"@type\":[\"Organization\",\"Place\",\"TravelAgency\"],\"@id\":\"https:\\\/\\\/egytourpackages.com\\\/fr\\\/#organization\",\"name\":\"egypt tour packages\",\"alternateName\":\"egypt tour packages\",\"url\":\"https:\\\/\\\/egytourpackages.com\\\/fr\\\/\",\"logo\":{\"@id\":\"https:\\\/\\\/egytourpackages.com\\\/fr\\\/tours\\\/excursion-a-denderah-et-abydos-depuis-el-gouna\\\/#local-main-organization-logo\"},\"image\":{\"@id\":\"https:\\\/\\\/egytourpackages.com\\\/fr\\\/tours\\\/excursion-a-denderah-et-abydos-depuis-el-gouna\\\/#local-main-organization-logo\"},\"sameAs\":[\"https:\\\/\\\/www.facebook.com\\\/egytourpackages\"],\"legalName\":\"Egy tour packages\",\"address\":{\"@id\":\"https:\\\/\\\/egytourpackages.com\\\/fr\\\/tours\\\/excursion-a-denderah-et-abydos-depuis-el-gouna\\\/#local-main-place-address\"},\"telephone\":[\"00201000852186\",\"00201028685533\"],\"contactPoint\":{\"@type\":\"ContactPoint\",\"telephone\":\"00201000852186\"},\"openingHoursSpecification\":[{\"@type\":\"OpeningHoursSpecification\",\"dayOfWeek\":[\"Monday\",\"Tuesday\",\"Wednesday\",\"Thursday\",\"Friday\",\"Saturday\",\"Sunday\"],\"opens\":\"00:00\",\"closes\":\"23:59\"}],\"email\":\"info@egytourpackages.com\",\"areaServed\":\"Cairo, Hurghada, Luxor, Sharm El Sheikh, Marsa Alam, Aswan\",\"priceRange\":\"$\",\"currenciesAccepted\":\"euro\",\"paymentAccepted\":\"Payment links online\"},{\"@type\":\"PostalAddress\",\"@id\":\"https:\\\/\\\/egytourpackages.com\\\/fr\\\/tours\\\/excursion-a-denderah-et-abydos-depuis-el-gouna\\\/#local-main-place-address\",\"streetAddress\":\"Mubarak 8, Al Kawthar District, Hurghada\",\"addressLocality\":\"Hurghada\",\"postalCode\":\"84511\",\"addressRegion\":\"Red Sea\",\"addressCountry\":\"EG\"},{\"@type\":\"ImageObject\",\"inLanguage\":\"fr-FR\",\"@id\":\"https:\\\/\\\/egytourpackages.com\\\/fr\\\/tours\\\/excursion-a-denderah-et-abydos-depuis-el-gouna\\\/#local-main-organization-logo\",\"url\":\"https:\\\/\\\/egytourpackages.com\\\/wp-content\\\/uploads\\\/2025\\\/12\\\/Turquoise-Dahabiya-Nile-Cruise-1.jpeg\",\"contentUrl\":\"https:\\\/\\\/egytourpackages.com\\\/wp-content\\\/uploads\\\/2025\\\/12\\\/Turquoise-Dahabiya-Nile-Cruise-1.jpeg\",\"width\":1040,\"height\":694,\"caption\":\"egypt tour packages\"}]}<\/script>\n<meta property=\"product:brand\" content=\"Excursions \u00e0 Louxor au d\u00e9part d&#039;Hurghada\" \/>\n<meta property=\"product:price:amount\" content=\"150\" \/>\n<meta property=\"product:price:currency\" content=\"EUR\" \/>\n<meta property=\"og:availability\" content=\"instock\" \/>\n<meta property=\"product:availability\" content=\"instock\" \/>\n<meta property=\"product:retailer_item_id\" content=\"GDT03\" \/>\n<meta property=\"product:condition\" content=\"new\" \/>\n<meta name=\"geo.placename\" content=\"Hurghada\" \/>\n<meta name=\"geo.region\" content=\"\u00c9gypte\" \/>\n<!-- \/ Yoast SEO Premium plugin. -->","yoast_head_json":{"title":"Excursion \u00e0 Dend\u00e9rah et Abydos depuis El Gouna","description":"Profitez d'une Excursion \u00e0 Dend\u00e9rah et Abydos depuis El Gouna. D\u00e9couvrez les temples d'Hathor et de Sethi Ier. Guide expert et transport priv\u00e9. R\u00e9servez !","robots":{"index":"index","follow":"follow","max-snippet":"max-snippet:-1","max-image-preview":"max-image-preview:large","max-video-preview":"max-video-preview:-1"},"canonical":"https:\/\/egytourpackages.com\/fr\/tours\/excursion-a-denderah-et-abydos-depuis-el-gouna\/","og_locale":"fr_FR","og_type":"article","og_title":"Excursion \u00e0 Dend\u00e9rah et Abydos depuis El Gouna","og_description":"Excursion \u00e0 Dend\u00e9rah et Abydos au d\u00e9part d'El Gouna | R\u00e9servez votre visite des temples de Dend\u00e9rah et d'Abydos depuis El Gouna et d\u00e9couvrez le temple d'Hathor, les cryptes de Dend\u00e9rah et la Liste royale d'Abydos","og_url":"https:\/\/egytourpackages.com\/fr\/tours\/excursion-a-denderah-et-abydos-depuis-el-gouna\/","og_site_name":"Egypt Tour Packages","article_publisher":"https:\/\/www.facebook.com\/egytourpackages","article_modified_time":"2026-01-28T17:51:34+00:00","og_image":[{"width":2000,"height":1333,"url":"https:\/\/egytourpackages.com\/wp-content\/uploads\/2023\/07\/Dendera-temple-1.jpg","type":"image\/jpeg"}],"twitter_card":"summary_large_image","twitter_title":"Excursion \u00e0 Dend\u00e9rah et Abydos depuis El Gouna","twitter_description":"Excursion \u00e0 Dend\u00e9rah et Abydos au d\u00e9part d'El Gouna | R\u00e9servez votre visite des temples de Dend\u00e9rah et d'Abydos depuis El Gouna et d\u00e9couvrez le temple d'Hathor, les cryptes de Dend\u00e9rah et la Liste royale d'Abydos","twitter_misc":{"Prix":"&euro;150","Disponibilit\u00e9":"En stock"},"schema":{"@context":"https:\/\/schema.org","@graph":[{"@type":"WebPage","@id":"https:\/\/egytourpackages.com\/fr\/tours\/excursion-a-denderah-et-abydos-depuis-el-gouna\/","url":"https:\/\/egytourpackages.com\/fr\/tours\/excursion-a-denderah-et-abydos-depuis-el-gouna\/","name":"Excursion \u00e0 Dend\u00e9rah et Abydos depuis El Gouna","isPartOf":{"@id":"https:\/\/egytourpackages.com\/fr\/#website"},"primaryImageOfPage":{"@id":"https:\/\/egytourpackages.com\/fr\/tours\/excursion-a-denderah-et-abydos-depuis-el-gouna\/#primaryimage"},"image":{"@id":"https:\/\/egytourpackages.com\/fr\/tours\/excursion-a-denderah-et-abydos-depuis-el-gouna\/#primaryimage"},"thumbnailUrl":"https:\/\/egytourpackages.com\/wp-content\/uploads\/2023\/07\/Dendera-temple-1.jpg","datePublished":"2023-07-25T02:43:22+00:00","dateModified":"2026-01-28T17:51:34+00:00","description":"Profitez d'une Excursion \u00e0 Dend\u00e9rah et Abydos depuis El Gouna. D\u00e9couvrez les temples d'Hathor et de Sethi Ier. Guide expert et transport priv\u00e9. R\u00e9servez !","breadcrumb":{"@id":"https:\/\/egytourpackages.com\/fr\/tours\/excursion-a-denderah-et-abydos-depuis-el-gouna\/#breadcrumb"},"inLanguage":"fr-FR","potentialAction":[{"@type":"ReadAction","target":["https:\/\/egytourpackages.com\/fr\/tours\/excursion-a-denderah-et-abydos-depuis-el-gouna\/"]}]},{"@type":"ImageObject","inLanguage":"fr-FR","@id":"https:\/\/egytourpackages.com\/fr\/tours\/excursion-a-denderah-et-abydos-depuis-el-gouna\/#primaryimage","url":"https:\/\/egytourpackages.com\/wp-content\/uploads\/2023\/07\/Dendera-temple-1.jpg","contentUrl":"https:\/\/egytourpackages.com\/wp-content\/uploads\/2023\/07\/Dendera-temple-1.jpg","width":2000,"height":1333,"caption":"Excursion \u00e0 Dend\u00e9rah et Abydos depuis El Gouna"},{"@type":"BreadcrumbList","@id":"https:\/\/egytourpackages.com\/fr\/tours\/excursion-a-denderah-et-abydos-depuis-el-gouna\/#breadcrumb","itemListElement":[{"@type":"ListItem","position":1,"name":"Home","item":"https:\/\/egytourpackages.com\/fr\/circuits-en-egypte\/"},{"@type":"ListItem","position":2,"name":"Shop","item":"https:\/\/egytourpackages.com\/shop\/"},{"@type":"ListItem","position":3,"name":"Excursion \u00e0 Dend\u00e9rah et Abydos depuis El Gouna"}]},{"@type":"WebSite","@id":"https:\/\/egytourpackages.com\/fr\/#website","url":"https:\/\/egytourpackages.com\/fr\/","name":"Egy tour packages","description":"","publisher":{"@id":"https:\/\/egytourpackages.com\/fr\/#organization"},"potentialAction":[{"@type":"SearchAction","target":{"@type":"EntryPoint","urlTemplate":"https:\/\/egytourpackages.com\/fr\/?s={search_term_string}"},"query-input":{"@type":"PropertyValueSpecification","valueRequired":true,"valueName":"search_term_string"}}],"inLanguage":"fr-FR"},{"@type":["Organization","Place","TravelAgency"],"@id":"https:\/\/egytourpackages.com\/fr\/#organization","name":"egypt tour packages","alternateName":"egypt tour packages","url":"https:\/\/egytourpackages.com\/fr\/","logo":{"@id":"https:\/\/egytourpackages.com\/fr\/tours\/excursion-a-denderah-et-abydos-depuis-el-gouna\/#local-main-organization-logo"},"image":{"@id":"https:\/\/egytourpackages.com\/fr\/tours\/excursion-a-denderah-et-abydos-depuis-el-gouna\/#local-main-organization-logo"},"sameAs":["https:\/\/www.facebook.com\/egytourpackages"],"legalName":"Egy tour packages","address":{"@id":"https:\/\/egytourpackages.com\/fr\/tours\/excursion-a-denderah-et-abydos-depuis-el-gouna\/#local-main-place-address"},"telephone":["00201000852186","00201028685533"],"contactPoint":{"@type":"ContactPoint","telephone":"00201000852186"},"openingHoursSpecification":[{"@type":"OpeningHoursSpecification","dayOfWeek":["Monday","Tuesday","Wednesday","Thursday","Friday","Saturday","Sunday"],"opens":"00:00","closes":"23:59"}],"email":"info@egytourpackages.com","areaServed":"Cairo, Hurghada, Luxor, Sharm El Sheikh, Marsa Alam, Aswan","priceRange":"$","currenciesAccepted":"euro","paymentAccepted":"Payment links online"},{"@type":"PostalAddress","@id":"https:\/\/egytourpackages.com\/fr\/tours\/excursion-a-denderah-et-abydos-depuis-el-gouna\/#local-main-place-address","streetAddress":"Mubarak 8, Al Kawthar District, Hurghada","addressLocality":"Hurghada","postalCode":"84511","addressRegion":"Red Sea","addressCountry":"EG"},{"@type":"ImageObject","inLanguage":"fr-FR","@id":"https:\/\/egytourpackages.com\/fr\/tours\/excursion-a-denderah-et-abydos-depuis-el-gouna\/#local-main-organization-logo","url":"https:\/\/egytourpackages.com\/wp-content\/uploads\/2025\/12\/Turquoise-Dahabiya-Nile-Cruise-1.jpeg","contentUrl":"https:\/\/egytourpackages.com\/wp-content\/uploads\/2025\/12\/Turquoise-Dahabiya-Nile-Cruise-1.jpeg","width":1040,"height":694,"caption":"egypt tour packages"}]},"product_brand":"Excursions \u00e0 Louxor au d\u00e9part d'Hurghada","product_price_amount":"150","product_price_currency":"EUR","og_availability":"instock","product_availability":"instock","product_retailer_item_id":"GDT03","product_condition":"new","geo.placename":"Hurghada","geo.region":"\u00c9gypte"},"_links":{"self":[{"href":"https:\/\/egytourpackages.com\/fr\/wp-json\/wp\/v2\/product\/12395","targetHints":{"allow":["GET"]}}],"collection":[{"href":"https:\/\/egytourpackages.com\/fr\/wp-json\/wp\/v2\/product"}],"about":[{"href":"https:\/\/egytourpackages.com\/fr\/wp-json\/wp\/v2\/types\/product"}],"replies":[{"embeddable":true,"href":"https:\/\/egytourpackages.com\/fr\/wp-json\/wp\/v2\/comments?post=12395"}],"wp:featuredmedia":[{"embeddable":true,"href":"https:\/\/egytourpackages.com\/fr\/wp-json\/wp\/v2\/media\/12396"}],"wp:attachment":[{"href":"https:\/\/egytourpackages.com\/fr\/wp-json\/wp\/v2\/media?parent=12395"}],"wp:term":[{"taxonomy":"product_brand","embeddable":true,"href":"https:\/\/egytourpackages.com\/fr\/wp-json\/wp\/v2\/product_brand?post=12395"},{"taxonomy":"product_cat","embeddable":true,"href":"https:\/\/egytourpackages.com\/fr\/wp-json\/wp\/v2\/product_cat?post=12395"},{"taxonomy":"product_tag","embeddable":true,"href":"https:\/\/egytourpackages.com\/fr\/wp-json\/wp\/v2\/product_tag?post=12395"}],"curies":[{"name":"wp","href":"https:\/\/api.w.org\/{rel}","templated":true}]}}