{"id":12830,"date":"2023-08-12T02:59:49","date_gmt":"2023-08-12T02:59:49","guid":{"rendered":"https:\/\/egytourpackages.com\/product\/excursion-dune-journee-au-caire-depuis-le-port-del-sokhna\/"},"modified":"2026-01-12T20:13:33","modified_gmt":"2026-01-12T20:13:33","slug":"excursion-dune-journee-au-caire-depuis-le-port-del-sokhna","status":"publish","type":"product","link":"https:\/\/egytourpackages.com\/fr\/tours\/excursion-dune-journee-au-caire-depuis-le-port-del-sokhna\/","title":{"rendered":"Excursion d&rsquo;une journ\u00e9e au Caire depuis le port d&rsquo;El Sokhna"},"content":{"rendered":"<p><span style=\"color: #ff6600;\"><strong>Excursion d&rsquo;une journ\u00e9e au Caire depuis le port d&rsquo;El Sokhna<\/strong><\/span><\/p>\n<p><span style=\"color: #ff6600;\"><strong>Aper\u00e7u<\/strong><\/span><\/p>\n<p>Commencez une <strong>excursion priv\u00e9e au Caire<\/strong> inoubliable directement depuis le <strong>port d&rsquo;El Sokhna<\/strong>. Cette <strong>excursion \u00e0 terre<\/strong> exclusive est con\u00e7ue pour les voyageurs souhaitant explorer les merveilles les plus embl\u00e9matiques de l&rsquo;\u00c9gypte en une seule journ\u00e9e. En tant que premier fournisseur de <strong>tours en \u00c9gypte<\/strong> et de <strong>visites au Caire<\/strong>, nous garantissons une exp\u00e9rience professionnelle, confortable et enrichissante.<\/p>\n<p>Votre voyage dans l&rsquo;<strong>histoire de l&rsquo;\u00c9gypte ancienne<\/strong> d\u00e9bute par la visite des c\u00e9l\u00e8bres <strong>Pyramides de Gizeh<\/strong>, t\u00e9moignage du g\u00e9nie architectural des <strong>pharaons<\/strong>. Admirez la <strong>Grande Pyramide de Gizeh<\/strong>, l&rsquo;une des sept merveilles du monde antique, et prenez des photos \u00e9poustouflantes.<\/p>\n<p>Votre <strong>guide \u00e9gyptologue expert<\/strong> vous r\u00e9v\u00e9lera les secrets de ces structures monumentales et l&rsquo;histoire fascinante des pharaons. Ensuite, vous ferez face \u00e0 l&rsquo;\u00e9nigmatique <strong>Grand Sphinx<\/strong>, le gardien l\u00e9gendaire du <strong>plateau de Gizeh<\/strong>.<\/p>\n<p>Apprenez-en davantage sur sa signification mythique dans la culture \u00e9gyptienne.<\/p>\n<p>Le point fort de votre <strong>excursion d&rsquo;une journ\u00e9e au Caire<\/strong> est la visite du tout nouveau <strong>Grand Mus\u00e9e \u00c9gyptien (GEM)<\/strong>, le plus grand mus\u00e9e arch\u00e9ologique au monde.<\/p>\n<p>Vous serez captiv\u00e9 par une collection spectaculaire d&rsquo;<strong>antiquit\u00e9s \u00e9gyptiennes<\/strong>, y compris les <strong>tr\u00e9sors de Tout\u00e2nkhamon<\/strong>. D\u00e9couvrez le masque d&rsquo;or, le sarcophage royal et d&rsquo;innombrables objets inestimables.<\/p>\n<h3><span style=\"color: #ff6600;\">Excursion \u00e0 terre depuis le port d&rsquo;El Sokhna<\/span><\/h3>\n<p>Notre <strong>visite priv\u00e9e du Caire depuis le port d&rsquo;El Sokhna<\/strong> est con\u00e7ue pour un maximum de confort. Voyagez dans un v\u00e9hicule priv\u00e9 climatis\u00e9 avec un chauffeur professionnel.<\/p>\n<p>Notre talentueux <strong>guide \u00e9gyptologue<\/strong> donnera vie \u00e0 l&rsquo;histoire avec des r\u00e9cits captivants, rendant votre <strong>excursion au d\u00e9part du croisi\u00e9riste<\/strong> vraiment m\u00e9morable.<\/p>\n<p>R\u00e9servez votre <strong>excursion priv\u00e9e au Caire depuis El Sokhna<\/strong> d\u00e8s aujourd&rsquo;hui. Contactez-nous pour personnaliser votre <strong>voyage en \u00c9gypte<\/strong> et cr\u00e9er des souvenirs imp\u00e9rissables.<\/p>\n<h3><span style=\"color: #ff6600;\">D\u00e9tails de la visite<\/span><\/h3>\n<ul>\n<li>Dur\u00e9e : 10 heures<\/li>\n<li>Lieu : Gizeh &amp; Le Caire<\/li>\n<li>Disponibilit\u00e9 : sur demande<\/li>\n<li>Prise en charge et retour : Port d&rsquo;El Sokhna<\/li>\n<li>Type de visite : priv\u00e9e<\/li>\n<li>Langue : fran\u00e7ais<\/li>\n<li>Convient aux : couples, familles<\/li>\n<li>Accessibilit\u00e9 : accessible en fauteuil roulant.<\/li>\n<\/ul>\n<h3><span style=\"color: #ff6600;\">Points forts de la visite<\/span><\/h3>\n<ul>\n<li>Pyramides de Gizeh<\/li>\n<li>Le Grand Sphinx<\/li>\n<li>Temple de la Vall\u00e9e<\/li>\n<li>Tombes des b\u00e2tisseurs de pyramides<\/li>\n<li>Le Grand Mus\u00e9e \u00c9gyptien (GEM)<\/li>\n<\/ul>\n<h3><span style=\"color: #ff6600;\">Inclusions<\/span><\/h3>\n<ul>\n<li>Transfert aller-retour en v\u00e9hicule climatis\u00e9.<\/li>\n<li>Frais d&rsquo;entr\u00e9e pour tous les sites du programme au Caire.<\/li>\n<li>Guide \u00e9gyptologue priv\u00e9.<\/li>\n<li>D\u00e9jeuner.<\/li>\n<\/ul>\n<h3><span style=\"color: #ff6600;\">Exclusions<\/span><\/h3>\n<ul>\n<li>Boissons pendant le d\u00e9jeuner.<\/li>\n<li>Entr\u00e9e \u00e0 l&rsquo;int\u00e9rieur de la Grande Pyramide et de la Pyramide de Kh\u00e9phren.<\/li>\n<li>Pourboires.<\/li>\n<\/ul>\n<h3><span style=\"color: #ff6600;\">\u00c0 emporter<\/span><\/h3>\n<ul>\n<li>Chaussures et v\u00eatements confortables.<\/li>\n<li>V\u00eatements chauds en hiver.<\/li>\n<li>Lunettes de soleil, chapeau ou foulard.<\/li>\n<li>Cr\u00e8me solaire en \u00e9t\u00e9.<\/li>\n<\/ul>\n<h2><span style=\"color: #ff6600;\">Itin\u00e9raire<\/span><\/h2>\n<h3><span style=\"color: #ff6600;\">D\u00e9part du port d&rsquo;El Sokhna<\/span><\/h3>\n<p>Commencez votre <strong>excursion priv\u00e9e au Caire<\/strong> d\u00e8s votre descente du navire au <strong>port d&rsquo;El Sokhna<\/strong>. Votre guide priv\u00e9 vous accueillera pour d\u00e9buter ce voyage exclusif.<\/p>\n<p>Cette <strong>excursion pour croisi\u00e9ristes<\/strong> est optimis\u00e9e pour vous permettre de voir les meilleures <strong>attractions touristiques d&rsquo;\u00c9gypte<\/strong> en toute \u00e9l\u00e9gance.<\/p>\n<h3><span style=\"color: #ff6600;\">Complexe des Pyramides de Gizeh<\/span><\/h3>\n<p>Votre premier arr\u00eat est le l\u00e9gendaire plateau de Gizeh, class\u00e9 au patrimoine mondial de l&rsquo;UNESCO. Vous approcherez les trois pyramides principales : la <strong>Pyramide de Kh\u00e9ops<\/strong>, la plus grande ; la <strong>Pyramide de Kh\u00e9phren<\/strong>, qui para\u00eet plus haute ; et la <strong>Pyramide de Myk\u00e9rinos<\/strong>.<\/p>\n<p>Votre <strong>guide \u00e9gyptologue<\/strong> vous montrera \u00e9galement les <strong>Pyramides des Reines<\/strong> et les <strong>tombes des b\u00e2tisseurs<\/strong>, offrant un aper\u00e7u unique sur la vie des ouvriers antiques. Enfin, admirez le <strong>Grand Sphinx<\/strong>, protecteur colossal du plateau.<\/p>\n<h3><span style=\"color: #ff6600;\">Le Grand Mus\u00e9e \u00c9gyptien (GEM)<\/span><\/h3>\n<p>Apr\u00e8s un d\u00e9licieux d\u00e9jeuner local, direction le <strong>Grand Mus\u00e9e \u00c9gyptien (GEM)<\/strong>. C&rsquo;est la nouvelle demeure d&rsquo;une collection d&rsquo;artefacts sans pr\u00e9c\u00e9dent. Vous serez \u00e9bloui par les <strong>tr\u00e9sors de Tout\u00e2nkhamon<\/strong>, d\u00e9couverts dans la <strong>Vall\u00e9e des Rois \u00e0 Louxor<\/strong>. Admirez le masque d&rsquo;or et le sarcophage royal expos\u00e9s ensemble pour la premi\u00e8re fois.<\/p>\n<p>Cette <strong>excursion d&rsquo;une journ\u00e9e au Caire<\/strong> offre une exploration intime avant votre retour au <strong>port d&rsquo;El Sokhna<\/strong>.<\/p>\n<h3><span style=\"color: #ff6600;\">Prix de l&rsquo;excursion au Caire depuis El Sokhna<\/span><\/h3>\n<ul>\n<li>Prix Adulte = 170 \u20ac<\/li>\n<li>Enfants 0-5 ans = Gratuit<\/li>\n<li>Enfants 5-11 ans = 50 % du prix adulte<\/li>\n<\/ul>\n<h3><span style=\"color: #ff6600;\">R\u00e9servation<\/span><\/h3>\n<p>R\u00e9servez via <strong>WhatsApp<\/strong> ou par e-mail pour une confirmation imm\u00e9diate.<\/p>\n<p>Veuillez fournir le nom du navire, votre num\u00e9ro de cabine et les copies des passeports.<\/p>\n<ul>\n<li><strong>WhatsApp :<\/strong> +20 1000852186<\/li>\n<li><strong>E-mail :<\/strong> info@egytourpackages.com<\/li>\n<\/ul>\n<h3><span style=\"color: #ff6600;\">R\u00e9servez maintenant et payez sur place<\/span><\/h3>\n<p>R\u00e9servez votre tour et payez le jour m\u00eame de l&rsquo;excursion.<\/p>\n<h3><span style=\"color: #ff6600;\">Paiement et Annulation<\/span><\/h3>\n<h3><span style=\"color: #ff6600;\">Paiement : <\/span><\/h3>\n<p>En livres \u00e9gyptiennes, dollars, euros ou livres sterling.<\/p>\n<h3><span style=\"color: #ff6600;\">Annulation : <\/span><\/h3>\n<p>Gratuite jusqu&rsquo;\u00e0 24 heures \u00e0 l&rsquo;avance.<\/p>\n","protected":false},"excerpt":{"rendered":"<p>Excursion d&rsquo;une journ\u00e9e au Caire depuis le port d&rsquo;El Sokhna. D\u00e9couvrez les Pyramides, le Sphinx et le Mus\u00e9e \u00c9gyptien avec guide priv\u00e9. Meilleur prix garanti<\/p>\n","protected":false},"featured_media":12832,"comment_status":"open","ping_status":"closed","template":"","meta":[],"product_brand":[],"product_cat":[3124],"product_tag":[3800,3241],"class_list":{"0":"post-12830","1":"product","2":"type-product","3":"status-publish","4":"has-post-thumbnail","6":"product_cat-tours-fr","7":"product_tag-excursions-a-terre","8":"product_tag-pyramides-de-gizeh","9":"tour_category-circuits-en-egypte-fr","10":"tour_category-court-sejour-au-caire-fr","12":"first","13":"instock","14":"sale","15":"shipping-taxable","16":"purchasable","17":"product-type-tour","18":"has-default-attributes"},"yoast_head":"<!-- This site is optimized with the Yoast SEO Premium plugin v27.4 (Yoast SEO v27.4) - https:\/\/yoast.com\/product\/yoast-seo-premium-wordpress\/ -->\n<title>Excursion d&#039;une journ\u00e9e au Caire depuis le port d&#039;El Sokhna<\/title>\n<meta name=\"description\" content=\"Excursion d&#039;une journ\u00e9e au Caire depuis le port d&#039;El Sokhna. D\u00e9couvrez les Pyramides, le Sphinx et le Mus\u00e9e \u00c9gyptien avec guide priv\u00e9. Meilleur prix garanti\" \/>\n<meta name=\"robots\" content=\"index, follow, max-snippet:-1, max-image-preview:large, max-video-preview:-1\" \/>\n<link rel=\"canonical\" href=\"https:\/\/egytourpackages.com\/fr\/tours\/excursion-dune-journee-au-caire-depuis-le-port-del-sokhna\/\" \/>\n<meta property=\"og:locale\" content=\"fr_FR\" \/>\n<meta property=\"og:type\" content=\"article\" \/>\n<meta property=\"og:title\" content=\"Excursion d&#039;une journ\u00e9e au Caire depuis le port d&#039;El Sokhna\" \/>\n<meta property=\"og:description\" content=\"Partez pour une excursion priv\u00e9e d&#039;une journ\u00e9e au Caire au d\u00e9part du port d&#039;El Sokhna. Explorez les pyramides de Gizeh, le Grand Sphinx et le Grand Mus\u00e9e \u00c9gyptien en compagnie d&#039;un guide expert. R\u00e9servez d\u00e8s maintenant\u00a0!\" \/>\n<meta property=\"og:url\" content=\"https:\/\/egytourpackages.com\/fr\/tours\/excursion-dune-journee-au-caire-depuis-le-port-del-sokhna\/\" \/>\n<meta property=\"og:site_name\" content=\"Egypt Tour Packages\" \/>\n<meta property=\"article:publisher\" content=\"https:\/\/www.facebook.com\/egytourpackages\" \/>\n<meta property=\"article:modified_time\" content=\"2026-01-12T20:13:33+00:00\" \/>\n<meta property=\"og:image\" content=\"https:\/\/egytourpackages.com\/wp-content\/uploads\/2023\/08\/Khafre-Pyramid-at-Giza-Plateau-1-1024x682.jpg\" \/>\n<meta name=\"twitter:card\" content=\"summary_large_image\" \/>\n<meta name=\"twitter:title\" content=\"Excursion d&#039;une journ\u00e9e au Caire depuis le port d&#039;El Sokhna\" \/>\n<meta name=\"twitter:description\" content=\"Partez pour une excursion priv\u00e9e d&#039;une journ\u00e9e au Caire au d\u00e9part du port d&#039;El Sokhna. Explorez les pyramides de Gizeh, le Grand Sphinx et le Grand Mus\u00e9e \u00c9gyptien en compagnie d&#039;un guide expert. R\u00e9servez d\u00e8s maintenant\u00a0!\" \/>\n<meta name=\"twitter:image\" content=\"https:\/\/egytourpackages.com\/wp-content\/uploads\/2023\/08\/Khafre-Pyramid-at-Giza-Plateau-1-1024x682.jpg\" \/>\n<meta name=\"twitter:label1\" content=\"Prix\" \/>\n\t<meta name=\"twitter:data1\" content=\"&euro;170\" \/>\n\t<meta name=\"twitter:label2\" content=\"Disponibilit\u00e9\" \/>\n\t<meta name=\"twitter:data2\" content=\"En stock\" \/>\n<script type=\"application\/ld+json\" class=\"yoast-schema-graph\">{\"@context\":\"https:\\\/\\\/schema.org\",\"@graph\":[{\"@type\":\"WebPage\",\"@id\":\"https:\\\/\\\/egytourpackages.com\\\/fr\\\/tours\\\/excursion-dune-journee-au-caire-depuis-le-port-del-sokhna\\\/\",\"url\":\"https:\\\/\\\/egytourpackages.com\\\/fr\\\/tours\\\/excursion-dune-journee-au-caire-depuis-le-port-del-sokhna\\\/\",\"name\":\"Excursion d'une journ\u00e9e au Caire depuis le port d'El Sokhna\",\"isPartOf\":{\"@id\":\"https:\\\/\\\/egytourpackages.com\\\/fr\\\/#website\"},\"primaryImageOfPage\":{\"@id\":\"https:\\\/\\\/egytourpackages.com\\\/fr\\\/tours\\\/excursion-dune-journee-au-caire-depuis-le-port-del-sokhna\\\/#primaryimage\"},\"image\":{\"@id\":\"https:\\\/\\\/egytourpackages.com\\\/fr\\\/tours\\\/excursion-dune-journee-au-caire-depuis-le-port-del-sokhna\\\/#primaryimage\"},\"thumbnailUrl\":\"https:\\\/\\\/egytourpackages.com\\\/wp-content\\\/uploads\\\/2023\\\/08\\\/Khafre-Pyramid-at-Giza-Plateau-1.jpg\",\"datePublished\":\"2023-08-12T02:59:49+00:00\",\"dateModified\":\"2026-01-12T20:13:33+00:00\",\"description\":\"Excursion d'une journ\u00e9e au Caire depuis le port d'El Sokhna. D\u00e9couvrez les Pyramides, le Sphinx et le Mus\u00e9e \u00c9gyptien avec guide priv\u00e9. Meilleur prix garanti\",\"breadcrumb\":{\"@id\":\"https:\\\/\\\/egytourpackages.com\\\/fr\\\/tours\\\/excursion-dune-journee-au-caire-depuis-le-port-del-sokhna\\\/#breadcrumb\"},\"inLanguage\":\"fr-FR\",\"potentialAction\":[{\"@type\":\"ReadAction\",\"target\":[\"https:\\\/\\\/egytourpackages.com\\\/fr\\\/tours\\\/excursion-dune-journee-au-caire-depuis-le-port-del-sokhna\\\/\"]}]},{\"@type\":\"ImageObject\",\"inLanguage\":\"fr-FR\",\"@id\":\"https:\\\/\\\/egytourpackages.com\\\/fr\\\/tours\\\/excursion-dune-journee-au-caire-depuis-le-port-del-sokhna\\\/#primaryimage\",\"url\":\"https:\\\/\\\/egytourpackages.com\\\/wp-content\\\/uploads\\\/2023\\\/08\\\/Khafre-Pyramid-at-Giza-Plateau-1.jpg\",\"contentUrl\":\"https:\\\/\\\/egytourpackages.com\\\/wp-content\\\/uploads\\\/2023\\\/08\\\/Khafre-Pyramid-at-Giza-Plateau-1.jpg\",\"width\":2000,\"height\":1333,\"caption\":\"Excursion d'une journ\u00e9e au Caire depuis le port d'El Sokhna\"},{\"@type\":\"BreadcrumbList\",\"@id\":\"https:\\\/\\\/egytourpackages.com\\\/fr\\\/tours\\\/excursion-dune-journee-au-caire-depuis-le-port-del-sokhna\\\/#breadcrumb\",\"itemListElement\":[{\"@type\":\"ListItem\",\"position\":1,\"name\":\"Home\",\"item\":\"https:\\\/\\\/egytourpackages.com\\\/fr\\\/circuits-en-egypte\\\/\"},{\"@type\":\"ListItem\",\"position\":2,\"name\":\"Shop\",\"item\":\"https:\\\/\\\/egytourpackages.com\\\/shop\\\/\"},{\"@type\":\"ListItem\",\"position\":3,\"name\":\"Excursion d&#8217;une journ\u00e9e au Caire depuis le port d&#8217;El Sokhna\"}]},{\"@type\":\"WebSite\",\"@id\":\"https:\\\/\\\/egytourpackages.com\\\/fr\\\/#website\",\"url\":\"https:\\\/\\\/egytourpackages.com\\\/fr\\\/\",\"name\":\"Egy tour packages\",\"description\":\"\",\"publisher\":{\"@id\":\"https:\\\/\\\/egytourpackages.com\\\/fr\\\/#organization\"},\"potentialAction\":[{\"@type\":\"SearchAction\",\"target\":{\"@type\":\"EntryPoint\",\"urlTemplate\":\"https:\\\/\\\/egytourpackages.com\\\/fr\\\/?s={search_term_string}\"},\"query-input\":{\"@type\":\"PropertyValueSpecification\",\"valueRequired\":true,\"valueName\":\"search_term_string\"}}],\"inLanguage\":\"fr-FR\"},{\"@type\":[\"Organization\",\"Place\",\"TravelAgency\"],\"@id\":\"https:\\\/\\\/egytourpackages.com\\\/fr\\\/#organization\",\"name\":\"egypt tour packages\",\"alternateName\":\"egypt tour packages\",\"url\":\"https:\\\/\\\/egytourpackages.com\\\/fr\\\/\",\"logo\":{\"@id\":\"https:\\\/\\\/egytourpackages.com\\\/fr\\\/tours\\\/excursion-dune-journee-au-caire-depuis-le-port-del-sokhna\\\/#local-main-organization-logo\"},\"image\":{\"@id\":\"https:\\\/\\\/egytourpackages.com\\\/fr\\\/tours\\\/excursion-dune-journee-au-caire-depuis-le-port-del-sokhna\\\/#local-main-organization-logo\"},\"sameAs\":[\"https:\\\/\\\/www.facebook.com\\\/egytourpackages\"],\"legalName\":\"Egy tour packages\",\"address\":{\"@id\":\"https:\\\/\\\/egytourpackages.com\\\/fr\\\/tours\\\/excursion-dune-journee-au-caire-depuis-le-port-del-sokhna\\\/#local-main-place-address\"},\"telephone\":[\"00201000852186\",\"00201028685533\"],\"contactPoint\":{\"@type\":\"ContactPoint\",\"telephone\":\"00201000852186\"},\"openingHoursSpecification\":[{\"@type\":\"OpeningHoursSpecification\",\"dayOfWeek\":[\"Monday\",\"Tuesday\",\"Wednesday\",\"Thursday\",\"Friday\",\"Saturday\",\"Sunday\"],\"opens\":\"00:00\",\"closes\":\"23:59\"}],\"email\":\"info@egytourpackages.com\",\"areaServed\":\"Cairo, Hurghada, Luxor, Sharm El Sheikh, Marsa Alam, Aswan\",\"priceRange\":\"$\",\"currenciesAccepted\":\"euro\",\"paymentAccepted\":\"Payment links online\"},{\"@type\":\"PostalAddress\",\"@id\":\"https:\\\/\\\/egytourpackages.com\\\/fr\\\/tours\\\/excursion-dune-journee-au-caire-depuis-le-port-del-sokhna\\\/#local-main-place-address\",\"streetAddress\":\"Mubarak 8, Al Kawthar District, Hurghada\",\"addressLocality\":\"Hurghada\",\"postalCode\":\"84511\",\"addressRegion\":\"Red Sea\",\"addressCountry\":\"EG\"},{\"@type\":\"ImageObject\",\"inLanguage\":\"fr-FR\",\"@id\":\"https:\\\/\\\/egytourpackages.com\\\/fr\\\/tours\\\/excursion-dune-journee-au-caire-depuis-le-port-del-sokhna\\\/#local-main-organization-logo\",\"url\":\"https:\\\/\\\/egytourpackages.com\\\/wp-content\\\/uploads\\\/2025\\\/12\\\/Turquoise-Dahabiya-Nile-Cruise-1.jpeg\",\"contentUrl\":\"https:\\\/\\\/egytourpackages.com\\\/wp-content\\\/uploads\\\/2025\\\/12\\\/Turquoise-Dahabiya-Nile-Cruise-1.jpeg\",\"width\":1040,\"height\":694,\"caption\":\"egypt tour packages\"}]}<\/script>\n<meta property=\"product:brand\" content=\"Circuits en \u00c9gypte\" \/>\n<meta property=\"product:price:amount\" content=\"170\" \/>\n<meta property=\"product:price:currency\" content=\"EUR\" \/>\n<meta property=\"og:availability\" content=\"instock\" \/>\n<meta property=\"product:availability\" content=\"instock\" \/>\n<meta property=\"product:retailer_item_id\" content=\"CSB07\" \/>\n<meta property=\"product:condition\" content=\"new\" \/>\n<meta name=\"geo.placename\" content=\"Hurghada\" \/>\n<meta name=\"geo.region\" content=\"\u00c9gypte\" \/>\n<!-- \/ Yoast SEO Premium plugin. -->","yoast_head_json":{"title":"Excursion d'une journ\u00e9e au Caire depuis le port d'El Sokhna","description":"Excursion d'une journ\u00e9e au Caire depuis le port d'El Sokhna. D\u00e9couvrez les Pyramides, le Sphinx et le Mus\u00e9e \u00c9gyptien avec guide priv\u00e9. Meilleur prix garanti","robots":{"index":"index","follow":"follow","max-snippet":"max-snippet:-1","max-image-preview":"max-image-preview:large","max-video-preview":"max-video-preview:-1"},"canonical":"https:\/\/egytourpackages.com\/fr\/tours\/excursion-dune-journee-au-caire-depuis-le-port-del-sokhna\/","og_locale":"fr_FR","og_type":"article","og_title":"Excursion d'une journ\u00e9e au Caire depuis le port d'El Sokhna","og_description":"Partez pour une excursion priv\u00e9e d'une journ\u00e9e au Caire au d\u00e9part du port d'El Sokhna. Explorez les pyramides de Gizeh, le Grand Sphinx et le Grand Mus\u00e9e \u00c9gyptien en compagnie d'un guide expert. R\u00e9servez d\u00e8s maintenant\u00a0!","og_url":"https:\/\/egytourpackages.com\/fr\/tours\/excursion-dune-journee-au-caire-depuis-le-port-del-sokhna\/","og_site_name":"Egypt Tour Packages","article_publisher":"https:\/\/www.facebook.com\/egytourpackages","article_modified_time":"2026-01-12T20:13:33+00:00","og_image":[{"url":"https:\/\/egytourpackages.com\/wp-content\/uploads\/2023\/08\/Khafre-Pyramid-at-Giza-Plateau-1-1024x682.jpg","type":"","width":"","height":""}],"twitter_card":"summary_large_image","twitter_title":"Excursion d'une journ\u00e9e au Caire depuis le port d'El Sokhna","twitter_description":"Partez pour une excursion priv\u00e9e d'une journ\u00e9e au Caire au d\u00e9part du port d'El Sokhna. Explorez les pyramides de Gizeh, le Grand Sphinx et le Grand Mus\u00e9e \u00c9gyptien en compagnie d'un guide expert. R\u00e9servez d\u00e8s maintenant\u00a0!","twitter_image":"https:\/\/egytourpackages.com\/wp-content\/uploads\/2023\/08\/Khafre-Pyramid-at-Giza-Plateau-1-1024x682.jpg","twitter_misc":{"Prix":"&euro;170","Disponibilit\u00e9":"En stock"},"schema":{"@context":"https:\/\/schema.org","@graph":[{"@type":"WebPage","@id":"https:\/\/egytourpackages.com\/fr\/tours\/excursion-dune-journee-au-caire-depuis-le-port-del-sokhna\/","url":"https:\/\/egytourpackages.com\/fr\/tours\/excursion-dune-journee-au-caire-depuis-le-port-del-sokhna\/","name":"Excursion d'une journ\u00e9e au Caire depuis le port d'El Sokhna","isPartOf":{"@id":"https:\/\/egytourpackages.com\/fr\/#website"},"primaryImageOfPage":{"@id":"https:\/\/egytourpackages.com\/fr\/tours\/excursion-dune-journee-au-caire-depuis-le-port-del-sokhna\/#primaryimage"},"image":{"@id":"https:\/\/egytourpackages.com\/fr\/tours\/excursion-dune-journee-au-caire-depuis-le-port-del-sokhna\/#primaryimage"},"thumbnailUrl":"https:\/\/egytourpackages.com\/wp-content\/uploads\/2023\/08\/Khafre-Pyramid-at-Giza-Plateau-1.jpg","datePublished":"2023-08-12T02:59:49+00:00","dateModified":"2026-01-12T20:13:33+00:00","description":"Excursion d'une journ\u00e9e au Caire depuis le port d'El Sokhna. D\u00e9couvrez les Pyramides, le Sphinx et le Mus\u00e9e \u00c9gyptien avec guide priv\u00e9. Meilleur prix garanti","breadcrumb":{"@id":"https:\/\/egytourpackages.com\/fr\/tours\/excursion-dune-journee-au-caire-depuis-le-port-del-sokhna\/#breadcrumb"},"inLanguage":"fr-FR","potentialAction":[{"@type":"ReadAction","target":["https:\/\/egytourpackages.com\/fr\/tours\/excursion-dune-journee-au-caire-depuis-le-port-del-sokhna\/"]}]},{"@type":"ImageObject","inLanguage":"fr-FR","@id":"https:\/\/egytourpackages.com\/fr\/tours\/excursion-dune-journee-au-caire-depuis-le-port-del-sokhna\/#primaryimage","url":"https:\/\/egytourpackages.com\/wp-content\/uploads\/2023\/08\/Khafre-Pyramid-at-Giza-Plateau-1.jpg","contentUrl":"https:\/\/egytourpackages.com\/wp-content\/uploads\/2023\/08\/Khafre-Pyramid-at-Giza-Plateau-1.jpg","width":2000,"height":1333,"caption":"Excursion d'une journ\u00e9e au Caire depuis le port d'El Sokhna"},{"@type":"BreadcrumbList","@id":"https:\/\/egytourpackages.com\/fr\/tours\/excursion-dune-journee-au-caire-depuis-le-port-del-sokhna\/#breadcrumb","itemListElement":[{"@type":"ListItem","position":1,"name":"Home","item":"https:\/\/egytourpackages.com\/fr\/circuits-en-egypte\/"},{"@type":"ListItem","position":2,"name":"Shop","item":"https:\/\/egytourpackages.com\/shop\/"},{"@type":"ListItem","position":3,"name":"Excursion d&#8217;une journ\u00e9e au Caire depuis le port d&#8217;El Sokhna"}]},{"@type":"WebSite","@id":"https:\/\/egytourpackages.com\/fr\/#website","url":"https:\/\/egytourpackages.com\/fr\/","name":"Egy tour packages","description":"","publisher":{"@id":"https:\/\/egytourpackages.com\/fr\/#organization"},"potentialAction":[{"@type":"SearchAction","target":{"@type":"EntryPoint","urlTemplate":"https:\/\/egytourpackages.com\/fr\/?s={search_term_string}"},"query-input":{"@type":"PropertyValueSpecification","valueRequired":true,"valueName":"search_term_string"}}],"inLanguage":"fr-FR"},{"@type":["Organization","Place","TravelAgency"],"@id":"https:\/\/egytourpackages.com\/fr\/#organization","name":"egypt tour packages","alternateName":"egypt tour packages","url":"https:\/\/egytourpackages.com\/fr\/","logo":{"@id":"https:\/\/egytourpackages.com\/fr\/tours\/excursion-dune-journee-au-caire-depuis-le-port-del-sokhna\/#local-main-organization-logo"},"image":{"@id":"https:\/\/egytourpackages.com\/fr\/tours\/excursion-dune-journee-au-caire-depuis-le-port-del-sokhna\/#local-main-organization-logo"},"sameAs":["https:\/\/www.facebook.com\/egytourpackages"],"legalName":"Egy tour packages","address":{"@id":"https:\/\/egytourpackages.com\/fr\/tours\/excursion-dune-journee-au-caire-depuis-le-port-del-sokhna\/#local-main-place-address"},"telephone":["00201000852186","00201028685533"],"contactPoint":{"@type":"ContactPoint","telephone":"00201000852186"},"openingHoursSpecification":[{"@type":"OpeningHoursSpecification","dayOfWeek":["Monday","Tuesday","Wednesday","Thursday","Friday","Saturday","Sunday"],"opens":"00:00","closes":"23:59"}],"email":"info@egytourpackages.com","areaServed":"Cairo, Hurghada, Luxor, Sharm El Sheikh, Marsa Alam, Aswan","priceRange":"$","currenciesAccepted":"euro","paymentAccepted":"Payment links online"},{"@type":"PostalAddress","@id":"https:\/\/egytourpackages.com\/fr\/tours\/excursion-dune-journee-au-caire-depuis-le-port-del-sokhna\/#local-main-place-address","streetAddress":"Mubarak 8, Al Kawthar District, Hurghada","addressLocality":"Hurghada","postalCode":"84511","addressRegion":"Red Sea","addressCountry":"EG"},{"@type":"ImageObject","inLanguage":"fr-FR","@id":"https:\/\/egytourpackages.com\/fr\/tours\/excursion-dune-journee-au-caire-depuis-le-port-del-sokhna\/#local-main-organization-logo","url":"https:\/\/egytourpackages.com\/wp-content\/uploads\/2025\/12\/Turquoise-Dahabiya-Nile-Cruise-1.jpeg","contentUrl":"https:\/\/egytourpackages.com\/wp-content\/uploads\/2025\/12\/Turquoise-Dahabiya-Nile-Cruise-1.jpeg","width":1040,"height":694,"caption":"egypt tour packages"}]},"product_brand":"Circuits en \u00c9gypte","product_price_amount":"170","product_price_currency":"EUR","og_availability":"instock","product_availability":"instock","product_retailer_item_id":"CSB07","product_condition":"new","geo.placename":"Hurghada","geo.region":"\u00c9gypte"},"_links":{"self":[{"href":"https:\/\/egytourpackages.com\/fr\/wp-json\/wp\/v2\/product\/12830","targetHints":{"allow":["GET"]}}],"collection":[{"href":"https:\/\/egytourpackages.com\/fr\/wp-json\/wp\/v2\/product"}],"about":[{"href":"https:\/\/egytourpackages.com\/fr\/wp-json\/wp\/v2\/types\/product"}],"replies":[{"embeddable":true,"href":"https:\/\/egytourpackages.com\/fr\/wp-json\/wp\/v2\/comments?post=12830"}],"wp:featuredmedia":[{"embeddable":true,"href":"https:\/\/egytourpackages.com\/fr\/wp-json\/wp\/v2\/media\/12832"}],"wp:attachment":[{"href":"https:\/\/egytourpackages.com\/fr\/wp-json\/wp\/v2\/media?parent=12830"}],"wp:term":[{"taxonomy":"product_brand","embeddable":true,"href":"https:\/\/egytourpackages.com\/fr\/wp-json\/wp\/v2\/product_brand?post=12830"},{"taxonomy":"product_cat","embeddable":true,"href":"https:\/\/egytourpackages.com\/fr\/wp-json\/wp\/v2\/product_cat?post=12830"},{"taxonomy":"product_tag","embeddable":true,"href":"https:\/\/egytourpackages.com\/fr\/wp-json\/wp\/v2\/product_tag?post=12830"}],"curies":[{"name":"wp","href":"https:\/\/api.w.org\/{rel}","templated":true}]}}