{"id":12870,"date":"2023-08-15T01:55:42","date_gmt":"2023-08-15T01:55:42","guid":{"rendered":"https:\/\/egytourpackages.com\/product\/croisiere-sur-le-nil-en-felouque-3-nuits-dassouan-a-edfou\/"},"modified":"2026-01-25T02:30:08","modified_gmt":"2026-01-25T02:30:08","slug":"croisiere-sur-le-nil-en-felouque-3-nuits-dassouan-a-edfou","status":"publish","type":"product","link":"https:\/\/egytourpackages.com\/fr\/tours\/croisiere-sur-le-nil-en-felouque-3-nuits-dassouan-a-edfou\/","title":{"rendered":"Croisi\u00e8re sur le Nil en Felouque 3 nuits d&rsquo;Assouan \u00e0 Edfou"},"content":{"rendered":"<p><span style=\"color: #ff6600;\"><strong>Croisi\u00e8re sur le Nil en Felouque 3 nuits d&rsquo;Assouan \u00e0 Edfou<\/strong><\/span><\/p>\n<p>Vivez la magie de l&rsquo;\u00c9gypte ancienne avec notre authentique <strong>croisi\u00e8re sur le Nil en felouque<\/strong>, un voyage con\u00e7u pour des <strong>vacances en \u00c9gypte<\/strong> inoubliables.<\/p>\n<p>Notre aventure de 3 nuits \u00e0 la voile d&rsquo;Assouan \u00e0 Edfou offre une fa\u00e7on unique et intime d&rsquo;explorer le fleuve le plus c\u00e9l\u00e8bre du monde. C&rsquo;est l&rsquo;escapade parfaite pour les familles, les voyages de noces, les couples.<\/p>\n<h3><span style=\"color: #ff6600;\">Naviguez sur le Nil, d\u00e9couvrez les merveilles de l&rsquo;\u00c9gypte<\/span><\/h3>\n<p>Naviguez sur une felouque traditionnelle et impr\u00e9gnez-vous de la beaut\u00e9 intemporelle du Nil. Nos croisi\u00e8res tout compris offrent une valeur incroyable, avec des <strong>prix bas<\/strong> qui ne font aucun compromis sur la qualit\u00e9.<\/p>\n<p>Commencez votre <strong>croisi\u00e8re sur le Nil<\/strong> dans la ville captivante d&rsquo;Assouan. Notre forfait met en avant les <strong>meilleures choses \u00e0 faire \u00e0 Assouan<\/strong>, incluant des sites historiques embl\u00e9matiques.<\/p>\n<p>Explorez le magnifique <strong>temple de Philae<\/strong>, d\u00e9di\u00e9 \u00e0 la <strong>d\u00e9esse Isis<\/strong>. Admirez la grandeur des l\u00e9gendaires temples d&rsquo;<strong>Abou Simbel<\/strong>, les temples jumeaux de <strong>Rams\u00e8s II<\/strong> et de sa <strong>reine N\u00e9fertari<\/strong>.<\/p>\n<p>\u00c9merveillez-vous devant le <strong>Haut Barrage d&rsquo;Assouan<\/strong>, avec ses vues panoramiques sur le <strong>lac Nasser<\/strong>. D\u00e9couvrez le myst\u00e8re de l&rsquo;<strong>Ob\u00e9lisque inachev\u00e9<\/strong>, un t\u00e9moignage impressionnant du travail de la pierre antique.<\/p>\n<p>En descendant le Nil sur notre felouque authentique, vous serez t\u00e9moin de la vie quotidienne sur les rives et des paysages d\u00e9sertiques spectaculaires. R\u00e9servez votre aventure d\u00e8s maintenant pour une exp\u00e9rience m\u00e9morable !<\/p>\n<h3><span style=\"color: #ff6600;\">D\u00e9tails de la visite<\/span><\/h3>\n<ul>\n<li>Dur\u00e9e : 4 jours\/3 nuits<\/li>\n<li>Lieu : \u00c9gypte<\/li>\n<li>Disponibilit\u00e9 : sur demande<\/li>\n<li>Prise en charge et retour : Assouan \/ Edfou<\/li>\n<li>Type de visite : priv\u00e9e<\/li>\n<li>Langue : fran\u00e7ais<\/li>\n<\/ul>\n<h3><span style=\"color: #ff6600;\">Points forts de la visite<\/span><\/h3>\n<ul>\n<li>Haut barrage d&rsquo;Assouan<\/li>\n<li>Temple de Philae en bateau \u00e0 moteur<\/li>\n<li>\u00cele de Herbiab<\/li>\n<li>Montagnes de Silsila<\/li>\n<li>Baignade dans le Nil<\/li>\n<li>Temple de Kom Ombo<\/li>\n<li>\u00cele de Bisaw<\/li>\n<li>Temple d&rsquo;Edfou<\/li>\n<li>Vall\u00e9e des Rois<\/li>\n<li>Temple d&rsquo;Hatchepsout<\/li>\n<li>Colosses de Memnon<\/li>\n<li>Temple de Karnak<\/li>\n<\/ul>\n<h3><span style=\"color: #ff6600;\">Inclusions<\/span><\/h3>\n<ul>\n<li>Transfert d&rsquo;Assouan vers la felouque.<\/li>\n<li>Transfert de la felouque vers votre destination \u00e0 Louxor.<\/li>\n<li>Guide \u00e9gyptologue priv\u00e9.<\/li>\n<li>Frais d&rsquo;entr\u00e9e pour tous les sites mentionn\u00e9s.<\/li>\n<li>Tous les repas mentionn\u00e9s.<\/li>\n<li>Toutes les taxes et autorisations.<\/li>\n<\/ul>\n<h3><span style=\"color: #ff6600;\">Exclusions<\/span><\/h3>\n<ul>\n<li>Pourboires.<\/li>\n<li>Tout ce qui n&rsquo;est pas mentionn\u00e9 dans le programme.<\/li>\n<\/ul>\n<h3><span style=\"color: #ff6600;\">\u00c0 emporter<\/span><\/h3>\n<ul>\n<li>Chapeau, \u00e9charpe.<\/li>\n<li>Cr\u00e8me solaire et lunettes de soleil.<\/li>\n<li>Chaussures et v\u00eatements confortables.<\/li>\n<\/ul>\n<h2><span style=\"color: #ff6600;\">Itin\u00e9raire<\/span><\/h2>\n<h3><span style=\"color: #ff6600;\">Jour 1 : Assouan \u2013 Votre aventure sur le Nil commence !<\/span><\/h3>\n<p>Votre <strong>croisi\u00e8re en felouque sur le Nil<\/strong> d\u00e9bute \u00e0 Assouan. Votre guide \u00e9gyptologue vous accueillera \u00e0 l&rsquo;a\u00e9roport, \u00e0 la gare ou \u00e0 votre h\u00f4tel pour commencer votre <strong>tour d&rsquo;Assouan<\/strong>.<\/p>\n<p>D\u00e9couvrez d&rsquo;abord le <strong>Haut Barrage d&rsquo;Assouan<\/strong>, structure moderne qui a cr\u00e9\u00e9 le vaste <strong>lac Nasser<\/strong>. Ensuite, profitez d&rsquo;un trajet en bateau vers le superbe <strong>temple de Philae<\/strong>, d\u00e9di\u00e9 \u00e0 la <strong>d\u00e9esse Isis<\/strong> et sauv\u00e9 des eaux par l&rsquo;UNESCO sur l&rsquo;<strong>\u00eele d&rsquo;Agilkia<\/strong>.<\/p>\n<p>Apr\u00e8s la visite, transfert vers votre felouque. D\u00e9jeuner \u00e0 bord et d\u00e9but de la navigation sereine. L&rsquo;apr\u00e8s-midi, d\u00e9tendez-vous sur l&rsquo;\u00eele de Herbiab pour observer la vie rurale de la Haute-\u00c9gypte. Nuit \u00e0 bord sous les \u00e9toiles.<\/p>\n<p><strong>Repas : <\/strong>D\u00e9jeuner, D\u00eener<\/p>\n<h3><span style=\"color: #ff6600;\">Jour 2 : Navigation vers Kom Ombo \u2013 Temples et Traditions<\/span><\/h3>\n<p>R\u00e9veil au son du Nil et petit-d\u00e9jeuner frais \u00e0 bord. Nous d\u00e9barquerons au village de Draw pour visiter le c\u00e9l\u00e8bre <strong>march\u00e9 aux chameaux<\/strong>, une exp\u00e9rience culturelle unique. D\u00e9gustez un jus de canne \u00e0 sucre frais, favori des locaux.<\/p>\n<p>Ensuite, un transfert vous conduira au magnifique <strong>temple de Kom Ombo<\/strong>, d\u00e9di\u00e9 au <strong>dieu crocodile Sobek<\/strong> et au dieu faucon <strong>Horus l&rsquo;Ancien<\/strong>. Visitez \u00e9galement le <strong>mus\u00e9e du crocodile<\/strong> \u00e0 la sortie du temple. L&rsquo;apr\u00e8s-midi, navigation vers le paisible village de Fares pour une nuit sereine.<\/p>\n<p><strong>Repas : <\/strong>Petit-d\u00e9jeuner, D\u00e9jeuner, D\u00eener<\/p>\n<h3><span style=\"color: #ff6600;\">Jour 3 : Les carri\u00e8res de Silsila et la chapelle d&rsquo;Horemheb<\/span><\/h3>\n<p>Apr\u00e8s le petit-d\u00e9jeuner, profitez d&rsquo;une marche de 45 minutes \u00e0 travers la verdure du village local. Nous visiterons ensuite les carri\u00e8res historiques d&rsquo;<strong>El Selselah<\/strong> (Silsila), d&rsquo;o\u00f9 provient le gr\u00e8s utilis\u00e9 pour construire <strong>Karnak<\/strong> et <strong>Kom Ombo<\/strong>.<\/p>\n<p>Le point fort est la <strong>chapelle du roi Horemheb<\/strong>, orn\u00e9e de reliefs d\u00e9taill\u00e9s. Vous verrez aussi des graffitis antiques laiss\u00e9s par les ouvriers. L&rsquo;apr\u00e8s-midi, navigation vers le charmant village d&rsquo;El Fawaza pour votre derni\u00e8re nuit \u00e0 bord.<\/p>\n<p><strong>Repas : <\/strong>Petit-d\u00e9jeuner, D\u00e9jeuner, D\u00eener<\/p>\n<h3><span style=\"color: #ff6600;\">Jour 4 : Temple d&rsquo;Edfou, Rive Ouest de Louxor et d\u00e9part<\/span><\/h3>\n<p>Dernier petit-d\u00e9jeuner avant le d\u00e9barquement. Nous visiterons le <strong>temple d&rsquo;Edfou<\/strong>, d\u00e9di\u00e9 \u00e0 Horus, l&rsquo;un des mieux pr\u00e9serv\u00e9s d&rsquo;\u00c9gypte.<\/p>\n<p>Ensuite, route vers Louxor, le \u00ab\u00a0plus grand mus\u00e9e \u00e0 ciel ouvert\u00a0\u00bb. Explorez la l\u00e9gendaire <strong>Rive Ouest<\/strong>, incluant la <strong>Vall\u00e9e des Rois<\/strong> (tombes des pharaons comme <strong>Tout\u00e2nkhamon<\/strong>), le <strong>temple d&rsquo;Hatchepsout<\/strong> et les <strong>Colosses de Memnon<\/strong>. Terminez par la <strong>Rive Est<\/strong> et le spectaculaire <strong>complexe de Karnak<\/strong>. Transfert final vers votre destination \u00e0 Louxor.<\/p>\n<p><strong>Repas : <\/strong>Petit-d\u00e9jeuner, D\u00e9jeuner<\/p>\n<h3><span style=\"color: #ff6600;\">Prix de la croisi\u00e8re en Felouque<\/span><\/h3>\n<ul>\n<li>Prix Adulte = 650 \u20ac<\/li>\n<li>Enfants 0-5 ans = Gratuit<\/li>\n<li>Enfants 5-11 ans = 50 % du prix adulte<\/li>\n<\/ul>\n<h3><span style=\"color: #ff6600;\">R\u00e9servation<\/span><\/h3>\n<p>R\u00e9servez via WhatsApp (+201000852186) ou e-mail. Envoyez-nous le nom de votre h\u00f4tel, num\u00e9ro de chambre et copies de passeports.<\/p>\n<h3><span style=\"color: #ff6600;\">R\u00e9servez maintenant et payez sur place<\/span><\/h3>\n<p>R\u00e9servez et payez le jour du voyage en livres \u00e9gyptiennes, $, \u20ac ou \u00a3.<\/p>\n<h3><span style=\"color: #ff6600;\">Politique d&rsquo;annulation :<\/span><\/h3>\n<p>Gratuite jusqu&rsquo;\u00e0 24 heures \u00e0 l&rsquo;avance.<\/p>\n","protected":false},"excerpt":{"rendered":"<p>Croisi\u00e8re sur le Nil en Felouque 3 nuits d&rsquo;Assouan \u00e0 Edfou. Vivez une aventure authentique : Philae, Kom Ombo et Vall\u00e9e des Rois. Meilleur prix.<\/p>\n","protected":false},"featured_media":12871,"comment_status":"open","ping_status":"closed","template":"","meta":[],"product_brand":[],"product_cat":[3124],"product_tag":[3126,3243,3780],"class_list":{"0":"post-12870","1":"product","2":"type-product","3":"status-publish","4":"has-post-thumbnail","6":"product_cat-tours-fr","7":"product_tag-croisieres-sur-le-nil-en-egypte","8":"product_tag-forfaits-vacances-egypte","9":"product_tag-plavba-po-nilu-na-feluce","10":"tour_category-circuits-en-egypte-fr","11":"tour_category-croisieres-sur-le-nil-a-louxor-et-assouan","12":"tour_category-croisieres-sur-le-nil-en-egypte-fr","14":"first","15":"instock","16":"sale","17":"shipping-taxable","18":"purchasable","19":"product-type-tour","20":"has-default-attributes"},"yoast_head":"<!-- This site is optimized with the Yoast SEO Premium plugin v27.4 (Yoast SEO v27.4) - https:\/\/yoast.com\/product\/yoast-seo-premium-wordpress\/ -->\n<title>Croisi\u00e8re sur le Nil en Felouque 3 nuits d&#039;Assouan \u00e0 Edfou<\/title>\n<meta name=\"description\" content=\"Croisi\u00e8re sur le Nil en Felouque 3 nuits d&#039;Assouan \u00e0 Edfou. Vivez une aventure authentique : Philae, Kom Ombo et Vall\u00e9e des Rois. Meilleur prix.\" \/>\n<meta name=\"robots\" content=\"index, follow, max-snippet:-1, max-image-preview:large, max-video-preview:-1\" \/>\n<link rel=\"canonical\" href=\"https:\/\/egytourpackages.com\/fr\/tours\/croisiere-sur-le-nil-en-felouque-3-nuits-dassouan-a-edfou\/\" \/>\n<meta property=\"og:locale\" content=\"fr_FR\" \/>\n<meta property=\"og:type\" content=\"article\" \/>\n<meta property=\"og:title\" content=\"Croisi\u00e8re sur le Nil en Felouque 3 nuits d&#039;Assouan \u00e0 Edfou\" \/>\n<meta property=\"og:description\" content=\"Croisi\u00e8re sur le Nil en Felouque 3 nuits d&#039;Assouan \u00e0 Edfou. Vivez une aventure authentique : Philae, Kom Ombo et Vall\u00e9e des Rois. Meilleur prix.\" \/>\n<meta property=\"og:url\" content=\"https:\/\/egytourpackages.com\/fr\/tours\/croisiere-sur-le-nil-en-felouque-3-nuits-dassouan-a-edfou\/\" \/>\n<meta property=\"og:site_name\" content=\"Egypt Tour Packages\" \/>\n<meta property=\"article:publisher\" content=\"https:\/\/www.facebook.com\/egytourpackages\" \/>\n<meta property=\"article:modified_time\" content=\"2026-01-25T02:30:08+00:00\" \/>\n<meta property=\"og:image\" content=\"https:\/\/egytourpackages.com\/wp-content\/uploads\/2023\/08\/Felucca-Nile-River-Cruise-1024x682.jpg\" \/>\n<meta name=\"twitter:card\" content=\"summary_large_image\" \/>\n<meta name=\"twitter:title\" content=\"Croisi\u00e8re sur le Nil en Felouque 3 nuits d&#039;Assouan \u00e0 Edfou\" \/>\n<meta name=\"twitter:description\" content=\"Croisi\u00e8re sur le Nil en Felouque 3 nuits d&#039;Assouan \u00e0 Edfou. Vivez une aventure authentique : Philae, Kom Ombo et Vall\u00e9e des Rois. Meilleur prix.\" \/>\n<meta name=\"twitter:image\" content=\"https:\/\/egytourpackages.com\/wp-content\/uploads\/2023\/08\/Felucca-Nile-River-Cruise-1024x682.jpg\" \/>\n<meta name=\"twitter:label1\" content=\"Prix\" \/>\n\t<meta name=\"twitter:data1\" content=\"&euro;650\" \/>\n\t<meta name=\"twitter:label2\" content=\"Disponibilit\u00e9\" \/>\n\t<meta name=\"twitter:data2\" content=\"En stock\" \/>\n<script type=\"application\/ld+json\" class=\"yoast-schema-graph\">{\"@context\":\"https:\\\/\\\/schema.org\",\"@graph\":[{\"@type\":\"WebPage\",\"@id\":\"https:\\\/\\\/egytourpackages.com\\\/fr\\\/tours\\\/croisiere-sur-le-nil-en-felouque-3-nuits-dassouan-a-edfou\\\/\",\"url\":\"https:\\\/\\\/egytourpackages.com\\\/fr\\\/tours\\\/croisiere-sur-le-nil-en-felouque-3-nuits-dassouan-a-edfou\\\/\",\"name\":\"Croisi\u00e8re sur le Nil en Felouque 3 nuits d'Assouan \u00e0 Edfou\",\"isPartOf\":{\"@id\":\"https:\\\/\\\/egytourpackages.com\\\/fr\\\/#website\"},\"primaryImageOfPage\":{\"@id\":\"https:\\\/\\\/egytourpackages.com\\\/fr\\\/tours\\\/croisiere-sur-le-nil-en-felouque-3-nuits-dassouan-a-edfou\\\/#primaryimage\"},\"image\":{\"@id\":\"https:\\\/\\\/egytourpackages.com\\\/fr\\\/tours\\\/croisiere-sur-le-nil-en-felouque-3-nuits-dassouan-a-edfou\\\/#primaryimage\"},\"thumbnailUrl\":\"https:\\\/\\\/egytourpackages.com\\\/wp-content\\\/uploads\\\/2023\\\/08\\\/Felucca-Nile-River-Cruise.jpg\",\"datePublished\":\"2023-08-15T01:55:42+00:00\",\"dateModified\":\"2026-01-25T02:30:08+00:00\",\"description\":\"Croisi\u00e8re sur le Nil en Felouque 3 nuits d'Assouan \u00e0 Edfou. Vivez une aventure authentique : Philae, Kom Ombo et Vall\u00e9e des Rois. Meilleur prix.\",\"breadcrumb\":{\"@id\":\"https:\\\/\\\/egytourpackages.com\\\/fr\\\/tours\\\/croisiere-sur-le-nil-en-felouque-3-nuits-dassouan-a-edfou\\\/#breadcrumb\"},\"inLanguage\":\"fr-FR\",\"potentialAction\":[{\"@type\":\"ReadAction\",\"target\":[\"https:\\\/\\\/egytourpackages.com\\\/fr\\\/tours\\\/croisiere-sur-le-nil-en-felouque-3-nuits-dassouan-a-edfou\\\/\"]}]},{\"@type\":\"ImageObject\",\"inLanguage\":\"fr-FR\",\"@id\":\"https:\\\/\\\/egytourpackages.com\\\/fr\\\/tours\\\/croisiere-sur-le-nil-en-felouque-3-nuits-dassouan-a-edfou\\\/#primaryimage\",\"url\":\"https:\\\/\\\/egytourpackages.com\\\/wp-content\\\/uploads\\\/2023\\\/08\\\/Felucca-Nile-River-Cruise.jpg\",\"contentUrl\":\"https:\\\/\\\/egytourpackages.com\\\/wp-content\\\/uploads\\\/2023\\\/08\\\/Felucca-Nile-River-Cruise.jpg\",\"width\":2000,\"height\":1333,\"caption\":\"Croisi\u00e8re sur le Nil en Felouque 3 nuits d'Assouan \u00e0 Edfou\"},{\"@type\":\"BreadcrumbList\",\"@id\":\"https:\\\/\\\/egytourpackages.com\\\/fr\\\/tours\\\/croisiere-sur-le-nil-en-felouque-3-nuits-dassouan-a-edfou\\\/#breadcrumb\",\"itemListElement\":[{\"@type\":\"ListItem\",\"position\":1,\"name\":\"Home\",\"item\":\"https:\\\/\\\/egytourpackages.com\\\/fr\\\/circuits-en-egypte\\\/\"},{\"@type\":\"ListItem\",\"position\":2,\"name\":\"Shop\",\"item\":\"https:\\\/\\\/egytourpackages.com\\\/shop\\\/\"},{\"@type\":\"ListItem\",\"position\":3,\"name\":\"Croisi\u00e8re sur le Nil en Felouque 3 nuits d&rsquo;Assouan \u00e0 Edfou\"}]},{\"@type\":\"WebSite\",\"@id\":\"https:\\\/\\\/egytourpackages.com\\\/fr\\\/#website\",\"url\":\"https:\\\/\\\/egytourpackages.com\\\/fr\\\/\",\"name\":\"Egy tour packages\",\"description\":\"\",\"publisher\":{\"@id\":\"https:\\\/\\\/egytourpackages.com\\\/fr\\\/#organization\"},\"potentialAction\":[{\"@type\":\"SearchAction\",\"target\":{\"@type\":\"EntryPoint\",\"urlTemplate\":\"https:\\\/\\\/egytourpackages.com\\\/fr\\\/?s={search_term_string}\"},\"query-input\":{\"@type\":\"PropertyValueSpecification\",\"valueRequired\":true,\"valueName\":\"search_term_string\"}}],\"inLanguage\":\"fr-FR\"},{\"@type\":[\"Organization\",\"Place\",\"TravelAgency\"],\"@id\":\"https:\\\/\\\/egytourpackages.com\\\/fr\\\/#organization\",\"name\":\"egypt tour packages\",\"alternateName\":\"egypt tour packages\",\"url\":\"https:\\\/\\\/egytourpackages.com\\\/fr\\\/\",\"logo\":{\"@id\":\"https:\\\/\\\/egytourpackages.com\\\/fr\\\/tours\\\/croisiere-sur-le-nil-en-felouque-3-nuits-dassouan-a-edfou\\\/#local-main-organization-logo\"},\"image\":{\"@id\":\"https:\\\/\\\/egytourpackages.com\\\/fr\\\/tours\\\/croisiere-sur-le-nil-en-felouque-3-nuits-dassouan-a-edfou\\\/#local-main-organization-logo\"},\"sameAs\":[\"https:\\\/\\\/www.facebook.com\\\/egytourpackages\"],\"legalName\":\"Egy tour packages\",\"address\":{\"@id\":\"https:\\\/\\\/egytourpackages.com\\\/fr\\\/tours\\\/croisiere-sur-le-nil-en-felouque-3-nuits-dassouan-a-edfou\\\/#local-main-place-address\"},\"telephone\":[\"00201000852186\",\"00201028685533\"],\"contactPoint\":{\"@type\":\"ContactPoint\",\"telephone\":\"00201000852186\"},\"openingHoursSpecification\":[{\"@type\":\"OpeningHoursSpecification\",\"dayOfWeek\":[\"Monday\",\"Tuesday\",\"Wednesday\",\"Thursday\",\"Friday\",\"Saturday\",\"Sunday\"],\"opens\":\"00:00\",\"closes\":\"23:59\"}],\"email\":\"info@egytourpackages.com\",\"areaServed\":\"Cairo, Hurghada, Luxor, Sharm El Sheikh, Marsa Alam, Aswan\",\"priceRange\":\"$\",\"currenciesAccepted\":\"euro\",\"paymentAccepted\":\"Payment links online\"},{\"@type\":\"PostalAddress\",\"@id\":\"https:\\\/\\\/egytourpackages.com\\\/fr\\\/tours\\\/croisiere-sur-le-nil-en-felouque-3-nuits-dassouan-a-edfou\\\/#local-main-place-address\",\"streetAddress\":\"Mubarak 8, Al Kawthar District, Hurghada\",\"addressLocality\":\"Hurghada\",\"postalCode\":\"84511\",\"addressRegion\":\"Red Sea\",\"addressCountry\":\"EG\"},{\"@type\":\"ImageObject\",\"inLanguage\":\"fr-FR\",\"@id\":\"https:\\\/\\\/egytourpackages.com\\\/fr\\\/tours\\\/croisiere-sur-le-nil-en-felouque-3-nuits-dassouan-a-edfou\\\/#local-main-organization-logo\",\"url\":\"https:\\\/\\\/egytourpackages.com\\\/wp-content\\\/uploads\\\/2025\\\/12\\\/Turquoise-Dahabiya-Nile-Cruise-1.jpeg\",\"contentUrl\":\"https:\\\/\\\/egytourpackages.com\\\/wp-content\\\/uploads\\\/2025\\\/12\\\/Turquoise-Dahabiya-Nile-Cruise-1.jpeg\",\"width\":1040,\"height\":694,\"caption\":\"egypt tour packages\"}]}<\/script>\n<meta property=\"product:brand\" content=\"Circuits en \u00c9gypte\" \/>\n<meta property=\"product:price:amount\" content=\"650\" \/>\n<meta property=\"product:price:currency\" content=\"EUR\" \/>\n<meta property=\"og:availability\" content=\"instock\" \/>\n<meta property=\"product:availability\" content=\"instock\" \/>\n<meta property=\"product:retailer_item_id\" content=\"ENCT23\" \/>\n<meta property=\"product:condition\" content=\"new\" \/>\n<meta name=\"geo.placename\" content=\"Hurghada\" \/>\n<meta name=\"geo.region\" content=\"\u00c9gypte\" \/>\n<!-- \/ Yoast SEO Premium plugin. -->","yoast_head_json":{"title":"Croisi\u00e8re sur le Nil en Felouque 3 nuits d'Assouan \u00e0 Edfou","description":"Croisi\u00e8re sur le Nil en Felouque 3 nuits d'Assouan \u00e0 Edfou. Vivez une aventure authentique : Philae, Kom Ombo et Vall\u00e9e des Rois. Meilleur prix.","robots":{"index":"index","follow":"follow","max-snippet":"max-snippet:-1","max-image-preview":"max-image-preview:large","max-video-preview":"max-video-preview:-1"},"canonical":"https:\/\/egytourpackages.com\/fr\/tours\/croisiere-sur-le-nil-en-felouque-3-nuits-dassouan-a-edfou\/","og_locale":"fr_FR","og_type":"article","og_title":"Croisi\u00e8re sur le Nil en Felouque 3 nuits d'Assouan \u00e0 Edfou","og_description":"Croisi\u00e8re sur le Nil en Felouque 3 nuits d'Assouan \u00e0 Edfou. Vivez une aventure authentique : Philae, Kom Ombo et Vall\u00e9e des Rois. Meilleur prix.","og_url":"https:\/\/egytourpackages.com\/fr\/tours\/croisiere-sur-le-nil-en-felouque-3-nuits-dassouan-a-edfou\/","og_site_name":"Egypt Tour Packages","article_publisher":"https:\/\/www.facebook.com\/egytourpackages","article_modified_time":"2026-01-25T02:30:08+00:00","og_image":[{"url":"https:\/\/egytourpackages.com\/wp-content\/uploads\/2023\/08\/Felucca-Nile-River-Cruise-1024x682.jpg","type":"","width":"","height":""}],"twitter_card":"summary_large_image","twitter_title":"Croisi\u00e8re sur le Nil en Felouque 3 nuits d'Assouan \u00e0 Edfou","twitter_description":"Croisi\u00e8re sur le Nil en Felouque 3 nuits d'Assouan \u00e0 Edfou. Vivez une aventure authentique : Philae, Kom Ombo et Vall\u00e9e des Rois. Meilleur prix.","twitter_image":"https:\/\/egytourpackages.com\/wp-content\/uploads\/2023\/08\/Felucca-Nile-River-Cruise-1024x682.jpg","twitter_misc":{"Prix":"&euro;650","Disponibilit\u00e9":"En stock"},"schema":{"@context":"https:\/\/schema.org","@graph":[{"@type":"WebPage","@id":"https:\/\/egytourpackages.com\/fr\/tours\/croisiere-sur-le-nil-en-felouque-3-nuits-dassouan-a-edfou\/","url":"https:\/\/egytourpackages.com\/fr\/tours\/croisiere-sur-le-nil-en-felouque-3-nuits-dassouan-a-edfou\/","name":"Croisi\u00e8re sur le Nil en Felouque 3 nuits d'Assouan \u00e0 Edfou","isPartOf":{"@id":"https:\/\/egytourpackages.com\/fr\/#website"},"primaryImageOfPage":{"@id":"https:\/\/egytourpackages.com\/fr\/tours\/croisiere-sur-le-nil-en-felouque-3-nuits-dassouan-a-edfou\/#primaryimage"},"image":{"@id":"https:\/\/egytourpackages.com\/fr\/tours\/croisiere-sur-le-nil-en-felouque-3-nuits-dassouan-a-edfou\/#primaryimage"},"thumbnailUrl":"https:\/\/egytourpackages.com\/wp-content\/uploads\/2023\/08\/Felucca-Nile-River-Cruise.jpg","datePublished":"2023-08-15T01:55:42+00:00","dateModified":"2026-01-25T02:30:08+00:00","description":"Croisi\u00e8re sur le Nil en Felouque 3 nuits d'Assouan \u00e0 Edfou. Vivez une aventure authentique : Philae, Kom Ombo et Vall\u00e9e des Rois. Meilleur prix.","breadcrumb":{"@id":"https:\/\/egytourpackages.com\/fr\/tours\/croisiere-sur-le-nil-en-felouque-3-nuits-dassouan-a-edfou\/#breadcrumb"},"inLanguage":"fr-FR","potentialAction":[{"@type":"ReadAction","target":["https:\/\/egytourpackages.com\/fr\/tours\/croisiere-sur-le-nil-en-felouque-3-nuits-dassouan-a-edfou\/"]}]},{"@type":"ImageObject","inLanguage":"fr-FR","@id":"https:\/\/egytourpackages.com\/fr\/tours\/croisiere-sur-le-nil-en-felouque-3-nuits-dassouan-a-edfou\/#primaryimage","url":"https:\/\/egytourpackages.com\/wp-content\/uploads\/2023\/08\/Felucca-Nile-River-Cruise.jpg","contentUrl":"https:\/\/egytourpackages.com\/wp-content\/uploads\/2023\/08\/Felucca-Nile-River-Cruise.jpg","width":2000,"height":1333,"caption":"Croisi\u00e8re sur le Nil en Felouque 3 nuits d'Assouan \u00e0 Edfou"},{"@type":"BreadcrumbList","@id":"https:\/\/egytourpackages.com\/fr\/tours\/croisiere-sur-le-nil-en-felouque-3-nuits-dassouan-a-edfou\/#breadcrumb","itemListElement":[{"@type":"ListItem","position":1,"name":"Home","item":"https:\/\/egytourpackages.com\/fr\/circuits-en-egypte\/"},{"@type":"ListItem","position":2,"name":"Shop","item":"https:\/\/egytourpackages.com\/shop\/"},{"@type":"ListItem","position":3,"name":"Croisi\u00e8re sur le Nil en Felouque 3 nuits d&rsquo;Assouan \u00e0 Edfou"}]},{"@type":"WebSite","@id":"https:\/\/egytourpackages.com\/fr\/#website","url":"https:\/\/egytourpackages.com\/fr\/","name":"Egy tour packages","description":"","publisher":{"@id":"https:\/\/egytourpackages.com\/fr\/#organization"},"potentialAction":[{"@type":"SearchAction","target":{"@type":"EntryPoint","urlTemplate":"https:\/\/egytourpackages.com\/fr\/?s={search_term_string}"},"query-input":{"@type":"PropertyValueSpecification","valueRequired":true,"valueName":"search_term_string"}}],"inLanguage":"fr-FR"},{"@type":["Organization","Place","TravelAgency"],"@id":"https:\/\/egytourpackages.com\/fr\/#organization","name":"egypt tour packages","alternateName":"egypt tour packages","url":"https:\/\/egytourpackages.com\/fr\/","logo":{"@id":"https:\/\/egytourpackages.com\/fr\/tours\/croisiere-sur-le-nil-en-felouque-3-nuits-dassouan-a-edfou\/#local-main-organization-logo"},"image":{"@id":"https:\/\/egytourpackages.com\/fr\/tours\/croisiere-sur-le-nil-en-felouque-3-nuits-dassouan-a-edfou\/#local-main-organization-logo"},"sameAs":["https:\/\/www.facebook.com\/egytourpackages"],"legalName":"Egy tour packages","address":{"@id":"https:\/\/egytourpackages.com\/fr\/tours\/croisiere-sur-le-nil-en-felouque-3-nuits-dassouan-a-edfou\/#local-main-place-address"},"telephone":["00201000852186","00201028685533"],"contactPoint":{"@type":"ContactPoint","telephone":"00201000852186"},"openingHoursSpecification":[{"@type":"OpeningHoursSpecification","dayOfWeek":["Monday","Tuesday","Wednesday","Thursday","Friday","Saturday","Sunday"],"opens":"00:00","closes":"23:59"}],"email":"info@egytourpackages.com","areaServed":"Cairo, Hurghada, Luxor, Sharm El Sheikh, Marsa Alam, Aswan","priceRange":"$","currenciesAccepted":"euro","paymentAccepted":"Payment links online"},{"@type":"PostalAddress","@id":"https:\/\/egytourpackages.com\/fr\/tours\/croisiere-sur-le-nil-en-felouque-3-nuits-dassouan-a-edfou\/#local-main-place-address","streetAddress":"Mubarak 8, Al Kawthar District, Hurghada","addressLocality":"Hurghada","postalCode":"84511","addressRegion":"Red Sea","addressCountry":"EG"},{"@type":"ImageObject","inLanguage":"fr-FR","@id":"https:\/\/egytourpackages.com\/fr\/tours\/croisiere-sur-le-nil-en-felouque-3-nuits-dassouan-a-edfou\/#local-main-organization-logo","url":"https:\/\/egytourpackages.com\/wp-content\/uploads\/2025\/12\/Turquoise-Dahabiya-Nile-Cruise-1.jpeg","contentUrl":"https:\/\/egytourpackages.com\/wp-content\/uploads\/2025\/12\/Turquoise-Dahabiya-Nile-Cruise-1.jpeg","width":1040,"height":694,"caption":"egypt tour packages"}]},"product_brand":"Circuits en \u00c9gypte","product_price_amount":"650","product_price_currency":"EUR","og_availability":"instock","product_availability":"instock","product_retailer_item_id":"ENCT23","product_condition":"new","geo.placename":"Hurghada","geo.region":"\u00c9gypte"},"_links":{"self":[{"href":"https:\/\/egytourpackages.com\/fr\/wp-json\/wp\/v2\/product\/12870","targetHints":{"allow":["GET"]}}],"collection":[{"href":"https:\/\/egytourpackages.com\/fr\/wp-json\/wp\/v2\/product"}],"about":[{"href":"https:\/\/egytourpackages.com\/fr\/wp-json\/wp\/v2\/types\/product"}],"replies":[{"embeddable":true,"href":"https:\/\/egytourpackages.com\/fr\/wp-json\/wp\/v2\/comments?post=12870"}],"wp:featuredmedia":[{"embeddable":true,"href":"https:\/\/egytourpackages.com\/fr\/wp-json\/wp\/v2\/media\/12871"}],"wp:attachment":[{"href":"https:\/\/egytourpackages.com\/fr\/wp-json\/wp\/v2\/media?parent=12870"}],"wp:term":[{"taxonomy":"product_brand","embeddable":true,"href":"https:\/\/egytourpackages.com\/fr\/wp-json\/wp\/v2\/product_brand?post=12870"},{"taxonomy":"product_cat","embeddable":true,"href":"https:\/\/egytourpackages.com\/fr\/wp-json\/wp\/v2\/product_cat?post=12870"},{"taxonomy":"product_tag","embeddable":true,"href":"https:\/\/egytourpackages.com\/fr\/wp-json\/wp\/v2\/product_tag?post=12870"}],"curies":[{"name":"wp","href":"https:\/\/api.w.org\/{rel}","templated":true}]}}