{"id":12875,"date":"2023-08-16T05:08:35","date_gmt":"2023-08-16T05:08:35","guid":{"rendered":"https:\/\/egytourpackages.com\/product\/2-jours-dans-le-desert-blanc-et-loasis-de-bahariya-depuis-le-caire\/"},"modified":"2026-01-27T01:02:09","modified_gmt":"2026-01-27T01:02:09","slug":"2-jours-dans-le-desert-blanc-et-loasis-de-bahariya-depuis-le-caire","status":"publish","type":"product","link":"https:\/\/egytourpackages.com\/fr\/tours\/2-jours-dans-le-desert-blanc-et-loasis-de-bahariya-depuis-le-caire\/","title":{"rendered":"2 jours dans le D\u00e9sert Blanc et l&rsquo;oasis de Bahariya depuis le Caire"},"content":{"rendered":"<p><span style=\"color: #ff6600;\"><strong>2 jours dans le D\u00e9sert Blanc et l&rsquo;oasis de Bahariya depuis le Caire<\/strong><\/span><\/p>\n<p>Commencez votre <strong>safari dans le d\u00e9sert \u00e9gyptien<\/strong> avec un <strong>transfert priv\u00e9<\/strong> vers les paysages grandioses du d\u00e9sert occidental de l\u2019\u00c9gypte.<\/p>\n<p>Cette <strong>aventure inoubliable dans le d\u00e9sert<\/strong> promet un m\u00e9lange unique de merveilles g\u00e9ologiques, d&rsquo;activit\u00e9s palpitantes et de beaut\u00e9 naturelle sereine, ce qui en fait une <strong>exp\u00e9rience de voyage en \u00c9gypte<\/strong> essentielle pour tout <strong>amateur d&rsquo;aventure<\/strong>.<\/p>\n<p>Votre p\u00e9riple d\u00e9bute dans le spectaculaire <strong>D\u00e9sert Noir<\/strong>, une \u00e9tendue volcanique o\u00f9 des c\u00f4nes sombres pars\u00e8ment un paysage aust\u00e8re, cr\u00e9ant un spectacle visuel unique. Ensuite, descendez vers le paisible <strong>village d&rsquo;El Heiz<\/strong>, un joyau cach\u00e9 offrant un r\u00e9pit rafra\u00eechissant gr\u00e2ce \u00e0 sa <strong>source froide<\/strong>, v\u00e9ritable oasis au milieu des dunes.<\/p>\n<p>De plus, vous continuerez vers la scintillante <strong>Montagne de Cristal<\/strong>, une arche naturelle compos\u00e9e de cristaux de quartz \u00e9blouissants, une merveille g\u00e9ologique \u00e0 ne pas manquer. En vous aventurant plus profond\u00e9ment, explorez la zone mystique d&rsquo;<strong>Aqabat<\/strong>, connue sous le nom de \u00ab Vall\u00e9e des obstacles \u00bb, avec ses formations rocheuses intrigantes.<\/p>\n<p>L&rsquo;excitation monte alors que vous rencontrez de vastes <strong>dunes de sable<\/strong>, parfaites pour une s\u00e9ance exaltante de <strong>sandboarding<\/strong> sur des pentes dor\u00e9es \u2013 un pur bonheur pour les amateurs d&rsquo;adr\u00e9naline. En fait, le point culminant de votre <strong>excursion dans le d\u00e9sert<\/strong> est sans aucun doute le <strong>parc national du D\u00e9sert Blanc<\/strong>.<\/p>\n<p>Observez la beaut\u00e9 \u00e9th\u00e9r\u00e9e de l&rsquo;<strong>Ancien D\u00e9sert Blanc<\/strong> et du <strong>Nouveau D\u00e9sert Blanc<\/strong>, o\u00f9 des si\u00e8cles d&rsquo;\u00e9rosion \u00e9olienne ont sculpt\u00e9 des <strong>formations rocheuses<\/strong> de craie blanche colossales.<\/p>\n<p>Ces sculptures naturelles ressemblent \u00e0 des champignons g\u00e9ants, des icebergs ou des \u0153uvres d&rsquo;art abstrait. Ce <strong>safari dans le d\u00e9sert<\/strong> offre des opportunit\u00e9s photographiques in\u00e9gal\u00e9es et une \u00e9vasion immersive dans l&rsquo;une des merveilles naturelles les plus intactes au monde.<\/p>\n<h3><span style=\"color: #ff6600;\">D\u00e9tails de la visite<\/span><\/h3>\n<ul>\n<li>Dur\u00e9e : 2 jours, 1 nuit<\/li>\n<li>Lieu : Oasis de Bahariya \/ Oasis de Farafra<\/li>\n<li>Disponibilit\u00e9 : tous les jours<\/li>\n<li>Prise en charge et retour : h\u00f4tels du Caire et de Gizeh<\/li>\n<li>Type de visite : priv\u00e9e<\/li>\n<li>Langue : fran\u00e7ais<\/li>\n<\/ul>\n<h3><span style=\"color: #ff6600;\">Points forts de la visite<\/span><\/h3>\n<ul>\n<li>D\u00e9sert Noir<\/li>\n<li>Village d&rsquo;El Heiz et sa source froide<\/li>\n<li>Montagne de Cristal<\/li>\n<li>Zone d&rsquo;Aqabat<\/li>\n<li>Dunes de sable et sandboarding<\/li>\n<li>Ancien D\u00e9sert Blanc<\/li>\n<li>Nouveau D\u00e9sert Blanc<\/li>\n<li>Diverses formations rocheuses<\/li>\n<\/ul>\n<h3><span style=\"color: #ff6600;\">Inclusions<\/span><\/h3>\n<ul>\n<li>1 nuit de camping dans le d\u00e9sert blanc.<\/li>\n<li>Toutes les taxes et frais de camping.<\/li>\n<li>Transfert depuis le Caire aller-retour en v\u00e9hicule moderne climatis\u00e9.<\/li>\n<li>Tour en 4&#215;4 Toyota Land Cruiser dans le d\u00e9sert.<\/li>\n<li>D\u00e9jeuner, d\u00eener, petit-d\u00e9jeuner, d\u00e9jeuner.<\/li>\n<li>Guide de d\u00e9sert sp\u00e9cialis\u00e9.<\/li>\n<\/ul>\n<h3><span style=\"color: #ff6600;\">Exclusions<\/span><\/h3>\n<ul>\n<li>Pourboires.<\/li>\n<\/ul>\n<h3><span style=\"color: #ff6600;\">\u00c0 emporter<\/span><\/h3>\n<ul>\n<li>Maillot de bain et serviette.<\/li>\n<li>Cr\u00e8me solaire et lunettes de soleil.<\/li>\n<li>Chapeau ou \u00e9charpe.<\/li>\n<\/ul>\n<h3><span style=\"color: #ff6600;\">Itin\u00e9raire<\/span><\/h3>\n<h3><span style=\"color: #ff6600;\">Jour 1 : Le Caire-Bahariya<\/span><\/h3>\n<p>Notre guide vous accueillera \u00e0 la r\u00e9ception de votre h\u00f4tel apr\u00e8s votre petit-d\u00e9jeuner pour prendre la route vers l&rsquo;oasis de Bahariya. La distance de 360 km entre le Caire et Bahariya prend environ quatre heures de route, avec une pause caf\u00e9 en chemin.<\/p>\n<p>\u00c0 votre arriv\u00e9e \u00e0 Bahariya, vous serez accueilli par votre \u00e9quipe locale et commencerez votre aventure avec un d\u00e9jeuner dans une maison locale, accompagn\u00e9 de boissons fra\u00eeches.<\/p>\n<p>Commencez votre <strong>excursion au d\u00e9part du Caire<\/strong> vers Bahariya par le <strong>D\u00e9sert Noir<\/strong> et escaladez le <strong>Gebel El Marsos<\/strong> si vous le souhaitez pour prendre de superbes photos panoramiques. Continuez vers la <strong>vall\u00e9e d&rsquo;El Heiz<\/strong> pour savourer une boisson b\u00e9douine typique et vous baigner dans la source froide.<\/p>\n<p>Apr\u00e8s une douche rafra\u00eechissante, vous serez pr\u00eat pour le c\u0153ur du safari. Vous visiterez la <strong>Montagne de Cristal<\/strong>, un lieu \u00e9nerg\u00e9tique entour\u00e9 de cristaux de diff\u00e9rentes couleurs.<\/p>\n<p>Ensuite, direction la <strong>vall\u00e9e d&rsquo;Aqabat<\/strong> et ses formations pierreuses uniques. Votre chauffeur vous emm\u00e8nera \u00e0 travers des paysages magnifiques jusqu&rsquo;aux dunes de sable pour profiter du <strong>sandboarding<\/strong>.<\/p>\n<p>Plus tard, vous admirerez le panorama de l&rsquo;<strong>Ancien D\u00e9sert Blanc<\/strong> avant de rejoindre la zone de campement. Profitez d&rsquo;un d\u00eener B.B.Q. pr\u00e9par\u00e9 par votre guide, suivi d&rsquo;une nuit sous tente avec tout le n\u00e9cessaire (matelas, sac de couchage, couverture).<\/p>\n<p><strong>Repas : <\/strong>D\u00e9jeuner, D\u00eener<\/p>\n<h3><span style=\"color: #ff6600;\">Le Jour 2 : D\u00e9sert Blanc \u2013 Bahariya \u2013 Le Caire<\/span><\/h3>\n<p>Votre guide se l\u00e8vera t\u00f4t pour vous pr\u00e9parer un savoureux petit-d\u00e9jeuner. Profitez d&rsquo;une promenade matinale pendant que l&rsquo;\u00e9quipe range le campement avant de commencer votre exploration du <strong>Nouveau D\u00e9sert Blanc<\/strong>.<\/p>\n<p>Explorez les c\u00e9l\u00e8bres formations du \u00ab\u00a0poulet et du lapin\u00a0\u00bb, le c\u00f4ne, et bien d&rsquo;autres sculptures de craie avant de retourner \u00e0 Bahariya. Savourez un dernier d\u00e9jeuner fait maison avant de reprendre la route vers le Caire apr\u00e8s avoir v\u00e9cu l&rsquo;une des <strong>meilleures activit\u00e9s \u00e0 faire au Caire<\/strong>.<\/p>\n<p><strong>Repas : <\/strong>Petit-d\u00e9jeuner, D\u00e9jeuner<\/p>\n<h3><span style=\"color: #ff6600;\">Prix du s\u00e9jour 2 jours D\u00e9sert Blanc et Bahariya<\/span><\/h3>\n<ul>\n<li>Prix Adulte = 150 \u20ac<\/li>\n<li>Enfants 0-5 ans = Gratuit<\/li>\n<li>Enfants 5-11 ans = 50% du prix adulte<\/li>\n<\/ul>\n<h3><span style=\"color: #ff6600;\">R\u00e9servation<\/span><\/h3>\n<p>R\u00e9servez via <strong>WhatsApp<\/strong> ou par e-mail pour une confirmation imm\u00e9diate. Veuillez nous envoyer le nom de votre h\u00f4tel, votre num\u00e9ro de chambre et les copies de vos passeports.<\/p>\n<ul>\n<li><strong>WhatsApp :<\/strong> +20 1000852186<\/li>\n<li><strong>E-mail :<\/strong> info@egytourpackages.com<\/li>\n<\/ul>\n<h3><span style=\"color: #ff6600;\">R\u00e9servez maintenant et payez sur place<\/span><\/h3>\n<p>R\u00e9servez votre excursion et payez le jour du d\u00e9part.<\/p>\n<h3><span style=\"color: #ff6600;\">Paiement :<\/span><\/h3>\n<p>En livres \u00e9gyptiennes, $, \u20ac ou \u00a3.<\/p>\n<h3><span style=\"color: #ff6600;\">Politique d&rsquo;annulation :<\/span><\/h3>\n<ul>\n<li>Gratuite jusqu&rsquo;\u00e0 24 heures \u00e0 l&rsquo;avance.<\/li>\n<li>Annulation le matin m\u00eame : 50% du prix.<\/li>\n<\/ul>\n","protected":false},"excerpt":{"rendered":"<p>2 jours dans le D\u00e9sert Blanc et l&rsquo;oasis de Bahariya depuis le Caire. Safari en 4&#215;4, camping sous les \u00e9toiles, D\u00e9sert Noir et sandboarding. R\u00e9servez<\/p>\n","protected":false},"featured_media":10071,"comment_status":"open","ping_status":"closed","template":"","meta":[],"product_brand":[],"product_cat":[3124],"product_tag":[3416,3442,3394],"class_list":{"0":"post-12875","1":"product","2":"type-product","3":"status-publish","4":"has-post-thumbnail","6":"product_cat-tours-fr","7":"product_tag-desert-noir","8":"product_tag-excursions-dune-journee-au-caire","9":"product_tag-safaris-dans-le-desert-egyptien","10":"tour_category-excursions-en-egypte-fr","11":"tour_category-excursions-le-caire-fr","13":"first","14":"instock","15":"sale","16":"shipping-taxable","17":"purchasable","18":"product-type-tour","19":"has-default-attributes"},"yoast_head":"<!-- This site is optimized with the Yoast SEO Premium plugin v27.4 (Yoast SEO v27.4) - https:\/\/yoast.com\/product\/yoast-seo-premium-wordpress\/ -->\n<title>2 jours dans le D\u00e9sert Blanc et l&#039;oasis de Bahariya depuis le Caire<\/title>\n<meta name=\"description\" content=\"2 jours dans le D\u00e9sert Blanc et l&#039;oasis de Bahariya depuis le Caire. Safari en 4x4, camping sous les \u00e9toiles, D\u00e9sert Noir et sandboarding. R\u00e9servez\" \/>\n<meta name=\"robots\" content=\"index, follow, max-snippet:-1, max-image-preview:large, max-video-preview:-1\" \/>\n<link rel=\"canonical\" href=\"https:\/\/egytourpackages.com\/fr\/tours\/2-jours-dans-le-desert-blanc-et-loasis-de-bahariya-depuis-le-caire\/\" \/>\n<meta property=\"og:locale\" content=\"fr_FR\" \/>\n<meta property=\"og:type\" content=\"article\" \/>\n<meta property=\"og:title\" content=\"2 jours dans le D\u00e9sert Blanc et l&#039;oasis de Bahariya depuis le Caire\" \/>\n<meta property=\"og:description\" content=\"2 jours dans le D\u00e9sert Blanc et l&#039;oasis de Bahariya depuis le Caire. Safari en 4x4, camping sous les \u00e9toiles, D\u00e9sert Noir et sandboarding. R\u00e9servez\" \/>\n<meta property=\"og:url\" content=\"https:\/\/egytourpackages.com\/fr\/tours\/2-jours-dans-le-desert-blanc-et-loasis-de-bahariya-depuis-le-caire\/\" \/>\n<meta property=\"og:site_name\" content=\"Egypt Tour Packages\" \/>\n<meta property=\"article:publisher\" content=\"https:\/\/www.facebook.com\/egytourpackages\" \/>\n<meta property=\"article:modified_time\" content=\"2026-01-27T01:02:09+00:00\" \/>\n<meta property=\"og:image\" content=\"https:\/\/egytourpackages.com\/wp-content\/uploads\/2023\/08\/White-desert-and-Bahariya-Oasis-1024x682.jpg\" \/>\n<meta name=\"twitter:card\" content=\"summary_large_image\" \/>\n<meta name=\"twitter:title\" content=\"2 jours dans le D\u00e9sert Blanc et l&#039;oasis de Bahariya depuis le Caire\" \/>\n<meta name=\"twitter:description\" content=\"2 jours dans le D\u00e9sert Blanc et l&#039;oasis de Bahariya depuis le Caire. Safari en 4x4, camping sous les \u00e9toiles, D\u00e9sert Noir et sandboarding. R\u00e9servez\" \/>\n<meta name=\"twitter:image\" content=\"https:\/\/egytourpackages.com\/wp-content\/uploads\/2023\/08\/White-desert-and-Bahariya-Oasis-1024x682.jpg\" \/>\n<meta name=\"twitter:label1\" content=\"Prix\" \/>\n\t<meta name=\"twitter:data1\" content=\"&euro;150\" \/>\n\t<meta name=\"twitter:label2\" content=\"Disponibilit\u00e9\" \/>\n\t<meta name=\"twitter:data2\" content=\"En stock\" \/>\n<script type=\"application\/ld+json\" class=\"yoast-schema-graph\">{\"@context\":\"https:\\\/\\\/schema.org\",\"@graph\":[{\"@type\":\"WebPage\",\"@id\":\"https:\\\/\\\/egytourpackages.com\\\/fr\\\/tours\\\/2-jours-dans-le-desert-blanc-et-loasis-de-bahariya-depuis-le-caire\\\/\",\"url\":\"https:\\\/\\\/egytourpackages.com\\\/fr\\\/tours\\\/2-jours-dans-le-desert-blanc-et-loasis-de-bahariya-depuis-le-caire\\\/\",\"name\":\"2 jours dans le D\u00e9sert Blanc et l'oasis de Bahariya depuis le Caire\",\"isPartOf\":{\"@id\":\"https:\\\/\\\/egytourpackages.com\\\/fr\\\/#website\"},\"primaryImageOfPage\":{\"@id\":\"https:\\\/\\\/egytourpackages.com\\\/fr\\\/tours\\\/2-jours-dans-le-desert-blanc-et-loasis-de-bahariya-depuis-le-caire\\\/#primaryimage\"},\"image\":{\"@id\":\"https:\\\/\\\/egytourpackages.com\\\/fr\\\/tours\\\/2-jours-dans-le-desert-blanc-et-loasis-de-bahariya-depuis-le-caire\\\/#primaryimage\"},\"thumbnailUrl\":\"https:\\\/\\\/egytourpackages.com\\\/wp-content\\\/uploads\\\/2023\\\/08\\\/White-desert-and-Bahariya-Oasis.jpg\",\"datePublished\":\"2023-08-16T05:08:35+00:00\",\"dateModified\":\"2026-01-27T01:02:09+00:00\",\"description\":\"2 jours dans le D\u00e9sert Blanc et l'oasis de Bahariya depuis le Caire. Safari en 4x4, camping sous les \u00e9toiles, D\u00e9sert Noir et sandboarding. R\u00e9servez\",\"breadcrumb\":{\"@id\":\"https:\\\/\\\/egytourpackages.com\\\/fr\\\/tours\\\/2-jours-dans-le-desert-blanc-et-loasis-de-bahariya-depuis-le-caire\\\/#breadcrumb\"},\"inLanguage\":\"fr-FR\",\"potentialAction\":[{\"@type\":\"ReadAction\",\"target\":[\"https:\\\/\\\/egytourpackages.com\\\/fr\\\/tours\\\/2-jours-dans-le-desert-blanc-et-loasis-de-bahariya-depuis-le-caire\\\/\"]}]},{\"@type\":\"ImageObject\",\"inLanguage\":\"fr-FR\",\"@id\":\"https:\\\/\\\/egytourpackages.com\\\/fr\\\/tours\\\/2-jours-dans-le-desert-blanc-et-loasis-de-bahariya-depuis-le-caire\\\/#primaryimage\",\"url\":\"https:\\\/\\\/egytourpackages.com\\\/wp-content\\\/uploads\\\/2023\\\/08\\\/White-desert-and-Bahariya-Oasis.jpg\",\"contentUrl\":\"https:\\\/\\\/egytourpackages.com\\\/wp-content\\\/uploads\\\/2023\\\/08\\\/White-desert-and-Bahariya-Oasis.jpg\",\"width\":2000,\"height\":1333,\"caption\":\"2 jours dans le D\u00e9sert Blanc et l'oasis de Bahariya depuis le Caire\"},{\"@type\":\"BreadcrumbList\",\"@id\":\"https:\\\/\\\/egytourpackages.com\\\/fr\\\/tours\\\/2-jours-dans-le-desert-blanc-et-loasis-de-bahariya-depuis-le-caire\\\/#breadcrumb\",\"itemListElement\":[{\"@type\":\"ListItem\",\"position\":1,\"name\":\"Home\",\"item\":\"https:\\\/\\\/egytourpackages.com\\\/fr\\\/circuits-en-egypte\\\/\"},{\"@type\":\"ListItem\",\"position\":2,\"name\":\"Shop\",\"item\":\"https:\\\/\\\/egytourpackages.com\\\/shop\\\/\"},{\"@type\":\"ListItem\",\"position\":3,\"name\":\"2 jours dans le D\u00e9sert Blanc et l&rsquo;oasis de Bahariya depuis le Caire\"}]},{\"@type\":\"WebSite\",\"@id\":\"https:\\\/\\\/egytourpackages.com\\\/fr\\\/#website\",\"url\":\"https:\\\/\\\/egytourpackages.com\\\/fr\\\/\",\"name\":\"Egy tour packages\",\"description\":\"\",\"publisher\":{\"@id\":\"https:\\\/\\\/egytourpackages.com\\\/fr\\\/#organization\"},\"potentialAction\":[{\"@type\":\"SearchAction\",\"target\":{\"@type\":\"EntryPoint\",\"urlTemplate\":\"https:\\\/\\\/egytourpackages.com\\\/fr\\\/?s={search_term_string}\"},\"query-input\":{\"@type\":\"PropertyValueSpecification\",\"valueRequired\":true,\"valueName\":\"search_term_string\"}}],\"inLanguage\":\"fr-FR\"},{\"@type\":[\"Organization\",\"Place\",\"TravelAgency\"],\"@id\":\"https:\\\/\\\/egytourpackages.com\\\/fr\\\/#organization\",\"name\":\"egypt tour packages\",\"alternateName\":\"egypt tour packages\",\"url\":\"https:\\\/\\\/egytourpackages.com\\\/fr\\\/\",\"logo\":{\"@id\":\"https:\\\/\\\/egytourpackages.com\\\/fr\\\/tours\\\/2-jours-dans-le-desert-blanc-et-loasis-de-bahariya-depuis-le-caire\\\/#local-main-organization-logo\"},\"image\":{\"@id\":\"https:\\\/\\\/egytourpackages.com\\\/fr\\\/tours\\\/2-jours-dans-le-desert-blanc-et-loasis-de-bahariya-depuis-le-caire\\\/#local-main-organization-logo\"},\"sameAs\":[\"https:\\\/\\\/www.facebook.com\\\/egytourpackages\"],\"legalName\":\"Egy tour packages\",\"address\":{\"@id\":\"https:\\\/\\\/egytourpackages.com\\\/fr\\\/tours\\\/2-jours-dans-le-desert-blanc-et-loasis-de-bahariya-depuis-le-caire\\\/#local-main-place-address\"},\"telephone\":[\"00201000852186\",\"00201028685533\"],\"contactPoint\":{\"@type\":\"ContactPoint\",\"telephone\":\"00201000852186\"},\"openingHoursSpecification\":[{\"@type\":\"OpeningHoursSpecification\",\"dayOfWeek\":[\"Monday\",\"Tuesday\",\"Wednesday\",\"Thursday\",\"Friday\",\"Saturday\",\"Sunday\"],\"opens\":\"00:00\",\"closes\":\"23:59\"}],\"email\":\"info@egytourpackages.com\",\"areaServed\":\"Cairo, Hurghada, Luxor, Sharm El Sheikh, Marsa Alam, Aswan\",\"priceRange\":\"$\",\"currenciesAccepted\":\"euro\",\"paymentAccepted\":\"Payment links online\"},{\"@type\":\"PostalAddress\",\"@id\":\"https:\\\/\\\/egytourpackages.com\\\/fr\\\/tours\\\/2-jours-dans-le-desert-blanc-et-loasis-de-bahariya-depuis-le-caire\\\/#local-main-place-address\",\"streetAddress\":\"Mubarak 8, Al Kawthar District, Hurghada\",\"addressLocality\":\"Hurghada\",\"postalCode\":\"84511\",\"addressRegion\":\"Red Sea\",\"addressCountry\":\"EG\"},{\"@type\":\"ImageObject\",\"inLanguage\":\"fr-FR\",\"@id\":\"https:\\\/\\\/egytourpackages.com\\\/fr\\\/tours\\\/2-jours-dans-le-desert-blanc-et-loasis-de-bahariya-depuis-le-caire\\\/#local-main-organization-logo\",\"url\":\"https:\\\/\\\/egytourpackages.com\\\/wp-content\\\/uploads\\\/2025\\\/12\\\/Turquoise-Dahabiya-Nile-Cruise-1.jpeg\",\"contentUrl\":\"https:\\\/\\\/egytourpackages.com\\\/wp-content\\\/uploads\\\/2025\\\/12\\\/Turquoise-Dahabiya-Nile-Cruise-1.jpeg\",\"width\":1040,\"height\":694,\"caption\":\"egypt tour packages\"}]}<\/script>\n<meta property=\"product:brand\" content=\"Excursions en \u00c9gypte\" \/>\n<meta property=\"product:price:amount\" content=\"150\" \/>\n<meta property=\"product:price:currency\" content=\"EUR\" \/>\n<meta property=\"og:availability\" content=\"instock\" \/>\n<meta property=\"product:availability\" content=\"instock\" \/>\n<meta property=\"product:retailer_item_id\" content=\"CDT01\" \/>\n<meta property=\"product:condition\" content=\"new\" \/>\n<meta name=\"geo.placename\" content=\"Hurghada\" \/>\n<meta name=\"geo.region\" content=\"\u00c9gypte\" \/>\n<!-- \/ Yoast SEO Premium plugin. -->","yoast_head_json":{"title":"2 jours dans le D\u00e9sert Blanc et l'oasis de Bahariya depuis le Caire","description":"2 jours dans le D\u00e9sert Blanc et l'oasis de Bahariya depuis le Caire. Safari en 4x4, camping sous les \u00e9toiles, D\u00e9sert Noir et sandboarding. R\u00e9servez","robots":{"index":"index","follow":"follow","max-snippet":"max-snippet:-1","max-image-preview":"max-image-preview:large","max-video-preview":"max-video-preview:-1"},"canonical":"https:\/\/egytourpackages.com\/fr\/tours\/2-jours-dans-le-desert-blanc-et-loasis-de-bahariya-depuis-le-caire\/","og_locale":"fr_FR","og_type":"article","og_title":"2 jours dans le D\u00e9sert Blanc et l'oasis de Bahariya depuis le Caire","og_description":"2 jours dans le D\u00e9sert Blanc et l'oasis de Bahariya depuis le Caire. Safari en 4x4, camping sous les \u00e9toiles, D\u00e9sert Noir et sandboarding. R\u00e9servez","og_url":"https:\/\/egytourpackages.com\/fr\/tours\/2-jours-dans-le-desert-blanc-et-loasis-de-bahariya-depuis-le-caire\/","og_site_name":"Egypt Tour Packages","article_publisher":"https:\/\/www.facebook.com\/egytourpackages","article_modified_time":"2026-01-27T01:02:09+00:00","og_image":[{"url":"https:\/\/egytourpackages.com\/wp-content\/uploads\/2023\/08\/White-desert-and-Bahariya-Oasis-1024x682.jpg","type":"","width":"","height":""}],"twitter_card":"summary_large_image","twitter_title":"2 jours dans le D\u00e9sert Blanc et l'oasis de Bahariya depuis le Caire","twitter_description":"2 jours dans le D\u00e9sert Blanc et l'oasis de Bahariya depuis le Caire. Safari en 4x4, camping sous les \u00e9toiles, D\u00e9sert Noir et sandboarding. R\u00e9servez","twitter_image":"https:\/\/egytourpackages.com\/wp-content\/uploads\/2023\/08\/White-desert-and-Bahariya-Oasis-1024x682.jpg","twitter_misc":{"Prix":"&euro;150","Disponibilit\u00e9":"En stock"},"schema":{"@context":"https:\/\/schema.org","@graph":[{"@type":"WebPage","@id":"https:\/\/egytourpackages.com\/fr\/tours\/2-jours-dans-le-desert-blanc-et-loasis-de-bahariya-depuis-le-caire\/","url":"https:\/\/egytourpackages.com\/fr\/tours\/2-jours-dans-le-desert-blanc-et-loasis-de-bahariya-depuis-le-caire\/","name":"2 jours dans le D\u00e9sert Blanc et l'oasis de Bahariya depuis le Caire","isPartOf":{"@id":"https:\/\/egytourpackages.com\/fr\/#website"},"primaryImageOfPage":{"@id":"https:\/\/egytourpackages.com\/fr\/tours\/2-jours-dans-le-desert-blanc-et-loasis-de-bahariya-depuis-le-caire\/#primaryimage"},"image":{"@id":"https:\/\/egytourpackages.com\/fr\/tours\/2-jours-dans-le-desert-blanc-et-loasis-de-bahariya-depuis-le-caire\/#primaryimage"},"thumbnailUrl":"https:\/\/egytourpackages.com\/wp-content\/uploads\/2023\/08\/White-desert-and-Bahariya-Oasis.jpg","datePublished":"2023-08-16T05:08:35+00:00","dateModified":"2026-01-27T01:02:09+00:00","description":"2 jours dans le D\u00e9sert Blanc et l'oasis de Bahariya depuis le Caire. Safari en 4x4, camping sous les \u00e9toiles, D\u00e9sert Noir et sandboarding. R\u00e9servez","breadcrumb":{"@id":"https:\/\/egytourpackages.com\/fr\/tours\/2-jours-dans-le-desert-blanc-et-loasis-de-bahariya-depuis-le-caire\/#breadcrumb"},"inLanguage":"fr-FR","potentialAction":[{"@type":"ReadAction","target":["https:\/\/egytourpackages.com\/fr\/tours\/2-jours-dans-le-desert-blanc-et-loasis-de-bahariya-depuis-le-caire\/"]}]},{"@type":"ImageObject","inLanguage":"fr-FR","@id":"https:\/\/egytourpackages.com\/fr\/tours\/2-jours-dans-le-desert-blanc-et-loasis-de-bahariya-depuis-le-caire\/#primaryimage","url":"https:\/\/egytourpackages.com\/wp-content\/uploads\/2023\/08\/White-desert-and-Bahariya-Oasis.jpg","contentUrl":"https:\/\/egytourpackages.com\/wp-content\/uploads\/2023\/08\/White-desert-and-Bahariya-Oasis.jpg","width":2000,"height":1333,"caption":"2 jours dans le D\u00e9sert Blanc et l'oasis de Bahariya depuis le Caire"},{"@type":"BreadcrumbList","@id":"https:\/\/egytourpackages.com\/fr\/tours\/2-jours-dans-le-desert-blanc-et-loasis-de-bahariya-depuis-le-caire\/#breadcrumb","itemListElement":[{"@type":"ListItem","position":1,"name":"Home","item":"https:\/\/egytourpackages.com\/fr\/circuits-en-egypte\/"},{"@type":"ListItem","position":2,"name":"Shop","item":"https:\/\/egytourpackages.com\/shop\/"},{"@type":"ListItem","position":3,"name":"2 jours dans le D\u00e9sert Blanc et l&rsquo;oasis de Bahariya depuis le Caire"}]},{"@type":"WebSite","@id":"https:\/\/egytourpackages.com\/fr\/#website","url":"https:\/\/egytourpackages.com\/fr\/","name":"Egy tour packages","description":"","publisher":{"@id":"https:\/\/egytourpackages.com\/fr\/#organization"},"potentialAction":[{"@type":"SearchAction","target":{"@type":"EntryPoint","urlTemplate":"https:\/\/egytourpackages.com\/fr\/?s={search_term_string}"},"query-input":{"@type":"PropertyValueSpecification","valueRequired":true,"valueName":"search_term_string"}}],"inLanguage":"fr-FR"},{"@type":["Organization","Place","TravelAgency"],"@id":"https:\/\/egytourpackages.com\/fr\/#organization","name":"egypt tour packages","alternateName":"egypt tour packages","url":"https:\/\/egytourpackages.com\/fr\/","logo":{"@id":"https:\/\/egytourpackages.com\/fr\/tours\/2-jours-dans-le-desert-blanc-et-loasis-de-bahariya-depuis-le-caire\/#local-main-organization-logo"},"image":{"@id":"https:\/\/egytourpackages.com\/fr\/tours\/2-jours-dans-le-desert-blanc-et-loasis-de-bahariya-depuis-le-caire\/#local-main-organization-logo"},"sameAs":["https:\/\/www.facebook.com\/egytourpackages"],"legalName":"Egy tour packages","address":{"@id":"https:\/\/egytourpackages.com\/fr\/tours\/2-jours-dans-le-desert-blanc-et-loasis-de-bahariya-depuis-le-caire\/#local-main-place-address"},"telephone":["00201000852186","00201028685533"],"contactPoint":{"@type":"ContactPoint","telephone":"00201000852186"},"openingHoursSpecification":[{"@type":"OpeningHoursSpecification","dayOfWeek":["Monday","Tuesday","Wednesday","Thursday","Friday","Saturday","Sunday"],"opens":"00:00","closes":"23:59"}],"email":"info@egytourpackages.com","areaServed":"Cairo, Hurghada, Luxor, Sharm El Sheikh, Marsa Alam, Aswan","priceRange":"$","currenciesAccepted":"euro","paymentAccepted":"Payment links online"},{"@type":"PostalAddress","@id":"https:\/\/egytourpackages.com\/fr\/tours\/2-jours-dans-le-desert-blanc-et-loasis-de-bahariya-depuis-le-caire\/#local-main-place-address","streetAddress":"Mubarak 8, Al Kawthar District, Hurghada","addressLocality":"Hurghada","postalCode":"84511","addressRegion":"Red Sea","addressCountry":"EG"},{"@type":"ImageObject","inLanguage":"fr-FR","@id":"https:\/\/egytourpackages.com\/fr\/tours\/2-jours-dans-le-desert-blanc-et-loasis-de-bahariya-depuis-le-caire\/#local-main-organization-logo","url":"https:\/\/egytourpackages.com\/wp-content\/uploads\/2025\/12\/Turquoise-Dahabiya-Nile-Cruise-1.jpeg","contentUrl":"https:\/\/egytourpackages.com\/wp-content\/uploads\/2025\/12\/Turquoise-Dahabiya-Nile-Cruise-1.jpeg","width":1040,"height":694,"caption":"egypt tour packages"}]},"product_brand":"Excursions en \u00c9gypte","product_price_amount":"150","product_price_currency":"EUR","og_availability":"instock","product_availability":"instock","product_retailer_item_id":"CDT01","product_condition":"new","geo.placename":"Hurghada","geo.region":"\u00c9gypte"},"_links":{"self":[{"href":"https:\/\/egytourpackages.com\/fr\/wp-json\/wp\/v2\/product\/12875","targetHints":{"allow":["GET"]}}],"collection":[{"href":"https:\/\/egytourpackages.com\/fr\/wp-json\/wp\/v2\/product"}],"about":[{"href":"https:\/\/egytourpackages.com\/fr\/wp-json\/wp\/v2\/types\/product"}],"replies":[{"embeddable":true,"href":"https:\/\/egytourpackages.com\/fr\/wp-json\/wp\/v2\/comments?post=12875"}],"wp:featuredmedia":[{"embeddable":true,"href":"https:\/\/egytourpackages.com\/fr\/wp-json\/wp\/v2\/media\/10071"}],"wp:attachment":[{"href":"https:\/\/egytourpackages.com\/fr\/wp-json\/wp\/v2\/media?parent=12875"}],"wp:term":[{"taxonomy":"product_brand","embeddable":true,"href":"https:\/\/egytourpackages.com\/fr\/wp-json\/wp\/v2\/product_brand?post=12875"},{"taxonomy":"product_cat","embeddable":true,"href":"https:\/\/egytourpackages.com\/fr\/wp-json\/wp\/v2\/product_cat?post=12875"},{"taxonomy":"product_tag","embeddable":true,"href":"https:\/\/egytourpackages.com\/fr\/wp-json\/wp\/v2\/product_tag?post=12875"}],"curies":[{"name":"wp","href":"https:\/\/api.w.org\/{rel}","templated":true}]}}