{"id":13458,"date":"2023-05-17T07:49:35","date_gmt":"2023-05-17T07:49:35","guid":{"rendered":"https:\/\/egytourpackages.com\/product\/excursion-privee-dune-journee-au-caire-depuis-soma-bay\/"},"modified":"2026-01-28T02:58:13","modified_gmt":"2026-01-28T02:58:13","slug":"excursion-privee-dune-journee-au-caire-depuis-soma-bay","status":"publish","type":"product","link":"https:\/\/egytourpackages.com\/fr\/tours\/excursion-privee-dune-journee-au-caire-depuis-soma-bay\/","title":{"rendered":"Excursion Priv\u00e9e d&rsquo;une Journ\u00e9e au Caire depuis Soma Bay"},"content":{"rendered":"<p><span style=\"color: #ff6600;\"><strong>Excursion Priv\u00e9e d&rsquo;une Journ\u00e9e au Caire depuis Soma Bay | Pyramides et Grand Mus\u00e9e<\/strong><\/span><\/p>\n<p>Une <strong>excursion priv\u00e9e d&rsquo;une journ\u00e9e au Caire depuis Soma Bay<\/strong> est le moyen id\u00e9al d&rsquo;explorer les merveilles antiques lors de nos <strong>circuits en \u00c9gypte<\/strong>. En visitant le Caire, vous faites d&rsquo;une pierre deux coups : vous d\u00e9couvrez la capitale vibrante et certains des monuments les plus c\u00e9l\u00e8bres au monde.<\/p>\n<p>Si vous souhaitez approfondir vos connaissances sur l&rsquo;<strong>histoire de l&rsquo;\u00c9gypte ancienne<\/strong>, notamment la <strong>IVe dynastie<\/strong> de l&rsquo;<strong>Ancien Empire<\/strong>, ce circuit est fait pour vous.<\/p>\n<p>Accompagn\u00e9 de votre guide priv\u00e9, apprenez-en davantage sur la construction des pyramides, la <strong>civilisation \u00e9gyptienne antique<\/strong> et les pharaons b\u00e2tisseurs.<\/p>\n<p>De plus, nos <strong>excursions depuis Soma Bay<\/strong> incluent la visite de la <strong>pyramide de Kh\u00e9phren<\/strong> et de la <strong>pyramide de Myk\u00e9rinos<\/strong>. Vous verrez \u00e9galement les <strong>pyramides satellites<\/strong> (ou pyramides subsidiaires) situ\u00e9es aux c\u00f4t\u00e9s des monuments principaux.<\/p>\n<p>Ce n&rsquo;est pas tout : sur le <strong>plateau de Gizeh<\/strong>, vous pourrez visiter certaines <strong>tombes des b\u00e2tisseurs de pyramides<\/strong> et admirer les reliefs hi\u00e9roglyphiques sur leurs parois.<\/p>\n<p>Nos <strong>excursions d&rsquo;une journ\u00e9e en \u00c9gypte<\/strong> comprennent aussi la visite du <strong>Grand Mus\u00e9e \u00c9gyptien<\/strong>. Vous pourrez y admirer, pour la premi\u00e8re fois en un seul lieu, les 5 300 pi\u00e8ces du tr\u00e9sor trouv\u00e9 dans la <strong>tombe de Tout\u00e2nkhamon<\/strong>.<\/p>\n<p>Le mus\u00e9e est l&rsquo;endroit id\u00e9al pour tout savoir sur la <strong>momification dans l&rsquo;\u00c9gypte ancienne<\/strong>, les sarcophages, les statues, les bijoux et bien plus encore.<\/p>\n<h3><span style=\"color: #ff6600;\">D\u00e9tails du circuit<\/span><\/h3>\n<ul>\n<li>Dur\u00e9e : 19 heures<\/li>\n<li>Lieu du circuit : Le Caire<\/li>\n<li>Disponibilit\u00e9 : quotidienne sur demande.<\/li>\n<li>Prise en charge et retour : h\u00f4tels de Soma Bay<\/li>\n<li>Type de circuit : priv\u00e9.<\/li>\n<li>Accessibilit\u00e9 : Accessible en fauteuil roulant.<\/li>\n<\/ul>\n<h3><span style=\"color: #ff6600;\">Points forts du circuit<\/span><\/h3>\n<ul>\n<li>Grand Mus\u00e9e \u00c9gyptien (GEM)<\/li>\n<li>Pyramides de Gizeh<\/li>\n<li>Le Grand Sphinx<\/li>\n<li>Temple de la momification<\/li>\n<li>D\u00e9jeuner de qualit\u00e9<\/li>\n<\/ul>\n<h3><span style=\"color: #ff6600;\">Inclusions<\/span><\/h3>\n<ul>\n<li>Transfert priv\u00e9 dans un v\u00e9hicule neuf et climatis\u00e9.<\/li>\n<li>Frais d&rsquo;entr\u00e9e pour toutes les visites mentionn\u00e9es au programme.<\/li>\n<li>D\u00e9jeuner de qualit\u00e9 dans un restaurant local.<\/li>\n<li>Guide arch\u00e9ologue expert et passionn\u00e9.<\/li>\n<li>Eau min\u00e9rale durant la journ\u00e9e.<\/li>\n<\/ul>\n<h3><span style=\"color: #ff6600;\">Exclusions<\/span><\/h3>\n<ul>\n<li>Frais d&rsquo;entr\u00e9e pour l&rsquo;int\u00e9rieur de la pyramide de Kh\u00e9ops.<\/li>\n<li>Frais d&rsquo;entr\u00e9e pour l&rsquo;int\u00e9rieur de la pyramide de Kh\u00e9phren.<\/li>\n<li>Boissons pendant le d\u00e9jeuner.<\/li>\n<li>Pourboires pour le guide et le chauffeur.<\/li>\n<\/ul>\n<h3><span style=\"color: #ff6600;\">\u00c0 emporter<\/span><\/h3>\n<ul>\n<li>Chaussures et v\u00eatements confortables.<\/li>\n<li>Chapeau ou casquette.<\/li>\n<li>Lunettes de soleil.<\/li>\n<li>Cr\u00e8me solaire.<\/li>\n<li>Veste chaude en hiver.<\/li>\n<\/ul>\n<h2><span style=\"color: #ff6600;\">Itin\u00e9raire\u00a0<\/span><\/h2>\n<h3><span style=\"color: #ff6600;\">02h00 : Prise en charge \u00e0 l&rsquo;h\u00f4tel de Soma Bay<\/span><\/h3>\n<p>Votre aventure commence par un transfert priv\u00e9 confortable directement depuis votre h\u00f4tel. Pensez \u00e0 commander vos paniers de petit-d\u00e9jeuner \u00e0 la r\u00e9ception la veille. Ce d\u00e9part matinal vous garantit de profiter pleinement de chaque instant de votre <strong>visite priv\u00e9e du Caire<\/strong>.<\/p>\n<h3><span style=\"color: #ff6600;\">03h00 : Passage du point de contr\u00f4le<\/span><\/h3>\n<p>Apr\u00e8s avoir pass\u00e9 le point de contr\u00f4le d&rsquo;El Gouna, au nord d&rsquo;Hurghada, votre voyage vers le Caire commence officiellement. Profitez-en pour vous reposer avant la pause caf\u00e9.<\/p>\n<h3><span style=\"color: #ff6600;\">06h00 : Pause rafra\u00eechissement au relais de Zaafarana<\/span><\/h3>\n<p>Apr\u00e8s trois heures de route, une pause est pr\u00e9vue au <strong>Zaafarana Rest House<\/strong>. Vous pourrez y utiliser les toilettes (pr\u00e9voir environ 20 EGP), prendre un caf\u00e9 et savourer votre petit-d\u00e9jeuner.<\/p>\n<h3><span style=\"color: #ff6600;\">06h30 : Reprise de la route vers le Caire<\/span><\/h3>\n<p>Le trajet continue vers la capitale, avec l&rsquo;impatience de d\u00e9couvrir les sites incroyables qui vous attendent.<\/p>\n<h3><span style=\"color: #ff6600;\">09h00 : Exploration du Grand Mus\u00e9e \u00c9gyptien (GEM)<\/span><\/h3>\n<p>Votre visite commence par le magnifique <strong>Grand Mus\u00e9e \u00c9gyptien (GEM)<\/strong>, souvent appel\u00e9 <strong>Mus\u00e9e de Gizeh<\/strong>. En tant que plus grand mus\u00e9e arch\u00e9ologique au monde, c&rsquo;est une merveille moderne abritant les tr\u00e9sors les plus pr\u00e9cieux d&rsquo;\u00c9gypte, dont la collection compl\u00e8te du <strong>roi Tout\u00e2nkhamon<\/strong>.<\/p>\n<h3><span style=\"color: #ff6600;\">Ce qu&rsquo;il ne faut pas manquer au GEM :<\/span><\/h3>\n<ul>\n<li><strong>L&rsquo;ob\u00e9lisque suspendu :<\/strong> Le premier au monde \u00e0 \u00eatre expos\u00e9 ainsi. On peut se tenir dessous pour admirer les cartouches de <strong>Rams\u00e8s II<\/strong>.<\/li>\n<li><strong>Le Grand Escalier :<\/strong> Plus de 60 pi\u00e8ces th\u00e9matiques retra\u00e7ant le pouvoir, la divinit\u00e9 et l&rsquo;au-del\u00e0. Le sommet offre une vue panoramique \u00e9poustouflante sur les pyramides.<\/li>\n<li><strong>Plus de 100 000 objets :<\/strong> Les galeries couvrent toute l&rsquo;histoire, de l&rsquo;\u00e9poque pr\u00e9dynastique \u00e0 la p\u00e9riode gr\u00e9co-romaine.<\/li>\n<li><strong>La collection de Tout\u00e2nkhamon :<\/strong> Le sarcophage en or, le masque d&rsquo;or, le tr\u00f4ne et les vases canopes sont r\u00e9unis pour la premi\u00e8re fois.<\/li>\n<li><strong>La Barque Solaire (Navire de Kh\u00e9ops) :<\/strong> D\u00e9couverte en 1954, elle a \u00e9t\u00e9 transf\u00e9r\u00e9e au GEM en 2021 et b\u00e9n\u00e9ficie d&rsquo;une mise en sc\u00e8ne technologique unique.<\/li>\n<\/ul>\n<h3><span style=\"color: #ff6600;\">11h00 : D\u00e9jeuner local d\u00e9licieux<\/span><\/h3>\n<p>Apr\u00e8s le mus\u00e9e, savourez un excellent repas dans un restaurant local \u00e0 proximit\u00e9 des pyramides de Gizeh.<\/p>\n<h3><span style=\"color: #ff6600;\">12h00 : D\u00e9couverte des Pyramides de Gizeh et du Grand Sphinx<\/span><\/h3>\n<p>Le clou de tout <strong>voyage en \u00c9gypte<\/strong> est le <strong>complexe des pyramides de Gizeh<\/strong>, l&rsquo;une des sept merveilles du monde antique et site class\u00e9 au patrimoine mondial de l&rsquo;<strong>UNESCO<\/strong>.<\/p>\n<h3><span style=\"color: #ff6600;\">\u00c0 voir aux Pyramides de Gizeh :<\/span><\/h3>\n<ul>\n<li><strong>La Grande Pyramide de Kh\u00e9ops :<\/strong> La plus grande et la plus ancienne, exploit in\u00e9gal\u00e9 de l&rsquo;ing\u00e9nierie antique.<\/li>\n<li><strong>La Pyramide de Kh\u00e9phren :<\/strong> Facilement identifiable gr\u00e2ce aux restes de son rev\u00eatement d&rsquo;origine au sommet.<\/li>\n<li><strong>La Pyramide de Myk\u00e9rinos :<\/strong> La plus petite des trois, c\u00e9l\u00e8bre pour son rev\u00eatement inf\u00e9rieur en granit rouge.<\/li>\n<li><strong>Le Temple de la Vall\u00e9e :<\/strong> Lieu essentiel pour le <strong>processus de momification<\/strong> et les rituels de purification.<\/li>\n<li><strong>Le Grand Sphinx :<\/strong> Cr\u00e9ature mythique au corps de lion et \u00e0 t\u00eate humaine, sculpt\u00e9e dans un seul bloc de calcaire.<\/li>\n<li><strong>Vues panoramiques :<\/strong> Capturez des photos incroyables depuis le point panoramique offrant une vue sur les 6 pyramides align\u00e9es.<\/li>\n<\/ul>\n<h3><span style=\"color: #ff6600;\">Activit\u00e9s optionnelles :<\/span><\/h3>\n<p>Votre guide peut vous aider si vous souhaitez faire une <strong>balade \u00e0 chameau<\/strong> dans le d\u00e9sert ou explorer l&rsquo;int\u00e9rieur d&rsquo;une pyramide (sous r\u00e9serve de disponibilit\u00e9 et de billet suppl\u00e9mentaire).<\/p>\n<h3><span style=\"color: #ff6600;\">Prix de l&rsquo;excursion priv\u00e9e au Caire depuis Soma Bay<\/span><\/h3>\n<ul>\n<li>Prix total : 170 \u20ac par personne.<\/li>\n<\/ul>\n<h3><span style=\"color: #ff6600;\">R\u00e9servation<\/span><\/h3>\n<p>R\u00e9servez votre tour via WhatsApp ou par email pour recevoir une confirmation imm\u00e9diate.<\/p>\n<p>Merci de nous fournir le nom de votre h\u00f4tel, votre num\u00e9ro de chambre et une copie de vos passeports.<\/p>\n<p>WhatsApp : +20 1000852186.<\/p>\n<p>E-mail : info@egytourpackages.com<\/p>\n<h3><span style=\"color: #ff6600;\">R\u00e9servez maintenant et payez sur place !<\/span><\/h3>\n<p>R\u00e9glez le jour m\u00eame de votre excursion.<\/p>\n<h3><span style=\"color: #ff6600;\">Politique d&rsquo;annulation<\/span><\/h3>\n<ul>\n<li>Annulation gratuite jusqu&rsquo;\u00e0 24 heures \u00e0 l&rsquo;avance.<\/li>\n<li>Annulation le matin m\u00eame : 50 % du prix total.<\/li>\n<\/ul>\n","protected":false},"excerpt":{"rendered":"<p>R\u00e9servez votre Excursion Priv\u00e9e d&rsquo;une Journ\u00e9e au Caire depuis Soma Bay. Explorez les Pyramides de Gizeh et le Grand Mus\u00e9e avec un guide expert. Prix garanti<\/p>\n","protected":false},"featured_media":13459,"comment_status":"open","ping_status":"closed","template":"","meta":[],"product_brand":[],"product_cat":[3124],"product_tag":[3354,3241],"class_list":{"0":"post-13458","1":"product","2":"type-product","3":"status-publish","4":"has-post-thumbnail","6":"product_cat-tours-fr","7":"product_tag-excursions-dans-la-baie-de-soma","8":"product_tag-pyramides-de-gizeh","9":"tour_category-excursions-au-caire-au-depart-dhurghada","10":"tour_category-excursions-en-egypte-fr","11":"tour_category-excursions-soma-bay-fr","13":"first","14":"instock","15":"sale","16":"shipping-taxable","17":"purchasable","18":"product-type-tour","19":"has-default-attributes"},"yoast_head":"<!-- This site is optimized with the Yoast SEO Premium plugin v27.4 (Yoast SEO v27.4) - https:\/\/yoast.com\/product\/yoast-seo-premium-wordpress\/ -->\n<title>Excursion Priv\u00e9e d&#039;une Journ\u00e9e au Caire depuis Soma Bay<\/title>\n<meta name=\"description\" content=\"R\u00e9servez votre Excursion Priv\u00e9e d&#039;une Journ\u00e9e au Caire depuis Soma Bay. Explorez les Pyramides de Gizeh et le Grand Mus\u00e9e avec un guide expert. Prix garanti\" \/>\n<meta name=\"robots\" content=\"index, follow, max-snippet:-1, max-image-preview:large, max-video-preview:-1\" \/>\n<link rel=\"canonical\" href=\"https:\/\/egytourpackages.com\/fr\/tours\/excursion-privee-dune-journee-au-caire-depuis-soma-bay\/\" \/>\n<meta property=\"og:locale\" content=\"fr_FR\" \/>\n<meta property=\"og:type\" content=\"article\" \/>\n<meta property=\"og:title\" content=\"Excursion Priv\u00e9e d&#039;une Journ\u00e9e au Caire depuis Soma Bay\" \/>\n<meta property=\"og:description\" content=\"R\u00e9servez votre Excursion Priv\u00e9e d&#039;une Journ\u00e9e au Caire depuis Soma Bay. Explorez les Pyramides de Gizeh et le Grand Mus\u00e9e avec un guide expert. Prix garanti\" \/>\n<meta property=\"og:url\" content=\"https:\/\/egytourpackages.com\/fr\/tours\/excursion-privee-dune-journee-au-caire-depuis-soma-bay\/\" \/>\n<meta property=\"og:site_name\" content=\"Egypt Tour Packages\" \/>\n<meta property=\"article:publisher\" content=\"https:\/\/www.facebook.com\/egytourpackages\" \/>\n<meta property=\"article:modified_time\" content=\"2026-01-28T02:58:13+00:00\" \/>\n<meta property=\"og:image\" content=\"https:\/\/egytourpackages.com\/wp-content\/uploads\/2023\/05\/Giza-Pyramids.jpg\" \/>\n<meta name=\"twitter:card\" content=\"summary_large_image\" \/>\n<meta name=\"twitter:title\" content=\"Excursion Priv\u00e9e d&#039;une Journ\u00e9e au Caire depuis Soma Bay\" \/>\n<meta name=\"twitter:label1\" content=\"Prix\" \/>\n\t<meta name=\"twitter:data1\" content=\"&euro;160\" \/>\n\t<meta name=\"twitter:label2\" content=\"Disponibilit\u00e9\" \/>\n\t<meta name=\"twitter:data2\" content=\"En stock\" \/>\n<script type=\"application\/ld+json\" class=\"yoast-schema-graph\">{\"@context\":\"https:\\\/\\\/schema.org\",\"@graph\":[{\"@type\":\"WebPage\",\"@id\":\"https:\\\/\\\/egytourpackages.com\\\/fr\\\/tours\\\/excursion-privee-dune-journee-au-caire-depuis-soma-bay\\\/\",\"url\":\"https:\\\/\\\/egytourpackages.com\\\/fr\\\/tours\\\/excursion-privee-dune-journee-au-caire-depuis-soma-bay\\\/\",\"name\":\"Excursion Priv\u00e9e d'une Journ\u00e9e au Caire depuis Soma Bay\",\"isPartOf\":{\"@id\":\"https:\\\/\\\/egytourpackages.com\\\/fr\\\/#website\"},\"primaryImageOfPage\":{\"@id\":\"https:\\\/\\\/egytourpackages.com\\\/fr\\\/tours\\\/excursion-privee-dune-journee-au-caire-depuis-soma-bay\\\/#primaryimage\"},\"image\":{\"@id\":\"https:\\\/\\\/egytourpackages.com\\\/fr\\\/tours\\\/excursion-privee-dune-journee-au-caire-depuis-soma-bay\\\/#primaryimage\"},\"thumbnailUrl\":\"https:\\\/\\\/egytourpackages.com\\\/wp-content\\\/uploads\\\/2023\\\/05\\\/Giza-Pyramids.jpg\",\"datePublished\":\"2023-05-17T07:49:35+00:00\",\"dateModified\":\"2026-01-28T02:58:13+00:00\",\"description\":\"R\u00e9servez votre Excursion Priv\u00e9e d'une Journ\u00e9e au Caire depuis Soma Bay. Explorez les Pyramides de Gizeh et le Grand Mus\u00e9e avec un guide expert. Prix garanti\",\"breadcrumb\":{\"@id\":\"https:\\\/\\\/egytourpackages.com\\\/fr\\\/tours\\\/excursion-privee-dune-journee-au-caire-depuis-soma-bay\\\/#breadcrumb\"},\"inLanguage\":\"fr-FR\",\"potentialAction\":[{\"@type\":\"ReadAction\",\"target\":[\"https:\\\/\\\/egytourpackages.com\\\/fr\\\/tours\\\/excursion-privee-dune-journee-au-caire-depuis-soma-bay\\\/\"]}]},{\"@type\":\"ImageObject\",\"inLanguage\":\"fr-FR\",\"@id\":\"https:\\\/\\\/egytourpackages.com\\\/fr\\\/tours\\\/excursion-privee-dune-journee-au-caire-depuis-soma-bay\\\/#primaryimage\",\"url\":\"https:\\\/\\\/egytourpackages.com\\\/wp-content\\\/uploads\\\/2023\\\/05\\\/Giza-Pyramids.jpg\",\"contentUrl\":\"https:\\\/\\\/egytourpackages.com\\\/wp-content\\\/uploads\\\/2023\\\/05\\\/Giza-Pyramids.jpg\",\"width\":1000,\"height\":667,\"caption\":\"Pyramides de Gizeh\"},{\"@type\":\"BreadcrumbList\",\"@id\":\"https:\\\/\\\/egytourpackages.com\\\/fr\\\/tours\\\/excursion-privee-dune-journee-au-caire-depuis-soma-bay\\\/#breadcrumb\",\"itemListElement\":[{\"@type\":\"ListItem\",\"position\":1,\"name\":\"Home\",\"item\":\"https:\\\/\\\/egytourpackages.com\\\/fr\\\/circuits-en-egypte\\\/\"},{\"@type\":\"ListItem\",\"position\":2,\"name\":\"Shop\",\"item\":\"https:\\\/\\\/egytourpackages.com\\\/shop\\\/\"},{\"@type\":\"ListItem\",\"position\":3,\"name\":\"Excursion Priv\u00e9e d&rsquo;une Journ\u00e9e au Caire depuis Soma Bay\"}]},{\"@type\":\"WebSite\",\"@id\":\"https:\\\/\\\/egytourpackages.com\\\/fr\\\/#website\",\"url\":\"https:\\\/\\\/egytourpackages.com\\\/fr\\\/\",\"name\":\"Egy tour packages\",\"description\":\"\",\"publisher\":{\"@id\":\"https:\\\/\\\/egytourpackages.com\\\/fr\\\/#organization\"},\"potentialAction\":[{\"@type\":\"SearchAction\",\"target\":{\"@type\":\"EntryPoint\",\"urlTemplate\":\"https:\\\/\\\/egytourpackages.com\\\/fr\\\/?s={search_term_string}\"},\"query-input\":{\"@type\":\"PropertyValueSpecification\",\"valueRequired\":true,\"valueName\":\"search_term_string\"}}],\"inLanguage\":\"fr-FR\"},{\"@type\":[\"Organization\",\"Place\",\"TravelAgency\"],\"@id\":\"https:\\\/\\\/egytourpackages.com\\\/fr\\\/#organization\",\"name\":\"egypt tour packages\",\"alternateName\":\"egypt tour packages\",\"url\":\"https:\\\/\\\/egytourpackages.com\\\/fr\\\/\",\"logo\":{\"@id\":\"https:\\\/\\\/egytourpackages.com\\\/fr\\\/tours\\\/excursion-privee-dune-journee-au-caire-depuis-soma-bay\\\/#local-main-organization-logo\"},\"image\":{\"@id\":\"https:\\\/\\\/egytourpackages.com\\\/fr\\\/tours\\\/excursion-privee-dune-journee-au-caire-depuis-soma-bay\\\/#local-main-organization-logo\"},\"sameAs\":[\"https:\\\/\\\/www.facebook.com\\\/egytourpackages\"],\"legalName\":\"Egy tour packages\",\"address\":{\"@id\":\"https:\\\/\\\/egytourpackages.com\\\/fr\\\/tours\\\/excursion-privee-dune-journee-au-caire-depuis-soma-bay\\\/#local-main-place-address\"},\"telephone\":[\"00201000852186\",\"00201028685533\"],\"contactPoint\":{\"@type\":\"ContactPoint\",\"telephone\":\"00201000852186\"},\"openingHoursSpecification\":[{\"@type\":\"OpeningHoursSpecification\",\"dayOfWeek\":[\"Monday\",\"Tuesday\",\"Wednesday\",\"Thursday\",\"Friday\",\"Saturday\",\"Sunday\"],\"opens\":\"00:00\",\"closes\":\"23:59\"}],\"email\":\"info@egytourpackages.com\",\"areaServed\":\"Cairo, Hurghada, Luxor, Sharm El Sheikh, Marsa Alam, Aswan\",\"priceRange\":\"$\",\"currenciesAccepted\":\"euro\",\"paymentAccepted\":\"Payment links online\"},{\"@type\":\"PostalAddress\",\"@id\":\"https:\\\/\\\/egytourpackages.com\\\/fr\\\/tours\\\/excursion-privee-dune-journee-au-caire-depuis-soma-bay\\\/#local-main-place-address\",\"streetAddress\":\"Mubarak 8, Al Kawthar District, Hurghada\",\"addressLocality\":\"Hurghada\",\"postalCode\":\"84511\",\"addressRegion\":\"Red Sea\",\"addressCountry\":\"EG\"},{\"@type\":\"ImageObject\",\"inLanguage\":\"fr-FR\",\"@id\":\"https:\\\/\\\/egytourpackages.com\\\/fr\\\/tours\\\/excursion-privee-dune-journee-au-caire-depuis-soma-bay\\\/#local-main-organization-logo\",\"url\":\"https:\\\/\\\/egytourpackages.com\\\/wp-content\\\/uploads\\\/2025\\\/12\\\/Turquoise-Dahabiya-Nile-Cruise-1.jpeg\",\"contentUrl\":\"https:\\\/\\\/egytourpackages.com\\\/wp-content\\\/uploads\\\/2025\\\/12\\\/Turquoise-Dahabiya-Nile-Cruise-1.jpeg\",\"width\":1040,\"height\":694,\"caption\":\"egypt tour packages\"}]}<\/script>\n<meta property=\"product:brand\" content=\"Excursions au Caire au d\u00e9part d&#039;Hurghada\" \/>\n<meta property=\"product:price:amount\" content=\"160\" \/>\n<meta property=\"product:price:currency\" content=\"EUR\" \/>\n<meta property=\"og:availability\" content=\"instock\" \/>\n<meta property=\"product:availability\" content=\"instock\" \/>\n<meta property=\"product:retailer_item_id\" content=\"SBE08\" \/>\n<meta property=\"product:condition\" content=\"new\" \/>\n<meta name=\"geo.placename\" content=\"Hurghada\" \/>\n<meta name=\"geo.region\" content=\"\u00c9gypte\" \/>\n<!-- \/ Yoast SEO Premium plugin. -->","yoast_head_json":{"title":"Excursion Priv\u00e9e d'une Journ\u00e9e au Caire depuis Soma Bay","description":"R\u00e9servez votre Excursion Priv\u00e9e d'une Journ\u00e9e au Caire depuis Soma Bay. Explorez les Pyramides de Gizeh et le Grand Mus\u00e9e avec un guide expert. Prix garanti","robots":{"index":"index","follow":"follow","max-snippet":"max-snippet:-1","max-image-preview":"max-image-preview:large","max-video-preview":"max-video-preview:-1"},"canonical":"https:\/\/egytourpackages.com\/fr\/tours\/excursion-privee-dune-journee-au-caire-depuis-soma-bay\/","og_locale":"fr_FR","og_type":"article","og_title":"Excursion Priv\u00e9e d'une Journ\u00e9e au Caire depuis Soma Bay","og_description":"R\u00e9servez votre Excursion Priv\u00e9e d'une Journ\u00e9e au Caire depuis Soma Bay. Explorez les Pyramides de Gizeh et le Grand Mus\u00e9e avec un guide expert. Prix garanti","og_url":"https:\/\/egytourpackages.com\/fr\/tours\/excursion-privee-dune-journee-au-caire-depuis-soma-bay\/","og_site_name":"Egypt Tour Packages","article_publisher":"https:\/\/www.facebook.com\/egytourpackages","article_modified_time":"2026-01-28T02:58:13+00:00","og_image":[{"url":"https:\/\/egytourpackages.com\/wp-content\/uploads\/2023\/05\/Giza-Pyramids.jpg","type":"","width":"","height":""}],"twitter_card":"summary_large_image","twitter_title":"Excursion Priv\u00e9e d'une Journ\u00e9e au Caire depuis Soma Bay","twitter_misc":{"Prix":"&euro;160","Disponibilit\u00e9":"En stock"},"schema":{"@context":"https:\/\/schema.org","@graph":[{"@type":"WebPage","@id":"https:\/\/egytourpackages.com\/fr\/tours\/excursion-privee-dune-journee-au-caire-depuis-soma-bay\/","url":"https:\/\/egytourpackages.com\/fr\/tours\/excursion-privee-dune-journee-au-caire-depuis-soma-bay\/","name":"Excursion Priv\u00e9e d'une Journ\u00e9e au Caire depuis Soma Bay","isPartOf":{"@id":"https:\/\/egytourpackages.com\/fr\/#website"},"primaryImageOfPage":{"@id":"https:\/\/egytourpackages.com\/fr\/tours\/excursion-privee-dune-journee-au-caire-depuis-soma-bay\/#primaryimage"},"image":{"@id":"https:\/\/egytourpackages.com\/fr\/tours\/excursion-privee-dune-journee-au-caire-depuis-soma-bay\/#primaryimage"},"thumbnailUrl":"https:\/\/egytourpackages.com\/wp-content\/uploads\/2023\/05\/Giza-Pyramids.jpg","datePublished":"2023-05-17T07:49:35+00:00","dateModified":"2026-01-28T02:58:13+00:00","description":"R\u00e9servez votre Excursion Priv\u00e9e d'une Journ\u00e9e au Caire depuis Soma Bay. Explorez les Pyramides de Gizeh et le Grand Mus\u00e9e avec un guide expert. Prix garanti","breadcrumb":{"@id":"https:\/\/egytourpackages.com\/fr\/tours\/excursion-privee-dune-journee-au-caire-depuis-soma-bay\/#breadcrumb"},"inLanguage":"fr-FR","potentialAction":[{"@type":"ReadAction","target":["https:\/\/egytourpackages.com\/fr\/tours\/excursion-privee-dune-journee-au-caire-depuis-soma-bay\/"]}]},{"@type":"ImageObject","inLanguage":"fr-FR","@id":"https:\/\/egytourpackages.com\/fr\/tours\/excursion-privee-dune-journee-au-caire-depuis-soma-bay\/#primaryimage","url":"https:\/\/egytourpackages.com\/wp-content\/uploads\/2023\/05\/Giza-Pyramids.jpg","contentUrl":"https:\/\/egytourpackages.com\/wp-content\/uploads\/2023\/05\/Giza-Pyramids.jpg","width":1000,"height":667,"caption":"Pyramides de Gizeh"},{"@type":"BreadcrumbList","@id":"https:\/\/egytourpackages.com\/fr\/tours\/excursion-privee-dune-journee-au-caire-depuis-soma-bay\/#breadcrumb","itemListElement":[{"@type":"ListItem","position":1,"name":"Home","item":"https:\/\/egytourpackages.com\/fr\/circuits-en-egypte\/"},{"@type":"ListItem","position":2,"name":"Shop","item":"https:\/\/egytourpackages.com\/shop\/"},{"@type":"ListItem","position":3,"name":"Excursion Priv\u00e9e d&rsquo;une Journ\u00e9e au Caire depuis Soma Bay"}]},{"@type":"WebSite","@id":"https:\/\/egytourpackages.com\/fr\/#website","url":"https:\/\/egytourpackages.com\/fr\/","name":"Egy tour packages","description":"","publisher":{"@id":"https:\/\/egytourpackages.com\/fr\/#organization"},"potentialAction":[{"@type":"SearchAction","target":{"@type":"EntryPoint","urlTemplate":"https:\/\/egytourpackages.com\/fr\/?s={search_term_string}"},"query-input":{"@type":"PropertyValueSpecification","valueRequired":true,"valueName":"search_term_string"}}],"inLanguage":"fr-FR"},{"@type":["Organization","Place","TravelAgency"],"@id":"https:\/\/egytourpackages.com\/fr\/#organization","name":"egypt tour packages","alternateName":"egypt tour packages","url":"https:\/\/egytourpackages.com\/fr\/","logo":{"@id":"https:\/\/egytourpackages.com\/fr\/tours\/excursion-privee-dune-journee-au-caire-depuis-soma-bay\/#local-main-organization-logo"},"image":{"@id":"https:\/\/egytourpackages.com\/fr\/tours\/excursion-privee-dune-journee-au-caire-depuis-soma-bay\/#local-main-organization-logo"},"sameAs":["https:\/\/www.facebook.com\/egytourpackages"],"legalName":"Egy tour packages","address":{"@id":"https:\/\/egytourpackages.com\/fr\/tours\/excursion-privee-dune-journee-au-caire-depuis-soma-bay\/#local-main-place-address"},"telephone":["00201000852186","00201028685533"],"contactPoint":{"@type":"ContactPoint","telephone":"00201000852186"},"openingHoursSpecification":[{"@type":"OpeningHoursSpecification","dayOfWeek":["Monday","Tuesday","Wednesday","Thursday","Friday","Saturday","Sunday"],"opens":"00:00","closes":"23:59"}],"email":"info@egytourpackages.com","areaServed":"Cairo, Hurghada, Luxor, Sharm El Sheikh, Marsa Alam, Aswan","priceRange":"$","currenciesAccepted":"euro","paymentAccepted":"Payment links online"},{"@type":"PostalAddress","@id":"https:\/\/egytourpackages.com\/fr\/tours\/excursion-privee-dune-journee-au-caire-depuis-soma-bay\/#local-main-place-address","streetAddress":"Mubarak 8, Al Kawthar District, Hurghada","addressLocality":"Hurghada","postalCode":"84511","addressRegion":"Red Sea","addressCountry":"EG"},{"@type":"ImageObject","inLanguage":"fr-FR","@id":"https:\/\/egytourpackages.com\/fr\/tours\/excursion-privee-dune-journee-au-caire-depuis-soma-bay\/#local-main-organization-logo","url":"https:\/\/egytourpackages.com\/wp-content\/uploads\/2025\/12\/Turquoise-Dahabiya-Nile-Cruise-1.jpeg","contentUrl":"https:\/\/egytourpackages.com\/wp-content\/uploads\/2025\/12\/Turquoise-Dahabiya-Nile-Cruise-1.jpeg","width":1040,"height":694,"caption":"egypt tour packages"}]},"product_brand":"Excursions au Caire au d\u00e9part d'Hurghada","product_price_amount":"160","product_price_currency":"EUR","og_availability":"instock","product_availability":"instock","product_retailer_item_id":"SBE08","product_condition":"new","geo.placename":"Hurghada","geo.region":"\u00c9gypte"},"_links":{"self":[{"href":"https:\/\/egytourpackages.com\/fr\/wp-json\/wp\/v2\/product\/13458","targetHints":{"allow":["GET"]}}],"collection":[{"href":"https:\/\/egytourpackages.com\/fr\/wp-json\/wp\/v2\/product"}],"about":[{"href":"https:\/\/egytourpackages.com\/fr\/wp-json\/wp\/v2\/types\/product"}],"replies":[{"embeddable":true,"href":"https:\/\/egytourpackages.com\/fr\/wp-json\/wp\/v2\/comments?post=13458"}],"wp:featuredmedia":[{"embeddable":true,"href":"https:\/\/egytourpackages.com\/fr\/wp-json\/wp\/v2\/media\/13459"}],"wp:attachment":[{"href":"https:\/\/egytourpackages.com\/fr\/wp-json\/wp\/v2\/media?parent=13458"}],"wp:term":[{"taxonomy":"product_brand","embeddable":true,"href":"https:\/\/egytourpackages.com\/fr\/wp-json\/wp\/v2\/product_brand?post=13458"},{"taxonomy":"product_cat","embeddable":true,"href":"https:\/\/egytourpackages.com\/fr\/wp-json\/wp\/v2\/product_cat?post=13458"},{"taxonomy":"product_tag","embeddable":true,"href":"https:\/\/egytourpackages.com\/fr\/wp-json\/wp\/v2\/product_tag?post=13458"}],"curies":[{"name":"wp","href":"https:\/\/api.w.org\/{rel}","templated":true}]}}