{"id":13463,"date":"2023-05-17T15:10:10","date_gmt":"2023-05-17T15:10:10","guid":{"rendered":"https:\/\/egytourpackages.com\/product\/transferts-taxi-hurghada\/"},"modified":"2026-01-20T12:39:00","modified_gmt":"2026-01-20T12:39:00","slug":"transferts-taxi-hurghada","status":"publish","type":"product","link":"https:\/\/egytourpackages.com\/fr\/tours\/transferts-taxi-hurghada\/","title":{"rendered":"Transferts Taxi Hurghada"},"content":{"rendered":"<p><span style=\"color: #ff6600;\"><strong>Transferts Taxi Hurghada | Navette A\u00e9roport Hurghada | Voitures de Luxe | Petits Prix<\/strong><\/span><\/p>\n<p>R\u00e9servez votre <strong>transfert taxi \u00e0 Hurghada<\/strong> depuis l&rsquo;<strong>a\u00e9roport d&rsquo;Hurghada<\/strong> vers les complexes h\u00f4teliers et profitez d&rsquo;une arriv\u00e9e parfaitement organis\u00e9e. D\u00e9couvrez le moyen le plus pratique et direct de rejoindre vos h\u00f4tels avec <strong>Egypt tours<\/strong>.<\/p>\n<p>Que vous voyagiez seul ou en famille, nous vous garantissons la tranquillit\u00e9 d&rsquo;esprit et un service de qualit\u00e9. Nous disposons de <strong>voitures de luxe<\/strong>, climatis\u00e9es, avec si\u00e8ges inclinables, \u00e9l\u00e9gantes, non-fumeurs et d&rsquo;une propret\u00e9 irr\u00e9prochable pour r\u00e9pondre \u00e0 toutes vos attentes.<\/p>\n<p>Vous pouvez r\u00e9server votre transfert vers les stations baln\u00e9aires d&rsquo;Hurghada via WhatsApp, e-mail ou par t\u00e9l\u00e9phone, et ne plus vous soucier de votre transport.<\/p>\n<p>Lors de la r\u00e9servation de votre <strong>navette a\u00e9roport<\/strong>, indiquez simplement votre num\u00e9ro de vol, l&rsquo;heure d&rsquo;arriv\u00e9e et le nom de votre h\u00e9bergement pour recevoir une confirmation imm\u00e9diate. Pour chaque transfert en berline ou en minivan, nous proposons les <strong>tarifs les plus bas<\/strong> ainsi que le moyen de transport le plus rapide et le plus fiable.<\/p>\n<p>Apr\u00e8s l&rsquo;atterrissage, notre chauffeur vous attendra \u00e0 la sortie du hall des arriv\u00e9es avec une pancarte \u00e0 votre nom.<\/p>\n<p>Point important : il vous attendra m\u00eame si votre vol est en retard. Veuillez noter que nos tarifs pour les <strong>transferts a\u00e9roport d&rsquo;Hurghada<\/strong> sont par v\u00e9hicule, sans frais cach\u00e9s ni mauvaises surprises.<\/p>\n<p>Nous actualisons r\u00e9guli\u00e8rement les prix de nos transferts en taxi \u00e0 Hurghada pour garantir \u00e0 nos clients les <strong>meilleurs tarifs<\/strong>. Voyagez avec style entre l&rsquo;a\u00e9roport et les h\u00f4tels d&rsquo;Hurghada pour commencer votre s\u00e9jour sans aucun stress. De plus, la limousine est le choix id\u00e9al pour les petits groupes allant jusqu&rsquo;\u00e0 3 personnes.<\/p>\n<p>Nous offrons un service de transfert priv\u00e9 entre l&rsquo;a\u00e9roport d&rsquo;Hurghada et tous les quartiers de la ville ainsi que les zones environnantes.<\/p>\n<p>Par exemple : <strong>El Gouna<\/strong>, <strong>Makadi Bay<\/strong>, <strong>Sahl Hasheesh<\/strong>, <strong>Soma Bay<\/strong>, <strong>Safaga<\/strong>, <strong>El Quseir<\/strong> et <strong>Marsa Alam<\/strong> pour les clients recherchant confort, s\u00e9curit\u00e9, rapidit\u00e9 et efficacit\u00e9.<\/p>\n<h3><span style=\"color: #ff6600;\">Prix du transfert Taxi Hurghada<\/span><\/h3>\n<ul>\n<li>Par v\u00e9hicule : 15 \u20ac<\/li>\n<\/ul>\n<h3><span style=\"color: #ff6600;\">R\u00e9servation<\/span><\/h3>\n<p>Vous pouvez r\u00e9server votre transfert en taxi \u00e0 Hurghada via WhatsApp ou par e-mail. Vous recevrez la confirmation instantan\u00e9ment.<\/p>\n<ul>\n<li>Num\u00e9ro WhatsApp : +201000852186<\/li>\n<li>Email : info@egytourpackages.com<\/li>\n<\/ul>\n<h3><span style=\"color: #ff6600;\">R\u00e9servez maintenant et payez sur place<\/span><\/h3>\n<p>R\u00e9servez votre transport favori et payez directement le jour du trajet.<\/p>\n<h3><span style=\"color: #ff6600;\">Paiement<\/span><\/h3>\n<p>Vous pouvez payer en livres \u00e9gyptiennes, $, \u20ac ou \u00a3.<\/p>\n<h3><span style=\"color: #ff6600;\">Politique d&rsquo;annulation<\/span><\/h3>\n<ul>\n<li>Annulation gratuite jusqu&rsquo;\u00e0 24 heures \u00e0 l&rsquo;avance.<\/li>\n<li>Annulation le matin m\u00eame : 50 % du prix total.<\/li>\n<li><\/li>\n<\/ul>\n<h3><span style=\"color: #ff6600;\">Voici les temps de trajet moyens depuis l&rsquo;a\u00e9roport international de Hurghada (HRG) :<\/span><\/h3>\n<p>Destination\u00a0\u00a0\u00a0\u00a0\u00a0 Temps de trajet estim\u00e9<\/p>\n<p>Sahl Hasheesh\u00a0 \u00a0 \u00a0 \u00a0 \u00a0 \u00a0 \u00a020-25 minutes<\/p>\n<p>Makadi Bay\u00a0 \u00a0 \u00a0 \u00a0 \u00a0 \u00a0 \u00a0 \u00a0 \u00a0 30-35 minutes<\/p>\n<p>El Gouna\u00a0 \u00a0 \u00a0 \u00a0 \u00a0 \u00a0 \u00a0 \u00a0 \u00a0 \u00a0 \u00a0 35-40 minutes<\/p>\n<p>Soma Bay \/ Safaga\u00a0 \u00a0 \u00a045-55 minutes<\/p>\n<p>El Quseir\u00a0 \u00a0 \u00a0 \u00a0 \u00a0 \u00a0 \u00a0 \u00a0 \u00a0 \u00a0 \u00a01h45 &#8211; 2h00<\/p>\n<p>Marsa Alam\u00a0 \u00a0 \u00a0 \u00a0 \u00a0 \u00a0 \u00a03h00 &#8211; 3h30<\/p>\n","protected":false},"excerpt":{"rendered":"<p>R\u00e9servez vos Transferts Taxi Hurghada au meilleur prix. Navette a\u00e9roport fiable, voitures de luxe et service 24\/7 vers tous les h\u00f4tels. R\u00e9servez ici !<\/p>\n","protected":false},"featured_media":13464,"comment_status":"open","ping_status":"closed","template":"","meta":[],"product_brand":[],"product_cat":[3132],"product_tag":[3807,3606],"class_list":{"0":"post-13463","1":"product","2":"type-product","3":"status-publish","4":"has-post-thumbnail","6":"product_cat-non-classe-fr","7":"product_tag-taxi-hurghada","8":"product_tag-transferts-aeroport","9":"tour_category-transfert-aeroport-fr","11":"first","12":"instock","13":"sale","14":"shipping-taxable","15":"purchasable","16":"product-type-tour","17":"has-default-attributes"},"yoast_head":"<!-- This site is optimized with the Yoast SEO Premium plugin v27.4 (Yoast SEO v27.4) - https:\/\/yoast.com\/product\/yoast-seo-premium-wordpress\/ -->\n<title>Transferts Taxi Hurghada : transferts a\u00e9roport d&#039;Hurghada<\/title>\n<meta name=\"description\" content=\"R\u00e9servez vos Transferts Taxi Hurghada au meilleur prix. Navette a\u00e9roport fiable, voitures de luxe et service 24\/7 vers tous les h\u00f4tels. R\u00e9servez ici !\" \/>\n<meta name=\"robots\" content=\"index, follow, max-snippet:-1, max-image-preview:large, max-video-preview:-1\" \/>\n<link rel=\"canonical\" href=\"https:\/\/egytourpackages.com\/fr\/tours\/transferts-taxi-hurghada\/\" \/>\n<meta property=\"og:locale\" content=\"fr_FR\" \/>\n<meta property=\"og:type\" content=\"article\" \/>\n<meta property=\"og:title\" content=\"Transferts Taxi Hurghada\" \/>\n<meta property=\"og:description\" content=\"R\u00e9servez vos Transferts Taxi Hurghada au meilleur prix. Navette a\u00e9roport fiable, voitures de luxe et service 24\/7 vers tous les h\u00f4tels. R\u00e9servez ici !\" \/>\n<meta property=\"og:url\" content=\"https:\/\/egytourpackages.com\/fr\/tours\/transferts-taxi-hurghada\/\" \/>\n<meta property=\"og:site_name\" content=\"Egypt Tour Packages\" \/>\n<meta property=\"article:publisher\" content=\"https:\/\/www.facebook.com\/egytourpackages\" \/>\n<meta property=\"article:modified_time\" content=\"2026-01-20T12:39:00+00:00\" \/>\n<meta property=\"og:image\" content=\"https:\/\/egytourpackages.com\/wp-content\/uploads\/2023\/05\/Taxi-Hurghada-transfers.jpg\" \/>\n\t<meta property=\"og:image:width\" content=\"1200\" \/>\n\t<meta property=\"og:image:height\" content=\"900\" \/>\n\t<meta property=\"og:image:type\" content=\"image\/jpeg\" \/>\n<meta name=\"twitter:card\" content=\"summary_large_image\" \/>\n<meta name=\"twitter:label1\" content=\"Prix\" \/>\n\t<meta name=\"twitter:data1\" content=\"&euro;15\" \/>\n\t<meta name=\"twitter:label2\" content=\"Disponibilit\u00e9\" \/>\n\t<meta name=\"twitter:data2\" content=\"En stock\" \/>\n<script type=\"application\/ld+json\" class=\"yoast-schema-graph\">{\"@context\":\"https:\\\/\\\/schema.org\",\"@graph\":[{\"@type\":\"WebPage\",\"@id\":\"https:\\\/\\\/egytourpackages.com\\\/fr\\\/tours\\\/transferts-taxi-hurghada\\\/\",\"url\":\"https:\\\/\\\/egytourpackages.com\\\/fr\\\/tours\\\/transferts-taxi-hurghada\\\/\",\"name\":\"Transferts Taxi Hurghada : transferts a\u00e9roport d'Hurghada\",\"isPartOf\":{\"@id\":\"https:\\\/\\\/egytourpackages.com\\\/fr\\\/#website\"},\"primaryImageOfPage\":{\"@id\":\"https:\\\/\\\/egytourpackages.com\\\/fr\\\/tours\\\/transferts-taxi-hurghada\\\/#primaryimage\"},\"image\":{\"@id\":\"https:\\\/\\\/egytourpackages.com\\\/fr\\\/tours\\\/transferts-taxi-hurghada\\\/#primaryimage\"},\"thumbnailUrl\":\"https:\\\/\\\/egytourpackages.com\\\/wp-content\\\/uploads\\\/2023\\\/05\\\/Taxi-Hurghada-transfers.jpg\",\"datePublished\":\"2023-05-17T15:10:10+00:00\",\"dateModified\":\"2026-01-20T12:39:00+00:00\",\"description\":\"R\u00e9servez vos Transferts Taxi Hurghada au meilleur prix. Navette a\u00e9roport fiable, voitures de luxe et service 24\\\/7 vers tous les h\u00f4tels. R\u00e9servez ici !\",\"breadcrumb\":{\"@id\":\"https:\\\/\\\/egytourpackages.com\\\/fr\\\/tours\\\/transferts-taxi-hurghada\\\/#breadcrumb\"},\"inLanguage\":\"fr-FR\",\"potentialAction\":[{\"@type\":\"ReadAction\",\"target\":[\"https:\\\/\\\/egytourpackages.com\\\/fr\\\/tours\\\/transferts-taxi-hurghada\\\/\"]}]},{\"@type\":\"ImageObject\",\"inLanguage\":\"fr-FR\",\"@id\":\"https:\\\/\\\/egytourpackages.com\\\/fr\\\/tours\\\/transferts-taxi-hurghada\\\/#primaryimage\",\"url\":\"https:\\\/\\\/egytourpackages.com\\\/wp-content\\\/uploads\\\/2023\\\/05\\\/Taxi-Hurghada-transfers.jpg\",\"contentUrl\":\"https:\\\/\\\/egytourpackages.com\\\/wp-content\\\/uploads\\\/2023\\\/05\\\/Taxi-Hurghada-transfers.jpg\",\"width\":1200,\"height\":900,\"caption\":\"Transferts Taxi Hurghada\"},{\"@type\":\"BreadcrumbList\",\"@id\":\"https:\\\/\\\/egytourpackages.com\\\/fr\\\/tours\\\/transferts-taxi-hurghada\\\/#breadcrumb\",\"itemListElement\":[{\"@type\":\"ListItem\",\"position\":1,\"name\":\"Home\",\"item\":\"https:\\\/\\\/egytourpackages.com\\\/fr\\\/circuits-en-egypte\\\/\"},{\"@type\":\"ListItem\",\"position\":2,\"name\":\"Shop\",\"item\":\"https:\\\/\\\/egytourpackages.com\\\/shop\\\/\"},{\"@type\":\"ListItem\",\"position\":3,\"name\":\"Transferts Taxi Hurghada\"}]},{\"@type\":\"WebSite\",\"@id\":\"https:\\\/\\\/egytourpackages.com\\\/fr\\\/#website\",\"url\":\"https:\\\/\\\/egytourpackages.com\\\/fr\\\/\",\"name\":\"Egy tour packages\",\"description\":\"\",\"publisher\":{\"@id\":\"https:\\\/\\\/egytourpackages.com\\\/fr\\\/#organization\"},\"potentialAction\":[{\"@type\":\"SearchAction\",\"target\":{\"@type\":\"EntryPoint\",\"urlTemplate\":\"https:\\\/\\\/egytourpackages.com\\\/fr\\\/?s={search_term_string}\"},\"query-input\":{\"@type\":\"PropertyValueSpecification\",\"valueRequired\":true,\"valueName\":\"search_term_string\"}}],\"inLanguage\":\"fr-FR\"},{\"@type\":[\"Organization\",\"Place\",\"TravelAgency\"],\"@id\":\"https:\\\/\\\/egytourpackages.com\\\/fr\\\/#organization\",\"name\":\"egypt tour packages\",\"alternateName\":\"egypt tour packages\",\"url\":\"https:\\\/\\\/egytourpackages.com\\\/fr\\\/\",\"logo\":{\"@id\":\"https:\\\/\\\/egytourpackages.com\\\/fr\\\/tours\\\/transferts-taxi-hurghada\\\/#local-main-organization-logo\"},\"image\":{\"@id\":\"https:\\\/\\\/egytourpackages.com\\\/fr\\\/tours\\\/transferts-taxi-hurghada\\\/#local-main-organization-logo\"},\"sameAs\":[\"https:\\\/\\\/www.facebook.com\\\/egytourpackages\"],\"legalName\":\"Egy tour packages\",\"address\":{\"@id\":\"https:\\\/\\\/egytourpackages.com\\\/fr\\\/tours\\\/transferts-taxi-hurghada\\\/#local-main-place-address\"},\"telephone\":[\"00201000852186\",\"00201028685533\"],\"contactPoint\":{\"@type\":\"ContactPoint\",\"telephone\":\"00201000852186\"},\"openingHoursSpecification\":[{\"@type\":\"OpeningHoursSpecification\",\"dayOfWeek\":[\"Monday\",\"Tuesday\",\"Wednesday\",\"Thursday\",\"Friday\",\"Saturday\",\"Sunday\"],\"opens\":\"00:00\",\"closes\":\"23:59\"}],\"email\":\"info@egytourpackages.com\",\"areaServed\":\"Cairo, Hurghada, Luxor, Sharm El Sheikh, Marsa Alam, Aswan\",\"priceRange\":\"$\",\"currenciesAccepted\":\"euro\",\"paymentAccepted\":\"Payment links online\"},{\"@type\":\"PostalAddress\",\"@id\":\"https:\\\/\\\/egytourpackages.com\\\/fr\\\/tours\\\/transferts-taxi-hurghada\\\/#local-main-place-address\",\"streetAddress\":\"Mubarak 8, Al Kawthar District, Hurghada\",\"addressLocality\":\"Hurghada\",\"postalCode\":\"84511\",\"addressRegion\":\"Red Sea\",\"addressCountry\":\"EG\"},{\"@type\":\"ImageObject\",\"inLanguage\":\"fr-FR\",\"@id\":\"https:\\\/\\\/egytourpackages.com\\\/fr\\\/tours\\\/transferts-taxi-hurghada\\\/#local-main-organization-logo\",\"url\":\"https:\\\/\\\/egytourpackages.com\\\/wp-content\\\/uploads\\\/2025\\\/12\\\/Turquoise-Dahabiya-Nile-Cruise-1.jpeg\",\"contentUrl\":\"https:\\\/\\\/egytourpackages.com\\\/wp-content\\\/uploads\\\/2025\\\/12\\\/Turquoise-Dahabiya-Nile-Cruise-1.jpeg\",\"width\":1040,\"height\":694,\"caption\":\"egypt tour packages\"}]}<\/script>\n<meta property=\"product:brand\" content=\"Transfert a\u00e9roport\" \/>\n<meta property=\"product:price:amount\" content=\"15\" \/>\n<meta property=\"product:price:currency\" content=\"EUR\" \/>\n<meta property=\"og:availability\" content=\"instock\" \/>\n<meta property=\"product:availability\" content=\"instock\" \/>\n<meta property=\"product:retailer_item_id\" content=\"AT01\" \/>\n<meta property=\"product:condition\" content=\"new\" \/>\n<meta name=\"geo.placename\" content=\"Hurghada\" \/>\n<meta name=\"geo.region\" content=\"\u00c9gypte\" \/>\n<!-- \/ Yoast SEO Premium plugin. -->","yoast_head_json":{"title":"Transferts Taxi Hurghada : transferts a\u00e9roport d'Hurghada","description":"R\u00e9servez vos Transferts Taxi Hurghada au meilleur prix. Navette a\u00e9roport fiable, voitures de luxe et service 24\/7 vers tous les h\u00f4tels. R\u00e9servez ici !","robots":{"index":"index","follow":"follow","max-snippet":"max-snippet:-1","max-image-preview":"max-image-preview:large","max-video-preview":"max-video-preview:-1"},"canonical":"https:\/\/egytourpackages.com\/fr\/tours\/transferts-taxi-hurghada\/","og_locale":"fr_FR","og_type":"article","og_title":"Transferts Taxi Hurghada","og_description":"R\u00e9servez vos Transferts Taxi Hurghada au meilleur prix. Navette a\u00e9roport fiable, voitures de luxe et service 24\/7 vers tous les h\u00f4tels. R\u00e9servez ici !","og_url":"https:\/\/egytourpackages.com\/fr\/tours\/transferts-taxi-hurghada\/","og_site_name":"Egypt Tour Packages","article_publisher":"https:\/\/www.facebook.com\/egytourpackages","article_modified_time":"2026-01-20T12:39:00+00:00","og_image":[{"width":1200,"height":900,"url":"https:\/\/egytourpackages.com\/wp-content\/uploads\/2023\/05\/Taxi-Hurghada-transfers.jpg","type":"image\/jpeg"}],"twitter_card":"summary_large_image","twitter_misc":{"Prix":"&euro;15","Disponibilit\u00e9":"En stock"},"schema":{"@context":"https:\/\/schema.org","@graph":[{"@type":"WebPage","@id":"https:\/\/egytourpackages.com\/fr\/tours\/transferts-taxi-hurghada\/","url":"https:\/\/egytourpackages.com\/fr\/tours\/transferts-taxi-hurghada\/","name":"Transferts Taxi Hurghada : transferts a\u00e9roport d'Hurghada","isPartOf":{"@id":"https:\/\/egytourpackages.com\/fr\/#website"},"primaryImageOfPage":{"@id":"https:\/\/egytourpackages.com\/fr\/tours\/transferts-taxi-hurghada\/#primaryimage"},"image":{"@id":"https:\/\/egytourpackages.com\/fr\/tours\/transferts-taxi-hurghada\/#primaryimage"},"thumbnailUrl":"https:\/\/egytourpackages.com\/wp-content\/uploads\/2023\/05\/Taxi-Hurghada-transfers.jpg","datePublished":"2023-05-17T15:10:10+00:00","dateModified":"2026-01-20T12:39:00+00:00","description":"R\u00e9servez vos Transferts Taxi Hurghada au meilleur prix. Navette a\u00e9roport fiable, voitures de luxe et service 24\/7 vers tous les h\u00f4tels. R\u00e9servez ici !","breadcrumb":{"@id":"https:\/\/egytourpackages.com\/fr\/tours\/transferts-taxi-hurghada\/#breadcrumb"},"inLanguage":"fr-FR","potentialAction":[{"@type":"ReadAction","target":["https:\/\/egytourpackages.com\/fr\/tours\/transferts-taxi-hurghada\/"]}]},{"@type":"ImageObject","inLanguage":"fr-FR","@id":"https:\/\/egytourpackages.com\/fr\/tours\/transferts-taxi-hurghada\/#primaryimage","url":"https:\/\/egytourpackages.com\/wp-content\/uploads\/2023\/05\/Taxi-Hurghada-transfers.jpg","contentUrl":"https:\/\/egytourpackages.com\/wp-content\/uploads\/2023\/05\/Taxi-Hurghada-transfers.jpg","width":1200,"height":900,"caption":"Transferts Taxi Hurghada"},{"@type":"BreadcrumbList","@id":"https:\/\/egytourpackages.com\/fr\/tours\/transferts-taxi-hurghada\/#breadcrumb","itemListElement":[{"@type":"ListItem","position":1,"name":"Home","item":"https:\/\/egytourpackages.com\/fr\/circuits-en-egypte\/"},{"@type":"ListItem","position":2,"name":"Shop","item":"https:\/\/egytourpackages.com\/shop\/"},{"@type":"ListItem","position":3,"name":"Transferts Taxi Hurghada"}]},{"@type":"WebSite","@id":"https:\/\/egytourpackages.com\/fr\/#website","url":"https:\/\/egytourpackages.com\/fr\/","name":"Egy tour packages","description":"","publisher":{"@id":"https:\/\/egytourpackages.com\/fr\/#organization"},"potentialAction":[{"@type":"SearchAction","target":{"@type":"EntryPoint","urlTemplate":"https:\/\/egytourpackages.com\/fr\/?s={search_term_string}"},"query-input":{"@type":"PropertyValueSpecification","valueRequired":true,"valueName":"search_term_string"}}],"inLanguage":"fr-FR"},{"@type":["Organization","Place","TravelAgency"],"@id":"https:\/\/egytourpackages.com\/fr\/#organization","name":"egypt tour packages","alternateName":"egypt tour packages","url":"https:\/\/egytourpackages.com\/fr\/","logo":{"@id":"https:\/\/egytourpackages.com\/fr\/tours\/transferts-taxi-hurghada\/#local-main-organization-logo"},"image":{"@id":"https:\/\/egytourpackages.com\/fr\/tours\/transferts-taxi-hurghada\/#local-main-organization-logo"},"sameAs":["https:\/\/www.facebook.com\/egytourpackages"],"legalName":"Egy tour packages","address":{"@id":"https:\/\/egytourpackages.com\/fr\/tours\/transferts-taxi-hurghada\/#local-main-place-address"},"telephone":["00201000852186","00201028685533"],"contactPoint":{"@type":"ContactPoint","telephone":"00201000852186"},"openingHoursSpecification":[{"@type":"OpeningHoursSpecification","dayOfWeek":["Monday","Tuesday","Wednesday","Thursday","Friday","Saturday","Sunday"],"opens":"00:00","closes":"23:59"}],"email":"info@egytourpackages.com","areaServed":"Cairo, Hurghada, Luxor, Sharm El Sheikh, Marsa Alam, Aswan","priceRange":"$","currenciesAccepted":"euro","paymentAccepted":"Payment links online"},{"@type":"PostalAddress","@id":"https:\/\/egytourpackages.com\/fr\/tours\/transferts-taxi-hurghada\/#local-main-place-address","streetAddress":"Mubarak 8, Al Kawthar District, Hurghada","addressLocality":"Hurghada","postalCode":"84511","addressRegion":"Red Sea","addressCountry":"EG"},{"@type":"ImageObject","inLanguage":"fr-FR","@id":"https:\/\/egytourpackages.com\/fr\/tours\/transferts-taxi-hurghada\/#local-main-organization-logo","url":"https:\/\/egytourpackages.com\/wp-content\/uploads\/2025\/12\/Turquoise-Dahabiya-Nile-Cruise-1.jpeg","contentUrl":"https:\/\/egytourpackages.com\/wp-content\/uploads\/2025\/12\/Turquoise-Dahabiya-Nile-Cruise-1.jpeg","width":1040,"height":694,"caption":"egypt tour packages"}]},"product_brand":"Transfert a\u00e9roport","product_price_amount":"15","product_price_currency":"EUR","og_availability":"instock","product_availability":"instock","product_retailer_item_id":"AT01","product_condition":"new","geo.placename":"Hurghada","geo.region":"\u00c9gypte"},"_links":{"self":[{"href":"https:\/\/egytourpackages.com\/fr\/wp-json\/wp\/v2\/product\/13463","targetHints":{"allow":["GET"]}}],"collection":[{"href":"https:\/\/egytourpackages.com\/fr\/wp-json\/wp\/v2\/product"}],"about":[{"href":"https:\/\/egytourpackages.com\/fr\/wp-json\/wp\/v2\/types\/product"}],"replies":[{"embeddable":true,"href":"https:\/\/egytourpackages.com\/fr\/wp-json\/wp\/v2\/comments?post=13463"}],"wp:featuredmedia":[{"embeddable":true,"href":"https:\/\/egytourpackages.com\/fr\/wp-json\/wp\/v2\/media\/13464"}],"wp:attachment":[{"href":"https:\/\/egytourpackages.com\/fr\/wp-json\/wp\/v2\/media?parent=13463"}],"wp:term":[{"taxonomy":"product_brand","embeddable":true,"href":"https:\/\/egytourpackages.com\/fr\/wp-json\/wp\/v2\/product_brand?post=13463"},{"taxonomy":"product_cat","embeddable":true,"href":"https:\/\/egytourpackages.com\/fr\/wp-json\/wp\/v2\/product_cat?post=13463"},{"taxonomy":"product_tag","embeddable":true,"href":"https:\/\/egytourpackages.com\/fr\/wp-json\/wp\/v2\/product_tag?post=13463"}],"curies":[{"name":"wp","href":"https:\/\/api.w.org\/{rel}","templated":true}]}}