{"id":13469,"date":"2023-05-17T19:50:21","date_gmt":"2023-05-17T19:50:21","guid":{"rendered":"https:\/\/egytourpackages.com\/product\/excursion-dune-journee-a-louxor-depuis-le-port-de-safaga\/"},"modified":"2026-01-28T10:43:03","modified_gmt":"2026-01-28T10:43:03","slug":"excursion-dune-journee-a-louxor-depuis-le-port-de-safaga","status":"publish","type":"product","link":"https:\/\/egytourpackages.com\/fr\/tours\/excursion-dune-journee-a-louxor-depuis-le-port-de-safaga\/","title":{"rendered":"Excursion d&rsquo;une journ\u00e9e \u00e0 Louxor depuis le port de Safaga"},"content":{"rendered":"<p><span style=\"color: #ff6600;\"><strong>Excursion d&rsquo;une journ\u00e9e \u00e0 Louxor depuis le port de Safaga<\/strong><\/span><\/p>\n<p>L&rsquo;<strong>excursion d&rsquo;une journ\u00e9e \u00e0 Louxor depuis le port de Safaga<\/strong> est le choix privil\u00e9gi\u00e9 des croisi\u00e9ristes qui font escale \u00e0 <strong>Safaga<\/strong> avec <strong>Egypt tours<\/strong>.<\/p>\n<p>Lors de vos <strong>excursions d&rsquo;une journ\u00e9e en \u00c9gypte<\/strong> \u00e0 destination de Louxor, vous explorerez des sites embl\u00e9matiques tels que la <strong>Vall\u00e9e des Rois<\/strong>, avec l&rsquo;opportunit\u00e9 unique de p\u00e9n\u00e9trer dans la c\u00e9l\u00e8bre <strong>tombe de Tout\u00e2nkhamon<\/strong>.<\/p>\n<p>En plus de cela, vous d\u00e9couvrirez le majestueux <strong>temple fun\u00e9raire d&rsquo;Hatchepsout<\/strong>, \u00e9difi\u00e9 par son <strong>vizir<\/strong> et architecte <strong>Senmout<\/strong>. Votre p\u00e9riple vous m\u00e8nera \u00e9galement vers le <strong>temple de Mentouhotep<\/strong> et le <strong>temple de Thoutmosis III<\/strong> \u00e0 Deir El Bahari, d\u00e9di\u00e9s au <strong>dieu Amon<\/strong>.<\/p>\n<p>Vous admirerez aussi les c\u00e9l\u00e8bres statues d&rsquo;<strong>Am\u00e9nophis III<\/strong>, connues sous le nom de <strong>Colosses de Memnon<\/strong>.<\/p>\n<p>Ce n&rsquo;est pas tout : vous savourerez un d\u00e9jeuner fra\u00eechement pr\u00e9par\u00e9 dans un agr\u00e9able restaurant au milieu des palmiers, avant de profiter d&rsquo;une courte travers\u00e9e du <strong>Nil<\/strong> en bateau \u00e0 moteur. Enfin, vous terminerez votre visite au complexe de <strong>Karnak<\/strong>.<\/p>\n<p>Votre guide arch\u00e9ologue expert vous initiera \u00e0 l&rsquo;<strong>histoire de l&rsquo;\u00c9gypte ancienne<\/strong> et \u00e0 la <strong>religion \u00e9gyptienne antique<\/strong>, faisant de ce voyage une exp\u00e9rience \u00e0 la fois p\u00e9dagogique et m\u00e9morable.<\/p>\n<p>Au cours de votre <strong>excursion terrestre<\/strong>, vous en apprendrez davantage sur les c\u00e9l\u00e8bres <strong>pharaons \u00e9gyptiens<\/strong> du <strong>Nouvel Empire<\/strong>, tels que <strong>Rams\u00e8s le Grand<\/strong>, Hatchepsout, <strong>M\u00e9renptah<\/strong> et Am\u00e9nophis.<\/p>\n<p>Vous pourrez prendre des photos tout au long de la journ\u00e9e, particuli\u00e8rement des reliefs <strong>hi\u00e9roglyphiques<\/strong> sur les murs des <strong>tombes pharaoniques<\/strong> dans la Vall\u00e9e des Rois.<\/p>\n<h3><span style=\"color: #ff6600;\">D\u00e9tails du circuit<\/span><\/h3>\n<ul>\n<li>Dur\u00e9e : 1 Jour<\/li>\n<li>Lieu du circuit : Louxor<\/li>\n<li>Disponibilit\u00e9 : Sur demande<\/li>\n<li>Prise en charge et retour : Port de Safaga<\/li>\n<li>Type de circuit : Priv\u00e9<\/li>\n<\/ul>\n<h3><span style=\"color: #ff6600;\">Points forts du circuit<\/span><\/h3>\n<ul>\n<li>Vall\u00e9e des Rois<\/li>\n<li>Temple fun\u00e9raire d&rsquo;Hatchepsout<\/li>\n<li>Colosses de Memnon<\/li>\n<li>Temple de Karnak<\/li>\n<li>Courte balade en bateau \u00e0 moteur<\/li>\n<li>D\u00e9jeuner local<\/li>\n<\/ul>\n<h3><span style=\"color: #ff6600;\">Itin\u00e9raire de la journ\u00e9e<\/span><\/h3>\n<p>L&rsquo;heure de prise en charge \u00e0 la sortie du <strong>port de Safaga<\/strong> d\u00e9pend de l&rsquo;heure d&rsquo;arriv\u00e9e de votre navire pour commencer votre <strong>excursion \u00e0 Louxor<\/strong>. La distance entre Safaga et Louxor est d&rsquo;environ 220 km, soit environ 3 heures de route.<\/p>\n<p>\u00c0 votre arriv\u00e9e, vous commencerez votre visite compl\u00e8te avec votre guide expert vers les sites incontournables de Louxor.<\/p>\n<h3><span style=\"color: #ff6600;\">Colosses de Memnon<\/span><\/h3>\n<p>C&rsquo;est l&rsquo;\u00e9tape la plus courte et la plus facile de votre journ\u00e9e. Ces deux statues massives flanquaient autrefois l&rsquo;entr\u00e9e du temple fun\u00e9raire d&rsquo;Am\u00e9nophis III. Malheureusement, le temple a presque totalement disparu, laissant place aux <strong>Colosses de Memnon<\/strong>, quelques st\u00e8les et des vestiges de colonnes.<\/p>\n<h3><span style=\"color: #ff6600;\">Temple d&rsquo;Hatchepsout<\/span><\/h3>\n<p>La femme pharaon <strong>Hatchepsout<\/strong> a choisi le site de <strong>Deir El Bahari<\/strong> pour \u00e9riger son temple. Elle a permis aux membres de la famille royale de creuser leurs tombes autour du monument. Vous pouvez encore y admirer ses statues de <strong>sphinx<\/strong>, la <strong>chapelle d&rsquo;Hathor<\/strong>, la <strong>chapelle d&rsquo;Anubis<\/strong> et le saint des saints du temple.<\/p>\n<h3><span style=\"color: #ff6600;\">Vall\u00e9e des Rois<\/span><\/h3>\n<p>Votre visite \u00e0 la <strong>Vall\u00e9e des Rois<\/strong> sera exceptionnelle. C&rsquo;est ici que les pharaons \u00e9gyptiens des <strong>18\u00e8me, 19\u00e8me et 20\u00e8me dynasties<\/strong> ont creus\u00e9 leurs derni\u00e8res demeures au c\u0153ur de la montagne.<\/p>\n<p>D\u00e9couvrez les rituels fun\u00e9raires et les livres religieux d\u00e9corant les parois, tels que le <strong>Livre des Morts<\/strong>, le <strong>Livre du Jour et de la Nuit<\/strong>, et les sc\u00e8nes du <strong>Jugement Dernier<\/strong>. Si vous le souhaitez, vous pouvez visiter la tombe de Tout\u00e2nkhamon, de <strong>S\u00e9thi Ier<\/strong> ou de <strong>Rams\u00e8s V<\/strong> (avec suppl\u00e9ment).<\/p>\n<h3><span style=\"color: #ff6600;\">D\u00e9jeuner<\/span><\/h3>\n<p>Profitez d&rsquo;un d\u00e9jeuner typique (tagine) fra\u00eechement cuisin\u00e9 dans un charmant restaurant situ\u00e9 juste derri\u00e8re les Colosses de Memnon, \u00e0 l&rsquo;ombre des palmiers.<\/p>\n<h3><span style=\"color: #ff6600;\">Courte balade en bateau \u00e0 moteur<\/span><\/h3>\n<p>Vous profiterez d&rsquo;une mini-croisi\u00e8re sur le Nil d&rsquo;environ 30 minutes pour admirer Louxor depuis l&rsquo;eau. Le <strong>temple de Louxor<\/strong> et le <strong>Winter Palace<\/strong> font partie des joyaux que vous apercevrez depuis le fleuve.<\/p>\n<h3><span style=\"color: #ff6600;\">Temple de Karnak<\/span><\/h3>\n<p>Terminez votre journ\u00e9e au plus grand complexe religieux du monde : le <strong>complexe de Karnak<\/strong>. Admirez les pyl\u00f4nes gigantesques, les sanctuaires, la <strong>salle hypostyle<\/strong> et le <strong>Lac Sacr\u00e9<\/strong>.<\/p>\n<p>N&rsquo;oubliez pas de faire 7 fois le tour du <strong>Scarab\u00e9e<\/strong> g\u00e9ant en faisant un v\u0153u, et ajoutez la <strong>chapelle rouge<\/strong> et la <strong>chapelle blanche<\/strong> \u00e0 votre liste de d\u00e9couvertes.<\/p>\n<h3><span style=\"color: #ff6600;\">Inclusions<\/span><\/h3>\n<ul>\n<li>Transfert aller-retour dans un v\u00e9hicule moderne, neuf et climatis\u00e9.<\/li>\n<li>Frais d&rsquo;entr\u00e9e pour tous les sites mentionn\u00e9s au programme.<\/li>\n<li>D\u00e9jeuner dans un restaurant local.<\/li>\n<li>Guide expert certifi\u00e9.<\/li>\n<li>Eau min\u00e9rale durant l&rsquo;excursion.<\/li>\n<\/ul>\n<h3><span style=\"color: #ff6600;\">Exclusions<\/span><\/h3>\n<ul>\n<li>Boissons pendant le d\u00e9jeuner.<\/li>\n<li>Acc\u00e8s aux tombes suppl\u00e9mentaires dans la Vall\u00e9e des Rois.<\/li>\n<li>Pourboires pour le guide et le chauffeur.<\/li>\n<\/ul>\n<h3><span style=\"color: #ff6600;\">\u00c0 emporter<\/span><\/h3>\n<ul>\n<li>Des chaussures confortables (sites sablonneux ou pierreux).<\/li>\n<li>Lunettes de soleil.<\/li>\n<li>Cr\u00e8me solaire.<\/li>\n<li>Chapeau ou casquette.<\/li>\n<\/ul>\n<h3><span style=\"color: #ff6600;\">Prix de l&rsquo;excursion Louxor depuis Safaga<\/span><\/h3>\n<ul>\n<li>Prix Adulte : 150 \u20ac<\/li>\n<li>Enfants 0-5 ans : gratuit.<\/li>\n<li>Enfants 5-11 ans : 50 % du prix adulte<\/li>\n<\/ul>\n<h3><span style=\"color: #ff6600;\">R\u00e9servation et Paiement<\/span><\/h3>\n<p>Vous pouvez r\u00e9server votre tour via WhatsApp, email ou t\u00e9l\u00e9phone :<\/p>\n<p>WhatsApp : +20 1000852186<\/p>\n<p>E-mail : info@egytourpackages.com<\/p>\n<h3><span style=\"color: #ff6600;\">Politique d&rsquo;annulation<\/span><\/h3>\n<p>Annulation gratuite possible jusqu&rsquo;\u00e0 24 heures avant le d\u00e9part.<\/p>\n<h3><span style=\"color: #ff6600;\">Note importante :<\/span><\/h3>\n<p>Conform\u00e9ment \u00e0 la l\u00e9gislation \u00e9gyptienne, nous devons organiser les autorisations de voyage la veille.<\/p>\n<p>Merci de nous envoyer une copie de vos passeports, votre num\u00e9ro de cabine et le nom de votre navire au moins deux jours \u00e0 l&rsquo;avance.<\/p>\n","protected":false},"excerpt":{"rendered":"<p>R\u00e9servez votre Excursion d&rsquo;une journ\u00e9e \u00e0 Louxor depuis le port de Safaga. Visitez la Vall\u00e9e des Rois et Karnak avec un guide priv\u00e9 expert. Meilleur prix!<\/p>\n","protected":false},"featured_media":13470,"comment_status":"open","ping_status":"closed","template":"","meta":[],"product_brand":[],"product_cat":[3124],"product_tag":[3242,3336],"class_list":{"0":"post-13469","1":"product","2":"type-product","3":"status-publish","4":"has-post-thumbnail","6":"product_cat-tours-fr","7":"product_tag-circuits-egypte","8":"product_tag-temple-de-karnak","9":"tour_category-excursions-a-louxor-au-depart-dhurghada","10":"tour_category-excursions-en-egypte-fr","11":"tour_category-excursions-soma-bay-fr","13":"first","14":"instock","15":"sale","16":"shipping-taxable","17":"purchasable","18":"product-type-tour","19":"has-default-attributes"},"yoast_head":"<!-- This site is optimized with the Yoast SEO Premium plugin v27.4 (Yoast SEO v27.4) - https:\/\/yoast.com\/product\/yoast-seo-premium-wordpress\/ -->\n<title>Excursion d&#039;une journ\u00e9e \u00e0 Louxor depuis le port de Safaga<\/title>\n<meta name=\"description\" content=\"R\u00e9servez votre Excursion d&#039;une journ\u00e9e \u00e0 Louxor depuis le port de Safaga. Visitez la Vall\u00e9e des Rois et Karnak avec un guide priv\u00e9 expert. Meilleur prix!\" \/>\n<meta name=\"robots\" content=\"index, follow, max-snippet:-1, max-image-preview:large, max-video-preview:-1\" \/>\n<link rel=\"canonical\" href=\"https:\/\/egytourpackages.com\/fr\/tours\/excursion-dune-journee-a-louxor-depuis-le-port-de-safaga\/\" \/>\n<meta property=\"og:locale\" content=\"fr_FR\" \/>\n<meta property=\"og:type\" content=\"article\" \/>\n<meta property=\"og:title\" content=\"Excursion d&#039;une journ\u00e9e \u00e0 Louxor depuis le port de Safaga\" \/>\n<meta property=\"og:description\" content=\"R\u00e9servez votre Excursion d&#039;une journ\u00e9e \u00e0 Louxor depuis le port de Safaga. Visitez la Vall\u00e9e des Rois et Karnak avec un guide priv\u00e9 expert. Meilleur prix!\" \/>\n<meta property=\"og:url\" content=\"https:\/\/egytourpackages.com\/fr\/tours\/excursion-dune-journee-a-louxor-depuis-le-port-de-safaga\/\" \/>\n<meta property=\"og:site_name\" content=\"Egypt Tour Packages\" \/>\n<meta property=\"article:publisher\" content=\"https:\/\/www.facebook.com\/egytourpackages\" \/>\n<meta property=\"article:modified_time\" content=\"2026-01-28T10:43:03+00:00\" \/>\n<meta property=\"og:image\" content=\"https:\/\/egytourpackages.com\/wp-content\/uploads\/2023\/05\/Hypostyle-Hall-Karnak-1024x682.jpg\" \/>\n<meta name=\"twitter:card\" content=\"summary_large_image\" \/>\n<meta name=\"twitter:title\" content=\"Excursion d&#039;une journ\u00e9e \u00e0 Louxor depuis le port de Safaga\" \/>\n<meta name=\"twitter:label1\" content=\"Prix\" \/>\n\t<meta name=\"twitter:data1\" content=\"&euro;150\" \/>\n\t<meta name=\"twitter:label2\" content=\"Disponibilit\u00e9\" \/>\n\t<meta name=\"twitter:data2\" content=\"En stock\" \/>\n<script type=\"application\/ld+json\" class=\"yoast-schema-graph\">{\"@context\":\"https:\\\/\\\/schema.org\",\"@graph\":[{\"@type\":\"WebPage\",\"@id\":\"https:\\\/\\\/egytourpackages.com\\\/fr\\\/tours\\\/excursion-dune-journee-a-louxor-depuis-le-port-de-safaga\\\/\",\"url\":\"https:\\\/\\\/egytourpackages.com\\\/fr\\\/tours\\\/excursion-dune-journee-a-louxor-depuis-le-port-de-safaga\\\/\",\"name\":\"Excursion d'une journ\u00e9e \u00e0 Louxor depuis le port de Safaga\",\"isPartOf\":{\"@id\":\"https:\\\/\\\/egytourpackages.com\\\/fr\\\/#website\"},\"primaryImageOfPage\":{\"@id\":\"https:\\\/\\\/egytourpackages.com\\\/fr\\\/tours\\\/excursion-dune-journee-a-louxor-depuis-le-port-de-safaga\\\/#primaryimage\"},\"image\":{\"@id\":\"https:\\\/\\\/egytourpackages.com\\\/fr\\\/tours\\\/excursion-dune-journee-a-louxor-depuis-le-port-de-safaga\\\/#primaryimage\"},\"thumbnailUrl\":\"https:\\\/\\\/egytourpackages.com\\\/wp-content\\\/uploads\\\/2023\\\/05\\\/Hypostyle-Hall-Karnak.jpg\",\"datePublished\":\"2023-05-17T19:50:21+00:00\",\"dateModified\":\"2026-01-28T10:43:03+00:00\",\"description\":\"R\u00e9servez votre Excursion d'une journ\u00e9e \u00e0 Louxor depuis le port de Safaga. Visitez la Vall\u00e9e des Rois et Karnak avec un guide priv\u00e9 expert. Meilleur prix!\",\"breadcrumb\":{\"@id\":\"https:\\\/\\\/egytourpackages.com\\\/fr\\\/tours\\\/excursion-dune-journee-a-louxor-depuis-le-port-de-safaga\\\/#breadcrumb\"},\"inLanguage\":\"fr-FR\",\"potentialAction\":[{\"@type\":\"ReadAction\",\"target\":[\"https:\\\/\\\/egytourpackages.com\\\/fr\\\/tours\\\/excursion-dune-journee-a-louxor-depuis-le-port-de-safaga\\\/\"]}]},{\"@type\":\"ImageObject\",\"inLanguage\":\"fr-FR\",\"@id\":\"https:\\\/\\\/egytourpackages.com\\\/fr\\\/tours\\\/excursion-dune-journee-a-louxor-depuis-le-port-de-safaga\\\/#primaryimage\",\"url\":\"https:\\\/\\\/egytourpackages.com\\\/wp-content\\\/uploads\\\/2023\\\/05\\\/Hypostyle-Hall-Karnak.jpg\",\"contentUrl\":\"https:\\\/\\\/egytourpackages.com\\\/wp-content\\\/uploads\\\/2023\\\/05\\\/Hypostyle-Hall-Karnak.jpg\",\"width\":1600,\"height\":1066,\"caption\":\"Salle hypostyle de Karnak\"},{\"@type\":\"BreadcrumbList\",\"@id\":\"https:\\\/\\\/egytourpackages.com\\\/fr\\\/tours\\\/excursion-dune-journee-a-louxor-depuis-le-port-de-safaga\\\/#breadcrumb\",\"itemListElement\":[{\"@type\":\"ListItem\",\"position\":1,\"name\":\"Home\",\"item\":\"https:\\\/\\\/egytourpackages.com\\\/fr\\\/circuits-en-egypte\\\/\"},{\"@type\":\"ListItem\",\"position\":2,\"name\":\"Shop\",\"item\":\"https:\\\/\\\/egytourpackages.com\\\/shop\\\/\"},{\"@type\":\"ListItem\",\"position\":3,\"name\":\"Excursion d&rsquo;une journ\u00e9e \u00e0 Louxor depuis le port de Safaga\"}]},{\"@type\":\"WebSite\",\"@id\":\"https:\\\/\\\/egytourpackages.com\\\/fr\\\/#website\",\"url\":\"https:\\\/\\\/egytourpackages.com\\\/fr\\\/\",\"name\":\"Egy tour packages\",\"description\":\"\",\"publisher\":{\"@id\":\"https:\\\/\\\/egytourpackages.com\\\/fr\\\/#organization\"},\"potentialAction\":[{\"@type\":\"SearchAction\",\"target\":{\"@type\":\"EntryPoint\",\"urlTemplate\":\"https:\\\/\\\/egytourpackages.com\\\/fr\\\/?s={search_term_string}\"},\"query-input\":{\"@type\":\"PropertyValueSpecification\",\"valueRequired\":true,\"valueName\":\"search_term_string\"}}],\"inLanguage\":\"fr-FR\"},{\"@type\":[\"Organization\",\"Place\",\"TravelAgency\"],\"@id\":\"https:\\\/\\\/egytourpackages.com\\\/fr\\\/#organization\",\"name\":\"egypt tour packages\",\"alternateName\":\"egypt tour packages\",\"url\":\"https:\\\/\\\/egytourpackages.com\\\/fr\\\/\",\"logo\":{\"@id\":\"https:\\\/\\\/egytourpackages.com\\\/fr\\\/tours\\\/excursion-dune-journee-a-louxor-depuis-le-port-de-safaga\\\/#local-main-organization-logo\"},\"image\":{\"@id\":\"https:\\\/\\\/egytourpackages.com\\\/fr\\\/tours\\\/excursion-dune-journee-a-louxor-depuis-le-port-de-safaga\\\/#local-main-organization-logo\"},\"sameAs\":[\"https:\\\/\\\/www.facebook.com\\\/egytourpackages\"],\"legalName\":\"Egy tour packages\",\"address\":{\"@id\":\"https:\\\/\\\/egytourpackages.com\\\/fr\\\/tours\\\/excursion-dune-journee-a-louxor-depuis-le-port-de-safaga\\\/#local-main-place-address\"},\"telephone\":[\"00201000852186\",\"00201028685533\"],\"contactPoint\":{\"@type\":\"ContactPoint\",\"telephone\":\"00201000852186\"},\"openingHoursSpecification\":[{\"@type\":\"OpeningHoursSpecification\",\"dayOfWeek\":[\"Monday\",\"Tuesday\",\"Wednesday\",\"Thursday\",\"Friday\",\"Saturday\",\"Sunday\"],\"opens\":\"00:00\",\"closes\":\"23:59\"}],\"email\":\"info@egytourpackages.com\",\"areaServed\":\"Cairo, Hurghada, Luxor, Sharm El Sheikh, Marsa Alam, Aswan\",\"priceRange\":\"$\",\"currenciesAccepted\":\"euro\",\"paymentAccepted\":\"Payment links online\"},{\"@type\":\"PostalAddress\",\"@id\":\"https:\\\/\\\/egytourpackages.com\\\/fr\\\/tours\\\/excursion-dune-journee-a-louxor-depuis-le-port-de-safaga\\\/#local-main-place-address\",\"streetAddress\":\"Mubarak 8, Al Kawthar District, Hurghada\",\"addressLocality\":\"Hurghada\",\"postalCode\":\"84511\",\"addressRegion\":\"Red Sea\",\"addressCountry\":\"EG\"},{\"@type\":\"ImageObject\",\"inLanguage\":\"fr-FR\",\"@id\":\"https:\\\/\\\/egytourpackages.com\\\/fr\\\/tours\\\/excursion-dune-journee-a-louxor-depuis-le-port-de-safaga\\\/#local-main-organization-logo\",\"url\":\"https:\\\/\\\/egytourpackages.com\\\/wp-content\\\/uploads\\\/2025\\\/12\\\/Turquoise-Dahabiya-Nile-Cruise-1.jpeg\",\"contentUrl\":\"https:\\\/\\\/egytourpackages.com\\\/wp-content\\\/uploads\\\/2025\\\/12\\\/Turquoise-Dahabiya-Nile-Cruise-1.jpeg\",\"width\":1040,\"height\":694,\"caption\":\"egypt tour packages\"}]}<\/script>\n<meta property=\"product:brand\" content=\"Excursions \u00e0 Louxor au d\u00e9part d&#039;Hurghada\" \/>\n<meta property=\"product:price:amount\" content=\"150\" \/>\n<meta property=\"product:price:currency\" content=\"EUR\" \/>\n<meta property=\"og:availability\" content=\"instock\" \/>\n<meta property=\"product:availability\" content=\"instock\" \/>\n<meta property=\"product:retailer_item_id\" content=\"SBE06\" \/>\n<meta property=\"product:condition\" content=\"new\" \/>\n<meta name=\"geo.placename\" content=\"Hurghada\" \/>\n<meta name=\"geo.region\" content=\"\u00c9gypte\" \/>\n<!-- \/ Yoast SEO Premium plugin. -->","yoast_head_json":{"title":"Excursion d'une journ\u00e9e \u00e0 Louxor depuis le port de Safaga","description":"R\u00e9servez votre Excursion d'une journ\u00e9e \u00e0 Louxor depuis le port de Safaga. Visitez la Vall\u00e9e des Rois et Karnak avec un guide priv\u00e9 expert. Meilleur prix!","robots":{"index":"index","follow":"follow","max-snippet":"max-snippet:-1","max-image-preview":"max-image-preview:large","max-video-preview":"max-video-preview:-1"},"canonical":"https:\/\/egytourpackages.com\/fr\/tours\/excursion-dune-journee-a-louxor-depuis-le-port-de-safaga\/","og_locale":"fr_FR","og_type":"article","og_title":"Excursion d'une journ\u00e9e \u00e0 Louxor depuis le port de Safaga","og_description":"R\u00e9servez votre Excursion d'une journ\u00e9e \u00e0 Louxor depuis le port de Safaga. Visitez la Vall\u00e9e des Rois et Karnak avec un guide priv\u00e9 expert. Meilleur prix!","og_url":"https:\/\/egytourpackages.com\/fr\/tours\/excursion-dune-journee-a-louxor-depuis-le-port-de-safaga\/","og_site_name":"Egypt Tour Packages","article_publisher":"https:\/\/www.facebook.com\/egytourpackages","article_modified_time":"2026-01-28T10:43:03+00:00","og_image":[{"url":"https:\/\/egytourpackages.com\/wp-content\/uploads\/2023\/05\/Hypostyle-Hall-Karnak-1024x682.jpg","type":"","width":"","height":""}],"twitter_card":"summary_large_image","twitter_title":"Excursion d'une journ\u00e9e \u00e0 Louxor depuis le port de Safaga","twitter_misc":{"Prix":"&euro;150","Disponibilit\u00e9":"En stock"},"schema":{"@context":"https:\/\/schema.org","@graph":[{"@type":"WebPage","@id":"https:\/\/egytourpackages.com\/fr\/tours\/excursion-dune-journee-a-louxor-depuis-le-port-de-safaga\/","url":"https:\/\/egytourpackages.com\/fr\/tours\/excursion-dune-journee-a-louxor-depuis-le-port-de-safaga\/","name":"Excursion d'une journ\u00e9e \u00e0 Louxor depuis le port de Safaga","isPartOf":{"@id":"https:\/\/egytourpackages.com\/fr\/#website"},"primaryImageOfPage":{"@id":"https:\/\/egytourpackages.com\/fr\/tours\/excursion-dune-journee-a-louxor-depuis-le-port-de-safaga\/#primaryimage"},"image":{"@id":"https:\/\/egytourpackages.com\/fr\/tours\/excursion-dune-journee-a-louxor-depuis-le-port-de-safaga\/#primaryimage"},"thumbnailUrl":"https:\/\/egytourpackages.com\/wp-content\/uploads\/2023\/05\/Hypostyle-Hall-Karnak.jpg","datePublished":"2023-05-17T19:50:21+00:00","dateModified":"2026-01-28T10:43:03+00:00","description":"R\u00e9servez votre Excursion d'une journ\u00e9e \u00e0 Louxor depuis le port de Safaga. Visitez la Vall\u00e9e des Rois et Karnak avec un guide priv\u00e9 expert. Meilleur prix!","breadcrumb":{"@id":"https:\/\/egytourpackages.com\/fr\/tours\/excursion-dune-journee-a-louxor-depuis-le-port-de-safaga\/#breadcrumb"},"inLanguage":"fr-FR","potentialAction":[{"@type":"ReadAction","target":["https:\/\/egytourpackages.com\/fr\/tours\/excursion-dune-journee-a-louxor-depuis-le-port-de-safaga\/"]}]},{"@type":"ImageObject","inLanguage":"fr-FR","@id":"https:\/\/egytourpackages.com\/fr\/tours\/excursion-dune-journee-a-louxor-depuis-le-port-de-safaga\/#primaryimage","url":"https:\/\/egytourpackages.com\/wp-content\/uploads\/2023\/05\/Hypostyle-Hall-Karnak.jpg","contentUrl":"https:\/\/egytourpackages.com\/wp-content\/uploads\/2023\/05\/Hypostyle-Hall-Karnak.jpg","width":1600,"height":1066,"caption":"Salle hypostyle de Karnak"},{"@type":"BreadcrumbList","@id":"https:\/\/egytourpackages.com\/fr\/tours\/excursion-dune-journee-a-louxor-depuis-le-port-de-safaga\/#breadcrumb","itemListElement":[{"@type":"ListItem","position":1,"name":"Home","item":"https:\/\/egytourpackages.com\/fr\/circuits-en-egypte\/"},{"@type":"ListItem","position":2,"name":"Shop","item":"https:\/\/egytourpackages.com\/shop\/"},{"@type":"ListItem","position":3,"name":"Excursion d&rsquo;une journ\u00e9e \u00e0 Louxor depuis le port de Safaga"}]},{"@type":"WebSite","@id":"https:\/\/egytourpackages.com\/fr\/#website","url":"https:\/\/egytourpackages.com\/fr\/","name":"Egy tour packages","description":"","publisher":{"@id":"https:\/\/egytourpackages.com\/fr\/#organization"},"potentialAction":[{"@type":"SearchAction","target":{"@type":"EntryPoint","urlTemplate":"https:\/\/egytourpackages.com\/fr\/?s={search_term_string}"},"query-input":{"@type":"PropertyValueSpecification","valueRequired":true,"valueName":"search_term_string"}}],"inLanguage":"fr-FR"},{"@type":["Organization","Place","TravelAgency"],"@id":"https:\/\/egytourpackages.com\/fr\/#organization","name":"egypt tour packages","alternateName":"egypt tour packages","url":"https:\/\/egytourpackages.com\/fr\/","logo":{"@id":"https:\/\/egytourpackages.com\/fr\/tours\/excursion-dune-journee-a-louxor-depuis-le-port-de-safaga\/#local-main-organization-logo"},"image":{"@id":"https:\/\/egytourpackages.com\/fr\/tours\/excursion-dune-journee-a-louxor-depuis-le-port-de-safaga\/#local-main-organization-logo"},"sameAs":["https:\/\/www.facebook.com\/egytourpackages"],"legalName":"Egy tour packages","address":{"@id":"https:\/\/egytourpackages.com\/fr\/tours\/excursion-dune-journee-a-louxor-depuis-le-port-de-safaga\/#local-main-place-address"},"telephone":["00201000852186","00201028685533"],"contactPoint":{"@type":"ContactPoint","telephone":"00201000852186"},"openingHoursSpecification":[{"@type":"OpeningHoursSpecification","dayOfWeek":["Monday","Tuesday","Wednesday","Thursday","Friday","Saturday","Sunday"],"opens":"00:00","closes":"23:59"}],"email":"info@egytourpackages.com","areaServed":"Cairo, Hurghada, Luxor, Sharm El Sheikh, Marsa Alam, Aswan","priceRange":"$","currenciesAccepted":"euro","paymentAccepted":"Payment links online"},{"@type":"PostalAddress","@id":"https:\/\/egytourpackages.com\/fr\/tours\/excursion-dune-journee-a-louxor-depuis-le-port-de-safaga\/#local-main-place-address","streetAddress":"Mubarak 8, Al Kawthar District, Hurghada","addressLocality":"Hurghada","postalCode":"84511","addressRegion":"Red Sea","addressCountry":"EG"},{"@type":"ImageObject","inLanguage":"fr-FR","@id":"https:\/\/egytourpackages.com\/fr\/tours\/excursion-dune-journee-a-louxor-depuis-le-port-de-safaga\/#local-main-organization-logo","url":"https:\/\/egytourpackages.com\/wp-content\/uploads\/2025\/12\/Turquoise-Dahabiya-Nile-Cruise-1.jpeg","contentUrl":"https:\/\/egytourpackages.com\/wp-content\/uploads\/2025\/12\/Turquoise-Dahabiya-Nile-Cruise-1.jpeg","width":1040,"height":694,"caption":"egypt tour packages"}]},"product_brand":"Excursions \u00e0 Louxor au d\u00e9part d'Hurghada","product_price_amount":"150","product_price_currency":"EUR","og_availability":"instock","product_availability":"instock","product_retailer_item_id":"SBE06","product_condition":"new","geo.placename":"Hurghada","geo.region":"\u00c9gypte"},"_links":{"self":[{"href":"https:\/\/egytourpackages.com\/fr\/wp-json\/wp\/v2\/product\/13469","targetHints":{"allow":["GET"]}}],"collection":[{"href":"https:\/\/egytourpackages.com\/fr\/wp-json\/wp\/v2\/product"}],"about":[{"href":"https:\/\/egytourpackages.com\/fr\/wp-json\/wp\/v2\/types\/product"}],"replies":[{"embeddable":true,"href":"https:\/\/egytourpackages.com\/fr\/wp-json\/wp\/v2\/comments?post=13469"}],"wp:featuredmedia":[{"embeddable":true,"href":"https:\/\/egytourpackages.com\/fr\/wp-json\/wp\/v2\/media\/13470"}],"wp:attachment":[{"href":"https:\/\/egytourpackages.com\/fr\/wp-json\/wp\/v2\/media?parent=13469"}],"wp:term":[{"taxonomy":"product_brand","embeddable":true,"href":"https:\/\/egytourpackages.com\/fr\/wp-json\/wp\/v2\/product_brand?post=13469"},{"taxonomy":"product_cat","embeddable":true,"href":"https:\/\/egytourpackages.com\/fr\/wp-json\/wp\/v2\/product_cat?post=13469"},{"taxonomy":"product_tag","embeddable":true,"href":"https:\/\/egytourpackages.com\/fr\/wp-json\/wp\/v2\/product_tag?post=13469"}],"curies":[{"name":"wp","href":"https:\/\/api.w.org\/{rel}","templated":true}]}}