{"id":13484,"date":"2023-07-12T00:56:52","date_gmt":"2023-07-12T00:56:52","guid":{"rendered":"https:\/\/egytourpackages.com\/product\/excursion-privee-a-louxor-depuis-marsa-alam\/"},"modified":"2026-01-20T11:35:04","modified_gmt":"2026-01-20T11:35:04","slug":"excursion-privee-a-louxor-depuis-marsa-alam","status":"publish","type":"product","link":"https:\/\/egytourpackages.com\/fr\/tours\/excursion-privee-a-louxor-depuis-marsa-alam\/","title":{"rendered":"Excursion Priv\u00e9e \u00e0 Louxor depuis Marsa Alam"},"content":{"rendered":"<p><span style=\"color: #ff6600;\"><strong>Excursion Priv\u00e9e \u00e0 Louxor depuis Marsa Alam | Garantie du Meilleur Prix<\/strong><\/span><\/p>\n<p>R\u00e9servez une <strong>excursion priv\u00e9e \u00e0 Louxor depuis Marsa Alam<\/strong> et explorez certains des plus beaux <strong>sites touristiques d&rsquo;\u00c9gypte<\/strong> avec nos <strong>excursions d&rsquo;une journ\u00e9e en \u00c9gypte<\/strong>.<\/p>\n<p><strong>Egy Tour Packages<\/strong> propose des circuits au d\u00e9part de Marsa Alam pour d\u00e9couvrir les <strong>attractions de Louxor<\/strong> sur les rives est et ouest du Nil.<\/p>\n<p>Votre visite de la rive est de Louxor inclut le <strong>temple d&rsquo;Amon<\/strong>, ou complexe du <strong>temple de Karnak<\/strong>, qui comprend le <strong>temple de Mout<\/strong>, la <strong>chapelle rouge<\/strong>, la chapelle blanche, le <strong>temple de Ptah<\/strong> et la salle des f\u00eates de Thoutmosis III.<\/p>\n<p>Vous pourrez \u00e9galement admirer la <strong>Grande Salle Hypostyle<\/strong>, le jardin botanique, l&rsquo;<strong>ob\u00e9lisque d&rsquo;Hatchepsout<\/strong>, le <strong>lac sacr\u00e9<\/strong>, le scarab\u00e9e g\u00e9ant et la cachette de Louxor. Les magnifiques reliefs muraux retracent les rituels quotidiens, l&rsquo;agriculture, la religion et les croyances fun\u00e9raires.<\/p>\n<p>Par ailleurs, vos <strong>excursions \u00e0 Louxor<\/strong> incluent la <strong>Vall\u00e9e des Rois<\/strong> et la tombe de Tout\u00e2nkhamon. Vous visiterez aussi le temple fun\u00e9raire d&rsquo;<strong>Hatchepsout<\/strong> \u00e0 <strong>Deir el-Bahari<\/strong> et les c\u00e9l\u00e8bres <strong>Colosses de Memnon<\/strong> d&rsquo;Am\u00e9nophis III.<\/p>\n<p>Louxor regorge d&rsquo;histoire, notamment sur la rive ouest avec le <strong>Ramesseum<\/strong>, les <strong>tombes des Nobles<\/strong>, le <strong>temple de M\u00e9dinet Habou<\/strong> et la <strong>Vall\u00e9e des Reines<\/strong>.<\/p>\n<p>Votre circuit priv\u00e9 sera anim\u00e9 par un guide expert qui r\u00e9pondra \u00e0 toutes vos questions sur la <strong>civilisation \u00e9gyptienne antique<\/strong> et l&rsquo;<strong>histoire de l&rsquo;\u00c9gypte ancienne<\/strong>.<\/p>\n<p>Il vous parlera des ouvriers de <strong>Deir El M\u00e9dina<\/strong>, b\u00e2tisseurs de la Vall\u00e9e des Rois, ainsi que des <strong>dieux \u00e9gyptiens<\/strong>, de la <strong>mythologie \u00e9gyptienne<\/strong> et des l\u00e9gendes pharaoniques.<\/p>\n<h3><span style=\"color: #ff6600;\">D\u00e9tails<\/span><\/h3>\n<ul>\n<li>Dur\u00e9e : 17 heures<\/li>\n<li>Lieu : Louxor<\/li>\n<li>Disponibilit\u00e9 : tous les jours<\/li>\n<li>Prise en charge &amp; Retour : votre h\u00f4tel \u00e0 Marsa Alam<\/li>\n<li>Type de circuit : priv\u00e9.<\/li>\n<li>Accessibilit\u00e9 : accessible en fauteuil roulant.<\/li>\n<\/ul>\n<h3><span style=\"color: #ff6600;\">Inclusions<\/span><\/h3>\n<ul>\n<li>Transfert aller-retour en v\u00e9hicule priv\u00e9 neuf et climatis\u00e9.<\/li>\n<li>Guide arch\u00e9ologue expert.<\/li>\n<li>Frais d&rsquo;entr\u00e9e pour tous les sites mentionn\u00e9s.<\/li>\n<li>D\u00e9jeuner dans un restaurant local.<\/li>\n<\/ul>\n<h3><span style=\"color: #ff6600;\">Exclusions<\/span><\/h3>\n<ul>\n<li>Boissons pendant le d\u00e9jeuner.<\/li>\n<li>Tombe de Rams\u00e8s V et Rams\u00e8s VI (KV9).<\/li>\n<li>Tombe de S\u00e9thi Ier (KV17).<\/li>\n<li>Tombe de Tout\u00e2nkhamon (KV62).<\/li>\n<li>Pourboires.<\/li>\n<\/ul>\n<h3><span style=\"color: #ff6600;\">\u00c0 emporter<\/span><\/h3>\n<ul>\n<li>Chapeau, lunettes de soleil et cr\u00e8me solaire.<\/li>\n<li>Chaussures et v\u00eatements confortables.<\/li>\n<\/ul>\n<h2><span style=\"color: #ff6600;\">Itin\u00e9raire<\/span><\/h2>\n<h3><span style=\"color: #ff6600;\">04h00 : Prise en charge<\/span><\/h3>\n<p>D\u00e9part de votre h\u00f4tel \u00e0 Marsa Alam dans un v\u00e9hicule priv\u00e9 tout confort.<\/p>\n<h3><span style=\"color: #ff6600;\">06h00 : Point de contr\u00f4le de Safaga<\/span><\/h3>\n<p>Passage obligatoire du point de contr\u00f4le pour rejoindre le convoi en direction de Louxor.<\/p>\n<h3><span style=\"color: #ff6600;\">07h00 : Courte pause<\/span><\/h3>\n<p>Pause caf\u00e9 de 20 minutes dans un salon confortable. Vous pourrez y prendre votre petit-d\u00e9jeuner et utiliser les toilettes (pr\u00e9voir 10 L.E. par personne).<\/p>\n<h3><span style=\"color: #ff6600;\">09h30 : Complexe des temples de Karnak<\/span><\/h3>\n<p>Le complexe de Karnak, sur la rive est, s&rsquo;\u00e9tend sur plus de 2 000 ans d&rsquo;histoire. Explorez les <strong>lacs sacr\u00e9s<\/strong>, les ob\u00e9lisques g\u00e9ants et les chapelles d\u00e9di\u00e9es \u00e0 Amon, Mout et <strong>Khonsou<\/strong>. Admirez la salle hypostyle et ses 134 colonnes massives, ainsi que le <strong>jardin botanique<\/strong>.<\/p>\n<h3><span style=\"color: #ff6600;\">11h30 : D\u00e9jeuner<\/span><\/h3>\n<p>Savourez un repas fra\u00eechement pr\u00e9par\u00e9 dans un restaurant local (options v\u00e9g\u00e9tariennes disponibles).<\/p>\n<h3><span style=\"color: #ff6600;\">12h15 : Courte croisi\u00e8re sur le Nil<\/span><\/h3>\n<p>Profitez d&rsquo;une <strong>balade de 30 minutes en bateau sur le Nil<\/strong>. C&rsquo;est le moment id\u00e9al pour observer la vie locale et photographier les monuments embl\u00e9matiques depuis le fleuve, comme le faisaient autrefois les pharaons.<\/p>\n<h3><span style=\"color: #ff6600;\">12h50 : Colosses de Memnon<\/span><\/h3>\n<p>Ces deux statues monumentales d&rsquo;<strong>Am\u00e9nophis III<\/strong> s&rsquo;\u00e9l\u00e8vent \u00e0 plus de 18 m\u00e8tres de haut. Vieux de 3 400 ans, ces <strong>monuments de l&rsquo;\u00c9gypte ancienne<\/strong> gardaient autrefois l&rsquo;entr\u00e9e de son temple fun\u00e9raire aujourd&rsquo;hui disparu.<\/p>\n<h3><span style=\"color: #ff6600;\">13h15 : Vall\u00e9e des Rois<\/span><\/h3>\n<p>Ce <strong>site arch\u00e9ologique<\/strong> majeur est le point d&rsquo;orgue de toute <strong>excursion d&rsquo;une journ\u00e9e \u00e0 Louxor<\/strong>. Vous d\u00e9couvrirez des tombes souterraines richement d\u00e9cor\u00e9es.<\/p>\n<p>Votre billet vous permet de visiter 3 tombes parmi une s\u00e9lection (Rams\u00e8s IV, Rams\u00e8s III, Merenptah, etc.). Les photos \u00e0 l&rsquo;int\u00e9rieur sont d\u00e9sormais autoris\u00e9es et gratuites.<\/p>\n<h3><span style=\"color: #ff6600;\">14h45 : Temple d&rsquo;Hatchepsout<\/span><\/h3>\n<p>Le <strong>temple fun\u00e9raire de la reine Hatchepsout<\/strong>, taill\u00e9 \u00e0 m\u00eame la falaise \u00e0 Deir el-Bahari, est un symbole du <strong>pouvoir f\u00e9minin<\/strong> et de l&rsquo;art du <strong>Nouvel Empire<\/strong>. Admirez les reliefs retra\u00e7ant l&rsquo;exp\u00e9dition vers le pays de <strong>Pount<\/strong> et son couronnement.<\/p>\n<p>\u00c0 la fin de la visite, retour vers votre h\u00f4tel \u00e0 Marsa Alam.<\/p>\n<h3><span style=\"color: #ff6600;\">Prix de l&rsquo;excursion priv\u00e9e \u00e0 Louxor depuis Marsa Alam<\/span><\/h3>\n<ul>\n<li>Prix Adulte : 150 \u20ac<\/li>\n<li>Enfants 0-5 ans : gratuit.<\/li>\n<li>Enfants 5-11 ans : 50 % du prix adulte<\/li>\n<\/ul>\n<h3><span style=\"color: #ff6600;\">R\u00e9servation<\/span><\/h3>\n<p>R\u00e9servez via WhatsApp ou par e-mail pour recevoir une confirmation imm\u00e9diate.<\/p>\n<p>Merci de nous fournir : nom de l&rsquo;h\u00f4tel, num\u00e9ro de chambre et copies des passeports.<\/p>\n<ul>\n<li>WhatsApp : +20 1000852186<\/li>\n<li>E-mail : info@egytourpackages.com<\/li>\n<\/ul>\n<h3><span style=\"color: #ff6600;\">R\u00e9servez maintenant et payez sur place !<\/span><\/h3>\n<p>Le r\u00e8glement s&rsquo;effectue le jour du voyage en livres \u00e9gyptiennes, $, \u20ac ou \u00a3.<\/p>\n<h3><span style=\"color: #ff6600;\">Politique d&rsquo;annulation<\/span><\/h3>\n<ul>\n<li>Annulation gratuite jusqu&rsquo;\u00e0 24 heures \u00e0 l&rsquo;avance.<\/li>\n<li>Annulation le matin m\u00eame : 50% du prix total.<\/li>\n<\/ul>\n","protected":false},"excerpt":{"rendered":"<p>R\u00e9servez votre Excursion Priv\u00e9e \u00e0 Louxor depuis Marsa Alam. Visitez la Vall\u00e9e des Rois, Karnak et Hatchepsout avec un guide expert. Meilleur prix garanti !<\/p>\n","protected":false},"featured_media":13486,"comment_status":"open","ping_status":"closed","template":"","meta":[],"product_brand":[],"product_cat":[3124],"product_tag":[3817,3276],"class_list":{"0":"post-13484","1":"product","2":"type-product","3":"status-publish","4":"has-post-thumbnail","6":"product_cat-tours-fr","7":"product_tag-excursion-de-un-dia-a-luxor","8":"product_tag-visites-guidees-de-marsa-alam","9":"tour_category-circuits-et-excursions-marsa-alam-fr","10":"tour_category-excursions-en-egypte-fr","12":"first","13":"instock","14":"sale","15":"shipping-taxable","16":"purchasable","17":"product-type-tour","18":"has-default-attributes"},"yoast_head":"<!-- This site is optimized with the Yoast SEO Premium plugin v27.4 (Yoast SEO v27.4) - https:\/\/yoast.com\/product\/yoast-seo-premium-wordpress\/ -->\n<title>Excursion Priv\u00e9e \u00e0 Louxor depuis Marsa Alam<\/title>\n<meta name=\"description\" content=\"R\u00e9servez votre Excursion Priv\u00e9e \u00e0 Louxor depuis Marsa Alam. Visitez la Vall\u00e9e des Rois, Karnak et Hatchepsout avec un guide expert. Meilleur prix garanti !\" \/>\n<meta name=\"robots\" content=\"index, follow, max-snippet:-1, max-image-preview:large, max-video-preview:-1\" \/>\n<link rel=\"canonical\" href=\"https:\/\/egytourpackages.com\/fr\/tours\/excursion-privee-a-louxor-depuis-marsa-alam\/\" \/>\n<meta property=\"og:locale\" content=\"fr_FR\" \/>\n<meta property=\"og:type\" content=\"article\" \/>\n<meta property=\"og:title\" content=\"Excursion Priv\u00e9e \u00e0 Louxor depuis Marsa Alam\" \/>\n<meta property=\"og:description\" content=\"R\u00e9servez votre Excursion Priv\u00e9e \u00e0 Louxor depuis Marsa Alam. Visitez la Vall\u00e9e des Rois, Karnak et Hatchepsout avec un guide expert. Meilleur prix garanti !\" \/>\n<meta property=\"og:url\" content=\"https:\/\/egytourpackages.com\/fr\/tours\/excursion-privee-a-louxor-depuis-marsa-alam\/\" \/>\n<meta property=\"og:site_name\" content=\"Egypt Tour Packages\" \/>\n<meta property=\"article:publisher\" content=\"https:\/\/www.facebook.com\/egytourpackages\" \/>\n<meta property=\"article:modified_time\" content=\"2026-01-20T11:35:04+00:00\" \/>\n<meta property=\"og:image\" content=\"https:\/\/egytourpackages.com\/wp-content\/uploads\/2023\/07\/Valley-of-the-Kings-Luxor-west-bank-1024x682.jpg\" \/>\n<meta name=\"twitter:card\" content=\"summary_large_image\" \/>\n<meta name=\"twitter:title\" content=\"Excursion Priv\u00e9e \u00e0 Louxor depuis Marsa Alam\" \/>\n<meta name=\"twitter:description\" content=\"R\u00e9servez votre Excursion Priv\u00e9e \u00e0 Louxor depuis Marsa Alam. Visitez la Vall\u00e9e des Rois, Karnak et Hatchepsout avec un guide expert. Meilleur prix garanti !\" \/>\n<meta name=\"twitter:image\" content=\"https:\/\/egytourpackages.com\/wp-content\/uploads\/2023\/07\/Valley-of-the-Kings-Luxor-west-bank-1024x682.jpg\" \/>\n<meta name=\"twitter:label1\" content=\"Prix\" \/>\n\t<meta name=\"twitter:data1\" content=\"&euro;150\" \/>\n\t<meta name=\"twitter:label2\" content=\"Disponibilit\u00e9\" \/>\n\t<meta name=\"twitter:data2\" content=\"En stock\" \/>\n<script type=\"application\/ld+json\" class=\"yoast-schema-graph\">{\"@context\":\"https:\\\/\\\/schema.org\",\"@graph\":[{\"@type\":\"WebPage\",\"@id\":\"https:\\\/\\\/egytourpackages.com\\\/fr\\\/tours\\\/excursion-privee-a-louxor-depuis-marsa-alam\\\/\",\"url\":\"https:\\\/\\\/egytourpackages.com\\\/fr\\\/tours\\\/excursion-privee-a-louxor-depuis-marsa-alam\\\/\",\"name\":\"Excursion Priv\u00e9e \u00e0 Louxor depuis Marsa Alam\",\"isPartOf\":{\"@id\":\"https:\\\/\\\/egytourpackages.com\\\/fr\\\/#website\"},\"primaryImageOfPage\":{\"@id\":\"https:\\\/\\\/egytourpackages.com\\\/fr\\\/tours\\\/excursion-privee-a-louxor-depuis-marsa-alam\\\/#primaryimage\"},\"image\":{\"@id\":\"https:\\\/\\\/egytourpackages.com\\\/fr\\\/tours\\\/excursion-privee-a-louxor-depuis-marsa-alam\\\/#primaryimage\"},\"thumbnailUrl\":\"https:\\\/\\\/egytourpackages.com\\\/wp-content\\\/uploads\\\/2023\\\/07\\\/Valley-of-the-Kings-Luxor-west-bank.jpg\",\"datePublished\":\"2023-07-12T00:56:52+00:00\",\"dateModified\":\"2026-01-20T11:35:04+00:00\",\"description\":\"R\u00e9servez votre Excursion Priv\u00e9e \u00e0 Louxor depuis Marsa Alam. Visitez la Vall\u00e9e des Rois, Karnak et Hatchepsout avec un guide expert. Meilleur prix garanti !\",\"breadcrumb\":{\"@id\":\"https:\\\/\\\/egytourpackages.com\\\/fr\\\/tours\\\/excursion-privee-a-louxor-depuis-marsa-alam\\\/#breadcrumb\"},\"inLanguage\":\"fr-FR\",\"potentialAction\":[{\"@type\":\"ReadAction\",\"target\":[\"https:\\\/\\\/egytourpackages.com\\\/fr\\\/tours\\\/excursion-privee-a-louxor-depuis-marsa-alam\\\/\"]}]},{\"@type\":\"ImageObject\",\"inLanguage\":\"fr-FR\",\"@id\":\"https:\\\/\\\/egytourpackages.com\\\/fr\\\/tours\\\/excursion-privee-a-louxor-depuis-marsa-alam\\\/#primaryimage\",\"url\":\"https:\\\/\\\/egytourpackages.com\\\/wp-content\\\/uploads\\\/2023\\\/07\\\/Valley-of-the-Kings-Luxor-west-bank.jpg\",\"contentUrl\":\"https:\\\/\\\/egytourpackages.com\\\/wp-content\\\/uploads\\\/2023\\\/07\\\/Valley-of-the-Kings-Luxor-west-bank.jpg\",\"width\":2000,\"height\":1333,\"caption\":\"Vall\u00e9e des Rois, rive ouest de Louxor\"},{\"@type\":\"BreadcrumbList\",\"@id\":\"https:\\\/\\\/egytourpackages.com\\\/fr\\\/tours\\\/excursion-privee-a-louxor-depuis-marsa-alam\\\/#breadcrumb\",\"itemListElement\":[{\"@type\":\"ListItem\",\"position\":1,\"name\":\"Home\",\"item\":\"https:\\\/\\\/egytourpackages.com\\\/fr\\\/circuits-en-egypte\\\/\"},{\"@type\":\"ListItem\",\"position\":2,\"name\":\"Shop\",\"item\":\"https:\\\/\\\/egytourpackages.com\\\/shop\\\/\"},{\"@type\":\"ListItem\",\"position\":3,\"name\":\"Excursion Priv\u00e9e \u00e0 Louxor depuis Marsa Alam\"}]},{\"@type\":\"WebSite\",\"@id\":\"https:\\\/\\\/egytourpackages.com\\\/fr\\\/#website\",\"url\":\"https:\\\/\\\/egytourpackages.com\\\/fr\\\/\",\"name\":\"Egy tour packages\",\"description\":\"\",\"publisher\":{\"@id\":\"https:\\\/\\\/egytourpackages.com\\\/fr\\\/#organization\"},\"potentialAction\":[{\"@type\":\"SearchAction\",\"target\":{\"@type\":\"EntryPoint\",\"urlTemplate\":\"https:\\\/\\\/egytourpackages.com\\\/fr\\\/?s={search_term_string}\"},\"query-input\":{\"@type\":\"PropertyValueSpecification\",\"valueRequired\":true,\"valueName\":\"search_term_string\"}}],\"inLanguage\":\"fr-FR\"},{\"@type\":[\"Organization\",\"Place\",\"TravelAgency\"],\"@id\":\"https:\\\/\\\/egytourpackages.com\\\/fr\\\/#organization\",\"name\":\"egypt tour packages\",\"alternateName\":\"egypt tour packages\",\"url\":\"https:\\\/\\\/egytourpackages.com\\\/fr\\\/\",\"logo\":{\"@id\":\"https:\\\/\\\/egytourpackages.com\\\/fr\\\/tours\\\/excursion-privee-a-louxor-depuis-marsa-alam\\\/#local-main-organization-logo\"},\"image\":{\"@id\":\"https:\\\/\\\/egytourpackages.com\\\/fr\\\/tours\\\/excursion-privee-a-louxor-depuis-marsa-alam\\\/#local-main-organization-logo\"},\"sameAs\":[\"https:\\\/\\\/www.facebook.com\\\/egytourpackages\"],\"legalName\":\"Egy tour packages\",\"address\":{\"@id\":\"https:\\\/\\\/egytourpackages.com\\\/fr\\\/tours\\\/excursion-privee-a-louxor-depuis-marsa-alam\\\/#local-main-place-address\"},\"telephone\":[\"00201000852186\",\"00201028685533\"],\"contactPoint\":{\"@type\":\"ContactPoint\",\"telephone\":\"00201000852186\"},\"openingHoursSpecification\":[{\"@type\":\"OpeningHoursSpecification\",\"dayOfWeek\":[\"Monday\",\"Tuesday\",\"Wednesday\",\"Thursday\",\"Friday\",\"Saturday\",\"Sunday\"],\"opens\":\"00:00\",\"closes\":\"23:59\"}],\"email\":\"info@egytourpackages.com\",\"areaServed\":\"Cairo, Hurghada, Luxor, Sharm El Sheikh, Marsa Alam, Aswan\",\"priceRange\":\"$\",\"currenciesAccepted\":\"euro\",\"paymentAccepted\":\"Payment links online\"},{\"@type\":\"PostalAddress\",\"@id\":\"https:\\\/\\\/egytourpackages.com\\\/fr\\\/tours\\\/excursion-privee-a-louxor-depuis-marsa-alam\\\/#local-main-place-address\",\"streetAddress\":\"Mubarak 8, Al Kawthar District, Hurghada\",\"addressLocality\":\"Hurghada\",\"postalCode\":\"84511\",\"addressRegion\":\"Red Sea\",\"addressCountry\":\"EG\"},{\"@type\":\"ImageObject\",\"inLanguage\":\"fr-FR\",\"@id\":\"https:\\\/\\\/egytourpackages.com\\\/fr\\\/tours\\\/excursion-privee-a-louxor-depuis-marsa-alam\\\/#local-main-organization-logo\",\"url\":\"https:\\\/\\\/egytourpackages.com\\\/wp-content\\\/uploads\\\/2025\\\/12\\\/Turquoise-Dahabiya-Nile-Cruise-1.jpeg\",\"contentUrl\":\"https:\\\/\\\/egytourpackages.com\\\/wp-content\\\/uploads\\\/2025\\\/12\\\/Turquoise-Dahabiya-Nile-Cruise-1.jpeg\",\"width\":1040,\"height\":694,\"caption\":\"egypt tour packages\"}]}<\/script>\n<meta property=\"product:brand\" content=\"Circuits et excursions Marsa Alam\" \/>\n<meta property=\"product:price:amount\" content=\"150\" \/>\n<meta property=\"product:price:currency\" content=\"EUR\" \/>\n<meta property=\"og:availability\" content=\"instock\" \/>\n<meta property=\"product:availability\" content=\"instock\" \/>\n<meta property=\"product:retailer_item_id\" content=\"MAT15\" \/>\n<meta property=\"product:condition\" content=\"new\" \/>\n<meta name=\"geo.placename\" content=\"Hurghada\" \/>\n<meta name=\"geo.region\" content=\"\u00c9gypte\" \/>\n<!-- \/ Yoast SEO Premium plugin. -->","yoast_head_json":{"title":"Excursion Priv\u00e9e \u00e0 Louxor depuis Marsa Alam","description":"R\u00e9servez votre Excursion Priv\u00e9e \u00e0 Louxor depuis Marsa Alam. Visitez la Vall\u00e9e des Rois, Karnak et Hatchepsout avec un guide expert. Meilleur prix garanti !","robots":{"index":"index","follow":"follow","max-snippet":"max-snippet:-1","max-image-preview":"max-image-preview:large","max-video-preview":"max-video-preview:-1"},"canonical":"https:\/\/egytourpackages.com\/fr\/tours\/excursion-privee-a-louxor-depuis-marsa-alam\/","og_locale":"fr_FR","og_type":"article","og_title":"Excursion Priv\u00e9e \u00e0 Louxor depuis Marsa Alam","og_description":"R\u00e9servez votre Excursion Priv\u00e9e \u00e0 Louxor depuis Marsa Alam. Visitez la Vall\u00e9e des Rois, Karnak et Hatchepsout avec un guide expert. Meilleur prix garanti !","og_url":"https:\/\/egytourpackages.com\/fr\/tours\/excursion-privee-a-louxor-depuis-marsa-alam\/","og_site_name":"Egypt Tour Packages","article_publisher":"https:\/\/www.facebook.com\/egytourpackages","article_modified_time":"2026-01-20T11:35:04+00:00","og_image":[{"url":"https:\/\/egytourpackages.com\/wp-content\/uploads\/2023\/07\/Valley-of-the-Kings-Luxor-west-bank-1024x682.jpg","type":"","width":"","height":""}],"twitter_card":"summary_large_image","twitter_title":"Excursion Priv\u00e9e \u00e0 Louxor depuis Marsa Alam","twitter_description":"R\u00e9servez votre Excursion Priv\u00e9e \u00e0 Louxor depuis Marsa Alam. Visitez la Vall\u00e9e des Rois, Karnak et Hatchepsout avec un guide expert. Meilleur prix garanti !","twitter_image":"https:\/\/egytourpackages.com\/wp-content\/uploads\/2023\/07\/Valley-of-the-Kings-Luxor-west-bank-1024x682.jpg","twitter_misc":{"Prix":"&euro;150","Disponibilit\u00e9":"En stock"},"schema":{"@context":"https:\/\/schema.org","@graph":[{"@type":"WebPage","@id":"https:\/\/egytourpackages.com\/fr\/tours\/excursion-privee-a-louxor-depuis-marsa-alam\/","url":"https:\/\/egytourpackages.com\/fr\/tours\/excursion-privee-a-louxor-depuis-marsa-alam\/","name":"Excursion Priv\u00e9e \u00e0 Louxor depuis Marsa Alam","isPartOf":{"@id":"https:\/\/egytourpackages.com\/fr\/#website"},"primaryImageOfPage":{"@id":"https:\/\/egytourpackages.com\/fr\/tours\/excursion-privee-a-louxor-depuis-marsa-alam\/#primaryimage"},"image":{"@id":"https:\/\/egytourpackages.com\/fr\/tours\/excursion-privee-a-louxor-depuis-marsa-alam\/#primaryimage"},"thumbnailUrl":"https:\/\/egytourpackages.com\/wp-content\/uploads\/2023\/07\/Valley-of-the-Kings-Luxor-west-bank.jpg","datePublished":"2023-07-12T00:56:52+00:00","dateModified":"2026-01-20T11:35:04+00:00","description":"R\u00e9servez votre Excursion Priv\u00e9e \u00e0 Louxor depuis Marsa Alam. Visitez la Vall\u00e9e des Rois, Karnak et Hatchepsout avec un guide expert. Meilleur prix garanti !","breadcrumb":{"@id":"https:\/\/egytourpackages.com\/fr\/tours\/excursion-privee-a-louxor-depuis-marsa-alam\/#breadcrumb"},"inLanguage":"fr-FR","potentialAction":[{"@type":"ReadAction","target":["https:\/\/egytourpackages.com\/fr\/tours\/excursion-privee-a-louxor-depuis-marsa-alam\/"]}]},{"@type":"ImageObject","inLanguage":"fr-FR","@id":"https:\/\/egytourpackages.com\/fr\/tours\/excursion-privee-a-louxor-depuis-marsa-alam\/#primaryimage","url":"https:\/\/egytourpackages.com\/wp-content\/uploads\/2023\/07\/Valley-of-the-Kings-Luxor-west-bank.jpg","contentUrl":"https:\/\/egytourpackages.com\/wp-content\/uploads\/2023\/07\/Valley-of-the-Kings-Luxor-west-bank.jpg","width":2000,"height":1333,"caption":"Vall\u00e9e des Rois, rive ouest de Louxor"},{"@type":"BreadcrumbList","@id":"https:\/\/egytourpackages.com\/fr\/tours\/excursion-privee-a-louxor-depuis-marsa-alam\/#breadcrumb","itemListElement":[{"@type":"ListItem","position":1,"name":"Home","item":"https:\/\/egytourpackages.com\/fr\/circuits-en-egypte\/"},{"@type":"ListItem","position":2,"name":"Shop","item":"https:\/\/egytourpackages.com\/shop\/"},{"@type":"ListItem","position":3,"name":"Excursion Priv\u00e9e \u00e0 Louxor depuis Marsa Alam"}]},{"@type":"WebSite","@id":"https:\/\/egytourpackages.com\/fr\/#website","url":"https:\/\/egytourpackages.com\/fr\/","name":"Egy tour packages","description":"","publisher":{"@id":"https:\/\/egytourpackages.com\/fr\/#organization"},"potentialAction":[{"@type":"SearchAction","target":{"@type":"EntryPoint","urlTemplate":"https:\/\/egytourpackages.com\/fr\/?s={search_term_string}"},"query-input":{"@type":"PropertyValueSpecification","valueRequired":true,"valueName":"search_term_string"}}],"inLanguage":"fr-FR"},{"@type":["Organization","Place","TravelAgency"],"@id":"https:\/\/egytourpackages.com\/fr\/#organization","name":"egypt tour packages","alternateName":"egypt tour packages","url":"https:\/\/egytourpackages.com\/fr\/","logo":{"@id":"https:\/\/egytourpackages.com\/fr\/tours\/excursion-privee-a-louxor-depuis-marsa-alam\/#local-main-organization-logo"},"image":{"@id":"https:\/\/egytourpackages.com\/fr\/tours\/excursion-privee-a-louxor-depuis-marsa-alam\/#local-main-organization-logo"},"sameAs":["https:\/\/www.facebook.com\/egytourpackages"],"legalName":"Egy tour packages","address":{"@id":"https:\/\/egytourpackages.com\/fr\/tours\/excursion-privee-a-louxor-depuis-marsa-alam\/#local-main-place-address"},"telephone":["00201000852186","00201028685533"],"contactPoint":{"@type":"ContactPoint","telephone":"00201000852186"},"openingHoursSpecification":[{"@type":"OpeningHoursSpecification","dayOfWeek":["Monday","Tuesday","Wednesday","Thursday","Friday","Saturday","Sunday"],"opens":"00:00","closes":"23:59"}],"email":"info@egytourpackages.com","areaServed":"Cairo, Hurghada, Luxor, Sharm El Sheikh, Marsa Alam, Aswan","priceRange":"$","currenciesAccepted":"euro","paymentAccepted":"Payment links online"},{"@type":"PostalAddress","@id":"https:\/\/egytourpackages.com\/fr\/tours\/excursion-privee-a-louxor-depuis-marsa-alam\/#local-main-place-address","streetAddress":"Mubarak 8, Al Kawthar District, Hurghada","addressLocality":"Hurghada","postalCode":"84511","addressRegion":"Red Sea","addressCountry":"EG"},{"@type":"ImageObject","inLanguage":"fr-FR","@id":"https:\/\/egytourpackages.com\/fr\/tours\/excursion-privee-a-louxor-depuis-marsa-alam\/#local-main-organization-logo","url":"https:\/\/egytourpackages.com\/wp-content\/uploads\/2025\/12\/Turquoise-Dahabiya-Nile-Cruise-1.jpeg","contentUrl":"https:\/\/egytourpackages.com\/wp-content\/uploads\/2025\/12\/Turquoise-Dahabiya-Nile-Cruise-1.jpeg","width":1040,"height":694,"caption":"egypt tour packages"}]},"product_brand":"Circuits et excursions Marsa Alam","product_price_amount":"150","product_price_currency":"EUR","og_availability":"instock","product_availability":"instock","product_retailer_item_id":"MAT15","product_condition":"new","geo.placename":"Hurghada","geo.region":"\u00c9gypte"},"_links":{"self":[{"href":"https:\/\/egytourpackages.com\/fr\/wp-json\/wp\/v2\/product\/13484","targetHints":{"allow":["GET"]}}],"collection":[{"href":"https:\/\/egytourpackages.com\/fr\/wp-json\/wp\/v2\/product"}],"about":[{"href":"https:\/\/egytourpackages.com\/fr\/wp-json\/wp\/v2\/types\/product"}],"replies":[{"embeddable":true,"href":"https:\/\/egytourpackages.com\/fr\/wp-json\/wp\/v2\/comments?post=13484"}],"wp:featuredmedia":[{"embeddable":true,"href":"https:\/\/egytourpackages.com\/fr\/wp-json\/wp\/v2\/media\/13486"}],"wp:attachment":[{"href":"https:\/\/egytourpackages.com\/fr\/wp-json\/wp\/v2\/media?parent=13484"}],"wp:term":[{"taxonomy":"product_brand","embeddable":true,"href":"https:\/\/egytourpackages.com\/fr\/wp-json\/wp\/v2\/product_brand?post=13484"},{"taxonomy":"product_cat","embeddable":true,"href":"https:\/\/egytourpackages.com\/fr\/wp-json\/wp\/v2\/product_cat?post=13484"},{"taxonomy":"product_tag","embeddable":true,"href":"https:\/\/egytourpackages.com\/fr\/wp-json\/wp\/v2\/product_tag?post=13484"}],"curies":[{"name":"wp","href":"https:\/\/api.w.org\/{rel}","templated":true}]}}