{"id":14064,"date":"2025-12-01T09:30:28","date_gmt":"2025-12-01T09:30:28","guid":{"rendered":"https:\/\/egytourpackages.com\/product\/safari-matinal-a-marsa-alam\/"},"modified":"2026-01-27T22:48:13","modified_gmt":"2026-01-27T22:48:13","slug":"safari-matinal-a-marsa-alam","status":"publish","type":"product","link":"https:\/\/egytourpackages.com\/fr\/tours\/safari-matinal-a-marsa-alam\/","title":{"rendered":"Safari Matinal \u00e0 Marsa Alam"},"content":{"rendered":"<p><span style=\"color: #ff6600;\"><strong>Safari Matinal \u00e0 Marsa Alam : Frissons et Traditions dans le D\u00e9sert<\/strong><\/span><\/p>\n<p>Vivez le meilleur du d\u00e9sert avec notre excursion <strong>Safari Matinal : Frisson &amp; Tradition<\/strong>. Con\u00e7ue pour ceux qui ont soif d&rsquo;aventure mais recherchent aussi un aper\u00e7u culturel authentique, cette exp\u00e9rience inoubliable commence pr\u00e9cis\u00e9ment \u00e0 <strong>8h30<\/strong> \u00e0 notre station de safari d\u00e9di\u00e9e.<\/p>\n<p>L&rsquo;adr\u00e9naline monte imm\u00e9diatement avec une session dynamique d&rsquo;<strong>une heure en quad (ATV)<\/strong>. Prenez le contr\u00f4le total de votre quad et naviguez \u00e0 travers les dunes fascinantes, tra\u00e7ant votre propre chemin sur le sable.<\/p>\n<p>Apr\u00e8s ce d\u00e9part exaltant, nous faisons une pause bienvenue pour nous rafra\u00eechir avec du <strong>th\u00e9 traditionnel<\/strong>, du <strong>caf\u00e9 arabe<\/strong> et de l&rsquo;eau fra\u00eeche. Le bruit des moteurs n&rsquo;est pas encore fini ! Vous profiterez ensuite d&rsquo;une autre dose d&rsquo;excitation avec une course rapide de <strong>15 minutes en buggy<\/strong>.<\/p>\n<p>La seconde moiti\u00e9 de votre matin\u00e9e se tourne vers le riche patrimoine des habitants du d\u00e9sert. Votre guide expert m\u00e8nera une session captivante, partageant l&rsquo;<strong>histoire et les traditions b\u00e9douines<\/strong> profondes.<\/p>\n<p>Cette exp\u00e9rience unique inclut la d\u00e9couverte de leurs fascinants rem\u00e8des naturels \u00e0 la c\u00e9l\u00e8bre <strong>pharmacie b\u00e9douine<\/strong>, d\u00e9taillant les herbes m\u00e9dicinales utilis\u00e9es depuis des g\u00e9n\u00e9rations.<\/p>\n<p>Nous concluons votre voyage par un <strong>petit-d\u00e9jeuner l\u00e9ger<\/strong> et relaxant, mettant en avant des saveurs locales comme la <strong>confiture, le miel, le fromage, les salades et les f\u00e8ves<\/strong>. Ce tour est le m\u00e9lange parfait entre plaisir intense et immersion culturelle authentique, le tout r\u00e9uni dans une matin\u00e9e m\u00e9morable.<\/p>\n<h3><span style=\"color: #ff6600;\">D\u00e9tails<\/span><\/h3>\n<ul>\n<li>Dur\u00e9e : 5 heures<\/li>\n<li>Lieu du tour : D\u00e9sert, Marsa Alam<\/li>\n<li>Disponibilit\u00e9 : Sur demande<\/li>\n<li>Prise en charge &amp; Retour : H\u00f4tels de Marsa Alam<\/li>\n<li>Type de tour : Groupe \/ Priv\u00e9<\/li>\n<li>Langue : Fran\u00e7ais<\/li>\n<\/ul>\n<h3><span style=\"color: #ff6600;\">Points Forts<\/span><\/h3>\n<ul>\n<li>Sortie en quad pendant une heure<\/li>\n<li>Tour en voiture buggy<\/li>\n<li>Th\u00e9 et caf\u00e9 arabe<\/li>\n<li>Explorer le mode de vie b\u00e9douin<\/li>\n<li>Petit-d\u00e9jeuner traditionnel<\/li>\n<\/ul>\n<h3><span style=\"color: #ff6600;\">Inclus<\/span><\/h3>\n<ul>\n<li>Prise en charge et retour depuis les h\u00f4tels de Marsa Alam<\/li>\n<li>Le guide de d\u00e9sert professionnel parlant fran\u00e7ais\/anglais<\/li>\n<li>Essai de conduite avant le d\u00e9but du tour<\/li>\n<li>Quad, Buggy, petit-d\u00e9jeuner<\/li>\n<li>Tous les frais de service et taxes sont inclus dans le prix<\/li>\n<\/ul>\n<h3><span style=\"color: #ff6600;\">Exclus<\/span><\/h3>\n<ul>\n<li>DVD et photos par le cam\u00e9raman<\/li>\n<li>Pourboires<\/li>\n<li>Tout ce qui n&rsquo;est pas mentionn\u00e9 dans le programm<\/li>\n<\/ul>\n<h3><span style=\"color: #ff6600;\">\u00c0 emporter avec vous<\/span><\/h3>\n<ul>\n<li>Copie de votre passeport<\/li>\n<li>Chapeau, lunettes de soleil et cr\u00e8me solaire<\/li>\n<li>Chaussures et v\u00eatements confortables<\/li>\n<\/ul>\n<h3><span style=\"color: #ff6600;\">Veuillez noter<\/span><\/h3>\n<ul>\n<li>Toutes nos excursions sont enti\u00e8rement assur\u00e9es<\/li>\n<li>Les casques sont recommand\u00e9s<\/li>\n<li>\u00c9charpes (ch\u00e8ches) : 5 euros<\/li>\n<li>Location de lunettes de protection : 2 euros par pi\u00e8ce<\/li>\n<\/ul>\n<h2><span style=\"color: #ff6600;\">Itin\u00e9raire<\/span><\/h2>\n<h3><span style=\"color: #ff6600;\">Safari Matinal dans le D\u00e9sert : Vivez le Frisson et l&rsquo;H\u00e9ritage<\/span><\/h3>\n<p>Oubliez la pr\u00e9cipitation habituelle \u2014 c&rsquo;est votre chance de vous connecter v\u00e9ritablement avec le d\u00e9sert. Notre safari matinal est parfaitement rythm\u00e9, m\u00ealant action palpitante et moments culturels authentiques, le tout avant que la chaleur de la journ\u00e9e ne s&rsquo;installe.<\/p>\n<h3><span style=\"color: #ff6600;\">L&rsquo;aventure commence : Frissons en Quad<\/span><\/h3>\n<p>Nous commen\u00e7ons \u00e0 <strong>8h30 pr\u00e9cises<\/strong> \u00e0 notre station de safari. Pr\u00e9parez-vous \u00e0 mettre les gaz ! Votre aventure d\u00e9bute par une randonn\u00e9e exaltante d&rsquo;<strong>une heure en quad (ATV)<\/strong>. Ressentez la libert\u00e9 en zoomant sur les dunes, laissant vos propres traces dans le sable dor\u00e9.<\/p>\n<h3><span style=\"color: #ff6600;\">Une pause rafra\u00eechissante et plaisir en Buggy<\/span><\/h3>\n<p>Apr\u00e8s votre course palpitante, il est temps de se d\u00e9tendre et de se rafra\u00eechir comme un local. Nous vous offrirons du <strong>th\u00e9 traditionnel<\/strong>, un riche <strong>caf\u00e9 arabe<\/strong> et de l&rsquo;eau fra\u00eeche.<\/p>\n<p>Cette courte pause vous redonne de l&rsquo;\u00e9nergie pour la prochaine explosion d&rsquo;excitation : une course rapide de <strong>15 minutes en buggy des sables<\/strong>. Accrochez-vous bien et profitez de la vitesse !<\/p>\n<h3><span style=\"color: #ff6600;\">Culture B\u00e9douine : Histoires, Histoire et Bien-\u00eatre<\/span><\/h3>\n<p>Maintenant, ralentissez et entrez au c\u0153ur de l&rsquo;h\u00e9ritage du d\u00e9sert. Notre guide exp\u00e9riment\u00e9 partagera l&rsquo;histoire et les <strong>traditions b\u00e9douines<\/strong> captivantes \u2014 des r\u00e9cits transmis de g\u00e9n\u00e9ration en g\u00e9n\u00e9ration.<\/p>\n<p>Vous terminerez cette exp\u00e9rience culturelle par une visite \u00e0 la <strong>pharmacie b\u00e9douine<\/strong>, o\u00f9 vous d\u00e9couvrirez leurs <strong>herbes m\u00e9dicinales<\/strong> essentielles et les rem\u00e8des naturels utilis\u00e9s depuis des si\u00e8cles. C&rsquo;est un regard vraiment fascinant sur le bien-\u00eatre dans le d\u00e9sert.<\/p>\n<h3><span style=\"color: #ff6600;\">Faire le plein : Un petit-d\u00e9jeuner b\u00e9douin l\u00e9ger<\/span><\/h3>\n<p>Votre matin\u00e9e d&rsquo;aventure se termine par un d\u00e9licieux <strong>petit-d\u00e9jeuner l\u00e9ger<\/strong>. Nous servons une s\u00e9lection classique, comprenant de la <strong>confiture fra\u00eeche, du miel et du fromage<\/strong>, accompagn\u00e9s de plats savoureux comme des <strong>salades et des f\u00e8ves<\/strong>. C&rsquo;est la fa\u00e7on id\u00e9ale de terminer votre tour authentique du d\u00e9sert en vous sentant \u00e9nergis\u00e9 et inspir\u00e9.<\/p>\n<h3><span style=\"color: #ff6600;\">Prix du Safari Matinal au d\u00e9part de Marsa Alam<\/span><\/h3>\n<ul>\n<li>Prix Adulte = 30 \u20ac<\/li>\n<li>Nourrissons (0-5 ans) = Gratuit<\/li>\n<li>Enfants (5-11 ans) = 50% du prix adulte<\/li>\n<\/ul>\n<h3><span style=\"color: #ff6600;\">R\u00e9servation<\/span><\/h3>\n<p>Vous pouvez r\u00e9server votre tour via WhatsApp ou nous envoyer un e-mail et vous recevrez la confirmation instantan\u00e9ment. Veuillez nous envoyer le nom de votre h\u00f4tel, votre num\u00e9ro de chambre et les copies de vos passeports.<\/p>\n<p>WhatsApp : +201000852186<\/p>\n<p>Email : info@egytourpackages.com<\/p>\n<h3><span style=\"color: #ff6600;\">R\u00e9servez maintenant et payez sur place<\/span><\/h3>\n<p>R\u00e9servez votre excursion pr\u00e9f\u00e9r\u00e9e et payez le jour du voyage.<\/p>\n<h3><span style=\"color: #ff6600;\">Politique d&rsquo;annulation<\/span><\/h3>\n<ul>\n<li>L&rsquo;annulation est gratuite jusqu&rsquo;\u00e0 24 heures \u00e0 l&rsquo;avance.<\/li>\n<li>Une annulation le matin m\u00eame entra\u00eene des frais de 50% du prix.<\/li>\n<\/ul>\n","protected":false},"excerpt":{"rendered":"<p>Vivez un Safari Matinal \u00e0 Marsa Alam unique. Explorez le d\u00e9sert en quad, rencontrez les B\u00e9douins et profitez des paysages sauvages au lever du soleil.<\/p>\n","protected":false},"featured_media":9496,"comment_status":"closed","ping_status":"closed","template":"","meta":[],"product_brand":[],"product_cat":[3124],"product_tag":[3275,3276],"class_list":{"0":"post-14064","1":"product","2":"type-product","3":"status-publish","4":"has-post-thumbnail","6":"product_cat-tours-fr","7":"product_tag-excursions-dune-journee-en-egypte","8":"product_tag-visites-guidees-de-marsa-alam","9":"tour_category-circuits-et-excursions-marsa-alam-fr","10":"tour_category-excursions-en-egypte-fr","12":"first","13":"instock","14":"sale","15":"shipping-taxable","16":"purchasable","17":"product-type-tour","18":"has-default-attributes"},"yoast_head":"<!-- This site is optimized with the Yoast SEO Premium plugin v27.2 (Yoast SEO v27.2) - https:\/\/yoast.com\/product\/yoast-seo-premium-wordpress\/ -->\n<title>Safari Matinal \u00e0 Marsa Alam<\/title>\n<meta name=\"description\" content=\"Vivez un Safari Matinal \u00e0 Marsa Alam unique. Explorez le d\u00e9sert en quad, rencontrez les B\u00e9douins et profitez des paysages sauvages au lever du soleil.\" \/>\n<meta name=\"robots\" content=\"index, follow, max-snippet:-1, max-image-preview:large, max-video-preview:-1\" \/>\n<link rel=\"canonical\" href=\"https:\/\/egytourpackages.com\/fr\/tours\/safari-matinal-a-marsa-alam\/\" \/>\n<meta property=\"og:locale\" content=\"fr_FR\" \/>\n<meta property=\"og:type\" content=\"article\" \/>\n<meta property=\"og:title\" content=\"Safari Matinal \u00e0 Marsa Alam\" \/>\n<meta property=\"og:description\" content=\"Vivez un Safari Matinal \u00e0 Marsa Alam unique. Explorez le d\u00e9sert en quad, rencontrez les B\u00e9douins et profitez des paysages sauvages au lever du soleil.\" \/>\n<meta property=\"og:url\" content=\"https:\/\/egytourpackages.com\/fr\/tours\/safari-matinal-a-marsa-alam\/\" \/>\n<meta property=\"og:site_name\" content=\"Egypt Tour Packages\" \/>\n<meta property=\"article:publisher\" content=\"https:\/\/www.facebook.com\/egytourpackages\" \/>\n<meta property=\"article:modified_time\" content=\"2026-01-27T22:48:13+00:00\" \/>\n<meta property=\"og:image\" content=\"https:\/\/egytourpackages.com\/wp-content\/uploads\/2025\/12\/Morning-Safari-from-Marsa-Alam.jpeg\" \/>\n\t<meta property=\"og:image:width\" content=\"1200\" \/>\n\t<meta property=\"og:image:height\" content=\"802\" \/>\n\t<meta property=\"og:image:type\" content=\"image\/jpeg\" \/>\n<meta name=\"twitter:card\" content=\"summary_large_image\" \/>\n<meta name=\"twitter:title\" content=\"Safari Matinal \u00e0 Marsa Alam\" \/>\n<meta name=\"twitter:label1\" content=\"Prix\" \/>\n\t<meta name=\"twitter:data1\" content=\"&euro;30\" \/>\n\t<meta name=\"twitter:label2\" content=\"Disponibilit\u00e9\" \/>\n\t<meta name=\"twitter:data2\" content=\"En stock\" \/>\n<script type=\"application\/ld+json\" class=\"yoast-schema-graph\">{\"@context\":\"https:\/\/schema.org\",\"@graph\":[{\"@type\":\"WebPage\",\"@id\":\"https:\/\/egytourpackages.com\/fr\/tours\/safari-matinal-a-marsa-alam\/\",\"url\":\"https:\/\/egytourpackages.com\/fr\/tours\/safari-matinal-a-marsa-alam\/\",\"name\":\"Safari Matinal \u00e0 Marsa Alam\",\"isPartOf\":{\"@id\":\"https:\/\/egytourpackages.com\/fr\/#website\"},\"primaryImageOfPage\":{\"@id\":\"https:\/\/egytourpackages.com\/fr\/tours\/safari-matinal-a-marsa-alam\/#primaryimage\"},\"image\":{\"@id\":\"https:\/\/egytourpackages.com\/fr\/tours\/safari-matinal-a-marsa-alam\/#primaryimage\"},\"thumbnailUrl\":\"https:\/\/egytourpackages.com\/wp-content\/uploads\/2025\/12\/Morning-Safari-from-Marsa-Alam.jpeg\",\"datePublished\":\"2025-12-01T09:30:28+00:00\",\"dateModified\":\"2026-01-27T22:48:13+00:00\",\"description\":\"Vivez un Safari Matinal \u00e0 Marsa Alam unique. Explorez le d\u00e9sert en quad, rencontrez les B\u00e9douins et profitez des paysages sauvages au lever du soleil.\",\"breadcrumb\":{\"@id\":\"https:\/\/egytourpackages.com\/fr\/tours\/safari-matinal-a-marsa-alam\/#breadcrumb\"},\"inLanguage\":\"fr-FR\",\"potentialAction\":[{\"@type\":\"ReadAction\",\"target\":[\"https:\/\/egytourpackages.com\/fr\/tours\/safari-matinal-a-marsa-alam\/\"]}]},{\"@type\":\"ImageObject\",\"inLanguage\":\"fr-FR\",\"@id\":\"https:\/\/egytourpackages.com\/fr\/tours\/safari-matinal-a-marsa-alam\/#primaryimage\",\"url\":\"https:\/\/egytourpackages.com\/wp-content\/uploads\/2025\/12\/Morning-Safari-from-Marsa-Alam.jpeg\",\"contentUrl\":\"https:\/\/egytourpackages.com\/wp-content\/uploads\/2025\/12\/Morning-Safari-from-Marsa-Alam.jpeg\",\"width\":1200,\"height\":802,\"caption\":\"Safari Matinal \u00e0 Marsa Alam\"},{\"@type\":\"BreadcrumbList\",\"@id\":\"https:\/\/egytourpackages.com\/fr\/tours\/safari-matinal-a-marsa-alam\/#breadcrumb\",\"itemListElement\":[{\"@type\":\"ListItem\",\"position\":1,\"name\":\"Home\",\"item\":\"https:\/\/egytourpackages.com\/fr\/circuits-en-egypte\/\"},{\"@type\":\"ListItem\",\"position\":2,\"name\":\"Shop\",\"item\":\"https:\/\/egytourpackages.com\/shop\/\"},{\"@type\":\"ListItem\",\"position\":3,\"name\":\"Safari Matinal \u00e0 Marsa Alam\"}]},{\"@type\":\"WebSite\",\"@id\":\"https:\/\/egytourpackages.com\/fr\/#website\",\"url\":\"https:\/\/egytourpackages.com\/fr\/\",\"name\":\"Egy tour packages\",\"description\":\"\",\"publisher\":{\"@id\":\"https:\/\/egytourpackages.com\/fr\/#organization\"},\"potentialAction\":[{\"@type\":\"SearchAction\",\"target\":{\"@type\":\"EntryPoint\",\"urlTemplate\":\"https:\/\/egytourpackages.com\/fr\/?s={search_term_string}\"},\"query-input\":{\"@type\":\"PropertyValueSpecification\",\"valueRequired\":true,\"valueName\":\"search_term_string\"}}],\"inLanguage\":\"fr-FR\"},{\"@type\":[\"Organization\",\"Place\",\"TravelAgency\"],\"@id\":\"https:\/\/egytourpackages.com\/fr\/#organization\",\"name\":\"egypt tour packages\",\"alternateName\":\"egypt tour packages\",\"url\":\"https:\/\/egytourpackages.com\/fr\/\",\"logo\":{\"@id\":\"https:\/\/egytourpackages.com\/fr\/tours\/safari-matinal-a-marsa-alam\/#local-main-organization-logo\"},\"image\":{\"@id\":\"https:\/\/egytourpackages.com\/fr\/tours\/safari-matinal-a-marsa-alam\/#local-main-organization-logo\"},\"sameAs\":[\"https:\/\/www.facebook.com\/egytourpackages\"],\"legalName\":\"Egy tour packages\",\"address\":{\"@id\":\"https:\/\/egytourpackages.com\/fr\/tours\/safari-matinal-a-marsa-alam\/#local-main-place-address\"},\"telephone\":[\"00201000852186\",\"00201028685533\"],\"contactPoint\":{\"@type\":\"ContactPoint\",\"telephone\":\"00201000852186\"},\"openingHoursSpecification\":[{\"@type\":\"OpeningHoursSpecification\",\"dayOfWeek\":[\"Monday\",\"Tuesday\",\"Wednesday\",\"Thursday\",\"Friday\",\"Saturday\",\"Sunday\"],\"opens\":\"00:00\",\"closes\":\"23:59\"}],\"email\":\"info@egytourpackages.com\",\"areaServed\":\"Cairo, Hurghada, Luxor, Sharm El Sheikh, Marsa Alam, Aswan\",\"priceRange\":\"$\",\"currenciesAccepted\":\"euro\",\"paymentAccepted\":\"Payment links online\"},{\"@type\":\"PostalAddress\",\"@id\":\"https:\/\/egytourpackages.com\/fr\/tours\/safari-matinal-a-marsa-alam\/#local-main-place-address\",\"streetAddress\":\"Mubarak 8, Al Kawthar District, Hurghada\",\"addressLocality\":\"Hurghada\",\"postalCode\":\"84511\",\"addressRegion\":\"Red Sea\",\"addressCountry\":\"EG\"},{\"@type\":\"ImageObject\",\"inLanguage\":\"fr-FR\",\"@id\":\"https:\/\/egytourpackages.com\/fr\/tours\/safari-matinal-a-marsa-alam\/#local-main-organization-logo\",\"url\":\"https:\/\/egytourpackages.com\/wp-content\/uploads\/2025\/12\/Turquoise-Dahabiya-Nile-Cruise-1.jpeg\",\"contentUrl\":\"https:\/\/egytourpackages.com\/wp-content\/uploads\/2025\/12\/Turquoise-Dahabiya-Nile-Cruise-1.jpeg\",\"width\":1040,\"height\":694,\"caption\":\"egypt tour packages\"}]}<\/script>\n<meta property=\"product:brand\" content=\"Circuits et excursions Marsa Alam\" \/>\n<meta property=\"product:price:amount\" content=\"30\" \/>\n<meta property=\"product:price:currency\" content=\"EUR\" \/>\n<meta property=\"og:availability\" content=\"instock\" \/>\n<meta property=\"product:availability\" content=\"instock\" \/>\n<meta property=\"product:retailer_item_id\" content=\"MAT19\" \/>\n<meta property=\"product:condition\" content=\"new\" \/>\n<meta name=\"geo.placename\" content=\"Hurghada\" \/>\n<meta name=\"geo.region\" content=\"\u00c9gypte\" \/>\n<!-- \/ Yoast SEO Premium plugin. -->","yoast_head_json":{"title":"Safari Matinal \u00e0 Marsa Alam","description":"Vivez un Safari Matinal \u00e0 Marsa Alam unique. Explorez le d\u00e9sert en quad, rencontrez les B\u00e9douins et profitez des paysages sauvages au lever du soleil.","robots":{"index":"index","follow":"follow","max-snippet":"max-snippet:-1","max-image-preview":"max-image-preview:large","max-video-preview":"max-video-preview:-1"},"canonical":"https:\/\/egytourpackages.com\/fr\/tours\/safari-matinal-a-marsa-alam\/","og_locale":"fr_FR","og_type":"article","og_title":"Safari Matinal \u00e0 Marsa Alam","og_description":"Vivez un Safari Matinal \u00e0 Marsa Alam unique. Explorez le d\u00e9sert en quad, rencontrez les B\u00e9douins et profitez des paysages sauvages au lever du soleil.","og_url":"https:\/\/egytourpackages.com\/fr\/tours\/safari-matinal-a-marsa-alam\/","og_site_name":"Egypt Tour Packages","article_publisher":"https:\/\/www.facebook.com\/egytourpackages","article_modified_time":"2026-01-27T22:48:13+00:00","og_image":[{"width":1200,"height":802,"url":"https:\/\/egytourpackages.com\/wp-content\/uploads\/2025\/12\/Morning-Safari-from-Marsa-Alam.jpeg","type":"image\/jpeg"}],"twitter_card":"summary_large_image","twitter_title":"Safari Matinal \u00e0 Marsa Alam","twitter_misc":{"Prix":"&euro;30","Disponibilit\u00e9":"En stock"},"schema":{"@context":"https:\/\/schema.org","@graph":[{"@type":"WebPage","@id":"https:\/\/egytourpackages.com\/fr\/tours\/safari-matinal-a-marsa-alam\/","url":"https:\/\/egytourpackages.com\/fr\/tours\/safari-matinal-a-marsa-alam\/","name":"Safari Matinal \u00e0 Marsa Alam","isPartOf":{"@id":"https:\/\/egytourpackages.com\/fr\/#website"},"primaryImageOfPage":{"@id":"https:\/\/egytourpackages.com\/fr\/tours\/safari-matinal-a-marsa-alam\/#primaryimage"},"image":{"@id":"https:\/\/egytourpackages.com\/fr\/tours\/safari-matinal-a-marsa-alam\/#primaryimage"},"thumbnailUrl":"https:\/\/egytourpackages.com\/wp-content\/uploads\/2025\/12\/Morning-Safari-from-Marsa-Alam.jpeg","datePublished":"2025-12-01T09:30:28+00:00","dateModified":"2026-01-27T22:48:13+00:00","description":"Vivez un Safari Matinal \u00e0 Marsa Alam unique. Explorez le d\u00e9sert en quad, rencontrez les B\u00e9douins et profitez des paysages sauvages au lever du soleil.","breadcrumb":{"@id":"https:\/\/egytourpackages.com\/fr\/tours\/safari-matinal-a-marsa-alam\/#breadcrumb"},"inLanguage":"fr-FR","potentialAction":[{"@type":"ReadAction","target":["https:\/\/egytourpackages.com\/fr\/tours\/safari-matinal-a-marsa-alam\/"]}]},{"@type":"ImageObject","inLanguage":"fr-FR","@id":"https:\/\/egytourpackages.com\/fr\/tours\/safari-matinal-a-marsa-alam\/#primaryimage","url":"https:\/\/egytourpackages.com\/wp-content\/uploads\/2025\/12\/Morning-Safari-from-Marsa-Alam.jpeg","contentUrl":"https:\/\/egytourpackages.com\/wp-content\/uploads\/2025\/12\/Morning-Safari-from-Marsa-Alam.jpeg","width":1200,"height":802,"caption":"Safari Matinal \u00e0 Marsa Alam"},{"@type":"BreadcrumbList","@id":"https:\/\/egytourpackages.com\/fr\/tours\/safari-matinal-a-marsa-alam\/#breadcrumb","itemListElement":[{"@type":"ListItem","position":1,"name":"Home","item":"https:\/\/egytourpackages.com\/fr\/circuits-en-egypte\/"},{"@type":"ListItem","position":2,"name":"Shop","item":"https:\/\/egytourpackages.com\/shop\/"},{"@type":"ListItem","position":3,"name":"Safari Matinal \u00e0 Marsa Alam"}]},{"@type":"WebSite","@id":"https:\/\/egytourpackages.com\/fr\/#website","url":"https:\/\/egytourpackages.com\/fr\/","name":"Egy tour packages","description":"","publisher":{"@id":"https:\/\/egytourpackages.com\/fr\/#organization"},"potentialAction":[{"@type":"SearchAction","target":{"@type":"EntryPoint","urlTemplate":"https:\/\/egytourpackages.com\/fr\/?s={search_term_string}"},"query-input":{"@type":"PropertyValueSpecification","valueRequired":true,"valueName":"search_term_string"}}],"inLanguage":"fr-FR"},{"@type":["Organization","Place","TravelAgency"],"@id":"https:\/\/egytourpackages.com\/fr\/#organization","name":"egypt tour packages","alternateName":"egypt tour packages","url":"https:\/\/egytourpackages.com\/fr\/","logo":{"@id":"https:\/\/egytourpackages.com\/fr\/tours\/safari-matinal-a-marsa-alam\/#local-main-organization-logo"},"image":{"@id":"https:\/\/egytourpackages.com\/fr\/tours\/safari-matinal-a-marsa-alam\/#local-main-organization-logo"},"sameAs":["https:\/\/www.facebook.com\/egytourpackages"],"legalName":"Egy tour packages","address":{"@id":"https:\/\/egytourpackages.com\/fr\/tours\/safari-matinal-a-marsa-alam\/#local-main-place-address"},"telephone":["00201000852186","00201028685533"],"contactPoint":{"@type":"ContactPoint","telephone":"00201000852186"},"openingHoursSpecification":[{"@type":"OpeningHoursSpecification","dayOfWeek":["Monday","Tuesday","Wednesday","Thursday","Friday","Saturday","Sunday"],"opens":"00:00","closes":"23:59"}],"email":"info@egytourpackages.com","areaServed":"Cairo, Hurghada, Luxor, Sharm El Sheikh, Marsa Alam, Aswan","priceRange":"$","currenciesAccepted":"euro","paymentAccepted":"Payment links online"},{"@type":"PostalAddress","@id":"https:\/\/egytourpackages.com\/fr\/tours\/safari-matinal-a-marsa-alam\/#local-main-place-address","streetAddress":"Mubarak 8, Al Kawthar District, Hurghada","addressLocality":"Hurghada","postalCode":"84511","addressRegion":"Red Sea","addressCountry":"EG"},{"@type":"ImageObject","inLanguage":"fr-FR","@id":"https:\/\/egytourpackages.com\/fr\/tours\/safari-matinal-a-marsa-alam\/#local-main-organization-logo","url":"https:\/\/egytourpackages.com\/wp-content\/uploads\/2025\/12\/Turquoise-Dahabiya-Nile-Cruise-1.jpeg","contentUrl":"https:\/\/egytourpackages.com\/wp-content\/uploads\/2025\/12\/Turquoise-Dahabiya-Nile-Cruise-1.jpeg","width":1040,"height":694,"caption":"egypt tour packages"}]},"product_brand":"Circuits et excursions Marsa Alam","product_price_amount":"30","product_price_currency":"EUR","og_availability":"instock","product_availability":"instock","product_retailer_item_id":"MAT19","product_condition":"new","geo.placename":"Hurghada","geo.region":"\u00c9gypte"},"_links":{"self":[{"href":"https:\/\/egytourpackages.com\/fr\/wp-json\/wp\/v2\/product\/14064","targetHints":{"allow":["GET"]}}],"collection":[{"href":"https:\/\/egytourpackages.com\/fr\/wp-json\/wp\/v2\/product"}],"about":[{"href":"https:\/\/egytourpackages.com\/fr\/wp-json\/wp\/v2\/types\/product"}],"replies":[{"embeddable":true,"href":"https:\/\/egytourpackages.com\/fr\/wp-json\/wp\/v2\/comments?post=14064"}],"wp:featuredmedia":[{"embeddable":true,"href":"https:\/\/egytourpackages.com\/fr\/wp-json\/wp\/v2\/media\/9496"}],"wp:attachment":[{"href":"https:\/\/egytourpackages.com\/fr\/wp-json\/wp\/v2\/media?parent=14064"}],"wp:term":[{"taxonomy":"product_brand","embeddable":true,"href":"https:\/\/egytourpackages.com\/fr\/wp-json\/wp\/v2\/product_brand?post=14064"},{"taxonomy":"product_cat","embeddable":true,"href":"https:\/\/egytourpackages.com\/fr\/wp-json\/wp\/v2\/product_cat?post=14064"},{"taxonomy":"product_tag","embeddable":true,"href":"https:\/\/egytourpackages.com\/fr\/wp-json\/wp\/v2\/product_tag?post=14064"}],"curies":[{"name":"wp","href":"https:\/\/api.w.org\/{rel}","templated":true}]}}