{"id":14752,"date":"2025-11-04T14:04:09","date_gmt":"2025-11-04T14:04:09","guid":{"rendered":"https:\/\/egytourpackages.com\/product\/excursion-de-2-jours-a-loasis-de-siwa-au-depart-du-caire\/"},"modified":"2026-02-10T20:39:20","modified_gmt":"2026-02-10T20:39:20","slug":"excursion-de-2-jours-a-loasis-de-siwa-au-depart-du-caire","status":"publish","type":"product","link":"https:\/\/egytourpackages.com\/fr\/tours\/excursion-de-2-jours-a-loasis-de-siwa-au-depart-du-caire\/","title":{"rendered":"Excursion de 2 jours \u00e0 l&rsquo;oasis de Siwa au d\u00e9part du Caire"},"content":{"rendered":"<p><span style=\"color: #ff6600;\"><strong>Excursion de 2 jours \u00e0 l&rsquo;oasis de Siwa au d\u00e9part du Caire : L&rsquo;aventure ultime dans le d\u00e9sert<\/strong><\/span><\/p>\n<p>Commencez l&rsquo;ultime <strong>excursion de 2 jours \u00e0 l&rsquo;oasis de Siwa au d\u00e9part du Caire<\/strong>, une aventure transformatrice dans le <strong>d\u00e9sert occidental d&rsquo;\u00c9gypte<\/strong>. Ce voyage rapide et intense est con\u00e7u pour vous immerger dans la beaut\u00e9 sauvage et l&rsquo;histoire profonde de l&rsquo;<strong>oasis de Siwa<\/strong>, souvent appel\u00e9e le joyau du Sahara.<\/p>\n<p>L&rsquo;exp\u00e9dition commence par un transfert de nuit confortable, vous garantissant d&rsquo;arriver frais et dispos pour la d\u00e9couverte. Votre premier arr\u00eat est le l\u00e9gendaire <strong>Temple de l&rsquo;Oracle d&rsquo;Amon<\/strong>, un site d&rsquo;une immense importance historique o\u00f9 Alexandre le Grand a autrefois cherch\u00e9 une confirmation divine.<\/p>\n<p>Ensuite, d\u00e9couvrez les eaux surr\u00e9elles et th\u00e9rapeutiques des <strong>lacs sal\u00e9s de Siwa en flottant<\/strong>, suivi d&rsquo;une baignade rafra\u00eechissante \u00e0 la c\u00e9l\u00e8bre source du <strong>Bain de Cl\u00e9op\u00e2tre<\/strong>.<\/p>\n<p>L&rsquo;apr\u00e8s-midi monte en intensit\u00e9 avec un safari palpitant dans la <strong>Grande Mer de Sable<\/strong>, comprenant du <strong>sandboarding<\/strong> sur des dunes imposantes et une exploration profonde du d\u00e9sert, avant de vous d\u00e9tendre aux <strong>sources chaudes et froides de Bir Waheed<\/strong>.<\/p>\n<p>Votre soir\u00e9e se d\u00e9roule dans un luxe authentique au c\u00e9l\u00e8bre <strong>Ghaliet Eco-lodge Siwa<\/strong>. Le deuxi\u00e8me jour conclut votre aventure saharienne par l&rsquo;exploration des ruines embl\u00e9matiques de la <strong>forteresse de Shali<\/strong> en briques de terre crue, avant un trajet c\u00f4tier panoramique de retour via <strong>Marsa Matrouh<\/strong>.<\/p>\n<p>Cet itin\u00e9raire est parfait pour les voyageurs en qu\u00eate d&rsquo;une immersion culturelle in\u00e9gal\u00e9e et de sensations fortes dans le d\u00e9sert.<\/p>\n<h3><span style=\"color: #ff6600;\">D\u00e9tails<\/span><\/h3>\n<ul>\n<li>Dur\u00e9e : 2 jours \/ 1 nuit au d\u00e9part du Caire<\/li>\n<li>Type de tour : Priv\u00e9<\/li>\n<li>Disponibilit\u00e9 : Tous les jours<\/li>\n<li>Taille du groupe : de 1 \u00e0 8 personnes<\/li>\n<li>Langues : Fran\u00e7ais<\/li>\n<li>R\u00e9servation : En ligne<\/li>\n<li>Prise en charge : H\u00f4tels du Caire<\/li>\n<\/ul>\n<h3><span style=\"color: #ff6600;\">Points Forts<\/span><\/h3>\n<ul>\n<li>Lac sal\u00e9<\/li>\n<li>Bain de Cl\u00e9op\u00e2tre<\/li>\n<li>Montagne des Morts<\/li>\n<li>Montagne Dakror<\/li>\n<li>Temple de l&rsquo;Oracle<\/li>\n<li>Grande Mer de Sable<\/li>\n<li>Source chaude de Bir Wahed<\/li>\n<li>Forteresse de Shali<\/li>\n<\/ul>\n<h3><span style=\"color: #ff6600;\">Inclusions<\/span><\/h3>\n<ul>\n<li>Transfert aller-retour en voitures modernes climatis\u00e9es du Caire \u00e0 Siwa.<\/li>\n<li>Un guide expert parlant fran\u00e7ais.<\/li>\n<li>H\u00e9bergement d&rsquo;une nuit \u00e0 l&rsquo;h\u00f4tel en demi-pension.<\/li>\n<li>D\u00e9jeuner dans un restaurant local.<\/li>\n<li>Eau et collations.<\/li>\n<li>Frais d&rsquo;entr\u00e9e pour tous les sites du programme.<\/li>\n<li>Taxes et services.<\/li>\n<\/ul>\n<h3><span style=\"color: #ff6600;\">Exclusions<\/span><\/h3>\n<ul>\n<li>D\u00e9penses personnelles.<\/li>\n<li>Boissons alcoolis\u00e9es.<\/li>\n<li>Pourboires.<\/li>\n<\/ul>\n<h3><span style=\"color: #ff6600;\">\u00c0 apporter avec vous<\/span><\/h3>\n<ul>\n<li>Passeports.<\/li>\n<li>Chapeau, \u00e9charpe.<\/li>\n<li>Lunettes de soleil et cr\u00e8me solaire.<\/li>\n<li>Maillots de bain.<\/li>\n<li>V\u00eatements chauds en hiver.<\/li>\n<\/ul>\n<h2><span style=\"color: #993366;\"><em>Itin\u00e9raire<\/em><\/span><\/h2>\n<h3><span style=\"color: #ff6600;\">Jour 1 : Du Caire \u00e0 l&rsquo;Oasis de Siwa \u2014 D\u00e9couverte du D\u00e9sert<\/span><\/h3>\n<p>Notre <strong>excursion \u00e0 l&rsquo;oasis de Siwa au d\u00e9part du Caire<\/strong> commence par un d\u00e9part matinal de votre h\u00f4tel vers 01h00 du matin (l&rsquo;h\u00f4tel vous fournira des paniers-repas pour le petit-d\u00e9jeuner).<\/p>\n<p>D\u00e8s notre arriv\u00e9e, l&rsquo;immersion historique d\u00e9bute avec la visite de l&rsquo;ancien <strong>Temple de l&rsquo;Oracle<\/strong> (Temple d&rsquo;Amon), puis nous exp\u00e9rimentons la sensation unique de flottaison th\u00e9rapeutique dans les envo\u00fbtants <strong>lacs sal\u00e9s de Siwa<\/strong>.<\/p>\n<p>Ensuite, nous nous d\u00e9tendrons dans les eaux l\u00e9gendaires du <strong>Bain de Cl\u00e9op\u00e2tre<\/strong> avant de d\u00e9jeuner localement. L&rsquo;apr\u00e8s-midi se poursuit avec un safari m\u00e9morable dans la <strong>Grande Mer de Sable<\/strong>, o\u00f9 vous profiterez du <strong>sandboarding<\/strong> sur les dunes g\u00e9antes.<\/p>\n<p>Enfin, nous visiterons la <strong>source naturelle de Bir Waheed<\/strong> pour une relaxation profonde et d\u00e9gusterons un authentique <strong>th\u00e9 b\u00e9douin<\/strong> au coucher du soleil sur le Sahara. D\u00eener et nuit au c\u00e9l\u00e8bre <strong>Ghaliet Eco-lodge<\/strong>, Siwa.<\/p>\n<p><strong>Repas : <\/strong>petit-d\u00e9jeuner, d\u00e9jeuner, d\u00eener<\/p>\n<h3><span style=\"color: #ff6600;\">Jour 2 : Histoire de Siwa et retour au Caire<\/span><\/h3>\n<p>Commencez votre journ\u00e9e par un petit-d\u00e9jeuner copieux \u00e0 l&rsquo;\u00e9co-lodge, suivi d&rsquo;une exploration des ruines historiques de la <strong>forteresse de Shali<\/strong> dominant l&rsquo;oasis.<\/p>\n<p>Apr\u00e8s vous \u00eatre impr\u00e9gn\u00e9 de l&rsquo;histoire de cette cit\u00e9 de terre, nous entamons le trajet de retour vers le Caire. Le voyage nous fait passer par la magnifique route c\u00f4ti\u00e8re de <strong>Marsa Matrouh<\/strong>, avec un arr\u00eat d\u00e9jeuner pr\u00e9vu en chemin. Enfin, notre <strong>aventure dans le d\u00e9sert occidental d&rsquo;\u00c9gypte<\/strong> s&rsquo;ach\u00e8ve avec votre retour \u00e0 votre h\u00f4tel du Caire.<\/p>\n<p><strong>Repas : <\/strong>petit-d\u00e9jeuner, d\u00e9jeuner<\/p>\n<h3><span style=\"color: #ff6600;\">Prix de l&rsquo;excursion de 2 jours \u00e0 Siwa<\/span><\/h3>\n<ul>\n<li>Prix Adulte = 400 \u20ac<\/li>\n<li>Enfants 0-5 ans = gratuit<\/li>\n<li>Enfants 5-11 ans = 50 % du prix adulte<\/li>\n<\/ul>\n<h3><span style=\"color: #ff6600;\">R\u00e9servation<\/span><\/h3>\n<p>R\u00e9servez via WhatsApp ou par e-mail pour recevoir une confirmation imm\u00e9diate. Veuillez nous envoyer le nom de votre h\u00f4tel, votre num\u00e9ro de chambre et les copies de vos passeports.<\/p>\n<p>WhatsApp : +201000852186<\/p>\n<p>info@egytourpackages.com<\/p>\n<h3><span style=\"color: #ff6600;\">R\u00e9servez maintenant et payez sur place<\/span><\/h3>\n<p>R\u00e9servez votre tour pr\u00e9f\u00e9r\u00e9 et payez le jour du voyage.<\/p>\n<h3><span style=\"color: #ff6600;\">Paiement<\/span><\/h3>\n<p>Vous pouvez payer en livres \u00e9gyptiennes, $, \u20ac ou \u00a3.<\/p>\n<h3><span style=\"color: #ff6600;\">Politique d&rsquo;annulation<\/span><\/h3>\n<ul>\n<li>Annulation gratuite jusqu&rsquo;\u00e0 24 heures \u00e0 l&rsquo;avance.<\/li>\n<li>L&rsquo;annulation le matin m\u00eame entra\u00eene des frais de 50 % du prix.<\/li>\n<\/ul>\n","protected":false},"excerpt":{"rendered":"<p><b data-path-to-node=\"1\" data-index-in-node=\"0\">Excursion de 2 jours \u00e0 l&rsquo;oasis de Siwa au d\u00e9part du Caire<\/b> : explorez le temple d&rsquo;Amon, le bain de Cl\u00e9op\u00e2tre et les dunes du d\u00e9sert. Une aventure unique !<\/p>\n","protected":false},"featured_media":9060,"comment_status":"closed","ping_status":"closed","template":"","meta":[],"product_brand":[],"product_cat":[3124],"product_tag":[3442,3275,3796],"class_list":{"0":"post-14752","1":"product","2":"type-product","3":"status-publish","4":"has-post-thumbnail","6":"product_cat-tours-fr","7":"product_tag-excursions-dune-journee-au-caire","8":"product_tag-excursions-dune-journee-en-egypte","9":"product_tag-oasis-de-siwa","10":"tour_category-excursions-a-loasis-de-siwa-au-depart-du-caire","11":"tour_category-excursions-en-egypte-fr","12":"tour_category-excursions-le-caire-fr","14":"first","15":"instock","16":"sale","17":"shipping-taxable","18":"purchasable","19":"product-type-tour","20":"has-default-attributes"},"yoast_head":"<!-- This site is optimized with the Yoast SEO Premium plugin v27.4 (Yoast SEO v27.4) - https:\/\/yoast.com\/product\/yoast-seo-premium-wordpress\/ -->\n<title>Excursion de 2 jours \u00e0 l&#039;oasis de Siwa au d\u00e9part du Caire<\/title>\n<meta name=\"description\" content=\"Excursion de 2 jours \u00e0 l&#039;oasis de Siwa au d\u00e9part du Caire : explorez le temple d&#039;Amon, le bain de Cl\u00e9op\u00e2tre et les dunes du d\u00e9sert. Une aventure unique !\" \/>\n<meta name=\"robots\" content=\"index, follow, max-snippet:-1, max-image-preview:large, max-video-preview:-1\" \/>\n<link rel=\"canonical\" href=\"https:\/\/egytourpackages.com\/fr\/tours\/excursion-de-2-jours-a-loasis-de-siwa-au-depart-du-caire\/\" \/>\n<meta property=\"og:locale\" content=\"fr_FR\" \/>\n<meta property=\"og:type\" content=\"article\" \/>\n<meta property=\"og:title\" content=\"Excursion de 2 jours \u00e0 l&#039;oasis de Siwa au d\u00e9part du Caire\" \/>\n<meta property=\"og:description\" content=\"Excursion de 2 jours \u00e0 l&#039;oasis de Siwa au d\u00e9part du Caire : explorez le temple d&#039;Amon, le bain de Cl\u00e9op\u00e2tre et les dunes du d\u00e9sert. Une aventure unique !\" \/>\n<meta property=\"og:url\" content=\"https:\/\/egytourpackages.com\/fr\/tours\/excursion-de-2-jours-a-loasis-de-siwa-au-depart-du-caire\/\" \/>\n<meta property=\"og:site_name\" content=\"Egypt Tour Packages\" \/>\n<meta property=\"article:publisher\" content=\"https:\/\/www.facebook.com\/egytourpackages\" \/>\n<meta property=\"article:modified_time\" content=\"2026-02-10T20:39:20+00:00\" \/>\n<meta property=\"og:image\" content=\"https:\/\/egytourpackages.com\/wp-content\/uploads\/2025\/11\/CleopatraSpring.jpg\" \/>\n\t<meta property=\"og:image:width\" content=\"1500\" \/>\n\t<meta property=\"og:image:height\" content=\"1125\" \/>\n\t<meta property=\"og:image:type\" content=\"image\/jpeg\" \/>\n<meta name=\"twitter:card\" content=\"summary_large_image\" \/>\n<meta name=\"twitter:title\" content=\"Excursion de 2 jours \u00e0 l&#039;oasis de Siwa au d\u00e9part du Caire\" \/>\n<meta name=\"twitter:label1\" content=\"Prix\" \/>\n\t<meta name=\"twitter:data1\" content=\"&euro;400\" \/>\n\t<meta name=\"twitter:label2\" content=\"Disponibilit\u00e9\" \/>\n\t<meta name=\"twitter:data2\" content=\"En stock\" \/>\n<script type=\"application\/ld+json\" class=\"yoast-schema-graph\">{\"@context\":\"https:\\\/\\\/schema.org\",\"@graph\":[{\"@type\":\"WebPage\",\"@id\":\"https:\\\/\\\/egytourpackages.com\\\/fr\\\/tours\\\/excursion-de-2-jours-a-loasis-de-siwa-au-depart-du-caire\\\/\",\"url\":\"https:\\\/\\\/egytourpackages.com\\\/fr\\\/tours\\\/excursion-de-2-jours-a-loasis-de-siwa-au-depart-du-caire\\\/\",\"name\":\"Excursion de 2 jours \u00e0 l'oasis de Siwa au d\u00e9part du Caire\",\"isPartOf\":{\"@id\":\"https:\\\/\\\/egytourpackages.com\\\/fr\\\/#website\"},\"primaryImageOfPage\":{\"@id\":\"https:\\\/\\\/egytourpackages.com\\\/fr\\\/tours\\\/excursion-de-2-jours-a-loasis-de-siwa-au-depart-du-caire\\\/#primaryimage\"},\"image\":{\"@id\":\"https:\\\/\\\/egytourpackages.com\\\/fr\\\/tours\\\/excursion-de-2-jours-a-loasis-de-siwa-au-depart-du-caire\\\/#primaryimage\"},\"thumbnailUrl\":\"https:\\\/\\\/egytourpackages.com\\\/wp-content\\\/uploads\\\/2025\\\/11\\\/CleopatraSpring.jpg\",\"datePublished\":\"2025-11-04T14:04:09+00:00\",\"dateModified\":\"2026-02-10T20:39:20+00:00\",\"description\":\"Excursion de 2 jours \u00e0 l'oasis de Siwa au d\u00e9part du Caire : explorez le temple d'Amon, le bain de Cl\u00e9op\u00e2tre et les dunes du d\u00e9sert. Une aventure unique !\",\"breadcrumb\":{\"@id\":\"https:\\\/\\\/egytourpackages.com\\\/fr\\\/tours\\\/excursion-de-2-jours-a-loasis-de-siwa-au-depart-du-caire\\\/#breadcrumb\"},\"inLanguage\":\"fr-FR\",\"potentialAction\":[{\"@type\":\"ReadAction\",\"target\":[\"https:\\\/\\\/egytourpackages.com\\\/fr\\\/tours\\\/excursion-de-2-jours-a-loasis-de-siwa-au-depart-du-caire\\\/\"]}]},{\"@type\":\"ImageObject\",\"inLanguage\":\"fr-FR\",\"@id\":\"https:\\\/\\\/egytourpackages.com\\\/fr\\\/tours\\\/excursion-de-2-jours-a-loasis-de-siwa-au-depart-du-caire\\\/#primaryimage\",\"url\":\"https:\\\/\\\/egytourpackages.com\\\/wp-content\\\/uploads\\\/2025\\\/11\\\/CleopatraSpring.jpg\",\"contentUrl\":\"https:\\\/\\\/egytourpackages.com\\\/wp-content\\\/uploads\\\/2025\\\/11\\\/CleopatraSpring.jpg\",\"width\":1500,\"height\":1125,\"caption\":\"Excursion de 2 jours \u00e0 l'oasis de Siwa au d\u00e9part du Caire\"},{\"@type\":\"BreadcrumbList\",\"@id\":\"https:\\\/\\\/egytourpackages.com\\\/fr\\\/tours\\\/excursion-de-2-jours-a-loasis-de-siwa-au-depart-du-caire\\\/#breadcrumb\",\"itemListElement\":[{\"@type\":\"ListItem\",\"position\":1,\"name\":\"Home\",\"item\":\"https:\\\/\\\/egytourpackages.com\\\/fr\\\/circuits-en-egypte\\\/\"},{\"@type\":\"ListItem\",\"position\":2,\"name\":\"Shop\",\"item\":\"https:\\\/\\\/egytourpackages.com\\\/shop\\\/\"},{\"@type\":\"ListItem\",\"position\":3,\"name\":\"Excursion de 2 jours \u00e0 l&#8217;oasis de Siwa au d\u00e9part du Caire\"}]},{\"@type\":\"WebSite\",\"@id\":\"https:\\\/\\\/egytourpackages.com\\\/fr\\\/#website\",\"url\":\"https:\\\/\\\/egytourpackages.com\\\/fr\\\/\",\"name\":\"Egy tour packages\",\"description\":\"\",\"publisher\":{\"@id\":\"https:\\\/\\\/egytourpackages.com\\\/fr\\\/#organization\"},\"potentialAction\":[{\"@type\":\"SearchAction\",\"target\":{\"@type\":\"EntryPoint\",\"urlTemplate\":\"https:\\\/\\\/egytourpackages.com\\\/fr\\\/?s={search_term_string}\"},\"query-input\":{\"@type\":\"PropertyValueSpecification\",\"valueRequired\":true,\"valueName\":\"search_term_string\"}}],\"inLanguage\":\"fr-FR\"},{\"@type\":[\"Organization\",\"Place\",\"TravelAgency\"],\"@id\":\"https:\\\/\\\/egytourpackages.com\\\/fr\\\/#organization\",\"name\":\"egypt tour packages\",\"alternateName\":\"egypt tour packages\",\"url\":\"https:\\\/\\\/egytourpackages.com\\\/fr\\\/\",\"logo\":{\"@id\":\"https:\\\/\\\/egytourpackages.com\\\/fr\\\/tours\\\/excursion-de-2-jours-a-loasis-de-siwa-au-depart-du-caire\\\/#local-main-organization-logo\"},\"image\":{\"@id\":\"https:\\\/\\\/egytourpackages.com\\\/fr\\\/tours\\\/excursion-de-2-jours-a-loasis-de-siwa-au-depart-du-caire\\\/#local-main-organization-logo\"},\"sameAs\":[\"https:\\\/\\\/www.facebook.com\\\/egytourpackages\"],\"legalName\":\"Egy tour packages\",\"address\":{\"@id\":\"https:\\\/\\\/egytourpackages.com\\\/fr\\\/tours\\\/excursion-de-2-jours-a-loasis-de-siwa-au-depart-du-caire\\\/#local-main-place-address\"},\"telephone\":[\"00201000852186\",\"00201028685533\"],\"contactPoint\":{\"@type\":\"ContactPoint\",\"telephone\":\"00201000852186\"},\"openingHoursSpecification\":[{\"@type\":\"OpeningHoursSpecification\",\"dayOfWeek\":[\"Monday\",\"Tuesday\",\"Wednesday\",\"Thursday\",\"Friday\",\"Saturday\",\"Sunday\"],\"opens\":\"00:00\",\"closes\":\"23:59\"}],\"email\":\"info@egytourpackages.com\",\"areaServed\":\"Cairo, Hurghada, Luxor, Sharm El Sheikh, Marsa Alam, Aswan\",\"priceRange\":\"$\",\"currenciesAccepted\":\"euro\",\"paymentAccepted\":\"Payment links online\"},{\"@type\":\"PostalAddress\",\"@id\":\"https:\\\/\\\/egytourpackages.com\\\/fr\\\/tours\\\/excursion-de-2-jours-a-loasis-de-siwa-au-depart-du-caire\\\/#local-main-place-address\",\"streetAddress\":\"Mubarak 8, Al Kawthar District, Hurghada\",\"addressLocality\":\"Hurghada\",\"postalCode\":\"84511\",\"addressRegion\":\"Red Sea\",\"addressCountry\":\"EG\"},{\"@type\":\"ImageObject\",\"inLanguage\":\"fr-FR\",\"@id\":\"https:\\\/\\\/egytourpackages.com\\\/fr\\\/tours\\\/excursion-de-2-jours-a-loasis-de-siwa-au-depart-du-caire\\\/#local-main-organization-logo\",\"url\":\"https:\\\/\\\/egytourpackages.com\\\/wp-content\\\/uploads\\\/2025\\\/12\\\/Turquoise-Dahabiya-Nile-Cruise-1.jpeg\",\"contentUrl\":\"https:\\\/\\\/egytourpackages.com\\\/wp-content\\\/uploads\\\/2025\\\/12\\\/Turquoise-Dahabiya-Nile-Cruise-1.jpeg\",\"width\":1040,\"height\":694,\"caption\":\"egypt tour packages\"}]}<\/script>\n<meta property=\"product:brand\" content=\"Excursions \u00e0 l&#039;oasis de Siwa au d\u00e9part du Caire\" \/>\n<meta property=\"product:price:amount\" content=\"400\" \/>\n<meta property=\"product:price:currency\" content=\"EUR\" \/>\n<meta property=\"og:availability\" content=\"instock\" \/>\n<meta property=\"product:availability\" content=\"instock\" \/>\n<meta property=\"product:retailer_item_id\" content=\"CDT09\" \/>\n<meta property=\"product:condition\" content=\"new\" \/>\n<meta name=\"geo.placename\" content=\"Hurghada\" \/>\n<meta name=\"geo.region\" content=\"\u00c9gypte\" \/>\n<!-- \/ Yoast SEO Premium plugin. -->","yoast_head_json":{"title":"Excursion de 2 jours \u00e0 l'oasis de Siwa au d\u00e9part du Caire","description":"Excursion de 2 jours \u00e0 l'oasis de Siwa au d\u00e9part du Caire : explorez le temple d'Amon, le bain de Cl\u00e9op\u00e2tre et les dunes du d\u00e9sert. Une aventure unique !","robots":{"index":"index","follow":"follow","max-snippet":"max-snippet:-1","max-image-preview":"max-image-preview:large","max-video-preview":"max-video-preview:-1"},"canonical":"https:\/\/egytourpackages.com\/fr\/tours\/excursion-de-2-jours-a-loasis-de-siwa-au-depart-du-caire\/","og_locale":"fr_FR","og_type":"article","og_title":"Excursion de 2 jours \u00e0 l'oasis de Siwa au d\u00e9part du Caire","og_description":"Excursion de 2 jours \u00e0 l'oasis de Siwa au d\u00e9part du Caire : explorez le temple d'Amon, le bain de Cl\u00e9op\u00e2tre et les dunes du d\u00e9sert. Une aventure unique !","og_url":"https:\/\/egytourpackages.com\/fr\/tours\/excursion-de-2-jours-a-loasis-de-siwa-au-depart-du-caire\/","og_site_name":"Egypt Tour Packages","article_publisher":"https:\/\/www.facebook.com\/egytourpackages","article_modified_time":"2026-02-10T20:39:20+00:00","og_image":[{"width":1500,"height":1125,"url":"https:\/\/egytourpackages.com\/wp-content\/uploads\/2025\/11\/CleopatraSpring.jpg","type":"image\/jpeg"}],"twitter_card":"summary_large_image","twitter_title":"Excursion de 2 jours \u00e0 l'oasis de Siwa au d\u00e9part du Caire","twitter_misc":{"Prix":"&euro;400","Disponibilit\u00e9":"En stock"},"schema":{"@context":"https:\/\/schema.org","@graph":[{"@type":"WebPage","@id":"https:\/\/egytourpackages.com\/fr\/tours\/excursion-de-2-jours-a-loasis-de-siwa-au-depart-du-caire\/","url":"https:\/\/egytourpackages.com\/fr\/tours\/excursion-de-2-jours-a-loasis-de-siwa-au-depart-du-caire\/","name":"Excursion de 2 jours \u00e0 l'oasis de Siwa au d\u00e9part du Caire","isPartOf":{"@id":"https:\/\/egytourpackages.com\/fr\/#website"},"primaryImageOfPage":{"@id":"https:\/\/egytourpackages.com\/fr\/tours\/excursion-de-2-jours-a-loasis-de-siwa-au-depart-du-caire\/#primaryimage"},"image":{"@id":"https:\/\/egytourpackages.com\/fr\/tours\/excursion-de-2-jours-a-loasis-de-siwa-au-depart-du-caire\/#primaryimage"},"thumbnailUrl":"https:\/\/egytourpackages.com\/wp-content\/uploads\/2025\/11\/CleopatraSpring.jpg","datePublished":"2025-11-04T14:04:09+00:00","dateModified":"2026-02-10T20:39:20+00:00","description":"Excursion de 2 jours \u00e0 l'oasis de Siwa au d\u00e9part du Caire : explorez le temple d'Amon, le bain de Cl\u00e9op\u00e2tre et les dunes du d\u00e9sert. Une aventure unique !","breadcrumb":{"@id":"https:\/\/egytourpackages.com\/fr\/tours\/excursion-de-2-jours-a-loasis-de-siwa-au-depart-du-caire\/#breadcrumb"},"inLanguage":"fr-FR","potentialAction":[{"@type":"ReadAction","target":["https:\/\/egytourpackages.com\/fr\/tours\/excursion-de-2-jours-a-loasis-de-siwa-au-depart-du-caire\/"]}]},{"@type":"ImageObject","inLanguage":"fr-FR","@id":"https:\/\/egytourpackages.com\/fr\/tours\/excursion-de-2-jours-a-loasis-de-siwa-au-depart-du-caire\/#primaryimage","url":"https:\/\/egytourpackages.com\/wp-content\/uploads\/2025\/11\/CleopatraSpring.jpg","contentUrl":"https:\/\/egytourpackages.com\/wp-content\/uploads\/2025\/11\/CleopatraSpring.jpg","width":1500,"height":1125,"caption":"Excursion de 2 jours \u00e0 l'oasis de Siwa au d\u00e9part du Caire"},{"@type":"BreadcrumbList","@id":"https:\/\/egytourpackages.com\/fr\/tours\/excursion-de-2-jours-a-loasis-de-siwa-au-depart-du-caire\/#breadcrumb","itemListElement":[{"@type":"ListItem","position":1,"name":"Home","item":"https:\/\/egytourpackages.com\/fr\/circuits-en-egypte\/"},{"@type":"ListItem","position":2,"name":"Shop","item":"https:\/\/egytourpackages.com\/shop\/"},{"@type":"ListItem","position":3,"name":"Excursion de 2 jours \u00e0 l&#8217;oasis de Siwa au d\u00e9part du Caire"}]},{"@type":"WebSite","@id":"https:\/\/egytourpackages.com\/fr\/#website","url":"https:\/\/egytourpackages.com\/fr\/","name":"Egy tour packages","description":"","publisher":{"@id":"https:\/\/egytourpackages.com\/fr\/#organization"},"potentialAction":[{"@type":"SearchAction","target":{"@type":"EntryPoint","urlTemplate":"https:\/\/egytourpackages.com\/fr\/?s={search_term_string}"},"query-input":{"@type":"PropertyValueSpecification","valueRequired":true,"valueName":"search_term_string"}}],"inLanguage":"fr-FR"},{"@type":["Organization","Place","TravelAgency"],"@id":"https:\/\/egytourpackages.com\/fr\/#organization","name":"egypt tour packages","alternateName":"egypt tour packages","url":"https:\/\/egytourpackages.com\/fr\/","logo":{"@id":"https:\/\/egytourpackages.com\/fr\/tours\/excursion-de-2-jours-a-loasis-de-siwa-au-depart-du-caire\/#local-main-organization-logo"},"image":{"@id":"https:\/\/egytourpackages.com\/fr\/tours\/excursion-de-2-jours-a-loasis-de-siwa-au-depart-du-caire\/#local-main-organization-logo"},"sameAs":["https:\/\/www.facebook.com\/egytourpackages"],"legalName":"Egy tour packages","address":{"@id":"https:\/\/egytourpackages.com\/fr\/tours\/excursion-de-2-jours-a-loasis-de-siwa-au-depart-du-caire\/#local-main-place-address"},"telephone":["00201000852186","00201028685533"],"contactPoint":{"@type":"ContactPoint","telephone":"00201000852186"},"openingHoursSpecification":[{"@type":"OpeningHoursSpecification","dayOfWeek":["Monday","Tuesday","Wednesday","Thursday","Friday","Saturday","Sunday"],"opens":"00:00","closes":"23:59"}],"email":"info@egytourpackages.com","areaServed":"Cairo, Hurghada, Luxor, Sharm El Sheikh, Marsa Alam, Aswan","priceRange":"$","currenciesAccepted":"euro","paymentAccepted":"Payment links online"},{"@type":"PostalAddress","@id":"https:\/\/egytourpackages.com\/fr\/tours\/excursion-de-2-jours-a-loasis-de-siwa-au-depart-du-caire\/#local-main-place-address","streetAddress":"Mubarak 8, Al Kawthar District, Hurghada","addressLocality":"Hurghada","postalCode":"84511","addressRegion":"Red Sea","addressCountry":"EG"},{"@type":"ImageObject","inLanguage":"fr-FR","@id":"https:\/\/egytourpackages.com\/fr\/tours\/excursion-de-2-jours-a-loasis-de-siwa-au-depart-du-caire\/#local-main-organization-logo","url":"https:\/\/egytourpackages.com\/wp-content\/uploads\/2025\/12\/Turquoise-Dahabiya-Nile-Cruise-1.jpeg","contentUrl":"https:\/\/egytourpackages.com\/wp-content\/uploads\/2025\/12\/Turquoise-Dahabiya-Nile-Cruise-1.jpeg","width":1040,"height":694,"caption":"egypt tour packages"}]},"product_brand":"Excursions \u00e0 l'oasis de Siwa au d\u00e9part du Caire","product_price_amount":"400","product_price_currency":"EUR","og_availability":"instock","product_availability":"instock","product_retailer_item_id":"CDT09","product_condition":"new","geo.placename":"Hurghada","geo.region":"\u00c9gypte"},"_links":{"self":[{"href":"https:\/\/egytourpackages.com\/fr\/wp-json\/wp\/v2\/product\/14752","targetHints":{"allow":["GET"]}}],"collection":[{"href":"https:\/\/egytourpackages.com\/fr\/wp-json\/wp\/v2\/product"}],"about":[{"href":"https:\/\/egytourpackages.com\/fr\/wp-json\/wp\/v2\/types\/product"}],"replies":[{"embeddable":true,"href":"https:\/\/egytourpackages.com\/fr\/wp-json\/wp\/v2\/comments?post=14752"}],"wp:featuredmedia":[{"embeddable":true,"href":"https:\/\/egytourpackages.com\/fr\/wp-json\/wp\/v2\/media\/9060"}],"wp:attachment":[{"href":"https:\/\/egytourpackages.com\/fr\/wp-json\/wp\/v2\/media?parent=14752"}],"wp:term":[{"taxonomy":"product_brand","embeddable":true,"href":"https:\/\/egytourpackages.com\/fr\/wp-json\/wp\/v2\/product_brand?post=14752"},{"taxonomy":"product_cat","embeddable":true,"href":"https:\/\/egytourpackages.com\/fr\/wp-json\/wp\/v2\/product_cat?post=14752"},{"taxonomy":"product_tag","embeddable":true,"href":"https:\/\/egytourpackages.com\/fr\/wp-json\/wp\/v2\/product_tag?post=14752"}],"curies":[{"name":"wp","href":"https:\/\/api.w.org\/{rel}","templated":true}]}}