{"id":15025,"date":"2025-11-03T20:58:24","date_gmt":"2025-11-03T20:58:24","guid":{"rendered":"https:\/\/egytourpackages.com\/product\/snorkeling-a-lile-hula-hula-hurghada\/"},"modified":"2026-02-15T05:15:52","modified_gmt":"2026-02-15T05:15:52","slug":"snorkeling-a-lile-hula-hula-hurghada","status":"publish","type":"product","link":"https:\/\/egytourpackages.com\/fr\/tours\/snorkeling-a-lile-hula-hula-hurghada\/","title":{"rendered":"Snorkeling \u00e0 l&rsquo;\u00eele Hula Hula Hurghada"},"content":{"rendered":"<p><span style=\"color: #ff6600;\"><strong>Snorkeling \u00e0 l&rsquo;\u00eele Hula Hula Hurghada : L&rsquo;excursion ultime en Mer Rouge<\/strong><\/span><\/p>\n<p>R\u00e9servez votre aventure pour le <strong>snorkeling \u00e0 l&rsquo;\u00eele Hula Hula Hurghada<\/strong>, souvent surnomm\u00e9e les \u00ab Cara\u00efbes \u00e9gyptiennes \u00bb, et embarquez pour l&rsquo;une des <strong>meilleures excursions en Mer Rouge<\/strong> disponibles.<\/p>\n<p>Cette <strong>sortie snorkeling tout compris<\/strong> est m\u00e9ticuleusement con\u00e7ue pour offrir un m\u00e9lange parfait de d\u00e9tente et de divertissement dynamique, s&rsquo;adressant aux <strong>familles<\/strong>, aux <strong>amis<\/strong> et aux <strong>couples<\/strong> \u00e0 la recherche d&rsquo;une <strong>aventure aux \u00eeles Giftun<\/strong> m\u00e9morable.<\/p>\n<p>Naviguez \u00e0 bord d&rsquo;un yacht confortable sur les <strong>eaux cristallines<\/strong> de la Mer Rouge, en direction de ce havre exclusif connu pour ses <strong>plages de sable blanc<\/strong> immacul\u00e9es et son atmosph\u00e8re tranquille.<\/p>\n<p>Votre journ\u00e9e est consacr\u00e9e \u00e0 l&rsquo;exploration de deux sites distincts, offrant un acc\u00e8s sans pr\u00e9c\u00e9dent au monde sous-marin \u00e9poustouflant et \u00e0 ses <strong>r\u00e9cifs coralliens vibrants<\/strong>.<\/p>\n<p>Au-del\u00e0 des paysages grandioses, ce <strong>tour en bateau \u00e0 Hurghada<\/strong> garantit un plaisir maximum avec des sensations fortes lors des sessions de <strong>Banana Boat &amp; Sofa (sports nautiques)<\/strong>, suivies d&rsquo;un d\u00e9licieux d\u00e9jeuner buffet fra\u00eechement pr\u00e9par\u00e9 et servi \u00e0 bord.<\/p>\n<p>Avec des guides experts pour assister tous les niveaux, des d\u00e9butants aux plongeurs chevronn\u00e9s, ce voyage <strong>tout inclus<\/strong> est le moyen essentiel pour d\u00e9couvrir les merveilles aquatiques de la Mer Rouge.<\/p>\n<h3><span style=\"color: #ff6600;\">D\u00e9tails de l&rsquo;excursion<\/span><\/h3>\n<ul>\n<li>Dur\u00e9e: Journ\u00e9e compl\u00e8te (environ 8 heures)<\/li>\n<li>Lieu: Mer Rouge \/ \u00cele Hula Hula (Parc National des \u00eeles Giftun)<\/li>\n<li>Disponibilit\u00e9: Tous les jours<\/li>\n<li>Langue: Anglais<\/li>\n<li>Prise en charge &amp; Retour: Votre h\u00f4tel \u00e0 Hurghada<\/li>\n<li>Type: En groupe<\/li>\n<\/ul>\n<h3><span style=\"color: #ff6600;\">Points forts du tour<\/span><\/h3>\n<ul>\n<li>Temps libre sur la plage de l&rsquo;\u00eele Hula Hula (environ 2 heures de d\u00e9tente)<\/li>\n<li>Deux arr\u00eats snorkeling sur des r\u00e9cifs coralliens color\u00e9s<\/li>\n<li>Sports nautiques excitants : Banana Boat &amp; Sofa<\/li>\n<li>D\u00e9licieux d\u00e9jeuner fra\u00eechement pr\u00e9par\u00e9 \u00e0 bord<\/li>\n<\/ul>\n<h3><span style=\"color: #ff6600;\">Inclusions<\/span><\/h3>\n<ul>\n<li>Transfert aller-retour depuis votre h\u00f4tel \u00e0 Hurghada en v\u00e9hicule moderne climatis\u00e9.<\/li>\n<li>\u00c9quipement de snorkeling (masque, tuba, palmes et gilet de sauvetage) pour tous les invit\u00e9s.<\/li>\n<li>Guide de snorkeling certifi\u00e9 parlant anglais.<\/li>\n<li>D\u00e9jeuner buffet fra\u00eechement pr\u00e9par\u00e9 servi sur le bateau.<\/li>\n<li>Eau min\u00e9rale, boissons chaudes et boissons gazeuses illimit\u00e9es toute la journ\u00e9e.<\/li>\n<li>Frais d&rsquo;entr\u00e9e pour l&rsquo;\u00eele Hula Hula.<\/li>\n<\/ul>\n<h3><span style=\"color: #ff6600;\">Exclusions<\/span><\/h3>\n<ul>\n<li>Taxes d&rsquo;entr\u00e9e au parc national (5\u20ac \u00e0 payer lors de la prise en charge).<\/li>\n<li>Services optionnels de photographie professionnelle \/ DVD.<\/li>\n<li>Pourboires (recommand\u00e9s pour l&rsquo;\u00e9quipage et le guide).<\/li>\n<li>D\u00e9penses personnelles et souvenirs.<\/li>\n<\/ul>\n<h3><span style=\"color: #ff6600;\">\u00c0 emporter avec vous<\/span><\/h3>\n<ul>\n<li>Votre propre serviette de l&rsquo;h\u00f4tel<\/li>\n<li>Chapeau ou casquette<\/li>\n<li>Cr\u00e8me solaire (une protection respectueuse des r\u00e9cifs est recommand\u00e9e)<\/li>\n<li>Lunettes de soleil<\/li>\n<li>Chaussures confortables (tongs ou chaussures d&rsquo;eau)<\/li>\n<li>Maillot de bain<\/li>\n<li>Un peu d&rsquo;argent liquide pour vos d\u00e9penses personnelles et frais<\/li>\n<\/ul>\n<h2><span style=\"color: #993366;\"><em>Itin\u00e9raire<\/em><\/span><\/h2>\n<h3><span style=\"color: #ff6600;\">Prise en charge le matin:<\/span><\/h3>\n<p>Votre v\u00e9hicule de transfert viendra vous chercher \u00e0 votre <strong>h\u00f4tel \u00e0 Hurghada<\/strong> (entre 08h00 et 09h00 environ) pour vous conduire \u00e0 la marina. Apr\u00e8s un bref enregistrement, vous monterez \u00e0 bord du bateau et prendrez le large.<\/p>\n<h3><span style=\"color: #ff6600;\">Premier arr\u00eat snorkeling:<\/span><\/h3>\n<p>Le yacht navigue vers le premier site de <strong>r\u00e9cif corallien<\/strong>, s\u00e9lectionn\u00e9 avec soin. Apr\u00e8s un briefing de s\u00e9curit\u00e9 complet, vous passerez environ 45 \u00e0 60 minutes \u00e0 nager et \u00e0 explorer les <strong>r\u00e9cifs coralliens vibrants<\/strong> et la vie marine diversifi\u00e9e, guid\u00e9s par un expert.<\/p>\n<h3><span style=\"color: #ff6600;\">D\u00e9tente sur la plage de l&rsquo;\u00eele Hula Hula :<\/span><\/h3>\n<p>Le bateau se dirige vers l&rsquo;<strong>\u00eele Hula Hula<\/strong>, o\u00f9 vous d\u00e9barquerez pour environ <strong>2 heures<\/strong> de temps libre. D\u00e9tendez-vous sur les <strong>plages de sable blanc et fin<\/strong>, nagez dans les lagons turquoise peu profonds ou prenez des photos incroyables dans ce cadre tropical.<\/p>\n<h3><span style=\"color: #ff6600;\">D\u00e9jeuner &amp; Relaxation:<\/span><\/h3>\n<p>Vous retournerez sur le bateau pour un d\u00e9licieux <strong>d\u00e9jeuner buffet fra\u00eechement pr\u00e9par\u00e9<\/strong>. Profitez de votre repas et de <strong>boissons rafra\u00eechissantes illimit\u00e9es<\/strong> tout en naviguant vers le prochain lieu d&rsquo;activit\u00e9.<\/p>\n<p><strong>Deuxi\u00e8me arr\u00eat snorkeling &amp; sports nautiques :<\/strong><\/p>\n<p>Le bateau fait une courte halte pour une deuxi\u00e8me session de <strong>snorkeling<\/strong> optionnelle, suivie par les sensations fortes des tours de <strong>Banana Boat &amp; Sofa<\/strong>.<\/p>\n<h3><span style=\"color: #ff6600;\">Retour \u00e0 la marina:<\/span><\/h3>\n<p>En fin d&rsquo;apr\u00e8s-midi, le bateau entame son voyage de retour vers la marina d&rsquo;Hurghada (vers 16h00), o\u00f9 votre v\u00e9hicule climatis\u00e9 vous attendra pour vous transf\u00e9rer \u00e0 votre h\u00f4tel.<\/p>\n<h3><span style=\"color: #ff6600;\">Prix Snorkeling \u00eele Hula Hula Hurghada<\/span><\/h3>\n<table>\n<thead>\n<tr>\n<td><strong>Cat\u00e9gorie<\/strong><\/td>\n<td><strong>D\u00e9tails du prix<\/strong><\/td>\n<td><strong>Prix Total<\/strong><\/td>\n<\/tr>\n<\/thead>\n<tbody>\n<tr>\n<td><strong>Adultes<\/strong><\/td>\n<td>Prix du billet complet<\/td>\n<td><strong>25 \u20ac<\/strong><\/td>\n<\/tr>\n<tr>\n<td><strong>Enfants (5\u201311 ans)<\/strong><\/td>\n<td>50% du prix adulte<\/td>\n<td><strong>12.50 \u20ac<\/strong><\/td>\n<\/tr>\n<tr>\n<td><strong>B\u00e9b\u00e9s (0\u20135 ans)<\/strong><\/td>\n<td>Offert<\/td>\n<td><strong>Gratuit<\/strong><\/td>\n<\/tr>\n<\/tbody>\n<\/table>\n<h3><span style=\"color: #ff6600;\">R\u00e9servation<\/span><\/h3>\n<ul>\n<li>Vous pouvez r\u00e9server votre tour via WhatsApp ou nous envoyer un e-mail, et vous recevrez la confirmation imm\u00e9diatement.<\/li>\n<li>Merci de nous communiquer le nom de votre h\u00f4tel, votre num\u00e9ro de chambre et les copies de vos passeports.<\/li>\n<\/ul>\n<p>WhatsApp: +201000852186<\/p>\n<p>Email: info@egytourpackages.com<\/p>\n<h3><span style=\"color: #ff6600;\">R\u00e9servez maintenant &amp; Payez sur place<\/span><\/h3>\n<p>R\u00e9servez votre excursion pr\u00e9f\u00e9r\u00e9e et payez le jour du voyage.<\/p>\n<h3><span style=\"color: #ff6600;\">Paiement<\/span><\/h3>\n<p>Vous pouvez payer en livres \u00e9gyptiennes, $, \u20ac ou \u00a3.<\/p>\n<h3><span style=\"color: #ff6600;\">Politique d&rsquo;annulation<\/span><\/h3>\n<ul>\n<li>L&rsquo;annulation est gratuite jusqu&rsquo;\u00e0 24 heures \u00e0 l&rsquo;avance.<\/li>\n<li>L&rsquo;annulation le matin m\u00eame est factur\u00e9e \u00e0 50 % du prix.<\/li>\n<\/ul>\n<h2><span style=\"color: #993366;\"><em>FAQ &amp; Notes<\/em><\/span><\/h2>\n<h3><span style=\"color: #ff6600;\">Cette sortie snorkeling est-elle adapt\u00e9e aux non-nageurs ou aux d\u00e9butants ?<\/span><\/h3>\n<p>Oui, absolument. Le snorkeling est une activit\u00e9 de surface. Nous fournissons des gilets de sauvetage \u00e0 tous les invit\u00e9s (obligatoires pour les non-nageurs), et notre guide de snorkeling professionnel donne des instructions et reste \u00e0 proximit\u00e9 pour assurer une s\u00e9curit\u00e9 et un confort maximum pour tous les niveaux.<\/p>\n<h3><span style=\"color: #ff6600;\">Quel type de d\u00e9jeuner est servi sur le bateau?<\/span><\/h3>\n<p>Un d\u00e9licieux d\u00e9jeuner buffet fra\u00eechement pr\u00e9par\u00e9 est servi, comprenant g\u00e9n\u00e9ralement une s\u00e9lection de plats \u00e9gyptiens et internationaux tels que du poulet\/viande, du riz, des p\u00e2tes, de la salade et des fruits frais. Des options v\u00e9g\u00e9tariennes peuvent souvent \u00eatre propos\u00e9es sur demande lors de la r\u00e9servation.<\/p>\n<h3><span style=\"color: #ff6600;\">Qu&rsquo;est-ce que la taxe de Parc National et est-elle incluse dans le prix?<\/span><\/h3>\n<p>La taxe de Parc National pour les \u00eeles Giftun (o\u00f9 se trouve Hula Hula) n&rsquo;est g\u00e9n\u00e9ralement pas incluse dans le prix de base et doit \u00eatre pay\u00e9e en esp\u00e8ces (environ 5\u20ac \u2013 10\u20ac par personne) le jour de l&rsquo;excursion.<\/p>\n<h3><span style=\"color: #ff6600;\">Y a-t-il des vestiaires et des toilettes sur le yacht?<\/span><\/h3>\n<p>Oui. Tous les yachts utilis\u00e9s pour ce tour en bateau \u00e0 Hurghada sont \u00e9quip\u00e9s de toilettes propres et fonctionnelles ainsi que de cabines\/zones o\u00f9 vous pouvez vous changer avant et apr\u00e8s la baignade.<\/p>\n<h3><span style=\"color: #ff6600;\">Combien de temps passons-nous r\u00e9ellement \u00e0 faire du snorkeling par rapport \u00e0 l\u2019\u00eele?<\/span><\/h3>\n<p>L&rsquo;excursion d&rsquo;une journ\u00e9e est \u00e9quilibr\u00e9e. Vous passez g\u00e9n\u00e9ralement 1,5 \u00e0 2 heures combin\u00e9es dans l&rsquo;eau pendant les arr\u00eats snorkeling et environ 2 heures \u00e0 vous d\u00e9tendre et explorer la plage sur l&rsquo;\u00eele Hula Hula.<\/p>\n","protected":false},"excerpt":{"rendered":"<p>R\u00e9servez votre <b data-path-to-node=\"0\" data-index-in-node=\"15\">Snorkeling \u00e0 l&rsquo;\u00eele Hula Hula Hurghada<\/b>. D\u00e9couvrez la Mer Rouge, des coraux color\u00e9s et des plages de r\u00eave. Une aventure VIP ! R\u00e9servez ici.<\/p>\n","protected":false},"featured_media":9039,"comment_status":"closed","ping_status":"closed","template":"","meta":[],"product_brand":[],"product_cat":[3124],"product_tag":[3274,3275],"class_list":{"0":"post-15025","1":"product","2":"type-product","3":"status-publish","4":"has-post-thumbnail","6":"product_cat-tours-fr","7":"product_tag-excursions-a-hurghada","8":"product_tag-excursions-dune-journee-en-egypte","9":"tour_category-excursions-a-hurghada-fr","10":"tour_category-excursions-de-plongee-en-apnee-a-hurghada","11":"tour_category-excursions-en-egypte-fr","12":"tour_category-excursions-makadi-bay-fr","14":"first","15":"instock","16":"sale","17":"shipping-taxable","18":"purchasable","19":"product-type-tour"},"yoast_head":"<!-- This site is optimized with the Yoast SEO Premium plugin v27.2 (Yoast SEO v27.2) - https:\/\/yoast.com\/product\/yoast-seo-premium-wordpress\/ -->\n<title>Snorkeling \u00e0 l&#039;\u00eele Hula Hula Hurghada<\/title>\n<meta name=\"description\" content=\"R\u00e9servez votre Snorkeling \u00e0 l&#039;\u00eele Hula Hula Hurghada. D\u00e9couvrez la Mer Rouge, des coraux color\u00e9s et des plages de r\u00eave. Une aventure VIP ! R\u00e9servez ici.\" \/>\n<meta name=\"robots\" content=\"index, follow, max-snippet:-1, max-image-preview:large, max-video-preview:-1\" \/>\n<link rel=\"canonical\" href=\"https:\/\/egytourpackages.com\/fr\/tours\/snorkeling-a-lile-hula-hula-hurghada\/\" \/>\n<meta property=\"og:locale\" content=\"fr_FR\" \/>\n<meta property=\"og:type\" content=\"article\" \/>\n<meta property=\"og:title\" content=\"Snorkeling \u00e0 l&#039;\u00eele Hula Hula Hurghada\" \/>\n<meta property=\"og:description\" content=\"R\u00e9servez votre Snorkeling \u00e0 l&#039;\u00eele Hula Hula Hurghada. D\u00e9couvrez la Mer Rouge, des coraux color\u00e9s et des plages de r\u00eave. Une aventure VIP ! R\u00e9servez ici.\" \/>\n<meta property=\"og:url\" content=\"https:\/\/egytourpackages.com\/fr\/tours\/snorkeling-a-lile-hula-hula-hurghada\/\" \/>\n<meta property=\"og:site_name\" content=\"Egypt Tour Packages\" \/>\n<meta property=\"article:publisher\" content=\"https:\/\/www.facebook.com\/egytourpackages\" \/>\n<meta property=\"article:modified_time\" content=\"2026-02-15T05:15:52+00:00\" \/>\n<meta property=\"og:image\" content=\"https:\/\/egytourpackages.com\/wp-content\/uploads\/2025\/11\/Hula-Hula-Island-Snorkeling-Hurghada-1.jpg\" \/>\n\t<meta property=\"og:image:width\" content=\"1800\" \/>\n\t<meta property=\"og:image:height\" content=\"1195\" \/>\n\t<meta property=\"og:image:type\" content=\"image\/jpeg\" \/>\n<meta name=\"twitter:card\" content=\"summary_large_image\" \/>\n<meta name=\"twitter:title\" content=\"Snorkeling \u00e0 l&#039;\u00eele Hula Hula Hurghada\" \/>\n<meta name=\"twitter:label1\" content=\"Prix\" \/>\n\t<meta name=\"twitter:data1\" content=\"&euro;25\" \/>\n\t<meta name=\"twitter:label2\" content=\"Disponibilit\u00e9\" \/>\n\t<meta name=\"twitter:data2\" content=\"En stock\" \/>\n<script type=\"application\/ld+json\" class=\"yoast-schema-graph\">{\"@context\":\"https:\/\/schema.org\",\"@graph\":[{\"@type\":\"WebPage\",\"@id\":\"https:\/\/egytourpackages.com\/fr\/tours\/snorkeling-a-lile-hula-hula-hurghada\/\",\"url\":\"https:\/\/egytourpackages.com\/fr\/tours\/snorkeling-a-lile-hula-hula-hurghada\/\",\"name\":\"Snorkeling \u00e0 l'\u00eele Hula Hula Hurghada\",\"isPartOf\":{\"@id\":\"https:\/\/egytourpackages.com\/fr\/#website\"},\"primaryImageOfPage\":{\"@id\":\"https:\/\/egytourpackages.com\/fr\/tours\/snorkeling-a-lile-hula-hula-hurghada\/#primaryimage\"},\"image\":{\"@id\":\"https:\/\/egytourpackages.com\/fr\/tours\/snorkeling-a-lile-hula-hula-hurghada\/#primaryimage\"},\"thumbnailUrl\":\"https:\/\/egytourpackages.com\/wp-content\/uploads\/2025\/11\/Hula-Hula-Island-Snorkeling-Hurghada-1.jpg\",\"datePublished\":\"2025-11-03T20:58:24+00:00\",\"dateModified\":\"2026-02-15T05:15:52+00:00\",\"description\":\"R\u00e9servez votre Snorkeling \u00e0 l'\u00eele Hula Hula Hurghada. D\u00e9couvrez la Mer Rouge, des coraux color\u00e9s et des plages de r\u00eave. Une aventure VIP ! R\u00e9servez ici.\",\"breadcrumb\":{\"@id\":\"https:\/\/egytourpackages.com\/fr\/tours\/snorkeling-a-lile-hula-hula-hurghada\/#breadcrumb\"},\"inLanguage\":\"fr-FR\",\"potentialAction\":[{\"@type\":\"ReadAction\",\"target\":[\"https:\/\/egytourpackages.com\/fr\/tours\/snorkeling-a-lile-hula-hula-hurghada\/\"]}]},{\"@type\":\"ImageObject\",\"inLanguage\":\"fr-FR\",\"@id\":\"https:\/\/egytourpackages.com\/fr\/tours\/snorkeling-a-lile-hula-hula-hurghada\/#primaryimage\",\"url\":\"https:\/\/egytourpackages.com\/wp-content\/uploads\/2025\/11\/Hula-Hula-Island-Snorkeling-Hurghada-1.jpg\",\"contentUrl\":\"https:\/\/egytourpackages.com\/wp-content\/uploads\/2025\/11\/Hula-Hula-Island-Snorkeling-Hurghada-1.jpg\",\"width\":1800,\"height\":1195,\"caption\":\"Snorkeling \u00e0 l'\u00eele Hula Hula Hurghada\"},{\"@type\":\"BreadcrumbList\",\"@id\":\"https:\/\/egytourpackages.com\/fr\/tours\/snorkeling-a-lile-hula-hula-hurghada\/#breadcrumb\",\"itemListElement\":[{\"@type\":\"ListItem\",\"position\":1,\"name\":\"Home\",\"item\":\"https:\/\/egytourpackages.com\/fr\/circuits-en-egypte\/\"},{\"@type\":\"ListItem\",\"position\":2,\"name\":\"Shop\",\"item\":\"https:\/\/egytourpackages.com\/shop\/\"},{\"@type\":\"ListItem\",\"position\":3,\"name\":\"Snorkeling \u00e0 l&#8217;\u00eele Hula Hula Hurghada\"}]},{\"@type\":\"WebSite\",\"@id\":\"https:\/\/egytourpackages.com\/fr\/#website\",\"url\":\"https:\/\/egytourpackages.com\/fr\/\",\"name\":\"Egy tour packages\",\"description\":\"\",\"publisher\":{\"@id\":\"https:\/\/egytourpackages.com\/fr\/#organization\"},\"potentialAction\":[{\"@type\":\"SearchAction\",\"target\":{\"@type\":\"EntryPoint\",\"urlTemplate\":\"https:\/\/egytourpackages.com\/fr\/?s={search_term_string}\"},\"query-input\":{\"@type\":\"PropertyValueSpecification\",\"valueRequired\":true,\"valueName\":\"search_term_string\"}}],\"inLanguage\":\"fr-FR\"},{\"@type\":[\"Organization\",\"Place\",\"TravelAgency\"],\"@id\":\"https:\/\/egytourpackages.com\/fr\/#organization\",\"name\":\"egypt tour packages\",\"alternateName\":\"egypt tour packages\",\"url\":\"https:\/\/egytourpackages.com\/fr\/\",\"logo\":{\"@id\":\"https:\/\/egytourpackages.com\/fr\/tours\/snorkeling-a-lile-hula-hula-hurghada\/#local-main-organization-logo\"},\"image\":{\"@id\":\"https:\/\/egytourpackages.com\/fr\/tours\/snorkeling-a-lile-hula-hula-hurghada\/#local-main-organization-logo\"},\"sameAs\":[\"https:\/\/www.facebook.com\/egytourpackages\"],\"legalName\":\"Egy tour packages\",\"address\":{\"@id\":\"https:\/\/egytourpackages.com\/fr\/tours\/snorkeling-a-lile-hula-hula-hurghada\/#local-main-place-address\"},\"telephone\":[\"00201000852186\",\"00201028685533\"],\"contactPoint\":{\"@type\":\"ContactPoint\",\"telephone\":\"00201000852186\"},\"openingHoursSpecification\":[{\"@type\":\"OpeningHoursSpecification\",\"dayOfWeek\":[\"Monday\",\"Tuesday\",\"Wednesday\",\"Thursday\",\"Friday\",\"Saturday\",\"Sunday\"],\"opens\":\"00:00\",\"closes\":\"23:59\"}],\"email\":\"info@egytourpackages.com\",\"areaServed\":\"Cairo, Hurghada, Luxor, Sharm El Sheikh, Marsa Alam, Aswan\",\"priceRange\":\"$\",\"currenciesAccepted\":\"euro\",\"paymentAccepted\":\"Payment links online\"},{\"@type\":\"PostalAddress\",\"@id\":\"https:\/\/egytourpackages.com\/fr\/tours\/snorkeling-a-lile-hula-hula-hurghada\/#local-main-place-address\",\"streetAddress\":\"Mubarak 8, Al Kawthar District, Hurghada\",\"addressLocality\":\"Hurghada\",\"postalCode\":\"84511\",\"addressRegion\":\"Red Sea\",\"addressCountry\":\"EG\"},{\"@type\":\"ImageObject\",\"inLanguage\":\"fr-FR\",\"@id\":\"https:\/\/egytourpackages.com\/fr\/tours\/snorkeling-a-lile-hula-hula-hurghada\/#local-main-organization-logo\",\"url\":\"https:\/\/egytourpackages.com\/wp-content\/uploads\/2025\/12\/Turquoise-Dahabiya-Nile-Cruise-1.jpeg\",\"contentUrl\":\"https:\/\/egytourpackages.com\/wp-content\/uploads\/2025\/12\/Turquoise-Dahabiya-Nile-Cruise-1.jpeg\",\"width\":1040,\"height\":694,\"caption\":\"egypt tour packages\"}]}<\/script>\n<meta property=\"product:brand\" content=\"Excursions \u00e0 Hurghada\" \/>\n<meta property=\"product:price:amount\" content=\"25\" \/>\n<meta property=\"product:price:currency\" content=\"EUR\" \/>\n<meta property=\"og:availability\" content=\"instock\" \/>\n<meta property=\"product:availability\" content=\"instock\" \/>\n<meta property=\"product:retailer_item_id\" content=\"HDT27\" \/>\n<meta property=\"product:condition\" content=\"new\" \/>\n<meta name=\"geo.placename\" content=\"Hurghada\" \/>\n<meta name=\"geo.region\" content=\"\u00c9gypte\" \/>\n<!-- \/ Yoast SEO Premium plugin. -->","yoast_head_json":{"title":"Snorkeling \u00e0 l'\u00eele Hula Hula Hurghada","description":"R\u00e9servez votre Snorkeling \u00e0 l'\u00eele Hula Hula Hurghada. D\u00e9couvrez la Mer Rouge, des coraux color\u00e9s et des plages de r\u00eave. Une aventure VIP ! R\u00e9servez ici.","robots":{"index":"index","follow":"follow","max-snippet":"max-snippet:-1","max-image-preview":"max-image-preview:large","max-video-preview":"max-video-preview:-1"},"canonical":"https:\/\/egytourpackages.com\/fr\/tours\/snorkeling-a-lile-hula-hula-hurghada\/","og_locale":"fr_FR","og_type":"article","og_title":"Snorkeling \u00e0 l'\u00eele Hula Hula Hurghada","og_description":"R\u00e9servez votre Snorkeling \u00e0 l'\u00eele Hula Hula Hurghada. D\u00e9couvrez la Mer Rouge, des coraux color\u00e9s et des plages de r\u00eave. Une aventure VIP ! R\u00e9servez ici.","og_url":"https:\/\/egytourpackages.com\/fr\/tours\/snorkeling-a-lile-hula-hula-hurghada\/","og_site_name":"Egypt Tour Packages","article_publisher":"https:\/\/www.facebook.com\/egytourpackages","article_modified_time":"2026-02-15T05:15:52+00:00","og_image":[{"width":1800,"height":1195,"url":"https:\/\/egytourpackages.com\/wp-content\/uploads\/2025\/11\/Hula-Hula-Island-Snorkeling-Hurghada-1.jpg","type":"image\/jpeg"}],"twitter_card":"summary_large_image","twitter_title":"Snorkeling \u00e0 l'\u00eele Hula Hula Hurghada","twitter_misc":{"Prix":"&euro;25","Disponibilit\u00e9":"En stock"},"schema":{"@context":"https:\/\/schema.org","@graph":[{"@type":"WebPage","@id":"https:\/\/egytourpackages.com\/fr\/tours\/snorkeling-a-lile-hula-hula-hurghada\/","url":"https:\/\/egytourpackages.com\/fr\/tours\/snorkeling-a-lile-hula-hula-hurghada\/","name":"Snorkeling \u00e0 l'\u00eele Hula Hula Hurghada","isPartOf":{"@id":"https:\/\/egytourpackages.com\/fr\/#website"},"primaryImageOfPage":{"@id":"https:\/\/egytourpackages.com\/fr\/tours\/snorkeling-a-lile-hula-hula-hurghada\/#primaryimage"},"image":{"@id":"https:\/\/egytourpackages.com\/fr\/tours\/snorkeling-a-lile-hula-hula-hurghada\/#primaryimage"},"thumbnailUrl":"https:\/\/egytourpackages.com\/wp-content\/uploads\/2025\/11\/Hula-Hula-Island-Snorkeling-Hurghada-1.jpg","datePublished":"2025-11-03T20:58:24+00:00","dateModified":"2026-02-15T05:15:52+00:00","description":"R\u00e9servez votre Snorkeling \u00e0 l'\u00eele Hula Hula Hurghada. D\u00e9couvrez la Mer Rouge, des coraux color\u00e9s et des plages de r\u00eave. Une aventure VIP ! R\u00e9servez ici.","breadcrumb":{"@id":"https:\/\/egytourpackages.com\/fr\/tours\/snorkeling-a-lile-hula-hula-hurghada\/#breadcrumb"},"inLanguage":"fr-FR","potentialAction":[{"@type":"ReadAction","target":["https:\/\/egytourpackages.com\/fr\/tours\/snorkeling-a-lile-hula-hula-hurghada\/"]}]},{"@type":"ImageObject","inLanguage":"fr-FR","@id":"https:\/\/egytourpackages.com\/fr\/tours\/snorkeling-a-lile-hula-hula-hurghada\/#primaryimage","url":"https:\/\/egytourpackages.com\/wp-content\/uploads\/2025\/11\/Hula-Hula-Island-Snorkeling-Hurghada-1.jpg","contentUrl":"https:\/\/egytourpackages.com\/wp-content\/uploads\/2025\/11\/Hula-Hula-Island-Snorkeling-Hurghada-1.jpg","width":1800,"height":1195,"caption":"Snorkeling \u00e0 l'\u00eele Hula Hula Hurghada"},{"@type":"BreadcrumbList","@id":"https:\/\/egytourpackages.com\/fr\/tours\/snorkeling-a-lile-hula-hula-hurghada\/#breadcrumb","itemListElement":[{"@type":"ListItem","position":1,"name":"Home","item":"https:\/\/egytourpackages.com\/fr\/circuits-en-egypte\/"},{"@type":"ListItem","position":2,"name":"Shop","item":"https:\/\/egytourpackages.com\/shop\/"},{"@type":"ListItem","position":3,"name":"Snorkeling \u00e0 l&#8217;\u00eele Hula Hula Hurghada"}]},{"@type":"WebSite","@id":"https:\/\/egytourpackages.com\/fr\/#website","url":"https:\/\/egytourpackages.com\/fr\/","name":"Egy tour packages","description":"","publisher":{"@id":"https:\/\/egytourpackages.com\/fr\/#organization"},"potentialAction":[{"@type":"SearchAction","target":{"@type":"EntryPoint","urlTemplate":"https:\/\/egytourpackages.com\/fr\/?s={search_term_string}"},"query-input":{"@type":"PropertyValueSpecification","valueRequired":true,"valueName":"search_term_string"}}],"inLanguage":"fr-FR"},{"@type":["Organization","Place","TravelAgency"],"@id":"https:\/\/egytourpackages.com\/fr\/#organization","name":"egypt tour packages","alternateName":"egypt tour packages","url":"https:\/\/egytourpackages.com\/fr\/","logo":{"@id":"https:\/\/egytourpackages.com\/fr\/tours\/snorkeling-a-lile-hula-hula-hurghada\/#local-main-organization-logo"},"image":{"@id":"https:\/\/egytourpackages.com\/fr\/tours\/snorkeling-a-lile-hula-hula-hurghada\/#local-main-organization-logo"},"sameAs":["https:\/\/www.facebook.com\/egytourpackages"],"legalName":"Egy tour packages","address":{"@id":"https:\/\/egytourpackages.com\/fr\/tours\/snorkeling-a-lile-hula-hula-hurghada\/#local-main-place-address"},"telephone":["00201000852186","00201028685533"],"contactPoint":{"@type":"ContactPoint","telephone":"00201000852186"},"openingHoursSpecification":[{"@type":"OpeningHoursSpecification","dayOfWeek":["Monday","Tuesday","Wednesday","Thursday","Friday","Saturday","Sunday"],"opens":"00:00","closes":"23:59"}],"email":"info@egytourpackages.com","areaServed":"Cairo, Hurghada, Luxor, Sharm El Sheikh, Marsa Alam, Aswan","priceRange":"$","currenciesAccepted":"euro","paymentAccepted":"Payment links online"},{"@type":"PostalAddress","@id":"https:\/\/egytourpackages.com\/fr\/tours\/snorkeling-a-lile-hula-hula-hurghada\/#local-main-place-address","streetAddress":"Mubarak 8, Al Kawthar District, Hurghada","addressLocality":"Hurghada","postalCode":"84511","addressRegion":"Red Sea","addressCountry":"EG"},{"@type":"ImageObject","inLanguage":"fr-FR","@id":"https:\/\/egytourpackages.com\/fr\/tours\/snorkeling-a-lile-hula-hula-hurghada\/#local-main-organization-logo","url":"https:\/\/egytourpackages.com\/wp-content\/uploads\/2025\/12\/Turquoise-Dahabiya-Nile-Cruise-1.jpeg","contentUrl":"https:\/\/egytourpackages.com\/wp-content\/uploads\/2025\/12\/Turquoise-Dahabiya-Nile-Cruise-1.jpeg","width":1040,"height":694,"caption":"egypt tour packages"}]},"product_brand":"Excursions \u00e0 Hurghada","product_price_amount":"25","product_price_currency":"EUR","og_availability":"instock","product_availability":"instock","product_retailer_item_id":"HDT27","product_condition":"new","geo.placename":"Hurghada","geo.region":"\u00c9gypte"},"_links":{"self":[{"href":"https:\/\/egytourpackages.com\/fr\/wp-json\/wp\/v2\/product\/15025","targetHints":{"allow":["GET"]}}],"collection":[{"href":"https:\/\/egytourpackages.com\/fr\/wp-json\/wp\/v2\/product"}],"about":[{"href":"https:\/\/egytourpackages.com\/fr\/wp-json\/wp\/v2\/types\/product"}],"replies":[{"embeddable":true,"href":"https:\/\/egytourpackages.com\/fr\/wp-json\/wp\/v2\/comments?post=15025"}],"wp:featuredmedia":[{"embeddable":true,"href":"https:\/\/egytourpackages.com\/fr\/wp-json\/wp\/v2\/media\/9039"}],"wp:attachment":[{"href":"https:\/\/egytourpackages.com\/fr\/wp-json\/wp\/v2\/media?parent=15025"}],"wp:term":[{"taxonomy":"product_brand","embeddable":true,"href":"https:\/\/egytourpackages.com\/fr\/wp-json\/wp\/v2\/product_brand?post=15025"},{"taxonomy":"product_cat","embeddable":true,"href":"https:\/\/egytourpackages.com\/fr\/wp-json\/wp\/v2\/product_cat?post=15025"},{"taxonomy":"product_tag","embeddable":true,"href":"https:\/\/egytourpackages.com\/fr\/wp-json\/wp\/v2\/product_tag?post=15025"}],"curies":[{"name":"wp","href":"https:\/\/api.w.org\/{rel}","templated":true}]}}