{"id":15291,"date":"2026-02-12T11:32:31","date_gmt":"2026-02-12T11:32:31","guid":{"rendered":"https:\/\/egytourpackages.com\/product\/transferts-prives-de-laeroport-dhurghada-a-soma-bay\/"},"modified":"2026-02-20T22:09:46","modified_gmt":"2026-02-20T22:09:46","slug":"transferts-prives-de-laeroport-dhurghada-a-soma-bay","status":"publish","type":"product","link":"https:\/\/egytourpackages.com\/fr\/tours\/transferts-prives-de-laeroport-dhurghada-a-soma-bay\/","title":{"rendered":"Transferts Priv\u00e9s de l&rsquo;A\u00e9roport d&rsquo;Hurghada \u00e0 Soma Bay"},"content":{"rendered":"<p><span style=\"color: #ff6600;\"><strong>Transferts Priv\u00e9s de l&rsquo;A\u00e9roport d&rsquo;Hurghada \u00e0 Soma Bay : Voyagez l&rsquo;Esprit L\u00e9ger<\/strong><\/span><\/p>\n<p>Profitez d&rsquo;un confort ultime avec un <strong>transfert priv\u00e9 de l&rsquo;A\u00e9roport d&rsquo;Hurghada \u00e0 Soma Bay<\/strong>. \u00c9vitez les longues files d&rsquo;attente des taxis et les navettes bond\u00e9es en r\u00e9servant un <strong>trajet sans stress<\/strong> directement vers votre complexe h\u00f4telier.<\/p>\n<p>Que vous s\u00e9journiez au Cascades, au Kempinski ou au Sheraton, nos <strong>transferts a\u00e9roport de luxe<\/strong> vous garantissent de commencer vos vacances avec style.<\/p>\n<h3><span style=\"color: #ff6600;\">Service de Prise en Charge \u00e0 l&rsquo;A\u00e9roport Fiable 24h\/24 et 7j\/7<\/span><\/h3>\n<p>Notre <strong>transfert d&rsquo;Hurghada \u00e0 Soma Bay<\/strong> est disponible 24 heures sur 24, 7 jours sur 7. Nous suivons l&rsquo;\u00e9tat de votre vol en temps r\u00e9el, ainsi, m\u00eame si votre vol est retard\u00e9, votre <strong>chauffeur priv\u00e9<\/strong> sera l\u00e0 pour vous accueillir.<\/p>\n<p>D\u00e8s l&rsquo;atterrissage, votre chauffeur vous attendra devant le hall des arriv\u00e9es avec une <strong>pancarte \u00e0 votre nom<\/strong>.<\/p>\n<h3><span style=\"color: #ff6600;\">Pourquoi choisir Egy Tour Packages pour votre transfert \u00e0 Soma Bay ?<\/span><\/h3>\n<p>Nous sommes fiers de fournir un <strong>service de transport premium<\/strong> adapt\u00e9 \u00e0 vos besoins. Notre flotte est compos\u00e9e de <strong>voitures modernes et non-fumeurs<\/strong>, \u00e9quip\u00e9es des derniers \u00e9quipements pour garantir un voyage agr\u00e9able.<\/p>\n<ul>\n<li><span style=\"color: #993366;\"><em><strong>Flotte de Luxe :<\/strong><\/em><\/span> Profitez de v\u00e9hicules climatis\u00e9s avec des si\u00e8ges spacieux et inclinables.<\/li>\n<li><strong><span style=\"color: #993366;\"><em>Chauffeurs Professionnels<\/em><\/span> :<\/strong> Notre \u00e9quipe est compos\u00e9e de chauffeurs <strong>polis et multilingues<\/strong> qui privil\u00e9gient votre s\u00e9curit\u00e9.<\/li>\n<li><span style=\"color: #993366;\"><em><strong>R\u00e9servation de Derni\u00e8re Minute :<\/strong><\/em><\/span> Vous pouvez r\u00e9server votre voiture priv\u00e9e pour Soma Bay jusqu&rsquo;\u00e0 une heure avant votre arriv\u00e9e.<\/li>\n<li><span style=\"color: #993366;\"><em><strong>Service Porte-\u00e0-Porte :<\/strong> <\/em><\/span>Nous nous occupons de vos <strong>bagages<\/strong> et vous d\u00e9posons directement \u00e0 la r\u00e9ception de votre h\u00f4tel.<\/li>\n<\/ul>\n<h3><span style=\"color: #ff6600;\">Paiement Facile pour les Taxis \u00e0 Hurghada<\/span><\/h3>\n<p>La r\u00e9servation est simple et nos tarifs sont transparents. Vous pouvez choisir de <strong>payer votre chauffeur<\/strong> pendant le trajet ou \u00e0 votre arriv\u00e9e \u00e0 votre <strong>complexe de Soma Bay<\/strong> \u2013 pas de frais cach\u00e9s, pas de stress \u2013 juste un <strong>taxi fiable depuis l&rsquo;A\u00e9roport d&rsquo;Hurghada<\/strong>.<\/p>\n<p>Vous en voulez plus ? Explorez notre <strong>section transferts a\u00e9roport<\/strong> pour des <strong>transferts priv\u00e9s vers la ville d&rsquo;Hurghada<\/strong>, des sorties shopping locales ou des transports vers d&rsquo;autres destinations de la Mer Rouge.<\/p>\n<h3><span style=\"color: #ff6600;\">Inclus dans ce Transfert<\/span><\/h3>\n<ul>\n<li>Transfert priv\u00e9 de l&rsquo;A\u00e9roport d&rsquo;Hurghada \u00e0 Soma Bay.<\/li>\n<li>Acc\u00e8s Wi-Fi gratuit pendant tout le trajet.<\/li>\n<li>Boisson de bienvenue offerte pour chaque passager.<\/li>\n<li>Chauffeurs professionnels et amicaux.<\/li>\n<li>Toutes les taxes et frais de service.<\/li>\n<\/ul>\n<h3><span style=\"color: #ff6600;\">Exclu des transferts vers Soma Bay<\/span><\/h3>\n<ul>\n<li>Visa d&rsquo;entr\u00e9e pour l&rsquo;\u00c9gypte (requis \u00e0 l&rsquo;arriv\u00e9e).<\/li>\n<li>Pourboires pour le chauffeur (facultatif).<\/li>\n<\/ul>\n<h2><span style=\"color: #993366;\"><em>\u00c0 noter<\/em><\/span><\/h2>\n<p>Veuillez noter que notre prix pour les transferts de l&rsquo;a\u00e9roport d&rsquo;Hurghada vers les h\u00f4tels de Soma Bay est par v\u00e9hicule, et il n&rsquo;y a aucune surprise cach\u00e9e. Pour plus d&rsquo;informations sur les transferts en taxi depuis l&rsquo;a\u00e9roport d&rsquo;Hurghada, veuillez consulter notre section <strong>transferts a\u00e9roport<\/strong>.<\/p>\n<h3><span style=\"color: #ff6600;\">Prix du Transfert Priv\u00e9 de l&rsquo;A\u00e9roport d&rsquo;Hurghada aux H\u00f4tels de Soma Bay<\/span><\/h3>\n<p>Nos tarifs sont con\u00e7us pour offrir le meilleur rapport qualit\u00e9-prix pour votre <strong>transfert priv\u00e9 depuis l&rsquo;A\u00e9roport d&rsquo;Hurghada<\/strong>. Que vous voyagiez seul ou en groupe, nous proposons des tarifs comp\u00e9titifs pour un <strong>service de luxe porte-\u00e0-porte<\/strong>.<\/p>\n<p><span style=\"color: #993366;\"><strong><em>Voici les tarifs par personne bas\u00e9s sur la taille de votre groupe :<\/em><\/strong><\/span><\/p>\n<table>\n<thead>\n<tr>\n<td><strong>Nombre de Passagers<\/strong><\/td>\n<td><strong>Prix par Personne<\/strong><\/td>\n<td><strong>Prix Total du Transfert<\/strong><\/td>\n<\/tr>\n<\/thead>\n<tbody>\n<tr>\n<td><strong>1 Personne<\/strong><\/td>\n<td><strong>\u20ac30<\/strong><\/td>\n<td><strong>\u20ac30<\/strong><\/td>\n<\/tr>\n<tr>\n<td><strong>2 Personnes<\/strong><\/td>\n<td><strong>\u20ac15<\/strong><\/td>\n<td><strong>\u20ac30<\/strong><\/td>\n<\/tr>\n<tr>\n<td><strong>3+ Personnes<\/strong><\/td>\n<td><strong>\u20ac10<\/strong><\/td>\n<td><strong>\u20ac30<\/strong><\/td>\n<\/tr>\n<\/tbody>\n<\/table>\n<h3><span style=\"color: #ff6600;\">R\u00e9servation<\/span><\/h3>\n<p>Vous pouvez r\u00e9server votre tour via WhatsApp ou nous envoyer un e-mail, et vous recevrez la confirmation instantan\u00e9ment.<\/p>\n<p><strong>WhatsApp:<\/strong> +201000852186<\/p>\n<p><strong>Email:<\/strong> info@egytourpackages.com<\/p>\n<h3><span style=\"color: #ff6600;\">R\u00e9servez Maintenant et Payez sur Place<\/span><\/h3>\n<p>R\u00e9servez votre transfert pr\u00e9f\u00e9r\u00e9 et payez directement sur place.<\/p>\n<h3><span style=\"color: #ff6600;\">Paiement<\/span><\/h3>\n<p>Vous pouvez payer en livres \u00e9gyptiennes, $, \u20ac ou \u00a3.<\/p>\n<h3><span style=\"color: #ff6600;\">Politique d&rsquo;Annulation<\/span><\/h3>\n<p>L&rsquo;annulation est gratuite.<\/p>\n","protected":false},"excerpt":{"rendered":"<p>R\u00e9servez vos Transferts Priv\u00e9s de l&rsquo;A\u00e9roport d&rsquo;Hurghada \u00e0 Soma Bay. Voyagez en tout confort et s\u00e9curit\u00e9 directement vers votre h\u00f4tel. Meilleur prix garanti!<\/p>\n","protected":false},"featured_media":14832,"comment_status":"closed","ping_status":"closed","template":"","meta":[],"product_brand":[],"product_cat":[3124],"product_tag":[4223,4224,4227,4226,4225,3807,3352],"class_list":{"0":"post-15291","1":"product","2":"type-product","3":"status-publish","4":"has-post-thumbnail","6":"product_cat-tours-fr","7":"product_tag-excursions-au-depart-de-soma-bay","8":"product_tag-reservez-votre-transfert-prive-de-laeroport-de-hurghada-a-lhotel-kempinski","9":"product_tag-reservez-votre-transfert-prive-de-laeroport-de-hurghada-au-jaz-soma-bay","10":"product_tag-reservez-votre-transfert-prive-de-laeroport-de-hurghada-au-kaktus-soma-bay","11":"product_tag-reservez-votre-transfert-prive-de-laeroport-de-hurghada-au-sheraton-soma-bay","12":"product_tag-taxi-hurghada","13":"product_tag-transfert-aeroport","14":"tour_category-excursions-en-egypte-fr","15":"tour_category-excursions-soma-bay-fr","16":"tour_category-transfert-aeroport-fr","18":"first","19":"instock","20":"sale","21":"shipping-taxable","22":"purchasable","23":"product-type-tour","24":"has-default-attributes"},"yoast_head":"<!-- This site is optimized with the Yoast SEO Premium plugin v27.2 (Yoast SEO v27.2) - https:\/\/yoast.com\/product\/yoast-seo-premium-wordpress\/ -->\n<title>Transferts Priv\u00e9s de l&#039;A\u00e9roport d&#039;Hurghada \u00e0 Soma Bay<\/title>\n<meta name=\"description\" content=\"R\u00e9servez vos Transferts Priv\u00e9s de l&#039;A\u00e9roport d&#039;Hurghada \u00e0 Soma Bay. Voyagez en tout confort et s\u00e9curit\u00e9 directement vers votre h\u00f4tel. Meilleur prix garanti!\" \/>\n<meta name=\"robots\" content=\"index, follow, max-snippet:-1, max-image-preview:large, max-video-preview:-1\" \/>\n<link rel=\"canonical\" href=\"https:\/\/egytourpackages.com\/fr\/tours\/transferts-prives-de-laeroport-dhurghada-a-soma-bay\/\" \/>\n<meta property=\"og:locale\" content=\"fr_FR\" \/>\n<meta property=\"og:type\" content=\"article\" \/>\n<meta property=\"og:title\" content=\"Transferts Priv\u00e9s de l&#039;A\u00e9roport d&#039;Hurghada \u00e0 Soma Bay\" \/>\n<meta property=\"og:description\" content=\"R\u00e9servez vos Transferts Priv\u00e9s de l&#039;A\u00e9roport d&#039;Hurghada \u00e0 Soma Bay. Voyagez en tout confort et s\u00e9curit\u00e9 directement vers votre h\u00f4tel. Meilleur prix garanti!\" \/>\n<meta property=\"og:url\" content=\"https:\/\/egytourpackages.com\/fr\/tours\/transferts-prives-de-laeroport-dhurghada-a-soma-bay\/\" \/>\n<meta property=\"og:site_name\" content=\"Egypt Tour Packages\" \/>\n<meta property=\"article:publisher\" content=\"https:\/\/www.facebook.com\/egytourpackages\" \/>\n<meta property=\"article:modified_time\" content=\"2026-02-20T22:09:46+00:00\" \/>\n<meta property=\"og:image\" content=\"https:\/\/egytourpackages.com\/wp-content\/uploads\/2026\/02\/Private-Transfers-from-Hurghada-Airport-to-Soma-Bay.jpeg\" \/>\n\t<meta property=\"og:image:width\" content=\"1500\" \/>\n\t<meta property=\"og:image:height\" content=\"843\" \/>\n\t<meta property=\"og:image:type\" content=\"image\/jpeg\" \/>\n<meta name=\"twitter:card\" content=\"summary_large_image\" \/>\n<meta name=\"twitter:label1\" content=\"Prix\" \/>\n\t<meta name=\"twitter:data1\" content=\"&euro;0\" \/>\n\t<meta name=\"twitter:label2\" content=\"Disponibilit\u00e9\" \/>\n\t<meta name=\"twitter:data2\" content=\"En stock\" \/>\n<script type=\"application\/ld+json\" class=\"yoast-schema-graph\">{\"@context\":\"https:\/\/schema.org\",\"@graph\":[{\"@type\":\"WebPage\",\"@id\":\"https:\/\/egytourpackages.com\/fr\/tours\/transferts-prives-de-laeroport-dhurghada-a-soma-bay\/\",\"url\":\"https:\/\/egytourpackages.com\/fr\/tours\/transferts-prives-de-laeroport-dhurghada-a-soma-bay\/\",\"name\":\"Transferts Priv\u00e9s de l'A\u00e9roport d'Hurghada \u00e0 Soma Bay\",\"isPartOf\":{\"@id\":\"https:\/\/egytourpackages.com\/fr\/#website\"},\"primaryImageOfPage\":{\"@id\":\"https:\/\/egytourpackages.com\/fr\/tours\/transferts-prives-de-laeroport-dhurghada-a-soma-bay\/#primaryimage\"},\"image\":{\"@id\":\"https:\/\/egytourpackages.com\/fr\/tours\/transferts-prives-de-laeroport-dhurghada-a-soma-bay\/#primaryimage\"},\"thumbnailUrl\":\"https:\/\/egytourpackages.com\/wp-content\/uploads\/2026\/02\/Private-Transfers-from-Hurghada-Airport-to-Soma-Bay.jpeg\",\"datePublished\":\"2026-02-12T11:32:31+00:00\",\"dateModified\":\"2026-02-20T22:09:46+00:00\",\"description\":\"R\u00e9servez vos Transferts Priv\u00e9s de l'A\u00e9roport d'Hurghada \u00e0 Soma Bay. Voyagez en tout confort et s\u00e9curit\u00e9 directement vers votre h\u00f4tel. Meilleur prix garanti!\",\"breadcrumb\":{\"@id\":\"https:\/\/egytourpackages.com\/fr\/tours\/transferts-prives-de-laeroport-dhurghada-a-soma-bay\/#breadcrumb\"},\"inLanguage\":\"fr-FR\",\"potentialAction\":[{\"@type\":\"ReadAction\",\"target\":[\"https:\/\/egytourpackages.com\/fr\/tours\/transferts-prives-de-laeroport-dhurghada-a-soma-bay\/\"]}]},{\"@type\":\"ImageObject\",\"inLanguage\":\"fr-FR\",\"@id\":\"https:\/\/egytourpackages.com\/fr\/tours\/transferts-prives-de-laeroport-dhurghada-a-soma-bay\/#primaryimage\",\"url\":\"https:\/\/egytourpackages.com\/wp-content\/uploads\/2026\/02\/Private-Transfers-from-Hurghada-Airport-to-Soma-Bay.jpeg\",\"contentUrl\":\"https:\/\/egytourpackages.com\/wp-content\/uploads\/2026\/02\/Private-Transfers-from-Hurghada-Airport-to-Soma-Bay.jpeg\",\"width\":1500,\"height\":843,\"caption\":\"Transferts Priv\u00e9s de l'A\u00e9roport d'Hurghada \u00e0 Soma Bay\"},{\"@type\":\"BreadcrumbList\",\"@id\":\"https:\/\/egytourpackages.com\/fr\/tours\/transferts-prives-de-laeroport-dhurghada-a-soma-bay\/#breadcrumb\",\"itemListElement\":[{\"@type\":\"ListItem\",\"position\":1,\"name\":\"Home\",\"item\":\"https:\/\/egytourpackages.com\/fr\/circuits-en-egypte\/\"},{\"@type\":\"ListItem\",\"position\":2,\"name\":\"Shop\",\"item\":\"https:\/\/egytourpackages.com\/shop\/\"},{\"@type\":\"ListItem\",\"position\":3,\"name\":\"Transferts Priv\u00e9s de l&rsquo;A\u00e9roport d&rsquo;Hurghada \u00e0 Soma Bay\"}]},{\"@type\":\"WebSite\",\"@id\":\"https:\/\/egytourpackages.com\/fr\/#website\",\"url\":\"https:\/\/egytourpackages.com\/fr\/\",\"name\":\"Egy tour packages\",\"description\":\"\",\"publisher\":{\"@id\":\"https:\/\/egytourpackages.com\/fr\/#organization\"},\"potentialAction\":[{\"@type\":\"SearchAction\",\"target\":{\"@type\":\"EntryPoint\",\"urlTemplate\":\"https:\/\/egytourpackages.com\/fr\/?s={search_term_string}\"},\"query-input\":{\"@type\":\"PropertyValueSpecification\",\"valueRequired\":true,\"valueName\":\"search_term_string\"}}],\"inLanguage\":\"fr-FR\"},{\"@type\":[\"Organization\",\"Place\",\"TravelAgency\"],\"@id\":\"https:\/\/egytourpackages.com\/fr\/#organization\",\"name\":\"egypt tour packages\",\"alternateName\":\"egypt tour packages\",\"url\":\"https:\/\/egytourpackages.com\/fr\/\",\"logo\":{\"@id\":\"https:\/\/egytourpackages.com\/fr\/tours\/transferts-prives-de-laeroport-dhurghada-a-soma-bay\/#local-main-organization-logo\"},\"image\":{\"@id\":\"https:\/\/egytourpackages.com\/fr\/tours\/transferts-prives-de-laeroport-dhurghada-a-soma-bay\/#local-main-organization-logo\"},\"sameAs\":[\"https:\/\/www.facebook.com\/egytourpackages\"],\"legalName\":\"Egy tour packages\",\"address\":{\"@id\":\"https:\/\/egytourpackages.com\/fr\/tours\/transferts-prives-de-laeroport-dhurghada-a-soma-bay\/#local-main-place-address\"},\"telephone\":[\"00201000852186\",\"00201028685533\"],\"contactPoint\":{\"@type\":\"ContactPoint\",\"telephone\":\"00201000852186\"},\"openingHoursSpecification\":[{\"@type\":\"OpeningHoursSpecification\",\"dayOfWeek\":[\"Monday\",\"Tuesday\",\"Wednesday\",\"Thursday\",\"Friday\",\"Saturday\",\"Sunday\"],\"opens\":\"00:00\",\"closes\":\"23:59\"}],\"email\":\"info@egytourpackages.com\",\"areaServed\":\"Cairo, Hurghada, Luxor, Sharm El Sheikh, Marsa Alam, Aswan\",\"priceRange\":\"$\",\"currenciesAccepted\":\"euro\",\"paymentAccepted\":\"Payment links online\"},{\"@type\":\"PostalAddress\",\"@id\":\"https:\/\/egytourpackages.com\/fr\/tours\/transferts-prives-de-laeroport-dhurghada-a-soma-bay\/#local-main-place-address\",\"streetAddress\":\"Mubarak 8, Al Kawthar District, Hurghada\",\"addressLocality\":\"Hurghada\",\"postalCode\":\"84511\",\"addressRegion\":\"Red Sea\",\"addressCountry\":\"EG\"},{\"@type\":\"ImageObject\",\"inLanguage\":\"fr-FR\",\"@id\":\"https:\/\/egytourpackages.com\/fr\/tours\/transferts-prives-de-laeroport-dhurghada-a-soma-bay\/#local-main-organization-logo\",\"url\":\"https:\/\/egytourpackages.com\/wp-content\/uploads\/2025\/12\/Turquoise-Dahabiya-Nile-Cruise-1.jpeg\",\"contentUrl\":\"https:\/\/egytourpackages.com\/wp-content\/uploads\/2025\/12\/Turquoise-Dahabiya-Nile-Cruise-1.jpeg\",\"width\":1040,\"height\":694,\"caption\":\"egypt tour packages\"}]}<\/script>\n<meta property=\"product:brand\" content=\"Excursions en \u00c9gypte\" \/>\n<meta property=\"product:price:amount\" content=\"0\" \/>\n<meta property=\"product:price:currency\" content=\"EUR\" \/>\n<meta property=\"og:availability\" content=\"instock\" \/>\n<meta property=\"product:availability\" content=\"instock\" \/>\n<meta property=\"product:retailer_item_id\" content=\"AT 05\" \/>\n<meta property=\"product:condition\" content=\"new\" \/>\n<meta name=\"geo.placename\" content=\"Hurghada\" \/>\n<meta name=\"geo.region\" content=\"\u00c9gypte\" \/>\n<!-- \/ Yoast SEO Premium plugin. -->","yoast_head_json":{"title":"Transferts Priv\u00e9s de l'A\u00e9roport d'Hurghada \u00e0 Soma Bay","description":"R\u00e9servez vos Transferts Priv\u00e9s de l'A\u00e9roport d'Hurghada \u00e0 Soma Bay. Voyagez en tout confort et s\u00e9curit\u00e9 directement vers votre h\u00f4tel. Meilleur prix garanti!","robots":{"index":"index","follow":"follow","max-snippet":"max-snippet:-1","max-image-preview":"max-image-preview:large","max-video-preview":"max-video-preview:-1"},"canonical":"https:\/\/egytourpackages.com\/fr\/tours\/transferts-prives-de-laeroport-dhurghada-a-soma-bay\/","og_locale":"fr_FR","og_type":"article","og_title":"Transferts Priv\u00e9s de l'A\u00e9roport d'Hurghada \u00e0 Soma Bay","og_description":"R\u00e9servez vos Transferts Priv\u00e9s de l'A\u00e9roport d'Hurghada \u00e0 Soma Bay. Voyagez en tout confort et s\u00e9curit\u00e9 directement vers votre h\u00f4tel. Meilleur prix garanti!","og_url":"https:\/\/egytourpackages.com\/fr\/tours\/transferts-prives-de-laeroport-dhurghada-a-soma-bay\/","og_site_name":"Egypt Tour Packages","article_publisher":"https:\/\/www.facebook.com\/egytourpackages","article_modified_time":"2026-02-20T22:09:46+00:00","og_image":[{"width":1500,"height":843,"url":"https:\/\/egytourpackages.com\/wp-content\/uploads\/2026\/02\/Private-Transfers-from-Hurghada-Airport-to-Soma-Bay.jpeg","type":"image\/jpeg"}],"twitter_card":"summary_large_image","twitter_misc":{"Prix":"&euro;0","Disponibilit\u00e9":"En stock"},"schema":{"@context":"https:\/\/schema.org","@graph":[{"@type":"WebPage","@id":"https:\/\/egytourpackages.com\/fr\/tours\/transferts-prives-de-laeroport-dhurghada-a-soma-bay\/","url":"https:\/\/egytourpackages.com\/fr\/tours\/transferts-prives-de-laeroport-dhurghada-a-soma-bay\/","name":"Transferts Priv\u00e9s de l'A\u00e9roport d'Hurghada \u00e0 Soma Bay","isPartOf":{"@id":"https:\/\/egytourpackages.com\/fr\/#website"},"primaryImageOfPage":{"@id":"https:\/\/egytourpackages.com\/fr\/tours\/transferts-prives-de-laeroport-dhurghada-a-soma-bay\/#primaryimage"},"image":{"@id":"https:\/\/egytourpackages.com\/fr\/tours\/transferts-prives-de-laeroport-dhurghada-a-soma-bay\/#primaryimage"},"thumbnailUrl":"https:\/\/egytourpackages.com\/wp-content\/uploads\/2026\/02\/Private-Transfers-from-Hurghada-Airport-to-Soma-Bay.jpeg","datePublished":"2026-02-12T11:32:31+00:00","dateModified":"2026-02-20T22:09:46+00:00","description":"R\u00e9servez vos Transferts Priv\u00e9s de l'A\u00e9roport d'Hurghada \u00e0 Soma Bay. Voyagez en tout confort et s\u00e9curit\u00e9 directement vers votre h\u00f4tel. Meilleur prix garanti!","breadcrumb":{"@id":"https:\/\/egytourpackages.com\/fr\/tours\/transferts-prives-de-laeroport-dhurghada-a-soma-bay\/#breadcrumb"},"inLanguage":"fr-FR","potentialAction":[{"@type":"ReadAction","target":["https:\/\/egytourpackages.com\/fr\/tours\/transferts-prives-de-laeroport-dhurghada-a-soma-bay\/"]}]},{"@type":"ImageObject","inLanguage":"fr-FR","@id":"https:\/\/egytourpackages.com\/fr\/tours\/transferts-prives-de-laeroport-dhurghada-a-soma-bay\/#primaryimage","url":"https:\/\/egytourpackages.com\/wp-content\/uploads\/2026\/02\/Private-Transfers-from-Hurghada-Airport-to-Soma-Bay.jpeg","contentUrl":"https:\/\/egytourpackages.com\/wp-content\/uploads\/2026\/02\/Private-Transfers-from-Hurghada-Airport-to-Soma-Bay.jpeg","width":1500,"height":843,"caption":"Transferts Priv\u00e9s de l'A\u00e9roport d'Hurghada \u00e0 Soma Bay"},{"@type":"BreadcrumbList","@id":"https:\/\/egytourpackages.com\/fr\/tours\/transferts-prives-de-laeroport-dhurghada-a-soma-bay\/#breadcrumb","itemListElement":[{"@type":"ListItem","position":1,"name":"Home","item":"https:\/\/egytourpackages.com\/fr\/circuits-en-egypte\/"},{"@type":"ListItem","position":2,"name":"Shop","item":"https:\/\/egytourpackages.com\/shop\/"},{"@type":"ListItem","position":3,"name":"Transferts Priv\u00e9s de l&rsquo;A\u00e9roport d&rsquo;Hurghada \u00e0 Soma Bay"}]},{"@type":"WebSite","@id":"https:\/\/egytourpackages.com\/fr\/#website","url":"https:\/\/egytourpackages.com\/fr\/","name":"Egy tour packages","description":"","publisher":{"@id":"https:\/\/egytourpackages.com\/fr\/#organization"},"potentialAction":[{"@type":"SearchAction","target":{"@type":"EntryPoint","urlTemplate":"https:\/\/egytourpackages.com\/fr\/?s={search_term_string}"},"query-input":{"@type":"PropertyValueSpecification","valueRequired":true,"valueName":"search_term_string"}}],"inLanguage":"fr-FR"},{"@type":["Organization","Place","TravelAgency"],"@id":"https:\/\/egytourpackages.com\/fr\/#organization","name":"egypt tour packages","alternateName":"egypt tour packages","url":"https:\/\/egytourpackages.com\/fr\/","logo":{"@id":"https:\/\/egytourpackages.com\/fr\/tours\/transferts-prives-de-laeroport-dhurghada-a-soma-bay\/#local-main-organization-logo"},"image":{"@id":"https:\/\/egytourpackages.com\/fr\/tours\/transferts-prives-de-laeroport-dhurghada-a-soma-bay\/#local-main-organization-logo"},"sameAs":["https:\/\/www.facebook.com\/egytourpackages"],"legalName":"Egy tour packages","address":{"@id":"https:\/\/egytourpackages.com\/fr\/tours\/transferts-prives-de-laeroport-dhurghada-a-soma-bay\/#local-main-place-address"},"telephone":["00201000852186","00201028685533"],"contactPoint":{"@type":"ContactPoint","telephone":"00201000852186"},"openingHoursSpecification":[{"@type":"OpeningHoursSpecification","dayOfWeek":["Monday","Tuesday","Wednesday","Thursday","Friday","Saturday","Sunday"],"opens":"00:00","closes":"23:59"}],"email":"info@egytourpackages.com","areaServed":"Cairo, Hurghada, Luxor, Sharm El Sheikh, Marsa Alam, Aswan","priceRange":"$","currenciesAccepted":"euro","paymentAccepted":"Payment links online"},{"@type":"PostalAddress","@id":"https:\/\/egytourpackages.com\/fr\/tours\/transferts-prives-de-laeroport-dhurghada-a-soma-bay\/#local-main-place-address","streetAddress":"Mubarak 8, Al Kawthar District, Hurghada","addressLocality":"Hurghada","postalCode":"84511","addressRegion":"Red Sea","addressCountry":"EG"},{"@type":"ImageObject","inLanguage":"fr-FR","@id":"https:\/\/egytourpackages.com\/fr\/tours\/transferts-prives-de-laeroport-dhurghada-a-soma-bay\/#local-main-organization-logo","url":"https:\/\/egytourpackages.com\/wp-content\/uploads\/2025\/12\/Turquoise-Dahabiya-Nile-Cruise-1.jpeg","contentUrl":"https:\/\/egytourpackages.com\/wp-content\/uploads\/2025\/12\/Turquoise-Dahabiya-Nile-Cruise-1.jpeg","width":1040,"height":694,"caption":"egypt tour packages"}]},"product_brand":"Excursions en \u00c9gypte","product_price_currency":"EUR","og_availability":"instock","product_availability":"instock","product_retailer_item_id":"AT 05","product_condition":"new","geo.placename":"Hurghada","geo.region":"\u00c9gypte"},"_links":{"self":[{"href":"https:\/\/egytourpackages.com\/fr\/wp-json\/wp\/v2\/product\/15291","targetHints":{"allow":["GET"]}}],"collection":[{"href":"https:\/\/egytourpackages.com\/fr\/wp-json\/wp\/v2\/product"}],"about":[{"href":"https:\/\/egytourpackages.com\/fr\/wp-json\/wp\/v2\/types\/product"}],"replies":[{"embeddable":true,"href":"https:\/\/egytourpackages.com\/fr\/wp-json\/wp\/v2\/comments?post=15291"}],"wp:featuredmedia":[{"embeddable":true,"href":"https:\/\/egytourpackages.com\/fr\/wp-json\/wp\/v2\/media\/14832"}],"wp:attachment":[{"href":"https:\/\/egytourpackages.com\/fr\/wp-json\/wp\/v2\/media?parent=15291"}],"wp:term":[{"taxonomy":"product_brand","embeddable":true,"href":"https:\/\/egytourpackages.com\/fr\/wp-json\/wp\/v2\/product_brand?post=15291"},{"taxonomy":"product_cat","embeddable":true,"href":"https:\/\/egytourpackages.com\/fr\/wp-json\/wp\/v2\/product_cat?post=15291"},{"taxonomy":"product_tag","embeddable":true,"href":"https:\/\/egytourpackages.com\/fr\/wp-json\/wp\/v2\/product_tag?post=15291"}],"curies":[{"name":"wp","href":"https:\/\/api.w.org\/{rel}","templated":true}]}}