{"id":15384,"date":"2025-11-03T20:11:49","date_gmt":"2025-11-03T20:11:49","guid":{"rendered":"https:\/\/egytourpackages.com\/product\/nager-avec-les-dauphins-a-makadi-bay\/"},"modified":"2026-02-19T21:53:26","modified_gmt":"2026-02-19T21:53:26","slug":"nager-avec-les-dauphins-a-makadi-bay","status":"publish","type":"product","link":"https:\/\/egytourpackages.com\/fr\/tours\/nager-avec-les-dauphins-a-makadi-bay\/","title":{"rendered":"Nager avec les Dauphins \u00e0 Makadi Bay"},"content":{"rendered":"<p><span style=\"color: #ff6600;\"><strong>Nager avec les Dauphins \u00e0 Makadi Bay | 5 ou 10 Minutes de Pur Bonheur<\/strong><\/span><\/p>\n<p>R\u00e9alisez le r\u00eave d&rsquo;une vie en r\u00e9servant une <strong>session inoubliable de nage avec les dauphins<\/strong> dans le centre aquatique le plus prestigieux pr\u00e8s de Makadi Bay.<\/p>\n<p>Cette <strong>Excursion \u00e0 Makadi Bay<\/strong> est le moyen ultime de vivre une connexion profonde et personnelle avec ces <strong>mammif\u00e8res marins incroyablement intelligents<\/strong> dans un environnement s\u00fbr et contr\u00f4l\u00e9.<\/p>\n<p>Choisissez la dur\u00e9e de session id\u00e9ale \u2014 soit les <strong>5 minutes de Joie avec les Dauphins<\/strong> (intensives), soit les <strong>10 minutes de Nage Interactive<\/strong> (prolong\u00e9es) \u2014 pour cr\u00e9er des <strong>souvenirs de famille inoubliables<\/strong> pendant vos <strong>vacances en \u00c9gypte<\/strong>.<\/p>\n<p>Sous la surveillance \u00e9troite d&rsquo;<strong>entra\u00eeneurs de dauphins professionnels<\/strong>, vous entrerez dans le bassin pour une <strong>interaction aquatique rapproch\u00e9e<\/strong>.<\/p>\n<p>Cette exp\u00e9rience comprend g\u00e9n\u00e9ralement des activit\u00e9s passionnantes telles que se tenir \u00e0 la nageoire dorsale du dauphin pour une courte <strong>balade avec le dauphin<\/strong> \u00e0 travers le bassin, recevoir un doux <strong>bisou de dauphin<\/strong> ou participer \u00e0 des jeux aquatiques interactifs.<\/p>\n<p>Cette session courte et puissante est r\u00e9put\u00e9e pour son <strong>\u00e9nergie positive<\/strong> et ses <strong>bienfaits th\u00e9rapeutiques<\/strong>, ce qui en fait un moment fort parmi les <strong>attractions de Makadi Bay<\/strong>.<\/p>\n<p>Les sessions de <strong>5 minutes<\/strong> et de <strong>10 minutes<\/strong> offrent toutes deux suffisamment de temps pour cr\u00e9er un lien personnel et garantissent qu&rsquo;un photographe professionnel capture vos moments les plus pr\u00e9cieux (photos et vid\u00e9os disponibles s\u00e9par\u00e9ment).<\/p>\n<p>Il s&rsquo;agit d&rsquo;une exp\u00e9rience de <strong>courte pause<\/strong> ax\u00e9e exclusivement sur une <strong>interaction intime avec les dauphins<\/strong> \u2014 le compl\u00e9ment parfait \u00e0 toute vacance sur la mer Rouge.<\/p>\n<h3><span style=\"color: #ff6600;\">D\u00e9tails de l&rsquo;Excursion<\/span><\/h3>\n<ul>\n<li>Dur\u00e9e : Environ 2 Heures (Temps total, incluant le transfert et la pr\u00e9paration)<\/li>\n<li>Options de Session : 5 Minutes (Individuel) ou 10 Minutes (Duo\/Individuel)<\/li>\n<li>Lieu : Dolphin World (Pr\u00e8s de Makadi Bay \/ Hurghada)<\/li>\n<li>Disponibilit\u00e9 : Tous les jours (Programm\u00e9e autour des horaires du spectacle principal)<\/li>\n<li>Prise en charge et Retour : Votre h\u00f4tel \u00e0 Hurghada<\/li>\n<li>Type : Groupe (Transfert partag\u00e9) \/ Session Priv\u00e9e (Le cr\u00e9neau horaire est d\u00e9di\u00e9 \u00e0 votre groupe)<\/li>\n<\/ul>\n<h3><span style=\"color: #ff6600;\">Points Forts de l&rsquo;Excursion<\/span><\/h3>\n<ul>\n<li>Choix entre 5 ou 10 minutes d&rsquo;Interaction Directe avec les Dauphins<\/li>\n<li>Vivez une Balade avec le Dauphin palpitante (traction par la nageoire dorsale)<\/li>\n<li>Occasion de recevoir un Bisou de Dauphin et une poign\u00e9e de main<\/li>\n<li>Environnement de Bassin Supervis\u00e9 et S\u00fbr avec des entra\u00eeneurs experts<\/li>\n<li>Sensations Inoubliables et \u00e9change d&rsquo;\u00c9nergie Positive<\/li>\n<\/ul>\n<h3><span style=\"color: #ff6600;\">Inclusions<\/span><\/h3>\n<ul>\n<li>Transfert aller-retour depuis votre h\u00f4tel \u00e0 Makadi Bay dans un v\u00e9hicule moderne climatis\u00e9.<\/li>\n<li>Temps de session dans le bassin (<strong>5 ou 10 minutes<\/strong>) avec le dauphin.<\/li>\n<li>Utilisation de gilets de sauvetage et d&rsquo;\u00e9quipement de s\u00e9curit\u00e9.<\/li>\n<li>Conseils et surveillance de s\u00e9curit\u00e9 par des entra\u00eeneurs de dauphins professionnels.<\/li>\n<\/ul>\n<h3><span style=\"color: #ff6600;\">Exclusions<\/span><\/h3>\n<ul>\n<li>Billet d&rsquo;entr\u00e9e pour le spectacle principal de dauphins (doit \u00eatre achet\u00e9 s\u00e9par\u00e9ment).<\/li>\n<li>Photos et vid\u00e9os prises par le photographe professionnel (frais suppl\u00e9mentaires).<\/li>\n<li>Pourboires (recommand\u00e9s pour les entra\u00eeneurs et le chauffeur).<\/li>\n<li>Nourriture ou boissons sur place.<\/li>\n<\/ul>\n<h3><span style=\"color: #ff6600;\">Ce qu&rsquo;il faut emporter avec vous<\/span><\/h3>\n<ul>\n<li>Maillot de bain (Doit \u00eatre port\u00e9 sous les v\u00eatements)<\/li>\n<li>Serviette<\/li>\n<li>Cr\u00e8me solaire (Appliqu\u00e9e avant la s\u00e9ance)<\/li>\n<li>Esp\u00e8ces pour l&rsquo;achat de photos\/vid\u00e9os et les pourboires facultatifs<\/li>\n<\/ul>\n<h2><span style=\"color: #993366;\"><em>Itin\u00e9raire<\/em><\/span><\/h2>\n<p><span style=\"color: #800080;\"><em><strong>Prise en charge avant la session :<\/strong><\/em><\/span><\/p>\n<p>Votre v\u00e9hicule climatis\u00e9 viendra vous chercher \u00e0 votre h\u00f4tel de Makadi Bay (l&rsquo;heure est fix\u00e9e en fonction du cr\u00e9neau de la session, souvent avant ou apr\u00e8s le spectacle principal).<\/p>\n<p><span style=\"color: #993366;\"><em><strong>Arriv\u00e9e et Briefing de S\u00e9curit\u00e9 :<\/strong><\/em><\/span><\/p>\n<p>Arriv\u00e9e au centre <strong>Dolphin World<\/strong>. Vous rencontrerez votre entra\u00eeneur, vous serez \u00e9quip\u00e9 d&rsquo;un gilet de sauvetage et recevrez un <strong>briefing de s\u00e9curit\u00e9<\/strong> strict sur la mani\u00e8re d&rsquo;interagir avec les <strong>dauphins<\/strong>.<\/p>\n<p><span style=\"color: #993366;\"><em><strong>La Session de Nage (5 ou 10 Minutes) :<\/strong><\/em><\/span><\/p>\n<p>Entr\u00e9e dans la zone du bassin. Vous passerez votre temps d\u00e9di\u00e9 \u00e0 <strong>nager et jouer avec les dauphins<\/strong> sous la supervision directe de l&rsquo;entra\u00eeneur. Les poses incluent souvent la <strong>Balade avec le Dauphin<\/strong> et un c\u00e2lin ou un bisou interactif.<\/p>\n<p><span style=\"color: #993366;\"><em><strong>Examen des Photos et Retour :<\/strong><\/em><\/span><\/p>\n<p>Imm\u00e9diatement apr\u00e8s l&rsquo;<strong>interaction rapproch\u00e9e<\/strong>, vous sortirez du bassin. Vous aurez l&rsquo;occasion de visionner et d&rsquo;acheter les photos\/vid\u00e9os professionnelles captur\u00e9es pendant votre session avant que votre transfert confortable ne vous ram\u00e8ne \u00e0 votre h\u00f4tel de Makadi Bay.<\/p>\n<h3><span style=\"color: #ff6600;\">Prix Nager avec les Dauphins Makadi Bay<\/span><\/h3>\n<ul>\n<li>Prix Adulte pour 5 minutes = 40 \u20ac<\/li>\n<li>Prix Adulte pour 10 minutes = 55 \u20ac<\/li>\n<li>Enfants 5-11 ans = m\u00eame prix que l&rsquo;adulte<\/li>\n<\/ul>\n<h3><span style=\"color: #ff6600;\">R\u00e9servation<\/span><\/h3>\n<p>Vous pouvez r\u00e9server votre s\u00e9ance de Nage avec les Dauphins \u00e0 Makadi Bay via WhatsApp ou nous envoyer un E-mail et vous recevrez la confirmation sur-le-champ.<\/p>\n<p>Veuillez nous envoyer le nom de votre h\u00f4tel et votre num\u00e9ro de chambre,<\/p>\n<p>WhatsApp : +201000852186<\/p>\n<p>info@egytourpackages.com<\/p>\n<h3><span style=\"color: #ff6600;\">R\u00e9servez Maintenant et Payez sur Place<\/span><\/h3>\n<p>R\u00e9servez votre excursion pr\u00e9f\u00e9r\u00e9e et payez le jour du voyage.<\/p>\n<h3><span style=\"color: #ff6600;\">Paiement<\/span><\/h3>\n<p>Vous pouvez payer en livres \u00e9gyptiennes, $, \u20ac ou \u00a3.<\/p>\n<h2><span style=\"color: #993366;\"><em>FAQ\u00a0<\/em><\/span><\/h2>\n<h3><span style=\"color: #ff6600;\">Quelle dur\u00e9e de session est recommand\u00e9e ?<\/span><\/h3>\n<p>La session de 5 minutes est parfaite pour les enfants ou ceux qui souhaitent une rencontre magique et rapide. La session de 10 minutes est recommand\u00e9e pour les couples ou les individus qui d\u00e9sirent une interaction plus prolong\u00e9e avec le dauphin, permettant plus de vari\u00e9t\u00e9 dans les jeux et les opportunit\u00e9s de photos.<\/p>\n<h3><span style=\"color: #ff6600;\">Un non-nageur peut-il participer \u00e0 la session ?<\/span><\/h3>\n<p>Oui. Les sessions ont lieu dans un bassin avec un entra\u00eeneur, et un gilet de sauvetage est fourni et obligatoire pour tous les participants, garantissant une s\u00e9curit\u00e9 maximale quelles que soient vos capacit\u00e9s de nage.<\/p>\n<h3><span style=\"color: #ff6600;\">Puis-je nager avec mon propre enfant lors de la session de 5 minutes ?<\/span><\/h3>\n<p>En r\u00e8gle g\u00e9n\u00e9rale, la session de 5 minutes est individuelle. Si vous souhaitez partager le temps dans l&rsquo;eau avec un proche (ex: enfant ou conjoint), vous devriez r\u00e9server l&rsquo;option Nage en Duo de 10 minutes pour vous assurer que vous b\u00e9n\u00e9ficiez tous les deux d&rsquo;un temps interactif de qualit\u00e9.<\/p>\n<h3><span style=\"color: #ff6600;\">Pourquoi les appareils photo personnels ne sont-ils pas autoris\u00e9s dans le bassin ?<\/span><\/h3>\n<p>Pour la s\u00e9curit\u00e9 des dauphins, la photographie personnelle est strictement interdite \u00e0 l&rsquo;int\u00e9rieur de la zone du bassin.<\/p>\n<p>Cette politique garantit que les animaux ne sont pas distraits par des appareils et permet aux entra\u00eeneurs de rester totalement concentr\u00e9s sur l&rsquo;interaction.<\/p>\n<h3><span style=\"color: #ff6600;\">Ai-je besoin d&rsquo;un billet s\u00e9par\u00e9 pour le Spectacle de Dauphins ?<\/span><\/h3>\n<p>Oui. La session de nage avec les dauphins est une activit\u00e9 premium avec un horaire sp\u00e9cifique, et son prix n&rsquo;inclut pas l&rsquo;entr\u00e9e au spectacle g\u00e9n\u00e9ral de dauphins. Ces billets doivent \u00eatre achet\u00e9s s\u00e9par\u00e9ment.<\/p>\n","protected":false},"excerpt":{"rendered":"<p>Vivez l&rsquo;exp\u00e9rience Nager avec les Dauphins \u00e0 Makadi Bay! Profitez de moments magiques en \u00c9gypte, d&rsquo;un encadrement pro et de souvenirs uniques. R\u00e9servez vite<\/p>\n","protected":false},"featured_media":0,"comment_status":"closed","ping_status":"closed","template":"","meta":[],"product_brand":[],"product_cat":[3124],"product_tag":[3274,3275],"class_list":{"0":"post-15384","1":"product","2":"type-product","3":"status-publish","5":"product_cat-tours-fr","6":"product_tag-excursions-a-hurghada","7":"product_tag-excursions-dune-journee-en-egypte","8":"tour_category-activites-incontournables-a-hurghada-avec-des-enfants","9":"tour_category-excursions-a-hurghada-fr","10":"tour_category-excursions-en-egypte-fr","12":"first","13":"instock","14":"sale","15":"shipping-taxable","16":"purchasable","17":"product-type-tour","18":"has-default-attributes"},"yoast_head":"<!-- This site is optimized with the Yoast SEO Premium plugin v27.2 (Yoast SEO v27.2) - https:\/\/yoast.com\/product\/yoast-seo-premium-wordpress\/ -->\n<title>Nager avec les Dauphins \u00e0 Makadi Bay<\/title>\n<meta name=\"description\" content=\"Vivez l&#039;exp\u00e9rience Nager avec les Dauphins \u00e0 Makadi Bay! Profitez de moments magiques en \u00c9gypte, d&#039;un encadrement pro et de souvenirs uniques. R\u00e9servez vite\" \/>\n<meta name=\"robots\" content=\"index, follow, max-snippet:-1, max-image-preview:large, max-video-preview:-1\" \/>\n<link rel=\"canonical\" href=\"https:\/\/egytourpackages.com\/fr\/tours\/nager-avec-les-dauphins-a-makadi-bay\/\" \/>\n<meta property=\"og:locale\" content=\"fr_FR\" \/>\n<meta property=\"og:type\" content=\"article\" \/>\n<meta property=\"og:title\" content=\"Nager avec les Dauphins \u00e0 Makadi Bay\" \/>\n<meta property=\"og:description\" content=\"Vivez l&#039;exp\u00e9rience Nager avec les Dauphins \u00e0 Makadi Bay! Profitez de moments magiques en \u00c9gypte, d&#039;un encadrement pro et de souvenirs uniques. R\u00e9servez vite\" \/>\n<meta property=\"og:url\" content=\"https:\/\/egytourpackages.com\/fr\/tours\/nager-avec-les-dauphins-a-makadi-bay\/\" \/>\n<meta property=\"og:site_name\" content=\"Egypt Tour Packages\" \/>\n<meta property=\"article:publisher\" content=\"https:\/\/www.facebook.com\/egytourpackages\" \/>\n<meta property=\"article:modified_time\" content=\"2026-02-19T21:53:26+00:00\" \/>\n<meta property=\"og:image\" content=\"https:\/\/egytourpackages.com\/wp-content\/uploads\/2025\/12\/IMG_20241212_130656.jpg\" \/>\n\t<meta property=\"og:image:width\" content=\"900\" \/>\n\t<meta property=\"og:image:height\" content=\"675\" \/>\n\t<meta property=\"og:image:type\" content=\"image\/jpeg\" \/>\n<meta name=\"twitter:card\" content=\"summary_large_image\" \/>\n<meta name=\"twitter:title\" content=\"Nager avec les Dauphins \u00e0 Makadi Bay\" \/>\n<meta name=\"twitter:label1\" content=\"Prix\" \/>\n\t<meta name=\"twitter:data1\" content=\"&euro;40\" \/>\n\t<meta name=\"twitter:label2\" content=\"Disponibilit\u00e9\" \/>\n\t<meta name=\"twitter:data2\" content=\"En stock\" \/>\n<script type=\"application\/ld+json\" class=\"yoast-schema-graph\">{\"@context\":\"https:\/\/schema.org\",\"@graph\":[{\"@type\":\"WebPage\",\"@id\":\"https:\/\/egytourpackages.com\/fr\/tours\/nager-avec-les-dauphins-a-makadi-bay\/\",\"url\":\"https:\/\/egytourpackages.com\/fr\/tours\/nager-avec-les-dauphins-a-makadi-bay\/\",\"name\":\"Nager avec les Dauphins \u00e0 Makadi Bay\",\"isPartOf\":{\"@id\":\"https:\/\/egytourpackages.com\/fr\/#website\"},\"datePublished\":\"2025-11-03T20:11:49+00:00\",\"dateModified\":\"2026-02-19T21:53:26+00:00\",\"description\":\"Vivez l'exp\u00e9rience Nager avec les Dauphins \u00e0 Makadi Bay! Profitez de moments magiques en \u00c9gypte, d'un encadrement pro et de souvenirs uniques. R\u00e9servez vite\",\"breadcrumb\":{\"@id\":\"https:\/\/egytourpackages.com\/fr\/tours\/nager-avec-les-dauphins-a-makadi-bay\/#breadcrumb\"},\"inLanguage\":\"fr-FR\",\"potentialAction\":[{\"@type\":\"ReadAction\",\"target\":[\"https:\/\/egytourpackages.com\/fr\/tours\/nager-avec-les-dauphins-a-makadi-bay\/\"]}]},{\"@type\":\"BreadcrumbList\",\"@id\":\"https:\/\/egytourpackages.com\/fr\/tours\/nager-avec-les-dauphins-a-makadi-bay\/#breadcrumb\",\"itemListElement\":[{\"@type\":\"ListItem\",\"position\":1,\"name\":\"Home\",\"item\":\"https:\/\/egytourpackages.com\/fr\/circuits-en-egypte\/\"},{\"@type\":\"ListItem\",\"position\":2,\"name\":\"Shop\",\"item\":\"https:\/\/egytourpackages.com\/shop\/\"},{\"@type\":\"ListItem\",\"position\":3,\"name\":\"Nager avec les Dauphins \u00e0 Makadi Bay\"}]},{\"@type\":\"WebSite\",\"@id\":\"https:\/\/egytourpackages.com\/fr\/#website\",\"url\":\"https:\/\/egytourpackages.com\/fr\/\",\"name\":\"Egy tour packages\",\"description\":\"\",\"publisher\":{\"@id\":\"https:\/\/egytourpackages.com\/fr\/#organization\"},\"potentialAction\":[{\"@type\":\"SearchAction\",\"target\":{\"@type\":\"EntryPoint\",\"urlTemplate\":\"https:\/\/egytourpackages.com\/fr\/?s={search_term_string}\"},\"query-input\":{\"@type\":\"PropertyValueSpecification\",\"valueRequired\":true,\"valueName\":\"search_term_string\"}}],\"inLanguage\":\"fr-FR\"},{\"@type\":[\"Organization\",\"Place\",\"TravelAgency\"],\"@id\":\"https:\/\/egytourpackages.com\/fr\/#organization\",\"name\":\"egypt tour packages\",\"alternateName\":\"egypt tour packages\",\"url\":\"https:\/\/egytourpackages.com\/fr\/\",\"logo\":{\"@id\":\"https:\/\/egytourpackages.com\/fr\/tours\/nager-avec-les-dauphins-a-makadi-bay\/#local-main-organization-logo\"},\"image\":{\"@id\":\"https:\/\/egytourpackages.com\/fr\/tours\/nager-avec-les-dauphins-a-makadi-bay\/#local-main-organization-logo\"},\"sameAs\":[\"https:\/\/www.facebook.com\/egytourpackages\"],\"legalName\":\"Egy tour packages\",\"address\":{\"@id\":\"https:\/\/egytourpackages.com\/fr\/tours\/nager-avec-les-dauphins-a-makadi-bay\/#local-main-place-address\"},\"telephone\":[\"00201000852186\",\"00201028685533\"],\"contactPoint\":{\"@type\":\"ContactPoint\",\"telephone\":\"00201000852186\"},\"openingHoursSpecification\":[{\"@type\":\"OpeningHoursSpecification\",\"dayOfWeek\":[\"Monday\",\"Tuesday\",\"Wednesday\",\"Thursday\",\"Friday\",\"Saturday\",\"Sunday\"],\"opens\":\"00:00\",\"closes\":\"23:59\"}],\"email\":\"info@egytourpackages.com\",\"areaServed\":\"Cairo, Hurghada, Luxor, Sharm El Sheikh, Marsa Alam, Aswan\",\"priceRange\":\"$\",\"currenciesAccepted\":\"euro\",\"paymentAccepted\":\"Payment links online\"},{\"@type\":\"PostalAddress\",\"@id\":\"https:\/\/egytourpackages.com\/fr\/tours\/nager-avec-les-dauphins-a-makadi-bay\/#local-main-place-address\",\"streetAddress\":\"Mubarak 8, Al Kawthar District, Hurghada\",\"addressLocality\":\"Hurghada\",\"postalCode\":\"84511\",\"addressRegion\":\"Red Sea\",\"addressCountry\":\"EG\"},{\"@type\":\"ImageObject\",\"inLanguage\":\"fr-FR\",\"@id\":\"https:\/\/egytourpackages.com\/fr\/tours\/nager-avec-les-dauphins-a-makadi-bay\/#local-main-organization-logo\",\"url\":\"https:\/\/egytourpackages.com\/wp-content\/uploads\/2025\/12\/Turquoise-Dahabiya-Nile-Cruise-1.jpeg\",\"contentUrl\":\"https:\/\/egytourpackages.com\/wp-content\/uploads\/2025\/12\/Turquoise-Dahabiya-Nile-Cruise-1.jpeg\",\"width\":1040,\"height\":694,\"caption\":\"egypt tour packages\"}]}<\/script>\n<meta property=\"product:brand\" content=\"Activit\u00e9s incontournables \u00e0 Hurghada avec des enfants\" \/>\n<meta property=\"product:price:amount\" content=\"40\" \/>\n<meta property=\"product:price:currency\" content=\"EUR\" \/>\n<meta property=\"og:availability\" content=\"instock\" \/>\n<meta property=\"product:availability\" content=\"instock\" \/>\n<meta property=\"product:retailer_item_id\" content=\"HDT28\" \/>\n<meta property=\"product:condition\" content=\"new\" \/>\n<meta name=\"geo.placename\" content=\"Hurghada\" \/>\n<meta name=\"geo.region\" content=\"\u00c9gypte\" \/>\n<!-- \/ Yoast SEO Premium plugin. -->","yoast_head_json":{"title":"Nager avec les Dauphins \u00e0 Makadi Bay","description":"Vivez l'exp\u00e9rience Nager avec les Dauphins \u00e0 Makadi Bay! Profitez de moments magiques en \u00c9gypte, d'un encadrement pro et de souvenirs uniques. R\u00e9servez vite","robots":{"index":"index","follow":"follow","max-snippet":"max-snippet:-1","max-image-preview":"max-image-preview:large","max-video-preview":"max-video-preview:-1"},"canonical":"https:\/\/egytourpackages.com\/fr\/tours\/nager-avec-les-dauphins-a-makadi-bay\/","og_locale":"fr_FR","og_type":"article","og_title":"Nager avec les Dauphins \u00e0 Makadi Bay","og_description":"Vivez l'exp\u00e9rience Nager avec les Dauphins \u00e0 Makadi Bay! Profitez de moments magiques en \u00c9gypte, d'un encadrement pro et de souvenirs uniques. R\u00e9servez vite","og_url":"https:\/\/egytourpackages.com\/fr\/tours\/nager-avec-les-dauphins-a-makadi-bay\/","og_site_name":"Egypt Tour Packages","article_publisher":"https:\/\/www.facebook.com\/egytourpackages","article_modified_time":"2026-02-19T21:53:26+00:00","og_image":[{"width":900,"height":675,"url":"https:\/\/egytourpackages.com\/wp-content\/uploads\/2025\/12\/IMG_20241212_130656.jpg","type":"image\/jpeg"}],"twitter_card":"summary_large_image","twitter_title":"Nager avec les Dauphins \u00e0 Makadi Bay","twitter_misc":{"Prix":"&euro;40","Disponibilit\u00e9":"En stock"},"schema":{"@context":"https:\/\/schema.org","@graph":[{"@type":"WebPage","@id":"https:\/\/egytourpackages.com\/fr\/tours\/nager-avec-les-dauphins-a-makadi-bay\/","url":"https:\/\/egytourpackages.com\/fr\/tours\/nager-avec-les-dauphins-a-makadi-bay\/","name":"Nager avec les Dauphins \u00e0 Makadi Bay","isPartOf":{"@id":"https:\/\/egytourpackages.com\/fr\/#website"},"datePublished":"2025-11-03T20:11:49+00:00","dateModified":"2026-02-19T21:53:26+00:00","description":"Vivez l'exp\u00e9rience Nager avec les Dauphins \u00e0 Makadi Bay! Profitez de moments magiques en \u00c9gypte, d'un encadrement pro et de souvenirs uniques. R\u00e9servez vite","breadcrumb":{"@id":"https:\/\/egytourpackages.com\/fr\/tours\/nager-avec-les-dauphins-a-makadi-bay\/#breadcrumb"},"inLanguage":"fr-FR","potentialAction":[{"@type":"ReadAction","target":["https:\/\/egytourpackages.com\/fr\/tours\/nager-avec-les-dauphins-a-makadi-bay\/"]}]},{"@type":"BreadcrumbList","@id":"https:\/\/egytourpackages.com\/fr\/tours\/nager-avec-les-dauphins-a-makadi-bay\/#breadcrumb","itemListElement":[{"@type":"ListItem","position":1,"name":"Home","item":"https:\/\/egytourpackages.com\/fr\/circuits-en-egypte\/"},{"@type":"ListItem","position":2,"name":"Shop","item":"https:\/\/egytourpackages.com\/shop\/"},{"@type":"ListItem","position":3,"name":"Nager avec les Dauphins \u00e0 Makadi Bay"}]},{"@type":"WebSite","@id":"https:\/\/egytourpackages.com\/fr\/#website","url":"https:\/\/egytourpackages.com\/fr\/","name":"Egy tour packages","description":"","publisher":{"@id":"https:\/\/egytourpackages.com\/fr\/#organization"},"potentialAction":[{"@type":"SearchAction","target":{"@type":"EntryPoint","urlTemplate":"https:\/\/egytourpackages.com\/fr\/?s={search_term_string}"},"query-input":{"@type":"PropertyValueSpecification","valueRequired":true,"valueName":"search_term_string"}}],"inLanguage":"fr-FR"},{"@type":["Organization","Place","TravelAgency"],"@id":"https:\/\/egytourpackages.com\/fr\/#organization","name":"egypt tour packages","alternateName":"egypt tour packages","url":"https:\/\/egytourpackages.com\/fr\/","logo":{"@id":"https:\/\/egytourpackages.com\/fr\/tours\/nager-avec-les-dauphins-a-makadi-bay\/#local-main-organization-logo"},"image":{"@id":"https:\/\/egytourpackages.com\/fr\/tours\/nager-avec-les-dauphins-a-makadi-bay\/#local-main-organization-logo"},"sameAs":["https:\/\/www.facebook.com\/egytourpackages"],"legalName":"Egy tour packages","address":{"@id":"https:\/\/egytourpackages.com\/fr\/tours\/nager-avec-les-dauphins-a-makadi-bay\/#local-main-place-address"},"telephone":["00201000852186","00201028685533"],"contactPoint":{"@type":"ContactPoint","telephone":"00201000852186"},"openingHoursSpecification":[{"@type":"OpeningHoursSpecification","dayOfWeek":["Monday","Tuesday","Wednesday","Thursday","Friday","Saturday","Sunday"],"opens":"00:00","closes":"23:59"}],"email":"info@egytourpackages.com","areaServed":"Cairo, Hurghada, Luxor, Sharm El Sheikh, Marsa Alam, Aswan","priceRange":"$","currenciesAccepted":"euro","paymentAccepted":"Payment links online"},{"@type":"PostalAddress","@id":"https:\/\/egytourpackages.com\/fr\/tours\/nager-avec-les-dauphins-a-makadi-bay\/#local-main-place-address","streetAddress":"Mubarak 8, Al Kawthar District, Hurghada","addressLocality":"Hurghada","postalCode":"84511","addressRegion":"Red Sea","addressCountry":"EG"},{"@type":"ImageObject","inLanguage":"fr-FR","@id":"https:\/\/egytourpackages.com\/fr\/tours\/nager-avec-les-dauphins-a-makadi-bay\/#local-main-organization-logo","url":"https:\/\/egytourpackages.com\/wp-content\/uploads\/2025\/12\/Turquoise-Dahabiya-Nile-Cruise-1.jpeg","contentUrl":"https:\/\/egytourpackages.com\/wp-content\/uploads\/2025\/12\/Turquoise-Dahabiya-Nile-Cruise-1.jpeg","width":1040,"height":694,"caption":"egypt tour packages"}]},"product_brand":"Activit\u00e9s incontournables \u00e0 Hurghada avec des enfants","product_price_amount":"40","product_price_currency":"EUR","og_availability":"instock","product_availability":"instock","product_retailer_item_id":"HDT28","product_condition":"new","geo.placename":"Hurghada","geo.region":"\u00c9gypte"},"_links":{"self":[{"href":"https:\/\/egytourpackages.com\/fr\/wp-json\/wp\/v2\/product\/15384","targetHints":{"allow":["GET"]}}],"collection":[{"href":"https:\/\/egytourpackages.com\/fr\/wp-json\/wp\/v2\/product"}],"about":[{"href":"https:\/\/egytourpackages.com\/fr\/wp-json\/wp\/v2\/types\/product"}],"replies":[{"embeddable":true,"href":"https:\/\/egytourpackages.com\/fr\/wp-json\/wp\/v2\/comments?post=15384"}],"wp:attachment":[{"href":"https:\/\/egytourpackages.com\/fr\/wp-json\/wp\/v2\/media?parent=15384"}],"wp:term":[{"taxonomy":"product_brand","embeddable":true,"href":"https:\/\/egytourpackages.com\/fr\/wp-json\/wp\/v2\/product_brand?post=15384"},{"taxonomy":"product_cat","embeddable":true,"href":"https:\/\/egytourpackages.com\/fr\/wp-json\/wp\/v2\/product_cat?post=15384"},{"taxonomy":"product_tag","embeddable":true,"href":"https:\/\/egytourpackages.com\/fr\/wp-json\/wp\/v2\/product_tag?post=15384"}],"curies":[{"name":"wp","href":"https:\/\/api.w.org\/{rel}","templated":true}]}}