{"id":15408,"date":"2025-11-14T23:32:22","date_gmt":"2025-11-14T23:32:22","guid":{"rendered":"https:\/\/egytourpackages.com\/product\/transfert-prive-de-laeroport-dhurghada-vers-les-hotels-de-makadi-bay\/"},"modified":"2026-02-19T21:50:46","modified_gmt":"2026-02-19T21:50:46","slug":"transfert-prive-de-laeroport-dhurghada-vers-les-hotels-de-makadi-bay","status":"publish","type":"product","link":"https:\/\/egytourpackages.com\/fr\/tours\/transfert-prive-de-laeroport-dhurghada-vers-les-hotels-de-makadi-bay\/","title":{"rendered":"Transfert Priv\u00e9 de l&rsquo;A\u00e9roport d&rsquo;Hurghada vers les H\u00f4tels de Makadi Bay"},"content":{"rendered":"<p><span style=\"color: #ff6600;\"><strong>Transfert Priv\u00e9 de l&rsquo;A\u00e9roport d&rsquo;Hurghada vers les H\u00f4tels de Makadi Bay | Prix par v\u00e9hicule<\/strong><\/span><\/p>\n<p>Commencez vos <strong>vacances exclusives \u00e0 Makadi Bay<\/strong> avec le summum du <strong>voyage sans stress<\/strong> : un <strong>transfert priv\u00e9 r\u00e9serv\u00e9 \u00e0 l&rsquo;avance<\/strong> depuis l&rsquo;<strong>A\u00e9roport International d&rsquo;Hurghada (HRG)<\/strong> directement vers votre <strong>h\u00f4tel \u00e0 Makadi Bay<\/strong>.<\/p>\n<p>Lorsque vous recherchez un <strong>transport fiable sur la mer Rouge<\/strong>, un service de voiture priv\u00e9e est syst\u00e9matiquement class\u00e9 comme la <strong>meilleure option de transfert a\u00e9roport<\/strong> pour la rapidit\u00e9, la s\u00e9curit\u00e9 et le confort.<\/p>\n<h3><span style=\"color: #ff6600;\">Pourquoi r\u00e9server un transfert priv\u00e9 d&rsquo;Hurghada vers Makadi Bay ?<\/span><\/h3>\n<p><span style=\"color: #993366;\"><em><strong>Accueil Personnalis\u00e9 \u00ab\u00a0Meet &amp; Greet\u00a0\u00bb<\/strong><\/em><\/span><\/p>\n<p>Oubliez le stress de trouver un moyen de transport. Votre <strong>chauffeur d\u00e9di\u00e9<\/strong> vous attendra juste devant le <strong>hall des arriv\u00e9es<\/strong> avec un panneau affichant clairement votre nom.<\/p>\n<p>Il vous assistera personnellement avec vos <strong>bagages<\/strong>, vous permettant de vous d\u00e9tendre et de <strong>profiter de votre transfert priv\u00e9<\/strong> depuis l&rsquo;<strong>a\u00e9roport d&rsquo;Hurghada vers votre h\u00f4tel \u00e0 Makadi Bay<\/strong>.<\/p>\n<p>Le trajet vers les h\u00f4tels de Makadi Bay dure environ 30 \u00e0 45 minutes, couvrant une distance d&rsquo;environ 30 kilom\u00e8tres. C&rsquo;est la <strong>prise en charge a\u00e9roport la plus efficace<\/strong> et la plus rapide disponible.<\/p>\n<h3><span style=\"color: #ff6600;\">Confort et S\u00e9curit\u00e9 Garantis<\/span><\/h3>\n<p>Votre transfert s&rsquo;effectue dans un <strong>v\u00e9hicule moderne et climatis\u00e9<\/strong>, garantissant un trajet confortable apr\u00e8s votre vol. Tous les v\u00e9hicules sont r\u00e9guli\u00e8rement entretenus et offrent g\u00e9n\u00e9ralement de l&rsquo;espace pour vos <strong>bagages, sacs de golf ou \u00e9quipement de plong\u00e9e<\/strong>.<\/p>\n<p>Pour les familles, de nombreux services proposent des <strong>si\u00e8ges b\u00e9b\u00e9<\/strong> ou des rehausseurs sur demande, ajoutant une couche de s\u00e9curit\u00e9 suppl\u00e9mentaire.<\/p>\n<h3><span style=\"color: #ff6600;\">R\u00e9servation et Service 24h\/24 et 7j\/7 sans effort<\/span><\/h3>\n<p>La r\u00e9servation de votre transfert vers les <strong>complexes h\u00f4teliers de Makadi Bay<\/strong> est con\u00e7ue pour une commodit\u00e9 maximale. Vous pouvez facilement r\u00e9server votre <strong>transfert en taxi a\u00e9roport d&rsquo;Hurghada<\/strong> via <strong>WhatsApp, e-mail ou par t\u00e9l\u00e9phone<\/strong>.<\/p>\n<p>Pour garantir votre trajet, fournissez simplement votre <strong>num\u00e9ro de vol<\/strong> et votre <strong>heure d&rsquo;arriv\u00e9e<\/strong> \u2014 nous nous occupons de tous les d\u00e9tails logistiques.<\/p>\n<p>En fait, nous assurons un <strong>service 24h\/24<\/strong> \u00e0 l&rsquo;aide d&rsquo;une flotte de <strong>v\u00e9hicules modernes et climatis\u00e9s<\/strong>, pr\u00eats \u00e0 vous r\u00e9cup\u00e9rer \u00e0 <strong>tout moment \u00e0 l&rsquo;a\u00e9roport d&rsquo;Hurghada<\/strong>, de jour comme de nuit.<\/p>\n<h3><span style=\"color: #ff6600;\">Prix Fixe et Abordable<\/span><\/h3>\n<p>B\u00e9n\u00e9ficiez d&rsquo;un <strong>prix fixe tout compris<\/strong> en r\u00e9servant en ligne. Cette transparence est un avantage majeur, car elle signifie qu&rsquo;il n&rsquo;y a pas de co\u00fbts surprises et que vous n&rsquo;avez pas besoin de <strong>n\u00e9gocier les tarifs de taxi<\/strong> \u00e0 l&rsquo;a\u00e9roport.<\/p>\n<p>C&rsquo;est souvent le <strong>transfert au meilleur rapport qualit\u00e9-prix<\/strong> pour les groupes ou les familles par rapport \u00e0 une course en <strong>taxi d&rsquo;a\u00e9roport<\/strong> non planifi\u00e9e.<\/p>\n<h3><span style=\"color: #ff6600;\">R\u00e9servez votre taxi pour l&rsquo;a\u00e9roport de Makadi Bay \u00e0 l&rsquo;avance<\/span><\/h3>\n<p>Pour une tranquillit\u00e9 d&rsquo;esprit totale, nous vous recommandons vivement de r\u00e9server votre <strong>transfert pour Makadi Bay<\/strong> bien avant votre date de voyage.<\/p>\n<p>Cela garantit que votre chauffeur vous attend, m\u00eame si votre vol pour <strong>Hurghada<\/strong> est retard\u00e9. C&rsquo;est le <strong>moyen le plus simple<\/strong> de passer du terminal de l&rsquo;a\u00e9roport au <strong>confort luxueux<\/strong> de votre complexe sur la mer Rouge.<\/p>\n<h3><span style=\"color: #ff6600;\">Remarque<\/span><\/h3>\n<p>Veuillez noter que notre prix pour les transferts de l&rsquo;a\u00e9roport d&rsquo;Hurghada vers les complexes h\u00f4teliers de Makadi Bay est par v\u00e9hicule, et qu&rsquo;il n&rsquo;y a pas de surprises cach\u00e9es. Pour plus d&rsquo;informations sur les transferts en taxi \u00e0 l&rsquo;a\u00e9roport d&rsquo;Hurghada, veuillez consulter notre section <strong>transferts a\u00e9roport<\/strong>.<\/p>\n<h3><span style=\"color: #ff6600;\">Prix du Transfert Priv\u00e9 de l&rsquo;A\u00e9roport d&rsquo;Hurghada vers les H\u00f4tels de Makadi Bay<\/span><\/h3>\n<p>Par v\u00e9hicule: 25 \u20ac<\/p>\n<h3><span style=\"color: #ff6600;\">R\u00e9servation<\/span><\/h3>\n<p>Vous pouvez r\u00e9server votre service via WhatsApp ou nous envoyer un e-mail, et vous recevrez la confirmation imm\u00e9diatement.<\/p>\n<p>WhatsApp: +201000852186<\/p>\n<p>info@egytourpackages.com<\/p>\n<h3><span style=\"color: #ff6600;\">R\u00e9servez Maintenant et Payez sur Place<\/span><\/h3>\n<p>R\u00e9servez votre transfert pr\u00e9f\u00e9r\u00e9 et payez sur place.<\/p>\n<h3><span style=\"color: #ff6600;\">Paiement<\/span><\/h3>\n<p>Vous pouvez payer en livres \u00e9gyptiennes, $, \u20ac ou \u00a3.<\/p>\n<h3><span style=\"color: #ff6600;\">Politique d&rsquo;Annulation<\/span><\/h3>\n<p>L&rsquo;annulation est gratuite.<\/p>\n","protected":false},"excerpt":{"rendered":"<p>R\u00e9servez votre Transfert Priv\u00e9 de l&rsquo;A\u00e9roport d&rsquo;Hurghada vers les H\u00f4tels de Makadi Bay. Service VIP, prix fixe 25\u20ac et dispo 24\/7. S\u00e9curis\u00e9 et rapide !<\/p>\n","protected":false},"featured_media":9197,"comment_status":"closed","ping_status":"closed","template":"","meta":[],"product_brand":[],"product_cat":[3124],"product_tag":[3275,3352],"class_list":{"0":"post-15408","1":"product","2":"type-product","3":"status-publish","4":"has-post-thumbnail","6":"product_cat-tours-fr","7":"product_tag-excursions-dune-journee-en-egypte","8":"product_tag-transfert-aeroport","9":"tour_category-excursions-en-egypte-fr","10":"tour_category-transfert-aeroport-fr","12":"first","13":"instock","14":"sale","15":"shipping-taxable","16":"purchasable","17":"product-type-tour"},"yoast_head":"<!-- This site is optimized with the Yoast SEO Premium plugin v27.2 (Yoast SEO v27.2) - https:\/\/yoast.com\/product\/yoast-seo-premium-wordpress\/ -->\n<title>Transfert Priv\u00e9 de l&#039;A\u00e9roport d&#039;Hurghada vers les H\u00f4tels de Makadi Bay<\/title>\n<meta name=\"description\" content=\"R\u00e9servez votre Transfert Priv\u00e9 de l&#039;A\u00e9roport d&#039;Hurghada vers les H\u00f4tels de Makadi Bay. Service VIP, prix fixe 25\u20ac et dispo 24\/7. S\u00e9curis\u00e9 et rapide !\" \/>\n<meta name=\"robots\" content=\"index, follow, max-snippet:-1, max-image-preview:large, max-video-preview:-1\" \/>\n<link rel=\"canonical\" href=\"https:\/\/egytourpackages.com\/fr\/tours\/transfert-prive-de-laeroport-dhurghada-vers-les-hotels-de-makadi-bay\/\" \/>\n<meta property=\"og:locale\" content=\"fr_FR\" \/>\n<meta property=\"og:type\" content=\"article\" \/>\n<meta property=\"og:title\" content=\"Transfert Priv\u00e9 de l&#039;A\u00e9roport d&#039;Hurghada vers les H\u00f4tels de Makadi Bay\" \/>\n<meta property=\"og:description\" content=\"R\u00e9servez votre Transfert Priv\u00e9 de l&#039;A\u00e9roport d&#039;Hurghada vers les H\u00f4tels de Makadi Bay. Service VIP, prix fixe 25\u20ac et dispo 24\/7. S\u00e9curis\u00e9 et rapide !\" \/>\n<meta property=\"og:url\" content=\"https:\/\/egytourpackages.com\/fr\/tours\/transfert-prive-de-laeroport-dhurghada-vers-les-hotels-de-makadi-bay\/\" \/>\n<meta property=\"og:site_name\" content=\"Egypt Tour Packages\" \/>\n<meta property=\"article:publisher\" content=\"https:\/\/www.facebook.com\/egytourpackages\" \/>\n<meta property=\"article:modified_time\" content=\"2026-02-19T21:50:46+00:00\" \/>\n<meta property=\"og:image\" content=\"https:\/\/egytourpackages.com\/wp-content\/uploads\/2025\/11\/Private-Transfer-from-Hurghada-Airport-to-Makadi-Bay-Hotels-1024x768.jpeg\" \/>\n<meta name=\"twitter:card\" content=\"summary_large_image\" \/>\n<meta name=\"twitter:title\" content=\"Transfert Priv\u00e9 de l&#039;A\u00e9roport d&#039;Hurghada vers les H\u00f4tels de Makadi Bay\" \/>\n<meta name=\"twitter:label1\" content=\"Prix\" \/>\n\t<meta name=\"twitter:data1\" content=\"&euro;25\" \/>\n\t<meta name=\"twitter:label2\" content=\"Disponibilit\u00e9\" \/>\n\t<meta name=\"twitter:data2\" content=\"En stock\" \/>\n<script type=\"application\/ld+json\" class=\"yoast-schema-graph\">{\"@context\":\"https:\/\/schema.org\",\"@graph\":[{\"@type\":\"WebPage\",\"@id\":\"https:\/\/egytourpackages.com\/fr\/tours\/transfert-prive-de-laeroport-dhurghada-vers-les-hotels-de-makadi-bay\/\",\"url\":\"https:\/\/egytourpackages.com\/fr\/tours\/transfert-prive-de-laeroport-dhurghada-vers-les-hotels-de-makadi-bay\/\",\"name\":\"Transfert Priv\u00e9 de l'A\u00e9roport d'Hurghada vers les H\u00f4tels de Makadi Bay\",\"isPartOf\":{\"@id\":\"https:\/\/egytourpackages.com\/fr\/#website\"},\"primaryImageOfPage\":{\"@id\":\"https:\/\/egytourpackages.com\/fr\/tours\/transfert-prive-de-laeroport-dhurghada-vers-les-hotels-de-makadi-bay\/#primaryimage\"},\"image\":{\"@id\":\"https:\/\/egytourpackages.com\/fr\/tours\/transfert-prive-de-laeroport-dhurghada-vers-les-hotels-de-makadi-bay\/#primaryimage\"},\"thumbnailUrl\":\"https:\/\/egytourpackages.com\/wp-content\/uploads\/2025\/11\/Private-Transfer-from-Hurghada-Airport-to-Makadi-Bay-Hotels.jpeg\",\"datePublished\":\"2025-11-14T23:32:22+00:00\",\"dateModified\":\"2026-02-19T21:50:46+00:00\",\"description\":\"R\u00e9servez votre Transfert Priv\u00e9 de l'A\u00e9roport d'Hurghada vers les H\u00f4tels de Makadi Bay. Service VIP, prix fixe 25\u20ac et dispo 24\/7. S\u00e9curis\u00e9 et rapide !\",\"breadcrumb\":{\"@id\":\"https:\/\/egytourpackages.com\/fr\/tours\/transfert-prive-de-laeroport-dhurghada-vers-les-hotels-de-makadi-bay\/#breadcrumb\"},\"inLanguage\":\"fr-FR\",\"potentialAction\":[{\"@type\":\"ReadAction\",\"target\":[\"https:\/\/egytourpackages.com\/fr\/tours\/transfert-prive-de-laeroport-dhurghada-vers-les-hotels-de-makadi-bay\/\"]}]},{\"@type\":\"ImageObject\",\"inLanguage\":\"fr-FR\",\"@id\":\"https:\/\/egytourpackages.com\/fr\/tours\/transfert-prive-de-laeroport-dhurghada-vers-les-hotels-de-makadi-bay\/#primaryimage\",\"url\":\"https:\/\/egytourpackages.com\/wp-content\/uploads\/2025\/11\/Private-Transfer-from-Hurghada-Airport-to-Makadi-Bay-Hotels.jpeg\",\"contentUrl\":\"https:\/\/egytourpackages.com\/wp-content\/uploads\/2025\/11\/Private-Transfer-from-Hurghada-Airport-to-Makadi-Bay-Hotels.jpeg\",\"width\":1600,\"height\":1200,\"caption\":\"Transfert Priv\u00e9 de l'A\u00e9roport d'Hurghada vers les H\u00f4tels de Makadi Bay\"},{\"@type\":\"BreadcrumbList\",\"@id\":\"https:\/\/egytourpackages.com\/fr\/tours\/transfert-prive-de-laeroport-dhurghada-vers-les-hotels-de-makadi-bay\/#breadcrumb\",\"itemListElement\":[{\"@type\":\"ListItem\",\"position\":1,\"name\":\"Home\",\"item\":\"https:\/\/egytourpackages.com\/fr\/circuits-en-egypte\/\"},{\"@type\":\"ListItem\",\"position\":2,\"name\":\"Shop\",\"item\":\"https:\/\/egytourpackages.com\/shop\/\"},{\"@type\":\"ListItem\",\"position\":3,\"name\":\"Transfert Priv\u00e9 de l&#8217;A\u00e9roport d&#8217;Hurghada vers les H\u00f4tels de Makadi Bay\"}]},{\"@type\":\"WebSite\",\"@id\":\"https:\/\/egytourpackages.com\/fr\/#website\",\"url\":\"https:\/\/egytourpackages.com\/fr\/\",\"name\":\"Egy tour packages\",\"description\":\"\",\"publisher\":{\"@id\":\"https:\/\/egytourpackages.com\/fr\/#organization\"},\"potentialAction\":[{\"@type\":\"SearchAction\",\"target\":{\"@type\":\"EntryPoint\",\"urlTemplate\":\"https:\/\/egytourpackages.com\/fr\/?s={search_term_string}\"},\"query-input\":{\"@type\":\"PropertyValueSpecification\",\"valueRequired\":true,\"valueName\":\"search_term_string\"}}],\"inLanguage\":\"fr-FR\"},{\"@type\":[\"Organization\",\"Place\",\"TravelAgency\"],\"@id\":\"https:\/\/egytourpackages.com\/fr\/#organization\",\"name\":\"egypt tour packages\",\"alternateName\":\"egypt tour packages\",\"url\":\"https:\/\/egytourpackages.com\/fr\/\",\"logo\":{\"@id\":\"https:\/\/egytourpackages.com\/fr\/tours\/transfert-prive-de-laeroport-dhurghada-vers-les-hotels-de-makadi-bay\/#local-main-organization-logo\"},\"image\":{\"@id\":\"https:\/\/egytourpackages.com\/fr\/tours\/transfert-prive-de-laeroport-dhurghada-vers-les-hotels-de-makadi-bay\/#local-main-organization-logo\"},\"sameAs\":[\"https:\/\/www.facebook.com\/egytourpackages\"],\"legalName\":\"Egy tour packages\",\"address\":{\"@id\":\"https:\/\/egytourpackages.com\/fr\/tours\/transfert-prive-de-laeroport-dhurghada-vers-les-hotels-de-makadi-bay\/#local-main-place-address\"},\"telephone\":[\"00201000852186\",\"00201028685533\"],\"contactPoint\":{\"@type\":\"ContactPoint\",\"telephone\":\"00201000852186\"},\"openingHoursSpecification\":[{\"@type\":\"OpeningHoursSpecification\",\"dayOfWeek\":[\"Monday\",\"Tuesday\",\"Wednesday\",\"Thursday\",\"Friday\",\"Saturday\",\"Sunday\"],\"opens\":\"00:00\",\"closes\":\"23:59\"}],\"email\":\"info@egytourpackages.com\",\"areaServed\":\"Cairo, Hurghada, Luxor, Sharm El Sheikh, Marsa Alam, Aswan\",\"priceRange\":\"$\",\"currenciesAccepted\":\"euro\",\"paymentAccepted\":\"Payment links online\"},{\"@type\":\"PostalAddress\",\"@id\":\"https:\/\/egytourpackages.com\/fr\/tours\/transfert-prive-de-laeroport-dhurghada-vers-les-hotels-de-makadi-bay\/#local-main-place-address\",\"streetAddress\":\"Mubarak 8, Al Kawthar District, Hurghada\",\"addressLocality\":\"Hurghada\",\"postalCode\":\"84511\",\"addressRegion\":\"Red Sea\",\"addressCountry\":\"EG\"},{\"@type\":\"ImageObject\",\"inLanguage\":\"fr-FR\",\"@id\":\"https:\/\/egytourpackages.com\/fr\/tours\/transfert-prive-de-laeroport-dhurghada-vers-les-hotels-de-makadi-bay\/#local-main-organization-logo\",\"url\":\"https:\/\/egytourpackages.com\/wp-content\/uploads\/2025\/12\/Turquoise-Dahabiya-Nile-Cruise-1.jpeg\",\"contentUrl\":\"https:\/\/egytourpackages.com\/wp-content\/uploads\/2025\/12\/Turquoise-Dahabiya-Nile-Cruise-1.jpeg\",\"width\":1040,\"height\":694,\"caption\":\"egypt tour packages\"}]}<\/script>\n<meta property=\"product:brand\" content=\"Excursions en \u00c9gypte\" \/>\n<meta property=\"product:price:amount\" content=\"25\" \/>\n<meta property=\"product:price:currency\" content=\"EUR\" \/>\n<meta property=\"og:availability\" content=\"instock\" \/>\n<meta property=\"product:availability\" content=\"instock\" \/>\n<meta property=\"product:retailer_item_id\" content=\"AT 04\" \/>\n<meta property=\"product:condition\" content=\"new\" \/>\n<meta name=\"geo.placename\" content=\"Hurghada\" \/>\n<meta name=\"geo.region\" content=\"\u00c9gypte\" \/>\n<!-- \/ Yoast SEO Premium plugin. -->","yoast_head_json":{"title":"Transfert Priv\u00e9 de l'A\u00e9roport d'Hurghada vers les H\u00f4tels de Makadi Bay","description":"R\u00e9servez votre Transfert Priv\u00e9 de l'A\u00e9roport d'Hurghada vers les H\u00f4tels de Makadi Bay. Service VIP, prix fixe 25\u20ac et dispo 24\/7. S\u00e9curis\u00e9 et rapide !","robots":{"index":"index","follow":"follow","max-snippet":"max-snippet:-1","max-image-preview":"max-image-preview:large","max-video-preview":"max-video-preview:-1"},"canonical":"https:\/\/egytourpackages.com\/fr\/tours\/transfert-prive-de-laeroport-dhurghada-vers-les-hotels-de-makadi-bay\/","og_locale":"fr_FR","og_type":"article","og_title":"Transfert Priv\u00e9 de l'A\u00e9roport d'Hurghada vers les H\u00f4tels de Makadi Bay","og_description":"R\u00e9servez votre Transfert Priv\u00e9 de l'A\u00e9roport d'Hurghada vers les H\u00f4tels de Makadi Bay. Service VIP, prix fixe 25\u20ac et dispo 24\/7. S\u00e9curis\u00e9 et rapide !","og_url":"https:\/\/egytourpackages.com\/fr\/tours\/transfert-prive-de-laeroport-dhurghada-vers-les-hotels-de-makadi-bay\/","og_site_name":"Egypt Tour Packages","article_publisher":"https:\/\/www.facebook.com\/egytourpackages","article_modified_time":"2026-02-19T21:50:46+00:00","og_image":[{"url":"https:\/\/egytourpackages.com\/wp-content\/uploads\/2025\/11\/Private-Transfer-from-Hurghada-Airport-to-Makadi-Bay-Hotels-1024x768.jpeg","type":"","width":"","height":""}],"twitter_card":"summary_large_image","twitter_title":"Transfert Priv\u00e9 de l'A\u00e9roport d'Hurghada vers les H\u00f4tels de Makadi Bay","twitter_misc":{"Prix":"&euro;25","Disponibilit\u00e9":"En stock"},"schema":{"@context":"https:\/\/schema.org","@graph":[{"@type":"WebPage","@id":"https:\/\/egytourpackages.com\/fr\/tours\/transfert-prive-de-laeroport-dhurghada-vers-les-hotels-de-makadi-bay\/","url":"https:\/\/egytourpackages.com\/fr\/tours\/transfert-prive-de-laeroport-dhurghada-vers-les-hotels-de-makadi-bay\/","name":"Transfert Priv\u00e9 de l'A\u00e9roport d'Hurghada vers les H\u00f4tels de Makadi Bay","isPartOf":{"@id":"https:\/\/egytourpackages.com\/fr\/#website"},"primaryImageOfPage":{"@id":"https:\/\/egytourpackages.com\/fr\/tours\/transfert-prive-de-laeroport-dhurghada-vers-les-hotels-de-makadi-bay\/#primaryimage"},"image":{"@id":"https:\/\/egytourpackages.com\/fr\/tours\/transfert-prive-de-laeroport-dhurghada-vers-les-hotels-de-makadi-bay\/#primaryimage"},"thumbnailUrl":"https:\/\/egytourpackages.com\/wp-content\/uploads\/2025\/11\/Private-Transfer-from-Hurghada-Airport-to-Makadi-Bay-Hotels.jpeg","datePublished":"2025-11-14T23:32:22+00:00","dateModified":"2026-02-19T21:50:46+00:00","description":"R\u00e9servez votre Transfert Priv\u00e9 de l'A\u00e9roport d'Hurghada vers les H\u00f4tels de Makadi Bay. Service VIP, prix fixe 25\u20ac et dispo 24\/7. S\u00e9curis\u00e9 et rapide !","breadcrumb":{"@id":"https:\/\/egytourpackages.com\/fr\/tours\/transfert-prive-de-laeroport-dhurghada-vers-les-hotels-de-makadi-bay\/#breadcrumb"},"inLanguage":"fr-FR","potentialAction":[{"@type":"ReadAction","target":["https:\/\/egytourpackages.com\/fr\/tours\/transfert-prive-de-laeroport-dhurghada-vers-les-hotels-de-makadi-bay\/"]}]},{"@type":"ImageObject","inLanguage":"fr-FR","@id":"https:\/\/egytourpackages.com\/fr\/tours\/transfert-prive-de-laeroport-dhurghada-vers-les-hotels-de-makadi-bay\/#primaryimage","url":"https:\/\/egytourpackages.com\/wp-content\/uploads\/2025\/11\/Private-Transfer-from-Hurghada-Airport-to-Makadi-Bay-Hotels.jpeg","contentUrl":"https:\/\/egytourpackages.com\/wp-content\/uploads\/2025\/11\/Private-Transfer-from-Hurghada-Airport-to-Makadi-Bay-Hotels.jpeg","width":1600,"height":1200,"caption":"Transfert Priv\u00e9 de l'A\u00e9roport d'Hurghada vers les H\u00f4tels de Makadi Bay"},{"@type":"BreadcrumbList","@id":"https:\/\/egytourpackages.com\/fr\/tours\/transfert-prive-de-laeroport-dhurghada-vers-les-hotels-de-makadi-bay\/#breadcrumb","itemListElement":[{"@type":"ListItem","position":1,"name":"Home","item":"https:\/\/egytourpackages.com\/fr\/circuits-en-egypte\/"},{"@type":"ListItem","position":2,"name":"Shop","item":"https:\/\/egytourpackages.com\/shop\/"},{"@type":"ListItem","position":3,"name":"Transfert Priv\u00e9 de l&#8217;A\u00e9roport d&#8217;Hurghada vers les H\u00f4tels de Makadi Bay"}]},{"@type":"WebSite","@id":"https:\/\/egytourpackages.com\/fr\/#website","url":"https:\/\/egytourpackages.com\/fr\/","name":"Egy tour packages","description":"","publisher":{"@id":"https:\/\/egytourpackages.com\/fr\/#organization"},"potentialAction":[{"@type":"SearchAction","target":{"@type":"EntryPoint","urlTemplate":"https:\/\/egytourpackages.com\/fr\/?s={search_term_string}"},"query-input":{"@type":"PropertyValueSpecification","valueRequired":true,"valueName":"search_term_string"}}],"inLanguage":"fr-FR"},{"@type":["Organization","Place","TravelAgency"],"@id":"https:\/\/egytourpackages.com\/fr\/#organization","name":"egypt tour packages","alternateName":"egypt tour packages","url":"https:\/\/egytourpackages.com\/fr\/","logo":{"@id":"https:\/\/egytourpackages.com\/fr\/tours\/transfert-prive-de-laeroport-dhurghada-vers-les-hotels-de-makadi-bay\/#local-main-organization-logo"},"image":{"@id":"https:\/\/egytourpackages.com\/fr\/tours\/transfert-prive-de-laeroport-dhurghada-vers-les-hotels-de-makadi-bay\/#local-main-organization-logo"},"sameAs":["https:\/\/www.facebook.com\/egytourpackages"],"legalName":"Egy tour packages","address":{"@id":"https:\/\/egytourpackages.com\/fr\/tours\/transfert-prive-de-laeroport-dhurghada-vers-les-hotels-de-makadi-bay\/#local-main-place-address"},"telephone":["00201000852186","00201028685533"],"contactPoint":{"@type":"ContactPoint","telephone":"00201000852186"},"openingHoursSpecification":[{"@type":"OpeningHoursSpecification","dayOfWeek":["Monday","Tuesday","Wednesday","Thursday","Friday","Saturday","Sunday"],"opens":"00:00","closes":"23:59"}],"email":"info@egytourpackages.com","areaServed":"Cairo, Hurghada, Luxor, Sharm El Sheikh, Marsa Alam, Aswan","priceRange":"$","currenciesAccepted":"euro","paymentAccepted":"Payment links online"},{"@type":"PostalAddress","@id":"https:\/\/egytourpackages.com\/fr\/tours\/transfert-prive-de-laeroport-dhurghada-vers-les-hotels-de-makadi-bay\/#local-main-place-address","streetAddress":"Mubarak 8, Al Kawthar District, Hurghada","addressLocality":"Hurghada","postalCode":"84511","addressRegion":"Red Sea","addressCountry":"EG"},{"@type":"ImageObject","inLanguage":"fr-FR","@id":"https:\/\/egytourpackages.com\/fr\/tours\/transfert-prive-de-laeroport-dhurghada-vers-les-hotels-de-makadi-bay\/#local-main-organization-logo","url":"https:\/\/egytourpackages.com\/wp-content\/uploads\/2025\/12\/Turquoise-Dahabiya-Nile-Cruise-1.jpeg","contentUrl":"https:\/\/egytourpackages.com\/wp-content\/uploads\/2025\/12\/Turquoise-Dahabiya-Nile-Cruise-1.jpeg","width":1040,"height":694,"caption":"egypt tour packages"}]},"product_brand":"Excursions en \u00c9gypte","product_price_amount":"25","product_price_currency":"EUR","og_availability":"instock","product_availability":"instock","product_retailer_item_id":"AT 04","product_condition":"new","geo.placename":"Hurghada","geo.region":"\u00c9gypte"},"_links":{"self":[{"href":"https:\/\/egytourpackages.com\/fr\/wp-json\/wp\/v2\/product\/15408","targetHints":{"allow":["GET"]}}],"collection":[{"href":"https:\/\/egytourpackages.com\/fr\/wp-json\/wp\/v2\/product"}],"about":[{"href":"https:\/\/egytourpackages.com\/fr\/wp-json\/wp\/v2\/types\/product"}],"replies":[{"embeddable":true,"href":"https:\/\/egytourpackages.com\/fr\/wp-json\/wp\/v2\/comments?post=15408"}],"wp:featuredmedia":[{"embeddable":true,"href":"https:\/\/egytourpackages.com\/fr\/wp-json\/wp\/v2\/media\/9197"}],"wp:attachment":[{"href":"https:\/\/egytourpackages.com\/fr\/wp-json\/wp\/v2\/media?parent=15408"}],"wp:term":[{"taxonomy":"product_brand","embeddable":true,"href":"https:\/\/egytourpackages.com\/fr\/wp-json\/wp\/v2\/product_brand?post=15408"},{"taxonomy":"product_cat","embeddable":true,"href":"https:\/\/egytourpackages.com\/fr\/wp-json\/wp\/v2\/product_cat?post=15408"},{"taxonomy":"product_tag","embeddable":true,"href":"https:\/\/egytourpackages.com\/fr\/wp-json\/wp\/v2\/product_tag?post=15408"}],"curies":[{"name":"wp","href":"https:\/\/api.w.org\/{rel}","templated":true}]}}