{"id":15689,"date":"2026-02-24T01:47:52","date_gmt":"2026-02-24T01:47:52","guid":{"rendered":"https:\/\/egytourpackages.com\/product\/sortie-de-snorkeling-a-marsa-mubarak-depuis-port-ghalib\/"},"modified":"2026-02-27T20:22:40","modified_gmt":"2026-02-27T20:22:40","slug":"sortie-de-snorkeling-a-marsa-mubarak-depuis-port-ghalib","status":"publish","type":"product","link":"https:\/\/egytourpackages.com\/fr\/tours\/sortie-de-snorkeling-a-marsa-mubarak-depuis-port-ghalib\/","title":{"rendered":"Sortie de Snorkeling \u00e0 Marsa Mubarak depuis Port Ghalib"},"content":{"rendered":"<p><span style=\"color: #ff6600;\"><strong>Sortie de Snorkeling \u00e0 Marsa Mubarak depuis Port Ghalib : Nagez avec les Dugongs et les Tortues G\u00e9antes<\/strong><\/span><\/p>\n<p>Plongez dans une <strong>sortie de snorkeling \u00e0 Marsa Mubarak<\/strong>, la destination ultime pour des rencontres avec la vie sauvage en mer Rouge. Situ\u00e9e pr\u00e8s de <strong>Port Ghalib<\/strong>, cette vaste baie est mondialement connue comme un sanctuaire pour le rare <strong>dugong (vache marine)<\/strong> et les <strong>tortues vertes g\u00e9antes<\/strong>.<\/p>\n<p>Les eaux cristallines et peu profondes ainsi que les prairies de herbiers marins luxuriants offrent un habitat parfait pour ces gentils g\u00e9ants, offrant aux snorkelers une chance unique de nager \u00e0 leurs c\u00f4t\u00e9s.<\/p>\n<p>Au-del\u00e0 des \u00ab\u00a0deux grands\u00a0\u00bb, vous explorerez des jardins de coraux vibrants regorgeant de poissons de r\u00e9cif color\u00e9s.<\/p>\n<p>Avec des guides professionnels et une atmosph\u00e8re d\u00e9tendue \u00e0 bord, c&rsquo;est l&rsquo;exp\u00e9rience d&rsquo;<strong>\u00e9cotourisme<\/strong> de premier plan pour les familles et les amoureux de la nature visitant <strong>Marsa Alam<\/strong>.<\/p>\n<h3><span style=\"color: #ff6600;\">D\u00e9tails de l&rsquo;excursion<\/span><\/h3>\n<ul>\n<li>Dur\u00e9e : 8 heures<\/li>\n<li>Lieu de l&rsquo;excursion : Porto Ghalib, Marsa Alam<\/li>\n<li>Disponibilit\u00e9 : Tous les jours<\/li>\n<li>Prise en charge et retour : Votre h\u00f4tel \u00e0 Port Ghalib ou Marsa Alam<\/li>\n<li>Type d&rsquo;excursion : Excursion r\u00e9cr\u00e9ative<\/li>\n<li>Fauteuil roulant : Non accessible<\/li>\n<\/ul>\n<h3><span style=\"color: #ff6600;\">Inclusions<\/span><\/h3>\n<ul>\n<li>Transfert aller-retour<\/li>\n<li>D\u00e9jeuner \u00e0 bord du yacht de luxe<\/li>\n<li>\u00c9quipement de snorkeling<\/li>\n<li>Guide de snorkeling<\/li>\n<li>Boissons chaudes et rafra\u00eechissements<\/li>\n<\/ul>\n<h3><span style=\"color: #ff6600;\">Exclusions<\/span><\/h3>\n<ul>\n<li>DVD et photos par le cam\u00e9raman<\/li>\n<li>Plong\u00e9e sous-marine<\/li>\n<li>Pourboires<\/li>\n<li>Taxe de r\u00e9serve naturelle de 5 euros par personne<\/li>\n<\/ul>\n<h3><span style=\"color: #ff6600;\">Ce qu&rsquo;il faut emporter<\/span><\/h3>\n<ul>\n<li>Serviette de plage de l&rsquo;h\u00f4tel<\/li>\n<li>Chapeau ou foulard<\/li>\n<li>Cr\u00e8me solaire<\/li>\n<li>Maillot de bain<\/li>\n<li>Copie de votre passeport<\/li>\n<\/ul>\n<h2><span style=\"color: #993366;\"><em>Itin\u00e9raire<\/em><\/span><\/h2>\n<p>Si vous recherchez une connexion brute et authentique avec les habitants les plus \u00ab\u00a0c\u00e9l\u00e8bres\u00a0\u00bb de la mer Rouge, une <strong>sortie de snorkeling \u00e0 Marsa Mubarak<\/strong> est votre ticket d&rsquo;or.<\/p>\n<p>Situ\u00e9e \u00e0 une courte distance en bateau de <strong>Port Ghalib<\/strong>, cette baie prot\u00e9g\u00e9e est l&rsquo;un des rares endroits sur Terre o\u00f9 le temps semble s&rsquo;arr\u00eater sous l&rsquo;eau.<\/p>\n<p>Connue mondialement comme un sanctuaire pour le <strong>dugong en voie de disparition<\/strong> et les \u00e9normes <strong>tortues vertes<\/strong>, c&rsquo;est une aventure \u00e0 inscrire sur la liste de tous les passionn\u00e9s de vie sauvage.<\/p>\n<h3><span style=\"color: #ff6600;\">D\u00e9part de Porto Ghalib<\/span><\/h3>\n<p>Votre voyage commence par une prise en charge en douceur \u00e0 votre <strong>h\u00f4tel de Marsa Alam<\/strong> dans un v\u00e9hicule confortable et climatis\u00e9.<\/p>\n<p>\u00c0 votre arriv\u00e9e \u00e0 la vibrante <strong>Marina de Porto Ghalib<\/strong>, vous monterez \u00e0 bord de notre bateau bien \u00e9quip\u00e9.<\/p>\n<p>Apr\u00e8s un rapide briefing de s\u00e9curit\u00e9 et la r\u00e9ception de votre <strong>\u00e9quipement de snorkeling<\/strong> de haute qualit\u00e9, nous mettons les voiles vers l&rsquo;horizon turquoise.<\/p>\n<h3><span style=\"color: #ff6600;\">Premi\u00e8re \u00e9tape: Les murs cach\u00e9s de Marsa El Shouna<\/span><\/h3>\n<p>Notre premi\u00e8re immersion dans l&rsquo;eau a lieu \u00e0 <strong>Marsa El Shouna<\/strong>, une baie c\u00e9l\u00e8bre pour ses murs de r\u00e9cifs spectaculaires.<\/p>\n<p>Il ne s&rsquo;agit pas seulement de poissons ; c&rsquo;est une partie de \u00ab\u00a0cache-cache\u00a0\u00bb. Gardez l&rsquo;\u0153il ouvert pour les <strong>poissons-scorpions<\/strong>, les <strong>poulpes<\/strong> et les crustac\u00e9s magistralement camoufl\u00e9s qui se fondent dans les tapis de corail vibrants. C&rsquo;est l&rsquo;\u00e9chauffement parfait pour les merveilles \u00e0 venir.<\/p>\n<h3><span style=\"color: #ff6600;\">L&rsquo;\u00e9v\u00e9nement principal: La baie des tortues de Marsa Mubarak<\/span><\/h3>\n<p>Apr\u00e8s une navigation de 30 minutes vers le sud, nous jetons l&rsquo;ancre dans la l\u00e9gendaire <strong>Marsa Mubarak<\/strong>. En tant que plus grande baie de la r\u00e9gion, ses prairies de herbiers servent de buffet 5 \u00e9toiles pour les <strong>tortues vertes g\u00e9antes<\/strong>.<\/p>\n<p>Mais la v\u00e9ritable star est le <strong>dugong (vache marine)<\/strong>. Voir l&rsquo;un de ces g\u00e9ants glisser dans l&rsquo;eau est une exp\u00e9rience transformatrice, que tr\u00e8s peu de personnes dans le monde peuvent raconter.<\/p>\n<h3><span style=\"color: #ff6600;\">D\u00e9jeuner et d\u00e9tente en mer<\/span><\/h3>\n<p>Entre vos explorations sous-marines, profitez d&rsquo;un <strong>d\u00e9jeuner fra\u00eechement pr\u00e9par\u00e9 par notre chef<\/strong> servi directement sur le pont.<\/p>\n<p>Avec la brise marine dans vos cheveux et une vari\u00e9t\u00e9 de saveurs locales et internationales, vous pourrez vous ressourcer avant notre derni\u00e8re s\u00e9ance de snorkeling.<\/p>\n<p>En fin d&rsquo;apr\u00e8s-midi, nous retournons \u00e0 la marina, vous assurant d&rsquo;\u00eatre de retour \u00e0 votre complexe \u00e0 temps pour le coucher du soleil.<\/p>\n<h3><span style=\"color: #ff6600;\">Conseils d&rsquo;experts pour un snorkeling responsable<\/span><\/h3>\n<ul>\n<li><strong><span style=\"color: #993366;\"><em>Respectez le dugong<\/em> <\/span>:<\/strong> Ces \u00ab\u00a0vaches marines\u00a0\u00bb sont incroyablement amicales mais timides. <strong>Ne les touchez jamais<\/strong> et gardez toujours une distance respectueuse afin qu&rsquo;ils puissent facilement remonter \u00e0 la surface pour respirer.<\/li>\n<li><span style=\"color: #993366;\"><em><strong>Le timing est essentiel :<\/strong><\/em><\/span> Pour \u00e9viter les foules et augmenter vos chances d&rsquo;une rencontre priv\u00e9e, les sorties t\u00f4t le matin ou en fin d&rsquo;apr\u00e8s-midi sont vivement recommand\u00e9es.<\/li>\n<li><span style=\"color: #993366;\"><em><strong>Le facteur de raret\u00e9 :<\/strong><\/em><\/span> Les dugongs ont disparu de la plupart des oc\u00e9ans du monde, faisant de la c\u00f4te de <strong>Marsa Alam<\/strong> l&rsquo;une des derni\u00e8res fronti\u00e8res pour les observer dans la nature.<\/li>\n<\/ul>\n<h3><span style=\"color: #ff6600;\">Prix de la sortie de snorkeling \u00e0 Marsa Mubarak depuis Marsa Alam<\/span><\/h3>\n<ul>\n<li>Prix adulte = 60 \u20ac<\/li>\n<li>Enfants 0-5 ans = gratuit<\/li>\n<li>Enfants 5-11 ans = 50 % du prix adulte<\/li>\n<\/ul>\n<h3><span style=\"color: #ff6600;\">R\u00e9servation<\/span><\/h3>\n<p>Vous pouvez r\u00e9server votre excursion via WhatsApp ou nous envoyer un e-mail, et vous recevrez la confirmation imm\u00e9diatement.<\/p>\n<p>Veuillez nous envoyer le nom de votre h\u00f4tel, votre num\u00e9ro de chambre et les copies de vos passeports pour garantir votre place sur la sortie de snorkeling \u00e0 Marsa Mubarak depuis Port Ghalib.<\/p>\n<p>WhatsApp: +201000852186<\/p>\n<p>info@egytourpackages.com<\/p>\n<h3><span style=\"color: #ff6600;\">R\u00e9servez maintenant et payez sur place<\/span><\/h3>\n<p>R\u00e9servez votre excursion pr\u00e9f\u00e9r\u00e9e et payez le jour du voyage.<\/p>\n<h3><span style=\"color: #ff6600;\">Paiement<\/span><\/h3>\n<p>Vous pouvez payer en livres \u00e9gyptiennes, $, \u20ac ou \u00a3.<\/p>\n<h3><span style=\"color: #ff6600;\">Politique d&rsquo;annulation<\/span><\/h3>\n<ul>\n<li>L&rsquo;annulation est gratuite jusqu&rsquo;\u00e0 24 heures \u00e0 l&rsquo;avance<\/li>\n<li>L&rsquo;annulation le matin m\u00eame est de 50 % du prix<\/li>\n<\/ul>\n<h2><span style=\"color: #993366;\"><em>Note:<\/em><\/span><\/h2>\n<p>La m\u00e9t\u00e9o joue un r\u00f4le important dans la disponibilit\u00e9 de cette excursion car elle peut \u00eatre annul\u00e9e en raison de mauvaises conditions m\u00e9t\u00e9orologiques.<\/p>\n","protected":false},"excerpt":{"rendered":"<p>Vivez une sortie de snorkeling \u00e0 Marsa Mubarak depuis Port Ghalib. Nagez avec le rare dugong et des tortues g\u00e9antes en mer Rouge. R\u00e9servez votre aventure !<\/p>\n","protected":false},"featured_media":15620,"comment_status":"closed","ping_status":"closed","template":"","meta":[],"product_brand":[],"product_cat":[3124],"product_tag":[4410,4411,3275],"class_list":{"0":"post-15689","1":"product","2":"type-product","3":"status-publish","4":"has-post-thumbnail","6":"product_cat-tours-fr","7":"product_tag-excursions-dune-journee-au-depart-de-marsa-alam","8":"product_tag-excursions-dune-journee-au-depart-de-port-ghalib","9":"product_tag-excursions-dune-journee-en-egypte","10":"tour_category-excursions-dune-journee-au-depart-de-port-ghalib","11":"tour_category-excursions-en-egypte-fr","13":"first","14":"instock","15":"sale","16":"shipping-taxable","17":"purchasable","18":"product-type-tour","19":"has-default-attributes"},"yoast_head":"<!-- This site is optimized with the Yoast SEO Premium plugin v27.4 (Yoast SEO v27.4) - https:\/\/yoast.com\/product\/yoast-seo-premium-wordpress\/ -->\n<title>Sortie de Snorkeling \u00e0 Marsa Mubarak depuis Port Ghalib<\/title>\n<meta name=\"description\" content=\"Vivez une sortie de snorkeling \u00e0 Marsa Mubarak depuis Port Ghalib. Nagez avec le rare dugong et des tortues g\u00e9antes en mer Rouge. R\u00e9servez votre aventure !\" \/>\n<meta name=\"robots\" content=\"index, follow, max-snippet:-1, max-image-preview:large, max-video-preview:-1\" \/>\n<link rel=\"canonical\" href=\"https:\/\/egytourpackages.com\/fr\/tours\/sortie-de-snorkeling-a-marsa-mubarak-depuis-port-ghalib\/\" \/>\n<meta property=\"og:locale\" content=\"fr_FR\" \/>\n<meta property=\"og:type\" content=\"article\" \/>\n<meta property=\"og:title\" content=\"Sortie de Snorkeling \u00e0 Marsa Mubarak depuis Port Ghalib\" \/>\n<meta property=\"og:description\" content=\"Vivez une sortie de snorkeling \u00e0 Marsa Mubarak depuis Port Ghalib. Nagez avec le rare dugong et des tortues g\u00e9antes en mer Rouge. R\u00e9servez votre aventure !\" \/>\n<meta property=\"og:url\" content=\"https:\/\/egytourpackages.com\/fr\/tours\/sortie-de-snorkeling-a-marsa-mubarak-depuis-port-ghalib\/\" \/>\n<meta property=\"og:site_name\" content=\"Egypt Tour Packages\" \/>\n<meta property=\"article:publisher\" content=\"https:\/\/www.facebook.com\/egytourpackages\" \/>\n<meta property=\"article:modified_time\" content=\"2026-02-27T20:22:40+00:00\" \/>\n<meta property=\"og:image\" content=\"https:\/\/egytourpackages.com\/wp-content\/uploads\/2026\/02\/Marsa-Mubarak-Snorkeling-Trip-from-Port-Ghalib-1024x575.png\" \/>\n\t<meta property=\"og:image:width\" content=\"1024\" \/>\n\t<meta property=\"og:image:height\" content=\"575\" \/>\n\t<meta property=\"og:image:type\" content=\"image\/png\" \/>\n<meta name=\"twitter:card\" content=\"summary_large_image\" \/>\n<meta name=\"twitter:label1\" content=\"Prix\" \/>\n\t<meta name=\"twitter:data1\" content=\"&euro;0\" \/>\n\t<meta name=\"twitter:label2\" content=\"Disponibilit\u00e9\" \/>\n\t<meta name=\"twitter:data2\" content=\"En stock\" \/>\n<script type=\"application\/ld+json\" class=\"yoast-schema-graph\">{\"@context\":\"https:\\\/\\\/schema.org\",\"@graph\":[{\"@type\":\"WebPage\",\"@id\":\"https:\\\/\\\/egytourpackages.com\\\/fr\\\/tours\\\/sortie-de-snorkeling-a-marsa-mubarak-depuis-port-ghalib\\\/\",\"url\":\"https:\\\/\\\/egytourpackages.com\\\/fr\\\/tours\\\/sortie-de-snorkeling-a-marsa-mubarak-depuis-port-ghalib\\\/\",\"name\":\"Sortie de Snorkeling \u00e0 Marsa Mubarak depuis Port Ghalib\",\"isPartOf\":{\"@id\":\"https:\\\/\\\/egytourpackages.com\\\/fr\\\/#website\"},\"primaryImageOfPage\":{\"@id\":\"https:\\\/\\\/egytourpackages.com\\\/fr\\\/tours\\\/sortie-de-snorkeling-a-marsa-mubarak-depuis-port-ghalib\\\/#primaryimage\"},\"image\":{\"@id\":\"https:\\\/\\\/egytourpackages.com\\\/fr\\\/tours\\\/sortie-de-snorkeling-a-marsa-mubarak-depuis-port-ghalib\\\/#primaryimage\"},\"thumbnailUrl\":\"https:\\\/\\\/egytourpackages.com\\\/wp-content\\\/uploads\\\/2026\\\/02\\\/Marsa-Mubarak-Snorkeling-Trip-from-Port-Ghalib.png\",\"datePublished\":\"2026-02-24T01:47:52+00:00\",\"dateModified\":\"2026-02-27T20:22:40+00:00\",\"description\":\"Vivez une sortie de snorkeling \u00e0 Marsa Mubarak depuis Port Ghalib. Nagez avec le rare dugong et des tortues g\u00e9antes en mer Rouge. R\u00e9servez votre aventure !\",\"breadcrumb\":{\"@id\":\"https:\\\/\\\/egytourpackages.com\\\/fr\\\/tours\\\/sortie-de-snorkeling-a-marsa-mubarak-depuis-port-ghalib\\\/#breadcrumb\"},\"inLanguage\":\"fr-FR\",\"potentialAction\":[{\"@type\":\"ReadAction\",\"target\":[\"https:\\\/\\\/egytourpackages.com\\\/fr\\\/tours\\\/sortie-de-snorkeling-a-marsa-mubarak-depuis-port-ghalib\\\/\"]}]},{\"@type\":\"ImageObject\",\"inLanguage\":\"fr-FR\",\"@id\":\"https:\\\/\\\/egytourpackages.com\\\/fr\\\/tours\\\/sortie-de-snorkeling-a-marsa-mubarak-depuis-port-ghalib\\\/#primaryimage\",\"url\":\"https:\\\/\\\/egytourpackages.com\\\/wp-content\\\/uploads\\\/2026\\\/02\\\/Marsa-Mubarak-Snorkeling-Trip-from-Port-Ghalib.png\",\"contentUrl\":\"https:\\\/\\\/egytourpackages.com\\\/wp-content\\\/uploads\\\/2026\\\/02\\\/Marsa-Mubarak-Snorkeling-Trip-from-Port-Ghalib.png\",\"width\":1500,\"height\":843,\"caption\":\"Sortie de Snorkeling \u00e0 Marsa Mubarak depuis Port Ghalib\"},{\"@type\":\"BreadcrumbList\",\"@id\":\"https:\\\/\\\/egytourpackages.com\\\/fr\\\/tours\\\/sortie-de-snorkeling-a-marsa-mubarak-depuis-port-ghalib\\\/#breadcrumb\",\"itemListElement\":[{\"@type\":\"ListItem\",\"position\":1,\"name\":\"Home\",\"item\":\"https:\\\/\\\/egytourpackages.com\\\/fr\\\/circuits-en-egypte\\\/\"},{\"@type\":\"ListItem\",\"position\":2,\"name\":\"Shop\",\"item\":\"https:\\\/\\\/egytourpackages.com\\\/shop\\\/\"},{\"@type\":\"ListItem\",\"position\":3,\"name\":\"Sortie de Snorkeling \u00e0 Marsa Mubarak depuis Port Ghalib\"}]},{\"@type\":\"WebSite\",\"@id\":\"https:\\\/\\\/egytourpackages.com\\\/fr\\\/#website\",\"url\":\"https:\\\/\\\/egytourpackages.com\\\/fr\\\/\",\"name\":\"Egy tour packages\",\"description\":\"\",\"publisher\":{\"@id\":\"https:\\\/\\\/egytourpackages.com\\\/fr\\\/#organization\"},\"potentialAction\":[{\"@type\":\"SearchAction\",\"target\":{\"@type\":\"EntryPoint\",\"urlTemplate\":\"https:\\\/\\\/egytourpackages.com\\\/fr\\\/?s={search_term_string}\"},\"query-input\":{\"@type\":\"PropertyValueSpecification\",\"valueRequired\":true,\"valueName\":\"search_term_string\"}}],\"inLanguage\":\"fr-FR\"},{\"@type\":[\"Organization\",\"Place\",\"TravelAgency\"],\"@id\":\"https:\\\/\\\/egytourpackages.com\\\/fr\\\/#organization\",\"name\":\"egypt tour packages\",\"alternateName\":\"egypt tour packages\",\"url\":\"https:\\\/\\\/egytourpackages.com\\\/fr\\\/\",\"logo\":{\"@id\":\"https:\\\/\\\/egytourpackages.com\\\/fr\\\/tours\\\/sortie-de-snorkeling-a-marsa-mubarak-depuis-port-ghalib\\\/#local-main-organization-logo\"},\"image\":{\"@id\":\"https:\\\/\\\/egytourpackages.com\\\/fr\\\/tours\\\/sortie-de-snorkeling-a-marsa-mubarak-depuis-port-ghalib\\\/#local-main-organization-logo\"},\"sameAs\":[\"https:\\\/\\\/www.facebook.com\\\/egytourpackages\"],\"legalName\":\"Egy tour packages\",\"address\":{\"@id\":\"https:\\\/\\\/egytourpackages.com\\\/fr\\\/tours\\\/sortie-de-snorkeling-a-marsa-mubarak-depuis-port-ghalib\\\/#local-main-place-address\"},\"telephone\":[\"00201000852186\",\"00201028685533\"],\"contactPoint\":{\"@type\":\"ContactPoint\",\"telephone\":\"00201000852186\"},\"openingHoursSpecification\":[{\"@type\":\"OpeningHoursSpecification\",\"dayOfWeek\":[\"Monday\",\"Tuesday\",\"Wednesday\",\"Thursday\",\"Friday\",\"Saturday\",\"Sunday\"],\"opens\":\"00:00\",\"closes\":\"23:59\"}],\"email\":\"info@egytourpackages.com\",\"areaServed\":\"Cairo, Hurghada, Luxor, Sharm El Sheikh, Marsa Alam, Aswan\",\"priceRange\":\"$\",\"currenciesAccepted\":\"euro\",\"paymentAccepted\":\"Payment links online\"},{\"@type\":\"PostalAddress\",\"@id\":\"https:\\\/\\\/egytourpackages.com\\\/fr\\\/tours\\\/sortie-de-snorkeling-a-marsa-mubarak-depuis-port-ghalib\\\/#local-main-place-address\",\"streetAddress\":\"Mubarak 8, Al Kawthar District, Hurghada\",\"addressLocality\":\"Hurghada\",\"postalCode\":\"84511\",\"addressRegion\":\"Red Sea\",\"addressCountry\":\"EG\"},{\"@type\":\"ImageObject\",\"inLanguage\":\"fr-FR\",\"@id\":\"https:\\\/\\\/egytourpackages.com\\\/fr\\\/tours\\\/sortie-de-snorkeling-a-marsa-mubarak-depuis-port-ghalib\\\/#local-main-organization-logo\",\"url\":\"https:\\\/\\\/egytourpackages.com\\\/wp-content\\\/uploads\\\/2025\\\/12\\\/Turquoise-Dahabiya-Nile-Cruise-1.jpeg\",\"contentUrl\":\"https:\\\/\\\/egytourpackages.com\\\/wp-content\\\/uploads\\\/2025\\\/12\\\/Turquoise-Dahabiya-Nile-Cruise-1.jpeg\",\"width\":1040,\"height\":694,\"caption\":\"egypt tour packages\"}]}<\/script>\n<meta property=\"product:brand\" content=\"Excursions d&#039;une journ\u00e9e au d\u00e9part de Port Ghalib\" \/>\n<meta property=\"product:price:amount\" content=\"0\" \/>\n<meta property=\"product:price:currency\" content=\"EUR\" \/>\n<meta property=\"og:availability\" content=\"instock\" \/>\n<meta property=\"product:availability\" content=\"instock\" \/>\n<meta property=\"product:retailer_item_id\" content=\"DTFPG 01\" \/>\n<meta property=\"product:condition\" content=\"new\" \/>\n<meta name=\"geo.placename\" content=\"Hurghada\" \/>\n<meta name=\"geo.region\" content=\"\u00c9gypte\" \/>\n<!-- \/ Yoast SEO Premium plugin. -->","yoast_head_json":{"title":"Sortie de Snorkeling \u00e0 Marsa Mubarak depuis Port Ghalib","description":"Vivez une sortie de snorkeling \u00e0 Marsa Mubarak depuis Port Ghalib. Nagez avec le rare dugong et des tortues g\u00e9antes en mer Rouge. R\u00e9servez votre aventure !","robots":{"index":"index","follow":"follow","max-snippet":"max-snippet:-1","max-image-preview":"max-image-preview:large","max-video-preview":"max-video-preview:-1"},"canonical":"https:\/\/egytourpackages.com\/fr\/tours\/sortie-de-snorkeling-a-marsa-mubarak-depuis-port-ghalib\/","og_locale":"fr_FR","og_type":"article","og_title":"Sortie de Snorkeling \u00e0 Marsa Mubarak depuis Port Ghalib","og_description":"Vivez une sortie de snorkeling \u00e0 Marsa Mubarak depuis Port Ghalib. Nagez avec le rare dugong et des tortues g\u00e9antes en mer Rouge. R\u00e9servez votre aventure !","og_url":"https:\/\/egytourpackages.com\/fr\/tours\/sortie-de-snorkeling-a-marsa-mubarak-depuis-port-ghalib\/","og_site_name":"Egypt Tour Packages","article_publisher":"https:\/\/www.facebook.com\/egytourpackages","article_modified_time":"2026-02-27T20:22:40+00:00","og_image":[{"width":1024,"height":575,"url":"https:\/\/egytourpackages.com\/wp-content\/uploads\/2026\/02\/Marsa-Mubarak-Snorkeling-Trip-from-Port-Ghalib-1024x575.png","type":"image\/png"}],"twitter_card":"summary_large_image","twitter_misc":{"Prix":"&euro;0","Disponibilit\u00e9":"En stock"},"schema":{"@context":"https:\/\/schema.org","@graph":[{"@type":"WebPage","@id":"https:\/\/egytourpackages.com\/fr\/tours\/sortie-de-snorkeling-a-marsa-mubarak-depuis-port-ghalib\/","url":"https:\/\/egytourpackages.com\/fr\/tours\/sortie-de-snorkeling-a-marsa-mubarak-depuis-port-ghalib\/","name":"Sortie de Snorkeling \u00e0 Marsa Mubarak depuis Port Ghalib","isPartOf":{"@id":"https:\/\/egytourpackages.com\/fr\/#website"},"primaryImageOfPage":{"@id":"https:\/\/egytourpackages.com\/fr\/tours\/sortie-de-snorkeling-a-marsa-mubarak-depuis-port-ghalib\/#primaryimage"},"image":{"@id":"https:\/\/egytourpackages.com\/fr\/tours\/sortie-de-snorkeling-a-marsa-mubarak-depuis-port-ghalib\/#primaryimage"},"thumbnailUrl":"https:\/\/egytourpackages.com\/wp-content\/uploads\/2026\/02\/Marsa-Mubarak-Snorkeling-Trip-from-Port-Ghalib.png","datePublished":"2026-02-24T01:47:52+00:00","dateModified":"2026-02-27T20:22:40+00:00","description":"Vivez une sortie de snorkeling \u00e0 Marsa Mubarak depuis Port Ghalib. Nagez avec le rare dugong et des tortues g\u00e9antes en mer Rouge. R\u00e9servez votre aventure !","breadcrumb":{"@id":"https:\/\/egytourpackages.com\/fr\/tours\/sortie-de-snorkeling-a-marsa-mubarak-depuis-port-ghalib\/#breadcrumb"},"inLanguage":"fr-FR","potentialAction":[{"@type":"ReadAction","target":["https:\/\/egytourpackages.com\/fr\/tours\/sortie-de-snorkeling-a-marsa-mubarak-depuis-port-ghalib\/"]}]},{"@type":"ImageObject","inLanguage":"fr-FR","@id":"https:\/\/egytourpackages.com\/fr\/tours\/sortie-de-snorkeling-a-marsa-mubarak-depuis-port-ghalib\/#primaryimage","url":"https:\/\/egytourpackages.com\/wp-content\/uploads\/2026\/02\/Marsa-Mubarak-Snorkeling-Trip-from-Port-Ghalib.png","contentUrl":"https:\/\/egytourpackages.com\/wp-content\/uploads\/2026\/02\/Marsa-Mubarak-Snorkeling-Trip-from-Port-Ghalib.png","width":1500,"height":843,"caption":"Sortie de Snorkeling \u00e0 Marsa Mubarak depuis Port Ghalib"},{"@type":"BreadcrumbList","@id":"https:\/\/egytourpackages.com\/fr\/tours\/sortie-de-snorkeling-a-marsa-mubarak-depuis-port-ghalib\/#breadcrumb","itemListElement":[{"@type":"ListItem","position":1,"name":"Home","item":"https:\/\/egytourpackages.com\/fr\/circuits-en-egypte\/"},{"@type":"ListItem","position":2,"name":"Shop","item":"https:\/\/egytourpackages.com\/shop\/"},{"@type":"ListItem","position":3,"name":"Sortie de Snorkeling \u00e0 Marsa Mubarak depuis Port Ghalib"}]},{"@type":"WebSite","@id":"https:\/\/egytourpackages.com\/fr\/#website","url":"https:\/\/egytourpackages.com\/fr\/","name":"Egy tour packages","description":"","publisher":{"@id":"https:\/\/egytourpackages.com\/fr\/#organization"},"potentialAction":[{"@type":"SearchAction","target":{"@type":"EntryPoint","urlTemplate":"https:\/\/egytourpackages.com\/fr\/?s={search_term_string}"},"query-input":{"@type":"PropertyValueSpecification","valueRequired":true,"valueName":"search_term_string"}}],"inLanguage":"fr-FR"},{"@type":["Organization","Place","TravelAgency"],"@id":"https:\/\/egytourpackages.com\/fr\/#organization","name":"egypt tour packages","alternateName":"egypt tour packages","url":"https:\/\/egytourpackages.com\/fr\/","logo":{"@id":"https:\/\/egytourpackages.com\/fr\/tours\/sortie-de-snorkeling-a-marsa-mubarak-depuis-port-ghalib\/#local-main-organization-logo"},"image":{"@id":"https:\/\/egytourpackages.com\/fr\/tours\/sortie-de-snorkeling-a-marsa-mubarak-depuis-port-ghalib\/#local-main-organization-logo"},"sameAs":["https:\/\/www.facebook.com\/egytourpackages"],"legalName":"Egy tour packages","address":{"@id":"https:\/\/egytourpackages.com\/fr\/tours\/sortie-de-snorkeling-a-marsa-mubarak-depuis-port-ghalib\/#local-main-place-address"},"telephone":["00201000852186","00201028685533"],"contactPoint":{"@type":"ContactPoint","telephone":"00201000852186"},"openingHoursSpecification":[{"@type":"OpeningHoursSpecification","dayOfWeek":["Monday","Tuesday","Wednesday","Thursday","Friday","Saturday","Sunday"],"opens":"00:00","closes":"23:59"}],"email":"info@egytourpackages.com","areaServed":"Cairo, Hurghada, Luxor, Sharm El Sheikh, Marsa Alam, Aswan","priceRange":"$","currenciesAccepted":"euro","paymentAccepted":"Payment links online"},{"@type":"PostalAddress","@id":"https:\/\/egytourpackages.com\/fr\/tours\/sortie-de-snorkeling-a-marsa-mubarak-depuis-port-ghalib\/#local-main-place-address","streetAddress":"Mubarak 8, Al Kawthar District, Hurghada","addressLocality":"Hurghada","postalCode":"84511","addressRegion":"Red Sea","addressCountry":"EG"},{"@type":"ImageObject","inLanguage":"fr-FR","@id":"https:\/\/egytourpackages.com\/fr\/tours\/sortie-de-snorkeling-a-marsa-mubarak-depuis-port-ghalib\/#local-main-organization-logo","url":"https:\/\/egytourpackages.com\/wp-content\/uploads\/2025\/12\/Turquoise-Dahabiya-Nile-Cruise-1.jpeg","contentUrl":"https:\/\/egytourpackages.com\/wp-content\/uploads\/2025\/12\/Turquoise-Dahabiya-Nile-Cruise-1.jpeg","width":1040,"height":694,"caption":"egypt tour packages"}]},"product_brand":"Excursions d'une journ\u00e9e au d\u00e9part de Port Ghalib","product_price_currency":"EUR","og_availability":"instock","product_availability":"instock","product_retailer_item_id":"DTFPG 01","product_condition":"new","geo.placename":"Hurghada","geo.region":"\u00c9gypte"},"_links":{"self":[{"href":"https:\/\/egytourpackages.com\/fr\/wp-json\/wp\/v2\/product\/15689","targetHints":{"allow":["GET"]}}],"collection":[{"href":"https:\/\/egytourpackages.com\/fr\/wp-json\/wp\/v2\/product"}],"about":[{"href":"https:\/\/egytourpackages.com\/fr\/wp-json\/wp\/v2\/types\/product"}],"replies":[{"embeddable":true,"href":"https:\/\/egytourpackages.com\/fr\/wp-json\/wp\/v2\/comments?post=15689"}],"wp:featuredmedia":[{"embeddable":true,"href":"https:\/\/egytourpackages.com\/fr\/wp-json\/wp\/v2\/media\/15620"}],"wp:attachment":[{"href":"https:\/\/egytourpackages.com\/fr\/wp-json\/wp\/v2\/media?parent=15689"}],"wp:term":[{"taxonomy":"product_brand","embeddable":true,"href":"https:\/\/egytourpackages.com\/fr\/wp-json\/wp\/v2\/product_brand?post=15689"},{"taxonomy":"product_cat","embeddable":true,"href":"https:\/\/egytourpackages.com\/fr\/wp-json\/wp\/v2\/product_cat?post=15689"},{"taxonomy":"product_tag","embeddable":true,"href":"https:\/\/egytourpackages.com\/fr\/wp-json\/wp\/v2\/product_tag?post=15689"}],"curies":[{"name":"wp","href":"https:\/\/api.w.org\/{rel}","templated":true}]}}