{"id":15737,"date":"2026-02-20T20:41:43","date_gmt":"2026-02-20T20:41:43","guid":{"rendered":"https:\/\/egytourpackages.com\/product\/transfert-prive-de-laeroport-dhurghada-vers-magic-kalawy\/"},"modified":"2026-02-27T20:25:58","modified_gmt":"2026-02-27T20:25:58","slug":"transfert-prive-de-laeroport-dhurghada-vers-magic-kalawy","status":"publish","type":"product","link":"https:\/\/egytourpackages.com\/fr\/tours\/transfert-prive-de-laeroport-dhurghada-vers-magic-kalawy\/","title":{"rendered":"Transfert Priv\u00e9 de l&rsquo;A\u00e9roport d&rsquo;Hurghada vers Magic Kalawy"},"content":{"rendered":"<p><span style=\"color: #ff6600;\"><strong>Transfert Priv\u00e9 de l&rsquo;A\u00e9roport d&rsquo;Hurghada vers Magic Kalawy<\/strong><\/span><\/p>\n<p><span style=\"color: #993366;\"><em><strong>Pourquoi choisir notre transfert entre l&rsquo;A\u00e9roport d&rsquo;Hurghada et le Magic Kalawy?<\/strong><\/em><\/span><\/p>\n<p>Nous savons qu&rsquo;apr\u00e8s un long vol, la derni\u00e8re chose que vous souhaitez est un v\u00e9hicule vieillissant ou un processus de prise en charge confus. Voici ce qui nous distingue des autres sites :<\/p>\n<p><span style=\"color: #993366;\"><em><strong>Flotte Neuve 2026<\/strong><\/em><\/span><\/p>\n<p>Contrairement \u00e0 de nombreux op\u00e9rateurs locaux et aux grandes plateformes de r\u00e9servation qui utilisent des mod\u00e8les de v\u00e9hicules anciens, l&rsquo;int\u00e9gralit\u00e9 de notre flotte est compos\u00e9e de <strong>voitures neuves de 2026<\/strong>.<\/p>\n<p>Nous privil\u00e9gions votre s\u00e9curit\u00e9 et votre confort en mettant \u00e0 votre disposition les derni\u00e8res technologies automobiles, garantissant un trajet fluide et silencieux sur les 90 km qui vous s\u00e9parent du complexe <strong>Magic Life Kalawy<\/strong>.<\/p>\n<h3><span style=\"color: #ff6600;\">Connectivit\u00e9 et Confort \u00e0 Bord<\/span><\/h3>\n<p>Alors que la plupart des services de transfert se contentent d&rsquo;une climatisation basique, nous allons beaucoup plus loin :<\/p>\n<p><span style=\"color: #993366;\"><em><strong>WiFi \u00e0 Bord :<\/strong><\/em><\/span><\/p>\n<p>Restez connect\u00e9 avec vos amis, votre famille ou votre travail d\u00e8s votre atterrissage. Notre connexion internet haut d\u00e9bit vous \u00e9vite d&rsquo;avoir \u00e0 attendre d&rsquo;\u00eatre dans le hall de l&rsquo;h\u00f4tel.<\/p>\n<p><span style=\"color: #993366;\"><em><strong>Eau de Courtoisie:<\/strong><\/em><\/span><\/p>\n<p>Chaque passager re\u00e7oit de l&rsquo;eau min\u00e9rale fra\u00eeche pour rester hydrat\u00e9 sous le soleil \u00e9gyptien.<\/p>\n<p><span style=\"color: #993366;\"><em><strong>Int\u00e9rieurs Impeccables :<\/strong><\/em><\/span><\/p>\n<p>Nos v\u00e9hicules sont entretenus selon les normes de propret\u00e9 les plus strictes, offrant une sensation de \u00ab\u00a0neuf\u00a0\u00bb \u00e0 chaque voyage.<\/p>\n<p><span style=\"color: #993366;\"><em><strong>Chauffeurs Professionnels<\/strong><\/em><\/span><\/p>\n<p>Notre \u00e9quipe est compos\u00e9e de <strong>chauffeurs professionnels<\/strong> qui sont non seulement experts de la route Hurghada-Safaga, mais sont \u00e9galement form\u00e9s \u00e0 l&rsquo;hospitalit\u00e9.<\/p>\n<p>Ils vous attendront dans le hall des arriv\u00e9es avec une pancarte claire, pr\u00eats \u00e0 vous aider avec vos bagages et \u00e0 vous assurer une transition sans stress vers votre v\u00e9hicule.<\/p>\n<h3><span style=\"color: #ff6600;\">Prix Comp\u00e9titifs<\/span><\/h3>\n<p>Nous pensons que le luxe ne doit pas forc\u00e9ment \u00eatre synonyme de prix excessif. En g\u00e9rant directement notre propre flotte, nous proposons des <strong>prix comp\u00e9titifs<\/strong> qui sont souvent inf\u00e9rieurs aux tarifs pratiqu\u00e9s par les grands sites de voyage internationaux.<\/p>\n<p>Vous b\u00e9n\u00e9ficiez d&rsquo;un v\u00e9hicule premium de 2026 et de services VIP \u00e0 un prix qui s&rsquo;adapte parfaitement \u00e0 votre budget de vacances.<\/p>\n<p>Pour garantir \u00e0 chaque passager une exp\u00e9rience \u00ab\u00a0VIP\u00a0\u00bb d&rsquo;exception, nos transferts priv\u00e9s sont limit\u00e9s \u00e0 un <strong>maximum de 3 personnes<\/strong>.<\/p>\n<p>Cette politique vous garantit un espace g\u00e9n\u00e9reux pour les jambes, un espace d\u00e9di\u00e9 aux bagages et toute notre attention.<\/p>\n<table>\n<thead>\n<tr>\n<td><strong>Nombre de Passagers<\/strong><\/td>\n<td><strong>Prix par Personne<\/strong><\/td>\n<td><strong>Prix Total (Aller Simple)<\/strong><\/td>\n<\/tr>\n<\/thead>\n<tbody>\n<tr>\n<td>1 Personne<\/td>\n<td>\u20ac 40<\/td>\n<td>\u20ac 40<\/td>\n<\/tr>\n<tr>\n<td>2 Personnes<\/td>\n<td>\u20ac 20<\/td>\n<td>\u20ac 40<\/td>\n<\/tr>\n<tr>\n<td>3 Personnes<\/td>\n<td>\u20ac 13.5<\/td>\n<td>\u20ac 40<\/td>\n<\/tr>\n<\/tbody>\n<\/table>\n","protected":false},"excerpt":{"rendered":"<p>Transfert Priv\u00e9 de l&rsquo;A\u00e9roport d&rsquo;Hurghada vers Magic Kalawy | Voyagez avec Wi-Fi en voiture neuve 2026. Confort VIP et prix fixe garanti. R\u00e9servez ici !<\/p>\n","protected":false},"featured_media":15656,"comment_status":"closed","ping_status":"closed","template":"","meta":[],"product_brand":[],"product_cat":[3124],"product_tag":[4224,4227,4226,4225],"class_list":{"0":"post-15737","1":"product","2":"type-product","3":"status-publish","4":"has-post-thumbnail","6":"product_cat-tours-fr","7":"product_tag-reservez-votre-transfert-prive-de-laeroport-de-hurghada-a-lhotel-kempinski","8":"product_tag-reservez-votre-transfert-prive-de-laeroport-de-hurghada-au-jaz-soma-bay","9":"product_tag-reservez-votre-transfert-prive-de-laeroport-de-hurghada-au-kaktus-soma-bay","10":"product_tag-reservez-votre-transfert-prive-de-laeroport-de-hurghada-au-sheraton-soma-bay","11":"tour_category-excursions-a-hurghada-fr","12":"tour_category-excursions-en-egypte-fr","13":"tour_category-transfert-aeroport-fr","15":"first","16":"instock","17":"sale","18":"shipping-taxable","19":"purchasable","20":"product-type-tour","21":"has-default-attributes"},"yoast_head":"<!-- This site is optimized with the Yoast SEO Premium plugin v27.4 (Yoast SEO v27.4) - https:\/\/yoast.com\/product\/yoast-seo-premium-wordpress\/ -->\n<title>Transfert Priv\u00e9 de l&#039;A\u00e9roport d&#039;Hurghada vers Magic Kalawy<\/title>\n<meta name=\"description\" content=\"Transfert Priv\u00e9 de l&#039;A\u00e9roport d&#039;Hurghada vers Magic Kalawy | Voyagez avec Wi-Fi en voiture neuve 2026. Confort VIP et prix fixe garanti. R\u00e9servez ici !\" \/>\n<meta name=\"robots\" content=\"index, follow, max-snippet:-1, max-image-preview:large, max-video-preview:-1\" \/>\n<link rel=\"canonical\" href=\"https:\/\/egytourpackages.com\/fr\/tours\/transfert-prive-de-laeroport-dhurghada-vers-magic-kalawy\/\" \/>\n<meta property=\"og:locale\" content=\"fr_FR\" \/>\n<meta property=\"og:type\" content=\"article\" \/>\n<meta property=\"og:title\" content=\"Transfert Priv\u00e9 de l&#039;A\u00e9roport d&#039;Hurghada vers Magic Kalawy\" \/>\n<meta property=\"og:description\" content=\"Transfert Priv\u00e9 de l&#039;A\u00e9roport d&#039;Hurghada vers Magic Kalawy | Voyagez avec Wi-Fi en voiture neuve 2026. Confort VIP et prix fixe garanti. R\u00e9servez ici !\" \/>\n<meta property=\"og:url\" content=\"https:\/\/egytourpackages.com\/fr\/tours\/transfert-prive-de-laeroport-dhurghada-vers-magic-kalawy\/\" \/>\n<meta property=\"og:site_name\" content=\"Egypt Tour Packages\" \/>\n<meta property=\"article:publisher\" content=\"https:\/\/www.facebook.com\/egytourpackages\" \/>\n<meta property=\"article:modified_time\" content=\"2026-02-27T20:25:58+00:00\" \/>\n<meta property=\"og:image\" content=\"https:\/\/egytourpackages.com\/wp-content\/uploads\/2026\/02\/IMG-20230706-WA0059.jpg\" \/>\n\t<meta property=\"og:image:width\" content=\"1024\" \/>\n\t<meta property=\"og:image:height\" content=\"768\" \/>\n\t<meta property=\"og:image:type\" content=\"image\/jpeg\" \/>\n<meta name=\"twitter:card\" content=\"summary_large_image\" \/>\n<meta name=\"twitter:title\" content=\"Transfert Priv\u00e9 de l&#039;A\u00e9roport d&#039;Hurghada vers Magic Kalawy\" \/>\n<meta name=\"twitter:label1\" content=\"Prix\" \/>\n\t<meta name=\"twitter:data1\" content=\"&euro;0\" \/>\n\t<meta name=\"twitter:label2\" content=\"Disponibilit\u00e9\" \/>\n\t<meta name=\"twitter:data2\" content=\"En stock\" \/>\n<script type=\"application\/ld+json\" class=\"yoast-schema-graph\">{\"@context\":\"https:\\\/\\\/schema.org\",\"@graph\":[{\"@type\":\"WebPage\",\"@id\":\"https:\\\/\\\/egytourpackages.com\\\/fr\\\/tours\\\/transfert-prive-de-laeroport-dhurghada-vers-magic-kalawy\\\/\",\"url\":\"https:\\\/\\\/egytourpackages.com\\\/fr\\\/tours\\\/transfert-prive-de-laeroport-dhurghada-vers-magic-kalawy\\\/\",\"name\":\"Transfert Priv\u00e9 de l'A\u00e9roport d'Hurghada vers Magic Kalawy\",\"isPartOf\":{\"@id\":\"https:\\\/\\\/egytourpackages.com\\\/fr\\\/#website\"},\"primaryImageOfPage\":{\"@id\":\"https:\\\/\\\/egytourpackages.com\\\/fr\\\/tours\\\/transfert-prive-de-laeroport-dhurghada-vers-magic-kalawy\\\/#primaryimage\"},\"image\":{\"@id\":\"https:\\\/\\\/egytourpackages.com\\\/fr\\\/tours\\\/transfert-prive-de-laeroport-dhurghada-vers-magic-kalawy\\\/#primaryimage\"},\"thumbnailUrl\":\"https:\\\/\\\/egytourpackages.com\\\/wp-content\\\/uploads\\\/2026\\\/02\\\/IMG-20230706-WA0059.jpg\",\"datePublished\":\"2026-02-20T20:41:43+00:00\",\"dateModified\":\"2026-02-27T20:25:58+00:00\",\"description\":\"Transfert Priv\u00e9 de l'A\u00e9roport d'Hurghada vers Magic Kalawy | Voyagez avec Wi-Fi en voiture neuve 2026. Confort VIP et prix fixe garanti. R\u00e9servez ici !\",\"breadcrumb\":{\"@id\":\"https:\\\/\\\/egytourpackages.com\\\/fr\\\/tours\\\/transfert-prive-de-laeroport-dhurghada-vers-magic-kalawy\\\/#breadcrumb\"},\"inLanguage\":\"fr-FR\",\"potentialAction\":[{\"@type\":\"ReadAction\",\"target\":[\"https:\\\/\\\/egytourpackages.com\\\/fr\\\/tours\\\/transfert-prive-de-laeroport-dhurghada-vers-magic-kalawy\\\/\"]}]},{\"@type\":\"ImageObject\",\"inLanguage\":\"fr-FR\",\"@id\":\"https:\\\/\\\/egytourpackages.com\\\/fr\\\/tours\\\/transfert-prive-de-laeroport-dhurghada-vers-magic-kalawy\\\/#primaryimage\",\"url\":\"https:\\\/\\\/egytourpackages.com\\\/wp-content\\\/uploads\\\/2026\\\/02\\\/IMG-20230706-WA0059.jpg\",\"contentUrl\":\"https:\\\/\\\/egytourpackages.com\\\/wp-content\\\/uploads\\\/2026\\\/02\\\/IMG-20230706-WA0059.jpg\",\"width\":1024,\"height\":768,\"caption\":\"Transfert Priv\u00e9 de l'A\u00e9roport d'Hurghada vers Magic Kalawy\"},{\"@type\":\"BreadcrumbList\",\"@id\":\"https:\\\/\\\/egytourpackages.com\\\/fr\\\/tours\\\/transfert-prive-de-laeroport-dhurghada-vers-magic-kalawy\\\/#breadcrumb\",\"itemListElement\":[{\"@type\":\"ListItem\",\"position\":1,\"name\":\"Home\",\"item\":\"https:\\\/\\\/egytourpackages.com\\\/fr\\\/circuits-en-egypte\\\/\"},{\"@type\":\"ListItem\",\"position\":2,\"name\":\"Shop\",\"item\":\"https:\\\/\\\/egytourpackages.com\\\/shop\\\/\"},{\"@type\":\"ListItem\",\"position\":3,\"name\":\"Transfert Priv\u00e9 de l&#8217;A\u00e9roport d&#8217;Hurghada vers Magic Kalawy\"}]},{\"@type\":\"WebSite\",\"@id\":\"https:\\\/\\\/egytourpackages.com\\\/fr\\\/#website\",\"url\":\"https:\\\/\\\/egytourpackages.com\\\/fr\\\/\",\"name\":\"Egy tour packages\",\"description\":\"\",\"publisher\":{\"@id\":\"https:\\\/\\\/egytourpackages.com\\\/fr\\\/#organization\"},\"potentialAction\":[{\"@type\":\"SearchAction\",\"target\":{\"@type\":\"EntryPoint\",\"urlTemplate\":\"https:\\\/\\\/egytourpackages.com\\\/fr\\\/?s={search_term_string}\"},\"query-input\":{\"@type\":\"PropertyValueSpecification\",\"valueRequired\":true,\"valueName\":\"search_term_string\"}}],\"inLanguage\":\"fr-FR\"},{\"@type\":[\"Organization\",\"Place\",\"TravelAgency\"],\"@id\":\"https:\\\/\\\/egytourpackages.com\\\/fr\\\/#organization\",\"name\":\"egypt tour packages\",\"alternateName\":\"egypt tour packages\",\"url\":\"https:\\\/\\\/egytourpackages.com\\\/fr\\\/\",\"logo\":{\"@id\":\"https:\\\/\\\/egytourpackages.com\\\/fr\\\/tours\\\/transfert-prive-de-laeroport-dhurghada-vers-magic-kalawy\\\/#local-main-organization-logo\"},\"image\":{\"@id\":\"https:\\\/\\\/egytourpackages.com\\\/fr\\\/tours\\\/transfert-prive-de-laeroport-dhurghada-vers-magic-kalawy\\\/#local-main-organization-logo\"},\"sameAs\":[\"https:\\\/\\\/www.facebook.com\\\/egytourpackages\"],\"legalName\":\"Egy tour packages\",\"address\":{\"@id\":\"https:\\\/\\\/egytourpackages.com\\\/fr\\\/tours\\\/transfert-prive-de-laeroport-dhurghada-vers-magic-kalawy\\\/#local-main-place-address\"},\"telephone\":[\"00201000852186\",\"00201028685533\"],\"contactPoint\":{\"@type\":\"ContactPoint\",\"telephone\":\"00201000852186\"},\"openingHoursSpecification\":[{\"@type\":\"OpeningHoursSpecification\",\"dayOfWeek\":[\"Monday\",\"Tuesday\",\"Wednesday\",\"Thursday\",\"Friday\",\"Saturday\",\"Sunday\"],\"opens\":\"00:00\",\"closes\":\"23:59\"}],\"email\":\"info@egytourpackages.com\",\"areaServed\":\"Cairo, Hurghada, Luxor, Sharm El Sheikh, Marsa Alam, Aswan\",\"priceRange\":\"$\",\"currenciesAccepted\":\"euro\",\"paymentAccepted\":\"Payment links online\"},{\"@type\":\"PostalAddress\",\"@id\":\"https:\\\/\\\/egytourpackages.com\\\/fr\\\/tours\\\/transfert-prive-de-laeroport-dhurghada-vers-magic-kalawy\\\/#local-main-place-address\",\"streetAddress\":\"Mubarak 8, Al Kawthar District, Hurghada\",\"addressLocality\":\"Hurghada\",\"postalCode\":\"84511\",\"addressRegion\":\"Red Sea\",\"addressCountry\":\"EG\"},{\"@type\":\"ImageObject\",\"inLanguage\":\"fr-FR\",\"@id\":\"https:\\\/\\\/egytourpackages.com\\\/fr\\\/tours\\\/transfert-prive-de-laeroport-dhurghada-vers-magic-kalawy\\\/#local-main-organization-logo\",\"url\":\"https:\\\/\\\/egytourpackages.com\\\/wp-content\\\/uploads\\\/2025\\\/12\\\/Turquoise-Dahabiya-Nile-Cruise-1.jpeg\",\"contentUrl\":\"https:\\\/\\\/egytourpackages.com\\\/wp-content\\\/uploads\\\/2025\\\/12\\\/Turquoise-Dahabiya-Nile-Cruise-1.jpeg\",\"width\":1040,\"height\":694,\"caption\":\"egypt tour packages\"}]}<\/script>\n<meta property=\"product:brand\" content=\"Excursions \u00e0 Hurghada\" \/>\n<meta property=\"product:price:amount\" content=\"0\" \/>\n<meta property=\"product:price:currency\" content=\"EUR\" \/>\n<meta property=\"og:availability\" content=\"instock\" \/>\n<meta property=\"product:availability\" content=\"instock\" \/>\n<meta property=\"product:retailer_item_id\" content=\"AT 09\" \/>\n<meta property=\"product:condition\" content=\"new\" \/>\n<meta name=\"geo.placename\" content=\"Hurghada\" \/>\n<meta name=\"geo.region\" content=\"\u00c9gypte\" \/>\n<!-- \/ Yoast SEO Premium plugin. -->","yoast_head_json":{"title":"Transfert Priv\u00e9 de l'A\u00e9roport d'Hurghada vers Magic Kalawy","description":"Transfert Priv\u00e9 de l'A\u00e9roport d'Hurghada vers Magic Kalawy | Voyagez avec Wi-Fi en voiture neuve 2026. Confort VIP et prix fixe garanti. R\u00e9servez ici !","robots":{"index":"index","follow":"follow","max-snippet":"max-snippet:-1","max-image-preview":"max-image-preview:large","max-video-preview":"max-video-preview:-1"},"canonical":"https:\/\/egytourpackages.com\/fr\/tours\/transfert-prive-de-laeroport-dhurghada-vers-magic-kalawy\/","og_locale":"fr_FR","og_type":"article","og_title":"Transfert Priv\u00e9 de l'A\u00e9roport d'Hurghada vers Magic Kalawy","og_description":"Transfert Priv\u00e9 de l'A\u00e9roport d'Hurghada vers Magic Kalawy | Voyagez avec Wi-Fi en voiture neuve 2026. Confort VIP et prix fixe garanti. R\u00e9servez ici !","og_url":"https:\/\/egytourpackages.com\/fr\/tours\/transfert-prive-de-laeroport-dhurghada-vers-magic-kalawy\/","og_site_name":"Egypt Tour Packages","article_publisher":"https:\/\/www.facebook.com\/egytourpackages","article_modified_time":"2026-02-27T20:25:58+00:00","og_image":[{"width":1024,"height":768,"url":"https:\/\/egytourpackages.com\/wp-content\/uploads\/2026\/02\/IMG-20230706-WA0059.jpg","type":"image\/jpeg"}],"twitter_card":"summary_large_image","twitter_title":"Transfert Priv\u00e9 de l'A\u00e9roport d'Hurghada vers Magic Kalawy","twitter_misc":{"Prix":"&euro;0","Disponibilit\u00e9":"En stock"},"schema":{"@context":"https:\/\/schema.org","@graph":[{"@type":"WebPage","@id":"https:\/\/egytourpackages.com\/fr\/tours\/transfert-prive-de-laeroport-dhurghada-vers-magic-kalawy\/","url":"https:\/\/egytourpackages.com\/fr\/tours\/transfert-prive-de-laeroport-dhurghada-vers-magic-kalawy\/","name":"Transfert Priv\u00e9 de l'A\u00e9roport d'Hurghada vers Magic Kalawy","isPartOf":{"@id":"https:\/\/egytourpackages.com\/fr\/#website"},"primaryImageOfPage":{"@id":"https:\/\/egytourpackages.com\/fr\/tours\/transfert-prive-de-laeroport-dhurghada-vers-magic-kalawy\/#primaryimage"},"image":{"@id":"https:\/\/egytourpackages.com\/fr\/tours\/transfert-prive-de-laeroport-dhurghada-vers-magic-kalawy\/#primaryimage"},"thumbnailUrl":"https:\/\/egytourpackages.com\/wp-content\/uploads\/2026\/02\/IMG-20230706-WA0059.jpg","datePublished":"2026-02-20T20:41:43+00:00","dateModified":"2026-02-27T20:25:58+00:00","description":"Transfert Priv\u00e9 de l'A\u00e9roport d'Hurghada vers Magic Kalawy | Voyagez avec Wi-Fi en voiture neuve 2026. Confort VIP et prix fixe garanti. R\u00e9servez ici !","breadcrumb":{"@id":"https:\/\/egytourpackages.com\/fr\/tours\/transfert-prive-de-laeroport-dhurghada-vers-magic-kalawy\/#breadcrumb"},"inLanguage":"fr-FR","potentialAction":[{"@type":"ReadAction","target":["https:\/\/egytourpackages.com\/fr\/tours\/transfert-prive-de-laeroport-dhurghada-vers-magic-kalawy\/"]}]},{"@type":"ImageObject","inLanguage":"fr-FR","@id":"https:\/\/egytourpackages.com\/fr\/tours\/transfert-prive-de-laeroport-dhurghada-vers-magic-kalawy\/#primaryimage","url":"https:\/\/egytourpackages.com\/wp-content\/uploads\/2026\/02\/IMG-20230706-WA0059.jpg","contentUrl":"https:\/\/egytourpackages.com\/wp-content\/uploads\/2026\/02\/IMG-20230706-WA0059.jpg","width":1024,"height":768,"caption":"Transfert Priv\u00e9 de l'A\u00e9roport d'Hurghada vers Magic Kalawy"},{"@type":"BreadcrumbList","@id":"https:\/\/egytourpackages.com\/fr\/tours\/transfert-prive-de-laeroport-dhurghada-vers-magic-kalawy\/#breadcrumb","itemListElement":[{"@type":"ListItem","position":1,"name":"Home","item":"https:\/\/egytourpackages.com\/fr\/circuits-en-egypte\/"},{"@type":"ListItem","position":2,"name":"Shop","item":"https:\/\/egytourpackages.com\/shop\/"},{"@type":"ListItem","position":3,"name":"Transfert Priv\u00e9 de l&#8217;A\u00e9roport d&#8217;Hurghada vers Magic Kalawy"}]},{"@type":"WebSite","@id":"https:\/\/egytourpackages.com\/fr\/#website","url":"https:\/\/egytourpackages.com\/fr\/","name":"Egy tour packages","description":"","publisher":{"@id":"https:\/\/egytourpackages.com\/fr\/#organization"},"potentialAction":[{"@type":"SearchAction","target":{"@type":"EntryPoint","urlTemplate":"https:\/\/egytourpackages.com\/fr\/?s={search_term_string}"},"query-input":{"@type":"PropertyValueSpecification","valueRequired":true,"valueName":"search_term_string"}}],"inLanguage":"fr-FR"},{"@type":["Organization","Place","TravelAgency"],"@id":"https:\/\/egytourpackages.com\/fr\/#organization","name":"egypt tour packages","alternateName":"egypt tour packages","url":"https:\/\/egytourpackages.com\/fr\/","logo":{"@id":"https:\/\/egytourpackages.com\/fr\/tours\/transfert-prive-de-laeroport-dhurghada-vers-magic-kalawy\/#local-main-organization-logo"},"image":{"@id":"https:\/\/egytourpackages.com\/fr\/tours\/transfert-prive-de-laeroport-dhurghada-vers-magic-kalawy\/#local-main-organization-logo"},"sameAs":["https:\/\/www.facebook.com\/egytourpackages"],"legalName":"Egy tour packages","address":{"@id":"https:\/\/egytourpackages.com\/fr\/tours\/transfert-prive-de-laeroport-dhurghada-vers-magic-kalawy\/#local-main-place-address"},"telephone":["00201000852186","00201028685533"],"contactPoint":{"@type":"ContactPoint","telephone":"00201000852186"},"openingHoursSpecification":[{"@type":"OpeningHoursSpecification","dayOfWeek":["Monday","Tuesday","Wednesday","Thursday","Friday","Saturday","Sunday"],"opens":"00:00","closes":"23:59"}],"email":"info@egytourpackages.com","areaServed":"Cairo, Hurghada, Luxor, Sharm El Sheikh, Marsa Alam, Aswan","priceRange":"$","currenciesAccepted":"euro","paymentAccepted":"Payment links online"},{"@type":"PostalAddress","@id":"https:\/\/egytourpackages.com\/fr\/tours\/transfert-prive-de-laeroport-dhurghada-vers-magic-kalawy\/#local-main-place-address","streetAddress":"Mubarak 8, Al Kawthar District, Hurghada","addressLocality":"Hurghada","postalCode":"84511","addressRegion":"Red Sea","addressCountry":"EG"},{"@type":"ImageObject","inLanguage":"fr-FR","@id":"https:\/\/egytourpackages.com\/fr\/tours\/transfert-prive-de-laeroport-dhurghada-vers-magic-kalawy\/#local-main-organization-logo","url":"https:\/\/egytourpackages.com\/wp-content\/uploads\/2025\/12\/Turquoise-Dahabiya-Nile-Cruise-1.jpeg","contentUrl":"https:\/\/egytourpackages.com\/wp-content\/uploads\/2025\/12\/Turquoise-Dahabiya-Nile-Cruise-1.jpeg","width":1040,"height":694,"caption":"egypt tour packages"}]},"product_brand":"Excursions \u00e0 Hurghada","product_price_currency":"EUR","og_availability":"instock","product_availability":"instock","product_retailer_item_id":"AT 09","product_condition":"new","geo.placename":"Hurghada","geo.region":"\u00c9gypte"},"_links":{"self":[{"href":"https:\/\/egytourpackages.com\/fr\/wp-json\/wp\/v2\/product\/15737","targetHints":{"allow":["GET"]}}],"collection":[{"href":"https:\/\/egytourpackages.com\/fr\/wp-json\/wp\/v2\/product"}],"about":[{"href":"https:\/\/egytourpackages.com\/fr\/wp-json\/wp\/v2\/types\/product"}],"replies":[{"embeddable":true,"href":"https:\/\/egytourpackages.com\/fr\/wp-json\/wp\/v2\/comments?post=15737"}],"wp:featuredmedia":[{"embeddable":true,"href":"https:\/\/egytourpackages.com\/fr\/wp-json\/wp\/v2\/media\/15656"}],"wp:attachment":[{"href":"https:\/\/egytourpackages.com\/fr\/wp-json\/wp\/v2\/media?parent=15737"}],"wp:term":[{"taxonomy":"product_brand","embeddable":true,"href":"https:\/\/egytourpackages.com\/fr\/wp-json\/wp\/v2\/product_brand?post=15737"},{"taxonomy":"product_cat","embeddable":true,"href":"https:\/\/egytourpackages.com\/fr\/wp-json\/wp\/v2\/product_cat?post=15737"},{"taxonomy":"product_tag","embeddable":true,"href":"https:\/\/egytourpackages.com\/fr\/wp-json\/wp\/v2\/product_tag?post=15737"}],"curies":[{"name":"wp","href":"https:\/\/api.w.org\/{rel}","templated":true}]}}