{"id":16410,"date":"2026-04-17T19:50:42","date_gmt":"2026-04-17T19:50:42","guid":{"rendered":"https:\/\/egytourpackages.com\/product\/royal-sea-scope-semi-submarine\/"},"modified":"2026-04-17T19:50:42","modified_gmt":"2026-04-17T19:50:42","slug":"royal-sea-scope-semi-submarine","status":"publish","type":"product","link":"https:\/\/egytourpackages.com\/fr\/tours\/royal-sea-scope-semi-submarine\/","title":{"rendered":"Royal Sea Scope Semi-Submarine"},"content":{"rendered":"<p><strong>Royal Sea Scope Semi-Submarine \u2013 Plaisir en famille en Mer Rouge<\/strong><\/p>\n<p>Si vous recherchez les <strong>meilleures activit\u00e9s familiales<\/strong> pendant vos vacances en <strong>Mer Rouge<\/strong>, le <strong>Royal Sea Scope Semi-Submarine<\/strong> est une exp\u00e9rience incontournable.<\/p>\n<p>C&rsquo;est la solution parfaite pour ceux qui veulent explorer la vie marine \u00e9blouissante de la <strong>Mer Rouge<\/strong> sans se mouiller ou sans <strong>passer toute la journ\u00e9e hors de l&rsquo;h\u00f4tel<\/strong>.<\/p>\n<p>Contrairement aux longues excursions de snorkeling, ce court voyage est id\u00e9al pour les <strong>jeunes enfants, les voyageurs en solo et les familles<\/strong>, permettant \u00e0 chacun d&rsquo;admirer des r\u00e9cifs coralliens vibrants et des poissons multicolores \u00e0 travers de grandes fen\u00eatres panoramiques sous le niveau de la mer.<\/p>\n<p>C&rsquo;est une occasion unique de <strong>cr\u00e9er des souvenirs en famille<\/strong> qui dureront toute une vie. Les plus petits seront fascin\u00e9s de voir le monde de Nemo de pr\u00e8s, tandis que les adultes profiteront du confort d&rsquo;une cabine climatis\u00e9e.<\/p>\n<p>\u00c9tant une activit\u00e9 d&rsquo;une demi-journ\u00e9e, c&rsquo;est l&rsquo;une des <strong>activit\u00e9s familiales les plus amusantes<\/strong> qui vous permet de revenir \u00e0 temps pour profiter de la piscine de l&rsquo;h\u00f4tel.<\/p>\n<p>Pr\u00e9parez-vous \u00e0 <strong>cr\u00e9er des souvenirs avec vos enfants<\/strong> lors de cette incroyable aventure sous-marine !<\/p>\n<p><strong>D\u00e9tails du tour<\/strong><\/p>\n<ul>\n<li><strong>Dur\u00e9e :<\/strong> 3 heures<\/li>\n<li><strong>Type de tour :<\/strong> groupe partag\u00e9<\/li>\n<li><strong>Disponibilit\u00e9 :<\/strong> Tous les jours<\/li>\n<li><strong>D\u00e9parts \u00e0 :<\/strong> 08h00, 11h00, 13h00<\/li>\n<li><strong>Langues :<\/strong> Anglais<\/li>\n<li><strong>Prise en charge et retour :<\/strong> H\u00f4tels de Hurghada<\/li>\n<li><strong>Accessible en fauteuil roulant.<\/strong><\/li>\n<\/ul>\n<p><strong>Inclus<\/strong><\/p>\n<ul>\n<li><strong>Prise en charge et retour<\/strong> \u00e0 l&rsquo;h\u00f4tel<\/li>\n<li><strong>Boissons rafra\u00eechissantes<\/strong> \u00e0 bord<\/li>\n<li><strong>\u00c9quipement de snorkeling<\/strong><\/li>\n<li><strong>Guide de snorkeling<\/strong><\/li>\n<\/ul>\n<p><strong>Exclus<\/strong><\/p>\n<ul>\n<li><strong>S\u00e9ance photo<\/strong> (optionnel)<\/li>\n<li><strong>Transfert<\/strong> depuis El Gouna, Sahl Hasheesh ou Makadi (avec suppl\u00e9ment)<\/li>\n<\/ul>\n<p><strong>Que faut-il emporter ?<\/strong><\/p>\n<ul>\n<li>Lunettes de soleil\/Chapeau\/Cr\u00e8me solaire.<\/li>\n<li>Eau.<\/li>\n<li>Appareil photo ou cam\u00e9ra vid\u00e9o.<\/li>\n<li>Serviette.<\/li>\n<\/ul>\n<p><strong>Itin\u00e9raire de l&rsquo;exp\u00e9rience Royal Sea Scope<\/strong><\/p>\n<p><strong>Rencontre avec le monde sous-marin<\/strong><\/p>\n<p>L&rsquo;aventure commence par une <strong>prise en charge \u00e0 l&rsquo;h\u00f4tel<\/strong> \u00e0 l&rsquo;heure pr\u00e9vue. Notre transport vous conduira directement \u00e0 la marina, o\u00f9 l&rsquo;\u00e9quipage vous accueillera avec un sourire et un bref briefing sur la s\u00e9curit\u00e9 et l&rsquo;itin\u00e9raire.<\/p>\n<p>Pas besoin d&rsquo;\u00e9quipement lourd\u2014apportez simplement votre appareil photo pour capturer la beaut\u00e9 de la <strong>Mer Rouge<\/strong>.<\/p>\n<p>Une fois \u00e0 bord, nous naviguerons pendant environ quinze minutes vers les <strong>r\u00e9cifs coralliens<\/strong> les plus spectaculaires.<\/p>\n<p>En descendant vers le pont d&rsquo;observation sous-marin, vous serez immerg\u00e9 visuellement \u00e0 quatre m\u00e8tres sous la surface. Pendant cette partie du voyage, vous assisterez \u00e0 un <strong>spectacle de plongeur<\/strong> spectaculaire.<\/p>\n<p>Un <strong>plongeur professionnel<\/strong> nourrira les poissons juste devant les fen\u00eatres, r\u00e9ussissant \u00e0 <strong>attirer les poissons<\/strong> pr\u00e8s des <strong>vitres du bateau<\/strong> afin que vous puissiez profiter de la vie marine dans toute sa splendeur.<\/p>\n<p>Apr\u00e8s l&rsquo;observation sous-marine, le bateau s&rsquo;arr\u00eatera \u00e0 un <strong>bel endroit de r\u00e9cif corallien<\/strong> pour <strong>30 minutes de snorkeling<\/strong>. C&rsquo;est l&rsquo;occasion de sauter dans l&rsquo;eau cristalline et de nager aux c\u00f4t\u00e9s des cr\u00e9atures color\u00e9es que vous venez de voir \u00e0 travers la vitre. Tout l&rsquo;\u00e9quipement de snorkeling est fourni, ce qui facilite la participation de tous.<\/p>\n<p>Enfin, nous monterons sur le pont sup\u00e9rieur pour profiter de la brise marine et des vues c\u00f4ti\u00e8res. Vous d\u00e9gusterez une <strong>boisson rafra\u00eechissante<\/strong> pendant que le bateau retourne au port.<\/p>\n<p>Enfin, nous vous ram\u00e8nerons \u00e0 votre <strong>h\u00e9bergement<\/strong> afin que vous puissiez poursuivre votre apr\u00e8s-midi de d\u00e9tente, satisfait d&rsquo;avoir partag\u00e9 une exp\u00e9rience familiale magique.<\/p>\n<p><strong>Horaires de d\u00e9part quotidiens<\/strong><\/p>\n<table>\n<thead>\n<tr>\n<td><strong>Session de voyage<\/strong><\/td>\n<td><strong>Heure de l&rsquo;activit\u00e9<\/strong><\/td>\n<\/tr>\n<\/thead>\n<tbody>\n<tr>\n<td><strong>Premier voyage<\/strong><\/td>\n<td>09h00 \u00e0 11h00<\/td>\n<\/tr>\n<tr>\n<td><strong>Deuxi\u00e8me voyage<\/strong><\/td>\n<td>11h00 \u00e0 13h00<\/td>\n<\/tr>\n<tr>\n<td><strong>Troisi\u00e8me voyage<\/strong><\/td>\n<td>13h00 \u00e0 15h00<\/td>\n<\/tr>\n<tr>\n<td><strong>Quatri\u00e8me voyage<\/strong><\/td>\n<td>15h00 \u00e0 17h00<\/td>\n<\/tr>\n<\/tbody>\n<\/table>\n<p>&nbsp;<\/p>\n<p><strong>Prix Royal Sea Scope Semi-Submarine<\/strong><\/p>\n<ul>\n<li><strong>Prix adulte<\/strong> = 20 \u20ac<\/li>\n<li><strong>Enfants 5-11 ans<\/strong> = 50% du prix adulte<\/li>\n<li><strong>B\u00e9b\u00e9s 0-5 ans<\/strong> = gratuit<\/li>\n<\/ul>\n<p><strong>R\u00e9servation<\/strong><\/p>\n<p>Vous pouvez r\u00e9server votre semi-sous-marin Royal Sea Scope via <strong>WhatsApp<\/strong> ou nous envoyer un e-mail, et vous recevrez la confirmation sur-le-champ.<\/p>\n<p>Veuillez nous envoyer le nom de votre h\u00f4tel, le num\u00e9ro de votre chambre et des copies de passeport.<\/p>\n<ul>\n<li><strong>WhatsApp :<\/strong> +201000852186<\/li>\n<li><strong>Email :<\/strong> info@egytourpackages.com<\/li>\n<\/ul>\n<p><strong>R\u00e9servez maintenant et payez sur place<\/strong><\/p>\n<p>R\u00e9servez votre excursion pr\u00e9f\u00e9r\u00e9e et payez le jour du voyage.<\/p>\n<p><strong>Paiement<\/strong><\/p>\n<p>Vous pouvez payer en livres \u00e9gyptiennes, $, \u20ac ou \u00a3.<\/p>\n<p><strong>Politique d&rsquo;annulation<\/strong><\/p>\n<ul>\n<li>L&rsquo;<strong>annulation est gratuite<\/strong> jusqu&rsquo;\u00e0 24 heures \u00e0 l&rsquo;avance.<\/li>\n<li>L&rsquo;annulation le matin m\u00eame est de <strong>50% du prix<\/strong>.<\/li>\n<\/ul>\n","protected":false},"excerpt":{"rendered":"<p>Faites de vos vacances en Mer Rouge un moment inoubliable avec le Royal Sea Scope Semi-Submarine. Profitez d&rsquo;une exp\u00e9rience ludique en famille.<\/p>\n","protected":false},"featured_media":16151,"comment_status":"closed","ping_status":"closed","template":"","meta":[],"product_brand":[],"product_cat":[3124],"product_tag":[],"class_list":{"0":"post-16410","1":"product","2":"type-product","3":"status-publish","4":"has-post-thumbnail","6":"product_cat-tours-fr","7":"tour_category-activites-incontournables-a-hurghada-avec-des-enfants","8":"tour_category-excursions-a-hurghada-fr","9":"tour_category-excursions-en-egypte-fr","11":"first","12":"instock","13":"sale","14":"shipping-taxable","15":"purchasable","16":"product-type-tour","17":"has-default-attributes"},"yoast_head":"<!-- This site is optimized with the Yoast SEO Premium plugin v27.4 (Yoast SEO v27.4) - https:\/\/yoast.com\/product\/yoast-seo-premium-wordpress\/ -->\n<title>Royal Sea Scope Semi-Submarine<\/title>\n<meta name=\"description\" content=\"Faites de vos vacances en Mer Rouge un moment inoubliable avec le Royal Sea Scope Semi-Submarine. Profitez d&#039;une exp\u00e9rience ludique en famille.\" \/>\n<meta name=\"robots\" content=\"index, follow, max-snippet:-1, max-image-preview:large, max-video-preview:-1\" \/>\n<link rel=\"canonical\" href=\"https:\/\/egytourpackages.com\/fr\/tours\/royal-sea-scope-semi-submarine\/\" \/>\n<meta property=\"og:locale\" content=\"fr_FR\" \/>\n<meta property=\"og:type\" content=\"article\" \/>\n<meta property=\"og:title\" content=\"Royal Sea Scope Semi-Submarine\" \/>\n<meta property=\"og:description\" content=\"Faites de vos vacances en Mer Rouge un moment inoubliable avec le Royal Sea Scope Semi-Submarine. Profitez d&#039;une exp\u00e9rience ludique en famille.\" \/>\n<meta property=\"og:url\" content=\"https:\/\/egytourpackages.com\/fr\/tours\/royal-sea-scope-semi-submarine\/\" \/>\n<meta property=\"og:site_name\" content=\"Egypt Tour Packages\" \/>\n<meta property=\"article:publisher\" content=\"https:\/\/www.facebook.com\/egytourpackages\" \/>\n<meta property=\"og:image\" content=\"https:\/\/egytourpackages.com\/wp-content\/uploads\/2026\/04\/Royal-Sea-Scope-Semi-Submarines.jpg\" \/>\n\t<meta property=\"og:image:width\" content=\"800\" \/>\n\t<meta property=\"og:image:height\" content=\"530\" \/>\n\t<meta property=\"og:image:type\" content=\"image\/jpeg\" \/>\n<meta name=\"twitter:card\" content=\"summary_large_image\" \/>\n<meta name=\"twitter:title\" content=\"Royal Sea Scope Semi-Submarine\" \/>\n<meta name=\"twitter:label1\" content=\"Prix\" \/>\n\t<meta name=\"twitter:data1\" content=\"&euro;0\" \/>\n\t<meta name=\"twitter:label2\" content=\"Disponibilit\u00e9\" \/>\n\t<meta name=\"twitter:data2\" content=\"En stock\" \/>\n<script type=\"application\/ld+json\" class=\"yoast-schema-graph\">{\"@context\":\"https:\\\/\\\/schema.org\",\"@graph\":[{\"@type\":\"WebPage\",\"@id\":\"https:\\\/\\\/egytourpackages.com\\\/fr\\\/tours\\\/royal-sea-scope-semi-submarine\\\/\",\"url\":\"https:\\\/\\\/egytourpackages.com\\\/fr\\\/tours\\\/royal-sea-scope-semi-submarine\\\/\",\"name\":\"Royal Sea Scope Semi-Submarine\",\"isPartOf\":{\"@id\":\"https:\\\/\\\/egytourpackages.com\\\/fr\\\/#website\"},\"primaryImageOfPage\":{\"@id\":\"https:\\\/\\\/egytourpackages.com\\\/fr\\\/tours\\\/royal-sea-scope-semi-submarine\\\/#primaryimage\"},\"image\":{\"@id\":\"https:\\\/\\\/egytourpackages.com\\\/fr\\\/tours\\\/royal-sea-scope-semi-submarine\\\/#primaryimage\"},\"thumbnailUrl\":\"https:\\\/\\\/egytourpackages.com\\\/wp-content\\\/uploads\\\/2026\\\/04\\\/Royal-Sea-Scope-Semi-Submarines.jpg\",\"datePublished\":\"2026-04-17T19:50:42+00:00\",\"description\":\"Faites de vos vacances en Mer Rouge un moment inoubliable avec le Royal Sea Scope Semi-Submarine. Profitez d'une exp\u00e9rience ludique en famille.\",\"breadcrumb\":{\"@id\":\"https:\\\/\\\/egytourpackages.com\\\/fr\\\/tours\\\/royal-sea-scope-semi-submarine\\\/#breadcrumb\"},\"inLanguage\":\"fr-FR\",\"potentialAction\":[{\"@type\":\"ReadAction\",\"target\":[\"https:\\\/\\\/egytourpackages.com\\\/fr\\\/tours\\\/royal-sea-scope-semi-submarine\\\/\"]}]},{\"@type\":\"ImageObject\",\"inLanguage\":\"fr-FR\",\"@id\":\"https:\\\/\\\/egytourpackages.com\\\/fr\\\/tours\\\/royal-sea-scope-semi-submarine\\\/#primaryimage\",\"url\":\"https:\\\/\\\/egytourpackages.com\\\/wp-content\\\/uploads\\\/2026\\\/04\\\/Royal-Sea-Scope-Semi-Submarines.jpg\",\"contentUrl\":\"https:\\\/\\\/egytourpackages.com\\\/wp-content\\\/uploads\\\/2026\\\/04\\\/Royal-Sea-Scope-Semi-Submarines.jpg\",\"width\":800,\"height\":530,\"caption\":\"Royal Sea Scope Semi-Submarine\"},{\"@type\":\"BreadcrumbList\",\"@id\":\"https:\\\/\\\/egytourpackages.com\\\/fr\\\/tours\\\/royal-sea-scope-semi-submarine\\\/#breadcrumb\",\"itemListElement\":[{\"@type\":\"ListItem\",\"position\":1,\"name\":\"Home\",\"item\":\"https:\\\/\\\/egytourpackages.com\\\/fr\\\/circuits-en-egypte\\\/\"},{\"@type\":\"ListItem\",\"position\":2,\"name\":\"Shop\",\"item\":\"https:\\\/\\\/egytourpackages.com\\\/shop\\\/\"},{\"@type\":\"ListItem\",\"position\":3,\"name\":\"Royal Sea Scope Semi-Submarine\"}]},{\"@type\":\"WebSite\",\"@id\":\"https:\\\/\\\/egytourpackages.com\\\/fr\\\/#website\",\"url\":\"https:\\\/\\\/egytourpackages.com\\\/fr\\\/\",\"name\":\"Egy tour packages\",\"description\":\"\",\"publisher\":{\"@id\":\"https:\\\/\\\/egytourpackages.com\\\/fr\\\/#organization\"},\"potentialAction\":[{\"@type\":\"SearchAction\",\"target\":{\"@type\":\"EntryPoint\",\"urlTemplate\":\"https:\\\/\\\/egytourpackages.com\\\/fr\\\/?s={search_term_string}\"},\"query-input\":{\"@type\":\"PropertyValueSpecification\",\"valueRequired\":true,\"valueName\":\"search_term_string\"}}],\"inLanguage\":\"fr-FR\"},{\"@type\":[\"Organization\",\"Place\",\"TravelAgency\"],\"@id\":\"https:\\\/\\\/egytourpackages.com\\\/fr\\\/#organization\",\"name\":\"egypt tour packages\",\"alternateName\":\"egypt tour packages\",\"url\":\"https:\\\/\\\/egytourpackages.com\\\/fr\\\/\",\"logo\":{\"@id\":\"https:\\\/\\\/egytourpackages.com\\\/fr\\\/tours\\\/royal-sea-scope-semi-submarine\\\/#local-main-organization-logo\"},\"image\":{\"@id\":\"https:\\\/\\\/egytourpackages.com\\\/fr\\\/tours\\\/royal-sea-scope-semi-submarine\\\/#local-main-organization-logo\"},\"sameAs\":[\"https:\\\/\\\/www.facebook.com\\\/egytourpackages\"],\"legalName\":\"Egy tour packages\",\"address\":{\"@id\":\"https:\\\/\\\/egytourpackages.com\\\/fr\\\/tours\\\/royal-sea-scope-semi-submarine\\\/#local-main-place-address\"},\"telephone\":[\"00201000852186\",\"00201028685533\"],\"contactPoint\":{\"@type\":\"ContactPoint\",\"telephone\":\"00201000852186\"},\"openingHoursSpecification\":[{\"@type\":\"OpeningHoursSpecification\",\"dayOfWeek\":[\"Monday\",\"Tuesday\",\"Wednesday\",\"Thursday\",\"Friday\",\"Saturday\",\"Sunday\"],\"opens\":\"00:00\",\"closes\":\"23:59\"}],\"email\":\"info@egytourpackages.com\",\"areaServed\":\"Cairo, Hurghada, Luxor, Sharm El Sheikh, Marsa Alam, Aswan\",\"priceRange\":\"$\",\"currenciesAccepted\":\"euro\",\"paymentAccepted\":\"Payment links online\"},{\"@type\":\"PostalAddress\",\"@id\":\"https:\\\/\\\/egytourpackages.com\\\/fr\\\/tours\\\/royal-sea-scope-semi-submarine\\\/#local-main-place-address\",\"streetAddress\":\"Mubarak 8, Al Kawthar District, Hurghada\",\"addressLocality\":\"Hurghada\",\"postalCode\":\"84511\",\"addressRegion\":\"Red Sea\",\"addressCountry\":\"EG\"},{\"@type\":\"ImageObject\",\"inLanguage\":\"fr-FR\",\"@id\":\"https:\\\/\\\/egytourpackages.com\\\/fr\\\/tours\\\/royal-sea-scope-semi-submarine\\\/#local-main-organization-logo\",\"url\":\"https:\\\/\\\/egytourpackages.com\\\/wp-content\\\/uploads\\\/2025\\\/12\\\/Turquoise-Dahabiya-Nile-Cruise-1.jpeg\",\"contentUrl\":\"https:\\\/\\\/egytourpackages.com\\\/wp-content\\\/uploads\\\/2025\\\/12\\\/Turquoise-Dahabiya-Nile-Cruise-1.jpeg\",\"width\":1040,\"height\":694,\"caption\":\"egypt tour packages\"}]}<\/script>\n<meta property=\"product:brand\" content=\"Activit\u00e9s incontournables \u00e0 Hurghada avec des enfants\" \/>\n<meta property=\"product:price:amount\" content=\"0\" \/>\n<meta property=\"product:price:currency\" content=\"EUR\" \/>\n<meta property=\"og:availability\" content=\"instock\" \/>\n<meta property=\"product:availability\" content=\"instock\" \/>\n<meta property=\"product:retailer_item_id\" content=\"DTFH 01\" \/>\n<meta property=\"product:condition\" content=\"new\" \/>\n<meta name=\"geo.placename\" content=\"Hurghada\" \/>\n<meta name=\"geo.region\" content=\"\u00c9gypte\" \/>\n<!-- \/ Yoast SEO Premium plugin. -->","yoast_head_json":{"title":"Royal Sea Scope Semi-Submarine","description":"Faites de vos vacances en Mer Rouge un moment inoubliable avec le Royal Sea Scope Semi-Submarine. Profitez d'une exp\u00e9rience ludique en famille.","robots":{"index":"index","follow":"follow","max-snippet":"max-snippet:-1","max-image-preview":"max-image-preview:large","max-video-preview":"max-video-preview:-1"},"canonical":"https:\/\/egytourpackages.com\/fr\/tours\/royal-sea-scope-semi-submarine\/","og_locale":"fr_FR","og_type":"article","og_title":"Royal Sea Scope Semi-Submarine","og_description":"Faites de vos vacances en Mer Rouge un moment inoubliable avec le Royal Sea Scope Semi-Submarine. Profitez d'une exp\u00e9rience ludique en famille.","og_url":"https:\/\/egytourpackages.com\/fr\/tours\/royal-sea-scope-semi-submarine\/","og_site_name":"Egypt Tour Packages","article_publisher":"https:\/\/www.facebook.com\/egytourpackages","og_image":[{"width":800,"height":530,"url":"https:\/\/egytourpackages.com\/wp-content\/uploads\/2026\/04\/Royal-Sea-Scope-Semi-Submarines.jpg","type":"image\/jpeg"}],"twitter_card":"summary_large_image","twitter_title":"Royal Sea Scope Semi-Submarine","twitter_misc":{"Prix":"&euro;0","Disponibilit\u00e9":"En stock"},"schema":{"@context":"https:\/\/schema.org","@graph":[{"@type":"WebPage","@id":"https:\/\/egytourpackages.com\/fr\/tours\/royal-sea-scope-semi-submarine\/","url":"https:\/\/egytourpackages.com\/fr\/tours\/royal-sea-scope-semi-submarine\/","name":"Royal Sea Scope Semi-Submarine","isPartOf":{"@id":"https:\/\/egytourpackages.com\/fr\/#website"},"primaryImageOfPage":{"@id":"https:\/\/egytourpackages.com\/fr\/tours\/royal-sea-scope-semi-submarine\/#primaryimage"},"image":{"@id":"https:\/\/egytourpackages.com\/fr\/tours\/royal-sea-scope-semi-submarine\/#primaryimage"},"thumbnailUrl":"https:\/\/egytourpackages.com\/wp-content\/uploads\/2026\/04\/Royal-Sea-Scope-Semi-Submarines.jpg","datePublished":"2026-04-17T19:50:42+00:00","description":"Faites de vos vacances en Mer Rouge un moment inoubliable avec le Royal Sea Scope Semi-Submarine. Profitez d'une exp\u00e9rience ludique en famille.","breadcrumb":{"@id":"https:\/\/egytourpackages.com\/fr\/tours\/royal-sea-scope-semi-submarine\/#breadcrumb"},"inLanguage":"fr-FR","potentialAction":[{"@type":"ReadAction","target":["https:\/\/egytourpackages.com\/fr\/tours\/royal-sea-scope-semi-submarine\/"]}]},{"@type":"ImageObject","inLanguage":"fr-FR","@id":"https:\/\/egytourpackages.com\/fr\/tours\/royal-sea-scope-semi-submarine\/#primaryimage","url":"https:\/\/egytourpackages.com\/wp-content\/uploads\/2026\/04\/Royal-Sea-Scope-Semi-Submarines.jpg","contentUrl":"https:\/\/egytourpackages.com\/wp-content\/uploads\/2026\/04\/Royal-Sea-Scope-Semi-Submarines.jpg","width":800,"height":530,"caption":"Royal Sea Scope Semi-Submarine"},{"@type":"BreadcrumbList","@id":"https:\/\/egytourpackages.com\/fr\/tours\/royal-sea-scope-semi-submarine\/#breadcrumb","itemListElement":[{"@type":"ListItem","position":1,"name":"Home","item":"https:\/\/egytourpackages.com\/fr\/circuits-en-egypte\/"},{"@type":"ListItem","position":2,"name":"Shop","item":"https:\/\/egytourpackages.com\/shop\/"},{"@type":"ListItem","position":3,"name":"Royal Sea Scope Semi-Submarine"}]},{"@type":"WebSite","@id":"https:\/\/egytourpackages.com\/fr\/#website","url":"https:\/\/egytourpackages.com\/fr\/","name":"Egy tour packages","description":"","publisher":{"@id":"https:\/\/egytourpackages.com\/fr\/#organization"},"potentialAction":[{"@type":"SearchAction","target":{"@type":"EntryPoint","urlTemplate":"https:\/\/egytourpackages.com\/fr\/?s={search_term_string}"},"query-input":{"@type":"PropertyValueSpecification","valueRequired":true,"valueName":"search_term_string"}}],"inLanguage":"fr-FR"},{"@type":["Organization","Place","TravelAgency"],"@id":"https:\/\/egytourpackages.com\/fr\/#organization","name":"egypt tour packages","alternateName":"egypt tour packages","url":"https:\/\/egytourpackages.com\/fr\/","logo":{"@id":"https:\/\/egytourpackages.com\/fr\/tours\/royal-sea-scope-semi-submarine\/#local-main-organization-logo"},"image":{"@id":"https:\/\/egytourpackages.com\/fr\/tours\/royal-sea-scope-semi-submarine\/#local-main-organization-logo"},"sameAs":["https:\/\/www.facebook.com\/egytourpackages"],"legalName":"Egy tour packages","address":{"@id":"https:\/\/egytourpackages.com\/fr\/tours\/royal-sea-scope-semi-submarine\/#local-main-place-address"},"telephone":["00201000852186","00201028685533"],"contactPoint":{"@type":"ContactPoint","telephone":"00201000852186"},"openingHoursSpecification":[{"@type":"OpeningHoursSpecification","dayOfWeek":["Monday","Tuesday","Wednesday","Thursday","Friday","Saturday","Sunday"],"opens":"00:00","closes":"23:59"}],"email":"info@egytourpackages.com","areaServed":"Cairo, Hurghada, Luxor, Sharm El Sheikh, Marsa Alam, Aswan","priceRange":"$","currenciesAccepted":"euro","paymentAccepted":"Payment links online"},{"@type":"PostalAddress","@id":"https:\/\/egytourpackages.com\/fr\/tours\/royal-sea-scope-semi-submarine\/#local-main-place-address","streetAddress":"Mubarak 8, Al Kawthar District, Hurghada","addressLocality":"Hurghada","postalCode":"84511","addressRegion":"Red Sea","addressCountry":"EG"},{"@type":"ImageObject","inLanguage":"fr-FR","@id":"https:\/\/egytourpackages.com\/fr\/tours\/royal-sea-scope-semi-submarine\/#local-main-organization-logo","url":"https:\/\/egytourpackages.com\/wp-content\/uploads\/2025\/12\/Turquoise-Dahabiya-Nile-Cruise-1.jpeg","contentUrl":"https:\/\/egytourpackages.com\/wp-content\/uploads\/2025\/12\/Turquoise-Dahabiya-Nile-Cruise-1.jpeg","width":1040,"height":694,"caption":"egypt tour packages"}]},"product_brand":"Activit\u00e9s incontournables \u00e0 Hurghada avec des enfants","product_price_currency":"EUR","og_availability":"instock","product_availability":"instock","product_retailer_item_id":"DTFH 01","product_condition":"new","geo.placename":"Hurghada","geo.region":"\u00c9gypte"},"_links":{"self":[{"href":"https:\/\/egytourpackages.com\/fr\/wp-json\/wp\/v2\/product\/16410","targetHints":{"allow":["GET"]}}],"collection":[{"href":"https:\/\/egytourpackages.com\/fr\/wp-json\/wp\/v2\/product"}],"about":[{"href":"https:\/\/egytourpackages.com\/fr\/wp-json\/wp\/v2\/types\/product"}],"replies":[{"embeddable":true,"href":"https:\/\/egytourpackages.com\/fr\/wp-json\/wp\/v2\/comments?post=16410"}],"wp:featuredmedia":[{"embeddable":true,"href":"https:\/\/egytourpackages.com\/fr\/wp-json\/wp\/v2\/media\/16151"}],"wp:attachment":[{"href":"https:\/\/egytourpackages.com\/fr\/wp-json\/wp\/v2\/media?parent=16410"}],"wp:term":[{"taxonomy":"product_brand","embeddable":true,"href":"https:\/\/egytourpackages.com\/fr\/wp-json\/wp\/v2\/product_brand?post=16410"},{"taxonomy":"product_cat","embeddable":true,"href":"https:\/\/egytourpackages.com\/fr\/wp-json\/wp\/v2\/product_cat?post=16410"},{"taxonomy":"product_tag","embeddable":true,"href":"https:\/\/egytourpackages.com\/fr\/wp-json\/wp\/v2\/product_tag?post=16410"}],"curies":[{"name":"wp","href":"https:\/\/api.w.org\/{rel}","templated":true}]}}