{"id":16430,"date":"2026-03-17T20:03:42","date_gmt":"2026-03-17T20:03:42","guid":{"rendered":"https:\/\/egytourpackages.com\/product\/excursion-mons-claudianus\/"},"modified":"2026-04-26T22:35:45","modified_gmt":"2026-04-26T22:35:45","slug":"excursion-mons-claudianus","status":"publish","type":"product","link":"https:\/\/egytourpackages.com\/fr\/tours\/excursion-mons-claudianus\/","title":{"rendered":"Excursion Mons Claudianus"},"content":{"rendered":"<p><span style=\"color: #ff6600;\"><strong>Excursion Mons Claudianus : Exploration des carri\u00e8res de pierre de la Rome antique<\/strong><\/span><\/p>\n<p>Le voyage vers <strong>Mons Claudianus<\/strong> commence par une prise en charge \u00e0 votre h\u00f4tel \u00e0 05h00 du matin dans un v\u00e9hicule 4\u00d74 robuste.<\/p>\n<p>Nich\u00e9es au c\u0153ur du <strong>d\u00e9sert Oriental<\/strong>, ces vastes carri\u00e8res de granit repr\u00e9sentent l&rsquo;un des sites arch\u00e9ologiques les plus importants de la r\u00e9gion, r\u00e9v\u00e9l\u00e9es au monde moderne par les explorateurs <strong>Wilkinson<\/strong> et <strong>Burton<\/strong> en 1823.<\/p>\n<h3><span style=\"color: #ff6600;\">Lever de soleil et voyage dans le d\u00e9sert profond<\/span><\/h3>\n<p>Votre aventure d\u00e9bute par un arr\u00eat \u00e9poustouflant au sommet d&rsquo;un pic d\u00e9sertique pour admirer le <strong>lever de soleil<\/strong> sur l&rsquo;horizon.<\/p>\n<p>Ensuite, la route continue pendant environ 40 minutes jusqu&rsquo;\u00e0 un <strong>acacia<\/strong> solitaire, v\u00e9ritable rep\u00e8re naturel dans ce vaste paysage aride.<\/p>\n<p>Une fois arriv\u00e9 sur le site arch\u00e9ologique, vous profiterez d&rsquo;une pause pr\u00e9vue pour prendre votre <strong>petit-d\u00e9jeuner<\/strong> avant de plonger dans l&rsquo;exploration historique des ruines.<\/p>\n<h3><span style=\"color: #ff6600;\">L&rsquo;h\u00e9ritage de Mons Claudianus<\/span><\/h3>\n<p>Actif principalement entre le Ier et le IIIe si\u00e8cle apr\u00e8s J.-C., ce <strong>village de carriers<\/strong> servait de centre industriel vital pour l&rsquo;Empire romain.<\/p>\n<p>Situ\u00e9 dans les montagnes de la mer Rouge, le site se trouve \u00e0 environ 32 km de la route principale reliant <strong>Hurghada<\/strong> et Qena.<\/p>\n<p>Il fonctionnait comme un poste avanc\u00e9, fournissant \u00e0 l&#8217;empire une pierre de haute qualit\u00e9 tout en maintenant une structure sociale complexe loin du Nil.<\/p>\n<h3><span style=\"color: #ff6600;\">Merveilles architecturales et points forts du site<\/span><\/h3>\n<p>Le site est remarquablement bien conserv\u00e9, mettant en valeur diverses prouesses de l&rsquo;<strong>ing\u00e9nierie romaine<\/strong>. Les visiteurs peuvent observer d&rsquo;\u00e9normes <strong>colonnes<\/strong> de pierre, des bassins et un \u00e9tablissement thermal fragment\u00e9 \u00e9parpill\u00e9s sur le terrain.<\/p>\n<p>De nombreuses structures, notamment le <strong>camp fortifi\u00e9<\/strong>, les quartiers d&rsquo;habitation, les ateliers et les \u00e9tables, sont encore debout \u00e0 leur hauteur d&rsquo;origine.<\/p>\n<p>L&rsquo;une des caract\u00e9ristiques les plus intrigantes est la structure d&rsquo;un <strong>temple<\/strong> inachev\u00e9 command\u00e9 par l&rsquo;<strong>empereur Hadrien<\/strong>.<\/p>\n<p>L&rsquo;ensemble du complexe a \u00e9t\u00e9 con\u00e7u comme une forteresse, prot\u00e9g\u00e9e par d&rsquo;\u00e9pais murs et des tours de guet pour loger une population d&rsquo;environ 1 000 r\u00e9sidents, comprenant des ouvriers et des gardes militaires.<\/p>\n<p>Vous apprendrez comment les anciens ouvriers extrayaient des blocs massifs \u00e0 haute altitude et les descendaient dans la vall\u00e9e pour le transport.<\/p>\n<h3><span style=\"color: #ff6600;\">Pierre imp\u00e9riale et infrastructure romaine<\/span><\/h3>\n<p>La <strong>voie romaine<\/strong> utilis\u00e9e pour transporter ces pierres est encore visible aujourd&rsquo;hui, jalonn\u00e9e d&rsquo;anciennes stations de repos situ\u00e9es \u00e0 une journ\u00e9e de marche l&rsquo;une de l&rsquo;autre.<\/p>\n<p>Le granit gris fonc\u00e9 extrait ici \u00e9tait tr\u00e8s pris\u00e9 ; il a \u00e9t\u00e9 utilis\u00e9 pour construire le c\u00e9l\u00e8bre porche du <strong>Panth\u00e9on<\/strong> \u00e0 <strong>Rome<\/strong> et la <strong>Basilica Ulpia<\/strong> dans le forum de Trajan.<\/p>\n<p>De plus, ces pierres \u00e9taient exp\u00e9di\u00e9es par mer pour d\u00e9corer le <strong>palais Flavien<\/strong> et les grands <strong>thermes de Caracalla<\/strong>.<\/p>\n<h3><span style=\"color: #ff6600;\">Vie quotidienne dans l&rsquo;avant-poste du d\u00e9sert<\/span><\/h3>\n<p>Les fouilles men\u00e9es \u00e0 la fin du XXe si\u00e8cle ont mis au jour plus de 9 000 <strong>ostraca<\/strong> (fragments de poterie inscrits).<\/p>\n<p>\u00c9crits en <strong>grec et en latin<\/strong>, ces tessons offrent un aper\u00e7u rare du quotidien des hommes, des femmes et des enfants stationn\u00e9s ici. Les registres classent les habitants en quatre groupes distincts :<\/p>\n<ul>\n<li>Personnel militaire et hauts fonctionnaires.<\/li>\n<li>Ma\u00eetres artisans et ouvriers qualifi\u00e9s.<\/li>\n<li>Ouvriers non qualifi\u00e9s et personnel g\u00e9n\u00e9ral.<\/li>\n<li>Familles, y compris femmes et enfants.<\/li>\n<\/ul>\n<p>Les archives financi\u00e8res r\u00e9v\u00e8lent que les travailleurs de ce site \u00e9taient exceptionnellement bien pay\u00e9s, gagnant presque le double des salaires de la vall\u00e9e du Nil.<\/p>\n<p>Cette \u00ab prime de risque \u00bb compensait l&rsquo;isolement et les conditions rudes du d\u00e9sert.<\/p>\n<h3><span style=\"color: #ff6600;\">Gastronomie et survie<\/span><\/h3>\n<p>Les preuves historiques sugg\u00e8rent un r\u00e9gime alimentaire \u00e9tonnamment vari\u00e9 pour un lieu aussi recul\u00e9. Les arch\u00e9ologues ont trouv\u00e9 des traces de <strong>55 plantes diff\u00e9rentes<\/strong> et 20 types de prot\u00e9ines animales.<\/p>\n<p>Les r\u00e9sidents consommaient du poisson de la mer Rouge, du <strong>poivre indien<\/strong> import\u00e9 et m\u00eame des hu\u00eetres.<\/p>\n<p>La d\u00e9couverte de graines sp\u00e9cifiques indique que, bien que beaucoup de produits soient import\u00e9s, les Romains cultivaient \u00e9galement de la <strong>laitue, de la menthe et du basilic<\/strong> sur place pour garantir aux travailleurs les nutriments et vitamines essentiels.<\/p>\n<p>Apr\u00e8s avoir document\u00e9 les ruines et pris des <strong>photos inoubliables<\/strong>, vous serez ramen\u00e9 \u00e0 votre h\u00e9bergement \u00e0 <strong>Hurghada<\/strong>.<\/p>\n<h3><span style=\"color: #ff6600;\">D\u00e9tails<\/span><\/h3>\n<ul>\n<li>Dur\u00e9e : 6 heures<\/li>\n<li>Lieu de l&rsquo;excursion : D\u00e9sert Oriental, Hurghada<\/li>\n<li>Disponibilit\u00e9 : tous les jours<\/li>\n<li>Prise en charge et retour : Tous les h\u00f4tels \u00e0 Hurghada, Makadi Bay, Soma Bay, Sahl Hasheesh<\/li>\n<li>Type d&rsquo;excursion : Groupe \/ Priv\u00e9<\/li>\n<li>Langue : Anglais<\/li>\n<li>Fauteuil roulant : Accessible<\/li>\n<\/ul>\n<h3><span style=\"color: #ff6600;\">Inclusions<\/span><\/h3>\n<ul>\n<li>Guide \u00e9gyptologue expert avec certification professionnelle.<\/li>\n<li>Tous les frais de service et taxes locales applicables.<\/li>\n<li>Permis d&rsquo;entr\u00e9e officiels et frais de site.<\/li>\n<li>Transport aller-retour en Jeep 4\u00d74.<\/li>\n<li>Service complet de repas et boissons.<\/li>\n<li>Eau min\u00e9rale en bouteille et rafra\u00eechissements.<\/li>\n<\/ul>\n<h3><span style=\"color: #ff6600;\">Exclusions<\/span><\/h3>\n<ul>\n<li>Vols internationaux\/domestiques et visas d&rsquo;entr\u00e9e.<\/li>\n<li>Argent personnel pour les activit\u00e9s suppl\u00e9mentaires.<\/li>\n<li>Pourboires d&rsquo;usage pour le personnel.<\/li>\n<li>Services non mentionn\u00e9s explicitement dans l&rsquo;itin\u00e9raire.<\/li>\n<\/ul>\n<h3><span style=\"color: #ff6600;\">Articles recommand\u00e9s \u00e0 emporter<\/span><\/h3>\n<ul>\n<li>Protection oculaire (lunettes de soleil), un chapeau et de la cr\u00e8me solaire \u00e0 indice \u00e9lev\u00e9.<\/li>\n<li>\u00c9quipement de photographie ou vid\u00e9o.<\/li>\n<li>Chaussures de marche robustes et v\u00eatements respirants.<\/li>\n<\/ul>\n<h3><span style=\"color: #ff6600;\">Prix de l&rsquo;excursion Mons Claudianus<\/span><\/h3>\n<table>\n<thead>\n<tr>\n<td><strong>Nombre de participants<\/strong><\/td>\n<td><strong>Prix par personne<\/strong><\/td>\n<td><strong>Co\u00fbt total de l&rsquo;excursion<\/strong><\/td>\n<\/tr>\n<\/thead>\n<tbody>\n<tr>\n<td>1 Personne (Solo)<\/td>\n<td>300 euros<\/td>\n<td>300 euros<\/td>\n<\/tr>\n<tr>\n<td>2 Personnes<\/td>\n<td>150 euros<\/td>\n<td>300 euros<\/td>\n<\/tr>\n<tr>\n<td>3 Personnes<\/td>\n<td>105 euros<\/td>\n<td>315 euros<\/td>\n<\/tr>\n<tr>\n<td>4 Personnes<\/td>\n<td>100 euros<\/td>\n<td>400 euros<\/td>\n<\/tr>\n<\/tbody>\n<\/table>\n<p>Enfants 0-5 ans = gratuit<\/p>\n<p>Enfants 5-11 ans = 50 % du prix adulte<\/p>\n<h2><span style=\"color: #993366;\"><em>Note :<\/em><\/span><\/h2>\n<p>Un suppl\u00e9ment de <strong>20 euros<\/strong> par personne s&rsquo;applique pour les d\u00e9parts des lieux suivants :<\/p>\n<ul>\n<li>Makadi Bay<\/li>\n<li>Soma Bay<\/li>\n<li>Safaga<\/li>\n<li>El Gouna<\/li>\n<\/ul>\n<h3><span style=\"color: #ff6600;\">R\u00e9servation<\/span><\/h3>\n<p>Vous pouvez r\u00e9server votre excursion Mons Claudianus via WhatsApp ou e-mail, et vous recevrez une confirmation imm\u00e9diate.<\/p>\n<p>Veuillez nous envoyer le nom de votre h\u00f4tel, votre num\u00e9ro de chambre et des copies de vos passeports.<\/p>\n<p>WhatsApp: +201000852186<\/p>\n<p>info@egytourpackages.com<\/p>\n<h3><span style=\"color: #ff6600;\">R\u00e9servez maintenant et payez sur place<\/span><\/h3>\n<p>R\u00e9servez votre excursion pr\u00e9f\u00e9r\u00e9e et payez le jour du voyage.<\/p>\n<h3><span style=\"color: #ff6600;\">Paiement<\/span><\/h3>\n<p>Vous pouvez payer en livres \u00e9gyptiennes, $, \u20ac ou \u00a3.<\/p>\n<h3><span style=\"color: #ff6600;\">Politique d&rsquo;annulation<\/span><\/h3>\n<ul>\n<li>L&rsquo;annulation est gratuite jusqu&rsquo;\u00e0 24 heures \u00e0 l&rsquo;avance.<\/li>\n<li>Une annulation le matin m\u00eame entra\u00eene des frais de 50 % du prix.<\/li>\n<\/ul>\n","protected":false},"excerpt":{"rendered":"<p>Explorez les anciennes ruines romaines avec notre Mons Claudianus Tour. D\u00e9couvrez les carri\u00e8res de granit et l&rsquo;histoire du d\u00e9sert Oriental. R\u00e9servez<\/p>\n","protected":false},"featured_media":15892,"comment_status":"closed","ping_status":"closed","template":"","meta":[],"product_brand":[],"product_cat":[3124],"product_tag":[4094,3275,4557,4556,4555],"class_list":{"0":"post-16430","1":"product","2":"type-product","3":"status-publish","4":"has-post-thumbnail","6":"product_cat-tours-fr","7":"product_tag-excursions-a-la-journee-au-depart-dhurghada","8":"product_tag-excursions-dune-journee-en-egypte","9":"product_tag-mons-claudianus-tour","10":"product_tag-safari-dans-le-desert-oriental","11":"product_tag-visites-historiques-de-legypte","12":"tour_category-excursions-a-hurghada-fr","13":"tour_category-excursions-dune-journee-au-depart-de-safaga","14":"tour_category-excursions-en-egypte-fr","15":"tour_category-excursions-makadi-bay-fr","16":"tour_category-excursions-sahl-hasheesh-fr","17":"tour_category-excursions-soma-bay-fr","18":"tour_category-excursions-safari-dans-le-desert-dhurghada","20":"first","21":"instock","22":"sale","23":"shipping-taxable","24":"purchasable","25":"product-type-tour","26":"has-default-attributes"},"yoast_head":"<!-- This site is optimized with the Yoast SEO Premium plugin v27.5 (Yoast SEO v27.5) - https:\/\/yoast.com\/product\/yoast-seo-premium-wordpress\/ -->\n<title>Excursion Mons Claudianus<\/title>\n<meta name=\"description\" content=\"Explorez les anciennes ruines romaines avec notre Mons Claudianus Tour. D\u00e9couvrez les carri\u00e8res de granit et l&#039;histoire du d\u00e9sert Oriental. R\u00e9servez\" \/>\n<meta name=\"robots\" content=\"index, follow, max-snippet:-1, max-image-preview:large, max-video-preview:-1\" \/>\n<link rel=\"canonical\" href=\"https:\/\/egytourpackages.com\/fr\/tours\/excursion-mons-claudianus\/\" \/>\n<meta property=\"og:locale\" content=\"fr_FR\" \/>\n<meta property=\"og:type\" content=\"article\" \/>\n<meta property=\"og:title\" content=\"Excursion Mons Claudianus\" \/>\n<meta property=\"og:description\" content=\"Explorez les anciennes ruines romaines avec notre Mons Claudianus Tour. D\u00e9couvrez les carri\u00e8res de granit et l&#039;histoire du d\u00e9sert Oriental. R\u00e9servez\" \/>\n<meta property=\"og:url\" content=\"https:\/\/egytourpackages.com\/fr\/tours\/excursion-mons-claudianus\/\" \/>\n<meta property=\"og:site_name\" content=\"Egypt Tour Packages\" \/>\n<meta property=\"article:publisher\" content=\"https:\/\/www.facebook.com\/egytourpackages\" \/>\n<meta property=\"article:modified_time\" content=\"2026-04-26T22:35:45+00:00\" \/>\n<meta property=\"og:image\" content=\"https:\/\/egytourpackages.com\/wp-content\/uploads\/2026\/03\/Mons-Claudianus-Tour-1024x768.jpg\" \/>\n<meta name=\"twitter:card\" content=\"summary_large_image\" \/>\n<meta name=\"twitter:title\" content=\"Excursion Mons Claudianus\" \/>\n<meta name=\"twitter:label1\" content=\"Prix\" \/>\n\t<meta name=\"twitter:data1\" content=\"&euro;150\" \/>\n\t<meta name=\"twitter:label2\" content=\"Disponibilit\u00e9\" \/>\n\t<meta name=\"twitter:data2\" content=\"En stock\" \/>\n<script type=\"application\/ld+json\" class=\"yoast-schema-graph\">{\"@context\":\"https:\\\/\\\/schema.org\",\"@graph\":[{\"@type\":\"WebPage\",\"@id\":\"https:\\\/\\\/egytourpackages.com\\\/fr\\\/tours\\\/excursion-mons-claudianus\\\/\",\"url\":\"https:\\\/\\\/egytourpackages.com\\\/fr\\\/tours\\\/excursion-mons-claudianus\\\/\",\"name\":\"Excursion Mons Claudianus\",\"isPartOf\":{\"@id\":\"https:\\\/\\\/egytourpackages.com\\\/fr\\\/#website\"},\"primaryImageOfPage\":{\"@id\":\"https:\\\/\\\/egytourpackages.com\\\/fr\\\/tours\\\/excursion-mons-claudianus\\\/#primaryimage\"},\"image\":{\"@id\":\"https:\\\/\\\/egytourpackages.com\\\/fr\\\/tours\\\/excursion-mons-claudianus\\\/#primaryimage\"},\"thumbnailUrl\":\"https:\\\/\\\/egytourpackages.com\\\/wp-content\\\/uploads\\\/2026\\\/03\\\/Mons-Claudianus-Tour.jpg\",\"datePublished\":\"2026-03-17T20:03:42+00:00\",\"dateModified\":\"2026-04-26T22:35:45+00:00\",\"description\":\"Explorez les anciennes ruines romaines avec notre Mons Claudianus Tour. D\u00e9couvrez les carri\u00e8res de granit et l'histoire du d\u00e9sert Oriental. R\u00e9servez\",\"breadcrumb\":{\"@id\":\"https:\\\/\\\/egytourpackages.com\\\/fr\\\/tours\\\/excursion-mons-claudianus\\\/#breadcrumb\"},\"inLanguage\":\"fr-FR\",\"potentialAction\":[{\"@type\":\"ReadAction\",\"target\":[\"https:\\\/\\\/egytourpackages.com\\\/fr\\\/tours\\\/excursion-mons-claudianus\\\/\"]}]},{\"@type\":\"ImageObject\",\"inLanguage\":\"fr-FR\",\"@id\":\"https:\\\/\\\/egytourpackages.com\\\/fr\\\/tours\\\/excursion-mons-claudianus\\\/#primaryimage\",\"url\":\"https:\\\/\\\/egytourpackages.com\\\/wp-content\\\/uploads\\\/2026\\\/03\\\/Mons-Claudianus-Tour.jpg\",\"contentUrl\":\"https:\\\/\\\/egytourpackages.com\\\/wp-content\\\/uploads\\\/2026\\\/03\\\/Mons-Claudianus-Tour.jpg\",\"width\":1500,\"height\":1125,\"caption\":\"Excursion Mons Claudianus\"},{\"@type\":\"BreadcrumbList\",\"@id\":\"https:\\\/\\\/egytourpackages.com\\\/fr\\\/tours\\\/excursion-mons-claudianus\\\/#breadcrumb\",\"itemListElement\":[{\"@type\":\"ListItem\",\"position\":1,\"name\":\"Home\",\"item\":\"https:\\\/\\\/egytourpackages.com\\\/fr\\\/circuits-en-egypte\\\/\"},{\"@type\":\"ListItem\",\"position\":2,\"name\":\"Shop\",\"item\":\"https:\\\/\\\/egytourpackages.com\\\/shop\\\/\"},{\"@type\":\"ListItem\",\"position\":3,\"name\":\"Excursion Mons Claudianus\"}]},{\"@type\":\"WebSite\",\"@id\":\"https:\\\/\\\/egytourpackages.com\\\/fr\\\/#website\",\"url\":\"https:\\\/\\\/egytourpackages.com\\\/fr\\\/\",\"name\":\"Egy tour packages\",\"description\":\"\",\"publisher\":{\"@id\":\"https:\\\/\\\/egytourpackages.com\\\/fr\\\/#organization\"},\"potentialAction\":[{\"@type\":\"SearchAction\",\"target\":{\"@type\":\"EntryPoint\",\"urlTemplate\":\"https:\\\/\\\/egytourpackages.com\\\/fr\\\/?s={search_term_string}\"},\"query-input\":{\"@type\":\"PropertyValueSpecification\",\"valueRequired\":true,\"valueName\":\"search_term_string\"}}],\"inLanguage\":\"fr-FR\"},{\"@type\":[\"Organization\",\"Place\",\"TravelAgency\"],\"@id\":\"https:\\\/\\\/egytourpackages.com\\\/fr\\\/#organization\",\"name\":\"egypt tour packages\",\"alternateName\":\"egypt tour packages\",\"url\":\"https:\\\/\\\/egytourpackages.com\\\/fr\\\/\",\"logo\":{\"@id\":\"https:\\\/\\\/egytourpackages.com\\\/fr\\\/tours\\\/excursion-mons-claudianus\\\/#local-main-organization-logo\"},\"image\":{\"@id\":\"https:\\\/\\\/egytourpackages.com\\\/fr\\\/tours\\\/excursion-mons-claudianus\\\/#local-main-organization-logo\"},\"sameAs\":[\"https:\\\/\\\/www.facebook.com\\\/egytourpackages\"],\"legalName\":\"Egy tour packages\",\"address\":{\"@id\":\"https:\\\/\\\/egytourpackages.com\\\/fr\\\/tours\\\/excursion-mons-claudianus\\\/#local-main-place-address\"},\"telephone\":[\"00201000852186\",\"00201028685533\"],\"contactPoint\":{\"@type\":\"ContactPoint\",\"telephone\":\"00201000852186\"},\"openingHoursSpecification\":[{\"@type\":\"OpeningHoursSpecification\",\"dayOfWeek\":[\"Monday\",\"Tuesday\",\"Wednesday\",\"Thursday\",\"Friday\",\"Saturday\",\"Sunday\"],\"opens\":\"00:00\",\"closes\":\"23:59\"}],\"email\":\"info@egytourpackages.com\",\"areaServed\":\"Cairo, Hurghada, Luxor, Sharm El Sheikh, Marsa Alam, Aswan\",\"priceRange\":\"$\",\"currenciesAccepted\":\"euro\",\"paymentAccepted\":\"Payment links online\"},{\"@type\":\"PostalAddress\",\"@id\":\"https:\\\/\\\/egytourpackages.com\\\/fr\\\/tours\\\/excursion-mons-claudianus\\\/#local-main-place-address\",\"streetAddress\":\"Mubarak 8, Al Kawthar District, Hurghada\",\"addressLocality\":\"Hurghada\",\"postalCode\":\"84511\",\"addressRegion\":\"Red Sea\",\"addressCountry\":\"EG\"},{\"@type\":\"ImageObject\",\"inLanguage\":\"fr-FR\",\"@id\":\"https:\\\/\\\/egytourpackages.com\\\/fr\\\/tours\\\/excursion-mons-claudianus\\\/#local-main-organization-logo\",\"url\":\"https:\\\/\\\/egytourpackages.com\\\/wp-content\\\/uploads\\\/2025\\\/12\\\/Turquoise-Dahabiya-Nile-Cruise-1.jpeg\",\"contentUrl\":\"https:\\\/\\\/egytourpackages.com\\\/wp-content\\\/uploads\\\/2025\\\/12\\\/Turquoise-Dahabiya-Nile-Cruise-1.jpeg\",\"width\":1040,\"height\":694,\"caption\":\"egypt tour packages\"}]}<\/script>\n<meta property=\"product:brand\" content=\"Excursions \u00e0 Hurghada\" \/>\n<meta property=\"product:price:amount\" content=\"150\" \/>\n<meta property=\"product:price:currency\" content=\"EUR\" \/>\n<meta property=\"og:availability\" content=\"instock\" \/>\n<meta property=\"product:availability\" content=\"instock\" \/>\n<meta property=\"product:retailer_item_id\" content=\"HDT 16\" \/>\n<meta property=\"product:condition\" content=\"new\" \/>\n<meta name=\"geo.placename\" content=\"Hurghada\" \/>\n<meta name=\"geo.region\" content=\"\u00c9gypte\" \/>\n<!-- \/ Yoast SEO Premium plugin. -->","yoast_head_json":{"title":"Excursion Mons Claudianus","description":"Explorez les anciennes ruines romaines avec notre Mons Claudianus Tour. D\u00e9couvrez les carri\u00e8res de granit et l'histoire du d\u00e9sert Oriental. R\u00e9servez","robots":{"index":"index","follow":"follow","max-snippet":"max-snippet:-1","max-image-preview":"max-image-preview:large","max-video-preview":"max-video-preview:-1"},"canonical":"https:\/\/egytourpackages.com\/fr\/tours\/excursion-mons-claudianus\/","og_locale":"fr_FR","og_type":"article","og_title":"Excursion Mons Claudianus","og_description":"Explorez les anciennes ruines romaines avec notre Mons Claudianus Tour. D\u00e9couvrez les carri\u00e8res de granit et l'histoire du d\u00e9sert Oriental. R\u00e9servez","og_url":"https:\/\/egytourpackages.com\/fr\/tours\/excursion-mons-claudianus\/","og_site_name":"Egypt Tour Packages","article_publisher":"https:\/\/www.facebook.com\/egytourpackages","article_modified_time":"2026-04-26T22:35:45+00:00","og_image":[{"url":"https:\/\/egytourpackages.com\/wp-content\/uploads\/2026\/03\/Mons-Claudianus-Tour-1024x768.jpg","type":"","width":"","height":""}],"twitter_card":"summary_large_image","twitter_title":"Excursion Mons Claudianus","twitter_misc":{"Prix":"&euro;150","Disponibilit\u00e9":"En stock"},"schema":{"@context":"https:\/\/schema.org","@graph":[{"@type":"WebPage","@id":"https:\/\/egytourpackages.com\/fr\/tours\/excursion-mons-claudianus\/","url":"https:\/\/egytourpackages.com\/fr\/tours\/excursion-mons-claudianus\/","name":"Excursion Mons Claudianus","isPartOf":{"@id":"https:\/\/egytourpackages.com\/fr\/#website"},"primaryImageOfPage":{"@id":"https:\/\/egytourpackages.com\/fr\/tours\/excursion-mons-claudianus\/#primaryimage"},"image":{"@id":"https:\/\/egytourpackages.com\/fr\/tours\/excursion-mons-claudianus\/#primaryimage"},"thumbnailUrl":"https:\/\/egytourpackages.com\/wp-content\/uploads\/2026\/03\/Mons-Claudianus-Tour.jpg","datePublished":"2026-03-17T20:03:42+00:00","dateModified":"2026-04-26T22:35:45+00:00","description":"Explorez les anciennes ruines romaines avec notre Mons Claudianus Tour. D\u00e9couvrez les carri\u00e8res de granit et l'histoire du d\u00e9sert Oriental. R\u00e9servez","breadcrumb":{"@id":"https:\/\/egytourpackages.com\/fr\/tours\/excursion-mons-claudianus\/#breadcrumb"},"inLanguage":"fr-FR","potentialAction":[{"@type":"ReadAction","target":["https:\/\/egytourpackages.com\/fr\/tours\/excursion-mons-claudianus\/"]}]},{"@type":"ImageObject","inLanguage":"fr-FR","@id":"https:\/\/egytourpackages.com\/fr\/tours\/excursion-mons-claudianus\/#primaryimage","url":"https:\/\/egytourpackages.com\/wp-content\/uploads\/2026\/03\/Mons-Claudianus-Tour.jpg","contentUrl":"https:\/\/egytourpackages.com\/wp-content\/uploads\/2026\/03\/Mons-Claudianus-Tour.jpg","width":1500,"height":1125,"caption":"Excursion Mons Claudianus"},{"@type":"BreadcrumbList","@id":"https:\/\/egytourpackages.com\/fr\/tours\/excursion-mons-claudianus\/#breadcrumb","itemListElement":[{"@type":"ListItem","position":1,"name":"Home","item":"https:\/\/egytourpackages.com\/fr\/circuits-en-egypte\/"},{"@type":"ListItem","position":2,"name":"Shop","item":"https:\/\/egytourpackages.com\/shop\/"},{"@type":"ListItem","position":3,"name":"Excursion Mons Claudianus"}]},{"@type":"WebSite","@id":"https:\/\/egytourpackages.com\/fr\/#website","url":"https:\/\/egytourpackages.com\/fr\/","name":"Egy tour packages","description":"","publisher":{"@id":"https:\/\/egytourpackages.com\/fr\/#organization"},"potentialAction":[{"@type":"SearchAction","target":{"@type":"EntryPoint","urlTemplate":"https:\/\/egytourpackages.com\/fr\/?s={search_term_string}"},"query-input":{"@type":"PropertyValueSpecification","valueRequired":true,"valueName":"search_term_string"}}],"inLanguage":"fr-FR"},{"@type":["Organization","Place","TravelAgency"],"@id":"https:\/\/egytourpackages.com\/fr\/#organization","name":"egypt tour packages","alternateName":"egypt tour packages","url":"https:\/\/egytourpackages.com\/fr\/","logo":{"@id":"https:\/\/egytourpackages.com\/fr\/tours\/excursion-mons-claudianus\/#local-main-organization-logo"},"image":{"@id":"https:\/\/egytourpackages.com\/fr\/tours\/excursion-mons-claudianus\/#local-main-organization-logo"},"sameAs":["https:\/\/www.facebook.com\/egytourpackages"],"legalName":"Egy tour packages","address":{"@id":"https:\/\/egytourpackages.com\/fr\/tours\/excursion-mons-claudianus\/#local-main-place-address"},"telephone":["00201000852186","00201028685533"],"contactPoint":{"@type":"ContactPoint","telephone":"00201000852186"},"openingHoursSpecification":[{"@type":"OpeningHoursSpecification","dayOfWeek":["Monday","Tuesday","Wednesday","Thursday","Friday","Saturday","Sunday"],"opens":"00:00","closes":"23:59"}],"email":"info@egytourpackages.com","areaServed":"Cairo, Hurghada, Luxor, Sharm El Sheikh, Marsa Alam, Aswan","priceRange":"$","currenciesAccepted":"euro","paymentAccepted":"Payment links online"},{"@type":"PostalAddress","@id":"https:\/\/egytourpackages.com\/fr\/tours\/excursion-mons-claudianus\/#local-main-place-address","streetAddress":"Mubarak 8, Al Kawthar District, Hurghada","addressLocality":"Hurghada","postalCode":"84511","addressRegion":"Red Sea","addressCountry":"EG"},{"@type":"ImageObject","inLanguage":"fr-FR","@id":"https:\/\/egytourpackages.com\/fr\/tours\/excursion-mons-claudianus\/#local-main-organization-logo","url":"https:\/\/egytourpackages.com\/wp-content\/uploads\/2025\/12\/Turquoise-Dahabiya-Nile-Cruise-1.jpeg","contentUrl":"https:\/\/egytourpackages.com\/wp-content\/uploads\/2025\/12\/Turquoise-Dahabiya-Nile-Cruise-1.jpeg","width":1040,"height":694,"caption":"egypt tour packages"}]},"product_brand":"Excursions \u00e0 Hurghada","product_price_amount":"150","product_price_currency":"EUR","og_availability":"instock","product_availability":"instock","product_retailer_item_id":"HDT 16","product_condition":"new","geo.placename":"Hurghada","geo.region":"\u00c9gypte"},"_links":{"self":[{"href":"https:\/\/egytourpackages.com\/fr\/wp-json\/wp\/v2\/product\/16430","targetHints":{"allow":["GET"]}}],"collection":[{"href":"https:\/\/egytourpackages.com\/fr\/wp-json\/wp\/v2\/product"}],"about":[{"href":"https:\/\/egytourpackages.com\/fr\/wp-json\/wp\/v2\/types\/product"}],"replies":[{"embeddable":true,"href":"https:\/\/egytourpackages.com\/fr\/wp-json\/wp\/v2\/comments?post=16430"}],"wp:featuredmedia":[{"embeddable":true,"href":"https:\/\/egytourpackages.com\/fr\/wp-json\/wp\/v2\/media\/15892"}],"wp:attachment":[{"href":"https:\/\/egytourpackages.com\/fr\/wp-json\/wp\/v2\/media?parent=16430"}],"wp:term":[{"taxonomy":"product_brand","embeddable":true,"href":"https:\/\/egytourpackages.com\/fr\/wp-json\/wp\/v2\/product_brand?post=16430"},{"taxonomy":"product_cat","embeddable":true,"href":"https:\/\/egytourpackages.com\/fr\/wp-json\/wp\/v2\/product_cat?post=16430"},{"taxonomy":"product_tag","embeddable":true,"href":"https:\/\/egytourpackages.com\/fr\/wp-json\/wp\/v2\/product_tag?post=16430"}],"curies":[{"name":"wp","href":"https:\/\/api.w.org\/{rel}","templated":true}]}}