{"id":16454,"date":"2026-04-13T21:19:24","date_gmt":"2026-04-13T21:19:24","guid":{"rendered":"https:\/\/egytourpackages.com\/product\/monastere-de-saint-simeon-avec-balade-en-felouque\/"},"modified":"2026-04-26T22:28:20","modified_gmt":"2026-04-26T22:28:20","slug":"monastere-de-saint-simeon-avec-balade-en-felouque","status":"publish","type":"product","link":"https:\/\/egytourpackages.com\/fr\/tours\/monastere-de-saint-simeon-avec-balade-en-felouque\/","title":{"rendered":"Monast\u00e8re de Saint-Sim\u00e9on avec balade en Felouque"},"content":{"rendered":"<p><span style=\"color: #ff6600;\"><strong>Monast\u00e8re de Saint-Sim\u00e9on avec balade en Felouque et baignade dans le Nil<\/strong><\/span><\/p>\n<p><strong>Le Monast\u00e8re de Saint-Sim\u00e9on avec balade en Felouque<\/strong> commence par votre <strong>prise en charge \u00e0 votre h\u00f4tel \u00e0 Assouan<\/strong> ou \u00e0 votre <strong>bateau de croisi\u00e8re sur le Nil<\/strong> jusqu&rsquo;\u00e0 l&#8217;embarcad\u00e8re.<\/p>\n<p>Vous naviguerez de la rive est du Nil vers la <strong>rive ouest<\/strong>. Sinon, vous pouvez vous rendre \u00e0 l&#8217;embarcad\u00e8re d&rsquo;o\u00f9 des <strong>chameaux<\/strong> peuvent \u00eatre organis\u00e9s vers le monast\u00e8re de Saint-Sim\u00e9on.<\/p>\n<p>Nous ferons une <strong>balade en Felouque<\/strong> de 15 minutes jusqu&rsquo;\u00e0 la jet\u00e9e. Ensuite, nous commencerons notre <strong>aventure \u00e0 dos de chameau<\/strong> vers le <strong>Monast\u00e8re de Saint-Sim\u00e9on<\/strong> dans un silence absolu et au milieu d&rsquo;un magnifique <strong>paysage d\u00e9sertique<\/strong>.<\/p>\n<p>La visite prend environ 30 minutes pour atteindre le monast\u00e8re. Apr\u00e8s cela, votre guide vous montrera comment le monast\u00e8re de Saint-Sim\u00e9on est l&rsquo;un des plus grands <strong>monast\u00e8res coptes<\/strong> d&rsquo;\u00c9gypte.<\/p>\n<p>Il date du 6\u00e8me ou 7\u00e8me si\u00e8cle et se situe en face de la pointe sud de l&rsquo;<strong>\u00eele \u00c9l\u00e9phantine<\/strong>.<\/p>\n<p>Vous verrez avec votre guide que la plupart des b\u00e2timents principaux sont encore en <strong>bon \u00e9tat de conservation<\/strong>.<\/p>\n<p>Ceux-ci comprennent les tours, l&rsquo;<strong>\u00e9glise \u00e0 coupole<\/strong> et certaines sc\u00e8nes coptes, comme des fresques \u00e0 c\u00f4t\u00e9 des principales zones fonctionnelles au deuxi\u00e8me niveau.<\/p>\n<p>Par exemple, vous verrez le lieu de cuisine, le r\u00e9fectoire, le lavoir et le dortoir.<\/p>\n<p>Apr\u00e8s avoir termin\u00e9 votre visite au monast\u00e8re de Saint-Sim\u00e9on, vous profiterez d&rsquo;une <strong>balade \u00e0 dos de chameau<\/strong> pour retourner \u00e0 la felouque, qui naviguera vers un endroit charmant o\u00f9 vous pourrez <strong>vous baigner dans le Nil<\/strong>.<\/p>\n<p>Ensuite, la <strong>Felouque sur le Nil<\/strong> reviendra vers l&rsquo;endroit le plus proche de votre bateau de croisi\u00e8re, ou vous retournerez \u00e0 votre h\u00f4tel si vous y s\u00e9journez.<\/p>\n<h3><span style=\"color: #ff6600;\">D\u00e9tails de la visite<\/span><\/h3>\n<ul>\n<li>Dur\u00e9e : 1\/2 journ\u00e9e<\/li>\n<li>Lieu de la visite : Rive Ouest d&rsquo;Assouan<\/li>\n<li>Disponibilit\u00e9 : Tous les jours<\/li>\n<li>Prise en charge et retour : Votre h\u00f4tel \u00e0 Assouan \/ Croisi\u00e8re sur le Nil<\/li>\n<li>Type de visite : Priv\u00e9e<\/li>\n<li>Langue : Fran\u00e7ais<\/li>\n<li>Fauteuil roulant : Accessible<\/li>\n<\/ul>\n<h3><span style=\"color: #ff6600;\">Points forts de la visite<\/span><\/h3>\n<ul>\n<li>Monast\u00e8re de Saint-Sim\u00e9on<\/li>\n<li>Balade en Felouque<\/li>\n<li>Baignade dans le Nil<\/li>\n<\/ul>\n<h3><span style=\"color: #ff6600;\">Inclusions<\/span><\/h3>\n<ul>\n<li>Tous les transferts avec un v\u00e9hicule moderne climatis\u00e9.<\/li>\n<li>Guide expert.<\/li>\n<li>Frais d&rsquo;entr\u00e9e pour toutes les visites mentionn\u00e9es ci-dessus.<\/li>\n<li>Tous les services et taxes inclus.<\/li>\n<li>Balade \u00e0 dos de chameau.<\/li>\n<\/ul>\n<h3><span style=\"color: #ff6600;\">Exclusions<\/span><\/h3>\n<ul>\n<li>Toutes d\u00e9penses personnelles et activit\u00e9s optionnelles.<\/li>\n<li>Pourboires.<\/li>\n<li>Tout article non list\u00e9 ci-dessus.<\/li>\n<\/ul>\n<h3><span style=\"color: #ff6600;\">Que faut-il emporter ?<\/span><\/h3>\n<ul>\n<li>Lunettes de soleil\/Chapeau\/Cr\u00e8me solaire.<\/li>\n<li>Eau.<\/li>\n<li>Appareil photo ou cam\u00e9ra vid\u00e9o.<\/li>\n<li>\u00c9charpe.<\/li>\n<li>Chaussures et v\u00eatements confortables.<\/li>\n<\/ul>\n<h3><span style=\"color: #ff6600;\">Prix Monast\u00e8re de Saint-Sim\u00e9on avec balade en Felouque<\/span><\/h3>\n<ul>\n<li>Prix Adulte = 60 \u20ac<\/li>\n<li>Enfants 0-5 ans = gratuit<\/li>\n<li>Enfants 5-11 ans = 50% du prix adulte<\/li>\n<\/ul>\n<h3><span style=\"color: #ff6600;\">R\u00e9servation<\/span><\/h3>\n<p>Vous pouvez r\u00e9server votre visite via <strong>WhatsApp<\/strong> ou nous envoyer un e-mail, et vous recevrez la <strong>confirmation sur le champ<\/strong>.<\/p>\n<p>Veuillez nous envoyer le nom de votre h\u00f4tel, votre num\u00e9ro de chambre et des copies de passeport.<\/p>\n<p>WhatsApp : +20 1000852186<\/p>\n<p>info@egytourpackages.com<\/p>\n<h3><span style=\"color: #ff6600;\">R\u00e9servez maintenant et payez sur place <\/span><\/h3>\n<p>R\u00e9servez votre visite pr\u00e9f\u00e9r\u00e9e et payez le jour du voyage.<\/p>\n<h3><span style=\"color: #ff6600;\">Paiement <\/span><\/h3>\n<p>Vous pouvez payer en livres \u00e9gyptiennes, $, \u20ac ou \u00a3.<\/p>\n<h3><span style=\"color: #ff6600;\">Politique d&rsquo;annulation<\/span><\/h3>\n<ul>\n<li>L&rsquo;annulation est gratuite jusqu&rsquo;\u00e0 24 heures \u00e0 l&rsquo;avance.<\/li>\n<li>L&rsquo;annulation le matin m\u00eame est de 50% du prix<\/li>\n<\/ul>\n","protected":false},"excerpt":{"rendered":"<p>Visitez le <b data-path-to-node=\"0\" data-index-in-node=\"11\">Monast\u00e8re de Saint-Sim\u00e9on avec balade en Felouque et baignade dans le Nil<\/b>. Explorez l&rsquo;histoire d&rsquo;Assouan et profitez du fleuve. R\u00e9servez ici !<\/p>\n","protected":false},"featured_media":16076,"comment_status":"closed","ping_status":"closed","template":"","meta":[],"product_brand":[],"product_cat":[3124],"product_tag":[4567,3275],"class_list":{"0":"post-16454","1":"product","2":"type-product","3":"status-publish","4":"has-post-thumbnail","6":"product_cat-tours-fr","7":"product_tag-excursions-dune-journee-au-depart-dassouan","8":"product_tag-excursions-dune-journee-en-egypte","9":"tour_category-excursions-assouan-fr","10":"tour_category-excursions-en-egypte-fr","12":"first","13":"instock","14":"sale","15":"shipping-taxable","16":"purchasable","17":"product-type-tour","18":"has-default-attributes"},"yoast_head":"<!-- This site is optimized with the Yoast SEO Premium plugin v27.5 (Yoast SEO v27.5) - https:\/\/yoast.com\/product\/yoast-seo-premium-wordpress\/ -->\n<title>Monast\u00e8re de Saint-Sim\u00e9on avec balade en Felouque<\/title>\n<meta name=\"description\" content=\"Visitez le Monast\u00e8re de Saint-Sim\u00e9on avec balade en Felouque et baignade dans le Nil. Explorez l&#039;histoire d&#039;Assouan et profitez du fleuve. R\u00e9servez ici !\" \/>\n<meta name=\"robots\" content=\"index, follow, max-snippet:-1, max-image-preview:large, max-video-preview:-1\" \/>\n<link rel=\"canonical\" href=\"https:\/\/egytourpackages.com\/fr\/tours\/monastere-de-saint-simeon-avec-balade-en-felouque\/\" \/>\n<meta property=\"og:locale\" content=\"fr_FR\" \/>\n<meta property=\"og:type\" content=\"article\" \/>\n<meta property=\"og:title\" content=\"Monast\u00e8re de Saint-Sim\u00e9on avec balade en Felouque\" \/>\n<meta property=\"og:description\" content=\"Visitez le Monast\u00e8re de Saint-Sim\u00e9on avec balade en Felouque et baignade dans le Nil. Explorez l&#039;histoire d&#039;Assouan et profitez du fleuve. R\u00e9servez ici !\" \/>\n<meta property=\"og:url\" content=\"https:\/\/egytourpackages.com\/fr\/tours\/monastere-de-saint-simeon-avec-balade-en-felouque\/\" \/>\n<meta property=\"og:site_name\" content=\"Egypt Tour Packages\" \/>\n<meta property=\"article:publisher\" content=\"https:\/\/www.facebook.com\/egytourpackages\" \/>\n<meta property=\"article:modified_time\" content=\"2026-04-26T22:28:20+00:00\" \/>\n<meta property=\"og:image\" content=\"https:\/\/egytourpackages.com\/wp-content\/uploads\/2026\/04\/Monastery-of-St-Simeon.jpg\" \/>\n\t<meta property=\"og:image:width\" content=\"1150\" \/>\n\t<meta property=\"og:image:height\" content=\"603\" \/>\n\t<meta property=\"og:image:type\" content=\"image\/jpeg\" \/>\n<meta name=\"twitter:card\" content=\"summary_large_image\" \/>\n<meta name=\"twitter:title\" content=\"Monast\u00e8re de Saint-Sim\u00e9on avec balade en Felouque\" \/>\n<meta name=\"twitter:label1\" content=\"Prix\" \/>\n\t<meta name=\"twitter:data1\" content=\"&euro;0\" \/>\n\t<meta name=\"twitter:label2\" content=\"Disponibilit\u00e9\" \/>\n\t<meta name=\"twitter:data2\" content=\"En stock\" \/>\n<script type=\"application\/ld+json\" class=\"yoast-schema-graph\">{\"@context\":\"https:\\\/\\\/schema.org\",\"@graph\":[{\"@type\":\"WebPage\",\"@id\":\"https:\\\/\\\/egytourpackages.com\\\/fr\\\/tours\\\/monastere-de-saint-simeon-avec-balade-en-felouque\\\/\",\"url\":\"https:\\\/\\\/egytourpackages.com\\\/fr\\\/tours\\\/monastere-de-saint-simeon-avec-balade-en-felouque\\\/\",\"name\":\"Monast\u00e8re de Saint-Sim\u00e9on avec balade en Felouque\",\"isPartOf\":{\"@id\":\"https:\\\/\\\/egytourpackages.com\\\/fr\\\/#website\"},\"primaryImageOfPage\":{\"@id\":\"https:\\\/\\\/egytourpackages.com\\\/fr\\\/tours\\\/monastere-de-saint-simeon-avec-balade-en-felouque\\\/#primaryimage\"},\"image\":{\"@id\":\"https:\\\/\\\/egytourpackages.com\\\/fr\\\/tours\\\/monastere-de-saint-simeon-avec-balade-en-felouque\\\/#primaryimage\"},\"thumbnailUrl\":\"https:\\\/\\\/egytourpackages.com\\\/wp-content\\\/uploads\\\/2026\\\/04\\\/Monastery-of-St-Simeon.jpg\",\"datePublished\":\"2026-04-13T21:19:24+00:00\",\"dateModified\":\"2026-04-26T22:28:20+00:00\",\"description\":\"Visitez le Monast\u00e8re de Saint-Sim\u00e9on avec balade en Felouque et baignade dans le Nil. Explorez l'histoire d'Assouan et profitez du fleuve. R\u00e9servez ici !\",\"breadcrumb\":{\"@id\":\"https:\\\/\\\/egytourpackages.com\\\/fr\\\/tours\\\/monastere-de-saint-simeon-avec-balade-en-felouque\\\/#breadcrumb\"},\"inLanguage\":\"fr-FR\",\"potentialAction\":[{\"@type\":\"ReadAction\",\"target\":[\"https:\\\/\\\/egytourpackages.com\\\/fr\\\/tours\\\/monastere-de-saint-simeon-avec-balade-en-felouque\\\/\"]}]},{\"@type\":\"ImageObject\",\"inLanguage\":\"fr-FR\",\"@id\":\"https:\\\/\\\/egytourpackages.com\\\/fr\\\/tours\\\/monastere-de-saint-simeon-avec-balade-en-felouque\\\/#primaryimage\",\"url\":\"https:\\\/\\\/egytourpackages.com\\\/wp-content\\\/uploads\\\/2026\\\/04\\\/Monastery-of-St-Simeon.jpg\",\"contentUrl\":\"https:\\\/\\\/egytourpackages.com\\\/wp-content\\\/uploads\\\/2026\\\/04\\\/Monastery-of-St-Simeon.jpg\",\"width\":1150,\"height\":603,\"caption\":\"Monast\u00e8re de Saint-Sim\u00e9on avec balade en Felouque\"},{\"@type\":\"BreadcrumbList\",\"@id\":\"https:\\\/\\\/egytourpackages.com\\\/fr\\\/tours\\\/monastere-de-saint-simeon-avec-balade-en-felouque\\\/#breadcrumb\",\"itemListElement\":[{\"@type\":\"ListItem\",\"position\":1,\"name\":\"Home\",\"item\":\"https:\\\/\\\/egytourpackages.com\\\/fr\\\/circuits-en-egypte\\\/\"},{\"@type\":\"ListItem\",\"position\":2,\"name\":\"Shop\",\"item\":\"https:\\\/\\\/egytourpackages.com\\\/shop\\\/\"},{\"@type\":\"ListItem\",\"position\":3,\"name\":\"Monast\u00e8re de Saint-Sim\u00e9on avec balade en Felouque\"}]},{\"@type\":\"WebSite\",\"@id\":\"https:\\\/\\\/egytourpackages.com\\\/fr\\\/#website\",\"url\":\"https:\\\/\\\/egytourpackages.com\\\/fr\\\/\",\"name\":\"Egy tour packages\",\"description\":\"\",\"publisher\":{\"@id\":\"https:\\\/\\\/egytourpackages.com\\\/fr\\\/#organization\"},\"potentialAction\":[{\"@type\":\"SearchAction\",\"target\":{\"@type\":\"EntryPoint\",\"urlTemplate\":\"https:\\\/\\\/egytourpackages.com\\\/fr\\\/?s={search_term_string}\"},\"query-input\":{\"@type\":\"PropertyValueSpecification\",\"valueRequired\":true,\"valueName\":\"search_term_string\"}}],\"inLanguage\":\"fr-FR\"},{\"@type\":[\"Organization\",\"Place\",\"TravelAgency\"],\"@id\":\"https:\\\/\\\/egytourpackages.com\\\/fr\\\/#organization\",\"name\":\"egypt tour packages\",\"alternateName\":\"egypt tour packages\",\"url\":\"https:\\\/\\\/egytourpackages.com\\\/fr\\\/\",\"logo\":{\"@id\":\"https:\\\/\\\/egytourpackages.com\\\/fr\\\/tours\\\/monastere-de-saint-simeon-avec-balade-en-felouque\\\/#local-main-organization-logo\"},\"image\":{\"@id\":\"https:\\\/\\\/egytourpackages.com\\\/fr\\\/tours\\\/monastere-de-saint-simeon-avec-balade-en-felouque\\\/#local-main-organization-logo\"},\"sameAs\":[\"https:\\\/\\\/www.facebook.com\\\/egytourpackages\"],\"legalName\":\"Egy tour packages\",\"address\":{\"@id\":\"https:\\\/\\\/egytourpackages.com\\\/fr\\\/tours\\\/monastere-de-saint-simeon-avec-balade-en-felouque\\\/#local-main-place-address\"},\"telephone\":[\"00201000852186\",\"00201028685533\"],\"contactPoint\":{\"@type\":\"ContactPoint\",\"telephone\":\"00201000852186\"},\"openingHoursSpecification\":[{\"@type\":\"OpeningHoursSpecification\",\"dayOfWeek\":[\"Monday\",\"Tuesday\",\"Wednesday\",\"Thursday\",\"Friday\",\"Saturday\",\"Sunday\"],\"opens\":\"00:00\",\"closes\":\"23:59\"}],\"email\":\"info@egytourpackages.com\",\"areaServed\":\"Cairo, Hurghada, Luxor, Sharm El Sheikh, Marsa Alam, Aswan\",\"priceRange\":\"$\",\"currenciesAccepted\":\"euro\",\"paymentAccepted\":\"Payment links online\"},{\"@type\":\"PostalAddress\",\"@id\":\"https:\\\/\\\/egytourpackages.com\\\/fr\\\/tours\\\/monastere-de-saint-simeon-avec-balade-en-felouque\\\/#local-main-place-address\",\"streetAddress\":\"Mubarak 8, Al Kawthar District, Hurghada\",\"addressLocality\":\"Hurghada\",\"postalCode\":\"84511\",\"addressRegion\":\"Red Sea\",\"addressCountry\":\"EG\"},{\"@type\":\"ImageObject\",\"inLanguage\":\"fr-FR\",\"@id\":\"https:\\\/\\\/egytourpackages.com\\\/fr\\\/tours\\\/monastere-de-saint-simeon-avec-balade-en-felouque\\\/#local-main-organization-logo\",\"url\":\"https:\\\/\\\/egytourpackages.com\\\/wp-content\\\/uploads\\\/2025\\\/12\\\/Turquoise-Dahabiya-Nile-Cruise-1.jpeg\",\"contentUrl\":\"https:\\\/\\\/egytourpackages.com\\\/wp-content\\\/uploads\\\/2025\\\/12\\\/Turquoise-Dahabiya-Nile-Cruise-1.jpeg\",\"width\":1040,\"height\":694,\"caption\":\"egypt tour packages\"}]}<\/script>\n<meta property=\"product:brand\" content=\"Excursions Assouan\" \/>\n<meta property=\"product:price:amount\" content=\"0\" \/>\n<meta property=\"product:price:currency\" content=\"EUR\" \/>\n<meta property=\"og:availability\" content=\"instock\" \/>\n<meta property=\"product:availability\" content=\"instock\" \/>\n<meta property=\"product:retailer_item_id\" content=\"DTFA 01\" \/>\n<meta property=\"product:condition\" content=\"new\" \/>\n<meta name=\"geo.placename\" content=\"Hurghada\" \/>\n<meta name=\"geo.region\" content=\"\u00c9gypte\" \/>\n<!-- \/ Yoast SEO Premium plugin. -->","yoast_head_json":{"title":"Monast\u00e8re de Saint-Sim\u00e9on avec balade en Felouque","description":"Visitez le Monast\u00e8re de Saint-Sim\u00e9on avec balade en Felouque et baignade dans le Nil. Explorez l'histoire d'Assouan et profitez du fleuve. R\u00e9servez ici !","robots":{"index":"index","follow":"follow","max-snippet":"max-snippet:-1","max-image-preview":"max-image-preview:large","max-video-preview":"max-video-preview:-1"},"canonical":"https:\/\/egytourpackages.com\/fr\/tours\/monastere-de-saint-simeon-avec-balade-en-felouque\/","og_locale":"fr_FR","og_type":"article","og_title":"Monast\u00e8re de Saint-Sim\u00e9on avec balade en Felouque","og_description":"Visitez le Monast\u00e8re de Saint-Sim\u00e9on avec balade en Felouque et baignade dans le Nil. Explorez l'histoire d'Assouan et profitez du fleuve. R\u00e9servez ici !","og_url":"https:\/\/egytourpackages.com\/fr\/tours\/monastere-de-saint-simeon-avec-balade-en-felouque\/","og_site_name":"Egypt Tour Packages","article_publisher":"https:\/\/www.facebook.com\/egytourpackages","article_modified_time":"2026-04-26T22:28:20+00:00","og_image":[{"width":1150,"height":603,"url":"https:\/\/egytourpackages.com\/wp-content\/uploads\/2026\/04\/Monastery-of-St-Simeon.jpg","type":"image\/jpeg"}],"twitter_card":"summary_large_image","twitter_title":"Monast\u00e8re de Saint-Sim\u00e9on avec balade en Felouque","twitter_misc":{"Prix":"&euro;0","Disponibilit\u00e9":"En stock"},"schema":{"@context":"https:\/\/schema.org","@graph":[{"@type":"WebPage","@id":"https:\/\/egytourpackages.com\/fr\/tours\/monastere-de-saint-simeon-avec-balade-en-felouque\/","url":"https:\/\/egytourpackages.com\/fr\/tours\/monastere-de-saint-simeon-avec-balade-en-felouque\/","name":"Monast\u00e8re de Saint-Sim\u00e9on avec balade en Felouque","isPartOf":{"@id":"https:\/\/egytourpackages.com\/fr\/#website"},"primaryImageOfPage":{"@id":"https:\/\/egytourpackages.com\/fr\/tours\/monastere-de-saint-simeon-avec-balade-en-felouque\/#primaryimage"},"image":{"@id":"https:\/\/egytourpackages.com\/fr\/tours\/monastere-de-saint-simeon-avec-balade-en-felouque\/#primaryimage"},"thumbnailUrl":"https:\/\/egytourpackages.com\/wp-content\/uploads\/2026\/04\/Monastery-of-St-Simeon.jpg","datePublished":"2026-04-13T21:19:24+00:00","dateModified":"2026-04-26T22:28:20+00:00","description":"Visitez le Monast\u00e8re de Saint-Sim\u00e9on avec balade en Felouque et baignade dans le Nil. Explorez l'histoire d'Assouan et profitez du fleuve. R\u00e9servez ici !","breadcrumb":{"@id":"https:\/\/egytourpackages.com\/fr\/tours\/monastere-de-saint-simeon-avec-balade-en-felouque\/#breadcrumb"},"inLanguage":"fr-FR","potentialAction":[{"@type":"ReadAction","target":["https:\/\/egytourpackages.com\/fr\/tours\/monastere-de-saint-simeon-avec-balade-en-felouque\/"]}]},{"@type":"ImageObject","inLanguage":"fr-FR","@id":"https:\/\/egytourpackages.com\/fr\/tours\/monastere-de-saint-simeon-avec-balade-en-felouque\/#primaryimage","url":"https:\/\/egytourpackages.com\/wp-content\/uploads\/2026\/04\/Monastery-of-St-Simeon.jpg","contentUrl":"https:\/\/egytourpackages.com\/wp-content\/uploads\/2026\/04\/Monastery-of-St-Simeon.jpg","width":1150,"height":603,"caption":"Monast\u00e8re de Saint-Sim\u00e9on avec balade en Felouque"},{"@type":"BreadcrumbList","@id":"https:\/\/egytourpackages.com\/fr\/tours\/monastere-de-saint-simeon-avec-balade-en-felouque\/#breadcrumb","itemListElement":[{"@type":"ListItem","position":1,"name":"Home","item":"https:\/\/egytourpackages.com\/fr\/circuits-en-egypte\/"},{"@type":"ListItem","position":2,"name":"Shop","item":"https:\/\/egytourpackages.com\/shop\/"},{"@type":"ListItem","position":3,"name":"Monast\u00e8re de Saint-Sim\u00e9on avec balade en Felouque"}]},{"@type":"WebSite","@id":"https:\/\/egytourpackages.com\/fr\/#website","url":"https:\/\/egytourpackages.com\/fr\/","name":"Egy tour packages","description":"","publisher":{"@id":"https:\/\/egytourpackages.com\/fr\/#organization"},"potentialAction":[{"@type":"SearchAction","target":{"@type":"EntryPoint","urlTemplate":"https:\/\/egytourpackages.com\/fr\/?s={search_term_string}"},"query-input":{"@type":"PropertyValueSpecification","valueRequired":true,"valueName":"search_term_string"}}],"inLanguage":"fr-FR"},{"@type":["Organization","Place","TravelAgency"],"@id":"https:\/\/egytourpackages.com\/fr\/#organization","name":"egypt tour packages","alternateName":"egypt tour packages","url":"https:\/\/egytourpackages.com\/fr\/","logo":{"@id":"https:\/\/egytourpackages.com\/fr\/tours\/monastere-de-saint-simeon-avec-balade-en-felouque\/#local-main-organization-logo"},"image":{"@id":"https:\/\/egytourpackages.com\/fr\/tours\/monastere-de-saint-simeon-avec-balade-en-felouque\/#local-main-organization-logo"},"sameAs":["https:\/\/www.facebook.com\/egytourpackages"],"legalName":"Egy tour packages","address":{"@id":"https:\/\/egytourpackages.com\/fr\/tours\/monastere-de-saint-simeon-avec-balade-en-felouque\/#local-main-place-address"},"telephone":["00201000852186","00201028685533"],"contactPoint":{"@type":"ContactPoint","telephone":"00201000852186"},"openingHoursSpecification":[{"@type":"OpeningHoursSpecification","dayOfWeek":["Monday","Tuesday","Wednesday","Thursday","Friday","Saturday","Sunday"],"opens":"00:00","closes":"23:59"}],"email":"info@egytourpackages.com","areaServed":"Cairo, Hurghada, Luxor, Sharm El Sheikh, Marsa Alam, Aswan","priceRange":"$","currenciesAccepted":"euro","paymentAccepted":"Payment links online"},{"@type":"PostalAddress","@id":"https:\/\/egytourpackages.com\/fr\/tours\/monastere-de-saint-simeon-avec-balade-en-felouque\/#local-main-place-address","streetAddress":"Mubarak 8, Al Kawthar District, Hurghada","addressLocality":"Hurghada","postalCode":"84511","addressRegion":"Red Sea","addressCountry":"EG"},{"@type":"ImageObject","inLanguage":"fr-FR","@id":"https:\/\/egytourpackages.com\/fr\/tours\/monastere-de-saint-simeon-avec-balade-en-felouque\/#local-main-organization-logo","url":"https:\/\/egytourpackages.com\/wp-content\/uploads\/2025\/12\/Turquoise-Dahabiya-Nile-Cruise-1.jpeg","contentUrl":"https:\/\/egytourpackages.com\/wp-content\/uploads\/2025\/12\/Turquoise-Dahabiya-Nile-Cruise-1.jpeg","width":1040,"height":694,"caption":"egypt tour packages"}]},"product_brand":"Excursions Assouan","product_price_currency":"EUR","og_availability":"instock","product_availability":"instock","product_retailer_item_id":"DTFA 01","product_condition":"new","geo.placename":"Hurghada","geo.region":"\u00c9gypte"},"_links":{"self":[{"href":"https:\/\/egytourpackages.com\/fr\/wp-json\/wp\/v2\/product\/16454","targetHints":{"allow":["GET"]}}],"collection":[{"href":"https:\/\/egytourpackages.com\/fr\/wp-json\/wp\/v2\/product"}],"about":[{"href":"https:\/\/egytourpackages.com\/fr\/wp-json\/wp\/v2\/types\/product"}],"replies":[{"embeddable":true,"href":"https:\/\/egytourpackages.com\/fr\/wp-json\/wp\/v2\/comments?post=16454"}],"wp:featuredmedia":[{"embeddable":true,"href":"https:\/\/egytourpackages.com\/fr\/wp-json\/wp\/v2\/media\/16076"}],"wp:attachment":[{"href":"https:\/\/egytourpackages.com\/fr\/wp-json\/wp\/v2\/media?parent=16454"}],"wp:term":[{"taxonomy":"product_brand","embeddable":true,"href":"https:\/\/egytourpackages.com\/fr\/wp-json\/wp\/v2\/product_brand?post=16454"},{"taxonomy":"product_cat","embeddable":true,"href":"https:\/\/egytourpackages.com\/fr\/wp-json\/wp\/v2\/product_cat?post=16454"},{"taxonomy":"product_tag","embeddable":true,"href":"https:\/\/egytourpackages.com\/fr\/wp-json\/wp\/v2\/product_tag?post=16454"}],"curies":[{"name":"wp","href":"https:\/\/api.w.org\/{rel}","templated":true}]}}