{"id":6096,"date":"2025-08-12T13:04:19","date_gmt":"2025-08-12T13:04:19","guid":{"rendered":"https:\/\/egytourpackages.com\/product\/excursion-de-2-jours-a-loasis-de-siwa-depuis-marsa-matrouh\/"},"modified":"2026-01-03T22:44:50","modified_gmt":"2026-01-03T22:44:50","slug":"excursion-de-2-jours-a-loasis-de-siwa-depuis-marsa-matrouh","status":"publish","type":"product","link":"https:\/\/egytourpackages.com\/fr\/tours\/excursion-de-2-jours-a-loasis-de-siwa-depuis-marsa-matrouh\/","title":{"rendered":"Excursion de 2 Jours \u00e0 l&rsquo;Oasis de Siwa depuis Marsa Matrouh"},"content":{"rendered":"<p><span style=\"color: #ff6600;\"><strong>Excursion de 2 Jours \u00e0 l&rsquo;Oasis de Siwa depuis Marsa Matrouh<\/strong><\/span><\/p>\n<p>Notre <strong>circuit de 2 jours \u00e0 l&rsquo;Oasis de Siwa au d\u00e9part de Marsa Matrouh<\/strong> est l&rsquo;\u00e9vasion parfaite pour ceux qui recherchent un m\u00e9lange unique d&rsquo;aventure, d&rsquo;histoire ancienne et de beaut\u00e9 naturelle sereine. Ce <strong>forfait de voyage en \u00c9gypte<\/strong> sp\u00e9cialement con\u00e7u offre une exp\u00e9rience compl\u00e8te des meilleurs sites de l&rsquo;<strong>Oasis de Siwa<\/strong> d\u00e8s votre arriv\u00e9e. De plus, les sites les plus spectaculaires sont inclus, con\u00e7us pour un plaisir maximal et un temps de trajet minimal.<\/p>\n<p>D\u00e9couvrez pourquoi Siwa est le joyau du <strong>d\u00e9sert occidental<\/strong>. Votre aventure commence par un trajet confortable, vous transportant des rivages c\u00f4tiers au c\u0153ur du Sahara. Les deux prochains jours sont une plong\u00e9e profonde dans la culture de Siwa et ses merveilles naturelles.<\/p>\n<p>Cette <strong>excursion \u00e0 Siwa<\/strong> est id\u00e9ale pour les aventuriers, les passionn\u00e9s d&rsquo;histoire et les amoureux de la nature. C&rsquo;est le meilleur moyen d&rsquo;explorer les joyaux cach\u00e9s du d\u00e9sert occidental de l&rsquo;\u00c9gypte. Les points forts de votre circuit sont un m\u00e9lange inoubliable d&rsquo;aventure et de tranquillit\u00e9.<\/p>\n<h3><span style=\"color: #ff6600;\">Attractions de l&rsquo;Oasis de Siwa<\/span><\/h3>\n<p>Commencez votre excursion en flottant sans effort dans les eaux surr\u00e9alistes et turquoise des c\u00e9l\u00e8bres <strong>Lacs sal\u00e9s de Siwa<\/strong>, connus pour leurs propri\u00e9t\u00e9s th\u00e9rapeutiques. Ensuite, vous remonterez le temps avec une visite de l&#8217;embl\u00e9matique <strong>Forteresse de Shali<\/strong>, le c\u0153ur historique de l&rsquo;oasis.<\/p>\n<p>Vous explorerez \u00e9galement le sacr\u00e9 <strong>Temple de l&rsquo;Oracle<\/strong>, o\u00f9 <strong>Alexandre le Grand<\/strong> a cherch\u00e9 sa destin\u00e9e, et l&rsquo;ancien lieu de s\u00e9pulture de <strong>Gebel al-Mawta<\/strong> (Montagne des Morts).<\/p>\n<p>Pour rajeunir votre corps et votre esprit, faites un plongeon relaxant dans la l\u00e9gendaire <strong>Source de Cl\u00e9op\u00e2tre<\/strong>, et \u00e0 l&rsquo;approche du soir, d\u00e9tendez-vous dans une source chaude naturelle sous un ciel \u00e9toil\u00e9.<\/p>\n<p>Vous terminerez votre journ\u00e9e avec une vue imprenable sur le coucher de soleil depuis l&rsquo;<strong>\u00eele de Fatnas<\/strong>, o\u00f9 le soleil fond dans le lac tranquille. L&rsquo;excursion se termine par une <strong>exp\u00e9rience b\u00e9douine authentique<\/strong> o\u00f9 vous profiterez d&rsquo;un d\u00eener traditionnel et d&rsquo;une nuit dans un h\u00f4tel confortable.<\/p>\n<p><strong>R\u00e9servez votre safari dans le d\u00e9sert et votre excursion \u00e0 Siwa<\/strong> d\u00e8s aujourd&rsquo;hui pour une aventure qui cr\u00e9era des souvenirs qui dureront toute une vie.<\/p>\n<h3><span style=\"color: #ff6600;\">D\u00e9tails du voyage<\/span><\/h3>\n<ul>\n<li>Dur\u00e9e: 2 Jours \/ 1 Nuit<\/li>\n<li>Type de voyage: Priv\u00e9<\/li>\n<li>Disponibilit\u00e9: Tous les jours<\/li>\n<li>Taille du groupe: de 1 \u00e0 10<\/li>\n<li><strong>Langues: Fran\u00e7ais<\/strong><\/li>\n<li>Programme: R\u00e9servation en ligne<\/li>\n<li>Prise en charge et retour: H\u00f4tels \u00e0 Marsa Matrouh<\/li>\n<\/ul>\n<h3><span style=\"color: #ff6600;\">Points forts<\/span><\/h3>\n<ul>\n<li>Lac sal\u00e9<\/li>\n<li>Bain de Cl\u00e9op\u00e2tre<\/li>\n<li>\u00cele de Fatnas<\/li>\n<li>Montagne des Morts<\/li>\n<li>Montagne de Dakrour<\/li>\n<li>Temple de l&rsquo;Oracle<\/li>\n<li>Forteresse de Shali<\/li>\n<\/ul>\n<h3><span style=\"color: #ff6600;\">Inclusions<\/span><\/h3>\n<ul>\n<li>Prise en charge et retour \u00e0 l&rsquo;h\u00f4tel avec un v\u00e9hicule neuf climatis\u00e9<\/li>\n<li>Frais d&rsquo;entr\u00e9e pour tous les sites du programme<\/li>\n<li><strong>Guide parlant fran\u00e7ais<\/strong><\/li>\n<li>1 nuit d&rsquo;h\u00e9bergement \u00e0 l&rsquo;h\u00f4tel \u00e0 Siwa en formule B&amp;B<\/li>\n<\/ul>\n<h3><span style=\"color: #ff6600;\">Exclusions<\/span><\/h3>\n<ul>\n<li>Pourboires<\/li>\n<li>Boissons pendant les repas<\/li>\n<li>Tout ce qui n&rsquo;est pas mentionn\u00e9 dans le programme<\/li>\n<\/ul>\n<h3><span style=\"color: #ff6600;\">Quoi apporter avec vous?<\/span><\/h3>\n<ul>\n<li>Passeports<\/li>\n<li>Chapeau, \u00e9charpe<\/li>\n<li>Lunettes de soleil &amp; cr\u00e8me solaire<\/li>\n<li>Maillots de bain<\/li>\n<li>V\u00eatements chauds en hiver<\/li>\n<\/ul>\n<h3><span style=\"color: #ff6600;\">Itin\u00e9raire<\/span><\/h3>\n<h3><span style=\"color: #ff6600;\">Jour 1 : Lacs sal\u00e9s, Sources &amp; Coucher de soleil \u00e0 Siwa<\/span><\/h3>\n<p>Votre aventure commence par un transfert confortable vers l&rsquo;enchanteresse <strong>Oasis de Siwa<\/strong>. \u00c0 votre arriv\u00e9e, vous aurez droit \u00e0 un d\u00e9licieux <strong>d\u00e9jeuner dans un restaurant local<\/strong> pour avoir un avant-go\u00fbt de la cuisine authentique de Siwa avant de vous enregistrer \u00e0 votre h\u00f4tel. Dans l&rsquo;apr\u00e8s-midi, votre programme commence par une visite des surr\u00e9alistes et \u00e9poustouflants <strong>Lacs sal\u00e9s de Siwa<\/strong>. Vous aurez l&rsquo;occasion inoubliable de flotter sans effort dans l&rsquo;eau sal\u00e9e hautement th\u00e9rapeutique et cristalline, une exp\u00e9rience souvent compar\u00e9e \u00e0 la mer Morte.<\/p>\n<p>Ensuite, vous visiterez la l\u00e9gendaire <strong>Source de Cl\u00e9op\u00e2tre<\/strong> (\u00e9galement connue sous le nom de <strong>Ain Guba<\/strong>), une source chaude naturelle o\u00f9 vous pourrez profiter d&rsquo;un plongeon rafra\u00eechissant et relaxant. Au fil de la journ\u00e9e, nous nous dirigerons vers l&rsquo;<strong>\u00eele de Fatnas<\/strong> pour une exp\u00e9rience vraiment magique. Cette petite \u00eele, localement c\u00e9l\u00e8bre pour sa beaut\u00e9, est l&rsquo;endroit parfait pour assister \u00e0 un <strong>coucher de soleil \u00e0 Siwa<\/strong> \u00e0 couper le souffle alors que le soleil se couche sous l&rsquo;horizon.<\/p>\n<p>Terminez votre journ\u00e9e avec un d\u00e9licieux d\u00eener et une nuit \u00e0 l&rsquo;h\u00f4tel.<\/p>\n<p><strong>Repas:<\/strong> D\u00e9jeuner, D\u00eener<\/p>\n<h3><span style=\"color: #ff6600;\">Jour 2: Tr\u00e9sors historiques &amp; voyage de retour<\/span><\/h3>\n<p>Apr\u00e8s un d\u00e9licieux petit-d\u00e9jeuner \u00e0 votre h\u00f4tel, nous nous plongerons dans le riche pass\u00e9 de Siwa. Notre premier arr\u00eat est l&#8217;embl\u00e9matique <strong>Forteresse de Shali<\/strong>, l&rsquo;\u00e9picentre historique de l&rsquo;oasis.<\/p>\n<p>Ensuite, nous visiterons la sacr\u00e9e <strong>Gebel al-Mawta<\/strong> (Montagne des Morts), une ancienne n\u00e9cropole avec de superbes tombes fun\u00e9raires. Nous nous rendrons ensuite \u00e0 l&rsquo;unique <strong>Gebel al-Dakrour<\/strong>, une montagne dont on pense qu&rsquo;elle a des propri\u00e9t\u00e9s curatives.<\/p>\n<p>Le point culminant de la journ\u00e9e est une visite du mondialement c\u00e9l\u00e8bre <strong>Temple de l&rsquo;Oracle<\/strong>, \u00e9galement connu sous le nom de <strong>Temple d&rsquo;Amon<\/strong>, o\u00f9 <strong>Alexandre le Grand<\/strong> a cherch\u00e9 sa destin\u00e9e. Apr\u00e8s un dernier <strong>d\u00e9jeuner<\/strong> inclus dans votre circuit, vous commencerez votre voyage pittoresque de retour \u00e0 votre h\u00f4tel \u00e0 Marsa Matrouh, rempli de souvenirs incroyables de votre <strong>aventure dans le d\u00e9sert de Siwa<\/strong>.<\/p>\n<p><strong>Repas:<\/strong> Petit-d\u00e9jeuner, D\u00e9jeuner<\/p>\n<h3><span style=\"color: #ff6600;\">Prix de l&rsquo;Excursion de 2 jours \u00e0 l&rsquo;Oasis de Siwa depuis Marsa Matrouh<\/span><\/h3>\n<ul>\n<li>Prix adulte = 150 \u20ac<\/li>\n<li>Enfants de 0 \u00e0 5 ans = gratuit<\/li>\n<li>Enfants de 5 \u00e0 11 ans = 50% du prix adulte<\/li>\n<\/ul>\n<h3><span style=\"color: #ff6600;\">R\u00e9servation<\/span><\/h3>\n<p>Vous pouvez r\u00e9server votre circuit via WhatsApp ou nous envoyer un e-mail et vous recevrez la confirmation sur place.<\/p>\n<p>Veuillez nous envoyer le nom de votre h\u00f4tel, le num\u00e9ro de votre chambre et des copies de votre passeport.<\/p>\n<p><strong>WhatsApp<\/strong>: +201000852186<\/p>\n<p><strong>E-mail<\/strong>: info@egytourpackages.com<\/p>\n<h3><span style=\"color: #ff6600;\">R\u00e9servez maintenant et payez sur place<\/span><\/h3>\n<p>R\u00e9servez votre circuit pr\u00e9f\u00e9r\u00e9 et payez le jour du voyage.<\/p>\n<h3><span style=\"color: #ff6600;\">Paiement<\/span><\/h3>\n<p>Vous pouvez payer en livres \u00e9gyptiennes, $, \u20ac ou \u00a3.<\/p>\n<h3><span style=\"color: #ff6600;\">Politique d&rsquo;annulation<\/span><\/h3>\n<ul>\n<li>L&rsquo;annulation est gratuite jusqu&rsquo;\u00e0 24 heures \u00e0 l&rsquo;avance.<\/li>\n<li>L&rsquo;annulation le matin est de 50% du prix.<\/li>\n<\/ul>\n","protected":false},"excerpt":{"rendered":"<p>Plongez dans l&rsquo;oasis de Siwa! Excursion de 2 Jours \u00e0 l&rsquo;Oasis de Siwa depuis Marsa Matrouh pour explorer lacs sal\u00e9s, sites historiques,et la beaut\u00e9 du d\u00e9sert<\/p>\n","protected":false},"featured_media":6099,"comment_status":"closed","ping_status":"closed","template":"","meta":[],"product_brand":[],"product_cat":[3124],"product_tag":[3275,3305,3292],"class_list":{"0":"post-6096","1":"product","2":"type-product","3":"status-publish","4":"has-post-thumbnail","6":"product_cat-tours-fr","7":"product_tag-excursions-dune-journee-en-egypte","8":"product_tag-visites-de-loasis-de-siwa-au-depart-de-marsa-matruh","9":"product_tag-visites-guidees-de-marsa-matruh","10":"tour_category-circuits-et-excursions-marsa-matrouh-fr","11":"tour_category-excursion-oasis-de-siwa-depuis-marsa-matrouh-fr","12":"tour_category-excursions-en-egypte-fr","14":"first","15":"instock","16":"sale","17":"shipping-taxable","18":"purchasable","19":"product-type-tour","20":"has-default-attributes"},"yoast_head":"<!-- This site is optimized with the Yoast SEO Premium plugin v27.2 (Yoast SEO v27.2) - https:\/\/yoast.com\/product\/yoast-seo-premium-wordpress\/ -->\n<title>Excursion de 2 Jours \u00e0 l&#039;Oasis de Siwa depuis Marsa Matrouh<\/title>\n<meta name=\"description\" content=\"Plongez dans l&#039;oasis de Siwa! Excursion de 2 Jours \u00e0 l&#039;Oasis de Siwa depuis Marsa Matrouh pour explorer lacs sal\u00e9s, sites historiques,et la beaut\u00e9 du d\u00e9sert\" \/>\n<meta name=\"robots\" content=\"index, follow, max-snippet:-1, max-image-preview:large, max-video-preview:-1\" \/>\n<link rel=\"canonical\" href=\"https:\/\/egytourpackages.com\/fr\/tours\/excursion-de-2-jours-a-loasis-de-siwa-depuis-marsa-matrouh\/\" \/>\n<meta property=\"og:locale\" content=\"fr_FR\" \/>\n<meta property=\"og:type\" content=\"article\" \/>\n<meta property=\"og:title\" content=\"Excursion de 2 Jours \u00e0 l&#039;Oasis de Siwa depuis Marsa Matrouh\" \/>\n<meta property=\"og:description\" content=\"Plongez dans l&#039;oasis de Siwa! Excursion de 2 Jours \u00e0 l&#039;Oasis de Siwa depuis Marsa Matrouh pour explorer lacs sal\u00e9s, sites historiques,et la beaut\u00e9 du d\u00e9sert\" \/>\n<meta property=\"og:url\" content=\"https:\/\/egytourpackages.com\/fr\/tours\/excursion-de-2-jours-a-loasis-de-siwa-depuis-marsa-matrouh\/\" \/>\n<meta property=\"og:site_name\" content=\"Egypt Tour Packages\" \/>\n<meta property=\"article:publisher\" content=\"https:\/\/www.facebook.com\/egytourpackages\" \/>\n<meta property=\"article:modified_time\" content=\"2026-01-03T22:44:50+00:00\" \/>\n<meta property=\"og:image\" content=\"https:\/\/egytourpackages.com\/wp-content\/uploads\/2025\/08\/Siwa-Oasis.jpeg\" \/>\n\t<meta property=\"og:image:width\" content=\"1600\" \/>\n\t<meta property=\"og:image:height\" content=\"1200\" \/>\n\t<meta property=\"og:image:type\" content=\"image\/jpeg\" \/>\n<meta name=\"twitter:card\" content=\"summary_large_image\" \/>\n<meta name=\"twitter:title\" content=\"Excursion de 2 Jours \u00e0 l&#039;Oasis de Siwa depuis Marsa Matrouh\" \/>\n<meta name=\"twitter:label1\" content=\"Prix\" \/>\n\t<meta name=\"twitter:data1\" content=\"&euro;150\" \/>\n\t<meta name=\"twitter:label2\" content=\"Disponibilit\u00e9\" \/>\n\t<meta name=\"twitter:data2\" content=\"En stock\" \/>\n<script type=\"application\/ld+json\" class=\"yoast-schema-graph\">{\"@context\":\"https:\/\/schema.org\",\"@graph\":[{\"@type\":\"WebPage\",\"@id\":\"https:\/\/egytourpackages.com\/fr\/tours\/excursion-de-2-jours-a-loasis-de-siwa-depuis-marsa-matrouh\/\",\"url\":\"https:\/\/egytourpackages.com\/fr\/tours\/excursion-de-2-jours-a-loasis-de-siwa-depuis-marsa-matrouh\/\",\"name\":\"Excursion de 2 Jours \u00e0 l'Oasis de Siwa depuis Marsa Matrouh\",\"isPartOf\":{\"@id\":\"https:\/\/egytourpackages.com\/fr\/#website\"},\"primaryImageOfPage\":{\"@id\":\"https:\/\/egytourpackages.com\/fr\/tours\/excursion-de-2-jours-a-loasis-de-siwa-depuis-marsa-matrouh\/#primaryimage\"},\"image\":{\"@id\":\"https:\/\/egytourpackages.com\/fr\/tours\/excursion-de-2-jours-a-loasis-de-siwa-depuis-marsa-matrouh\/#primaryimage\"},\"thumbnailUrl\":\"https:\/\/egytourpackages.com\/wp-content\/uploads\/2025\/08\/Siwa-Oasis.jpeg\",\"datePublished\":\"2025-08-12T13:04:19+00:00\",\"dateModified\":\"2026-01-03T22:44:50+00:00\",\"description\":\"Plongez dans l'oasis de Siwa! Excursion de 2 Jours \u00e0 l'Oasis de Siwa depuis Marsa Matrouh pour explorer lacs sal\u00e9s, sites historiques,et la beaut\u00e9 du d\u00e9sert\",\"breadcrumb\":{\"@id\":\"https:\/\/egytourpackages.com\/fr\/tours\/excursion-de-2-jours-a-loasis-de-siwa-depuis-marsa-matrouh\/#breadcrumb\"},\"inLanguage\":\"fr-FR\",\"potentialAction\":[{\"@type\":\"ReadAction\",\"target\":[\"https:\/\/egytourpackages.com\/fr\/tours\/excursion-de-2-jours-a-loasis-de-siwa-depuis-marsa-matrouh\/\"]}]},{\"@type\":\"ImageObject\",\"inLanguage\":\"fr-FR\",\"@id\":\"https:\/\/egytourpackages.com\/fr\/tours\/excursion-de-2-jours-a-loasis-de-siwa-depuis-marsa-matrouh\/#primaryimage\",\"url\":\"https:\/\/egytourpackages.com\/wp-content\/uploads\/2025\/08\/Siwa-Oasis.jpeg\",\"contentUrl\":\"https:\/\/egytourpackages.com\/wp-content\/uploads\/2025\/08\/Siwa-Oasis.jpeg\",\"width\":1600,\"height\":1200,\"caption\":\"Oasis de Siwa\"},{\"@type\":\"BreadcrumbList\",\"@id\":\"https:\/\/egytourpackages.com\/fr\/tours\/excursion-de-2-jours-a-loasis-de-siwa-depuis-marsa-matrouh\/#breadcrumb\",\"itemListElement\":[{\"@type\":\"ListItem\",\"position\":1,\"name\":\"Home\",\"item\":\"https:\/\/egytourpackages.com\/fr\/circuits-en-egypte\/\"},{\"@type\":\"ListItem\",\"position\":2,\"name\":\"Shop\",\"item\":\"https:\/\/egytourpackages.com\/shop\/\"},{\"@type\":\"ListItem\",\"position\":3,\"name\":\"Excursion de 2 Jours \u00e0 l&rsquo;Oasis de Siwa depuis Marsa Matrouh\"}]},{\"@type\":\"WebSite\",\"@id\":\"https:\/\/egytourpackages.com\/fr\/#website\",\"url\":\"https:\/\/egytourpackages.com\/fr\/\",\"name\":\"Egy tour packages\",\"description\":\"\",\"publisher\":{\"@id\":\"https:\/\/egytourpackages.com\/fr\/#organization\"},\"potentialAction\":[{\"@type\":\"SearchAction\",\"target\":{\"@type\":\"EntryPoint\",\"urlTemplate\":\"https:\/\/egytourpackages.com\/fr\/?s={search_term_string}\"},\"query-input\":{\"@type\":\"PropertyValueSpecification\",\"valueRequired\":true,\"valueName\":\"search_term_string\"}}],\"inLanguage\":\"fr-FR\"},{\"@type\":[\"Organization\",\"Place\",\"TravelAgency\"],\"@id\":\"https:\/\/egytourpackages.com\/fr\/#organization\",\"name\":\"egypt tour packages\",\"alternateName\":\"egypt tour packages\",\"url\":\"https:\/\/egytourpackages.com\/fr\/\",\"logo\":{\"@id\":\"https:\/\/egytourpackages.com\/fr\/tours\/excursion-de-2-jours-a-loasis-de-siwa-depuis-marsa-matrouh\/#local-main-organization-logo\"},\"image\":{\"@id\":\"https:\/\/egytourpackages.com\/fr\/tours\/excursion-de-2-jours-a-loasis-de-siwa-depuis-marsa-matrouh\/#local-main-organization-logo\"},\"sameAs\":[\"https:\/\/www.facebook.com\/egytourpackages\"],\"legalName\":\"Egy tour packages\",\"address\":{\"@id\":\"https:\/\/egytourpackages.com\/fr\/tours\/excursion-de-2-jours-a-loasis-de-siwa-depuis-marsa-matrouh\/#local-main-place-address\"},\"telephone\":[\"00201000852186\",\"00201028685533\"],\"contactPoint\":{\"@type\":\"ContactPoint\",\"telephone\":\"00201000852186\"},\"openingHoursSpecification\":[{\"@type\":\"OpeningHoursSpecification\",\"dayOfWeek\":[\"Monday\",\"Tuesday\",\"Wednesday\",\"Thursday\",\"Friday\",\"Saturday\",\"Sunday\"],\"opens\":\"00:00\",\"closes\":\"23:59\"}],\"email\":\"info@egytourpackages.com\",\"areaServed\":\"Cairo, Hurghada, Luxor, Sharm El Sheikh, Marsa Alam, Aswan\",\"priceRange\":\"$\",\"currenciesAccepted\":\"euro\",\"paymentAccepted\":\"Payment links online\"},{\"@type\":\"PostalAddress\",\"@id\":\"https:\/\/egytourpackages.com\/fr\/tours\/excursion-de-2-jours-a-loasis-de-siwa-depuis-marsa-matrouh\/#local-main-place-address\",\"streetAddress\":\"Mubarak 8, Al Kawthar District, Hurghada\",\"addressLocality\":\"Hurghada\",\"postalCode\":\"84511\",\"addressRegion\":\"Red Sea\",\"addressCountry\":\"EG\"},{\"@type\":\"ImageObject\",\"inLanguage\":\"fr-FR\",\"@id\":\"https:\/\/egytourpackages.com\/fr\/tours\/excursion-de-2-jours-a-loasis-de-siwa-depuis-marsa-matrouh\/#local-main-organization-logo\",\"url\":\"https:\/\/egytourpackages.com\/wp-content\/uploads\/2025\/12\/Turquoise-Dahabiya-Nile-Cruise-1.jpeg\",\"contentUrl\":\"https:\/\/egytourpackages.com\/wp-content\/uploads\/2025\/12\/Turquoise-Dahabiya-Nile-Cruise-1.jpeg\",\"width\":1040,\"height\":694,\"caption\":\"egypt tour packages\"}]}<\/script>\n<meta property=\"product:brand\" content=\"Circuits et excursions Marsa Matrouh\" \/>\n<meta property=\"product:price:amount\" content=\"150\" \/>\n<meta property=\"product:price:currency\" content=\"EUR\" \/>\n<meta property=\"og:availability\" content=\"instock\" \/>\n<meta property=\"product:availability\" content=\"instock\" \/>\n<meta property=\"product:retailer_item_id\" content=\"MMT01\" \/>\n<meta property=\"product:condition\" content=\"new\" \/>\n<meta name=\"geo.placename\" content=\"Hurghada\" \/>\n<meta name=\"geo.region\" content=\"\u00c9gypte\" \/>\n<!-- \/ Yoast SEO Premium plugin. -->","yoast_head_json":{"title":"Excursion de 2 Jours \u00e0 l'Oasis de Siwa depuis Marsa Matrouh","description":"Plongez dans l'oasis de Siwa! Excursion de 2 Jours \u00e0 l'Oasis de Siwa depuis Marsa Matrouh pour explorer lacs sal\u00e9s, sites historiques,et la beaut\u00e9 du d\u00e9sert","robots":{"index":"index","follow":"follow","max-snippet":"max-snippet:-1","max-image-preview":"max-image-preview:large","max-video-preview":"max-video-preview:-1"},"canonical":"https:\/\/egytourpackages.com\/fr\/tours\/excursion-de-2-jours-a-loasis-de-siwa-depuis-marsa-matrouh\/","og_locale":"fr_FR","og_type":"article","og_title":"Excursion de 2 Jours \u00e0 l'Oasis de Siwa depuis Marsa Matrouh","og_description":"Plongez dans l'oasis de Siwa! Excursion de 2 Jours \u00e0 l'Oasis de Siwa depuis Marsa Matrouh pour explorer lacs sal\u00e9s, sites historiques,et la beaut\u00e9 du d\u00e9sert","og_url":"https:\/\/egytourpackages.com\/fr\/tours\/excursion-de-2-jours-a-loasis-de-siwa-depuis-marsa-matrouh\/","og_site_name":"Egypt Tour Packages","article_publisher":"https:\/\/www.facebook.com\/egytourpackages","article_modified_time":"2026-01-03T22:44:50+00:00","og_image":[{"width":1600,"height":1200,"url":"https:\/\/egytourpackages.com\/wp-content\/uploads\/2025\/08\/Siwa-Oasis.jpeg","type":"image\/jpeg"}],"twitter_card":"summary_large_image","twitter_title":"Excursion de 2 Jours \u00e0 l'Oasis de Siwa depuis Marsa Matrouh","twitter_misc":{"Prix":"&euro;150","Disponibilit\u00e9":"En stock"},"schema":{"@context":"https:\/\/schema.org","@graph":[{"@type":"WebPage","@id":"https:\/\/egytourpackages.com\/fr\/tours\/excursion-de-2-jours-a-loasis-de-siwa-depuis-marsa-matrouh\/","url":"https:\/\/egytourpackages.com\/fr\/tours\/excursion-de-2-jours-a-loasis-de-siwa-depuis-marsa-matrouh\/","name":"Excursion de 2 Jours \u00e0 l'Oasis de Siwa depuis Marsa Matrouh","isPartOf":{"@id":"https:\/\/egytourpackages.com\/fr\/#website"},"primaryImageOfPage":{"@id":"https:\/\/egytourpackages.com\/fr\/tours\/excursion-de-2-jours-a-loasis-de-siwa-depuis-marsa-matrouh\/#primaryimage"},"image":{"@id":"https:\/\/egytourpackages.com\/fr\/tours\/excursion-de-2-jours-a-loasis-de-siwa-depuis-marsa-matrouh\/#primaryimage"},"thumbnailUrl":"https:\/\/egytourpackages.com\/wp-content\/uploads\/2025\/08\/Siwa-Oasis.jpeg","datePublished":"2025-08-12T13:04:19+00:00","dateModified":"2026-01-03T22:44:50+00:00","description":"Plongez dans l'oasis de Siwa! Excursion de 2 Jours \u00e0 l'Oasis de Siwa depuis Marsa Matrouh pour explorer lacs sal\u00e9s, sites historiques,et la beaut\u00e9 du d\u00e9sert","breadcrumb":{"@id":"https:\/\/egytourpackages.com\/fr\/tours\/excursion-de-2-jours-a-loasis-de-siwa-depuis-marsa-matrouh\/#breadcrumb"},"inLanguage":"fr-FR","potentialAction":[{"@type":"ReadAction","target":["https:\/\/egytourpackages.com\/fr\/tours\/excursion-de-2-jours-a-loasis-de-siwa-depuis-marsa-matrouh\/"]}]},{"@type":"ImageObject","inLanguage":"fr-FR","@id":"https:\/\/egytourpackages.com\/fr\/tours\/excursion-de-2-jours-a-loasis-de-siwa-depuis-marsa-matrouh\/#primaryimage","url":"https:\/\/egytourpackages.com\/wp-content\/uploads\/2025\/08\/Siwa-Oasis.jpeg","contentUrl":"https:\/\/egytourpackages.com\/wp-content\/uploads\/2025\/08\/Siwa-Oasis.jpeg","width":1600,"height":1200,"caption":"Oasis de Siwa"},{"@type":"BreadcrumbList","@id":"https:\/\/egytourpackages.com\/fr\/tours\/excursion-de-2-jours-a-loasis-de-siwa-depuis-marsa-matrouh\/#breadcrumb","itemListElement":[{"@type":"ListItem","position":1,"name":"Home","item":"https:\/\/egytourpackages.com\/fr\/circuits-en-egypte\/"},{"@type":"ListItem","position":2,"name":"Shop","item":"https:\/\/egytourpackages.com\/shop\/"},{"@type":"ListItem","position":3,"name":"Excursion de 2 Jours \u00e0 l&rsquo;Oasis de Siwa depuis Marsa Matrouh"}]},{"@type":"WebSite","@id":"https:\/\/egytourpackages.com\/fr\/#website","url":"https:\/\/egytourpackages.com\/fr\/","name":"Egy tour packages","description":"","publisher":{"@id":"https:\/\/egytourpackages.com\/fr\/#organization"},"potentialAction":[{"@type":"SearchAction","target":{"@type":"EntryPoint","urlTemplate":"https:\/\/egytourpackages.com\/fr\/?s={search_term_string}"},"query-input":{"@type":"PropertyValueSpecification","valueRequired":true,"valueName":"search_term_string"}}],"inLanguage":"fr-FR"},{"@type":["Organization","Place","TravelAgency"],"@id":"https:\/\/egytourpackages.com\/fr\/#organization","name":"egypt tour packages","alternateName":"egypt tour packages","url":"https:\/\/egytourpackages.com\/fr\/","logo":{"@id":"https:\/\/egytourpackages.com\/fr\/tours\/excursion-de-2-jours-a-loasis-de-siwa-depuis-marsa-matrouh\/#local-main-organization-logo"},"image":{"@id":"https:\/\/egytourpackages.com\/fr\/tours\/excursion-de-2-jours-a-loasis-de-siwa-depuis-marsa-matrouh\/#local-main-organization-logo"},"sameAs":["https:\/\/www.facebook.com\/egytourpackages"],"legalName":"Egy tour packages","address":{"@id":"https:\/\/egytourpackages.com\/fr\/tours\/excursion-de-2-jours-a-loasis-de-siwa-depuis-marsa-matrouh\/#local-main-place-address"},"telephone":["00201000852186","00201028685533"],"contactPoint":{"@type":"ContactPoint","telephone":"00201000852186"},"openingHoursSpecification":[{"@type":"OpeningHoursSpecification","dayOfWeek":["Monday","Tuesday","Wednesday","Thursday","Friday","Saturday","Sunday"],"opens":"00:00","closes":"23:59"}],"email":"info@egytourpackages.com","areaServed":"Cairo, Hurghada, Luxor, Sharm El Sheikh, Marsa Alam, Aswan","priceRange":"$","currenciesAccepted":"euro","paymentAccepted":"Payment links online"},{"@type":"PostalAddress","@id":"https:\/\/egytourpackages.com\/fr\/tours\/excursion-de-2-jours-a-loasis-de-siwa-depuis-marsa-matrouh\/#local-main-place-address","streetAddress":"Mubarak 8, Al Kawthar District, Hurghada","addressLocality":"Hurghada","postalCode":"84511","addressRegion":"Red Sea","addressCountry":"EG"},{"@type":"ImageObject","inLanguage":"fr-FR","@id":"https:\/\/egytourpackages.com\/fr\/tours\/excursion-de-2-jours-a-loasis-de-siwa-depuis-marsa-matrouh\/#local-main-organization-logo","url":"https:\/\/egytourpackages.com\/wp-content\/uploads\/2025\/12\/Turquoise-Dahabiya-Nile-Cruise-1.jpeg","contentUrl":"https:\/\/egytourpackages.com\/wp-content\/uploads\/2025\/12\/Turquoise-Dahabiya-Nile-Cruise-1.jpeg","width":1040,"height":694,"caption":"egypt tour packages"}]},"product_brand":"Circuits et excursions Marsa Matrouh","product_price_amount":"150","product_price_currency":"EUR","og_availability":"instock","product_availability":"instock","product_retailer_item_id":"MMT01","product_condition":"new","geo.placename":"Hurghada","geo.region":"\u00c9gypte"},"_links":{"self":[{"href":"https:\/\/egytourpackages.com\/fr\/wp-json\/wp\/v2\/product\/6096","targetHints":{"allow":["GET"]}}],"collection":[{"href":"https:\/\/egytourpackages.com\/fr\/wp-json\/wp\/v2\/product"}],"about":[{"href":"https:\/\/egytourpackages.com\/fr\/wp-json\/wp\/v2\/types\/product"}],"replies":[{"embeddable":true,"href":"https:\/\/egytourpackages.com\/fr\/wp-json\/wp\/v2\/comments?post=6096"}],"wp:featuredmedia":[{"embeddable":true,"href":"https:\/\/egytourpackages.com\/fr\/wp-json\/wp\/v2\/media\/6099"}],"wp:attachment":[{"href":"https:\/\/egytourpackages.com\/fr\/wp-json\/wp\/v2\/media?parent=6096"}],"wp:term":[{"taxonomy":"product_brand","embeddable":true,"href":"https:\/\/egytourpackages.com\/fr\/wp-json\/wp\/v2\/product_brand?post=6096"},{"taxonomy":"product_cat","embeddable":true,"href":"https:\/\/egytourpackages.com\/fr\/wp-json\/wp\/v2\/product_cat?post=6096"},{"taxonomy":"product_tag","embeddable":true,"href":"https:\/\/egytourpackages.com\/fr\/wp-json\/wp\/v2\/product_tag?post=6096"}],"curies":[{"name":"wp","href":"https:\/\/api.w.org\/{rel}","templated":true}]}}