{"id":6100,"date":"2025-08-11T21:12:56","date_gmt":"2025-08-11T21:12:56","guid":{"rendered":"https:\/\/egytourpackages.com\/product\/excursion-dune-journee-a-sainte-catherine-depuis-charm-el-cheikh\/"},"modified":"2026-01-03T22:12:11","modified_gmt":"2026-01-03T22:12:11","slug":"excursion-dune-journee-a-sainte-catherine-depuis-charm-el-cheikh","status":"publish","type":"product","link":"https:\/\/egytourpackages.com\/fr\/tours\/excursion-dune-journee-a-sainte-catherine-depuis-charm-el-cheikh\/","title":{"rendered":"Excursion d&rsquo;une Journ\u00e9e \u00e0 Sainte-Catherine depuis Charm el-Cheikh"},"content":{"rendered":"<p><span style=\"color: #ff6600;\"><strong>Excursion d&rsquo;une Journ\u00e9e \u00e0 Sainte-Catherine depuis Charm el-Cheikh<\/strong><\/span><\/p>\n<p>Pour les voyageurs en qu\u00eate d&rsquo;une exp\u00e9rience spirituelle et historique profonde, l&rsquo;<strong>excursion d&rsquo;une journ\u00e9e \u00e0 Sainte-Catherine depuis Charm el-Cheikh<\/strong> est un circuit hautement professionnel et sp\u00e9cialis\u00e9. Le voyage offre une occasion unique d&rsquo;explorer l&rsquo;un des plus anciens monast\u00e8res chr\u00e9tiens continuellement habit\u00e9s, un <strong>site du patrimoine mondial de l&rsquo;UNESCO<\/strong> situ\u00e9 au pied du <strong>mont Sina\u00ef<\/strong>. En tant que <strong>monast\u00e8re orthodoxe grec<\/strong>, c&rsquo;est le plus ancien monast\u00e8re chr\u00e9tien au monde. Votre guide vous donnera un aper\u00e7u de son histoire profonde, de sa signification dans le christianisme et l&rsquo;islam, et de sa collection inestimable d&rsquo;artefacts religieux.<\/p>\n<p>En fait, cette <strong>excursion d&rsquo;une journ\u00e9e au d\u00e9part de Charm el-Cheikh<\/strong> est g\u00e9n\u00e9ralement effectu\u00e9e dans des v\u00e9hicules modernes et climatis\u00e9s, assurant un transfert confortable et direct vers et depuis le monast\u00e8re. L&rsquo;itin\u00e9raire est soigneusement structur\u00e9 pour offrir une exploration compl\u00e8te de cet ancien lieu. Il comprend souvent une mont\u00e9e optionnelle, mais fortement recommand\u00e9e, du <strong>mont Sina\u00ef<\/strong> de nuit pour assister au lever du soleil \u00e0 couper le souffle depuis le sommet, une exp\u00e9rience vraiment m\u00e9morable et biblique. Pour ceux qui pr\u00e9f\u00e8rent un rythme plus d\u00e9tendu, l&rsquo;excursion d&rsquo;une journ\u00e9e se concentre sur le monast\u00e8re lui-m\u00eame, offrant amplement de temps pour explorer ses tr\u00e9sors historiques.<\/p>\n<p>Guid\u00e9s par un guide expert et <strong>francophone<\/strong>, les visiteurs se plongent dans la riche histoire du <strong>monast\u00e8re de Sainte-Catherine<\/strong>. Les points forts incluent la visite de la <strong>Chapelle du Buisson Ardent<\/strong>, la c\u00e9l\u00e8bre <strong>\u00c9glise de la Transfiguration<\/strong>, et la collection inestimable de manuscrits anciens et d&rsquo;ic\u00f4nes religieuses. Cet itin\u00e9raire cibl\u00e9 permet une connexion plus profonde avec la signification religieuse et culturelle profonde du site.<\/p>\n<p>Les <strong>excursions \u00e0 Charm el-Cheikh<\/strong> sont un choix populaire pour les p\u00e8lerins, les passionn\u00e9s d&rsquo;histoire et tous ceux qui recherchent une \u00e9vasion tranquille et enrichissante au c\u0153ur de la p\u00e9ninsule du Sina\u00ef.<\/p>\n<h3><span style=\"color: #ff6600;\">D\u00e9tails du voyage<\/span><\/h3>\n<ul>\n<li>Dur\u00e9e: 11 heures<\/li>\n<li>Lieu du voyage: Sud du Sina\u00ef \/ Dahab \/ Charm el-Cheikh<\/li>\n<li>Disponibilit\u00e9: Tous les jours sauf le vendredi<\/li>\n<li>Prise en charge et retour: H\u00f4tels \u00e0 Charm el-Cheikh<\/li>\n<li>Type de voyage: Priv\u00e9<\/li>\n<li>Convient pour: Couples, familles, seniors<\/li>\n<li><strong>Langue: Fran\u00e7ais<\/strong><\/li>\n<li>Fauteuil roulant: Accessible<\/li>\n<\/ul>\n<h3><span style=\"color: #ff6600;\">Points forts du voyage<\/span><\/h3>\n<ul>\n<li>Monast\u00e8re de Sainte-Catherine<\/li>\n<li>D\u00e9jeuner \u00e0 Dahab<\/li>\n<\/ul>\n<h3><span style=\"color: #ff6600;\">Inclusions<\/span><\/h3>\n<ul>\n<li>Transfert aller-retour avec un v\u00e9hicule climatis\u00e9<\/li>\n<li>Frais d&rsquo;entr\u00e9e<\/li>\n<li><strong>Guide parlant fran\u00e7ais<\/strong><\/li>\n<li>Guide b\u00e9douin<\/li>\n<li>D\u00e9jeuner<\/li>\n<\/ul>\n<h3><span style=\"color: #ff6600;\">Exclusions<\/span><\/h3>\n<ul>\n<li>Frais d&rsquo;entr\u00e9e au Parc National de Sainte-Catherine 10 \u20ac par personne<\/li>\n<li>Boissons pendant le d\u00e9jeuner<\/li>\n<li>Pourboires<\/li>\n<\/ul>\n<h3><span style=\"color: #ff6600;\">Quoi emporter<\/span><\/h3>\n<ul>\n<li>Chaussures confortables et v\u00eatements adapt\u00e9s \u00e0 la randonn\u00e9e<\/li>\n<li>V\u00eatements chauds en hiver<\/li>\n<li>Lunettes de soleil, chapeau ou \u00e9charpe<\/li>\n<li>Cr\u00e8me solaire en \u00e9t\u00e9<\/li>\n<\/ul>\n<h2><span style=\"color: #ff6600;\">Itin\u00e9raire<\/span><\/h2>\n<p>Votre journ\u00e9e commence par une prise en charge pratique \u00e0 votre h\u00f4tel \u00e0 Charm el-Cheikh. Vous voyagerez dans un v\u00e9hicule confortable et climatis\u00e9 pour un voyage panoramique \u00e0 travers le d\u00e9sert du Sina\u00ef. Le trajet jusqu&rsquo;\u00e0 Sainte-Catherine est d&rsquo;environ 2 \u00e0 3 heures.<\/p>\n<p>\u00c0 votre arriv\u00e9e au monast\u00e8re, vous commencerez votre visite avec votre guide professionnel francophone. Il vous emm\u00e8nera ensuite \u00e0 travers les zones cl\u00e9s de ce <strong>site du patrimoine mondial de l&rsquo;UNESCO<\/strong>. Vous d\u00e9couvrirez l&rsquo;histoire du monast\u00e8re, sa signification dans le christianisme et l&rsquo;islam, et sa collection inestimable d&rsquo;artefacts religieux.<\/p>\n<p>Pendant ce temps, vous visiterez les sites les plus importants \u00e0 l&rsquo;int\u00e9rieur des murs du monast\u00e8re. \u00c0 l&rsquo;int\u00e9rieur des murs du <strong>monast\u00e8re de Sainte-Catherine<\/strong>, vous d\u00e9couvrirez une multitude de tr\u00e9sors bibliques et historiques. Les points forts de la visite incluent la v\u00e9n\u00e9r\u00e9e <strong>Chapelle du Buisson Ardent<\/strong>, consid\u00e9r\u00e9e comme l&rsquo;endroit exact o\u00f9 Dieu a parl\u00e9 \u00e0 <strong>Mo\u00efse<\/strong>.<\/p>\n<p>De plus, vous visiterez le <strong>Puits de Mo\u00efse<\/strong>, le puits m\u00eame o\u00f9 il aurait rencontr\u00e9 sa future femme. La <strong>Basilique principale<\/strong> du monast\u00e8re est un exemple magnifique d&rsquo;architecture ancienne, avec des mosa\u00efques \u00e9poustouflantes qui ont surv\u00e9cu pendant des si\u00e8cles.<\/p>\n<p>Enfin, vous en apprendrez davantage sur la biblioth\u00e8que de renomm\u00e9e mondiale du monast\u00e8re, qui d\u00e9tient l&rsquo;une des plus grandes collections de manuscrits anciens, une collection qui se classe juste apr\u00e8s celle du Vatican.<\/p>\n<p>Apr\u00e8s la visite guid\u00e9e, vous aurez du temps libre pour explorer les lieux par vous-m\u00eame. Pendant ce temps, vous pouvez visiter le mus\u00e9e du monast\u00e8re, qui contient une magnifique collection d&rsquo;ic\u00f4nes et de manuscrits chr\u00e9tiens anciens. Cette collection est consid\u00e9r\u00e9e comme la deuxi\u00e8me plus grande au monde de ce genre apr\u00e8s celle du Vatican.<\/p>\n<p>Apr\u00e8s le d\u00e9jeuner \u00e0 Dahab, vous commencerez le voyage de retour \u00e0 Charm el-Cheikh dans le cadre de vos <strong>excursions d&rsquo;une journ\u00e9e en \u00c9gypte<\/strong>.<\/p>\n<p><strong>Repas:<\/strong> D\u00e9jeuner<\/p>\n<h3><span style=\"color: #ff6600;\">Prix de l&rsquo;Excursion d&rsquo;une Journ\u00e9e \u00e0 Sainte-Catherine depuis Charm el-Cheikh<\/span><\/h3>\n<ul>\n<li>Prix adulte = 50 \u20ac<\/li>\n<li>Enfants de 0 \u00e0 5 ans = gratuit<\/li>\n<li>Enfants de 5 \u00e0 11 ans = 50% du prix adulte<\/li>\n<\/ul>\n<h3><span style=\"color: #ff6600;\">R\u00e9servation<\/span><\/h3>\n<p>Vous pouvez r\u00e9server votre circuit via WhatsApp ou nous envoyer un e-mail et vous recevrez la confirmation sur place.<\/p>\n<p>Veuillez nous envoyer le nom de votre h\u00f4tel, le num\u00e9ro de votre chambre et des copies de votre passeport.<\/p>\n<p><strong>WhatsApp<\/strong>: +201000852186<\/p>\n<p><strong>E-mail<\/strong>: info@egytourpackages.com<\/p>\n<h3><span style=\"color: #ff6600;\">R\u00e9servez maintenant et payez sur place<\/span><\/h3>\n<p>R\u00e9servez votre circuit pr\u00e9f\u00e9r\u00e9 et payez le jour du voyage.<\/p>\n<h3><span style=\"color: #ff6600;\">Paiement<\/span><\/h3>\n<p>Vous pouvez payer en <strong>livres \u00e9gyptiennes, $, \u20ac ou \u00a3<\/strong>.<\/p>\n<h3><span style=\"color: #ff6600;\">Politique d&rsquo;annulation<\/span><\/h3>\n<ul>\n<li>L&rsquo;annulation est gratuite jusqu&rsquo;\u00e0 24 heures \u00e0 l&rsquo;avance.<\/li>\n<li>L&rsquo;annulation le matin est de 50% du prix.<\/li>\n<\/ul>\n","protected":false},"excerpt":{"rendered":"<p>Partez pour une Excursion d&rsquo;une Journ\u00e9e \u00e0 Sainte-Catherine depuis Charm el-Cheikh. Visitez ce site de l&rsquo;UNESCO et le mont Sina\u00ef.<\/p>\n","protected":false},"featured_media":6101,"comment_status":"closed","ping_status":"closed","template":"","meta":[],"product_brand":[],"product_cat":[3124],"product_tag":[3279,3275,3222],"class_list":{"0":"post-6100","1":"product","2":"type-product","3":"status-publish","4":"has-post-thumbnail","6":"product_cat-tours-fr","7":"product_tag-excursions-dune-journee-a-charm-el-cheikh","8":"product_tag-excursions-dune-journee-en-egypte","9":"product_tag-voyages-touristiques-en-egypte","10":"tour_category-excursions-a-charm-el-cheikh-fr","11":"tour_category-excursions-en-egypte-fr","13":"first","14":"instock","15":"sale","16":"shipping-taxable","17":"purchasable","18":"product-type-tour","19":"has-default-attributes"},"yoast_head":"<!-- This site is optimized with the Yoast SEO Premium plugin v27.2 (Yoast SEO v27.2) - https:\/\/yoast.com\/product\/yoast-seo-premium-wordpress\/ -->\n<title>Excursion d&#039;une Journ\u00e9e \u00e0 Sainte-Catherine depuis Charm el-Cheikh<\/title>\n<meta name=\"description\" content=\"Partez pour une Excursion d&#039;une Journ\u00e9e \u00e0 Sainte-Catherine depuis Charm el-Cheikh. Visitez ce site de l&#039;UNESCO et le mont Sina\u00ef.\" \/>\n<meta name=\"robots\" content=\"index, follow, max-snippet:-1, max-image-preview:large, max-video-preview:-1\" \/>\n<link rel=\"canonical\" href=\"https:\/\/egytourpackages.com\/fr\/tours\/excursion-dune-journee-a-sainte-catherine-depuis-charm-el-cheikh\/\" \/>\n<meta property=\"og:locale\" content=\"fr_FR\" \/>\n<meta property=\"og:type\" content=\"article\" \/>\n<meta property=\"og:title\" content=\"Excursion d&#039;une Journ\u00e9e \u00e0 Sainte-Catherine depuis Charm el-Cheikh\" \/>\n<meta property=\"og:description\" content=\"Partez pour une Excursion d&#039;une Journ\u00e9e \u00e0 Sainte-Catherine depuis Charm el-Cheikh. Visitez ce site de l&#039;UNESCO et le mont Sina\u00ef.\" \/>\n<meta property=\"og:url\" content=\"https:\/\/egytourpackages.com\/fr\/tours\/excursion-dune-journee-a-sainte-catherine-depuis-charm-el-cheikh\/\" \/>\n<meta property=\"og:site_name\" content=\"Egypt Tour Packages\" \/>\n<meta property=\"article:publisher\" content=\"https:\/\/www.facebook.com\/egytourpackages\" \/>\n<meta property=\"article:modified_time\" content=\"2026-01-03T22:12:11+00:00\" \/>\n<meta property=\"og:image\" content=\"https:\/\/egytourpackages.com\/wp-content\/uploads\/2025\/08\/St.-Catherines-Monastery-South-Sinai.jpeg\" \/>\n\t<meta property=\"og:image:width\" content=\"1800\" \/>\n\t<meta property=\"og:image:height\" content=\"1196\" \/>\n\t<meta property=\"og:image:type\" content=\"image\/jpeg\" \/>\n<meta name=\"twitter:card\" content=\"summary_large_image\" \/>\n<meta name=\"twitter:title\" content=\"Excursion d&#039;une Journ\u00e9e \u00e0 Sainte-Catherine depuis Charm el-Cheikh\" \/>\n<meta name=\"twitter:label1\" content=\"Prix\" \/>\n\t<meta name=\"twitter:data1\" content=\"&euro;0\" \/>\n\t<meta name=\"twitter:label2\" content=\"Disponibilit\u00e9\" \/>\n\t<meta name=\"twitter:data2\" content=\"En stock\" \/>\n<script type=\"application\/ld+json\" class=\"yoast-schema-graph\">{\"@context\":\"https:\/\/schema.org\",\"@graph\":[{\"@type\":\"WebPage\",\"@id\":\"https:\/\/egytourpackages.com\/fr\/tours\/excursion-dune-journee-a-sainte-catherine-depuis-charm-el-cheikh\/\",\"url\":\"https:\/\/egytourpackages.com\/fr\/tours\/excursion-dune-journee-a-sainte-catherine-depuis-charm-el-cheikh\/\",\"name\":\"Excursion d'une Journ\u00e9e \u00e0 Sainte-Catherine depuis Charm el-Cheikh\",\"isPartOf\":{\"@id\":\"https:\/\/egytourpackages.com\/fr\/#website\"},\"primaryImageOfPage\":{\"@id\":\"https:\/\/egytourpackages.com\/fr\/tours\/excursion-dune-journee-a-sainte-catherine-depuis-charm-el-cheikh\/#primaryimage\"},\"image\":{\"@id\":\"https:\/\/egytourpackages.com\/fr\/tours\/excursion-dune-journee-a-sainte-catherine-depuis-charm-el-cheikh\/#primaryimage\"},\"thumbnailUrl\":\"https:\/\/egytourpackages.com\/wp-content\/uploads\/2025\/08\/St.-Catherines-Monastery-South-Sinai.jpeg\",\"datePublished\":\"2025-08-11T21:12:56+00:00\",\"dateModified\":\"2026-01-03T22:12:11+00:00\",\"description\":\"Partez pour une Excursion d'une Journ\u00e9e \u00e0 Sainte-Catherine depuis Charm el-Cheikh. Visitez ce site de l'UNESCO et le mont Sina\u00ef.\",\"breadcrumb\":{\"@id\":\"https:\/\/egytourpackages.com\/fr\/tours\/excursion-dune-journee-a-sainte-catherine-depuis-charm-el-cheikh\/#breadcrumb\"},\"inLanguage\":\"fr-FR\",\"potentialAction\":[{\"@type\":\"ReadAction\",\"target\":[\"https:\/\/egytourpackages.com\/fr\/tours\/excursion-dune-journee-a-sainte-catherine-depuis-charm-el-cheikh\/\"]}]},{\"@type\":\"ImageObject\",\"inLanguage\":\"fr-FR\",\"@id\":\"https:\/\/egytourpackages.com\/fr\/tours\/excursion-dune-journee-a-sainte-catherine-depuis-charm-el-cheikh\/#primaryimage\",\"url\":\"https:\/\/egytourpackages.com\/wp-content\/uploads\/2025\/08\/St.-Catherines-Monastery-South-Sinai.jpeg\",\"contentUrl\":\"https:\/\/egytourpackages.com\/wp-content\/uploads\/2025\/08\/St.-Catherines-Monastery-South-Sinai.jpeg\",\"width\":1800,\"height\":1196,\"caption\":\"Monast\u00e8re de Sainte-Catherine, Sud du Sina\u00ef\"},{\"@type\":\"BreadcrumbList\",\"@id\":\"https:\/\/egytourpackages.com\/fr\/tours\/excursion-dune-journee-a-sainte-catherine-depuis-charm-el-cheikh\/#breadcrumb\",\"itemListElement\":[{\"@type\":\"ListItem\",\"position\":1,\"name\":\"Home\",\"item\":\"https:\/\/egytourpackages.com\/fr\/circuits-en-egypte\/\"},{\"@type\":\"ListItem\",\"position\":2,\"name\":\"Shop\",\"item\":\"https:\/\/egytourpackages.com\/shop\/\"},{\"@type\":\"ListItem\",\"position\":3,\"name\":\"Excursion d&rsquo;une Journ\u00e9e \u00e0 Sainte-Catherine depuis Charm el-Cheikh\"}]},{\"@type\":\"WebSite\",\"@id\":\"https:\/\/egytourpackages.com\/fr\/#website\",\"url\":\"https:\/\/egytourpackages.com\/fr\/\",\"name\":\"Egy tour packages\",\"description\":\"\",\"publisher\":{\"@id\":\"https:\/\/egytourpackages.com\/fr\/#organization\"},\"potentialAction\":[{\"@type\":\"SearchAction\",\"target\":{\"@type\":\"EntryPoint\",\"urlTemplate\":\"https:\/\/egytourpackages.com\/fr\/?s={search_term_string}\"},\"query-input\":{\"@type\":\"PropertyValueSpecification\",\"valueRequired\":true,\"valueName\":\"search_term_string\"}}],\"inLanguage\":\"fr-FR\"},{\"@type\":[\"Organization\",\"Place\",\"TravelAgency\"],\"@id\":\"https:\/\/egytourpackages.com\/fr\/#organization\",\"name\":\"egypt tour packages\",\"alternateName\":\"egypt tour packages\",\"url\":\"https:\/\/egytourpackages.com\/fr\/\",\"logo\":{\"@id\":\"https:\/\/egytourpackages.com\/fr\/tours\/excursion-dune-journee-a-sainte-catherine-depuis-charm-el-cheikh\/#local-main-organization-logo\"},\"image\":{\"@id\":\"https:\/\/egytourpackages.com\/fr\/tours\/excursion-dune-journee-a-sainte-catherine-depuis-charm-el-cheikh\/#local-main-organization-logo\"},\"sameAs\":[\"https:\/\/www.facebook.com\/egytourpackages\"],\"legalName\":\"Egy tour packages\",\"address\":{\"@id\":\"https:\/\/egytourpackages.com\/fr\/tours\/excursion-dune-journee-a-sainte-catherine-depuis-charm-el-cheikh\/#local-main-place-address\"},\"telephone\":[\"00201000852186\",\"00201028685533\"],\"contactPoint\":{\"@type\":\"ContactPoint\",\"telephone\":\"00201000852186\"},\"openingHoursSpecification\":[{\"@type\":\"OpeningHoursSpecification\",\"dayOfWeek\":[\"Monday\",\"Tuesday\",\"Wednesday\",\"Thursday\",\"Friday\",\"Saturday\",\"Sunday\"],\"opens\":\"00:00\",\"closes\":\"23:59\"}],\"email\":\"info@egytourpackages.com\",\"areaServed\":\"Cairo, Hurghada, Luxor, Sharm El Sheikh, Marsa Alam, Aswan\",\"priceRange\":\"$\",\"currenciesAccepted\":\"euro\",\"paymentAccepted\":\"Payment links online\"},{\"@type\":\"PostalAddress\",\"@id\":\"https:\/\/egytourpackages.com\/fr\/tours\/excursion-dune-journee-a-sainte-catherine-depuis-charm-el-cheikh\/#local-main-place-address\",\"streetAddress\":\"Mubarak 8, Al Kawthar District, Hurghada\",\"addressLocality\":\"Hurghada\",\"postalCode\":\"84511\",\"addressRegion\":\"Red Sea\",\"addressCountry\":\"EG\"},{\"@type\":\"ImageObject\",\"inLanguage\":\"fr-FR\",\"@id\":\"https:\/\/egytourpackages.com\/fr\/tours\/excursion-dune-journee-a-sainte-catherine-depuis-charm-el-cheikh\/#local-main-organization-logo\",\"url\":\"https:\/\/egytourpackages.com\/wp-content\/uploads\/2025\/12\/Turquoise-Dahabiya-Nile-Cruise-1.jpeg\",\"contentUrl\":\"https:\/\/egytourpackages.com\/wp-content\/uploads\/2025\/12\/Turquoise-Dahabiya-Nile-Cruise-1.jpeg\",\"width\":1040,\"height\":694,\"caption\":\"egypt tour packages\"}]}<\/script>\n<meta property=\"product:brand\" content=\"Excursions \u00e0 Charm el-Cheikh\" \/>\n<meta property=\"product:price:amount\" content=\"0\" \/>\n<meta property=\"product:price:currency\" content=\"EUR\" \/>\n<meta property=\"og:availability\" content=\"instock\" \/>\n<meta property=\"product:availability\" content=\"instock\" \/>\n<meta property=\"product:retailer_item_id\" content=\"SESDT03\" \/>\n<meta property=\"product:condition\" content=\"new\" \/>\n<meta name=\"geo.placename\" content=\"Hurghada\" \/>\n<meta name=\"geo.region\" content=\"\u00c9gypte\" \/>\n<!-- \/ Yoast SEO Premium plugin. -->","yoast_head_json":{"title":"Excursion d'une Journ\u00e9e \u00e0 Sainte-Catherine depuis Charm el-Cheikh","description":"Partez pour une Excursion d'une Journ\u00e9e \u00e0 Sainte-Catherine depuis Charm el-Cheikh. Visitez ce site de l'UNESCO et le mont Sina\u00ef.","robots":{"index":"index","follow":"follow","max-snippet":"max-snippet:-1","max-image-preview":"max-image-preview:large","max-video-preview":"max-video-preview:-1"},"canonical":"https:\/\/egytourpackages.com\/fr\/tours\/excursion-dune-journee-a-sainte-catherine-depuis-charm-el-cheikh\/","og_locale":"fr_FR","og_type":"article","og_title":"Excursion d'une Journ\u00e9e \u00e0 Sainte-Catherine depuis Charm el-Cheikh","og_description":"Partez pour une Excursion d'une Journ\u00e9e \u00e0 Sainte-Catherine depuis Charm el-Cheikh. Visitez ce site de l'UNESCO et le mont Sina\u00ef.","og_url":"https:\/\/egytourpackages.com\/fr\/tours\/excursion-dune-journee-a-sainte-catherine-depuis-charm-el-cheikh\/","og_site_name":"Egypt Tour Packages","article_publisher":"https:\/\/www.facebook.com\/egytourpackages","article_modified_time":"2026-01-03T22:12:11+00:00","og_image":[{"width":1800,"height":1196,"url":"https:\/\/egytourpackages.com\/wp-content\/uploads\/2025\/08\/St.-Catherines-Monastery-South-Sinai.jpeg","type":"image\/jpeg"}],"twitter_card":"summary_large_image","twitter_title":"Excursion d'une Journ\u00e9e \u00e0 Sainte-Catherine depuis Charm el-Cheikh","twitter_misc":{"Prix":"&euro;0","Disponibilit\u00e9":"En stock"},"schema":{"@context":"https:\/\/schema.org","@graph":[{"@type":"WebPage","@id":"https:\/\/egytourpackages.com\/fr\/tours\/excursion-dune-journee-a-sainte-catherine-depuis-charm-el-cheikh\/","url":"https:\/\/egytourpackages.com\/fr\/tours\/excursion-dune-journee-a-sainte-catherine-depuis-charm-el-cheikh\/","name":"Excursion d'une Journ\u00e9e \u00e0 Sainte-Catherine depuis Charm el-Cheikh","isPartOf":{"@id":"https:\/\/egytourpackages.com\/fr\/#website"},"primaryImageOfPage":{"@id":"https:\/\/egytourpackages.com\/fr\/tours\/excursion-dune-journee-a-sainte-catherine-depuis-charm-el-cheikh\/#primaryimage"},"image":{"@id":"https:\/\/egytourpackages.com\/fr\/tours\/excursion-dune-journee-a-sainte-catherine-depuis-charm-el-cheikh\/#primaryimage"},"thumbnailUrl":"https:\/\/egytourpackages.com\/wp-content\/uploads\/2025\/08\/St.-Catherines-Monastery-South-Sinai.jpeg","datePublished":"2025-08-11T21:12:56+00:00","dateModified":"2026-01-03T22:12:11+00:00","description":"Partez pour une Excursion d'une Journ\u00e9e \u00e0 Sainte-Catherine depuis Charm el-Cheikh. Visitez ce site de l'UNESCO et le mont Sina\u00ef.","breadcrumb":{"@id":"https:\/\/egytourpackages.com\/fr\/tours\/excursion-dune-journee-a-sainte-catherine-depuis-charm-el-cheikh\/#breadcrumb"},"inLanguage":"fr-FR","potentialAction":[{"@type":"ReadAction","target":["https:\/\/egytourpackages.com\/fr\/tours\/excursion-dune-journee-a-sainte-catherine-depuis-charm-el-cheikh\/"]}]},{"@type":"ImageObject","inLanguage":"fr-FR","@id":"https:\/\/egytourpackages.com\/fr\/tours\/excursion-dune-journee-a-sainte-catherine-depuis-charm-el-cheikh\/#primaryimage","url":"https:\/\/egytourpackages.com\/wp-content\/uploads\/2025\/08\/St.-Catherines-Monastery-South-Sinai.jpeg","contentUrl":"https:\/\/egytourpackages.com\/wp-content\/uploads\/2025\/08\/St.-Catherines-Monastery-South-Sinai.jpeg","width":1800,"height":1196,"caption":"Monast\u00e8re de Sainte-Catherine, Sud du Sina\u00ef"},{"@type":"BreadcrumbList","@id":"https:\/\/egytourpackages.com\/fr\/tours\/excursion-dune-journee-a-sainte-catherine-depuis-charm-el-cheikh\/#breadcrumb","itemListElement":[{"@type":"ListItem","position":1,"name":"Home","item":"https:\/\/egytourpackages.com\/fr\/circuits-en-egypte\/"},{"@type":"ListItem","position":2,"name":"Shop","item":"https:\/\/egytourpackages.com\/shop\/"},{"@type":"ListItem","position":3,"name":"Excursion d&rsquo;une Journ\u00e9e \u00e0 Sainte-Catherine depuis Charm el-Cheikh"}]},{"@type":"WebSite","@id":"https:\/\/egytourpackages.com\/fr\/#website","url":"https:\/\/egytourpackages.com\/fr\/","name":"Egy tour packages","description":"","publisher":{"@id":"https:\/\/egytourpackages.com\/fr\/#organization"},"potentialAction":[{"@type":"SearchAction","target":{"@type":"EntryPoint","urlTemplate":"https:\/\/egytourpackages.com\/fr\/?s={search_term_string}"},"query-input":{"@type":"PropertyValueSpecification","valueRequired":true,"valueName":"search_term_string"}}],"inLanguage":"fr-FR"},{"@type":["Organization","Place","TravelAgency"],"@id":"https:\/\/egytourpackages.com\/fr\/#organization","name":"egypt tour packages","alternateName":"egypt tour packages","url":"https:\/\/egytourpackages.com\/fr\/","logo":{"@id":"https:\/\/egytourpackages.com\/fr\/tours\/excursion-dune-journee-a-sainte-catherine-depuis-charm-el-cheikh\/#local-main-organization-logo"},"image":{"@id":"https:\/\/egytourpackages.com\/fr\/tours\/excursion-dune-journee-a-sainte-catherine-depuis-charm-el-cheikh\/#local-main-organization-logo"},"sameAs":["https:\/\/www.facebook.com\/egytourpackages"],"legalName":"Egy tour packages","address":{"@id":"https:\/\/egytourpackages.com\/fr\/tours\/excursion-dune-journee-a-sainte-catherine-depuis-charm-el-cheikh\/#local-main-place-address"},"telephone":["00201000852186","00201028685533"],"contactPoint":{"@type":"ContactPoint","telephone":"00201000852186"},"openingHoursSpecification":[{"@type":"OpeningHoursSpecification","dayOfWeek":["Monday","Tuesday","Wednesday","Thursday","Friday","Saturday","Sunday"],"opens":"00:00","closes":"23:59"}],"email":"info@egytourpackages.com","areaServed":"Cairo, Hurghada, Luxor, Sharm El Sheikh, Marsa Alam, Aswan","priceRange":"$","currenciesAccepted":"euro","paymentAccepted":"Payment links online"},{"@type":"PostalAddress","@id":"https:\/\/egytourpackages.com\/fr\/tours\/excursion-dune-journee-a-sainte-catherine-depuis-charm-el-cheikh\/#local-main-place-address","streetAddress":"Mubarak 8, Al Kawthar District, Hurghada","addressLocality":"Hurghada","postalCode":"84511","addressRegion":"Red Sea","addressCountry":"EG"},{"@type":"ImageObject","inLanguage":"fr-FR","@id":"https:\/\/egytourpackages.com\/fr\/tours\/excursion-dune-journee-a-sainte-catherine-depuis-charm-el-cheikh\/#local-main-organization-logo","url":"https:\/\/egytourpackages.com\/wp-content\/uploads\/2025\/12\/Turquoise-Dahabiya-Nile-Cruise-1.jpeg","contentUrl":"https:\/\/egytourpackages.com\/wp-content\/uploads\/2025\/12\/Turquoise-Dahabiya-Nile-Cruise-1.jpeg","width":1040,"height":694,"caption":"egypt tour packages"}]},"product_brand":"Excursions \u00e0 Charm el-Cheikh","product_price_currency":"EUR","og_availability":"instock","product_availability":"instock","product_retailer_item_id":"SESDT03","product_condition":"new","geo.placename":"Hurghada","geo.region":"\u00c9gypte"},"_links":{"self":[{"href":"https:\/\/egytourpackages.com\/fr\/wp-json\/wp\/v2\/product\/6100","targetHints":{"allow":["GET"]}}],"collection":[{"href":"https:\/\/egytourpackages.com\/fr\/wp-json\/wp\/v2\/product"}],"about":[{"href":"https:\/\/egytourpackages.com\/fr\/wp-json\/wp\/v2\/types\/product"}],"replies":[{"embeddable":true,"href":"https:\/\/egytourpackages.com\/fr\/wp-json\/wp\/v2\/comments?post=6100"}],"wp:featuredmedia":[{"embeddable":true,"href":"https:\/\/egytourpackages.com\/fr\/wp-json\/wp\/v2\/media\/6101"}],"wp:attachment":[{"href":"https:\/\/egytourpackages.com\/fr\/wp-json\/wp\/v2\/media?parent=6100"}],"wp:term":[{"taxonomy":"product_brand","embeddable":true,"href":"https:\/\/egytourpackages.com\/fr\/wp-json\/wp\/v2\/product_brand?post=6100"},{"taxonomy":"product_cat","embeddable":true,"href":"https:\/\/egytourpackages.com\/fr\/wp-json\/wp\/v2\/product_cat?post=6100"},{"taxonomy":"product_tag","embeddable":true,"href":"https:\/\/egytourpackages.com\/fr\/wp-json\/wp\/v2\/product_tag?post=6100"}],"curies":[{"name":"wp","href":"https:\/\/api.w.org\/{rel}","templated":true}]}}