{"id":6119,"date":"2025-05-25T16:32:39","date_gmt":"2025-05-25T16:32:39","guid":{"rendered":"https:\/\/egytourpackages.com\/product\/safari-wadi-el-gemal-depuis-marsa-alam\/"},"modified":"2026-01-04T11:09:46","modified_gmt":"2026-01-04T11:09:46","slug":"safari-wadi-el-gemal-depuis-marsa-alam","status":"publish","type":"product","link":"https:\/\/egytourpackages.com\/fr\/tours\/safari-wadi-el-gemal-depuis-marsa-alam\/","title":{"rendered":"Safari Wadi El Gemal depuis Marsa Alam"},"content":{"rendered":"<p><span style=\"color: #ff6600;\"><strong>Safari Wadi El Gemal depuis Marsa Alam<\/strong><\/span><\/p>\n<h2><span style=\"color: #ff6600;\">Aper\u00e7u<\/span><\/h2>\n<p><strong>Safari Wadi El Gemal depuis Marsa Alam: Exp\u00e9ditions dans le d\u00e9sert inoubliables et culture b\u00e9douine<\/strong><\/p>\n<p>Embarquez pour un extraordinaire <strong>safari Wadi El Gemal depuis Marsa Alam<\/strong> et voyagez au c\u0153ur du mystique <strong>d\u00e9sert oriental d&rsquo;\u00c9gypte<\/strong>. <strong>Egy Tour Packages<\/strong> vous invite \u00e0 vivre un m\u00e9lange unique d&rsquo;<strong>aventures dans le d\u00e9sert<\/strong> palpitantes, d&rsquo;histoire ancienne et de <strong>traditions b\u00e9douines<\/strong> authentiques avec les tribus hospitali\u00e8res <strong>Ababda<\/strong>.<\/p>\n<p>Nos <strong>tours dans le d\u00e9sert de Marsa Alam<\/strong> offrent plus qu&rsquo;une simple promenade; ce sont des explorations immersives dans un paysage qui murmure des histoires plus anciennes que les pyramides. Traversez le terrain accident\u00e9 dans nos confortables Jeeps 4&#215;4, guid\u00e9 par des experts du d\u00e9sert professionnels qui r\u00e9v\u00e8lent les joyaux cach\u00e9s du <strong>Parc National de Wadi El Gemal<\/strong>.<\/p>\n<h3><span style=\"color: #ff6600;\">Points forts de votre safari Wadi El Gemal<\/span><\/h3>\n<p>D\u00e9couvrez les sites historiques des plus anciennes <strong>mines d&rsquo;\u00e9meraudes<\/strong> du monde, o\u00f9 des pierres pr\u00e9cieuses ont \u00e9t\u00e9 extraites pendant les \u00e9poques pharaonique, ptol\u00e9ma\u00efque et romaine. De plus, vous explorerez les vestiges d&rsquo;un <strong>temple de Cl\u00e9op\u00e2tre<\/strong>. Le safari Wadi El Gemal est \u00e9galement une bonne occasion de d\u00e9couvrir la <strong>flore et la faune du d\u00e9sert<\/strong>, en observant des acacias et des buissons de plantes m\u00e9dicinales. Pendant ce temps, vous en apprendrez plus sur les <strong>tribus Ababda<\/strong> indig\u00e8nes, connues pour leur connaissance approfondie du d\u00e9sert et leur riche patrimoine culturel.<\/p>\n<p><strong>Egy Tour Packages<\/strong> s&rsquo;engage \u00e0 fournir les <strong>meilleures excursions de Marsa Alam<\/strong>, en combinant des conseils d&rsquo;experts, un service de qualit\u00e9 et une passion in\u00e9branlable pour la mise en valeur des merveilles naturelles et historiques de l&rsquo;\u00c9gypte. R\u00e9servez votre <strong>aventure Wadi El Gemal<\/strong> d\u00e8s aujourd&rsquo;hui et cr\u00e9ez des souvenirs qui dureront toute une vie!<\/p>\n<h3><span style=\"color: #ff6600;\">D\u00e9tails<\/span><\/h3>\n<ul>\n<li>Dur\u00e9e: 6 heures<\/li>\n<li>Lieu de la visite: D\u00e9sert oriental de Marsa Alam<\/li>\n<li>Disponibilit\u00e9 de la visite: Sur demande<\/li>\n<li>Prise en charge &amp; retour: H\u00f4tels de Marsa Alam<\/li>\n<li>Type de visite: En groupe<\/li>\n<li><strong>Langue: Fran\u00e7ais<\/strong><\/li>\n<li>Scaun avec rotile: Accessible<\/li>\n<\/ul>\n<h3><span style=\"color: #ff6600;\">Points forts<\/span><\/h3>\n<ul>\n<li>Explorez le mode de vie b\u00e9douin<\/li>\n<li>Temple de Cl\u00e9op\u00e2tre<\/li>\n<li>Mines d&rsquo;\u00e9meraudes<\/li>\n<\/ul>\n<h3><span style=\"color: #ff6600;\">Inclus<\/span><\/h3>\n<ul>\n<li>Prise en charge et retour depuis les h\u00f4tels de Marsa Alam<\/li>\n<li><strong>Guide professionnel du d\u00e9sert parlant fran\u00e7ais<\/strong><\/li>\n<li>Tour du village b\u00e9douin avec th\u00e9 b\u00e9douin<\/li>\n<li>Tous les frais de service et taxes sont inclus dans le prix<\/li>\n<\/ul>\n<h3><span style=\"color: #ff6600;\">Exclus<\/span><\/h3>\n<ul>\n<li>Frais du parc national 5 euros par personne<\/li>\n<li>Pourboires<\/li>\n<li>Tout ce qui n&rsquo;est pas mentionn\u00e9 dans le programme<\/li>\n<\/ul>\n<h3>Ce qu&rsquo;il faut apporter<\/h3>\n<ul>\n<li>Copie de votre passeport<\/li>\n<li>Chapeau, lunettes de soleil et cr\u00e8me solaire<\/li>\n<li>Chaussures et v\u00eatements confortables<\/li>\n<\/ul>\n<h2><span style=\"color: #ff6600;\">Itin\u00e9raire<\/span><\/h2>\n<p>Le <strong>Super Safari Wadi El Gemal<\/strong> est un tour hors route avec un coucher de soleil excitant. Le Safari Wadi El Gemal combine culture, plaisir et aventure. Profitez d&rsquo;une aventure inoubliable au c\u0153ur du D\u00e9sert oriental avec notre safari Wadi El Gemal depuis Marsa Alam.<\/p>\n<p>Le voyage commence vers midi depuis les h\u00f4tels et se termine vers 19h00. Quittez la ville de <strong>Marsa Alam<\/strong> et embarquez pour une v\u00e9ritable aventure dans le d\u00e9sert. En chemin vers les arr\u00eats, vous pouvez clairement voir ce qu&rsquo;on appelle un mirage. Profitez de vues panoramiques sur le d\u00e9sert depuis le sommet de la montagne pendant que vous vous rendez au camp. Nous vous recommandons fortement de prendre des photos de tout ce qui vous entoure pour les partager avec vos amis.<\/p>\n<p>Une fois que votre Jeep vous emm\u00e8ne sur le terrain et traverse habilement les dunes, votre guide vous arr\u00eatera pr\u00e8s de l&rsquo;<strong>arbre d&rsquo;Acacia<\/strong>. Les B\u00e9douins croient que l&rsquo;arbre repr\u00e9sente la stabilit\u00e9 et le bonheur.<\/p>\n<p>Dirigez-vous vers une zone connue sous le nom de <strong>buissons de plantes m\u00e9dicinales<\/strong>, o\u00f9 vous verrez un arbre \u00e0 \u00e9crevisse. Sur la route, \u00e9coutez le guide partager des informations sur Wadi El Gemal et le <strong>canyon des chameaux<\/strong>. Le Canyon des Chameaux est un endroit o\u00f9, heureusement, vous verrez des chameaux et un puits naturel \u00e0 100%.<\/p>\n<p>Pr\u00e9parez votre appareil photo pour prendre des photos inoubliables du canyon et des chameaux. Ensuite, arr\u00eatez-vous aux <strong>temples romains de Cl\u00e9op\u00e2tre<\/strong> dans un village romain. Non loin de l\u00e0 se trouvent les ruines des maisons de rapport des ouvriers de toutes sortes de blocs de pierre et les mines d&rsquo;\u00e9meraudes.<\/p>\n<p>Enfin, terminez votre voyage en safari par un d\u00e9licieux repas b\u00e9douin fra\u00eechement pr\u00e9par\u00e9 et sirotez une tisane sucr\u00e9e, un moment de v\u00e9ritable hospitalit\u00e9 du d\u00e9sert.<\/p>\n<h2><span style=\"color: #ff6600;\">Note:<\/span><\/h2>\n<p>Veuillez noter que le voyage n&rsquo;est pas recommand\u00e9 pour les b\u00e9b\u00e9s de moins de trois ans car le d\u00e9sert est cahoteux.<\/p>\n<h3><span style=\"color: #ff6600;\">Prix Safari Wadi El Gemal depuis Marsa Alam<\/span><\/h3>\n<p>Prix adulte = 75 \u20ac<\/p>\n<p>Enfants 0-5 ans = gratuit<\/p>\n<p>Enfants 5-11 ans = 50% du prix adulte<\/p>\n<h3><span style=\"color: #ff6600;\">R\u00e9servation<\/span><\/h3>\n<p>Vous pouvez r\u00e9server votre tour via WhatsApp ou nous envoyer un e-mail et vous recevrez la confirmation sur place.<\/p>\n<p>Veuillez nous envoyer le nom de votre h\u00f4tel, le num\u00e9ro de chambre, les copies de votre passeport.<\/p>\n<p>WhatsApp: <strong>+201000852186<\/strong><\/p>\n<p>info@egytourpackages.com<\/p>\n<h3><span style=\"color: #ff6600;\">R\u00e9servez maintenant et payez sur place<\/span><\/h3>\n<p>R\u00e9servez votre tour pr\u00e9f\u00e9r\u00e9 et payez le jour de l&rsquo;excursion.<\/p>\n<h3><span style=\"color: #ff6600;\">Paiement<\/span><\/h3>\n<p>Vous pouvez payer en livres \u00e9gyptiennes, $, \u20ac ou \u00a3.<\/p>\n<h3><span style=\"color: #ff6600;\">Politique d&rsquo;annulation<\/span><\/h3>\n<p>L&rsquo;annulation est gratuite jusqu&rsquo;\u00e0 24 heures \u00e0 l&rsquo;avance. L&rsquo;annulation le matin est de 50 % du prix.<\/p>\n<h3><span style=\"color: #ff6600;\">FAQ sur les excursions d&rsquo;une journ\u00e9e<\/span><\/h3>\n<h3><span style=\"color: #ff6600;\">Quelles sont les attractions que l&rsquo;on peut visiter lors des tours d&rsquo;une journ\u00e9e en Egypt ? <\/span><\/h3>\n<p>Les tours d&rsquo;une journ\u00e9e en \u00c9gypte couvrent la plupart des attractions en \u00c9gypte dans toutes les grandes villes comme Le Caire, Alexandrie, Louxor, Assouan et Hurghada. Par exemple, \u00e0 Louxor, vous visiterez le temple de Louxor, le temple de Karnak, la Vall\u00e9e des Rois, le temple d&rsquo;Hatchepsout et les Colosses de Memnon. \u00c0 Assouan, vous vous \u00e9merveillerez devant le Haut barrage d&rsquo;Assouan, le temple de Philae, les temples d&rsquo;Abou Simbel, le temple de Kom Ombo et le temple d&rsquo;Edfou. Au Caire, vous visiterez les Pyramides de Gizeh, le Grand Sphinx, la Pyramide \u00e0 degr\u00e9s de Sakkara, les Pyramides de Dahshour, le Grand Mus\u00e9e \u00c9gyptien et le Mus\u00e9e National de la Civilisation.<\/p>\n<h3><span style=\"color: #ff6600;\">Puis-je personnaliser mes tours d&rsquo;une journ\u00e9e en \u00c9gypte ? <\/span><\/h3>\n<p>Absolument oui, vous pouvez personnaliser vos tours d&rsquo;une journ\u00e9e en \u00c9gypte en fonction de vos jours de vacances et des sites que vous souhaitez voir davantage et des villes que vous souhaitez visiter.<\/p>\n","protected":false},"excerpt":{"rendered":"<p>\u00c9chappez \u00e0 l&rsquo;ordinaire ! Safari Wadi El Gemal depuis Marsa Alam. Explorez le d\u00e9sert en Jeep, les mines d&rsquo;\u00e9meraude et la culture b\u00e9douine. Aventure unique.<\/p>\n","protected":false},"featured_media":6120,"comment_status":"open","ping_status":"closed","template":"","meta":[],"product_brand":[],"product_cat":[3124],"product_tag":[3275,3276],"class_list":{"0":"post-6119","1":"product","2":"type-product","3":"status-publish","4":"has-post-thumbnail","6":"product_cat-tours-fr","7":"product_tag-excursions-dune-journee-en-egypte","8":"product_tag-visites-guidees-de-marsa-alam","9":"tour_category-circuits-et-excursions-marsa-alam-fr","10":"tour_category-excursions-en-egypte-fr","12":"first","13":"instock","14":"sale","15":"shipping-taxable","16":"purchasable","17":"product-type-tour"},"yoast_head":"<!-- This site is optimized with the Yoast SEO Premium plugin v27.4 (Yoast SEO v27.4) - https:\/\/yoast.com\/product\/yoast-seo-premium-wordpress\/ -->\n<title>Safari Wadi El Gemal depuis Marsa Alam<\/title>\n<meta name=\"description\" content=\"\u00c9chappez \u00e0 l&#039;ordinaire ! Safari Wadi El Gemal depuis Marsa Alam. Explorez le d\u00e9sert en Jeep, les mines d&#039;\u00e9meraude et la culture b\u00e9douine. Aventure unique.\" \/>\n<meta name=\"robots\" content=\"index, follow, max-snippet:-1, max-image-preview:large, max-video-preview:-1\" \/>\n<link rel=\"canonical\" href=\"https:\/\/egytourpackages.com\/fr\/tours\/safari-wadi-el-gemal-depuis-marsa-alam\/\" \/>\n<meta property=\"og:locale\" content=\"fr_FR\" \/>\n<meta property=\"og:type\" content=\"article\" \/>\n<meta property=\"og:title\" content=\"Safari Wadi El Gemal depuis Marsa Alam\" \/>\n<meta property=\"og:description\" content=\"\u00c9chappez \u00e0 l&#039;ordinaire ! Safari Wadi El Gemal depuis Marsa Alam. Explorez le d\u00e9sert en Jeep, les mines d&#039;\u00e9meraude et la culture b\u00e9douine. Aventure unique.\" \/>\n<meta property=\"og:url\" content=\"https:\/\/egytourpackages.com\/fr\/tours\/safari-wadi-el-gemal-depuis-marsa-alam\/\" \/>\n<meta property=\"og:site_name\" content=\"Egypt Tour Packages\" \/>\n<meta property=\"article:publisher\" content=\"https:\/\/www.facebook.com\/egytourpackages\" \/>\n<meta property=\"article:modified_time\" content=\"2026-01-04T11:09:46+00:00\" \/>\n<meta property=\"og:image\" content=\"https:\/\/egytourpackages.com\/wp-content\/uploads\/2025\/05\/Eastern-desert-Marsa-Alam.jpg\" \/>\n\t<meta property=\"og:image:width\" content=\"1800\" \/>\n\t<meta property=\"og:image:height\" content=\"1200\" \/>\n\t<meta property=\"og:image:type\" content=\"image\/jpeg\" \/>\n<meta name=\"twitter:card\" content=\"summary_large_image\" \/>\n<meta name=\"twitter:title\" content=\"Safari Wadi El Gemal depuis Marsa Alam\" \/>\n<meta name=\"twitter:label1\" content=\"Prix\" \/>\n\t<meta name=\"twitter:data1\" content=\"&euro;80\" \/>\n\t<meta name=\"twitter:label2\" content=\"Disponibilit\u00e9\" \/>\n\t<meta name=\"twitter:data2\" content=\"En stock\" \/>\n<script type=\"application\/ld+json\" class=\"yoast-schema-graph\">{\"@context\":\"https:\\\/\\\/schema.org\",\"@graph\":[{\"@type\":\"WebPage\",\"@id\":\"https:\\\/\\\/egytourpackages.com\\\/fr\\\/tours\\\/safari-wadi-el-gemal-depuis-marsa-alam\\\/\",\"url\":\"https:\\\/\\\/egytourpackages.com\\\/fr\\\/tours\\\/safari-wadi-el-gemal-depuis-marsa-alam\\\/\",\"name\":\"Safari Wadi El Gemal depuis Marsa Alam\",\"isPartOf\":{\"@id\":\"https:\\\/\\\/egytourpackages.com\\\/fr\\\/#website\"},\"primaryImageOfPage\":{\"@id\":\"https:\\\/\\\/egytourpackages.com\\\/fr\\\/tours\\\/safari-wadi-el-gemal-depuis-marsa-alam\\\/#primaryimage\"},\"image\":{\"@id\":\"https:\\\/\\\/egytourpackages.com\\\/fr\\\/tours\\\/safari-wadi-el-gemal-depuis-marsa-alam\\\/#primaryimage\"},\"thumbnailUrl\":\"https:\\\/\\\/egytourpackages.com\\\/wp-content\\\/uploads\\\/2025\\\/05\\\/Eastern-desert-Marsa-Alam.jpg\",\"datePublished\":\"2025-05-25T16:32:39+00:00\",\"dateModified\":\"2026-01-04T11:09:46+00:00\",\"description\":\"\u00c9chappez \u00e0 l'ordinaire ! Safari Wadi El Gemal depuis Marsa Alam. Explorez le d\u00e9sert en Jeep, les mines d'\u00e9meraude et la culture b\u00e9douine. Aventure unique.\",\"breadcrumb\":{\"@id\":\"https:\\\/\\\/egytourpackages.com\\\/fr\\\/tours\\\/safari-wadi-el-gemal-depuis-marsa-alam\\\/#breadcrumb\"},\"inLanguage\":\"fr-FR\",\"potentialAction\":[{\"@type\":\"ReadAction\",\"target\":[\"https:\\\/\\\/egytourpackages.com\\\/fr\\\/tours\\\/safari-wadi-el-gemal-depuis-marsa-alam\\\/\"]}]},{\"@type\":\"ImageObject\",\"inLanguage\":\"fr-FR\",\"@id\":\"https:\\\/\\\/egytourpackages.com\\\/fr\\\/tours\\\/safari-wadi-el-gemal-depuis-marsa-alam\\\/#primaryimage\",\"url\":\"https:\\\/\\\/egytourpackages.com\\\/wp-content\\\/uploads\\\/2025\\\/05\\\/Eastern-desert-Marsa-Alam.jpg\",\"contentUrl\":\"https:\\\/\\\/egytourpackages.com\\\/wp-content\\\/uploads\\\/2025\\\/05\\\/Eastern-desert-Marsa-Alam.jpg\",\"width\":1800,\"height\":1200,\"caption\":\"D\u00e9sert Oriental, Marsa Alam\"},{\"@type\":\"BreadcrumbList\",\"@id\":\"https:\\\/\\\/egytourpackages.com\\\/fr\\\/tours\\\/safari-wadi-el-gemal-depuis-marsa-alam\\\/#breadcrumb\",\"itemListElement\":[{\"@type\":\"ListItem\",\"position\":1,\"name\":\"Home\",\"item\":\"https:\\\/\\\/egytourpackages.com\\\/fr\\\/circuits-en-egypte\\\/\"},{\"@type\":\"ListItem\",\"position\":2,\"name\":\"Shop\",\"item\":\"https:\\\/\\\/egytourpackages.com\\\/shop\\\/\"},{\"@type\":\"ListItem\",\"position\":3,\"name\":\"Safari Wadi El Gemal depuis Marsa Alam\"}]},{\"@type\":\"WebSite\",\"@id\":\"https:\\\/\\\/egytourpackages.com\\\/fr\\\/#website\",\"url\":\"https:\\\/\\\/egytourpackages.com\\\/fr\\\/\",\"name\":\"Egy tour packages\",\"description\":\"\",\"publisher\":{\"@id\":\"https:\\\/\\\/egytourpackages.com\\\/fr\\\/#organization\"},\"potentialAction\":[{\"@type\":\"SearchAction\",\"target\":{\"@type\":\"EntryPoint\",\"urlTemplate\":\"https:\\\/\\\/egytourpackages.com\\\/fr\\\/?s={search_term_string}\"},\"query-input\":{\"@type\":\"PropertyValueSpecification\",\"valueRequired\":true,\"valueName\":\"search_term_string\"}}],\"inLanguage\":\"fr-FR\"},{\"@type\":[\"Organization\",\"Place\",\"TravelAgency\"],\"@id\":\"https:\\\/\\\/egytourpackages.com\\\/fr\\\/#organization\",\"name\":\"egypt tour packages\",\"alternateName\":\"egypt tour packages\",\"url\":\"https:\\\/\\\/egytourpackages.com\\\/fr\\\/\",\"logo\":{\"@id\":\"https:\\\/\\\/egytourpackages.com\\\/fr\\\/tours\\\/safari-wadi-el-gemal-depuis-marsa-alam\\\/#local-main-organization-logo\"},\"image\":{\"@id\":\"https:\\\/\\\/egytourpackages.com\\\/fr\\\/tours\\\/safari-wadi-el-gemal-depuis-marsa-alam\\\/#local-main-organization-logo\"},\"sameAs\":[\"https:\\\/\\\/www.facebook.com\\\/egytourpackages\"],\"legalName\":\"Egy tour packages\",\"address\":{\"@id\":\"https:\\\/\\\/egytourpackages.com\\\/fr\\\/tours\\\/safari-wadi-el-gemal-depuis-marsa-alam\\\/#local-main-place-address\"},\"telephone\":[\"00201000852186\",\"00201028685533\"],\"contactPoint\":{\"@type\":\"ContactPoint\",\"telephone\":\"00201000852186\"},\"openingHoursSpecification\":[{\"@type\":\"OpeningHoursSpecification\",\"dayOfWeek\":[\"Monday\",\"Tuesday\",\"Wednesday\",\"Thursday\",\"Friday\",\"Saturday\",\"Sunday\"],\"opens\":\"00:00\",\"closes\":\"23:59\"}],\"email\":\"info@egytourpackages.com\",\"areaServed\":\"Cairo, Hurghada, Luxor, Sharm El Sheikh, Marsa Alam, Aswan\",\"priceRange\":\"$\",\"currenciesAccepted\":\"euro\",\"paymentAccepted\":\"Payment links online\"},{\"@type\":\"PostalAddress\",\"@id\":\"https:\\\/\\\/egytourpackages.com\\\/fr\\\/tours\\\/safari-wadi-el-gemal-depuis-marsa-alam\\\/#local-main-place-address\",\"streetAddress\":\"Mubarak 8, Al Kawthar District, Hurghada\",\"addressLocality\":\"Hurghada\",\"postalCode\":\"84511\",\"addressRegion\":\"Red Sea\",\"addressCountry\":\"EG\"},{\"@type\":\"ImageObject\",\"inLanguage\":\"fr-FR\",\"@id\":\"https:\\\/\\\/egytourpackages.com\\\/fr\\\/tours\\\/safari-wadi-el-gemal-depuis-marsa-alam\\\/#local-main-organization-logo\",\"url\":\"https:\\\/\\\/egytourpackages.com\\\/wp-content\\\/uploads\\\/2025\\\/12\\\/Turquoise-Dahabiya-Nile-Cruise-1.jpeg\",\"contentUrl\":\"https:\\\/\\\/egytourpackages.com\\\/wp-content\\\/uploads\\\/2025\\\/12\\\/Turquoise-Dahabiya-Nile-Cruise-1.jpeg\",\"width\":1040,\"height\":694,\"caption\":\"egypt tour packages\"}]}<\/script>\n<meta property=\"product:brand\" content=\"Circuits et excursions Marsa Alam\" \/>\n<meta property=\"product:price:amount\" content=\"80\" \/>\n<meta property=\"product:price:currency\" content=\"EUR\" \/>\n<meta property=\"og:availability\" content=\"instock\" \/>\n<meta property=\"product:availability\" content=\"instock\" \/>\n<meta property=\"product:retailer_item_id\" content=\"MAT09\" \/>\n<meta property=\"product:condition\" content=\"new\" \/>\n<meta name=\"geo.placename\" content=\"Hurghada\" \/>\n<meta name=\"geo.region\" content=\"\u00c9gypte\" \/>\n<!-- \/ Yoast SEO Premium plugin. -->","yoast_head_json":{"title":"Safari Wadi El Gemal depuis Marsa Alam","description":"\u00c9chappez \u00e0 l'ordinaire ! Safari Wadi El Gemal depuis Marsa Alam. Explorez le d\u00e9sert en Jeep, les mines d'\u00e9meraude et la culture b\u00e9douine. Aventure unique.","robots":{"index":"index","follow":"follow","max-snippet":"max-snippet:-1","max-image-preview":"max-image-preview:large","max-video-preview":"max-video-preview:-1"},"canonical":"https:\/\/egytourpackages.com\/fr\/tours\/safari-wadi-el-gemal-depuis-marsa-alam\/","og_locale":"fr_FR","og_type":"article","og_title":"Safari Wadi El Gemal depuis Marsa Alam","og_description":"\u00c9chappez \u00e0 l'ordinaire ! Safari Wadi El Gemal depuis Marsa Alam. Explorez le d\u00e9sert en Jeep, les mines d'\u00e9meraude et la culture b\u00e9douine. Aventure unique.","og_url":"https:\/\/egytourpackages.com\/fr\/tours\/safari-wadi-el-gemal-depuis-marsa-alam\/","og_site_name":"Egypt Tour Packages","article_publisher":"https:\/\/www.facebook.com\/egytourpackages","article_modified_time":"2026-01-04T11:09:46+00:00","og_image":[{"width":1800,"height":1200,"url":"https:\/\/egytourpackages.com\/wp-content\/uploads\/2025\/05\/Eastern-desert-Marsa-Alam.jpg","type":"image\/jpeg"}],"twitter_card":"summary_large_image","twitter_title":"Safari Wadi El Gemal depuis Marsa Alam","twitter_misc":{"Prix":"&euro;80","Disponibilit\u00e9":"En stock"},"schema":{"@context":"https:\/\/schema.org","@graph":[{"@type":"WebPage","@id":"https:\/\/egytourpackages.com\/fr\/tours\/safari-wadi-el-gemal-depuis-marsa-alam\/","url":"https:\/\/egytourpackages.com\/fr\/tours\/safari-wadi-el-gemal-depuis-marsa-alam\/","name":"Safari Wadi El Gemal depuis Marsa Alam","isPartOf":{"@id":"https:\/\/egytourpackages.com\/fr\/#website"},"primaryImageOfPage":{"@id":"https:\/\/egytourpackages.com\/fr\/tours\/safari-wadi-el-gemal-depuis-marsa-alam\/#primaryimage"},"image":{"@id":"https:\/\/egytourpackages.com\/fr\/tours\/safari-wadi-el-gemal-depuis-marsa-alam\/#primaryimage"},"thumbnailUrl":"https:\/\/egytourpackages.com\/wp-content\/uploads\/2025\/05\/Eastern-desert-Marsa-Alam.jpg","datePublished":"2025-05-25T16:32:39+00:00","dateModified":"2026-01-04T11:09:46+00:00","description":"\u00c9chappez \u00e0 l'ordinaire ! Safari Wadi El Gemal depuis Marsa Alam. Explorez le d\u00e9sert en Jeep, les mines d'\u00e9meraude et la culture b\u00e9douine. Aventure unique.","breadcrumb":{"@id":"https:\/\/egytourpackages.com\/fr\/tours\/safari-wadi-el-gemal-depuis-marsa-alam\/#breadcrumb"},"inLanguage":"fr-FR","potentialAction":[{"@type":"ReadAction","target":["https:\/\/egytourpackages.com\/fr\/tours\/safari-wadi-el-gemal-depuis-marsa-alam\/"]}]},{"@type":"ImageObject","inLanguage":"fr-FR","@id":"https:\/\/egytourpackages.com\/fr\/tours\/safari-wadi-el-gemal-depuis-marsa-alam\/#primaryimage","url":"https:\/\/egytourpackages.com\/wp-content\/uploads\/2025\/05\/Eastern-desert-Marsa-Alam.jpg","contentUrl":"https:\/\/egytourpackages.com\/wp-content\/uploads\/2025\/05\/Eastern-desert-Marsa-Alam.jpg","width":1800,"height":1200,"caption":"D\u00e9sert Oriental, Marsa Alam"},{"@type":"BreadcrumbList","@id":"https:\/\/egytourpackages.com\/fr\/tours\/safari-wadi-el-gemal-depuis-marsa-alam\/#breadcrumb","itemListElement":[{"@type":"ListItem","position":1,"name":"Home","item":"https:\/\/egytourpackages.com\/fr\/circuits-en-egypte\/"},{"@type":"ListItem","position":2,"name":"Shop","item":"https:\/\/egytourpackages.com\/shop\/"},{"@type":"ListItem","position":3,"name":"Safari Wadi El Gemal depuis Marsa Alam"}]},{"@type":"WebSite","@id":"https:\/\/egytourpackages.com\/fr\/#website","url":"https:\/\/egytourpackages.com\/fr\/","name":"Egy tour packages","description":"","publisher":{"@id":"https:\/\/egytourpackages.com\/fr\/#organization"},"potentialAction":[{"@type":"SearchAction","target":{"@type":"EntryPoint","urlTemplate":"https:\/\/egytourpackages.com\/fr\/?s={search_term_string}"},"query-input":{"@type":"PropertyValueSpecification","valueRequired":true,"valueName":"search_term_string"}}],"inLanguage":"fr-FR"},{"@type":["Organization","Place","TravelAgency"],"@id":"https:\/\/egytourpackages.com\/fr\/#organization","name":"egypt tour packages","alternateName":"egypt tour packages","url":"https:\/\/egytourpackages.com\/fr\/","logo":{"@id":"https:\/\/egytourpackages.com\/fr\/tours\/safari-wadi-el-gemal-depuis-marsa-alam\/#local-main-organization-logo"},"image":{"@id":"https:\/\/egytourpackages.com\/fr\/tours\/safari-wadi-el-gemal-depuis-marsa-alam\/#local-main-organization-logo"},"sameAs":["https:\/\/www.facebook.com\/egytourpackages"],"legalName":"Egy tour packages","address":{"@id":"https:\/\/egytourpackages.com\/fr\/tours\/safari-wadi-el-gemal-depuis-marsa-alam\/#local-main-place-address"},"telephone":["00201000852186","00201028685533"],"contactPoint":{"@type":"ContactPoint","telephone":"00201000852186"},"openingHoursSpecification":[{"@type":"OpeningHoursSpecification","dayOfWeek":["Monday","Tuesday","Wednesday","Thursday","Friday","Saturday","Sunday"],"opens":"00:00","closes":"23:59"}],"email":"info@egytourpackages.com","areaServed":"Cairo, Hurghada, Luxor, Sharm El Sheikh, Marsa Alam, Aswan","priceRange":"$","currenciesAccepted":"euro","paymentAccepted":"Payment links online"},{"@type":"PostalAddress","@id":"https:\/\/egytourpackages.com\/fr\/tours\/safari-wadi-el-gemal-depuis-marsa-alam\/#local-main-place-address","streetAddress":"Mubarak 8, Al Kawthar District, Hurghada","addressLocality":"Hurghada","postalCode":"84511","addressRegion":"Red Sea","addressCountry":"EG"},{"@type":"ImageObject","inLanguage":"fr-FR","@id":"https:\/\/egytourpackages.com\/fr\/tours\/safari-wadi-el-gemal-depuis-marsa-alam\/#local-main-organization-logo","url":"https:\/\/egytourpackages.com\/wp-content\/uploads\/2025\/12\/Turquoise-Dahabiya-Nile-Cruise-1.jpeg","contentUrl":"https:\/\/egytourpackages.com\/wp-content\/uploads\/2025\/12\/Turquoise-Dahabiya-Nile-Cruise-1.jpeg","width":1040,"height":694,"caption":"egypt tour packages"}]},"product_brand":"Circuits et excursions Marsa Alam","product_price_amount":"80","product_price_currency":"EUR","og_availability":"instock","product_availability":"instock","product_retailer_item_id":"MAT09","product_condition":"new","geo.placename":"Hurghada","geo.region":"\u00c9gypte"},"_links":{"self":[{"href":"https:\/\/egytourpackages.com\/fr\/wp-json\/wp\/v2\/product\/6119","targetHints":{"allow":["GET"]}}],"collection":[{"href":"https:\/\/egytourpackages.com\/fr\/wp-json\/wp\/v2\/product"}],"about":[{"href":"https:\/\/egytourpackages.com\/fr\/wp-json\/wp\/v2\/types\/product"}],"replies":[{"embeddable":true,"href":"https:\/\/egytourpackages.com\/fr\/wp-json\/wp\/v2\/comments?post=6119"}],"wp:featuredmedia":[{"embeddable":true,"href":"https:\/\/egytourpackages.com\/fr\/wp-json\/wp\/v2\/media\/6120"}],"wp:attachment":[{"href":"https:\/\/egytourpackages.com\/fr\/wp-json\/wp\/v2\/media?parent=6119"}],"wp:term":[{"taxonomy":"product_brand","embeddable":true,"href":"https:\/\/egytourpackages.com\/fr\/wp-json\/wp\/v2\/product_brand?post=6119"},{"taxonomy":"product_cat","embeddable":true,"href":"https:\/\/egytourpackages.com\/fr\/wp-json\/wp\/v2\/product_cat?post=6119"},{"taxonomy":"product_tag","embeddable":true,"href":"https:\/\/egytourpackages.com\/fr\/wp-json\/wp\/v2\/product_tag?post=6119"}],"curies":[{"name":"wp","href":"https:\/\/api.w.org\/{rel}","templated":true}]}}