{"id":6170,"date":"2025-06-02T20:04:39","date_gmt":"2025-06-02T20:04:39","guid":{"rendered":"https:\/\/egytourpackages.com\/product\/excursion-de-plongee-nocturne-a-sataya-depuis-marsa-alam\/"},"modified":"2026-01-25T02:33:25","modified_gmt":"2026-01-25T02:33:25","slug":"excursion-de-plongee-nocturne-a-sataya-depuis-marsa-alam","status":"publish","type":"product","link":"https:\/\/egytourpackages.com\/fr\/tours\/excursion-de-plongee-nocturne-a-sataya-depuis-marsa-alam\/","title":{"rendered":"Excursion de plong\u00e9e nocturne \u00e0 Sataya depuis Marsa Alam"},"content":{"rendered":"<p><span style=\"color: #ff6600;\"><strong>Excursion de plong\u00e9e nocturne \u00e0 Sataya depuis Marsa Alam<\/strong><\/span><\/p>\n<p><strong>Plong\u00e9e avec des Dauphins | Nuit en mer | D\u00e9couvrez les joyaux cach\u00e9s de la mer Rouge | Opportunit\u00e9s de photos sous-marines | Service tout inclus | Tours Marsa Alam<\/strong><\/p>\n<h2><span style=\"color: #ff6600;\">Aper\u00e7u <\/span><\/h2>\n<p>R\u00e9servez votre <strong>excursion de plong\u00e9e nocturne \u00e0 Sataya depuis Marsa Alam<\/strong> vers l&rsquo;une des destinations de snorkeling et de plong\u00e9e les plus \u00e9poustouflantes de la mer Rouge. <strong>Egy tour packages<\/strong> vous offre la chance de vivre la magie du <strong>r\u00e9cif de Sataya<\/strong>, \u00e9galement connu sous le nom de <strong>r\u00e9cif Dolphin House<\/strong>, pour plonger dans le plus grand r\u00e9cif de la mer Rouge, d&rsquo;une longueur de 45 km.<\/p>\n<p>Profitez de 4 plong\u00e9es au total autour du <strong>r\u00e9cif de dauphins Shaab Sataya<\/strong> et de la zone d&rsquo;<strong>Abu Ghalawa<\/strong> pour explorer des jardins de coraux et des bancs de poissons de r\u00e9cif, des tortues et des raies-aigles.<\/p>\n<p>Cette excursion de plong\u00e9e nocturne tout inclus est parfaite pour les plongeurs certifi\u00e9s qui souhaitent \u00e9chapper aux foules et explorer des sites de plong\u00e9e intacts. De plus, cette incroyable excursion de plong\u00e9e est parfaite si vous cherchez des <strong>choses \u00e0 faire avec vos amis<\/strong>, des <strong>escapades de week-end romantiques<\/strong> ou des <strong>forfaits vacances de luxe en famille<\/strong>. Contactez-nous et profitez de l&rsquo;un des meilleurs <strong>tours en \u00c9gypte<\/strong> pendant que vous \u00eates \u00e0 Marsa Alam.<\/p>\n<h3><span style=\"color: #ff6600;\">D\u00e9tails<\/span><\/h3>\n<ul>\n<li>Dur\u00e9e: 2 Jours | 1 Nuit<\/li>\n<li>Lieu du tour: Marsa Alam<\/li>\n<li>Disponibilit\u00e9 du tour: Samedi \u2013 Lundi \u2013 Mercredi<\/li>\n<li>Prise en charge &amp; retour: Votre h\u00f4tel \u00e0 Marsa Alam<\/li>\n<li>Type de tour: Tour r\u00e9cr\u00e9atif<\/li>\n<li><strong>Langue: Fran\u00e7ais<\/strong><\/li>\n<li>Scaun avec rotile: accessible<\/li>\n<\/ul>\n<h3><span style=\"color: #ff6600;\">Inclus<\/span><\/h3>\n<ul>\n<li>Transfer aller-retour depuis votre h\u00f4tel<\/li>\n<li>1 nuit d&rsquo;h\u00e9bergement \u00e0 bord en chambre double tout inclus<\/li>\n<li>Repas mentionn\u00e9s dans le programme<\/li>\n<li><strong>Moniteur de plong\u00e9e parlant fran\u00e7ais<\/strong><\/li>\n<li>Proc\u00e9dure m\u00e9dicale pour toute urgence.<\/li>\n<\/ul>\n<h3><span style=\"color: #ff6600;\">Exclus<\/span><\/h3>\n<ul>\n<li>Location compl\u00e8te d&rsquo;\u00e9quipement de plong\u00e9e (disponible sur demande)<\/li>\n<li>Taxe environnementale 10 euros par voyage<\/li>\n<li>Si vous choisissez la plong\u00e9e, l&rsquo;\u00e9quipement de plong\u00e9e n&rsquo;est pas inclus (co\u00fbte 20 euros par jour)<\/li>\n<li>DVD et photos du cam\u00e9raman<\/li>\n<\/ul>\n<h3><span style=\"color: #ff6600;\">\u00c0 emporter<\/span><\/h3>\n<ul>\n<li>Serviette de plage de l&rsquo;h\u00f4tel<\/li>\n<li>\u00c9quipement de plong\u00e9e personnel (si vous pr\u00e9f\u00e9rez)<\/li>\n<li>Maillot de bain, cr\u00e8me solaire, lunettes de soleil<\/li>\n<li>Couches chaudes pour le soir<\/li>\n<li>Appareil photo \u00e9tanche (fortement recommand\u00e9)<\/li>\n<\/ul>\n<h2><span style=\"color: #ff6600;\">Itin\u00e9raire<\/span><\/h2>\n<h3><span style=\"color: #ff6600;\">Jour 1, R\u00e9cif de Sataya Marsa Alam<\/span><\/h3>\n<p>Notre repr\u00e9sentant vous rencontrera dans le hall de votre h\u00f4tel pour commencer votre excursion de plong\u00e9e nocturne \u00e0 Sataya depuis Marsa Alam. \u00c0 votre arriv\u00e9e au port de Hamata, o\u00f9 votre bateau vous attend, vous serez accueilli par l&rsquo;\u00e9quipage. Il faut deux heures et demie de navigation pour atteindre le <strong>r\u00e9cif de dauphins Shaab Sataya<\/strong>. Pr\u00e9parez-vous pour la premi\u00e8re plong\u00e9e apr\u00e8s le briefing de votre moniteur de plong\u00e9e dans un tr\u00e8s bel endroit de plong\u00e9e avec des r\u00e9cifs de coraux magnifiques et des poissons color\u00e9s.<\/p>\n<p>De fait, lorsque ce n&rsquo;est pas votre tour de plonger, vous pouvez nager avec les <strong>dauphins<\/strong> dans le <strong>r\u00e9cif Dolphin House<\/strong>. Plus tard, vous profiterez d&rsquo;un d\u00e9jeuner fra\u00eechement pr\u00e9par\u00e9 \u00e0 bord avant votre deuxi\u00e8me plong\u00e9e dans un endroit diff\u00e9rent. Il est maintenant temps de vous d\u00e9tendre et d&rsquo;\u00e9couter de la musique douce pendant que le d\u00eener est pr\u00e9par\u00e9. Profitez de votre d\u00eener, puis vous \u00eates libre de rester sur le pont, de dormir dans votre chambre ou de participer \u00e0 une plong\u00e9e de nuit moyennant un suppl\u00e9ment.<\/p>\n<h3><span style=\"color: #ff6600;\">Jour 2, r\u00e9cif de Sataya h\u00f4tel Marsa Alam<\/span><\/h3>\n<p>R\u00e9veil matinal et premi\u00e8re plong\u00e9e avant le petit-d\u00e9jeuner et avant que les bateaux de jour n&rsquo;atteignent la <strong>lagune de Sataya<\/strong>. Vous pouvez \u00e9galement profiter d&rsquo;une s\u00e9ance de snorkeling avec les <strong>dauphins<\/strong> espi\u00e8gles jusqu&rsquo;\u00e0 ce que le petit-d\u00e9jeuner soit servi \u00e0 bord. Il est maintenant temps de naviguer au nord du r\u00e9cif de Sataya jusqu&rsquo;\u00e0 <strong>Abu Ghalawa<\/strong> o\u00f9 vous ferez votre derni\u00e8re plong\u00e9e. Abu Ghalawa est c\u00e9l\u00e8bre pour ses r\u00e9cifs de coraux uniques et sa vie marine. Enfin, profitez de votre d\u00e9jeuner \u00e0 bord pendant que vous naviguez de retour \u00e0 la jet\u00e9e de Hamata, puis nous vous ramenons \u00e0 votre h\u00f4tel \u00e0 Marsa Alam.<\/p>\n<h2><span style=\"color: #ff6600;\">P.C.<\/span><\/h2>\n<p>Les places sont limit\u00e9es et se remplissent rapidement en raison de la forte demande. R\u00e9servez votre place maintenant et plongez dans l&rsquo;une des exp\u00e9riences de plong\u00e9e nocturne les plus spectaculaires que la mer Rouge a \u00e0 offrir.<\/p>\n<h3><span style=\"color: #ff6600;\">Prix Excursion de plong\u00e9e nocturne \u00e0 Sataya depuis Marsa Alam<\/span><\/h3>\n<p>Prix total 200 euros par personne<\/p>\n<p>B\u00e9b\u00e9s 0-5 ans = gratuit<\/p>\n<p>Enfants 5-11 ans = 100 \u20ac<\/p>\n<h3><span style=\"color: #ff6600;\">R\u00e9servation<\/span><\/h3>\n<p>Vous pouvez r\u00e9server votre tour via WhatsApp ou nous envoyer un e-mail et vous recevrez la confirmation sur place.<\/p>\n<p>Veuillez nous envoyer le nom de votre h\u00f4tel, le num\u00e9ro de chambre, les copies de votre passeport.<\/p>\n<p>WhatsApp : +201000852186<\/p>\n<p>info@egytourpackages.com<\/p>\n<h3><span style=\"color: #ff6600;\">R\u00e9servez maintenant et payez sur place<\/span><\/h3>\n<p>R\u00e9servez votre tour pr\u00e9f\u00e9r\u00e9 et payez le jour de l&rsquo;excursion.<\/p>\n<h3><span style=\"color: #ff6600;\">Paiement<\/span><\/h3>\n<p>Vous pouvez payer en livres \u00e9gyptiennes, $, \u20ac ou \u00a3.<\/p>\n<h3>Politique d&rsquo;annulation<\/h3>\n<p>L&rsquo;annulation est gratuite jusqu&rsquo;\u00e0 24 heures \u00e0 l&rsquo;avance L&rsquo;annulation le matin est de 50 % du prix.<\/p>\n","protected":false},"excerpt":{"rendered":"<p>Partez pour une Excursion de plong\u00e9e nocturne \u00e0 Sataya depuis Marsa Alam. Nagez avec les dauphins, d\u00e9couvrez le monde sous-marin et dormez en mer.<\/p>\n","protected":false},"featured_media":6171,"comment_status":"closed","ping_status":"closed","template":"","meta":[],"product_brand":[],"product_cat":[3124],"product_tag":[3275,3276],"class_list":{"0":"post-6170","1":"product","2":"type-product","3":"status-publish","4":"has-post-thumbnail","6":"product_cat-tours-fr","7":"product_tag-excursions-dune-journee-en-egypte","8":"product_tag-visites-guidees-de-marsa-alam","9":"tour_category-circuits-et-excursions-marsa-alam-fr","10":"tour_category-excursions-en-egypte-fr","12":"first","13":"instock","14":"sale","15":"shipping-taxable","16":"purchasable","17":"product-type-tour","18":"has-default-attributes"},"yoast_head":"<!-- This site is optimized with the Yoast SEO Premium plugin v27.4 (Yoast SEO v27.4) - https:\/\/yoast.com\/product\/yoast-seo-premium-wordpress\/ -->\n<title>Excursion de plong\u00e9e nocturne \u00e0 Sataya depuis Marsa Alam<\/title>\n<meta name=\"description\" content=\"Partez pour une Excursion de plong\u00e9e nocturne \u00e0 Sataya depuis Marsa Alam. Nagez avec les dauphins, d\u00e9couvrez le monde sous-marin et dormez en mer.\" \/>\n<meta name=\"robots\" content=\"index, follow, max-snippet:-1, max-image-preview:large, max-video-preview:-1\" \/>\n<link rel=\"canonical\" href=\"https:\/\/egytourpackages.com\/fr\/tours\/excursion-de-plongee-nocturne-a-sataya-depuis-marsa-alam\/\" \/>\n<meta property=\"og:locale\" content=\"fr_FR\" \/>\n<meta property=\"og:type\" content=\"article\" \/>\n<meta property=\"og:title\" content=\"Excursion de plong\u00e9e nocturne \u00e0 Sataya depuis Marsa Alam\" \/>\n<meta property=\"og:description\" content=\"Partez pour une Excursion de plong\u00e9e nocturne \u00e0 Sataya depuis Marsa Alam. Nagez avec les dauphins, d\u00e9couvrez le monde sous-marin et dormez en mer.\" \/>\n<meta property=\"og:url\" content=\"https:\/\/egytourpackages.com\/fr\/tours\/excursion-de-plongee-nocturne-a-sataya-depuis-marsa-alam\/\" \/>\n<meta property=\"og:site_name\" content=\"Egypt Tour Packages\" \/>\n<meta property=\"article:publisher\" content=\"https:\/\/www.facebook.com\/egytourpackages\" \/>\n<meta property=\"article:modified_time\" content=\"2026-01-25T02:33:25+00:00\" \/>\n<meta property=\"og:image\" content=\"https:\/\/egytourpackages.com\/wp-content\/uploads\/2025\/06\/Sataya-Overnight-Diving-Trip-from-Marsa-Alam.jpg\" \/>\n<meta name=\"twitter:card\" content=\"summary_large_image\" \/>\n<meta name=\"twitter:title\" content=\"Excursion de plong\u00e9e nocturne \u00e0 Sataya depuis Marsa Alam\" \/>\n<meta name=\"twitter:label1\" content=\"Prix\" \/>\n\t<meta name=\"twitter:data1\" content=\"&euro;200\" \/>\n\t<meta name=\"twitter:label2\" content=\"Disponibilit\u00e9\" \/>\n\t<meta name=\"twitter:data2\" content=\"En stock\" \/>\n<script type=\"application\/ld+json\" class=\"yoast-schema-graph\">{\"@context\":\"https:\\\/\\\/schema.org\",\"@graph\":[{\"@type\":\"WebPage\",\"@id\":\"https:\\\/\\\/egytourpackages.com\\\/fr\\\/tours\\\/excursion-de-plongee-nocturne-a-sataya-depuis-marsa-alam\\\/\",\"url\":\"https:\\\/\\\/egytourpackages.com\\\/fr\\\/tours\\\/excursion-de-plongee-nocturne-a-sataya-depuis-marsa-alam\\\/\",\"name\":\"Excursion de plong\u00e9e nocturne \u00e0 Sataya depuis Marsa Alam\",\"isPartOf\":{\"@id\":\"https:\\\/\\\/egytourpackages.com\\\/fr\\\/#website\"},\"primaryImageOfPage\":{\"@id\":\"https:\\\/\\\/egytourpackages.com\\\/fr\\\/tours\\\/excursion-de-plongee-nocturne-a-sataya-depuis-marsa-alam\\\/#primaryimage\"},\"image\":{\"@id\":\"https:\\\/\\\/egytourpackages.com\\\/fr\\\/tours\\\/excursion-de-plongee-nocturne-a-sataya-depuis-marsa-alam\\\/#primaryimage\"},\"thumbnailUrl\":\"https:\\\/\\\/egytourpackages.com\\\/wp-content\\\/uploads\\\/2025\\\/06\\\/Sataya-Overnight-Diving-Trip-from-Marsa-Alam.jpg\",\"datePublished\":\"2025-06-02T20:04:39+00:00\",\"dateModified\":\"2026-01-25T02:33:25+00:00\",\"description\":\"Partez pour une Excursion de plong\u00e9e nocturne \u00e0 Sataya depuis Marsa Alam. Nagez avec les dauphins, d\u00e9couvrez le monde sous-marin et dormez en mer.\",\"breadcrumb\":{\"@id\":\"https:\\\/\\\/egytourpackages.com\\\/fr\\\/tours\\\/excursion-de-plongee-nocturne-a-sataya-depuis-marsa-alam\\\/#breadcrumb\"},\"inLanguage\":\"fr-FR\",\"potentialAction\":[{\"@type\":\"ReadAction\",\"target\":[\"https:\\\/\\\/egytourpackages.com\\\/fr\\\/tours\\\/excursion-de-plongee-nocturne-a-sataya-depuis-marsa-alam\\\/\"]}]},{\"@type\":\"ImageObject\",\"inLanguage\":\"fr-FR\",\"@id\":\"https:\\\/\\\/egytourpackages.com\\\/fr\\\/tours\\\/excursion-de-plongee-nocturne-a-sataya-depuis-marsa-alam\\\/#primaryimage\",\"url\":\"https:\\\/\\\/egytourpackages.com\\\/wp-content\\\/uploads\\\/2025\\\/06\\\/Sataya-Overnight-Diving-Trip-from-Marsa-Alam.jpg\",\"contentUrl\":\"https:\\\/\\\/egytourpackages.com\\\/wp-content\\\/uploads\\\/2025\\\/06\\\/Sataya-Overnight-Diving-Trip-from-Marsa-Alam.jpg\",\"width\":1000,\"height\":665,\"caption\":\"Excursion de plong\u00e9e nocturne \u00e0 Sataya depuis Marsa Alam\"},{\"@type\":\"BreadcrumbList\",\"@id\":\"https:\\\/\\\/egytourpackages.com\\\/fr\\\/tours\\\/excursion-de-plongee-nocturne-a-sataya-depuis-marsa-alam\\\/#breadcrumb\",\"itemListElement\":[{\"@type\":\"ListItem\",\"position\":1,\"name\":\"Home\",\"item\":\"https:\\\/\\\/egytourpackages.com\\\/fr\\\/circuits-en-egypte\\\/\"},{\"@type\":\"ListItem\",\"position\":2,\"name\":\"Shop\",\"item\":\"https:\\\/\\\/egytourpackages.com\\\/shop\\\/\"},{\"@type\":\"ListItem\",\"position\":3,\"name\":\"Excursion de plong\u00e9e nocturne \u00e0 Sataya depuis Marsa Alam\"}]},{\"@type\":\"WebSite\",\"@id\":\"https:\\\/\\\/egytourpackages.com\\\/fr\\\/#website\",\"url\":\"https:\\\/\\\/egytourpackages.com\\\/fr\\\/\",\"name\":\"Egy tour packages\",\"description\":\"\",\"publisher\":{\"@id\":\"https:\\\/\\\/egytourpackages.com\\\/fr\\\/#organization\"},\"potentialAction\":[{\"@type\":\"SearchAction\",\"target\":{\"@type\":\"EntryPoint\",\"urlTemplate\":\"https:\\\/\\\/egytourpackages.com\\\/fr\\\/?s={search_term_string}\"},\"query-input\":{\"@type\":\"PropertyValueSpecification\",\"valueRequired\":true,\"valueName\":\"search_term_string\"}}],\"inLanguage\":\"fr-FR\"},{\"@type\":[\"Organization\",\"Place\",\"TravelAgency\"],\"@id\":\"https:\\\/\\\/egytourpackages.com\\\/fr\\\/#organization\",\"name\":\"egypt tour packages\",\"alternateName\":\"egypt tour packages\",\"url\":\"https:\\\/\\\/egytourpackages.com\\\/fr\\\/\",\"logo\":{\"@id\":\"https:\\\/\\\/egytourpackages.com\\\/fr\\\/tours\\\/excursion-de-plongee-nocturne-a-sataya-depuis-marsa-alam\\\/#local-main-organization-logo\"},\"image\":{\"@id\":\"https:\\\/\\\/egytourpackages.com\\\/fr\\\/tours\\\/excursion-de-plongee-nocturne-a-sataya-depuis-marsa-alam\\\/#local-main-organization-logo\"},\"sameAs\":[\"https:\\\/\\\/www.facebook.com\\\/egytourpackages\"],\"legalName\":\"Egy tour packages\",\"address\":{\"@id\":\"https:\\\/\\\/egytourpackages.com\\\/fr\\\/tours\\\/excursion-de-plongee-nocturne-a-sataya-depuis-marsa-alam\\\/#local-main-place-address\"},\"telephone\":[\"00201000852186\",\"00201028685533\"],\"contactPoint\":{\"@type\":\"ContactPoint\",\"telephone\":\"00201000852186\"},\"openingHoursSpecification\":[{\"@type\":\"OpeningHoursSpecification\",\"dayOfWeek\":[\"Monday\",\"Tuesday\",\"Wednesday\",\"Thursday\",\"Friday\",\"Saturday\",\"Sunday\"],\"opens\":\"00:00\",\"closes\":\"23:59\"}],\"email\":\"info@egytourpackages.com\",\"areaServed\":\"Cairo, Hurghada, Luxor, Sharm El Sheikh, Marsa Alam, Aswan\",\"priceRange\":\"$\",\"currenciesAccepted\":\"euro\",\"paymentAccepted\":\"Payment links online\"},{\"@type\":\"PostalAddress\",\"@id\":\"https:\\\/\\\/egytourpackages.com\\\/fr\\\/tours\\\/excursion-de-plongee-nocturne-a-sataya-depuis-marsa-alam\\\/#local-main-place-address\",\"streetAddress\":\"Mubarak 8, Al Kawthar District, Hurghada\",\"addressLocality\":\"Hurghada\",\"postalCode\":\"84511\",\"addressRegion\":\"Red Sea\",\"addressCountry\":\"EG\"},{\"@type\":\"ImageObject\",\"inLanguage\":\"fr-FR\",\"@id\":\"https:\\\/\\\/egytourpackages.com\\\/fr\\\/tours\\\/excursion-de-plongee-nocturne-a-sataya-depuis-marsa-alam\\\/#local-main-organization-logo\",\"url\":\"https:\\\/\\\/egytourpackages.com\\\/wp-content\\\/uploads\\\/2025\\\/12\\\/Turquoise-Dahabiya-Nile-Cruise-1.jpeg\",\"contentUrl\":\"https:\\\/\\\/egytourpackages.com\\\/wp-content\\\/uploads\\\/2025\\\/12\\\/Turquoise-Dahabiya-Nile-Cruise-1.jpeg\",\"width\":1040,\"height\":694,\"caption\":\"egypt tour packages\"}]}<\/script>\n<meta property=\"product:brand\" content=\"Circuits et excursions Marsa Alam\" \/>\n<meta property=\"product:price:amount\" content=\"200\" \/>\n<meta property=\"product:price:currency\" content=\"EUR\" \/>\n<meta property=\"og:availability\" content=\"instock\" \/>\n<meta property=\"product:availability\" content=\"instock\" \/>\n<meta property=\"product:retailer_item_id\" content=\"MAT13\" \/>\n<meta property=\"product:condition\" content=\"new\" \/>\n<meta name=\"geo.placename\" content=\"Hurghada\" \/>\n<meta name=\"geo.region\" content=\"\u00c9gypte\" \/>\n<!-- \/ Yoast SEO Premium plugin. -->","yoast_head_json":{"title":"Excursion de plong\u00e9e nocturne \u00e0 Sataya depuis Marsa Alam","description":"Partez pour une Excursion de plong\u00e9e nocturne \u00e0 Sataya depuis Marsa Alam. Nagez avec les dauphins, d\u00e9couvrez le monde sous-marin et dormez en mer.","robots":{"index":"index","follow":"follow","max-snippet":"max-snippet:-1","max-image-preview":"max-image-preview:large","max-video-preview":"max-video-preview:-1"},"canonical":"https:\/\/egytourpackages.com\/fr\/tours\/excursion-de-plongee-nocturne-a-sataya-depuis-marsa-alam\/","og_locale":"fr_FR","og_type":"article","og_title":"Excursion de plong\u00e9e nocturne \u00e0 Sataya depuis Marsa Alam","og_description":"Partez pour une Excursion de plong\u00e9e nocturne \u00e0 Sataya depuis Marsa Alam. Nagez avec les dauphins, d\u00e9couvrez le monde sous-marin et dormez en mer.","og_url":"https:\/\/egytourpackages.com\/fr\/tours\/excursion-de-plongee-nocturne-a-sataya-depuis-marsa-alam\/","og_site_name":"Egypt Tour Packages","article_publisher":"https:\/\/www.facebook.com\/egytourpackages","article_modified_time":"2026-01-25T02:33:25+00:00","og_image":[{"url":"https:\/\/egytourpackages.com\/wp-content\/uploads\/2025\/06\/Sataya-Overnight-Diving-Trip-from-Marsa-Alam.jpg","type":"","width":"","height":""}],"twitter_card":"summary_large_image","twitter_title":"Excursion de plong\u00e9e nocturne \u00e0 Sataya depuis Marsa Alam","twitter_misc":{"Prix":"&euro;200","Disponibilit\u00e9":"En stock"},"schema":{"@context":"https:\/\/schema.org","@graph":[{"@type":"WebPage","@id":"https:\/\/egytourpackages.com\/fr\/tours\/excursion-de-plongee-nocturne-a-sataya-depuis-marsa-alam\/","url":"https:\/\/egytourpackages.com\/fr\/tours\/excursion-de-plongee-nocturne-a-sataya-depuis-marsa-alam\/","name":"Excursion de plong\u00e9e nocturne \u00e0 Sataya depuis Marsa Alam","isPartOf":{"@id":"https:\/\/egytourpackages.com\/fr\/#website"},"primaryImageOfPage":{"@id":"https:\/\/egytourpackages.com\/fr\/tours\/excursion-de-plongee-nocturne-a-sataya-depuis-marsa-alam\/#primaryimage"},"image":{"@id":"https:\/\/egytourpackages.com\/fr\/tours\/excursion-de-plongee-nocturne-a-sataya-depuis-marsa-alam\/#primaryimage"},"thumbnailUrl":"https:\/\/egytourpackages.com\/wp-content\/uploads\/2025\/06\/Sataya-Overnight-Diving-Trip-from-Marsa-Alam.jpg","datePublished":"2025-06-02T20:04:39+00:00","dateModified":"2026-01-25T02:33:25+00:00","description":"Partez pour une Excursion de plong\u00e9e nocturne \u00e0 Sataya depuis Marsa Alam. Nagez avec les dauphins, d\u00e9couvrez le monde sous-marin et dormez en mer.","breadcrumb":{"@id":"https:\/\/egytourpackages.com\/fr\/tours\/excursion-de-plongee-nocturne-a-sataya-depuis-marsa-alam\/#breadcrumb"},"inLanguage":"fr-FR","potentialAction":[{"@type":"ReadAction","target":["https:\/\/egytourpackages.com\/fr\/tours\/excursion-de-plongee-nocturne-a-sataya-depuis-marsa-alam\/"]}]},{"@type":"ImageObject","inLanguage":"fr-FR","@id":"https:\/\/egytourpackages.com\/fr\/tours\/excursion-de-plongee-nocturne-a-sataya-depuis-marsa-alam\/#primaryimage","url":"https:\/\/egytourpackages.com\/wp-content\/uploads\/2025\/06\/Sataya-Overnight-Diving-Trip-from-Marsa-Alam.jpg","contentUrl":"https:\/\/egytourpackages.com\/wp-content\/uploads\/2025\/06\/Sataya-Overnight-Diving-Trip-from-Marsa-Alam.jpg","width":1000,"height":665,"caption":"Excursion de plong\u00e9e nocturne \u00e0 Sataya depuis Marsa Alam"},{"@type":"BreadcrumbList","@id":"https:\/\/egytourpackages.com\/fr\/tours\/excursion-de-plongee-nocturne-a-sataya-depuis-marsa-alam\/#breadcrumb","itemListElement":[{"@type":"ListItem","position":1,"name":"Home","item":"https:\/\/egytourpackages.com\/fr\/circuits-en-egypte\/"},{"@type":"ListItem","position":2,"name":"Shop","item":"https:\/\/egytourpackages.com\/shop\/"},{"@type":"ListItem","position":3,"name":"Excursion de plong\u00e9e nocturne \u00e0 Sataya depuis Marsa Alam"}]},{"@type":"WebSite","@id":"https:\/\/egytourpackages.com\/fr\/#website","url":"https:\/\/egytourpackages.com\/fr\/","name":"Egy tour packages","description":"","publisher":{"@id":"https:\/\/egytourpackages.com\/fr\/#organization"},"potentialAction":[{"@type":"SearchAction","target":{"@type":"EntryPoint","urlTemplate":"https:\/\/egytourpackages.com\/fr\/?s={search_term_string}"},"query-input":{"@type":"PropertyValueSpecification","valueRequired":true,"valueName":"search_term_string"}}],"inLanguage":"fr-FR"},{"@type":["Organization","Place","TravelAgency"],"@id":"https:\/\/egytourpackages.com\/fr\/#organization","name":"egypt tour packages","alternateName":"egypt tour packages","url":"https:\/\/egytourpackages.com\/fr\/","logo":{"@id":"https:\/\/egytourpackages.com\/fr\/tours\/excursion-de-plongee-nocturne-a-sataya-depuis-marsa-alam\/#local-main-organization-logo"},"image":{"@id":"https:\/\/egytourpackages.com\/fr\/tours\/excursion-de-plongee-nocturne-a-sataya-depuis-marsa-alam\/#local-main-organization-logo"},"sameAs":["https:\/\/www.facebook.com\/egytourpackages"],"legalName":"Egy tour packages","address":{"@id":"https:\/\/egytourpackages.com\/fr\/tours\/excursion-de-plongee-nocturne-a-sataya-depuis-marsa-alam\/#local-main-place-address"},"telephone":["00201000852186","00201028685533"],"contactPoint":{"@type":"ContactPoint","telephone":"00201000852186"},"openingHoursSpecification":[{"@type":"OpeningHoursSpecification","dayOfWeek":["Monday","Tuesday","Wednesday","Thursday","Friday","Saturday","Sunday"],"opens":"00:00","closes":"23:59"}],"email":"info@egytourpackages.com","areaServed":"Cairo, Hurghada, Luxor, Sharm El Sheikh, Marsa Alam, Aswan","priceRange":"$","currenciesAccepted":"euro","paymentAccepted":"Payment links online"},{"@type":"PostalAddress","@id":"https:\/\/egytourpackages.com\/fr\/tours\/excursion-de-plongee-nocturne-a-sataya-depuis-marsa-alam\/#local-main-place-address","streetAddress":"Mubarak 8, Al Kawthar District, Hurghada","addressLocality":"Hurghada","postalCode":"84511","addressRegion":"Red Sea","addressCountry":"EG"},{"@type":"ImageObject","inLanguage":"fr-FR","@id":"https:\/\/egytourpackages.com\/fr\/tours\/excursion-de-plongee-nocturne-a-sataya-depuis-marsa-alam\/#local-main-organization-logo","url":"https:\/\/egytourpackages.com\/wp-content\/uploads\/2025\/12\/Turquoise-Dahabiya-Nile-Cruise-1.jpeg","contentUrl":"https:\/\/egytourpackages.com\/wp-content\/uploads\/2025\/12\/Turquoise-Dahabiya-Nile-Cruise-1.jpeg","width":1040,"height":694,"caption":"egypt tour packages"}]},"product_brand":"Circuits et excursions Marsa Alam","product_price_amount":"200","product_price_currency":"EUR","og_availability":"instock","product_availability":"instock","product_retailer_item_id":"MAT13","product_condition":"new","geo.placename":"Hurghada","geo.region":"\u00c9gypte"},"_links":{"self":[{"href":"https:\/\/egytourpackages.com\/fr\/wp-json\/wp\/v2\/product\/6170","targetHints":{"allow":["GET"]}}],"collection":[{"href":"https:\/\/egytourpackages.com\/fr\/wp-json\/wp\/v2\/product"}],"about":[{"href":"https:\/\/egytourpackages.com\/fr\/wp-json\/wp\/v2\/types\/product"}],"replies":[{"embeddable":true,"href":"https:\/\/egytourpackages.com\/fr\/wp-json\/wp\/v2\/comments?post=6170"}],"wp:featuredmedia":[{"embeddable":true,"href":"https:\/\/egytourpackages.com\/fr\/wp-json\/wp\/v2\/media\/6171"}],"wp:attachment":[{"href":"https:\/\/egytourpackages.com\/fr\/wp-json\/wp\/v2\/media?parent=6170"}],"wp:term":[{"taxonomy":"product_brand","embeddable":true,"href":"https:\/\/egytourpackages.com\/fr\/wp-json\/wp\/v2\/product_brand?post=6170"},{"taxonomy":"product_cat","embeddable":true,"href":"https:\/\/egytourpackages.com\/fr\/wp-json\/wp\/v2\/product_cat?post=6170"},{"taxonomy":"product_tag","embeddable":true,"href":"https:\/\/egytourpackages.com\/fr\/wp-json\/wp\/v2\/product_tag?post=6170"}],"curies":[{"name":"wp","href":"https:\/\/api.w.org\/{rel}","templated":true}]}}