{"id":6176,"date":"2025-06-16T11:42:16","date_gmt":"2025-06-16T11:42:16","guid":{"rendered":"https:\/\/egytourpackages.com\/product\/safari-en-quad-le-matin-a-soma-bay-aventure-dans-le-desert\/"},"modified":"2026-01-28T23:47:23","modified_gmt":"2026-01-28T23:47:23","slug":"safari-en-quad-le-matin-a-soma-bay-aventure-dans-le-desert","status":"publish","type":"product","link":"https:\/\/egytourpackages.com\/fr\/tours\/safari-en-quad-le-matin-a-soma-bay-aventure-dans-le-desert\/","title":{"rendered":"Safari en quad le matin \u00e0 Soma Bay: Aventure dans le d\u00e9sert"},"content":{"rendered":"<p><span style=\"color: #ff6600;\"><strong>Safari en quad le matin \u00e0 Soma Bay: Aventure dans le d\u00e9sert<\/strong><\/span><\/p>\n<p><strong>Aventure dans le d\u00e9sert \u00e0 Soma Bay \/ Tours en VTT le matin \/ Tours en VTT au lever du soleil \/ Village b\u00e9douin \/ R\u00e9server en ligne \/ Pas de frais d&rsquo;annulation \/ Payer sur place \/ Pas de frais suppl\u00e9mentaires |<\/strong><\/p>\n<p>Embarquez pour un <strong>tour en quad le matin depuis Soma Bay<\/strong> pour l&rsquo;aventure de <strong>safari dans le d\u00e9sert<\/strong> ultime! Cette <strong>excursion populaire \u00e0 Soma Bay<\/strong> offre une exp\u00e9rience inoubliable, combinant le frisson du <strong>quad<\/strong> (ou de la <strong>conduite d&rsquo;un VTT<\/strong>) \u00e0 travers le vaste d\u00e9sert \u00e9gyptien avec une immersion culturelle captivante. Vous traverserez des plaines sablonneuses, profitant de l&rsquo;air frais du matin et des paysages d\u00e9sertiques \u00e0 couper le souffle. Le point fort pour beaucoup est la visite d&rsquo;un <strong>village b\u00e9douin<\/strong> traditionnel, o\u00f9 vous pourrez faire une authentique <strong>balade \u00e0 dos de chameau<\/strong> et en apprendre davantage sur leur mode de vie unique tout en sirotant du th\u00e9 traditionnel. Parfait pour ceux qui recherchent l&rsquo;<strong>aventure dans le d\u00e9sert<\/strong>, ce <strong>tour en quad \u00e0 Soma Bay<\/strong> offre une mani\u00e8re dynamique et m\u00e9morable d&rsquo;explorer la beaut\u00e9 naturelle \u00e9poustouflante et la culture locale de l&rsquo;\u00c9gypte. R\u00e9servez votre <strong>safari dans le d\u00e9sert le matin<\/strong> d\u00e8s aujourd&rsquo;hui pour un d\u00e9but de journ\u00e9e plein d\u2019action!<\/p>\n<h3><span style=\"color: #ff6600;\">D\u00e9tails<\/span><\/h3>\n<ul>\n<li>Dur\u00e9e: 4 heures de voyage, y compris les transferts.<\/li>\n<li>Heure de prise en charge: Matin \u00e0 07h00<\/li>\n<li>Type de voyage: En groupe.<\/li>\n<li>Disponibilit\u00e9: Tous les jours.<\/li>\n<li>Dur\u00e9e: 3 heures sans transfert.<\/li>\n<li>Taille du groupe: 6-15 personnes.<\/li>\n<li><strong>Langues: Fran\u00e7ais<\/strong><\/li>\n<li>Horaires: R\u00e9server en ligne.<\/li>\n<li>Prise en charge et retour: H\u00f4tels \u00e0 Soma Bay<\/li>\n<\/ul>\n<h3><span style=\"color: #ff6600;\">Points Forts<\/span><\/h3>\n<ul>\n<li>Balade en VTT de 25 km<\/li>\n<li>Village b\u00e9douin<\/li>\n<li>Balade \u00e0 dos de chameau<\/li>\n<\/ul>\n<h3><span style=\"color: #ff6600;\">Inclusions<\/span><\/h3>\n<ul>\n<li>Prise en charge et retour \u00e0 l&rsquo;h\u00f4tel<\/li>\n<li>Taxis<\/li>\n<li><strong>Guide du d\u00e9sert parlant fran\u00e7ais<\/strong><\/li>\n<li>Eau<\/li>\n<li>Casque<\/li>\n<\/ul>\n<h3><span style=\"color: #ff6600;\">Exclusions<\/span><\/h3>\n<ul>\n<li>Pourboires<\/li>\n<li>Foulard b\u00e9douin<\/li>\n<li>Lunettes de protection<\/li>\n<li>DVD ou photos du cam\u00e9raman<\/li>\n<li>Tous les extras non inclus<\/li>\n<\/ul>\n<h3><span style=\"color: #ff6600;\">Quoi apporter<\/span><\/h3>\n<ul>\n<li>V\u00eatements confortables<\/li>\n<li>Chaussures ferm\u00e9es<\/li>\n<li>Lunettes de soleil<\/li>\n<li>Cr\u00e8me solaire<\/li>\n<li>Foulard<\/li>\n<li>Petit sac \u00e0 dos<\/li>\n<\/ul>\n<h3><span style=\"color: #ff6600;\">Pourquoi choisir une excursion en quad le matin?<\/span><\/h3>\n<ul>\n<li>\u00c9vitez la chaleur de midi<\/li>\n<li>Merveilleuses opportunit\u00e9s de lever de soleil<\/li>\n<li>Adapt\u00e9 aux familles<\/li>\n<li>Exp\u00e9rience m\u00e9morable<\/li>\n<\/ul>\n<h2><span style=\"color: #ff6600;\">Itin\u00e9raire<\/span><\/h2>\n<h3><span style=\"color: #ff6600;\">7h00 : Prise en charge \u00e0 l&rsquo;h\u00f4tel &amp; transfert<\/span><\/h3>\n<p>Commencez votre journ\u00e9e passionnante par un transfert confortable et climatis\u00e9 directement depuis votre h\u00f4tel \u00e0 Soma Bay.<\/p>\n<h3><span style=\"color: #ff6600;\">08h00 : Arriv\u00e9e et briefing de s\u00e9curit\u00e9<\/span><\/h3>\n<p>Arrivez au centre de quads, o\u00f9 vous serez accueilli par des guides locaux sympathiques. Vous recevrez ensuite un briefing de s\u00e9curit\u00e9 complet sur la mani\u00e8re de conduire les <strong>quads (VTT)<\/strong> de mani\u00e8re s\u00fbre et efficace. Des casques sont fournis et obligatoires. Vous aurez l&rsquo;occasion de vous entra\u00eener \u00e0 conduire votre quad dans une zone d\u00e9sign\u00e9e pour vous assurer que vous \u00eates \u00e0 l&rsquo;aise avant de vous aventurer dans le d\u00e9sert.<\/p>\n<h3><span style=\"color: #ff6600;\">9h30 : Safari en quad dans le d\u00e9sert palpitant<\/span><\/h3>\n<p>D\u00e9marrez votre <strong>safari en quad dans le d\u00e9sert<\/strong> ! Parcourez le vaste et magnifique <strong>d\u00e9sert \u00e9gyptien<\/strong>, en naviguant sur des sentiers de sable et en profitant de l&rsquo;\u00e9tendue ouverte. Votre guide vous m\u00e8nera \u00e9galement \u00e0 des points de vue incroyables, offrant des occasions de capturer des photos \u00e0 couper le souffle du paysage d\u00e9sertique, surtout au fur et \u00e0 mesure que le soleil se l\u00e8ve. Sentez le vent dans vos cheveux et l&rsquo;excitation de la vitesse sur les dunes.<\/p>\n<h3><span style=\"color: #ff6600;\">10h00 : Exp\u00e9rience culturelle au village b\u00e9douin<\/span><\/h3>\n<p>Conduisez votre quad plus loin dans le d\u00e9sert pour atteindre un <strong>village b\u00e9douin<\/strong> authentique. Vous y rencontrerez le peuple b\u00e9douin accueillant et obtiendrez des informations sur leur mode de vie traditionnel. Apr\u00e8s cela, faites une paisible <strong>balade \u00e0 dos de chameau<\/strong> \u00e0 travers le d\u00e9sert, une exp\u00e9rience \u00e9gyptienne vraiment embl\u00e9matique. D\u00e9tendez-vous et profitez de l&rsquo;eau min\u00e9rale, des boissons non alcoolis\u00e9es et du th\u00e9 b\u00e9douin traditionnel offerts gratuitement.<\/p>\n<h3><span style=\"color: #ff6600;\">11h00 : Retour en quad<\/span><\/h3>\n<p>Remontez sur votre quad pour une autre balade excitante, en retournant \u00e0 la station de quads. Cela vous donne plus de chances de profiter des vastes paysages du d\u00e9sert.<\/p>\n<h3><span style=\"color: #ff6600;\">12h00 : Transfert de retour \u00e0 l&rsquo;h\u00f4tel<\/span><\/h3>\n<p>Montez \u00e0 bord de votre v\u00e9hicule climatis\u00e9 pour le retour \u00e0 votre h\u00f4tel \u00e0 Soma Bay, en r\u00e9fl\u00e9chissant \u00e0 votre incroyable aventure dans le d\u00e9sert.<\/p>\n<h3><span style=\"color: #ff6600;\">Ce qu&rsquo;il faut apporter pour votre tour en quad le matin<\/span><\/h3>\n<ul>\n<li>V\u00eatements confortables<\/li>\n<li>Chaussures ferm\u00e9es<\/li>\n<li>Lunettes de soleil<\/li>\n<li>Cr\u00e8me solaire<\/li>\n<li>Foulard<\/li>\n<li>Petit sac \u00e0 dos<\/li>\n<\/ul>\n<h3><span style=\"color: #ff6600;\">Pourquoi choisir un tour en quad le matin?<\/span><\/h3>\n<ul>\n<li>\u00c9vitez la chaleur de la mi-journ\u00e9e<\/li>\n<li>Merveilleuses opportunit\u00e9s de lever de soleil<\/li>\n<li>Adapt\u00e9 aux familles<\/li>\n<li>Exp\u00e9rience m\u00e9morable<\/li>\n<\/ul>\n<h2><span style=\"color: #ff6600;\">Note:<\/span><\/h2>\n<p>Les enfants de moins de 14 ans ne sont pas autoris\u00e9s \u00e0 conduire le quad.<\/p>\n<h3><span style=\"color: #ff6600;\">Prix Safari en quad le matin \u00e0 Soma Bay<\/span><\/h3>\n<p>Prix adulte : 35 \u20ac<\/p>\n<p>Enfants de 0 \u00e0 5 ans : Gratuit<\/p>\n<p>Enfants de 5 \u00e0 11 ans : 50 % du prix adulte<\/p>\n<h3><span style=\"color: #ff6600;\">R\u00e9servation<\/span><\/h3>\n<p>Vous pouvez r\u00e9server votre tour via WhatsApp ou nous envoyer un e-mail. Vous recevrez une confirmation imm\u00e9diate.<\/p>\n<p>Veuillez nous envoyer le nom de votre h\u00f4tel, le num\u00e9ro de chambre et les copies de votre passeport.<\/p>\n<p>WhatsApp : <strong>+201000852186<\/strong><\/p>\n<p>info@egytourpackages.com<\/p>\n<h3><span style=\"color: #ff6600;\">R\u00e9servez maintenant et payez sur place<\/span><\/h3>\n<p>R\u00e9servez votre tour pr\u00e9f\u00e9r\u00e9 et payez le jour de votre excursion.<\/p>\n<h3><span style=\"color: #ff6600;\">Paiement<\/span><\/h3>\n<p>Vous pouvez payer en livres \u00e9gyptiennes, $, \u20ac ou \u00a3.<\/p>\n<h3><span style=\"color: #ff6600;\">Politique d&rsquo;annulation<\/span><\/h3>\n<ul>\n<li>Annulation gratuite jusqu&rsquo;\u00e0 24 heures \u00e0 l&rsquo;avance<\/li>\n<li>Annulation le matin est de 50 % du prix<\/li>\n<\/ul>\n","protected":false},"excerpt":{"rendered":"<p>D\u00e9marrez votre journ\u00e9e avec un Safari en quad le matin \u00e0 Soma Bay: Aventure dans le d\u00e9sert. Vitesse, d\u00e9sert et Le safari parfait vous attend.<\/p>\n","protected":false},"featured_media":6177,"comment_status":"closed","ping_status":"closed","template":"","meta":[],"product_brand":[],"product_cat":[3124],"product_tag":[3275,3354,3355],"class_list":{"0":"post-6176","1":"product","2":"type-product","3":"status-publish","4":"has-post-thumbnail","6":"product_cat-tours-fr","7":"product_tag-excursions-dune-journee-en-egypte","8":"product_tag-excursions-dans-la-baie-de-soma","9":"product_tag-safaris-dans-le-desert","10":"tour_category-excursions-en-egypte-fr","11":"tour_category-excursions-soma-bay-fr","12":"tour_category-excursions-safari-dans-le-desert-dhurghada","14":"first","15":"instock","16":"sale","17":"shipping-taxable","18":"purchasable","19":"product-type-tour","20":"has-default-attributes"},"yoast_head":"<!-- This site is optimized with the Yoast SEO Premium plugin v27.4 (Yoast SEO v27.4) - https:\/\/yoast.com\/product\/yoast-seo-premium-wordpress\/ -->\n<title>Safari en quad le matin \u00e0 Soma Bay: Aventure dans le d\u00e9sert<\/title>\n<meta name=\"description\" content=\"D\u00e9marrez votre journ\u00e9e avec un Safari en quad le matin \u00e0 Soma Bay: Aventure dans le d\u00e9sert. Vitesse, d\u00e9sert et Le safari parfait vous attend.\" \/>\n<meta name=\"robots\" content=\"index, follow, max-snippet:-1, max-image-preview:large, max-video-preview:-1\" \/>\n<link rel=\"canonical\" href=\"https:\/\/egytourpackages.com\/fr\/tours\/safari-en-quad-le-matin-a-soma-bay-aventure-dans-le-desert\/\" \/>\n<meta property=\"og:locale\" content=\"fr_FR\" \/>\n<meta property=\"og:type\" content=\"article\" \/>\n<meta property=\"og:title\" content=\"Safari en quad le matin \u00e0 Soma Bay: Aventure dans le d\u00e9sert\" \/>\n<meta property=\"og:description\" content=\"D\u00e9marrez votre journ\u00e9e avec un Safari en quad le matin \u00e0 Soma Bay: Aventure dans le d\u00e9sert. Vitesse, d\u00e9sert et Le safari parfait vous attend.\" \/>\n<meta property=\"og:url\" content=\"https:\/\/egytourpackages.com\/fr\/tours\/safari-en-quad-le-matin-a-soma-bay-aventure-dans-le-desert\/\" \/>\n<meta property=\"og:site_name\" content=\"Egypt Tour Packages\" \/>\n<meta property=\"article:publisher\" content=\"https:\/\/www.facebook.com\/egytourpackages\" \/>\n<meta property=\"article:modified_time\" content=\"2026-01-28T23:47:23+00:00\" \/>\n<meta property=\"og:image\" content=\"https:\/\/egytourpackages.com\/wp-content\/uploads\/2025\/06\/Morning-Quad-Bike-Tour-from-Soma-Bay-2.jpeg\" \/>\n\t<meta property=\"og:image:width\" content=\"1500\" \/>\n\t<meta property=\"og:image:height\" content=\"1000\" \/>\n\t<meta property=\"og:image:type\" content=\"image\/jpeg\" \/>\n<meta name=\"twitter:card\" content=\"summary_large_image\" \/>\n<meta name=\"twitter:title\" content=\"Safari en quad le matin \u00e0 Soma Bay: Aventure dans le d\u00e9sert\" \/>\n<meta name=\"twitter:label1\" content=\"Prix\" \/>\n\t<meta name=\"twitter:data1\" content=\"&euro;35\" \/>\n\t<meta name=\"twitter:label2\" content=\"Disponibilit\u00e9\" \/>\n\t<meta name=\"twitter:data2\" content=\"En stock\" \/>\n<script type=\"application\/ld+json\" class=\"yoast-schema-graph\">{\"@context\":\"https:\\\/\\\/schema.org\",\"@graph\":[{\"@type\":\"WebPage\",\"@id\":\"https:\\\/\\\/egytourpackages.com\\\/fr\\\/tours\\\/safari-en-quad-le-matin-a-soma-bay-aventure-dans-le-desert\\\/\",\"url\":\"https:\\\/\\\/egytourpackages.com\\\/fr\\\/tours\\\/safari-en-quad-le-matin-a-soma-bay-aventure-dans-le-desert\\\/\",\"name\":\"Safari en quad le matin \u00e0 Soma Bay: Aventure dans le d\u00e9sert\",\"isPartOf\":{\"@id\":\"https:\\\/\\\/egytourpackages.com\\\/fr\\\/#website\"},\"primaryImageOfPage\":{\"@id\":\"https:\\\/\\\/egytourpackages.com\\\/fr\\\/tours\\\/safari-en-quad-le-matin-a-soma-bay-aventure-dans-le-desert\\\/#primaryimage\"},\"image\":{\"@id\":\"https:\\\/\\\/egytourpackages.com\\\/fr\\\/tours\\\/safari-en-quad-le-matin-a-soma-bay-aventure-dans-le-desert\\\/#primaryimage\"},\"thumbnailUrl\":\"https:\\\/\\\/egytourpackages.com\\\/wp-content\\\/uploads\\\/2025\\\/06\\\/Morning-Quad-Bike-Tour-from-Soma-Bay-2.jpeg\",\"datePublished\":\"2025-06-16T11:42:16+00:00\",\"dateModified\":\"2026-01-28T23:47:23+00:00\",\"description\":\"D\u00e9marrez votre journ\u00e9e avec un Safari en quad le matin \u00e0 Soma Bay: Aventure dans le d\u00e9sert. Vitesse, d\u00e9sert et Le safari parfait vous attend.\",\"breadcrumb\":{\"@id\":\"https:\\\/\\\/egytourpackages.com\\\/fr\\\/tours\\\/safari-en-quad-le-matin-a-soma-bay-aventure-dans-le-desert\\\/#breadcrumb\"},\"inLanguage\":\"fr-FR\",\"potentialAction\":[{\"@type\":\"ReadAction\",\"target\":[\"https:\\\/\\\/egytourpackages.com\\\/fr\\\/tours\\\/safari-en-quad-le-matin-a-soma-bay-aventure-dans-le-desert\\\/\"]}]},{\"@type\":\"ImageObject\",\"inLanguage\":\"fr-FR\",\"@id\":\"https:\\\/\\\/egytourpackages.com\\\/fr\\\/tours\\\/safari-en-quad-le-matin-a-soma-bay-aventure-dans-le-desert\\\/#primaryimage\",\"url\":\"https:\\\/\\\/egytourpackages.com\\\/wp-content\\\/uploads\\\/2025\\\/06\\\/Morning-Quad-Bike-Tour-from-Soma-Bay-2.jpeg\",\"contentUrl\":\"https:\\\/\\\/egytourpackages.com\\\/wp-content\\\/uploads\\\/2025\\\/06\\\/Morning-Quad-Bike-Tour-from-Soma-Bay-2.jpeg\",\"width\":1500,\"height\":1000,\"caption\":\"Safari en quad le matin \u00e0 Soma Bay: Aventure dans le d\u00e9sert\"},{\"@type\":\"BreadcrumbList\",\"@id\":\"https:\\\/\\\/egytourpackages.com\\\/fr\\\/tours\\\/safari-en-quad-le-matin-a-soma-bay-aventure-dans-le-desert\\\/#breadcrumb\",\"itemListElement\":[{\"@type\":\"ListItem\",\"position\":1,\"name\":\"Home\",\"item\":\"https:\\\/\\\/egytourpackages.com\\\/fr\\\/circuits-en-egypte\\\/\"},{\"@type\":\"ListItem\",\"position\":2,\"name\":\"Shop\",\"item\":\"https:\\\/\\\/egytourpackages.com\\\/shop\\\/\"},{\"@type\":\"ListItem\",\"position\":3,\"name\":\"Safari en quad le matin \u00e0 Soma Bay: Aventure dans le d\u00e9sert\"}]},{\"@type\":\"WebSite\",\"@id\":\"https:\\\/\\\/egytourpackages.com\\\/fr\\\/#website\",\"url\":\"https:\\\/\\\/egytourpackages.com\\\/fr\\\/\",\"name\":\"Egy tour packages\",\"description\":\"\",\"publisher\":{\"@id\":\"https:\\\/\\\/egytourpackages.com\\\/fr\\\/#organization\"},\"potentialAction\":[{\"@type\":\"SearchAction\",\"target\":{\"@type\":\"EntryPoint\",\"urlTemplate\":\"https:\\\/\\\/egytourpackages.com\\\/fr\\\/?s={search_term_string}\"},\"query-input\":{\"@type\":\"PropertyValueSpecification\",\"valueRequired\":true,\"valueName\":\"search_term_string\"}}],\"inLanguage\":\"fr-FR\"},{\"@type\":[\"Organization\",\"Place\",\"TravelAgency\"],\"@id\":\"https:\\\/\\\/egytourpackages.com\\\/fr\\\/#organization\",\"name\":\"egypt tour packages\",\"alternateName\":\"egypt tour packages\",\"url\":\"https:\\\/\\\/egytourpackages.com\\\/fr\\\/\",\"logo\":{\"@id\":\"https:\\\/\\\/egytourpackages.com\\\/fr\\\/tours\\\/safari-en-quad-le-matin-a-soma-bay-aventure-dans-le-desert\\\/#local-main-organization-logo\"},\"image\":{\"@id\":\"https:\\\/\\\/egytourpackages.com\\\/fr\\\/tours\\\/safari-en-quad-le-matin-a-soma-bay-aventure-dans-le-desert\\\/#local-main-organization-logo\"},\"sameAs\":[\"https:\\\/\\\/www.facebook.com\\\/egytourpackages\"],\"legalName\":\"Egy tour packages\",\"address\":{\"@id\":\"https:\\\/\\\/egytourpackages.com\\\/fr\\\/tours\\\/safari-en-quad-le-matin-a-soma-bay-aventure-dans-le-desert\\\/#local-main-place-address\"},\"telephone\":[\"00201000852186\",\"00201028685533\"],\"contactPoint\":{\"@type\":\"ContactPoint\",\"telephone\":\"00201000852186\"},\"openingHoursSpecification\":[{\"@type\":\"OpeningHoursSpecification\",\"dayOfWeek\":[\"Monday\",\"Tuesday\",\"Wednesday\",\"Thursday\",\"Friday\",\"Saturday\",\"Sunday\"],\"opens\":\"00:00\",\"closes\":\"23:59\"}],\"email\":\"info@egytourpackages.com\",\"areaServed\":\"Cairo, Hurghada, Luxor, Sharm El Sheikh, Marsa Alam, Aswan\",\"priceRange\":\"$\",\"currenciesAccepted\":\"euro\",\"paymentAccepted\":\"Payment links online\"},{\"@type\":\"PostalAddress\",\"@id\":\"https:\\\/\\\/egytourpackages.com\\\/fr\\\/tours\\\/safari-en-quad-le-matin-a-soma-bay-aventure-dans-le-desert\\\/#local-main-place-address\",\"streetAddress\":\"Mubarak 8, Al Kawthar District, Hurghada\",\"addressLocality\":\"Hurghada\",\"postalCode\":\"84511\",\"addressRegion\":\"Red Sea\",\"addressCountry\":\"EG\"},{\"@type\":\"ImageObject\",\"inLanguage\":\"fr-FR\",\"@id\":\"https:\\\/\\\/egytourpackages.com\\\/fr\\\/tours\\\/safari-en-quad-le-matin-a-soma-bay-aventure-dans-le-desert\\\/#local-main-organization-logo\",\"url\":\"https:\\\/\\\/egytourpackages.com\\\/wp-content\\\/uploads\\\/2025\\\/12\\\/Turquoise-Dahabiya-Nile-Cruise-1.jpeg\",\"contentUrl\":\"https:\\\/\\\/egytourpackages.com\\\/wp-content\\\/uploads\\\/2025\\\/12\\\/Turquoise-Dahabiya-Nile-Cruise-1.jpeg\",\"width\":1040,\"height\":694,\"caption\":\"egypt tour packages\"}]}<\/script>\n<meta property=\"product:brand\" content=\"Excursions en \u00c9gypte\" \/>\n<meta property=\"product:price:amount\" content=\"35\" \/>\n<meta property=\"product:price:currency\" content=\"EUR\" \/>\n<meta property=\"og:availability\" content=\"instock\" \/>\n<meta property=\"product:availability\" content=\"instock\" \/>\n<meta property=\"product:retailer_item_id\" content=\"SBE09\" \/>\n<meta property=\"product:condition\" content=\"new\" \/>\n<meta name=\"geo.placename\" content=\"Hurghada\" \/>\n<meta name=\"geo.region\" content=\"\u00c9gypte\" \/>\n<!-- \/ Yoast SEO Premium plugin. -->","yoast_head_json":{"title":"Safari en quad le matin \u00e0 Soma Bay: Aventure dans le d\u00e9sert","description":"D\u00e9marrez votre journ\u00e9e avec un Safari en quad le matin \u00e0 Soma Bay: Aventure dans le d\u00e9sert. Vitesse, d\u00e9sert et Le safari parfait vous attend.","robots":{"index":"index","follow":"follow","max-snippet":"max-snippet:-1","max-image-preview":"max-image-preview:large","max-video-preview":"max-video-preview:-1"},"canonical":"https:\/\/egytourpackages.com\/fr\/tours\/safari-en-quad-le-matin-a-soma-bay-aventure-dans-le-desert\/","og_locale":"fr_FR","og_type":"article","og_title":"Safari en quad le matin \u00e0 Soma Bay: Aventure dans le d\u00e9sert","og_description":"D\u00e9marrez votre journ\u00e9e avec un Safari en quad le matin \u00e0 Soma Bay: Aventure dans le d\u00e9sert. Vitesse, d\u00e9sert et Le safari parfait vous attend.","og_url":"https:\/\/egytourpackages.com\/fr\/tours\/safari-en-quad-le-matin-a-soma-bay-aventure-dans-le-desert\/","og_site_name":"Egypt Tour Packages","article_publisher":"https:\/\/www.facebook.com\/egytourpackages","article_modified_time":"2026-01-28T23:47:23+00:00","og_image":[{"width":1500,"height":1000,"url":"https:\/\/egytourpackages.com\/wp-content\/uploads\/2025\/06\/Morning-Quad-Bike-Tour-from-Soma-Bay-2.jpeg","type":"image\/jpeg"}],"twitter_card":"summary_large_image","twitter_title":"Safari en quad le matin \u00e0 Soma Bay: Aventure dans le d\u00e9sert","twitter_misc":{"Prix":"&euro;35","Disponibilit\u00e9":"En stock"},"schema":{"@context":"https:\/\/schema.org","@graph":[{"@type":"WebPage","@id":"https:\/\/egytourpackages.com\/fr\/tours\/safari-en-quad-le-matin-a-soma-bay-aventure-dans-le-desert\/","url":"https:\/\/egytourpackages.com\/fr\/tours\/safari-en-quad-le-matin-a-soma-bay-aventure-dans-le-desert\/","name":"Safari en quad le matin \u00e0 Soma Bay: Aventure dans le d\u00e9sert","isPartOf":{"@id":"https:\/\/egytourpackages.com\/fr\/#website"},"primaryImageOfPage":{"@id":"https:\/\/egytourpackages.com\/fr\/tours\/safari-en-quad-le-matin-a-soma-bay-aventure-dans-le-desert\/#primaryimage"},"image":{"@id":"https:\/\/egytourpackages.com\/fr\/tours\/safari-en-quad-le-matin-a-soma-bay-aventure-dans-le-desert\/#primaryimage"},"thumbnailUrl":"https:\/\/egytourpackages.com\/wp-content\/uploads\/2025\/06\/Morning-Quad-Bike-Tour-from-Soma-Bay-2.jpeg","datePublished":"2025-06-16T11:42:16+00:00","dateModified":"2026-01-28T23:47:23+00:00","description":"D\u00e9marrez votre journ\u00e9e avec un Safari en quad le matin \u00e0 Soma Bay: Aventure dans le d\u00e9sert. Vitesse, d\u00e9sert et Le safari parfait vous attend.","breadcrumb":{"@id":"https:\/\/egytourpackages.com\/fr\/tours\/safari-en-quad-le-matin-a-soma-bay-aventure-dans-le-desert\/#breadcrumb"},"inLanguage":"fr-FR","potentialAction":[{"@type":"ReadAction","target":["https:\/\/egytourpackages.com\/fr\/tours\/safari-en-quad-le-matin-a-soma-bay-aventure-dans-le-desert\/"]}]},{"@type":"ImageObject","inLanguage":"fr-FR","@id":"https:\/\/egytourpackages.com\/fr\/tours\/safari-en-quad-le-matin-a-soma-bay-aventure-dans-le-desert\/#primaryimage","url":"https:\/\/egytourpackages.com\/wp-content\/uploads\/2025\/06\/Morning-Quad-Bike-Tour-from-Soma-Bay-2.jpeg","contentUrl":"https:\/\/egytourpackages.com\/wp-content\/uploads\/2025\/06\/Morning-Quad-Bike-Tour-from-Soma-Bay-2.jpeg","width":1500,"height":1000,"caption":"Safari en quad le matin \u00e0 Soma Bay: Aventure dans le d\u00e9sert"},{"@type":"BreadcrumbList","@id":"https:\/\/egytourpackages.com\/fr\/tours\/safari-en-quad-le-matin-a-soma-bay-aventure-dans-le-desert\/#breadcrumb","itemListElement":[{"@type":"ListItem","position":1,"name":"Home","item":"https:\/\/egytourpackages.com\/fr\/circuits-en-egypte\/"},{"@type":"ListItem","position":2,"name":"Shop","item":"https:\/\/egytourpackages.com\/shop\/"},{"@type":"ListItem","position":3,"name":"Safari en quad le matin \u00e0 Soma Bay: Aventure dans le d\u00e9sert"}]},{"@type":"WebSite","@id":"https:\/\/egytourpackages.com\/fr\/#website","url":"https:\/\/egytourpackages.com\/fr\/","name":"Egy tour packages","description":"","publisher":{"@id":"https:\/\/egytourpackages.com\/fr\/#organization"},"potentialAction":[{"@type":"SearchAction","target":{"@type":"EntryPoint","urlTemplate":"https:\/\/egytourpackages.com\/fr\/?s={search_term_string}"},"query-input":{"@type":"PropertyValueSpecification","valueRequired":true,"valueName":"search_term_string"}}],"inLanguage":"fr-FR"},{"@type":["Organization","Place","TravelAgency"],"@id":"https:\/\/egytourpackages.com\/fr\/#organization","name":"egypt tour packages","alternateName":"egypt tour packages","url":"https:\/\/egytourpackages.com\/fr\/","logo":{"@id":"https:\/\/egytourpackages.com\/fr\/tours\/safari-en-quad-le-matin-a-soma-bay-aventure-dans-le-desert\/#local-main-organization-logo"},"image":{"@id":"https:\/\/egytourpackages.com\/fr\/tours\/safari-en-quad-le-matin-a-soma-bay-aventure-dans-le-desert\/#local-main-organization-logo"},"sameAs":["https:\/\/www.facebook.com\/egytourpackages"],"legalName":"Egy tour packages","address":{"@id":"https:\/\/egytourpackages.com\/fr\/tours\/safari-en-quad-le-matin-a-soma-bay-aventure-dans-le-desert\/#local-main-place-address"},"telephone":["00201000852186","00201028685533"],"contactPoint":{"@type":"ContactPoint","telephone":"00201000852186"},"openingHoursSpecification":[{"@type":"OpeningHoursSpecification","dayOfWeek":["Monday","Tuesday","Wednesday","Thursday","Friday","Saturday","Sunday"],"opens":"00:00","closes":"23:59"}],"email":"info@egytourpackages.com","areaServed":"Cairo, Hurghada, Luxor, Sharm El Sheikh, Marsa Alam, Aswan","priceRange":"$","currenciesAccepted":"euro","paymentAccepted":"Payment links online"},{"@type":"PostalAddress","@id":"https:\/\/egytourpackages.com\/fr\/tours\/safari-en-quad-le-matin-a-soma-bay-aventure-dans-le-desert\/#local-main-place-address","streetAddress":"Mubarak 8, Al Kawthar District, Hurghada","addressLocality":"Hurghada","postalCode":"84511","addressRegion":"Red Sea","addressCountry":"EG"},{"@type":"ImageObject","inLanguage":"fr-FR","@id":"https:\/\/egytourpackages.com\/fr\/tours\/safari-en-quad-le-matin-a-soma-bay-aventure-dans-le-desert\/#local-main-organization-logo","url":"https:\/\/egytourpackages.com\/wp-content\/uploads\/2025\/12\/Turquoise-Dahabiya-Nile-Cruise-1.jpeg","contentUrl":"https:\/\/egytourpackages.com\/wp-content\/uploads\/2025\/12\/Turquoise-Dahabiya-Nile-Cruise-1.jpeg","width":1040,"height":694,"caption":"egypt tour packages"}]},"product_brand":"Excursions en \u00c9gypte","product_price_amount":"35","product_price_currency":"EUR","og_availability":"instock","product_availability":"instock","product_retailer_item_id":"SBE09","product_condition":"new","geo.placename":"Hurghada","geo.region":"\u00c9gypte"},"_links":{"self":[{"href":"https:\/\/egytourpackages.com\/fr\/wp-json\/wp\/v2\/product\/6176","targetHints":{"allow":["GET"]}}],"collection":[{"href":"https:\/\/egytourpackages.com\/fr\/wp-json\/wp\/v2\/product"}],"about":[{"href":"https:\/\/egytourpackages.com\/fr\/wp-json\/wp\/v2\/types\/product"}],"replies":[{"embeddable":true,"href":"https:\/\/egytourpackages.com\/fr\/wp-json\/wp\/v2\/comments?post=6176"}],"wp:featuredmedia":[{"embeddable":true,"href":"https:\/\/egytourpackages.com\/fr\/wp-json\/wp\/v2\/media\/6177"}],"wp:attachment":[{"href":"https:\/\/egytourpackages.com\/fr\/wp-json\/wp\/v2\/media?parent=6176"}],"wp:term":[{"taxonomy":"product_brand","embeddable":true,"href":"https:\/\/egytourpackages.com\/fr\/wp-json\/wp\/v2\/product_brand?post=6176"},{"taxonomy":"product_cat","embeddable":true,"href":"https:\/\/egytourpackages.com\/fr\/wp-json\/wp\/v2\/product_cat?post=6176"},{"taxonomy":"product_tag","embeddable":true,"href":"https:\/\/egytourpackages.com\/fr\/wp-json\/wp\/v2\/product_tag?post=6176"}],"curies":[{"name":"wp","href":"https:\/\/api.w.org\/{rel}","templated":true}]}}