{"id":6569,"date":"2025-05-23T17:49:26","date_gmt":"2025-05-23T17:49:26","guid":{"rendered":"https:\/\/egytourpackages.com\/product\/croisiere-bateau-pirate-hurghada-vers-orange-bay\/"},"modified":"2026-01-28T23:44:52","modified_gmt":"2026-01-28T23:44:52","slug":"croisiere-bateau-pirate-hurghada-vers-orange-bay","status":"publish","type":"product","link":"https:\/\/egytourpackages.com\/fr\/tours\/croisiere-bateau-pirate-hurghada-vers-orange-bay\/","title":{"rendered":"Croisi\u00e8re Bateau Pirate Hurghada vers Orange Bay"},"content":{"rendered":"<p><span style=\"color: #ff6600;\"><strong>Croisi\u00e8re Bateau Pirate Hurghada vers Orange Bay | Excursion Snorkeling<\/strong><\/span><\/p>\n<p><em><strong>Yacht de luxe | Buffet de fruits de mer et jus de fruits frais | Plage d&rsquo;Orange Bay | R\u00e9servation par WhatsApp | \u00c9quipement de snorkeling | Spectacle d&rsquo;animation<\/strong><\/em><\/p>\n<p>La croisi\u00e8re en <strong>bateau pirate d&rsquo;Hurghada vers Orange Bay<\/strong> est une exp\u00e9rience pour d\u00e9couvrir la beaut\u00e9 naturelle de la mer Rouge tout en profitant des <strong>meilleures excursions en \u00c9gypte<\/strong>. C&rsquo;est l&rsquo;une des <strong>meilleures vacances en famille de luxe<\/strong> \u00e0 bord d&rsquo;un yacht de haute qualit\u00e9. De plus, l&rsquo;<strong>excursion en bateau pirate<\/strong> est parfaite pour des <strong>vacances d&rsquo;aventure en famille<\/strong>, pour f\u00eater un <strong>anniversaire entre amis<\/strong>, pour les <strong>plans d&rsquo;\u00e9t\u00e9 entre amis<\/strong>, et une des meilleures options de <strong>voyage pour les seniors<\/strong>.<\/p>\n<p>Le bateau pirate \u00e0 Hurghada est \u00e9galement id\u00e9al pour les <strong>seniors \u00e0 mobilit\u00e9 r\u00e9duite<\/strong>, les amateurs de sensations fortes, les <strong>voyageurs solo<\/strong>, et une <strong>exp\u00e9rience merveilleuse<\/strong> qui restera grav\u00e9e \u00e0 jamais. Si vous recherchez une <strong>aventure unique<\/strong> avec vos enfants et des <strong>vacances d&rsquo;\u00e9t\u00e9 en famille \u00e0 la plage<\/strong>, cette excursion est faite pour vous. Profitez de l&rsquo;un des <strong>meilleurs voyages de snorkeling sur les r\u00e9cifs de corail<\/strong> pour <strong>explorer Orange Bay \u00e0 Hurghada<\/strong> et <strong>nager<\/strong> parmi les <strong>r\u00e9cifs coralliens de la mer Rouge<\/strong> et les <strong>poissons color\u00e9s<\/strong> rares, tout en naviguant sur notre bateau pirate.<\/p>\n<h3><span style=\"color: #ff6600;\">Points forts<\/span><\/h3>\n<ul>\n<li>Un long arr\u00eat pour le snorkeling<\/li>\n<li>D\u00e9jeuner frais pr\u00e9par\u00e9 \u00e0 bord<\/li>\n<li>Spectacle d&rsquo;animation<\/li>\n<\/ul>\n<h3><span style=\"color: #ff6600;\">D\u00e9tails de la visite<\/span><\/h3>\n<ul>\n<li>Dur\u00e9e: 7 heures<\/li>\n<li>Lieu: Hurghada &#8211; Mer Rouge<\/li>\n<li>Disponibilit\u00e9: Tous les jours<\/li>\n<li>Type de visite: Groupe<\/li>\n<li><strong>Langue: Fran\u00e7ais<\/strong><\/li>\n<li>Prise en charge et retour: Votre h\u00f4tel \u00e0 Hurghada<\/li>\n<li>Fauteuil roulant: Accessible<\/li>\n<\/ul>\n<h3><span style=\"color: #ff6600;\">Inclusions<\/span><\/h3>\n<ul>\n<li>Transfert aller-retour depuis votre h\u00f4tel \u00e0 Hurghada<\/li>\n<li>\u00c9quipement de snorkeling (gilet de sauvetage, masque, palmes)<\/li>\n<li><strong>Guide \u00e9gyptologue parlant fran\u00e7ais<\/strong><\/li>\n<li>D\u00e9jeuner fra\u00eechement pr\u00e9par\u00e9 \u00e0 bord<\/li>\n<li>Eau min\u00e9rale, boissons chaudes et froides toute la journ\u00e9e<\/li>\n<\/ul>\n<h3><span style=\"color: #ff6600;\">Exclusions<\/span><\/h3>\n<ul>\n<li>DVD et photos par un cam\u00e9raman<\/li>\n<li>Pourboires<\/li>\n<li>Frais d&rsquo;entr\u00e9e au parc national<\/li>\n<li>Des frais suppl\u00e9mentaires s&rsquo;appliqueront pour les transferts depuis les zones en dehors d&rsquo;Hurghada (Makadi Bay, Sahl Hasheesh, El Gouna)<\/li>\n<\/ul>\n<h3><span style=\"color: #ff6600;\">\u00c0 emporter avec vous<\/span><\/h3>\n<ul>\n<li>Votre propre serviette de l&rsquo;h\u00f4tel<\/li>\n<li>Chapeau ou \u00e9charpe<\/li>\n<li>Cr\u00e8me solaire, serviette, lunettes de soleil<\/li>\n<li>Chaussures confortables<\/li>\n<li>Maillot de bain<\/li>\n<li>De l&rsquo;argent liquide pour vos d\u00e9penses personnelles<\/li>\n<\/ul>\n<h2><span style=\"color: #ff6600;\">Itin\u00e9raire<\/span><\/h2>\n<h3><span style=\"color: #ff6600;\">Heure de prise en charge \u00e0 l&rsquo;h\u00f4tel<\/span><\/h3>\n<p>En fonction de l&#8217;emplacement de votre h\u00f4tel et de l&rsquo;heure de prise en charge que vous recevrez lors de la r\u00e9servation, nous viendrons vous chercher \u00e0 la r\u00e9ception de votre h\u00f4tel pour vous conduire \u00e0 la nouvelle marina.<\/p>\n<h3><span style=\"color: #ff6600;\">09h00 Embarquement sur le bateau pirate et d\u00e9but de la navigation<\/span><\/h3>\n<p>\u00c0 votre arriv\u00e9e au bateau pirate, vous serez accueillis par l&rsquo;\u00e9quipage et pourrez commencer \u00e0 profiter du spacieux pont ensoleill\u00e9 ou des salons climatis\u00e9s.<\/p>\n<h3><span style=\"color: #ff6600;\">10h00 Arr\u00eat snorkeling<\/span><\/h3>\n<p>\u00c0 l&rsquo;arriv\u00e9e au premier site de snorkeling, profitez d&rsquo;une session guid\u00e9e d&rsquo;une heure ou plus dans les eaux cristallines et la vie marine de la mer Rouge. Passez autant de temps que vous le souhaitez avant de vous rendre au prochain arr\u00eat.<\/p>\n<h3><span style=\"color: #ff6600;\">11h15 Plage d&rsquo;Orange Bay<\/span><\/h3>\n<p>Une fois le bateau amarr\u00e9 \u00e0 Orange Bay, vous aurez environ deux heures de libert\u00e9 pour profiter des plages de sable et des eaux turquoise. Vous pouvez \u00e9galement utiliser les canap\u00e9s et les parasols pour vous d\u00e9tendre et prendre un bain de soleil ou sauter dans l&rsquo;eau et nager.<\/p>\n<h3><span style=\"color: #ff6600;\">13h00 D\u00e9jeuner<\/span><\/h3>\n<p>Retour au bateau pirate pour un d\u00e9jeuner fra\u00eechement pr\u00e9par\u00e9 compos\u00e9 d&rsquo;une soupe de fruits de mer, d&rsquo;une vari\u00e9t\u00e9 de salades, de riz, de p\u00e2tes, de pommes de terre, de fruits de mer grill\u00e9s (crevettes, calamars, poisson), de poulet, de kofta et de fruits frais de saison.<\/p>\n<h3><span style=\"color: #ff6600;\">15h00 Retour \u00e0 la marina<\/span><\/h3>\n<p>Apr\u00e8s avoir savour\u00e9 votre d\u00e9jeuner, vous pourrez vous d\u00e9tendre sur le pont ensoleill\u00e9, profiter de la brise marine ou savourer une boisson rafra\u00eechissante pendant que le bateau retourne \u00e0 la marina.<\/p>\n<h3><span style=\"color: #ff6600;\">15h30<\/span><\/h3>\n<p>Une fois arriv\u00e9s \u00e0 la nouvelle marina, vous serez transf\u00e9r\u00e9s \u00e0 votre h\u00f4tel.<\/p>\n<h3><span style=\"color: #ff6600;\">Jours de d\u00e9part<\/span><\/h3>\n<ul>\n<li>Dimanche, mardi, jeudi et vendredi de 09h00 \u00e0 15h30<\/li>\n<li>Samedi, lundi et mercredi de 12h30 \u00e0 18h00<\/li>\n<\/ul>\n<h3><span style=\"color: #ff6600;\">Prix de l&rsquo;excursion en bateau pirate d&rsquo;Hurghada vers Orange Bay<\/span><\/h3>\n<ul>\n<li>Prix Adulte = 70 \u20ac\u200e<\/li>\n<li>Enfants de 5 \u00e0 11 ans = 50% du prix adulte<\/li>\n<li>Nourrissons de 0 \u00e0 5 ans = gratuit<\/li>\n<\/ul>\n<h3><span style=\"color: #ff6600;\">R\u00e9servation<\/span><\/h3>\n<p>Vous pouvez r\u00e9server votre excursion par WhatsApp ou nous envoyer un e-mail et vous recevrez la confirmation imm\u00e9diatement.<\/p>\n<p>Veuillez nous envoyer le nom de votre h\u00f4tel, le num\u00e9ro de chambre et une copie de vos passeports.<\/p>\n<ul>\n<li>WhatsApp: +201000852186<\/li>\n<li>info@egytourpackages.com<\/li>\n<\/ul>\n<h3><span style=\"color: #ff6600;\">R\u00e9servez maintenant et payez sur place<\/span><\/h3>\n<p>R\u00e9servez votre excursion pr\u00e9f\u00e9r\u00e9e et payez le jour de l&rsquo;excursion.<\/p>\n<h3><span style=\"color: #ff6600;\">Paiement<\/span><\/h3>\n<p>Vous pouvez payer en livres \u00e9gyptiennes, en $, en \u20ac\u200e ou en \u00a3.<\/p>\n<h3><span style=\"color: #ff6600;\">Politique d&rsquo;annulation<\/span><\/h3>\n<ul>\n<li>L&rsquo;annulation est gratuite jusqu&rsquo;\u00e0 24 heures \u00e0 l&rsquo;avance<\/li>\n<li>L&rsquo;annulation le matin m\u00eame est \u00e0 50% du prix<\/li>\n<\/ul>\n","protected":false},"excerpt":{"rendered":"<p>Embarquez pour une Croisi\u00e8re Bateau Pirate Hurghada vers Orange Bay. Snorkeling, d\u00e9jeuner, fun et soleil vous attendent pour une aventure inoubliable.<\/p>\n","protected":false},"featured_media":6570,"comment_status":"open","ping_status":"closed","template":"","meta":[],"product_brand":[],"product_cat":[3124],"product_tag":[3274,3275],"class_list":{"0":"post-6569","1":"product","2":"type-product","3":"status-publish","4":"has-post-thumbnail","6":"product_cat-tours-fr","7":"product_tag-excursions-a-hurghada","8":"product_tag-excursions-dune-journee-en-egypte","9":"tour_category-excursions-a-hurghada-fr","10":"tour_category-excursions-de-plongee-en-apnee-a-hurghada","11":"tour_category-excursions-en-egypte-fr","13":"first","14":"instock","15":"sale","16":"shipping-taxable","17":"purchasable","18":"product-type-tour","19":"has-default-attributes"},"yoast_head":"<!-- This site is optimized with the Yoast SEO Premium plugin v27.2 (Yoast SEO v27.2) - https:\/\/yoast.com\/product\/yoast-seo-premium-wordpress\/ -->\n<title>Croisi\u00e8re Bateau Pirate Hurghada vers Orange Bay<\/title>\n<meta name=\"description\" content=\"Embarquez pour une Croisi\u00e8re Bateau Pirate Hurghada vers Orange Bay. Snorkeling, d\u00e9jeuner, fun et soleil vous attendent pour une aventure inoubliable.\" \/>\n<meta name=\"robots\" content=\"index, follow, max-snippet:-1, max-image-preview:large, max-video-preview:-1\" \/>\n<link rel=\"canonical\" href=\"https:\/\/egytourpackages.com\/fr\/tours\/croisiere-bateau-pirate-hurghada-vers-orange-bay\/\" \/>\n<meta property=\"og:locale\" content=\"fr_FR\" \/>\n<meta property=\"og:type\" content=\"article\" \/>\n<meta property=\"og:title\" content=\"Croisi\u00e8re Bateau Pirate Hurghada vers Orange Bay\" \/>\n<meta property=\"og:description\" content=\"Embarquez pour une Croisi\u00e8re Bateau Pirate Hurghada vers Orange Bay. Snorkeling, d\u00e9jeuner, fun et soleil vous attendent pour une aventure inoubliable.\" \/>\n<meta property=\"og:url\" content=\"https:\/\/egytourpackages.com\/fr\/tours\/croisiere-bateau-pirate-hurghada-vers-orange-bay\/\" \/>\n<meta property=\"og:site_name\" content=\"Egypt Tour Packages\" \/>\n<meta property=\"article:publisher\" content=\"https:\/\/www.facebook.com\/egytourpackages\" \/>\n<meta property=\"article:modified_time\" content=\"2026-01-28T23:44:52+00:00\" \/>\n<meta property=\"og:image\" content=\"https:\/\/egytourpackages.com\/wp-content\/uploads\/2025\/05\/Orange-Bay-beach-Giftun-Island-1024x768.jpeg\" \/>\n<meta name=\"twitter:card\" content=\"summary_large_image\" \/>\n<meta name=\"twitter:title\" content=\"Croisi\u00e8re Bateau Pirate Hurghada vers Orange Bay\" \/>\n<meta name=\"twitter:label1\" content=\"Prix\" \/>\n\t<meta name=\"twitter:data1\" content=\"&euro;70\" \/>\n\t<meta name=\"twitter:label2\" content=\"Disponibilit\u00e9\" \/>\n\t<meta name=\"twitter:data2\" content=\"En stock\" \/>\n<script type=\"application\/ld+json\" class=\"yoast-schema-graph\">{\"@context\":\"https:\/\/schema.org\",\"@graph\":[{\"@type\":\"WebPage\",\"@id\":\"https:\/\/egytourpackages.com\/fr\/tours\/croisiere-bateau-pirate-hurghada-vers-orange-bay\/\",\"url\":\"https:\/\/egytourpackages.com\/fr\/tours\/croisiere-bateau-pirate-hurghada-vers-orange-bay\/\",\"name\":\"Croisi\u00e8re Bateau Pirate Hurghada vers Orange Bay\",\"isPartOf\":{\"@id\":\"https:\/\/egytourpackages.com\/fr\/#website\"},\"primaryImageOfPage\":{\"@id\":\"https:\/\/egytourpackages.com\/fr\/tours\/croisiere-bateau-pirate-hurghada-vers-orange-bay\/#primaryimage\"},\"image\":{\"@id\":\"https:\/\/egytourpackages.com\/fr\/tours\/croisiere-bateau-pirate-hurghada-vers-orange-bay\/#primaryimage\"},\"thumbnailUrl\":\"https:\/\/egytourpackages.com\/wp-content\/uploads\/2025\/05\/Pirate-boat-Hurghada.jpeg\",\"datePublished\":\"2025-05-23T17:49:26+00:00\",\"dateModified\":\"2026-01-28T23:44:52+00:00\",\"description\":\"Embarquez pour une Croisi\u00e8re Bateau Pirate Hurghada vers Orange Bay. Snorkeling, d\u00e9jeuner, fun et soleil vous attendent pour une aventure inoubliable.\",\"breadcrumb\":{\"@id\":\"https:\/\/egytourpackages.com\/fr\/tours\/croisiere-bateau-pirate-hurghada-vers-orange-bay\/#breadcrumb\"},\"inLanguage\":\"fr-FR\",\"potentialAction\":[{\"@type\":\"ReadAction\",\"target\":[\"https:\/\/egytourpackages.com\/fr\/tours\/croisiere-bateau-pirate-hurghada-vers-orange-bay\/\"]}]},{\"@type\":\"ImageObject\",\"inLanguage\":\"fr-FR\",\"@id\":\"https:\/\/egytourpackages.com\/fr\/tours\/croisiere-bateau-pirate-hurghada-vers-orange-bay\/#primaryimage\",\"url\":\"https:\/\/egytourpackages.com\/wp-content\/uploads\/2025\/05\/Pirate-boat-Hurghada.jpeg\",\"contentUrl\":\"https:\/\/egytourpackages.com\/wp-content\/uploads\/2025\/05\/Pirate-boat-Hurghada.jpeg\",\"width\":1100,\"height\":849,\"caption\":\"Croisi\u00e8re Bateau Pirate Hurghada vers Orange Bay\"},{\"@type\":\"BreadcrumbList\",\"@id\":\"https:\/\/egytourpackages.com\/fr\/tours\/croisiere-bateau-pirate-hurghada-vers-orange-bay\/#breadcrumb\",\"itemListElement\":[{\"@type\":\"ListItem\",\"position\":1,\"name\":\"Home\",\"item\":\"https:\/\/egytourpackages.com\/fr\/circuits-en-egypte\/\"},{\"@type\":\"ListItem\",\"position\":2,\"name\":\"Shop\",\"item\":\"https:\/\/egytourpackages.com\/shop\/\"},{\"@type\":\"ListItem\",\"position\":3,\"name\":\"Croisi\u00e8re Bateau Pirate Hurghada vers Orange Bay\"}]},{\"@type\":\"WebSite\",\"@id\":\"https:\/\/egytourpackages.com\/fr\/#website\",\"url\":\"https:\/\/egytourpackages.com\/fr\/\",\"name\":\"Egy tour packages\",\"description\":\"\",\"publisher\":{\"@id\":\"https:\/\/egytourpackages.com\/fr\/#organization\"},\"potentialAction\":[{\"@type\":\"SearchAction\",\"target\":{\"@type\":\"EntryPoint\",\"urlTemplate\":\"https:\/\/egytourpackages.com\/fr\/?s={search_term_string}\"},\"query-input\":{\"@type\":\"PropertyValueSpecification\",\"valueRequired\":true,\"valueName\":\"search_term_string\"}}],\"inLanguage\":\"fr-FR\"},{\"@type\":[\"Organization\",\"Place\",\"TravelAgency\"],\"@id\":\"https:\/\/egytourpackages.com\/fr\/#organization\",\"name\":\"egypt tour packages\",\"alternateName\":\"egypt tour packages\",\"url\":\"https:\/\/egytourpackages.com\/fr\/\",\"logo\":{\"@id\":\"https:\/\/egytourpackages.com\/fr\/tours\/croisiere-bateau-pirate-hurghada-vers-orange-bay\/#local-main-organization-logo\"},\"image\":{\"@id\":\"https:\/\/egytourpackages.com\/fr\/tours\/croisiere-bateau-pirate-hurghada-vers-orange-bay\/#local-main-organization-logo\"},\"sameAs\":[\"https:\/\/www.facebook.com\/egytourpackages\"],\"legalName\":\"Egy tour packages\",\"address\":{\"@id\":\"https:\/\/egytourpackages.com\/fr\/tours\/croisiere-bateau-pirate-hurghada-vers-orange-bay\/#local-main-place-address\"},\"telephone\":[\"00201000852186\",\"00201028685533\"],\"contactPoint\":{\"@type\":\"ContactPoint\",\"telephone\":\"00201000852186\"},\"openingHoursSpecification\":[{\"@type\":\"OpeningHoursSpecification\",\"dayOfWeek\":[\"Monday\",\"Tuesday\",\"Wednesday\",\"Thursday\",\"Friday\",\"Saturday\",\"Sunday\"],\"opens\":\"00:00\",\"closes\":\"23:59\"}],\"email\":\"info@egytourpackages.com\",\"areaServed\":\"Cairo, Hurghada, Luxor, Sharm El Sheikh, Marsa Alam, Aswan\",\"priceRange\":\"$\",\"currenciesAccepted\":\"euro\",\"paymentAccepted\":\"Payment links online\"},{\"@type\":\"PostalAddress\",\"@id\":\"https:\/\/egytourpackages.com\/fr\/tours\/croisiere-bateau-pirate-hurghada-vers-orange-bay\/#local-main-place-address\",\"streetAddress\":\"Mubarak 8, Al Kawthar District, Hurghada\",\"addressLocality\":\"Hurghada\",\"postalCode\":\"84511\",\"addressRegion\":\"Red Sea\",\"addressCountry\":\"EG\"},{\"@type\":\"ImageObject\",\"inLanguage\":\"fr-FR\",\"@id\":\"https:\/\/egytourpackages.com\/fr\/tours\/croisiere-bateau-pirate-hurghada-vers-orange-bay\/#local-main-organization-logo\",\"url\":\"https:\/\/egytourpackages.com\/wp-content\/uploads\/2025\/12\/Turquoise-Dahabiya-Nile-Cruise-1.jpeg\",\"contentUrl\":\"https:\/\/egytourpackages.com\/wp-content\/uploads\/2025\/12\/Turquoise-Dahabiya-Nile-Cruise-1.jpeg\",\"width\":1040,\"height\":694,\"caption\":\"egypt tour packages\"}]}<\/script>\n<meta property=\"product:brand\" content=\"Excursions \u00e0 Hurghada\" \/>\n<meta property=\"product:price:amount\" content=\"70\" \/>\n<meta property=\"product:price:currency\" content=\"EUR\" \/>\n<meta property=\"og:availability\" content=\"instock\" \/>\n<meta property=\"product:availability\" content=\"instock\" \/>\n<meta property=\"product:retailer_item_id\" content=\"HDT13\" \/>\n<meta property=\"product:condition\" content=\"new\" \/>\n<meta name=\"geo.placename\" content=\"Hurghada\" \/>\n<meta name=\"geo.region\" content=\"\u00c9gypte\" \/>\n<!-- \/ Yoast SEO Premium plugin. -->","yoast_head_json":{"title":"Croisi\u00e8re Bateau Pirate Hurghada vers Orange Bay","description":"Embarquez pour une Croisi\u00e8re Bateau Pirate Hurghada vers Orange Bay. Snorkeling, d\u00e9jeuner, fun et soleil vous attendent pour une aventure inoubliable.","robots":{"index":"index","follow":"follow","max-snippet":"max-snippet:-1","max-image-preview":"max-image-preview:large","max-video-preview":"max-video-preview:-1"},"canonical":"https:\/\/egytourpackages.com\/fr\/tours\/croisiere-bateau-pirate-hurghada-vers-orange-bay\/","og_locale":"fr_FR","og_type":"article","og_title":"Croisi\u00e8re Bateau Pirate Hurghada vers Orange Bay","og_description":"Embarquez pour une Croisi\u00e8re Bateau Pirate Hurghada vers Orange Bay. Snorkeling, d\u00e9jeuner, fun et soleil vous attendent pour une aventure inoubliable.","og_url":"https:\/\/egytourpackages.com\/fr\/tours\/croisiere-bateau-pirate-hurghada-vers-orange-bay\/","og_site_name":"Egypt Tour Packages","article_publisher":"https:\/\/www.facebook.com\/egytourpackages","article_modified_time":"2026-01-28T23:44:52+00:00","og_image":[{"url":"https:\/\/egytourpackages.com\/wp-content\/uploads\/2025\/05\/Orange-Bay-beach-Giftun-Island-1024x768.jpeg","type":"","width":"","height":""}],"twitter_card":"summary_large_image","twitter_title":"Croisi\u00e8re Bateau Pirate Hurghada vers Orange Bay","twitter_misc":{"Prix":"&euro;70","Disponibilit\u00e9":"En stock"},"schema":{"@context":"https:\/\/schema.org","@graph":[{"@type":"WebPage","@id":"https:\/\/egytourpackages.com\/fr\/tours\/croisiere-bateau-pirate-hurghada-vers-orange-bay\/","url":"https:\/\/egytourpackages.com\/fr\/tours\/croisiere-bateau-pirate-hurghada-vers-orange-bay\/","name":"Croisi\u00e8re Bateau Pirate Hurghada vers Orange Bay","isPartOf":{"@id":"https:\/\/egytourpackages.com\/fr\/#website"},"primaryImageOfPage":{"@id":"https:\/\/egytourpackages.com\/fr\/tours\/croisiere-bateau-pirate-hurghada-vers-orange-bay\/#primaryimage"},"image":{"@id":"https:\/\/egytourpackages.com\/fr\/tours\/croisiere-bateau-pirate-hurghada-vers-orange-bay\/#primaryimage"},"thumbnailUrl":"https:\/\/egytourpackages.com\/wp-content\/uploads\/2025\/05\/Pirate-boat-Hurghada.jpeg","datePublished":"2025-05-23T17:49:26+00:00","dateModified":"2026-01-28T23:44:52+00:00","description":"Embarquez pour une Croisi\u00e8re Bateau Pirate Hurghada vers Orange Bay. Snorkeling, d\u00e9jeuner, fun et soleil vous attendent pour une aventure inoubliable.","breadcrumb":{"@id":"https:\/\/egytourpackages.com\/fr\/tours\/croisiere-bateau-pirate-hurghada-vers-orange-bay\/#breadcrumb"},"inLanguage":"fr-FR","potentialAction":[{"@type":"ReadAction","target":["https:\/\/egytourpackages.com\/fr\/tours\/croisiere-bateau-pirate-hurghada-vers-orange-bay\/"]}]},{"@type":"ImageObject","inLanguage":"fr-FR","@id":"https:\/\/egytourpackages.com\/fr\/tours\/croisiere-bateau-pirate-hurghada-vers-orange-bay\/#primaryimage","url":"https:\/\/egytourpackages.com\/wp-content\/uploads\/2025\/05\/Pirate-boat-Hurghada.jpeg","contentUrl":"https:\/\/egytourpackages.com\/wp-content\/uploads\/2025\/05\/Pirate-boat-Hurghada.jpeg","width":1100,"height":849,"caption":"Croisi\u00e8re Bateau Pirate Hurghada vers Orange Bay"},{"@type":"BreadcrumbList","@id":"https:\/\/egytourpackages.com\/fr\/tours\/croisiere-bateau-pirate-hurghada-vers-orange-bay\/#breadcrumb","itemListElement":[{"@type":"ListItem","position":1,"name":"Home","item":"https:\/\/egytourpackages.com\/fr\/circuits-en-egypte\/"},{"@type":"ListItem","position":2,"name":"Shop","item":"https:\/\/egytourpackages.com\/shop\/"},{"@type":"ListItem","position":3,"name":"Croisi\u00e8re Bateau Pirate Hurghada vers Orange Bay"}]},{"@type":"WebSite","@id":"https:\/\/egytourpackages.com\/fr\/#website","url":"https:\/\/egytourpackages.com\/fr\/","name":"Egy tour packages","description":"","publisher":{"@id":"https:\/\/egytourpackages.com\/fr\/#organization"},"potentialAction":[{"@type":"SearchAction","target":{"@type":"EntryPoint","urlTemplate":"https:\/\/egytourpackages.com\/fr\/?s={search_term_string}"},"query-input":{"@type":"PropertyValueSpecification","valueRequired":true,"valueName":"search_term_string"}}],"inLanguage":"fr-FR"},{"@type":["Organization","Place","TravelAgency"],"@id":"https:\/\/egytourpackages.com\/fr\/#organization","name":"egypt tour packages","alternateName":"egypt tour packages","url":"https:\/\/egytourpackages.com\/fr\/","logo":{"@id":"https:\/\/egytourpackages.com\/fr\/tours\/croisiere-bateau-pirate-hurghada-vers-orange-bay\/#local-main-organization-logo"},"image":{"@id":"https:\/\/egytourpackages.com\/fr\/tours\/croisiere-bateau-pirate-hurghada-vers-orange-bay\/#local-main-organization-logo"},"sameAs":["https:\/\/www.facebook.com\/egytourpackages"],"legalName":"Egy tour packages","address":{"@id":"https:\/\/egytourpackages.com\/fr\/tours\/croisiere-bateau-pirate-hurghada-vers-orange-bay\/#local-main-place-address"},"telephone":["00201000852186","00201028685533"],"contactPoint":{"@type":"ContactPoint","telephone":"00201000852186"},"openingHoursSpecification":[{"@type":"OpeningHoursSpecification","dayOfWeek":["Monday","Tuesday","Wednesday","Thursday","Friday","Saturday","Sunday"],"opens":"00:00","closes":"23:59"}],"email":"info@egytourpackages.com","areaServed":"Cairo, Hurghada, Luxor, Sharm El Sheikh, Marsa Alam, Aswan","priceRange":"$","currenciesAccepted":"euro","paymentAccepted":"Payment links online"},{"@type":"PostalAddress","@id":"https:\/\/egytourpackages.com\/fr\/tours\/croisiere-bateau-pirate-hurghada-vers-orange-bay\/#local-main-place-address","streetAddress":"Mubarak 8, Al Kawthar District, Hurghada","addressLocality":"Hurghada","postalCode":"84511","addressRegion":"Red Sea","addressCountry":"EG"},{"@type":"ImageObject","inLanguage":"fr-FR","@id":"https:\/\/egytourpackages.com\/fr\/tours\/croisiere-bateau-pirate-hurghada-vers-orange-bay\/#local-main-organization-logo","url":"https:\/\/egytourpackages.com\/wp-content\/uploads\/2025\/12\/Turquoise-Dahabiya-Nile-Cruise-1.jpeg","contentUrl":"https:\/\/egytourpackages.com\/wp-content\/uploads\/2025\/12\/Turquoise-Dahabiya-Nile-Cruise-1.jpeg","width":1040,"height":694,"caption":"egypt tour packages"}]},"product_brand":"Excursions \u00e0 Hurghada","product_price_amount":"70","product_price_currency":"EUR","og_availability":"instock","product_availability":"instock","product_retailer_item_id":"HDT13","product_condition":"new","geo.placename":"Hurghada","geo.region":"\u00c9gypte"},"_links":{"self":[{"href":"https:\/\/egytourpackages.com\/fr\/wp-json\/wp\/v2\/product\/6569","targetHints":{"allow":["GET"]}}],"collection":[{"href":"https:\/\/egytourpackages.com\/fr\/wp-json\/wp\/v2\/product"}],"about":[{"href":"https:\/\/egytourpackages.com\/fr\/wp-json\/wp\/v2\/types\/product"}],"replies":[{"embeddable":true,"href":"https:\/\/egytourpackages.com\/fr\/wp-json\/wp\/v2\/comments?post=6569"}],"wp:featuredmedia":[{"embeddable":true,"href":"https:\/\/egytourpackages.com\/fr\/wp-json\/wp\/v2\/media\/6570"}],"wp:attachment":[{"href":"https:\/\/egytourpackages.com\/fr\/wp-json\/wp\/v2\/media?parent=6569"}],"wp:term":[{"taxonomy":"product_brand","embeddable":true,"href":"https:\/\/egytourpackages.com\/fr\/wp-json\/wp\/v2\/product_brand?post=6569"},{"taxonomy":"product_cat","embeddable":true,"href":"https:\/\/egytourpackages.com\/fr\/wp-json\/wp\/v2\/product_cat?post=6569"},{"taxonomy":"product_tag","embeddable":true,"href":"https:\/\/egytourpackages.com\/fr\/wp-json\/wp\/v2\/product_tag?post=6569"}],"curies":[{"name":"wp","href":"https:\/\/api.w.org\/{rel}","templated":true}]}}