{"id":6601,"date":"2025-05-26T19:57:11","date_gmt":"2025-05-26T19:57:11","guid":{"rendered":"https:\/\/egytourpackages.com\/product\/excursion-snorkeling-tout-inclus-a-lile-bianca\/"},"modified":"2026-01-28T02:47:52","modified_gmt":"2026-01-28T02:47:52","slug":"excursion-snorkeling-tout-inclus-a-lile-bianca","status":"publish","type":"product","link":"https:\/\/egytourpackages.com\/fr\/tours\/excursion-snorkeling-tout-inclus-a-lile-bianca\/","title":{"rendered":"Excursion Snorkeling Tout Inclus \u00e0 l&rsquo;\u00eele Bianca"},"content":{"rendered":"<p><span style=\"color: #ff6600;\"><strong>Excursion Snorkeling Tout Inclus \u00e0 l&rsquo;\u00eele Bianca<\/strong><\/span><\/p>\n<p><strong>\u00c9quipement de Snorkeling | Paiement le jour de l&rsquo;excursion | Annulation gratuite | R\u00e9servation par WhatsApp | Pas de frais cach\u00e9s | Guide priv\u00e9 | D\u00e9jeuner de fruits de mer | Excursions Hurghada<\/strong><\/p>\n<p>R\u00e9servez votre <strong>excursion snorkeling tout inclus \u00e0 l&rsquo;\u00eele Bianca<\/strong> et d\u00e9couvrez une plage de sable blanc et une eau turquoise cristalline. En fait, cette \u00eele magnifique de 1,5 km\u00b2 est un lieu id\u00e9al pour la d\u00e9tente et l&rsquo;exploration sous-marine. Une <strong>excursion d&rsquo;une journ\u00e9e compl\u00e8te \u00e0 l&rsquo;\u00eele Bianca<\/strong> ou \u00e0 <strong>l&rsquo;\u00eele Utopia<\/strong> au d\u00e9part de Safaga est un v\u00e9ritable plaisir.<\/p>\n<p>Donc, si vous cherchez des <strong>activit\u00e9s amusantes \u00e0 faire \u00e0 la plage en famille<\/strong> et des <strong>activit\u00e9s familiales<\/strong>, cette excursion est faite pour vous. Profitez d&rsquo;observer les cr\u00e9atures marines comme les poissons, les \u00e9toiles de mer, les tortues et les escargots, une <strong>exp\u00e9rience familiale unique et inoubliable<\/strong>.<\/p>\n<p>En g\u00e9n\u00e9ral, l&rsquo;excursion tout inclus \u00e0 l&rsquo;\u00eele Bianca n&rsquo;est pas seulement pour les familles, mais aussi pour les <strong>activit\u00e9s \u00e0 faire entre amis<\/strong> et les <strong>meilleures vacances \u00e0 la plage pour les couples<\/strong>. Egy tour packages propose cette <strong>excursion de snorkeling<\/strong> pour les <strong>seniors<\/strong> et pour les <strong>seniors handicap\u00e9s<\/strong> ou les seniors \u00e0 mobilit\u00e9 r\u00e9duite en <strong>fauteuil roulant<\/strong>.<\/p>\n<p>Dans l&rsquo;ensemble, si vous cherchez des <strong>choses \u00e0 faire pour votre anniversaire entre amis<\/strong>, n&rsquo;h\u00e9sitez pas et optez pour cette <strong>excursion<\/strong>. De plus, si vous souhaitez profiter d&rsquo;une <strong>s\u00e9ance de massage complet<\/strong> directement sur la plage, vous pouvez la r\u00e9server \u00e0 l&rsquo;avance avec nous.<\/p>\n<p>De plus, vous \u00eates libre de passer 4 heures sur l&rsquo;\u00eele Bianca, de faire du snorkeling avec un guide, ou de profiter du semi-sous-marin pour observer les coraux sans vous mouiller.<\/p>\n<h3><span style=\"color: #ff6600;\">D\u00e9tails de l&rsquo;excursion<\/span><\/h3>\n<ul>\n<li>Dur\u00e9e: 8 heures<\/li>\n<li>Type d\u2019excursion: Groupe<\/li>\n<li>Disponibilit\u00e9: Tous les jours<\/li>\n<li><strong>Langues: Fran\u00e7ais<\/strong><\/li>\n<li>Programme: R\u00e9servation en ligne<\/li>\n<li>Prise en charge et retour: H\u00f4tels \u00e0 Hurghada<\/li>\n<li>Accessible en fauteuil roulant.<\/li>\n<\/ul>\n<h3><span style=\"color: #ff6600;\">Points forts<\/span><\/h3>\n<ul>\n<li>Site de snorkeling.<\/li>\n<li>Plage de l&rsquo;\u00eele Bianca.<\/li>\n<\/ul>\n<h3><span style=\"color: #ff6600;\">Inclusions<\/span><\/h3>\n<ul>\n<li>Prise en charge et retour \u00e0 l&rsquo;h\u00f4tel<\/li>\n<li>Toutes les taxes et services<\/li>\n<li>\u00c9quipement de snorkeling<\/li>\n<li>4 heures sur la plage de l&rsquo;\u00eele Bianca<\/li>\n<li><strong>Guide de snorkeling parlant fran\u00e7ais<\/strong><\/li>\n<li>Boissons alcoolis\u00e9es et non alcoolis\u00e9es<\/li>\n<\/ul>\n<h3><span style=\"color: #ff6600;\">Exclusions<\/span><\/h3>\n<ul>\n<li>Pourboire<\/li>\n<\/ul>\n<h3><span style=\"color: #ff6600;\">Prix de l&rsquo;excursion snorkeling tout inclus \u00e0 l&rsquo;\u00eele Bianca<\/span><\/h3>\n<ul>\n<li>Prix adulte = 60 \u20ac<\/li>\n<li>Enfants de 5 \u00e0 11 ans = 50% du prix adulte<\/li>\n<li>B\u00e9b\u00e9s de 0 \u00e0 5 ans = gratuit<\/li>\n<\/ul>\n<h3><span style=\"color: #ff6600;\">R\u00e9servation<\/span><\/h3>\n<p>Vous pouvez r\u00e9server votre excursion via WhatsApp ou nous envoyer un e-mail et vous recevrez la confirmation sur place. Veuillez nous envoyer le nom de votre h\u00f4tel, le num\u00e9ro de chambre, et une copie de votre passeport.<\/p>\n<ul>\n<li>WhatsApp: +201000852186<\/li>\n<li>info@egytourpackages.com<\/li>\n<\/ul>\n<h3><span style=\"color: #ff6600;\">R\u00e9servez maintenant &amp; Payez sur place<\/span><\/h3>\n<p>R\u00e9servez votre excursion pr\u00e9f\u00e9r\u00e9e et payez le jour de l&rsquo;excursion.<\/p>\n<h3><span style=\"color: #ff6600;\">Paiement<\/span><\/h3>\n<p>Vous pouvez payer en livres \u00e9gyptiennes, $, \u20ac ou \u00a3.<\/p>\n<h3><span style=\"color: #ff6600;\">Politique d&rsquo;annulation<\/span><\/h3>\n<ul>\n<li>L&rsquo;annulation est gratuite jusqu&rsquo;\u00e0 24 heures \u00e0 l&rsquo;avance<\/li>\n<li>L&rsquo;annulation le matin m\u00eame est de 50% du prix<\/li>\n<\/ul>\n","protected":false},"excerpt":{"rendered":"<p>Participez \u00e0 une Excursion Snorkeling Tout Inclus \u00e0 l&rsquo;\u00eele Bianca. Plages de sable blanc, eaux cristallines et aventure sous-marine vous attendent.<\/p>\n","protected":false},"featured_media":6602,"comment_status":"open","ping_status":"closed","template":"","meta":[],"product_brand":[],"product_cat":[3124],"product_tag":[3274,3275],"class_list":{"0":"post-6601","1":"product","2":"type-product","3":"status-publish","4":"has-post-thumbnail","6":"product_cat-tours-fr","7":"product_tag-excursions-a-hurghada","8":"product_tag-excursions-dune-journee-en-egypte","9":"tour_category-excursions-a-hurghada-fr","10":"tour_category-excursions-de-plongee-en-apnee-a-hurghada","11":"tour_category-excursions-en-egypte-fr","13":"first","14":"instock","15":"sale","16":"shipping-taxable","17":"purchasable","18":"product-type-tour","19":"has-default-attributes"},"yoast_head":"<!-- This site is optimized with the Yoast SEO Premium plugin v27.2 (Yoast SEO v27.2) - https:\/\/yoast.com\/product\/yoast-seo-premium-wordpress\/ -->\n<title>Excursion Snorkeling Tout Inclus \u00e0 l&#039;\u00eele Bianca<\/title>\n<meta name=\"description\" content=\"Participez \u00e0 une Excursion Snorkeling Tout Inclus \u00e0 l&#039;\u00eele Bianca. Plages de sable blanc, eaux cristallines et aventure sous-marine vous attendent.\" \/>\n<meta name=\"robots\" content=\"index, follow, max-snippet:-1, max-image-preview:large, max-video-preview:-1\" \/>\n<link rel=\"canonical\" href=\"https:\/\/egytourpackages.com\/fr\/tours\/excursion-snorkeling-tout-inclus-a-lile-bianca\/\" \/>\n<meta property=\"og:locale\" content=\"fr_FR\" \/>\n<meta property=\"og:type\" content=\"article\" \/>\n<meta property=\"og:title\" content=\"Excursion Snorkeling Tout Inclus \u00e0 l&#039;\u00eele Bianca\" \/>\n<meta property=\"og:description\" content=\"Participez \u00e0 une Excursion Snorkeling Tout Inclus \u00e0 l&#039;\u00eele Bianca. Plages de sable blanc, eaux cristallines et aventure sous-marine vous attendent.\" \/>\n<meta property=\"og:url\" content=\"https:\/\/egytourpackages.com\/fr\/tours\/excursion-snorkeling-tout-inclus-a-lile-bianca\/\" \/>\n<meta property=\"og:site_name\" content=\"Egypt Tour Packages\" \/>\n<meta property=\"article:publisher\" content=\"https:\/\/www.facebook.com\/egytourpackages\" \/>\n<meta property=\"article:modified_time\" content=\"2026-01-28T02:47:52+00:00\" \/>\n<meta property=\"og:image\" content=\"https:\/\/egytourpackages.com\/wp-content\/uploads\/2025\/05\/Bianca-Island-Utopia-1024x619.jpg\" \/>\n<meta name=\"twitter:card\" content=\"summary_large_image\" \/>\n<meta name=\"twitter:title\" content=\"Excursion Snorkeling Tout Inclus \u00e0 l&#039;\u00eele Bianca\" \/>\n<meta name=\"twitter:label1\" content=\"Prix\" \/>\n\t<meta name=\"twitter:data1\" content=\"&euro;0\" \/>\n\t<meta name=\"twitter:label2\" content=\"Disponibilit\u00e9\" \/>\n\t<meta name=\"twitter:data2\" content=\"En stock\" \/>\n<script type=\"application\/ld+json\" class=\"yoast-schema-graph\">{\"@context\":\"https:\/\/schema.org\",\"@graph\":[{\"@type\":\"WebPage\",\"@id\":\"https:\/\/egytourpackages.com\/fr\/tours\/excursion-snorkeling-tout-inclus-a-lile-bianca\/\",\"url\":\"https:\/\/egytourpackages.com\/fr\/tours\/excursion-snorkeling-tout-inclus-a-lile-bianca\/\",\"name\":\"Excursion Snorkeling Tout Inclus \u00e0 l'\u00eele Bianca\",\"isPartOf\":{\"@id\":\"https:\/\/egytourpackages.com\/fr\/#website\"},\"primaryImageOfPage\":{\"@id\":\"https:\/\/egytourpackages.com\/fr\/tours\/excursion-snorkeling-tout-inclus-a-lile-bianca\/#primaryimage\"},\"image\":{\"@id\":\"https:\/\/egytourpackages.com\/fr\/tours\/excursion-snorkeling-tout-inclus-a-lile-bianca\/#primaryimage\"},\"thumbnailUrl\":\"https:\/\/egytourpackages.com\/wp-content\/uploads\/2025\/05\/Biance-Island.jpg\",\"datePublished\":\"2025-05-26T19:57:11+00:00\",\"dateModified\":\"2026-01-28T02:47:52+00:00\",\"description\":\"Participez \u00e0 une Excursion Snorkeling Tout Inclus \u00e0 l'\u00eele Bianca. Plages de sable blanc, eaux cristallines et aventure sous-marine vous attendent.\",\"breadcrumb\":{\"@id\":\"https:\/\/egytourpackages.com\/fr\/tours\/excursion-snorkeling-tout-inclus-a-lile-bianca\/#breadcrumb\"},\"inLanguage\":\"fr-FR\",\"potentialAction\":[{\"@type\":\"ReadAction\",\"target\":[\"https:\/\/egytourpackages.com\/fr\/tours\/excursion-snorkeling-tout-inclus-a-lile-bianca\/\"]}]},{\"@type\":\"ImageObject\",\"inLanguage\":\"fr-FR\",\"@id\":\"https:\/\/egytourpackages.com\/fr\/tours\/excursion-snorkeling-tout-inclus-a-lile-bianca\/#primaryimage\",\"url\":\"https:\/\/egytourpackages.com\/wp-content\/uploads\/2025\/05\/Biance-Island.jpg\",\"contentUrl\":\"https:\/\/egytourpackages.com\/wp-content\/uploads\/2025\/05\/Biance-Island.jpg\",\"width\":1500,\"height\":898,\"caption\":\"Excursion Snorkeling Tout Inclus \u00e0 l'\u00eele Bianca\"},{\"@type\":\"BreadcrumbList\",\"@id\":\"https:\/\/egytourpackages.com\/fr\/tours\/excursion-snorkeling-tout-inclus-a-lile-bianca\/#breadcrumb\",\"itemListElement\":[{\"@type\":\"ListItem\",\"position\":1,\"name\":\"Home\",\"item\":\"https:\/\/egytourpackages.com\/fr\/circuits-en-egypte\/\"},{\"@type\":\"ListItem\",\"position\":2,\"name\":\"Shop\",\"item\":\"https:\/\/egytourpackages.com\/shop\/\"},{\"@type\":\"ListItem\",\"position\":3,\"name\":\"Excursion Snorkeling Tout Inclus \u00e0 l&rsquo;\u00eele Bianca\"}]},{\"@type\":\"WebSite\",\"@id\":\"https:\/\/egytourpackages.com\/fr\/#website\",\"url\":\"https:\/\/egytourpackages.com\/fr\/\",\"name\":\"Egy tour packages\",\"description\":\"\",\"publisher\":{\"@id\":\"https:\/\/egytourpackages.com\/fr\/#organization\"},\"potentialAction\":[{\"@type\":\"SearchAction\",\"target\":{\"@type\":\"EntryPoint\",\"urlTemplate\":\"https:\/\/egytourpackages.com\/fr\/?s={search_term_string}\"},\"query-input\":{\"@type\":\"PropertyValueSpecification\",\"valueRequired\":true,\"valueName\":\"search_term_string\"}}],\"inLanguage\":\"fr-FR\"},{\"@type\":[\"Organization\",\"Place\",\"TravelAgency\"],\"@id\":\"https:\/\/egytourpackages.com\/fr\/#organization\",\"name\":\"egypt tour packages\",\"alternateName\":\"egypt tour packages\",\"url\":\"https:\/\/egytourpackages.com\/fr\/\",\"logo\":{\"@id\":\"https:\/\/egytourpackages.com\/fr\/tours\/excursion-snorkeling-tout-inclus-a-lile-bianca\/#local-main-organization-logo\"},\"image\":{\"@id\":\"https:\/\/egytourpackages.com\/fr\/tours\/excursion-snorkeling-tout-inclus-a-lile-bianca\/#local-main-organization-logo\"},\"sameAs\":[\"https:\/\/www.facebook.com\/egytourpackages\"],\"legalName\":\"Egy tour packages\",\"address\":{\"@id\":\"https:\/\/egytourpackages.com\/fr\/tours\/excursion-snorkeling-tout-inclus-a-lile-bianca\/#local-main-place-address\"},\"telephone\":[\"00201000852186\",\"00201028685533\"],\"contactPoint\":{\"@type\":\"ContactPoint\",\"telephone\":\"00201000852186\"},\"openingHoursSpecification\":[{\"@type\":\"OpeningHoursSpecification\",\"dayOfWeek\":[\"Monday\",\"Tuesday\",\"Wednesday\",\"Thursday\",\"Friday\",\"Saturday\",\"Sunday\"],\"opens\":\"00:00\",\"closes\":\"23:59\"}],\"email\":\"info@egytourpackages.com\",\"areaServed\":\"Cairo, Hurghada, Luxor, Sharm El Sheikh, Marsa Alam, Aswan\",\"priceRange\":\"$\",\"currenciesAccepted\":\"euro\",\"paymentAccepted\":\"Payment links online\"},{\"@type\":\"PostalAddress\",\"@id\":\"https:\/\/egytourpackages.com\/fr\/tours\/excursion-snorkeling-tout-inclus-a-lile-bianca\/#local-main-place-address\",\"streetAddress\":\"Mubarak 8, Al Kawthar District, Hurghada\",\"addressLocality\":\"Hurghada\",\"postalCode\":\"84511\",\"addressRegion\":\"Red Sea\",\"addressCountry\":\"EG\"},{\"@type\":\"ImageObject\",\"inLanguage\":\"fr-FR\",\"@id\":\"https:\/\/egytourpackages.com\/fr\/tours\/excursion-snorkeling-tout-inclus-a-lile-bianca\/#local-main-organization-logo\",\"url\":\"https:\/\/egytourpackages.com\/wp-content\/uploads\/2025\/12\/Turquoise-Dahabiya-Nile-Cruise-1.jpeg\",\"contentUrl\":\"https:\/\/egytourpackages.com\/wp-content\/uploads\/2025\/12\/Turquoise-Dahabiya-Nile-Cruise-1.jpeg\",\"width\":1040,\"height\":694,\"caption\":\"egypt tour packages\"}]}<\/script>\n<meta property=\"product:brand\" content=\"Excursions \u00e0 Hurghada\" \/>\n<meta property=\"product:price:amount\" content=\"0\" \/>\n<meta property=\"product:price:currency\" content=\"EUR\" \/>\n<meta property=\"og:availability\" content=\"instock\" \/>\n<meta property=\"product:availability\" content=\"instock\" \/>\n<meta property=\"product:retailer_item_id\" content=\"HDT15\" \/>\n<meta property=\"product:condition\" content=\"new\" \/>\n<meta name=\"geo.placename\" content=\"Hurghada\" \/>\n<meta name=\"geo.region\" content=\"\u00c9gypte\" \/>\n<!-- \/ Yoast SEO Premium plugin. -->","yoast_head_json":{"title":"Excursion Snorkeling Tout Inclus \u00e0 l'\u00eele Bianca","description":"Participez \u00e0 une Excursion Snorkeling Tout Inclus \u00e0 l'\u00eele Bianca. Plages de sable blanc, eaux cristallines et aventure sous-marine vous attendent.","robots":{"index":"index","follow":"follow","max-snippet":"max-snippet:-1","max-image-preview":"max-image-preview:large","max-video-preview":"max-video-preview:-1"},"canonical":"https:\/\/egytourpackages.com\/fr\/tours\/excursion-snorkeling-tout-inclus-a-lile-bianca\/","og_locale":"fr_FR","og_type":"article","og_title":"Excursion Snorkeling Tout Inclus \u00e0 l'\u00eele Bianca","og_description":"Participez \u00e0 une Excursion Snorkeling Tout Inclus \u00e0 l'\u00eele Bianca. Plages de sable blanc, eaux cristallines et aventure sous-marine vous attendent.","og_url":"https:\/\/egytourpackages.com\/fr\/tours\/excursion-snorkeling-tout-inclus-a-lile-bianca\/","og_site_name":"Egypt Tour Packages","article_publisher":"https:\/\/www.facebook.com\/egytourpackages","article_modified_time":"2026-01-28T02:47:52+00:00","og_image":[{"url":"https:\/\/egytourpackages.com\/wp-content\/uploads\/2025\/05\/Bianca-Island-Utopia-1024x619.jpg","type":"","width":"","height":""}],"twitter_card":"summary_large_image","twitter_title":"Excursion Snorkeling Tout Inclus \u00e0 l'\u00eele Bianca","twitter_misc":{"Prix":"&euro;0","Disponibilit\u00e9":"En stock"},"schema":{"@context":"https:\/\/schema.org","@graph":[{"@type":"WebPage","@id":"https:\/\/egytourpackages.com\/fr\/tours\/excursion-snorkeling-tout-inclus-a-lile-bianca\/","url":"https:\/\/egytourpackages.com\/fr\/tours\/excursion-snorkeling-tout-inclus-a-lile-bianca\/","name":"Excursion Snorkeling Tout Inclus \u00e0 l'\u00eele Bianca","isPartOf":{"@id":"https:\/\/egytourpackages.com\/fr\/#website"},"primaryImageOfPage":{"@id":"https:\/\/egytourpackages.com\/fr\/tours\/excursion-snorkeling-tout-inclus-a-lile-bianca\/#primaryimage"},"image":{"@id":"https:\/\/egytourpackages.com\/fr\/tours\/excursion-snorkeling-tout-inclus-a-lile-bianca\/#primaryimage"},"thumbnailUrl":"https:\/\/egytourpackages.com\/wp-content\/uploads\/2025\/05\/Biance-Island.jpg","datePublished":"2025-05-26T19:57:11+00:00","dateModified":"2026-01-28T02:47:52+00:00","description":"Participez \u00e0 une Excursion Snorkeling Tout Inclus \u00e0 l'\u00eele Bianca. Plages de sable blanc, eaux cristallines et aventure sous-marine vous attendent.","breadcrumb":{"@id":"https:\/\/egytourpackages.com\/fr\/tours\/excursion-snorkeling-tout-inclus-a-lile-bianca\/#breadcrumb"},"inLanguage":"fr-FR","potentialAction":[{"@type":"ReadAction","target":["https:\/\/egytourpackages.com\/fr\/tours\/excursion-snorkeling-tout-inclus-a-lile-bianca\/"]}]},{"@type":"ImageObject","inLanguage":"fr-FR","@id":"https:\/\/egytourpackages.com\/fr\/tours\/excursion-snorkeling-tout-inclus-a-lile-bianca\/#primaryimage","url":"https:\/\/egytourpackages.com\/wp-content\/uploads\/2025\/05\/Biance-Island.jpg","contentUrl":"https:\/\/egytourpackages.com\/wp-content\/uploads\/2025\/05\/Biance-Island.jpg","width":1500,"height":898,"caption":"Excursion Snorkeling Tout Inclus \u00e0 l'\u00eele Bianca"},{"@type":"BreadcrumbList","@id":"https:\/\/egytourpackages.com\/fr\/tours\/excursion-snorkeling-tout-inclus-a-lile-bianca\/#breadcrumb","itemListElement":[{"@type":"ListItem","position":1,"name":"Home","item":"https:\/\/egytourpackages.com\/fr\/circuits-en-egypte\/"},{"@type":"ListItem","position":2,"name":"Shop","item":"https:\/\/egytourpackages.com\/shop\/"},{"@type":"ListItem","position":3,"name":"Excursion Snorkeling Tout Inclus \u00e0 l&rsquo;\u00eele Bianca"}]},{"@type":"WebSite","@id":"https:\/\/egytourpackages.com\/fr\/#website","url":"https:\/\/egytourpackages.com\/fr\/","name":"Egy tour packages","description":"","publisher":{"@id":"https:\/\/egytourpackages.com\/fr\/#organization"},"potentialAction":[{"@type":"SearchAction","target":{"@type":"EntryPoint","urlTemplate":"https:\/\/egytourpackages.com\/fr\/?s={search_term_string}"},"query-input":{"@type":"PropertyValueSpecification","valueRequired":true,"valueName":"search_term_string"}}],"inLanguage":"fr-FR"},{"@type":["Organization","Place","TravelAgency"],"@id":"https:\/\/egytourpackages.com\/fr\/#organization","name":"egypt tour packages","alternateName":"egypt tour packages","url":"https:\/\/egytourpackages.com\/fr\/","logo":{"@id":"https:\/\/egytourpackages.com\/fr\/tours\/excursion-snorkeling-tout-inclus-a-lile-bianca\/#local-main-organization-logo"},"image":{"@id":"https:\/\/egytourpackages.com\/fr\/tours\/excursion-snorkeling-tout-inclus-a-lile-bianca\/#local-main-organization-logo"},"sameAs":["https:\/\/www.facebook.com\/egytourpackages"],"legalName":"Egy tour packages","address":{"@id":"https:\/\/egytourpackages.com\/fr\/tours\/excursion-snorkeling-tout-inclus-a-lile-bianca\/#local-main-place-address"},"telephone":["00201000852186","00201028685533"],"contactPoint":{"@type":"ContactPoint","telephone":"00201000852186"},"openingHoursSpecification":[{"@type":"OpeningHoursSpecification","dayOfWeek":["Monday","Tuesday","Wednesday","Thursday","Friday","Saturday","Sunday"],"opens":"00:00","closes":"23:59"}],"email":"info@egytourpackages.com","areaServed":"Cairo, Hurghada, Luxor, Sharm El Sheikh, Marsa Alam, Aswan","priceRange":"$","currenciesAccepted":"euro","paymentAccepted":"Payment links online"},{"@type":"PostalAddress","@id":"https:\/\/egytourpackages.com\/fr\/tours\/excursion-snorkeling-tout-inclus-a-lile-bianca\/#local-main-place-address","streetAddress":"Mubarak 8, Al Kawthar District, Hurghada","addressLocality":"Hurghada","postalCode":"84511","addressRegion":"Red Sea","addressCountry":"EG"},{"@type":"ImageObject","inLanguage":"fr-FR","@id":"https:\/\/egytourpackages.com\/fr\/tours\/excursion-snorkeling-tout-inclus-a-lile-bianca\/#local-main-organization-logo","url":"https:\/\/egytourpackages.com\/wp-content\/uploads\/2025\/12\/Turquoise-Dahabiya-Nile-Cruise-1.jpeg","contentUrl":"https:\/\/egytourpackages.com\/wp-content\/uploads\/2025\/12\/Turquoise-Dahabiya-Nile-Cruise-1.jpeg","width":1040,"height":694,"caption":"egypt tour packages"}]},"product_brand":"Excursions \u00e0 Hurghada","product_price_currency":"EUR","og_availability":"instock","product_availability":"instock","product_retailer_item_id":"HDT15","product_condition":"new","geo.placename":"Hurghada","geo.region":"\u00c9gypte"},"_links":{"self":[{"href":"https:\/\/egytourpackages.com\/fr\/wp-json\/wp\/v2\/product\/6601","targetHints":{"allow":["GET"]}}],"collection":[{"href":"https:\/\/egytourpackages.com\/fr\/wp-json\/wp\/v2\/product"}],"about":[{"href":"https:\/\/egytourpackages.com\/fr\/wp-json\/wp\/v2\/types\/product"}],"replies":[{"embeddable":true,"href":"https:\/\/egytourpackages.com\/fr\/wp-json\/wp\/v2\/comments?post=6601"}],"wp:featuredmedia":[{"embeddable":true,"href":"https:\/\/egytourpackages.com\/fr\/wp-json\/wp\/v2\/media\/6602"}],"wp:attachment":[{"href":"https:\/\/egytourpackages.com\/fr\/wp-json\/wp\/v2\/media?parent=6601"}],"wp:term":[{"taxonomy":"product_brand","embeddable":true,"href":"https:\/\/egytourpackages.com\/fr\/wp-json\/wp\/v2\/product_brand?post=6601"},{"taxonomy":"product_cat","embeddable":true,"href":"https:\/\/egytourpackages.com\/fr\/wp-json\/wp\/v2\/product_cat?post=6601"},{"taxonomy":"product_tag","embeddable":true,"href":"https:\/\/egytourpackages.com\/fr\/wp-json\/wp\/v2\/product_tag?post=6601"}],"curies":[{"name":"wp","href":"https:\/\/api.w.org\/{rel}","templated":true}]}}