{"id":6615,"date":"2025-05-25T12:12:26","date_gmt":"2025-05-25T12:12:26","guid":{"rendered":"https:\/\/egytourpackages.com\/product\/transfer-prive-de-luxe-de-laeroport-dhurghada-vers-les-hotels-de-soma-bay\/"},"modified":"2026-02-12T23:22:51","modified_gmt":"2026-02-12T23:22:51","slug":"transfer-prive-de-luxe-de-laeroport-dhurghada-vers-les-hotels-de-soma-bay","status":"publish","type":"product","link":"https:\/\/egytourpackages.com\/fr\/tours\/transfer-prive-de-luxe-de-laeroport-dhurghada-vers-les-hotels-de-soma-bay\/","title":{"rendered":"Transfer priv\u00e9 de luxe de l&rsquo;a\u00e9roport d&rsquo;Hurghada vers les h\u00f4tels de Soma Bay"},"content":{"rendered":"<p><strong><span style=\"color: #ff6600;\">Transfer priv\u00e9 de luxe de l&rsquo;a\u00e9roport d&rsquo;Hurghada vers les h\u00f4tels de Soma Bay <\/span><\/strong><\/p>\n<p><strong>| R\u00e9servation de voiture priv\u00e9e de luxe | Services Mercedes<\/strong><\/p>\n<p>Le <strong>transfert priv\u00e9 de l&rsquo;a\u00e9roport d&rsquo;Hurghada vers les h\u00f4tels de Soma Bay<\/strong> est le moyen le plus rapide de se rendre de <strong>l&rsquo;a\u00e9roport d&rsquo;Hurghada<\/strong> aux h\u00f4tels de Soma Bay. Egy tour packages propose des <strong>transferts en taxi priv\u00e9 \u00e0 Hurghada<\/strong> avec des <strong>voitures Mercedes<\/strong>, de porte-\u00e0-porte, en une heure seulement.<\/p>\n<p>R\u00e9servez votre <strong>transfert vers les resorts de Soma Bay<\/strong> via WhatsApp, email ou par t\u00e9l\u00e9phone. Lors de la r\u00e9servation de votre <strong>transfert en taxi depuis l&rsquo;a\u00e9roport d&rsquo;Hurghada<\/strong>, il vous suffit de nous fournir votre num\u00e9ro de vol, l&rsquo;heure d&rsquo;arriv\u00e9e et nous nous occupons du reste. En effet, nous op\u00e9rons 24h\/24 avec un parc de v\u00e9hicules modernes et climatis\u00e9s, et nous venons vous chercher \u00e0 tout moment \u00e0 <strong>l&rsquo;a\u00e9roport d&rsquo;Hurghada<\/strong>.<\/p>\n<p>Votre chauffeur vous attendra devant le hall des arriv\u00e9es avec une pancarte \u00e0 votre nom pour vous aider avec vos bagages. Ainsi, oubliez le stress et profitez de votre <strong>transfert de l&rsquo;a\u00e9roport d&rsquo;Hurghada vers votre h\u00f4tel \u00e0 Soma Bay<\/strong>.<\/p>\n<h3><span style=\"color: #ff6600;\">Note<\/span><\/h3>\n<p>Veuillez noter que le prix de nos <strong>transferts de l&rsquo;a\u00e9roport d&rsquo;Hurghada vers les resorts de Soma Bay<\/strong> est par v\u00e9hicule et qu&rsquo;il n&rsquo;y a pas de surprises cach\u00e9es. Pour plus d&rsquo;informations sur les <strong>transferts en taxi depuis l&rsquo;a\u00e9roport d&rsquo;Hurghada<\/strong>, veuillez consulter notre section <strong>transferts a\u00e9roport<\/strong>.<\/p>\n<h3><span style=\"color: #ff6600;\">Prix du transfert de luxe de l&rsquo;a\u00e9roport d&rsquo;Hurghada vers les h\u00f4tels de Soma Bay<\/span><\/h3>\n<ul>\n<li>Par v\u00e9hicule: 110 \u20ac<\/li>\n<\/ul>\n<h3><span style=\"color: #ff6600;\">R\u00e9servation<\/span><\/h3>\n<p>Vous pouvez r\u00e9server votre transfert via WhatsApp ou nous envoyer un e-mail et vous recevrez la confirmation imm\u00e9diatement. Veuillez nous envoyer le nom de votre h\u00f4tel, votre num\u00e9ro de chambre et une copie de votre passeport.<\/p>\n<ul>\n<li>WhatsApp: +201000852186<\/li>\n<li>info@egytourpackages.com<\/li>\n<\/ul>\n<h3><span style=\"color: #ff6600;\">R\u00e9servez maintenant &amp; Payez sur place<\/span><\/h3>\n<p>R\u00e9servez votre transfert et payez le jour de votre arriv\u00e9e.<\/p>\n<h3><span style=\"color: #ff6600;\">Paiement<\/span><\/h3>\n<p>Vous pouvez payer en livres \u00e9gyptiennes, $, \u20ac ou \u00a3.<\/p>\n<h3><span style=\"color: #ff6600;\">Politique d&rsquo;annulation<\/span><\/h3>\n<ul>\n<li>L&rsquo;annulation est gratuite jusqu&rsquo;\u00e0 24 heures \u00e0 l&rsquo;avance<\/li>\n<li>L&rsquo;annulation le matin m\u00eame est de 50% du prix<\/li>\n<\/ul>\n","protected":false},"excerpt":{"rendered":"<p>Votre voyage commence ici. R\u00e9servez un Transfer priv\u00e9 de luxe de l&rsquo;a\u00e9roport d&rsquo;Hurghada vers les h\u00f4tels de Soma Bay et arrivez en toute s\u00e9r\u00e9nit\u00e9.<\/p>\n","protected":false},"featured_media":6616,"comment_status":"open","ping_status":"closed","template":"","meta":[],"product_brand":[],"product_cat":[3124],"product_tag":[3275,3352],"class_list":{"0":"post-6615","1":"product","2":"type-product","3":"status-publish","4":"has-post-thumbnail","6":"product_cat-tours-fr","7":"product_tag-excursions-dune-journee-en-egypte","8":"product_tag-transfert-aeroport","9":"tour_category-excursions-en-egypte-fr","10":"tour_category-transfert-aeroport-fr","12":"first","13":"instock","14":"sale","15":"shipping-taxable","16":"purchasable","17":"product-type-tour","18":"has-default-attributes"},"yoast_head":"<!-- This site is optimized with the Yoast SEO Premium plugin v27.4 (Yoast SEO v27.4) - https:\/\/yoast.com\/product\/yoast-seo-premium-wordpress\/ -->\n<title>Transfer priv\u00e9 de luxe de l&#039;a\u00e9roport d&#039;Hurghada vers les h\u00f4tels de Soma Bay<\/title>\n<meta name=\"description\" content=\"Votre voyage commence ici. R\u00e9servez un Transfer priv\u00e9 de luxe de l&#039;a\u00e9roport d&#039;Hurghada vers les h\u00f4tels de Soma Bay et arrivez en toute s\u00e9r\u00e9nit\u00e9.\" \/>\n<meta name=\"robots\" content=\"index, follow, max-snippet:-1, max-image-preview:large, max-video-preview:-1\" \/>\n<link rel=\"canonical\" href=\"https:\/\/egytourpackages.com\/fr\/tours\/transfer-prive-de-luxe-de-laeroport-dhurghada-vers-les-hotels-de-soma-bay\/\" \/>\n<meta property=\"og:locale\" content=\"fr_FR\" \/>\n<meta property=\"og:type\" content=\"article\" \/>\n<meta property=\"og:title\" content=\"Transfer priv\u00e9 de luxe de l&#039;a\u00e9roport d&#039;Hurghada vers les h\u00f4tels de Soma Bay\" \/>\n<meta property=\"og:description\" content=\"Votre voyage commence ici. R\u00e9servez un Transfer priv\u00e9 de luxe de l&#039;a\u00e9roport d&#039;Hurghada vers les h\u00f4tels de Soma Bay et arrivez en toute s\u00e9r\u00e9nit\u00e9.\" \/>\n<meta property=\"og:url\" content=\"https:\/\/egytourpackages.com\/fr\/tours\/transfer-prive-de-luxe-de-laeroport-dhurghada-vers-les-hotels-de-soma-bay\/\" \/>\n<meta property=\"og:site_name\" content=\"Egypt Tour Packages\" \/>\n<meta property=\"article:publisher\" content=\"https:\/\/www.facebook.com\/egytourpackages\" \/>\n<meta property=\"article:modified_time\" content=\"2026-02-12T23:22:51+00:00\" \/>\n<meta property=\"og:image\" content=\"https:\/\/egytourpackages.com\/wp-content\/uploads\/2025\/05\/Mercedes-airport-transfers-1024x768.jpg\" \/>\n<meta name=\"twitter:card\" content=\"summary_large_image\" \/>\n<meta name=\"twitter:title\" content=\"Transfer priv\u00e9 de luxe de l&#039;a\u00e9roport d&#039;Hurghada vers les h\u00f4tels de Soma Bay\" \/>\n<meta name=\"twitter:label1\" content=\"Prix\" \/>\n\t<meta name=\"twitter:data1\" content=\"&euro;100\" \/>\n\t<meta name=\"twitter:label2\" content=\"Disponibilit\u00e9\" \/>\n\t<meta name=\"twitter:data2\" content=\"En stock\" \/>\n<script type=\"application\/ld+json\" class=\"yoast-schema-graph\">{\"@context\":\"https:\\\/\\\/schema.org\",\"@graph\":[{\"@type\":\"WebPage\",\"@id\":\"https:\\\/\\\/egytourpackages.com\\\/fr\\\/tours\\\/transfer-prive-de-luxe-de-laeroport-dhurghada-vers-les-hotels-de-soma-bay\\\/\",\"url\":\"https:\\\/\\\/egytourpackages.com\\\/fr\\\/tours\\\/transfer-prive-de-luxe-de-laeroport-dhurghada-vers-les-hotels-de-soma-bay\\\/\",\"name\":\"Transfer priv\u00e9 de luxe de l'a\u00e9roport d'Hurghada vers les h\u00f4tels de Soma Bay\",\"isPartOf\":{\"@id\":\"https:\\\/\\\/egytourpackages.com\\\/fr\\\/#website\"},\"primaryImageOfPage\":{\"@id\":\"https:\\\/\\\/egytourpackages.com\\\/fr\\\/tours\\\/transfer-prive-de-luxe-de-laeroport-dhurghada-vers-les-hotels-de-soma-bay\\\/#primaryimage\"},\"image\":{\"@id\":\"https:\\\/\\\/egytourpackages.com\\\/fr\\\/tours\\\/transfer-prive-de-luxe-de-laeroport-dhurghada-vers-les-hotels-de-soma-bay\\\/#primaryimage\"},\"thumbnailUrl\":\"https:\\\/\\\/egytourpackages.com\\\/wp-content\\\/uploads\\\/2025\\\/05\\\/Luxurious-airport-transfer.jpg\",\"datePublished\":\"2025-05-25T12:12:26+00:00\",\"dateModified\":\"2026-02-12T23:22:51+00:00\",\"description\":\"Votre voyage commence ici. R\u00e9servez un Transfer priv\u00e9 de luxe de l'a\u00e9roport d'Hurghada vers les h\u00f4tels de Soma Bay et arrivez en toute s\u00e9r\u00e9nit\u00e9.\",\"breadcrumb\":{\"@id\":\"https:\\\/\\\/egytourpackages.com\\\/fr\\\/tours\\\/transfer-prive-de-luxe-de-laeroport-dhurghada-vers-les-hotels-de-soma-bay\\\/#breadcrumb\"},\"inLanguage\":\"fr-FR\",\"potentialAction\":[{\"@type\":\"ReadAction\",\"target\":[\"https:\\\/\\\/egytourpackages.com\\\/fr\\\/tours\\\/transfer-prive-de-luxe-de-laeroport-dhurghada-vers-les-hotels-de-soma-bay\\\/\"]}]},{\"@type\":\"ImageObject\",\"inLanguage\":\"fr-FR\",\"@id\":\"https:\\\/\\\/egytourpackages.com\\\/fr\\\/tours\\\/transfer-prive-de-luxe-de-laeroport-dhurghada-vers-les-hotels-de-soma-bay\\\/#primaryimage\",\"url\":\"https:\\\/\\\/egytourpackages.com\\\/wp-content\\\/uploads\\\/2025\\\/05\\\/Luxurious-airport-transfer.jpg\",\"contentUrl\":\"https:\\\/\\\/egytourpackages.com\\\/wp-content\\\/uploads\\\/2025\\\/05\\\/Luxurious-airport-transfer.jpg\",\"width\":1800,\"height\":1350,\"caption\":\"Transfer priv\u00e9 de luxe de l'a\u00e9roport d'Hurghada vers les h\u00f4tels de Soma Bay\"},{\"@type\":\"BreadcrumbList\",\"@id\":\"https:\\\/\\\/egytourpackages.com\\\/fr\\\/tours\\\/transfer-prive-de-luxe-de-laeroport-dhurghada-vers-les-hotels-de-soma-bay\\\/#breadcrumb\",\"itemListElement\":[{\"@type\":\"ListItem\",\"position\":1,\"name\":\"Home\",\"item\":\"https:\\\/\\\/egytourpackages.com\\\/fr\\\/circuits-en-egypte\\\/\"},{\"@type\":\"ListItem\",\"position\":2,\"name\":\"Shop\",\"item\":\"https:\\\/\\\/egytourpackages.com\\\/shop\\\/\"},{\"@type\":\"ListItem\",\"position\":3,\"name\":\"Transfer priv\u00e9 de luxe de l&rsquo;a\u00e9roport d&rsquo;Hurghada vers les h\u00f4tels de Soma Bay\"}]},{\"@type\":\"WebSite\",\"@id\":\"https:\\\/\\\/egytourpackages.com\\\/fr\\\/#website\",\"url\":\"https:\\\/\\\/egytourpackages.com\\\/fr\\\/\",\"name\":\"Egy tour packages\",\"description\":\"\",\"publisher\":{\"@id\":\"https:\\\/\\\/egytourpackages.com\\\/fr\\\/#organization\"},\"potentialAction\":[{\"@type\":\"SearchAction\",\"target\":{\"@type\":\"EntryPoint\",\"urlTemplate\":\"https:\\\/\\\/egytourpackages.com\\\/fr\\\/?s={search_term_string}\"},\"query-input\":{\"@type\":\"PropertyValueSpecification\",\"valueRequired\":true,\"valueName\":\"search_term_string\"}}],\"inLanguage\":\"fr-FR\"},{\"@type\":[\"Organization\",\"Place\",\"TravelAgency\"],\"@id\":\"https:\\\/\\\/egytourpackages.com\\\/fr\\\/#organization\",\"name\":\"egypt tour packages\",\"alternateName\":\"egypt tour packages\",\"url\":\"https:\\\/\\\/egytourpackages.com\\\/fr\\\/\",\"logo\":{\"@id\":\"https:\\\/\\\/egytourpackages.com\\\/fr\\\/tours\\\/transfer-prive-de-luxe-de-laeroport-dhurghada-vers-les-hotels-de-soma-bay\\\/#local-main-organization-logo\"},\"image\":{\"@id\":\"https:\\\/\\\/egytourpackages.com\\\/fr\\\/tours\\\/transfer-prive-de-luxe-de-laeroport-dhurghada-vers-les-hotels-de-soma-bay\\\/#local-main-organization-logo\"},\"sameAs\":[\"https:\\\/\\\/www.facebook.com\\\/egytourpackages\"],\"legalName\":\"Egy tour packages\",\"address\":{\"@id\":\"https:\\\/\\\/egytourpackages.com\\\/fr\\\/tours\\\/transfer-prive-de-luxe-de-laeroport-dhurghada-vers-les-hotels-de-soma-bay\\\/#local-main-place-address\"},\"telephone\":[\"00201000852186\",\"00201028685533\"],\"contactPoint\":{\"@type\":\"ContactPoint\",\"telephone\":\"00201000852186\"},\"openingHoursSpecification\":[{\"@type\":\"OpeningHoursSpecification\",\"dayOfWeek\":[\"Monday\",\"Tuesday\",\"Wednesday\",\"Thursday\",\"Friday\",\"Saturday\",\"Sunday\"],\"opens\":\"00:00\",\"closes\":\"23:59\"}],\"email\":\"info@egytourpackages.com\",\"areaServed\":\"Cairo, Hurghada, Luxor, Sharm El Sheikh, Marsa Alam, Aswan\",\"priceRange\":\"$\",\"currenciesAccepted\":\"euro\",\"paymentAccepted\":\"Payment links online\"},{\"@type\":\"PostalAddress\",\"@id\":\"https:\\\/\\\/egytourpackages.com\\\/fr\\\/tours\\\/transfer-prive-de-luxe-de-laeroport-dhurghada-vers-les-hotels-de-soma-bay\\\/#local-main-place-address\",\"streetAddress\":\"Mubarak 8, Al Kawthar District, Hurghada\",\"addressLocality\":\"Hurghada\",\"postalCode\":\"84511\",\"addressRegion\":\"Red Sea\",\"addressCountry\":\"EG\"},{\"@type\":\"ImageObject\",\"inLanguage\":\"fr-FR\",\"@id\":\"https:\\\/\\\/egytourpackages.com\\\/fr\\\/tours\\\/transfer-prive-de-luxe-de-laeroport-dhurghada-vers-les-hotels-de-soma-bay\\\/#local-main-organization-logo\",\"url\":\"https:\\\/\\\/egytourpackages.com\\\/wp-content\\\/uploads\\\/2025\\\/12\\\/Turquoise-Dahabiya-Nile-Cruise-1.jpeg\",\"contentUrl\":\"https:\\\/\\\/egytourpackages.com\\\/wp-content\\\/uploads\\\/2025\\\/12\\\/Turquoise-Dahabiya-Nile-Cruise-1.jpeg\",\"width\":1040,\"height\":694,\"caption\":\"egypt tour packages\"}]}<\/script>\n<meta property=\"product:brand\" content=\"Excursions en \u00c9gypte\" \/>\n<meta property=\"product:price:amount\" content=\"100\" \/>\n<meta property=\"product:price:currency\" content=\"EUR\" \/>\n<meta property=\"og:availability\" content=\"instock\" \/>\n<meta property=\"product:availability\" content=\"instock\" \/>\n<meta property=\"product:retailer_item_id\" content=\"AT 02\" \/>\n<meta property=\"product:condition\" content=\"new\" \/>\n<meta name=\"geo.placename\" content=\"Hurghada\" \/>\n<meta name=\"geo.region\" content=\"\u00c9gypte\" \/>\n<!-- \/ Yoast SEO Premium plugin. -->","yoast_head_json":{"title":"Transfer priv\u00e9 de luxe de l'a\u00e9roport d'Hurghada vers les h\u00f4tels de Soma Bay","description":"Votre voyage commence ici. R\u00e9servez un Transfer priv\u00e9 de luxe de l'a\u00e9roport d'Hurghada vers les h\u00f4tels de Soma Bay et arrivez en toute s\u00e9r\u00e9nit\u00e9.","robots":{"index":"index","follow":"follow","max-snippet":"max-snippet:-1","max-image-preview":"max-image-preview:large","max-video-preview":"max-video-preview:-1"},"canonical":"https:\/\/egytourpackages.com\/fr\/tours\/transfer-prive-de-luxe-de-laeroport-dhurghada-vers-les-hotels-de-soma-bay\/","og_locale":"fr_FR","og_type":"article","og_title":"Transfer priv\u00e9 de luxe de l'a\u00e9roport d'Hurghada vers les h\u00f4tels de Soma Bay","og_description":"Votre voyage commence ici. R\u00e9servez un Transfer priv\u00e9 de luxe de l'a\u00e9roport d'Hurghada vers les h\u00f4tels de Soma Bay et arrivez en toute s\u00e9r\u00e9nit\u00e9.","og_url":"https:\/\/egytourpackages.com\/fr\/tours\/transfer-prive-de-luxe-de-laeroport-dhurghada-vers-les-hotels-de-soma-bay\/","og_site_name":"Egypt Tour Packages","article_publisher":"https:\/\/www.facebook.com\/egytourpackages","article_modified_time":"2026-02-12T23:22:51+00:00","og_image":[{"url":"https:\/\/egytourpackages.com\/wp-content\/uploads\/2025\/05\/Mercedes-airport-transfers-1024x768.jpg","type":"","width":"","height":""}],"twitter_card":"summary_large_image","twitter_title":"Transfer priv\u00e9 de luxe de l'a\u00e9roport d'Hurghada vers les h\u00f4tels de Soma Bay","twitter_misc":{"Prix":"&euro;100","Disponibilit\u00e9":"En stock"},"schema":{"@context":"https:\/\/schema.org","@graph":[{"@type":"WebPage","@id":"https:\/\/egytourpackages.com\/fr\/tours\/transfer-prive-de-luxe-de-laeroport-dhurghada-vers-les-hotels-de-soma-bay\/","url":"https:\/\/egytourpackages.com\/fr\/tours\/transfer-prive-de-luxe-de-laeroport-dhurghada-vers-les-hotels-de-soma-bay\/","name":"Transfer priv\u00e9 de luxe de l'a\u00e9roport d'Hurghada vers les h\u00f4tels de Soma Bay","isPartOf":{"@id":"https:\/\/egytourpackages.com\/fr\/#website"},"primaryImageOfPage":{"@id":"https:\/\/egytourpackages.com\/fr\/tours\/transfer-prive-de-luxe-de-laeroport-dhurghada-vers-les-hotels-de-soma-bay\/#primaryimage"},"image":{"@id":"https:\/\/egytourpackages.com\/fr\/tours\/transfer-prive-de-luxe-de-laeroport-dhurghada-vers-les-hotels-de-soma-bay\/#primaryimage"},"thumbnailUrl":"https:\/\/egytourpackages.com\/wp-content\/uploads\/2025\/05\/Luxurious-airport-transfer.jpg","datePublished":"2025-05-25T12:12:26+00:00","dateModified":"2026-02-12T23:22:51+00:00","description":"Votre voyage commence ici. R\u00e9servez un Transfer priv\u00e9 de luxe de l'a\u00e9roport d'Hurghada vers les h\u00f4tels de Soma Bay et arrivez en toute s\u00e9r\u00e9nit\u00e9.","breadcrumb":{"@id":"https:\/\/egytourpackages.com\/fr\/tours\/transfer-prive-de-luxe-de-laeroport-dhurghada-vers-les-hotels-de-soma-bay\/#breadcrumb"},"inLanguage":"fr-FR","potentialAction":[{"@type":"ReadAction","target":["https:\/\/egytourpackages.com\/fr\/tours\/transfer-prive-de-luxe-de-laeroport-dhurghada-vers-les-hotels-de-soma-bay\/"]}]},{"@type":"ImageObject","inLanguage":"fr-FR","@id":"https:\/\/egytourpackages.com\/fr\/tours\/transfer-prive-de-luxe-de-laeroport-dhurghada-vers-les-hotels-de-soma-bay\/#primaryimage","url":"https:\/\/egytourpackages.com\/wp-content\/uploads\/2025\/05\/Luxurious-airport-transfer.jpg","contentUrl":"https:\/\/egytourpackages.com\/wp-content\/uploads\/2025\/05\/Luxurious-airport-transfer.jpg","width":1800,"height":1350,"caption":"Transfer priv\u00e9 de luxe de l'a\u00e9roport d'Hurghada vers les h\u00f4tels de Soma Bay"},{"@type":"BreadcrumbList","@id":"https:\/\/egytourpackages.com\/fr\/tours\/transfer-prive-de-luxe-de-laeroport-dhurghada-vers-les-hotels-de-soma-bay\/#breadcrumb","itemListElement":[{"@type":"ListItem","position":1,"name":"Home","item":"https:\/\/egytourpackages.com\/fr\/circuits-en-egypte\/"},{"@type":"ListItem","position":2,"name":"Shop","item":"https:\/\/egytourpackages.com\/shop\/"},{"@type":"ListItem","position":3,"name":"Transfer priv\u00e9 de luxe de l&rsquo;a\u00e9roport d&rsquo;Hurghada vers les h\u00f4tels de Soma Bay"}]},{"@type":"WebSite","@id":"https:\/\/egytourpackages.com\/fr\/#website","url":"https:\/\/egytourpackages.com\/fr\/","name":"Egy tour packages","description":"","publisher":{"@id":"https:\/\/egytourpackages.com\/fr\/#organization"},"potentialAction":[{"@type":"SearchAction","target":{"@type":"EntryPoint","urlTemplate":"https:\/\/egytourpackages.com\/fr\/?s={search_term_string}"},"query-input":{"@type":"PropertyValueSpecification","valueRequired":true,"valueName":"search_term_string"}}],"inLanguage":"fr-FR"},{"@type":["Organization","Place","TravelAgency"],"@id":"https:\/\/egytourpackages.com\/fr\/#organization","name":"egypt tour packages","alternateName":"egypt tour packages","url":"https:\/\/egytourpackages.com\/fr\/","logo":{"@id":"https:\/\/egytourpackages.com\/fr\/tours\/transfer-prive-de-luxe-de-laeroport-dhurghada-vers-les-hotels-de-soma-bay\/#local-main-organization-logo"},"image":{"@id":"https:\/\/egytourpackages.com\/fr\/tours\/transfer-prive-de-luxe-de-laeroport-dhurghada-vers-les-hotels-de-soma-bay\/#local-main-organization-logo"},"sameAs":["https:\/\/www.facebook.com\/egytourpackages"],"legalName":"Egy tour packages","address":{"@id":"https:\/\/egytourpackages.com\/fr\/tours\/transfer-prive-de-luxe-de-laeroport-dhurghada-vers-les-hotels-de-soma-bay\/#local-main-place-address"},"telephone":["00201000852186","00201028685533"],"contactPoint":{"@type":"ContactPoint","telephone":"00201000852186"},"openingHoursSpecification":[{"@type":"OpeningHoursSpecification","dayOfWeek":["Monday","Tuesday","Wednesday","Thursday","Friday","Saturday","Sunday"],"opens":"00:00","closes":"23:59"}],"email":"info@egytourpackages.com","areaServed":"Cairo, Hurghada, Luxor, Sharm El Sheikh, Marsa Alam, Aswan","priceRange":"$","currenciesAccepted":"euro","paymentAccepted":"Payment links online"},{"@type":"PostalAddress","@id":"https:\/\/egytourpackages.com\/fr\/tours\/transfer-prive-de-luxe-de-laeroport-dhurghada-vers-les-hotels-de-soma-bay\/#local-main-place-address","streetAddress":"Mubarak 8, Al Kawthar District, Hurghada","addressLocality":"Hurghada","postalCode":"84511","addressRegion":"Red Sea","addressCountry":"EG"},{"@type":"ImageObject","inLanguage":"fr-FR","@id":"https:\/\/egytourpackages.com\/fr\/tours\/transfer-prive-de-luxe-de-laeroport-dhurghada-vers-les-hotels-de-soma-bay\/#local-main-organization-logo","url":"https:\/\/egytourpackages.com\/wp-content\/uploads\/2025\/12\/Turquoise-Dahabiya-Nile-Cruise-1.jpeg","contentUrl":"https:\/\/egytourpackages.com\/wp-content\/uploads\/2025\/12\/Turquoise-Dahabiya-Nile-Cruise-1.jpeg","width":1040,"height":694,"caption":"egypt tour packages"}]},"product_brand":"Excursions en \u00c9gypte","product_price_amount":"100","product_price_currency":"EUR","og_availability":"instock","product_availability":"instock","product_retailer_item_id":"AT 02","product_condition":"new","geo.placename":"Hurghada","geo.region":"\u00c9gypte"},"_links":{"self":[{"href":"https:\/\/egytourpackages.com\/fr\/wp-json\/wp\/v2\/product\/6615","targetHints":{"allow":["GET"]}}],"collection":[{"href":"https:\/\/egytourpackages.com\/fr\/wp-json\/wp\/v2\/product"}],"about":[{"href":"https:\/\/egytourpackages.com\/fr\/wp-json\/wp\/v2\/types\/product"}],"replies":[{"embeddable":true,"href":"https:\/\/egytourpackages.com\/fr\/wp-json\/wp\/v2\/comments?post=6615"}],"wp:featuredmedia":[{"embeddable":true,"href":"https:\/\/egytourpackages.com\/fr\/wp-json\/wp\/v2\/media\/6616"}],"wp:attachment":[{"href":"https:\/\/egytourpackages.com\/fr\/wp-json\/wp\/v2\/media?parent=6615"}],"wp:term":[{"taxonomy":"product_brand","embeddable":true,"href":"https:\/\/egytourpackages.com\/fr\/wp-json\/wp\/v2\/product_brand?post=6615"},{"taxonomy":"product_cat","embeddable":true,"href":"https:\/\/egytourpackages.com\/fr\/wp-json\/wp\/v2\/product_cat?post=6615"},{"taxonomy":"product_tag","embeddable":true,"href":"https:\/\/egytourpackages.com\/fr\/wp-json\/wp\/v2\/product_tag?post=6615"}],"curies":[{"name":"wp","href":"https:\/\/api.w.org\/{rel}","templated":true}]}}