{"id":6631,"date":"2025-05-24T22:03:54","date_gmt":"2025-05-24T22:03:54","guid":{"rendered":"https:\/\/egytourpackages.com\/product\/safari-dans-le-desert-a-makadi-bay-le-matin\/"},"modified":"2026-01-28T23:45:17","modified_gmt":"2026-01-28T23:45:17","slug":"safari-dans-le-desert-a-makadi-bay-le-matin","status":"publish","type":"product","link":"https:\/\/egytourpackages.com\/fr\/tours\/safari-dans-le-desert-a-makadi-bay-le-matin\/","title":{"rendered":"Safari dans le d\u00e9sert \u00e0 Makadi Bay le matin"},"content":{"rendered":"<p><span style=\"color: #ff6600;\"><strong>Safari dans le d\u00e9sert \u00e0 Makadi Bay le matin | R\u00e9servation Safari D\u00e9sert Pas Cher \u00c9gypte<\/strong><\/span><\/p>\n<p><strong>Safari dans le d\u00e9sert \u00e0 Makadi Bay le matin | R\u00e9servez un Safari D\u00e9sert \u00c9gypte Pas Cher avec les excursions d&rsquo;Hurghada, Balade \u00e0 dos de chameau, Village b\u00e9douin<\/strong><\/p>\n<p>Le safari matinal en quad dans le d\u00e9sert depuis Hurghada est bien plus qu&rsquo;une simple balade. C&rsquo;est une exp\u00e9rience qui combine <strong>aventure, nature et culture<\/strong> en un seul forfait exaltant.<\/p>\n<p>R\u00e9servez \u00e0 prix abordable les <strong>excursions Makadi Bay<\/strong>, un safari matinal de 3 heures dans le d\u00e9sert depuis tous les h\u00f4tels de Makadi Bay.<\/p>\n<p>D\u00e9couvrez les meilleures <strong>activit\u00e9s \u00e0 faire \u00e0 Hurghada<\/strong> avec cette aventure en quad tout-terrain depuis Makadi Bay. Sans aucun doute, le <strong>safari en quad Makadi Bay<\/strong> le matin offre des activit\u00e9s de plein air pour tout le monde. Cette exp\u00e9rience guid\u00e9e en tout-terrain vous emm\u00e8ne au c\u0153ur du d\u00e9sert oriental, o\u00f9 vous attendent des dunes dor\u00e9es et l&rsquo;ancienne culture b\u00e9douine. Montez \u00e0 bord de votre puissant <strong>quad Makadi Bay<\/strong> et naviguez \u00e0 travers les dunes dor\u00e9es, ressentant l&rsquo;excitation de la balade tandis que le soleil du matin projette une lueur magique sur la vaste \u00e9tendue.<\/p>\n<p>S\u00e9curisez votre place pour la meilleure exp\u00e9rience de <strong>safari en quad Makadi Bay<\/strong> le matin et cr\u00e9ez des souvenirs inoubliables, surtout lorsque vous visitez un village b\u00e9douin, sirotez un th\u00e9 traditionnel, montez \u00e0 dos de chameau et ajoutez une touche culturelle \u00e0 votre excursion palpitante.<\/p>\n<h3><span style=\"color: #ff6600;\">D\u00e9tails<\/span><\/h3>\n<ul>\n<li>Dur\u00e9e: 4 heures<\/li>\n<li>Lieu de la visite: D\u00e9sert oriental Hurghada<\/li>\n<li>Disponibilit\u00e9: Tous les jours<\/li>\n<li>Prise en charge et retour: Tous les h\u00f4tels de Makadi Bay<\/li>\n<li>Type de visite: En groupe \/ Priv\u00e9e<\/li>\n<li><strong>Langue: Fran\u00e7ais<\/strong><\/li>\n<li>Chaise roulante: Accessible<\/li>\n<\/ul>\n<h3><span style=\"color: #ff6600;\">Points forts<\/span><\/h3>\n<ul>\n<li>Balade en quad sur environ 35 km<\/li>\n<li>Balade \u00e0 dos de chameau<\/li>\n<li>Exploration du mode de vie b\u00e9douin<\/li>\n<\/ul>\n<h3><span style=\"color: #ff6600;\">Inclusions<\/span><\/h3>\n<ul>\n<li>Prise en charge et retour depuis les h\u00f4tels de Hurghada<\/li>\n<li><strong>Guide professionnel dans le d\u00e9sert parlant fran\u00e7ais<\/strong><\/li>\n<li>Balade \u00e0 dos de chameau dans le d\u00e9sert<\/li>\n<li>Visite du village b\u00e9douin avec th\u00e9 b\u00e9douin<\/li>\n<li>Essai avant le d\u00e9but de la visite<\/li>\n<li>Quad simple (Beach Buggy)<\/li>\n<li>Tous les frais de service et taxes sont inclus dans le prix<\/li>\n<\/ul>\n<h3><span style=\"color: #ff6600;\">Exclusions<\/span><\/h3>\n<ul>\n<li>DVD et photos par le cam\u00e9raman<\/li>\n<li>Pourboires<\/li>\n<li>Prise en charge et retour depuis Makadi Bay, Sahl Hasheesh, El Gouna, Soma Bay, Safaga<\/li>\n<\/ul>\n<h3><span style=\"color: #ff6600;\">Ce qu&rsquo;il faut emporter avec vous<\/span><\/h3>\n<ul>\n<li>Copie de votre passeport<\/li>\n<li>Chapeau, lunettes de soleil et cr\u00e8me solaire<\/li>\n<li>Chaussures et v\u00eatements confortables<\/li>\n<\/ul>\n<h3><span style=\"color: #ff6600;\">Veuillez noter<\/span><\/h3>\n<ul>\n<li>Il est permis de conduire des quads \u00e0 partir de 16 ans<\/li>\n<li>Toutes nos excursions sont enti\u00e8rement assur\u00e9es<\/li>\n<li>\u00c9charpes (5 euros)<\/li>\n<li>Lunettes de protection \u00e0 louer (2 euros par pi\u00e8ce)<\/li>\n<\/ul>\n<h3><span style=\"color: #ff6600;\">Itin\u00e9raire<\/span><\/h3>\n<p>Apr\u00e8s la prise en charge \u00e0 votre h\u00f4tel, et \u00e0 votre arriv\u00e9e aux stations de quad, un guide exp\u00e9riment\u00e9 vous donnera un briefing de s\u00e9curit\u00e9 et vous apprendra \u00e0 manipuler les quads. En fait, l&rsquo;un des points forts de la visite est la visite d&rsquo;un <strong>camp b\u00e9douin<\/strong> traditionnel, o\u00f9 vous pourrez faire une pause, profiter d&rsquo;une balade \u00e0 dos de chameau, d&rsquo;un th\u00e9 local et en apprendre davantage sur les traditions b\u00e9douines. <strong>Egy tour packages<\/strong> propose ce safari matinal dans le d\u00e9sert de Makadi Bay quotidiennement pour les conducteurs seuls ou doubles le matin.<\/p>\n<p>Si vous recherchez les meilleures <strong>excursions Safari pour voyageurs seuls, couples, familles<\/strong> avec un <strong>groupe<\/strong> \u00e0 un <strong>prix abordable<\/strong> pour vivre une <strong>aventure unique<\/strong> dans le d\u00e9sert de la mer Rouge, r\u00e9servez d\u00e8s maintenant avec nous et obtenez des <strong>Moments Inoubliables<\/strong>.<\/p>\n<h3><span style=\"color: #ff6600;\">Prix du safari matinal dans le d\u00e9sert de Makadi Bay<\/span><\/h3>\n<p>Prix Adulte = 30 \u20ac<\/p>\n<p>Enfants 0-5 ans = gratuit<\/p>\n<p>Enfants 5-11 ans = 50% du prix adulte<\/p>\n<h3><span style=\"color: #ff6600;\">R\u00e9servation<\/span><\/h3>\n<p>Vous pouvez r\u00e9server votre excursion via WhatsApp ou nous envoyer un e-mail et vous recevrez la confirmation sur place. Veuillez nous envoyer le nom de votre h\u00f4tel, le num\u00e9ro de chambre et les copies de passeport.<\/p>\n<p>WhatsApp: +201000852186<\/p>\n<p>info@egytourpackages.com<\/p>\n<h3><span style=\"color: #ff6600;\">R\u00e9servez maintenant &amp; payez sur place<\/span><\/h3>\n<p>R\u00e9servez votre excursion pr\u00e9f\u00e9r\u00e9e et payez le jour du voyage<\/p>\n<h3><span style=\"color: #ff6600;\">Paiement<\/span><\/h3>\n<p>Vous pouvez payer en livres \u00e9gyptiennes, en $, \u20ac ou en \u00a3.<\/p>\n<h3><span style=\"color: #ff6600;\">Politique d&rsquo;annulation<\/span><\/h3>\n<ul>\n<li>L&rsquo;annulation est gratuite jusqu&rsquo;\u00e0 24 heures \u00e0 l&rsquo;avance<\/li>\n<li>L&rsquo;annulation le matin m\u00eame est de 50% du prix<\/li>\n<\/ul>\n","protected":false},"excerpt":{"rendered":"<p>Safari dans le d\u00e9sert \u00e0 Makadi Bay le matin: Profitez d&rsquo;une exp\u00e9rience qui combine aventure de conduite, nature et culture en un seul forfait exaltant.<\/p>\n","protected":false},"featured_media":6636,"comment_status":"open","ping_status":"closed","template":"","meta":[],"product_brand":[],"product_cat":[3124],"product_tag":[3274,3275,3344],"class_list":{"0":"post-6631","1":"product","2":"type-product","3":"status-publish","4":"has-post-thumbnail","6":"product_cat-tours-fr","7":"product_tag-excursions-a-hurghada","8":"product_tag-excursions-dune-journee-en-egypte","9":"product_tag-excursions-dans-makadi-bay","10":"tour_category-excursions-en-egypte-fr","11":"tour_category-excursions-makadi-bay-fr","12":"tour_category-excursions-safari-dans-le-desert-dhurghada","14":"first","15":"instock","16":"sale","17":"shipping-taxable","18":"purchasable","19":"product-type-tour","20":"has-default-attributes"},"yoast_head":"<!-- This site is optimized with the Yoast SEO Premium plugin v27.2 (Yoast SEO v27.2) - https:\/\/yoast.com\/product\/yoast-seo-premium-wordpress\/ -->\n<title>Safari dans le d\u00e9sert \u00e0 Makadi Bay le matin<\/title>\n<meta name=\"description\" content=\"Safari dans le d\u00e9sert \u00e0 Makadi Bay le matin: Profitez d&#039;une exp\u00e9rience qui combine aventure de conduite, nature et culture en un seul forfait exaltant.\" \/>\n<meta name=\"robots\" content=\"index, follow, max-snippet:-1, max-image-preview:large, max-video-preview:-1\" \/>\n<link rel=\"canonical\" href=\"https:\/\/egytourpackages.com\/fr\/tours\/safari-dans-le-desert-a-makadi-bay-le-matin\/\" \/>\n<meta property=\"og:locale\" content=\"fr_FR\" \/>\n<meta property=\"og:type\" content=\"article\" \/>\n<meta property=\"og:title\" content=\"Safari dans le d\u00e9sert \u00e0 Makadi Bay le matin\" \/>\n<meta property=\"og:description\" content=\"Safari dans le d\u00e9sert \u00e0 Makadi Bay le matin: Profitez d&#039;une exp\u00e9rience qui combine aventure de conduite, nature et culture en un seul forfait exaltant.\" \/>\n<meta property=\"og:url\" content=\"https:\/\/egytourpackages.com\/fr\/tours\/safari-dans-le-desert-a-makadi-bay-le-matin\/\" \/>\n<meta property=\"og:site_name\" content=\"Egypt Tour Packages\" \/>\n<meta property=\"article:publisher\" content=\"https:\/\/www.facebook.com\/egytourpackages\" \/>\n<meta property=\"article:modified_time\" content=\"2026-01-28T23:45:17+00:00\" \/>\n<meta property=\"og:image\" content=\"https:\/\/egytourpackages.com\/wp-content\/uploads\/2025\/03\/Camel-ride-Hurghada-safari-1024x682.jpeg\" \/>\n<meta name=\"twitter:card\" content=\"summary_large_image\" \/>\n<meta name=\"twitter:title\" content=\"Safari dans le d\u00e9sert \u00e0 Makadi Bay le matin\" \/>\n<meta name=\"twitter:label1\" content=\"Prix\" \/>\n\t<meta name=\"twitter:data1\" content=\"&euro;20\" \/>\n\t<meta name=\"twitter:label2\" content=\"Disponibilit\u00e9\" \/>\n\t<meta name=\"twitter:data2\" content=\"En stock\" \/>\n<script type=\"application\/ld+json\" class=\"yoast-schema-graph\">{\"@context\":\"https:\/\/schema.org\",\"@graph\":[{\"@type\":\"WebPage\",\"@id\":\"https:\/\/egytourpackages.com\/fr\/tours\/safari-dans-le-desert-a-makadi-bay-le-matin\/\",\"url\":\"https:\/\/egytourpackages.com\/fr\/tours\/safari-dans-le-desert-a-makadi-bay-le-matin\/\",\"name\":\"Safari dans le d\u00e9sert \u00e0 Makadi Bay le matin\",\"isPartOf\":{\"@id\":\"https:\/\/egytourpackages.com\/fr\/#website\"},\"primaryImageOfPage\":{\"@id\":\"https:\/\/egytourpackages.com\/fr\/tours\/safari-dans-le-desert-a-makadi-bay-le-matin\/#primaryimage\"},\"image\":{\"@id\":\"https:\/\/egytourpackages.com\/fr\/tours\/safari-dans-le-desert-a-makadi-bay-le-matin\/#primaryimage\"},\"thumbnailUrl\":\"https:\/\/egytourpackages.com\/wp-content\/uploads\/2025\/03\/Camel-ride-Hurghada-safari.jpeg\",\"datePublished\":\"2025-05-24T22:03:54+00:00\",\"dateModified\":\"2026-01-28T23:45:17+00:00\",\"description\":\"Safari dans le d\u00e9sert \u00e0 Makadi Bay le matin: Profitez d'une exp\u00e9rience qui combine aventure de conduite, nature et culture en un seul forfait exaltant.\",\"breadcrumb\":{\"@id\":\"https:\/\/egytourpackages.com\/fr\/tours\/safari-dans-le-desert-a-makadi-bay-le-matin\/#breadcrumb\"},\"inLanguage\":\"fr-FR\",\"potentialAction\":[{\"@type\":\"ReadAction\",\"target\":[\"https:\/\/egytourpackages.com\/fr\/tours\/safari-dans-le-desert-a-makadi-bay-le-matin\/\"]}]},{\"@type\":\"ImageObject\",\"inLanguage\":\"fr-FR\",\"@id\":\"https:\/\/egytourpackages.com\/fr\/tours\/safari-dans-le-desert-a-makadi-bay-le-matin\/#primaryimage\",\"url\":\"https:\/\/egytourpackages.com\/wp-content\/uploads\/2025\/03\/Camel-ride-Hurghada-safari.jpeg\",\"contentUrl\":\"https:\/\/egytourpackages.com\/wp-content\/uploads\/2025\/03\/Camel-ride-Hurghada-safari.jpeg\",\"width\":1280,\"height\":853,\"caption\":\"Safari \u00e0 dos de chameau \u00e0 Hurghada\"},{\"@type\":\"BreadcrumbList\",\"@id\":\"https:\/\/egytourpackages.com\/fr\/tours\/safari-dans-le-desert-a-makadi-bay-le-matin\/#breadcrumb\",\"itemListElement\":[{\"@type\":\"ListItem\",\"position\":1,\"name\":\"Home\",\"item\":\"https:\/\/egytourpackages.com\/fr\/circuits-en-egypte\/\"},{\"@type\":\"ListItem\",\"position\":2,\"name\":\"Shop\",\"item\":\"https:\/\/egytourpackages.com\/shop\/\"},{\"@type\":\"ListItem\",\"position\":3,\"name\":\"Safari dans le d\u00e9sert \u00e0 Makadi Bay le matin\"}]},{\"@type\":\"WebSite\",\"@id\":\"https:\/\/egytourpackages.com\/fr\/#website\",\"url\":\"https:\/\/egytourpackages.com\/fr\/\",\"name\":\"Egy tour packages\",\"description\":\"\",\"publisher\":{\"@id\":\"https:\/\/egytourpackages.com\/fr\/#organization\"},\"potentialAction\":[{\"@type\":\"SearchAction\",\"target\":{\"@type\":\"EntryPoint\",\"urlTemplate\":\"https:\/\/egytourpackages.com\/fr\/?s={search_term_string}\"},\"query-input\":{\"@type\":\"PropertyValueSpecification\",\"valueRequired\":true,\"valueName\":\"search_term_string\"}}],\"inLanguage\":\"fr-FR\"},{\"@type\":[\"Organization\",\"Place\",\"TravelAgency\"],\"@id\":\"https:\/\/egytourpackages.com\/fr\/#organization\",\"name\":\"egypt tour packages\",\"alternateName\":\"egypt tour packages\",\"url\":\"https:\/\/egytourpackages.com\/fr\/\",\"logo\":{\"@id\":\"https:\/\/egytourpackages.com\/fr\/tours\/safari-dans-le-desert-a-makadi-bay-le-matin\/#local-main-organization-logo\"},\"image\":{\"@id\":\"https:\/\/egytourpackages.com\/fr\/tours\/safari-dans-le-desert-a-makadi-bay-le-matin\/#local-main-organization-logo\"},\"sameAs\":[\"https:\/\/www.facebook.com\/egytourpackages\"],\"legalName\":\"Egy tour packages\",\"address\":{\"@id\":\"https:\/\/egytourpackages.com\/fr\/tours\/safari-dans-le-desert-a-makadi-bay-le-matin\/#local-main-place-address\"},\"telephone\":[\"00201000852186\",\"00201028685533\"],\"contactPoint\":{\"@type\":\"ContactPoint\",\"telephone\":\"00201000852186\"},\"openingHoursSpecification\":[{\"@type\":\"OpeningHoursSpecification\",\"dayOfWeek\":[\"Monday\",\"Tuesday\",\"Wednesday\",\"Thursday\",\"Friday\",\"Saturday\",\"Sunday\"],\"opens\":\"00:00\",\"closes\":\"23:59\"}],\"email\":\"info@egytourpackages.com\",\"areaServed\":\"Cairo, Hurghada, Luxor, Sharm El Sheikh, Marsa Alam, Aswan\",\"priceRange\":\"$\",\"currenciesAccepted\":\"euro\",\"paymentAccepted\":\"Payment links online\"},{\"@type\":\"PostalAddress\",\"@id\":\"https:\/\/egytourpackages.com\/fr\/tours\/safari-dans-le-desert-a-makadi-bay-le-matin\/#local-main-place-address\",\"streetAddress\":\"Mubarak 8, Al Kawthar District, Hurghada\",\"addressLocality\":\"Hurghada\",\"postalCode\":\"84511\",\"addressRegion\":\"Red Sea\",\"addressCountry\":\"EG\"},{\"@type\":\"ImageObject\",\"inLanguage\":\"fr-FR\",\"@id\":\"https:\/\/egytourpackages.com\/fr\/tours\/safari-dans-le-desert-a-makadi-bay-le-matin\/#local-main-organization-logo\",\"url\":\"https:\/\/egytourpackages.com\/wp-content\/uploads\/2025\/12\/Turquoise-Dahabiya-Nile-Cruise-1.jpeg\",\"contentUrl\":\"https:\/\/egytourpackages.com\/wp-content\/uploads\/2025\/12\/Turquoise-Dahabiya-Nile-Cruise-1.jpeg\",\"width\":1040,\"height\":694,\"caption\":\"egypt tour packages\"}]}<\/script>\n<meta property=\"product:brand\" content=\"Excursions en \u00c9gypte\" \/>\n<meta property=\"product:price:amount\" content=\"20\" \/>\n<meta property=\"product:price:currency\" content=\"EUR\" \/>\n<meta property=\"og:availability\" content=\"instock\" \/>\n<meta property=\"product:availability\" content=\"instock\" \/>\n<meta property=\"product:retailer_item_id\" content=\"MBE07\" \/>\n<meta property=\"product:condition\" content=\"new\" \/>\n<meta name=\"geo.placename\" content=\"Hurghada\" \/>\n<meta name=\"geo.region\" content=\"\u00c9gypte\" \/>\n<!-- \/ Yoast SEO Premium plugin. -->","yoast_head_json":{"title":"Safari dans le d\u00e9sert \u00e0 Makadi Bay le matin","description":"Safari dans le d\u00e9sert \u00e0 Makadi Bay le matin: Profitez d'une exp\u00e9rience qui combine aventure de conduite, nature et culture en un seul forfait exaltant.","robots":{"index":"index","follow":"follow","max-snippet":"max-snippet:-1","max-image-preview":"max-image-preview:large","max-video-preview":"max-video-preview:-1"},"canonical":"https:\/\/egytourpackages.com\/fr\/tours\/safari-dans-le-desert-a-makadi-bay-le-matin\/","og_locale":"fr_FR","og_type":"article","og_title":"Safari dans le d\u00e9sert \u00e0 Makadi Bay le matin","og_description":"Safari dans le d\u00e9sert \u00e0 Makadi Bay le matin: Profitez d'une exp\u00e9rience qui combine aventure de conduite, nature et culture en un seul forfait exaltant.","og_url":"https:\/\/egytourpackages.com\/fr\/tours\/safari-dans-le-desert-a-makadi-bay-le-matin\/","og_site_name":"Egypt Tour Packages","article_publisher":"https:\/\/www.facebook.com\/egytourpackages","article_modified_time":"2026-01-28T23:45:17+00:00","og_image":[{"url":"https:\/\/egytourpackages.com\/wp-content\/uploads\/2025\/03\/Camel-ride-Hurghada-safari-1024x682.jpeg","type":"","width":"","height":""}],"twitter_card":"summary_large_image","twitter_title":"Safari dans le d\u00e9sert \u00e0 Makadi Bay le matin","twitter_misc":{"Prix":"&euro;20","Disponibilit\u00e9":"En stock"},"schema":{"@context":"https:\/\/schema.org","@graph":[{"@type":"WebPage","@id":"https:\/\/egytourpackages.com\/fr\/tours\/safari-dans-le-desert-a-makadi-bay-le-matin\/","url":"https:\/\/egytourpackages.com\/fr\/tours\/safari-dans-le-desert-a-makadi-bay-le-matin\/","name":"Safari dans le d\u00e9sert \u00e0 Makadi Bay le matin","isPartOf":{"@id":"https:\/\/egytourpackages.com\/fr\/#website"},"primaryImageOfPage":{"@id":"https:\/\/egytourpackages.com\/fr\/tours\/safari-dans-le-desert-a-makadi-bay-le-matin\/#primaryimage"},"image":{"@id":"https:\/\/egytourpackages.com\/fr\/tours\/safari-dans-le-desert-a-makadi-bay-le-matin\/#primaryimage"},"thumbnailUrl":"https:\/\/egytourpackages.com\/wp-content\/uploads\/2025\/03\/Camel-ride-Hurghada-safari.jpeg","datePublished":"2025-05-24T22:03:54+00:00","dateModified":"2026-01-28T23:45:17+00:00","description":"Safari dans le d\u00e9sert \u00e0 Makadi Bay le matin: Profitez d'une exp\u00e9rience qui combine aventure de conduite, nature et culture en un seul forfait exaltant.","breadcrumb":{"@id":"https:\/\/egytourpackages.com\/fr\/tours\/safari-dans-le-desert-a-makadi-bay-le-matin\/#breadcrumb"},"inLanguage":"fr-FR","potentialAction":[{"@type":"ReadAction","target":["https:\/\/egytourpackages.com\/fr\/tours\/safari-dans-le-desert-a-makadi-bay-le-matin\/"]}]},{"@type":"ImageObject","inLanguage":"fr-FR","@id":"https:\/\/egytourpackages.com\/fr\/tours\/safari-dans-le-desert-a-makadi-bay-le-matin\/#primaryimage","url":"https:\/\/egytourpackages.com\/wp-content\/uploads\/2025\/03\/Camel-ride-Hurghada-safari.jpeg","contentUrl":"https:\/\/egytourpackages.com\/wp-content\/uploads\/2025\/03\/Camel-ride-Hurghada-safari.jpeg","width":1280,"height":853,"caption":"Safari \u00e0 dos de chameau \u00e0 Hurghada"},{"@type":"BreadcrumbList","@id":"https:\/\/egytourpackages.com\/fr\/tours\/safari-dans-le-desert-a-makadi-bay-le-matin\/#breadcrumb","itemListElement":[{"@type":"ListItem","position":1,"name":"Home","item":"https:\/\/egytourpackages.com\/fr\/circuits-en-egypte\/"},{"@type":"ListItem","position":2,"name":"Shop","item":"https:\/\/egytourpackages.com\/shop\/"},{"@type":"ListItem","position":3,"name":"Safari dans le d\u00e9sert \u00e0 Makadi Bay le matin"}]},{"@type":"WebSite","@id":"https:\/\/egytourpackages.com\/fr\/#website","url":"https:\/\/egytourpackages.com\/fr\/","name":"Egy tour packages","description":"","publisher":{"@id":"https:\/\/egytourpackages.com\/fr\/#organization"},"potentialAction":[{"@type":"SearchAction","target":{"@type":"EntryPoint","urlTemplate":"https:\/\/egytourpackages.com\/fr\/?s={search_term_string}"},"query-input":{"@type":"PropertyValueSpecification","valueRequired":true,"valueName":"search_term_string"}}],"inLanguage":"fr-FR"},{"@type":["Organization","Place","TravelAgency"],"@id":"https:\/\/egytourpackages.com\/fr\/#organization","name":"egypt tour packages","alternateName":"egypt tour packages","url":"https:\/\/egytourpackages.com\/fr\/","logo":{"@id":"https:\/\/egytourpackages.com\/fr\/tours\/safari-dans-le-desert-a-makadi-bay-le-matin\/#local-main-organization-logo"},"image":{"@id":"https:\/\/egytourpackages.com\/fr\/tours\/safari-dans-le-desert-a-makadi-bay-le-matin\/#local-main-organization-logo"},"sameAs":["https:\/\/www.facebook.com\/egytourpackages"],"legalName":"Egy tour packages","address":{"@id":"https:\/\/egytourpackages.com\/fr\/tours\/safari-dans-le-desert-a-makadi-bay-le-matin\/#local-main-place-address"},"telephone":["00201000852186","00201028685533"],"contactPoint":{"@type":"ContactPoint","telephone":"00201000852186"},"openingHoursSpecification":[{"@type":"OpeningHoursSpecification","dayOfWeek":["Monday","Tuesday","Wednesday","Thursday","Friday","Saturday","Sunday"],"opens":"00:00","closes":"23:59"}],"email":"info@egytourpackages.com","areaServed":"Cairo, Hurghada, Luxor, Sharm El Sheikh, Marsa Alam, Aswan","priceRange":"$","currenciesAccepted":"euro","paymentAccepted":"Payment links online"},{"@type":"PostalAddress","@id":"https:\/\/egytourpackages.com\/fr\/tours\/safari-dans-le-desert-a-makadi-bay-le-matin\/#local-main-place-address","streetAddress":"Mubarak 8, Al Kawthar District, Hurghada","addressLocality":"Hurghada","postalCode":"84511","addressRegion":"Red Sea","addressCountry":"EG"},{"@type":"ImageObject","inLanguage":"fr-FR","@id":"https:\/\/egytourpackages.com\/fr\/tours\/safari-dans-le-desert-a-makadi-bay-le-matin\/#local-main-organization-logo","url":"https:\/\/egytourpackages.com\/wp-content\/uploads\/2025\/12\/Turquoise-Dahabiya-Nile-Cruise-1.jpeg","contentUrl":"https:\/\/egytourpackages.com\/wp-content\/uploads\/2025\/12\/Turquoise-Dahabiya-Nile-Cruise-1.jpeg","width":1040,"height":694,"caption":"egypt tour packages"}]},"product_brand":"Excursions en \u00c9gypte","product_price_amount":"20","product_price_currency":"EUR","og_availability":"instock","product_availability":"instock","product_retailer_item_id":"MBE07","product_condition":"new","geo.placename":"Hurghada","geo.region":"\u00c9gypte"},"_links":{"self":[{"href":"https:\/\/egytourpackages.com\/fr\/wp-json\/wp\/v2\/product\/6631","targetHints":{"allow":["GET"]}}],"collection":[{"href":"https:\/\/egytourpackages.com\/fr\/wp-json\/wp\/v2\/product"}],"about":[{"href":"https:\/\/egytourpackages.com\/fr\/wp-json\/wp\/v2\/types\/product"}],"replies":[{"embeddable":true,"href":"https:\/\/egytourpackages.com\/fr\/wp-json\/wp\/v2\/comments?post=6631"}],"wp:featuredmedia":[{"embeddable":true,"href":"https:\/\/egytourpackages.com\/fr\/wp-json\/wp\/v2\/media\/6636"}],"wp:attachment":[{"href":"https:\/\/egytourpackages.com\/fr\/wp-json\/wp\/v2\/media?parent=6631"}],"wp:term":[{"taxonomy":"product_brand","embeddable":true,"href":"https:\/\/egytourpackages.com\/fr\/wp-json\/wp\/v2\/product_brand?post=6631"},{"taxonomy":"product_cat","embeddable":true,"href":"https:\/\/egytourpackages.com\/fr\/wp-json\/wp\/v2\/product_cat?post=6631"},{"taxonomy":"product_tag","embeddable":true,"href":"https:\/\/egytourpackages.com\/fr\/wp-json\/wp\/v2\/product_tag?post=6631"}],"curies":[{"name":"wp","href":"https:\/\/api.w.org\/{rel}","templated":true}]}}