{"id":6639,"date":"2025-05-23T18:46:29","date_gmt":"2025-05-23T18:46:29","guid":{"rendered":"https:\/\/egytourpackages.com\/product\/excursion-grand-musee-egyptien-pyramides-de-gizeh-depuis-el-gouna\/"},"modified":"2026-01-04T20:08:32","modified_gmt":"2026-01-04T20:08:32","slug":"excursion-grand-musee-egyptien-pyramides-de-gizeh-depuis-el-gouna","status":"publish","type":"product","link":"https:\/\/egytourpackages.com\/fr\/tours\/excursion-grand-musee-egyptien-pyramides-de-gizeh-depuis-el-gouna\/","title":{"rendered":"Excursion Grand Mus\u00e9e \u00c9gyptien &#038; Pyramides de Gizeh depuis El Gouna"},"content":{"rendered":"<p><span style=\"color: #ff6600;\"><strong>Excursion Grand Mus\u00e9e \u00c9gyptien &amp; Pyramides de Gizeh depuis El Gouna<\/strong><\/span><\/p>\n<h2><span style=\"color: #ff6600;\">Aper\u00e7u<\/span><\/h2>\n<p><strong>Excursion priv\u00e9e au Caire depuis El Gouna<\/strong> | Meilleur <strong>Mus\u00e9e \u00c9gyptien du Caire<\/strong> depuis El Gouna | <strong>Excursions El Gouna<\/strong> | <strong>Attractions touristiques du Caire<\/strong> telles que les Pyramides de Gizeh, le <strong>Grand Sphinx<\/strong>, les tr\u00e9sors de Tout\u00e2nkhamon, l&rsquo;<strong>Ob\u00e9lisque Suspendu<\/strong> | <strong>R\u00e9servation en ligne WhatsApp<\/strong><\/p>\n<p>Votre <strong>Excursion au Grand Mus\u00e9e \u00c9gyptien &amp; Pyramides de Gizeh depuis El Gouna<\/strong> est une aventure unique et une exp\u00e9rience inoubliable pour d\u00e9couvrir l&rsquo;ancienne civilisation \u00e9gyptienne. En fait, ces visites de l&rsquo;\u00c9gypte au Grand Mus\u00e9e \u00c9gyptien sont une sorte de <strong>Tour Culturel et Patrimonial<\/strong> avec un <strong>guide arch\u00e9ologue<\/strong> expert. Vous d\u00e9couvrirez de nombreux secrets sur les Pyramides de Gizeh, le Sphinx, la mal\u00e9diction du Pharaon, et bien plus encore.<\/p>\n<p>Ce sont les meilleures <strong>Excursions d&rsquo;Exploration pour Enfants<\/strong> et adultes et des <strong>Tours \u00c9ducatifs pour les Seniors<\/strong> depuis El Gouna. C&rsquo;est aussi consid\u00e9r\u00e9 comme l&rsquo;une des <strong>meilleures choses \u00e0 faire en famille<\/strong> et les plus belles <strong>choses \u00e0 faire entre amis<\/strong>. La r\u00e9servation de cette excursion priv\u00e9e d&rsquo;une journ\u00e9e compl\u00e8te au Grand Mus\u00e9e \u00c9gyptien vous permettra d&rsquo;explorer les artefacts \u00e9gyptiens de l&rsquo;\u00e8re pr\u00e9historique \u00e0 l&rsquo;\u00e8re gr\u00e9co-romaine. De plus, vous verrez les tr\u00e9sors de <strong>Tout\u00e2nkhamon<\/strong> trouv\u00e9s dans sa tombe KV 62 dans la <strong>Vall\u00e9e des Rois<\/strong> \u00e0 Louxor en 1922. Enfin, vous aurez des informations d\u00e9taill\u00e9es sur les <strong>Pyramides de Gizeh<\/strong>, les Pyramides de la Reine, les Tombeaux des b\u00e2tisseurs de Pyramides et le <strong>Grand Sphinx<\/strong>. Les forfaits touristiques d&rsquo;Egy offrent ces excursions El Gouna avec un guide expert, des v\u00e9hicules neufs, les meilleurs services et un prix tr\u00e8s juste.<\/p>\n<h3><span style=\"color: #ff6600;\">D\u00e9tails de la visite<\/span><\/h3>\n<ul>\n<li>Dur\u00e9e: 18 heures<\/li>\n<li>Lieu de la visite: Gizeh<\/li>\n<li>Disponibilit\u00e9 de la visite: Tous les jours<\/li>\n<li>Prise en charge et retour: Votre h\u00f4tel \u00e0 El Gouna<\/li>\n<li>Type de visite: Priv\u00e9e<\/li>\n<li><strong>Langue: Fran\u00e7ais<\/strong><\/li>\n<li>Convient pour: Couples, Famille, Seniors<\/li>\n<li>Chaise roulante: Accessible<\/li>\n<\/ul>\n<h3><span style=\"color: #ff6600;\">Points forts de la visite<\/span><\/h3>\n<ul>\n<li>Grand Mus\u00e9e \u00c9gyptien<\/li>\n<li>Pyramides de Gizeh<\/li>\n<li>Le Grand Sphinx<\/li>\n<li>Temple de la Vall\u00e9e<\/li>\n<\/ul>\n<h3><span style=\"color: #ff6600;\">Inclusions<\/span><\/h3>\n<ul>\n<li>Transfert aller-retour avec v\u00e9hicule climatis\u00e9<\/li>\n<li>Frais d&rsquo;entr\u00e9e pour tous les sites du programme du Caire<\/li>\n<li><strong>Guide \u00e9gyptologue parlant fran\u00e7ais<\/strong><\/li>\n<li>D\u00e9jeuner<\/li>\n<li>Eau pendant la visite<\/li>\n<\/ul>\n<h3><span style=\"color: #ff6600;\">Exclusions<\/span><\/h3>\n<ul>\n<li>Boissons pendant le d\u00e9jeuner<\/li>\n<li>Frais d&rsquo;entr\u00e9e pour la Pyramide de Kh\u00e9ops 40$<\/li>\n<li>Frais d&rsquo;entr\u00e9e pour la Pyramide de Khafre 7.5$<\/li>\n<li>Pourboires<\/li>\n<\/ul>\n<h3><span style=\"color: #ff6600;\">Que mettre dans votre sac<\/span><\/h3>\n<ul>\n<li>Chaussures et v\u00eatements confortables, surtout en \u00e9t\u00e9<\/li>\n<li>V\u00eatements chauds en hiver<\/li>\n<li>Lunettes de soleil, chapeau ou \u00e9charpe<\/li>\n<li>Cr\u00e8me solaire en \u00e9t\u00e9<\/li>\n<\/ul>\n<h2><span style=\"color: #ff6600;\">Itin\u00e9raire<\/span><\/h2>\n<p>Commencez votre journ\u00e9e avec les bo\u00eetes de petit-d\u00e9jeuner que vous avez command\u00e9es la veille avant de vous diriger vers le Caire avec votre nouveau v\u00e9hicule. De plus, apportez un oreiller si votre h\u00f4tel le permet et un livre \u00e0 lire pendant le long trajet. Vous ferez une pause-caf\u00e9 sur le chemin pour prendre votre petit-d\u00e9jeuner, utiliser les toilettes ou simplement vous d\u00e9gourdir les jambes. \u00c0 votre arriv\u00e9e au Caire, vous commencerez votre tour des attractions du Caire.<\/p>\n<h3><span style=\"color: #ff6600;\">Grand Mus\u00e9e \u00c9gyptien<\/span><\/h3>\n<p>Explorez avec votre guide le plus grand mus\u00e9e au monde pour les artefacts \u00e9gyptiens anciens, de l&rsquo;\u00e8re pr\u00e9historique \u00e0 l&rsquo;<strong>\u00e8re gr\u00e9co-romaine<\/strong>. \u00c9merveillez-vous devant l&rsquo;<strong>Ob\u00e9lisque Suspendu<\/strong>, l&rsquo;\u00e9norme Colosse de <strong>Rams\u00e8s<\/strong> le Grand et la colonne de la victoire de <strong>Merenptah<\/strong>.<\/p>\n<p>Apr\u00e8s cela, vous prendrez l&rsquo;ascenseur jusqu&rsquo;\u00e0 la fen\u00eatre panoramique pour voir les Pyramides devant vous avant de commencer les galeries du mus\u00e9e. Les galeries ouvertes sont au nombre de 12 jusqu&rsquo;\u00e0 pr\u00e9sent et elles expliquent l&rsquo;<strong>ancienne civilisation \u00e9gyptienne<\/strong> d&rsquo;une tr\u00e8s belle mani\u00e8re. Elles parlent de la royaut\u00e9, de la soci\u00e9t\u00e9 et de la religion du d\u00e9but de l&rsquo;histoire \u00e0 la fin.<\/p>\n<p>Vous verrez des statues de pharaons c\u00e9l\u00e8bres comme Hatchepsout, Rams\u00e8s, Senusert, Ay, Tout\u00e2nkhamon, Thoutm\u00f4sis, Dj\u00e9ser, Khafre, Menkaure et Merenptah. De plus, des figures de dieux et de d\u00e9esses comme Sekhmet, Isis, Hathor, Seshat, Amon, Khnoum et Ptah. De plus, des bateaux quotidiens, des perruques, des accessoires, des huiles, des momies et des sarcophages en bois color\u00e9.<\/p>\n<p>\u00c0 la fin de votre visite, vous aurez du temps libre pour d\u00e9couvrir le grand escalier par vous-m\u00eame avant d&rsquo;aller d\u00e9jeuner.<\/p>\n<h3><span style=\"color: #ff6600;\">D\u00e9jeuner<\/span><\/h3>\n<p>Savourez un d\u00e9jeuner fra\u00eechement pr\u00e9par\u00e9 avec des possibilit\u00e9s de plats v\u00e9g\u00e9tariens.<\/p>\n<h3><span style=\"color: #ff6600;\">Complexe des Pyramides de Gizeh<\/span><\/h3>\n<p>Continuez avec votre guide pour visiter les Pyramides de Gizeh et profitez d&rsquo;\u00eatre si pr\u00e8s de votre r\u00eave de toujours. Vous explorerez les Pyramides de Kh\u00e9ops, les Pyramides de la Reine, les fosses de bateaux et les tombeaux des b\u00e2tisseurs de pyramides. De plus, vous d\u00e9couvrirez le c\u00e9l\u00e8bre Sphinx, le temple de momification, la Pyramide de Menkaure et la Pyramide de Khafre.<\/p>\n<p>Votre guide vous expliquera certains des secrets de l&rsquo;histoire \u00e9gyptienne et de l&rsquo;ancienne civilisation \u00e9gyptienne.<\/p>\n<h3><span style=\"color: #ff6600;\">Repas:<\/span><\/h3>\n<p>Petit-d\u00e9jeuner, d\u00e9jeuner<\/p>\n<h3><span style=\"color: #ff6600;\">P.S.<\/span><\/h3>\n<p>Le Grand Mus\u00e9e \u00c9gyptien est ouvert de 9h00 \u00e0 21h00 le samedi et le mercredi et de 8h30 \u00e0 18h00 le reste de la semaine.<\/p>\n<h3><span style=\"color: #ff6600;\">Prix de l&rsquo;Excursion Grand Mus\u00e9e \u00c9gyptien &amp; Pyramides de Gizeh depuis El Gouna<\/span><\/h3>\n<p>Prix Adulte = 150 \u20ac<\/p>\n<p>Enfants 5 -11 ans = 50% du prix adulte<\/p>\n<p>B\u00e9b\u00e9s 0-5 ans = gratuit<\/p>\n<h3><span style=\"color: #ff6600;\">R\u00e9servation<\/span><\/h3>\n<p>Vous pouvez r\u00e9server votre excursion via WhatsApp ou nous envoyer un e-mail et vous recevrez la confirmation sur place.<\/p>\n<p>Veuillez nous envoyer le nom de votre h\u00f4tel, le num\u00e9ro de chambre, et les copies de passeport.<\/p>\n<p>WhatsApp +201000852186<\/p>\n<p>info@egytourpackages.com<\/p>\n<h3><span style=\"color: #ff6600;\">R\u00e9servez maintenant &amp; payez sur place<\/span><\/h3>\n<p>R\u00e9servez votre excursion pr\u00e9f\u00e9r\u00e9e et payez le jour du voyage<\/p>\n<h3><span style=\"color: #ff6600;\">Paiement<\/span><\/h3>\n<p>Vous pouvez payer en livres \u00e9gyptiennes, en $, \u20ac ou en \u00a3.<\/p>\n<h3><span style=\"color: #ff6600;\">Politique d&rsquo;annulation<\/span><\/h3>\n<ul>\n<li>L&rsquo;annulation est gratuite jusqu&rsquo;\u00e0 24 heures \u00e0 l&rsquo;avance<\/li>\n<li>L&rsquo;annulation le matin m\u00eame est de 50% du prix<\/li>\n<\/ul>\n","protected":false},"excerpt":{"rendered":"<p>D\u00e9couvrez l&rsquo;\u00c9gypte antique ! Excursion Grand Mus\u00e9e \u00c9gyptien &amp; Pyramides de Gizeh depuis El Gouna. R\u00e9servez votre aventure inoubliable!<\/p>\n","protected":false},"featured_media":6640,"comment_status":"open","ping_status":"closed","template":"","meta":[],"product_brand":[],"product_cat":[3124],"product_tag":[3359,3275],"class_list":{"0":"post-6639","1":"product","2":"type-product","3":"status-publish","4":"has-post-thumbnail","6":"product_cat-tours-fr","7":"product_tag-excursions-a-el-gouna","8":"product_tag-excursions-dune-journee-en-egypte","9":"tour_category-excursions-el-gouna-fr","10":"tour_category-excursions-en-egypte-fr","12":"first","13":"instock","14":"sale","15":"shipping-taxable","16":"purchasable","17":"product-type-tour","18":"has-default-attributes"},"yoast_head":"<!-- This site is optimized with the Yoast SEO Premium plugin v27.4 (Yoast SEO v27.4) - https:\/\/yoast.com\/product\/yoast-seo-premium-wordpress\/ -->\n<title>Excursion Grand Mus\u00e9e \u00c9gyptien &amp; Pyramides de Gizeh depuis El Gouna<\/title>\n<meta name=\"description\" content=\"D\u00e9couvrez l&#039;\u00c9gypte antique ! Excursion Grand Mus\u00e9e \u00c9gyptien &amp; Pyramides de Gizeh depuis El Gouna. R\u00e9servez votre aventure inoubliable!\" \/>\n<meta name=\"robots\" content=\"index, follow, max-snippet:-1, max-image-preview:large, max-video-preview:-1\" \/>\n<link rel=\"canonical\" href=\"https:\/\/egytourpackages.com\/fr\/tours\/excursion-grand-musee-egyptien-pyramides-de-gizeh-depuis-el-gouna\/\" \/>\n<meta property=\"og:locale\" content=\"fr_FR\" \/>\n<meta property=\"og:type\" content=\"article\" \/>\n<meta property=\"og:title\" content=\"Excursion Grand Mus\u00e9e \u00c9gyptien &amp; Pyramides de Gizeh depuis El Gouna\" \/>\n<meta property=\"og:description\" content=\"D\u00e9couvrez l&#039;\u00c9gypte antique ! Excursion Grand Mus\u00e9e \u00c9gyptien &amp; Pyramides de Gizeh depuis El Gouna. R\u00e9servez votre aventure inoubliable!\" \/>\n<meta property=\"og:url\" content=\"https:\/\/egytourpackages.com\/fr\/tours\/excursion-grand-musee-egyptien-pyramides-de-gizeh-depuis-el-gouna\/\" \/>\n<meta property=\"og:site_name\" content=\"Egypt Tour Packages\" \/>\n<meta property=\"article:publisher\" content=\"https:\/\/www.facebook.com\/egytourpackages\" \/>\n<meta property=\"article:modified_time\" content=\"2026-01-04T20:08:32+00:00\" \/>\n<meta property=\"og:image\" content=\"https:\/\/egytourpackages.com\/wp-content\/uploads\/2025\/05\/Soldiers-from-GEM-1024x473.jpeg\" \/>\n<meta name=\"twitter:card\" content=\"summary_large_image\" \/>\n<meta name=\"twitter:title\" content=\"Excursion Grand Mus\u00e9e \u00c9gyptien &amp; Pyramides de Gizeh depuis El Gouna\" \/>\n<meta name=\"twitter:label1\" content=\"Prix\" \/>\n\t<meta name=\"twitter:data1\" content=\"&euro;150\" \/>\n\t<meta name=\"twitter:label2\" content=\"Disponibilit\u00e9\" \/>\n\t<meta name=\"twitter:data2\" content=\"En stock\" \/>\n<script type=\"application\/ld+json\" class=\"yoast-schema-graph\">{\"@context\":\"https:\\\/\\\/schema.org\",\"@graph\":[{\"@type\":\"WebPage\",\"@id\":\"https:\\\/\\\/egytourpackages.com\\\/fr\\\/tours\\\/excursion-grand-musee-egyptien-pyramides-de-gizeh-depuis-el-gouna\\\/\",\"url\":\"https:\\\/\\\/egytourpackages.com\\\/fr\\\/tours\\\/excursion-grand-musee-egyptien-pyramides-de-gizeh-depuis-el-gouna\\\/\",\"name\":\"Excursion Grand Mus\u00e9e \u00c9gyptien & Pyramides de Gizeh depuis El Gouna\",\"isPartOf\":{\"@id\":\"https:\\\/\\\/egytourpackages.com\\\/fr\\\/#website\"},\"primaryImageOfPage\":{\"@id\":\"https:\\\/\\\/egytourpackages.com\\\/fr\\\/tours\\\/excursion-grand-musee-egyptien-pyramides-de-gizeh-depuis-el-gouna\\\/#primaryimage\"},\"image\":{\"@id\":\"https:\\\/\\\/egytourpackages.com\\\/fr\\\/tours\\\/excursion-grand-musee-egyptien-pyramides-de-gizeh-depuis-el-gouna\\\/#primaryimage\"},\"thumbnailUrl\":\"https:\\\/\\\/egytourpackages.com\\\/wp-content\\\/uploads\\\/2025\\\/05\\\/Soldiers-from-GEM.jpeg\",\"datePublished\":\"2025-05-23T18:46:29+00:00\",\"dateModified\":\"2026-01-04T20:08:32+00:00\",\"description\":\"D\u00e9couvrez l'\u00c9gypte antique ! Excursion Grand Mus\u00e9e \u00c9gyptien & Pyramides de Gizeh depuis El Gouna. R\u00e9servez votre aventure inoubliable!\",\"breadcrumb\":{\"@id\":\"https:\\\/\\\/egytourpackages.com\\\/fr\\\/tours\\\/excursion-grand-musee-egyptien-pyramides-de-gizeh-depuis-el-gouna\\\/#breadcrumb\"},\"inLanguage\":\"fr-FR\",\"potentialAction\":[{\"@type\":\"ReadAction\",\"target\":[\"https:\\\/\\\/egytourpackages.com\\\/fr\\\/tours\\\/excursion-grand-musee-egyptien-pyramides-de-gizeh-depuis-el-gouna\\\/\"]}]},{\"@type\":\"ImageObject\",\"inLanguage\":\"fr-FR\",\"@id\":\"https:\\\/\\\/egytourpackages.com\\\/fr\\\/tours\\\/excursion-grand-musee-egyptien-pyramides-de-gizeh-depuis-el-gouna\\\/#primaryimage\",\"url\":\"https:\\\/\\\/egytourpackages.com\\\/wp-content\\\/uploads\\\/2025\\\/05\\\/Soldiers-from-GEM.jpeg\",\"contentUrl\":\"https:\\\/\\\/egytourpackages.com\\\/wp-content\\\/uploads\\\/2025\\\/05\\\/Soldiers-from-GEM.jpeg\",\"width\":1800,\"height\":831,\"caption\":\"Excursion Grand Mus\u00e9e \u00c9gyptien & Pyramides de Gizeh depuis El Gouna\"},{\"@type\":\"BreadcrumbList\",\"@id\":\"https:\\\/\\\/egytourpackages.com\\\/fr\\\/tours\\\/excursion-grand-musee-egyptien-pyramides-de-gizeh-depuis-el-gouna\\\/#breadcrumb\",\"itemListElement\":[{\"@type\":\"ListItem\",\"position\":1,\"name\":\"Home\",\"item\":\"https:\\\/\\\/egytourpackages.com\\\/fr\\\/circuits-en-egypte\\\/\"},{\"@type\":\"ListItem\",\"position\":2,\"name\":\"Shop\",\"item\":\"https:\\\/\\\/egytourpackages.com\\\/shop\\\/\"},{\"@type\":\"ListItem\",\"position\":3,\"name\":\"Excursion Grand Mus\u00e9e \u00c9gyptien &#038; Pyramides de Gizeh depuis El Gouna\"}]},{\"@type\":\"WebSite\",\"@id\":\"https:\\\/\\\/egytourpackages.com\\\/fr\\\/#website\",\"url\":\"https:\\\/\\\/egytourpackages.com\\\/fr\\\/\",\"name\":\"Egy tour packages\",\"description\":\"\",\"publisher\":{\"@id\":\"https:\\\/\\\/egytourpackages.com\\\/fr\\\/#organization\"},\"potentialAction\":[{\"@type\":\"SearchAction\",\"target\":{\"@type\":\"EntryPoint\",\"urlTemplate\":\"https:\\\/\\\/egytourpackages.com\\\/fr\\\/?s={search_term_string}\"},\"query-input\":{\"@type\":\"PropertyValueSpecification\",\"valueRequired\":true,\"valueName\":\"search_term_string\"}}],\"inLanguage\":\"fr-FR\"},{\"@type\":[\"Organization\",\"Place\",\"TravelAgency\"],\"@id\":\"https:\\\/\\\/egytourpackages.com\\\/fr\\\/#organization\",\"name\":\"egypt tour packages\",\"alternateName\":\"egypt tour packages\",\"url\":\"https:\\\/\\\/egytourpackages.com\\\/fr\\\/\",\"logo\":{\"@id\":\"https:\\\/\\\/egytourpackages.com\\\/fr\\\/tours\\\/excursion-grand-musee-egyptien-pyramides-de-gizeh-depuis-el-gouna\\\/#local-main-organization-logo\"},\"image\":{\"@id\":\"https:\\\/\\\/egytourpackages.com\\\/fr\\\/tours\\\/excursion-grand-musee-egyptien-pyramides-de-gizeh-depuis-el-gouna\\\/#local-main-organization-logo\"},\"sameAs\":[\"https:\\\/\\\/www.facebook.com\\\/egytourpackages\"],\"legalName\":\"Egy tour packages\",\"address\":{\"@id\":\"https:\\\/\\\/egytourpackages.com\\\/fr\\\/tours\\\/excursion-grand-musee-egyptien-pyramides-de-gizeh-depuis-el-gouna\\\/#local-main-place-address\"},\"telephone\":[\"00201000852186\",\"00201028685533\"],\"contactPoint\":{\"@type\":\"ContactPoint\",\"telephone\":\"00201000852186\"},\"openingHoursSpecification\":[{\"@type\":\"OpeningHoursSpecification\",\"dayOfWeek\":[\"Monday\",\"Tuesday\",\"Wednesday\",\"Thursday\",\"Friday\",\"Saturday\",\"Sunday\"],\"opens\":\"00:00\",\"closes\":\"23:59\"}],\"email\":\"info@egytourpackages.com\",\"areaServed\":\"Cairo, Hurghada, Luxor, Sharm El Sheikh, Marsa Alam, Aswan\",\"priceRange\":\"$\",\"currenciesAccepted\":\"euro\",\"paymentAccepted\":\"Payment links online\"},{\"@type\":\"PostalAddress\",\"@id\":\"https:\\\/\\\/egytourpackages.com\\\/fr\\\/tours\\\/excursion-grand-musee-egyptien-pyramides-de-gizeh-depuis-el-gouna\\\/#local-main-place-address\",\"streetAddress\":\"Mubarak 8, Al Kawthar District, Hurghada\",\"addressLocality\":\"Hurghada\",\"postalCode\":\"84511\",\"addressRegion\":\"Red Sea\",\"addressCountry\":\"EG\"},{\"@type\":\"ImageObject\",\"inLanguage\":\"fr-FR\",\"@id\":\"https:\\\/\\\/egytourpackages.com\\\/fr\\\/tours\\\/excursion-grand-musee-egyptien-pyramides-de-gizeh-depuis-el-gouna\\\/#local-main-organization-logo\",\"url\":\"https:\\\/\\\/egytourpackages.com\\\/wp-content\\\/uploads\\\/2025\\\/12\\\/Turquoise-Dahabiya-Nile-Cruise-1.jpeg\",\"contentUrl\":\"https:\\\/\\\/egytourpackages.com\\\/wp-content\\\/uploads\\\/2025\\\/12\\\/Turquoise-Dahabiya-Nile-Cruise-1.jpeg\",\"width\":1040,\"height\":694,\"caption\":\"egypt tour packages\"}]}<\/script>\n<meta property=\"product:brand\" content=\"Excursions El Gouna\" \/>\n<meta property=\"product:price:amount\" content=\"150\" \/>\n<meta property=\"product:price:currency\" content=\"EUR\" \/>\n<meta property=\"og:availability\" content=\"instock\" \/>\n<meta property=\"product:availability\" content=\"instock\" \/>\n<meta property=\"product:retailer_item_id\" content=\"GDT07\" \/>\n<meta property=\"product:condition\" content=\"new\" \/>\n<meta name=\"geo.placename\" content=\"Hurghada\" \/>\n<meta name=\"geo.region\" content=\"\u00c9gypte\" \/>\n<!-- \/ Yoast SEO Premium plugin. -->","yoast_head_json":{"title":"Excursion Grand Mus\u00e9e \u00c9gyptien & Pyramides de Gizeh depuis El Gouna","description":"D\u00e9couvrez l'\u00c9gypte antique ! Excursion Grand Mus\u00e9e \u00c9gyptien & Pyramides de Gizeh depuis El Gouna. R\u00e9servez votre aventure inoubliable!","robots":{"index":"index","follow":"follow","max-snippet":"max-snippet:-1","max-image-preview":"max-image-preview:large","max-video-preview":"max-video-preview:-1"},"canonical":"https:\/\/egytourpackages.com\/fr\/tours\/excursion-grand-musee-egyptien-pyramides-de-gizeh-depuis-el-gouna\/","og_locale":"fr_FR","og_type":"article","og_title":"Excursion Grand Mus\u00e9e \u00c9gyptien & Pyramides de Gizeh depuis El Gouna","og_description":"D\u00e9couvrez l'\u00c9gypte antique ! Excursion Grand Mus\u00e9e \u00c9gyptien & Pyramides de Gizeh depuis El Gouna. R\u00e9servez votre aventure inoubliable!","og_url":"https:\/\/egytourpackages.com\/fr\/tours\/excursion-grand-musee-egyptien-pyramides-de-gizeh-depuis-el-gouna\/","og_site_name":"Egypt Tour Packages","article_publisher":"https:\/\/www.facebook.com\/egytourpackages","article_modified_time":"2026-01-04T20:08:32+00:00","og_image":[{"url":"https:\/\/egytourpackages.com\/wp-content\/uploads\/2025\/05\/Soldiers-from-GEM-1024x473.jpeg","type":"","width":"","height":""}],"twitter_card":"summary_large_image","twitter_title":"Excursion Grand Mus\u00e9e \u00c9gyptien & Pyramides de Gizeh depuis El Gouna","twitter_misc":{"Prix":"&euro;150","Disponibilit\u00e9":"En stock"},"schema":{"@context":"https:\/\/schema.org","@graph":[{"@type":"WebPage","@id":"https:\/\/egytourpackages.com\/fr\/tours\/excursion-grand-musee-egyptien-pyramides-de-gizeh-depuis-el-gouna\/","url":"https:\/\/egytourpackages.com\/fr\/tours\/excursion-grand-musee-egyptien-pyramides-de-gizeh-depuis-el-gouna\/","name":"Excursion Grand Mus\u00e9e \u00c9gyptien & Pyramides de Gizeh depuis El Gouna","isPartOf":{"@id":"https:\/\/egytourpackages.com\/fr\/#website"},"primaryImageOfPage":{"@id":"https:\/\/egytourpackages.com\/fr\/tours\/excursion-grand-musee-egyptien-pyramides-de-gizeh-depuis-el-gouna\/#primaryimage"},"image":{"@id":"https:\/\/egytourpackages.com\/fr\/tours\/excursion-grand-musee-egyptien-pyramides-de-gizeh-depuis-el-gouna\/#primaryimage"},"thumbnailUrl":"https:\/\/egytourpackages.com\/wp-content\/uploads\/2025\/05\/Soldiers-from-GEM.jpeg","datePublished":"2025-05-23T18:46:29+00:00","dateModified":"2026-01-04T20:08:32+00:00","description":"D\u00e9couvrez l'\u00c9gypte antique ! Excursion Grand Mus\u00e9e \u00c9gyptien & Pyramides de Gizeh depuis El Gouna. R\u00e9servez votre aventure inoubliable!","breadcrumb":{"@id":"https:\/\/egytourpackages.com\/fr\/tours\/excursion-grand-musee-egyptien-pyramides-de-gizeh-depuis-el-gouna\/#breadcrumb"},"inLanguage":"fr-FR","potentialAction":[{"@type":"ReadAction","target":["https:\/\/egytourpackages.com\/fr\/tours\/excursion-grand-musee-egyptien-pyramides-de-gizeh-depuis-el-gouna\/"]}]},{"@type":"ImageObject","inLanguage":"fr-FR","@id":"https:\/\/egytourpackages.com\/fr\/tours\/excursion-grand-musee-egyptien-pyramides-de-gizeh-depuis-el-gouna\/#primaryimage","url":"https:\/\/egytourpackages.com\/wp-content\/uploads\/2025\/05\/Soldiers-from-GEM.jpeg","contentUrl":"https:\/\/egytourpackages.com\/wp-content\/uploads\/2025\/05\/Soldiers-from-GEM.jpeg","width":1800,"height":831,"caption":"Excursion Grand Mus\u00e9e \u00c9gyptien & Pyramides de Gizeh depuis El Gouna"},{"@type":"BreadcrumbList","@id":"https:\/\/egytourpackages.com\/fr\/tours\/excursion-grand-musee-egyptien-pyramides-de-gizeh-depuis-el-gouna\/#breadcrumb","itemListElement":[{"@type":"ListItem","position":1,"name":"Home","item":"https:\/\/egytourpackages.com\/fr\/circuits-en-egypte\/"},{"@type":"ListItem","position":2,"name":"Shop","item":"https:\/\/egytourpackages.com\/shop\/"},{"@type":"ListItem","position":3,"name":"Excursion Grand Mus\u00e9e \u00c9gyptien &#038; Pyramides de Gizeh depuis El Gouna"}]},{"@type":"WebSite","@id":"https:\/\/egytourpackages.com\/fr\/#website","url":"https:\/\/egytourpackages.com\/fr\/","name":"Egy tour packages","description":"","publisher":{"@id":"https:\/\/egytourpackages.com\/fr\/#organization"},"potentialAction":[{"@type":"SearchAction","target":{"@type":"EntryPoint","urlTemplate":"https:\/\/egytourpackages.com\/fr\/?s={search_term_string}"},"query-input":{"@type":"PropertyValueSpecification","valueRequired":true,"valueName":"search_term_string"}}],"inLanguage":"fr-FR"},{"@type":["Organization","Place","TravelAgency"],"@id":"https:\/\/egytourpackages.com\/fr\/#organization","name":"egypt tour packages","alternateName":"egypt tour packages","url":"https:\/\/egytourpackages.com\/fr\/","logo":{"@id":"https:\/\/egytourpackages.com\/fr\/tours\/excursion-grand-musee-egyptien-pyramides-de-gizeh-depuis-el-gouna\/#local-main-organization-logo"},"image":{"@id":"https:\/\/egytourpackages.com\/fr\/tours\/excursion-grand-musee-egyptien-pyramides-de-gizeh-depuis-el-gouna\/#local-main-organization-logo"},"sameAs":["https:\/\/www.facebook.com\/egytourpackages"],"legalName":"Egy tour packages","address":{"@id":"https:\/\/egytourpackages.com\/fr\/tours\/excursion-grand-musee-egyptien-pyramides-de-gizeh-depuis-el-gouna\/#local-main-place-address"},"telephone":["00201000852186","00201028685533"],"contactPoint":{"@type":"ContactPoint","telephone":"00201000852186"},"openingHoursSpecification":[{"@type":"OpeningHoursSpecification","dayOfWeek":["Monday","Tuesday","Wednesday","Thursday","Friday","Saturday","Sunday"],"opens":"00:00","closes":"23:59"}],"email":"info@egytourpackages.com","areaServed":"Cairo, Hurghada, Luxor, Sharm El Sheikh, Marsa Alam, Aswan","priceRange":"$","currenciesAccepted":"euro","paymentAccepted":"Payment links online"},{"@type":"PostalAddress","@id":"https:\/\/egytourpackages.com\/fr\/tours\/excursion-grand-musee-egyptien-pyramides-de-gizeh-depuis-el-gouna\/#local-main-place-address","streetAddress":"Mubarak 8, Al Kawthar District, Hurghada","addressLocality":"Hurghada","postalCode":"84511","addressRegion":"Red Sea","addressCountry":"EG"},{"@type":"ImageObject","inLanguage":"fr-FR","@id":"https:\/\/egytourpackages.com\/fr\/tours\/excursion-grand-musee-egyptien-pyramides-de-gizeh-depuis-el-gouna\/#local-main-organization-logo","url":"https:\/\/egytourpackages.com\/wp-content\/uploads\/2025\/12\/Turquoise-Dahabiya-Nile-Cruise-1.jpeg","contentUrl":"https:\/\/egytourpackages.com\/wp-content\/uploads\/2025\/12\/Turquoise-Dahabiya-Nile-Cruise-1.jpeg","width":1040,"height":694,"caption":"egypt tour packages"}]},"product_brand":"Excursions El Gouna","product_price_amount":"150","product_price_currency":"EUR","og_availability":"instock","product_availability":"instock","product_retailer_item_id":"GDT07","product_condition":"new","geo.placename":"Hurghada","geo.region":"\u00c9gypte"},"_links":{"self":[{"href":"https:\/\/egytourpackages.com\/fr\/wp-json\/wp\/v2\/product\/6639","targetHints":{"allow":["GET"]}}],"collection":[{"href":"https:\/\/egytourpackages.com\/fr\/wp-json\/wp\/v2\/product"}],"about":[{"href":"https:\/\/egytourpackages.com\/fr\/wp-json\/wp\/v2\/types\/product"}],"replies":[{"embeddable":true,"href":"https:\/\/egytourpackages.com\/fr\/wp-json\/wp\/v2\/comments?post=6639"}],"wp:featuredmedia":[{"embeddable":true,"href":"https:\/\/egytourpackages.com\/fr\/wp-json\/wp\/v2\/media\/6640"}],"wp:attachment":[{"href":"https:\/\/egytourpackages.com\/fr\/wp-json\/wp\/v2\/media?parent=6639"}],"wp:term":[{"taxonomy":"product_brand","embeddable":true,"href":"https:\/\/egytourpackages.com\/fr\/wp-json\/wp\/v2\/product_brand?post=6639"},{"taxonomy":"product_cat","embeddable":true,"href":"https:\/\/egytourpackages.com\/fr\/wp-json\/wp\/v2\/product_cat?post=6639"},{"taxonomy":"product_tag","embeddable":true,"href":"https:\/\/egytourpackages.com\/fr\/wp-json\/wp\/v2\/product_tag?post=6639"}],"curies":[{"name":"wp","href":"https:\/\/api.w.org\/{rel}","templated":true}]}}