{"id":6735,"date":"2025-05-22T12:48:18","date_gmt":"2025-05-22T12:48:18","guid":{"rendered":"https:\/\/egytourpackages.com\/product\/le-grand-musee-egyptien-depuis-soma-bay-en-avion\/"},"modified":"2026-01-04T20:05:41","modified_gmt":"2026-01-04T20:05:41","slug":"le-grand-musee-egyptien-depuis-soma-bay-en-avion","status":"publish","type":"product","link":"https:\/\/egytourpackages.com\/fr\/tours\/le-grand-musee-egyptien-depuis-soma-bay-en-avion\/","title":{"rendered":"Le Grand Mus\u00e9e \u00c9gyptien depuis Soma Bay en avion"},"content":{"rendered":"<p><span style=\"color: #ff6600;\"><strong>Le Grand Mus\u00e9e \u00c9gyptien depuis Soma Bay en avion<\/strong><\/span><\/p>\n<p><em><strong>Excursion priv\u00e9e au Caire depuis Soma Bay | Meilleur Grand Mus\u00e9e \u00c9gyptien depuis Soma Bay | Excursions \u00e0 Soma Bay | Attractions touristiques du Caire: Pyramides de Gizeh, le Grand Sphinx, tr\u00e9sors de Tout\u00e2nkhamon, ob\u00e9lisque suspendu, Khan El Khalili<\/strong><\/em><\/p>\n<h2><span style=\"color: #ff6600;\">Aper\u00e7u<\/span><\/h2>\n<p>L&rsquo;excursion d&rsquo;une journ\u00e9e au <strong>Grand Mus\u00e9e \u00c9gyptien<\/strong> depuis Soma Bay en avion offre une exp\u00e9rience incroyable \u00e0 travers l&rsquo;histoire ancienne de l&rsquo;\u00c9gypte, ses monuments embl\u00e9matiques et sa culture vibrante. Les <strong>voyages organis\u00e9s<\/strong> en \u00c9gypte incluent trois des sites les plus significatifs : le <strong>Grand Mus\u00e9e \u00c9gyptien (GEM)<\/strong>, les <strong>Pyramides de Gizeh<\/strong> et le <strong>bazar Khan El Khalili<\/strong> dans le cadre de nos <strong>tours en \u00c9gypte<\/strong>. Vous aurez \u00e9galement la chance de vous \u00e9merveiller devant les <strong>tr\u00e9sors de Tout\u00e2nkhamon<\/strong> pour la premi\u00e8re fois en un seul lieu et d&rsquo;admirer la <strong>Barque solaire<\/strong> au <strong>Grand Mus\u00e9e \u00c9gyptien<\/strong>.<\/p>\n<h3><span style=\"color: #ff6600;\">D\u00e9tails de la Visite<\/span><\/h3>\n<ul>\n<li>Dur\u00e9e: 18 heures<\/li>\n<li>Lieu de la Visite: Gizeh \u2013 Le Caire<\/li>\n<li>Disponibilit\u00e9: Tous les jours<\/li>\n<li>Prise en charge &amp; Retour: Votre h\u00f4tel \u00e0 Soma Bay<\/li>\n<li>Type de Visite: Priv\u00e9e<\/li>\n<li><strong>Langue: fran\u00e7ais<\/strong><\/li>\n<li>Convient pour: Couples, Familles, Seniors<\/li>\n<li>Accessibilit\u00e9: Accessible aux fauteuils roulants<\/li>\n<\/ul>\n<h3><span style=\"color: #ff6600;\">Points Forts de la Visite<\/span><\/h3>\n<ul>\n<li>Grand Mus\u00e9e \u00c9gyptien<\/li>\n<li>Pyramides de Gizeh<\/li>\n<li>Le Grand Sphinx<\/li>\n<li>Temple de la Vall\u00e9e<\/li>\n<li>Bazar Khan El Khalili<\/li>\n<\/ul>\n<h3><span style=\"color: #ff6600;\">Inclusions<\/span><\/h3>\n<ul>\n<li>Billets d&rsquo;avion de Hurghada au Caire<\/li>\n<li>Billets d&rsquo;avion du Caire \u00e0 Hurghada<\/li>\n<li>Transferts aller-retour en v\u00e9hicule climatis\u00e9<\/li>\n<li>Frais d&rsquo;entr\u00e9e pour tous les sites inclus dans le programme du Caire<\/li>\n<li><strong>Guide \u00e9gyptologue parle fran\u00e7ais<\/strong><\/li>\n<li>D\u00e9jeuner<\/li>\n<li>Eau pendant la visite<\/li>\n<\/ul>\n<h3><span style=\"color: #ff6600;\">Exclusions<\/span><\/h3>\n<ul>\n<li>Boissons pendant le d\u00e9jeuner<\/li>\n<li>Frais d&rsquo;entr\u00e9e pour la Pyramide de Kh\u00e9ops (40 $)<\/li>\n<li>Frais d&rsquo;entr\u00e9e pour la Pyramide de Kh\u00e9phren (7,5 $)<\/li>\n<li>Pourboires<\/li>\n<\/ul>\n<h3><span style=\"color: #ff6600;\">Que Faut-il Emporter?<\/span><\/h3>\n<ul>\n<li>Chaussures et v\u00eatements confortables, surtout en \u00e9t\u00e9<\/li>\n<li>V\u00eatements chauds en hiver<\/li>\n<li>Lunettes de soleil, chapeau ou \u00e9charpe<\/li>\n<li>Cr\u00e8me solaire en \u00e9t\u00e9<\/li>\n<\/ul>\n<h3><span style=\"color: #ff6600;\">Itin\u00e9raire<\/span><\/h3>\n<p>D\u00e9part matinal pour l&rsquo;a\u00e9roport d&rsquo;Hurghada pour prendre un vol vers Le Caire. \u00c0 votre arriv\u00e9e, votre guide vous attendra devant le hall des arriv\u00e9es de l&rsquo;a\u00e9roport du Caire pour commencer votre visite des attractions \u00e9gyptiennes.<\/p>\n<h3><span style=\"color: #ff6600;\">Grand Mus\u00e9e \u00c9gyptien<\/span><\/h3>\n<p>Cette excursion est principalement con\u00e7ue pour vous permettre de passer le plus de temps possible au <strong>Grand Mus\u00e9e \u00c9gyptien<\/strong>. La visite des <strong>pyramides<\/strong> durera environ deux heures, le reste du temps \u00e9tant consacr\u00e9 au <strong>Grand Mus\u00e9e \u00c9gyptien<\/strong>, y compris le d\u00e9jeuner. La visite commence avant m\u00eame d&rsquo;entrer dans le <strong>GEM<\/strong>, car vous vous retrouverez face \u00e0 face avec le tout premier et unique <strong>Ob\u00e9lisque Suspendu<\/strong> au monde. De plus, le <strong>cartouche<\/strong> portant le nom du roi <strong>Ramesses II<\/strong> est visible sur la base de l&rsquo;ob\u00e9lisque.<\/p>\n<p>En vous dirigeant vers la fa\u00e7ade du <strong>mus\u00e9e GEM<\/strong>, vous verrez les <strong>cartouches<\/strong> des b\u00e2tisseurs de pyramides tels que <strong>Kh\u00e9ops<\/strong>, <strong>Kh\u00e9phren<\/strong> et <strong>Myk\u00e9rinos<\/strong>, ainsi que des noms comme Snefru et des pharaons du <strong>Nouvel Empire<\/strong>.<\/p>\n<p>Une fois \u00e0 l&rsquo;int\u00e9rieur du mus\u00e9e, le <strong>Grand Ramesses<\/strong> vous accueillera, puis vous commencerez l&rsquo;exploration du <strong>Grand Escalier<\/strong>, o\u00f9 vous d\u00e9couvrirez la signification de son design. Vous d\u00e9buterez par le th\u00e8me de la royaut\u00e9, avec d&rsquo;\u00e9normes statues de rois c\u00e9l\u00e8bres des Anciens, Moyens et Nouveaux Empires. Ensuite, vous d\u00e9couvrirez la mission du roi dans sa vie, de la construction de temples pour les dieux \u00e0 l&rsquo;adoration de ceux qui l&rsquo;aidaient \u00e0 maintenir l&rsquo;harmonie et \u00e0 prot\u00e9ger le pays. Apr\u00e8s sa mort, il sera momifi\u00e9, puis enterr\u00e9 dans un sarcophage avant d&rsquo;\u00eatre plac\u00e9 \u00e0 l&rsquo;int\u00e9rieur de la <strong>pyramide<\/strong>. De l\u00e0, son \u00e2me continuera son voyage vers le ciel pour rejoindre les \u00e2mes bienfaisantes du c\u00f4t\u00e9 nord.<\/p>\n<h3><span style=\"color: #ff6600;\">D\u00e9jeuner au GEM<\/span><\/h3>\n<p>Profitez d&rsquo;un d\u00e9jeuner de qualit\u00e9 au restaurant <strong>Zooba<\/strong>, \u00e0 l&rsquo;int\u00e9rieur du <strong>Grand Mus\u00e9e \u00c9gyptien<\/strong>.<\/p>\n<h3><span style=\"color: #ff6600;\">Galeries du GEM<\/span><\/h3>\n<p>Apr\u00e8s le d\u00e9jeuner, vous terminerez votre visite avec votre guide pour admirer le reste du mus\u00e9e. Les galeries abordent trois sujets diff\u00e9rents, de l&rsquo;\u00e8re pr\u00e9historique \u00e0 l&rsquo;\u00e8re gr\u00e9co-romaine. Vous apprendrez et explorerez l&rsquo;histoire de la royaut\u00e9 ancienne, de la soci\u00e9t\u00e9 et de la religion de mani\u00e8re tr\u00e8s bien organis\u00e9e. \u00c0 la fin de votre visite, vous vous dirigerez vers le prochain arr\u00eat.<\/p>\n<h3><span style=\"color: #ff6600;\">Complexe des Pyramides de Gizeh<\/span><\/h3>\n<p>Il est maintenant temps d&rsquo;admirer la seule merveille encore existante sur le <strong>plateau de Gizeh<\/strong>. Selon le nouveau syst\u00e8me, vous prendrez une navette depuis la nouvelle entr\u00e9e pour faire la visite comme suit :<\/p>\n<h3><span style=\"color: #ff6600;\">Pyramide de Kh\u00e9ops<\/span><\/h3>\n<p>La grande <strong>Pyramide de Kh\u00e9ops<\/strong> est la plus ancienne et la plus grande de la r\u00e9gion. Elle est compos\u00e9e d&rsquo;environ 2,3 millions de blocs pesant entre trois et quinze tonnes. En plus de la partie historique, nous vous expliquerons les d\u00e9couvertes r\u00e9centes dans la r\u00e9gion. Nous vous donnerons \u00e9galement une id\u00e9e du pouvoir de gu\u00e9rison des <strong>pyramides<\/strong> et de la fa\u00e7on dont elles ont \u00e9t\u00e9 con\u00e7ues pour vous placer dans la <strong>fr\u00e9quence c\u00e9r\u00e9brale Th\u00eata<\/strong> (4-8 Hz), associ\u00e9e \u00e0 la <strong>relaxation profonde<\/strong>, \u00e0 la <strong>cr\u00e9ativit\u00e9<\/strong> et \u00e0 l&rsquo;<strong>intuition<\/strong>.<\/p>\n<p>Vous pourrez ensuite entrer gratuitement dans une petite pyramide avant de passer entre les tombes des b\u00e2tisseurs de <strong>pyramides<\/strong>.<\/p>\n<h3><span style=\"color: #ff6600;\">Le Grand Sphinx<\/span><\/h3>\n<p>Apr\u00e8s cela, vous visiterez le <strong>temple de momification<\/strong> situ\u00e9 \u00e0 c\u00f4t\u00e9 du Sphinx, ainsi que le <strong>Grand Sphinx<\/strong>. Vous apprendrez pourquoi il a une t\u00eate humaine et un corps de lion, et sa relation avec la <strong>l\u00e9gende de l&rsquo;Atlantide<\/strong>.<\/p>\n<p>Retour au point de d\u00e9part pour prendre votre voiture et vous diriger vers le <strong>bazar Khan El Khalili<\/strong>.<\/p>\n<p>C&rsquo;est un bazar tr\u00e8s c\u00e9l\u00e8bre au c\u0153ur du Caire, pr\u00e8s de la <strong>rue El Moez<\/strong>, la plus ancienne rue du monde (depuis 1080 apr\u00e8s J.-C.) qui n&rsquo;a pas chang\u00e9. C&rsquo;est l&rsquo;une des <strong>meilleures choses \u00e0 faire au Caire<\/strong> et une attraction touristique incroyable avant de retourner \u00e0 l&rsquo;a\u00e9roport du Caire pour prendre votre vol vers Hurghada. Enfin, nous vous transf\u00e9rerons de l&rsquo;a\u00e9roport d&rsquo;Hurghada \u00e0 votre h\u00f4tel \u00e0 Soma Bay.<\/p>\n<h3><span style=\"color: #ff6600;\">Repas<\/span><\/h3>\n<p>Petit-d\u00e9jeuner, d\u00e9jeuner<\/p>\n<h3><span style=\"color: #ff6600;\">Prix Excursion Grand Mus\u00e9e \u00c9gyptien depuis Soma Bay en Avion<\/span><\/h3>\n<p><strong>Prix total 300 $ par personne<\/strong><\/p>\n<h3><span style=\"color: #ff6600;\">R\u00e9servation<\/span><\/h3>\n<p>Vous pouvez r\u00e9server votre excursion via WhatsApp ou nous envoyer un e-mail, et vous recevrez une confirmation imm\u00e9diate. Veuillez nous envoyer le nom de votre h\u00f4tel, votre num\u00e9ro de chambre et une copie de vos passeports.<\/p>\n<p><strong>WhatsApp:<\/strong> +201000852186<\/p>\n<p><strong>E-mail:<\/strong> info@egytourpackages.com<\/p>\n<h3><span style=\"color: #ff6600;\">R\u00e9servez maintenant &amp; Payez sur place<\/span><\/h3>\n<p>R\u00e9servez votre excursion pr\u00e9f\u00e9r\u00e9e et payez le jour m\u00eame du voyage.<\/p>\n<h3><span style=\"color: #ff6600;\">Paiement<\/span><\/h3>\n<p>Vous pouvez payer en livres \u00e9gyptiennes, en dollars ($), en euros (\u20ac) ou en livres sterling (\u00a3).<\/p>\n<h3><span style=\"color: #ff6600;\">Politique d&rsquo;Annulation<\/span><\/h3>\n<ul>\n<li>L&rsquo;annulation est gratuite jusqu&rsquo;\u00e0 24 heures \u00e0 l&rsquo;avance.<\/li>\n<li>Annulation le matin de l\u2019excursion: 50 % du prix.<\/li>\n<\/ul>\n","protected":false},"excerpt":{"rendered":"<p>Visitez Le Grand Mus\u00e9e \u00c9gyptien depuis Soma Bay en avion.D\u00e9couvrez les tr\u00e9sors de Tout\u00e2nkhamon, le Sphinx et les Pyramides de Gizeh.R\u00e9servez votre excursion<\/p>\n","protected":false},"featured_media":6740,"comment_status":"open","ping_status":"closed","template":"","meta":[],"product_brand":[],"product_cat":[3124],"product_tag":[3275,3354],"class_list":{"0":"post-6735","1":"product","2":"type-product","3":"status-publish","4":"has-post-thumbnail","6":"product_cat-tours-fr","7":"product_tag-excursions-dune-journee-en-egypte","8":"product_tag-excursions-dans-la-baie-de-soma","9":"tour_category-excursions-en-egypte-fr","10":"tour_category-excursions-soma-bay-fr","12":"first","13":"instock","14":"sale","15":"shipping-taxable","16":"purchasable","17":"product-type-tour","18":"has-default-attributes"},"yoast_head":"<!-- This site is optimized with the Yoast SEO Premium plugin v27.4 (Yoast SEO v27.4) - https:\/\/yoast.com\/product\/yoast-seo-premium-wordpress\/ -->\n<title>Le Grand Mus\u00e9e \u00c9gyptien depuis Soma Bay en avion<\/title>\n<meta name=\"description\" content=\"Visitez Le Grand Mus\u00e9e \u00c9gyptien depuis Soma Bay en avion.D\u00e9couvrez les tr\u00e9sors de Tout\u00e2nkhamon, le Sphinx et les Pyramides de Gizeh.R\u00e9servez votre excursion\" \/>\n<meta name=\"robots\" content=\"index, follow, max-snippet:-1, max-image-preview:large, max-video-preview:-1\" \/>\n<link rel=\"canonical\" href=\"https:\/\/egytourpackages.com\/fr\/tours\/le-grand-musee-egyptien-depuis-soma-bay-en-avion\/\" \/>\n<meta property=\"og:locale\" content=\"fr_FR\" \/>\n<meta property=\"og:type\" content=\"article\" \/>\n<meta property=\"og:title\" content=\"Le Grand Mus\u00e9e \u00c9gyptien depuis Soma Bay en avion\" \/>\n<meta property=\"og:description\" content=\"Visitez Le Grand Mus\u00e9e \u00c9gyptien depuis Soma Bay en avion.D\u00e9couvrez les tr\u00e9sors de Tout\u00e2nkhamon, le Sphinx et les Pyramides de Gizeh.R\u00e9servez votre excursion\" \/>\n<meta property=\"og:url\" content=\"https:\/\/egytourpackages.com\/fr\/tours\/le-grand-musee-egyptien-depuis-soma-bay-en-avion\/\" \/>\n<meta property=\"og:site_name\" content=\"Egypt Tour Packages\" \/>\n<meta property=\"article:publisher\" content=\"https:\/\/www.facebook.com\/egytourpackages\" \/>\n<meta property=\"article:modified_time\" content=\"2026-01-04T20:05:41+00:00\" \/>\n<meta property=\"og:image\" content=\"https:\/\/egytourpackages.com\/wp-content\/uploads\/2025\/05\/Wooden-colored-sarcophagi-from-GEM.jpeg\" \/>\n\t<meta property=\"og:image:width\" content=\"2000\" \/>\n\t<meta property=\"og:image:height\" content=\"924\" \/>\n\t<meta property=\"og:image:type\" content=\"image\/jpeg\" \/>\n<meta name=\"twitter:card\" content=\"summary_large_image\" \/>\n<meta name=\"twitter:title\" content=\"Le Grand Mus\u00e9e \u00c9gyptien depuis Soma Bay en avion\" \/>\n<meta name=\"twitter:label1\" content=\"Prix\" \/>\n\t<meta name=\"twitter:data1\" content=\"&euro;290\" \/>\n\t<meta name=\"twitter:label2\" content=\"Disponibilit\u00e9\" \/>\n\t<meta name=\"twitter:data2\" content=\"En stock\" \/>\n<script type=\"application\/ld+json\" class=\"yoast-schema-graph\">{\"@context\":\"https:\\\/\\\/schema.org\",\"@graph\":[{\"@type\":\"WebPage\",\"@id\":\"https:\\\/\\\/egytourpackages.com\\\/fr\\\/tours\\\/le-grand-musee-egyptien-depuis-soma-bay-en-avion\\\/\",\"url\":\"https:\\\/\\\/egytourpackages.com\\\/fr\\\/tours\\\/le-grand-musee-egyptien-depuis-soma-bay-en-avion\\\/\",\"name\":\"Le Grand Mus\u00e9e \u00c9gyptien depuis Soma Bay en avion\",\"isPartOf\":{\"@id\":\"https:\\\/\\\/egytourpackages.com\\\/fr\\\/#website\"},\"primaryImageOfPage\":{\"@id\":\"https:\\\/\\\/egytourpackages.com\\\/fr\\\/tours\\\/le-grand-musee-egyptien-depuis-soma-bay-en-avion\\\/#primaryimage\"},\"image\":{\"@id\":\"https:\\\/\\\/egytourpackages.com\\\/fr\\\/tours\\\/le-grand-musee-egyptien-depuis-soma-bay-en-avion\\\/#primaryimage\"},\"thumbnailUrl\":\"https:\\\/\\\/egytourpackages.com\\\/wp-content\\\/uploads\\\/2025\\\/05\\\/Wooden-colored-sarcophagi-from-GEM.jpeg\",\"datePublished\":\"2025-05-22T12:48:18+00:00\",\"dateModified\":\"2026-01-04T20:05:41+00:00\",\"description\":\"Visitez Le Grand Mus\u00e9e \u00c9gyptien depuis Soma Bay en avion.D\u00e9couvrez les tr\u00e9sors de Tout\u00e2nkhamon, le Sphinx et les Pyramides de Gizeh.R\u00e9servez votre excursion\",\"breadcrumb\":{\"@id\":\"https:\\\/\\\/egytourpackages.com\\\/fr\\\/tours\\\/le-grand-musee-egyptien-depuis-soma-bay-en-avion\\\/#breadcrumb\"},\"inLanguage\":\"fr-FR\",\"potentialAction\":[{\"@type\":\"ReadAction\",\"target\":[\"https:\\\/\\\/egytourpackages.com\\\/fr\\\/tours\\\/le-grand-musee-egyptien-depuis-soma-bay-en-avion\\\/\"]}]},{\"@type\":\"ImageObject\",\"inLanguage\":\"fr-FR\",\"@id\":\"https:\\\/\\\/egytourpackages.com\\\/fr\\\/tours\\\/le-grand-musee-egyptien-depuis-soma-bay-en-avion\\\/#primaryimage\",\"url\":\"https:\\\/\\\/egytourpackages.com\\\/wp-content\\\/uploads\\\/2025\\\/05\\\/Wooden-colored-sarcophagi-from-GEM.jpeg\",\"contentUrl\":\"https:\\\/\\\/egytourpackages.com\\\/wp-content\\\/uploads\\\/2025\\\/05\\\/Wooden-colored-sarcophagi-from-GEM.jpeg\",\"width\":2000,\"height\":924,\"caption\":\"Le Grand Mus\u00e9e \u00c9gyptien depuis Soma Bay en avion\"},{\"@type\":\"BreadcrumbList\",\"@id\":\"https:\\\/\\\/egytourpackages.com\\\/fr\\\/tours\\\/le-grand-musee-egyptien-depuis-soma-bay-en-avion\\\/#breadcrumb\",\"itemListElement\":[{\"@type\":\"ListItem\",\"position\":1,\"name\":\"Home\",\"item\":\"https:\\\/\\\/egytourpackages.com\\\/fr\\\/circuits-en-egypte\\\/\"},{\"@type\":\"ListItem\",\"position\":2,\"name\":\"Shop\",\"item\":\"https:\\\/\\\/egytourpackages.com\\\/shop\\\/\"},{\"@type\":\"ListItem\",\"position\":3,\"name\":\"Le Grand Mus\u00e9e \u00c9gyptien depuis Soma Bay en avion\"}]},{\"@type\":\"WebSite\",\"@id\":\"https:\\\/\\\/egytourpackages.com\\\/fr\\\/#website\",\"url\":\"https:\\\/\\\/egytourpackages.com\\\/fr\\\/\",\"name\":\"Egy tour packages\",\"description\":\"\",\"publisher\":{\"@id\":\"https:\\\/\\\/egytourpackages.com\\\/fr\\\/#organization\"},\"potentialAction\":[{\"@type\":\"SearchAction\",\"target\":{\"@type\":\"EntryPoint\",\"urlTemplate\":\"https:\\\/\\\/egytourpackages.com\\\/fr\\\/?s={search_term_string}\"},\"query-input\":{\"@type\":\"PropertyValueSpecification\",\"valueRequired\":true,\"valueName\":\"search_term_string\"}}],\"inLanguage\":\"fr-FR\"},{\"@type\":[\"Organization\",\"Place\",\"TravelAgency\"],\"@id\":\"https:\\\/\\\/egytourpackages.com\\\/fr\\\/#organization\",\"name\":\"egypt tour packages\",\"alternateName\":\"egypt tour packages\",\"url\":\"https:\\\/\\\/egytourpackages.com\\\/fr\\\/\",\"logo\":{\"@id\":\"https:\\\/\\\/egytourpackages.com\\\/fr\\\/tours\\\/le-grand-musee-egyptien-depuis-soma-bay-en-avion\\\/#local-main-organization-logo\"},\"image\":{\"@id\":\"https:\\\/\\\/egytourpackages.com\\\/fr\\\/tours\\\/le-grand-musee-egyptien-depuis-soma-bay-en-avion\\\/#local-main-organization-logo\"},\"sameAs\":[\"https:\\\/\\\/www.facebook.com\\\/egytourpackages\"],\"legalName\":\"Egy tour packages\",\"address\":{\"@id\":\"https:\\\/\\\/egytourpackages.com\\\/fr\\\/tours\\\/le-grand-musee-egyptien-depuis-soma-bay-en-avion\\\/#local-main-place-address\"},\"telephone\":[\"00201000852186\",\"00201028685533\"],\"contactPoint\":{\"@type\":\"ContactPoint\",\"telephone\":\"00201000852186\"},\"openingHoursSpecification\":[{\"@type\":\"OpeningHoursSpecification\",\"dayOfWeek\":[\"Monday\",\"Tuesday\",\"Wednesday\",\"Thursday\",\"Friday\",\"Saturday\",\"Sunday\"],\"opens\":\"00:00\",\"closes\":\"23:59\"}],\"email\":\"info@egytourpackages.com\",\"areaServed\":\"Cairo, Hurghada, Luxor, Sharm El Sheikh, Marsa Alam, Aswan\",\"priceRange\":\"$\",\"currenciesAccepted\":\"euro\",\"paymentAccepted\":\"Payment links online\"},{\"@type\":\"PostalAddress\",\"@id\":\"https:\\\/\\\/egytourpackages.com\\\/fr\\\/tours\\\/le-grand-musee-egyptien-depuis-soma-bay-en-avion\\\/#local-main-place-address\",\"streetAddress\":\"Mubarak 8, Al Kawthar District, Hurghada\",\"addressLocality\":\"Hurghada\",\"postalCode\":\"84511\",\"addressRegion\":\"Red Sea\",\"addressCountry\":\"EG\"},{\"@type\":\"ImageObject\",\"inLanguage\":\"fr-FR\",\"@id\":\"https:\\\/\\\/egytourpackages.com\\\/fr\\\/tours\\\/le-grand-musee-egyptien-depuis-soma-bay-en-avion\\\/#local-main-organization-logo\",\"url\":\"https:\\\/\\\/egytourpackages.com\\\/wp-content\\\/uploads\\\/2025\\\/12\\\/Turquoise-Dahabiya-Nile-Cruise-1.jpeg\",\"contentUrl\":\"https:\\\/\\\/egytourpackages.com\\\/wp-content\\\/uploads\\\/2025\\\/12\\\/Turquoise-Dahabiya-Nile-Cruise-1.jpeg\",\"width\":1040,\"height\":694,\"caption\":\"egypt tour packages\"}]}<\/script>\n<meta property=\"product:brand\" content=\"Excursions en \u00c9gypte\" \/>\n<meta property=\"product:price:amount\" content=\"290\" \/>\n<meta property=\"product:price:currency\" content=\"EUR\" \/>\n<meta property=\"og:availability\" content=\"instock\" \/>\n<meta property=\"product:availability\" content=\"instock\" \/>\n<meta property=\"product:retailer_item_id\" content=\"SBE07\" \/>\n<meta property=\"product:condition\" content=\"new\" \/>\n<meta name=\"geo.placename\" content=\"Hurghada\" \/>\n<meta name=\"geo.region\" content=\"\u00c9gypte\" \/>\n<!-- \/ Yoast SEO Premium plugin. -->","yoast_head_json":{"title":"Le Grand Mus\u00e9e \u00c9gyptien depuis Soma Bay en avion","description":"Visitez Le Grand Mus\u00e9e \u00c9gyptien depuis Soma Bay en avion.D\u00e9couvrez les tr\u00e9sors de Tout\u00e2nkhamon, le Sphinx et les Pyramides de Gizeh.R\u00e9servez votre excursion","robots":{"index":"index","follow":"follow","max-snippet":"max-snippet:-1","max-image-preview":"max-image-preview:large","max-video-preview":"max-video-preview:-1"},"canonical":"https:\/\/egytourpackages.com\/fr\/tours\/le-grand-musee-egyptien-depuis-soma-bay-en-avion\/","og_locale":"fr_FR","og_type":"article","og_title":"Le Grand Mus\u00e9e \u00c9gyptien depuis Soma Bay en avion","og_description":"Visitez Le Grand Mus\u00e9e \u00c9gyptien depuis Soma Bay en avion.D\u00e9couvrez les tr\u00e9sors de Tout\u00e2nkhamon, le Sphinx et les Pyramides de Gizeh.R\u00e9servez votre excursion","og_url":"https:\/\/egytourpackages.com\/fr\/tours\/le-grand-musee-egyptien-depuis-soma-bay-en-avion\/","og_site_name":"Egypt Tour Packages","article_publisher":"https:\/\/www.facebook.com\/egytourpackages","article_modified_time":"2026-01-04T20:05:41+00:00","og_image":[{"width":2000,"height":924,"url":"https:\/\/egytourpackages.com\/wp-content\/uploads\/2025\/05\/Wooden-colored-sarcophagi-from-GEM.jpeg","type":"image\/jpeg"}],"twitter_card":"summary_large_image","twitter_title":"Le Grand Mus\u00e9e \u00c9gyptien depuis Soma Bay en avion","twitter_misc":{"Prix":"&euro;290","Disponibilit\u00e9":"En stock"},"schema":{"@context":"https:\/\/schema.org","@graph":[{"@type":"WebPage","@id":"https:\/\/egytourpackages.com\/fr\/tours\/le-grand-musee-egyptien-depuis-soma-bay-en-avion\/","url":"https:\/\/egytourpackages.com\/fr\/tours\/le-grand-musee-egyptien-depuis-soma-bay-en-avion\/","name":"Le Grand Mus\u00e9e \u00c9gyptien depuis Soma Bay en avion","isPartOf":{"@id":"https:\/\/egytourpackages.com\/fr\/#website"},"primaryImageOfPage":{"@id":"https:\/\/egytourpackages.com\/fr\/tours\/le-grand-musee-egyptien-depuis-soma-bay-en-avion\/#primaryimage"},"image":{"@id":"https:\/\/egytourpackages.com\/fr\/tours\/le-grand-musee-egyptien-depuis-soma-bay-en-avion\/#primaryimage"},"thumbnailUrl":"https:\/\/egytourpackages.com\/wp-content\/uploads\/2025\/05\/Wooden-colored-sarcophagi-from-GEM.jpeg","datePublished":"2025-05-22T12:48:18+00:00","dateModified":"2026-01-04T20:05:41+00:00","description":"Visitez Le Grand Mus\u00e9e \u00c9gyptien depuis Soma Bay en avion.D\u00e9couvrez les tr\u00e9sors de Tout\u00e2nkhamon, le Sphinx et les Pyramides de Gizeh.R\u00e9servez votre excursion","breadcrumb":{"@id":"https:\/\/egytourpackages.com\/fr\/tours\/le-grand-musee-egyptien-depuis-soma-bay-en-avion\/#breadcrumb"},"inLanguage":"fr-FR","potentialAction":[{"@type":"ReadAction","target":["https:\/\/egytourpackages.com\/fr\/tours\/le-grand-musee-egyptien-depuis-soma-bay-en-avion\/"]}]},{"@type":"ImageObject","inLanguage":"fr-FR","@id":"https:\/\/egytourpackages.com\/fr\/tours\/le-grand-musee-egyptien-depuis-soma-bay-en-avion\/#primaryimage","url":"https:\/\/egytourpackages.com\/wp-content\/uploads\/2025\/05\/Wooden-colored-sarcophagi-from-GEM.jpeg","contentUrl":"https:\/\/egytourpackages.com\/wp-content\/uploads\/2025\/05\/Wooden-colored-sarcophagi-from-GEM.jpeg","width":2000,"height":924,"caption":"Le Grand Mus\u00e9e \u00c9gyptien depuis Soma Bay en avion"},{"@type":"BreadcrumbList","@id":"https:\/\/egytourpackages.com\/fr\/tours\/le-grand-musee-egyptien-depuis-soma-bay-en-avion\/#breadcrumb","itemListElement":[{"@type":"ListItem","position":1,"name":"Home","item":"https:\/\/egytourpackages.com\/fr\/circuits-en-egypte\/"},{"@type":"ListItem","position":2,"name":"Shop","item":"https:\/\/egytourpackages.com\/shop\/"},{"@type":"ListItem","position":3,"name":"Le Grand Mus\u00e9e \u00c9gyptien depuis Soma Bay en avion"}]},{"@type":"WebSite","@id":"https:\/\/egytourpackages.com\/fr\/#website","url":"https:\/\/egytourpackages.com\/fr\/","name":"Egy tour packages","description":"","publisher":{"@id":"https:\/\/egytourpackages.com\/fr\/#organization"},"potentialAction":[{"@type":"SearchAction","target":{"@type":"EntryPoint","urlTemplate":"https:\/\/egytourpackages.com\/fr\/?s={search_term_string}"},"query-input":{"@type":"PropertyValueSpecification","valueRequired":true,"valueName":"search_term_string"}}],"inLanguage":"fr-FR"},{"@type":["Organization","Place","TravelAgency"],"@id":"https:\/\/egytourpackages.com\/fr\/#organization","name":"egypt tour packages","alternateName":"egypt tour packages","url":"https:\/\/egytourpackages.com\/fr\/","logo":{"@id":"https:\/\/egytourpackages.com\/fr\/tours\/le-grand-musee-egyptien-depuis-soma-bay-en-avion\/#local-main-organization-logo"},"image":{"@id":"https:\/\/egytourpackages.com\/fr\/tours\/le-grand-musee-egyptien-depuis-soma-bay-en-avion\/#local-main-organization-logo"},"sameAs":["https:\/\/www.facebook.com\/egytourpackages"],"legalName":"Egy tour packages","address":{"@id":"https:\/\/egytourpackages.com\/fr\/tours\/le-grand-musee-egyptien-depuis-soma-bay-en-avion\/#local-main-place-address"},"telephone":["00201000852186","00201028685533"],"contactPoint":{"@type":"ContactPoint","telephone":"00201000852186"},"openingHoursSpecification":[{"@type":"OpeningHoursSpecification","dayOfWeek":["Monday","Tuesday","Wednesday","Thursday","Friday","Saturday","Sunday"],"opens":"00:00","closes":"23:59"}],"email":"info@egytourpackages.com","areaServed":"Cairo, Hurghada, Luxor, Sharm El Sheikh, Marsa Alam, Aswan","priceRange":"$","currenciesAccepted":"euro","paymentAccepted":"Payment links online"},{"@type":"PostalAddress","@id":"https:\/\/egytourpackages.com\/fr\/tours\/le-grand-musee-egyptien-depuis-soma-bay-en-avion\/#local-main-place-address","streetAddress":"Mubarak 8, Al Kawthar District, Hurghada","addressLocality":"Hurghada","postalCode":"84511","addressRegion":"Red Sea","addressCountry":"EG"},{"@type":"ImageObject","inLanguage":"fr-FR","@id":"https:\/\/egytourpackages.com\/fr\/tours\/le-grand-musee-egyptien-depuis-soma-bay-en-avion\/#local-main-organization-logo","url":"https:\/\/egytourpackages.com\/wp-content\/uploads\/2025\/12\/Turquoise-Dahabiya-Nile-Cruise-1.jpeg","contentUrl":"https:\/\/egytourpackages.com\/wp-content\/uploads\/2025\/12\/Turquoise-Dahabiya-Nile-Cruise-1.jpeg","width":1040,"height":694,"caption":"egypt tour packages"}]},"product_brand":"Excursions en \u00c9gypte","product_price_amount":"290","product_price_currency":"EUR","og_availability":"instock","product_availability":"instock","product_retailer_item_id":"SBE07","product_condition":"new","geo.placename":"Hurghada","geo.region":"\u00c9gypte"},"_links":{"self":[{"href":"https:\/\/egytourpackages.com\/fr\/wp-json\/wp\/v2\/product\/6735","targetHints":{"allow":["GET"]}}],"collection":[{"href":"https:\/\/egytourpackages.com\/fr\/wp-json\/wp\/v2\/product"}],"about":[{"href":"https:\/\/egytourpackages.com\/fr\/wp-json\/wp\/v2\/types\/product"}],"replies":[{"embeddable":true,"href":"https:\/\/egytourpackages.com\/fr\/wp-json\/wp\/v2\/comments?post=6735"}],"wp:featuredmedia":[{"embeddable":true,"href":"https:\/\/egytourpackages.com\/fr\/wp-json\/wp\/v2\/media\/6740"}],"wp:attachment":[{"href":"https:\/\/egytourpackages.com\/fr\/wp-json\/wp\/v2\/media?parent=6735"}],"wp:term":[{"taxonomy":"product_brand","embeddable":true,"href":"https:\/\/egytourpackages.com\/fr\/wp-json\/wp\/v2\/product_brand?post=6735"},{"taxonomy":"product_cat","embeddable":true,"href":"https:\/\/egytourpackages.com\/fr\/wp-json\/wp\/v2\/product_cat?post=6735"},{"taxonomy":"product_tag","embeddable":true,"href":"https:\/\/egytourpackages.com\/fr\/wp-json\/wp\/v2\/product_tag?post=6735"}],"curies":[{"name":"wp","href":"https:\/\/api.w.org\/{rel}","templated":true}]}}