{"id":7197,"date":"2025-03-30T22:31:30","date_gmt":"2025-03-30T22:31:30","guid":{"rendered":"https:\/\/egytourpackages.com\/product\/excursion-en-quad-a-hurghada-le-matin\/"},"modified":"2026-01-28T23:42:10","modified_gmt":"2026-01-28T23:42:10","slug":"excursion-en-quad-a-hurghada-le-matin","status":"publish","type":"product","link":"https:\/\/egytourpackages.com\/fr\/tours\/excursion-en-quad-a-hurghada-le-matin\/","title":{"rendered":"Excursion en Quad \u00e0 Hurghada le Matin"},"content":{"rendered":"<p><span style=\"color: #ff6600;\"><strong>Excursion en Quad \u00e0 Hurghada le Matin | Aventure dans le d\u00e9sert \u00e9gyptien<\/strong><\/span><\/p>\n<h2><span style=\"color: #ff6600;\">Aper\u00e7u<\/span><\/h2>\n<p>L&rsquo;<strong>excursion en quad \u00e0 Hurghada le matin<\/strong> est une exp\u00e9rience unique dans le d\u00e9sert de la mer Rouge que vous n&rsquo;oublierez jamais. R\u00e9servez une <strong>aventure en quad dans le d\u00e9sert d&rsquo;Hurghada le matin<\/strong>, une merveilleuse exp\u00e9rience loin de la foule des h\u00f4tels avec vos proches.<\/p>\n<p>Conduisez des <strong>quads<\/strong> dans le <strong>d\u00e9sert de la mer Rouge<\/strong> lors d&rsquo;un <strong>safari de luxe<\/strong> avec un <strong>guide exp\u00e9riment\u00e9<\/strong> vers les montagnes de la mer Rouge. Profitez de la conduite des <strong>quads<\/strong> et de la vitesse <strong>hors route<\/strong>, une des activit\u00e9s les plus excitantes pour les jeunes, qui apporte excitation et frissons tout au long du voyage. En plus de cette exp\u00e9rience unique, nous offrons un transfert priv\u00e9 depuis n&rsquo;importe quel endroit d&rsquo;Hurghada vers le campement dans le d\u00e9sert et le retour. Nous proposons \u00e9galement un <strong>safari priv\u00e9 dans le d\u00e9sert pour les familles, les couples et les amis<\/strong>.<\/p>\n<p>R\u00e9servez ces <strong>vacances safari pas ch\u00e8res<\/strong> et obtenez le meilleur prix pour un tour dans le d\u00e9sert du Sahara, vivez la vie b\u00e9douine et profitez des vues d\u00e9sertiques pittoresques. Apr\u00e8s un court essai de conduite, partez pour le <strong>village b\u00e9douin<\/strong> pour d\u00e9guster du th\u00e9 b\u00e9douin, faire une balade \u00e0 dos de chameau et d\u00e9couvrir la vie quotidienne des B\u00e9douins.<\/p>\n<p>Que vous soyez un pilote exp\u00e9riment\u00e9 ou un d\u00e9butant, ce <strong>safari en quad \u00e0 Hurghada le matin<\/strong> offre une aventure inoubliable. R\u00e9servez votre <strong>tour en quad \u00e0 Hurghada le matin<\/strong> pour un d\u00e9but de journ\u00e9e excitant en \u00c9gypte !<\/p>\n<h3><span style=\"color: #ff6600;\">D\u00e9tails du tour<\/span><\/h3>\n<ul>\n<li>Dur\u00e9e: 4 heures, transfert inclus<\/li>\n<li>Heure de prise en charge: Le matin \u00e0 08h00<\/li>\n<li>Heure de retour: Le matin \u00e0 12h30<\/li>\n<li>Type de tour: En groupe<\/li>\n<li>Disponibilit\u00e9: Tous les jours<\/li>\n<li>Dur\u00e9e de l\u2019activit\u00e9: 3 heures<\/li>\n<li>Taille du groupe: 6-15 personnes<\/li>\n<li><strong>Langues: Fran\u00e7ais<\/strong><\/li>\n<li>Programme: R\u00e9servation en ligne<\/li>\n<li>Prise en charge et l\u2019arriv\u00e9e: H\u00f4tels d&rsquo;Hurghada<\/li>\n<\/ul>\n<h3><span style=\"color: #ff6600;\">Points forts<\/span><\/h3>\n<ul>\n<li>25 km de tour en quad<\/li>\n<li>Village b\u00e9douin<\/li>\n<li>Balade \u00e0 dos de chameau<\/li>\n<\/ul>\n<h3><span style=\"color: #ff6600;\">Inclusions<\/span><\/h3>\n<ul>\n<li>Prise en charge et retour \u00e0 l&rsquo;h\u00f4tel<\/li>\n<li>Taxes<\/li>\n<li>Guide de safari dans le d\u00e9sert parlant fran\u00e7ais<\/li>\n<li>Eau<\/li>\n<li>Casque<\/li>\n<\/ul>\n<h3><span style=\"color: #ff6600;\">Exclusions<\/span><\/h3>\n<ul>\n<li>Pourboires<\/li>\n<li>\u00c9charpe<\/li>\n<li>Lunettes de protection<\/li>\n<li>DVD ou photos par le cam\u00e9raman<\/li>\n<li>Tout extra non mentionn\u00e9<\/li>\n<\/ul>\n<h2><span style=\"color: #ff6600;\">Itin\u00e9raire<\/span><\/h2>\n<p>Commencez votre <strong>tour en quad \u00e0 Hurghada le matin<\/strong> avec un transfert depuis l&rsquo;h\u00f4tel vers la station de safari dans le d\u00e9sert. Recevez votre \u00e9quipement de s\u00e9curit\u00e9 et commencez par des instructions d\u00e9taill\u00e9es de votre guide pour vous familiariser avec les v\u00e9hicules.<\/p>\n<p>Partez de la station de quad \u00e0 bord de votre <strong>quad priv\u00e9<\/strong> vers certains des endroits les plus spectaculaires du d\u00e9sert. Go\u00fbtez \u00e0 l&rsquo;<strong>aventure du safari dans le d\u00e9sert<\/strong> sur les dunes de sable.<\/p>\n<p>Vous profiterez de deux arr\u00eats photo pendant le trajet vers le village b\u00e9douin.<\/p>\n<h3><span style=\"color: #ff6600;\">Campement b\u00e9douin<\/span><\/h3>\n<p>D\u00e9tendez-vous dans la tente de style b\u00e9douin dans le village b\u00e9douin et savourez du th\u00e9 \u00e9gyptien avec de la menthe. Profitez d&rsquo;une <strong>balade \u00e0 dos de chameau<\/strong> avant la fin de votre tour. Ensuite, apr\u00e8s une balade \u00e0 dos de chameau, retournez \u00e0 la station de VTT avant d&rsquo;\u00eatre ramen\u00e9 \u00e0 votre h\u00f4tel \u00e0 la fin de vos <strong>excursions \u00e0 Hurghada<\/strong>.<\/p>\n<h2><span style=\"color: #ff6600;\">Note:<\/span><\/h2>\n<p>Les enfants de moins de 14 ans ne sont pas autoris\u00e9s \u00e0 conduire le quad.<\/p>\n<h3><span style=\"color: #ff6600;\">Prix de l&rsquo;excursion en quad \u00e0 Hurghada le matin<\/span><\/h3>\n<ul>\n<li>Prix adulte: 20 \u20ac<\/li>\n<li>Enfants de 0 \u00e0 5 ans: Gratuit<\/li>\n<li>Enfants de 5 \u00e0 11 ans: 50% du prix adulte<\/li>\n<\/ul>\n<h3><span style=\"color: #ff6600;\">R\u00e9servation<\/span><\/h3>\n<ul>\n<li>Vous pouvez r\u00e9server votre tour via WhatsApp ou nous envoyer un e-mail et vous recevrez la confirmation sur place.<\/li>\n<li>Veuillez nous envoyer le nom de votre h\u00f4tel, le num\u00e9ro de chambre et les copies de votre passeport.<\/li>\n<\/ul>\n<p>WhatsApp: +201000852186<\/p>\n<p>E-mail: info@egytourpackages.com<\/p>\n<h3><span style=\"color: #ff6600;\">R\u00e9servez maintenant et payez sur place<\/span><\/h3>\n<p>R\u00e9servez votre tour pr\u00e9f\u00e9r\u00e9 et payez le jour de l&rsquo;excursion.<\/p>\n<h3><span style=\"color: #ff6600;\">Paiement<\/span><\/h3>\n<p>Vous pouvez payer en livres \u00e9gyptiennes, en dollars ($), en euros (\u20ac) ou en livres sterling (\u00a3).<\/p>\n<h3><span style=\"color: #ff6600;\">Politique d&rsquo;annulation<\/span><\/h3>\n<ul>\n<li>L&rsquo;annulation est gratuite jusqu&rsquo;\u00e0 24 heures \u00e0 l&rsquo;avance.<\/li>\n<li>L&rsquo;annulation le matin m\u00eame est de 50% du prix.<\/li>\n<\/ul>\n","protected":false},"excerpt":{"rendered":"<p>Excursion en Quad \u00e0 Hurghada le Matin. Aventurez-vous dans le d\u00e9sert, traversez les dunes de sable et vivez l&rsquo;exp\u00e9rience d&rsquo;un village b\u00e9douin.<\/p>\n","protected":false},"featured_media":7198,"comment_status":"open","ping_status":"closed","template":"","meta":[],"product_brand":[],"product_cat":[3124],"product_tag":[3274,3275],"class_list":{"0":"post-7197","1":"product","2":"type-product","3":"status-publish","4":"has-post-thumbnail","6":"product_cat-tours-fr","7":"product_tag-excursions-a-hurghada","8":"product_tag-excursions-dune-journee-en-egypte","9":"tour_category-excursions-a-hurghada-fr","10":"tour_category-excursions-en-egypte-fr","11":"tour_category-excursions-safari-dans-le-desert-dhurghada","13":"first","14":"instock","15":"sale","16":"shipping-taxable","17":"purchasable","18":"product-type-tour","19":"has-default-attributes"},"yoast_head":"<!-- This site is optimized with the Yoast SEO Premium plugin v27.2 (Yoast SEO v27.2) - https:\/\/yoast.com\/product\/yoast-seo-premium-wordpress\/ -->\n<title>Excursion en Quad \u00e0 Hurghada le Matin: Egy tour Packages<\/title>\n<meta name=\"description\" content=\"Excursion en Quad \u00e0 Hurghada le Matin. Aventurez-vous dans le d\u00e9sert, traversez les dunes de sable et vivez l&#039;exp\u00e9rience d&#039;un village b\u00e9douin.\" \/>\n<meta name=\"robots\" content=\"index, follow, max-snippet:-1, max-image-preview:large, max-video-preview:-1\" \/>\n<link rel=\"canonical\" href=\"https:\/\/egytourpackages.com\/fr\/tours\/excursion-en-quad-a-hurghada-le-matin\/\" \/>\n<meta property=\"og:locale\" content=\"fr_FR\" \/>\n<meta property=\"og:type\" content=\"article\" \/>\n<meta property=\"og:title\" content=\"Excursion en Quad \u00e0 Hurghada le Matin\" \/>\n<meta property=\"og:description\" content=\"Excursion en Quad \u00e0 Hurghada le Matin. Aventurez-vous dans le d\u00e9sert, traversez les dunes de sable et vivez l&#039;exp\u00e9rience d&#039;un village b\u00e9douin.\" \/>\n<meta property=\"og:url\" content=\"https:\/\/egytourpackages.com\/fr\/tours\/excursion-en-quad-a-hurghada-le-matin\/\" \/>\n<meta property=\"og:site_name\" content=\"Egypt Tour Packages\" \/>\n<meta property=\"article:publisher\" content=\"https:\/\/www.facebook.com\/egytourpackages\" \/>\n<meta property=\"article:modified_time\" content=\"2026-01-28T23:42:10+00:00\" \/>\n<meta property=\"og:image\" content=\"https:\/\/egytourpackages.com\/wp-content\/uploads\/2025\/03\/Morning-Quad-Biking-Safari-from-Hurghada.jpeg\" \/>\n\t<meta property=\"og:image:width\" content=\"1200\" \/>\n\t<meta property=\"og:image:height\" content=\"799\" \/>\n\t<meta property=\"og:image:type\" content=\"image\/jpeg\" \/>\n<meta name=\"twitter:card\" content=\"summary_large_image\" \/>\n<meta name=\"twitter:title\" content=\"Excursion en Quad \u00e0 Hurghada le Matin\" \/>\n<meta name=\"twitter:label1\" content=\"Prix\" \/>\n\t<meta name=\"twitter:data1\" content=\"&euro;20\" \/>\n\t<meta name=\"twitter:label2\" content=\"Disponibilit\u00e9\" \/>\n\t<meta name=\"twitter:data2\" content=\"En stock\" \/>\n<script type=\"application\/ld+json\" class=\"yoast-schema-graph\">{\"@context\":\"https:\/\/schema.org\",\"@graph\":[{\"@type\":\"WebPage\",\"@id\":\"https:\/\/egytourpackages.com\/fr\/tours\/excursion-en-quad-a-hurghada-le-matin\/\",\"url\":\"https:\/\/egytourpackages.com\/fr\/tours\/excursion-en-quad-a-hurghada-le-matin\/\",\"name\":\"Excursion en Quad \u00e0 Hurghada le Matin: Egy tour Packages\",\"isPartOf\":{\"@id\":\"https:\/\/egytourpackages.com\/fr\/#website\"},\"primaryImageOfPage\":{\"@id\":\"https:\/\/egytourpackages.com\/fr\/tours\/excursion-en-quad-a-hurghada-le-matin\/#primaryimage\"},\"image\":{\"@id\":\"https:\/\/egytourpackages.com\/fr\/tours\/excursion-en-quad-a-hurghada-le-matin\/#primaryimage\"},\"thumbnailUrl\":\"https:\/\/egytourpackages.com\/wp-content\/uploads\/2025\/03\/Morning-Quad-Biking-Safari-from-Hurghada.jpeg\",\"datePublished\":\"2025-03-30T22:31:30+00:00\",\"dateModified\":\"2026-01-28T23:42:10+00:00\",\"description\":\"Excursion en Quad \u00e0 Hurghada le Matin. Aventurez-vous dans le d\u00e9sert, traversez les dunes de sable et vivez l'exp\u00e9rience d'un village b\u00e9douin.\",\"breadcrumb\":{\"@id\":\"https:\/\/egytourpackages.com\/fr\/tours\/excursion-en-quad-a-hurghada-le-matin\/#breadcrumb\"},\"inLanguage\":\"fr-FR\",\"potentialAction\":[{\"@type\":\"ReadAction\",\"target\":[\"https:\/\/egytourpackages.com\/fr\/tours\/excursion-en-quad-a-hurghada-le-matin\/\"]}]},{\"@type\":\"ImageObject\",\"inLanguage\":\"fr-FR\",\"@id\":\"https:\/\/egytourpackages.com\/fr\/tours\/excursion-en-quad-a-hurghada-le-matin\/#primaryimage\",\"url\":\"https:\/\/egytourpackages.com\/wp-content\/uploads\/2025\/03\/Morning-Quad-Biking-Safari-from-Hurghada.jpeg\",\"contentUrl\":\"https:\/\/egytourpackages.com\/wp-content\/uploads\/2025\/03\/Morning-Quad-Biking-Safari-from-Hurghada.jpeg\",\"width\":1200,\"height\":799,\"caption\":\"Excursion en Quad \u00e0 Hurghada le Matin\"},{\"@type\":\"BreadcrumbList\",\"@id\":\"https:\/\/egytourpackages.com\/fr\/tours\/excursion-en-quad-a-hurghada-le-matin\/#breadcrumb\",\"itemListElement\":[{\"@type\":\"ListItem\",\"position\":1,\"name\":\"Home\",\"item\":\"https:\/\/egytourpackages.com\/fr\/circuits-en-egypte\/\"},{\"@type\":\"ListItem\",\"position\":2,\"name\":\"Shop\",\"item\":\"https:\/\/egytourpackages.com\/shop\/\"},{\"@type\":\"ListItem\",\"position\":3,\"name\":\"Excursion en Quad \u00e0 Hurghada le Matin\"}]},{\"@type\":\"WebSite\",\"@id\":\"https:\/\/egytourpackages.com\/fr\/#website\",\"url\":\"https:\/\/egytourpackages.com\/fr\/\",\"name\":\"Egy tour packages\",\"description\":\"\",\"publisher\":{\"@id\":\"https:\/\/egytourpackages.com\/fr\/#organization\"},\"potentialAction\":[{\"@type\":\"SearchAction\",\"target\":{\"@type\":\"EntryPoint\",\"urlTemplate\":\"https:\/\/egytourpackages.com\/fr\/?s={search_term_string}\"},\"query-input\":{\"@type\":\"PropertyValueSpecification\",\"valueRequired\":true,\"valueName\":\"search_term_string\"}}],\"inLanguage\":\"fr-FR\"},{\"@type\":[\"Organization\",\"Place\",\"TravelAgency\"],\"@id\":\"https:\/\/egytourpackages.com\/fr\/#organization\",\"name\":\"egypt tour packages\",\"alternateName\":\"egypt tour packages\",\"url\":\"https:\/\/egytourpackages.com\/fr\/\",\"logo\":{\"@id\":\"https:\/\/egytourpackages.com\/fr\/tours\/excursion-en-quad-a-hurghada-le-matin\/#local-main-organization-logo\"},\"image\":{\"@id\":\"https:\/\/egytourpackages.com\/fr\/tours\/excursion-en-quad-a-hurghada-le-matin\/#local-main-organization-logo\"},\"sameAs\":[\"https:\/\/www.facebook.com\/egytourpackages\"],\"legalName\":\"Egy tour packages\",\"address\":{\"@id\":\"https:\/\/egytourpackages.com\/fr\/tours\/excursion-en-quad-a-hurghada-le-matin\/#local-main-place-address\"},\"telephone\":[\"00201000852186\",\"00201028685533\"],\"contactPoint\":{\"@type\":\"ContactPoint\",\"telephone\":\"00201000852186\"},\"openingHoursSpecification\":[{\"@type\":\"OpeningHoursSpecification\",\"dayOfWeek\":[\"Monday\",\"Tuesday\",\"Wednesday\",\"Thursday\",\"Friday\",\"Saturday\",\"Sunday\"],\"opens\":\"00:00\",\"closes\":\"23:59\"}],\"email\":\"info@egytourpackages.com\",\"areaServed\":\"Cairo, Hurghada, Luxor, Sharm El Sheikh, Marsa Alam, Aswan\",\"priceRange\":\"$\",\"currenciesAccepted\":\"euro\",\"paymentAccepted\":\"Payment links online\"},{\"@type\":\"PostalAddress\",\"@id\":\"https:\/\/egytourpackages.com\/fr\/tours\/excursion-en-quad-a-hurghada-le-matin\/#local-main-place-address\",\"streetAddress\":\"Mubarak 8, Al Kawthar District, Hurghada\",\"addressLocality\":\"Hurghada\",\"postalCode\":\"84511\",\"addressRegion\":\"Red Sea\",\"addressCountry\":\"EG\"},{\"@type\":\"ImageObject\",\"inLanguage\":\"fr-FR\",\"@id\":\"https:\/\/egytourpackages.com\/fr\/tours\/excursion-en-quad-a-hurghada-le-matin\/#local-main-organization-logo\",\"url\":\"https:\/\/egytourpackages.com\/wp-content\/uploads\/2025\/12\/Turquoise-Dahabiya-Nile-Cruise-1.jpeg\",\"contentUrl\":\"https:\/\/egytourpackages.com\/wp-content\/uploads\/2025\/12\/Turquoise-Dahabiya-Nile-Cruise-1.jpeg\",\"width\":1040,\"height\":694,\"caption\":\"egypt tour packages\"}]}<\/script>\n<meta property=\"product:brand\" content=\"Excursions \u00e0 Hurghada\" \/>\n<meta property=\"product:price:amount\" content=\"20\" \/>\n<meta property=\"product:price:currency\" content=\"EUR\" \/>\n<meta property=\"og:availability\" content=\"instock\" \/>\n<meta property=\"product:availability\" content=\"instock\" \/>\n<meta property=\"product:retailer_item_id\" content=\"HDT12\" \/>\n<meta property=\"product:condition\" content=\"new\" \/>\n<meta name=\"geo.placename\" content=\"Hurghada\" \/>\n<meta name=\"geo.region\" content=\"\u00c9gypte\" \/>\n<!-- \/ Yoast SEO Premium plugin. -->","yoast_head_json":{"title":"Excursion en Quad \u00e0 Hurghada le Matin: Egy tour Packages","description":"Excursion en Quad \u00e0 Hurghada le Matin. Aventurez-vous dans le d\u00e9sert, traversez les dunes de sable et vivez l'exp\u00e9rience d'un village b\u00e9douin.","robots":{"index":"index","follow":"follow","max-snippet":"max-snippet:-1","max-image-preview":"max-image-preview:large","max-video-preview":"max-video-preview:-1"},"canonical":"https:\/\/egytourpackages.com\/fr\/tours\/excursion-en-quad-a-hurghada-le-matin\/","og_locale":"fr_FR","og_type":"article","og_title":"Excursion en Quad \u00e0 Hurghada le Matin","og_description":"Excursion en Quad \u00e0 Hurghada le Matin. Aventurez-vous dans le d\u00e9sert, traversez les dunes de sable et vivez l'exp\u00e9rience d'un village b\u00e9douin.","og_url":"https:\/\/egytourpackages.com\/fr\/tours\/excursion-en-quad-a-hurghada-le-matin\/","og_site_name":"Egypt Tour Packages","article_publisher":"https:\/\/www.facebook.com\/egytourpackages","article_modified_time":"2026-01-28T23:42:10+00:00","og_image":[{"width":1200,"height":799,"url":"https:\/\/egytourpackages.com\/wp-content\/uploads\/2025\/03\/Morning-Quad-Biking-Safari-from-Hurghada.jpeg","type":"image\/jpeg"}],"twitter_card":"summary_large_image","twitter_title":"Excursion en Quad \u00e0 Hurghada le Matin","twitter_misc":{"Prix":"&euro;20","Disponibilit\u00e9":"En stock"},"schema":{"@context":"https:\/\/schema.org","@graph":[{"@type":"WebPage","@id":"https:\/\/egytourpackages.com\/fr\/tours\/excursion-en-quad-a-hurghada-le-matin\/","url":"https:\/\/egytourpackages.com\/fr\/tours\/excursion-en-quad-a-hurghada-le-matin\/","name":"Excursion en Quad \u00e0 Hurghada le Matin: Egy tour Packages","isPartOf":{"@id":"https:\/\/egytourpackages.com\/fr\/#website"},"primaryImageOfPage":{"@id":"https:\/\/egytourpackages.com\/fr\/tours\/excursion-en-quad-a-hurghada-le-matin\/#primaryimage"},"image":{"@id":"https:\/\/egytourpackages.com\/fr\/tours\/excursion-en-quad-a-hurghada-le-matin\/#primaryimage"},"thumbnailUrl":"https:\/\/egytourpackages.com\/wp-content\/uploads\/2025\/03\/Morning-Quad-Biking-Safari-from-Hurghada.jpeg","datePublished":"2025-03-30T22:31:30+00:00","dateModified":"2026-01-28T23:42:10+00:00","description":"Excursion en Quad \u00e0 Hurghada le Matin. Aventurez-vous dans le d\u00e9sert, traversez les dunes de sable et vivez l'exp\u00e9rience d'un village b\u00e9douin.","breadcrumb":{"@id":"https:\/\/egytourpackages.com\/fr\/tours\/excursion-en-quad-a-hurghada-le-matin\/#breadcrumb"},"inLanguage":"fr-FR","potentialAction":[{"@type":"ReadAction","target":["https:\/\/egytourpackages.com\/fr\/tours\/excursion-en-quad-a-hurghada-le-matin\/"]}]},{"@type":"ImageObject","inLanguage":"fr-FR","@id":"https:\/\/egytourpackages.com\/fr\/tours\/excursion-en-quad-a-hurghada-le-matin\/#primaryimage","url":"https:\/\/egytourpackages.com\/wp-content\/uploads\/2025\/03\/Morning-Quad-Biking-Safari-from-Hurghada.jpeg","contentUrl":"https:\/\/egytourpackages.com\/wp-content\/uploads\/2025\/03\/Morning-Quad-Biking-Safari-from-Hurghada.jpeg","width":1200,"height":799,"caption":"Excursion en Quad \u00e0 Hurghada le Matin"},{"@type":"BreadcrumbList","@id":"https:\/\/egytourpackages.com\/fr\/tours\/excursion-en-quad-a-hurghada-le-matin\/#breadcrumb","itemListElement":[{"@type":"ListItem","position":1,"name":"Home","item":"https:\/\/egytourpackages.com\/fr\/circuits-en-egypte\/"},{"@type":"ListItem","position":2,"name":"Shop","item":"https:\/\/egytourpackages.com\/shop\/"},{"@type":"ListItem","position":3,"name":"Excursion en Quad \u00e0 Hurghada le Matin"}]},{"@type":"WebSite","@id":"https:\/\/egytourpackages.com\/fr\/#website","url":"https:\/\/egytourpackages.com\/fr\/","name":"Egy tour packages","description":"","publisher":{"@id":"https:\/\/egytourpackages.com\/fr\/#organization"},"potentialAction":[{"@type":"SearchAction","target":{"@type":"EntryPoint","urlTemplate":"https:\/\/egytourpackages.com\/fr\/?s={search_term_string}"},"query-input":{"@type":"PropertyValueSpecification","valueRequired":true,"valueName":"search_term_string"}}],"inLanguage":"fr-FR"},{"@type":["Organization","Place","TravelAgency"],"@id":"https:\/\/egytourpackages.com\/fr\/#organization","name":"egypt tour packages","alternateName":"egypt tour packages","url":"https:\/\/egytourpackages.com\/fr\/","logo":{"@id":"https:\/\/egytourpackages.com\/fr\/tours\/excursion-en-quad-a-hurghada-le-matin\/#local-main-organization-logo"},"image":{"@id":"https:\/\/egytourpackages.com\/fr\/tours\/excursion-en-quad-a-hurghada-le-matin\/#local-main-organization-logo"},"sameAs":["https:\/\/www.facebook.com\/egytourpackages"],"legalName":"Egy tour packages","address":{"@id":"https:\/\/egytourpackages.com\/fr\/tours\/excursion-en-quad-a-hurghada-le-matin\/#local-main-place-address"},"telephone":["00201000852186","00201028685533"],"contactPoint":{"@type":"ContactPoint","telephone":"00201000852186"},"openingHoursSpecification":[{"@type":"OpeningHoursSpecification","dayOfWeek":["Monday","Tuesday","Wednesday","Thursday","Friday","Saturday","Sunday"],"opens":"00:00","closes":"23:59"}],"email":"info@egytourpackages.com","areaServed":"Cairo, Hurghada, Luxor, Sharm El Sheikh, Marsa Alam, Aswan","priceRange":"$","currenciesAccepted":"euro","paymentAccepted":"Payment links online"},{"@type":"PostalAddress","@id":"https:\/\/egytourpackages.com\/fr\/tours\/excursion-en-quad-a-hurghada-le-matin\/#local-main-place-address","streetAddress":"Mubarak 8, Al Kawthar District, Hurghada","addressLocality":"Hurghada","postalCode":"84511","addressRegion":"Red Sea","addressCountry":"EG"},{"@type":"ImageObject","inLanguage":"fr-FR","@id":"https:\/\/egytourpackages.com\/fr\/tours\/excursion-en-quad-a-hurghada-le-matin\/#local-main-organization-logo","url":"https:\/\/egytourpackages.com\/wp-content\/uploads\/2025\/12\/Turquoise-Dahabiya-Nile-Cruise-1.jpeg","contentUrl":"https:\/\/egytourpackages.com\/wp-content\/uploads\/2025\/12\/Turquoise-Dahabiya-Nile-Cruise-1.jpeg","width":1040,"height":694,"caption":"egypt tour packages"}]},"product_brand":"Excursions \u00e0 Hurghada","product_price_amount":"20","product_price_currency":"EUR","og_availability":"instock","product_availability":"instock","product_retailer_item_id":"HDT12","product_condition":"new","geo.placename":"Hurghada","geo.region":"\u00c9gypte"},"_links":{"self":[{"href":"https:\/\/egytourpackages.com\/fr\/wp-json\/wp\/v2\/product\/7197","targetHints":{"allow":["GET"]}}],"collection":[{"href":"https:\/\/egytourpackages.com\/fr\/wp-json\/wp\/v2\/product"}],"about":[{"href":"https:\/\/egytourpackages.com\/fr\/wp-json\/wp\/v2\/types\/product"}],"replies":[{"embeddable":true,"href":"https:\/\/egytourpackages.com\/fr\/wp-json\/wp\/v2\/comments?post=7197"}],"wp:featuredmedia":[{"embeddable":true,"href":"https:\/\/egytourpackages.com\/fr\/wp-json\/wp\/v2\/media\/7198"}],"wp:attachment":[{"href":"https:\/\/egytourpackages.com\/fr\/wp-json\/wp\/v2\/media?parent=7197"}],"wp:term":[{"taxonomy":"product_brand","embeddable":true,"href":"https:\/\/egytourpackages.com\/fr\/wp-json\/wp\/v2\/product_brand?post=7197"},{"taxonomy":"product_cat","embeddable":true,"href":"https:\/\/egytourpackages.com\/fr\/wp-json\/wp\/v2\/product_cat?post=7197"},{"taxonomy":"product_tag","embeddable":true,"href":"https:\/\/egytourpackages.com\/fr\/wp-json\/wp\/v2\/product_tag?post=7197"}],"curies":[{"name":"wp","href":"https:\/\/api.w.org\/{rel}","templated":true}]}}