{"id":7203,"date":"2025-03-05T22:10:44","date_gmt":"2025-03-05T22:10:44","guid":{"rendered":"https:\/\/egytourpackages.com\/product\/excursion-de-3-jours-au-caire-assouan-et-louxor-au-depart-dhurghada-tout-inclus\/"},"modified":"2026-01-05T17:05:32","modified_gmt":"2026-01-05T17:05:32","slug":"excursion-de-3-jours-au-caire-assouan-et-louxor-au-depart-dhurghada-tout-inclus","status":"publish","type":"product","link":"https:\/\/egytourpackages.com\/fr\/tours\/excursion-de-3-jours-au-caire-assouan-et-louxor-au-depart-dhurghada-tout-inclus\/","title":{"rendered":"Excursion de 3 jours au Caire, Assouan et Louxor au d\u00e9part d&rsquo;Hurghada, tout inclus"},"content":{"rendered":"<p><span style=\"color: #ff6600;\"><strong>Excursion de 3 jours au Caire, Assouan et Louxor au d\u00e9part d&rsquo;Hurghada, tout inclus<\/strong><\/span><\/p>\n<h3><span style=\"color: #ff6600;\">Aper\u00e7u<\/span><\/h3>\n<p>Le <strong>s\u00e9jour de 3 jours au Caire, Assouan et Louxor au d\u00e9part d&rsquo;Hurghada tout inclus<\/strong> est une v\u00e9ritable aventure vers les meilleurs sites du Caire, d&rsquo;Assouan et de Louxor. Au Caire, vous explorerez le <strong>Grand Mus\u00e9e \u00e9gyptien<\/strong> et les <strong>pyramides de Gizeh<\/strong> avec le grand <strong>Sphinx<\/strong>. Vous visiterez \u00e9galement le <strong>temple d&rsquo;Abou Simbel<\/strong> en Nubie et le <strong>temple de Philae<\/strong> dans le cadre de votre <strong>circuit en \u00c9gypte<\/strong>. De plus, vous vous immergerez au c\u0153ur de la majest\u00e9 de l&rsquo;\u00c9gypte antique, Louxor. Vous pourrez visiter la <strong>tombe de Tout\u00e2nkhamon<\/strong> dans la Vall\u00e9e des Rois et trois autres tombes. De plus, le plus grand temple du monde, le <strong>temple de Karnak<\/strong>, fait partie de vos <strong>excursions d&rsquo;une journ\u00e9e \u00e0 Louxor<\/strong>. Enfin, le temple de la reine <strong>Hatchepsout<\/strong> \u00e0 Deir El Bahari. Egy Tour Packages vise \u00e0 vous faire passer un s\u00e9jour unique pour cr\u00e9er vos souvenirs au c\u0153ur de l&rsquo;\u00c9gypte.<\/p>\n<h3><span style=\"color: #ff6600;\">D\u00e9tails du s\u00e9jour<\/span><\/h3>\n<ul>\n<li>Dur\u00e9e: 3 jours \/ 2 nuits au d\u00e9part d&rsquo;Hurghada<\/li>\n<li>Type de s\u00e9jour: Priv\u00e9<\/li>\n<li>Disponibilit\u00e9: Tous les jours<\/li>\n<li>Taille du groupe: de 1 \u00e0 10<\/li>\n<li><strong>Langues: Fran\u00e7ais<\/strong><\/li>\n<li>Programme: R\u00e9servation en ligne<\/li>\n<li>Prise en charge et retour: H\u00f4tels d&rsquo;Hurghada<\/li>\n<\/ul>\n<h3><span style=\"color: #ff6600;\">Points forts<\/span><\/h3>\n<ul>\n<li>GEM | Grand Mus\u00e9e \u00e9gyptien<\/li>\n<li>Pyramides de Gizeh<\/li>\n<li>Temples d&rsquo;Abou Simbel<\/li>\n<li>Haut barrage<\/li>\n<li>Temple de Philae<\/li>\n<li>Temple de Karnak<\/li>\n<li>Colosses de Memnon<\/li>\n<li>Temple fun\u00e9raire d&rsquo;Hatchepsout<\/li>\n<li>Vall\u00e9e des Rois<\/li>\n<\/ul>\n<h3><span style=\"color: #ff6600;\">Inclusions<\/span><\/h3>\n<ul>\n<li>Prise en charge et retour \u00e0 l&rsquo;h\u00f4tel en v\u00e9hicule neuf avec A\/C<\/li>\n<li>Frais d&rsquo;entr\u00e9e pour tous les sites du programme<\/li>\n<li><strong>Guide touristique expert parlant fran\u00e7ais<\/strong><\/li>\n<li>1 nuit d&rsquo;h\u00e9bergement dans un h\u00f4tel \u00e0 Assouan en B\/B<\/li>\n<li>1 nuit d&rsquo;h\u00e9bergement dans un h\u00f4tel \u00e0 Louxor en B\/B<\/li>\n<li>Billets d&rsquo;avion Le Caire-Assouan<\/li>\n<li>Train VIP d&rsquo;Assouan \u00e0 Louxor<\/li>\n<\/ul>\n<h3><span style=\"color: #ff6600;\">Exclusions<\/span><\/h3>\n<ul>\n<li>Pourboires<\/li>\n<li>Boissons pendant les repas<\/li>\n<li>Frais d&rsquo;entr\u00e9e pour la Tombe de Tout\u00e2nkhamon | KV62 = 700 l.e<\/li>\n<li>Billet suppl\u00e9mentaire pour la Tombe du Roi S\u00e9thi I | KV17 = 2000 l.e<\/li>\n<li>Tombe de Rams\u00e8s V et du Roi Rams\u00e8s VI | KV9 = 220 l.e<\/li>\n<li>Tout ce qui n&rsquo;est pas mentionn\u00e9 dans le programme<\/li>\n<\/ul>\n<h3><span style=\"color: #ff6600;\">Jour 1 Hurghada Le Caire \/ Le Caire Assouan<\/span><\/h3>\n<p>Commencez votre <strong>s\u00e9jour de 3 jours au Caire, Assouan et Louxor au d\u00e9part d&rsquo;Hurghada tout inclus<\/strong> lorsque vous rencontrez votre guide dans le hall de l&rsquo;h\u00f4tel pour commencer votre forfait touristique en \u00c9gypte au d\u00e9part d&rsquo;Hurghada. Il faut environ 5 heures de route pour atteindre votre premi\u00e8re destination, le Grand Mus\u00e9e \u00e9gyptien.<\/p>\n<h3><span style=\"color: #ff6600;\">Le Grand Mus\u00e9e \u00e9gyptien<\/span><\/h3>\n<p>Explorez les artefacts de l&rsquo;\u00c9gypte ancienne dans le plus grand et le plus r\u00e9cent mus\u00e9e \u00e9gyptien du monde. D\u00e9couvrez les tr\u00e9sors de <strong>Tout\u00e2nkhamon<\/strong>, l&rsquo;<strong>ob\u00e9lisque suspendu<\/strong>, le grand corridor, les sarcophages, les papyrus et bien plus encore. \u00c9merveillez-vous devant la statue du Sphinx d&rsquo;<strong>Hatchepsout<\/strong>, la galerie d&rsquo;<strong>Akhenaton<\/strong>, la statue en diorite de Khafr\u00e9, Menkaour\u00e9 et plus encore. Apr\u00e8s cela, vous irez d\u00e9jeuner.<\/p>\n<h3><span style=\"color: #ff6600;\">D\u00e9jeuner<\/span><\/h3>\n<p>Profitez d&rsquo;un d\u00e9jeuner fra\u00eechement pr\u00e9par\u00e9 dans un restaurant local pr\u00e8s de la zone des pyramides.<\/p>\n<h3><span style=\"color: #ff6600;\">Les Pyramides de Gizeh<\/span><\/h3>\n<p>Apr\u00e8s le d\u00e9jeuner, continuez vers votre prochaine \u00e9tape sur le <strong>plateau de Gizeh<\/strong>, les c\u00e9l\u00e8bres pyramides de <strong>Kh\u00e9ops<\/strong>, <strong>Kh\u00e9phren<\/strong> et <strong>Myk\u00e9rinos<\/strong>. \u00c9coutez votre guide qui vous d\u00e9voilera les secrets de la construction des pyramides et pourquoi elles ont \u00e9t\u00e9 construites. Faites votre visite dans la zone et regardez les <strong>pyramides des reines<\/strong>, les <strong>tombes des b\u00e2tisseurs de pyramides<\/strong>, et prenez de belles photos partout avant de vous rendre \u00e0 votre dernier arr\u00eat.<\/p>\n<h3><span style=\"color: #ff6600;\">Le Grand Sphinx<\/span><\/h3>\n<p>Vous visiterez le <strong>temple de momification<\/strong> en route vers le <strong>Grand Sphinx<\/strong> pour voir o\u00f9 et comment les rois ont \u00e9t\u00e9 momifi\u00e9s dans l&rsquo;\u00c9gypte ancienne.<\/p>\n<p>Plus tard, vous vous rendrez \u00e0 l&rsquo;a\u00e9roport du Caire pour prendre votre vol int\u00e9rieur vers Assouan. \u00c0 votre arriv\u00e9e, notre repr\u00e9sentant vous aidera \u00e0 vous enregistrer \u00e0 votre h\u00f4tel \u00e0 Assouan et \u00e0 passer la nuit.<\/p>\n<p><strong>Repas:<\/strong> Petit-d\u00e9jeuner, d\u00e9jeuner<\/p>\n<h3><span style=\"color: #ff6600;\">Jour 2 Assouan Abou Simbel \/ Assouan \/ Louxor<\/span><\/h3>\n<p>D\u00e9part matinal pour Abou Simbel vers 04h00 avec votre transfert priv\u00e9 et votre guide. Il faut environ trois heures et demie avec une pause-caf\u00e9 en chemin.<\/p>\n<p>Profitez de l&rsquo;exploration du grand temple de Rams\u00e8s II et des statues de colosses, de la bataille de Qadesh, des sc\u00e8nes d&rsquo;offrandes et des statues d&rsquo;Amon-R\u00ea, Rahor Akhty, Rams\u00e8s en tant que dieu et Ptah. Ensuite, profitez de l&rsquo;\u00e9l\u00e9gant temple de Nefertari et d&rsquo;Hathor.<\/p>\n<p>\u00c0 la fin de la visite, vous profiterez d&rsquo;un panier-repas dans la voiture jusqu&rsquo;\u00e0 ce que vous atteigniez la ville d&rsquo;Assouan et d\u00e9couvriez les attractions d&rsquo;Assouan.<\/p>\n<p>Explorez le Haut barrage d&rsquo;Assouan, puis le temple de Philae avec une courte promenade en bateau \u00e0 moteur sur l&rsquo;\u00eele d&rsquo;Agilkia avant de vous diriger vers la gare pour prendre le train pour Louxor.<\/p>\n<p>Apr\u00e8s cela, votre guide vous aidera \u00e0 vous enregistrer \u00e0 votre h\u00f4tel \u00e0 Louxor pour la nuit.<\/p>\n<p><strong>Repas:<\/strong> Petit-d\u00e9jeuner, d\u00e9jeuner<\/p>\n<h3><span style=\"color: #ff6600;\">Jour 3 Louxor Hurghada<\/span><\/h3>\n<p>Profitez de votre d\u00e9licieux petit-d\u00e9jeuner \u00e0 l&rsquo;h\u00f4tel avant de commencer vos attractions de Louxor.<\/p>\n<p>Commencez votre visite sur la rive ouest de Louxor o\u00f9 vous visiterez la Vall\u00e9e des Rois avec la possibilit\u00e9 d&rsquo;explorer trois tombes incluses dans le billet plus la tombe de Tout\u00e2nkhamon moyennant des frais. De plus, vous verrez le temple fun\u00e9raire d&rsquo;Hatchepsout et les Colosses de Memnon.<\/p>\n<p>Apr\u00e8s avoir d\u00e9jeun\u00e9 dans un restaurant \u00e9gyptien typique, vous terminerez votre journ\u00e9e par le temple de Karnak avant de retourner \u00e0 Hurghada.<\/p>\n<h3><span style=\"color: #ff6600;\">Prix du s\u00e9jour de 3 jours au Caire, Assouan et Louxor au d\u00e9part d&rsquo;Hurghada tout inclus<\/span><\/h3>\n<ul>\n<li>Prix adulte = 500 \u20ac<\/li>\n<li>Nourrissons 0-5 ans = gratuit<\/li>\n<li>Enfants 5-11 ans = 50% du prix adulte<\/li>\n<\/ul>\n<p><strong>R\u00e9servation<\/strong><\/p>\n<p>Vous pouvez r\u00e9server votre visite via WhatsApp ou nous envoyer un e-mail et vous recevrez la confirmation sur place.<\/p>\n<p>Veuillez nous envoyer le nom de votre h\u00f4tel, le num\u00e9ro de chambre, les copies de votre passeport<\/p>\n<p>WhatsApp: +201000852186<\/p>\n<p>info@egytourpackages.com<\/p>\n<h3><span style=\"color: #ff6600;\">R\u00e9servez maintenant et payez sur place<\/span><\/h3>\n<p>R\u00e9servez votre visite pr\u00e9f\u00e9r\u00e9e et payez le jour de la visite<\/p>\n<h3><span style=\"color: #ff6600;\">Paiement<\/span><\/h3>\n<p>Vous pouvez payer en livres \u00e9gyptiennes, $, \u20ac ou \u00a3.<\/p>\n<h3><span style=\"color: #ff6600;\">Politique d&rsquo;annulation<\/span><\/h3>\n<ul>\n<li>L&rsquo;annulation est gratuite jusqu&rsquo;\u00e0 24 heures \u00e0 l&rsquo;avance<\/li>\n<li>L&rsquo;annulation le matin est de 50% du prixspanish<\/li>\n<\/ul>\n","protected":false},"excerpt":{"rendered":"<p>Plongez dans l&rsquo;histoire \u00e9gyptienne! Excursion de 3 jours au Caire, Assouan et Louxor au d\u00e9part d&rsquo;Hurghada, tout inclus.Explorez les pyramides et les temples<\/p>\n","protected":false},"featured_media":7204,"comment_status":"open","ping_status":"closed","template":"","meta":[],"product_brand":[],"product_cat":[3124],"product_tag":[3274,3275],"class_list":{"0":"post-7203","1":"product","2":"type-product","3":"status-publish","4":"has-post-thumbnail","6":"product_cat-tours-fr","7":"product_tag-excursions-a-hurghada","8":"product_tag-excursions-dune-journee-en-egypte","9":"tour_category-circuits-de-3-jours-en-egypte","10":"tour_category-excursions-a-hurghada-fr","11":"tour_category-excursions-en-egypte-fr","13":"first","14":"instock","15":"sale","16":"shipping-taxable","17":"purchasable","18":"product-type-tour","19":"has-default-attributes"},"yoast_head":"<!-- This site is optimized with the Yoast SEO Premium plugin v27.2 (Yoast SEO v27.2) - https:\/\/yoast.com\/product\/yoast-seo-premium-wordpress\/ -->\n<title>Excursion de 3 jours au Caire Assouan et Louxor au d\u00e9part d&#039;Hurghada tout inclus<\/title>\n<meta name=\"description\" content=\"Plongez dans l&#039;histoire \u00e9gyptienne! Excursion de 3 jours au Caire, Assouan et Louxor au d\u00e9part d&#039;Hurghada, tout inclus.Explorez les pyramides et les temples\" \/>\n<meta name=\"robots\" content=\"index, follow, max-snippet:-1, max-image-preview:large, max-video-preview:-1\" \/>\n<link rel=\"canonical\" href=\"https:\/\/egytourpackages.com\/fr\/tours\/excursion-de-3-jours-au-caire-assouan-et-louxor-au-depart-dhurghada-tout-inclus\/\" \/>\n<meta property=\"og:locale\" content=\"fr_FR\" \/>\n<meta property=\"og:type\" content=\"article\" \/>\n<meta property=\"og:title\" content=\"Excursion de 3 jours au Caire, Assouan et Louxor au d\u00e9part d&#039;Hurghada, tout inclus\" \/>\n<meta property=\"og:description\" content=\"Plongez dans l&#039;histoire \u00e9gyptienne! Excursion de 3 jours au Caire, Assouan et Louxor au d\u00e9part d&#039;Hurghada, tout inclus.Explorez les pyramides et les temples\" \/>\n<meta property=\"og:url\" content=\"https:\/\/egytourpackages.com\/fr\/tours\/excursion-de-3-jours-au-caire-assouan-et-louxor-au-depart-dhurghada-tout-inclus\/\" \/>\n<meta property=\"og:site_name\" content=\"Egypt Tour Packages\" \/>\n<meta property=\"article:publisher\" content=\"https:\/\/www.facebook.com\/egytourpackages\" \/>\n<meta property=\"article:modified_time\" content=\"2026-01-05T17:05:32+00:00\" \/>\n<meta property=\"og:image\" content=\"https:\/\/egytourpackages.com\/wp-content\/uploads\/2025\/03\/Aswan-Philae-temple.jpg\" \/>\n\t<meta property=\"og:image:width\" content=\"2000\" \/>\n\t<meta property=\"og:image:height\" content=\"1500\" \/>\n\t<meta property=\"og:image:type\" content=\"image\/jpeg\" \/>\n<meta name=\"twitter:card\" content=\"summary_large_image\" \/>\n<meta name=\"twitter:title\" content=\"Excursion de 3 jours au Caire, Assouan et Louxor au d\u00e9part d&#039;Hurghada, tout inclus\" \/>\n<meta name=\"twitter:label1\" content=\"Prix\" \/>\n\t<meta name=\"twitter:data1\" content=\"&euro;500\" \/>\n\t<meta name=\"twitter:label2\" content=\"Disponibilit\u00e9\" \/>\n\t<meta name=\"twitter:data2\" content=\"En stock\" \/>\n<script type=\"application\/ld+json\" class=\"yoast-schema-graph\">{\"@context\":\"https:\/\/schema.org\",\"@graph\":[{\"@type\":\"WebPage\",\"@id\":\"https:\/\/egytourpackages.com\/fr\/tours\/excursion-de-3-jours-au-caire-assouan-et-louxor-au-depart-dhurghada-tout-inclus\/\",\"url\":\"https:\/\/egytourpackages.com\/fr\/tours\/excursion-de-3-jours-au-caire-assouan-et-louxor-au-depart-dhurghada-tout-inclus\/\",\"name\":\"Excursion de 3 jours au Caire Assouan et Louxor au d\u00e9part d'Hurghada tout inclus\",\"isPartOf\":{\"@id\":\"https:\/\/egytourpackages.com\/fr\/#website\"},\"primaryImageOfPage\":{\"@id\":\"https:\/\/egytourpackages.com\/fr\/tours\/excursion-de-3-jours-au-caire-assouan-et-louxor-au-depart-dhurghada-tout-inclus\/#primaryimage\"},\"image\":{\"@id\":\"https:\/\/egytourpackages.com\/fr\/tours\/excursion-de-3-jours-au-caire-assouan-et-louxor-au-depart-dhurghada-tout-inclus\/#primaryimage\"},\"thumbnailUrl\":\"https:\/\/egytourpackages.com\/wp-content\/uploads\/2025\/03\/Aswan-Philae-temple.jpg\",\"datePublished\":\"2025-03-05T22:10:44+00:00\",\"dateModified\":\"2026-01-05T17:05:32+00:00\",\"description\":\"Plongez dans l'histoire \u00e9gyptienne! Excursion de 3 jours au Caire, Assouan et Louxor au d\u00e9part d'Hurghada, tout inclus.Explorez les pyramides et les temples\",\"breadcrumb\":{\"@id\":\"https:\/\/egytourpackages.com\/fr\/tours\/excursion-de-3-jours-au-caire-assouan-et-louxor-au-depart-dhurghada-tout-inclus\/#breadcrumb\"},\"inLanguage\":\"fr-FR\",\"potentialAction\":[{\"@type\":\"ReadAction\",\"target\":[\"https:\/\/egytourpackages.com\/fr\/tours\/excursion-de-3-jours-au-caire-assouan-et-louxor-au-depart-dhurghada-tout-inclus\/\"]}]},{\"@type\":\"ImageObject\",\"inLanguage\":\"fr-FR\",\"@id\":\"https:\/\/egytourpackages.com\/fr\/tours\/excursion-de-3-jours-au-caire-assouan-et-louxor-au-depart-dhurghada-tout-inclus\/#primaryimage\",\"url\":\"https:\/\/egytourpackages.com\/wp-content\/uploads\/2025\/03\/Aswan-Philae-temple.jpg\",\"contentUrl\":\"https:\/\/egytourpackages.com\/wp-content\/uploads\/2025\/03\/Aswan-Philae-temple.jpg\",\"width\":2000,\"height\":1500,\"caption\":\"Excursion de 3 jours au Caire, Assouan et Louxor au d\u00e9part d'Hurghada, tout inclus\"},{\"@type\":\"BreadcrumbList\",\"@id\":\"https:\/\/egytourpackages.com\/fr\/tours\/excursion-de-3-jours-au-caire-assouan-et-louxor-au-depart-dhurghada-tout-inclus\/#breadcrumb\",\"itemListElement\":[{\"@type\":\"ListItem\",\"position\":1,\"name\":\"Home\",\"item\":\"https:\/\/egytourpackages.com\/fr\/circuits-en-egypte\/\"},{\"@type\":\"ListItem\",\"position\":2,\"name\":\"Shop\",\"item\":\"https:\/\/egytourpackages.com\/shop\/\"},{\"@type\":\"ListItem\",\"position\":3,\"name\":\"Excursion de 3 jours au Caire, Assouan et Louxor au d\u00e9part d&rsquo;Hurghada, tout inclus\"}]},{\"@type\":\"WebSite\",\"@id\":\"https:\/\/egytourpackages.com\/fr\/#website\",\"url\":\"https:\/\/egytourpackages.com\/fr\/\",\"name\":\"Egy tour packages\",\"description\":\"\",\"publisher\":{\"@id\":\"https:\/\/egytourpackages.com\/fr\/#organization\"},\"potentialAction\":[{\"@type\":\"SearchAction\",\"target\":{\"@type\":\"EntryPoint\",\"urlTemplate\":\"https:\/\/egytourpackages.com\/fr\/?s={search_term_string}\"},\"query-input\":{\"@type\":\"PropertyValueSpecification\",\"valueRequired\":true,\"valueName\":\"search_term_string\"}}],\"inLanguage\":\"fr-FR\"},{\"@type\":[\"Organization\",\"Place\",\"TravelAgency\"],\"@id\":\"https:\/\/egytourpackages.com\/fr\/#organization\",\"name\":\"egypt tour packages\",\"alternateName\":\"egypt tour packages\",\"url\":\"https:\/\/egytourpackages.com\/fr\/\",\"logo\":{\"@id\":\"https:\/\/egytourpackages.com\/fr\/tours\/excursion-de-3-jours-au-caire-assouan-et-louxor-au-depart-dhurghada-tout-inclus\/#local-main-organization-logo\"},\"image\":{\"@id\":\"https:\/\/egytourpackages.com\/fr\/tours\/excursion-de-3-jours-au-caire-assouan-et-louxor-au-depart-dhurghada-tout-inclus\/#local-main-organization-logo\"},\"sameAs\":[\"https:\/\/www.facebook.com\/egytourpackages\"],\"legalName\":\"Egy tour packages\",\"address\":{\"@id\":\"https:\/\/egytourpackages.com\/fr\/tours\/excursion-de-3-jours-au-caire-assouan-et-louxor-au-depart-dhurghada-tout-inclus\/#local-main-place-address\"},\"telephone\":[\"00201000852186\",\"00201028685533\"],\"contactPoint\":{\"@type\":\"ContactPoint\",\"telephone\":\"00201000852186\"},\"openingHoursSpecification\":[{\"@type\":\"OpeningHoursSpecification\",\"dayOfWeek\":[\"Monday\",\"Tuesday\",\"Wednesday\",\"Thursday\",\"Friday\",\"Saturday\",\"Sunday\"],\"opens\":\"00:00\",\"closes\":\"23:59\"}],\"email\":\"info@egytourpackages.com\",\"areaServed\":\"Cairo, Hurghada, Luxor, Sharm El Sheikh, Marsa Alam, Aswan\",\"priceRange\":\"$\",\"currenciesAccepted\":\"euro\",\"paymentAccepted\":\"Payment links online\"},{\"@type\":\"PostalAddress\",\"@id\":\"https:\/\/egytourpackages.com\/fr\/tours\/excursion-de-3-jours-au-caire-assouan-et-louxor-au-depart-dhurghada-tout-inclus\/#local-main-place-address\",\"streetAddress\":\"Mubarak 8, Al Kawthar District, Hurghada\",\"addressLocality\":\"Hurghada\",\"postalCode\":\"84511\",\"addressRegion\":\"Red Sea\",\"addressCountry\":\"EG\"},{\"@type\":\"ImageObject\",\"inLanguage\":\"fr-FR\",\"@id\":\"https:\/\/egytourpackages.com\/fr\/tours\/excursion-de-3-jours-au-caire-assouan-et-louxor-au-depart-dhurghada-tout-inclus\/#local-main-organization-logo\",\"url\":\"https:\/\/egytourpackages.com\/wp-content\/uploads\/2025\/12\/Turquoise-Dahabiya-Nile-Cruise-1.jpeg\",\"contentUrl\":\"https:\/\/egytourpackages.com\/wp-content\/uploads\/2025\/12\/Turquoise-Dahabiya-Nile-Cruise-1.jpeg\",\"width\":1040,\"height\":694,\"caption\":\"egypt tour packages\"}]}<\/script>\n<meta property=\"product:brand\" content=\"Circuits de 3 jours en \u00c9gypte\" \/>\n<meta property=\"product:price:amount\" content=\"500\" \/>\n<meta property=\"product:price:currency\" content=\"EUR\" \/>\n<meta property=\"og:availability\" content=\"instock\" \/>\n<meta property=\"product:availability\" content=\"instock\" \/>\n<meta property=\"product:retailer_item_id\" content=\"HDT11\" \/>\n<meta property=\"product:condition\" content=\"new\" \/>\n<meta name=\"geo.placename\" content=\"Hurghada\" \/>\n<meta name=\"geo.region\" content=\"\u00c9gypte\" \/>\n<!-- \/ Yoast SEO Premium plugin. -->","yoast_head_json":{"title":"Excursion de 3 jours au Caire Assouan et Louxor au d\u00e9part d'Hurghada tout inclus","description":"Plongez dans l'histoire \u00e9gyptienne! Excursion de 3 jours au Caire, Assouan et Louxor au d\u00e9part d'Hurghada, tout inclus.Explorez les pyramides et les temples","robots":{"index":"index","follow":"follow","max-snippet":"max-snippet:-1","max-image-preview":"max-image-preview:large","max-video-preview":"max-video-preview:-1"},"canonical":"https:\/\/egytourpackages.com\/fr\/tours\/excursion-de-3-jours-au-caire-assouan-et-louxor-au-depart-dhurghada-tout-inclus\/","og_locale":"fr_FR","og_type":"article","og_title":"Excursion de 3 jours au Caire, Assouan et Louxor au d\u00e9part d'Hurghada, tout inclus","og_description":"Plongez dans l'histoire \u00e9gyptienne! Excursion de 3 jours au Caire, Assouan et Louxor au d\u00e9part d'Hurghada, tout inclus.Explorez les pyramides et les temples","og_url":"https:\/\/egytourpackages.com\/fr\/tours\/excursion-de-3-jours-au-caire-assouan-et-louxor-au-depart-dhurghada-tout-inclus\/","og_site_name":"Egypt Tour Packages","article_publisher":"https:\/\/www.facebook.com\/egytourpackages","article_modified_time":"2026-01-05T17:05:32+00:00","og_image":[{"width":2000,"height":1500,"url":"https:\/\/egytourpackages.com\/wp-content\/uploads\/2025\/03\/Aswan-Philae-temple.jpg","type":"image\/jpeg"}],"twitter_card":"summary_large_image","twitter_title":"Excursion de 3 jours au Caire, Assouan et Louxor au d\u00e9part d'Hurghada, tout inclus","twitter_misc":{"Prix":"&euro;500","Disponibilit\u00e9":"En stock"},"schema":{"@context":"https:\/\/schema.org","@graph":[{"@type":"WebPage","@id":"https:\/\/egytourpackages.com\/fr\/tours\/excursion-de-3-jours-au-caire-assouan-et-louxor-au-depart-dhurghada-tout-inclus\/","url":"https:\/\/egytourpackages.com\/fr\/tours\/excursion-de-3-jours-au-caire-assouan-et-louxor-au-depart-dhurghada-tout-inclus\/","name":"Excursion de 3 jours au Caire Assouan et Louxor au d\u00e9part d'Hurghada tout inclus","isPartOf":{"@id":"https:\/\/egytourpackages.com\/fr\/#website"},"primaryImageOfPage":{"@id":"https:\/\/egytourpackages.com\/fr\/tours\/excursion-de-3-jours-au-caire-assouan-et-louxor-au-depart-dhurghada-tout-inclus\/#primaryimage"},"image":{"@id":"https:\/\/egytourpackages.com\/fr\/tours\/excursion-de-3-jours-au-caire-assouan-et-louxor-au-depart-dhurghada-tout-inclus\/#primaryimage"},"thumbnailUrl":"https:\/\/egytourpackages.com\/wp-content\/uploads\/2025\/03\/Aswan-Philae-temple.jpg","datePublished":"2025-03-05T22:10:44+00:00","dateModified":"2026-01-05T17:05:32+00:00","description":"Plongez dans l'histoire \u00e9gyptienne! Excursion de 3 jours au Caire, Assouan et Louxor au d\u00e9part d'Hurghada, tout inclus.Explorez les pyramides et les temples","breadcrumb":{"@id":"https:\/\/egytourpackages.com\/fr\/tours\/excursion-de-3-jours-au-caire-assouan-et-louxor-au-depart-dhurghada-tout-inclus\/#breadcrumb"},"inLanguage":"fr-FR","potentialAction":[{"@type":"ReadAction","target":["https:\/\/egytourpackages.com\/fr\/tours\/excursion-de-3-jours-au-caire-assouan-et-louxor-au-depart-dhurghada-tout-inclus\/"]}]},{"@type":"ImageObject","inLanguage":"fr-FR","@id":"https:\/\/egytourpackages.com\/fr\/tours\/excursion-de-3-jours-au-caire-assouan-et-louxor-au-depart-dhurghada-tout-inclus\/#primaryimage","url":"https:\/\/egytourpackages.com\/wp-content\/uploads\/2025\/03\/Aswan-Philae-temple.jpg","contentUrl":"https:\/\/egytourpackages.com\/wp-content\/uploads\/2025\/03\/Aswan-Philae-temple.jpg","width":2000,"height":1500,"caption":"Excursion de 3 jours au Caire, Assouan et Louxor au d\u00e9part d'Hurghada, tout inclus"},{"@type":"BreadcrumbList","@id":"https:\/\/egytourpackages.com\/fr\/tours\/excursion-de-3-jours-au-caire-assouan-et-louxor-au-depart-dhurghada-tout-inclus\/#breadcrumb","itemListElement":[{"@type":"ListItem","position":1,"name":"Home","item":"https:\/\/egytourpackages.com\/fr\/circuits-en-egypte\/"},{"@type":"ListItem","position":2,"name":"Shop","item":"https:\/\/egytourpackages.com\/shop\/"},{"@type":"ListItem","position":3,"name":"Excursion de 3 jours au Caire, Assouan et Louxor au d\u00e9part d&rsquo;Hurghada, tout inclus"}]},{"@type":"WebSite","@id":"https:\/\/egytourpackages.com\/fr\/#website","url":"https:\/\/egytourpackages.com\/fr\/","name":"Egy tour packages","description":"","publisher":{"@id":"https:\/\/egytourpackages.com\/fr\/#organization"},"potentialAction":[{"@type":"SearchAction","target":{"@type":"EntryPoint","urlTemplate":"https:\/\/egytourpackages.com\/fr\/?s={search_term_string}"},"query-input":{"@type":"PropertyValueSpecification","valueRequired":true,"valueName":"search_term_string"}}],"inLanguage":"fr-FR"},{"@type":["Organization","Place","TravelAgency"],"@id":"https:\/\/egytourpackages.com\/fr\/#organization","name":"egypt tour packages","alternateName":"egypt tour packages","url":"https:\/\/egytourpackages.com\/fr\/","logo":{"@id":"https:\/\/egytourpackages.com\/fr\/tours\/excursion-de-3-jours-au-caire-assouan-et-louxor-au-depart-dhurghada-tout-inclus\/#local-main-organization-logo"},"image":{"@id":"https:\/\/egytourpackages.com\/fr\/tours\/excursion-de-3-jours-au-caire-assouan-et-louxor-au-depart-dhurghada-tout-inclus\/#local-main-organization-logo"},"sameAs":["https:\/\/www.facebook.com\/egytourpackages"],"legalName":"Egy tour packages","address":{"@id":"https:\/\/egytourpackages.com\/fr\/tours\/excursion-de-3-jours-au-caire-assouan-et-louxor-au-depart-dhurghada-tout-inclus\/#local-main-place-address"},"telephone":["00201000852186","00201028685533"],"contactPoint":{"@type":"ContactPoint","telephone":"00201000852186"},"openingHoursSpecification":[{"@type":"OpeningHoursSpecification","dayOfWeek":["Monday","Tuesday","Wednesday","Thursday","Friday","Saturday","Sunday"],"opens":"00:00","closes":"23:59"}],"email":"info@egytourpackages.com","areaServed":"Cairo, Hurghada, Luxor, Sharm El Sheikh, Marsa Alam, Aswan","priceRange":"$","currenciesAccepted":"euro","paymentAccepted":"Payment links online"},{"@type":"PostalAddress","@id":"https:\/\/egytourpackages.com\/fr\/tours\/excursion-de-3-jours-au-caire-assouan-et-louxor-au-depart-dhurghada-tout-inclus\/#local-main-place-address","streetAddress":"Mubarak 8, Al Kawthar District, Hurghada","addressLocality":"Hurghada","postalCode":"84511","addressRegion":"Red Sea","addressCountry":"EG"},{"@type":"ImageObject","inLanguage":"fr-FR","@id":"https:\/\/egytourpackages.com\/fr\/tours\/excursion-de-3-jours-au-caire-assouan-et-louxor-au-depart-dhurghada-tout-inclus\/#local-main-organization-logo","url":"https:\/\/egytourpackages.com\/wp-content\/uploads\/2025\/12\/Turquoise-Dahabiya-Nile-Cruise-1.jpeg","contentUrl":"https:\/\/egytourpackages.com\/wp-content\/uploads\/2025\/12\/Turquoise-Dahabiya-Nile-Cruise-1.jpeg","width":1040,"height":694,"caption":"egypt tour packages"}]},"product_brand":"Circuits de 3 jours en \u00c9gypte","product_price_amount":"500","product_price_currency":"EUR","og_availability":"instock","product_availability":"instock","product_retailer_item_id":"HDT11","product_condition":"new","geo.placename":"Hurghada","geo.region":"\u00c9gypte"},"_links":{"self":[{"href":"https:\/\/egytourpackages.com\/fr\/wp-json\/wp\/v2\/product\/7203","targetHints":{"allow":["GET"]}}],"collection":[{"href":"https:\/\/egytourpackages.com\/fr\/wp-json\/wp\/v2\/product"}],"about":[{"href":"https:\/\/egytourpackages.com\/fr\/wp-json\/wp\/v2\/types\/product"}],"replies":[{"embeddable":true,"href":"https:\/\/egytourpackages.com\/fr\/wp-json\/wp\/v2\/comments?post=7203"}],"wp:featuredmedia":[{"embeddable":true,"href":"https:\/\/egytourpackages.com\/fr\/wp-json\/wp\/v2\/media\/7204"}],"wp:attachment":[{"href":"https:\/\/egytourpackages.com\/fr\/wp-json\/wp\/v2\/media?parent=7203"}],"wp:term":[{"taxonomy":"product_brand","embeddable":true,"href":"https:\/\/egytourpackages.com\/fr\/wp-json\/wp\/v2\/product_brand?post=7203"},{"taxonomy":"product_cat","embeddable":true,"href":"https:\/\/egytourpackages.com\/fr\/wp-json\/wp\/v2\/product_cat?post=7203"},{"taxonomy":"product_tag","embeddable":true,"href":"https:\/\/egytourpackages.com\/fr\/wp-json\/wp\/v2\/product_tag?post=7203"}],"curies":[{"name":"wp","href":"https:\/\/api.w.org\/{rel}","templated":true}]}}