{"id":7214,"date":"2024-07-19T17:14:10","date_gmt":"2024-07-19T17:14:10","guid":{"rendered":"https:\/\/egytourpackages.com\/product\/vol-en-montgolfiere-a-louxor-depuis-hurghada\/"},"modified":"2026-01-06T09:18:42","modified_gmt":"2026-01-06T09:18:42","slug":"vol-en-montgolfiere-a-louxor-depuis-hurghada","status":"publish","type":"product","link":"https:\/\/egytourpackages.com\/fr\/tours\/vol-en-montgolfiere-a-louxor-depuis-hurghada\/","title":{"rendered":"Vol en Montgolfi\u00e8re \u00e0 Louxor depuis Hurghada"},"content":{"rendered":"<p><span style=\"color: #ff6600;\"><strong>Vol en Montgolfi\u00e8re \u00e0 Louxor depuis Hurghada | Circuit d&rsquo;une journ\u00e9e<\/strong><\/span><\/p>\n<h2><span style=\"color: #ff6600;\">Aper\u00e7u<\/span><\/h2>\n<p>Le <strong>vol en montgolfi\u00e8re \u00e0 Louxor depuis Hurghada<\/strong> est con\u00e7u pour ceux qui souhaitent profiter d&rsquo;un tour en montgolfi\u00e8re au-dessus de Louxor tout en ne manquant pas les activit\u00e9s de la <strong>mer Rouge<\/strong>. <strong>Egy Tour Packages<\/strong> propose cette <strong>excursion populaire d&rsquo;une journ\u00e9e \u00e0 Louxor depuis Hurghada<\/strong> qui allie commodit\u00e9 et vues a\u00e9riennes \u00e0 couper le souffle sur les tr\u00e9sors historiques de l&rsquo;\u00c9gypte.<\/p>\n<p>Assistez \u00e0 un lever de soleil spectaculaire sur la <strong>Vall\u00e9e des Rois<\/strong>, le <strong>temple de la reine Hatshepsout<\/strong>, les <strong>Colosses de Memnon<\/strong> et le <strong>Ramesseum<\/strong> d&rsquo;une perspective unique. Ces <strong>excursions depuis Hurghada<\/strong> commencent en fin de journ\u00e9e depuis Hurghada et vous ram\u00e8nent le lendemain vers 14h00 au plus tard. En fait, ce <strong>forfait touristique en \u00c9gypte<\/strong> comprend un transfert priv\u00e9, un guide priv\u00e9 \u00e0 Louxor, mais un vol en montgolfi\u00e8re partag\u00e9 avec d&rsquo;autres t\u00f4t le matin. Ne manquez donc pas cette occasion d&rsquo;ajouter un <strong>vol en montgolfi\u00e8re<\/strong> v\u00e9ritablement magique <strong>\u00e0 Louxor depuis Hurghada<\/strong> \u00e0 votre aventure \u00e9gyptienne, en capturant des photos incroyables et en cr\u00e9ant des souvenirs qui dureront toute une vie.<\/p>\n<h3><span style=\"color: #ff6600;\">D\u00e9tails du tour<\/span><\/h3>\n<ul>\n<li>Dur\u00e9e: 1 nuit<\/li>\n<li>Lieu du tour: Louxor<\/li>\n<li>Disponibilit\u00e9 du tour: Tous les jours<\/li>\n<li>Prise en charge et retour: H\u00f4tels d&rsquo;Hurghada \/ H\u00f4tels d&rsquo;El Gouna \/ H\u00f4tels de Makadi Bay \/ H\u00f4tels de Soma Bay \/ H\u00f4tels de Sahl Hasheesh<\/li>\n<li>Type de tour: Tour priv\u00e9<\/li>\n<li>Convient pour: Couples, familles, seniors, voyageurs en solo<\/li>\n<li>Fauteuil roulant: Accessible<\/li>\n<li><strong>Langue: Fran\u00e7ais<\/strong><\/li>\n<\/ul>\n<h3><span style=\"color: #ff6600;\">Points forts du tour<\/span><\/h3>\n<ul>\n<li>Montgolfi\u00e8re<\/li>\n<li>Vall\u00e9e des Rois<\/li>\n<\/ul>\n<h3><span style=\"color: #ff6600;\">Inclus<\/span><\/h3>\n<ul>\n<li>Transfert aller-retour avec un v\u00e9hicule climatis\u00e9<\/li>\n<li>1 nuit d&rsquo;h\u00e9bergement \u00e0 l&rsquo;h\u00f4tel \u00e0 Louxor avec d\u00eener<\/li>\n<li><strong>Guide arch\u00e9ologue priv\u00e9 parlant fran\u00e7ais<\/strong><\/li>\n<li>Frais d&rsquo;entr\u00e9e pour toutes les visites<\/li>\n<li>Vol en montgolfi\u00e8re<\/li>\n<\/ul>\n<h3><span style=\"color: #ff6600;\">Exclu<\/span><\/h3>\n<ul>\n<li>Boissons pendant le d\u00e9jeuner<\/li>\n<li>Toute tombe suppl\u00e9mentaire dans la Vall\u00e9e des Rois, telle que KV9, KV17 et KV62 (tombe de Tout\u00e2nkhamon)<\/li>\n<li>Promenade en felouque<\/li>\n<li>Pourboires<\/li>\n<\/ul>\n<h3><span style=\"color: #ff6600;\">Que prendre avec vous<\/span><\/h3>\n<ul>\n<li>Vos passeports<\/li>\n<li>Chapeau, lunettes de soleil et cr\u00e8me solaire<\/li>\n<li>Chaussures et v\u00eatements confortables<\/li>\n<li>V\u00eatements chauds en hiver<\/li>\n<\/ul>\n<h3><span style=\"color: #ff6600;\">Itin\u00e9raire<\/span><\/h3>\n<p>Retrouvez votre chauffeur dans le hall de votre h\u00f4tel vers 16h00 pour commencer votre trajet vers Louxor. La distance entre Hurghada et Louxor est d&rsquo;environ 300 km et prend environ 4 heures de route avec une pause-caf\u00e9 en chemin. Le programme sera le suivant:<\/p>\n<ul>\n<li><strong>16h00:<\/strong> Prise en charge dans le hall de votre h\u00f4tel<\/li>\n<li><strong>17h00:<\/strong> Passage du point de contr\u00f4le de Safaga pour commencer votre trajet vers Louxor<\/li>\n<li><strong>18h00:<\/strong> Pause-caf\u00e9<\/li>\n<li><strong>20h00:<\/strong> Arriv\u00e9e \u00e0 l&rsquo;h\u00f4tel \u00e0 Louxor et enregistrement<\/li>\n<li><strong>21h00:<\/strong> D\u00eener \u00e0 l&rsquo;h\u00f4tel et nuit\u00e9e<\/li>\n<\/ul>\n<p><strong>Repas:<\/strong> D\u00eener<\/p>\n<h3><span style=\"color: #ff6600;\">Jour 2, Louxor &#8211; Hurghada<\/span><\/h3>\n<ul>\n<li><strong>04h00:<\/strong> Prise en charge pour le vol en montgolfi\u00e8re<\/li>\n<\/ul>\n<p>Vous serez pris en charge dans le hall de votre h\u00f4tel et conduit \u00e0 la marina du Nil pour traverser le Nil en bateau \u00e0 moteur jusqu&rsquo;\u00e0 la rive ouest de Louxor. Vous serez \u00e0 nouveau transf\u00e9r\u00e9 vers le lieu de d\u00e9collage pour un vol en montgolfi\u00e8re au-dessus de la rive ouest de Louxor. Vous pourrez facilement voir la <strong>Vall\u00e9e des Rois<\/strong>, le <strong>temple d&rsquo;Hatshepsout<\/strong>, le <strong>Ramesseum<\/strong>, les <strong>Colosses de Memnon<\/strong> et <strong>Medinet Habu<\/strong> d&rsquo;en haut. De plus, vous verrez les <strong>tombes des Nobles<\/strong>, la <strong>Vall\u00e9e des Reines<\/strong> et <strong>Deir El Medineh<\/strong> d&rsquo;en haut.<\/p>\n<p>\u00c0 la fin de votre aventure, vous serez transf\u00e9r\u00e9 directement \u00e0 votre h\u00f4tel pour le petit-d\u00e9jeuner.<\/p>\n<ul>\n<li><strong>05h00:<\/strong> D\u00e9collage au-dessus de la rive ouest de Louxor<\/li>\n<li><strong>06h00:<\/strong> Atterrissage sur la rive ouest de Louxor<\/li>\n<li><strong>07h00:<\/strong> Petit-d\u00e9jeuner \u00e0 l&rsquo;h\u00f4tel<\/li>\n<li><strong>08h00:<\/strong> D\u00e9part et d\u00e9but de votre visite<\/li>\n<li><strong>08h30:<\/strong> Visite de la Vall\u00e9e des Rois<\/li>\n<li><strong>10h00:<\/strong> D\u00e9but du trajet de retour vers votre h\u00f4tel \u00e0 Hurghada<\/li>\n<\/ul>\n<h3><span style=\"color: #ff6600;\">Prix du vol en montgolfi\u00e8re \u00e0 Louxor depuis Hurghada<\/span><\/h3>\n<ul>\n<li>Prix adulte = 350 \u20ac<\/li>\n<li>2personnes=230 \u20acpar personne<\/li>\n<li>3 personnes = 200 \u20ac par personne<\/li>\n<li>Enfants 0-5 ans = gratuit<\/li>\n<\/ul>\n<h3><span style=\"color: #ff6600;\">R\u00e9servation<\/span><\/h3>\n<ul>\n<li>Vous pouvez r\u00e9server votre tour via WhatsApp ou nous envoyer un e-mail et vous recevrez la confirmation sur place.<\/li>\n<li>Veuillez nous envoyer le nom de votre h\u00f4tel, le num\u00e9ro de chambre et les copies de votre passeport.<\/li>\n<\/ul>\n<p><strong>WhatsApp:<\/strong> +201000852186<\/p>\n<p><strong>E-mail:<\/strong> info@egytourpackages.com<\/p>\n<h3><span style=\"color: #ff6600;\">R\u00e9servez maintenant et payez sur place<\/span><\/h3>\n<p>R\u00e9servez votre tour pr\u00e9f\u00e9r\u00e9 et payez le jour de l&rsquo;excursion.<\/p>\n<h3><span style=\"color: #ff6600;\">Paiement<\/span><\/h3>\n<p>Vous pouvez payer en livres \u00e9gyptiennes, en dollars ($), en euros (\u20ac) ou en livres sterling (\u00a3).<\/p>\n<h3><span style=\"color: #ff6600;\">Politique d&rsquo;annulation<\/span><\/h3>\n<ul>\n<li>L&rsquo;annulation est gratuite jusqu&rsquo;\u00e0 24 heures \u00e0 l&rsquo;avance.<\/li>\n<li>L&rsquo;annulation le matin m\u00eame est de 50% du prix.<\/li>\n<\/ul>\n","protected":false},"excerpt":{"rendered":"<p>Un vol magique au lever du soleil ! Admirez la Vall\u00e9e des Rois et les temples de Louxor depuis le ciel. Vol en Montgolfi\u00e8re \u00e0 Louxor depuis Hurghada<\/p>\n","protected":false},"featured_media":7215,"comment_status":"open","ping_status":"closed","template":"","meta":[],"product_brand":[],"product_cat":[3124],"product_tag":[3274,3785,3275,3574],"class_list":{"0":"post-7214","1":"product","2":"type-product","3":"status-publish","4":"has-post-thumbnail","6":"product_cat-tours-fr","7":"product_tag-excursions-a-hurghada","8":"product_tag-excursions-a-louxor-depuis-hurghada","9":"product_tag-excursions-dune-journee-en-egypte","10":"product_tag-meilleur-prix-vol-en-montgolfiere-louxor-au-depart-de-hurghada","11":"tour_category-excursions-a-hurghada-fr","12":"tour_category-excursions-en-egypte-fr","14":"first","15":"instock","16":"sale","17":"shipping-taxable","18":"purchasable","19":"product-type-tour","20":"has-default-attributes"},"yoast_head":"<!-- This site is optimized with the Yoast SEO Premium plugin v27.4 (Yoast SEO v27.4) - https:\/\/yoast.com\/product\/yoast-seo-premium-wordpress\/ -->\n<title>Vol en Montgolfi\u00e8re \u00e0 Louxor depuis Hurghada<\/title>\n<meta name=\"description\" content=\"Un vol magique au lever du soleil ! Admirez la Vall\u00e9e des Rois et les temples de Louxor depuis le ciel. Vol en Montgolfi\u00e8re \u00e0 Louxor depuis Hurghada\" \/>\n<meta name=\"robots\" content=\"index, follow, max-snippet:-1, max-image-preview:large, max-video-preview:-1\" \/>\n<link rel=\"canonical\" href=\"https:\/\/egytourpackages.com\/fr\/tours\/vol-en-montgolfiere-a-louxor-depuis-hurghada\/\" \/>\n<meta property=\"og:locale\" content=\"fr_FR\" \/>\n<meta property=\"og:type\" content=\"article\" \/>\n<meta property=\"og:title\" content=\"Vol en Montgolfi\u00e8re \u00e0 Louxor depuis Hurghada\" \/>\n<meta property=\"og:description\" content=\"Un vol magique au lever du soleil ! Admirez la Vall\u00e9e des Rois et les temples de Louxor depuis le ciel. Vol en Montgolfi\u00e8re \u00e0 Louxor depuis Hurghada\" \/>\n<meta property=\"og:url\" content=\"https:\/\/egytourpackages.com\/fr\/tours\/vol-en-montgolfiere-a-louxor-depuis-hurghada\/\" \/>\n<meta property=\"og:site_name\" content=\"Egypt Tour Packages\" \/>\n<meta property=\"article:publisher\" content=\"https:\/\/www.facebook.com\/egytourpackages\" \/>\n<meta property=\"article:modified_time\" content=\"2026-01-06T09:18:42+00:00\" \/>\n<meta property=\"og:image\" content=\"https:\/\/egytourpackages.com\/wp-content\/uploads\/2024\/06\/Hot-Air-Balloon-Luxor-1024x768.jpg\" \/>\n<meta name=\"twitter:card\" content=\"summary_large_image\" \/>\n<meta name=\"twitter:title\" content=\"Vol en Montgolfi\u00e8re \u00e0 Louxor depuis Hurghada\" \/>\n<meta name=\"twitter:label1\" content=\"Prix\" \/>\n\t<meta name=\"twitter:data1\" content=\"&euro;220\" \/>\n\t<meta name=\"twitter:label2\" content=\"Disponibilit\u00e9\" \/>\n\t<meta name=\"twitter:data2\" content=\"En stock\" \/>\n<script type=\"application\/ld+json\" class=\"yoast-schema-graph\">{\"@context\":\"https:\\\/\\\/schema.org\",\"@graph\":[{\"@type\":\"WebPage\",\"@id\":\"https:\\\/\\\/egytourpackages.com\\\/fr\\\/tours\\\/vol-en-montgolfiere-a-louxor-depuis-hurghada\\\/\",\"url\":\"https:\\\/\\\/egytourpackages.com\\\/fr\\\/tours\\\/vol-en-montgolfiere-a-louxor-depuis-hurghada\\\/\",\"name\":\"Vol en Montgolfi\u00e8re \u00e0 Louxor depuis Hurghada\",\"isPartOf\":{\"@id\":\"https:\\\/\\\/egytourpackages.com\\\/fr\\\/#website\"},\"primaryImageOfPage\":{\"@id\":\"https:\\\/\\\/egytourpackages.com\\\/fr\\\/tours\\\/vol-en-montgolfiere-a-louxor-depuis-hurghada\\\/#primaryimage\"},\"image\":{\"@id\":\"https:\\\/\\\/egytourpackages.com\\\/fr\\\/tours\\\/vol-en-montgolfiere-a-louxor-depuis-hurghada\\\/#primaryimage\"},\"thumbnailUrl\":\"https:\\\/\\\/egytourpackages.com\\\/wp-content\\\/uploads\\\/2024\\\/06\\\/Hot-Air-Balloon-Luxor.jpg\",\"datePublished\":\"2024-07-19T17:14:10+00:00\",\"dateModified\":\"2026-01-06T09:18:42+00:00\",\"description\":\"Un vol magique au lever du soleil ! Admirez la Vall\u00e9e des Rois et les temples de Louxor depuis le ciel. Vol en Montgolfi\u00e8re \u00e0 Louxor depuis Hurghada\",\"breadcrumb\":{\"@id\":\"https:\\\/\\\/egytourpackages.com\\\/fr\\\/tours\\\/vol-en-montgolfiere-a-louxor-depuis-hurghada\\\/#breadcrumb\"},\"inLanguage\":\"fr-FR\",\"potentialAction\":[{\"@type\":\"ReadAction\",\"target\":[\"https:\\\/\\\/egytourpackages.com\\\/fr\\\/tours\\\/vol-en-montgolfiere-a-louxor-depuis-hurghada\\\/\"]}]},{\"@type\":\"ImageObject\",\"inLanguage\":\"fr-FR\",\"@id\":\"https:\\\/\\\/egytourpackages.com\\\/fr\\\/tours\\\/vol-en-montgolfiere-a-louxor-depuis-hurghada\\\/#primaryimage\",\"url\":\"https:\\\/\\\/egytourpackages.com\\\/wp-content\\\/uploads\\\/2024\\\/06\\\/Hot-Air-Balloon-Luxor.jpg\",\"contentUrl\":\"https:\\\/\\\/egytourpackages.com\\\/wp-content\\\/uploads\\\/2024\\\/06\\\/Hot-Air-Balloon-Luxor.jpg\",\"width\":1900,\"height\":1425,\"caption\":\"Vol en Montgolfi\u00e8re \u00e0 Louxor depuis Hurghada\"},{\"@type\":\"BreadcrumbList\",\"@id\":\"https:\\\/\\\/egytourpackages.com\\\/fr\\\/tours\\\/vol-en-montgolfiere-a-louxor-depuis-hurghada\\\/#breadcrumb\",\"itemListElement\":[{\"@type\":\"ListItem\",\"position\":1,\"name\":\"Home\",\"item\":\"https:\\\/\\\/egytourpackages.com\\\/fr\\\/circuits-en-egypte\\\/\"},{\"@type\":\"ListItem\",\"position\":2,\"name\":\"Shop\",\"item\":\"https:\\\/\\\/egytourpackages.com\\\/shop\\\/\"},{\"@type\":\"ListItem\",\"position\":3,\"name\":\"Vol en Montgolfi\u00e8re \u00e0 Louxor depuis Hurghada\"}]},{\"@type\":\"WebSite\",\"@id\":\"https:\\\/\\\/egytourpackages.com\\\/fr\\\/#website\",\"url\":\"https:\\\/\\\/egytourpackages.com\\\/fr\\\/\",\"name\":\"Egy tour packages\",\"description\":\"\",\"publisher\":{\"@id\":\"https:\\\/\\\/egytourpackages.com\\\/fr\\\/#organization\"},\"potentialAction\":[{\"@type\":\"SearchAction\",\"target\":{\"@type\":\"EntryPoint\",\"urlTemplate\":\"https:\\\/\\\/egytourpackages.com\\\/fr\\\/?s={search_term_string}\"},\"query-input\":{\"@type\":\"PropertyValueSpecification\",\"valueRequired\":true,\"valueName\":\"search_term_string\"}}],\"inLanguage\":\"fr-FR\"},{\"@type\":[\"Organization\",\"Place\",\"TravelAgency\"],\"@id\":\"https:\\\/\\\/egytourpackages.com\\\/fr\\\/#organization\",\"name\":\"egypt tour packages\",\"alternateName\":\"egypt tour packages\",\"url\":\"https:\\\/\\\/egytourpackages.com\\\/fr\\\/\",\"logo\":{\"@id\":\"https:\\\/\\\/egytourpackages.com\\\/fr\\\/tours\\\/vol-en-montgolfiere-a-louxor-depuis-hurghada\\\/#local-main-organization-logo\"},\"image\":{\"@id\":\"https:\\\/\\\/egytourpackages.com\\\/fr\\\/tours\\\/vol-en-montgolfiere-a-louxor-depuis-hurghada\\\/#local-main-organization-logo\"},\"sameAs\":[\"https:\\\/\\\/www.facebook.com\\\/egytourpackages\"],\"legalName\":\"Egy tour packages\",\"address\":{\"@id\":\"https:\\\/\\\/egytourpackages.com\\\/fr\\\/tours\\\/vol-en-montgolfiere-a-louxor-depuis-hurghada\\\/#local-main-place-address\"},\"telephone\":[\"00201000852186\",\"00201028685533\"],\"contactPoint\":{\"@type\":\"ContactPoint\",\"telephone\":\"00201000852186\"},\"openingHoursSpecification\":[{\"@type\":\"OpeningHoursSpecification\",\"dayOfWeek\":[\"Monday\",\"Tuesday\",\"Wednesday\",\"Thursday\",\"Friday\",\"Saturday\",\"Sunday\"],\"opens\":\"00:00\",\"closes\":\"23:59\"}],\"email\":\"info@egytourpackages.com\",\"areaServed\":\"Cairo, Hurghada, Luxor, Sharm El Sheikh, Marsa Alam, Aswan\",\"priceRange\":\"$\",\"currenciesAccepted\":\"euro\",\"paymentAccepted\":\"Payment links online\"},{\"@type\":\"PostalAddress\",\"@id\":\"https:\\\/\\\/egytourpackages.com\\\/fr\\\/tours\\\/vol-en-montgolfiere-a-louxor-depuis-hurghada\\\/#local-main-place-address\",\"streetAddress\":\"Mubarak 8, Al Kawthar District, Hurghada\",\"addressLocality\":\"Hurghada\",\"postalCode\":\"84511\",\"addressRegion\":\"Red Sea\",\"addressCountry\":\"EG\"},{\"@type\":\"ImageObject\",\"inLanguage\":\"fr-FR\",\"@id\":\"https:\\\/\\\/egytourpackages.com\\\/fr\\\/tours\\\/vol-en-montgolfiere-a-louxor-depuis-hurghada\\\/#local-main-organization-logo\",\"url\":\"https:\\\/\\\/egytourpackages.com\\\/wp-content\\\/uploads\\\/2025\\\/12\\\/Turquoise-Dahabiya-Nile-Cruise-1.jpeg\",\"contentUrl\":\"https:\\\/\\\/egytourpackages.com\\\/wp-content\\\/uploads\\\/2025\\\/12\\\/Turquoise-Dahabiya-Nile-Cruise-1.jpeg\",\"width\":1040,\"height\":694,\"caption\":\"egypt tour packages\"}]}<\/script>\n<meta property=\"product:brand\" content=\"Excursions \u00e0 Hurghada\" \/>\n<meta property=\"product:price:amount\" content=\"220\" \/>\n<meta property=\"product:price:currency\" content=\"EUR\" \/>\n<meta property=\"og:availability\" content=\"instock\" \/>\n<meta property=\"product:availability\" content=\"instock\" \/>\n<meta property=\"product:retailer_item_id\" content=\"HDT18\" \/>\n<meta property=\"product:condition\" content=\"new\" \/>\n<meta name=\"geo.placename\" content=\"Hurghada\" \/>\n<meta name=\"geo.region\" content=\"\u00c9gypte\" \/>\n<!-- \/ Yoast SEO Premium plugin. -->","yoast_head_json":{"title":"Vol en Montgolfi\u00e8re \u00e0 Louxor depuis Hurghada","description":"Un vol magique au lever du soleil ! Admirez la Vall\u00e9e des Rois et les temples de Louxor depuis le ciel. Vol en Montgolfi\u00e8re \u00e0 Louxor depuis Hurghada","robots":{"index":"index","follow":"follow","max-snippet":"max-snippet:-1","max-image-preview":"max-image-preview:large","max-video-preview":"max-video-preview:-1"},"canonical":"https:\/\/egytourpackages.com\/fr\/tours\/vol-en-montgolfiere-a-louxor-depuis-hurghada\/","og_locale":"fr_FR","og_type":"article","og_title":"Vol en Montgolfi\u00e8re \u00e0 Louxor depuis Hurghada","og_description":"Un vol magique au lever du soleil ! Admirez la Vall\u00e9e des Rois et les temples de Louxor depuis le ciel. Vol en Montgolfi\u00e8re \u00e0 Louxor depuis Hurghada","og_url":"https:\/\/egytourpackages.com\/fr\/tours\/vol-en-montgolfiere-a-louxor-depuis-hurghada\/","og_site_name":"Egypt Tour Packages","article_publisher":"https:\/\/www.facebook.com\/egytourpackages","article_modified_time":"2026-01-06T09:18:42+00:00","og_image":[{"url":"https:\/\/egytourpackages.com\/wp-content\/uploads\/2024\/06\/Hot-Air-Balloon-Luxor-1024x768.jpg","type":"","width":"","height":""}],"twitter_card":"summary_large_image","twitter_title":"Vol en Montgolfi\u00e8re \u00e0 Louxor depuis Hurghada","twitter_misc":{"Prix":"&euro;220","Disponibilit\u00e9":"En stock"},"schema":{"@context":"https:\/\/schema.org","@graph":[{"@type":"WebPage","@id":"https:\/\/egytourpackages.com\/fr\/tours\/vol-en-montgolfiere-a-louxor-depuis-hurghada\/","url":"https:\/\/egytourpackages.com\/fr\/tours\/vol-en-montgolfiere-a-louxor-depuis-hurghada\/","name":"Vol en Montgolfi\u00e8re \u00e0 Louxor depuis Hurghada","isPartOf":{"@id":"https:\/\/egytourpackages.com\/fr\/#website"},"primaryImageOfPage":{"@id":"https:\/\/egytourpackages.com\/fr\/tours\/vol-en-montgolfiere-a-louxor-depuis-hurghada\/#primaryimage"},"image":{"@id":"https:\/\/egytourpackages.com\/fr\/tours\/vol-en-montgolfiere-a-louxor-depuis-hurghada\/#primaryimage"},"thumbnailUrl":"https:\/\/egytourpackages.com\/wp-content\/uploads\/2024\/06\/Hot-Air-Balloon-Luxor.jpg","datePublished":"2024-07-19T17:14:10+00:00","dateModified":"2026-01-06T09:18:42+00:00","description":"Un vol magique au lever du soleil ! Admirez la Vall\u00e9e des Rois et les temples de Louxor depuis le ciel. Vol en Montgolfi\u00e8re \u00e0 Louxor depuis Hurghada","breadcrumb":{"@id":"https:\/\/egytourpackages.com\/fr\/tours\/vol-en-montgolfiere-a-louxor-depuis-hurghada\/#breadcrumb"},"inLanguage":"fr-FR","potentialAction":[{"@type":"ReadAction","target":["https:\/\/egytourpackages.com\/fr\/tours\/vol-en-montgolfiere-a-louxor-depuis-hurghada\/"]}]},{"@type":"ImageObject","inLanguage":"fr-FR","@id":"https:\/\/egytourpackages.com\/fr\/tours\/vol-en-montgolfiere-a-louxor-depuis-hurghada\/#primaryimage","url":"https:\/\/egytourpackages.com\/wp-content\/uploads\/2024\/06\/Hot-Air-Balloon-Luxor.jpg","contentUrl":"https:\/\/egytourpackages.com\/wp-content\/uploads\/2024\/06\/Hot-Air-Balloon-Luxor.jpg","width":1900,"height":1425,"caption":"Vol en Montgolfi\u00e8re \u00e0 Louxor depuis Hurghada"},{"@type":"BreadcrumbList","@id":"https:\/\/egytourpackages.com\/fr\/tours\/vol-en-montgolfiere-a-louxor-depuis-hurghada\/#breadcrumb","itemListElement":[{"@type":"ListItem","position":1,"name":"Home","item":"https:\/\/egytourpackages.com\/fr\/circuits-en-egypte\/"},{"@type":"ListItem","position":2,"name":"Shop","item":"https:\/\/egytourpackages.com\/shop\/"},{"@type":"ListItem","position":3,"name":"Vol en Montgolfi\u00e8re \u00e0 Louxor depuis Hurghada"}]},{"@type":"WebSite","@id":"https:\/\/egytourpackages.com\/fr\/#website","url":"https:\/\/egytourpackages.com\/fr\/","name":"Egy tour packages","description":"","publisher":{"@id":"https:\/\/egytourpackages.com\/fr\/#organization"},"potentialAction":[{"@type":"SearchAction","target":{"@type":"EntryPoint","urlTemplate":"https:\/\/egytourpackages.com\/fr\/?s={search_term_string}"},"query-input":{"@type":"PropertyValueSpecification","valueRequired":true,"valueName":"search_term_string"}}],"inLanguage":"fr-FR"},{"@type":["Organization","Place","TravelAgency"],"@id":"https:\/\/egytourpackages.com\/fr\/#organization","name":"egypt tour packages","alternateName":"egypt tour packages","url":"https:\/\/egytourpackages.com\/fr\/","logo":{"@id":"https:\/\/egytourpackages.com\/fr\/tours\/vol-en-montgolfiere-a-louxor-depuis-hurghada\/#local-main-organization-logo"},"image":{"@id":"https:\/\/egytourpackages.com\/fr\/tours\/vol-en-montgolfiere-a-louxor-depuis-hurghada\/#local-main-organization-logo"},"sameAs":["https:\/\/www.facebook.com\/egytourpackages"],"legalName":"Egy tour packages","address":{"@id":"https:\/\/egytourpackages.com\/fr\/tours\/vol-en-montgolfiere-a-louxor-depuis-hurghada\/#local-main-place-address"},"telephone":["00201000852186","00201028685533"],"contactPoint":{"@type":"ContactPoint","telephone":"00201000852186"},"openingHoursSpecification":[{"@type":"OpeningHoursSpecification","dayOfWeek":["Monday","Tuesday","Wednesday","Thursday","Friday","Saturday","Sunday"],"opens":"00:00","closes":"23:59"}],"email":"info@egytourpackages.com","areaServed":"Cairo, Hurghada, Luxor, Sharm El Sheikh, Marsa Alam, Aswan","priceRange":"$","currenciesAccepted":"euro","paymentAccepted":"Payment links online"},{"@type":"PostalAddress","@id":"https:\/\/egytourpackages.com\/fr\/tours\/vol-en-montgolfiere-a-louxor-depuis-hurghada\/#local-main-place-address","streetAddress":"Mubarak 8, Al Kawthar District, Hurghada","addressLocality":"Hurghada","postalCode":"84511","addressRegion":"Red Sea","addressCountry":"EG"},{"@type":"ImageObject","inLanguage":"fr-FR","@id":"https:\/\/egytourpackages.com\/fr\/tours\/vol-en-montgolfiere-a-louxor-depuis-hurghada\/#local-main-organization-logo","url":"https:\/\/egytourpackages.com\/wp-content\/uploads\/2025\/12\/Turquoise-Dahabiya-Nile-Cruise-1.jpeg","contentUrl":"https:\/\/egytourpackages.com\/wp-content\/uploads\/2025\/12\/Turquoise-Dahabiya-Nile-Cruise-1.jpeg","width":1040,"height":694,"caption":"egypt tour packages"}]},"product_brand":"Excursions \u00e0 Hurghada","product_price_amount":"220","product_price_currency":"EUR","og_availability":"instock","product_availability":"instock","product_retailer_item_id":"HDT18","product_condition":"new","geo.placename":"Hurghada","geo.region":"\u00c9gypte"},"_links":{"self":[{"href":"https:\/\/egytourpackages.com\/fr\/wp-json\/wp\/v2\/product\/7214","targetHints":{"allow":["GET"]}}],"collection":[{"href":"https:\/\/egytourpackages.com\/fr\/wp-json\/wp\/v2\/product"}],"about":[{"href":"https:\/\/egytourpackages.com\/fr\/wp-json\/wp\/v2\/types\/product"}],"replies":[{"embeddable":true,"href":"https:\/\/egytourpackages.com\/fr\/wp-json\/wp\/v2\/comments?post=7214"}],"wp:featuredmedia":[{"embeddable":true,"href":"https:\/\/egytourpackages.com\/fr\/wp-json\/wp\/v2\/media\/7215"}],"wp:attachment":[{"href":"https:\/\/egytourpackages.com\/fr\/wp-json\/wp\/v2\/media?parent=7214"}],"wp:term":[{"taxonomy":"product_brand","embeddable":true,"href":"https:\/\/egytourpackages.com\/fr\/wp-json\/wp\/v2\/product_brand?post=7214"},{"taxonomy":"product_cat","embeddable":true,"href":"https:\/\/egytourpackages.com\/fr\/wp-json\/wp\/v2\/product_cat?post=7214"},{"taxonomy":"product_tag","embeddable":true,"href":"https:\/\/egytourpackages.com\/fr\/wp-json\/wp\/v2\/product_tag?post=7214"}],"curies":[{"name":"wp","href":"https:\/\/api.w.org\/{rel}","templated":true}]}}