{"id":7399,"date":"2024-07-23T17:28:16","date_gmt":"2024-07-23T17:28:16","guid":{"rendered":"https:\/\/egytourpackages.com\/product\/safari-en-quad-dans-le-desert-de-marsa-alam\/"},"modified":"2026-01-05T16:02:57","modified_gmt":"2026-01-05T16:02:57","slug":"safari-en-quad-dans-le-desert-de-marsa-alam","status":"publish","type":"product","link":"https:\/\/egytourpackages.com\/fr\/tours\/safari-en-quad-dans-le-desert-de-marsa-alam\/","title":{"rendered":"Safari en Quad dans le D\u00e9sert de Marsa Alam"},"content":{"rendered":"<p><span style=\"color: #ff6600;\"><strong>Safari en Quad dans le D\u00e9sert de Marsa Alam<\/strong><\/span><\/p>\n<p>Pr\u00e9parez-vous pour votre safari matinal en quad dans le d\u00e9sert de <strong>Marsa Alam<\/strong> et d\u00e9couvrez les traditions b\u00e9douines avec nos <strong>tours en \u00c9gypte<\/strong>. Lib\u00e9rez votre esprit d&rsquo;aventure avec un excitant <strong>Safari Matinal en Quad dans le D\u00e9sert de Marsa Alam<\/strong>! En fait, les <strong>tours \u00e0 Marsa Alam<\/strong> offrent le m\u00e9lange parfait d&rsquo;adr\u00e9naline, de beaut\u00e9 naturelle \u00e9poustouflante et d&rsquo;un aper\u00e7u de l&rsquo;<strong>aventure dans le d\u00e9sert \u00e9gyptien<\/strong>. \u00c9chappez \u00e0 la station baln\u00e9aire et plongez au c\u0153ur des sables dor\u00e9s pour une exp\u00e9rience inoubliable. Au cours de ces <strong>tours d&rsquo;une journ\u00e9e en \u00c9gypte<\/strong>, vous profiterez de balades en VTT sur les dunes de sable du d\u00e9sert oriental. Enfin, les <strong>tours \u00e0 Marsa Alam<\/strong> proposent ces excursions de safari dans le d\u00e9sert comme l&rsquo;une des <strong>meilleures activit\u00e9s \u00e0 faire \u00e0 Marsa Alam<\/strong>. Contactez-nous et pr\u00e9parez-vous pour une aventure matinale inoubliable.<\/p>\n<h3><span style=\"color: #ff6600;\">D\u00e9tails<\/span><\/h3>\n<ul>\n<li>Dur\u00e9e: 6 heures<\/li>\n<li>Lieu du tour: D\u00e9sert Oriental, Marsa Alam<\/li>\n<li>Disponibilit\u00e9: Sur demande<\/li>\n<li>Prise en charge et d\u00e9pose: H\u00f4tels de Marsa Alam<\/li>\n<li>Type de tour: Groupe \/ Priv\u00e9<\/li>\n<li><strong>Langue: Fran\u00e7ais<\/strong><\/li>\n<li>Fauteuil roulant: Accessible<\/li>\n<\/ul>\n<h3><span style=\"color: #ff6600;\">Points Forts<\/span><\/h3>\n<ul>\n<li>Balade en VTT sur environ 35 km<\/li>\n<li>Balade \u00e0 dos de chameau<\/li>\n<li>D\u00e9couverte du mode de vie b\u00e9douin<\/li>\n<\/ul>\n<h3><span style=\"color: #ff6600;\">Inclusions<\/span><\/h3>\n<ul>\n<li>Services de prise en charge et de d\u00e9pose depuis les h\u00f4tels de <strong>Marsa Alam<\/strong><\/li>\n<li><strong>Guide professionnel du d\u00e9sert parlant fran\u00e7ai<\/strong>s<\/li>\n<li>Balade \u00e0 dos de chameau dans le d\u00e9sert de Marsa Alam<\/li>\n<li>Tour du village b\u00e9douin avec th\u00e9 b\u00e9douin<\/li>\n<li>Essai de conduite avant le d\u00e9but du tour<\/li>\n<li>VTT simple ou double (Buggy de plage)<\/li>\n<li>Tous les frais de service et taxes sont inclus dans le prix<\/li>\n<\/ul>\n<h3><span style=\"color: #ff6600;\">Exclusions<\/span><\/h3>\n<ul>\n<li>DVD et photos par un cam\u00e9raman<\/li>\n<li>Pourboires<\/li>\n<li>Tout ce qui n&rsquo;est pas mentionn\u00e9 dans le programme<\/li>\n<\/ul>\n<h3><span style=\"color: #ff6600;\">Quoi Emporter<\/span><\/h3>\n<ul>\n<li>Copie de votre passeport<\/li>\n<li>Chapeau, Lunettes de soleil &amp; Cr\u00e8me solaire<\/li>\n<li>Chaussures et v\u00eatements confortables<\/li>\n<\/ul>\n<h3><span style=\"color: #ff6600;\">\u00c0 Noter<\/span><\/h3>\n<ul>\n<li>Il est permis de conduire des VTT \u00e0 partir de 16 ans.<\/li>\n<li>Toutes nos excursions sont enti\u00e8rement assur\u00e9es.<\/li>\n<li>Le port du casque est recommand\u00e9.<\/li>\n<li>Frais suppl\u00e9mentaires<\/li>\n<li>Foulards (5 euros)<\/li>\n<li>Lunettes de protection \u00e0 louer (2 euros par pi\u00e8ce)<\/li>\n<\/ul>\n<h2><span style=\"color: #ff6600;\">Itin\u00e9raire Safari Matinal en Quad dans le D\u00e9sert de Marsa Alam<\/span><\/h2>\n<p>Embarquez pour un excitant <strong>Safari Matinal en Quad dans le D\u00e9sert de Marsa Alam<\/strong>, une aventure palpitante de 3 \u00e0 4 heures. Votre <strong>tour en quad \u00e0 Marsa Alam<\/strong> commence par une prise en charge pratique \u00e0 l&rsquo;h\u00f4tel, qui vous transf\u00e8re \u00e0 la station de quad, au c\u0153ur du <strong>d\u00e9sert de Marsa Alam<\/strong>.<\/p>\n<p>Apr\u00e8s un briefing de s\u00e9curit\u00e9 complet et la remise de l&rsquo;\u00e9quipement, lib\u00e9rez votre esprit d&rsquo;aventure lors d&rsquo;une <strong>exp\u00e9rience en quad<\/strong> d&rsquo;1 \u00e0 1,5 heure, en naviguant sur les <strong>dunes de sable<\/strong> et les vastes <strong>paysages d\u00e9sertiques<\/strong>. Cette balade pleine d&rsquo;adr\u00e9naline offre d&rsquo;incroyables <strong>vues sur le d\u00e9sert<\/strong>.<\/p>\n<p>Le safari inclut un arr\u00eat culturel dans un authentique <strong>village b\u00e9douin<\/strong>, o\u00f9 vous d\u00e9gusterez du th\u00e9 traditionnel et en apprendrez plus sur la vie locale, avec une <strong>balade \u00e0 dos de chameau<\/strong> en option. Tout au long de l&rsquo;<strong>excursion dans le d\u00e9sert<\/strong>, capturez des photos \u00e9poustouflantes du paysage unique.<\/p>\n<p>Le tour se termine par un transfert confortable de retour \u00e0 votre h\u00f4tel \u00e0 <strong>Marsa Alam<\/strong>, ce qui en fait l&rsquo;une des <strong>meilleures activit\u00e9s \u00e0 faire \u00e0 Marsa Alam<\/strong> pour les amateurs d&rsquo;aventure.<\/p>\n<p>R\u00e9servez votre <strong>safari en quad dans le d\u00e9sert de Marsa Alam<\/strong> d\u00e8s aujourd&rsquo;hui et cr\u00e9ez des souvenirs inoubliables au c\u0153ur du d\u00e9sert \u00e9gyptien ! C&rsquo;est sans aucun doute l&rsquo;une des <strong>meilleures choses \u00e0 faire \u00e0 Marsa Alam<\/strong> pour les passionn\u00e9s d&rsquo;aventure.<\/p>\n<h3><span style=\"color: #ff6600;\">Prix Safari Matinal en Quad dans le D\u00e9sert de Marsa Alam<\/span><\/h3>\n<ul>\n<li>Prix par adulte = 35 \u20ac<\/li>\n<li>Enfants de 0 \u00e0 5 ans = gratuit<\/li>\n<li>Enfants de 5 \u00e0 11 ans = 50 % du prix adulte<\/li>\n<\/ul>\n<h3><span style=\"color: #ff6600;\"><strong>R\u00e9servation<\/strong><\/span><\/h3>\n<ul>\n<li>Vous pouvez r\u00e9server votre tour via WhatsApp ou nous envoyer un e-mail et vous recevrez la confirmation sur place.<\/li>\n<li>Veuillez nous envoyer le nom de votre h\u00f4tel, votre num\u00e9ro de chambre et une copie de votre passeport.<\/li>\n<\/ul>\n<p>WhatsApp: +201000852186<\/p>\n<p>info@egytourpackages.com<\/p>\n<h3><span style=\"color: #ff6600;\">R\u00e9servez Maintenant &amp; Payez sur Place<\/span><\/h3>\n<p>R\u00e9servez votre tour pr\u00e9f\u00e9r\u00e9 et payez le jour de l&rsquo;excursion.<\/p>\n<h3><span style=\"color: #ff6600;\">Paiement<\/span><\/h3>\n<p>Vous pouvez payer en livres \u00e9gyptiennes, en dollars ($), en euros (\u20ac) ou en livres sterling (\u00a3).<\/p>\n<h3><span style=\"color: #ff6600;\">Politique d&rsquo;Annulation<\/span><\/h3>\n<ul>\n<li>L&rsquo;annulation est gratuite jusqu&rsquo;\u00e0 24 heures \u00e0 l&rsquo;avance.<\/li>\n<li>L&rsquo;annulation le matin m\u00eame entra\u00eene des frais de 50 % du prix.<\/li>\n<\/ul>\n","protected":false},"excerpt":{"rendered":"<p>Vivez un Safari en Quad dans le D\u00e9sert de Marsa Alam. Explorez le d\u00e9sert, B\u00e9douins et faites une balade \u00e0 dos de chameau pour une aventure unique.<\/p>\n","protected":false},"featured_media":7400,"comment_status":"open","ping_status":"closed","template":"","meta":[],"product_brand":[],"product_cat":[3124],"product_tag":[3275,3603,3276],"class_list":{"0":"post-7399","1":"product","2":"type-product","3":"status-publish","4":"has-post-thumbnail","6":"product_cat-tours-fr","7":"product_tag-excursions-dune-journee-en-egypte","8":"product_tag-randonnee-en-quad","9":"product_tag-visites-guidees-de-marsa-alam","10":"tour_category-circuits-et-excursions-marsa-alam-fr","11":"tour_category-excursions-en-egypte-fr","13":"first","14":"instock","15":"sale","16":"shipping-taxable","17":"purchasable","18":"product-type-tour","19":"has-default-attributes"},"yoast_head":"<!-- This site is optimized with the Yoast SEO Premium plugin v27.4 (Yoast SEO v27.4) - https:\/\/yoast.com\/product\/yoast-seo-premium-wordpress\/ -->\n<title>Safari en Quad dans le D\u00e9sert de Marsa Alam: Egy tour packages<\/title>\n<meta name=\"description\" content=\"Vivez un Safari en Quad dans le D\u00e9sert de Marsa Alam. Explorez le d\u00e9sert, B\u00e9douins et faites une balade \u00e0 dos de chameau pour une aventure unique.\" \/>\n<meta name=\"robots\" content=\"index, follow, max-snippet:-1, max-image-preview:large, max-video-preview:-1\" \/>\n<link rel=\"canonical\" href=\"https:\/\/egytourpackages.com\/fr\/tours\/safari-en-quad-dans-le-desert-de-marsa-alam\/\" \/>\n<meta property=\"og:locale\" content=\"fr_FR\" \/>\n<meta property=\"og:type\" content=\"article\" \/>\n<meta property=\"og:title\" content=\"Safari en Quad dans le D\u00e9sert de Marsa Alam\" \/>\n<meta property=\"og:description\" content=\"Vivez un Safari en Quad dans le D\u00e9sert de Marsa Alam. Explorez le d\u00e9sert, B\u00e9douins et faites une balade \u00e0 dos de chameau pour une aventure unique.\" \/>\n<meta property=\"og:url\" content=\"https:\/\/egytourpackages.com\/fr\/tours\/safari-en-quad-dans-le-desert-de-marsa-alam\/\" \/>\n<meta property=\"og:site_name\" content=\"Egypt Tour Packages\" \/>\n<meta property=\"article:publisher\" content=\"https:\/\/www.facebook.com\/egytourpackages\" \/>\n<meta property=\"article:modified_time\" content=\"2026-01-05T16:02:57+00:00\" \/>\n<meta property=\"og:image\" content=\"https:\/\/egytourpackages.com\/wp-content\/uploads\/2024\/07\/Quad-Bike-desert-Safari-1024x682.jpeg\" \/>\n<meta name=\"twitter:card\" content=\"summary_large_image\" \/>\n<meta name=\"twitter:title\" content=\"Safari en Quad dans le D\u00e9sert de Marsa Alam\" \/>\n<meta name=\"twitter:label1\" content=\"Prix\" \/>\n\t<meta name=\"twitter:data1\" content=\"&euro;35\" \/>\n\t<meta name=\"twitter:label2\" content=\"Disponibilit\u00e9\" \/>\n\t<meta name=\"twitter:data2\" content=\"En stock\" \/>\n<script type=\"application\/ld+json\" class=\"yoast-schema-graph\">{\"@context\":\"https:\\\/\\\/schema.org\",\"@graph\":[{\"@type\":\"WebPage\",\"@id\":\"https:\\\/\\\/egytourpackages.com\\\/fr\\\/tours\\\/safari-en-quad-dans-le-desert-de-marsa-alam\\\/\",\"url\":\"https:\\\/\\\/egytourpackages.com\\\/fr\\\/tours\\\/safari-en-quad-dans-le-desert-de-marsa-alam\\\/\",\"name\":\"Safari en Quad dans le D\u00e9sert de Marsa Alam: Egy tour packages\",\"isPartOf\":{\"@id\":\"https:\\\/\\\/egytourpackages.com\\\/fr\\\/#website\"},\"primaryImageOfPage\":{\"@id\":\"https:\\\/\\\/egytourpackages.com\\\/fr\\\/tours\\\/safari-en-quad-dans-le-desert-de-marsa-alam\\\/#primaryimage\"},\"image\":{\"@id\":\"https:\\\/\\\/egytourpackages.com\\\/fr\\\/tours\\\/safari-en-quad-dans-le-desert-de-marsa-alam\\\/#primaryimage\"},\"thumbnailUrl\":\"https:\\\/\\\/egytourpackages.com\\\/wp-content\\\/uploads\\\/2024\\\/07\\\/Quad-Bike-desert-Safari.jpeg\",\"datePublished\":\"2024-07-23T17:28:16+00:00\",\"dateModified\":\"2026-01-05T16:02:57+00:00\",\"description\":\"Vivez un Safari en Quad dans le D\u00e9sert de Marsa Alam. Explorez le d\u00e9sert, B\u00e9douins et faites une balade \u00e0 dos de chameau pour une aventure unique.\",\"breadcrumb\":{\"@id\":\"https:\\\/\\\/egytourpackages.com\\\/fr\\\/tours\\\/safari-en-quad-dans-le-desert-de-marsa-alam\\\/#breadcrumb\"},\"inLanguage\":\"fr-FR\",\"potentialAction\":[{\"@type\":\"ReadAction\",\"target\":[\"https:\\\/\\\/egytourpackages.com\\\/fr\\\/tours\\\/safari-en-quad-dans-le-desert-de-marsa-alam\\\/\"]}]},{\"@type\":\"ImageObject\",\"inLanguage\":\"fr-FR\",\"@id\":\"https:\\\/\\\/egytourpackages.com\\\/fr\\\/tours\\\/safari-en-quad-dans-le-desert-de-marsa-alam\\\/#primaryimage\",\"url\":\"https:\\\/\\\/egytourpackages.com\\\/wp-content\\\/uploads\\\/2024\\\/07\\\/Quad-Bike-desert-Safari.jpeg\",\"contentUrl\":\"https:\\\/\\\/egytourpackages.com\\\/wp-content\\\/uploads\\\/2024\\\/07\\\/Quad-Bike-desert-Safari.jpeg\",\"width\":1280,\"height\":853,\"caption\":\"Safari en Quad dans le D\u00e9sert de Marsa Alam\"},{\"@type\":\"BreadcrumbList\",\"@id\":\"https:\\\/\\\/egytourpackages.com\\\/fr\\\/tours\\\/safari-en-quad-dans-le-desert-de-marsa-alam\\\/#breadcrumb\",\"itemListElement\":[{\"@type\":\"ListItem\",\"position\":1,\"name\":\"Home\",\"item\":\"https:\\\/\\\/egytourpackages.com\\\/fr\\\/circuits-en-egypte\\\/\"},{\"@type\":\"ListItem\",\"position\":2,\"name\":\"Shop\",\"item\":\"https:\\\/\\\/egytourpackages.com\\\/shop\\\/\"},{\"@type\":\"ListItem\",\"position\":3,\"name\":\"Safari en Quad dans le D\u00e9sert de Marsa Alam\"}]},{\"@type\":\"WebSite\",\"@id\":\"https:\\\/\\\/egytourpackages.com\\\/fr\\\/#website\",\"url\":\"https:\\\/\\\/egytourpackages.com\\\/fr\\\/\",\"name\":\"Egy tour packages\",\"description\":\"\",\"publisher\":{\"@id\":\"https:\\\/\\\/egytourpackages.com\\\/fr\\\/#organization\"},\"potentialAction\":[{\"@type\":\"SearchAction\",\"target\":{\"@type\":\"EntryPoint\",\"urlTemplate\":\"https:\\\/\\\/egytourpackages.com\\\/fr\\\/?s={search_term_string}\"},\"query-input\":{\"@type\":\"PropertyValueSpecification\",\"valueRequired\":true,\"valueName\":\"search_term_string\"}}],\"inLanguage\":\"fr-FR\"},{\"@type\":[\"Organization\",\"Place\",\"TravelAgency\"],\"@id\":\"https:\\\/\\\/egytourpackages.com\\\/fr\\\/#organization\",\"name\":\"egypt tour packages\",\"alternateName\":\"egypt tour packages\",\"url\":\"https:\\\/\\\/egytourpackages.com\\\/fr\\\/\",\"logo\":{\"@id\":\"https:\\\/\\\/egytourpackages.com\\\/fr\\\/tours\\\/safari-en-quad-dans-le-desert-de-marsa-alam\\\/#local-main-organization-logo\"},\"image\":{\"@id\":\"https:\\\/\\\/egytourpackages.com\\\/fr\\\/tours\\\/safari-en-quad-dans-le-desert-de-marsa-alam\\\/#local-main-organization-logo\"},\"sameAs\":[\"https:\\\/\\\/www.facebook.com\\\/egytourpackages\"],\"legalName\":\"Egy tour packages\",\"address\":{\"@id\":\"https:\\\/\\\/egytourpackages.com\\\/fr\\\/tours\\\/safari-en-quad-dans-le-desert-de-marsa-alam\\\/#local-main-place-address\"},\"telephone\":[\"00201000852186\",\"00201028685533\"],\"contactPoint\":{\"@type\":\"ContactPoint\",\"telephone\":\"00201000852186\"},\"openingHoursSpecification\":[{\"@type\":\"OpeningHoursSpecification\",\"dayOfWeek\":[\"Monday\",\"Tuesday\",\"Wednesday\",\"Thursday\",\"Friday\",\"Saturday\",\"Sunday\"],\"opens\":\"00:00\",\"closes\":\"23:59\"}],\"email\":\"info@egytourpackages.com\",\"areaServed\":\"Cairo, Hurghada, Luxor, Sharm El Sheikh, Marsa Alam, Aswan\",\"priceRange\":\"$\",\"currenciesAccepted\":\"euro\",\"paymentAccepted\":\"Payment links online\"},{\"@type\":\"PostalAddress\",\"@id\":\"https:\\\/\\\/egytourpackages.com\\\/fr\\\/tours\\\/safari-en-quad-dans-le-desert-de-marsa-alam\\\/#local-main-place-address\",\"streetAddress\":\"Mubarak 8, Al Kawthar District, Hurghada\",\"addressLocality\":\"Hurghada\",\"postalCode\":\"84511\",\"addressRegion\":\"Red Sea\",\"addressCountry\":\"EG\"},{\"@type\":\"ImageObject\",\"inLanguage\":\"fr-FR\",\"@id\":\"https:\\\/\\\/egytourpackages.com\\\/fr\\\/tours\\\/safari-en-quad-dans-le-desert-de-marsa-alam\\\/#local-main-organization-logo\",\"url\":\"https:\\\/\\\/egytourpackages.com\\\/wp-content\\\/uploads\\\/2025\\\/12\\\/Turquoise-Dahabiya-Nile-Cruise-1.jpeg\",\"contentUrl\":\"https:\\\/\\\/egytourpackages.com\\\/wp-content\\\/uploads\\\/2025\\\/12\\\/Turquoise-Dahabiya-Nile-Cruise-1.jpeg\",\"width\":1040,\"height\":694,\"caption\":\"egypt tour packages\"}]}<\/script>\n<meta property=\"product:brand\" content=\"Circuits et excursions Marsa Alam\" \/>\n<meta property=\"product:price:amount\" content=\"35\" \/>\n<meta property=\"product:price:currency\" content=\"EUR\" \/>\n<meta property=\"og:availability\" content=\"instock\" \/>\n<meta property=\"product:availability\" content=\"instock\" \/>\n<meta property=\"product:retailer_item_id\" content=\"MAT06\" \/>\n<meta property=\"product:condition\" content=\"new\" \/>\n<meta name=\"geo.placename\" content=\"Hurghada\" \/>\n<meta name=\"geo.region\" content=\"\u00c9gypte\" \/>\n<!-- \/ Yoast SEO Premium plugin. -->","yoast_head_json":{"title":"Safari en Quad dans le D\u00e9sert de Marsa Alam: Egy tour packages","description":"Vivez un Safari en Quad dans le D\u00e9sert de Marsa Alam. Explorez le d\u00e9sert, B\u00e9douins et faites une balade \u00e0 dos de chameau pour une aventure unique.","robots":{"index":"index","follow":"follow","max-snippet":"max-snippet:-1","max-image-preview":"max-image-preview:large","max-video-preview":"max-video-preview:-1"},"canonical":"https:\/\/egytourpackages.com\/fr\/tours\/safari-en-quad-dans-le-desert-de-marsa-alam\/","og_locale":"fr_FR","og_type":"article","og_title":"Safari en Quad dans le D\u00e9sert de Marsa Alam","og_description":"Vivez un Safari en Quad dans le D\u00e9sert de Marsa Alam. Explorez le d\u00e9sert, B\u00e9douins et faites une balade \u00e0 dos de chameau pour une aventure unique.","og_url":"https:\/\/egytourpackages.com\/fr\/tours\/safari-en-quad-dans-le-desert-de-marsa-alam\/","og_site_name":"Egypt Tour Packages","article_publisher":"https:\/\/www.facebook.com\/egytourpackages","article_modified_time":"2026-01-05T16:02:57+00:00","og_image":[{"url":"https:\/\/egytourpackages.com\/wp-content\/uploads\/2024\/07\/Quad-Bike-desert-Safari-1024x682.jpeg","type":"","width":"","height":""}],"twitter_card":"summary_large_image","twitter_title":"Safari en Quad dans le D\u00e9sert de Marsa Alam","twitter_misc":{"Prix":"&euro;35","Disponibilit\u00e9":"En stock"},"schema":{"@context":"https:\/\/schema.org","@graph":[{"@type":"WebPage","@id":"https:\/\/egytourpackages.com\/fr\/tours\/safari-en-quad-dans-le-desert-de-marsa-alam\/","url":"https:\/\/egytourpackages.com\/fr\/tours\/safari-en-quad-dans-le-desert-de-marsa-alam\/","name":"Safari en Quad dans le D\u00e9sert de Marsa Alam: Egy tour packages","isPartOf":{"@id":"https:\/\/egytourpackages.com\/fr\/#website"},"primaryImageOfPage":{"@id":"https:\/\/egytourpackages.com\/fr\/tours\/safari-en-quad-dans-le-desert-de-marsa-alam\/#primaryimage"},"image":{"@id":"https:\/\/egytourpackages.com\/fr\/tours\/safari-en-quad-dans-le-desert-de-marsa-alam\/#primaryimage"},"thumbnailUrl":"https:\/\/egytourpackages.com\/wp-content\/uploads\/2024\/07\/Quad-Bike-desert-Safari.jpeg","datePublished":"2024-07-23T17:28:16+00:00","dateModified":"2026-01-05T16:02:57+00:00","description":"Vivez un Safari en Quad dans le D\u00e9sert de Marsa Alam. Explorez le d\u00e9sert, B\u00e9douins et faites une balade \u00e0 dos de chameau pour une aventure unique.","breadcrumb":{"@id":"https:\/\/egytourpackages.com\/fr\/tours\/safari-en-quad-dans-le-desert-de-marsa-alam\/#breadcrumb"},"inLanguage":"fr-FR","potentialAction":[{"@type":"ReadAction","target":["https:\/\/egytourpackages.com\/fr\/tours\/safari-en-quad-dans-le-desert-de-marsa-alam\/"]}]},{"@type":"ImageObject","inLanguage":"fr-FR","@id":"https:\/\/egytourpackages.com\/fr\/tours\/safari-en-quad-dans-le-desert-de-marsa-alam\/#primaryimage","url":"https:\/\/egytourpackages.com\/wp-content\/uploads\/2024\/07\/Quad-Bike-desert-Safari.jpeg","contentUrl":"https:\/\/egytourpackages.com\/wp-content\/uploads\/2024\/07\/Quad-Bike-desert-Safari.jpeg","width":1280,"height":853,"caption":"Safari en Quad dans le D\u00e9sert de Marsa Alam"},{"@type":"BreadcrumbList","@id":"https:\/\/egytourpackages.com\/fr\/tours\/safari-en-quad-dans-le-desert-de-marsa-alam\/#breadcrumb","itemListElement":[{"@type":"ListItem","position":1,"name":"Home","item":"https:\/\/egytourpackages.com\/fr\/circuits-en-egypte\/"},{"@type":"ListItem","position":2,"name":"Shop","item":"https:\/\/egytourpackages.com\/shop\/"},{"@type":"ListItem","position":3,"name":"Safari en Quad dans le D\u00e9sert de Marsa Alam"}]},{"@type":"WebSite","@id":"https:\/\/egytourpackages.com\/fr\/#website","url":"https:\/\/egytourpackages.com\/fr\/","name":"Egy tour packages","description":"","publisher":{"@id":"https:\/\/egytourpackages.com\/fr\/#organization"},"potentialAction":[{"@type":"SearchAction","target":{"@type":"EntryPoint","urlTemplate":"https:\/\/egytourpackages.com\/fr\/?s={search_term_string}"},"query-input":{"@type":"PropertyValueSpecification","valueRequired":true,"valueName":"search_term_string"}}],"inLanguage":"fr-FR"},{"@type":["Organization","Place","TravelAgency"],"@id":"https:\/\/egytourpackages.com\/fr\/#organization","name":"egypt tour packages","alternateName":"egypt tour packages","url":"https:\/\/egytourpackages.com\/fr\/","logo":{"@id":"https:\/\/egytourpackages.com\/fr\/tours\/safari-en-quad-dans-le-desert-de-marsa-alam\/#local-main-organization-logo"},"image":{"@id":"https:\/\/egytourpackages.com\/fr\/tours\/safari-en-quad-dans-le-desert-de-marsa-alam\/#local-main-organization-logo"},"sameAs":["https:\/\/www.facebook.com\/egytourpackages"],"legalName":"Egy tour packages","address":{"@id":"https:\/\/egytourpackages.com\/fr\/tours\/safari-en-quad-dans-le-desert-de-marsa-alam\/#local-main-place-address"},"telephone":["00201000852186","00201028685533"],"contactPoint":{"@type":"ContactPoint","telephone":"00201000852186"},"openingHoursSpecification":[{"@type":"OpeningHoursSpecification","dayOfWeek":["Monday","Tuesday","Wednesday","Thursday","Friday","Saturday","Sunday"],"opens":"00:00","closes":"23:59"}],"email":"info@egytourpackages.com","areaServed":"Cairo, Hurghada, Luxor, Sharm El Sheikh, Marsa Alam, Aswan","priceRange":"$","currenciesAccepted":"euro","paymentAccepted":"Payment links online"},{"@type":"PostalAddress","@id":"https:\/\/egytourpackages.com\/fr\/tours\/safari-en-quad-dans-le-desert-de-marsa-alam\/#local-main-place-address","streetAddress":"Mubarak 8, Al Kawthar District, Hurghada","addressLocality":"Hurghada","postalCode":"84511","addressRegion":"Red Sea","addressCountry":"EG"},{"@type":"ImageObject","inLanguage":"fr-FR","@id":"https:\/\/egytourpackages.com\/fr\/tours\/safari-en-quad-dans-le-desert-de-marsa-alam\/#local-main-organization-logo","url":"https:\/\/egytourpackages.com\/wp-content\/uploads\/2025\/12\/Turquoise-Dahabiya-Nile-Cruise-1.jpeg","contentUrl":"https:\/\/egytourpackages.com\/wp-content\/uploads\/2025\/12\/Turquoise-Dahabiya-Nile-Cruise-1.jpeg","width":1040,"height":694,"caption":"egypt tour packages"}]},"product_brand":"Circuits et excursions Marsa Alam","product_price_amount":"35","product_price_currency":"EUR","og_availability":"instock","product_availability":"instock","product_retailer_item_id":"MAT06","product_condition":"new","geo.placename":"Hurghada","geo.region":"\u00c9gypte"},"_links":{"self":[{"href":"https:\/\/egytourpackages.com\/fr\/wp-json\/wp\/v2\/product\/7399","targetHints":{"allow":["GET"]}}],"collection":[{"href":"https:\/\/egytourpackages.com\/fr\/wp-json\/wp\/v2\/product"}],"about":[{"href":"https:\/\/egytourpackages.com\/fr\/wp-json\/wp\/v2\/types\/product"}],"replies":[{"embeddable":true,"href":"https:\/\/egytourpackages.com\/fr\/wp-json\/wp\/v2\/comments?post=7399"}],"wp:featuredmedia":[{"embeddable":true,"href":"https:\/\/egytourpackages.com\/fr\/wp-json\/wp\/v2\/media\/7400"}],"wp:attachment":[{"href":"https:\/\/egytourpackages.com\/fr\/wp-json\/wp\/v2\/media?parent=7399"}],"wp:term":[{"taxonomy":"product_brand","embeddable":true,"href":"https:\/\/egytourpackages.com\/fr\/wp-json\/wp\/v2\/product_brand?post=7399"},{"taxonomy":"product_cat","embeddable":true,"href":"https:\/\/egytourpackages.com\/fr\/wp-json\/wp\/v2\/product_cat?post=7399"},{"taxonomy":"product_tag","embeddable":true,"href":"https:\/\/egytourpackages.com\/fr\/wp-json\/wp\/v2\/product_tag?post=7399"}],"curies":[{"name":"wp","href":"https:\/\/api.w.org\/{rel}","templated":true}]}}