{"id":7415,"date":"2024-07-24T11:10:06","date_gmt":"2024-07-24T11:10:06","guid":{"rendered":"https:\/\/egytourpackages.com\/product\/excursion-au-caire-depuis-hurghada-en-van-maximum-8-personnes\/"},"modified":"2026-01-05T16:59:57","modified_gmt":"2026-01-05T16:59:57","slug":"excursion-au-caire-depuis-hurghada-en-van-maximum-8-personnes","status":"publish","type":"product","link":"https:\/\/egytourpackages.com\/fr\/tours\/excursion-au-caire-depuis-hurghada-en-van-maximum-8-personnes\/","title":{"rendered":"Excursion au Caire depuis Hurghada en van maximum 8 personnes"},"content":{"rendered":"<p><span style=\"color: #ff6600;\"><strong>Excursion au Caire depuis Hurghada en van maximum 8 personnes<\/strong><\/span><\/p>\n<p>R\u00e9servez une <strong>excursion guid\u00e9e au Caire depuis Hurghada en van<\/strong> pour explorer les myst\u00e9rieuses <strong>pyramides de Gizeh<\/strong> avec un petit groupe (maximum 8 personnes) et profitez des <strong>tours en \u00c9gypte<\/strong>. Cette <strong>excursion depuis Hurghada<\/strong> est faite pour ceux qui pr\u00e9f\u00e8rent \u00e9viter les grands groupes et passer plus de temps \u00e0 admirer les sites. Votre <strong>excursion d&rsquo;une journ\u00e9e au Caire<\/strong> inclut la visite du <strong>Mus\u00e9e \u00c9gyptien<\/strong>, qui abrite des tr\u00e9sors de l&rsquo;<strong>Ancien Empire<\/strong>, du <strong>Moyen Empire<\/strong> et du <strong>Nouvel Empire<\/strong>. Vous y d\u00e9couvrirez notamment les tr\u00e9sors de <strong>Toutankhamon<\/strong> trouv\u00e9s dans son tombeau dans la <strong>Vall\u00e9e des Rois<\/strong> \u00e0 Louxor. Vous verrez aussi les c\u00e9l\u00e8bres pyramides de <strong>Kh\u00e9ops<\/strong>, <strong>Khafr\u00e9<\/strong>, <strong>Myk\u00e9rinos<\/strong>, ainsi que le <strong>temple de la Vall\u00e9e<\/strong> et le <strong>Grand Sphinx<\/strong>.<\/p>\n<p>Contactez-nous pour vous garantir les meilleurs services, un v\u00e9hicule neuf et un guide \u00e9gyptologue professionnel.<\/p>\n<h3><span style=\"color: #ff6600;\">D\u00e9tails du Tour<\/span><\/h3>\n<ul>\n<li>Dur\u00e9e: 19 Heures<\/li>\n<li>Lieu: Le Caire<\/li>\n<li>Disponibilit\u00e9: Tous les jours sur demande<\/li>\n<li>Point de d\u00e9part et de retour: H\u00f4tels d&rsquo;Hurghada<\/li>\n<li>Type de Tour: Priv\u00e9<\/li>\n<li><strong>Langue: Fran\u00e7ais<\/strong><\/li>\n<li>Fauteuil roulant: Accessible<\/li>\n<\/ul>\n<h3><span style=\"color: #ff6600;\">Points Forts du Tour<\/span><\/h3>\n<ul>\n<li>Mus\u00e9e \u00c9gyptien<\/li>\n<li>Pyramides de Gizeh<\/li>\n<li>Le Grand Sphinx<\/li>\n<li>Temple de la Momification<\/li>\n<li>D\u00e9jeuner<\/li>\n<\/ul>\n<h3><span style=\"color: #ff6600;\">Inclusions<\/span><\/h3>\n<ul>\n<li>Transfert en v\u00e9hicule neuf et climatis\u00e9<\/li>\n<li>Frais d&rsquo;entr\u00e9e pour tous les sites mentionn\u00e9s dans le programme<\/li>\n<li>D\u00e9jeuner de qualit\u00e9 dans un restaurant local<\/li>\n<li><strong>le guide parle fran\u00e7ais<\/strong><\/li>\n<li>Bouteilles d&rsquo;eau pendant la journ\u00e9e<\/li>\n<\/ul>\n<h3><span style=\"color: #ff6600;\">Exclusions<\/span><\/h3>\n<ul>\n<li>Frais d&rsquo;entr\u00e9e pour la pyramide de Kh\u00e9ops<\/li>\n<li>Frais d&rsquo;entr\u00e9e pour la pyramide de Myk\u00e9rinos<\/li>\n<li>Boissons pendant le d\u00e9jeuner<\/li>\n<li>Pourboires pour le guide et le chauffeur<\/li>\n<\/ul>\n<h3><span style=\"color: #ff6600;\">Quoi Emporter<\/span><\/h3>\n<ul>\n<li>Chaussures et v\u00eatements confortables<\/li>\n<li>Chapeau<\/li>\n<li>Lunettes de soleil<\/li>\n<li>Cr\u00e8me solaire<\/li>\n<li>Veste chaude en hiver<\/li>\n<\/ul>\n<h2><span style=\"color: #ff6600;\">Itin\u00e9raire du Tour<\/span><\/h2>\n<p><strong>Heure de prise en charge<\/strong> Vers 02h00 du matin, selon votre h\u00f4tel \u00e0 Hurghada, vous serez pris en charge pour commencer votre <strong>excursion d&rsquo;une journ\u00e9e au Caire<\/strong>, apr\u00e8s avoir r\u00e9cup\u00e9r\u00e9 vos bo\u00eetes de petit-d\u00e9jeuner \u00e0 la r\u00e9ception.<\/p>\n<h3><span style=\"color: #ff6600;\">Point de contr\u00f4le 03h00 du matin: <\/span><\/h3>\n<p>passage du point de contr\u00f4le \u00e0 El Gouna et d\u00e9but de votre <strong>tour depuis Hurghada<\/strong>.<\/p>\n<h3><span style=\"color: #ff6600;\">Pause-caf\u00e9 06h00 du matin: <\/span><\/h3>\n<p>profitez d&rsquo;une courte pause \u00e0 l&rsquo;aire de repos de Zaafarana pour utiliser les toilettes (20 L.E par personne), prendre votre caf\u00e9 et votre petit-d\u00e9jeuner. 06h30: d\u00e9part pour le reste du trajet vers Le Caire.<\/p>\n<h3><span style=\"color: #ff6600;\">Mus\u00e9e \u00c9gyptien du Caire 09h00 du matin: <\/span><\/h3>\n<p>commencez votre journ\u00e9e avec votre guide \u00e9gyptologue professionnel au <strong>Mus\u00e9e \u00c9gyptien<\/strong>, le plus grand du monde. Ici, vous vous \u00e9merveillerez devant les artefacts \u00e9gyptiens de diff\u00e9rentes \u00e9poques. Vous y verrez des sarcophages, des st\u00e8les, des momies, des momies d&rsquo;animaux, des statues, et bien plus encore.<\/p>\n<h3><span style=\"color: #ff6600;\">11h00 du matin: d\u00e9jeuner <\/span><\/h3>\n<p>Profitez de votre d\u00e9jeuner dans un restaurant local pr\u00e8s des <strong>pyramides de Gizeh<\/strong>.<\/p>\n<h3><span style=\"color: #ff6600;\">12h00 pm: Complexe des Pyramides de Gizeh <\/span><\/h3>\n<p>Apr\u00e8s le d\u00e9jeuner, vous continuerez avec votre guide vers les <strong>pyramides de Gizeh<\/strong> o\u00f9 vous pourrez voir les trois c\u00e9l\u00e8bres pyramides de Kh\u00e9ops, Khafr\u00e9 et Myk\u00e9rinos. Vous pourrez \u00e9galement vous promener autour des grandes pyramides pour voir les pyramides des reines, les fosses \u00e0 bateaux et les ruines du temple de purification. Vous pouvez entrer dans la Grande Pyramide de <strong>Kh\u00e9ops<\/strong> si vous le souhaitez (moyennant un suppl\u00e9ment), ou dans la <strong>pyramide de Myk\u00e9rinos<\/strong> (moyennant un suppl\u00e9ment).<\/p>\n<p>Passez autant de temps que vous le souhaitez aux <strong>pyramides de Gizeh<\/strong> et prenez des photos inoubliables depuis la zone panoramique. Enfin, terminez votre tour des pyramides par le <strong>temple de la Vall\u00e9e<\/strong> (<strong>temple de la momification<\/strong>) avant de vous rendre au <strong>Grand Sphinx<\/strong>. Regardez la <strong>St\u00e8le du R\u00eave<\/strong> entre les pattes du Sphinx et \u00e9coutez votre guide vous raconter qui a cass\u00e9 son nez et pourquoi.<\/p>\n<p>\u00c0 la fin de votre <strong>excursion priv\u00e9e d&rsquo;une journ\u00e9e au Caire<\/strong> depuis Hurghada, vous reprendrez la route vers votre h\u00f4tel \u00e0 Hurghada, avec une courte pause pour les toilettes.<\/p>\n<h3><span style=\"color: #ff6600;\">Prix Excursion au Caire depuis Hurghada en van max 8 personnes<\/span><\/h3>\n<ul>\n<li>Prix par adulte = 65 \u20ac<\/li>\n<li>Enfants de 0 \u00e0 5 ans = gratuit<\/li>\n<li>Enfants de 5 \u00e0 11 ans = 50 % du prix adulte<\/li>\n<\/ul>\n<h3><span style=\"color: #ff6600;\">R\u00e9servation<\/span><\/h3>\n<p>Vous pouvez r\u00e9server vos <strong>excursions depuis Hurghada<\/strong> via WhatsApp ou nous envoyer un e-mail et vous recevrez la confirmation sur place. Veuillez nous envoyer le nom de votre h\u00f4tel, le num\u00e9ro de chambre et des copies de votre passeport.<\/p>\n<ul>\n<li>WhatsApp: +201000852186<\/li>\n<li>info@egytourpackages.com<\/li>\n<\/ul>\n<h3><span style=\"color: #ff6600;\">R\u00e9servez Maintenant &amp; Payez sur Place<\/span><\/h3>\n<p>R\u00e9servez votre tour pr\u00e9f\u00e9r\u00e9 et payez le jour de l&rsquo;excursion.<\/p>\n<h3><span style=\"color: #ff6600;\">Paiement<\/span><\/h3>\n<p>Vous pouvez payer en livres \u00e9gyptiennes, en dollars ($), en euros (\u20ac) ou en livres sterling (\u00a3).<\/p>\n<h3><span style=\"color: #ff6600;\">Politique d&rsquo;Annulation<\/span><\/h3>\n<p>L&rsquo;annulation est gratuite jusqu&rsquo;\u00e0 24 heures \u00e0 l&rsquo;avance.<\/p>\n","protected":false},"excerpt":{"rendered":"<p>D\u00e9couvrez Le Caire lors d&rsquo;une Excursion au Caire depuis Hurghada en van maximum 8 personnes. Visitez les Pyramides de Gizeh et le Mus\u00e9e \u00c9gyptien.<\/p>\n","protected":false},"featured_media":7417,"comment_status":"open","ping_status":"closed","template":"","meta":[],"product_brand":[],"product_cat":[3124],"product_tag":[3274,3599,3823,3275],"class_list":{"0":"post-7415","1":"product","2":"type-product","3":"status-publish","4":"has-post-thumbnail","6":"product_cat-tours-fr","7":"product_tag-excursions-a-hurghada","8":"product_tag-excursions-au-caire-au-depart-dhurghada","9":"product_tag-excursions-dune-journee-a-hurghada","10":"product_tag-excursions-dune-journee-en-egypte","11":"tour_category-excursions-a-hurghada-fr","12":"tour_category-excursions-en-egypte-fr","14":"first","15":"instock","16":"sale","17":"shipping-taxable","18":"purchasable","19":"product-type-tour","20":"has-default-attributes"},"yoast_head":"<!-- This site is optimized with the Yoast SEO Premium plugin v27.2 (Yoast SEO v27.2) - https:\/\/yoast.com\/product\/yoast-seo-premium-wordpress\/ -->\n<title>Excursion au Caire depuis Hurghada en van maximum 8 personnes<\/title>\n<meta name=\"description\" content=\"D\u00e9couvrez Le Caire lors d&#039;une Excursion au Caire depuis Hurghada en van maximum 8 personnes. Visitez les Pyramides de Gizeh et le Mus\u00e9e \u00c9gyptien.\" \/>\n<meta name=\"robots\" content=\"index, follow, max-snippet:-1, max-image-preview:large, max-video-preview:-1\" \/>\n<link rel=\"canonical\" href=\"https:\/\/egytourpackages.com\/fr\/tours\/excursion-au-caire-depuis-hurghada-en-van-maximum-8-personnes\/\" \/>\n<meta property=\"og:locale\" content=\"fr_FR\" \/>\n<meta property=\"og:type\" content=\"article\" \/>\n<meta property=\"og:title\" content=\"Excursion au Caire depuis Hurghada en van maximum 8 personnes\" \/>\n<meta property=\"og:description\" content=\"D\u00e9couvrez Le Caire lors d&#039;une Excursion au Caire depuis Hurghada en van maximum 8 personnes. Visitez les Pyramides de Gizeh et le Mus\u00e9e \u00c9gyptien.\" \/>\n<meta property=\"og:url\" content=\"https:\/\/egytourpackages.com\/fr\/tours\/excursion-au-caire-depuis-hurghada-en-van-maximum-8-personnes\/\" \/>\n<meta property=\"og:site_name\" content=\"Egypt Tour Packages\" \/>\n<meta property=\"article:publisher\" content=\"https:\/\/www.facebook.com\/egytourpackages\" \/>\n<meta property=\"article:modified_time\" content=\"2026-01-05T16:59:57+00:00\" \/>\n<meta property=\"og:image\" content=\"https:\/\/egytourpackages.com\/wp-content\/uploads\/2024\/07\/Akhenaten-Egyptian-Museum-1024x765.jpeg\" \/>\n<meta name=\"twitter:card\" content=\"summary_large_image\" \/>\n<meta name=\"twitter:title\" content=\"Excursion au Caire depuis Hurghada en van maximum 8 personnes\" \/>\n<meta name=\"twitter:label1\" content=\"Prix\" \/>\n\t<meta name=\"twitter:data1\" content=\"&euro;65\" \/>\n\t<meta name=\"twitter:label2\" content=\"Disponibilit\u00e9\" \/>\n\t<meta name=\"twitter:data2\" content=\"En stock\" \/>\n<script type=\"application\/ld+json\" class=\"yoast-schema-graph\">{\"@context\":\"https:\/\/schema.org\",\"@graph\":[{\"@type\":\"WebPage\",\"@id\":\"https:\/\/egytourpackages.com\/fr\/tours\/excursion-au-caire-depuis-hurghada-en-van-maximum-8-personnes\/\",\"url\":\"https:\/\/egytourpackages.com\/fr\/tours\/excursion-au-caire-depuis-hurghada-en-van-maximum-8-personnes\/\",\"name\":\"Excursion au Caire depuis Hurghada en van maximum 8 personnes\",\"isPartOf\":{\"@id\":\"https:\/\/egytourpackages.com\/fr\/#website\"},\"primaryImageOfPage\":{\"@id\":\"https:\/\/egytourpackages.com\/fr\/tours\/excursion-au-caire-depuis-hurghada-en-van-maximum-8-personnes\/#primaryimage\"},\"image\":{\"@id\":\"https:\/\/egytourpackages.com\/fr\/tours\/excursion-au-caire-depuis-hurghada-en-van-maximum-8-personnes\/#primaryimage\"},\"thumbnailUrl\":\"https:\/\/egytourpackages.com\/wp-content\/uploads\/2024\/07\/Akhenaten-Egyptian-Museum.jpeg\",\"datePublished\":\"2024-07-24T11:10:06+00:00\",\"dateModified\":\"2026-01-05T16:59:57+00:00\",\"description\":\"D\u00e9couvrez Le Caire lors d'une Excursion au Caire depuis Hurghada en van maximum 8 personnes. Visitez les Pyramides de Gizeh et le Mus\u00e9e \u00c9gyptien.\",\"breadcrumb\":{\"@id\":\"https:\/\/egytourpackages.com\/fr\/tours\/excursion-au-caire-depuis-hurghada-en-van-maximum-8-personnes\/#breadcrumb\"},\"inLanguage\":\"fr-FR\",\"potentialAction\":[{\"@type\":\"ReadAction\",\"target\":[\"https:\/\/egytourpackages.com\/fr\/tours\/excursion-au-caire-depuis-hurghada-en-van-maximum-8-personnes\/\"]}]},{\"@type\":\"ImageObject\",\"inLanguage\":\"fr-FR\",\"@id\":\"https:\/\/egytourpackages.com\/fr\/tours\/excursion-au-caire-depuis-hurghada-en-van-maximum-8-personnes\/#primaryimage\",\"url\":\"https:\/\/egytourpackages.com\/wp-content\/uploads\/2024\/07\/Akhenaten-Egyptian-Museum.jpeg\",\"contentUrl\":\"https:\/\/egytourpackages.com\/wp-content\/uploads\/2024\/07\/Akhenaten-Egyptian-Museum.jpeg\",\"width\":1600,\"height\":1196,\"caption\":\"Excursion au Caire depuis Hurghada en van maximum 8 personnes\"},{\"@type\":\"BreadcrumbList\",\"@id\":\"https:\/\/egytourpackages.com\/fr\/tours\/excursion-au-caire-depuis-hurghada-en-van-maximum-8-personnes\/#breadcrumb\",\"itemListElement\":[{\"@type\":\"ListItem\",\"position\":1,\"name\":\"Home\",\"item\":\"https:\/\/egytourpackages.com\/fr\/circuits-en-egypte\/\"},{\"@type\":\"ListItem\",\"position\":2,\"name\":\"Shop\",\"item\":\"https:\/\/egytourpackages.com\/shop\/\"},{\"@type\":\"ListItem\",\"position\":3,\"name\":\"Excursion au Caire depuis Hurghada en van maximum 8 personnes\"}]},{\"@type\":\"WebSite\",\"@id\":\"https:\/\/egytourpackages.com\/fr\/#website\",\"url\":\"https:\/\/egytourpackages.com\/fr\/\",\"name\":\"Egy tour packages\",\"description\":\"\",\"publisher\":{\"@id\":\"https:\/\/egytourpackages.com\/fr\/#organization\"},\"potentialAction\":[{\"@type\":\"SearchAction\",\"target\":{\"@type\":\"EntryPoint\",\"urlTemplate\":\"https:\/\/egytourpackages.com\/fr\/?s={search_term_string}\"},\"query-input\":{\"@type\":\"PropertyValueSpecification\",\"valueRequired\":true,\"valueName\":\"search_term_string\"}}],\"inLanguage\":\"fr-FR\"},{\"@type\":[\"Organization\",\"Place\",\"TravelAgency\"],\"@id\":\"https:\/\/egytourpackages.com\/fr\/#organization\",\"name\":\"egypt tour packages\",\"alternateName\":\"egypt tour packages\",\"url\":\"https:\/\/egytourpackages.com\/fr\/\",\"logo\":{\"@id\":\"https:\/\/egytourpackages.com\/fr\/tours\/excursion-au-caire-depuis-hurghada-en-van-maximum-8-personnes\/#local-main-organization-logo\"},\"image\":{\"@id\":\"https:\/\/egytourpackages.com\/fr\/tours\/excursion-au-caire-depuis-hurghada-en-van-maximum-8-personnes\/#local-main-organization-logo\"},\"sameAs\":[\"https:\/\/www.facebook.com\/egytourpackages\"],\"legalName\":\"Egy tour packages\",\"address\":{\"@id\":\"https:\/\/egytourpackages.com\/fr\/tours\/excursion-au-caire-depuis-hurghada-en-van-maximum-8-personnes\/#local-main-place-address\"},\"telephone\":[\"00201000852186\",\"00201028685533\"],\"contactPoint\":{\"@type\":\"ContactPoint\",\"telephone\":\"00201000852186\"},\"openingHoursSpecification\":[{\"@type\":\"OpeningHoursSpecification\",\"dayOfWeek\":[\"Monday\",\"Tuesday\",\"Wednesday\",\"Thursday\",\"Friday\",\"Saturday\",\"Sunday\"],\"opens\":\"00:00\",\"closes\":\"23:59\"}],\"email\":\"info@egytourpackages.com\",\"areaServed\":\"Cairo, Hurghada, Luxor, Sharm El Sheikh, Marsa Alam, Aswan\",\"priceRange\":\"$\",\"currenciesAccepted\":\"euro\",\"paymentAccepted\":\"Payment links online\"},{\"@type\":\"PostalAddress\",\"@id\":\"https:\/\/egytourpackages.com\/fr\/tours\/excursion-au-caire-depuis-hurghada-en-van-maximum-8-personnes\/#local-main-place-address\",\"streetAddress\":\"Mubarak 8, Al Kawthar District, Hurghada\",\"addressLocality\":\"Hurghada\",\"postalCode\":\"84511\",\"addressRegion\":\"Red Sea\",\"addressCountry\":\"EG\"},{\"@type\":\"ImageObject\",\"inLanguage\":\"fr-FR\",\"@id\":\"https:\/\/egytourpackages.com\/fr\/tours\/excursion-au-caire-depuis-hurghada-en-van-maximum-8-personnes\/#local-main-organization-logo\",\"url\":\"https:\/\/egytourpackages.com\/wp-content\/uploads\/2025\/12\/Turquoise-Dahabiya-Nile-Cruise-1.jpeg\",\"contentUrl\":\"https:\/\/egytourpackages.com\/wp-content\/uploads\/2025\/12\/Turquoise-Dahabiya-Nile-Cruise-1.jpeg\",\"width\":1040,\"height\":694,\"caption\":\"egypt tour packages\"}]}<\/script>\n<meta property=\"product:brand\" content=\"Excursions \u00e0 Hurghada\" \/>\n<meta property=\"product:price:amount\" content=\"65\" \/>\n<meta property=\"product:price:currency\" content=\"EUR\" \/>\n<meta property=\"og:availability\" content=\"instock\" \/>\n<meta property=\"product:availability\" content=\"instock\" \/>\n<meta property=\"product:retailer_item_id\" content=\"HDT10\" \/>\n<meta property=\"product:condition\" content=\"new\" \/>\n<meta name=\"geo.placename\" content=\"Hurghada\" \/>\n<meta name=\"geo.region\" content=\"\u00c9gypte\" \/>\n<!-- \/ Yoast SEO Premium plugin. -->","yoast_head_json":{"title":"Excursion au Caire depuis Hurghada en van maximum 8 personnes","description":"D\u00e9couvrez Le Caire lors d'une Excursion au Caire depuis Hurghada en van maximum 8 personnes. Visitez les Pyramides de Gizeh et le Mus\u00e9e \u00c9gyptien.","robots":{"index":"index","follow":"follow","max-snippet":"max-snippet:-1","max-image-preview":"max-image-preview:large","max-video-preview":"max-video-preview:-1"},"canonical":"https:\/\/egytourpackages.com\/fr\/tours\/excursion-au-caire-depuis-hurghada-en-van-maximum-8-personnes\/","og_locale":"fr_FR","og_type":"article","og_title":"Excursion au Caire depuis Hurghada en van maximum 8 personnes","og_description":"D\u00e9couvrez Le Caire lors d'une Excursion au Caire depuis Hurghada en van maximum 8 personnes. Visitez les Pyramides de Gizeh et le Mus\u00e9e \u00c9gyptien.","og_url":"https:\/\/egytourpackages.com\/fr\/tours\/excursion-au-caire-depuis-hurghada-en-van-maximum-8-personnes\/","og_site_name":"Egypt Tour Packages","article_publisher":"https:\/\/www.facebook.com\/egytourpackages","article_modified_time":"2026-01-05T16:59:57+00:00","og_image":[{"url":"https:\/\/egytourpackages.com\/wp-content\/uploads\/2024\/07\/Akhenaten-Egyptian-Museum-1024x765.jpeg","type":"","width":"","height":""}],"twitter_card":"summary_large_image","twitter_title":"Excursion au Caire depuis Hurghada en van maximum 8 personnes","twitter_misc":{"Prix":"&euro;65","Disponibilit\u00e9":"En stock"},"schema":{"@context":"https:\/\/schema.org","@graph":[{"@type":"WebPage","@id":"https:\/\/egytourpackages.com\/fr\/tours\/excursion-au-caire-depuis-hurghada-en-van-maximum-8-personnes\/","url":"https:\/\/egytourpackages.com\/fr\/tours\/excursion-au-caire-depuis-hurghada-en-van-maximum-8-personnes\/","name":"Excursion au Caire depuis Hurghada en van maximum 8 personnes","isPartOf":{"@id":"https:\/\/egytourpackages.com\/fr\/#website"},"primaryImageOfPage":{"@id":"https:\/\/egytourpackages.com\/fr\/tours\/excursion-au-caire-depuis-hurghada-en-van-maximum-8-personnes\/#primaryimage"},"image":{"@id":"https:\/\/egytourpackages.com\/fr\/tours\/excursion-au-caire-depuis-hurghada-en-van-maximum-8-personnes\/#primaryimage"},"thumbnailUrl":"https:\/\/egytourpackages.com\/wp-content\/uploads\/2024\/07\/Akhenaten-Egyptian-Museum.jpeg","datePublished":"2024-07-24T11:10:06+00:00","dateModified":"2026-01-05T16:59:57+00:00","description":"D\u00e9couvrez Le Caire lors d'une Excursion au Caire depuis Hurghada en van maximum 8 personnes. Visitez les Pyramides de Gizeh et le Mus\u00e9e \u00c9gyptien.","breadcrumb":{"@id":"https:\/\/egytourpackages.com\/fr\/tours\/excursion-au-caire-depuis-hurghada-en-van-maximum-8-personnes\/#breadcrumb"},"inLanguage":"fr-FR","potentialAction":[{"@type":"ReadAction","target":["https:\/\/egytourpackages.com\/fr\/tours\/excursion-au-caire-depuis-hurghada-en-van-maximum-8-personnes\/"]}]},{"@type":"ImageObject","inLanguage":"fr-FR","@id":"https:\/\/egytourpackages.com\/fr\/tours\/excursion-au-caire-depuis-hurghada-en-van-maximum-8-personnes\/#primaryimage","url":"https:\/\/egytourpackages.com\/wp-content\/uploads\/2024\/07\/Akhenaten-Egyptian-Museum.jpeg","contentUrl":"https:\/\/egytourpackages.com\/wp-content\/uploads\/2024\/07\/Akhenaten-Egyptian-Museum.jpeg","width":1600,"height":1196,"caption":"Excursion au Caire depuis Hurghada en van maximum 8 personnes"},{"@type":"BreadcrumbList","@id":"https:\/\/egytourpackages.com\/fr\/tours\/excursion-au-caire-depuis-hurghada-en-van-maximum-8-personnes\/#breadcrumb","itemListElement":[{"@type":"ListItem","position":1,"name":"Home","item":"https:\/\/egytourpackages.com\/fr\/circuits-en-egypte\/"},{"@type":"ListItem","position":2,"name":"Shop","item":"https:\/\/egytourpackages.com\/shop\/"},{"@type":"ListItem","position":3,"name":"Excursion au Caire depuis Hurghada en van maximum 8 personnes"}]},{"@type":"WebSite","@id":"https:\/\/egytourpackages.com\/fr\/#website","url":"https:\/\/egytourpackages.com\/fr\/","name":"Egy tour packages","description":"","publisher":{"@id":"https:\/\/egytourpackages.com\/fr\/#organization"},"potentialAction":[{"@type":"SearchAction","target":{"@type":"EntryPoint","urlTemplate":"https:\/\/egytourpackages.com\/fr\/?s={search_term_string}"},"query-input":{"@type":"PropertyValueSpecification","valueRequired":true,"valueName":"search_term_string"}}],"inLanguage":"fr-FR"},{"@type":["Organization","Place","TravelAgency"],"@id":"https:\/\/egytourpackages.com\/fr\/#organization","name":"egypt tour packages","alternateName":"egypt tour packages","url":"https:\/\/egytourpackages.com\/fr\/","logo":{"@id":"https:\/\/egytourpackages.com\/fr\/tours\/excursion-au-caire-depuis-hurghada-en-van-maximum-8-personnes\/#local-main-organization-logo"},"image":{"@id":"https:\/\/egytourpackages.com\/fr\/tours\/excursion-au-caire-depuis-hurghada-en-van-maximum-8-personnes\/#local-main-organization-logo"},"sameAs":["https:\/\/www.facebook.com\/egytourpackages"],"legalName":"Egy tour packages","address":{"@id":"https:\/\/egytourpackages.com\/fr\/tours\/excursion-au-caire-depuis-hurghada-en-van-maximum-8-personnes\/#local-main-place-address"},"telephone":["00201000852186","00201028685533"],"contactPoint":{"@type":"ContactPoint","telephone":"00201000852186"},"openingHoursSpecification":[{"@type":"OpeningHoursSpecification","dayOfWeek":["Monday","Tuesday","Wednesday","Thursday","Friday","Saturday","Sunday"],"opens":"00:00","closes":"23:59"}],"email":"info@egytourpackages.com","areaServed":"Cairo, Hurghada, Luxor, Sharm El Sheikh, Marsa Alam, Aswan","priceRange":"$","currenciesAccepted":"euro","paymentAccepted":"Payment links online"},{"@type":"PostalAddress","@id":"https:\/\/egytourpackages.com\/fr\/tours\/excursion-au-caire-depuis-hurghada-en-van-maximum-8-personnes\/#local-main-place-address","streetAddress":"Mubarak 8, Al Kawthar District, Hurghada","addressLocality":"Hurghada","postalCode":"84511","addressRegion":"Red Sea","addressCountry":"EG"},{"@type":"ImageObject","inLanguage":"fr-FR","@id":"https:\/\/egytourpackages.com\/fr\/tours\/excursion-au-caire-depuis-hurghada-en-van-maximum-8-personnes\/#local-main-organization-logo","url":"https:\/\/egytourpackages.com\/wp-content\/uploads\/2025\/12\/Turquoise-Dahabiya-Nile-Cruise-1.jpeg","contentUrl":"https:\/\/egytourpackages.com\/wp-content\/uploads\/2025\/12\/Turquoise-Dahabiya-Nile-Cruise-1.jpeg","width":1040,"height":694,"caption":"egypt tour packages"}]},"product_brand":"Excursions \u00e0 Hurghada","product_price_amount":"65","product_price_currency":"EUR","og_availability":"instock","product_availability":"instock","product_retailer_item_id":"HDT10","product_condition":"new","geo.placename":"Hurghada","geo.region":"\u00c9gypte"},"_links":{"self":[{"href":"https:\/\/egytourpackages.com\/fr\/wp-json\/wp\/v2\/product\/7415","targetHints":{"allow":["GET"]}}],"collection":[{"href":"https:\/\/egytourpackages.com\/fr\/wp-json\/wp\/v2\/product"}],"about":[{"href":"https:\/\/egytourpackages.com\/fr\/wp-json\/wp\/v2\/types\/product"}],"replies":[{"embeddable":true,"href":"https:\/\/egytourpackages.com\/fr\/wp-json\/wp\/v2\/comments?post=7415"}],"wp:featuredmedia":[{"embeddable":true,"href":"https:\/\/egytourpackages.com\/fr\/wp-json\/wp\/v2\/media\/7417"}],"wp:attachment":[{"href":"https:\/\/egytourpackages.com\/fr\/wp-json\/wp\/v2\/media?parent=7415"}],"wp:term":[{"taxonomy":"product_brand","embeddable":true,"href":"https:\/\/egytourpackages.com\/fr\/wp-json\/wp\/v2\/product_brand?post=7415"},{"taxonomy":"product_cat","embeddable":true,"href":"https:\/\/egytourpackages.com\/fr\/wp-json\/wp\/v2\/product_cat?post=7415"},{"taxonomy":"product_tag","embeddable":true,"href":"https:\/\/egytourpackages.com\/fr\/wp-json\/wp\/v2\/product_tag?post=7415"}],"curies":[{"name":"wp","href":"https:\/\/api.w.org\/{rel}","templated":true}]}}