{"id":8325,"date":"2024-06-19T02:23:03","date_gmt":"2024-06-19T02:23:03","guid":{"rendered":"https:\/\/egytourpackages.com\/product\/visite-des-pyramides-degypte-en-une-demi-journee-au-caire\/"},"modified":"2026-01-12T23:43:14","modified_gmt":"2026-01-12T23:43:14","slug":"visite-des-pyramides-degypte-en-une-demi-journee-au-caire","status":"publish","type":"product","link":"https:\/\/egytourpackages.com\/fr\/tours\/visite-des-pyramides-degypte-en-une-demi-journee-au-caire\/","title":{"rendered":"Visite des Pyramides d&rsquo;\u00c9gypte en une demi-journ\u00e9e au Caire"},"content":{"rendered":"<p><span style=\"color: #ff6600;\"><strong>Visite des Pyramides d&rsquo;\u00c9gypte en une demi-journ\u00e9e au Caire<\/strong><\/span><\/p>\n<p>Commencez une <strong>visite des pyramides d&rsquo;\u00c9gypte en une demi-journ\u00e9e au Caire<\/strong> inoubliable, con\u00e7ue pour les voyageurs souhaitant d\u00e9couvrir les merveilles les plus embl\u00e9matiques de l&rsquo;<strong>\u00c9gypte antique<\/strong>. Cette <strong>visite priv\u00e9e<\/strong> offre une occasion in\u00e9gal\u00e9e d&rsquo;explorer le l\u00e9gendaire <strong>complexe des pyramides de Gizeh<\/strong>, y compris la magnifique <strong>Grande Pyramide de Kh\u00e9ops<\/strong>, la <strong>pyramide de Kh\u00e9phren<\/strong> et la <strong>pyramide de Menkaure<\/strong>.<\/p>\n<p>En fait, cette <strong>visite des pyramides d&rsquo;\u00c9gypte en une demi-journ\u00e9e au Caire<\/strong> est id\u00e9ale pour ceux qui ont un temps limit\u00e9 ou qui recherchent une exploration cibl\u00e9e. \u00c9merveillez-vous devant l&rsquo;\u00e9nigmatique <strong>Grand Sphinx<\/strong>, gardien de la <strong>n\u00e9cropole de Gizeh<\/strong>, et plongez dans les histoires fascinantes derri\u00e8re ces <strong>merveilles anciennes du monde<\/strong> avec notre <strong>guide \u00e9gyptologue<\/strong> expert.<\/p>\n<p>Votre aventure de <strong>visite du Caire<\/strong> comprend un transport confortable et <strong>climatis\u00e9<\/strong> directement depuis votre <strong>h\u00f4tel au Caire<\/strong>. D\u00e9couvrez les myst\u00e8res du <strong>temple de la Vall\u00e9e<\/strong>, soyez t\u00e9moin du g\u00e9nie architectural et prenez de superbes <strong>photos<\/strong> des pyramides.<\/p>\n<p>R\u00e9server des <strong>excursions au Caire<\/strong> pour les pyramides de Gizeh signifie que vous apprendrez les secrets des pyramides, les textes des pyramides pendant la 4\u00e8me dynastie, l&rsquo;<strong>Ancien Empire<\/strong>. En attendant, vous pouvez explorer les tombeaux des b\u00e2tisseurs de pyramides, la <strong>pyramide de la Reine<\/strong>, les fosses \u00e0 bateaux, et plus encore. Contactez-nous et cr\u00e9ons pour vous des souvenirs pour la vie.<\/p>\n<h3><span style=\"color: #ff6600;\">D\u00e9tails du voyage<\/span><\/h3>\n<ul>\n<li>Dur\u00e9e: Une demi-journ\u00e9e<\/li>\n<li>Lieu du voyage: Le Caire \/ Gizeh<\/li>\n<li>Disponibilit\u00e9 du voyage: Tous les jours<\/li>\n<li>Ramassage et d\u00e9p\u00f4t: Votre h\u00f4tel au Caire \/ Gizeh<\/li>\n<li>Type de voyage: Priv\u00e9<\/li>\n<li><strong>Langue: Fran\u00e7ais<\/strong><\/li>\n<li>Fauteuil roulant: Accessible<\/li>\n<\/ul>\n<h3><span style=\"color: #ff6600;\">Points forts du voyage<\/span><\/h3>\n<ul>\n<li>Pyramide de Kh\u00e9ops<\/li>\n<li>Pyramide de Kh\u00e9phren<\/li>\n<li>Pyramide de Menkaure<\/li>\n<li>Pyramide de la Reine<\/li>\n<li>Temple de la Vall\u00e9e<\/li>\n<li>Le Grand Sphinx<\/li>\n<\/ul>\n<h3><span style=\"color: #ff6600;\">Inclusions<\/span><\/h3>\n<ul>\n<li>Transfert aller-retour avec un v\u00e9hicule moderne climatis\u00e9<\/li>\n<li>Frais d&rsquo;entr\u00e9e pour toutes les visites touristiques<\/li>\n<li><strong>Guide \u00e9gyptologue expert parlant fran\u00e7ais<\/strong><\/li>\n<li>D\u00e9jeuner dans un restaurant local<\/li>\n<\/ul>\n<h3><span style=\"color: #ff6600;\">Exclusions<\/span><\/h3>\n<ul>\n<li>Boissons pendant le d\u00e9jeuner<\/li>\n<li>Les frais d&rsquo;entr\u00e9e pour la pyramide de Kh\u00e9ops<\/li>\n<li>Frais d&rsquo;entr\u00e9e pour la pyramide de Kh\u00e9phren<\/li>\n<li>Pourboires<\/li>\n<\/ul>\n<h3><span style=\"color: #ff6600;\">Quoi emporter<\/span><\/h3>\n<ul>\n<li>Chapeau, Lunettes de soleil &amp; Cr\u00e8me solaire<\/li>\n<li>Chaussures et v\u00eatements confortables<\/li>\n<\/ul>\n<h2><span style=\"color: #ff6600;\">Itin\u00e9raire<\/span><\/h2>\n<p>Votre visite des pyramides d&rsquo;\u00c9gypte commence lorsque vous rencontrez votre guide \u00e9gyptologue dans le hall de votre h\u00f4tel. Commencez vos attractions de Gizeh avec le complexe des pyramides de Gizeh.<\/p>\n<h3><span style=\"color: #ff6600;\">Complexe des pyramides de Gizeh<\/span><\/h3>\n<p>Les pyramides de Gizeh pour <strong>Kh\u00e9ops<\/strong>, <strong>Kh\u00e9phren<\/strong> et <strong>Menkaure<\/strong> sont en t\u00eate des <strong>attractions touristiques d&rsquo;\u00c9gypte<\/strong> avec les <strong>circuits en \u00c9gypte<\/strong>. Pendant votre visite, vous en apprendrez davantage sur les croyances fun\u00e9raires dans l&rsquo;\u00c9gypte ancienne, l&rsquo;histoire \u00e9gyptienne ancienne et la religion \u00e9gyptienne ancienne. De plus, il y a une opportunit\u00e9 d&rsquo;entrer \u00e0 l&rsquo;int\u00e9rieur de la pyramide de Kh\u00e9ops, de la pyramide de Menkaure ou de l&rsquo;une des pyramides de la Reine.<\/p>\n<h3><span style=\"color: #ff6600;\">Pyramide de Kh\u00e9ops<\/span><\/h3>\n<p>Commencez votre visite des pyramides d&rsquo;\u00c9gypte avec la seule merveille des anciennes sept merveilles, la Grande Pyramide de Kh\u00e9ops. Apprenez le talent architectural, les capacit\u00e9s d&rsquo;ing\u00e9nierie des anciens \u00c9gyptiens. De plus, vous pouvez vous promener autour de la pyramide de Kh\u00e9ops pour voir les ruines du temple de purification, les pyramides de la Reine et les tombeaux des b\u00e2tisseurs de pyramides.<\/p>\n<h3><span style=\"color: #ff6600;\">Pyramide de Menkaure<\/span><\/h3>\n<p>La plus petite des pyramides de Gizeh et la seule avec un rev\u00eatement en granit et trois pyramides subsidiaires \u00e0 c\u00f4t\u00e9. Vous pouvez entrer dans la pyramide moyennant des frais suppl\u00e9mentaires ou vous pouvez faire une balade \u00e0 dos de chameau jusqu&rsquo;\u00e0 la zone panoramique.<\/p>\n<h3><span style=\"color: #ff6600;\">Temple de la Vall\u00e9e<\/span><\/h3>\n<p>Le temple de la Vall\u00e9e fait partie du complexe pyramidal car c&rsquo;\u00e9tait l&rsquo;endroit o\u00f9 ils effectuaient l&rsquo;Ouverture de la Bouche sur la momie du Roi. De plus, certains historiens croient que c&rsquo;est l\u00e0 qu&rsquo;ils pratiquaient la momification dans l&rsquo;\u00c9gypte ancienne.<\/p>\n<h3><span style=\"color: #ff6600;\">Le Grand Sphinx<\/span><\/h3>\n<p>Une statue massive mesurant 73 m\u00e8tres de long et 20 m\u00e8tres de haut avec une t\u00eate humaine et un corps de lion. En fait, on pense que le Grand Sphinx a \u00e9t\u00e9 sculpt\u00e9 pendant l&rsquo;Ancien Empire par le pharaon Kh\u00e9phren. En fait, il y a un temple solaire construit devant le Sphinx par les rois de la 5\u00e8me dynastie. La barbe perdue du Sphinx se trouve maintenant entre le British Museum et le Mus\u00e9e du Caire. Enfin, la <strong>st\u00e8le du R\u00eave<\/strong> entre les pattes du Sphinx qui remonte au prince <strong>Thoutm\u00f4sis IV<\/strong> est un point fort de la statue.<\/p>\n<h3><span style=\"color: #ff6600;\">D\u00e9jeuner<\/span><\/h3>\n<p>Profitez de votre repas de midi dans un restaurant local avant de retourner \u00e0 votre h\u00f4tel.<\/p>\n<h3><span style=\"color: #ff6600;\">Prix de la visite des pyramides d&rsquo;\u00c9gypte en une demi-journ\u00e9e au Caire<\/span><\/h3>\n<ul>\n<li>Prix Adulte = 90 \u20ac<\/li>\n<li>Enfants 0-5 ans = gratuit<\/li>\n<li>Enfants 5-11 ans = 50 % du prix adulte<\/li>\n<\/ul>\n<h3><span style=\"color: #ff6600;\">R\u00e9servation<\/span><\/h3>\n<p>Vous pouvez r\u00e9server vos <strong>excursions d&rsquo;une journ\u00e9e au Caire<\/strong> via WhatsApp ou nous envoyer un e-mail et vous recevrez la confirmation sur place.<\/p>\n<p>Veuillez nous envoyer le nom de votre h\u00f4tel, le num\u00e9ro de votre chambre, les copies de votre passeport.<\/p>\n<p><strong>WhatsApp:<\/strong> +201000852186<\/p>\n<p><strong>E-mail:<\/strong> info@egytourpackages.com<\/p>\n<h3><span style=\"color: #ff6600;\">R\u00e9servez maintenant &amp; Payez sur place<\/span><\/h3>\n<p>R\u00e9servez votre circuit pr\u00e9f\u00e9r\u00e9 et payez le jour du voyage.<\/p>\n<h3><span style=\"color: #ff6600;\">Paiement<\/span><\/h3>\n<p>Vous pouvez payer en livres \u00e9gyptiennes, $, \u20ac ou \u00a3.<\/p>\n<h3><span style=\"color: #ff6600;\">Politique d&rsquo;annulation<\/span><\/h3>\n<ul>\n<li>L&rsquo;annulation est gratuite jusqu&rsquo;\u00e0 24 heures \u00e0 l&rsquo;avance<\/li>\n<li>L&rsquo;annulation le matin co\u00fbte 50 % du prix<\/li>\n<\/ul>\n","protected":false},"excerpt":{"rendered":"<p>Visite des Pyramides d&rsquo;\u00c9gypte en une demi-journ\u00e9e au Caire. Excursion rapide : Kh\u00e9ops, Kh\u00e9phren, Myk\u00e9rinos, Sphinx. Guide \u00e9gyptologue, meilleur prix.<\/p>\n","protected":false},"featured_media":8326,"comment_status":"open","ping_status":"closed","template":"","meta":[],"product_brand":[],"product_cat":[3124],"product_tag":[3442,3275],"class_list":{"0":"post-8325","1":"product","2":"type-product","3":"status-publish","4":"has-post-thumbnail","6":"product_cat-tours-fr","7":"product_tag-excursions-dune-journee-au-caire","8":"product_tag-excursions-dune-journee-en-egypte","9":"tour_category-excursions-en-egypte-fr","10":"tour_category-excursions-le-caire-fr","12":"first","13":"instock","14":"sale","15":"shipping-taxable","16":"purchasable","17":"product-type-tour","18":"has-default-attributes"},"yoast_head":"<!-- This site is optimized with the Yoast SEO Premium plugin v27.4 (Yoast SEO v27.4) - https:\/\/yoast.com\/product\/yoast-seo-premium-wordpress\/ -->\n<title>Visite des Pyramides d&#039;\u00c9gypte en une demi-journ\u00e9e au Caire<\/title>\n<meta name=\"description\" content=\"Visite des Pyramides d&#039;\u00c9gypte en une demi-journ\u00e9e au Caire. Excursion rapide : Kh\u00e9ops, Kh\u00e9phren, Myk\u00e9rinos, Sphinx. Guide \u00e9gyptologue, meilleur prix.\" \/>\n<meta name=\"robots\" content=\"index, follow, max-snippet:-1, max-image-preview:large, max-video-preview:-1\" \/>\n<link rel=\"canonical\" href=\"https:\/\/egytourpackages.com\/fr\/tours\/visite-des-pyramides-degypte-en-une-demi-journee-au-caire\/\" \/>\n<meta property=\"og:locale\" content=\"fr_FR\" \/>\n<meta property=\"og:type\" content=\"article\" \/>\n<meta property=\"og:title\" content=\"Visite des Pyramides d&#039;\u00c9gypte en une demi-journ\u00e9e au Caire\" \/>\n<meta property=\"og:description\" content=\"Visite des Pyramides d&#039;\u00c9gypte en une demi-journ\u00e9e au Caire. Excursion rapide : Kh\u00e9ops, Kh\u00e9phren, Myk\u00e9rinos, Sphinx. Guide \u00e9gyptologue, meilleur prix.\" \/>\n<meta property=\"og:url\" content=\"https:\/\/egytourpackages.com\/fr\/tours\/visite-des-pyramides-degypte-en-une-demi-journee-au-caire\/\" \/>\n<meta property=\"og:site_name\" content=\"Egypt Tour Packages\" \/>\n<meta property=\"article:publisher\" content=\"https:\/\/www.facebook.com\/egytourpackages\" \/>\n<meta property=\"article:modified_time\" content=\"2026-01-12T23:43:14+00:00\" \/>\n<meta property=\"og:image\" content=\"https:\/\/egytourpackages.com\/wp-content\/uploads\/2024\/06\/Egypt-Pyramids-tour-1024x768.jpg\" \/>\n<meta name=\"twitter:card\" content=\"summary_large_image\" \/>\n<meta name=\"twitter:title\" content=\"Visite des Pyramides d&#039;\u00c9gypte en une demi-journ\u00e9e au Caire\" \/>\n<meta name=\"twitter:label1\" content=\"Prix\" \/>\n\t<meta name=\"twitter:data1\" content=\"&euro;90\" \/>\n\t<meta name=\"twitter:label2\" content=\"Disponibilit\u00e9\" \/>\n\t<meta name=\"twitter:data2\" content=\"En stock\" \/>\n<script type=\"application\/ld+json\" class=\"yoast-schema-graph\">{\"@context\":\"https:\\\/\\\/schema.org\",\"@graph\":[{\"@type\":\"WebPage\",\"@id\":\"https:\\\/\\\/egytourpackages.com\\\/fr\\\/tours\\\/visite-des-pyramides-degypte-en-une-demi-journee-au-caire\\\/\",\"url\":\"https:\\\/\\\/egytourpackages.com\\\/fr\\\/tours\\\/visite-des-pyramides-degypte-en-une-demi-journee-au-caire\\\/\",\"name\":\"Visite des Pyramides d'\u00c9gypte en une demi-journ\u00e9e au Caire\",\"isPartOf\":{\"@id\":\"https:\\\/\\\/egytourpackages.com\\\/fr\\\/#website\"},\"primaryImageOfPage\":{\"@id\":\"https:\\\/\\\/egytourpackages.com\\\/fr\\\/tours\\\/visite-des-pyramides-degypte-en-une-demi-journee-au-caire\\\/#primaryimage\"},\"image\":{\"@id\":\"https:\\\/\\\/egytourpackages.com\\\/fr\\\/tours\\\/visite-des-pyramides-degypte-en-une-demi-journee-au-caire\\\/#primaryimage\"},\"thumbnailUrl\":\"https:\\\/\\\/egytourpackages.com\\\/wp-content\\\/uploads\\\/2024\\\/06\\\/Egypt-Pyramids-tour.jpg\",\"datePublished\":\"2024-06-19T02:23:03+00:00\",\"dateModified\":\"2026-01-12T23:43:14+00:00\",\"description\":\"Visite des Pyramides d'\u00c9gypte en une demi-journ\u00e9e au Caire. Excursion rapide : Kh\u00e9ops, Kh\u00e9phren, Myk\u00e9rinos, Sphinx. Guide \u00e9gyptologue, meilleur prix.\",\"breadcrumb\":{\"@id\":\"https:\\\/\\\/egytourpackages.com\\\/fr\\\/tours\\\/visite-des-pyramides-degypte-en-une-demi-journee-au-caire\\\/#breadcrumb\"},\"inLanguage\":\"fr-FR\",\"potentialAction\":[{\"@type\":\"ReadAction\",\"target\":[\"https:\\\/\\\/egytourpackages.com\\\/fr\\\/tours\\\/visite-des-pyramides-degypte-en-une-demi-journee-au-caire\\\/\"]}]},{\"@type\":\"ImageObject\",\"inLanguage\":\"fr-FR\",\"@id\":\"https:\\\/\\\/egytourpackages.com\\\/fr\\\/tours\\\/visite-des-pyramides-degypte-en-une-demi-journee-au-caire\\\/#primaryimage\",\"url\":\"https:\\\/\\\/egytourpackages.com\\\/wp-content\\\/uploads\\\/2024\\\/06\\\/Egypt-Pyramids-tour.jpg\",\"contentUrl\":\"https:\\\/\\\/egytourpackages.com\\\/wp-content\\\/uploads\\\/2024\\\/06\\\/Egypt-Pyramids-tour.jpg\",\"width\":2000,\"height\":1500,\"caption\":\"Visite des Pyramides d'\u00c9gypte en une demi-journ\u00e9e au Caire\"},{\"@type\":\"BreadcrumbList\",\"@id\":\"https:\\\/\\\/egytourpackages.com\\\/fr\\\/tours\\\/visite-des-pyramides-degypte-en-une-demi-journee-au-caire\\\/#breadcrumb\",\"itemListElement\":[{\"@type\":\"ListItem\",\"position\":1,\"name\":\"Home\",\"item\":\"https:\\\/\\\/egytourpackages.com\\\/fr\\\/circuits-en-egypte\\\/\"},{\"@type\":\"ListItem\",\"position\":2,\"name\":\"Shop\",\"item\":\"https:\\\/\\\/egytourpackages.com\\\/shop\\\/\"},{\"@type\":\"ListItem\",\"position\":3,\"name\":\"Visite des Pyramides d&rsquo;\u00c9gypte en une demi-journ\u00e9e au Caire\"}]},{\"@type\":\"WebSite\",\"@id\":\"https:\\\/\\\/egytourpackages.com\\\/fr\\\/#website\",\"url\":\"https:\\\/\\\/egytourpackages.com\\\/fr\\\/\",\"name\":\"Egy tour packages\",\"description\":\"\",\"publisher\":{\"@id\":\"https:\\\/\\\/egytourpackages.com\\\/fr\\\/#organization\"},\"potentialAction\":[{\"@type\":\"SearchAction\",\"target\":{\"@type\":\"EntryPoint\",\"urlTemplate\":\"https:\\\/\\\/egytourpackages.com\\\/fr\\\/?s={search_term_string}\"},\"query-input\":{\"@type\":\"PropertyValueSpecification\",\"valueRequired\":true,\"valueName\":\"search_term_string\"}}],\"inLanguage\":\"fr-FR\"},{\"@type\":[\"Organization\",\"Place\",\"TravelAgency\"],\"@id\":\"https:\\\/\\\/egytourpackages.com\\\/fr\\\/#organization\",\"name\":\"egypt tour packages\",\"alternateName\":\"egypt tour packages\",\"url\":\"https:\\\/\\\/egytourpackages.com\\\/fr\\\/\",\"logo\":{\"@id\":\"https:\\\/\\\/egytourpackages.com\\\/fr\\\/tours\\\/visite-des-pyramides-degypte-en-une-demi-journee-au-caire\\\/#local-main-organization-logo\"},\"image\":{\"@id\":\"https:\\\/\\\/egytourpackages.com\\\/fr\\\/tours\\\/visite-des-pyramides-degypte-en-une-demi-journee-au-caire\\\/#local-main-organization-logo\"},\"sameAs\":[\"https:\\\/\\\/www.facebook.com\\\/egytourpackages\"],\"legalName\":\"Egy tour packages\",\"address\":{\"@id\":\"https:\\\/\\\/egytourpackages.com\\\/fr\\\/tours\\\/visite-des-pyramides-degypte-en-une-demi-journee-au-caire\\\/#local-main-place-address\"},\"telephone\":[\"00201000852186\",\"00201028685533\"],\"contactPoint\":{\"@type\":\"ContactPoint\",\"telephone\":\"00201000852186\"},\"openingHoursSpecification\":[{\"@type\":\"OpeningHoursSpecification\",\"dayOfWeek\":[\"Monday\",\"Tuesday\",\"Wednesday\",\"Thursday\",\"Friday\",\"Saturday\",\"Sunday\"],\"opens\":\"00:00\",\"closes\":\"23:59\"}],\"email\":\"info@egytourpackages.com\",\"areaServed\":\"Cairo, Hurghada, Luxor, Sharm El Sheikh, Marsa Alam, Aswan\",\"priceRange\":\"$\",\"currenciesAccepted\":\"euro\",\"paymentAccepted\":\"Payment links online\"},{\"@type\":\"PostalAddress\",\"@id\":\"https:\\\/\\\/egytourpackages.com\\\/fr\\\/tours\\\/visite-des-pyramides-degypte-en-une-demi-journee-au-caire\\\/#local-main-place-address\",\"streetAddress\":\"Mubarak 8, Al Kawthar District, Hurghada\",\"addressLocality\":\"Hurghada\",\"postalCode\":\"84511\",\"addressRegion\":\"Red Sea\",\"addressCountry\":\"EG\"},{\"@type\":\"ImageObject\",\"inLanguage\":\"fr-FR\",\"@id\":\"https:\\\/\\\/egytourpackages.com\\\/fr\\\/tours\\\/visite-des-pyramides-degypte-en-une-demi-journee-au-caire\\\/#local-main-organization-logo\",\"url\":\"https:\\\/\\\/egytourpackages.com\\\/wp-content\\\/uploads\\\/2025\\\/12\\\/Turquoise-Dahabiya-Nile-Cruise-1.jpeg\",\"contentUrl\":\"https:\\\/\\\/egytourpackages.com\\\/wp-content\\\/uploads\\\/2025\\\/12\\\/Turquoise-Dahabiya-Nile-Cruise-1.jpeg\",\"width\":1040,\"height\":694,\"caption\":\"egypt tour packages\"}]}<\/script>\n<meta property=\"product:brand\" content=\"Excursions en \u00c9gypte\" \/>\n<meta property=\"product:price:amount\" content=\"90\" \/>\n<meta property=\"product:price:currency\" content=\"EUR\" \/>\n<meta property=\"og:availability\" content=\"instock\" \/>\n<meta property=\"product:availability\" content=\"instock\" \/>\n<meta property=\"product:retailer_item_id\" content=\"CDT08\" \/>\n<meta property=\"product:condition\" content=\"new\" \/>\n<meta name=\"geo.placename\" content=\"Hurghada\" \/>\n<meta name=\"geo.region\" content=\"\u00c9gypte\" \/>\n<!-- \/ Yoast SEO Premium plugin. -->","yoast_head_json":{"title":"Visite des Pyramides d'\u00c9gypte en une demi-journ\u00e9e au Caire","description":"Visite des Pyramides d'\u00c9gypte en une demi-journ\u00e9e au Caire. Excursion rapide : Kh\u00e9ops, Kh\u00e9phren, Myk\u00e9rinos, Sphinx. Guide \u00e9gyptologue, meilleur prix.","robots":{"index":"index","follow":"follow","max-snippet":"max-snippet:-1","max-image-preview":"max-image-preview:large","max-video-preview":"max-video-preview:-1"},"canonical":"https:\/\/egytourpackages.com\/fr\/tours\/visite-des-pyramides-degypte-en-une-demi-journee-au-caire\/","og_locale":"fr_FR","og_type":"article","og_title":"Visite des Pyramides d'\u00c9gypte en une demi-journ\u00e9e au Caire","og_description":"Visite des Pyramides d'\u00c9gypte en une demi-journ\u00e9e au Caire. Excursion rapide : Kh\u00e9ops, Kh\u00e9phren, Myk\u00e9rinos, Sphinx. Guide \u00e9gyptologue, meilleur prix.","og_url":"https:\/\/egytourpackages.com\/fr\/tours\/visite-des-pyramides-degypte-en-une-demi-journee-au-caire\/","og_site_name":"Egypt Tour Packages","article_publisher":"https:\/\/www.facebook.com\/egytourpackages","article_modified_time":"2026-01-12T23:43:14+00:00","og_image":[{"url":"https:\/\/egytourpackages.com\/wp-content\/uploads\/2024\/06\/Egypt-Pyramids-tour-1024x768.jpg","type":"","width":"","height":""}],"twitter_card":"summary_large_image","twitter_title":"Visite des Pyramides d'\u00c9gypte en une demi-journ\u00e9e au Caire","twitter_misc":{"Prix":"&euro;90","Disponibilit\u00e9":"En stock"},"schema":{"@context":"https:\/\/schema.org","@graph":[{"@type":"WebPage","@id":"https:\/\/egytourpackages.com\/fr\/tours\/visite-des-pyramides-degypte-en-une-demi-journee-au-caire\/","url":"https:\/\/egytourpackages.com\/fr\/tours\/visite-des-pyramides-degypte-en-une-demi-journee-au-caire\/","name":"Visite des Pyramides d'\u00c9gypte en une demi-journ\u00e9e au Caire","isPartOf":{"@id":"https:\/\/egytourpackages.com\/fr\/#website"},"primaryImageOfPage":{"@id":"https:\/\/egytourpackages.com\/fr\/tours\/visite-des-pyramides-degypte-en-une-demi-journee-au-caire\/#primaryimage"},"image":{"@id":"https:\/\/egytourpackages.com\/fr\/tours\/visite-des-pyramides-degypte-en-une-demi-journee-au-caire\/#primaryimage"},"thumbnailUrl":"https:\/\/egytourpackages.com\/wp-content\/uploads\/2024\/06\/Egypt-Pyramids-tour.jpg","datePublished":"2024-06-19T02:23:03+00:00","dateModified":"2026-01-12T23:43:14+00:00","description":"Visite des Pyramides d'\u00c9gypte en une demi-journ\u00e9e au Caire. Excursion rapide : Kh\u00e9ops, Kh\u00e9phren, Myk\u00e9rinos, Sphinx. Guide \u00e9gyptologue, meilleur prix.","breadcrumb":{"@id":"https:\/\/egytourpackages.com\/fr\/tours\/visite-des-pyramides-degypte-en-une-demi-journee-au-caire\/#breadcrumb"},"inLanguage":"fr-FR","potentialAction":[{"@type":"ReadAction","target":["https:\/\/egytourpackages.com\/fr\/tours\/visite-des-pyramides-degypte-en-une-demi-journee-au-caire\/"]}]},{"@type":"ImageObject","inLanguage":"fr-FR","@id":"https:\/\/egytourpackages.com\/fr\/tours\/visite-des-pyramides-degypte-en-une-demi-journee-au-caire\/#primaryimage","url":"https:\/\/egytourpackages.com\/wp-content\/uploads\/2024\/06\/Egypt-Pyramids-tour.jpg","contentUrl":"https:\/\/egytourpackages.com\/wp-content\/uploads\/2024\/06\/Egypt-Pyramids-tour.jpg","width":2000,"height":1500,"caption":"Visite des Pyramides d'\u00c9gypte en une demi-journ\u00e9e au Caire"},{"@type":"BreadcrumbList","@id":"https:\/\/egytourpackages.com\/fr\/tours\/visite-des-pyramides-degypte-en-une-demi-journee-au-caire\/#breadcrumb","itemListElement":[{"@type":"ListItem","position":1,"name":"Home","item":"https:\/\/egytourpackages.com\/fr\/circuits-en-egypte\/"},{"@type":"ListItem","position":2,"name":"Shop","item":"https:\/\/egytourpackages.com\/shop\/"},{"@type":"ListItem","position":3,"name":"Visite des Pyramides d&rsquo;\u00c9gypte en une demi-journ\u00e9e au Caire"}]},{"@type":"WebSite","@id":"https:\/\/egytourpackages.com\/fr\/#website","url":"https:\/\/egytourpackages.com\/fr\/","name":"Egy tour packages","description":"","publisher":{"@id":"https:\/\/egytourpackages.com\/fr\/#organization"},"potentialAction":[{"@type":"SearchAction","target":{"@type":"EntryPoint","urlTemplate":"https:\/\/egytourpackages.com\/fr\/?s={search_term_string}"},"query-input":{"@type":"PropertyValueSpecification","valueRequired":true,"valueName":"search_term_string"}}],"inLanguage":"fr-FR"},{"@type":["Organization","Place","TravelAgency"],"@id":"https:\/\/egytourpackages.com\/fr\/#organization","name":"egypt tour packages","alternateName":"egypt tour packages","url":"https:\/\/egytourpackages.com\/fr\/","logo":{"@id":"https:\/\/egytourpackages.com\/fr\/tours\/visite-des-pyramides-degypte-en-une-demi-journee-au-caire\/#local-main-organization-logo"},"image":{"@id":"https:\/\/egytourpackages.com\/fr\/tours\/visite-des-pyramides-degypte-en-une-demi-journee-au-caire\/#local-main-organization-logo"},"sameAs":["https:\/\/www.facebook.com\/egytourpackages"],"legalName":"Egy tour packages","address":{"@id":"https:\/\/egytourpackages.com\/fr\/tours\/visite-des-pyramides-degypte-en-une-demi-journee-au-caire\/#local-main-place-address"},"telephone":["00201000852186","00201028685533"],"contactPoint":{"@type":"ContactPoint","telephone":"00201000852186"},"openingHoursSpecification":[{"@type":"OpeningHoursSpecification","dayOfWeek":["Monday","Tuesday","Wednesday","Thursday","Friday","Saturday","Sunday"],"opens":"00:00","closes":"23:59"}],"email":"info@egytourpackages.com","areaServed":"Cairo, Hurghada, Luxor, Sharm El Sheikh, Marsa Alam, Aswan","priceRange":"$","currenciesAccepted":"euro","paymentAccepted":"Payment links online"},{"@type":"PostalAddress","@id":"https:\/\/egytourpackages.com\/fr\/tours\/visite-des-pyramides-degypte-en-une-demi-journee-au-caire\/#local-main-place-address","streetAddress":"Mubarak 8, Al Kawthar District, Hurghada","addressLocality":"Hurghada","postalCode":"84511","addressRegion":"Red Sea","addressCountry":"EG"},{"@type":"ImageObject","inLanguage":"fr-FR","@id":"https:\/\/egytourpackages.com\/fr\/tours\/visite-des-pyramides-degypte-en-une-demi-journee-au-caire\/#local-main-organization-logo","url":"https:\/\/egytourpackages.com\/wp-content\/uploads\/2025\/12\/Turquoise-Dahabiya-Nile-Cruise-1.jpeg","contentUrl":"https:\/\/egytourpackages.com\/wp-content\/uploads\/2025\/12\/Turquoise-Dahabiya-Nile-Cruise-1.jpeg","width":1040,"height":694,"caption":"egypt tour packages"}]},"product_brand":"Excursions en \u00c9gypte","product_price_amount":"90","product_price_currency":"EUR","og_availability":"instock","product_availability":"instock","product_retailer_item_id":"CDT08","product_condition":"new","geo.placename":"Hurghada","geo.region":"\u00c9gypte"},"_links":{"self":[{"href":"https:\/\/egytourpackages.com\/fr\/wp-json\/wp\/v2\/product\/8325","targetHints":{"allow":["GET"]}}],"collection":[{"href":"https:\/\/egytourpackages.com\/fr\/wp-json\/wp\/v2\/product"}],"about":[{"href":"https:\/\/egytourpackages.com\/fr\/wp-json\/wp\/v2\/types\/product"}],"replies":[{"embeddable":true,"href":"https:\/\/egytourpackages.com\/fr\/wp-json\/wp\/v2\/comments?post=8325"}],"wp:featuredmedia":[{"embeddable":true,"href":"https:\/\/egytourpackages.com\/fr\/wp-json\/wp\/v2\/media\/8326"}],"wp:attachment":[{"href":"https:\/\/egytourpackages.com\/fr\/wp-json\/wp\/v2\/media?parent=8325"}],"wp:term":[{"taxonomy":"product_brand","embeddable":true,"href":"https:\/\/egytourpackages.com\/fr\/wp-json\/wp\/v2\/product_brand?post=8325"},{"taxonomy":"product_cat","embeddable":true,"href":"https:\/\/egytourpackages.com\/fr\/wp-json\/wp\/v2\/product_cat?post=8325"},{"taxonomy":"product_tag","embeddable":true,"href":"https:\/\/egytourpackages.com\/fr\/wp-json\/wp\/v2\/product_tag?post=8325"}],"curies":[{"name":"wp","href":"https:\/\/api.w.org\/{rel}","templated":true}]}}