{"id":8327,"date":"2024-06-19T17:32:40","date_gmt":"2024-06-19T17:32:40","guid":{"rendered":"https:\/\/egytourpackages.com\/product\/croisiere-sur-le-lac-nasser-de-4-jours-abou-simbel-assouan\/"},"modified":"2026-01-12T23:20:41","modified_gmt":"2026-01-12T23:20:41","slug":"croisiere-sur-le-lac-nasser-de-4-jours-abou-simbel-assouan","status":"publish","type":"product","link":"https:\/\/egytourpackages.com\/fr\/tours\/croisiere-sur-le-lac-nasser-de-4-jours-abou-simbel-assouan\/","title":{"rendered":"Croisi\u00e8re sur le Lac Nasser de 4 jours: Abou Simbel &#8211; Assouan"},"content":{"rendered":"<p><span style=\"color: #ff6600;\"><strong>Croisi\u00e8re sur le Lac Nasser de 4 jours: Abou Simbel &#8211; Assouan<\/strong><\/span><\/p>\n<p>R\u00e9server une <strong>croisi\u00e8re sur le Lac Nasser de 4 jours: Abou Simbel &#8211; Assouan<\/strong> est la meilleure option pour se d\u00e9tendre et profiter de la visite de tous les <strong>temples nubiens<\/strong> et <strong>sites historiques \u00e9gyptiens<\/strong> avec les <strong>tours en \u00c9gypte<\/strong>. D\u00e9couvrez le berceau de la <strong>civilisation \u00e9gyptienne antique<\/strong> en naviguant sur les eaux sereines du <strong>Lac Nasser<\/strong>, une alternative unique aux <strong>croisi\u00e8res traditionnelles sur le Nil<\/strong>. En fait, nos <strong>offres de croisi\u00e8res sur le Lac Nasser<\/strong> offrent des opportunit\u00e9s in\u00e9gal\u00e9es de s&rsquo;\u00e9merveiller devant des sites embl\u00e9matiques, notamment les magnifiques <strong>Temples d&rsquo;Abou Simbel<\/strong>, le captivant <strong>Temple de Wadi El Seboua<\/strong>, le fascinant <strong>Beit El Wali<\/strong> et le renomm\u00e9 <strong>Temple de Kalabsha<\/strong>.<\/p>\n<p>En tant que fournisseur leader de <strong>tours en \u00c9gypte<\/strong> et de <strong>vacances en croisi\u00e8re sur le Nil<\/strong>, nous nous engageons \u00e0 offrir un service exceptionnel. Votre <strong>aventure sur le Lac Nasser<\/strong> inclut un <strong>guide \u00e9gyptologue<\/strong> expert, garantissant une exp\u00e9rience enrichissante et \u00e9ducative qui cr\u00e9era des <strong>souvenures imp\u00e9rissables<\/strong>.<\/p>\n<p>S\u00e9curisez votre <strong>r\u00e9servation de croisi\u00e8re sur le Lac Nasser<\/strong> d\u00e8s aujourd&rsquo;hui et b\u00e9n\u00e9ficiez de notre <strong>assistance client 24\/7<\/strong>, de la <strong>confirmation instantan\u00e9e<\/strong> et des options de <strong>r\u00e9servation gratuite<\/strong>. Explorez le <strong>meilleur de l&rsquo;\u00c9gypte<\/strong> avec nos <strong>forfaits de croisi\u00e8re d&rsquo;Abou Simbel \u00e0 Assouan<\/strong> tr\u00e8s bien not\u00e9s et plongez au c\u0153ur de l&rsquo;<strong>\u00c9gypte antique<\/strong>.<\/p>\n<h3><span style=\"color: #ff6600;\">D\u00e9tails du tour<\/span><\/h3>\n<ul>\n<li>Dur\u00e9e: 4 jours \/ 3 nuits<\/li>\n<li>Lieu du tour: Abou Simbel &#8211; Assouan tous les vendredis<\/li>\n<li>Disponibilit\u00e9 du tour: Sur demande<\/li>\n<li>Prise en charge &amp; retour: Assouan \/ Assouan<\/li>\n<li>Type de tour: Priv\u00e9<\/li>\n<li><strong>Langue: Fran\u00e7ais<\/strong><\/li>\n<li>Adapt\u00e9 pour: Couples, Familles, Seniors<\/li>\n<li>Scaun avec rotile: Accessible<\/li>\n<\/ul>\n<h3><span style=\"color: #ff6600;\">Points forts du tour<\/span><\/h3>\n<ul>\n<li>Temples d&rsquo;Abou Simbel<\/li>\n<li>Kasr Ibrim<\/li>\n<li>Temple d&rsquo;Amada<\/li>\n<li>Temple de Wadi El Seboua<\/li>\n<li>Temple de Dakka<\/li>\n<li>Le temple de Muharraq<\/li>\n<li>Temple de Kalabsha<\/li>\n<li>Beit El Wali<\/li>\n<li>Kiosque de Kertassi<\/li>\n<\/ul>\n<h3><span style=\"color: #ff6600;\">Inclus dans ce tour<\/span><\/h3>\n<ul>\n<li>Services d&rsquo;accueil et d&rsquo;assistance \u00e0 l&rsquo;arriv\u00e9e et au d\u00e9part<\/li>\n<li>Transfert aller-retour avec un v\u00e9hicule moderne A\/C<\/li>\n<li>3 nuits \u00e0 bord d&rsquo;une croisi\u00e8re 5***** sur le Nil en pension compl\u00e8te<\/li>\n<li>Frais d&rsquo;entr\u00e9e pour tous les sites<\/li>\n<li><strong>Guide \u00e9gyptologue parlant fran\u00e7ais<\/strong><\/li>\n<\/ul>\n<h3><span style=\"color: #ff6600;\">Exclus de ce tour<\/span><\/h3>\n<ul>\n<li>Boissons \u00e0 bord<\/li>\n<li>Frais d&rsquo;entr\u00e9e pour le spectacle son et lumi\u00e8re d&rsquo;Abou Simbel<\/li>\n<li>Pourboires selon les traditions locales<\/li>\n<\/ul>\n<h3><span style=\"color: #ff6600;\">Ce qu&rsquo;il faut emporter<\/span><\/h3>\n<ul>\n<li>Chaussures et v\u00eatements confortables<\/li>\n<li>V\u00eatements chauds en hiver<\/li>\n<li>Lunettes de soleil<\/li>\n<li>Chapeau ou \u00e9charpe<\/li>\n<li>Cr\u00e8me solaire<\/li>\n<\/ul>\n<h3><span style=\"color: #ff6600;\">Itin\u00e9raire<\/span><\/h3>\n<h3><span style=\"color: #ff6600;\">Jour 1, Assouan &#8211; Abou Simbel<\/span><\/h3>\n<p>Votre guide d&rsquo;Egy Tour Packages vous accueillera \u00e0 Assouan pour vous accompagner au village d&rsquo;Abou Simbel et commencer votre <strong>croisi\u00e8re sur le Lac Nasser de 4 jours d&rsquo;Abou Simbel \u00e0 Assouan<\/strong>. \u00c0 votre arriv\u00e9e, vous vous enregistrerez et profiterez de votre d\u00e9jeuner \u00e0 bord de la croisi\u00e8re sur le Nil.<\/p>\n<p>Plus tard, vous commencerez votre tour d&rsquo;Abou Simbel avec votre guide arch\u00e9ologue qui vous ouvrira son esprit d&rsquo;information pour vous expliquer tout sur les temples. Les temples ne sont plus \u00e0 leur emplacement d&rsquo;origine, mais ils ont \u00e9t\u00e9 coup\u00e9s, retir\u00e9s et reconstruits 220 m\u00e8tres en arri\u00e8re de l&#8217;emplacement d&rsquo;origine et 65 m\u00e8tres plus haut. De fait, les deux temples ont \u00e9t\u00e9 construits par le <strong>Pharaon Rams\u00e8s le Grand<\/strong> pour lui-m\u00eame en tant que dieu avec Amon, R\u00ea-Horakhty et Ptah et le second pour sa femme <strong>N\u00e9fertari<\/strong> en tant que Hathor.<\/p>\n<p>Vous prendrez le temps de profiter de la visite des deux temples avant de retourner \u00e0 la croisi\u00e8re sur le Nil pour le d\u00eener et la nuit. De plus, il y a une chance le soir d&rsquo;assister au <strong>spectacle son et lumi\u00e8re \u00e0 Abou Simbel<\/strong> moyennant des frais suppl\u00e9mentaires.<\/p>\n<p><strong>Repas: <\/strong>d\u00e9jeuner, d\u00eener<\/p>\n<h3><span style=\"color: #ff6600;\">Jour 2, Kasr Ibrim &#8211; Amada &#8211; Wadi El Seboua<\/span><\/h3>\n<p>Profitez de votre petit-d\u00e9jeuner \u00e0 bord de la croisi\u00e8re sur le Nil avant que la croisi\u00e8re ne navigue sur environ 230 km vers <strong>Kasr Ibrim<\/strong>. Malheureusement, le site n&rsquo;est pas ouvert, mais la croisi\u00e8re s&rsquo;arr\u00eatera pr\u00e8s du temple pour que vous puissiez prendre des photos depuis le pont.<\/p>\n<p>La prochaine \u00e9tape sera le <strong>temple d&rsquo;Amada<\/strong>, le plus ancien temple nubien sur la rive ouest du Nil, datant de Thoutmosis III et Amenhotep II (18e dynastie). Le temple \u00e9tait d\u00e9di\u00e9 au dieu Amon-R\u00ea et au dieu R\u00ea-Horakhty.<\/p>\n<p>Ensuite, vous continuerez vers le <strong>temple d&rsquo;El Derr<\/strong> qui est en mauvais \u00e9tat.<\/p>\n<p>Le tour se poursuivra jusqu&rsquo;au <strong>tombeau de Penout<\/strong>, un puissant vice-roi nubien qui \u00e9tait en charge de l&rsquo;approvisionnement en pierres pour les statues de Rams\u00e8s VI au 11e si\u00e8cle avant J.-C. Le tombeau poss\u00e8de de tr\u00e8s belles peintures vives sur la vie nubienne et de nombreuses sc\u00e8nes de l&rsquo;au-del\u00e0.<\/p>\n<p>Profitez du d\u00e9jeuner \u00e0 bord et naviguez vers <strong>Wadi El Seboua<\/strong> pour la nuit.<\/p>\n<p><strong>Repas:<\/strong> petit-d\u00e9jeuner, d\u00e9jeuner, d\u00eener<\/p>\n<h3><span style=\"color: #ff6600;\">Jour 3, Wadi El Seboua<\/span><\/h3>\n<p>Profitez de votre petit-d\u00e9jeuner \u00e0 bord, puis rejoignez votre guide pour la visite de l&rsquo;un des temples d\u00e9plac\u00e9s apr\u00e8s la construction du Haut barrage d&rsquo;Assouan, <strong>Wadi El Seboua<\/strong>. De fait, le temple est le deuxi\u00e8me plus grand temple des temples nubiens apr\u00e8s le grand temple d&rsquo;Abou Simbel. Il \u00e9tait d\u00e9di\u00e9 au dieu Amon-R\u00ea et au dieu R\u00ea-Horakhty.<\/p>\n<p>Apr\u00e8s cela, vous visiterez le <strong>temple de Dakka<\/strong> et le <strong>temple de Muharraq<\/strong> non loin de Wadi El Seboua.<\/p>\n<p>Profitez du d\u00e9jeuner \u00e0 bord de la croisi\u00e8re, puis naviguez vers Assouan et passez-y la nuit.<\/p>\n<p><strong>Repas: <\/strong>petit-d\u00e9jeuner, d\u00e9jeuner, d\u00eener<\/p>\n<h3><span style=\"color: #ff6600;\">Jour 4, D\u00e9barquement<\/span><\/h3>\n<p>Profitez de votre dernier petit-d\u00e9jeuner \u00e0 bord, puis commencez votre tour du plus grand temple autoportant de Nubie, le <strong>temple de Kalabsha<\/strong>.<\/p>\n<p>Ensuite, sur le m\u00eame site et derri\u00e8re le temple de Kalabsha, se dresse un autre beau temple datant du 13e si\u00e8cle, appel\u00e9 <strong>Beit El Wali<\/strong>. Le Temple de Beit El Wali \u00e9tait d\u00e9di\u00e9 au culte des dieux Amon, le <strong>Roi des Dieux<\/strong>, et du dieu Khnoum. Vous terminerez ensuite la visite avec le <strong>Kiosque de Kertassi<\/strong> avant que nous ne vous transf\u00e9rions o\u00f9 vous le souhaitez \u00e0 Assouan.<\/p>\n<p><strong>Repas: <\/strong>petit-d\u00e9jeuner<\/p>\n<h3><span style=\"color: #ff6600;\">Prix Croisi\u00e8re sur le Lac Nasser de 4 jours: Abou Simbel &#8211; Assouan<\/span><\/h3>\n<ul>\n<li>Prix adulte = 950 \u20ac<\/li>\n<li>Enfants de 5 \u00e0 11 ans = 50% du prix adulte<\/li>\n<li>B\u00e9b\u00e9s de 0 \u00e0 5 ans = gratu<\/li>\n<\/ul>\n<h3><span style=\"color: #ff6600;\">R\u00e9servation<\/span><\/h3>\n<p>Vous pouvez r\u00e9server votre tour via WhatsApp ou nous envoyer un e-mail et vous recevrez la confirmation sur place. Veuillez nous envoyer le nom de votre h\u00f4tel, le num\u00e9ro de chambre, les copies de votre passeport.<\/p>\n<p>WhatsApp: +201000852186<\/p>\n<p>info@egytourpackages.com<\/p>\n<h3><span style=\"color: #ff6600;\">R\u00e9servez maintenant et payez sur place<\/span><\/h3>\n<p>R\u00e9servez votre tour pr\u00e9f\u00e9r\u00e9 et payez le jour de l&rsquo;excursion.<\/p>\n<h3><span style=\"color: #ff6600;\">Paiement<\/span><\/h3>\n<p>Vous pouvez payer en livres \u00e9gyptiennes, $, \u20ac ou \u00a3.<\/p>\n<h3><span style=\"color: #ff6600;\">Politique d&rsquo;annulation<\/span><\/h3>\n<ul>\n<li>L&rsquo;annulation est gratuite jusqu&rsquo;\u00e0 deux semaines \u00e0 l&rsquo;avance.<\/li>\n<li>L&rsquo;annulation le matin est de 100 % du prix.<\/li>\n<\/ul>\n","protected":false},"excerpt":{"rendered":"<p>Croisi\u00e8re sur le Lac Nasser de 4 jours: Abou Simbel &#8211; Assouan. D\u00e9couvrez les temples pharaoniques inoubliables. R\u00e9servez cette exp\u00e9rience unique ! Meilleur circuit.<\/p>\n","protected":false},"featured_media":8328,"comment_status":"open","ping_status":"closed","template":"","meta":[],"product_brand":[],"product_cat":[3124],"product_tag":[3126,3339,3243,3414],"class_list":{"0":"post-8327","1":"product","2":"type-product","3":"status-publish","4":"has-post-thumbnail","6":"product_cat-tours-fr","7":"product_tag-croisieres-sur-le-nil-en-egypte","8":"product_tag-forfait-vacances-en-egypte","9":"product_tag-forfaits-vacances-egypte","10":"product_tag-visite-du-temple-dabou-simbel","11":"tour_category-circuits-de-4-jours-en-egypte","12":"tour_category-circuits-en-egypte-fr","13":"tour_category-croisieres-sur-le-nil-a-louxor-et-assouan","14":"tour_category-croisieres-sur-le-nil-en-egypte-fr","16":"first","17":"instock","18":"sale","19":"shipping-taxable","20":"purchasable","21":"product-type-tour","22":"has-default-attributes"},"yoast_head":"<!-- This site is optimized with the Yoast SEO Premium plugin v27.4 (Yoast SEO v27.4) - https:\/\/yoast.com\/product\/yoast-seo-premium-wordpress\/ -->\n<title>Croisi\u00e8re sur le Lac Nasser de 4 jours: Abou Simbel - Assouan<\/title>\n<meta name=\"description\" content=\"Croisi\u00e8re sur le Lac Nasser de 4 jours: Abou Simbel - Assouan. D\u00e9couvrez les temples pharaoniques inoubliables. R\u00e9servez cette exp\u00e9rience unique ! Meilleur circuit.\" \/>\n<meta name=\"robots\" content=\"index, follow, max-snippet:-1, max-image-preview:large, max-video-preview:-1\" \/>\n<link rel=\"canonical\" href=\"https:\/\/egytourpackages.com\/fr\/tours\/croisiere-sur-le-lac-nasser-de-4-jours-abou-simbel-assouan\/\" \/>\n<meta property=\"og:locale\" content=\"fr_FR\" \/>\n<meta property=\"og:type\" content=\"article\" \/>\n<meta property=\"og:title\" content=\"Croisi\u00e8re sur le Lac Nasser de 4 jours: Abou Simbel - Assouan\" \/>\n<meta property=\"og:description\" content=\"Croisi\u00e8re sur le Lac Nasser de 4 jours: Abou Simbel - Assouan. D\u00e9couvrez les temples pharaoniques inoubliables. R\u00e9servez cette exp\u00e9rience unique ! Meilleur circuit.\" \/>\n<meta property=\"og:url\" content=\"https:\/\/egytourpackages.com\/fr\/tours\/croisiere-sur-le-lac-nasser-de-4-jours-abou-simbel-assouan\/\" \/>\n<meta property=\"og:site_name\" content=\"Egypt Tour Packages\" \/>\n<meta property=\"article:publisher\" content=\"https:\/\/www.facebook.com\/egytourpackages\" \/>\n<meta property=\"article:modified_time\" content=\"2026-01-12T23:20:41+00:00\" \/>\n<meta property=\"og:image\" content=\"https:\/\/egytourpackages.com\/wp-content\/uploads\/2024\/06\/Abu-Simbel-temple-1024x683.jpg\" \/>\n<meta name=\"twitter:card\" content=\"summary_large_image\" \/>\n<meta name=\"twitter:title\" content=\"Croisi\u00e8re sur le Lac Nasser de 4 jours: Abou Simbel - Assouan\" \/>\n<meta name=\"twitter:label1\" content=\"Prix\" \/>\n\t<meta name=\"twitter:data1\" content=\"&euro;950\" \/>\n\t<meta name=\"twitter:label2\" content=\"Disponibilit\u00e9\" \/>\n\t<meta name=\"twitter:data2\" content=\"En stock\" \/>\n<script type=\"application\/ld+json\" class=\"yoast-schema-graph\">{\"@context\":\"https:\\\/\\\/schema.org\",\"@graph\":[{\"@type\":\"WebPage\",\"@id\":\"https:\\\/\\\/egytourpackages.com\\\/fr\\\/tours\\\/croisiere-sur-le-lac-nasser-de-4-jours-abou-simbel-assouan\\\/\",\"url\":\"https:\\\/\\\/egytourpackages.com\\\/fr\\\/tours\\\/croisiere-sur-le-lac-nasser-de-4-jours-abou-simbel-assouan\\\/\",\"name\":\"Croisi\u00e8re sur le Lac Nasser de 4 jours: Abou Simbel - Assouan\",\"isPartOf\":{\"@id\":\"https:\\\/\\\/egytourpackages.com\\\/fr\\\/#website\"},\"primaryImageOfPage\":{\"@id\":\"https:\\\/\\\/egytourpackages.com\\\/fr\\\/tours\\\/croisiere-sur-le-lac-nasser-de-4-jours-abou-simbel-assouan\\\/#primaryimage\"},\"image\":{\"@id\":\"https:\\\/\\\/egytourpackages.com\\\/fr\\\/tours\\\/croisiere-sur-le-lac-nasser-de-4-jours-abou-simbel-assouan\\\/#primaryimage\"},\"thumbnailUrl\":\"https:\\\/\\\/egytourpackages.com\\\/wp-content\\\/uploads\\\/2024\\\/06\\\/Abu-Simbel-temple.jpg\",\"datePublished\":\"2024-06-19T17:32:40+00:00\",\"dateModified\":\"2026-01-12T23:20:41+00:00\",\"description\":\"Croisi\u00e8re sur le Lac Nasser de 4 jours: Abou Simbel - Assouan. D\u00e9couvrez les temples pharaoniques inoubliables. R\u00e9servez cette exp\u00e9rience unique ! Meilleur circuit.\",\"breadcrumb\":{\"@id\":\"https:\\\/\\\/egytourpackages.com\\\/fr\\\/tours\\\/croisiere-sur-le-lac-nasser-de-4-jours-abou-simbel-assouan\\\/#breadcrumb\"},\"inLanguage\":\"fr-FR\",\"potentialAction\":[{\"@type\":\"ReadAction\",\"target\":[\"https:\\\/\\\/egytourpackages.com\\\/fr\\\/tours\\\/croisiere-sur-le-lac-nasser-de-4-jours-abou-simbel-assouan\\\/\"]}]},{\"@type\":\"ImageObject\",\"inLanguage\":\"fr-FR\",\"@id\":\"https:\\\/\\\/egytourpackages.com\\\/fr\\\/tours\\\/croisiere-sur-le-lac-nasser-de-4-jours-abou-simbel-assouan\\\/#primaryimage\",\"url\":\"https:\\\/\\\/egytourpackages.com\\\/wp-content\\\/uploads\\\/2024\\\/06\\\/Abu-Simbel-temple.jpg\",\"contentUrl\":\"https:\\\/\\\/egytourpackages.com\\\/wp-content\\\/uploads\\\/2024\\\/06\\\/Abu-Simbel-temple.jpg\",\"width\":1950,\"height\":1300,\"caption\":\"Croisi\u00e8re sur le Lac Nasser de 4 jours: Abou Simbel - Assouan\"},{\"@type\":\"BreadcrumbList\",\"@id\":\"https:\\\/\\\/egytourpackages.com\\\/fr\\\/tours\\\/croisiere-sur-le-lac-nasser-de-4-jours-abou-simbel-assouan\\\/#breadcrumb\",\"itemListElement\":[{\"@type\":\"ListItem\",\"position\":1,\"name\":\"Home\",\"item\":\"https:\\\/\\\/egytourpackages.com\\\/fr\\\/circuits-en-egypte\\\/\"},{\"@type\":\"ListItem\",\"position\":2,\"name\":\"Shop\",\"item\":\"https:\\\/\\\/egytourpackages.com\\\/shop\\\/\"},{\"@type\":\"ListItem\",\"position\":3,\"name\":\"Croisi\u00e8re sur le Lac Nasser de 4 jours: Abou Simbel &#8211; Assouan\"}]},{\"@type\":\"WebSite\",\"@id\":\"https:\\\/\\\/egytourpackages.com\\\/fr\\\/#website\",\"url\":\"https:\\\/\\\/egytourpackages.com\\\/fr\\\/\",\"name\":\"Egy tour packages\",\"description\":\"\",\"publisher\":{\"@id\":\"https:\\\/\\\/egytourpackages.com\\\/fr\\\/#organization\"},\"potentialAction\":[{\"@type\":\"SearchAction\",\"target\":{\"@type\":\"EntryPoint\",\"urlTemplate\":\"https:\\\/\\\/egytourpackages.com\\\/fr\\\/?s={search_term_string}\"},\"query-input\":{\"@type\":\"PropertyValueSpecification\",\"valueRequired\":true,\"valueName\":\"search_term_string\"}}],\"inLanguage\":\"fr-FR\"},{\"@type\":[\"Organization\",\"Place\",\"TravelAgency\"],\"@id\":\"https:\\\/\\\/egytourpackages.com\\\/fr\\\/#organization\",\"name\":\"egypt tour packages\",\"alternateName\":\"egypt tour packages\",\"url\":\"https:\\\/\\\/egytourpackages.com\\\/fr\\\/\",\"logo\":{\"@id\":\"https:\\\/\\\/egytourpackages.com\\\/fr\\\/tours\\\/croisiere-sur-le-lac-nasser-de-4-jours-abou-simbel-assouan\\\/#local-main-organization-logo\"},\"image\":{\"@id\":\"https:\\\/\\\/egytourpackages.com\\\/fr\\\/tours\\\/croisiere-sur-le-lac-nasser-de-4-jours-abou-simbel-assouan\\\/#local-main-organization-logo\"},\"sameAs\":[\"https:\\\/\\\/www.facebook.com\\\/egytourpackages\"],\"legalName\":\"Egy tour packages\",\"address\":{\"@id\":\"https:\\\/\\\/egytourpackages.com\\\/fr\\\/tours\\\/croisiere-sur-le-lac-nasser-de-4-jours-abou-simbel-assouan\\\/#local-main-place-address\"},\"telephone\":[\"00201000852186\",\"00201028685533\"],\"contactPoint\":{\"@type\":\"ContactPoint\",\"telephone\":\"00201000852186\"},\"openingHoursSpecification\":[{\"@type\":\"OpeningHoursSpecification\",\"dayOfWeek\":[\"Monday\",\"Tuesday\",\"Wednesday\",\"Thursday\",\"Friday\",\"Saturday\",\"Sunday\"],\"opens\":\"00:00\",\"closes\":\"23:59\"}],\"email\":\"info@egytourpackages.com\",\"areaServed\":\"Cairo, Hurghada, Luxor, Sharm El Sheikh, Marsa Alam, Aswan\",\"priceRange\":\"$\",\"currenciesAccepted\":\"euro\",\"paymentAccepted\":\"Payment links online\"},{\"@type\":\"PostalAddress\",\"@id\":\"https:\\\/\\\/egytourpackages.com\\\/fr\\\/tours\\\/croisiere-sur-le-lac-nasser-de-4-jours-abou-simbel-assouan\\\/#local-main-place-address\",\"streetAddress\":\"Mubarak 8, Al Kawthar District, Hurghada\",\"addressLocality\":\"Hurghada\",\"postalCode\":\"84511\",\"addressRegion\":\"Red Sea\",\"addressCountry\":\"EG\"},{\"@type\":\"ImageObject\",\"inLanguage\":\"fr-FR\",\"@id\":\"https:\\\/\\\/egytourpackages.com\\\/fr\\\/tours\\\/croisiere-sur-le-lac-nasser-de-4-jours-abou-simbel-assouan\\\/#local-main-organization-logo\",\"url\":\"https:\\\/\\\/egytourpackages.com\\\/wp-content\\\/uploads\\\/2025\\\/12\\\/Turquoise-Dahabiya-Nile-Cruise-1.jpeg\",\"contentUrl\":\"https:\\\/\\\/egytourpackages.com\\\/wp-content\\\/uploads\\\/2025\\\/12\\\/Turquoise-Dahabiya-Nile-Cruise-1.jpeg\",\"width\":1040,\"height\":694,\"caption\":\"egypt tour packages\"}]}<\/script>\n<meta property=\"product:brand\" content=\"Circuits de 4 jours en \u00c9gypte\" \/>\n<meta property=\"product:price:amount\" content=\"950\" \/>\n<meta property=\"product:price:currency\" content=\"EUR\" \/>\n<meta property=\"og:availability\" content=\"instock\" \/>\n<meta property=\"product:availability\" content=\"instock\" \/>\n<meta property=\"product:retailer_item_id\" content=\"ENCT14\" \/>\n<meta property=\"product:condition\" content=\"new\" \/>\n<meta name=\"geo.placename\" content=\"Hurghada\" \/>\n<meta name=\"geo.region\" content=\"\u00c9gypte\" \/>\n<!-- \/ Yoast SEO Premium plugin. -->","yoast_head_json":{"title":"Croisi\u00e8re sur le Lac Nasser de 4 jours: Abou Simbel - Assouan","description":"Croisi\u00e8re sur le Lac Nasser de 4 jours: Abou Simbel - Assouan. D\u00e9couvrez les temples pharaoniques inoubliables. R\u00e9servez cette exp\u00e9rience unique ! Meilleur circuit.","robots":{"index":"index","follow":"follow","max-snippet":"max-snippet:-1","max-image-preview":"max-image-preview:large","max-video-preview":"max-video-preview:-1"},"canonical":"https:\/\/egytourpackages.com\/fr\/tours\/croisiere-sur-le-lac-nasser-de-4-jours-abou-simbel-assouan\/","og_locale":"fr_FR","og_type":"article","og_title":"Croisi\u00e8re sur le Lac Nasser de 4 jours: Abou Simbel - Assouan","og_description":"Croisi\u00e8re sur le Lac Nasser de 4 jours: Abou Simbel - Assouan. D\u00e9couvrez les temples pharaoniques inoubliables. R\u00e9servez cette exp\u00e9rience unique ! Meilleur circuit.","og_url":"https:\/\/egytourpackages.com\/fr\/tours\/croisiere-sur-le-lac-nasser-de-4-jours-abou-simbel-assouan\/","og_site_name":"Egypt Tour Packages","article_publisher":"https:\/\/www.facebook.com\/egytourpackages","article_modified_time":"2026-01-12T23:20:41+00:00","og_image":[{"url":"https:\/\/egytourpackages.com\/wp-content\/uploads\/2024\/06\/Abu-Simbel-temple-1024x683.jpg","type":"","width":"","height":""}],"twitter_card":"summary_large_image","twitter_title":"Croisi\u00e8re sur le Lac Nasser de 4 jours: Abou Simbel - Assouan","twitter_misc":{"Prix":"&euro;950","Disponibilit\u00e9":"En stock"},"schema":{"@context":"https:\/\/schema.org","@graph":[{"@type":"WebPage","@id":"https:\/\/egytourpackages.com\/fr\/tours\/croisiere-sur-le-lac-nasser-de-4-jours-abou-simbel-assouan\/","url":"https:\/\/egytourpackages.com\/fr\/tours\/croisiere-sur-le-lac-nasser-de-4-jours-abou-simbel-assouan\/","name":"Croisi\u00e8re sur le Lac Nasser de 4 jours: Abou Simbel - Assouan","isPartOf":{"@id":"https:\/\/egytourpackages.com\/fr\/#website"},"primaryImageOfPage":{"@id":"https:\/\/egytourpackages.com\/fr\/tours\/croisiere-sur-le-lac-nasser-de-4-jours-abou-simbel-assouan\/#primaryimage"},"image":{"@id":"https:\/\/egytourpackages.com\/fr\/tours\/croisiere-sur-le-lac-nasser-de-4-jours-abou-simbel-assouan\/#primaryimage"},"thumbnailUrl":"https:\/\/egytourpackages.com\/wp-content\/uploads\/2024\/06\/Abu-Simbel-temple.jpg","datePublished":"2024-06-19T17:32:40+00:00","dateModified":"2026-01-12T23:20:41+00:00","description":"Croisi\u00e8re sur le Lac Nasser de 4 jours: Abou Simbel - Assouan. D\u00e9couvrez les temples pharaoniques inoubliables. R\u00e9servez cette exp\u00e9rience unique ! Meilleur circuit.","breadcrumb":{"@id":"https:\/\/egytourpackages.com\/fr\/tours\/croisiere-sur-le-lac-nasser-de-4-jours-abou-simbel-assouan\/#breadcrumb"},"inLanguage":"fr-FR","potentialAction":[{"@type":"ReadAction","target":["https:\/\/egytourpackages.com\/fr\/tours\/croisiere-sur-le-lac-nasser-de-4-jours-abou-simbel-assouan\/"]}]},{"@type":"ImageObject","inLanguage":"fr-FR","@id":"https:\/\/egytourpackages.com\/fr\/tours\/croisiere-sur-le-lac-nasser-de-4-jours-abou-simbel-assouan\/#primaryimage","url":"https:\/\/egytourpackages.com\/wp-content\/uploads\/2024\/06\/Abu-Simbel-temple.jpg","contentUrl":"https:\/\/egytourpackages.com\/wp-content\/uploads\/2024\/06\/Abu-Simbel-temple.jpg","width":1950,"height":1300,"caption":"Croisi\u00e8re sur le Lac Nasser de 4 jours: Abou Simbel - Assouan"},{"@type":"BreadcrumbList","@id":"https:\/\/egytourpackages.com\/fr\/tours\/croisiere-sur-le-lac-nasser-de-4-jours-abou-simbel-assouan\/#breadcrumb","itemListElement":[{"@type":"ListItem","position":1,"name":"Home","item":"https:\/\/egytourpackages.com\/fr\/circuits-en-egypte\/"},{"@type":"ListItem","position":2,"name":"Shop","item":"https:\/\/egytourpackages.com\/shop\/"},{"@type":"ListItem","position":3,"name":"Croisi\u00e8re sur le Lac Nasser de 4 jours: Abou Simbel &#8211; Assouan"}]},{"@type":"WebSite","@id":"https:\/\/egytourpackages.com\/fr\/#website","url":"https:\/\/egytourpackages.com\/fr\/","name":"Egy tour packages","description":"","publisher":{"@id":"https:\/\/egytourpackages.com\/fr\/#organization"},"potentialAction":[{"@type":"SearchAction","target":{"@type":"EntryPoint","urlTemplate":"https:\/\/egytourpackages.com\/fr\/?s={search_term_string}"},"query-input":{"@type":"PropertyValueSpecification","valueRequired":true,"valueName":"search_term_string"}}],"inLanguage":"fr-FR"},{"@type":["Organization","Place","TravelAgency"],"@id":"https:\/\/egytourpackages.com\/fr\/#organization","name":"egypt tour packages","alternateName":"egypt tour packages","url":"https:\/\/egytourpackages.com\/fr\/","logo":{"@id":"https:\/\/egytourpackages.com\/fr\/tours\/croisiere-sur-le-lac-nasser-de-4-jours-abou-simbel-assouan\/#local-main-organization-logo"},"image":{"@id":"https:\/\/egytourpackages.com\/fr\/tours\/croisiere-sur-le-lac-nasser-de-4-jours-abou-simbel-assouan\/#local-main-organization-logo"},"sameAs":["https:\/\/www.facebook.com\/egytourpackages"],"legalName":"Egy tour packages","address":{"@id":"https:\/\/egytourpackages.com\/fr\/tours\/croisiere-sur-le-lac-nasser-de-4-jours-abou-simbel-assouan\/#local-main-place-address"},"telephone":["00201000852186","00201028685533"],"contactPoint":{"@type":"ContactPoint","telephone":"00201000852186"},"openingHoursSpecification":[{"@type":"OpeningHoursSpecification","dayOfWeek":["Monday","Tuesday","Wednesday","Thursday","Friday","Saturday","Sunday"],"opens":"00:00","closes":"23:59"}],"email":"info@egytourpackages.com","areaServed":"Cairo, Hurghada, Luxor, Sharm El Sheikh, Marsa Alam, Aswan","priceRange":"$","currenciesAccepted":"euro","paymentAccepted":"Payment links online"},{"@type":"PostalAddress","@id":"https:\/\/egytourpackages.com\/fr\/tours\/croisiere-sur-le-lac-nasser-de-4-jours-abou-simbel-assouan\/#local-main-place-address","streetAddress":"Mubarak 8, Al Kawthar District, Hurghada","addressLocality":"Hurghada","postalCode":"84511","addressRegion":"Red Sea","addressCountry":"EG"},{"@type":"ImageObject","inLanguage":"fr-FR","@id":"https:\/\/egytourpackages.com\/fr\/tours\/croisiere-sur-le-lac-nasser-de-4-jours-abou-simbel-assouan\/#local-main-organization-logo","url":"https:\/\/egytourpackages.com\/wp-content\/uploads\/2025\/12\/Turquoise-Dahabiya-Nile-Cruise-1.jpeg","contentUrl":"https:\/\/egytourpackages.com\/wp-content\/uploads\/2025\/12\/Turquoise-Dahabiya-Nile-Cruise-1.jpeg","width":1040,"height":694,"caption":"egypt tour packages"}]},"product_brand":"Circuits de 4 jours en \u00c9gypte","product_price_amount":"950","product_price_currency":"EUR","og_availability":"instock","product_availability":"instock","product_retailer_item_id":"ENCT14","product_condition":"new","geo.placename":"Hurghada","geo.region":"\u00c9gypte"},"_links":{"self":[{"href":"https:\/\/egytourpackages.com\/fr\/wp-json\/wp\/v2\/product\/8327","targetHints":{"allow":["GET"]}}],"collection":[{"href":"https:\/\/egytourpackages.com\/fr\/wp-json\/wp\/v2\/product"}],"about":[{"href":"https:\/\/egytourpackages.com\/fr\/wp-json\/wp\/v2\/types\/product"}],"replies":[{"embeddable":true,"href":"https:\/\/egytourpackages.com\/fr\/wp-json\/wp\/v2\/comments?post=8327"}],"wp:featuredmedia":[{"embeddable":true,"href":"https:\/\/egytourpackages.com\/fr\/wp-json\/wp\/v2\/media\/8328"}],"wp:attachment":[{"href":"https:\/\/egytourpackages.com\/fr\/wp-json\/wp\/v2\/media?parent=8327"}],"wp:term":[{"taxonomy":"product_brand","embeddable":true,"href":"https:\/\/egytourpackages.com\/fr\/wp-json\/wp\/v2\/product_brand?post=8327"},{"taxonomy":"product_cat","embeddable":true,"href":"https:\/\/egytourpackages.com\/fr\/wp-json\/wp\/v2\/product_cat?post=8327"},{"taxonomy":"product_tag","embeddable":true,"href":"https:\/\/egytourpackages.com\/fr\/wp-json\/wp\/v2\/product_tag?post=8327"}],"curies":[{"name":"wp","href":"https:\/\/api.w.org\/{rel}","templated":true}]}}