{"id":8343,"date":"2024-06-24T06:27:47","date_gmt":"2024-06-24T06:27:47","guid":{"rendered":"https:\/\/egytourpackages.com\/product\/excursion-a-louxor-depuis-safaga\/"},"modified":"2026-01-28T11:07:33","modified_gmt":"2026-01-28T11:07:33","slug":"excursion-a-louxor-depuis-safaga","status":"publish","type":"product","link":"https:\/\/egytourpackages.com\/fr\/tours\/excursion-a-louxor-depuis-safaga\/","title":{"rendered":"Excursion \u00e0 Louxor depuis Safaga"},"content":{"rendered":"<p><span style=\"color: #ff6600;\"><strong>Excursion \u00e0 Louxor depuis Safaga<\/strong><\/span><\/p>\n<p>L&rsquo;<strong>excursion d&rsquo;une journ\u00e9e de Safaga \u00e0 Louxor<\/strong> est la meilleure fa\u00e7on d&rsquo;explorer les principales <strong>attractions touristiques de Louxor<\/strong>, ou Th\u00e8bes, avec les <strong>circuits en \u00c9gypte<\/strong>. Au cours de ces <strong>excursions d&rsquo;une journ\u00e9e en \u00c9gypte<\/strong>, vous explorerez des sites embl\u00e9matiques tels que la <strong>Vall\u00e9e des Rois<\/strong> avec la chance d&rsquo;entrer dans le c\u00e9l\u00e8bre <strong>tombeau de Tout\u00e2nkhamon<\/strong>. De plus, le <strong>temple fun\u00e9raire d&rsquo;Hatchepsout<\/strong>, construit par son architecte Senmout \u00e0 c\u00f4t\u00e9 du temple de Montouhotep et du temple de <strong>Thoutm\u00f4sis III<\/strong> \u00e0 <strong>Deir El Bahari<\/strong> pour le <strong>dieu Amon<\/strong>.<\/p>\n<p>Aussi, vous visiterez les c\u00e9l\u00e8bres statues d&rsquo;<strong>Amenhotep III<\/strong>, connues sous le nom de <strong>Colosses de Memnon<\/strong>. Votre guide arch\u00e9ologue expert vous pr\u00e9sentera l&rsquo;<strong>histoire de l&rsquo;\u00c9gypte ancienne<\/strong> et la <strong>religion \u00e9gyptienne antique<\/strong> pour rendre votre voyage \u00e9ducatif et m\u00e9morable.<\/p>\n<p>Apprenez-en davantage sur les c\u00e9l\u00e8bres pharaons \u00e9gyptiens du <strong>Nouvel Empire<\/strong> tels que <strong>Rams\u00e8s le Grand<\/strong>, <strong>Hatchepsout<\/strong>, <strong>M\u00e9renptah<\/strong> et <strong>Amenhotep<\/strong>. Pendant ce temps, vous pouvez prendre des photos toute la journ\u00e9e, o\u00f9 que vous alliez, en particulier des reliefs hi\u00e9roglyphiques sur les murs des tombeaux pharaoniques dans la Vall\u00e9e des Rois.<\/p>\n<h3><span style=\"color: #ff6600;\">D\u00e9tails du voyage<\/span><\/h3>\n<ul>\n<li>Dur\u00e9e: 1 Jour<\/li>\n<li>Lieu du voyage: Louxor<\/li>\n<li>Disponibilit\u00e9 du voyage: sur demande<\/li>\n<li>Ramassage et d\u00e9p\u00f4t: H\u00f4tels \u00e0 Safaga<\/li>\n<li>Type de voyage: Priv\u00e9<\/li>\n<li><strong>Langue: Fran\u00e7ais<\/strong><\/li>\n<\/ul>\n<h3><span style=\"color: #ff6600;\">Points forts du voyage<\/span><\/h3>\n<ul>\n<li>Vall\u00e9e des Rois<\/li>\n<li>Temple fun\u00e9raire d&rsquo;Hatchepsout<\/li>\n<li>Colosses de Memnon<\/li>\n<li>Temple de Karnak<\/li>\n<li>Courte promenade en bateau \u00e0 moteur<\/li>\n<li>D\u00e9jeuner<\/li>\n<\/ul>\n<h3><span style=\"color: #ff6600;\">Inclusions<\/span><\/h3>\n<ul>\n<li>Transfert aller-retour avec un v\u00e9hicule moderne et neuf climatis\u00e9<\/li>\n<li>Frais d&rsquo;entr\u00e9e pour tous les sites mentionn\u00e9s dans le programme<\/li>\n<li>D\u00e9jeuner dans un restaurant local<\/li>\n<li><strong>Guide expert parlant fran\u00e7ais<\/strong><\/li>\n<li>Eau pendant le circuit<\/li>\n<\/ul>\n<h3><span style=\"color: #ff6600;\">Exclusions<\/span><\/h3>\n<ul>\n<li>Boissons pendant le d\u00e9jeuner<\/li>\n<li>Les tombeaux suppl\u00e9mentaires dans la Vall\u00e9e des Rois<\/li>\n<li>Pourboires pour le guide et le chauffeur<\/li>\n<\/ul>\n<h3><span style=\"color: #ff6600;\">Quoi emporter<\/span><\/h3>\n<ul>\n<li>Chaussures confortables car la plupart des endroits sont des chemins de sable ou de pierre<\/li>\n<li>Lunettes de soleil<\/li>\n<li>Cr\u00e8me solaire<\/li>\n<li>Chapeau<\/li>\n<\/ul>\n<h2><span style=\"color: #ff6600;\">Itin\u00e9raire<\/span><\/h2>\n<p>Nous viendrons vous chercher dans le hall de votre h\u00f4tel \u00e0 Safaga pour commencer votre excursion d&rsquo;une journ\u00e9e de Safaga \u00e0 Louxor. La distance entre Safaga et Louxor est d&rsquo;environ 220 km et il faut environ 3 heures de route. \u00c0 l&rsquo;arriv\u00e9e, vous commencerez votre excursion d&rsquo;une journ\u00e9e compl\u00e8te avec votre guide expert pour les attractions de Louxor, telles que la&#8230;<\/p>\n<h3><span style=\"color: #ff6600;\">Vall\u00e9e des Rois: Voyage vers l&rsquo;au-del\u00e0 des pharaons<\/span><\/h3>\n<p>La Vall\u00e9e des Rois \u00e9tait le lieu de s\u00e9pulture des pharaons des 18e, 19e et 20e dynasties. Explorez les anciens rituels fun\u00e9raires \u00e9gyptiens en vous plongeant dans ces remarquables tombeaux taill\u00e9s dans la roche. \u00c9merveillez-vous devant les hi\u00e9roglyphes complexes et les peintures vibrantes qui ornent les murs, et qui illustrent des textes religieux sacr\u00e9s tels que le <strong>Livre des Morts<\/strong>, le <strong>Livre du Jour et de la Nuit<\/strong>, et les sc\u00e8nes du <strong>Jugement Dernier<\/strong>. Obtenez des aper\u00e7us profonds des croyances et du voyage des pharaons dans leur qu\u00eate de la vie \u00e9ternelle.<\/p>\n<p><strong>Visites de tombeaux facultatives (co\u00fbt suppl\u00e9mentaire) :<\/strong> Pour ceux qui souhaitent explorer davantage, l&rsquo;entr\u00e9e \u00e0 certains tombeaux comme le <strong>tombeau de Tout\u00e2nkhamon<\/strong>, le <strong>tombeau de S\u00e9thi Ier<\/strong> et le <strong>tombeau de Rams\u00e8s V<\/strong> est disponible \u00e0 un co\u00fbt suppl\u00e9mentaire.<\/p>\n<h3><span style=\"color: #ff6600;\">Temple d\u2019Hatchepsout: Un hommage \u00e0 une femme pharaon<\/span><\/h3>\n<p>Continuez vers le magnifique <strong>temple d&rsquo;Hatchepsout<\/strong>, un chef-d&rsquo;\u0153uvre architectural \u00e9poustouflant nich\u00e9 dans les falaises de <strong>Deir el-Bahari<\/strong>. Ce temple fun\u00e9raire, choisi par la redoutable femme pharaon Hatchepsout elle-m\u00eame, t\u00e9moigne de son r\u00e8gne et de son droit divin.<\/p>\n<p>Explorez les diff\u00e9rentes terrasses et colonnades, en vous \u00e9merveillant devant les statues de sphinx qui subsistent et qui bordaient autrefois le chemin de procession. D\u00e9couvrez la <strong>chapelle d&rsquo;Hathor<\/strong> et la <strong>chapelle d&rsquo;Anubis<\/strong>, magnifiquement pr\u00e9serv\u00e9es, chacune orn\u00e9e de reliefs complexes repr\u00e9sentant d&rsquo;anciennes divinit\u00e9s et rituels. Concluez votre visite au <strong>Saint des Saints<\/strong>, le sanctuaire le plus int\u00e9rieur du temple, et imaginez les c\u00e9r\u00e9monies sacr\u00e9es qui s&rsquo;y d\u00e9roulaient autrefois.<\/p>\n<p>Observez le paysage environnant o\u00f9 la royaut\u00e9 a choisi d&rsquo;\u00eatre enterr\u00e9e pr\u00e8s de leur reine v\u00e9n\u00e9r\u00e9e, ajoutant \u00e0 la signification historique de ce site extraordinaire.<\/p>\n<h3><span style=\"color: #ff6600;\">Colosses de Memnon<\/span><\/h3>\n<p>Les majestueux <strong>Colosses de Memnon<\/strong> sont deux statues colossales qui gardent l&rsquo;entr\u00e9e du grand temple fun\u00e9raire du pharaon <strong>Amenhotep III<\/strong>, un temple qui, malheureusement, a presque enti\u00e8rement disparu au fil du temps.<\/p>\n<p>Malgr\u00e9 la disparition du temple lui-m\u00eame, ces effigies imposantes, repr\u00e9sentant Amenhotep III assis, restent un puissant t\u00e9moignage de l&rsquo;\u00e9chelle et de l&rsquo;ambition de l&rsquo;architecture \u00e9gyptienne antique. En les contemplant, imaginez l&rsquo;immense complexe qui les entourait autrefois. Bien qu&rsquo;il ne reste que des fragments \u2013 quelques st\u00e8les, des bustes dispers\u00e9s et la base de certaines colonnes \u2013 la taille m\u00eame des Colosses offre un aper\u00e7u vivant de l&rsquo;ancienne gloire de ce site sacr\u00e9 sur la rive ouest de Louxor.<\/p>\n<h3><span style=\"color: #ff6600;\">Courte promenade en bateau \u00e0 moteur: Louxor depuis le Nil<\/span><\/h3>\n<p>D\u00e9couvrez la magie de Louxor depuis une perspective unique avec une <strong>promenade facultative de 30 minutes en bateau \u00e0 moteur<\/strong> sur le majestueux Nil. Glissez le long des eaux tranquilles et voyez les monuments embl\u00e9matiques de Louxor prendre vie depuis la rivi\u00e8re. Les points forts de cette croisi\u00e8re pittoresque incluent des vues \u00e0 couper le souffle sur le <strong>temple de Louxor<\/strong> illumin\u00e9 et le grand <strong>Winter Palace<\/strong>, entre autres sites captivants le long des rives du fleuve.<\/p>\n<h3><span style=\"color: #ff6600;\">D\u00e9jeuner<\/span><\/h3>\n<p>Profitez d&rsquo;un d\u00e9jeuner fra\u00eechement pr\u00e9par\u00e9 dans un restaurant local au bord du Nil.<\/p>\n<h3><span style=\"color: #ff6600;\">Complexe du temple de Karnak<\/span><\/h3>\n<p>Concluez votre exploration inoubliable de Louxor avec une visite au complexe de <strong>temple de Karnak<\/strong> incomparable, le plus grand site religieux antique au monde. Accompagn\u00e9 de votre guide expert, pr\u00e9parez-vous \u00e0 \u00eatre \u00e9merveill\u00e9 par l&rsquo;\u00e9chelle pure et les d\u00e9tails complexes de ce t\u00e9moignage monumental du pouvoir et de la d\u00e9votion pharaonique.<\/p>\n<p>Promenez-vous \u00e0 travers les <strong>pyl\u00f4nes<\/strong> imposants, explorez la myriade de <strong>sanctuaires<\/strong> et \u00e9merveillez-vous devant la <strong>Grande Salle Hypostyle<\/strong> \u00e0 couper le souffle, avec sa for\u00eat de colonnes colossales. D\u00e9couvrez le <strong>lac sacr\u00e9<\/strong> serein, autrefois utilis\u00e9 pour la purification rituelle.<\/p>\n<p>N&rsquo;oubliez pas la tradition de faire le tour de la <strong>statue du scarab\u00e9e sept fois<\/strong> pour que vos v\u0153ux se r\u00e9alisent ! Assurez-vous \u00e9galement de chercher la belle <strong>Chapelle Rouge<\/strong> et la <strong>Chapelle Blanche<\/strong>, des joyaux cach\u00e9s au sein de ce complexe tentaculaire qui offrent des aper\u00e7us uniques de l&rsquo;art et de l&rsquo;histoire de l&rsquo;\u00c9gypte ancienne.<\/p>\n<h3><span style=\"color: #ff6600;\">Prix de l&rsquo;excursion d&rsquo;une journ\u00e9e de Safaga \u00e0 Louxor<\/span><\/h3>\n<p>Prix total <strong>145 \u20ac par personne<\/strong>.<\/p>\n<h3><span style=\"color: #ff6600;\">R\u00e9servation<\/span><\/h3>\n<p>Vous pouvez r\u00e9server votre circuit via WhatsApp ou nous envoyer un e-mail et vous recevrez la confirmation sur place.<\/p>\n<p>Veuillez nous envoyer le nom de votre h\u00f4tel, le num\u00e9ro de votre chambre, les copies de votre passeport.<\/p>\n<p>WhatsApp: +201000852186<\/p>\n<p>E-mail: info@egytourpackages.com<\/p>\n<h3><span style=\"color: #ff6600;\">Politique d&rsquo;annulation<\/span><\/h3>\n<p>Vous pouvez annuler \u00e0 tout moment jusqu&rsquo;\u00e0 24 heures avant le voyage.<\/p>\n<h3><span style=\"color: #ff6600;\">Veuillez notes:<\/span><\/h3>\n<p>Veuillez noter que nous devons obtenir les permis de voyage un jour avant, conform\u00e9ment \u00e0 la loi \u00e9gyptienne, alors veuillez nous envoyer les copies de votre passeport, le num\u00e9ro de votre chambre et le nom de votre croisi\u00e8re au moins deux jours avant.<\/p>\n","protected":false},"excerpt":{"rendered":"<p>Excursion \u00e0 Louxor depuis Safaga. D\u00e9couvrez les tr\u00e9sors antiques : Vall\u00e9e des Rois, Karnak, Temples. Guide \u00e9gyptologue, meilleur prix. R\u00e9servez !<\/p>\n","protected":false},"featured_media":8344,"comment_status":"open","ping_status":"closed","template":"","meta":[],"product_brand":[],"product_cat":[3124],"product_tag":[3242,3275,3354,3243],"class_list":{"0":"post-8343","1":"product","2":"type-product","3":"status-publish","4":"has-post-thumbnail","6":"product_cat-tours-fr","7":"product_tag-circuits-egypte","8":"product_tag-excursions-dune-journee-en-egypte","9":"product_tag-excursions-dans-la-baie-de-soma","10":"product_tag-forfaits-vacances-egypte","11":"tour_category-excursions-a-louxor-au-depart-dhurghada","12":"tour_category-excursions-dune-journee-au-depart-de-safaga","13":"tour_category-excursions-en-egypte-fr","14":"tour_category-excursions-soma-bay-fr","16":"first","17":"instock","18":"sale","19":"shipping-taxable","20":"purchasable","21":"product-type-tour","22":"has-default-attributes"},"yoast_head":"<!-- This site is optimized with the Yoast SEO Premium plugin v27.4 (Yoast SEO v27.4) - https:\/\/yoast.com\/product\/yoast-seo-premium-wordpress\/ -->\n<title>Excursion \u00e0 Louxor depuis Safaga: Excursions Soma Bay<\/title>\n<meta name=\"description\" content=\"Excursion \u00e0 Louxor depuis Safaga. D\u00e9couvrez les tr\u00e9sors antiques : Vall\u00e9e des Rois, Karnak, Temples. Guide \u00e9gyptologue, meilleur prix. R\u00e9servez !\" \/>\n<meta name=\"robots\" content=\"index, follow, max-snippet:-1, max-image-preview:large, max-video-preview:-1\" \/>\n<link rel=\"canonical\" href=\"https:\/\/egytourpackages.com\/fr\/tours\/excursion-a-louxor-depuis-safaga\/\" \/>\n<meta property=\"og:locale\" content=\"fr_FR\" \/>\n<meta property=\"og:type\" content=\"article\" \/>\n<meta property=\"og:title\" content=\"Excursion \u00e0 Louxor depuis Safaga\" \/>\n<meta property=\"og:description\" content=\"Excursion \u00e0 Louxor depuis Safaga. D\u00e9couvrez les tr\u00e9sors antiques : Vall\u00e9e des Rois, Karnak, Temples. Guide \u00e9gyptologue, meilleur prix. R\u00e9servez !\" \/>\n<meta property=\"og:url\" content=\"https:\/\/egytourpackages.com\/fr\/tours\/excursion-a-louxor-depuis-safaga\/\" \/>\n<meta property=\"og:site_name\" content=\"Egypt Tour Packages\" \/>\n<meta property=\"article:publisher\" content=\"https:\/\/www.facebook.com\/egytourpackages\" \/>\n<meta property=\"article:modified_time\" content=\"2026-01-28T11:07:33+00:00\" \/>\n<meta property=\"og:image\" content=\"https:\/\/egytourpackages.com\/wp-content\/uploads\/2024\/06\/Valley-of-the-Kings-Luxor-1-1024x682.jpg\" \/>\n<meta name=\"twitter:card\" content=\"summary_large_image\" \/>\n<meta name=\"twitter:title\" content=\"Excursion \u00e0 Louxor depuis Safaga\" \/>\n<meta name=\"twitter:label1\" content=\"Prix\" \/>\n\t<meta name=\"twitter:data1\" content=\"&euro;145\" \/>\n\t<meta name=\"twitter:label2\" content=\"Disponibilit\u00e9\" \/>\n\t<meta name=\"twitter:data2\" content=\"En stock\" \/>\n<script type=\"application\/ld+json\" class=\"yoast-schema-graph\">{\"@context\":\"https:\\\/\\\/schema.org\",\"@graph\":[{\"@type\":\"WebPage\",\"@id\":\"https:\\\/\\\/egytourpackages.com\\\/fr\\\/tours\\\/excursion-a-louxor-depuis-safaga\\\/\",\"url\":\"https:\\\/\\\/egytourpackages.com\\\/fr\\\/tours\\\/excursion-a-louxor-depuis-safaga\\\/\",\"name\":\"Excursion \u00e0 Louxor depuis Safaga: Excursions Soma Bay\",\"isPartOf\":{\"@id\":\"https:\\\/\\\/egytourpackages.com\\\/fr\\\/#website\"},\"primaryImageOfPage\":{\"@id\":\"https:\\\/\\\/egytourpackages.com\\\/fr\\\/tours\\\/excursion-a-louxor-depuis-safaga\\\/#primaryimage\"},\"image\":{\"@id\":\"https:\\\/\\\/egytourpackages.com\\\/fr\\\/tours\\\/excursion-a-louxor-depuis-safaga\\\/#primaryimage\"},\"thumbnailUrl\":\"https:\\\/\\\/egytourpackages.com\\\/wp-content\\\/uploads\\\/2024\\\/06\\\/Valley-of-the-Kings-Luxor-1.jpg\",\"datePublished\":\"2024-06-24T06:27:47+00:00\",\"dateModified\":\"2026-01-28T11:07:33+00:00\",\"description\":\"Excursion \u00e0 Louxor depuis Safaga. D\u00e9couvrez les tr\u00e9sors antiques : Vall\u00e9e des Rois, Karnak, Temples. Guide \u00e9gyptologue, meilleur prix. R\u00e9servez !\",\"breadcrumb\":{\"@id\":\"https:\\\/\\\/egytourpackages.com\\\/fr\\\/tours\\\/excursion-a-louxor-depuis-safaga\\\/#breadcrumb\"},\"inLanguage\":\"fr-FR\",\"potentialAction\":[{\"@type\":\"ReadAction\",\"target\":[\"https:\\\/\\\/egytourpackages.com\\\/fr\\\/tours\\\/excursion-a-louxor-depuis-safaga\\\/\"]}]},{\"@type\":\"ImageObject\",\"inLanguage\":\"fr-FR\",\"@id\":\"https:\\\/\\\/egytourpackages.com\\\/fr\\\/tours\\\/excursion-a-louxor-depuis-safaga\\\/#primaryimage\",\"url\":\"https:\\\/\\\/egytourpackages.com\\\/wp-content\\\/uploads\\\/2024\\\/06\\\/Valley-of-the-Kings-Luxor-1.jpg\",\"contentUrl\":\"https:\\\/\\\/egytourpackages.com\\\/wp-content\\\/uploads\\\/2024\\\/06\\\/Valley-of-the-Kings-Luxor-1.jpg\",\"width\":2000,\"height\":1333,\"caption\":\"Vall\u00e9e des Rois, Louxor\"},{\"@type\":\"BreadcrumbList\",\"@id\":\"https:\\\/\\\/egytourpackages.com\\\/fr\\\/tours\\\/excursion-a-louxor-depuis-safaga\\\/#breadcrumb\",\"itemListElement\":[{\"@type\":\"ListItem\",\"position\":1,\"name\":\"Home\",\"item\":\"https:\\\/\\\/egytourpackages.com\\\/fr\\\/circuits-en-egypte\\\/\"},{\"@type\":\"ListItem\",\"position\":2,\"name\":\"Shop\",\"item\":\"https:\\\/\\\/egytourpackages.com\\\/shop\\\/\"},{\"@type\":\"ListItem\",\"position\":3,\"name\":\"Excursion \u00e0 Louxor depuis Safaga\"}]},{\"@type\":\"WebSite\",\"@id\":\"https:\\\/\\\/egytourpackages.com\\\/fr\\\/#website\",\"url\":\"https:\\\/\\\/egytourpackages.com\\\/fr\\\/\",\"name\":\"Egy tour packages\",\"description\":\"\",\"publisher\":{\"@id\":\"https:\\\/\\\/egytourpackages.com\\\/fr\\\/#organization\"},\"potentialAction\":[{\"@type\":\"SearchAction\",\"target\":{\"@type\":\"EntryPoint\",\"urlTemplate\":\"https:\\\/\\\/egytourpackages.com\\\/fr\\\/?s={search_term_string}\"},\"query-input\":{\"@type\":\"PropertyValueSpecification\",\"valueRequired\":true,\"valueName\":\"search_term_string\"}}],\"inLanguage\":\"fr-FR\"},{\"@type\":[\"Organization\",\"Place\",\"TravelAgency\"],\"@id\":\"https:\\\/\\\/egytourpackages.com\\\/fr\\\/#organization\",\"name\":\"egypt tour packages\",\"alternateName\":\"egypt tour packages\",\"url\":\"https:\\\/\\\/egytourpackages.com\\\/fr\\\/\",\"logo\":{\"@id\":\"https:\\\/\\\/egytourpackages.com\\\/fr\\\/tours\\\/excursion-a-louxor-depuis-safaga\\\/#local-main-organization-logo\"},\"image\":{\"@id\":\"https:\\\/\\\/egytourpackages.com\\\/fr\\\/tours\\\/excursion-a-louxor-depuis-safaga\\\/#local-main-organization-logo\"},\"sameAs\":[\"https:\\\/\\\/www.facebook.com\\\/egytourpackages\"],\"legalName\":\"Egy tour packages\",\"address\":{\"@id\":\"https:\\\/\\\/egytourpackages.com\\\/fr\\\/tours\\\/excursion-a-louxor-depuis-safaga\\\/#local-main-place-address\"},\"telephone\":[\"00201000852186\",\"00201028685533\"],\"contactPoint\":{\"@type\":\"ContactPoint\",\"telephone\":\"00201000852186\"},\"openingHoursSpecification\":[{\"@type\":\"OpeningHoursSpecification\",\"dayOfWeek\":[\"Monday\",\"Tuesday\",\"Wednesday\",\"Thursday\",\"Friday\",\"Saturday\",\"Sunday\"],\"opens\":\"00:00\",\"closes\":\"23:59\"}],\"email\":\"info@egytourpackages.com\",\"areaServed\":\"Cairo, Hurghada, Luxor, Sharm El Sheikh, Marsa Alam, Aswan\",\"priceRange\":\"$\",\"currenciesAccepted\":\"euro\",\"paymentAccepted\":\"Payment links online\"},{\"@type\":\"PostalAddress\",\"@id\":\"https:\\\/\\\/egytourpackages.com\\\/fr\\\/tours\\\/excursion-a-louxor-depuis-safaga\\\/#local-main-place-address\",\"streetAddress\":\"Mubarak 8, Al Kawthar District, Hurghada\",\"addressLocality\":\"Hurghada\",\"postalCode\":\"84511\",\"addressRegion\":\"Red Sea\",\"addressCountry\":\"EG\"},{\"@type\":\"ImageObject\",\"inLanguage\":\"fr-FR\",\"@id\":\"https:\\\/\\\/egytourpackages.com\\\/fr\\\/tours\\\/excursion-a-louxor-depuis-safaga\\\/#local-main-organization-logo\",\"url\":\"https:\\\/\\\/egytourpackages.com\\\/wp-content\\\/uploads\\\/2025\\\/12\\\/Turquoise-Dahabiya-Nile-Cruise-1.jpeg\",\"contentUrl\":\"https:\\\/\\\/egytourpackages.com\\\/wp-content\\\/uploads\\\/2025\\\/12\\\/Turquoise-Dahabiya-Nile-Cruise-1.jpeg\",\"width\":1040,\"height\":694,\"caption\":\"egypt tour packages\"}]}<\/script>\n<meta property=\"product:brand\" content=\"Excursions \u00e0 Louxor au d\u00e9part d&#039;Hurghada\" \/>\n<meta property=\"product:price:amount\" content=\"145\" \/>\n<meta property=\"product:price:currency\" content=\"EUR\" \/>\n<meta property=\"og:availability\" content=\"instock\" \/>\n<meta property=\"product:availability\" content=\"instock\" \/>\n<meta property=\"product:retailer_item_id\" content=\"SDT02\" \/>\n<meta property=\"product:condition\" content=\"new\" \/>\n<meta name=\"geo.placename\" content=\"Hurghada\" \/>\n<meta name=\"geo.region\" content=\"\u00c9gypte\" \/>\n<!-- \/ Yoast SEO Premium plugin. -->","yoast_head_json":{"title":"Excursion \u00e0 Louxor depuis Safaga: Excursions Soma Bay","description":"Excursion \u00e0 Louxor depuis Safaga. D\u00e9couvrez les tr\u00e9sors antiques : Vall\u00e9e des Rois, Karnak, Temples. Guide \u00e9gyptologue, meilleur prix. R\u00e9servez !","robots":{"index":"index","follow":"follow","max-snippet":"max-snippet:-1","max-image-preview":"max-image-preview:large","max-video-preview":"max-video-preview:-1"},"canonical":"https:\/\/egytourpackages.com\/fr\/tours\/excursion-a-louxor-depuis-safaga\/","og_locale":"fr_FR","og_type":"article","og_title":"Excursion \u00e0 Louxor depuis Safaga","og_description":"Excursion \u00e0 Louxor depuis Safaga. D\u00e9couvrez les tr\u00e9sors antiques : Vall\u00e9e des Rois, Karnak, Temples. Guide \u00e9gyptologue, meilleur prix. R\u00e9servez !","og_url":"https:\/\/egytourpackages.com\/fr\/tours\/excursion-a-louxor-depuis-safaga\/","og_site_name":"Egypt Tour Packages","article_publisher":"https:\/\/www.facebook.com\/egytourpackages","article_modified_time":"2026-01-28T11:07:33+00:00","og_image":[{"url":"https:\/\/egytourpackages.com\/wp-content\/uploads\/2024\/06\/Valley-of-the-Kings-Luxor-1-1024x682.jpg","type":"","width":"","height":""}],"twitter_card":"summary_large_image","twitter_title":"Excursion \u00e0 Louxor depuis Safaga","twitter_misc":{"Prix":"&euro;145","Disponibilit\u00e9":"En stock"},"schema":{"@context":"https:\/\/schema.org","@graph":[{"@type":"WebPage","@id":"https:\/\/egytourpackages.com\/fr\/tours\/excursion-a-louxor-depuis-safaga\/","url":"https:\/\/egytourpackages.com\/fr\/tours\/excursion-a-louxor-depuis-safaga\/","name":"Excursion \u00e0 Louxor depuis Safaga: Excursions Soma Bay","isPartOf":{"@id":"https:\/\/egytourpackages.com\/fr\/#website"},"primaryImageOfPage":{"@id":"https:\/\/egytourpackages.com\/fr\/tours\/excursion-a-louxor-depuis-safaga\/#primaryimage"},"image":{"@id":"https:\/\/egytourpackages.com\/fr\/tours\/excursion-a-louxor-depuis-safaga\/#primaryimage"},"thumbnailUrl":"https:\/\/egytourpackages.com\/wp-content\/uploads\/2024\/06\/Valley-of-the-Kings-Luxor-1.jpg","datePublished":"2024-06-24T06:27:47+00:00","dateModified":"2026-01-28T11:07:33+00:00","description":"Excursion \u00e0 Louxor depuis Safaga. D\u00e9couvrez les tr\u00e9sors antiques : Vall\u00e9e des Rois, Karnak, Temples. Guide \u00e9gyptologue, meilleur prix. R\u00e9servez !","breadcrumb":{"@id":"https:\/\/egytourpackages.com\/fr\/tours\/excursion-a-louxor-depuis-safaga\/#breadcrumb"},"inLanguage":"fr-FR","potentialAction":[{"@type":"ReadAction","target":["https:\/\/egytourpackages.com\/fr\/tours\/excursion-a-louxor-depuis-safaga\/"]}]},{"@type":"ImageObject","inLanguage":"fr-FR","@id":"https:\/\/egytourpackages.com\/fr\/tours\/excursion-a-louxor-depuis-safaga\/#primaryimage","url":"https:\/\/egytourpackages.com\/wp-content\/uploads\/2024\/06\/Valley-of-the-Kings-Luxor-1.jpg","contentUrl":"https:\/\/egytourpackages.com\/wp-content\/uploads\/2024\/06\/Valley-of-the-Kings-Luxor-1.jpg","width":2000,"height":1333,"caption":"Vall\u00e9e des Rois, Louxor"},{"@type":"BreadcrumbList","@id":"https:\/\/egytourpackages.com\/fr\/tours\/excursion-a-louxor-depuis-safaga\/#breadcrumb","itemListElement":[{"@type":"ListItem","position":1,"name":"Home","item":"https:\/\/egytourpackages.com\/fr\/circuits-en-egypte\/"},{"@type":"ListItem","position":2,"name":"Shop","item":"https:\/\/egytourpackages.com\/shop\/"},{"@type":"ListItem","position":3,"name":"Excursion \u00e0 Louxor depuis Safaga"}]},{"@type":"WebSite","@id":"https:\/\/egytourpackages.com\/fr\/#website","url":"https:\/\/egytourpackages.com\/fr\/","name":"Egy tour packages","description":"","publisher":{"@id":"https:\/\/egytourpackages.com\/fr\/#organization"},"potentialAction":[{"@type":"SearchAction","target":{"@type":"EntryPoint","urlTemplate":"https:\/\/egytourpackages.com\/fr\/?s={search_term_string}"},"query-input":{"@type":"PropertyValueSpecification","valueRequired":true,"valueName":"search_term_string"}}],"inLanguage":"fr-FR"},{"@type":["Organization","Place","TravelAgency"],"@id":"https:\/\/egytourpackages.com\/fr\/#organization","name":"egypt tour packages","alternateName":"egypt tour packages","url":"https:\/\/egytourpackages.com\/fr\/","logo":{"@id":"https:\/\/egytourpackages.com\/fr\/tours\/excursion-a-louxor-depuis-safaga\/#local-main-organization-logo"},"image":{"@id":"https:\/\/egytourpackages.com\/fr\/tours\/excursion-a-louxor-depuis-safaga\/#local-main-organization-logo"},"sameAs":["https:\/\/www.facebook.com\/egytourpackages"],"legalName":"Egy tour packages","address":{"@id":"https:\/\/egytourpackages.com\/fr\/tours\/excursion-a-louxor-depuis-safaga\/#local-main-place-address"},"telephone":["00201000852186","00201028685533"],"contactPoint":{"@type":"ContactPoint","telephone":"00201000852186"},"openingHoursSpecification":[{"@type":"OpeningHoursSpecification","dayOfWeek":["Monday","Tuesday","Wednesday","Thursday","Friday","Saturday","Sunday"],"opens":"00:00","closes":"23:59"}],"email":"info@egytourpackages.com","areaServed":"Cairo, Hurghada, Luxor, Sharm El Sheikh, Marsa Alam, Aswan","priceRange":"$","currenciesAccepted":"euro","paymentAccepted":"Payment links online"},{"@type":"PostalAddress","@id":"https:\/\/egytourpackages.com\/fr\/tours\/excursion-a-louxor-depuis-safaga\/#local-main-place-address","streetAddress":"Mubarak 8, Al Kawthar District, Hurghada","addressLocality":"Hurghada","postalCode":"84511","addressRegion":"Red Sea","addressCountry":"EG"},{"@type":"ImageObject","inLanguage":"fr-FR","@id":"https:\/\/egytourpackages.com\/fr\/tours\/excursion-a-louxor-depuis-safaga\/#local-main-organization-logo","url":"https:\/\/egytourpackages.com\/wp-content\/uploads\/2025\/12\/Turquoise-Dahabiya-Nile-Cruise-1.jpeg","contentUrl":"https:\/\/egytourpackages.com\/wp-content\/uploads\/2025\/12\/Turquoise-Dahabiya-Nile-Cruise-1.jpeg","width":1040,"height":694,"caption":"egypt tour packages"}]},"product_brand":"Excursions \u00e0 Louxor au d\u00e9part d'Hurghada","product_price_amount":"145","product_price_currency":"EUR","og_availability":"instock","product_availability":"instock","product_retailer_item_id":"SDT02","product_condition":"new","geo.placename":"Hurghada","geo.region":"\u00c9gypte"},"_links":{"self":[{"href":"https:\/\/egytourpackages.com\/fr\/wp-json\/wp\/v2\/product\/8343","targetHints":{"allow":["GET"]}}],"collection":[{"href":"https:\/\/egytourpackages.com\/fr\/wp-json\/wp\/v2\/product"}],"about":[{"href":"https:\/\/egytourpackages.com\/fr\/wp-json\/wp\/v2\/types\/product"}],"replies":[{"embeddable":true,"href":"https:\/\/egytourpackages.com\/fr\/wp-json\/wp\/v2\/comments?post=8343"}],"wp:featuredmedia":[{"embeddable":true,"href":"https:\/\/egytourpackages.com\/fr\/wp-json\/wp\/v2\/media\/8344"}],"wp:attachment":[{"href":"https:\/\/egytourpackages.com\/fr\/wp-json\/wp\/v2\/media?parent=8343"}],"wp:term":[{"taxonomy":"product_brand","embeddable":true,"href":"https:\/\/egytourpackages.com\/fr\/wp-json\/wp\/v2\/product_brand?post=8343"},{"taxonomy":"product_cat","embeddable":true,"href":"https:\/\/egytourpackages.com\/fr\/wp-json\/wp\/v2\/product_cat?post=8343"},{"taxonomy":"product_tag","embeddable":true,"href":"https:\/\/egytourpackages.com\/fr\/wp-json\/wp\/v2\/product_tag?post=8343"}],"curies":[{"name":"wp","href":"https:\/\/api.w.org\/{rel}","templated":true}]}}