{"id":8543,"date":"2024-01-21T13:50:49","date_gmt":"2024-01-21T13:50:49","guid":{"rendered":"https:\/\/egytourpackages.com\/product\/package-de-pelerinage-chretien-en-egypte-de-9-jours\/"},"modified":"2026-01-08T14:22:09","modified_gmt":"2026-01-08T14:22:09","slug":"package-de-pelerinage-chretien-en-egypte-de-9-jours","status":"publish","type":"product","link":"https:\/\/egytourpackages.com\/fr\/tours\/package-de-pelerinage-chretien-en-egypte-de-9-jours\/","title":{"rendered":"Package de P\u00e8lerinage Chr\u00e9tien en \u00c9gypte de 9 Jours"},"content":{"rendered":"<p>&nbsp;<\/p>\n<p><span style=\"color: #ff6600;\"><strong>Package de P\u00e8lerinage Chr\u00e9tien en \u00c9gypte de 9 Jours | R\u00e9servation Gratuite | Confirmation Instantan\u00e9e<\/strong><\/span><\/p>\n<p><strong>R\u00e9servez<\/strong> votre <strong>Package de P\u00e8lerinage Chr\u00e9tien en \u00c9gypte de 9 Jours<\/strong> comme votre voie magique pour votre <strong>tour de p\u00e8lerinage<\/strong> vers les <strong>attractions de l&rsquo;\u00c9gypte Spirituelle<\/strong>. En effet, pendant vos <strong>tours en \u00c9gypte<\/strong> de 9 jours, vous explorerez la <strong>civilisation \u00e9gyptienne ancienne<\/strong>, l&rsquo;<strong>histoire \u00e9gyptienne antique<\/strong> et les <strong>lieux saints chr\u00e9tiens<\/strong>.<\/p>\n<p>Vous visiterez certaines des <strong>principales attractions d&rsquo;\u00c9gypte<\/strong> telles que le <strong>Monast\u00e8re Sainte-Catherine<\/strong>, le <strong>Haut Barrage d&rsquo;Assouan<\/strong>, le <strong>Temple de Philae<\/strong>, le <strong>Temple de Kom Ombo<\/strong> et le <strong>Temple d&rsquo;Edfou<\/strong> \u00e0 <strong>Assouan<\/strong>. Tandis que la <strong>Vall\u00e9e des Rois<\/strong>, le <strong>Temple de Karnak<\/strong>, le <strong>Temple d&rsquo;Hatchepsout<\/strong> et les <strong>Colosses de Memnon<\/strong> sont \u00e0 <strong>Louxor<\/strong>.<\/p>\n<p>En outre, les <strong>lieux saints<\/strong> tels que le <strong>Monast\u00e8re de Saint-Antoine<\/strong>, le <strong>Monast\u00e8re de Saint-Paul<\/strong>, l&rsquo;<strong>\u00c9glise de la Bienheureuse Vierge Marie<\/strong> et l&rsquo;<strong>\u00c9glise Copte Orthodoxe d&rsquo;Abanoub<\/strong> \u00e0 <strong>Samanoud<\/strong>.<\/p>\n<p><strong>R\u00e9servez<\/strong> ce <strong>Package de P\u00e8lerinage Chr\u00e9tien en \u00c9gypte unique<\/strong> et profitez d&rsquo;un support 24\/7, d&rsquo;une <strong>annulation gratuite<\/strong> et d&rsquo;une <strong>r\u00e9servation instantan\u00e9e et gratuite<\/strong>. <strong>Contactez-nous<\/strong> maintenant pour profiter de nos <strong>voyages de luxe en \u00c9gypte<\/strong> et concevoir votre propre <strong>voyage sur mesure en \u00c9gypte<\/strong> qui r\u00e9pondra \u00e0 vos d\u00e9sirs.<\/p>\n<h3><span style=\"color: #ff6600;\">D\u00e9tails du Tour<\/span><\/h3>\n<ul>\n<li>Dur\u00e9e: 9 Jours \/ 8 Nuits<\/li>\n<li>Localisation du Tour: \u00c9gypte<\/li>\n<li>Disponibilit\u00e9 du Tour: Sur demande<\/li>\n<li>Ramassage et D\u00e9p\u00f4t: A\u00e9roport du Caire<\/li>\n<li><strong>Langue: Fran\u00e7ais<\/strong><\/li>\n<li>Type de Tour: Priv\u00e9 ou Groupe<\/li>\n<\/ul>\n<h3><span style=\"color: #ff6600;\">Points Forts du Tour<\/span><\/h3>\n<ul>\n<li>Monast\u00e8re Sainte-Catherine<\/li>\n<li>Haut Barrage d&rsquo;Assouan<\/li>\n<li>Temple de Philae<\/li>\n<li>Abou Simbel<\/li>\n<li>Temple de Kom Ombo<\/li>\n<li>Temple d&rsquo;Edfou<\/li>\n<li>Vall\u00e9e des Rois<\/li>\n<li>Temple d&rsquo;Hatchepsout<\/li>\n<li>Temple de Karnak<\/li>\n<li>Monast\u00e8re de Saint-Antoine<\/li>\n<li>Monast\u00e8re de Saint-Paul<\/li>\n<li>\u00c9glise de la Bienheureuse Vierge Marie<\/li>\n<li>\u00c9glise Copte Orthodoxe d&rsquo;Abanoub \u00e0 Samanoud<\/li>\n<\/ul>\n<h3><span style=\"color: #ff6600;\">Quoi Emporter<\/span><\/h3>\n<ul>\n<li>Chapeau, \u00c9charpe<\/li>\n<li>Cr\u00e8me solaire \/ lunettes de soleil<\/li>\n<li>Chaussures et v\u00eatements confortables<\/li>\n<li>Tapis de yoga<\/li>\n<\/ul>\n<h3><span style=\"color: #ff6600;\">Itin\u00e9raire de P\u00e8lerinage<\/span><\/h3>\n<h3><span style=\"color: #ff6600;\">Jour 1: Le Caire \u2013 Sainte-Catherine<\/span><\/h3>\n<p>Votre guide vous attendra avec votre nom sur une pancarte devant le hall d&rsquo;arriv\u00e9e \u00e0 l&rsquo;<strong>a\u00e9roport du Caire<\/strong> pour commencer votre trajet vers <strong>Sainte-Catherine<\/strong>. D\u00e9jeuner en cours de route et, \u00e0 l&rsquo;arriv\u00e9e, vous vous enregistrerez au <strong>Monast\u00e8re<\/strong> pour la nuit.<\/p>\n<p><strong>Repas:<\/strong> D\u00e9jeuner, D\u00eener<\/p>\n<h3><span style=\"color: #ff6600;\">Jour 2: Sainte-Catherine \u2013 Gizeh \u2013 Assouan<\/span><\/h3>\n<p><strong>Ascension<\/strong> matinale de la <strong>Montagne Sainte-Catherine<\/strong>, puis retour pour visiter le <strong>Monast\u00e8re Sainte-Catherine<\/strong>, petit-d\u00e9jeuner et d\u00e9part vers la <strong>gare de Gizeh<\/strong> au <strong>Caire<\/strong>.<\/p>\n<p><strong>Repas:<\/strong> Petit-d\u00e9jeuner, D\u00e9jeuner, D\u00eener<\/p>\n<h3><span style=\"color: #ff6600;\">Jour 3: Assouan \u2013 Croisi\u00e8re sur le Nil<\/span><\/h3>\n<p>Petit-d\u00e9jeuner \u00e0 bord du <strong>train-couchettes<\/strong> et \u00e0 l&rsquo;arriv\u00e9e, vous commencerez vos <strong>attractions d\u2019Assouan:<\/strong><\/p>\n<p><strong>Haut Barrage d&rsquo;Assouan<\/strong><\/p>\n<p><strong>Temple de Philae<\/strong><\/p>\n<p>Ensuite, vous serez conduit pour vous enregistrer \u00e0 votre <strong>Croisi\u00e8re sur le Nil<\/strong> pour les 3 prochaines nuits. Profitez de votre d\u00e9jeuner \u00e0 bord de la <strong>Croisi\u00e8re sur le Nil<\/strong> et de temps libre jusqu&rsquo;au d\u00eener.<\/p>\n<p><strong>Repas:<\/strong> Petit-d\u00e9jeuner, D\u00e9jeuner, D\u00eener<\/p>\n<h3><span style=\"color: #ff6600;\">Jour 4: Croisi\u00e8re sur le Nil<\/span><\/h3>\n<p>Matin\u00e9e libre \u00e0 votre guise ou <strong>tour facultatif<\/strong> vers :<\/p>\n<p><strong>Temples d&rsquo;Abou Simbel<\/strong><\/p>\n<p>D\u00e9jeuner \u00e0 bord de la <strong>Croisi\u00e8re sur le Nil<\/strong>, puis navigation vers le <strong>Temple de Kom Ombo<\/strong>. Visite de:<\/p>\n<p><strong>Temple de Kom Ombo<\/strong><\/p>\n<p>Puis navigation vers <strong>Edfou<\/strong>. D\u00eener \u00e0 bord et nuit \u00e0 <strong>Edfou<\/strong>.<\/p>\n<p><strong>Repas:<\/strong> Petit-d\u00e9jeuner, D\u00e9jeuner, D\u00eener<\/p>\n<h3><span style=\"color: #ff6600;\">Jour 5: Croisi\u00e8re sur le Nil<\/span><\/h3>\n<p>Visite matinale de:<\/p>\n<p><strong>Temple d&rsquo;Horus \u00e0 Edfou \/ Temple d&rsquo;Edfou<\/strong><\/p>\n<p>Retour pour le petit-d\u00e9jeuner, puis navigation vers <strong>Louxor<\/strong> pour le reste de la journ\u00e9e via l&rsquo;<strong>\u00c9cluse d&rsquo;Esna<\/strong>.<\/p>\n<p><strong>Repas:<\/strong> Petit-d\u00e9jeuner, D\u00e9jeuner, D\u00eener<\/p>\n<h3><span style=\"color: #ff6600;\">Jour 6: D\u00e9barquement \u2013 Hurghada<\/span><\/h3>\n<p>Petit-d\u00e9jeuner \u00e0 bord, puis <strong>check-out<\/strong> et d\u00e9but de la visite d&rsquo;une journ\u00e9e compl\u00e8te de :<\/p>\n<p><strong>Vall\u00e9e des Rois<\/strong><\/p>\n<p><strong>Temple d&rsquo;Hatchepsout<\/strong><\/p>\n<p><strong>Colosses de Memnon<\/strong><\/p>\n<p>D\u00e9jeuner<\/p>\n<p><strong>Temple de Karnak<\/strong><\/p>\n<p>Ensuite, route vers <strong>Hurghada<\/strong> pour vous enregistrer \u00e0 votre h\u00f4tel et temps libre.<\/p>\n<p><strong>Repas:<\/strong> Petit-d\u00e9jeuner, D\u00e9jeuner, D\u00eener<\/p>\n<h3><span style=\"color: #ff6600;\">Jour 7: Hurghada<\/span><\/h3>\n<p>Temps libre \u00e0 votre guise.<\/p>\n<p><strong>Repas:<\/strong> Petit-d\u00e9jeuner, D\u00e9jeuner, D\u00eener<\/p>\n<h3><span style=\"color: #ff6600;\">Jour 8: Hurghada \u2013 Le Caire<\/span><\/h3>\n<p>Profitez de votre petit-d\u00e9jeuner, puis commencez votre route vers les <strong>monast\u00e8res d&rsquo;El Zaafarana<\/strong> o\u00f9 vous visiterez :<\/p>\n<p><strong>Monast\u00e8re de Saint-Antoine<\/strong><\/p>\n<p><strong>Monast\u00e8re de Saint-Paul<\/strong><\/p>\n<p>Apr\u00e8s la visite, vous terminerez votre chemin vers votre h\u00f4tel au <strong>Caire<\/strong> pour vous enregistrer et passer la nuit.<\/p>\n<p><strong>Repas:<\/strong> Petit-d\u00e9jeuner, D\u00e9jeuner, D\u00eener<\/p>\n<h3><span style=\"color: #ff6600;\">Jour 9: D\u00e9part Final<\/span><\/h3>\n<p>Petit-d\u00e9jeuner \u00e0 l&rsquo;h\u00f4tel, puis route vers <strong>Mansoura<\/strong> pour visiter :<\/p>\n<p><strong>\u00c9glise de la Bienheureuse Vierge Marie<\/strong><\/p>\n<p><strong>\u00c9glise Copte Orthodoxe d&rsquo;Abanoub \u00e0 Samanoud<\/strong><\/p>\n<p>Apr\u00e8s la visite, profitez du d\u00e9jeuner dans un <strong>restaurant local<\/strong>, puis route vers l&rsquo;<strong>a\u00e9roport du Caire<\/strong> pour le <strong>d\u00e9part final<\/strong>.<\/p>\n<p><strong>Repas:<\/strong> Petit-d\u00e9jeuner, D\u00e9jeuner, D\u00eener<\/p>\n<h3><span style=\"color: #ff6600;\">Prix du Package de P\u00e8lerinage Chr\u00e9tien en \u00c9gypte de 9 Jours<\/span><\/h3>\n<ul>\n<li>Prix Adulte = 1500 \u20ac<\/li>\n<li>Enfants 0-5 ans = gratuit<\/li>\n<li>Enfants 5-11 ans = 50% du prix adulte<\/li>\n<\/ul>\n<h3><span style=\"color: #ff6600;\">R\u00e9servation<\/span><\/h3>\n<ul>\n<li>Vous pouvez r\u00e9server votre tour via WhatsApp ou nous envoyer un E-mail et vous recevrez la confirmation imm\u00e9diate.<\/li>\n<li>Veuillez nous envoyer le nom de votre h\u00f4tel, votre num\u00e9ro de chambre et les copies de votre passeport.<\/li>\n<\/ul>\n<p>WhatsApp: +201000852186<\/p>\n<p>info@egytourpackages.com<\/p>\n<h3><span style=\"color: #ff6600;\">R\u00e9servez Maintenant &amp; Payez sur Place<\/span><\/h3>\n<p>R\u00e9servez votre tour pr\u00e9f\u00e9r\u00e9 et payez le jour du voyage.<\/p>\n<h3><span style=\"color: #ff6600;\">Paiement<\/span><\/h3>\n<p>Vous pouvez payer en livres \u00e9gyptiennes, $, \u20ac ou \u00a3.<\/p>\n<h3><span style=\"color: #ff6600;\">Politique d&rsquo;Annulation<\/span><\/h3>\n<p>L&rsquo;annulation est gratuite jusqu&rsquo;\u00e0 deux semaines \u00e0 l&rsquo;avance.<\/p>\n","protected":false},"excerpt":{"rendered":"<p>Package de P\u00e8lerinage Chr\u00e9tien en \u00c9gypte de 9 Jours: Suivez les pas de la Sainte Famille et des premiers chr\u00e9tiens. Sites bibliques, monast\u00e8res anciens.<\/p>\n","protected":false},"featured_media":8544,"comment_status":"open","ping_status":"closed","template":"","meta":[],"product_brand":[],"product_cat":[3124],"product_tag":[3243,3420,3419],"class_list":{"0":"post-8543","1":"product","2":"type-product","3":"status-publish","4":"has-post-thumbnail","6":"product_cat-tours-fr","7":"product_tag-forfaits-vacances-egypte","8":"product_tag-pelerinage-chretien-en-egypte","9":"product_tag-voyages-spirituels-en-egypte-2","10":"tour_category-circuits-en-egypte-fr","11":"tour_category-course-degypte-9-jours","12":"tour_category-voyages-spirituels-en-egypte-fr","14":"first","15":"instock","16":"sale","17":"shipping-taxable","18":"purchasable","19":"product-type-tour","20":"has-default-attributes"},"yoast_head":"<!-- This site is optimized with the Yoast SEO Premium plugin v27.2 (Yoast SEO v27.2) - https:\/\/yoast.com\/product\/yoast-seo-premium-wordpress\/ -->\n<title>Package de P\u00e8lerinage Chr\u00e9tien en \u00c9gypte de 9 Jours<\/title>\n<meta name=\"description\" content=\"Package de P\u00e8lerinage Chr\u00e9tien en \u00c9gypte de 9 Jours: Suivez les pas de la Sainte Famille et des premiers chr\u00e9tiens. Sites bibliques, monast\u00e8res anciens.\" \/>\n<meta name=\"robots\" content=\"index, follow, max-snippet:-1, max-image-preview:large, max-video-preview:-1\" \/>\n<link rel=\"canonical\" href=\"https:\/\/egytourpackages.com\/fr\/tours\/package-de-pelerinage-chretien-en-egypte-de-9-jours\/\" \/>\n<meta property=\"og:locale\" content=\"fr_FR\" \/>\n<meta property=\"og:type\" content=\"article\" \/>\n<meta property=\"og:title\" content=\"Package de P\u00e8lerinage Chr\u00e9tien en \u00c9gypte de 9 Jours\" \/>\n<meta property=\"og:description\" content=\"Package de P\u00e8lerinage Chr\u00e9tien en \u00c9gypte de 9 Jours: Suivez les pas de la Sainte Famille et des premiers chr\u00e9tiens. Sites bibliques, monast\u00e8res anciens.\" \/>\n<meta property=\"og:url\" content=\"https:\/\/egytourpackages.com\/fr\/tours\/package-de-pelerinage-chretien-en-egypte-de-9-jours\/\" \/>\n<meta property=\"og:site_name\" content=\"Egypt Tour Packages\" \/>\n<meta property=\"article:publisher\" content=\"https:\/\/www.facebook.com\/egytourpackages\" \/>\n<meta property=\"article:modified_time\" content=\"2026-01-08T14:22:09+00:00\" \/>\n<meta property=\"og:image\" content=\"https:\/\/egytourpackages.com\/wp-content\/uploads\/2024\/01\/Monastery-of-St-Anthony-1024x682.jpg\" \/>\n<meta name=\"twitter:card\" content=\"summary_large_image\" \/>\n<meta name=\"twitter:title\" content=\"Package de P\u00e8lerinage Chr\u00e9tien en \u00c9gypte de 9 Jours\" \/>\n<meta name=\"twitter:description\" content=\"Package de P\u00e8lerinage Chr\u00e9tien en \u00c9gypte de 9 Jours: Suivez les pas de la Sainte Famille et des premiers chr\u00e9tiens. Sites bibliques, monast\u00e8res anciens.\" \/>\n<meta name=\"twitter:image\" content=\"https:\/\/egytourpackages.com\/wp-content\/uploads\/2024\/01\/Monastery-of-St-Anthony-1024x682.jpg\" \/>\n<meta name=\"twitter:label1\" content=\"Prix\" \/>\n\t<meta name=\"twitter:data1\" content=\"&euro;1,250\" \/>\n\t<meta name=\"twitter:label2\" content=\"Disponibilit\u00e9\" \/>\n\t<meta name=\"twitter:data2\" content=\"En stock\" \/>\n<script type=\"application\/ld+json\" class=\"yoast-schema-graph\">{\"@context\":\"https:\/\/schema.org\",\"@graph\":[{\"@type\":\"WebPage\",\"@id\":\"https:\/\/egytourpackages.com\/fr\/tours\/package-de-pelerinage-chretien-en-egypte-de-9-jours\/\",\"url\":\"https:\/\/egytourpackages.com\/fr\/tours\/package-de-pelerinage-chretien-en-egypte-de-9-jours\/\",\"name\":\"Package de P\u00e8lerinage Chr\u00e9tien en \u00c9gypte de 9 Jours\",\"isPartOf\":{\"@id\":\"https:\/\/egytourpackages.com\/fr\/#website\"},\"primaryImageOfPage\":{\"@id\":\"https:\/\/egytourpackages.com\/fr\/tours\/package-de-pelerinage-chretien-en-egypte-de-9-jours\/#primaryimage\"},\"image\":{\"@id\":\"https:\/\/egytourpackages.com\/fr\/tours\/package-de-pelerinage-chretien-en-egypte-de-9-jours\/#primaryimage\"},\"thumbnailUrl\":\"https:\/\/egytourpackages.com\/wp-content\/uploads\/2024\/01\/Monastery-of-St-Anthony.jpg\",\"datePublished\":\"2024-01-21T13:50:49+00:00\",\"dateModified\":\"2026-01-08T14:22:09+00:00\",\"description\":\"Package de P\u00e8lerinage Chr\u00e9tien en \u00c9gypte de 9 Jours: Suivez les pas de la Sainte Famille et des premiers chr\u00e9tiens. Sites bibliques, monast\u00e8res anciens.\",\"breadcrumb\":{\"@id\":\"https:\/\/egytourpackages.com\/fr\/tours\/package-de-pelerinage-chretien-en-egypte-de-9-jours\/#breadcrumb\"},\"inLanguage\":\"fr-FR\",\"potentialAction\":[{\"@type\":\"ReadAction\",\"target\":[\"https:\/\/egytourpackages.com\/fr\/tours\/package-de-pelerinage-chretien-en-egypte-de-9-jours\/\"]}]},{\"@type\":\"ImageObject\",\"inLanguage\":\"fr-FR\",\"@id\":\"https:\/\/egytourpackages.com\/fr\/tours\/package-de-pelerinage-chretien-en-egypte-de-9-jours\/#primaryimage\",\"url\":\"https:\/\/egytourpackages.com\/wp-content\/uploads\/2024\/01\/Monastery-of-St-Anthony.jpg\",\"contentUrl\":\"https:\/\/egytourpackages.com\/wp-content\/uploads\/2024\/01\/Monastery-of-St-Anthony.jpg\",\"width\":2000,\"height\":1333,\"caption\":\"Monast\u00e8re de Saint-Antoine\"},{\"@type\":\"BreadcrumbList\",\"@id\":\"https:\/\/egytourpackages.com\/fr\/tours\/package-de-pelerinage-chretien-en-egypte-de-9-jours\/#breadcrumb\",\"itemListElement\":[{\"@type\":\"ListItem\",\"position\":1,\"name\":\"Home\",\"item\":\"https:\/\/egytourpackages.com\/fr\/circuits-en-egypte\/\"},{\"@type\":\"ListItem\",\"position\":2,\"name\":\"Shop\",\"item\":\"https:\/\/egytourpackages.com\/shop\/\"},{\"@type\":\"ListItem\",\"position\":3,\"name\":\"Package de P\u00e8lerinage Chr\u00e9tien en \u00c9gypte de 9 Jours\"}]},{\"@type\":\"WebSite\",\"@id\":\"https:\/\/egytourpackages.com\/fr\/#website\",\"url\":\"https:\/\/egytourpackages.com\/fr\/\",\"name\":\"Egy tour packages\",\"description\":\"\",\"publisher\":{\"@id\":\"https:\/\/egytourpackages.com\/fr\/#organization\"},\"potentialAction\":[{\"@type\":\"SearchAction\",\"target\":{\"@type\":\"EntryPoint\",\"urlTemplate\":\"https:\/\/egytourpackages.com\/fr\/?s={search_term_string}\"},\"query-input\":{\"@type\":\"PropertyValueSpecification\",\"valueRequired\":true,\"valueName\":\"search_term_string\"}}],\"inLanguage\":\"fr-FR\"},{\"@type\":[\"Organization\",\"Place\",\"TravelAgency\"],\"@id\":\"https:\/\/egytourpackages.com\/fr\/#organization\",\"name\":\"egypt tour packages\",\"alternateName\":\"egypt tour packages\",\"url\":\"https:\/\/egytourpackages.com\/fr\/\",\"logo\":{\"@id\":\"https:\/\/egytourpackages.com\/fr\/tours\/package-de-pelerinage-chretien-en-egypte-de-9-jours\/#local-main-organization-logo\"},\"image\":{\"@id\":\"https:\/\/egytourpackages.com\/fr\/tours\/package-de-pelerinage-chretien-en-egypte-de-9-jours\/#local-main-organization-logo\"},\"sameAs\":[\"https:\/\/www.facebook.com\/egytourpackages\"],\"legalName\":\"Egy tour packages\",\"address\":{\"@id\":\"https:\/\/egytourpackages.com\/fr\/tours\/package-de-pelerinage-chretien-en-egypte-de-9-jours\/#local-main-place-address\"},\"telephone\":[\"00201000852186\",\"00201028685533\"],\"contactPoint\":{\"@type\":\"ContactPoint\",\"telephone\":\"00201000852186\"},\"openingHoursSpecification\":[{\"@type\":\"OpeningHoursSpecification\",\"dayOfWeek\":[\"Monday\",\"Tuesday\",\"Wednesday\",\"Thursday\",\"Friday\",\"Saturday\",\"Sunday\"],\"opens\":\"00:00\",\"closes\":\"23:59\"}],\"email\":\"info@egytourpackages.com\",\"areaServed\":\"Cairo, Hurghada, Luxor, Sharm El Sheikh, Marsa Alam, Aswan\",\"priceRange\":\"$\",\"currenciesAccepted\":\"euro\",\"paymentAccepted\":\"Payment links online\"},{\"@type\":\"PostalAddress\",\"@id\":\"https:\/\/egytourpackages.com\/fr\/tours\/package-de-pelerinage-chretien-en-egypte-de-9-jours\/#local-main-place-address\",\"streetAddress\":\"Mubarak 8, Al Kawthar District, Hurghada\",\"addressLocality\":\"Hurghada\",\"postalCode\":\"84511\",\"addressRegion\":\"Red Sea\",\"addressCountry\":\"EG\"},{\"@type\":\"ImageObject\",\"inLanguage\":\"fr-FR\",\"@id\":\"https:\/\/egytourpackages.com\/fr\/tours\/package-de-pelerinage-chretien-en-egypte-de-9-jours\/#local-main-organization-logo\",\"url\":\"https:\/\/egytourpackages.com\/wp-content\/uploads\/2025\/12\/Turquoise-Dahabiya-Nile-Cruise-1.jpeg\",\"contentUrl\":\"https:\/\/egytourpackages.com\/wp-content\/uploads\/2025\/12\/Turquoise-Dahabiya-Nile-Cruise-1.jpeg\",\"width\":1040,\"height\":694,\"caption\":\"egypt tour packages\"}]}<\/script>\n<meta property=\"product:brand\" content=\"Circuits en \u00c9gypte\" \/>\n<meta property=\"product:price:amount\" content=\"1250\" \/>\n<meta property=\"product:price:currency\" content=\"EUR\" \/>\n<meta property=\"og:availability\" content=\"instock\" \/>\n<meta property=\"product:availability\" content=\"instock\" \/>\n<meta property=\"product:retailer_item_id\" content=\"EST03\" \/>\n<meta property=\"product:condition\" content=\"new\" \/>\n<meta name=\"geo.placename\" content=\"Hurghada\" \/>\n<meta name=\"geo.region\" content=\"\u00c9gypte\" \/>\n<!-- \/ Yoast SEO Premium plugin. -->","yoast_head_json":{"title":"Package de P\u00e8lerinage Chr\u00e9tien en \u00c9gypte de 9 Jours","description":"Package de P\u00e8lerinage Chr\u00e9tien en \u00c9gypte de 9 Jours: Suivez les pas de la Sainte Famille et des premiers chr\u00e9tiens. Sites bibliques, monast\u00e8res anciens.","robots":{"index":"index","follow":"follow","max-snippet":"max-snippet:-1","max-image-preview":"max-image-preview:large","max-video-preview":"max-video-preview:-1"},"canonical":"https:\/\/egytourpackages.com\/fr\/tours\/package-de-pelerinage-chretien-en-egypte-de-9-jours\/","og_locale":"fr_FR","og_type":"article","og_title":"Package de P\u00e8lerinage Chr\u00e9tien en \u00c9gypte de 9 Jours","og_description":"Package de P\u00e8lerinage Chr\u00e9tien en \u00c9gypte de 9 Jours: Suivez les pas de la Sainte Famille et des premiers chr\u00e9tiens. Sites bibliques, monast\u00e8res anciens.","og_url":"https:\/\/egytourpackages.com\/fr\/tours\/package-de-pelerinage-chretien-en-egypte-de-9-jours\/","og_site_name":"Egypt Tour Packages","article_publisher":"https:\/\/www.facebook.com\/egytourpackages","article_modified_time":"2026-01-08T14:22:09+00:00","og_image":[{"url":"https:\/\/egytourpackages.com\/wp-content\/uploads\/2024\/01\/Monastery-of-St-Anthony-1024x682.jpg","type":"","width":"","height":""}],"twitter_card":"summary_large_image","twitter_title":"Package de P\u00e8lerinage Chr\u00e9tien en \u00c9gypte de 9 Jours","twitter_description":"Package de P\u00e8lerinage Chr\u00e9tien en \u00c9gypte de 9 Jours: Suivez les pas de la Sainte Famille et des premiers chr\u00e9tiens. Sites bibliques, monast\u00e8res anciens.","twitter_image":"https:\/\/egytourpackages.com\/wp-content\/uploads\/2024\/01\/Monastery-of-St-Anthony-1024x682.jpg","twitter_misc":{"Prix":"&euro;1,250","Disponibilit\u00e9":"En stock"},"schema":{"@context":"https:\/\/schema.org","@graph":[{"@type":"WebPage","@id":"https:\/\/egytourpackages.com\/fr\/tours\/package-de-pelerinage-chretien-en-egypte-de-9-jours\/","url":"https:\/\/egytourpackages.com\/fr\/tours\/package-de-pelerinage-chretien-en-egypte-de-9-jours\/","name":"Package de P\u00e8lerinage Chr\u00e9tien en \u00c9gypte de 9 Jours","isPartOf":{"@id":"https:\/\/egytourpackages.com\/fr\/#website"},"primaryImageOfPage":{"@id":"https:\/\/egytourpackages.com\/fr\/tours\/package-de-pelerinage-chretien-en-egypte-de-9-jours\/#primaryimage"},"image":{"@id":"https:\/\/egytourpackages.com\/fr\/tours\/package-de-pelerinage-chretien-en-egypte-de-9-jours\/#primaryimage"},"thumbnailUrl":"https:\/\/egytourpackages.com\/wp-content\/uploads\/2024\/01\/Monastery-of-St-Anthony.jpg","datePublished":"2024-01-21T13:50:49+00:00","dateModified":"2026-01-08T14:22:09+00:00","description":"Package de P\u00e8lerinage Chr\u00e9tien en \u00c9gypte de 9 Jours: Suivez les pas de la Sainte Famille et des premiers chr\u00e9tiens. Sites bibliques, monast\u00e8res anciens.","breadcrumb":{"@id":"https:\/\/egytourpackages.com\/fr\/tours\/package-de-pelerinage-chretien-en-egypte-de-9-jours\/#breadcrumb"},"inLanguage":"fr-FR","potentialAction":[{"@type":"ReadAction","target":["https:\/\/egytourpackages.com\/fr\/tours\/package-de-pelerinage-chretien-en-egypte-de-9-jours\/"]}]},{"@type":"ImageObject","inLanguage":"fr-FR","@id":"https:\/\/egytourpackages.com\/fr\/tours\/package-de-pelerinage-chretien-en-egypte-de-9-jours\/#primaryimage","url":"https:\/\/egytourpackages.com\/wp-content\/uploads\/2024\/01\/Monastery-of-St-Anthony.jpg","contentUrl":"https:\/\/egytourpackages.com\/wp-content\/uploads\/2024\/01\/Monastery-of-St-Anthony.jpg","width":2000,"height":1333,"caption":"Monast\u00e8re de Saint-Antoine"},{"@type":"BreadcrumbList","@id":"https:\/\/egytourpackages.com\/fr\/tours\/package-de-pelerinage-chretien-en-egypte-de-9-jours\/#breadcrumb","itemListElement":[{"@type":"ListItem","position":1,"name":"Home","item":"https:\/\/egytourpackages.com\/fr\/circuits-en-egypte\/"},{"@type":"ListItem","position":2,"name":"Shop","item":"https:\/\/egytourpackages.com\/shop\/"},{"@type":"ListItem","position":3,"name":"Package de P\u00e8lerinage Chr\u00e9tien en \u00c9gypte de 9 Jours"}]},{"@type":"WebSite","@id":"https:\/\/egytourpackages.com\/fr\/#website","url":"https:\/\/egytourpackages.com\/fr\/","name":"Egy tour packages","description":"","publisher":{"@id":"https:\/\/egytourpackages.com\/fr\/#organization"},"potentialAction":[{"@type":"SearchAction","target":{"@type":"EntryPoint","urlTemplate":"https:\/\/egytourpackages.com\/fr\/?s={search_term_string}"},"query-input":{"@type":"PropertyValueSpecification","valueRequired":true,"valueName":"search_term_string"}}],"inLanguage":"fr-FR"},{"@type":["Organization","Place","TravelAgency"],"@id":"https:\/\/egytourpackages.com\/fr\/#organization","name":"egypt tour packages","alternateName":"egypt tour packages","url":"https:\/\/egytourpackages.com\/fr\/","logo":{"@id":"https:\/\/egytourpackages.com\/fr\/tours\/package-de-pelerinage-chretien-en-egypte-de-9-jours\/#local-main-organization-logo"},"image":{"@id":"https:\/\/egytourpackages.com\/fr\/tours\/package-de-pelerinage-chretien-en-egypte-de-9-jours\/#local-main-organization-logo"},"sameAs":["https:\/\/www.facebook.com\/egytourpackages"],"legalName":"Egy tour packages","address":{"@id":"https:\/\/egytourpackages.com\/fr\/tours\/package-de-pelerinage-chretien-en-egypte-de-9-jours\/#local-main-place-address"},"telephone":["00201000852186","00201028685533"],"contactPoint":{"@type":"ContactPoint","telephone":"00201000852186"},"openingHoursSpecification":[{"@type":"OpeningHoursSpecification","dayOfWeek":["Monday","Tuesday","Wednesday","Thursday","Friday","Saturday","Sunday"],"opens":"00:00","closes":"23:59"}],"email":"info@egytourpackages.com","areaServed":"Cairo, Hurghada, Luxor, Sharm El Sheikh, Marsa Alam, Aswan","priceRange":"$","currenciesAccepted":"euro","paymentAccepted":"Payment links online"},{"@type":"PostalAddress","@id":"https:\/\/egytourpackages.com\/fr\/tours\/package-de-pelerinage-chretien-en-egypte-de-9-jours\/#local-main-place-address","streetAddress":"Mubarak 8, Al Kawthar District, Hurghada","addressLocality":"Hurghada","postalCode":"84511","addressRegion":"Red Sea","addressCountry":"EG"},{"@type":"ImageObject","inLanguage":"fr-FR","@id":"https:\/\/egytourpackages.com\/fr\/tours\/package-de-pelerinage-chretien-en-egypte-de-9-jours\/#local-main-organization-logo","url":"https:\/\/egytourpackages.com\/wp-content\/uploads\/2025\/12\/Turquoise-Dahabiya-Nile-Cruise-1.jpeg","contentUrl":"https:\/\/egytourpackages.com\/wp-content\/uploads\/2025\/12\/Turquoise-Dahabiya-Nile-Cruise-1.jpeg","width":1040,"height":694,"caption":"egypt tour packages"}]},"product_brand":"Circuits en \u00c9gypte","product_price_amount":"1250","product_price_currency":"EUR","og_availability":"instock","product_availability":"instock","product_retailer_item_id":"EST03","product_condition":"new","geo.placename":"Hurghada","geo.region":"\u00c9gypte"},"_links":{"self":[{"href":"https:\/\/egytourpackages.com\/fr\/wp-json\/wp\/v2\/product\/8543","targetHints":{"allow":["GET"]}}],"collection":[{"href":"https:\/\/egytourpackages.com\/fr\/wp-json\/wp\/v2\/product"}],"about":[{"href":"https:\/\/egytourpackages.com\/fr\/wp-json\/wp\/v2\/types\/product"}],"replies":[{"embeddable":true,"href":"https:\/\/egytourpackages.com\/fr\/wp-json\/wp\/v2\/comments?post=8543"}],"wp:featuredmedia":[{"embeddable":true,"href":"https:\/\/egytourpackages.com\/fr\/wp-json\/wp\/v2\/media\/8544"}],"wp:attachment":[{"href":"https:\/\/egytourpackages.com\/fr\/wp-json\/wp\/v2\/media?parent=8543"}],"wp:term":[{"taxonomy":"product_brand","embeddable":true,"href":"https:\/\/egytourpackages.com\/fr\/wp-json\/wp\/v2\/product_brand?post=8543"},{"taxonomy":"product_cat","embeddable":true,"href":"https:\/\/egytourpackages.com\/fr\/wp-json\/wp\/v2\/product_cat?post=8543"},{"taxonomy":"product_tag","embeddable":true,"href":"https:\/\/egytourpackages.com\/fr\/wp-json\/wp\/v2\/product_tag?post=8543"}],"curies":[{"name":"wp","href":"https:\/\/api.w.org\/{rel}","templated":true}]}}