{"id":8552,"date":"2023-08-30T13:19:49","date_gmt":"2023-08-30T13:19:49","guid":{"rendered":"https:\/\/egytourpackages.com\/product\/tour-au-village-nubien-dassouan-en-bateau\/"},"modified":"2026-01-09T11:42:08","modified_gmt":"2026-01-09T11:42:08","slug":"tour-au-village-nubien-dassouan-en-bateau","status":"publish","type":"product","link":"https:\/\/egytourpackages.com\/fr\/tours\/tour-au-village-nubien-dassouan-en-bateau\/","title":{"rendered":"Tour au Village Nubien d&rsquo;Assouan en Bateau"},"content":{"rendered":"<p><span style=\"color: #ff6600;\"><strong>Tour au Village Nubien d&rsquo;Assouan en Bateau<\/strong><\/span><\/p>\n<p>Votre <strong>Tour au Village Nubien d&rsquo;Assouan en Bateau<\/strong> est totalement diff\u00e9rent de tout autre <strong>tour<\/strong> que vous ferez en <strong>\u00c9gypte<\/strong> avec les <strong>tours en \u00c9gypte<\/strong>. En fait, vos <strong>tours d&rsquo;une journ\u00e9e en \u00c9gypte<\/strong> vers le <strong>Village Nubien<\/strong> sont <strong>uniques<\/strong> car vous aurez le <strong>privil\u00e8ge<\/strong> de conna\u00eetre un peu des <strong>traditions<\/strong>, de l&rsquo;<strong>histoire<\/strong> et de la <strong>langue nubiennes<\/strong>.<\/p>\n<p>En effet, leurs <strong>maisons en pierre et en argile<\/strong> avec des <strong>toits en arche<\/strong> sont tr\u00e8s <strong>uniques en \u00c9gypte<\/strong> et leurs <strong>paradis naturels<\/strong> se trouvent entre les <strong>montagnes<\/strong> et le <strong>fleuve Nil<\/strong>.<\/p>\n<p>Vos <strong>tours d&rsquo;une journ\u00e9e \u00e0 Assouan<\/strong> vers le <strong>Village Nubien<\/strong> vous permettront de naviguer le long de certaines des <strong>attractions d&rsquo;Assouan<\/strong> comme le <strong>Jardin Botanique<\/strong> et les <strong>tombes des Nobles<\/strong> au sommet de la montagne. De plus, vous passerez par le <strong>Mausol\u00e9e d&rsquo;Agha Khan<\/strong> et certaines des <strong>\u00eeles prot\u00e9g\u00e9es<\/strong>.<\/p>\n<p>Enfin, un <strong>Tour au Village Nubien d&rsquo;Assouan en Bateau<\/strong> est un <strong>voyage incontournable<\/strong> pendant que vous \u00eates \u00e0 <strong>Assouan<\/strong> et l&rsquo;une des <strong>meilleures choses \u00e0 faire \u00e0 Assouan<\/strong>.<\/p>\n<h3><span style=\"color: #ff6600;\">D\u00e9tails du Tour<\/span><\/h3>\n<ul>\n<li>Dur\u00e9e: 1\/2 Journ\u00e9e<\/li>\n<li>Localisation du Tour: Assouan Gharb Sohail<\/li>\n<li>Disponibilit\u00e9 du Tour: Tous les jours<\/li>\n<li>Ramassage et D\u00e9p\u00f4t : Votre H\u00f4tel \u00e0 Assouan \/ Croisi\u00e8re sur le Nil<\/li>\n<li>Type de Tour: Priv\u00e9<\/li>\n<li><strong>Langue: Fran\u00e7ais<\/strong><\/li>\n<li>Fauteuil Roulant: Accessible<\/li>\n<\/ul>\n<h3><span style=\"color: #ff6600;\">Points Forts du Tour<\/span><\/h3>\n<ul>\n<li>Village Nubien de Gharb Sohail<\/li>\n<li>March\u00e9 Nubien<\/li>\n<li>Maison Locale et Tatouage au Henn\u00e9<\/li>\n<\/ul>\n<h3><span style=\"color: #ff6600;\">Inclus<\/span><\/h3>\n<ul>\n<li>Transfert aller-retour en bateau \u00e0 moteur<\/li>\n<li><strong>Guide \u00e9gyptologue parlant fran\u00e7ais<\/strong><\/li>\n<li>Th\u00e9 et Hibiscus<\/li>\n<\/ul>\n<h3><span style=\"color: #ff6600;\">Exclus<\/span><\/h3>\n<ul>\n<li>Tatouage au Henn\u00e9<\/li>\n<li>Pourboires<\/li>\n<\/ul>\n<h3><span style=\"color: #ff6600;\">Quoi Emporter<\/span><\/h3>\n<ul>\n<li>Chapeau, lunettes de soleil et cr\u00e8me solaire<\/li>\n<li>Chaussures et v\u00eatements confortables<\/li>\n<\/ul>\n<h2><span style=\"color: #ff6600;\">Itin\u00e9raire de Voyage<\/span><\/h2>\n<p>Le <strong>Tour au Village Nubien d&rsquo;Assouan en Bateau<\/strong> est une apr\u00e8s-midi incroyable, surtout apr\u00e8s avoir visit\u00e9 les <strong>attractions d&rsquo;Assouan<\/strong>, profit\u00e9 du d\u00e9jeuner, puis s&rsquo;\u00eatre pr\u00e9par\u00e9 pour la <strong>culture nubienne<\/strong> et la <strong>beaut\u00e9 naturelle d&rsquo;Assouan<\/strong>.<\/p>\n<p>Votre <strong>guide<\/strong> viendra vous chercher dans le hall de l&rsquo;h\u00f4tel ou \u00e0 la <strong>Croisi\u00e8re sur le Nil<\/strong> pour commencer vos <strong>tours d&rsquo;une journ\u00e9e \u00e0 Assouan<\/strong> vers le <strong>Village Nubien<\/strong> depuis l&rsquo;endroit le plus proche de votre <strong>Croisi\u00e8re sur le Nil<\/strong>. Une fois \u00e0 bord de votre <strong>bateau \u00e0 moteur<\/strong>, vous commencerez vos <strong>voyages en \u00c9gypte<\/strong> vers le <strong>Village Nubien<\/strong>.<\/p>\n<p>Pendant la <strong>navigation<\/strong>, profitez du <strong>magnifique paysage du Nil<\/strong> tout au long du chemin jusqu&rsquo;au <strong>Village Nubien<\/strong>. Profitez \u00e9galement de certains des <strong>points forts d&rsquo;Assouan<\/strong> en cours de route tels que l&rsquo;<strong>\u00cele El Nabatat<\/strong> ou l&rsquo;<strong>\u00cele Kitchener<\/strong>, <strong>Qubbet el-Hawa<\/strong> ou les <strong>tombes des Nobles<\/strong> \u00e0 <strong>Assouan<\/strong>, et le <strong>Mausol\u00e9e d&rsquo;Aga Khan<\/strong>.<\/p>\n<p>En chemin, admirez les <strong>murs color\u00e9s<\/strong>, les <strong>maisons<\/strong>, les <strong>d\u00f4mes<\/strong>, et vous pouvez \u00e9galement profiter de certaines activit\u00e9s comme le <strong>sandboarding<\/strong>, la <strong>randonn\u00e9e dans le d\u00e9sert<\/strong> ou faire une <strong>promenade \u00e0 dos de chameau<\/strong>. D\u00e8s que vous atteignez le <strong>Village Nubien<\/strong>, vous marcherez avec votre <strong>guide<\/strong> dans les <strong>rues color\u00e9es<\/strong> \u00e9tonnantes avec de nombreux <strong>magasins<\/strong> jusqu&rsquo;\u00e0 ce que vous atteigniez une <strong>maison nubienne locale<\/strong> pour prendre un verre, regarder le <strong>crocodile<\/strong> et en savoir plus sur leurs <strong>traditions<\/strong>. Si vous le souhaitez, vous pouvez choisir un <strong>tatouage<\/strong> et les <strong>dames nubiennes<\/strong> le feront pour vous.<\/p>\n<p>Plus tard, si vous souhaitez un peu de <strong>temps libre<\/strong> pour faire du <strong>shopping<\/strong> avant de retourner \u00e0 votre <strong>Croisi\u00e8re sur le Nil<\/strong> ou \u00e0 votre <strong>H\u00f4tel \u00e0 Assouan<\/strong>.<\/p>\n<h3><span style=\"color: #ff6600;\">Prix du Tour au Village Nubien d&rsquo;Assouan en Bateau<\/span><\/h3>\n<ul>\n<li>Prix Adulte = 40 \u20ac<\/li>\n<li>Enfants 0-5 ans = gratuit<\/li>\n<li>Enfants 5-11 ans = 50% du prix adulte<\/li>\n<\/ul>\n<h3><span style=\"color: #ff6600;\">R\u00e9servation<\/span><\/h3>\n<ul>\n<li>Vous pouvez r\u00e9server votre tour via WhatsApp ou nous envoyer un E-mail et vous recevrez la confirmation imm\u00e9diate.<\/li>\n<li>Veuillez nous envoyer le nom de votre h\u00f4tel, votre num\u00e9ro de chambre et les copies de votre passeport.<\/li>\n<\/ul>\n<p>WhatsApp: +201000852186<\/p>\n<p>info@egytourpackages.com<\/p>\n<h3><span style=\"color: #ff6600;\">R\u00e9servez Maintenant &amp; Payez sur Place<\/span><\/h3>\n<p>R\u00e9servez votre tour pr\u00e9f\u00e9r\u00e9 et payez le jour du voyage.<\/p>\n<h3><span style=\"color: #ff6600;\">Paiement<\/span><\/h3>\n<p>Vous pouvez payer en livres \u00e9gyptiennes, $, \u20ac ou \u00a3.<\/p>\n<h3><span style=\"color: #ff6600;\">Politique d&rsquo;Annulation<\/span><\/h3>\n<ul>\n<li>L&rsquo;annulation est gratuite jusqu&rsquo;\u00e0 24 heures \u00e0 l&rsquo;avance.<\/li>\n<li>L&rsquo;annulation le matin est de 50% du prix.<\/li>\n<\/ul>\n","protected":false},"excerpt":{"rendered":"<p>Tour au Village Nubien d&rsquo;Assouan en Bateau: Visitez les maisons color\u00e9es et d\u00e9couvrez la culture nubienne avec une excursion sur le Nil. Meilleure offre.<\/p>\n","protected":false},"featured_media":8553,"comment_status":"open","ping_status":"closed","template":"","meta":[],"product_brand":[],"product_cat":[3124],"product_tag":[3271,3272],"class_list":{"0":"post-8552","1":"product","2":"type-product","3":"status-publish","4":"has-post-thumbnail","6":"product_cat-tours-fr","7":"product_tag-excursions-dune-journee-a-assouan","8":"product_tag-les-meilleures-choses-a-faire-a-assouan","9":"tour_category-excursions-assouan-fr","10":"tour_category-excursions-en-egypte-fr","12":"first","13":"instock","14":"sale","15":"shipping-taxable","16":"purchasable","17":"product-type-tour","18":"has-default-attributes"},"yoast_head":"<!-- This site is optimized with the Yoast SEO Premium plugin v27.4 (Yoast SEO v27.4) - https:\/\/yoast.com\/product\/yoast-seo-premium-wordpress\/ -->\n<title>Tour au Village Nubien d&#039;Assouan en Bateau<\/title>\n<meta name=\"description\" content=\"Tour au Village Nubien d&#039;Assouan en Bateau: Visitez les maisons color\u00e9es et d\u00e9couvrez la culture nubienne avec une excursion sur le Nil. Meilleure offre.\" \/>\n<meta name=\"robots\" content=\"index, follow, max-snippet:-1, max-image-preview:large, max-video-preview:-1\" \/>\n<link rel=\"canonical\" href=\"https:\/\/egytourpackages.com\/fr\/tours\/tour-au-village-nubien-dassouan-en-bateau\/\" \/>\n<meta property=\"og:locale\" content=\"fr_FR\" \/>\n<meta property=\"og:type\" content=\"article\" \/>\n<meta property=\"og:title\" content=\"Tour au Village Nubien d&#039;Assouan en Bateau\" \/>\n<meta property=\"og:description\" content=\"Tour au Village Nubien d&#039;Assouan en Bateau: Visitez les maisons color\u00e9es et d\u00e9couvrez la culture nubienne avec une excursion sur le Nil. Meilleure offre.\" \/>\n<meta property=\"og:url\" content=\"https:\/\/egytourpackages.com\/fr\/tours\/tour-au-village-nubien-dassouan-en-bateau\/\" \/>\n<meta property=\"og:site_name\" content=\"Egypt Tour Packages\" \/>\n<meta property=\"article:publisher\" content=\"https:\/\/www.facebook.com\/egytourpackages\" \/>\n<meta property=\"article:modified_time\" content=\"2026-01-09T11:42:08+00:00\" \/>\n<meta property=\"og:image\" content=\"https:\/\/egytourpackages.com\/wp-content\/uploads\/2023\/08\/Nubian-Village-1024x682.jpeg\" \/>\n<meta name=\"twitter:card\" content=\"summary_large_image\" \/>\n<meta name=\"twitter:title\" content=\"Tour au Village Nubien d&#039;Assouan en Bateau\" \/>\n<meta name=\"twitter:description\" content=\"Tour au Village Nubien d&#039;Assouan en Bateau: Visitez les maisons color\u00e9es et d\u00e9couvrez la culture nubienne avec une excursion sur le Nil. Meilleure offre.\" \/>\n<meta name=\"twitter:image\" content=\"https:\/\/egytourpackages.com\/wp-content\/uploads\/2023\/08\/Nubian-Village-1024x682.jpeg\" \/>\n<meta name=\"twitter:label1\" content=\"Prix\" \/>\n\t<meta name=\"twitter:data1\" content=\"&euro;40\" \/>\n\t<meta name=\"twitter:label2\" content=\"Disponibilit\u00e9\" \/>\n\t<meta name=\"twitter:data2\" content=\"En stock\" \/>\n<script type=\"application\/ld+json\" class=\"yoast-schema-graph\">{\"@context\":\"https:\\\/\\\/schema.org\",\"@graph\":[{\"@type\":\"WebPage\",\"@id\":\"https:\\\/\\\/egytourpackages.com\\\/fr\\\/tours\\\/tour-au-village-nubien-dassouan-en-bateau\\\/\",\"url\":\"https:\\\/\\\/egytourpackages.com\\\/fr\\\/tours\\\/tour-au-village-nubien-dassouan-en-bateau\\\/\",\"name\":\"Tour au Village Nubien d'Assouan en Bateau\",\"isPartOf\":{\"@id\":\"https:\\\/\\\/egytourpackages.com\\\/fr\\\/#website\"},\"primaryImageOfPage\":{\"@id\":\"https:\\\/\\\/egytourpackages.com\\\/fr\\\/tours\\\/tour-au-village-nubien-dassouan-en-bateau\\\/#primaryimage\"},\"image\":{\"@id\":\"https:\\\/\\\/egytourpackages.com\\\/fr\\\/tours\\\/tour-au-village-nubien-dassouan-en-bateau\\\/#primaryimage\"},\"thumbnailUrl\":\"https:\\\/\\\/egytourpackages.com\\\/wp-content\\\/uploads\\\/2023\\\/08\\\/Nubian-Village.jpeg\",\"datePublished\":\"2023-08-30T13:19:49+00:00\",\"dateModified\":\"2026-01-09T11:42:08+00:00\",\"description\":\"Tour au Village Nubien d'Assouan en Bateau: Visitez les maisons color\u00e9es et d\u00e9couvrez la culture nubienne avec une excursion sur le Nil. Meilleure offre.\",\"breadcrumb\":{\"@id\":\"https:\\\/\\\/egytourpackages.com\\\/fr\\\/tours\\\/tour-au-village-nubien-dassouan-en-bateau\\\/#breadcrumb\"},\"inLanguage\":\"fr-FR\",\"potentialAction\":[{\"@type\":\"ReadAction\",\"target\":[\"https:\\\/\\\/egytourpackages.com\\\/fr\\\/tours\\\/tour-au-village-nubien-dassouan-en-bateau\\\/\"]}]},{\"@type\":\"ImageObject\",\"inLanguage\":\"fr-FR\",\"@id\":\"https:\\\/\\\/egytourpackages.com\\\/fr\\\/tours\\\/tour-au-village-nubien-dassouan-en-bateau\\\/#primaryimage\",\"url\":\"https:\\\/\\\/egytourpackages.com\\\/wp-content\\\/uploads\\\/2023\\\/08\\\/Nubian-Village.jpeg\",\"contentUrl\":\"https:\\\/\\\/egytourpackages.com\\\/wp-content\\\/uploads\\\/2023\\\/08\\\/Nubian-Village.jpeg\",\"width\":1280,\"height\":853,\"caption\":\"Village nubien\"},{\"@type\":\"BreadcrumbList\",\"@id\":\"https:\\\/\\\/egytourpackages.com\\\/fr\\\/tours\\\/tour-au-village-nubien-dassouan-en-bateau\\\/#breadcrumb\",\"itemListElement\":[{\"@type\":\"ListItem\",\"position\":1,\"name\":\"Home\",\"item\":\"https:\\\/\\\/egytourpackages.com\\\/fr\\\/circuits-en-egypte\\\/\"},{\"@type\":\"ListItem\",\"position\":2,\"name\":\"Shop\",\"item\":\"https:\\\/\\\/egytourpackages.com\\\/shop\\\/\"},{\"@type\":\"ListItem\",\"position\":3,\"name\":\"Tour au Village Nubien d&rsquo;Assouan en Bateau\"}]},{\"@type\":\"WebSite\",\"@id\":\"https:\\\/\\\/egytourpackages.com\\\/fr\\\/#website\",\"url\":\"https:\\\/\\\/egytourpackages.com\\\/fr\\\/\",\"name\":\"Egy tour packages\",\"description\":\"\",\"publisher\":{\"@id\":\"https:\\\/\\\/egytourpackages.com\\\/fr\\\/#organization\"},\"potentialAction\":[{\"@type\":\"SearchAction\",\"target\":{\"@type\":\"EntryPoint\",\"urlTemplate\":\"https:\\\/\\\/egytourpackages.com\\\/fr\\\/?s={search_term_string}\"},\"query-input\":{\"@type\":\"PropertyValueSpecification\",\"valueRequired\":true,\"valueName\":\"search_term_string\"}}],\"inLanguage\":\"fr-FR\"},{\"@type\":[\"Organization\",\"Place\",\"TravelAgency\"],\"@id\":\"https:\\\/\\\/egytourpackages.com\\\/fr\\\/#organization\",\"name\":\"egypt tour packages\",\"alternateName\":\"egypt tour packages\",\"url\":\"https:\\\/\\\/egytourpackages.com\\\/fr\\\/\",\"logo\":{\"@id\":\"https:\\\/\\\/egytourpackages.com\\\/fr\\\/tours\\\/tour-au-village-nubien-dassouan-en-bateau\\\/#local-main-organization-logo\"},\"image\":{\"@id\":\"https:\\\/\\\/egytourpackages.com\\\/fr\\\/tours\\\/tour-au-village-nubien-dassouan-en-bateau\\\/#local-main-organization-logo\"},\"sameAs\":[\"https:\\\/\\\/www.facebook.com\\\/egytourpackages\"],\"legalName\":\"Egy tour packages\",\"address\":{\"@id\":\"https:\\\/\\\/egytourpackages.com\\\/fr\\\/tours\\\/tour-au-village-nubien-dassouan-en-bateau\\\/#local-main-place-address\"},\"telephone\":[\"00201000852186\",\"00201028685533\"],\"contactPoint\":{\"@type\":\"ContactPoint\",\"telephone\":\"00201000852186\"},\"openingHoursSpecification\":[{\"@type\":\"OpeningHoursSpecification\",\"dayOfWeek\":[\"Monday\",\"Tuesday\",\"Wednesday\",\"Thursday\",\"Friday\",\"Saturday\",\"Sunday\"],\"opens\":\"00:00\",\"closes\":\"23:59\"}],\"email\":\"info@egytourpackages.com\",\"areaServed\":\"Cairo, Hurghada, Luxor, Sharm El Sheikh, Marsa Alam, Aswan\",\"priceRange\":\"$\",\"currenciesAccepted\":\"euro\",\"paymentAccepted\":\"Payment links online\"},{\"@type\":\"PostalAddress\",\"@id\":\"https:\\\/\\\/egytourpackages.com\\\/fr\\\/tours\\\/tour-au-village-nubien-dassouan-en-bateau\\\/#local-main-place-address\",\"streetAddress\":\"Mubarak 8, Al Kawthar District, Hurghada\",\"addressLocality\":\"Hurghada\",\"postalCode\":\"84511\",\"addressRegion\":\"Red Sea\",\"addressCountry\":\"EG\"},{\"@type\":\"ImageObject\",\"inLanguage\":\"fr-FR\",\"@id\":\"https:\\\/\\\/egytourpackages.com\\\/fr\\\/tours\\\/tour-au-village-nubien-dassouan-en-bateau\\\/#local-main-organization-logo\",\"url\":\"https:\\\/\\\/egytourpackages.com\\\/wp-content\\\/uploads\\\/2025\\\/12\\\/Turquoise-Dahabiya-Nile-Cruise-1.jpeg\",\"contentUrl\":\"https:\\\/\\\/egytourpackages.com\\\/wp-content\\\/uploads\\\/2025\\\/12\\\/Turquoise-Dahabiya-Nile-Cruise-1.jpeg\",\"width\":1040,\"height\":694,\"caption\":\"egypt tour packages\"}]}<\/script>\n<meta property=\"product:brand\" content=\"Excursions Assouan\" \/>\n<meta property=\"product:price:amount\" content=\"40\" \/>\n<meta property=\"product:price:currency\" content=\"EUR\" \/>\n<meta property=\"og:availability\" content=\"instock\" \/>\n<meta property=\"product:availability\" content=\"instock\" \/>\n<meta property=\"product:retailer_item_id\" content=\"ADT02\" \/>\n<meta property=\"product:condition\" content=\"new\" \/>\n<meta name=\"geo.placename\" content=\"Hurghada\" \/>\n<meta name=\"geo.region\" content=\"\u00c9gypte\" \/>\n<!-- \/ Yoast SEO Premium plugin. -->","yoast_head_json":{"title":"Tour au Village Nubien d'Assouan en Bateau","description":"Tour au Village Nubien d'Assouan en Bateau: Visitez les maisons color\u00e9es et d\u00e9couvrez la culture nubienne avec une excursion sur le Nil. Meilleure offre.","robots":{"index":"index","follow":"follow","max-snippet":"max-snippet:-1","max-image-preview":"max-image-preview:large","max-video-preview":"max-video-preview:-1"},"canonical":"https:\/\/egytourpackages.com\/fr\/tours\/tour-au-village-nubien-dassouan-en-bateau\/","og_locale":"fr_FR","og_type":"article","og_title":"Tour au Village Nubien d'Assouan en Bateau","og_description":"Tour au Village Nubien d'Assouan en Bateau: Visitez les maisons color\u00e9es et d\u00e9couvrez la culture nubienne avec une excursion sur le Nil. Meilleure offre.","og_url":"https:\/\/egytourpackages.com\/fr\/tours\/tour-au-village-nubien-dassouan-en-bateau\/","og_site_name":"Egypt Tour Packages","article_publisher":"https:\/\/www.facebook.com\/egytourpackages","article_modified_time":"2026-01-09T11:42:08+00:00","og_image":[{"url":"https:\/\/egytourpackages.com\/wp-content\/uploads\/2023\/08\/Nubian-Village-1024x682.jpeg","type":"","width":"","height":""}],"twitter_card":"summary_large_image","twitter_title":"Tour au Village Nubien d'Assouan en Bateau","twitter_description":"Tour au Village Nubien d'Assouan en Bateau: Visitez les maisons color\u00e9es et d\u00e9couvrez la culture nubienne avec une excursion sur le Nil. Meilleure offre.","twitter_image":"https:\/\/egytourpackages.com\/wp-content\/uploads\/2023\/08\/Nubian-Village-1024x682.jpeg","twitter_misc":{"Prix":"&euro;40","Disponibilit\u00e9":"En stock"},"schema":{"@context":"https:\/\/schema.org","@graph":[{"@type":"WebPage","@id":"https:\/\/egytourpackages.com\/fr\/tours\/tour-au-village-nubien-dassouan-en-bateau\/","url":"https:\/\/egytourpackages.com\/fr\/tours\/tour-au-village-nubien-dassouan-en-bateau\/","name":"Tour au Village Nubien d'Assouan en Bateau","isPartOf":{"@id":"https:\/\/egytourpackages.com\/fr\/#website"},"primaryImageOfPage":{"@id":"https:\/\/egytourpackages.com\/fr\/tours\/tour-au-village-nubien-dassouan-en-bateau\/#primaryimage"},"image":{"@id":"https:\/\/egytourpackages.com\/fr\/tours\/tour-au-village-nubien-dassouan-en-bateau\/#primaryimage"},"thumbnailUrl":"https:\/\/egytourpackages.com\/wp-content\/uploads\/2023\/08\/Nubian-Village.jpeg","datePublished":"2023-08-30T13:19:49+00:00","dateModified":"2026-01-09T11:42:08+00:00","description":"Tour au Village Nubien d'Assouan en Bateau: Visitez les maisons color\u00e9es et d\u00e9couvrez la culture nubienne avec une excursion sur le Nil. Meilleure offre.","breadcrumb":{"@id":"https:\/\/egytourpackages.com\/fr\/tours\/tour-au-village-nubien-dassouan-en-bateau\/#breadcrumb"},"inLanguage":"fr-FR","potentialAction":[{"@type":"ReadAction","target":["https:\/\/egytourpackages.com\/fr\/tours\/tour-au-village-nubien-dassouan-en-bateau\/"]}]},{"@type":"ImageObject","inLanguage":"fr-FR","@id":"https:\/\/egytourpackages.com\/fr\/tours\/tour-au-village-nubien-dassouan-en-bateau\/#primaryimage","url":"https:\/\/egytourpackages.com\/wp-content\/uploads\/2023\/08\/Nubian-Village.jpeg","contentUrl":"https:\/\/egytourpackages.com\/wp-content\/uploads\/2023\/08\/Nubian-Village.jpeg","width":1280,"height":853,"caption":"Village nubien"},{"@type":"BreadcrumbList","@id":"https:\/\/egytourpackages.com\/fr\/tours\/tour-au-village-nubien-dassouan-en-bateau\/#breadcrumb","itemListElement":[{"@type":"ListItem","position":1,"name":"Home","item":"https:\/\/egytourpackages.com\/fr\/circuits-en-egypte\/"},{"@type":"ListItem","position":2,"name":"Shop","item":"https:\/\/egytourpackages.com\/shop\/"},{"@type":"ListItem","position":3,"name":"Tour au Village Nubien d&rsquo;Assouan en Bateau"}]},{"@type":"WebSite","@id":"https:\/\/egytourpackages.com\/fr\/#website","url":"https:\/\/egytourpackages.com\/fr\/","name":"Egy tour packages","description":"","publisher":{"@id":"https:\/\/egytourpackages.com\/fr\/#organization"},"potentialAction":[{"@type":"SearchAction","target":{"@type":"EntryPoint","urlTemplate":"https:\/\/egytourpackages.com\/fr\/?s={search_term_string}"},"query-input":{"@type":"PropertyValueSpecification","valueRequired":true,"valueName":"search_term_string"}}],"inLanguage":"fr-FR"},{"@type":["Organization","Place","TravelAgency"],"@id":"https:\/\/egytourpackages.com\/fr\/#organization","name":"egypt tour packages","alternateName":"egypt tour packages","url":"https:\/\/egytourpackages.com\/fr\/","logo":{"@id":"https:\/\/egytourpackages.com\/fr\/tours\/tour-au-village-nubien-dassouan-en-bateau\/#local-main-organization-logo"},"image":{"@id":"https:\/\/egytourpackages.com\/fr\/tours\/tour-au-village-nubien-dassouan-en-bateau\/#local-main-organization-logo"},"sameAs":["https:\/\/www.facebook.com\/egytourpackages"],"legalName":"Egy tour packages","address":{"@id":"https:\/\/egytourpackages.com\/fr\/tours\/tour-au-village-nubien-dassouan-en-bateau\/#local-main-place-address"},"telephone":["00201000852186","00201028685533"],"contactPoint":{"@type":"ContactPoint","telephone":"00201000852186"},"openingHoursSpecification":[{"@type":"OpeningHoursSpecification","dayOfWeek":["Monday","Tuesday","Wednesday","Thursday","Friday","Saturday","Sunday"],"opens":"00:00","closes":"23:59"}],"email":"info@egytourpackages.com","areaServed":"Cairo, Hurghada, Luxor, Sharm El Sheikh, Marsa Alam, Aswan","priceRange":"$","currenciesAccepted":"euro","paymentAccepted":"Payment links online"},{"@type":"PostalAddress","@id":"https:\/\/egytourpackages.com\/fr\/tours\/tour-au-village-nubien-dassouan-en-bateau\/#local-main-place-address","streetAddress":"Mubarak 8, Al Kawthar District, Hurghada","addressLocality":"Hurghada","postalCode":"84511","addressRegion":"Red Sea","addressCountry":"EG"},{"@type":"ImageObject","inLanguage":"fr-FR","@id":"https:\/\/egytourpackages.com\/fr\/tours\/tour-au-village-nubien-dassouan-en-bateau\/#local-main-organization-logo","url":"https:\/\/egytourpackages.com\/wp-content\/uploads\/2025\/12\/Turquoise-Dahabiya-Nile-Cruise-1.jpeg","contentUrl":"https:\/\/egytourpackages.com\/wp-content\/uploads\/2025\/12\/Turquoise-Dahabiya-Nile-Cruise-1.jpeg","width":1040,"height":694,"caption":"egypt tour packages"}]},"product_brand":"Excursions Assouan","product_price_amount":"40","product_price_currency":"EUR","og_availability":"instock","product_availability":"instock","product_retailer_item_id":"ADT02","product_condition":"new","geo.placename":"Hurghada","geo.region":"\u00c9gypte"},"_links":{"self":[{"href":"https:\/\/egytourpackages.com\/fr\/wp-json\/wp\/v2\/product\/8552","targetHints":{"allow":["GET"]}}],"collection":[{"href":"https:\/\/egytourpackages.com\/fr\/wp-json\/wp\/v2\/product"}],"about":[{"href":"https:\/\/egytourpackages.com\/fr\/wp-json\/wp\/v2\/types\/product"}],"replies":[{"embeddable":true,"href":"https:\/\/egytourpackages.com\/fr\/wp-json\/wp\/v2\/comments?post=8552"}],"wp:featuredmedia":[{"embeddable":true,"href":"https:\/\/egytourpackages.com\/fr\/wp-json\/wp\/v2\/media\/8553"}],"wp:attachment":[{"href":"https:\/\/egytourpackages.com\/fr\/wp-json\/wp\/v2\/media?parent=8552"}],"wp:term":[{"taxonomy":"product_brand","embeddable":true,"href":"https:\/\/egytourpackages.com\/fr\/wp-json\/wp\/v2\/product_brand?post=8552"},{"taxonomy":"product_cat","embeddable":true,"href":"https:\/\/egytourpackages.com\/fr\/wp-json\/wp\/v2\/product_cat?post=8552"},{"taxonomy":"product_tag","embeddable":true,"href":"https:\/\/egytourpackages.com\/fr\/wp-json\/wp\/v2\/product_tag?post=8552"}],"curies":[{"name":"wp","href":"https:\/\/api.w.org\/{rel}","templated":true}]}}